{"id":5698,"date":"2025-11-18T06:54:38","date_gmt":"2025-11-18T06:54:38","guid":{"rendered":"https:\/\/www.telaled.com\/?post_type=product&#038;p=5698"},"modified":"2026-01-11T06:43:34","modified_gmt":"2026-01-11T06:43:34","slug":"letreiro-digital-para-loja","status":"publish","type":"product","link":"https:\/\/www.telaled.com\/tr\/fabrica\/letreiro-digital-para-loja\/","title":{"rendered":"ma\u011faza i\u00e7in dijital tabela"},"content":{"rendered":"<div class=\"row\"  id=\"row-923885931\">\n\n\t<div id=\"col-520705895\" class=\"col small-12 large-12\"  >\n\t\t\t\t<div class=\"col-inner\"  >\n\t\t\t\n\t\t\t\n<h2>Esnek LED Ara\u00e7 Ekran\u0131n\u0131n \u00d6zel Avantajlar\u0131<\/h2>\n<h3><strong>\u00dcst\u00fcn Dayan\u0131kl\u0131l\u0131k<\/strong><\/h3>\n<ul>\n<li>Y\u00fcksek kaliteli, end\u00fcstriyel s\u0131n\u0131f bile\u015fenlerle \u00fcretilmi\u015ftir.<\/li>\n<li>Yo\u011fun trafi\u011fe ve zorlu ko\u015fullara dayanacak \u015fekilde \u00fcretilmi\u015ftir.<\/li>\n<li>Is\u0131ya dayan\u0131kl\u0131 ve do\u011frudan g\u00fcne\u015f \u0131\u015f\u0131\u011f\u0131na kar\u015f\u0131 korumal\u0131d\u0131r, bu da uzun s\u00fcreli performans sa\u011flar.<\/li>\n<\/ul>\n<h3><strong>Ola\u011fan\u00fcst\u00fc G\u00f6rsel Kalite<\/strong><\/h3>\n<ul>\n<li>Canl\u0131 ve net renklerle keskin, y\u00fcksek \u00e7\u00f6z\u00fcn\u00fcrl\u00fckl\u00fc g\u00f6r\u00fcnt\u00fcler sunar.<\/li>\n<li>Daha derin siyahlar ve art\u0131r\u0131lm\u0131\u015f parlakl\u0131k i\u00e7in y\u00fcksek kontrast.<\/li>\n<li>Her t\u00fcrl\u00fc \u0131\u015f\u0131k ko\u015fulunda g\u00f6r\u00fcn\u00fcr, tutarl\u0131 ve \u00e7ekici g\u00f6r\u00fcnt\u00fcler sunar.<\/li>\n<\/ul>\n<h3><strong>Tam Uyarlanabilirlik<\/strong><\/h3>\n<ul>\n<li>\u00c7e\u015fitli ma\u011faza d\u00fczenlerine uyacak \u015fekilde \u00f6zelle\u015ftirilebilir boyut ve yap\u0131land\u0131rma.<\/li>\n<li>Mevcut sistemlerle kolayca entegre olarak sorunsuz i\u00e7erik y\u00f6netimi sa\u011flar.<\/li>\n<li>Ger\u00e7ek zamanl\u0131 g\u00fcncellemeleri destekleyerek, promosyonlar veya mesajlar i\u00e7in dinamik i\u00e7erik de\u011fi\u015fikliklerine olanak tan\u0131r.<\/li>\n<\/ul>\n<h3><strong>Kapsaml\u0131 Destek<\/strong><\/h3>\n<ul>\n<li>Sisteminizin sorunsuz \u00e7al\u0131\u015fmas\u0131n\u0131 sa\u011flamak i\u00e7in 7 g\u00fcn 24 saat uzman deste\u011fi ve kesintisiz yard\u0131m sunuyoruz.<\/li>\n<li>5% par\u00e7a garantisi, g\u00fcvenilirli\u011fi art\u0131r\u0131r ve ar\u0131za s\u00fcrelerini en aza indirir.<\/li>\n<li>3 y\u0131ll\u0131k garanti ile performans garantisi ve g\u00f6n\u00fcl rahatl\u0131\u011f\u0131.<\/li>\n<li>Yat\u0131r\u0131m\u0131n\u0131z\u0131 kapsaml\u0131 sigorta ile koruyun.<\/li>\n<\/ul>\n<h2>\u00dcr\u00fcn detaylar\u0131<\/h2>\n<div class=\"row\"  id=\"row-1758776733\">\n\n\t<div id=\"col-1061036992\" class=\"col medium-10 small-12 large-10\"  >\n\t\t\t\t<div class=\"col-inner text-left\"  >\n\t\t\t\n\t\t\t\n<ul>\n<li>TELALED, sat\u0131\u015f noktas\u0131 ileti\u015fim ak\u0131\u015flar\u0131n\u0131 olu\u015fturmak ve g\u00fcncellemek i\u00e7in sezgisel bir platform sunar. \u015eirketlerin m\u00fc\u015fteri trafi\u011fini art\u0131rmak ve geliri y\u00fckseltmek gibi \u00f6nemli hedeflere ula\u015fmas\u0131na yard\u0131mc\u0131 olur. \u00d6zelle\u015ftirilebilir \u015fablonlarla ekipler, mesajlar\u0131 kolayca y\u00f6netebilir ve g\u00fcncelleyebilir, marka tutarl\u0131l\u0131\u011f\u0131n\u0131 sa\u011flayabilir ve iste\u011fe ba\u011fl\u0131 olarak benzersiz bir g\u00f6rsel kimlik olu\u015fturabilir.<\/li>\n<\/ul>\n\t<div class=\"img has-hover x md-x lg-x y md-y lg-y\" id=\"image_450551500\">\n\t\t\t\t\t\t\t\t<div class=\"img-inner dark\" >\n\t\t\t<img loading=\"lazy\" decoding=\"async\" width=\"800\" height=\"512\" src=\"https:\/\/www.telaled.com\/wp-content\/uploads\/2025\/11\/letreiro-digital-para-loja-1.webp\" class=\"attachment-original size-original\" alt=\"ma\u011faza i\u00e7in dijital tabela\" srcset=\"https:\/\/www.telaled.com\/wp-content\/uploads\/2025\/11\/letreiro-digital-para-loja-1.webp 800w, https:\/\/www.telaled.com\/wp-content\/uploads\/2025\/11\/letreiro-digital-para-loja-1-300x192.webp 300w, https:\/\/www.telaled.com\/wp-content\/uploads\/2025\/11\/letreiro-digital-para-loja-1-768x492.webp 768w, https:\/\/www.telaled.com\/wp-content\/uploads\/2025\/11\/letreiro-digital-para-loja-1-18x12.webp 18w, https:\/\/www.telaled.com\/wp-content\/uploads\/2025\/11\/letreiro-digital-para-loja-1-600x384.webp 600w\" sizes=\"auto, (max-width: 800px) 100vw, 800px\" \/>\t\t\t\t\t\t\n\t\t\t\t\t<\/div>\n\t\t\t\t\t\t\t\t\n<style>\n#image_450551500 {\n  width: 80%;\n}\n<\/style>\n\t<\/div>\n\t\n<ul>\n<li>Dijital tabela sistemleri, \u015firketlerin kamusal alanlarda, perakende ortamlar\u0131nda ve ofislerde dijital ekranlarda i\u00e7erik y\u00f6netmesine ve da\u011f\u0131tmas\u0131na olanak tan\u0131r. Ekran a\u011flar\u0131n\u0131 kontrol etmek i\u00e7in merkezi bir platform sa\u011flar, belirli kitlelere \u00f6zel dinamik i\u00e7erik sunar, ileti\u015fimi geli\u015ftirir ve daha ilgi \u00e7ekici bir deneyim i\u00e7in ger\u00e7ek zamanl\u0131 etkile\u015fimlere olanak tan\u0131r.<\/li>\n<\/ul>\n\t<div class=\"img has-hover x md-x lg-x y md-y lg-y\" id=\"image_1339733253\">\n\t\t\t\t\t\t\t\t<div class=\"img-inner dark\" >\n\t\t\t<img loading=\"lazy\" decoding=\"async\" width=\"1020\" height=\"711\" src=\"https:\/\/www.telaled.com\/wp-content\/uploads\/2025\/11\/letreiro-digital-para-loja1-1-1024x714.webp\" class=\"attachment-large size-large\" alt=\"ma\u011faza1 i\u00e7in dijital tabela (1)\" srcset=\"https:\/\/www.telaled.com\/wp-content\/uploads\/2025\/11\/letreiro-digital-para-loja1-1-1024x714.webp 1024w, https:\/\/www.telaled.com\/wp-content\/uploads\/2025\/11\/letreiro-digital-para-loja1-1-300x209.webp 300w, https:\/\/www.telaled.com\/wp-content\/uploads\/2025\/11\/letreiro-digital-para-loja1-1-768x536.webp 768w, https:\/\/www.telaled.com\/wp-content\/uploads\/2025\/11\/letreiro-digital-para-loja1-1-1536x1071.webp 1536w, https:\/\/www.telaled.com\/wp-content\/uploads\/2025\/11\/letreiro-digital-para-loja1-1-18x12.webp 18w, https:\/\/www.telaled.com\/wp-content\/uploads\/2025\/11\/letreiro-digital-para-loja1-1-600x419.webp 600w, https:\/\/www.telaled.com\/wp-content\/uploads\/2025\/11\/letreiro-digital-para-loja1-1.webp 2000w\" sizes=\"auto, (max-width: 1020px) 100vw, 1020px\" \/>\t\t\t\t\t\t\n\t\t\t\t\t<\/div>\n\t\t\t\t\t\t\t\t\n<style>\n#image_1339733253 {\n  width: 80%;\n}\n<\/style>\n\t<\/div>\n\t\n<ul>\n<li>Sat\u0131\u015flar\u0131 art\u0131rmak her \u015firketin nihai hedefidir ve dijital tabela bu hedefe ula\u015fmada \u00e7ok \u00f6nemli bir rol oynar. \u015eirketler, dijital ekranlar\u0131 stratejik olarak konumland\u0131rarak m\u00fc\u015fteri dikkatini \u00e7ekebilir, \u00f6nemli \u00fcr\u00fcnleri \u00f6ne \u00e7\u0131karabilir ve promosyonlar i\u00e7in ba\u011flam sa\u011flayabilir. Bu sadece e\u011flendirmekle kalmaz, ayn\u0131 zamanda sat\u0131n al\u0131mlar\u0131 te\u015fvik ederek do\u011frudan finansal sonu\u00e7lar\u0131 etkiler.<\/li>\n<\/ul>\n\t<div class=\"img has-hover x md-x lg-x y md-y lg-y\" id=\"image_1976313657\">\n\t\t\t\t\t\t\t\t<div class=\"img-inner dark\" >\n\t\t\t<img loading=\"lazy\" decoding=\"async\" width=\"1020\" height=\"574\" src=\"https:\/\/www.telaled.com\/wp-content\/uploads\/2025\/11\/letreiro-digital-para-loja3-1.webp\" class=\"attachment-large size-large\" alt=\"ma\u011faza3 i\u00e7in dijital tabela (1)\" srcset=\"https:\/\/www.telaled.com\/wp-content\/uploads\/2025\/11\/letreiro-digital-para-loja3-1.webp 1024w, https:\/\/www.telaled.com\/wp-content\/uploads\/2025\/11\/letreiro-digital-para-loja3-1-300x169.webp 300w, https:\/\/www.telaled.com\/wp-content\/uploads\/2025\/11\/letreiro-digital-para-loja3-1-768x432.webp 768w, https:\/\/www.telaled.com\/wp-content\/uploads\/2025\/11\/letreiro-digital-para-loja3-1-18x10.webp 18w, https:\/\/www.telaled.com\/wp-content\/uploads\/2025\/11\/letreiro-digital-para-loja3-1-600x338.webp 600w\" sizes=\"auto, (max-width: 1020px) 100vw, 1020px\" \/>\t\t\t\t\t\t\n\t\t\t\t\t<\/div>\n\t\t\t\t\t\t\t\t\n<style>\n#image_1976313657 {\n  width: 80%;\n}\n<\/style>\n\t<\/div>\n\t\n<ul>\n<li>Etkile\u015fimli i\u00e7eriklerin, m\u00fc\u015fterileri cezbederek ve sat\u0131n alma kararlar\u0131n\u0131 etkileyerek al\u0131\u015fveri\u015f deneyimini geli\u015ftirdi\u011fi kan\u0131tlanm\u0131\u015ft\u0131r. Etkile\u015fimli ve ki\u015fiselle\u015ftirilmi\u015f ekranlar sunarak, al\u0131\u015fveri\u015f yapanlar\u0131n memnuniyetini sa\u011flayabilir ve kat\u0131l\u0131mlar\u0131n\u0131 te\u015fvik edebilirsiniz. Bu dinamik \u00f6zellikler yaln\u0131zca m\u00fc\u015fteri memnuniyetini art\u0131rmakla kalmaz, ayn\u0131 zamanda mesaj\u0131n\u0131z\u0131 etkili bir \u015fekilde ileterek daha fazla d\u00f6n\u00fc\u015f\u00fcm ve sat\u0131\u015f sa\u011flar.<\/li>\n<\/ul>\n\t<div class=\"img has-hover x md-x lg-x y md-y lg-y\" id=\"image_1404742702\">\n\t\t\t\t\t\t\t\t<div class=\"img-inner dark\" >\n\t\t\t<img loading=\"lazy\" decoding=\"async\" width=\"835\" height=\"440\" src=\"https:\/\/www.telaled.com\/wp-content\/uploads\/2025\/11\/letreiro-digital-para-loja5-1.webp\" class=\"attachment-large size-large\" alt=\"ma\u011faza5 i\u00e7in dijital tabela (1)\" srcset=\"https:\/\/www.telaled.com\/wp-content\/uploads\/2025\/11\/letreiro-digital-para-loja5-1.webp 835w, https:\/\/www.telaled.com\/wp-content\/uploads\/2025\/11\/letreiro-digital-para-loja5-1-300x158.webp 300w, https:\/\/www.telaled.com\/wp-content\/uploads\/2025\/11\/letreiro-digital-para-loja5-1-768x405.webp 768w, https:\/\/www.telaled.com\/wp-content\/uploads\/2025\/11\/letreiro-digital-para-loja5-1-18x9.webp 18w, https:\/\/www.telaled.com\/wp-content\/uploads\/2025\/11\/letreiro-digital-para-loja5-1-600x316.webp 600w\" sizes=\"auto, (max-width: 835px) 100vw, 835px\" \/>\t\t\t\t\t\t\n\t\t\t\t\t<\/div>\n\t\t\t\t\t\t\t\t\n<style>\n#image_1404742702 {\n  width: 80%;\n}\n<\/style>\n\t<\/div>\n\t\n\t\t<\/div>\n\t\t\t\t\t<\/div>\n\n\t\n<\/div>\n\t\t<\/div>\n\t\t\t\t\t<\/div>\n\n\t\n<\/div>","protected":false},"excerpt":{"rendered":"<div><strong>Ma\u011fazalar i\u00e7in Dijital Tabela: M\u00fc\u015fteri \u00e7ekmenin ve m\u00fc\u015fteri trafi\u011fini art\u0131rman\u0131n ak\u0131ll\u0131 yolu.<\/strong><\/div>\n<div><\/div>\n<div>Perakende ortamlar\u0131 i\u00e7in dijital tabelalar, ger\u00e7ek zamanl\u0131 promosyonlar\u0131 sergilemenize, yeni \u00fcr\u00fcnleri \u00f6ne \u00e7\u0131karman\u0131za ve canl\u0131 ve dinamik g\u00f6rsellerle m\u00fc\u015fterileri ma\u011fazan\u0131za \u00e7ekmenize yard\u0131mc\u0131 olur. Statik posterlerin aksine, bu ekranlar an\u0131nda g\u00fcncellenir ve g\u00fc\u00e7l\u00fc i\u00e7 mekan ayd\u0131nlatmas\u0131 alt\u0131nda bile netli\u011fini korur; bu da onlar\u0131 modern perakende i\u00e7in en etkili ara\u00e7lardan biri haline getirir.<\/div>\n<div><\/div>\n<div><strong>Ba\u015fl\u0131ca \u00f6zellikler:<\/strong><\/div>\n<ul>\n<li><strong>Parlakl\u0131k:<\/strong> Camdan veya parlak ma\u011faza ayd\u0131nlatmas\u0131ndan bile net g\u00f6r\u00fcnt\u00fc i\u00e7in 800-1200 nit parlakl\u0131k.<\/li>\n<li><strong>Keskin \u00c7\u00f6z\u00fcn\u00fcrl\u00fck:<\/strong> <a href=\"https:\/\/www.telaled.com\/tr\/fabrica\/painel-de-led-hd-serie-tho\/\">HD ekranlar<\/a>- Net \u00fcr\u00fcn foto\u011fraflar\u0131 ve do\u011fru renkler i\u00e7in 4K \u00e7\u00f6z\u00fcn\u00fcrl\u00fck.<\/li>\n<li><strong>K\u0131sa i\u00e7erik g\u00fcncellemesi:<\/strong> Wi-Fi\/LAN \u00fczerinden kontrol sayesinde promosyonlar\u0131 saniyeler i\u00e7inde de\u011fi\u015ftirebilirsiniz.<\/li>\n<li><strong>7\/24 kullan\u0131m i\u00e7in tasarlanm\u0131\u015ft\u0131r:<\/strong> End\u00fcstriyel s\u0131n\u0131f paneller, a\u015f\u0131r\u0131 \u0131s\u0131nma olmadan s\u00fcrekli \u00e7al\u0131\u015fma i\u00e7in tasarlanm\u0131\u015ft\u0131r.<\/li>\n<\/ul>","protected":false},"featured_media":5700,"template":"","meta":[],"product_brand":[],"product_cat":[49],"product_tag":[],"class_list":{"0":"post-5698","1":"product","2":"type-product","3":"status-publish","4":"has-post-thumbnail","6":"product_cat-digital-signage","8":"first","9":"instock","10":"shipping-taxable","11":"product-type-simple"},"yoast_head":"<!-- This site is optimized with the Yoast SEO plugin v27.4 - https:\/\/yoast.com\/product\/yoast-seo-wordpress\/ -->\n<title>Letreiro Digital para Loja | Aumente a visibilidade e as vendas com displays de alto impacto| TELALED<\/title>\n<meta name=\"description\" content=\"Modernize a fachada da sua loja com um painel digital que oferece imagens mais vibrantes, conte\u00fado din\u00e2mico e maior intera\u00e7\u00e3o com os clientes. Entre em contato agora mesmo para solicitar um or\u00e7amento!\" \/>\n<meta name=\"robots\" content=\"index, follow, max-snippet:-1, max-image-preview:large, max-video-preview:-1\" \/>\n<link rel=\"canonical\" href=\"https:\/\/www.telaled.com\/tr\/fabrica\/letreiro-digital-para-loja\/\" \/>\n<meta property=\"og:locale\" content=\"tr_TR\" \/>\n<meta property=\"og:type\" content=\"article\" \/>\n<meta property=\"og:title\" content=\"Letreiro Digital para Loja | Aumente a visibilidade e as vendas com displays de alto impacto| TELALED\" \/>\n<meta property=\"og:description\" content=\"Modernize a fachada da sua loja com um painel digital que oferece imagens mais vibrantes, conte\u00fado din\u00e2mico e maior intera\u00e7\u00e3o com os clientes. Entre em contato agora mesmo para solicitar um or\u00e7amento!\" \/>\n<meta property=\"og:url\" content=\"https:\/\/www.telaled.com\/tr\/fabrica\/letreiro-digital-para-loja\/\" \/>\n<meta property=\"og:site_name\" content=\"TELALED\" \/>\n<meta property=\"article:modified_time\" content=\"2026-01-11T06:43:34+00:00\" \/>\n<meta property=\"og:image\" content=\"https:\/\/www.telaled.com\/wp-content\/uploads\/2025\/11\/letreiro-digital-para-loja.webp\" \/>\n\t<meta property=\"og:image:width\" content=\"500\" \/>\n\t<meta property=\"og:image:height\" content=\"500\" \/>\n\t<meta property=\"og:image:type\" content=\"image\/webp\" \/>\n<meta name=\"twitter:card\" content=\"summary_large_image\" \/>\n<meta name=\"twitter:label1\" content=\"Est. reading time\" \/>\n\t<meta name=\"twitter:data1\" content=\"3 dakika\" \/>\n<script type=\"application\/ld+json\" class=\"yoast-schema-graph\">{\"@context\":\"https:\\\/\\\/schema.org\",\"@graph\":[{\"@type\":\"WebPage\",\"@id\":\"https:\\\/\\\/www.telaled.com\\\/fabrica\\\/letreiro-digital-para-loja\\\/\",\"url\":\"https:\\\/\\\/www.telaled.com\\\/fabrica\\\/letreiro-digital-para-loja\\\/\",\"name\":\"Letreiro Digital para Loja | Aumente a visibilidade e as vendas com displays de alto impacto| TELALED\",\"isPartOf\":{\"@id\":\"https:\\\/\\\/www.telaled.com\\\/#website\"},\"primaryImageOfPage\":{\"@id\":\"https:\\\/\\\/www.telaled.com\\\/fabrica\\\/letreiro-digital-para-loja\\\/#primaryimage\"},\"image\":{\"@id\":\"https:\\\/\\\/www.telaled.com\\\/fabrica\\\/letreiro-digital-para-loja\\\/#primaryimage\"},\"thumbnailUrl\":\"https:\\\/\\\/www.telaled.com\\\/wp-content\\\/uploads\\\/2025\\\/11\\\/letreiro-digital-para-loja.webp\",\"datePublished\":\"2025-11-18T06:54:38+00:00\",\"dateModified\":\"2026-01-11T06:43:34+00:00\",\"description\":\"Modernize a fachada da sua loja com um painel digital que oferece imagens mais vibrantes, conte\u00fado din\u00e2mico e maior intera\u00e7\u00e3o com os clientes. Entre em contato agora mesmo para solicitar um or\u00e7amento!\",\"breadcrumb\":{\"@id\":\"https:\\\/\\\/www.telaled.com\\\/fabrica\\\/letreiro-digital-para-loja\\\/#breadcrumb\"},\"inLanguage\":\"tr\",\"potentialAction\":[{\"@type\":\"ReadAction\",\"target\":[\"https:\\\/\\\/www.telaled.com\\\/fabrica\\\/letreiro-digital-para-loja\\\/\"]}]},{\"@type\":\"ImageObject\",\"inLanguage\":\"tr\",\"@id\":\"https:\\\/\\\/www.telaled.com\\\/fabrica\\\/letreiro-digital-para-loja\\\/#primaryimage\",\"url\":\"https:\\\/\\\/www.telaled.com\\\/wp-content\\\/uploads\\\/2025\\\/11\\\/letreiro-digital-para-loja.webp\",\"contentUrl\":\"https:\\\/\\\/www.telaled.com\\\/wp-content\\\/uploads\\\/2025\\\/11\\\/letreiro-digital-para-loja.webp\",\"width\":500,\"height\":500,\"caption\":\"letreiro digital para loja\"},{\"@type\":\"BreadcrumbList\",\"@id\":\"https:\\\/\\\/www.telaled.com\\\/fabrica\\\/letreiro-digital-para-loja\\\/#breadcrumb\",\"itemListElement\":[{\"@type\":\"ListItem\",\"position\":1,\"name\":\"Home\",\"item\":\"https:\\\/\\\/www.telaled.com\\\/\"},{\"@type\":\"ListItem\",\"position\":2,\"name\":\"Produtos\",\"item\":\"https:\\\/\\\/www.telaled.com\\\/shop\\\/\"},{\"@type\":\"ListItem\",\"position\":3,\"name\":\"letreiro digital para loja\"}]},{\"@type\":\"WebSite\",\"@id\":\"https:\\\/\\\/www.telaled.com\\\/#website\",\"url\":\"https:\\\/\\\/www.telaled.com\\\/\",\"name\":\"TELALED\",\"description\":\"\",\"potentialAction\":[{\"@type\":\"SearchAction\",\"target\":{\"@type\":\"EntryPoint\",\"urlTemplate\":\"https:\\\/\\\/www.telaled.com\\\/?s={search_term_string}\"},\"query-input\":{\"@type\":\"PropertyValueSpecification\",\"valueRequired\":true,\"valueName\":\"search_term_string\"}}],\"inLanguage\":\"tr\"}]}<\/script>\n<!-- \/ Yoast SEO plugin. -->","yoast_head_json":{"title":"Ma\u011fazalar i\u00e7in Dijital Tabela Sistemleri | Etkileyici ekranlarla g\u00f6r\u00fcn\u00fcrl\u00fc\u011f\u00fc ve sat\u0131\u015flar\u0131 art\u0131r\u0131n | TELALED","description":"Ma\u011fazan\u0131z\u0131n d\u0131\u015f cephesini daha canl\u0131 g\u00f6r\u00fcnt\u00fcler, dinamik i\u00e7erik ve daha fazla m\u00fc\u015fteri etkile\u015fimi sunan dijital bir tabela ile modernize edin. Fiyat teklifi almak i\u00e7in hemen bizimle ileti\u015fime ge\u00e7in!","robots":{"index":"index","follow":"follow","max-snippet":"max-snippet:-1","max-image-preview":"max-image-preview:large","max-video-preview":"max-video-preview:-1"},"canonical":"https:\/\/www.telaled.com\/tr\/fabrica\/letreiro-digital-para-loja\/","og_locale":"tr_TR","og_type":"article","og_title":"Letreiro Digital para Loja | Aumente a visibilidade e as vendas com displays de alto impacto| TELALED","og_description":"Modernize a fachada da sua loja com um painel digital que oferece imagens mais vibrantes, conte\u00fado din\u00e2mico e maior intera\u00e7\u00e3o com os clientes. Entre em contato agora mesmo para solicitar um or\u00e7amento!","og_url":"https:\/\/www.telaled.com\/tr\/fabrica\/letreiro-digital-para-loja\/","og_site_name":"TELALED","article_modified_time":"2026-01-11T06:43:34+00:00","og_image":[{"width":500,"height":500,"url":"https:\/\/www.telaled.com\/wp-content\/uploads\/2025\/11\/letreiro-digital-para-loja.webp","type":"image\/webp"}],"twitter_card":"summary_large_image","twitter_misc":{"Est. reading time":"3 dakika"},"schema":{"@context":"https:\/\/schema.org","@graph":[{"@type":"WebPage","@id":"https:\/\/www.telaled.com\/fabrica\/letreiro-digital-para-loja\/","url":"https:\/\/www.telaled.com\/fabrica\/letreiro-digital-para-loja\/","name":"Ma\u011fazalar i\u00e7in Dijital Tabela Sistemleri | Etkileyici ekranlarla g\u00f6r\u00fcn\u00fcrl\u00fc\u011f\u00fc ve sat\u0131\u015flar\u0131 art\u0131r\u0131n | TELALED","isPartOf":{"@id":"https:\/\/www.telaled.com\/#website"},"primaryImageOfPage":{"@id":"https:\/\/www.telaled.com\/fabrica\/letreiro-digital-para-loja\/#primaryimage"},"image":{"@id":"https:\/\/www.telaled.com\/fabrica\/letreiro-digital-para-loja\/#primaryimage"},"thumbnailUrl":"https:\/\/www.telaled.com\/wp-content\/uploads\/2025\/11\/letreiro-digital-para-loja.webp","datePublished":"2025-11-18T06:54:38+00:00","dateModified":"2026-01-11T06:43:34+00:00","description":"Ma\u011fazan\u0131z\u0131n d\u0131\u015f cephesini daha canl\u0131 g\u00f6r\u00fcnt\u00fcler, dinamik i\u00e7erik ve daha fazla m\u00fc\u015fteri etkile\u015fimi sunan dijital bir tabela ile modernize edin. Fiyat teklifi almak i\u00e7in hemen bizimle ileti\u015fime ge\u00e7in!","breadcrumb":{"@id":"https:\/\/www.telaled.com\/fabrica\/letreiro-digital-para-loja\/#breadcrumb"},"inLanguage":"tr","potentialAction":[{"@type":"ReadAction","target":["https:\/\/www.telaled.com\/fabrica\/letreiro-digital-para-loja\/"]}]},{"@type":"ImageObject","inLanguage":"tr","@id":"https:\/\/www.telaled.com\/fabrica\/letreiro-digital-para-loja\/#primaryimage","url":"https:\/\/www.telaled.com\/wp-content\/uploads\/2025\/11\/letreiro-digital-para-loja.webp","contentUrl":"https:\/\/www.telaled.com\/wp-content\/uploads\/2025\/11\/letreiro-digital-para-loja.webp","width":500,"height":500,"caption":"letreiro digital para loja"},{"@type":"BreadcrumbList","@id":"https:\/\/www.telaled.com\/fabrica\/letreiro-digital-para-loja\/#breadcrumb","itemListElement":[{"@type":"ListItem","position":1,"name":"Home","item":"https:\/\/www.telaled.com\/"},{"@type":"ListItem","position":2,"name":"Produtos","item":"https:\/\/www.telaled.com\/shop\/"},{"@type":"ListItem","position":3,"name":"letreiro digital para loja"}]},{"@type":"WebSite","@id":"https:\/\/www.telaled.com\/#website","url":"https:\/\/www.telaled.com\/","name":"LED Ekran","description":"","potentialAction":[{"@type":"SearchAction","target":{"@type":"EntryPoint","urlTemplate":"https:\/\/www.telaled.com\/?s={search_term_string}"},"query-input":{"@type":"PropertyValueSpecification","valueRequired":true,"valueName":"search_term_string"}}],"inLanguage":"tr"}]}},"_links":{"self":[{"href":"https:\/\/www.telaled.com\/tr\/wp-json\/wp\/v2\/product\/5698","targetHints":{"allow":["GET"]}}],"collection":[{"href":"https:\/\/www.telaled.com\/tr\/wp-json\/wp\/v2\/product"}],"about":[{"href":"https:\/\/www.telaled.com\/tr\/wp-json\/wp\/v2\/types\/product"}],"wp:featuredmedia":[{"embeddable":true,"href":"https:\/\/www.telaled.com\/tr\/wp-json\/wp\/v2\/media\/5700"}],"wp:attachment":[{"href":"https:\/\/www.telaled.com\/tr\/wp-json\/wp\/v2\/media?parent=5698"}],"wp:term":[{"taxonomy":"product_brand","embeddable":true,"href":"https:\/\/www.telaled.com\/tr\/wp-json\/wp\/v2\/product_brand?post=5698"},{"taxonomy":"product_cat","embeddable":true,"href":"https:\/\/www.telaled.com\/tr\/wp-json\/wp\/v2\/product_cat?post=5698"},{"taxonomy":"product_tag","embeddable":true,"href":"https:\/\/www.telaled.com\/tr\/wp-json\/wp\/v2\/product_tag?post=5698"}],"curies":[{"name":"wp","href":"https:\/\/api.w.org\/{rel}","templated":true}]}}