{"id":5483,"date":"2025-11-13T09:51:41","date_gmt":"2025-11-13T09:51:41","guid":{"rendered":"https:\/\/www.telaled.com\/?post_type=product&#038;p=5483"},"modified":"2026-01-11T05:45:03","modified_gmt":"2026-01-11T05:45:03","slug":"tela-de-led-flexivel-para-caminhao","status":"publish","type":"product","link":"https:\/\/www.telaled.com\/tr\/fabrica\/tela-de-led-flexivel-para-caminhao\/","title":{"rendered":"Kamyonlar i\u00e7in esnek LED ekran"},"content":{"rendered":"<div class=\"row\"  id=\"row-821368599\">\n\n\t<div id=\"col-693210074\" class=\"col small-12 large-12\"  >\n\t\t\t\t<div class=\"col-inner\"  >\n\t\t\t\n\t\t\t\n<h2>Esnek LED Ara\u00e7 Ekran\u0131n\u0131n \u00d6zel Avantajlar\u0131<\/h2>\n<h3><strong>\u00dcst\u00fcn Dayan\u0131kl\u0131l\u0131k<\/strong><\/h3>\n<ul>\n<li><strong><em>Dayan\u0131kl\u0131 PU etiketler:<\/em><\/strong> Kamyonlarda sa\u011flam kullan\u0131m i\u00e7in g\u00fc\u00e7l\u00fc ve dayan\u0131kl\u0131 yap\u0131\u015fma \u00f6zelli\u011fi.<\/li>\n<li><strong><em>Su ge\u00e7irmez ve toz ge\u00e7irmez IP67:<\/em> <\/strong>Her t\u00fcrl\u00fc hava ko\u015fuluna, ya\u011fmura ve toza dayan\u0131kl\u0131d\u0131r.<\/li>\n<li><strong><em>Darbeye dayan\u0131kl\u0131<\/em><\/strong>Ta\u015f\u0131ma s\u0131ras\u0131nda titre\u015fimlere ve darbelere kar\u015f\u0131 dayan\u0131kl\u0131d\u0131r.<\/li>\n<\/ul>\n<h3><strong>Ola\u011fan\u00fcst\u00fc G\u00f6rsel Kalite<\/strong><\/h3>\n<ul>\n<li><em><strong>\u00c7\u00f6z\u00fcn\u00fcrl\u00fck <a href=\"https:\/\/www.telaled.com\/tr\/fabrica\/painel-de-led-hd-serie-tho\/\">Full HD<\/a>\/4K:<\/strong><\/em> Net mesajlar i\u00e7in keskin ve canl\u0131 g\u00f6r\u00fcnt\u00fcler.<\/li>\n<li><em><strong>4000 nit parlakl\u0131k:<\/strong><\/em> Do\u011frudan g\u00fcne\u015f \u0131\u015f\u0131\u011f\u0131nda bile g\u00f6r\u00fclebilir.<\/li>\n<li><em><strong>Geni\u015f g\u00f6r\u00fc\u015f alan\u0131:<\/strong><\/em> Her y\u00f6nden g\u00f6r\u00fclebilir.<\/li>\n<\/ul>\n<h3><strong>Tam Uyarlanabilirlik<\/strong><\/h3>\n<ul>\n<li><strong><em>Esnek ve kavisli:<\/em><\/strong> Her y\u00fczeye \u00f6zel olarak uyarlanm\u0131\u015ft\u0131r.<\/li>\n<li><em><strong>Mod\u00fcler tasar\u0131m:<\/strong><\/em> Her ekran boyutuna uyarlanabilir.<\/li>\n<li><em><strong>Tamamen \u00f6zelle\u015ftirilebilir:<\/strong><\/em> Parlakl\u0131\u011f\u0131, rengi ve kontrast\u0131 istedi\u011finiz ayara getirin.<\/li>\n<\/ul>\n<h3><strong>Kapsaml\u0131 Destek<\/strong><\/h3>\n<ul>\n<li><em><strong>Uzman deste\u011fi 7 g\u00fcn 24 saat:<\/strong> <\/em>Sisteminizin sorunsuz \u00e7al\u0131\u015fmas\u0131n\u0131 sa\u011flay\u0131n.<\/li>\n<li><em><strong>5% yedek par\u00e7alar\u0131:<\/strong><\/em> G\u00fcvenilirli\u011fi art\u0131r\u0131n ve ar\u0131za s\u00fcrelerini en aza indirin.<\/li>\n<li><strong><em>3 y\u0131l garanti:<\/em> <\/strong>Garantili performans ve g\u00f6n\u00fcl rahatl\u0131\u011f\u0131.<\/li>\n<li><em><strong>Tam koruma:<\/strong> <\/em>Yat\u0131r\u0131mlar\u0131n\u0131z\u0131 koruyun.<\/li>\n<\/ul>\n<h2>\u00dcr\u00fcn detaylar\u0131<\/h2>\n<div class=\"row\"  id=\"row-2079087926\">\n\n\t<div id=\"col-122738349\" class=\"col medium-10 small-12 large-10\"  >\n\t\t\t\t<div class=\"col-inner text-left\"  >\n\t\t\t\n\t\t\t\n<ul>\n<li>Bu \u00fcr\u00fcnde kullan\u0131lan y\u00fcksek performansl\u0131 PU yap\u0131\u015ft\u0131r\u0131c\u0131, m\u00fckemmel \u00e7evresel koruma ve \u0131s\u0131 direnci sunar. Zehirli de\u011fildir, sararmaya kar\u015f\u0131 dayan\u0131kl\u0131d\u0131r ve g\u00fc\u00e7l\u00fc yap\u0131\u015fma sa\u011flayarak LED \u015ferit ile etkili bir \u015fekilde b\u00fct\u00fcnle\u015fir. \u0130\u015flemden sonra, kamyonlar i\u00e7in esnek LED ekran, su ve toz direnci i\u00e7in IP67 derecesine ula\u015farak i\u00e7 bile\u015fenler i\u00e7in g\u00fcvenilir koruma sa\u011flar.<\/li>\n<\/ul>\n\t<div class=\"img has-hover x md-x lg-x y md-y lg-y\" id=\"image_748223536\">\n\t\t\t\t\t\t\t\t<div class=\"img-inner dark\" >\n\t\t\t<img loading=\"lazy\" decoding=\"async\" width=\"800\" height=\"500\" src=\"https:\/\/www.telaled.com\/wp-content\/uploads\/2025\/11\/A-prova-de-poeira-e-agua-brinque-sem-preocupacoes.webp\" class=\"attachment-original size-original\" alt=\"Toz ve su ge\u00e7irmez, endi\u015felenmeden oynay\u0131n.\" srcset=\"https:\/\/www.telaled.com\/wp-content\/uploads\/2025\/11\/A-prova-de-poeira-e-agua-brinque-sem-preocupacoes.webp 800w, https:\/\/www.telaled.com\/wp-content\/uploads\/2025\/11\/A-prova-de-poeira-e-agua-brinque-sem-preocupacoes-300x188.webp 300w, https:\/\/www.telaled.com\/wp-content\/uploads\/2025\/11\/A-prova-de-poeira-e-agua-brinque-sem-preocupacoes-768x480.webp 768w, https:\/\/www.telaled.com\/wp-content\/uploads\/2025\/11\/A-prova-de-poeira-e-agua-brinque-sem-preocupacoes-18x12.webp 18w, https:\/\/www.telaled.com\/wp-content\/uploads\/2025\/11\/A-prova-de-poeira-e-agua-brinque-sem-preocupacoes-600x375.webp 600w\" sizes=\"auto, (max-width: 800px) 100vw, 800px\" \/>\t\t\t\t\t\t\n\t\t\t\t\t<\/div>\n\t\t\t\t\t\t\t\t\n<style>\n#image_748223536 {\n  width: 80%;\n}\n<\/style>\n\t<\/div>\n\t\n<ul>\n<li>Esnek ve katlanabilir yap\u0131s\u0131 sayesinde, gerekti\u011fi gibi b\u00fck\u00fclebilir veya katlanabilir, bu da onu son derece ta\u015f\u0131nabilir ve kolay ta\u015f\u0131nabilir hale getirir. Uzun s\u00fcreli saklama i\u00e7in, paneli ekran i\u00e7e bakacak \u015fekilde konumland\u0131rmak ve b\u00fct\u00fcnl\u00fc\u011f\u00fcn\u00fc korumak i\u00e7in \u00fczerine a\u011f\u0131r nesneler koymaktan ka\u00e7\u0131nmak \u00f6nemlidir.<\/li>\n<\/ul>\n\t<div class=\"img has-hover x md-x lg-x y md-y lg-y\" id=\"image_439417899\">\n\t\t\t\t\t\t\t\t<div class=\"img-inner dark\" >\n\t\t\t<img loading=\"lazy\" decoding=\"async\" width=\"800\" height=\"500\" src=\"https:\/\/www.telaled.com\/wp-content\/uploads\/2025\/11\/macio-e-dobravel.webp\" class=\"attachment-large size-large\" alt=\"yumu\u015fak ve katlanabilir\" srcset=\"https:\/\/www.telaled.com\/wp-content\/uploads\/2025\/11\/macio-e-dobravel.webp 800w, https:\/\/www.telaled.com\/wp-content\/uploads\/2025\/11\/macio-e-dobravel-300x188.webp 300w, https:\/\/www.telaled.com\/wp-content\/uploads\/2025\/11\/macio-e-dobravel-768x480.webp 768w, https:\/\/www.telaled.com\/wp-content\/uploads\/2025\/11\/macio-e-dobravel-18x12.webp 18w, https:\/\/www.telaled.com\/wp-content\/uploads\/2025\/11\/macio-e-dobravel-600x375.webp 600w\" sizes=\"auto, (max-width: 800px) 100vw, 800px\" \/>\t\t\t\t\t\t\n\t\t\t\t\t<\/div>\n\t\t\t\t\t\t\t\t\n<style>\n#image_439417899 {\n  width: 80%;\n}\n<\/style>\n\t<\/div>\n\t\n<ul>\n<li>\u00d6nemli \u00f6l\u00e7\u00fcde daha b\u00fcy\u00fck ve daha geni\u015f bir ekrana sahip. B\u00fcy\u00fct\u00fclm\u00fc\u015f boyut, hem oyun hem de izleme deneyimini geli\u015ftirerek daha b\u00fcy\u00fck alanlar i\u00e7in ideal hale getiriyor. Uzaktan bak\u0131ld\u0131\u011f\u0131nda daha etkileyici ve avantajl\u0131 hale gelerek daha s\u00fcr\u00fckleyici ve ilgi \u00e7ekici bir g\u00f6rsel deneyim sunuyor.<\/li>\n<\/ul>\n\t<div class=\"img has-hover x md-x lg-x y md-y lg-y\" id=\"image_833874133\">\n\t\t\t\t\t\t\t\t<div class=\"img-inner dark\" >\n\t\t\t<img loading=\"lazy\" decoding=\"async\" width=\"800\" height=\"500\" src=\"https:\/\/www.telaled.com\/wp-content\/uploads\/2025\/11\/Tela-enorme-totalmente-ampliada.webp\" class=\"attachment-large size-large\" alt=\"Devasa, tamamen b\u00fcy\u00fct\u00fclm\u00fc\u015f ekran\" srcset=\"https:\/\/www.telaled.com\/wp-content\/uploads\/2025\/11\/Tela-enorme-totalmente-ampliada.webp 800w, https:\/\/www.telaled.com\/wp-content\/uploads\/2025\/11\/Tela-enorme-totalmente-ampliada-300x188.webp 300w, https:\/\/www.telaled.com\/wp-content\/uploads\/2025\/11\/Tela-enorme-totalmente-ampliada-768x480.webp 768w, https:\/\/www.telaled.com\/wp-content\/uploads\/2025\/11\/Tela-enorme-totalmente-ampliada-18x12.webp 18w, https:\/\/www.telaled.com\/wp-content\/uploads\/2025\/11\/Tela-enorme-totalmente-ampliada-600x375.webp 600w\" sizes=\"auto, (max-width: 800px) 100vw, 800px\" \/>\t\t\t\t\t\t\n\t\t\t\t\t<\/div>\n\t\t\t\t\t\t\t\t\n<style>\n#image_833874133 {\n  width: 80%;\n}\n<\/style>\n\t<\/div>\n\t\n<ul>\n<li>Herhangi bir arac\u0131n arka cam\u0131n\u0131n kavisli yap\u0131s\u0131na uyum sa\u011flayarak daha parlak ve net bir g\u00f6r\u00fc\u015f sunar. Farkl\u0131 modeller aras\u0131ndaki yayg\u0131n uyumluluk sorununu \u00e7\u00f6zerek kamyonlar, otomobiller, SUV&#039;ler ve daha bir\u00e7ok ara\u00e7 i\u00e7in m\u00fckemmel bir se\u00e7imdir.<\/li>\n<\/ul>\n\t<div class=\"img has-hover x md-x lg-x y md-y lg-y\" id=\"image_643488068\">\n\t\t\t\t\t\t\t\t<div class=\"img-inner dark\" >\n\t\t\t<img loading=\"lazy\" decoding=\"async\" width=\"800\" height=\"500\" src=\"https:\/\/www.telaled.com\/wp-content\/uploads\/2025\/11\/Ajuste-flexivel-e-universal-para-todos-os-tipos-de-veiculos.webp\" class=\"attachment-large size-large\" alt=\"Her t\u00fcrl\u00fc ara\u00e7 i\u00e7in esnek ve evrensel ayarlama imkan\u0131.\" srcset=\"https:\/\/www.telaled.com\/wp-content\/uploads\/2025\/11\/Ajuste-flexivel-e-universal-para-todos-os-tipos-de-veiculos.webp 800w, https:\/\/www.telaled.com\/wp-content\/uploads\/2025\/11\/Ajuste-flexivel-e-universal-para-todos-os-tipos-de-veiculos-300x188.webp 300w, https:\/\/www.telaled.com\/wp-content\/uploads\/2025\/11\/Ajuste-flexivel-e-universal-para-todos-os-tipos-de-veiculos-768x480.webp 768w, https:\/\/www.telaled.com\/wp-content\/uploads\/2025\/11\/Ajuste-flexivel-e-universal-para-todos-os-tipos-de-veiculos-18x12.webp 18w, https:\/\/www.telaled.com\/wp-content\/uploads\/2025\/11\/Ajuste-flexivel-e-universal-para-todos-os-tipos-de-veiculos-600x375.webp 600w\" sizes=\"auto, (max-width: 800px) 100vw, 800px\" \/>\t\t\t\t\t\t\n\t\t\t\t\t<\/div>\n\t\t\t\t\t\t\t\t\n<style>\n#image_643488068 {\n  width: 80%;\n}\n<\/style>\n\t<\/div>\n\t\n\t\t<\/div>\n\t\t\t\t\t<\/div>\n\n\t\n<\/div>\n\t\t<\/div>\n\t\t\t\t\t<\/div>\n\n\t\n<\/div>","protected":false},"excerpt":{"rendered":"<div><strong>Kamyonlar i\u00e7in esnek LED ekran: ak\u0131ll\u0131, su ge\u00e7irmez ve tamamen programlanabilir bir ekran \u00e7\u00f6z\u00fcm\u00fc.<\/strong><\/div>\n<div><\/div>\n<div>Bu esnek LED ara\u00e7 ekran\u0131, yolda mesajlar, uyar\u0131lar, duyurular veya \u00f6zel animasyonlar g\u00f6r\u00fcnt\u00fclemenin dinamik bir yolunu sunar. Bluetooth uygulamas\u0131yla kontrol edilebilen ve su ge\u00e7irmez bir tasar\u0131ma sahip olan bu ekran, her t\u00fcrl\u00fc hava ve s\u00fcr\u00fc\u015f ko\u015fulunda mobil kullan\u0131m i\u00e7in tasarlanm\u0131\u015ft\u0131r.<\/div>\n<div><\/div>\n<div><strong>Ba\u015fl\u0131ca \u00f6zellikler:<\/strong><\/div>\n<ul>\n<li><strong>Ger\u00e7ek zamanl\u0131 g\u00fcncellemeler i\u00e7in ak\u0131ll\u0131 uygulama tabanl\u0131 kontrol:<\/strong> Uygulamay\u0131 kullanarak Bluetooth \u00fczerinden i\u00e7eri\u011fi an\u0131nda de\u011fi\u015ftirin. <a href=\"https:\/\/www.telaled.com\/tr\/painel-de-led-outdoor-movel\/\">mobil<\/a>; Metni, g\u00f6rselleri, animasyonlar\u0131 de\u011fi\u015ftirin veya kendi g\u00f6rsellerinizi y\u00fckleyin. Ekrana dokunmadan uyar\u0131 i\u015faretleri veya \u00f6zel ayd\u0131nlatma efektleri gibi \u00e7e\u015fitli \u00f6nceden ayarlanm\u0131\u015f modlara eri\u015fin.<\/li>\n<li><strong>Tamamen programlanabilir ekran:<\/strong> Duruma uygun kayan metinler, GIF&#039;ler veya \u00f6zel g\u00f6rseller olu\u015fturun. Kamyon hareket halindeyken reklamlar, duyurular, trafik uyar\u0131lar\u0131 veya markan\u0131z\u0131n g\u00fc\u00e7lendirilmesi i\u00e7in m\u00fckemmeldir.<\/li>\n<li><strong>Esnek, dayan\u0131kl\u0131 ve IP67 derecesine sahip:<\/strong> Ta\u015f\u0131ma veya saklama i\u00e7in kolayca katlan\u0131p b\u00fck\u00fclebilen yumu\u015fak polimer LED panelden \u00fcretilmi\u015ftir. IP67 toz ve su ge\u00e7irmez kaplama, d\u0131\u015f mekan ortamlar\u0131nda ve zorlu hava ko\u015fullar\u0131nda g\u00fcvenilir performans sa\u011flar.<\/li>\n<\/ul>","protected":false},"featured_media":5490,"template":"","meta":[],"product_brand":[],"product_cat":[50,48,40,44],"product_tag":[],"class_list":{"0":"post-5483","1":"product","2":"type-product","3":"status-publish","4":"has-post-thumbnail","6":"product_cat-aluguel-de-painel-de-led","7":"product_cat-paineis-personalizados","8":"product_cat-painel-de-led","9":"product_cat-painel-de-led-flexivel","11":"first","12":"instock","13":"shipping-taxable","14":"product-type-simple"},"yoast_head":"<!-- This site is optimized with the Yoast SEO plugin v27.4 - https:\/\/yoast.com\/product\/yoast-seo-wordpress\/ -->\n<title>Tela de LED flex\u00edvel para Caminh\u00e3o | Solu\u00e7\u00f5es de publicidade m\u00f3vel | TELALED<\/title>\n<meta name=\"description\" content=\"Tela de LED flex\u00edvel para caminh\u00e3o, com controle por aplicativo Bluetooth, painel de LED male\u00e1vel e dobr\u00e1vel, texto personalizado, \u00edcones e anima\u00e7\u00f5es para uso em dispositivos m\u00f3veis. Solicite um or\u00e7amento agora!\" \/>\n<meta name=\"robots\" content=\"index, follow, max-snippet:-1, max-image-preview:large, max-video-preview:-1\" \/>\n<link rel=\"canonical\" href=\"https:\/\/www.telaled.com\/tr\/fabrica\/tela-de-led-flexivel-para-caminhao\/\" \/>\n<meta property=\"og:locale\" content=\"tr_TR\" \/>\n<meta property=\"og:type\" content=\"article\" \/>\n<meta property=\"og:title\" content=\"Tela de LED flex\u00edvel para Caminh\u00e3o | Solu\u00e7\u00f5es de publicidade m\u00f3vel | TELALED\" \/>\n<meta property=\"og:description\" content=\"Tela de LED flex\u00edvel para caminh\u00e3o, com controle por aplicativo Bluetooth, painel de LED male\u00e1vel e dobr\u00e1vel, texto personalizado, \u00edcones e anima\u00e7\u00f5es para uso em dispositivos m\u00f3veis. Solicite um or\u00e7amento agora!\" \/>\n<meta property=\"og:url\" content=\"https:\/\/www.telaled.com\/tr\/fabrica\/tela-de-led-flexivel-para-caminhao\/\" \/>\n<meta property=\"og:site_name\" content=\"TELALED\" \/>\n<meta property=\"article:modified_time\" content=\"2026-01-11T05:45:03+00:00\" \/>\n<meta property=\"og:image\" content=\"https:\/\/www.telaled.com\/wp-content\/uploads\/2025\/11\/Tela-de-LED-flexivel-para-Caminhao.webp\" \/>\n\t<meta property=\"og:image:width\" content=\"500\" \/>\n\t<meta property=\"og:image:height\" content=\"500\" \/>\n\t<meta property=\"og:image:type\" content=\"image\/webp\" \/>\n<meta name=\"twitter:card\" content=\"summary_large_image\" \/>\n<meta name=\"twitter:label1\" content=\"Est. reading time\" \/>\n\t<meta name=\"twitter:data1\" content=\"3 dakika\" \/>\n<script type=\"application\/ld+json\" class=\"yoast-schema-graph\">{\"@context\":\"https:\\\/\\\/schema.org\",\"@graph\":[{\"@type\":\"WebPage\",\"@id\":\"https:\\\/\\\/www.telaled.com\\\/fabrica\\\/tela-de-led-flexivel-para-caminhao\\\/\",\"url\":\"https:\\\/\\\/www.telaled.com\\\/fabrica\\\/tela-de-led-flexivel-para-caminhao\\\/\",\"name\":\"Tela de LED flex\u00edvel para Caminh\u00e3o | Solu\u00e7\u00f5es de publicidade m\u00f3vel | TELALED\",\"isPartOf\":{\"@id\":\"https:\\\/\\\/www.telaled.com\\\/#website\"},\"primaryImageOfPage\":{\"@id\":\"https:\\\/\\\/www.telaled.com\\\/fabrica\\\/tela-de-led-flexivel-para-caminhao\\\/#primaryimage\"},\"image\":{\"@id\":\"https:\\\/\\\/www.telaled.com\\\/fabrica\\\/tela-de-led-flexivel-para-caminhao\\\/#primaryimage\"},\"thumbnailUrl\":\"https:\\\/\\\/www.telaled.com\\\/wp-content\\\/uploads\\\/2025\\\/11\\\/Tela-de-LED-flexivel-para-Caminhao.webp\",\"datePublished\":\"2025-11-13T09:51:41+00:00\",\"dateModified\":\"2026-01-11T05:45:03+00:00\",\"description\":\"Tela de LED flex\u00edvel para caminh\u00e3o, com controle por aplicativo Bluetooth, painel de LED male\u00e1vel e dobr\u00e1vel, texto personalizado, \u00edcones e anima\u00e7\u00f5es para uso em dispositivos m\u00f3veis. Solicite um or\u00e7amento agora!\",\"breadcrumb\":{\"@id\":\"https:\\\/\\\/www.telaled.com\\\/fabrica\\\/tela-de-led-flexivel-para-caminhao\\\/#breadcrumb\"},\"inLanguage\":\"tr\",\"potentialAction\":[{\"@type\":\"ReadAction\",\"target\":[\"https:\\\/\\\/www.telaled.com\\\/fabrica\\\/tela-de-led-flexivel-para-caminhao\\\/\"]}]},{\"@type\":\"ImageObject\",\"inLanguage\":\"tr\",\"@id\":\"https:\\\/\\\/www.telaled.com\\\/fabrica\\\/tela-de-led-flexivel-para-caminhao\\\/#primaryimage\",\"url\":\"https:\\\/\\\/www.telaled.com\\\/wp-content\\\/uploads\\\/2025\\\/11\\\/Tela-de-LED-flexivel-para-Caminhao.webp\",\"contentUrl\":\"https:\\\/\\\/www.telaled.com\\\/wp-content\\\/uploads\\\/2025\\\/11\\\/Tela-de-LED-flexivel-para-Caminhao.webp\",\"width\":500,\"height\":500,\"caption\":\"Tela-de-LED-flex\u00edvel-para-Caminh\u00e3o\"},{\"@type\":\"BreadcrumbList\",\"@id\":\"https:\\\/\\\/www.telaled.com\\\/fabrica\\\/tela-de-led-flexivel-para-caminhao\\\/#breadcrumb\",\"itemListElement\":[{\"@type\":\"ListItem\",\"position\":1,\"name\":\"Home\",\"item\":\"https:\\\/\\\/www.telaled.com\\\/\"},{\"@type\":\"ListItem\",\"position\":2,\"name\":\"Produtos\",\"item\":\"https:\\\/\\\/www.telaled.com\\\/shop\\\/\"},{\"@type\":\"ListItem\",\"position\":3,\"name\":\"Tela de LED flex\u00edvel para Caminh\u00e3o\"}]},{\"@type\":\"WebSite\",\"@id\":\"https:\\\/\\\/www.telaled.com\\\/#website\",\"url\":\"https:\\\/\\\/www.telaled.com\\\/\",\"name\":\"TELALED\",\"description\":\"\",\"potentialAction\":[{\"@type\":\"SearchAction\",\"target\":{\"@type\":\"EntryPoint\",\"urlTemplate\":\"https:\\\/\\\/www.telaled.com\\\/?s={search_term_string}\"},\"query-input\":{\"@type\":\"PropertyValueSpecification\",\"valueRequired\":true,\"valueName\":\"search_term_string\"}}],\"inLanguage\":\"tr\"}]}<\/script>\n<!-- \/ Yoast SEO plugin. -->","yoast_head_json":{"title":"Kamyonlar i\u00e7in esnek LED ekran | Mobil reklam \u00e7\u00f6z\u00fcmleri | TELALED","description":"Kamyonlar i\u00e7in esnek LED ekran, Bluetooth uygulamas\u0131 kontrol\u00fc, b\u00fck\u00fclebilir ve katlanabilir LED panel, mobil cihazlarda kullan\u0131m i\u00e7in \u00f6zelle\u015ftirilebilir metin, simgeler ve animasyonlar. Hemen fiyat teklifi isteyin!","robots":{"index":"index","follow":"follow","max-snippet":"max-snippet:-1","max-image-preview":"max-image-preview:large","max-video-preview":"max-video-preview:-1"},"canonical":"https:\/\/www.telaled.com\/tr\/fabrica\/tela-de-led-flexivel-para-caminhao\/","og_locale":"tr_TR","og_type":"article","og_title":"Tela de LED flex\u00edvel para Caminh\u00e3o | Solu\u00e7\u00f5es de publicidade m\u00f3vel | TELALED","og_description":"Tela de LED flex\u00edvel para caminh\u00e3o, com controle por aplicativo Bluetooth, painel de LED male\u00e1vel e dobr\u00e1vel, texto personalizado, \u00edcones e anima\u00e7\u00f5es para uso em dispositivos m\u00f3veis. Solicite um or\u00e7amento agora!","og_url":"https:\/\/www.telaled.com\/tr\/fabrica\/tela-de-led-flexivel-para-caminhao\/","og_site_name":"TELALED","article_modified_time":"2026-01-11T05:45:03+00:00","og_image":[{"width":500,"height":500,"url":"https:\/\/www.telaled.com\/wp-content\/uploads\/2025\/11\/Tela-de-LED-flexivel-para-Caminhao.webp","type":"image\/webp"}],"twitter_card":"summary_large_image","twitter_misc":{"Est. reading time":"3 dakika"},"schema":{"@context":"https:\/\/schema.org","@graph":[{"@type":"WebPage","@id":"https:\/\/www.telaled.com\/fabrica\/tela-de-led-flexivel-para-caminhao\/","url":"https:\/\/www.telaled.com\/fabrica\/tela-de-led-flexivel-para-caminhao\/","name":"Kamyonlar i\u00e7in esnek LED ekran | Mobil reklam \u00e7\u00f6z\u00fcmleri | TELALED","isPartOf":{"@id":"https:\/\/www.telaled.com\/#website"},"primaryImageOfPage":{"@id":"https:\/\/www.telaled.com\/fabrica\/tela-de-led-flexivel-para-caminhao\/#primaryimage"},"image":{"@id":"https:\/\/www.telaled.com\/fabrica\/tela-de-led-flexivel-para-caminhao\/#primaryimage"},"thumbnailUrl":"https:\/\/www.telaled.com\/wp-content\/uploads\/2025\/11\/Tela-de-LED-flexivel-para-Caminhao.webp","datePublished":"2025-11-13T09:51:41+00:00","dateModified":"2026-01-11T05:45:03+00:00","description":"Kamyonlar i\u00e7in esnek LED ekran, Bluetooth uygulamas\u0131 kontrol\u00fc, b\u00fck\u00fclebilir ve katlanabilir LED panel, mobil cihazlarda kullan\u0131m i\u00e7in \u00f6zelle\u015ftirilebilir metin, simgeler ve animasyonlar. Hemen fiyat teklifi isteyin!","breadcrumb":{"@id":"https:\/\/www.telaled.com\/fabrica\/tela-de-led-flexivel-para-caminhao\/#breadcrumb"},"inLanguage":"tr","potentialAction":[{"@type":"ReadAction","target":["https:\/\/www.telaled.com\/fabrica\/tela-de-led-flexivel-para-caminhao\/"]}]},{"@type":"ImageObject","inLanguage":"tr","@id":"https:\/\/www.telaled.com\/fabrica\/tela-de-led-flexivel-para-caminhao\/#primaryimage","url":"https:\/\/www.telaled.com\/wp-content\/uploads\/2025\/11\/Tela-de-LED-flexivel-para-Caminhao.webp","contentUrl":"https:\/\/www.telaled.com\/wp-content\/uploads\/2025\/11\/Tela-de-LED-flexivel-para-Caminhao.webp","width":500,"height":500,"caption":"Tela-de-LED-flex\u00edvel-para-Caminh\u00e3o"},{"@type":"BreadcrumbList","@id":"https:\/\/www.telaled.com\/fabrica\/tela-de-led-flexivel-para-caminhao\/#breadcrumb","itemListElement":[{"@type":"ListItem","position":1,"name":"Home","item":"https:\/\/www.telaled.com\/"},{"@type":"ListItem","position":2,"name":"Produtos","item":"https:\/\/www.telaled.com\/shop\/"},{"@type":"ListItem","position":3,"name":"Tela de LED flex\u00edvel para Caminh\u00e3o"}]},{"@type":"WebSite","@id":"https:\/\/www.telaled.com\/#website","url":"https:\/\/www.telaled.com\/","name":"LED Ekran","description":"","potentialAction":[{"@type":"SearchAction","target":{"@type":"EntryPoint","urlTemplate":"https:\/\/www.telaled.com\/?s={search_term_string}"},"query-input":{"@type":"PropertyValueSpecification","valueRequired":true,"valueName":"search_term_string"}}],"inLanguage":"tr"}]}},"_links":{"self":[{"href":"https:\/\/www.telaled.com\/tr\/wp-json\/wp\/v2\/product\/5483","targetHints":{"allow":["GET"]}}],"collection":[{"href":"https:\/\/www.telaled.com\/tr\/wp-json\/wp\/v2\/product"}],"about":[{"href":"https:\/\/www.telaled.com\/tr\/wp-json\/wp\/v2\/types\/product"}],"wp:featuredmedia":[{"embeddable":true,"href":"https:\/\/www.telaled.com\/tr\/wp-json\/wp\/v2\/media\/5490"}],"wp:attachment":[{"href":"https:\/\/www.telaled.com\/tr\/wp-json\/wp\/v2\/media?parent=5483"}],"wp:term":[{"taxonomy":"product_brand","embeddable":true,"href":"https:\/\/www.telaled.com\/tr\/wp-json\/wp\/v2\/product_brand?post=5483"},{"taxonomy":"product_cat","embeddable":true,"href":"https:\/\/www.telaled.com\/tr\/wp-json\/wp\/v2\/product_cat?post=5483"},{"taxonomy":"product_tag","embeddable":true,"href":"https:\/\/www.telaled.com\/tr\/wp-json\/wp\/v2\/product_tag?post=5483"}],"curies":[{"name":"wp","href":"https:\/\/api.w.org\/{rel}","templated":true}]}}