{"id":3971,"date":"2025-10-09T13:35:49","date_gmt":"2025-10-09T13:35:49","guid":{"rendered":"https:\/\/www.telaled.com\/?post_type=product&#038;p=3971"},"modified":"2026-01-07T00:52:28","modified_gmt":"2026-01-07T00:52:28","slug":"cronometro-digital-para-basquete-serie-teg","status":"publish","type":"product","link":"https:\/\/www.telaled.com\/tr\/fabrica\/cronometro-digital-para-basquete-serie-teg\/","title":{"rendered":"Dijital Basketbol Kronometresi TEG Serisi"},"content":{"rendered":"<div class=\"row\"  id=\"row-633516067\">\n\n\t<div id=\"col-283255891\" class=\"col small-12 large-12\"  >\n\t\t\t\t<div class=\"col-inner\"  >\n\t\t\t\n\t\t\t\n<h2><strong>TEG Serisi Dijital Basketbol Kronometresinin Benzersiz Avantajlar\u0131<\/strong><\/h2>\n<h3><strong>Ak\u0131ll\u0131 Kontrol Teknolojisi<\/strong><\/h3>\n<ul>\n<li>Zamanlama do\u011frulu\u011funu ve h\u0131zl\u0131 sinyal yan\u0131t\u0131n\u0131 sa\u011flayan geli\u015fmi\u015f bir kontrol \u00e7ipi ile donat\u0131lm\u0131\u015ft\u0131r.<\/li>\n<li>Operasyonel gecikmeleri \u00f6nler ve oyun boyunca istikrarl\u0131 performans sa\u011flar.<\/li>\n<li>S\u00fcrekli kullan\u0131mda a\u015f\u0131r\u0131 \u0131s\u0131nma veya sistem hatas\u0131 olmadan dayanacak \u015fekilde tasarlanm\u0131\u015ft\u0131r.<\/li>\n<\/ul>\n<h3><strong>Sa\u011flam Al\u00fcminyum Yap\u0131<\/strong><\/h3>\n<ul>\n<li>Darbelere ve korozyona dayan\u0131kl\u0131, y\u00fcksek mukavemetli al\u00fcminyum g\u00f6vde ile \u00fcretilmi\u015ftir.<\/li>\n<li>S\u0131k ta\u015f\u0131ma veya kurulum s\u0131ras\u0131nda dahili devreleri hasardan korur.<\/li>\n<li>Hafif ta\u015f\u0131nabilirli\u011fi uzun s\u00fcreli dayan\u0131kl\u0131l\u0131kla birle\u015ftiriyor.<\/li>\n<\/ul>\n<h3><strong>Ayarlanabilir Parlakl\u0131k Sistemi<\/strong><\/h3>\n<ul>\n<li>Ortam \u0131\u015f\u0131\u011f\u0131na g\u00f6re LED parlakl\u0131\u011f\u0131n\u0131 otomatik olarak ayarlar.<\/li>\n<li>\u0130\u00e7 ve yar\u0131 a\u00e7\u0131k ortamlarda g\u00f6r\u00fcn\u00fcrl\u00fc\u011f\u00fc art\u0131r\u0131r.<\/li>\n<li><a href=\"https:\/\/www.telaled.com\/tr\/entendendo-o-consumo-de-energia-painel-de-led-quao-eficientes-sao-os-displays-de-led-modernos\/\">Enerji t\u00fcketimi<\/a> G\u00f6r\u00fcnt\u00fc kalitesini korurken boyutu k\u00fc\u00e7\u00fcltt\u00fc.<\/li>\n<\/ul>\n<h3><strong>Uzun \u00f6m\u00fcrl\u00fc pil ve g\u00fc\u00e7 esnekli\u011fi.<\/strong><\/h3>\n<ul>\n<li>Kesintisiz performans i\u00e7in do\u011frudan ba\u011flant\u0131 yoluyla g\u00fc\u00e7 kayna\u011f\u0131n\u0131 ve pil ile \u00e7al\u0131\u015fmay\u0131 destekler.<\/li>\n<li>Enerji tasarruflu tasar\u0131m, \u015farjlar aras\u0131ndaki \u00e7al\u0131\u015fma s\u00fcresini uzat\u0131r.<\/li>\n<li>Ta\u015f\u0131nabilir kurulumlar veya elektrik eri\u015fiminin s\u0131n\u0131rl\u0131 oldu\u011fu yerler i\u00e7in idealdir.<\/li>\n<\/ul>\n<h2><strong>\u00dcr\u00fcn detaylar\u0131<\/strong><\/h2>\n<div class=\"row\"  id=\"row-746180862\">\n\n\t<div id=\"col-830842078\" class=\"col medium-10 small-12 large-10\"  >\n\t\t\t\t<div class=\"col-inner text-left\"  >\n\t\t\t\n\t\t\t\n<ul>\n<li><strong>Ekran boyutu<\/strong> O<strong> Basketbol i\u00e7in Dijital Kronometre, TEG Serisi<\/strong> 80 x 30 cm \u00f6l\u00e7\u00fclerinde ve 13 cm dijital y\u00fcksekli\u011fe sahip olan bu ekran, oyuncular ve seyirciler i\u00e7in t\u00fcm sahada net bir g\u00f6r\u00fc\u015f sa\u011flar.<\/li>\n<\/ul>\n\t<div class=\"img has-hover x md-x lg-x y md-y lg-y\" id=\"image_1697798292\">\n\t\t\t\t\t\t\t\t<div class=\"img-inner dark\" >\n\t\t\t<img loading=\"lazy\" decoding=\"async\" width=\"800\" height=\"800\" src=\"https:\/\/www.telaled.com\/wp-content\/uploads\/2025\/10\/Sizes.webp\" class=\"attachment-large size-large\" alt=\"Basketbol i\u00e7in dijital kronometre boyutu\" srcset=\"https:\/\/www.telaled.com\/wp-content\/uploads\/2025\/10\/Sizes.webp 800w, https:\/\/www.telaled.com\/wp-content\/uploads\/2025\/10\/Sizes-300x300.webp 300w, https:\/\/www.telaled.com\/wp-content\/uploads\/2025\/10\/Sizes-150x150.webp 150w, https:\/\/www.telaled.com\/wp-content\/uploads\/2025\/10\/Sizes-768x768.webp 768w, https:\/\/www.telaled.com\/wp-content\/uploads\/2025\/10\/Sizes-12x12.webp 12w, https:\/\/www.telaled.com\/wp-content\/uploads\/2025\/10\/Sizes-600x600.webp 600w, https:\/\/www.telaled.com\/wp-content\/uploads\/2025\/10\/Sizes-100x100.webp 100w\" sizes=\"auto, (max-width: 800px) 100vw, 800px\" \/>\t\t\t\t\t\t\n\t\t\t\t\t<\/div>\n\t\t\t\t\t\t\t\t\n<style>\n#image_1697798292 {\n  width: 80%;\n}\n<\/style>\n\t<\/div>\n\t\n<ul>\n<li><strong>Renk se\u00e7enekleri<\/strong> \u2013 Skorboard ekran\u0131n\u0131z\u0131 k\u0131rm\u0131z\u0131, mavi, sar\u0131, ye\u015fil veya \u00e7ok renkli LED rakamlarla ki\u015fiselle\u015ftirerek tak\u0131m\u0131n\u0131z\u0131n temas\u0131na veya mekan tasar\u0131m\u0131na uygun hale getirin.<\/li>\n<\/ul>\n\t<div class=\"img has-hover x md-x lg-x y md-y lg-y\" id=\"image_1571947070\">\n\t\t\t\t\t\t\t\t<div class=\"img-inner dark\" >\n\t\t\t<img loading=\"lazy\" decoding=\"async\" width=\"800\" height=\"800\" src=\"https:\/\/www.telaled.com\/wp-content\/uploads\/2025\/10\/Customize.webp\" class=\"attachment-original size-original\" alt=\"\" srcset=\"https:\/\/www.telaled.com\/wp-content\/uploads\/2025\/10\/Customize.webp 800w, https:\/\/www.telaled.com\/wp-content\/uploads\/2025\/10\/Customize-300x300.webp 300w, https:\/\/www.telaled.com\/wp-content\/uploads\/2025\/10\/Customize-150x150.webp 150w, https:\/\/www.telaled.com\/wp-content\/uploads\/2025\/10\/Customize-768x768.webp 768w, https:\/\/www.telaled.com\/wp-content\/uploads\/2025\/10\/Customize-12x12.webp 12w, https:\/\/www.telaled.com\/wp-content\/uploads\/2025\/10\/Customize-600x600.webp 600w, https:\/\/www.telaled.com\/wp-content\/uploads\/2025\/10\/Customize-100x100.webp 100w\" sizes=\"auto, (max-width: 800px) 100vw, 800px\" \/>\t\t\t\t\t\t\n\t\t\t\t\t<\/div>\n\t\t\t\t\t\t\t\t\n<style>\n#image_1571947070 {\n  width: 80%;\n}\n<\/style>\n\t<\/div>\n\t\n<ul>\n<li><strong>Geni\u015f uygulama alan\u0131<\/strong> \u2013 Basketbol ma\u00e7lar\u0131, antrenman merkezleri, okul spor salonlar\u0131 ve kapal\u0131 spor salonlar\u0131 i\u00e7in m\u00fckemmeldir; her ma\u00e7 i\u00e7in do\u011fru zaman tutma ve net skor g\u00f6sterimi sa\u011flar.<\/li>\n<\/ul>\n\t<div class=\"img has-hover x md-x lg-x y md-y lg-y\" id=\"image_364935382\">\n\t\t\t\t\t\t\t\t<div class=\"img-inner dark\" >\n\t\t\t<img loading=\"lazy\" decoding=\"async\" width=\"600\" height=\"400\" src=\"https:\/\/www.telaled.com\/wp-content\/uploads\/2025\/10\/Application.webp\" class=\"attachment-large size-large\" alt=\"Ba\u015fvuru\" srcset=\"https:\/\/www.telaled.com\/wp-content\/uploads\/2025\/10\/Application.webp 600w, https:\/\/www.telaled.com\/wp-content\/uploads\/2025\/10\/Application-300x200.webp 300w, https:\/\/www.telaled.com\/wp-content\/uploads\/2025\/10\/Application-18x12.webp 18w\" sizes=\"auto, (max-width: 600px) 100vw, 600px\" \/>\t\t\t\t\t\t\n\t\t\t\t\t<\/div>\n\t\t\t\t\t\t\t\t\n<style>\n#image_364935382 {\n  width: 80%;\n}\n<\/style>\n\t<\/div>\n\t\n<ul>\n<li><strong>Kullan\u0131c\u0131 dostu tasar\u0131m<\/strong> \u2013 Basit kontrol aray\u00fcz\u00fc, h\u0131zl\u0131 tepki s\u00fcresi ve hafif tasar\u0131m\u0131 sayesinde, teknik bilgisi olmayan kullan\u0131c\u0131lar i\u00e7in bile kurulum, \u00e7al\u0131\u015ft\u0131rma ve saklama kolayl\u0131\u011f\u0131 sa\u011flar.<\/li>\n<\/ul>\n\t<div class=\"img has-hover x md-x lg-x y md-y lg-y\" id=\"image_171091181\">\n\t\t\t\t\t\t\t\t<div class=\"img-inner dark\" >\n\t\t\t<img loading=\"lazy\" decoding=\"async\" width=\"800\" height=\"800\" src=\"https:\/\/www.telaled.com\/wp-content\/uploads\/2025\/10\/User-Friendly.webp\" class=\"attachment-large size-large\" alt=\"\" srcset=\"https:\/\/www.telaled.com\/wp-content\/uploads\/2025\/10\/User-Friendly.webp 800w, https:\/\/www.telaled.com\/wp-content\/uploads\/2025\/10\/User-Friendly-300x300.webp 300w, https:\/\/www.telaled.com\/wp-content\/uploads\/2025\/10\/User-Friendly-150x150.webp 150w, https:\/\/www.telaled.com\/wp-content\/uploads\/2025\/10\/User-Friendly-768x768.webp 768w, https:\/\/www.telaled.com\/wp-content\/uploads\/2025\/10\/User-Friendly-12x12.webp 12w, https:\/\/www.telaled.com\/wp-content\/uploads\/2025\/10\/User-Friendly-600x600.webp 600w, https:\/\/www.telaled.com\/wp-content\/uploads\/2025\/10\/User-Friendly-100x100.webp 100w\" sizes=\"auto, (max-width: 800px) 100vw, 800px\" \/>\t\t\t\t\t\t\n\t\t\t\t\t<\/div>\n\t\t\t\t\t\t\t\t\n<style>\n#image_171091181 {\n  width: 80%;\n}\n<\/style>\n\t<\/div>\n\t\n<ul>\n<li>Her biri <strong>Dijital Basketbol Kronometresi TEG Serisi<\/strong> Uzun mesafeli ta\u015f\u0131maya dayanacak \u015fekilde sa\u011flam, g\u00fc\u00e7lendirilmi\u015f ah\u015fap kasalara paketlenmi\u015ftir. Her bir \u00fcnite, darbelere veya ha\u015ferelerin neden oldu\u011fu hasara kar\u015f\u0131 s\u0131k\u0131ca sabitlenmi\u015ftir ve b\u00f6ylece m\u00fckemmel durumda, kullan\u0131ma haz\u0131r olarak ula\u015fmas\u0131 sa\u011flan\u0131r.<\/li>\n<\/ul>\n\t<div class=\"img has-hover x md-x lg-x y md-y lg-y\" id=\"image_1983522\">\n\t\t\t\t\t\t\t\t<div class=\"img-inner dark\" >\n\t\t\t<img loading=\"lazy\" decoding=\"async\" width=\"760\" height=\"1024\" src=\"https:\/\/www.telaled.com\/wp-content\/uploads\/2025\/08\/36123f2c-de60-488d-af81-255cd4aee54a-760x1024.webp\" class=\"attachment-large size-large\" alt=\"\" srcset=\"https:\/\/www.telaled.com\/wp-content\/uploads\/2025\/08\/36123f2c-de60-488d-af81-255cd4aee54a-760x1024.webp 760w, https:\/\/www.telaled.com\/wp-content\/uploads\/2025\/08\/36123f2c-de60-488d-af81-255cd4aee54a-223x300.webp 223w, https:\/\/www.telaled.com\/wp-content\/uploads\/2025\/08\/36123f2c-de60-488d-af81-255cd4aee54a-768x1035.webp 768w, https:\/\/www.telaled.com\/wp-content\/uploads\/2025\/08\/36123f2c-de60-488d-af81-255cd4aee54a-9x12.webp 9w, https:\/\/www.telaled.com\/wp-content\/uploads\/2025\/08\/36123f2c-de60-488d-af81-255cd4aee54a-600x808.webp 600w, https:\/\/www.telaled.com\/wp-content\/uploads\/2025\/08\/36123f2c-de60-488d-af81-255cd4aee54a.webp 795w\" sizes=\"auto, (max-width: 760px) 100vw, 760px\" \/>\t\t\t\t\t\t\n\t\t\t\t\t<\/div>\n\t\t\t\t\t\t\t\t\n<style>\n#image_1983522 {\n  width: 80%;\n}\n<\/style>\n\t<\/div>\n\t\n\n<table id=\"tablepress-103\" class=\"tablepress tablepress-id-103\">\n<thead>\n<tr class=\"row-1\">\n\t<th colspan=\"4\" class=\"column-1\">\u00dcr\u00fcn A\u00e7\u0131klamas\u0131<\/th>\n<\/tr>\n<\/thead>\n<tbody class=\"row-striping row-hover\">\n<tr class=\"row-2\">\n\t<td class=\"column-1\">Teknik \u00d6zellikler<\/td><td class=\"column-2\">Dijital Basketbol Kronometresi TEG Serisi<\/td><td class=\"column-3\"><\/td><td class=\"column-4\"><\/td>\n<\/tr>\n<tr class=\"row-3\">\n\t<td class=\"column-1\">LED rengi<\/td><td class=\"column-2\">\u00c7ok renkli<\/td><td class=\"column-3\"><\/td><td class=\"column-4\"><\/td>\n<\/tr>\n<tr class=\"row-4\">\n\t<td class=\"column-1\">Parmak y\u00fcksekli\u011fi<\/td><td class=\"column-2\">5 in\u00e7<\/td><td class=\"column-3\"><\/td><td class=\"column-4\"><\/td>\n<\/tr>\n<tr class=\"row-5\">\n\t<td class=\"column-1\">Boyut<\/td><td class=\"column-2\">800x300x60 mm (31,4x11,8x2,7 in\u00e7)<\/td><td class=\"column-3\"><\/td><td class=\"column-4\"><\/td>\n<\/tr>\n<tr class=\"row-6\">\n\t<td class=\"column-1\">Operasyon<\/td><td class=\"column-2\">K\u0131z\u0131l\u00f6tesi uzaktan kumanda<\/td><td class=\"column-3\"><\/td><td class=\"column-4\"><\/td>\n<\/tr>\n<tr class=\"row-7\">\n\t<td class=\"column-1\">G\u00fc\u00e7<\/td><td class=\"column-2\">AC 110 V-240 V DC 5 V 2 A (her \u00fclke i\u00e7in farkl\u0131 fi\u015fler mevcuttur)<\/td><td class=\"column-3\"><\/td><td class=\"column-4\"><\/td>\n<\/tr>\n<tr class=\"row-8\">\n\t<td class=\"column-1\">Dava<\/td><td class=\"column-2\">Dayan\u0131kl\u0131 al\u00fcminyum ala\u015f\u0131ml\u0131 \u00e7er\u00e7eve, yans\u0131ma \u00f6nleyici akrilik lens.<\/td><td class=\"column-3\"><\/td><td class=\"column-4\"><\/td>\n<\/tr>\n<tr class=\"row-9\">\n\t<td class=\"column-1\">A\u011f\u0131rl\u0131k<\/td><td class=\"column-2\">3,9 kg<\/td><td class=\"column-3\"><\/td><td class=\"column-4\"><\/td>\n<\/tr>\n<tr class=\"row-10\">\n\t<td class=\"column-1\">\u0130\u015flev<\/td><td class=\"column-2\">Skor g\u00f6sterimi, geri say\u0131m\/ileri say\u0131m g\u00f6sterimi MM:SS<\/td><td class=\"column-3\"><\/td><td class=\"column-4\"><\/td>\n<\/tr>\n<tr class=\"row-11\">\n\t<td class=\"column-1\">Kaynak<\/td><td class=\"column-2\">Ta\u015f\u0131nabilir \u015farj cihaz\u0131 veya \u015farj edilebilir pil arac\u0131l\u0131\u011f\u0131yla g\u00fc\u00e7 kayna\u011f\u0131n\u0131 destekler.<br \/>\n5 kademeli parlakl\u0131k ayar\u0131.<br \/>\nZamanlay\u0131c\u0131 do\u011frudan duvara monte edilebilir veya bir masa \u00fczerine yerle\u015ftirilebilir.<\/td><td class=\"column-3\"><\/td><td class=\"column-4\"><\/td>\n<\/tr>\n<\/tbody>\n<\/table>\n<!-- #tablepress-103 from cache -->\n\t\t<\/div>\n\t\t\t\t\t<\/div>\n\n\t\n<\/div>\n\t\t<\/div>\n\t\t\t\t\t<\/div>\n\n\t\n<\/div>","protected":false},"excerpt":{"rendered":"<p><strong>Dijital Basketbol Kronometresi TEG Serisi \u2013 Basitle\u015ftirilmi\u015f Hassas Zaman \u00d6l\u00e7\u00fcm\u00fc<\/strong><\/p>\n<p>O <em><strong>Dijital Basketbol Kronometresi TEG Serisi<\/strong><\/em> Basketbol ve di\u011fer sporlar i\u00e7in do\u011fru ve kolay okunabilir skorlar sunar. Parlak LED ekran\u0131, \u00e7oklu skor modlar\u0131 ve ta\u015f\u0131nabilir tasar\u0131m\u0131, onu okullar i\u00e7in ideal hale getirir., <a href=\"https:\/\/www.telaled.com\/tr\/cronometro-academia\/\">spor salonlar\u0131<\/a> ve e\u011fitim merkezleri.<\/p>\n<p><strong>Ba\u015fl\u0131ca Faydalar\u0131:<\/strong><\/p>\n<ul>\n<li><strong>Uzun menzilli kablosuz kontrol<\/strong> Daha fazla kolayl\u0131k i\u00e7in kontrol konsolunu kullanarak skorlar\u0131 ve zaman\u0131 uzaktan y\u00f6netin.<\/li>\n<li><strong>Kesin zamanlama<\/strong> \u2013 Adil ve profesyonel bir oyun ortam\u0131 sa\u011flamak i\u00e7in ma\u00e7lar\u0131 do\u011fru bir \u015fekilde takip edin.<\/li>\n<li><strong>H\u0131zl\u0131 kurulum ve kullan\u0131m<\/strong> Ta\u015f\u0131nabilir ve kullan\u0131m\u0131 kolayd\u0131r, herhangi bir teknik bilgiye ihtiya\u00e7 duymadan dakikalar i\u00e7inde kurabilirsiniz.<\/li>\n<li><strong>Dayan\u0131kl\u0131 ve g\u00fcvenilir<\/strong> \u2013 Y\u00fcksek kaliteli malzemeler kullan\u0131larak \u00fcretilmi\u015ftir, bu da tutarl\u0131 performans ve uzun \u00f6m\u00fcr sa\u011flar.<\/li>\n<\/ul>\n<p><span style=\"font-weight: 400;\">Ekibimiz 7\/24 uzaktan destek ve 3 y\u0131l garanti sunmaktad\u0131r. Ki\u015fiselle\u015ftirilmi\u015f fiyat teklifi i\u00e7in bug\u00fcn bizimle ileti\u015fime ge\u00e7in.<\/span><\/p>","protected":false},"featured_media":3975,"template":"","meta":[],"product_brand":[],"product_cat":[48,40,44,46],"product_tag":[],"class_list":{"0":"post-3971","1":"product","2":"type-product","3":"status-publish","4":"has-post-thumbnail","6":"product_cat-paineis-personalizados","7":"product_cat-painel-de-led","8":"product_cat-painel-de-led-flexivel","9":"product_cat-painel-de-video","11":"first","12":"instock","13":"shipping-taxable","14":"product-type-simple"},"yoast_head":"<!-- This site is optimized with the Yoast SEO plugin v27.4 - https:\/\/yoast.com\/product\/yoast-seo-wordpress\/ -->\n<title>Cronometro Digital Para Basquete S\u00e9rie TEG | TELALED<\/title>\n<meta name=\"description\" content=\"Melhore seu jogo com um cronometro digital para basquete. Placar LED multifuncional com visor n\u00edtido e design dur\u00e1vel para qualquer arena esportiva.\" \/>\n<meta name=\"robots\" content=\"index, follow, max-snippet:-1, max-image-preview:large, max-video-preview:-1\" \/>\n<link rel=\"canonical\" href=\"https:\/\/www.telaled.com\/tr\/fabrica\/cronometro-digital-para-basquete-serie-teg\/\" \/>\n<meta property=\"og:locale\" content=\"tr_TR\" \/>\n<meta property=\"og:type\" content=\"article\" \/>\n<meta property=\"og:title\" content=\"Cronometro Digital Para Basquete S\u00e9rie TEG | TELALED\" \/>\n<meta property=\"og:description\" content=\"Melhore seu jogo com um cronometro digital para basquete. Placar LED multifuncional com visor n\u00edtido e design dur\u00e1vel para qualquer arena esportiva.\" \/>\n<meta property=\"og:url\" content=\"https:\/\/www.telaled.com\/tr\/fabrica\/cronometro-digital-para-basquete-serie-teg\/\" \/>\n<meta property=\"og:site_name\" content=\"TELALED\" \/>\n<meta property=\"article:modified_time\" content=\"2026-01-07T00:52:28+00:00\" \/>\n<meta property=\"og:image\" content=\"https:\/\/www.telaled.com\/wp-content\/uploads\/2025\/10\/Digital-basketball-timer.webp\" \/>\n\t<meta property=\"og:image:width\" content=\"500\" \/>\n\t<meta property=\"og:image:height\" content=\"500\" \/>\n\t<meta property=\"og:image:type\" content=\"image\/webp\" \/>\n<meta name=\"twitter:card\" content=\"summary_large_image\" \/>\n<meta name=\"twitter:label1\" content=\"Est. reading time\" \/>\n\t<meta name=\"twitter:data1\" content=\"3 dakika\" \/>\n<script type=\"application\/ld+json\" class=\"yoast-schema-graph\">{\"@context\":\"https:\\\/\\\/schema.org\",\"@graph\":[{\"@type\":\"WebPage\",\"@id\":\"https:\\\/\\\/www.telaled.com\\\/fabrica\\\/cronometro-digital-para-basquete-serie-teg\\\/\",\"url\":\"https:\\\/\\\/www.telaled.com\\\/fabrica\\\/cronometro-digital-para-basquete-serie-teg\\\/\",\"name\":\"Cronometro Digital Para Basquete S\u00e9rie TEG | TELALED\",\"isPartOf\":{\"@id\":\"https:\\\/\\\/www.telaled.com\\\/#website\"},\"primaryImageOfPage\":{\"@id\":\"https:\\\/\\\/www.telaled.com\\\/fabrica\\\/cronometro-digital-para-basquete-serie-teg\\\/#primaryimage\"},\"image\":{\"@id\":\"https:\\\/\\\/www.telaled.com\\\/fabrica\\\/cronometro-digital-para-basquete-serie-teg\\\/#primaryimage\"},\"thumbnailUrl\":\"https:\\\/\\\/www.telaled.com\\\/wp-content\\\/uploads\\\/2025\\\/10\\\/Digital-basketball-timer.webp\",\"datePublished\":\"2025-10-09T13:35:49+00:00\",\"dateModified\":\"2026-01-07T00:52:28+00:00\",\"description\":\"Melhore seu jogo com um cronometro digital para basquete. Placar LED multifuncional com visor n\u00edtido e design dur\u00e1vel para qualquer arena esportiva.\",\"breadcrumb\":{\"@id\":\"https:\\\/\\\/www.telaled.com\\\/fabrica\\\/cronometro-digital-para-basquete-serie-teg\\\/#breadcrumb\"},\"inLanguage\":\"tr\",\"potentialAction\":[{\"@type\":\"ReadAction\",\"target\":[\"https:\\\/\\\/www.telaled.com\\\/fabrica\\\/cronometro-digital-para-basquete-serie-teg\\\/\"]}]},{\"@type\":\"ImageObject\",\"inLanguage\":\"tr\",\"@id\":\"https:\\\/\\\/www.telaled.com\\\/fabrica\\\/cronometro-digital-para-basquete-serie-teg\\\/#primaryimage\",\"url\":\"https:\\\/\\\/www.telaled.com\\\/wp-content\\\/uploads\\\/2025\\\/10\\\/Digital-basketball-timer.webp\",\"contentUrl\":\"https:\\\/\\\/www.telaled.com\\\/wp-content\\\/uploads\\\/2025\\\/10\\\/Digital-basketball-timer.webp\",\"width\":500,\"height\":500,\"caption\":\"Cronometro digital para basquete\"},{\"@type\":\"BreadcrumbList\",\"@id\":\"https:\\\/\\\/www.telaled.com\\\/fabrica\\\/cronometro-digital-para-basquete-serie-teg\\\/#breadcrumb\",\"itemListElement\":[{\"@type\":\"ListItem\",\"position\":1,\"name\":\"Home\",\"item\":\"https:\\\/\\\/www.telaled.com\\\/\"},{\"@type\":\"ListItem\",\"position\":2,\"name\":\"Produtos\",\"item\":\"https:\\\/\\\/www.telaled.com\\\/shop\\\/\"},{\"@type\":\"ListItem\",\"position\":3,\"name\":\"Cronometro Digital Para Basquete S\u00e9rie TEG\"}]},{\"@type\":\"WebSite\",\"@id\":\"https:\\\/\\\/www.telaled.com\\\/#website\",\"url\":\"https:\\\/\\\/www.telaled.com\\\/\",\"name\":\"TELALED\",\"description\":\"\",\"potentialAction\":[{\"@type\":\"SearchAction\",\"target\":{\"@type\":\"EntryPoint\",\"urlTemplate\":\"https:\\\/\\\/www.telaled.com\\\/?s={search_term_string}\"},\"query-input\":{\"@type\":\"PropertyValueSpecification\",\"valueRequired\":true,\"valueName\":\"search_term_string\"}}],\"inLanguage\":\"tr\"}]}<\/script>\n<!-- \/ Yoast SEO plugin. -->","yoast_head_json":{"title":"Dijital Basketbol Kronometresi TEG Serisi | TELALED","description":"Dijital basketbol zamanlay\u0131c\u0131s\u0131 ile oyununuzu geli\u015ftirin. Herhangi bir spor arenas\u0131 i\u00e7in net ekranl\u0131 ve dayan\u0131kl\u0131 tasar\u0131ma sahip \u00e7ok fonksiyonlu LED skorboard.","robots":{"index":"index","follow":"follow","max-snippet":"max-snippet:-1","max-image-preview":"max-image-preview:large","max-video-preview":"max-video-preview:-1"},"canonical":"https:\/\/www.telaled.com\/tr\/fabrica\/cronometro-digital-para-basquete-serie-teg\/","og_locale":"tr_TR","og_type":"article","og_title":"Cronometro Digital Para Basquete S\u00e9rie TEG | TELALED","og_description":"Melhore seu jogo com um cronometro digital para basquete. Placar LED multifuncional com visor n\u00edtido e design dur\u00e1vel para qualquer arena esportiva.","og_url":"https:\/\/www.telaled.com\/tr\/fabrica\/cronometro-digital-para-basquete-serie-teg\/","og_site_name":"TELALED","article_modified_time":"2026-01-07T00:52:28+00:00","og_image":[{"width":500,"height":500,"url":"https:\/\/www.telaled.com\/wp-content\/uploads\/2025\/10\/Digital-basketball-timer.webp","type":"image\/webp"}],"twitter_card":"summary_large_image","twitter_misc":{"Est. reading time":"3 dakika"},"schema":{"@context":"https:\/\/schema.org","@graph":[{"@type":"WebPage","@id":"https:\/\/www.telaled.com\/fabrica\/cronometro-digital-para-basquete-serie-teg\/","url":"https:\/\/www.telaled.com\/fabrica\/cronometro-digital-para-basquete-serie-teg\/","name":"Dijital Basketbol Kronometresi TEG Serisi | TELALED","isPartOf":{"@id":"https:\/\/www.telaled.com\/#website"},"primaryImageOfPage":{"@id":"https:\/\/www.telaled.com\/fabrica\/cronometro-digital-para-basquete-serie-teg\/#primaryimage"},"image":{"@id":"https:\/\/www.telaled.com\/fabrica\/cronometro-digital-para-basquete-serie-teg\/#primaryimage"},"thumbnailUrl":"https:\/\/www.telaled.com\/wp-content\/uploads\/2025\/10\/Digital-basketball-timer.webp","datePublished":"2025-10-09T13:35:49+00:00","dateModified":"2026-01-07T00:52:28+00:00","description":"Dijital basketbol zamanlay\u0131c\u0131s\u0131 ile oyununuzu geli\u015ftirin. Herhangi bir spor arenas\u0131 i\u00e7in net ekranl\u0131 ve dayan\u0131kl\u0131 tasar\u0131ma sahip \u00e7ok fonksiyonlu LED skorboard.","breadcrumb":{"@id":"https:\/\/www.telaled.com\/fabrica\/cronometro-digital-para-basquete-serie-teg\/#breadcrumb"},"inLanguage":"tr","potentialAction":[{"@type":"ReadAction","target":["https:\/\/www.telaled.com\/fabrica\/cronometro-digital-para-basquete-serie-teg\/"]}]},{"@type":"ImageObject","inLanguage":"tr","@id":"https:\/\/www.telaled.com\/fabrica\/cronometro-digital-para-basquete-serie-teg\/#primaryimage","url":"https:\/\/www.telaled.com\/wp-content\/uploads\/2025\/10\/Digital-basketball-timer.webp","contentUrl":"https:\/\/www.telaled.com\/wp-content\/uploads\/2025\/10\/Digital-basketball-timer.webp","width":500,"height":500,"caption":"Cronometro digital para basquete"},{"@type":"BreadcrumbList","@id":"https:\/\/www.telaled.com\/fabrica\/cronometro-digital-para-basquete-serie-teg\/#breadcrumb","itemListElement":[{"@type":"ListItem","position":1,"name":"Home","item":"https:\/\/www.telaled.com\/"},{"@type":"ListItem","position":2,"name":"Produtos","item":"https:\/\/www.telaled.com\/shop\/"},{"@type":"ListItem","position":3,"name":"Cronometro Digital Para Basquete S\u00e9rie TEG"}]},{"@type":"WebSite","@id":"https:\/\/www.telaled.com\/#website","url":"https:\/\/www.telaled.com\/","name":"LED Ekran","description":"","potentialAction":[{"@type":"SearchAction","target":{"@type":"EntryPoint","urlTemplate":"https:\/\/www.telaled.com\/?s={search_term_string}"},"query-input":{"@type":"PropertyValueSpecification","valueRequired":true,"valueName":"search_term_string"}}],"inLanguage":"tr"}]}},"_links":{"self":[{"href":"https:\/\/www.telaled.com\/tr\/wp-json\/wp\/v2\/product\/3971","targetHints":{"allow":["GET"]}}],"collection":[{"href":"https:\/\/www.telaled.com\/tr\/wp-json\/wp\/v2\/product"}],"about":[{"href":"https:\/\/www.telaled.com\/tr\/wp-json\/wp\/v2\/types\/product"}],"wp:featuredmedia":[{"embeddable":true,"href":"https:\/\/www.telaled.com\/tr\/wp-json\/wp\/v2\/media\/3975"}],"wp:attachment":[{"href":"https:\/\/www.telaled.com\/tr\/wp-json\/wp\/v2\/media?parent=3971"}],"wp:term":[{"taxonomy":"product_brand","embeddable":true,"href":"https:\/\/www.telaled.com\/tr\/wp-json\/wp\/v2\/product_brand?post=3971"},{"taxonomy":"product_cat","embeddable":true,"href":"https:\/\/www.telaled.com\/tr\/wp-json\/wp\/v2\/product_cat?post=3971"},{"taxonomy":"product_tag","embeddable":true,"href":"https:\/\/www.telaled.com\/tr\/wp-json\/wp\/v2\/product_tag?post=3971"}],"curies":[{"name":"wp","href":"https:\/\/api.w.org\/{rel}","templated":true}]}}