{"id":3928,"date":"2025-10-09T02:28:13","date_gmt":"2025-10-09T02:28:13","guid":{"rendered":"https:\/\/www.telaled.com\/?post_type=product&#038;p=3928"},"modified":"2026-01-07T01:14:05","modified_gmt":"2026-01-07T01:14:05","slug":"electronic-gym-scoreboard-serie-tei","status":"publish","type":"product","link":"https:\/\/www.telaled.com\/tr\/fabrica\/electronic-gym-scoreboard-serie-tei\/","title":{"rendered":"Elektronik Spor Salonu Skor Tablosu TEI Serisi"},"content":{"rendered":"<div class=\"row\"  id=\"row-490931570\">\n\n\t<div id=\"col-799823365\" class=\"col small-12 large-12\"  >\n\t\t\t\t<div class=\"col-inner\"  >\n\t\t\t\n\t\t\t\n<h2>Elektronik Spor Salonu Skor Tablosu TEI Serisi<\/h2>\n<h3><strong>\u00dcst\u00fcn Dayan\u0131kl\u0131l\u0131k<\/strong><\/h3>\n<ul>\n<li>IP65 derecesine sahip, toza, ya\u011fmura ve \u0131s\u0131ya dayan\u0131kl\u0131 demir muhafaza.<\/li>\n<li>960x960 mm \u00f6l\u00e7\u00fclerindeki ve 40 kg a\u011f\u0131rl\u0131\u011f\u0131ndaki yap\u0131, hareketli basamaklar i\u00e7in stabilite sa\u011flar.<\/li>\n<li>LED&#039;ler <a href=\"https:\/\/www.telaled.com\/tr\/led-smd\/\">SMD<\/a> 1G1R1B piller 100.000 saatten fazla dayan\u0131r.<\/li>\n<li>Etkin so\u011futmaya sahip, korozyona dayan\u0131kl\u0131 par\u00e7alar.<\/li>\n<\/ul>\n<h3><strong>Ola\u011fan\u00fcst\u00fc G\u00f6rsel Kalite<\/strong><\/h3>\n<ul>\n<li>Keskin detaylar i\u00e7in 4 mm piksel aral\u0131\u011f\u0131 ve 62.500 nokta\/m\u00b2 yo\u011funluk.<\/li>\n<li>G\u00fcne\u015f \u0131\u015f\u0131\u011f\u0131nda g\u00f6r\u00fcn\u00fcrl\u00fck i\u00e7in 5.000 ila 7.000 nit parlakl\u0131k.<\/li>\n<li>10.000:1 kontrast oran\u0131 ve 68,7 milyar renk.<\/li>\n<li>Ak\u0131c\u0131 video i\u00e7in 1920-3840 Hz yenileme h\u0131z\u0131.<\/li>\n<\/ul>\n<h3><strong>Tam Uyarlanabilirlik<\/strong><\/h3>\n<ul>\n<li>SDK, g\u00fcncellemeler ve uzaktan kontrol i\u00e7in destek sa\u011flar.<\/li>\n<li>Geni\u015f 140\u00b0 g\u00f6r\u00fc\u015f a\u00e7\u0131lar\u0131 netli\u011fi korur.<\/li>\n<li>Kolay kurulum i\u00e7in 250\u00d7250 mm \u00f6l\u00e7\u00fclerinde mod\u00fcler paneller.<\/li>\n<li>Kamyonlar, al\u0131\u015fveri\u015f merkezleri, havaalanlar\u0131 ve etkinlikler i\u00e7in idealdir.<\/li>\n<\/ul>\n<h3><strong>Kapsaml\u0131 Destek<\/strong><\/h3>\n<ul>\n<li>7 g\u00fcn 24 saat uzman teknik destek; 7\/24 uzaktan destek ekibimizle istedi\u011finiz zaman, istedi\u011finiz yerde g\u00fcvenilir yard\u0131m al\u0131n.<\/li>\n<li>5% i\u00e7in ekstra yedek par\u00e7alar: Her sipari\u015f, daha fazla g\u00fcvenilirlik sa\u011flayan ve size daha fazla g\u00f6n\u00fcl rahatl\u0131\u011f\u0131 sunan ek yedek par\u00e7alarla birlikte gelir.<\/li>\n<li>Maksimum koruma i\u00e7in 3 y\u0131ll\u0131k uzat\u0131lm\u0131\u015f garantiyle desteklenen uzun \u00f6m\u00fcrl\u00fc performans\u0131n ve g\u00fcvenilir hizmetin tad\u0131n\u0131 \u00e7\u0131kar\u0131n.<\/li>\n<\/ul>\n<h2>\u00dcr\u00fcn detaylar\u0131<\/h2>\n<div class=\"row\"  id=\"row-1388324576\">\n\n\t<div id=\"col-2053314615\" class=\"col medium-10 small-12 large-10\"  >\n\t\t\t\t<div class=\"col-inner text-left\"  >\n\t\t\t\n\t\t\t\n<ul>\n<li>Her tekrar ve turu \u015fu \u015fekilde tamamlay\u0131n: <em><strong>Elektronik Spor Salonu Skor Tablosu<\/strong><\/em>. Parlak ye\u015fil ilerleme \u00e7ubu\u011fu ve LED geri say\u0131m ekran\u0131yla, ki\u015fisel antren\u00f6r\u00fcn\u00fcz gibi davranarak aral\u0131klar\u0131, dinlenme s\u00fcrelerini ve toplam antrenman s\u00fcresini izlemenize yard\u0131mc\u0131 olur. Bu ak\u0131ll\u0131 kronometre, antrenman ilerlemenizi h\u0131zl\u0131 bir \u015fekilde takip etmenizi sa\u011flayarak her seans\u0131 d\u00fczenli ve verimli hale getirir.<\/li>\n<\/ul>\n\t<div class=\"img has-hover x md-x lg-x y md-y lg-y\" id=\"image_199229593\">\n\t\t\t\t\t\t\t\t<div class=\"img-inner dark\" >\n\t\t\t<img loading=\"lazy\" decoding=\"async\" width=\"970\" height=\"600\" src=\"https:\/\/www.telaled.com\/wp-content\/uploads\/2025\/10\/Electronic-gym-scoreboard7.jpg\" class=\"attachment-original size-original\" alt=\"Elektronik-spor-skorboard7\" srcset=\"https:\/\/www.telaled.com\/wp-content\/uploads\/2025\/10\/Electronic-gym-scoreboard7.jpg 970w, https:\/\/www.telaled.com\/wp-content\/uploads\/2025\/10\/Electronic-gym-scoreboard7-300x186.jpg 300w, https:\/\/www.telaled.com\/wp-content\/uploads\/2025\/10\/Electronic-gym-scoreboard7-768x475.jpg 768w, https:\/\/www.telaled.com\/wp-content\/uploads\/2025\/10\/Electronic-gym-scoreboard7-18x12.jpg 18w, https:\/\/www.telaled.com\/wp-content\/uploads\/2025\/10\/Electronic-gym-scoreboard7-600x371.jpg 600w\" sizes=\"auto, (max-width: 970px) 100vw, 970px\" \/>\t\t\t\t\t\t\n\t\t\t\t\t<\/div>\n\t\t\t\t\t\t\t\t\n<style>\n#image_199229593 {\n  width: 80%;\n}\n<\/style>\n\t<\/div>\n\t\n<ul>\n<li>Bir <em><strong>Elektronik Spor Salonu Skor Tablosu<\/strong><\/em> Net LED zamanlay\u0131c\u0131lar ve ilerleme g\u00f6stergeleriyle antrenman\u0131n g\u00fcvenli\u011fini ve verimlili\u011fini art\u0131r\u0131r. Kullan\u0131c\u0131lar\u0131n egzersiz s\u00fcresini, dinlenme s\u00fcrelerini ve performans\u0131 ger\u00e7ek zamanl\u0131 olarak izlemelerine yard\u0131mc\u0131 olur. Antren\u00f6rler ilerlemeyi kolayca takip edebilir ve rutinleri ayarlayabilir. M\u00fckemmel bir se\u00e7imdir. <a href=\"https:\/\/www.telaled.com\/tr\/cronometro-academia\/\">spor salonlar\u0131<\/a> St\u00fcdyolar\u0131nda, her fitness seviyesine uygun, d\u00fczenli, tutarl\u0131 ve etkili antrenman seanslar\u0131 garanti ediyor.<\/li>\n<\/ul>\n\t<div class=\"img has-hover x md-x lg-x y md-y lg-y\" id=\"image_916454567\">\n\t\t\t\t\t\t\t\t<div class=\"img-inner dark\" >\n\t\t\t<img loading=\"lazy\" decoding=\"async\" width=\"568\" height=\"438\" src=\"https:\/\/www.telaled.com\/wp-content\/uploads\/2025\/10\/Electronic-gym-scoreboard8.webp\" class=\"attachment-large size-large\" alt=\"\" srcset=\"https:\/\/www.telaled.com\/wp-content\/uploads\/2025\/10\/Electronic-gym-scoreboard8.webp 568w, https:\/\/www.telaled.com\/wp-content\/uploads\/2025\/10\/Electronic-gym-scoreboard8-300x231.webp 300w, https:\/\/www.telaled.com\/wp-content\/uploads\/2025\/10\/Electronic-gym-scoreboard8-16x12.webp 16w\" sizes=\"auto, (max-width: 568px) 100vw, 568px\" \/>\t\t\t\t\t\t\n\t\t\t\t\t<\/div>\n\t\t\t\t\t\t\t\t\n<style>\n#image_916454567 {\n  width: 80%;\n}\n<\/style>\n\t<\/div>\n\t\n<ul>\n<li><strong><em>Elektronik Spor Salonu Skor Tablosu<\/em> TEI Serisi<\/strong>\u00a0 \u00dcr\u00fcnler, ta\u015f\u0131ma s\u0131ras\u0131nda korunmalar\u0131 i\u00e7in g\u00fc\u00e7lendirilmi\u015f ah\u015fap kasalara paketlenir. Her bir \u00fcnite, ha\u015ferelerden, darbelerden ve di\u011fer tehlikelerden kaynaklanan hasar\u0131 \u00f6nlemek i\u00e7in g\u00fcvenli bir \u015fekilde paketlenir. Bu, dayan\u0131kl\u0131l\u0131\u011f\u0131 ve g\u00fcvenli teslimat\u0131 sa\u011flar.<\/li>\n<\/ul>\n\t<div class=\"img has-hover x md-x lg-x y md-y lg-y\" id=\"image_1076032810\">\n\t\t\t\t\t\t\t\t<div class=\"img-inner dark\" >\n\t\t\t<img loading=\"lazy\" decoding=\"async\" width=\"760\" height=\"1024\" src=\"https:\/\/www.telaled.com\/wp-content\/uploads\/2025\/08\/36123f2c-de60-488d-af81-255cd4aee54a-760x1024.webp\" class=\"attachment-large size-large\" alt=\"\" srcset=\"https:\/\/www.telaled.com\/wp-content\/uploads\/2025\/08\/36123f2c-de60-488d-af81-255cd4aee54a-760x1024.webp 760w, https:\/\/www.telaled.com\/wp-content\/uploads\/2025\/08\/36123f2c-de60-488d-af81-255cd4aee54a-223x300.webp 223w, https:\/\/www.telaled.com\/wp-content\/uploads\/2025\/08\/36123f2c-de60-488d-af81-255cd4aee54a-768x1035.webp 768w, https:\/\/www.telaled.com\/wp-content\/uploads\/2025\/08\/36123f2c-de60-488d-af81-255cd4aee54a-9x12.webp 9w, https:\/\/www.telaled.com\/wp-content\/uploads\/2025\/08\/36123f2c-de60-488d-af81-255cd4aee54a-600x808.webp 600w, https:\/\/www.telaled.com\/wp-content\/uploads\/2025\/08\/36123f2c-de60-488d-af81-255cd4aee54a.webp 795w\" sizes=\"auto, (max-width: 760px) 100vw, 760px\" \/>\t\t\t\t\t\t\n\t\t\t\t\t<\/div>\n\t\t\t\t\t\t\t\t\n<style>\n#image_1076032810 {\n  width: 80%;\n}\n<\/style>\n\t<\/div>\n\t\n\n<table id=\"tablepress-102\" class=\"tablepress tablepress-id-102\">\n<thead>\n<tr class=\"row-1\">\n\t<th class=\"column-1\">Maksimum Haz\u0131rl\u0131k S\u00fcresi<\/th><th class=\"column-2\">24 Saat<\/th><th class=\"column-3\">Minimum Haz\u0131rl\u0131k S\u00fcresi<\/th><th class=\"column-4\">10 saniye<\/th>\n<\/tr>\n<\/thead>\n<tbody class=\"row-striping row-hover\">\n<tr class=\"row-2\">\n\t<td class=\"column-1\">Nominal Gerilim<\/td><td class=\"column-2\">220 V<\/td><td class=\"column-3\">Model Numaras\u0131<\/td><td class=\"column-4\">TEI Serisi<\/td>\n<\/tr>\n<tr class=\"row-3\">\n\t<td class=\"column-1\">\u0130\u015faret<\/td><td class=\"column-2\">LED Ekran<\/td><td class=\"column-3\">Men\u015fe yeri<\/td><td class=\"column-4\">Shenzhen, \u00c7in<\/td>\n<\/tr>\n<tr class=\"row-4\">\n\t<td class=\"column-1\">Kontrol<\/td><td class=\"column-2\">Uzaktan kumanda<\/td><td class=\"column-3\">Kaynak<\/td><td class=\"column-4\">Ta\u015f\u0131nabilir<\/td>\n<\/tr>\n<tr class=\"row-5\">\n\t<td class=\"column-1\">S\u0131kl\u0131k<\/td><td class=\"column-2\">50 Hz<\/td><td class=\"column-3\">Malzeme<\/td><td class=\"column-4\">Al\u00fcminyum Ala\u015f\u0131m\u0131<\/td>\n<\/tr>\n<tr class=\"row-6\">\n\t<td class=\"column-1\">Teori<\/td><td class=\"column-2\">Dijital<\/td><td class=\"column-3\">Tip<\/td><td class=\"column-4\">Geri Say\u0131m Sayac\u0131<\/td>\n<\/tr>\n<tr class=\"row-7\">\n\t<td class=\"column-1\">Ba\u015fvuru<\/td><td class=\"column-2\">\u00c7ok Fonksiyonlu<\/td><td class=\"column-3\">Operasyon<\/td><td class=\"column-4\">Uzaktan kumanda<\/td>\n<\/tr>\n<tr class=\"row-8\">\n\t<td class=\"column-1\">Karakter y\u00fcksekli\u011fi<\/td><td class=\"column-2\">4 in\u00e7<\/td><td class=\"column-3\">Yap\u0131<\/td><td class=\"column-4\">Al\u00fcminyum ala\u015f\u0131m\u0131<\/td>\n<\/tr>\n<tr class=\"row-9\">\n\t<td class=\"column-1\">\u00dcr\u00fcn ad\u0131<\/td><td class=\"column-2\">saat, geri say\u0131m\/ileri say\u0131m, kronometre, aral\u0131kl\u0131 antrenman\/dinlenme<\/td><td class=\"column-3\">Sertifikasyon<\/td><td class=\"column-4\">CE, RoHS<\/td>\n<\/tr>\n<\/tbody>\n<\/table>\n<!-- #tablepress-102 from cache -->\n\t\t<\/div>\n\t\t\t\t\t<\/div>\n\n\t\n<\/div>\n\t\t<\/div>\n\t\t\t\t\t<\/div>\n\n\t\n<\/div>","protected":false},"excerpt":{"rendered":"<p><em><strong>Elektronik Spor Salonu Skor Tablosu TEI Serisi<\/strong><\/em> \u2013 \u00c7ok fonksiyonlu LED zamanlay\u0131c\u0131 ve kronometre.<\/p>\n<p>O <em><strong>Elektronik Spor Salonu Skor Tablosu TEI Serisi<\/strong><\/em>\u00a0Bu, 4 in\u00e7 LED ekranl\u0131 ve al\u00fcminyum ala\u015f\u0131ml\u0131 g\u00f6vdeli 220V&#039;luk dijital bir zamanlay\u0131c\u0131d\u0131r. Uzaktan kumanda ile kontrol edilebilen ileri say\u0131m, geri say\u0131m, kronometre ve aral\u0131k modlar\u0131n\u0131 destekler.<\/p>\n<p><strong>Ba\u015fl\u0131ca \u00f6zellikler:<\/strong><\/p>\n<ul>\n<li><strong>Kesin Zaman Aral\u0131\u011f\u0131:<\/strong> Antrenmanlar i\u00e7in 10 saniyeden 24 saate kadar ayarlanabilir., <a href=\"https:\/\/www.telaled.com\/tr\/telao-de-led-para-eventos\/\">olaylar<\/a> veya end\u00fcstriyel kullan\u0131m i\u00e7in.<\/li>\n<li><strong>Net 4 in\u00e7 LED ekran:<\/strong> Parlak rakamlar, ayd\u0131nl\u0131k ortamlarda bile g\u00f6r\u00fcn\u00fcrl\u00fc\u011f\u00fc sa\u011flar.<\/li>\n<li><strong>Dayan\u0131kl\u0131 ve kullan\u0131\u015fl\u0131:<\/strong> Uzaktan kumanda \u00f6zelli\u011fine sahip al\u00fcminyum g\u00f6vde ve CE\/RoHS onayl\u0131 g\u00fcvenilirlik.<\/li>\n<\/ul>\n<p>Uzmanlar\u0131m\u0131z 7\/24 hizmetinizdedir, uzaktan destek ve 3 y\u0131ll\u0131k \u00fcr\u00fcn garantisi sunuyoruz. Ki\u015fiselle\u015ftirilmi\u015f fiyat teklifinizi bug\u00fcn isteyin.<\/p>","protected":false},"featured_media":3944,"template":"","meta":[],"product_brand":[],"product_cat":[48,40],"product_tag":[],"class_list":{"0":"post-3928","1":"product","2":"type-product","3":"status-publish","4":"has-post-thumbnail","6":"product_cat-paineis-personalizados","7":"product_cat-painel-de-led","9":"first","10":"instock","11":"shipping-taxable","12":"product-type-simple"},"yoast_head":"<!-- This site is optimized with the Yoast SEO plugin v27.4 - https:\/\/yoast.com\/product\/yoast-seo-wordpress\/ -->\n<title>Electronic Gym Scoreboard S\u00e9rie TEI | Temporizador digital LED para esportes e fitness | TELALED<\/title>\n<meta name=\"description\" content=\"Obtenha o Electronic Gym Scoreboard S\u00e9rie TEI com cron\u00f4metro, contagem regressiva e controle remoto sem fio; ideal para treinos e sess\u00f5es de treino.\" \/>\n<meta name=\"robots\" content=\"index, follow, max-snippet:-1, max-image-preview:large, max-video-preview:-1\" \/>\n<link rel=\"canonical\" href=\"https:\/\/www.telaled.com\/tr\/fabrica\/electronic-gym-scoreboard-serie-tei\/\" \/>\n<meta property=\"og:locale\" content=\"tr_TR\" \/>\n<meta property=\"og:type\" content=\"article\" \/>\n<meta property=\"og:title\" content=\"Electronic Gym Scoreboard S\u00e9rie TEI | Temporizador digital LED para esportes e fitness | TELALED\" \/>\n<meta property=\"og:description\" content=\"Obtenha o Electronic Gym Scoreboard S\u00e9rie TEI com cron\u00f4metro, contagem regressiva e controle remoto sem fio; ideal para treinos e sess\u00f5es de treino.\" \/>\n<meta property=\"og:url\" content=\"https:\/\/www.telaled.com\/tr\/fabrica\/electronic-gym-scoreboard-serie-tei\/\" \/>\n<meta property=\"og:site_name\" content=\"TELALED\" \/>\n<meta property=\"article:modified_time\" content=\"2026-01-07T01:14:05+00:00\" \/>\n<meta property=\"og:image\" content=\"https:\/\/www.telaled.com\/wp-content\/uploads\/2025\/10\/Electronic-gym-scoreboard.webp\" \/>\n\t<meta property=\"og:image:width\" content=\"500\" \/>\n\t<meta property=\"og:image:height\" content=\"500\" \/>\n\t<meta property=\"og:image:type\" content=\"image\/webp\" \/>\n<meta name=\"twitter:card\" content=\"summary_large_image\" \/>\n<meta name=\"twitter:label1\" content=\"Est. reading time\" \/>\n\t<meta name=\"twitter:data1\" content=\"3 dakika\" \/>\n<script type=\"application\/ld+json\" class=\"yoast-schema-graph\">{\"@context\":\"https:\\\/\\\/schema.org\",\"@graph\":[{\"@type\":\"WebPage\",\"@id\":\"https:\\\/\\\/www.telaled.com\\\/fabrica\\\/electronic-gym-scoreboard-serie-tei\\\/\",\"url\":\"https:\\\/\\\/www.telaled.com\\\/fabrica\\\/electronic-gym-scoreboard-serie-tei\\\/\",\"name\":\"Electronic Gym Scoreboard S\u00e9rie TEI | Temporizador digital LED para esportes e fitness | TELALED\",\"isPartOf\":{\"@id\":\"https:\\\/\\\/www.telaled.com\\\/#website\"},\"primaryImageOfPage\":{\"@id\":\"https:\\\/\\\/www.telaled.com\\\/fabrica\\\/electronic-gym-scoreboard-serie-tei\\\/#primaryimage\"},\"image\":{\"@id\":\"https:\\\/\\\/www.telaled.com\\\/fabrica\\\/electronic-gym-scoreboard-serie-tei\\\/#primaryimage\"},\"thumbnailUrl\":\"https:\\\/\\\/www.telaled.com\\\/wp-content\\\/uploads\\\/2025\\\/10\\\/Electronic-gym-scoreboard.webp\",\"datePublished\":\"2025-10-09T02:28:13+00:00\",\"dateModified\":\"2026-01-07T01:14:05+00:00\",\"description\":\"Obtenha o Electronic Gym Scoreboard S\u00e9rie TEI com cron\u00f4metro, contagem regressiva e controle remoto sem fio; ideal para treinos e sess\u00f5es de treino.\",\"breadcrumb\":{\"@id\":\"https:\\\/\\\/www.telaled.com\\\/fabrica\\\/electronic-gym-scoreboard-serie-tei\\\/#breadcrumb\"},\"inLanguage\":\"tr\",\"potentialAction\":[{\"@type\":\"ReadAction\",\"target\":[\"https:\\\/\\\/www.telaled.com\\\/fabrica\\\/electronic-gym-scoreboard-serie-tei\\\/\"]}]},{\"@type\":\"ImageObject\",\"inLanguage\":\"tr\",\"@id\":\"https:\\\/\\\/www.telaled.com\\\/fabrica\\\/electronic-gym-scoreboard-serie-tei\\\/#primaryimage\",\"url\":\"https:\\\/\\\/www.telaled.com\\\/wp-content\\\/uploads\\\/2025\\\/10\\\/Electronic-gym-scoreboard.webp\",\"contentUrl\":\"https:\\\/\\\/www.telaled.com\\\/wp-content\\\/uploads\\\/2025\\\/10\\\/Electronic-gym-scoreboard.webp\",\"width\":500,\"height\":500,\"caption\":\"Electronic-gym-scoreboard\"},{\"@type\":\"BreadcrumbList\",\"@id\":\"https:\\\/\\\/www.telaled.com\\\/fabrica\\\/electronic-gym-scoreboard-serie-tei\\\/#breadcrumb\",\"itemListElement\":[{\"@type\":\"ListItem\",\"position\":1,\"name\":\"Home\",\"item\":\"https:\\\/\\\/www.telaled.com\\\/\"},{\"@type\":\"ListItem\",\"position\":2,\"name\":\"Produtos\",\"item\":\"https:\\\/\\\/www.telaled.com\\\/shop\\\/\"},{\"@type\":\"ListItem\",\"position\":3,\"name\":\"Electronic Gym Scoreboard S\u00e9rie TEI\"}]},{\"@type\":\"WebSite\",\"@id\":\"https:\\\/\\\/www.telaled.com\\\/#website\",\"url\":\"https:\\\/\\\/www.telaled.com\\\/\",\"name\":\"TELALED\",\"description\":\"\",\"potentialAction\":[{\"@type\":\"SearchAction\",\"target\":{\"@type\":\"EntryPoint\",\"urlTemplate\":\"https:\\\/\\\/www.telaled.com\\\/?s={search_term_string}\"},\"query-input\":{\"@type\":\"PropertyValueSpecification\",\"valueRequired\":true,\"valueName\":\"search_term_string\"}}],\"inLanguage\":\"tr\"}]}<\/script>\n<!-- \/ Yoast SEO plugin. -->","yoast_head_json":{"title":"TEI Serisi Elektronik Spor Salonu Skor Panosu | Spor ve Fitness i\u00e7in Dijital LED Zamanlay\u0131c\u0131 | TELALED","description":"Kronometre, geri say\u0131m sayac\u0131 ve kablosuz uzaktan kumanda \u00f6zelliklerine sahip TEI Serisi Elektronik Spor Salonu Skorbordunu edinin; antrenman ve egzersiz seanslar\u0131 i\u00e7in idealdir.","robots":{"index":"index","follow":"follow","max-snippet":"max-snippet:-1","max-image-preview":"max-image-preview:large","max-video-preview":"max-video-preview:-1"},"canonical":"https:\/\/www.telaled.com\/tr\/fabrica\/electronic-gym-scoreboard-serie-tei\/","og_locale":"tr_TR","og_type":"article","og_title":"Electronic Gym Scoreboard S\u00e9rie TEI | Temporizador digital LED para esportes e fitness | TELALED","og_description":"Obtenha o Electronic Gym Scoreboard S\u00e9rie TEI com cron\u00f4metro, contagem regressiva e controle remoto sem fio; ideal para treinos e sess\u00f5es de treino.","og_url":"https:\/\/www.telaled.com\/tr\/fabrica\/electronic-gym-scoreboard-serie-tei\/","og_site_name":"TELALED","article_modified_time":"2026-01-07T01:14:05+00:00","og_image":[{"width":500,"height":500,"url":"https:\/\/www.telaled.com\/wp-content\/uploads\/2025\/10\/Electronic-gym-scoreboard.webp","type":"image\/webp"}],"twitter_card":"summary_large_image","twitter_misc":{"Est. reading time":"3 dakika"},"schema":{"@context":"https:\/\/schema.org","@graph":[{"@type":"WebPage","@id":"https:\/\/www.telaled.com\/fabrica\/electronic-gym-scoreboard-serie-tei\/","url":"https:\/\/www.telaled.com\/fabrica\/electronic-gym-scoreboard-serie-tei\/","name":"TEI Serisi Elektronik Spor Salonu Skor Panosu | Spor ve Fitness i\u00e7in Dijital LED Zamanlay\u0131c\u0131 | TELALED","isPartOf":{"@id":"https:\/\/www.telaled.com\/#website"},"primaryImageOfPage":{"@id":"https:\/\/www.telaled.com\/fabrica\/electronic-gym-scoreboard-serie-tei\/#primaryimage"},"image":{"@id":"https:\/\/www.telaled.com\/fabrica\/electronic-gym-scoreboard-serie-tei\/#primaryimage"},"thumbnailUrl":"https:\/\/www.telaled.com\/wp-content\/uploads\/2025\/10\/Electronic-gym-scoreboard.webp","datePublished":"2025-10-09T02:28:13+00:00","dateModified":"2026-01-07T01:14:05+00:00","description":"Kronometre, geri say\u0131m sayac\u0131 ve kablosuz uzaktan kumanda \u00f6zelliklerine sahip TEI Serisi Elektronik Spor Salonu Skorbordunu edinin; antrenman ve egzersiz seanslar\u0131 i\u00e7in idealdir.","breadcrumb":{"@id":"https:\/\/www.telaled.com\/fabrica\/electronic-gym-scoreboard-serie-tei\/#breadcrumb"},"inLanguage":"tr","potentialAction":[{"@type":"ReadAction","target":["https:\/\/www.telaled.com\/fabrica\/electronic-gym-scoreboard-serie-tei\/"]}]},{"@type":"ImageObject","inLanguage":"tr","@id":"https:\/\/www.telaled.com\/fabrica\/electronic-gym-scoreboard-serie-tei\/#primaryimage","url":"https:\/\/www.telaled.com\/wp-content\/uploads\/2025\/10\/Electronic-gym-scoreboard.webp","contentUrl":"https:\/\/www.telaled.com\/wp-content\/uploads\/2025\/10\/Electronic-gym-scoreboard.webp","width":500,"height":500,"caption":"Electronic-gym-scoreboard"},{"@type":"BreadcrumbList","@id":"https:\/\/www.telaled.com\/fabrica\/electronic-gym-scoreboard-serie-tei\/#breadcrumb","itemListElement":[{"@type":"ListItem","position":1,"name":"Home","item":"https:\/\/www.telaled.com\/"},{"@type":"ListItem","position":2,"name":"Produtos","item":"https:\/\/www.telaled.com\/shop\/"},{"@type":"ListItem","position":3,"name":"Electronic Gym Scoreboard S\u00e9rie TEI"}]},{"@type":"WebSite","@id":"https:\/\/www.telaled.com\/#website","url":"https:\/\/www.telaled.com\/","name":"LED Ekran","description":"","potentialAction":[{"@type":"SearchAction","target":{"@type":"EntryPoint","urlTemplate":"https:\/\/www.telaled.com\/?s={search_term_string}"},"query-input":{"@type":"PropertyValueSpecification","valueRequired":true,"valueName":"search_term_string"}}],"inLanguage":"tr"}]}},"_links":{"self":[{"href":"https:\/\/www.telaled.com\/tr\/wp-json\/wp\/v2\/product\/3928","targetHints":{"allow":["GET"]}}],"collection":[{"href":"https:\/\/www.telaled.com\/tr\/wp-json\/wp\/v2\/product"}],"about":[{"href":"https:\/\/www.telaled.com\/tr\/wp-json\/wp\/v2\/types\/product"}],"wp:featuredmedia":[{"embeddable":true,"href":"https:\/\/www.telaled.com\/tr\/wp-json\/wp\/v2\/media\/3944"}],"wp:attachment":[{"href":"https:\/\/www.telaled.com\/tr\/wp-json\/wp\/v2\/media?parent=3928"}],"wp:term":[{"taxonomy":"product_brand","embeddable":true,"href":"https:\/\/www.telaled.com\/tr\/wp-json\/wp\/v2\/product_brand?post=3928"},{"taxonomy":"product_cat","embeddable":true,"href":"https:\/\/www.telaled.com\/tr\/wp-json\/wp\/v2\/product_cat?post=3928"},{"taxonomy":"product_tag","embeddable":true,"href":"https:\/\/www.telaled.com\/tr\/wp-json\/wp\/v2\/product_tag?post=3928"}],"curies":[{"name":"wp","href":"https:\/\/api.w.org\/{rel}","templated":true}]}}