{"id":3856,"date":"2025-10-08T02:12:15","date_gmt":"2025-10-08T02:12:15","guid":{"rendered":"https:\/\/www.telaled.com\/?post_type=product&#038;p=3856"},"modified":"2026-01-07T01:00:48","modified_gmt":"2026-01-07T01:00:48","slug":"cronometro-academia-serie-teh","status":"publish","type":"product","link":"https:\/\/www.telaled.com\/tr\/fabrica\/cronometro-academia-serie-teh\/","title":{"rendered":"TEH Serisi Spor Salonu Kronometresi"},"content":{"rendered":"<div class=\"row\"  id=\"row-174090513\">\n\n\t<div id=\"col-1888130096\" class=\"col small-12 large-12\"  >\n\t\t\t\t<div class=\"col-inner\"  >\n\t\t\t\n\t\t\t\n<h2>TEH Serisi Spor Salonu Kronometresi<\/h2>\n<h3><strong><span dir=\"auto\" style=\"vertical-align: inherit;\"><span dir=\"auto\" style=\"vertical-align: inherit;\"><span dir=\"auto\" style=\"vertical-align: inherit;\"><span dir=\"auto\" style=\"vertical-align: inherit;\"><span dir=\"auto\" style=\"vertical-align: inherit;\"><span dir=\"auto\" style=\"vertical-align: inherit;\">\u00dcst\u00fcn dayan\u0131kl\u0131l\u0131k<\/span><\/span><\/span><\/span><\/span><\/span><\/strong><\/h3>\n<ul>\n<li>Darbelere, korozyona ve \u0131s\u0131ya dayan\u0131kl\u0131, y\u00fcksek kaliteli al\u00fcminyum \u00e7er\u00e7eve ile \u00fcretilmi\u015ftir.<\/li>\n<li>Kapal\u0131 muhafaza, devreyi toz ve nemden koruyarak uzun vadeli g\u00fcvenilirlik sa\u011flar.<\/li>\n<li>G\u00fc\u00e7lendirilmi\u015f destekler, \u00fcnitenin duvarlara, tavanlara veya \u00fc\u00e7 ayakl\u0131 sehpalara monte edildi\u011finde sabit kalmas\u0131n\u0131 sa\u011flar.<\/li>\n<\/ul>\n<h3><strong><span dir=\"auto\" style=\"vertical-align: inherit;\"><span dir=\"auto\" style=\"vertical-align: inherit;\"><span dir=\"auto\" style=\"vertical-align: inherit;\"><span dir=\"auto\" style=\"vertical-align: inherit;\"><span dir=\"auto\" style=\"vertical-align: inherit;\"><span dir=\"auto\" style=\"vertical-align: inherit;\">Ola\u011fan\u00fcst\u00fc G\u00f6rsel Kalite<\/span><\/span><\/span><\/span><\/span><\/span><\/strong><\/h3>\n<ul>\n<li>40 metreye kadar g\u00f6r\u00fcn\u00fcrl\u00fck i\u00e7in y\u00fcksek parlakl\u0131kta 5 in\u00e7 (12,7 cm) k\u0131rm\u0131z\u0131 ve sar\u0131 LED&#039;ler kullan\u0131r.<\/li>\n<li>Yans\u0131ma \u00f6nleyici akrilik lensler kontrast\u0131 art\u0131r\u0131r ve \u0131\u015f\u0131k yans\u0131mas\u0131n\u0131 \u00f6nler.<\/li>\n<li>G\u00fc\u00e7l\u00fc \u0131\u015f\u0131k alt\u0131nda bile tutarl\u0131 parlakl\u0131k ve renk homojenli\u011fini korur.<\/li>\n<\/ul>\n<h3><strong><span dir=\"auto\" style=\"vertical-align: inherit;\"><span dir=\"auto\" style=\"vertical-align: inherit;\"><span dir=\"auto\" style=\"vertical-align: inherit;\"><span dir=\"auto\" style=\"vertical-align: inherit;\"><span dir=\"auto\" style=\"vertical-align: inherit;\"><span dir=\"auto\" style=\"vertical-align: inherit;\">Tam uyarlanabilirlik<\/span><\/span><\/span><\/span><\/span><\/span><\/strong><\/h3>\n<ul>\n<li>\u0130\u00e7 ve d\u0131\u015f mekan kullan\u0131m\u0131na uygun olarak 110-260V AC veya 12V DC ile \u00e7al\u0131\u015f\u0131r.<\/li>\n<li>Kablosuz uzaktan kumanda veya uygulama ile h\u0131zl\u0131 ayarlama imkan\u0131.<\/li>\n<li>Spor salonlar\u0131nda veya spor sahalar\u0131nda esnek kullan\u0131m i\u00e7in duvarlara, tavanlara veya tripodlara kolayca monte edilebilir.<\/li>\n<\/ul>\n<h3><strong><span dir=\"auto\" style=\"vertical-align: inherit;\"><span dir=\"auto\" style=\"vertical-align: inherit;\"><span dir=\"auto\" style=\"vertical-align: inherit;\"><span dir=\"auto\" style=\"vertical-align: inherit;\"><span dir=\"auto\" style=\"vertical-align: inherit;\"><span dir=\"auto\" style=\"vertical-align: inherit;\">Kapsaml\u0131 destek<\/span><\/span><\/span><\/span><\/span><\/span><\/strong><\/h3>\n<ul>\n<li><em><strong>7 g\u00fcn 24 saat uzaktan teknik destek:<\/strong><\/em> \u0130htiya\u00e7 duydu\u011funuz her an profesyonel yard\u0131m al\u0131n. \u00d6zel destek ekibimiz, TEH Serisi Spor Salonu Kronometrenizin kesintisiz ve en y\u00fcksek performansta \u00e7al\u0131\u015fmas\u0131n\u0131 sa\u011flamak i\u00e7in 7\/24 hizmetinizdedir.<\/li>\n<li><em><strong>5% yedek par\u00e7alar\u0131 \u015funlar\u0131 i\u00e7erir:<\/strong><\/em> Her bir \u00fcnite, g\u00fcvenilirli\u011fi art\u0131rmak ve bak\u0131m i\u00e7in gereken ar\u0131za s\u00fcresini en aza indirmek amac\u0131yla ek bile\u015fenlerle birlikte gelir; bu da spor salonunuzun sorunsuz \u00e7al\u0131\u015fmas\u0131n\u0131 sa\u011flaman\u0131za yard\u0131mc\u0131 olur.<\/li>\n<li><strong><em>3 y\u0131ll\u0131k uzat\u0131lm\u0131\u015f garanti:<\/em><\/strong> Uzun s\u00fcreli koruma ve g\u00fcvenilir performans\u0131n keyfini \u00e7\u0131kar\u0131n; 3 y\u0131ll\u0131k uzat\u0131lm\u0131\u015f garantimiz size tam bir g\u00f6n\u00fcl rahatl\u0131\u011f\u0131 ve tutarl\u0131 hizmet kalitesi sunmak \u00fczere tasarlanm\u0131\u015ft\u0131r.<\/li>\n<\/ul>\n<h2><span dir=\"auto\" style=\"vertical-align: inherit;\"><span dir=\"auto\" style=\"vertical-align: inherit;\"><span dir=\"auto\" style=\"vertical-align: inherit;\"><span dir=\"auto\" style=\"vertical-align: inherit;\"><span dir=\"auto\" style=\"vertical-align: inherit;\"><span dir=\"auto\" style=\"vertical-align: inherit;\">\u00dcr\u00fcn detaylar\u0131<\/span><\/span><\/span><\/span><\/span><\/span><\/h2>\n<div class=\"row\"  id=\"row-1913751007\">\n\n\t<div id=\"col-1298834611\" class=\"col medium-10 small-12 large-10\"  >\n\t\t\t\t<div class=\"col-inner text-left\"  >\n\t\t\t\n\t\t\t\n<ul>\n<li>Bir <em><strong>TEH Serisi Spor Salonu Kronometresi<\/strong><\/em> Uzun vadeli faydalar sunarak g\u00fcvenli\u011fi, tutarl\u0131l\u0131\u011f\u0131 ve performans\u0131 art\u0131r\u0131r. Yeterli dinlenme aral\u0131klar\u0131 ve antrenmanlar s\u0131ras\u0131nda istikrarl\u0131 bir tempo sayesinde sakatlanmalar\u0131 \u00f6nlemeye yard\u0131mc\u0131 olur. Antren\u00f6rler ilerlemeyi kolayca izleyebilir, yo\u011funlu\u011fu ayarlayabilir ve verimli seanslar sa\u011flayabilir. Do\u011fru form ve tempoyu koruyarak m\u00fc\u015fterilerin hedeflerine daha h\u0131zl\u0131 ula\u015fmalar\u0131n\u0131 sa\u011flayarak uzun vadeli fiziksel ba\u015far\u0131ya ula\u015fmalar\u0131na yard\u0131mc\u0131 olur.<\/li>\n<\/ul>\n\t<div class=\"img has-hover x md-x lg-x y md-y lg-y\" id=\"image_1817884668\">\n\t\t\t\t\t\t\t\t<div class=\"img-inner dark\" >\n\t\t\t<img loading=\"lazy\" decoding=\"async\" width=\"800\" height=\"450\" src=\"https:\/\/www.telaled.com\/wp-content\/uploads\/2025\/10\/cronometro-academia7.webp\" class=\"attachment-large size-large\" alt=\"spor salonu kronometresi7\" srcset=\"https:\/\/www.telaled.com\/wp-content\/uploads\/2025\/10\/cronometro-academia7.webp 800w, https:\/\/www.telaled.com\/wp-content\/uploads\/2025\/10\/cronometro-academia7-300x169.webp 300w, https:\/\/www.telaled.com\/wp-content\/uploads\/2025\/10\/cronometro-academia7-768x432.webp 768w, https:\/\/www.telaled.com\/wp-content\/uploads\/2025\/10\/cronometro-academia7-18x10.webp 18w, https:\/\/www.telaled.com\/wp-content\/uploads\/2025\/10\/cronometro-academia7-600x338.webp 600w\" sizes=\"auto, (max-width: 800px) 100vw, 800px\" \/>\t\t\t\t\t\t\n\t\t\t\t\t<\/div>\n\t\t\t\t\t\t\t\t\n<style>\n#image_1817884668 {\n  width: 80%;\n}\n<\/style>\n\t<\/div>\n\t\n<ul>\n<li>Bir <em><strong>TEH Serisi Spor Salonu Kronometresi<\/strong><\/em> Bu \u00f6zellik, dinlenme ve egzersiz aral\u0131klar\u0131n\u0131 hassas bir \u015fekilde y\u00f6netmenize yard\u0131mc\u0131 olur. Kardiyo, kuvvet veya HIIT seanslar\u0131 s\u0131ras\u0131nda tutarl\u0131 bir tempo i\u00e7in birka\u00e7 dakikada bir sinyal g\u00f6nderecek \u015fekilde ayarlayabilirsiniz. \u00d6rne\u011fin, ko\u015fu band\u0131nda y\u00fcr\u00fcme ve ko\u015fma h\u0131zlar\u0131n\u0131 de\u011fi\u015ftirebilir veya sabit bisiklette h\u0131zl\u0131 ve yava\u015f aral\u0131klar aras\u0131nda ge\u00e7i\u015f yapabilirsiniz. Bu yap\u0131, g\u00fcvenli\u011fi art\u0131r\u0131r, yorgunlu\u011fu \u00f6nler ve her antrenmandan en iyi sonu\u00e7lar\u0131 alman\u0131z\u0131 sa\u011flar.<\/li>\n<\/ul>\n\t<div class=\"img has-hover x md-x lg-x y md-y lg-y\" id=\"image_1618469994\">\n\t\t\t\t\t\t\t\t<div class=\"img-inner dark\" >\n\t\t\t<img loading=\"lazy\" decoding=\"async\" width=\"500\" height=\"430\" src=\"https:\/\/www.telaled.com\/wp-content\/uploads\/2025\/10\/cronometro-academia8.webp\" class=\"attachment-original size-original\" alt=\"\" srcset=\"https:\/\/www.telaled.com\/wp-content\/uploads\/2025\/10\/cronometro-academia8.webp 500w, https:\/\/www.telaled.com\/wp-content\/uploads\/2025\/10\/cronometro-academia8-300x258.webp 300w, https:\/\/www.telaled.com\/wp-content\/uploads\/2025\/10\/cronometro-academia8-14x12.webp 14w\" sizes=\"auto, (max-width: 500px) 100vw, 500px\" \/>\t\t\t\t\t\t\n\t\t\t\t\t<\/div>\n\t\t\t\t\t\t\t\t\n<style>\n#image_1618469994 {\n  width: 80%;\n}\n<\/style>\n\t<\/div>\n\t\n<ul>\n<li>Entegre Bluetooth ba\u011flant\u0131s\u0131 ile zahmetsiz kontrol\u00fcn keyfini \u00e7\u0131kar\u0131n. Bizim <em><strong>TEH Serisi Spor Salonu Kronometresi<\/strong><\/em> Ak\u0131ll\u0131 telefonunuzla e\u015fle\u015ftirilebilen bu cihaz, antrenmanlar\u0131n\u0131z\u0131 do\u011frudan cihaz\u0131n\u0131zdan ba\u015flatman\u0131za, duraklatman\u0131za veya \u00f6zelle\u015ftirmenize olanak tan\u0131r. Performans\u0131n\u0131z\u0131 takip edin, ilerlemenizi kaydedin ve seanslar\u0131n\u0131z\u0131 ger\u00e7ek zamanl\u0131 olarak y\u00f6netin; t\u00fcm bunlar\u0131 en sevdi\u011finiz fitness uygulamalar\u0131 arac\u0131l\u0131\u011f\u0131yla yaparak daha ak\u0131ll\u0131 ve daha kullan\u0131\u015fl\u0131 bir antrenman deneyimi ya\u015fay\u0131n.<\/li>\n<\/ul>\n\t<div class=\"img has-hover x md-x lg-x y md-y lg-y\" id=\"image_1403351016\">\n\t\t\t\t\t\t\t\t<div class=\"img-inner dark\" >\n\t\t\t<img loading=\"lazy\" decoding=\"async\" width=\"1020\" height=\"421\" src=\"https:\/\/www.telaled.com\/wp-content\/uploads\/2025\/10\/cronometro-academia9.webp\" class=\"attachment-large size-large\" alt=\"\" srcset=\"https:\/\/www.telaled.com\/wp-content\/uploads\/2025\/10\/cronometro-academia9.webp 1024w, https:\/\/www.telaled.com\/wp-content\/uploads\/2025\/10\/cronometro-academia9-300x124.webp 300w, https:\/\/www.telaled.com\/wp-content\/uploads\/2025\/10\/cronometro-academia9-768x317.webp 768w, https:\/\/www.telaled.com\/wp-content\/uploads\/2025\/10\/cronometro-academia9-18x7.webp 18w, https:\/\/www.telaled.com\/wp-content\/uploads\/2025\/10\/cronometro-academia9-600x248.webp 600w\" sizes=\"auto, (max-width: 1020px) 100vw, 1020px\" \/>\t\t\t\t\t\t\n\t\t\t\t\t<\/div>\n\t\t\t\t\t\t\t\t\n<style>\n#image_1403351016 {\n  width: 80%;\n}\n<\/style>\n\t<\/div>\n\t\n<ul>\n<li>Bizim <em><strong>TEH Serisi Spor Salonu Kronometresi<\/strong><\/em> \u00dcr\u00fcnler, ta\u015f\u0131ma s\u0131ras\u0131nda korunmalar\u0131 i\u00e7in g\u00fc\u00e7lendirilmi\u015f ah\u015fap kasalara paketlenir. Her bir \u00fcnite, ha\u015ferelerden, darbelerden ve di\u011fer tehlikelerden kaynaklanan hasar\u0131 \u00f6nlemek i\u00e7in g\u00fcvenli bir \u015fekilde paketlenir. Bu, dayan\u0131kl\u0131l\u0131\u011f\u0131 ve g\u00fcvenli teslimat\u0131 sa\u011flar.<\/li>\n<\/ul>\n\t<div class=\"img has-hover x md-x lg-x y md-y lg-y\" id=\"image_776927762\">\n\t\t\t\t\t\t\t\t<div class=\"img-inner dark\" >\n\t\t\t<img loading=\"lazy\" decoding=\"async\" width=\"760\" height=\"1024\" src=\"https:\/\/www.telaled.com\/wp-content\/uploads\/2025\/08\/36123f2c-de60-488d-af81-255cd4aee54a-760x1024.webp\" class=\"attachment-large size-large\" alt=\"\" srcset=\"https:\/\/www.telaled.com\/wp-content\/uploads\/2025\/08\/36123f2c-de60-488d-af81-255cd4aee54a-760x1024.webp 760w, https:\/\/www.telaled.com\/wp-content\/uploads\/2025\/08\/36123f2c-de60-488d-af81-255cd4aee54a-223x300.webp 223w, https:\/\/www.telaled.com\/wp-content\/uploads\/2025\/08\/36123f2c-de60-488d-af81-255cd4aee54a-768x1035.webp 768w, https:\/\/www.telaled.com\/wp-content\/uploads\/2025\/08\/36123f2c-de60-488d-af81-255cd4aee54a-9x12.webp 9w, https:\/\/www.telaled.com\/wp-content\/uploads\/2025\/08\/36123f2c-de60-488d-af81-255cd4aee54a-600x808.webp 600w, https:\/\/www.telaled.com\/wp-content\/uploads\/2025\/08\/36123f2c-de60-488d-af81-255cd4aee54a.webp 795w\" sizes=\"auto, (max-width: 760px) 100vw, 760px\" \/>\t\t\t\t\t\t\n\t\t\t\t\t<\/div>\n\t\t\t\t\t\t\t\t\n<style>\n#image_776927762 {\n  width: 80%;\n}\n<\/style>\n\t<\/div>\n\t\n\n<table id=\"tablepress-100\" class=\"tablepress tablepress-id-100\">\n<thead>\n<tr class=\"row-1\">\n\t<th class=\"column-1\">Maksimum Haz\u0131rl\u0131k S\u00fcresi<\/th><th class=\"column-2\">24 Saat<\/th><th class=\"column-3\">Minimum Haz\u0131rl\u0131k S\u00fcresi<\/th><th class=\"column-4\">10 saniye<\/th>\n<\/tr>\n<\/thead>\n<tbody class=\"row-striping row-hover\">\n<tr class=\"row-2\">\n\t<td class=\"column-1\">Nominal Gerilim<\/td><td class=\"column-2\">220 V<\/td><td class=\"column-3\">Model Numaras\u0131<\/td><td class=\"column-4\">TEH Serisi<\/td>\n<\/tr>\n<tr class=\"row-3\">\n\t<td class=\"column-1\">\u0130\u015faret<\/td><td class=\"column-2\">LED Ekran<\/td><td class=\"column-3\">Men\u015fe yeri<\/td><td class=\"column-4\">Shenzhen, \u00c7in<\/td>\n<\/tr>\n<tr class=\"row-4\">\n\t<td class=\"column-1\">Kontrol<\/td><td class=\"column-2\">Uzaktan kumanda<\/td><td class=\"column-3\">Kaynak<\/td><td class=\"column-4\">Ta\u015f\u0131nabilir<\/td>\n<\/tr>\n<tr class=\"row-5\">\n\t<td class=\"column-1\">S\u0131kl\u0131k<\/td><td class=\"column-2\">50 Hz<\/td><td class=\"column-3\">Malzeme<\/td><td class=\"column-4\">Al\u00fcminyum Ala\u015f\u0131m\u0131<\/td>\n<\/tr>\n<tr class=\"row-6\">\n\t<td class=\"column-1\">Teori<\/td><td class=\"column-2\">Dijital<\/td><td class=\"column-3\">Tip<\/td><td class=\"column-4\">Geri Say\u0131m Sayac\u0131<\/td>\n<\/tr>\n<tr class=\"row-7\">\n\t<td class=\"column-1\">Ba\u015fvuru<\/td><td class=\"column-2\">\u00c7ok Fonksiyonlu<\/td><td class=\"column-3\">Operasyon<\/td><td class=\"column-4\">Uzaktan kumanda<\/td>\n<\/tr>\n<tr class=\"row-8\">\n\t<td class=\"column-1\">Karakter y\u00fcksekli\u011fi<\/td><td class=\"column-2\">4 in\u00e7<\/td><td class=\"column-3\">Yap\u0131<\/td><td class=\"column-4\">Al\u00fcminyum ala\u015f\u0131m\u0131<\/td>\n<\/tr>\n<tr class=\"row-9\">\n\t<td class=\"column-1\">\u00dcr\u00fcn ad\u0131<\/td><td class=\"column-2\">Spor Salonu Kronometresi<\/td><td class=\"column-3\">Sertifikasyon<\/td><td class=\"column-4\">CE, RoHS<\/td>\n<\/tr>\n<\/tbody>\n<\/table>\n<!-- #tablepress-100 from cache -->\n\t\t<\/div>\n\t\t\t\t\t<\/div>\n\n\t\n<\/div>\n\t\t<\/div>\n\t\t\t\t\t<\/div>\n\n\t\n<\/div>","protected":false},"excerpt":{"rendered":"<p><em><strong>Chronometro Academia Serisi TEH, tekrar yolunda kalmaya devam ediyor.<\/strong><\/em><\/p>\n<p>Bu <em><strong>Akademik Seri TEH Kronometre<\/strong><\/em> 24 saniyelik geri say\u0131m sayac\u0131 ve 40 metreye kadar g\u00f6r\u00fclebilen 5 in\u00e7lik k\u0131rm\u0131z\u0131 ve sar\u0131 LED saat ekran\u0131na sahiptir. Al\u00fcminyumdan yap\u0131lm\u0131\u015f olup 52 x 34 x 4 cm \u00f6l\u00e7\u00fclerindedir ve 110-260 V AC veya 12 V DC ile \u00e7al\u0131\u015f\u0131r, bu da onu i\u00e7 ve d\u0131\u015f mekanlarda kullan\u0131ma uygun hale getirir.<\/p>\n<ul>\n<li><strong>Y\u00fcksek G\u00f6r\u00fcn\u00fcrl\u00fckl\u00fc Ekran:<\/strong> Be\u015f in\u00e7 (12,7 cm) k\u0131rm\u0131z\u0131 ve sar\u0131 LED&#039;ler, 40 metreye kadar mesafelerde net ve g\u00f6z kama\u015ft\u0131rmayan bir g\u00f6r\u00fcnt\u00fc sa\u011flar.<\/li>\n<li><strong>G\u00fcvenilir Kablosuz Kumanda:<\/strong> Geri say\u0131m veya ileri say\u0131m fonksiyonlar\u0131n\u0131n hassas bir \u015fekilde ba\u015flat\u0131lmas\u0131, durdurulmas\u0131 ve s\u0131f\u0131rlanmas\u0131 i\u00e7in uzaktan kumanda ile birlikte gelir.<\/li>\n<li><strong>\u00c7ok Y\u00f6nl\u00fc Kurulum:<\/strong> Spor salonlar\u0131, e\u011fitim merkezleri ve spor sahalar\u0131nda esnek kullan\u0131m i\u00e7in duvara, tavana veya \u00fc\u00e7 ayakl\u0131 sehpaya monte edilebilme \u00f6zelli\u011fi sunar. <a href=\"https:\/\/www.telaled.com\/tr\/fabrica\/placar-eletronico-para-basquete-serie-tee\/\">basketbol<\/a>.<\/li>\n<\/ul>\n<p>7\/24 uzaktan destek ve 3 y\u0131l garanti sunuyoruz. Ki\u015fiselle\u015ftirilmi\u015f fiyat teklifi i\u00e7in bug\u00fcn bizimle ileti\u015fime ge\u00e7in.<\/p>","protected":false},"featured_media":4020,"template":"","meta":[],"product_brand":[],"product_cat":[41,48,44,46],"product_tag":[],"class_list":{"0":"post-3856","1":"product","2":"type-product","3":"status-publish","4":"has-post-thumbnail","6":"product_cat-modulo-painel-de-led","7":"product_cat-paineis-personalizados","8":"product_cat-painel-de-led-flexivel","9":"product_cat-painel-de-video","11":"first","12":"instock","13":"shipping-taxable","14":"product-type-simple"},"yoast_head":"<!-- This site is optimized with the Yoast SEO plugin v27.4 - https:\/\/yoast.com\/product\/yoast-seo-wordpress\/ -->\n<title>Cronometro Academia S\u00e9rie TEH para treinos mais inteligentes | Aumente os resultados do treinamento com cronometragem precisa | TELALED<\/title>\n<meta name=\"description\" content=\"Aprimore sua rotina de exerc\u00edcios. Explore os melhores recursos do Cronometro Academia S\u00e9rie TEH e dicas de especialistas para planejar treinos como um profissional.\" \/>\n<meta name=\"robots\" content=\"index, follow, max-snippet:-1, max-image-preview:large, max-video-preview:-1\" \/>\n<link rel=\"canonical\" href=\"https:\/\/www.telaled.com\/tr\/fabrica\/cronometro-academia-serie-teh\/\" \/>\n<meta property=\"og:locale\" content=\"tr_TR\" \/>\n<meta property=\"og:type\" content=\"article\" \/>\n<meta property=\"og:title\" content=\"Cronometro Academia S\u00e9rie TEH para treinos mais inteligentes | Aumente os resultados do treinamento com cronometragem precisa | TELALED\" \/>\n<meta property=\"og:description\" content=\"Aprimore sua rotina de exerc\u00edcios. Explore os melhores recursos do Cronometro Academia S\u00e9rie TEH e dicas de especialistas para planejar treinos como um profissional.\" \/>\n<meta property=\"og:url\" content=\"https:\/\/www.telaled.com\/tr\/fabrica\/cronometro-academia-serie-teh\/\" \/>\n<meta property=\"og:site_name\" content=\"TELALED\" \/>\n<meta property=\"article:modified_time\" content=\"2026-01-07T01:00:48+00:00\" \/>\n<meta property=\"og:image\" content=\"https:\/\/www.telaled.com\/wp-content\/uploads\/2025\/10\/cronometro-academianew.webp\" \/>\n\t<meta property=\"og:image:width\" content=\"500\" \/>\n\t<meta property=\"og:image:height\" content=\"500\" \/>\n\t<meta property=\"og:image:type\" content=\"image\/webp\" \/>\n<meta name=\"twitter:card\" content=\"summary_large_image\" \/>\n<meta name=\"twitter:label1\" content=\"Est. reading time\" \/>\n\t<meta name=\"twitter:data1\" content=\"4 dakika\" \/>\n<script type=\"application\/ld+json\" class=\"yoast-schema-graph\">{\"@context\":\"https:\\\/\\\/schema.org\",\"@graph\":[{\"@type\":\"WebPage\",\"@id\":\"https:\\\/\\\/www.telaled.com\\\/fabrica\\\/cronometro-academia-serie-teh\\\/\",\"url\":\"https:\\\/\\\/www.telaled.com\\\/fabrica\\\/cronometro-academia-serie-teh\\\/\",\"name\":\"Cronometro Academia S\u00e9rie TEH para treinos mais inteligentes | Aumente os resultados do treinamento com cronometragem precisa | TELALED\",\"isPartOf\":{\"@id\":\"https:\\\/\\\/www.telaled.com\\\/#website\"},\"primaryImageOfPage\":{\"@id\":\"https:\\\/\\\/www.telaled.com\\\/fabrica\\\/cronometro-academia-serie-teh\\\/#primaryimage\"},\"image\":{\"@id\":\"https:\\\/\\\/www.telaled.com\\\/fabrica\\\/cronometro-academia-serie-teh\\\/#primaryimage\"},\"thumbnailUrl\":\"https:\\\/\\\/www.telaled.com\\\/wp-content\\\/uploads\\\/2025\\\/10\\\/cronometro-academianew.webp\",\"datePublished\":\"2025-10-08T02:12:15+00:00\",\"dateModified\":\"2026-01-07T01:00:48+00:00\",\"description\":\"Aprimore sua rotina de exerc\u00edcios. Explore os melhores recursos do Cronometro Academia S\u00e9rie TEH e dicas de especialistas para planejar treinos como um profissional.\",\"breadcrumb\":{\"@id\":\"https:\\\/\\\/www.telaled.com\\\/fabrica\\\/cronometro-academia-serie-teh\\\/#breadcrumb\"},\"inLanguage\":\"tr\",\"potentialAction\":[{\"@type\":\"ReadAction\",\"target\":[\"https:\\\/\\\/www.telaled.com\\\/fabrica\\\/cronometro-academia-serie-teh\\\/\"]}]},{\"@type\":\"ImageObject\",\"inLanguage\":\"tr\",\"@id\":\"https:\\\/\\\/www.telaled.com\\\/fabrica\\\/cronometro-academia-serie-teh\\\/#primaryimage\",\"url\":\"https:\\\/\\\/www.telaled.com\\\/wp-content\\\/uploads\\\/2025\\\/10\\\/cronometro-academianew.webp\",\"contentUrl\":\"https:\\\/\\\/www.telaled.com\\\/wp-content\\\/uploads\\\/2025\\\/10\\\/cronometro-academianew.webp\",\"width\":500,\"height\":500,\"caption\":\"cronometro-academianew\"},{\"@type\":\"BreadcrumbList\",\"@id\":\"https:\\\/\\\/www.telaled.com\\\/fabrica\\\/cronometro-academia-serie-teh\\\/#breadcrumb\",\"itemListElement\":[{\"@type\":\"ListItem\",\"position\":1,\"name\":\"Home\",\"item\":\"https:\\\/\\\/www.telaled.com\\\/\"},{\"@type\":\"ListItem\",\"position\":2,\"name\":\"Produtos\",\"item\":\"https:\\\/\\\/www.telaled.com\\\/shop\\\/\"},{\"@type\":\"ListItem\",\"position\":3,\"name\":\"Cronometro Academia S\u00e9rie TEH\"}]},{\"@type\":\"WebSite\",\"@id\":\"https:\\\/\\\/www.telaled.com\\\/#website\",\"url\":\"https:\\\/\\\/www.telaled.com\\\/\",\"name\":\"TELALED\",\"description\":\"\",\"potentialAction\":[{\"@type\":\"SearchAction\",\"target\":{\"@type\":\"EntryPoint\",\"urlTemplate\":\"https:\\\/\\\/www.telaled.com\\\/?s={search_term_string}\"},\"query-input\":{\"@type\":\"PropertyValueSpecification\",\"valueRequired\":true,\"valueName\":\"search_term_string\"}}],\"inLanguage\":\"tr\"}]}<\/script>\n<!-- \/ Yoast SEO plugin. -->","yoast_head_json":{"title":"TEH Serisi Spor Salonu Kronometresi ile Daha Ak\u0131ll\u0131 Antrenmanlar | Hassas Zamanlama ile Antrenman Sonu\u00e7lar\u0131n\u0131z\u0131 Art\u0131r\u0131n | LED Ekran","description":"Antrenman rutininizi geli\u015ftirin. TEH Serisi Spor Salonu Kronometresinin en iyi \u00f6zelliklerini ve profesyoneller gibi antrenman planlaman\u0131za yard\u0131mc\u0131 olacak uzman ipu\u00e7lar\u0131n\u0131 ke\u015ffedin.","robots":{"index":"index","follow":"follow","max-snippet":"max-snippet:-1","max-image-preview":"max-image-preview:large","max-video-preview":"max-video-preview:-1"},"canonical":"https:\/\/www.telaled.com\/tr\/fabrica\/cronometro-academia-serie-teh\/","og_locale":"tr_TR","og_type":"article","og_title":"Cronometro Academia S\u00e9rie TEH para treinos mais inteligentes | Aumente os resultados do treinamento com cronometragem precisa | TELALED","og_description":"Aprimore sua rotina de exerc\u00edcios. Explore os melhores recursos do Cronometro Academia S\u00e9rie TEH e dicas de especialistas para planejar treinos como um profissional.","og_url":"https:\/\/www.telaled.com\/tr\/fabrica\/cronometro-academia-serie-teh\/","og_site_name":"TELALED","article_modified_time":"2026-01-07T01:00:48+00:00","og_image":[{"width":500,"height":500,"url":"https:\/\/www.telaled.com\/wp-content\/uploads\/2025\/10\/cronometro-academianew.webp","type":"image\/webp"}],"twitter_card":"summary_large_image","twitter_misc":{"Est. reading time":"4 dakika"},"schema":{"@context":"https:\/\/schema.org","@graph":[{"@type":"WebPage","@id":"https:\/\/www.telaled.com\/fabrica\/cronometro-academia-serie-teh\/","url":"https:\/\/www.telaled.com\/fabrica\/cronometro-academia-serie-teh\/","name":"TEH Serisi Spor Salonu Kronometresi ile Daha Ak\u0131ll\u0131 Antrenmanlar | Hassas Zamanlama ile Antrenman Sonu\u00e7lar\u0131n\u0131z\u0131 Art\u0131r\u0131n | LED Ekran","isPartOf":{"@id":"https:\/\/www.telaled.com\/#website"},"primaryImageOfPage":{"@id":"https:\/\/www.telaled.com\/fabrica\/cronometro-academia-serie-teh\/#primaryimage"},"image":{"@id":"https:\/\/www.telaled.com\/fabrica\/cronometro-academia-serie-teh\/#primaryimage"},"thumbnailUrl":"https:\/\/www.telaled.com\/wp-content\/uploads\/2025\/10\/cronometro-academianew.webp","datePublished":"2025-10-08T02:12:15+00:00","dateModified":"2026-01-07T01:00:48+00:00","description":"Antrenman rutininizi geli\u015ftirin. TEH Serisi Spor Salonu Kronometresinin en iyi \u00f6zelliklerini ve profesyoneller gibi antrenman planlaman\u0131za yard\u0131mc\u0131 olacak uzman ipu\u00e7lar\u0131n\u0131 ke\u015ffedin.","breadcrumb":{"@id":"https:\/\/www.telaled.com\/fabrica\/cronometro-academia-serie-teh\/#breadcrumb"},"inLanguage":"tr","potentialAction":[{"@type":"ReadAction","target":["https:\/\/www.telaled.com\/fabrica\/cronometro-academia-serie-teh\/"]}]},{"@type":"ImageObject","inLanguage":"tr","@id":"https:\/\/www.telaled.com\/fabrica\/cronometro-academia-serie-teh\/#primaryimage","url":"https:\/\/www.telaled.com\/wp-content\/uploads\/2025\/10\/cronometro-academianew.webp","contentUrl":"https:\/\/www.telaled.com\/wp-content\/uploads\/2025\/10\/cronometro-academianew.webp","width":500,"height":500,"caption":"cronometro-academianew"},{"@type":"BreadcrumbList","@id":"https:\/\/www.telaled.com\/fabrica\/cronometro-academia-serie-teh\/#breadcrumb","itemListElement":[{"@type":"ListItem","position":1,"name":"Home","item":"https:\/\/www.telaled.com\/"},{"@type":"ListItem","position":2,"name":"Produtos","item":"https:\/\/www.telaled.com\/shop\/"},{"@type":"ListItem","position":3,"name":"Cronometro Academia S\u00e9rie TEH"}]},{"@type":"WebSite","@id":"https:\/\/www.telaled.com\/#website","url":"https:\/\/www.telaled.com\/","name":"LED Ekran","description":"","potentialAction":[{"@type":"SearchAction","target":{"@type":"EntryPoint","urlTemplate":"https:\/\/www.telaled.com\/?s={search_term_string}"},"query-input":{"@type":"PropertyValueSpecification","valueRequired":true,"valueName":"search_term_string"}}],"inLanguage":"tr"}]}},"_links":{"self":[{"href":"https:\/\/www.telaled.com\/tr\/wp-json\/wp\/v2\/product\/3856","targetHints":{"allow":["GET"]}}],"collection":[{"href":"https:\/\/www.telaled.com\/tr\/wp-json\/wp\/v2\/product"}],"about":[{"href":"https:\/\/www.telaled.com\/tr\/wp-json\/wp\/v2\/types\/product"}],"wp:featuredmedia":[{"embeddable":true,"href":"https:\/\/www.telaled.com\/tr\/wp-json\/wp\/v2\/media\/4020"}],"wp:attachment":[{"href":"https:\/\/www.telaled.com\/tr\/wp-json\/wp\/v2\/media?parent=3856"}],"wp:term":[{"taxonomy":"product_brand","embeddable":true,"href":"https:\/\/www.telaled.com\/tr\/wp-json\/wp\/v2\/product_brand?post=3856"},{"taxonomy":"product_cat","embeddable":true,"href":"https:\/\/www.telaled.com\/tr\/wp-json\/wp\/v2\/product_cat?post=3856"},{"taxonomy":"product_tag","embeddable":true,"href":"https:\/\/www.telaled.com\/tr\/wp-json\/wp\/v2\/product_tag?post=3856"}],"curies":[{"name":"wp","href":"https:\/\/api.w.org\/{rel}","templated":true}]}}