{"id":3843,"date":"2025-10-07T12:59:53","date_gmt":"2025-10-07T12:59:53","guid":{"rendered":"https:\/\/www.telaled.com\/?post_type=product&#038;p=3843"},"modified":"2026-01-07T02:11:30","modified_gmt":"2026-01-07T02:11:30","slug":"bus-led-display-serie-tcs","status":"publish","type":"product","link":"https:\/\/www.telaled.com\/tr\/fabrica\/bus-led-display-serie-tcs\/","title":{"rendered":"TCS Serisi LED Otob\u00fcs Ekran\u0131"},"content":{"rendered":"<div class=\"row\"  id=\"row-1976132963\">\n\n\t<div id=\"col-819020274\" class=\"col small-12 large-12\"  >\n\t\t\t\t<div class=\"col-inner\"  >\n\t\t\t\n\t\t\t\n<h2><strong>TCS Serisi LED Otob\u00fcs Ekran\u0131n\u0131n \u00d6zel Avantajlar\u0131<\/strong><\/h2>\n<h3><strong>Dayan\u0131kl\u0131 D\u0131\u015f Tasar\u0131m<\/strong><\/h3>\n<ul>\n<li>Uzun s\u00fcreli d\u0131\u015f mekan kullan\u0131m\u0131 i\u00e7in su ge\u00e7irmez ve toz ge\u00e7irmez bir kasa ile \u00fcretilmi\u015ftir.<\/li>\n<li>Seyahat s\u0131ras\u0131nda titre\u015fimlere ve s\u0131cakl\u0131k de\u011fi\u015fimlerine kar\u015f\u0131 dayan\u0131kl\u0131d\u0131r.<\/li>\n<li>Her t\u00fcrl\u00fc hava ko\u015fulunda tutarl\u0131 performans sa\u011flar.<\/li>\n<\/ul>\n<h3><strong>Geli\u015fmi\u015f Kontrol Sistemi<\/strong><\/h3>\n<ul>\n<li>GPS ve kablosuz g\u00fcncellemeleri destekleyerek otomatik rota g\u00f6r\u00fcnt\u00fcleme olana\u011f\u0131 sunar.<\/li>\n<li>Filo senkronizasyonu i\u00e7in uzaktan i\u00e7erik y\u00f6netimini m\u00fcmk\u00fcn k\u0131lar.<\/li>\n<li>Kolay entegrasyon i\u00e7in \u00e7e\u015fitli veri giri\u015f formatlar\u0131yla uyumludur.<\/li>\n<\/ul>\n<h3><strong>Y\u00fcksek Parlakl\u0131k ve Netlik<\/strong><\/h3>\n<ul>\n<li>Her t\u00fcrl\u00fc ayd\u0131nlatma ko\u015fulunda net g\u00f6r\u00fcn\u00fcrl\u00fck i\u00e7in y\u00fcksek kaliteli LED mod\u00fclleri kullan\u0131r.<\/li>\n<li>Ayarlanabilir parlakl\u0131k hem g\u00fcnd\u00fcz hem de gece ortamlar\u0131na uyum sa\u011flar.<\/li>\n<li>Net metin ve ak\u0131c\u0131 kayd\u0131rma, yolcular\u0131n metni daha iyi okumas\u0131n\u0131 sa\u011flar.<\/li>\n<\/ul>\n<h3><strong>Esnek Kurulum Se\u00e7enekleri<\/strong><\/h3>\n<ul>\n<li>Otob\u00fcs\u00fcn \u00f6n, arka veya yan taraflar\u0131na monte edilebilir.<\/li>\n<li>Kompakt tasar\u0131m, farkl\u0131 ara\u00e7 modellerine ve yerle\u015fimlerine uyum sa\u011flar.<\/li>\n<li>Basit kurulum ve bak\u0131m s\u00fcreci, ar\u0131za s\u00fcrelerini azaltt\u0131.<\/li>\n<\/ul>\n<h2>\u00dcr\u00fcn detaylar\u0131<\/h2>\n<div class=\"row\"  id=\"row-528770103\">\n\n\t<div id=\"col-1557799690\" class=\"col medium-10 small-12 large-10\"  >\n\t\t\t\t<div class=\"col-inner text-left\"  >\n\t\t\t\n\t\t\t\n<ul>\n<li style=\"font-weight: 400;\" aria-level=\"1\"><strong>Uzun kullan\u0131m \u00f6mr\u00fc ve ak\u0131ll\u0131 entegrasyon.<\/strong> \u2013 Y\u00fcksek kaliteli LED nokta matris mod\u00fclleriyle \u00fcretilmi\u015ftir, <strong>TCS Serisi LED Otob\u00fcs Ekran\u0131<\/strong> 100.000 saate kadar kullan\u0131m \u00f6mr\u00fc sunar. Harici bilgileri g\u00f6r\u00fcnt\u00fclemek ve hatta daha fazla i\u015flevsellik i\u00e7in ticari veya kamu hizmeti duyurular\u0131 eklemek \u00fczere ak\u0131ll\u0131 bir sevk sistemine ba\u011flanabilir.<\/li>\n<\/ul>\n\t<div class=\"img has-hover x md-x lg-x y md-y lg-y\" id=\"image_809648453\">\n\t\t\t\t\t\t\t\t<div class=\"img-inner dark\" >\n\t\t\t<img loading=\"lazy\" decoding=\"async\" width=\"500\" height=\"500\" src=\"https:\/\/www.telaled.com\/wp-content\/uploads\/2025\/10\/Frente-Bus-LED-Display.webp\" class=\"attachment-large size-large\" alt=\"Otob\u00fcs \u00d6n LED Ekran\u0131\" srcset=\"https:\/\/www.telaled.com\/wp-content\/uploads\/2025\/10\/Frente-Bus-LED-Display.webp 500w, https:\/\/www.telaled.com\/wp-content\/uploads\/2025\/10\/Frente-Bus-LED-Display-300x300.webp 300w, https:\/\/www.telaled.com\/wp-content\/uploads\/2025\/10\/Frente-Bus-LED-Display-150x150.webp 150w, https:\/\/www.telaled.com\/wp-content\/uploads\/2025\/10\/Frente-Bus-LED-Display-12x12.webp 12w, https:\/\/www.telaled.com\/wp-content\/uploads\/2025\/10\/Frente-Bus-LED-Display-100x100.webp 100w\" sizes=\"auto, (max-width: 500px) 100vw, 500px\" \/>\t\t\t\t\t\t\n\t\t\t\t\t<\/div>\n\t\t\t\t\t\t\t\t\n<style>\n#image_809648453 {\n  width: 80%;\n}\n<\/style>\n\t<\/div>\n\t\n<ul>\n<li><strong>Ger\u00e7ek Zamanl\u0131 Rota G\u00f6r\u00fcnt\u00fcleme<\/strong> Sistem, otob\u00fcs hatlar\u0131n\u0131, g\u00fczergah adlar\u0131n\u0131 ve var\u0131\u015f noktas\u0131 bilgilerini net bir \u015fekilde g\u00f6sterir. Arac\u0131n entegre kontrol sistemiyle ger\u00e7ek zamanl\u0131 olarak ba\u011flant\u0131 kurar ve uzaktan g\u00fcncellemeleri destekleyerek, hareket halindeyken bilgilere an\u0131nda de\u011fi\u015fiklik yap\u0131lmas\u0131na olanak tan\u0131r.<\/li>\n<\/ul>\n\t<div class=\"img has-hover x md-x lg-x y md-y lg-y\" id=\"image_2012182101\">\n\t\t\t\t\t\t\t\t<div class=\"img-inner dark\" >\n\t\t\t<img loading=\"lazy\" decoding=\"async\" width=\"2000\" height=\"1333\" src=\"https:\/\/www.telaled.com\/wp-content\/uploads\/2025\/10\/Bus-LED-Display-Details.webp\" class=\"attachment-original size-original\" alt=\"\" srcset=\"https:\/\/www.telaled.com\/wp-content\/uploads\/2025\/10\/Bus-LED-Display-Details.webp 2000w, https:\/\/www.telaled.com\/wp-content\/uploads\/2025\/10\/Bus-LED-Display-Details-300x200.webp 300w, https:\/\/www.telaled.com\/wp-content\/uploads\/2025\/10\/Bus-LED-Display-Details-1024x682.webp 1024w, https:\/\/www.telaled.com\/wp-content\/uploads\/2025\/10\/Bus-LED-Display-Details-768x512.webp 768w, https:\/\/www.telaled.com\/wp-content\/uploads\/2025\/10\/Bus-LED-Display-Details-1536x1024.webp 1536w, https:\/\/www.telaled.com\/wp-content\/uploads\/2025\/10\/Bus-LED-Display-Details-18x12.webp 18w, https:\/\/www.telaled.com\/wp-content\/uploads\/2025\/10\/Bus-LED-Display-Details-600x400.webp 600w\" sizes=\"auto, (max-width: 2000px) 100vw, 2000px\" \/>\t\t\t\t\t\t\n\t\t\t\t\t<\/div>\n\t\t\t\t\t\t\t\t\n<style>\n#image_2012182101 {\n  width: 80%;\n}\n<\/style>\n\t<\/div>\n\t\n<ul>\n<li><strong>Y\u00fcksek \u00c7\u00f6z\u00fcn\u00fcrl\u00fckl\u00fc Ekran<\/strong> 144\u00d716 piksel \u00e7\u00f6z\u00fcn\u00fcrl\u00fc\u011f\u00fc ve 684\u00d776 mm ekran alan\u0131yla, ekran net, kolay okunabilir metinlerin yan\u0131 s\u0131ra ak\u0131c\u0131 kayd\u0131rma efektleri sunar. Parlak LED \u00e7\u0131k\u0131\u015f\u0131, do\u011frudan g\u00fcne\u015f \u0131\u015f\u0131\u011f\u0131nda bile g\u00f6r\u00fcn\u00fcrl\u00fc\u011f\u00fc sa\u011flayarak yolcular i\u00e7in okunabilirli\u011fi art\u0131r\u0131r.<\/li>\n<\/ul>\n\t<div class=\"img has-hover x md-x lg-x y md-y lg-y\" id=\"image_844867642\">\n\t\t\t\t\t\t\t\t<div class=\"img-inner dark\" >\n\t\t\t<img loading=\"lazy\" decoding=\"async\" width=\"500\" height=\"500\" src=\"https:\/\/www.telaled.com\/wp-content\/uploads\/2025\/10\/Bus-LED-Display-Details-3.webp\" class=\"attachment-large size-large\" alt=\"\" srcset=\"https:\/\/www.telaled.com\/wp-content\/uploads\/2025\/10\/Bus-LED-Display-Details-3.webp 500w, https:\/\/www.telaled.com\/wp-content\/uploads\/2025\/10\/Bus-LED-Display-Details-3-300x300.webp 300w, https:\/\/www.telaled.com\/wp-content\/uploads\/2025\/10\/Bus-LED-Display-Details-3-150x150.webp 150w, https:\/\/www.telaled.com\/wp-content\/uploads\/2025\/10\/Bus-LED-Display-Details-3-12x12.webp 12w, https:\/\/www.telaled.com\/wp-content\/uploads\/2025\/10\/Bus-LED-Display-Details-3-100x100.webp 100w\" sizes=\"auto, (max-width: 500px) 100vw, 500px\" \/>\t\t\t\t\t\t\n\t\t\t\t\t<\/div>\n\t\t\t\t\t\t\t\t\n<style>\n#image_844867642 {\n  width: 80%;\n}\n<\/style>\n\t<\/div>\n\t\n<ul>\n<li><strong>Geni\u015f Voltaj Uyumlulu\u011fu<\/strong> 9 ile 36 V aras\u0131nda \u00e7al\u0131\u015fan ve tipik g\u00fc\u00e7 t\u00fcketimi 20 W&#039;\u0131n alt\u0131nda olan bu cihaz, <strong>TCS Serisi LED Otob\u00fcs Ekran\u0131<\/strong> Minimum enerji t\u00fcketimiyle istikrarl\u0131 performans sunar. Bu verimlilik, \u00e7e\u015fitli sat\u0131n al\u0131m t\u00fcrleri i\u00e7in ideal olmas\u0131n\u0131 sa\u011flarken, a\u015f\u0131r\u0131 i\u015fletme maliyetlerinin azalt\u0131lmas\u0131na da yard\u0131mc\u0131 olur.<\/li>\n<\/ul>\n\t<div class=\"img has-hover x md-x lg-x y md-y lg-y\" id=\"image_1144538086\">\n\t\t\t\t\t\t\t\t<div class=\"img-inner dark\" >\n\t\t\t<img loading=\"lazy\" decoding=\"async\" width=\"500\" height=\"500\" src=\"https:\/\/www.telaled.com\/wp-content\/uploads\/2025\/10\/Bus-LED-Display-1-1.webp\" class=\"attachment-large size-large\" alt=\"Otob\u00fcs LED Ekran\u0131\" srcset=\"https:\/\/www.telaled.com\/wp-content\/uploads\/2025\/10\/Bus-LED-Display-1-1.webp 500w, https:\/\/www.telaled.com\/wp-content\/uploads\/2025\/10\/Bus-LED-Display-1-1-300x300.webp 300w, https:\/\/www.telaled.com\/wp-content\/uploads\/2025\/10\/Bus-LED-Display-1-1-150x150.webp 150w, https:\/\/www.telaled.com\/wp-content\/uploads\/2025\/10\/Bus-LED-Display-1-1-12x12.webp 12w, https:\/\/www.telaled.com\/wp-content\/uploads\/2025\/10\/Bus-LED-Display-1-1-100x100.webp 100w\" sizes=\"auto, (max-width: 500px) 100vw, 500px\" \/>\t\t\t\t\t\t\n\t\t\t\t\t<\/div>\n\t\t\t\t\t\t\t\t\n<style>\n#image_1144538086 {\n  width: 80%;\n}\n<\/style>\n\t<\/div>\n\t\n<ul>\n<li>O <strong>TCS Serisi LED Otob\u00fcs Ekran\u0131<\/strong> Kolay ta\u015f\u0131ma i\u00e7in sa\u011flam, g\u00fc\u00e7lendirilmi\u015f ah\u015fap kasalarda paketlenmi\u015ftir. Her bir \u00fcnite, darbelere veya ha\u015ferelerin neden oldu\u011fu hasara kar\u015f\u0131 s\u0131k\u0131ca sabitlenmi\u015ftir; b\u00f6ylece size m\u00fckemmel durumda ve kuruluma haz\u0131r olarak ula\u015fmas\u0131 sa\u011flan\u0131r.<\/li>\n<\/ul>\n\t<div class=\"img has-hover x md-x lg-x y md-y lg-y\" id=\"image_505377899\">\n\t\t\t\t\t\t\t\t<div class=\"img-inner dark\" >\n\t\t\t<img loading=\"lazy\" decoding=\"async\" width=\"760\" height=\"1024\" src=\"https:\/\/www.telaled.com\/wp-content\/uploads\/2025\/08\/36123f2c-de60-488d-af81-255cd4aee54a-760x1024.webp\" class=\"attachment-large size-large\" alt=\"\" srcset=\"https:\/\/www.telaled.com\/wp-content\/uploads\/2025\/08\/36123f2c-de60-488d-af81-255cd4aee54a-760x1024.webp 760w, https:\/\/www.telaled.com\/wp-content\/uploads\/2025\/08\/36123f2c-de60-488d-af81-255cd4aee54a-223x300.webp 223w, https:\/\/www.telaled.com\/wp-content\/uploads\/2025\/08\/36123f2c-de60-488d-af81-255cd4aee54a-768x1035.webp 768w, https:\/\/www.telaled.com\/wp-content\/uploads\/2025\/08\/36123f2c-de60-488d-af81-255cd4aee54a-9x12.webp 9w, https:\/\/www.telaled.com\/wp-content\/uploads\/2025\/08\/36123f2c-de60-488d-af81-255cd4aee54a-600x808.webp 600w, https:\/\/www.telaled.com\/wp-content\/uploads\/2025\/08\/36123f2c-de60-488d-af81-255cd4aee54a.webp 795w\" sizes=\"auto, (max-width: 760px) 100vw, 760px\" \/>\t\t\t\t\t\t\n\t\t\t\t\t<\/div>\n\t\t\t\t\t\t\t\t\n<style>\n#image_505377899 {\n  width: 80%;\n}\n<\/style>\n\t<\/div>\n\t\n\n<table id=\"tablepress-98\" class=\"tablepress tablepress-id-98\">\n<thead>\n<tr class=\"row-1\">\n\t<th colspan=\"4\" class=\"column-1\">Ana \u00d6zellikler<\/th>\n<\/tr>\n<\/thead>\n<tbody class=\"row-striping row-hover\">\n<tr class=\"row-2\">\n\t<td class=\"column-1\">\u0130\u015flev<\/td><td class=\"column-2\">Otob\u00fcs LED Ekran\u0131<\/td><td class=\"column-3\">G\u00f6r\u00fcnt\u00fcleme fonksiyonu<\/td><td class=\"column-4\">Kelimeler<\/td>\n<\/tr>\n<tr class=\"row-3\">\n\t<td class=\"column-1\">Garanti<\/td><td class=\"column-2\">1 y\u0131l<\/td><td class=\"column-3\">Malzeme<\/td><td class=\"column-4\">PCB + LED&#039;ler<\/td>\n<\/tr>\n<tr class=\"row-4\">\n\t<td class=\"column-1\">\u00c7\u00f6z\u00fcn\u00fcrl\u00fck<\/td><td class=\"column-2\">16 puan<\/td><td class=\"column-3\">G\u00fc\u00e7 kayna\u011f\u0131<\/td><td class=\"column-4\">12 V DC<\/td>\n<\/tr>\n<tr class=\"row-5\">\n\t<td class=\"column-1\">Gerilim<\/td><td class=\"column-2\">9-36V<\/td><td class=\"column-3\">Optik a\u00e7\u0131<\/td><td class=\"column-4\">Yatay 75-95\u00b0, Dikey 40\u00b0<\/td>\n<\/tr>\n<tr class=\"row-6\">\n\t<td class=\"column-1\">Kolloidal renk<\/td><td class=\"column-2\">K\u0131rm\u0131z\u0131, sis benzeri sa\u00e7\u0131lma<\/td><td class=\"column-3\">Panel boyutu<\/td><td class=\"column-4\">1194 mm * 206 mm * 45 mm<\/td>\n<\/tr>\n<\/tbody>\n<\/table>\n<!-- #tablepress-98 from cache -->\n\t\t<\/div>\n\t\t\t\t\t<\/div>\n\n\t\n<\/div>\n\t\t<\/div>\n\t\t\t\t\t<\/div>\n\n\t\n<\/div>","protected":false},"excerpt":{"rendered":"<p><strong>Otob\u00fcs LED Ekran\u0131 \u2013 Modern Ula\u015f\u0131m \u0130\u00e7in Daha Ak\u0131ll\u0131 Tabela Sistemi<\/strong><\/p>\n<p>O <em><strong>TCS Serisi LED Otob\u00fcs Ekran\u0131<\/strong><\/em> Toplu ta\u015f\u0131maya netlik ve ileti\u015fim getiriyor. Otob\u00fcsler ve ara\u00e7 filolar\u0131 i\u00e7in geli\u015ftirilen bu sistem, g\u00fczergahlar\u0131, duraklar\u0131 ve mesajlar\u0131 canl\u0131 LED ekranlarda g\u00f6stererek yolcu deneyimini ve yoldaki operasyonel verimlili\u011fi art\u0131r\u0131yor.<\/p>\n<p><strong>Ba\u015fl\u0131ca faydalar\u0131:<\/strong><\/p>\n<ul>\n<li><strong>Ger\u00e7ek zamanl\u0131 bilgi<\/strong> \u2013 G\u00fczergahlar\u0131, var\u0131\u015f noktalar\u0131n\u0131 veya hizmet mesajlar\u0131n\u0131 an\u0131nda g\u00f6r\u00fcnt\u00fcleyin.<\/li>\n<li><strong>Enerji verimlili\u011fi<\/strong> - D\u00fc\u015f\u00fck <a href=\"https:\/\/www.telaled.com\/tr\/fabrica\/placar-eletronico-esportivo-serie-tea\/\">enerji t\u00fcketimi<\/a> Ekonomik ve uzun vadeli i\u015fletme i\u00e7in.<\/li>\n<li><strong>Y\u00fcksek g\u00f6r\u00fcn\u00fcrl\u00fck<\/strong> Parlak LED&#039;ler, g\u00fcn \u0131\u015f\u0131\u011f\u0131nda veya lo\u015f \u0131\u015f\u0131kta bile net bir g\u00f6r\u00fcnt\u00fc sa\u011flar.<\/li>\n<li><strong>\u00d6zelle\u015ftirilebilir mesajlar<\/strong> Esnek planlama ile metinleri, g\u00fczergahlar\u0131 veya duyurular\u0131 kolayca g\u00fcncelleyin.<\/li>\n<\/ul>\n<p><span style=\"font-weight: 400;\">Ekibimiz 7\/24 uzaktan destek ve 3 y\u0131l garanti sunmaktad\u0131r. Ki\u015fiselle\u015ftirilmi\u015f fiyat teklifi i\u00e7in bug\u00fcn bizimle ileti\u015fime ge\u00e7in.<\/span><\/p>","protected":false},"featured_media":3849,"template":"","meta":[],"product_brand":[],"product_cat":[48,40,44,46],"product_tag":[],"class_list":{"0":"post-3843","1":"product","2":"type-product","3":"status-publish","4":"has-post-thumbnail","6":"product_cat-paineis-personalizados","7":"product_cat-painel-de-led","8":"product_cat-painel-de-led-flexivel","9":"product_cat-painel-de-video","11":"first","12":"instock","13":"shipping-taxable","14":"product-type-simple"},"yoast_head":"<!-- This site is optimized with the Yoast SEO plugin v27.4 - https:\/\/yoast.com\/product\/yoast-seo-wordpress\/ -->\n<title>Bus LED Display S\u00e9rie TCS | TELALED<\/title>\n<meta name=\"description\" content=\"Bus LED Display sinaliza\u00e7\u00e3o clara e din\u00e2mica para transporte p\u00fablico. Projetado para atualiza\u00e7\u00f5es de rotas, publicidade e informa\u00e7\u00f5es em tempo real.\" \/>\n<meta name=\"robots\" content=\"index, follow, max-snippet:-1, max-image-preview:large, max-video-preview:-1\" \/>\n<link rel=\"canonical\" href=\"https:\/\/www.telaled.com\/tr\/fabrica\/bus-led-display-serie-tcs\/\" \/>\n<meta property=\"og:locale\" content=\"tr_TR\" \/>\n<meta property=\"og:type\" content=\"article\" \/>\n<meta property=\"og:title\" content=\"Bus LED Display S\u00e9rie TCS | TELALED\" \/>\n<meta property=\"og:description\" content=\"Bus LED Display sinaliza\u00e7\u00e3o clara e din\u00e2mica para transporte p\u00fablico. Projetado para atualiza\u00e7\u00f5es de rotas, publicidade e informa\u00e7\u00f5es em tempo real.\" \/>\n<meta property=\"og:url\" content=\"https:\/\/www.telaled.com\/tr\/fabrica\/bus-led-display-serie-tcs\/\" \/>\n<meta property=\"og:site_name\" content=\"TELALED\" \/>\n<meta property=\"article:modified_time\" content=\"2026-01-07T02:11:30+00:00\" \/>\n<meta property=\"og:image\" content=\"https:\/\/www.telaled.com\/wp-content\/uploads\/2025\/10\/Bus-LED-Display-3.webp\" \/>\n\t<meta property=\"og:image:width\" content=\"500\" \/>\n\t<meta property=\"og:image:height\" content=\"500\" \/>\n\t<meta property=\"og:image:type\" content=\"image\/webp\" \/>\n<meta name=\"twitter:card\" content=\"summary_large_image\" \/>\n<meta name=\"twitter:label1\" content=\"Est. reading time\" \/>\n\t<meta name=\"twitter:data1\" content=\"3 dakika\" \/>\n<script type=\"application\/ld+json\" class=\"yoast-schema-graph\">{\"@context\":\"https:\\\/\\\/schema.org\",\"@graph\":[{\"@type\":\"WebPage\",\"@id\":\"https:\\\/\\\/www.telaled.com\\\/fabrica\\\/bus-led-display-serie-tcs\\\/\",\"url\":\"https:\\\/\\\/www.telaled.com\\\/fabrica\\\/bus-led-display-serie-tcs\\\/\",\"name\":\"Bus LED Display S\u00e9rie TCS | TELALED\",\"isPartOf\":{\"@id\":\"https:\\\/\\\/www.telaled.com\\\/#website\"},\"primaryImageOfPage\":{\"@id\":\"https:\\\/\\\/www.telaled.com\\\/fabrica\\\/bus-led-display-serie-tcs\\\/#primaryimage\"},\"image\":{\"@id\":\"https:\\\/\\\/www.telaled.com\\\/fabrica\\\/bus-led-display-serie-tcs\\\/#primaryimage\"},\"thumbnailUrl\":\"https:\\\/\\\/www.telaled.com\\\/wp-content\\\/uploads\\\/2025\\\/10\\\/Bus-LED-Display-3.webp\",\"datePublished\":\"2025-10-07T12:59:53+00:00\",\"dateModified\":\"2026-01-07T02:11:30+00:00\",\"description\":\"Bus LED Display sinaliza\u00e7\u00e3o clara e din\u00e2mica para transporte p\u00fablico. Projetado para atualiza\u00e7\u00f5es de rotas, publicidade e informa\u00e7\u00f5es em tempo real.\",\"breadcrumb\":{\"@id\":\"https:\\\/\\\/www.telaled.com\\\/fabrica\\\/bus-led-display-serie-tcs\\\/#breadcrumb\"},\"inLanguage\":\"tr\",\"potentialAction\":[{\"@type\":\"ReadAction\",\"target\":[\"https:\\\/\\\/www.telaled.com\\\/fabrica\\\/bus-led-display-serie-tcs\\\/\"]}]},{\"@type\":\"ImageObject\",\"inLanguage\":\"tr\",\"@id\":\"https:\\\/\\\/www.telaled.com\\\/fabrica\\\/bus-led-display-serie-tcs\\\/#primaryimage\",\"url\":\"https:\\\/\\\/www.telaled.com\\\/wp-content\\\/uploads\\\/2025\\\/10\\\/Bus-LED-Display-3.webp\",\"contentUrl\":\"https:\\\/\\\/www.telaled.com\\\/wp-content\\\/uploads\\\/2025\\\/10\\\/Bus-LED-Display-3.webp\",\"width\":500,\"height\":500,\"caption\":\"Multiple Bus LED Display\"},{\"@type\":\"BreadcrumbList\",\"@id\":\"https:\\\/\\\/www.telaled.com\\\/fabrica\\\/bus-led-display-serie-tcs\\\/#breadcrumb\",\"itemListElement\":[{\"@type\":\"ListItem\",\"position\":1,\"name\":\"Home\",\"item\":\"https:\\\/\\\/www.telaled.com\\\/\"},{\"@type\":\"ListItem\",\"position\":2,\"name\":\"Produtos\",\"item\":\"https:\\\/\\\/www.telaled.com\\\/shop\\\/\"},{\"@type\":\"ListItem\",\"position\":3,\"name\":\"Bus LED Display S\u00e9rie TCS\"}]},{\"@type\":\"WebSite\",\"@id\":\"https:\\\/\\\/www.telaled.com\\\/#website\",\"url\":\"https:\\\/\\\/www.telaled.com\\\/\",\"name\":\"TELALED\",\"description\":\"\",\"potentialAction\":[{\"@type\":\"SearchAction\",\"target\":{\"@type\":\"EntryPoint\",\"urlTemplate\":\"https:\\\/\\\/www.telaled.com\\\/?s={search_term_string}\"},\"query-input\":{\"@type\":\"PropertyValueSpecification\",\"valueRequired\":true,\"valueName\":\"search_term_string\"}}],\"inLanguage\":\"tr\"}]}<\/script>\n<!-- \/ Yoast SEO plugin. -->","yoast_head_json":{"title":"Otob\u00fcs LED Ekran\u0131 TCS Serisi | LED EKRAN","description":"Otob\u00fcs LED Ekran\u0131: Toplu ta\u015f\u0131ma i\u00e7in net ve dinamik y\u00f6nlendirme tabelas\u0131. G\u00fczergah g\u00fcncellemeleri, reklamlar ve ger\u00e7ek zamanl\u0131 bilgiler i\u00e7in tasarlanm\u0131\u015ft\u0131r.","robots":{"index":"index","follow":"follow","max-snippet":"max-snippet:-1","max-image-preview":"max-image-preview:large","max-video-preview":"max-video-preview:-1"},"canonical":"https:\/\/www.telaled.com\/tr\/fabrica\/bus-led-display-serie-tcs\/","og_locale":"tr_TR","og_type":"article","og_title":"Bus LED Display S\u00e9rie TCS | TELALED","og_description":"Bus LED Display sinaliza\u00e7\u00e3o clara e din\u00e2mica para transporte p\u00fablico. Projetado para atualiza\u00e7\u00f5es de rotas, publicidade e informa\u00e7\u00f5es em tempo real.","og_url":"https:\/\/www.telaled.com\/tr\/fabrica\/bus-led-display-serie-tcs\/","og_site_name":"TELALED","article_modified_time":"2026-01-07T02:11:30+00:00","og_image":[{"width":500,"height":500,"url":"https:\/\/www.telaled.com\/wp-content\/uploads\/2025\/10\/Bus-LED-Display-3.webp","type":"image\/webp"}],"twitter_card":"summary_large_image","twitter_misc":{"Est. reading time":"3 dakika"},"schema":{"@context":"https:\/\/schema.org","@graph":[{"@type":"WebPage","@id":"https:\/\/www.telaled.com\/fabrica\/bus-led-display-serie-tcs\/","url":"https:\/\/www.telaled.com\/fabrica\/bus-led-display-serie-tcs\/","name":"Otob\u00fcs LED Ekran\u0131 TCS Serisi | LED EKRAN","isPartOf":{"@id":"https:\/\/www.telaled.com\/#website"},"primaryImageOfPage":{"@id":"https:\/\/www.telaled.com\/fabrica\/bus-led-display-serie-tcs\/#primaryimage"},"image":{"@id":"https:\/\/www.telaled.com\/fabrica\/bus-led-display-serie-tcs\/#primaryimage"},"thumbnailUrl":"https:\/\/www.telaled.com\/wp-content\/uploads\/2025\/10\/Bus-LED-Display-3.webp","datePublished":"2025-10-07T12:59:53+00:00","dateModified":"2026-01-07T02:11:30+00:00","description":"Otob\u00fcs LED Ekran\u0131: Toplu ta\u015f\u0131ma i\u00e7in net ve dinamik y\u00f6nlendirme tabelas\u0131. G\u00fczergah g\u00fcncellemeleri, reklamlar ve ger\u00e7ek zamanl\u0131 bilgiler i\u00e7in tasarlanm\u0131\u015ft\u0131r.","breadcrumb":{"@id":"https:\/\/www.telaled.com\/fabrica\/bus-led-display-serie-tcs\/#breadcrumb"},"inLanguage":"tr","potentialAction":[{"@type":"ReadAction","target":["https:\/\/www.telaled.com\/fabrica\/bus-led-display-serie-tcs\/"]}]},{"@type":"ImageObject","inLanguage":"tr","@id":"https:\/\/www.telaled.com\/fabrica\/bus-led-display-serie-tcs\/#primaryimage","url":"https:\/\/www.telaled.com\/wp-content\/uploads\/2025\/10\/Bus-LED-Display-3.webp","contentUrl":"https:\/\/www.telaled.com\/wp-content\/uploads\/2025\/10\/Bus-LED-Display-3.webp","width":500,"height":500,"caption":"Multiple Bus LED Display"},{"@type":"BreadcrumbList","@id":"https:\/\/www.telaled.com\/fabrica\/bus-led-display-serie-tcs\/#breadcrumb","itemListElement":[{"@type":"ListItem","position":1,"name":"Home","item":"https:\/\/www.telaled.com\/"},{"@type":"ListItem","position":2,"name":"Produtos","item":"https:\/\/www.telaled.com\/shop\/"},{"@type":"ListItem","position":3,"name":"Bus LED Display S\u00e9rie TCS"}]},{"@type":"WebSite","@id":"https:\/\/www.telaled.com\/#website","url":"https:\/\/www.telaled.com\/","name":"LED Ekran","description":"","potentialAction":[{"@type":"SearchAction","target":{"@type":"EntryPoint","urlTemplate":"https:\/\/www.telaled.com\/?s={search_term_string}"},"query-input":{"@type":"PropertyValueSpecification","valueRequired":true,"valueName":"search_term_string"}}],"inLanguage":"tr"}]}},"_links":{"self":[{"href":"https:\/\/www.telaled.com\/tr\/wp-json\/wp\/v2\/product\/3843","targetHints":{"allow":["GET"]}}],"collection":[{"href":"https:\/\/www.telaled.com\/tr\/wp-json\/wp\/v2\/product"}],"about":[{"href":"https:\/\/www.telaled.com\/tr\/wp-json\/wp\/v2\/types\/product"}],"wp:featuredmedia":[{"embeddable":true,"href":"https:\/\/www.telaled.com\/tr\/wp-json\/wp\/v2\/media\/3849"}],"wp:attachment":[{"href":"https:\/\/www.telaled.com\/tr\/wp-json\/wp\/v2\/media?parent=3843"}],"wp:term":[{"taxonomy":"product_brand","embeddable":true,"href":"https:\/\/www.telaled.com\/tr\/wp-json\/wp\/v2\/product_brand?post=3843"},{"taxonomy":"product_cat","embeddable":true,"href":"https:\/\/www.telaled.com\/tr\/wp-json\/wp\/v2\/product_cat?post=3843"},{"taxonomy":"product_tag","embeddable":true,"href":"https:\/\/www.telaled.com\/tr\/wp-json\/wp\/v2\/product_tag?post=3843"}],"curies":[{"name":"wp","href":"https:\/\/api.w.org\/{rel}","templated":true}]}}