{"id":3807,"date":"2025-10-06T23:00:34","date_gmt":"2025-10-06T23:00:34","guid":{"rendered":"https:\/\/www.telaled.com\/?post_type=product&#038;p=3807"},"modified":"2026-01-07T01:51:29","modified_gmt":"2026-01-07T01:51:29","slug":"e-paper-digital-signage-serie-taa","status":"publish","type":"product","link":"https:\/\/www.telaled.com\/tr\/fabrica\/e-paper-digital-signage-serie-taa\/","title":{"rendered":"E-ka\u011f\u0131t Dijital Tabela TAA Serisi"},"content":{"rendered":"<div class=\"row\"  id=\"row-1054112492\">\n\n\t<div id=\"col-1421462032\" class=\"col small-12 large-12\"  >\n\t\t\t\t<div class=\"col-inner\"  >\n\t\t\t\n\t\t\t\n<h2>E-ka\u011f\u0131t Dijital Tabela TAA Serisi<\/h2>\n<h3><strong>\u00dcst\u00fcn Dayan\u0131kl\u0131l\u0131k<\/strong><\/h3>\n<ul>\n<li>Galvanizli demir \u00e7er\u00e7eve, yans\u0131ma \u00f6nleyici temperli cam ve UV korumal\u0131 IP65 dereceli bir muhafaza ile \u00fcretilmi\u015ftir.<\/li>\n<li>G\u00fcne\u015f \u0131\u015f\u0131\u011f\u0131na, \u0131s\u0131ya, neme ve d\u0131\u015f mekan ko\u015fullar\u0131na dayan\u0131kl\u0131d\u0131r.<\/li>\n<\/ul>\n<h3><strong>Ola\u011fan\u00fcst\u00fc G\u00f6rsel Kalite<\/strong><\/h3>\n<ul>\n<li>O <strong>E-Ka\u011f\u0131t Dijital Tabela TAA Serisi<\/strong> Do\u011frudan g\u00fcne\u015f \u0131\u015f\u0131\u011f\u0131 alt\u0131nda bile net g\u00f6r\u00fc\u015f sa\u011flar.<\/li>\n<li>D\u00fc\u015f\u00fck enerji t\u00fcketimi ve uzun kullan\u0131m \u00f6mr\u00fc.<\/li>\n<li>15\u00b0C ile 60\u00b0C aras\u0131ndaki ortamlarda g\u00fcvenilir \u00e7al\u0131\u015fma.<\/li>\n<\/ul>\n<h3><strong>Tam Uyarlanabilirlik<\/strong><\/h3>\n<ul>\n<li>31,5 in\u00e7, A2 ve A4 ekran boyutlar\u0131nda mevcuttur.<\/li>\n<li>H\u0131zl\u0131 i\u00e7erik g\u00fcncellemeleri i\u00e7in Wi-Fi ve USB 2.0&#039;\u0131 destekler.<\/li>\n<li>Ta\u015f\u0131nabilir veya sabit kurulum i\u00e7in pil veya DC ile \u00e7al\u0131\u015f\u0131r.<\/li>\n<\/ul>\n<h3><strong>Kapsaml\u0131 Destek<\/strong><\/h3>\n<ul>\n<li><em><strong>Uzman deste\u011fi 7 g\u00fcn 24 saat:<\/strong><\/em> Sisteminizin kusursuz \u00e7al\u0131\u015fmaya devam etmesi i\u00e7in teknik ekibimize her zaman, her yerde g\u00fcvenebilirsiniz.<\/li>\n<li><strong><em>\u00dccretsiz yedek par\u00e7alar dahildir:<\/em><\/strong> Her sipari\u015fle birlikte 5% yedek par\u00e7a g\u00f6nderilir; b\u00f6ylece ekran\u0131n\u0131z her zaman g\u00fcvenilir ve her t\u00fcrl\u00fc projeye haz\u0131r kal\u0131r.<\/li>\n<li><em><strong>G\u00fcvenilirlik i\u00e7in tasarland\u0131:<\/strong><\/em> Ek bile\u015fenler, ar\u0131za s\u00fcrelerini en aza indirerek sorunsuz \u00e7al\u0131\u015fma ve daha uzun kullan\u0131m \u00f6mr\u00fc sa\u011flar.<\/li>\n<li><em><strong>3 y\u0131l garanti:<\/strong><\/em> 3 y\u0131ll\u0131k tam garanti, g\u00fcvenilir hizmetler ve yat\u0131r\u0131m\u0131n\u0131z i\u00e7in kal\u0131c\u0131 koruma ile tam bir g\u00f6n\u00fcl rahatl\u0131\u011f\u0131n\u0131n tad\u0131n\u0131 \u00e7\u0131kar\u0131n.<\/li>\n<\/ul>\n<h2>\u00dcr\u00fcn detaylar\u0131<\/h2>\n<div class=\"row\"  id=\"row-597383430\">\n\n\t<div id=\"col-1387453205\" class=\"col medium-10 small-12 large-10\"  >\n\t\t\t\t<div class=\"col-inner text-left\"  >\n\t\t\t\n\t\t\t\n<ul>\n<li><em><strong>E-ka\u011f\u0131t Dijital S<\/strong><\/em><span data-sheets-root=\"1\"><em><strong>Ate\u015fleme Serisi TAA<\/strong><\/em> o<\/span>Ka\u011f\u0131t posterlere modern ve \u00e7evre dostu bir alternatif sunarlar. Sat\u0131\u015f noktas\u0131 promosyonlar\u0131, men\u00fcler, programlar ve ula\u015f\u0131m g\u00fcncellemeleri i\u00e7in ideal olan bu \u00fcr\u00fcnler, hem ayd\u0131nl\u0131k hem de karanl\u0131k ortamlarda net ve tutarl\u0131 g\u00f6r\u00fcn\u00fcrl\u00fck sa\u011flar. PPP&#039;ler parlama yapmaz, g\u00f6z yormaz ve mavi \u0131\u015f\u0131\u011f\u0131 azalt\u0131r. Perakende, otelcilik ve kamusal alanlar i\u00e7in m\u00fckemmeldir.<\/li>\n<\/ul>\n\t<div class=\"img has-hover x md-x lg-x y md-y lg-y\" id=\"image_778525411\">\n\t\t\t\t\t\t\t\t<div class=\"img-inner dark\" >\n\t\t\t<img loading=\"lazy\" decoding=\"async\" width=\"1200\" height=\"900\" src=\"https:\/\/www.telaled.com\/wp-content\/uploads\/2025\/10\/e-paper-digital-signage7.webp\" class=\"attachment-original size-original\" alt=\"e-ka\u011f\u0131t-dijital-tabela7\" srcset=\"https:\/\/www.telaled.com\/wp-content\/uploads\/2025\/10\/e-paper-digital-signage7.webp 1200w, https:\/\/www.telaled.com\/wp-content\/uploads\/2025\/10\/e-paper-digital-signage7-300x225.webp 300w, https:\/\/www.telaled.com\/wp-content\/uploads\/2025\/10\/e-paper-digital-signage7-1024x768.webp 1024w, https:\/\/www.telaled.com\/wp-content\/uploads\/2025\/10\/e-paper-digital-signage7-768x576.webp 768w, https:\/\/www.telaled.com\/wp-content\/uploads\/2025\/10\/e-paper-digital-signage7-16x12.webp 16w, https:\/\/www.telaled.com\/wp-content\/uploads\/2025\/10\/e-paper-digital-signage7-600x450.webp 600w\" sizes=\"auto, (max-width: 1200px) 100vw, 1200px\" \/>\t\t\t\t\t\t\n\t\t\t\t\t<\/div>\n\t\t\t\t\t\t\t\t\n<style>\n#image_778525411 {\n  width: 80%;\n}\n<\/style>\n\t<\/div>\n\t\n<ul>\n<li>O <em><strong>E-ka\u011f\u0131t Dijital Tabela TAA Serisi<\/strong><\/em> Hafif yap\u0131s\u0131yla kolay kurulum ve yenilik\u00e7i bir tasar\u0131m sunar. USB, Wi-Fi veya Bluetooth \u00fczerinden ak\u0131ll\u0131 \u00e7al\u0131\u015fma ve kolay i\u00e7erik g\u00fcncellemelerini destekler. Sorunsuz i\u00e7erik kontrol\u00fc sa\u011flar. Pille \u00e7al\u0131\u015fan ve kablosuz olan bu \u00fcr\u00fcn, duvara monte edilebilir veya herhangi bir pozisyona yerle\u015ftirilebilir; bu da modern dijital tabela \u00e7\u00f6z\u00fcmleri i\u00e7in esnek kullan\u0131m, minimum bak\u0131m ve g\u00fcvenilir performans sa\u011flar.<\/li>\n<\/ul>\n\t<div class=\"img has-hover x md-x lg-x y md-y lg-y\" id=\"image_384257462\">\n\t\t\t\t\t\t\t\t<div class=\"img-inner dark\" >\n\t\t\t<img loading=\"lazy\" decoding=\"async\" width=\"1020\" height=\"765\" src=\"https:\/\/www.telaled.com\/wp-content\/uploads\/2025\/10\/e-paper-digital-signage8-1024x768.webp\" class=\"attachment-large size-large\" alt=\"e-ka\u011f\u0131t-dijital-tabela8\" srcset=\"https:\/\/www.telaled.com\/wp-content\/uploads\/2025\/10\/e-paper-digital-signage8-1024x768.webp 1024w, https:\/\/www.telaled.com\/wp-content\/uploads\/2025\/10\/e-paper-digital-signage8-300x225.webp 300w, https:\/\/www.telaled.com\/wp-content\/uploads\/2025\/10\/e-paper-digital-signage8-768x576.webp 768w, https:\/\/www.telaled.com\/wp-content\/uploads\/2025\/10\/e-paper-digital-signage8-16x12.webp 16w, https:\/\/www.telaled.com\/wp-content\/uploads\/2025\/10\/e-paper-digital-signage8-600x450.webp 600w, https:\/\/www.telaled.com\/wp-content\/uploads\/2025\/10\/e-paper-digital-signage8.webp 1200w\" sizes=\"auto, (max-width: 1020px) 100vw, 1020px\" \/>\t\t\t\t\t\t\n\t\t\t\t\t<\/div>\n\t\t\t\t\t\t\t\t\n<style>\n#image_384257462 {\n  width: 80%;\n}\n<\/style>\n\t<\/div>\n\t\n<ul>\n<li>Bizim <em><strong>E-ka\u011f\u0131t Dijital Tabela TAA Serisi<\/strong><\/em> \u0130zleyicileri b\u00fcy\u00fcleyen ve marka bilinirli\u011fini art\u0131ran hareketli g\u00f6rseller sunar. 7\/24 kesintisiz kullan\u0131m i\u00e7in tasarlanm\u0131\u015f olup, 6 ila 9 ay pil \u00f6mr\u00fc sunar ve ba\u011f\u0131ms\u0131z kurulum i\u00e7in iste\u011fe ba\u011fl\u0131 entegre g\u00fc\u00e7 \u00fcnitesi bulunur. Hafif ve dayan\u0131kl\u0131 yap\u0131s\u0131yla modern, d\u00fc\u015f\u00fck g\u00fc\u00e7 t\u00fcketimli reklamc\u0131l\u0131k ve uzun \u00f6m\u00fcrl\u00fc dijital ekran \u00e7\u00f6z\u00fcmleri i\u00e7in m\u00fckemmeldir.<\/li>\n<\/ul>\n\t<div class=\"img has-hover x md-x lg-x y md-y lg-y\" id=\"image_1299270353\">\n\t\t\t\t\t\t\t\t<div class=\"img-inner dark\" >\n\t\t\t<img loading=\"lazy\" decoding=\"async\" width=\"650\" height=\"487\" src=\"https:\/\/www.telaled.com\/wp-content\/uploads\/2025\/10\/e-paper-displays.gif\" class=\"attachment-large size-large\" alt=\"e-ka\u011f\u0131t dijital tabela9\" \/>\t\t\t\t\t\t\n\t\t\t\t\t<\/div>\n\t\t\t\t\t\t\t\t\n<style>\n#image_1299270353 {\n  width: 80%;\n}\n<\/style>\n\t<\/div>\n\t\n<ul>\n<li><em><strong>E-ka\u011f\u0131t Dijital Tabela TAA Serisi<\/strong><\/em> \u00dcr\u00fcnler, ta\u015f\u0131ma s\u0131ras\u0131nda korunmalar\u0131 i\u00e7in g\u00fc\u00e7lendirilmi\u015f ah\u015fap kasalara paketlenir. Her bir \u00fcnite, ha\u015ferelerden, darbelerden ve di\u011fer tehlikelerden kaynaklanan hasar\u0131 \u00f6nlemek i\u00e7in g\u00fcvenli bir \u015fekilde paketlenir. Bu, dayan\u0131kl\u0131l\u0131\u011f\u0131 ve g\u00fcvenli teslimat\u0131 sa\u011flar.<\/li>\n<\/ul>\n\t<div class=\"img has-hover x md-x lg-x y md-y lg-y\" id=\"image_2127568053\">\n\t\t\t\t\t\t\t\t<div class=\"img-inner dark\" >\n\t\t\t<img loading=\"lazy\" decoding=\"async\" width=\"760\" height=\"1024\" src=\"https:\/\/www.telaled.com\/wp-content\/uploads\/2025\/08\/36123f2c-de60-488d-af81-255cd4aee54a-760x1024.webp\" class=\"attachment-large size-large\" alt=\"\" srcset=\"https:\/\/www.telaled.com\/wp-content\/uploads\/2025\/08\/36123f2c-de60-488d-af81-255cd4aee54a-760x1024.webp 760w, https:\/\/www.telaled.com\/wp-content\/uploads\/2025\/08\/36123f2c-de60-488d-af81-255cd4aee54a-223x300.webp 223w, https:\/\/www.telaled.com\/wp-content\/uploads\/2025\/08\/36123f2c-de60-488d-af81-255cd4aee54a-768x1035.webp 768w, https:\/\/www.telaled.com\/wp-content\/uploads\/2025\/08\/36123f2c-de60-488d-af81-255cd4aee54a-9x12.webp 9w, https:\/\/www.telaled.com\/wp-content\/uploads\/2025\/08\/36123f2c-de60-488d-af81-255cd4aee54a-600x808.webp 600w, https:\/\/www.telaled.com\/wp-content\/uploads\/2025\/08\/36123f2c-de60-488d-af81-255cd4aee54a.webp 795w\" sizes=\"auto, (max-width: 760px) 100vw, 760px\" \/>\t\t\t\t\t\t\n\t\t\t\t\t<\/div>\n\t\t\t\t\t\t\t\t\n<style>\n#image_2127568053 {\n  width: 80%;\n}\n<\/style>\n\t<\/div>\n\t\n\n<table id=\"tablepress-96\" class=\"tablepress tablepress-id-96\">\n<thead>\n<tr class=\"row-1\">\n\t<th class=\"column-1\">Genel a\u00e7\u0131klama<\/th><td class=\"column-2\"><\/td>\n<\/tr>\n<\/thead>\n<tbody class=\"row-striping row-hover\">\n<tr class=\"row-2\">\n\t<td class=\"column-1\">Malzeme<\/td><td class=\"column-2\">Galvanizli demir<\/td>\n<\/tr>\n<tr class=\"row-3\">\n\t<td class=\"column-1\">Kutu rengi<\/td><td class=\"column-2\">Beyaz\/Siyah<\/td>\n<\/tr>\n<tr class=\"row-4\">\n\t<td class=\"column-1\">Aray\u00fcz (multimedya oynatma i\u00e7in)<\/td><td class=\"column-2\">USB 2.0 \/ Wi-Fi<\/td>\n<\/tr>\n<tr class=\"row-5\">\n\t<td class=\"column-1\">Enerji t\u00fcketimi<\/td><td class=\"column-2\">12 V 5000 mA<\/td>\n<\/tr>\n<tr class=\"row-6\">\n\t<td class=\"column-1\">\u00c7al\u0131\u015fma s\u00fcresi<\/td><td class=\"column-2\">0 W (statik durum) 6 ila 12 ay (kullan\u0131m s\u00fcresi g\u00fcncellenen i\u00e7erik miktar\u0131na ba\u011fl\u0131 olarak de\u011fi\u015fir)<\/td>\n<\/tr>\n<tr class=\"row-7\">\n\t<td class=\"column-1\">Mod\u00fcl parametreleri<\/td><td class=\"column-2\"><\/td>\n<\/tr>\n<tr class=\"row-8\">\n\t<td class=\"column-1\">Boyut<\/td><td class=\"column-2\">31,5<\/td>\n<\/tr>\n<tr class=\"row-9\">\n\t<td class=\"column-1\">Ekran \u00e7\u00f6z\u00fcn\u00fcrl\u00fc\u011f\u00fc<\/td><td class=\"column-2\">1920(Y)x1080(D)<\/td>\n<\/tr>\n<tr class=\"row-10\">\n\t<td class=\"column-1\">Ekran<\/td><td class=\"column-2\">Renkli elektronik ka\u011f\u0131t ekran\u0131<\/td>\n<\/tr>\n<tr class=\"row-11\">\n\t<td class=\"column-1\">G\u00f6r\u00fcnt\u00fclemek<\/td><td class=\"column-2\">Tam renkli<\/td>\n<\/tr>\n<tr class=\"row-12\">\n\t<td class=\"column-1\">Ekran oran\u0131<\/td><td class=\"column-2\">16:9<\/td>\n<\/tr>\n<tr class=\"row-13\">\n\t<td class=\"column-1\">G\u00f6r\u00fcnt\u00fcleme alan\u0131 (HXV)<\/td><td class=\"column-2\">363,38 mm x 697,68 mm<\/td>\n<\/tr>\n<tr class=\"row-14\">\n\t<td class=\"column-1\">G\u00f6r\u00fc\u015f a\u00e7\u0131s\u0131<\/td><td class=\"column-2\">178\u00b0 x 178\u00b0<\/td>\n<\/tr>\n<tr class=\"row-15\">\n\t<td class=\"column-1\">Yan\u0131t s\u00fcresi<\/td><td class=\"column-2\">1 ms<\/td>\n<\/tr>\n<tr class=\"row-16\">\n\t<td class=\"column-1\">Dahili ultra d\u00fc\u015f\u00fck g\u00fc\u00e7 t\u00fcketimli oynat\u0131c\u0131<\/td><td class=\"column-2\"><\/td>\n<\/tr>\n<tr class=\"row-17\">\n\t<td class=\"column-1\">MCU<\/td><td class=\"column-2\">Xtensa @ 32-bit \u00c7ift \u00c7ekirdek<\/td>\n<\/tr>\n<tr class=\"row-18\">\n\t<td class=\"column-1\">Depolamak<\/td><td class=\"column-2\">120M EMMC<\/td>\n<\/tr>\n<tr class=\"row-19\">\n\t<td class=\"column-1\">S\u0131cakl\u0131k ve nem<\/td><td class=\"column-2\"><\/td>\n<\/tr>\n<tr class=\"row-20\">\n\t<td class=\"column-1\">Depolama s\u0131cakl\u0131\u011f\u0131<\/td><td class=\"column-2\">-25\u2103~ 70\u2103<\/td>\n<\/tr>\n<tr class=\"row-21\">\n\t<td class=\"column-1\">\u00c7al\u0131\u015fma s\u0131cakl\u0131\u011f\u0131<\/td><td class=\"column-2\">-20\u2103~ 60\u2103<\/td>\n<\/tr>\n<tr class=\"row-22\">\n\t<td class=\"column-1\">Nem<\/td><td class=\"column-2\">10% ~ 90%<\/td>\n<\/tr>\n<tr class=\"row-23\">\n\t<td class=\"column-1\">Boyutlar\/A\u011f\u0131rl\u0131k<\/td><td class=\"column-2\">Net a\u011f\u0131rl\u0131k: 5 kg, Br\u00fct a\u011f\u0131rl\u0131k: 7,5 kg, Fiziksel boyutlar: 728 mm x 423 mm x 20 mm, Ambalaj boyutu: 870 mm x 590 mm x 160 mm<\/td>\n<\/tr>\n<tr class=\"row-24\">\n\t<td class=\"column-1\">Duvara monte<\/td><td class=\"column-2\">VESA montaj\u0131 100x100mm, 200x200mm<\/td>\n<\/tr>\n<tr class=\"row-25\">\n\t<td class=\"column-1\">A\u011f Kontrol\u00fc APL<\/td><td class=\"column-2\">Hesap Y\u00f6netimi, Terminal Ayg\u0131t Y\u00f6netimi, Terminal ve Sunucu Kalp At\u0131\u015f\u0131 Ba\u011flant\u0131 Ayarlar\u0131, G\u00f6r\u00fcnt\u00fc D\u00f6ng\u00fcs\u00fc Ayarlar\u0131, Terminal Uyku ve Uyanma, Terminal Uyku ve Uyanma Ayarlar\u0131 (ultra d\u00fc\u015f\u00fck g\u00fc\u00e7 modu)<\/td>\n<\/tr>\n<tr class=\"row-26\">\n\t<td class=\"column-1\"><\/td><td class=\"column-2\"><\/td>\n<\/tr>\n<tr class=\"row-27\">\n\t<td class=\"column-1\"><\/td><td class=\"column-2\"><\/td>\n<\/tr>\n<tr class=\"row-28\">\n\t<td class=\"column-1\"><\/td><td class=\"column-2\"><\/td>\n<\/tr>\n<tr class=\"row-29\">\n\t<td class=\"column-1\"><\/td><td class=\"column-2\"><\/td>\n<\/tr>\n<tr class=\"row-30\">\n\t<td class=\"column-1\"><\/td><td class=\"column-2\"><\/td>\n<\/tr>\n<tr class=\"row-31\">\n\t<td class=\"column-1\"><\/td><td class=\"column-2\"><\/td>\n<\/tr>\n<\/tbody>\n<\/table>\n<!-- #tablepress-96 from cache -->\n\t\t<\/div>\n\t\t\t\t\t<\/div>\n\n\t\n<\/div>\n\t\t<\/div>\n\t\t\t\t\t<\/div>\n\n\t\n<\/div>","protected":false},"excerpt":{"rendered":"<p><strong>E-ka\u011f\u0131t Dijital Tabela TAA Serisi \u2013 Reklamc\u0131l\u0131k i\u00e7in ak\u0131ll\u0131 renkli e-m\u00fcrekkep ekran\u0131.<\/strong><\/p>\n<p>S\u00fcrd\u00fcr\u00fclebilir reklamc\u0131l\u0131kta yeni bir \u00e7a\u011fa ad\u0131m at\u0131n. <strong>E-ka\u011f\u0131t Dijital Tabela TAA Serisi<\/strong>. En yeni E-Ink teknolojisiyle tasarlanan bu \u00fcr\u00fcn, \u00e7ok d\u00fc\u015f\u00fck m\u00fcrekkep maliyetiyle canl\u0131 g\u00f6rseller sunar. <a href=\"https:\/\/www.telaled.com\/tr\/entendendo-o-consumo-de-energia-painel-de-led-quao-eficientes-sao-os-displays-de-led-modernos\/\">enerji t\u00fcketimi<\/a>; Verimlili\u011fe ve \u00e7evresel sorumlulu\u011fa \u00f6nem veren modern \u015firketler i\u00e7in idealdir.<\/p>\n<p><strong>Ba\u015fl\u0131ca \u00f6zellikler:<\/strong><\/p>\n<ul>\n<li>E-Ink yans\u0131t\u0131c\u0131 teknolojisini kullanarak s\u00fcrekli elektri\u011fe ihtiya\u00e7 duymadan statik i\u00e7erik g\u00f6r\u00fcnt\u00fcl\u00fcyor ve b\u00f6ylece enerji maliyetlerini d\u00fc\u015f\u00fcr\u00fcyor.<\/li>\n<li>G\u00fc\u00e7l\u00fc d\u0131\u015f mekan \u0131\u015f\u0131\u011f\u0131 alt\u0131nda bile y\u00fcksek kontrast ve g\u00f6r\u00fcn\u00fcrl\u00fc\u011f\u00fc korur; bu da onu kamu bilgilendirme panolar\u0131 ve perakende tabelalar\u0131 i\u00e7in ideal k\u0131lar.<\/li>\n<li>USB 2.0 ve Wi-Fi aray\u00fczleriyle sunulan bu \u00fcr\u00fcn, multimedya i\u00e7eri\u011finin esnek bir \u015fekilde y\u00f6netilmesini destekler.<\/li>\n<li>Minimum \u0131s\u0131 \u00fcretimi, geri d\u00f6n\u00fc\u015ft\u00fcr\u00fclebilir malzemeler ve daha az bak\u0131m gerektiren uzun \u00e7al\u0131\u015fma \u00f6mr\u00fc ile s\u00fcrd\u00fcr\u00fclebilirlik g\u00f6z \u00f6n\u00fcnde bulundurularak tasarlanm\u0131\u015ft\u0131r.<\/li>\n<\/ul>\n<p>3 y\u0131ll\u0131k kapsaml\u0131 garanti ile 7\/24 g\u00fcvenilir uzaktan destek hizmetinden yararlan\u0131n. Proje ihtiya\u00e7lar\u0131n\u0131za m\u00fckemmel \u015fekilde uyarlanm\u0131\u015f \u00fccretsiz, ki\u015fiselle\u015ftirilmi\u015f bir fiyat teklifi i\u00e7in bug\u00fcn bizimle ileti\u015fime ge\u00e7in.<\/p>","protected":false},"featured_media":3810,"template":"","meta":[],"product_brand":[],"product_cat":[15],"product_tag":[],"class_list":{"0":"post-3807","1":"product","2":"type-product","3":"status-publish","4":"has-post-thumbnail","6":"product_cat-sem-categoria","8":"first","9":"instock","10":"shipping-taxable","11":"product-type-simple"},"yoast_head":"<!-- This site is optimized with the Yoast SEO plugin v27.4 - https:\/\/yoast.com\/product\/yoast-seo-wordpress\/ -->\n<title>E-paper Digital Signage S\u00e9rie TAA | Tela de tinta eletr\u00f4nica colorida para publicidade externa com economia de energia | TELALED<\/title>\n<meta name=\"description\" content=\"Conhe\u00e7a a S\u00e9rie TAA de Sinaliza\u00e7\u00e3o Digital em Papel Eletr\u00f4nico com tecnologia full-color. Ideal para publicidade externa, oferece baix\u00edssimo consumo de energia, alta visibilidade e desempenho ecol\u00f3gico para sinaliza\u00e7\u00e3o digital inteligente.\" \/>\n<meta name=\"robots\" content=\"index, follow, max-snippet:-1, max-image-preview:large, max-video-preview:-1\" \/>\n<link rel=\"canonical\" href=\"https:\/\/www.telaled.com\/tr\/fabrica\/e-paper-digital-signage-serie-taa\/\" \/>\n<meta property=\"og:locale\" content=\"tr_TR\" \/>\n<meta property=\"og:type\" content=\"article\" \/>\n<meta property=\"og:title\" content=\"E-paper Digital Signage S\u00e9rie TAA | Tela de tinta eletr\u00f4nica colorida para publicidade externa com economia de energia | TELALED\" \/>\n<meta property=\"og:description\" content=\"Conhe\u00e7a a S\u00e9rie TAA de Sinaliza\u00e7\u00e3o Digital em Papel Eletr\u00f4nico com tecnologia full-color. Ideal para publicidade externa, oferece baix\u00edssimo consumo de energia, alta visibilidade e desempenho ecol\u00f3gico para sinaliza\u00e7\u00e3o digital inteligente.\" \/>\n<meta property=\"og:url\" content=\"https:\/\/www.telaled.com\/tr\/fabrica\/e-paper-digital-signage-serie-taa\/\" \/>\n<meta property=\"og:site_name\" content=\"TELALED\" \/>\n<meta property=\"article:modified_time\" content=\"2026-01-07T01:51:29+00:00\" \/>\n<meta property=\"og:image\" content=\"https:\/\/www.telaled.com\/wp-content\/uploads\/2025\/10\/e-paper-digital-signage-1.webp\" \/>\n\t<meta property=\"og:image:width\" content=\"500\" \/>\n\t<meta property=\"og:image:height\" content=\"500\" \/>\n\t<meta property=\"og:image:type\" content=\"image\/webp\" \/>\n<meta name=\"twitter:card\" content=\"summary_large_image\" \/>\n<meta name=\"twitter:label1\" content=\"Est. reading time\" \/>\n\t<meta name=\"twitter:data1\" content=\"3 dakika\" \/>\n<script type=\"application\/ld+json\" class=\"yoast-schema-graph\">{\"@context\":\"https:\\\/\\\/schema.org\",\"@graph\":[{\"@type\":\"WebPage\",\"@id\":\"https:\\\/\\\/www.telaled.com\\\/fabrica\\\/e-paper-digital-signage-serie-taa\\\/\",\"url\":\"https:\\\/\\\/www.telaled.com\\\/fabrica\\\/e-paper-digital-signage-serie-taa\\\/\",\"name\":\"E-paper Digital Signage S\u00e9rie TAA | Tela de tinta eletr\u00f4nica colorida para publicidade externa com economia de energia | TELALED\",\"isPartOf\":{\"@id\":\"https:\\\/\\\/www.telaled.com\\\/#website\"},\"primaryImageOfPage\":{\"@id\":\"https:\\\/\\\/www.telaled.com\\\/fabrica\\\/e-paper-digital-signage-serie-taa\\\/#primaryimage\"},\"image\":{\"@id\":\"https:\\\/\\\/www.telaled.com\\\/fabrica\\\/e-paper-digital-signage-serie-taa\\\/#primaryimage\"},\"thumbnailUrl\":\"https:\\\/\\\/www.telaled.com\\\/wp-content\\\/uploads\\\/2025\\\/10\\\/e-paper-digital-signage-1.webp\",\"datePublished\":\"2025-10-06T23:00:34+00:00\",\"dateModified\":\"2026-01-07T01:51:29+00:00\",\"description\":\"Conhe\u00e7a a S\u00e9rie TAA de Sinaliza\u00e7\u00e3o Digital em Papel Eletr\u00f4nico com tecnologia full-color. Ideal para publicidade externa, oferece baix\u00edssimo consumo de energia, alta visibilidade e desempenho ecol\u00f3gico para sinaliza\u00e7\u00e3o digital inteligente.\",\"breadcrumb\":{\"@id\":\"https:\\\/\\\/www.telaled.com\\\/fabrica\\\/e-paper-digital-signage-serie-taa\\\/#breadcrumb\"},\"inLanguage\":\"tr\",\"potentialAction\":[{\"@type\":\"ReadAction\",\"target\":[\"https:\\\/\\\/www.telaled.com\\\/fabrica\\\/e-paper-digital-signage-serie-taa\\\/\"]}]},{\"@type\":\"ImageObject\",\"inLanguage\":\"tr\",\"@id\":\"https:\\\/\\\/www.telaled.com\\\/fabrica\\\/e-paper-digital-signage-serie-taa\\\/#primaryimage\",\"url\":\"https:\\\/\\\/www.telaled.com\\\/wp-content\\\/uploads\\\/2025\\\/10\\\/e-paper-digital-signage-1.webp\",\"contentUrl\":\"https:\\\/\\\/www.telaled.com\\\/wp-content\\\/uploads\\\/2025\\\/10\\\/e-paper-digital-signage-1.webp\",\"width\":500,\"height\":500,\"caption\":\"e-paper-digital-signage (1)\"},{\"@type\":\"BreadcrumbList\",\"@id\":\"https:\\\/\\\/www.telaled.com\\\/fabrica\\\/e-paper-digital-signage-serie-taa\\\/#breadcrumb\",\"itemListElement\":[{\"@type\":\"ListItem\",\"position\":1,\"name\":\"Home\",\"item\":\"https:\\\/\\\/www.telaled.com\\\/\"},{\"@type\":\"ListItem\",\"position\":2,\"name\":\"Produtos\",\"item\":\"https:\\\/\\\/www.telaled.com\\\/shop\\\/\"},{\"@type\":\"ListItem\",\"position\":3,\"name\":\"E-paper Digital Signage S\u00e9rie TAA\"}]},{\"@type\":\"WebSite\",\"@id\":\"https:\\\/\\\/www.telaled.com\\\/#website\",\"url\":\"https:\\\/\\\/www.telaled.com\\\/\",\"name\":\"TELALED\",\"description\":\"\",\"potentialAction\":[{\"@type\":\"SearchAction\",\"target\":{\"@type\":\"EntryPoint\",\"urlTemplate\":\"https:\\\/\\\/www.telaled.com\\\/?s={search_term_string}\"},\"query-input\":{\"@type\":\"PropertyValueSpecification\",\"valueRequired\":true,\"valueName\":\"search_term_string\"}}],\"inLanguage\":\"tr\"}]}<\/script>\n<!-- \/ Yoast SEO plugin. -->","yoast_head_json":{"title":"TAA Serisi E-ka\u011f\u0131t Dijital Tabela | D\u0131\u015f mekan reklamc\u0131l\u0131\u011f\u0131 i\u00e7in enerji tasarruflu tam renkli e-m\u00fcrekkep ekran\u0131 | TELALED","description":"Tam renkli teknolojiye sahip TAA Serisi Dijital Elektronik Ka\u011f\u0131t Tabelalar\u0131 ke\u015ffedin. D\u0131\u015f mekan reklamc\u0131l\u0131\u011f\u0131 i\u00e7in ideal olan bu seri, \u00e7ok d\u00fc\u015f\u00fck enerji t\u00fcketimi, y\u00fcksek g\u00f6r\u00fcn\u00fcrl\u00fck ve ak\u0131ll\u0131 dijital tabela i\u00e7in \u00e7evre dostu performans sunar.","robots":{"index":"index","follow":"follow","max-snippet":"max-snippet:-1","max-image-preview":"max-image-preview:large","max-video-preview":"max-video-preview:-1"},"canonical":"https:\/\/www.telaled.com\/tr\/fabrica\/e-paper-digital-signage-serie-taa\/","og_locale":"tr_TR","og_type":"article","og_title":"E-paper Digital Signage S\u00e9rie TAA | Tela de tinta eletr\u00f4nica colorida para publicidade externa com economia de energia | TELALED","og_description":"Conhe\u00e7a a S\u00e9rie TAA de Sinaliza\u00e7\u00e3o Digital em Papel Eletr\u00f4nico com tecnologia full-color. Ideal para publicidade externa, oferece baix\u00edssimo consumo de energia, alta visibilidade e desempenho ecol\u00f3gico para sinaliza\u00e7\u00e3o digital inteligente.","og_url":"https:\/\/www.telaled.com\/tr\/fabrica\/e-paper-digital-signage-serie-taa\/","og_site_name":"TELALED","article_modified_time":"2026-01-07T01:51:29+00:00","og_image":[{"width":500,"height":500,"url":"https:\/\/www.telaled.com\/wp-content\/uploads\/2025\/10\/e-paper-digital-signage-1.webp","type":"image\/webp"}],"twitter_card":"summary_large_image","twitter_misc":{"Est. reading time":"3 dakika"},"schema":{"@context":"https:\/\/schema.org","@graph":[{"@type":"WebPage","@id":"https:\/\/www.telaled.com\/fabrica\/e-paper-digital-signage-serie-taa\/","url":"https:\/\/www.telaled.com\/fabrica\/e-paper-digital-signage-serie-taa\/","name":"TAA Serisi E-ka\u011f\u0131t Dijital Tabela | D\u0131\u015f mekan reklamc\u0131l\u0131\u011f\u0131 i\u00e7in enerji tasarruflu tam renkli e-m\u00fcrekkep ekran\u0131 | TELALED","isPartOf":{"@id":"https:\/\/www.telaled.com\/#website"},"primaryImageOfPage":{"@id":"https:\/\/www.telaled.com\/fabrica\/e-paper-digital-signage-serie-taa\/#primaryimage"},"image":{"@id":"https:\/\/www.telaled.com\/fabrica\/e-paper-digital-signage-serie-taa\/#primaryimage"},"thumbnailUrl":"https:\/\/www.telaled.com\/wp-content\/uploads\/2025\/10\/e-paper-digital-signage-1.webp","datePublished":"2025-10-06T23:00:34+00:00","dateModified":"2026-01-07T01:51:29+00:00","description":"Tam renkli teknolojiye sahip TAA Serisi Dijital Elektronik Ka\u011f\u0131t Tabelalar\u0131 ke\u015ffedin. D\u0131\u015f mekan reklamc\u0131l\u0131\u011f\u0131 i\u00e7in ideal olan bu seri, \u00e7ok d\u00fc\u015f\u00fck enerji t\u00fcketimi, y\u00fcksek g\u00f6r\u00fcn\u00fcrl\u00fck ve ak\u0131ll\u0131 dijital tabela i\u00e7in \u00e7evre dostu performans sunar.","breadcrumb":{"@id":"https:\/\/www.telaled.com\/fabrica\/e-paper-digital-signage-serie-taa\/#breadcrumb"},"inLanguage":"tr","potentialAction":[{"@type":"ReadAction","target":["https:\/\/www.telaled.com\/fabrica\/e-paper-digital-signage-serie-taa\/"]}]},{"@type":"ImageObject","inLanguage":"tr","@id":"https:\/\/www.telaled.com\/fabrica\/e-paper-digital-signage-serie-taa\/#primaryimage","url":"https:\/\/www.telaled.com\/wp-content\/uploads\/2025\/10\/e-paper-digital-signage-1.webp","contentUrl":"https:\/\/www.telaled.com\/wp-content\/uploads\/2025\/10\/e-paper-digital-signage-1.webp","width":500,"height":500,"caption":"e-paper-digital-signage (1)"},{"@type":"BreadcrumbList","@id":"https:\/\/www.telaled.com\/fabrica\/e-paper-digital-signage-serie-taa\/#breadcrumb","itemListElement":[{"@type":"ListItem","position":1,"name":"Home","item":"https:\/\/www.telaled.com\/"},{"@type":"ListItem","position":2,"name":"Produtos","item":"https:\/\/www.telaled.com\/shop\/"},{"@type":"ListItem","position":3,"name":"E-paper Digital Signage S\u00e9rie TAA"}]},{"@type":"WebSite","@id":"https:\/\/www.telaled.com\/#website","url":"https:\/\/www.telaled.com\/","name":"LED Ekran","description":"","potentialAction":[{"@type":"SearchAction","target":{"@type":"EntryPoint","urlTemplate":"https:\/\/www.telaled.com\/?s={search_term_string}"},"query-input":{"@type":"PropertyValueSpecification","valueRequired":true,"valueName":"search_term_string"}}],"inLanguage":"tr"}]}},"_links":{"self":[{"href":"https:\/\/www.telaled.com\/tr\/wp-json\/wp\/v2\/product\/3807","targetHints":{"allow":["GET"]}}],"collection":[{"href":"https:\/\/www.telaled.com\/tr\/wp-json\/wp\/v2\/product"}],"about":[{"href":"https:\/\/www.telaled.com\/tr\/wp-json\/wp\/v2\/types\/product"}],"wp:featuredmedia":[{"embeddable":true,"href":"https:\/\/www.telaled.com\/tr\/wp-json\/wp\/v2\/media\/3810"}],"wp:attachment":[{"href":"https:\/\/www.telaled.com\/tr\/wp-json\/wp\/v2\/media?parent=3807"}],"wp:term":[{"taxonomy":"product_brand","embeddable":true,"href":"https:\/\/www.telaled.com\/tr\/wp-json\/wp\/v2\/product_brand?post=3807"},{"taxonomy":"product_cat","embeddable":true,"href":"https:\/\/www.telaled.com\/tr\/wp-json\/wp\/v2\/product_cat?post=3807"},{"taxonomy":"product_tag","embeddable":true,"href":"https:\/\/www.telaled.com\/tr\/wp-json\/wp\/v2\/product_tag?post=3807"}],"curies":[{"name":"wp","href":"https:\/\/api.w.org\/{rel}","templated":true}]}}