{"id":3786,"date":"2025-10-03T18:46:32","date_gmt":"2025-10-03T18:46:32","guid":{"rendered":"https:\/\/www.telaled.com\/?post_type=product&#038;p=3786"},"modified":"2026-01-07T01:39:05","modified_gmt":"2026-01-07T01:39:05","slug":"led-display-trailer-serie-tcr","status":"publish","type":"product","link":"https:\/\/www.telaled.com\/tr\/fabrica\/led-display-trailer-serie-tcr\/","title":{"rendered":"LED Ekranl\u0131 Treyler TCR Serisi"},"content":{"rendered":"<div class=\"row\"  id=\"row-1092149443\">\n\n\t<div id=\"col-228540550\" class=\"col small-12 large-12\"  >\n\t\t\t\t<div class=\"col-inner\"  >\n\t\t\t\n\t\t\t\n<h2><strong>TCR Serisi LED Ekranl\u0131 Treylerin Benzersiz Avantajlar\u0131<\/strong><\/h2>\n<h3><strong>Mobil Reklamc\u0131l\u0131\u011f\u0131n G\u00fcc\u00fc<\/strong><\/h3>\n<ul>\n<li>Treyler \u00fczerine monte edilmi\u015f tasar\u0131m\u0131, \u00e7e\u015fitli yerlere kolayca ta\u015f\u0131nmas\u0131na olanak tan\u0131r.<\/li>\n<li>H\u0131zl\u0131 kurulum ve s\u00f6kme, zamandan ve emekten tasarruf sa\u011flar.<\/li>\n<li>Hem k\u0131sa vadeli kampanyalar hem de tekrarlayan etkinlikler i\u00e7in m\u00fckemmel.<\/li>\n<\/ul>\n<h3><strong>D\u0131\u015f Mekan Ortamlar\u0131 \u0130\u00e7in Dayan\u0131kl\u0131 Yap\u0131<\/strong><\/h3>\n<ul>\n<li>Hava ko\u015fullar\u0131na dayan\u0131kl\u0131, uzun \u00f6m\u00fcrl\u00fc performans i\u00e7in tasarlanm\u0131\u015f LED paneller.<\/li>\n<li>S\u0131k seyahatlere dayanacak \u015fekilde tasarlanm\u0131\u015f, a\u011f\u0131r hizmet tipi r\u00f6mork yap\u0131s\u0131.<\/li>\n<li>Zorlu d\u0131\u015f ko\u015fullarda bile g\u00fcvenilir \u00e7al\u0131\u015fma.<\/li>\n<\/ul>\n<h3><strong>Dinamik \u0130\u00e7erik G\u00f6r\u00fcnt\u00fcleme<\/strong><\/h3>\n<ul>\n<li>Videolar\u0131, animasyonlar\u0131 ve canl\u0131 yay\u0131nlar\u0131 destekler.<\/li>\n<li>Etkile\u015fimi en \u00fcst d\u00fczeye \u00e7\u0131karmak i\u00e7in i\u00e7eri\u011fi ger\u00e7ek zamanl\u0131 olarak kolayca g\u00fcncelleyebilirsiniz.<\/li>\n<li>Birden fazla a\u00e7\u0131dan g\u00f6r\u00fcnt\u00fcleme, b\u00fcy\u00fck kalabal\u0131klar i\u00e7in g\u00f6r\u00fcn\u00fcrl\u00fc\u011f\u00fc sa\u011flar.<\/li>\n<\/ul>\n<h3><strong>Enerji Verimli \u00c7al\u0131\u015fma<\/strong><\/h3>\n<ul>\n<li>LED teknolojisi, <a href=\"https:\/\/www.telaled.com\/tr\/entendendo-o-consumo-de-energia-painel-de-led-quao-eficientes-sao-os-displays-de-led-modernos\/\">enerji t\u00fcketimi<\/a> D\u00fc\u015f\u00fck maliyetle bile muhte\u015fem g\u00f6r\u00fcnt\u00fcler sunuyor.<\/li>\n<li>Esnek kullan\u0131m i\u00e7in jenerat\u00f6r veya harici g\u00fc\u00e7 kayna\u011f\u0131yla uyumludur.<\/li>\n<li>Geleneksel ekran y\u00f6ntemine k\u0131yasla daha d\u00fc\u015f\u00fck i\u015fletme maliyetleri.<\/li>\n<\/ul>\n<h2>\u00dcr\u00fcn detaylar\u0131<\/h2>\n<ul>\n<li><strong>Y\u00fcksek Parlakl\u0131k ve Enerji Verimlili\u011fi<\/strong> 3.2\/4.2V d\u00fc\u015f\u00fck voltajl\u0131 bir sistemle \u00e7al\u0131\u015f\u0131r, <strong>LED Ekranl\u0131 Treyler TCR Serisi<\/strong> \u00dcr\u00fcn, \u2265 10.000 cd\/m\u00b2 t\u00fcketim de\u011ferine sahip 4535 adet y\u00fcksek parlakl\u0131kl\u0131 3&#039;\u00fc 1 arada LED kullan\u0131r. Parlakl\u0131k otomatik olarak ayarlanarak, d\u00fc\u015f\u00fck enerji t\u00fcketimini korurken gece veya g\u00fcnd\u00fcz net g\u00f6r\u00fcnt\u00fcler sa\u011flar.<\/li>\n<\/ul>\n<div class=\"row\"  id=\"row-532563162\">\n\n\t<div id=\"col-505537184\" class=\"col medium-10 small-12 large-10\"  >\n\t\t\t\t<div class=\"col-inner text-left\"  >\n\t\t\t\n\t\t\t\n\t<div class=\"img has-hover x md-x lg-x y md-y lg-y\" id=\"image_218090224\">\n\t\t\t\t\t\t\t\t<div class=\"img-inner dark\" >\n\t\t\t<img loading=\"lazy\" decoding=\"async\" width=\"788\" height=\"1024\" src=\"https:\/\/www.telaled.com\/wp-content\/uploads\/2025\/10\/High-Brightness-with-Energy-Efficiency-788x1024.webp\" class=\"attachment-large size-large\" alt=\"\" srcset=\"https:\/\/www.telaled.com\/wp-content\/uploads\/2025\/10\/High-Brightness-with-Energy-Efficiency-788x1024.webp 788w, https:\/\/www.telaled.com\/wp-content\/uploads\/2025\/10\/High-Brightness-with-Energy-Efficiency-231x300.webp 231w, https:\/\/www.telaled.com\/wp-content\/uploads\/2025\/10\/High-Brightness-with-Energy-Efficiency-768x998.webp 768w, https:\/\/www.telaled.com\/wp-content\/uploads\/2025\/10\/High-Brightness-with-Energy-Efficiency-9x12.webp 9w, https:\/\/www.telaled.com\/wp-content\/uploads\/2025\/10\/High-Brightness-with-Energy-Efficiency-600x780.webp 600w, https:\/\/www.telaled.com\/wp-content\/uploads\/2025\/10\/High-Brightness-with-Energy-Efficiency.webp 1000w\" sizes=\"auto, (max-width: 788px) 100vw, 788px\" \/>\t\t\t\t\t\t\n\t\t\t\t\t<\/div>\n\t\t\t\t\t\t\t\t\n<style>\n#image_218090224 {\n  width: 80%;\n}\n<\/style>\n\t<\/div>\n\t\n<ul>\n<li><strong>G\u00fcne\u015f enerjisiyle \u00e7al\u0131\u015fan ve y\u00fcksek kapasiteli bir bataryaya sahip.<\/strong> G\u00fcne\u015f enerjisiyle \u015farj \u00f6zelli\u011fi ve y\u00fcksek kapasiteli 9,6 kWh bataryas\u0131 sayesinde, r\u00f6mork LED ekran\u0131n y\u0131l boyunca kesintisiz \u00e7al\u0131\u015fmas\u0131n\u0131 sa\u011flayarak 365 g\u00fcn boyunca g\u00fcvenilir performans sunar.<\/li>\n<\/ul>\n\t<div class=\"img has-hover x md-x lg-x y md-y lg-y\" id=\"image_1571557951\">\n\t\t\t\t\t\t\t\t<div class=\"img-inner dark\" >\n\t\t\t<img loading=\"lazy\" decoding=\"async\" width=\"1000\" height=\"1300\" src=\"https:\/\/www.telaled.com\/wp-content\/uploads\/2025\/10\/Solar-with-Large-Battery.webp\" class=\"attachment-original size-original\" alt=\"\" srcset=\"https:\/\/www.telaled.com\/wp-content\/uploads\/2025\/10\/Solar-with-Large-Battery.webp 1000w, https:\/\/www.telaled.com\/wp-content\/uploads\/2025\/10\/Solar-with-Large-Battery-231x300.webp 231w, https:\/\/www.telaled.com\/wp-content\/uploads\/2025\/10\/Solar-with-Large-Battery-788x1024.webp 788w, https:\/\/www.telaled.com\/wp-content\/uploads\/2025\/10\/Solar-with-Large-Battery-768x998.webp 768w, https:\/\/www.telaled.com\/wp-content\/uploads\/2025\/10\/Solar-with-Large-Battery-9x12.webp 9w, https:\/\/www.telaled.com\/wp-content\/uploads\/2025\/10\/Solar-with-Large-Battery-600x780.webp 600w\" sizes=\"auto, (max-width: 1000px) 100vw, 1000px\" \/>\t\t\t\t\t\t\n\t\t\t\t\t<\/div>\n\t\t\t\t\t\t\t\t\n<style>\n#image_1571557951 {\n  width: 80%;\n}\n<\/style>\n\t<\/div>\n\t\n<ul>\n<li><strong>Geli\u015fmi\u015f Is\u0131 Da\u011f\u0131t\u0131m\u0131<\/strong> Kasa i\u00e7inde y\u00fcksek ak\u0131\u015fl\u0131 negatif bas\u0131n\u00e7l\u0131 so\u011futma ile tasarlanan sistem, verimli \u0131s\u0131 da\u011f\u0131l\u0131m\u0131 sa\u011flar. Bu da sistemin s\u0131cakl\u0131\u011f\u0131n\u0131 korur. <strong>LED Ekranl\u0131 Treyler TCR Serisi<\/strong> Sorunsuz \u00e7al\u0131\u015f\u0131r ve bile\u015fenlerin \u00f6mr\u00fcn\u00fc uzat\u0131r.<\/li>\n<\/ul>\n\t<div class=\"img has-hover x md-x lg-x y md-y lg-y\" id=\"image_909887802\">\n\t\t\t\t\t\t\t\t<div class=\"img-inner dark\" >\n\t\t\t<img loading=\"lazy\" decoding=\"async\" width=\"788\" height=\"1024\" src=\"https:\/\/www.telaled.com\/wp-content\/uploads\/2025\/10\/Heat-Dissipation-788x1024.webp\" class=\"attachment-large size-large\" alt=\"Is\u0131 da\u011f\u0131l\u0131m\u0131\" srcset=\"https:\/\/www.telaled.com\/wp-content\/uploads\/2025\/10\/Heat-Dissipation-788x1024.webp 788w, https:\/\/www.telaled.com\/wp-content\/uploads\/2025\/10\/Heat-Dissipation-231x300.webp 231w, https:\/\/www.telaled.com\/wp-content\/uploads\/2025\/10\/Heat-Dissipation-768x998.webp 768w, https:\/\/www.telaled.com\/wp-content\/uploads\/2025\/10\/Heat-Dissipation-9x12.webp 9w, https:\/\/www.telaled.com\/wp-content\/uploads\/2025\/10\/Heat-Dissipation-600x780.webp 600w, https:\/\/www.telaled.com\/wp-content\/uploads\/2025\/10\/Heat-Dissipation.webp 1000w\" sizes=\"auto, (max-width: 788px) 100vw, 788px\" \/>\t\t\t\t\t\t\n\t\t\t\t\t<\/div>\n\t\t\t\t\t\t\t\t\n<style>\n#image_909887802 {\n  width: 80%;\n}\n<\/style>\n\t<\/div>\n\t\n<ul>\n<li><strong>Hidrolik kald\u0131rma ve 360\u00b0 d\u00f6n\u00fc\u015f<\/strong> Ekran 1 metreye kadar y\u00fckseltilebilir ve 360 derece d\u00f6nd\u00fcr\u00fclebilir; bu sayede mesajlar, maksimum izleyici kitlesine ula\u015fmak i\u00e7in istenilen y\u00fckseklik ve a\u00e7\u0131da g\u00f6r\u00fcnt\u00fclenebilir.<\/li>\n<\/ul>\n\t<div class=\"img has-hover x md-x lg-x y md-y lg-y\" id=\"image_703437795\">\n\t\t\t\t\t\t\t\t<div class=\"img-inner dark\" >\n\t\t\t<img loading=\"lazy\" decoding=\"async\" width=\"788\" height=\"1024\" src=\"https:\/\/www.telaled.com\/wp-content\/uploads\/2025\/10\/Hydraulic-Lift-788x1024.webp\" class=\"attachment-large size-large\" alt=\"\" srcset=\"https:\/\/www.telaled.com\/wp-content\/uploads\/2025\/10\/Hydraulic-Lift-788x1024.webp 788w, https:\/\/www.telaled.com\/wp-content\/uploads\/2025\/10\/Hydraulic-Lift-231x300.webp 231w, https:\/\/www.telaled.com\/wp-content\/uploads\/2025\/10\/Hydraulic-Lift-768x998.webp 768w, https:\/\/www.telaled.com\/wp-content\/uploads\/2025\/10\/Hydraulic-Lift-9x12.webp 9w, https:\/\/www.telaled.com\/wp-content\/uploads\/2025\/10\/Hydraulic-Lift-600x780.webp 600w, https:\/\/www.telaled.com\/wp-content\/uploads\/2025\/10\/Hydraulic-Lift.webp 1000w\" sizes=\"auto, (max-width: 788px) 100vw, 788px\" \/>\t\t\t\t\t\t\n\t\t\t\t\t<\/div>\n\t\t\t\t\t\t\t\t\n<style>\n#image_703437795 {\n  width: 80%;\n}\n<\/style>\n\t<\/div>\n\t\n<ul>\n<li>O <strong>LED Ekranl\u0131 Treyler TCR Serisi<\/strong> Uzun mesafeli ta\u015f\u0131maya dayanacak \u015fekilde sa\u011flam, g\u00fc\u00e7lendirilmi\u015f ah\u015fap kasalara paketlenmi\u015ftir. Her bir \u00fcnite, darbelere veya ha\u015ferelere kar\u015f\u0131 hasar\u0131 \u00f6nlemek i\u00e7in s\u0131k\u0131ca sabitlenmi\u015ftir ve kusursuz \u00e7al\u0131\u015f\u0131r durumda ula\u015fmas\u0131 sa\u011flanm\u0131\u015ft\u0131r.<\/li>\n<\/ul>\n\t<div class=\"img has-hover x md-x lg-x y md-y lg-y\" id=\"image_2101453925\">\n\t\t\t\t\t\t\t\t<div class=\"img-inner dark\" >\n\t\t\t<img loading=\"lazy\" decoding=\"async\" width=\"760\" height=\"1024\" src=\"https:\/\/www.telaled.com\/wp-content\/uploads\/2025\/08\/36123f2c-de60-488d-af81-255cd4aee54a-760x1024.webp\" class=\"attachment-large size-large\" alt=\"\" srcset=\"https:\/\/www.telaled.com\/wp-content\/uploads\/2025\/08\/36123f2c-de60-488d-af81-255cd4aee54a-760x1024.webp 760w, https:\/\/www.telaled.com\/wp-content\/uploads\/2025\/08\/36123f2c-de60-488d-af81-255cd4aee54a-223x300.webp 223w, https:\/\/www.telaled.com\/wp-content\/uploads\/2025\/08\/36123f2c-de60-488d-af81-255cd4aee54a-768x1035.webp 768w, https:\/\/www.telaled.com\/wp-content\/uploads\/2025\/08\/36123f2c-de60-488d-af81-255cd4aee54a-9x12.webp 9w, https:\/\/www.telaled.com\/wp-content\/uploads\/2025\/08\/36123f2c-de60-488d-af81-255cd4aee54a-600x808.webp 600w, https:\/\/www.telaled.com\/wp-content\/uploads\/2025\/08\/36123f2c-de60-488d-af81-255cd4aee54a.webp 795w\" sizes=\"auto, (max-width: 760px) 100vw, 760px\" \/>\t\t\t\t\t\t\n\t\t\t\t\t<\/div>\n\t\t\t\t\t\t\t\t\n<style>\n#image_2101453925 {\n  width: 80%;\n}\n<\/style>\n\t<\/div>\n\t\n\n<table id=\"tablepress-97\" class=\"tablepress tablepress-id-97\">\n<thead>\n<tr class=\"row-1\">\n\t<th colspan=\"4\" class=\"column-1\">\u00dcr\u00fcn parametreleri<\/th>\n<\/tr>\n<\/thead>\n<tbody class=\"row-striping row-hover\">\n<tr class=\"row-2\">\n\t<td class=\"column-1\">Pikseller aras\u0131 mesafe (mm)<\/td><td class=\"column-2\">6,67<\/td><td class=\"column-3\"><\/td><td class=\"column-4\"><\/td>\n<\/tr>\n<tr class=\"row-3\">\n\t<td class=\"column-1\">Piksel yo\u011funlu\u011fu (nokta\/m\u00b2)<\/td><td class=\"column-2\">22478<\/td><td class=\"column-3\"><\/td><td class=\"column-4\"><\/td>\n<\/tr>\n<tr class=\"row-4\">\n\t<td class=\"column-1\">LED kaps\u00fclleme<\/td><td class=\"column-2\">SMD 4535<\/td><td class=\"column-3\"><\/td><td class=\"column-4\"><\/td>\n<\/tr>\n<tr class=\"row-5\">\n\t<td class=\"column-1\">S\u00fcr\u00fc\u015f y\u00f6ntemi<\/td><td class=\"column-2\">1\/8<\/td><td class=\"column-3\"><\/td><td class=\"column-4\"><\/td>\n<\/tr>\n<tr class=\"row-6\">\n\t<td class=\"column-1\">Mod\u00fcl \u00e7\u00f6z\u00fcn\u00fcrl\u00fc\u011f\u00fc (nokta)<\/td><td class=\"column-2\">48*28<\/td><td class=\"column-3\"><\/td><td class=\"column-4\"><\/td>\n<\/tr>\n<tr class=\"row-7\">\n\t<td class=\"column-1\">Mod\u00fcl boyutu (mm)<\/td><td class=\"column-2\">320*160<\/td><td class=\"column-3\"><\/td><td class=\"column-4\"><\/td>\n<\/tr>\n<tr class=\"row-8\">\n\t<td class=\"column-1\">Mod\u00fcl g\u00fc\u00e7 t\u00fcketimi (W)<\/td><td class=\"column-2\">\u226418<\/td><td class=\"column-3\"><\/td><td class=\"column-4\"><\/td>\n<\/tr>\n<tr class=\"row-9\">\n\t<td class=\"column-1\">\u00c7al\u0131\u015fma gerilimi (V)<\/td><td class=\"column-2\">DC 3.2\/4.2<\/td><td class=\"column-3\"><\/td><td class=\"column-4\"><\/td>\n<\/tr>\n<tr class=\"row-10\">\n\t<td class=\"column-1\">Maksimum t\u00fcketim (W\/m\u00b2)<\/td><td class=\"column-2\"><350<\/td><td class=\"column-3\"><\/td><td class=\"column-4\"><\/td>\n<\/tr>\n<tr class=\"row-11\">\n\t<td class=\"column-1\">Ortalama t\u00fcketim (W\/m\u00b2)<\/td><td class=\"column-2\"><120<\/td><td class=\"column-3\"><\/td><td class=\"column-4\"><\/td>\n<\/tr>\n<tr class=\"row-12\">\n\t<td class=\"column-1\">Parlakl\u0131k (CD\/m\u00b2)<\/td><td class=\"column-2\">10000<\/td><td class=\"column-3\"><\/td><td class=\"column-4\"><\/td>\n<\/tr>\n<tr class=\"row-13\">\n\t<td class=\"column-1\">Renk s\u0131cakl\u0131\u011f\u0131 (K)<\/td><td class=\"column-2\">6000~8000<\/td><td class=\"column-3\"><\/td><td class=\"column-4\"><\/td>\n<\/tr>\n<tr class=\"row-14\">\n\t<td class=\"column-1\">Mele\u011fi g\u00f6r\u00fcn (H\/V)<\/td><td class=\"column-2\">120\u00b0<\/td><td class=\"column-3\"><\/td><td class=\"column-4\"><\/td>\n<\/tr>\n<tr class=\"row-15\">\n\t<td class=\"column-1\">Yenileme h\u0131z\u0131 (Hz)<\/td><td class=\"column-2\">3840<\/td><td class=\"column-3\"><\/td><td class=\"column-4\"><\/td>\n<\/tr>\n<tr class=\"row-16\">\n\t<td class=\"column-1\">\u00c7al\u0131\u015fma s\u0131cakl\u0131\u011f\u0131 (\u00b0C)<\/td><td class=\"column-2\">-20~50<\/td><td class=\"column-3\"><\/td><td class=\"column-4\"><\/td>\n<\/tr>\n<tr class=\"row-17\">\n\t<td class=\"column-1\">Koruma Derecesi (\u00d6n\/Arka)<\/td><td class=\"column-2\">IP65|IP54<\/td><td class=\"column-3\"><\/td><td class=\"column-4\"><\/td>\n<\/tr>\n<tr class=\"row-18\">\n\t<td class=\"column-1\">Gri \/ \u00d6l\u00e7ek (bit)<\/td><td class=\"column-2\">13<\/td><td class=\"column-3\"><\/td><td class=\"column-4\"><\/td>\n<\/tr>\n<\/tbody>\n<\/table>\n<!-- #tablepress-97 from cache -->\n\t\t<\/div>\n\t\t\t\t\t<\/div>\n\n\t\n<\/div>\n\t\t<\/div>\n\t\t\t\t\t<\/div>\n\n\t\n<\/div>","protected":false},"excerpt":{"rendered":"<p><strong>LED Ekranl\u0131 Tan\u0131t\u0131m Arac\u0131 \u2013 Mobil Reklamc\u0131l\u0131k Art\u0131k \u00c7ok Kolay<\/strong><\/p>\n<p><em><strong>LED Ekranl\u0131 Treyler TCR Serisi<\/strong><\/em> Hareketlili\u011fi ve g\u00fc\u00e7l\u00fc g\u00f6rselleri tek bir \u00e7\u00f6z\u00fcmde birle\u015ftiriyor. Treyler \u00fczerine monte edilmi\u015f y\u00fcksek kaliteli LED panellerden olu\u015fan bu sistem, mesaj\u0131n\u0131z\u0131 her yere g\u00f6t\u00fcrmenizi ve hedef kitlenize ger\u00e7ek zamanl\u0131 olarak ula\u015fman\u0131z\u0131 sa\u011fl\u0131yor.<\/p>\n<p><strong>4 Ana Fayda:<\/strong><\/p>\n<ul>\n<li><strong>Hareketlilik<\/strong> \u2013 \u0130stedi\u011finiz yere \u00e7ekin ve an\u0131nda reklam eri\u015fimi i\u00e7in h\u0131zl\u0131ca kurun.<\/li>\n<li><strong>Y\u00fcksek g\u00f6r\u00fcn\u00fcrl\u00fck<\/strong> Parlak LED ekranlar, i\u00e7eri\u011finizin gece g\u00fcnd\u00fcz \u00f6ne \u00e7\u0131kmas\u0131n\u0131 sa\u011flar.<\/li>\n<li><strong>Esnek kullan\u0131m<\/strong> \u0130dealdir <a href=\"https:\/\/www.telaled.com\/tr\/painel-de-led-para-eventos\/\">olaylar<\/a> A\u00e7\u0131k hava etkinlikleri, tan\u0131t\u0131mlar, siyasi kampanyalar ve marka aktivasyonlar\u0131.<\/li>\n<li><strong>Ekonomik<\/strong> \u2013 Sabit reklam panolar\u0131n\u0131n y\u00fcksek maliyetleri olmadan geni\u015f \u00e7apl\u0131 g\u00f6r\u00fcn\u00fcrl\u00fck sa\u011flar.<\/li>\n<\/ul>\n<p><span style=\"font-weight: 400;\">Ekibimiz 7\/24 uzaktan destek ve 3 y\u0131l garanti sunmaktad\u0131r. Ki\u015fiselle\u015ftirilmi\u015f fiyat teklifi i\u00e7in bug\u00fcn bizimle ileti\u015fime ge\u00e7in.<\/span><\/p>","protected":false},"featured_media":3817,"template":"","meta":[],"product_brand":[],"product_cat":[48,40,44,46],"product_tag":[],"class_list":{"0":"post-3786","1":"product","2":"type-product","3":"status-publish","4":"has-post-thumbnail","6":"product_cat-paineis-personalizados","7":"product_cat-painel-de-led","8":"product_cat-painel-de-led-flexivel","9":"product_cat-painel-de-video","11":"first","12":"instock","13":"shipping-taxable","14":"product-type-simple"},"yoast_head":"<!-- This site is optimized with the Yoast SEO plugin v27.4 - https:\/\/yoast.com\/product\/yoast-seo-wordpress\/ -->\n<title>LED Display Trailer S\u00e9rie TCR | TELALED<\/title>\n<meta name=\"description\" content=\"LED Display Trailer S\u00e9rie TCR - um outdoor digital m\u00f3vel com telas de LED brilhantes, configura\u00e7\u00e3o flex\u00edvel e alta visibilidade para eventos ao ar livre.\" \/>\n<meta name=\"robots\" content=\"index, follow, max-snippet:-1, max-image-preview:large, max-video-preview:-1\" \/>\n<link rel=\"canonical\" href=\"https:\/\/www.telaled.com\/tr\/fabrica\/led-display-trailer-serie-tcr\/\" \/>\n<meta property=\"og:locale\" content=\"tr_TR\" \/>\n<meta property=\"og:type\" content=\"article\" \/>\n<meta property=\"og:title\" content=\"LED Display Trailer S\u00e9rie TCR | TELALED\" \/>\n<meta property=\"og:description\" content=\"LED Display Trailer S\u00e9rie TCR - um outdoor digital m\u00f3vel com telas de LED brilhantes, configura\u00e7\u00e3o flex\u00edvel e alta visibilidade para eventos ao ar livre.\" \/>\n<meta property=\"og:url\" content=\"https:\/\/www.telaled.com\/tr\/fabrica\/led-display-trailer-serie-tcr\/\" \/>\n<meta property=\"og:site_name\" content=\"TELALED\" \/>\n<meta property=\"article:modified_time\" content=\"2026-01-07T01:39:05+00:00\" \/>\n<meta property=\"og:image\" content=\"https:\/\/www.telaled.com\/wp-content\/uploads\/2025\/10\/LED-Display-Trailer-5.webp\" \/>\n\t<meta property=\"og:image:width\" content=\"500\" \/>\n\t<meta property=\"og:image:height\" content=\"500\" \/>\n\t<meta property=\"og:image:type\" content=\"image\/webp\" \/>\n<meta name=\"twitter:card\" content=\"summary_large_image\" \/>\n<meta name=\"twitter:label1\" content=\"Est. reading time\" \/>\n\t<meta name=\"twitter:data1\" content=\"3 dakika\" \/>\n<script type=\"application\/ld+json\" class=\"yoast-schema-graph\">{\"@context\":\"https:\\\/\\\/schema.org\",\"@graph\":[{\"@type\":\"WebPage\",\"@id\":\"https:\\\/\\\/www.telaled.com\\\/fabrica\\\/led-display-trailer-serie-tcr\\\/\",\"url\":\"https:\\\/\\\/www.telaled.com\\\/fabrica\\\/led-display-trailer-serie-tcr\\\/\",\"name\":\"LED Display Trailer S\u00e9rie TCR | TELALED\",\"isPartOf\":{\"@id\":\"https:\\\/\\\/www.telaled.com\\\/#website\"},\"primaryImageOfPage\":{\"@id\":\"https:\\\/\\\/www.telaled.com\\\/fabrica\\\/led-display-trailer-serie-tcr\\\/#primaryimage\"},\"image\":{\"@id\":\"https:\\\/\\\/www.telaled.com\\\/fabrica\\\/led-display-trailer-serie-tcr\\\/#primaryimage\"},\"thumbnailUrl\":\"https:\\\/\\\/www.telaled.com\\\/wp-content\\\/uploads\\\/2025\\\/10\\\/LED-Display-Trailer-5.webp\",\"datePublished\":\"2025-10-03T18:46:32+00:00\",\"dateModified\":\"2026-01-07T01:39:05+00:00\",\"description\":\"LED Display Trailer S\u00e9rie TCR - um outdoor digital m\u00f3vel com telas de LED brilhantes, configura\u00e7\u00e3o flex\u00edvel e alta visibilidade para eventos ao ar livre.\",\"breadcrumb\":{\"@id\":\"https:\\\/\\\/www.telaled.com\\\/fabrica\\\/led-display-trailer-serie-tcr\\\/#breadcrumb\"},\"inLanguage\":\"tr\",\"potentialAction\":[{\"@type\":\"ReadAction\",\"target\":[\"https:\\\/\\\/www.telaled.com\\\/fabrica\\\/led-display-trailer-serie-tcr\\\/\"]}]},{\"@type\":\"ImageObject\",\"inLanguage\":\"tr\",\"@id\":\"https:\\\/\\\/www.telaled.com\\\/fabrica\\\/led-display-trailer-serie-tcr\\\/#primaryimage\",\"url\":\"https:\\\/\\\/www.telaled.com\\\/wp-content\\\/uploads\\\/2025\\\/10\\\/LED-Display-Trailer-5.webp\",\"contentUrl\":\"https:\\\/\\\/www.telaled.com\\\/wp-content\\\/uploads\\\/2025\\\/10\\\/LED-Display-Trailer-5.webp\",\"width\":500,\"height\":500,\"caption\":\"LED Display Trailer 5\"},{\"@type\":\"BreadcrumbList\",\"@id\":\"https:\\\/\\\/www.telaled.com\\\/fabrica\\\/led-display-trailer-serie-tcr\\\/#breadcrumb\",\"itemListElement\":[{\"@type\":\"ListItem\",\"position\":1,\"name\":\"Home\",\"item\":\"https:\\\/\\\/www.telaled.com\\\/\"},{\"@type\":\"ListItem\",\"position\":2,\"name\":\"Produtos\",\"item\":\"https:\\\/\\\/www.telaled.com\\\/shop\\\/\"},{\"@type\":\"ListItem\",\"position\":3,\"name\":\"LED Display Trailer S\u00e9rie TCR\"}]},{\"@type\":\"WebSite\",\"@id\":\"https:\\\/\\\/www.telaled.com\\\/#website\",\"url\":\"https:\\\/\\\/www.telaled.com\\\/\",\"name\":\"TELALED\",\"description\":\"\",\"potentialAction\":[{\"@type\":\"SearchAction\",\"target\":{\"@type\":\"EntryPoint\",\"urlTemplate\":\"https:\\\/\\\/www.telaled.com\\\/?s={search_term_string}\"},\"query-input\":{\"@type\":\"PropertyValueSpecification\",\"valueRequired\":true,\"valueName\":\"search_term_string\"}}],\"inLanguage\":\"tr\"}]}<\/script>\n<!-- \/ Yoast SEO plugin. -->","yoast_head_json":{"title":"LED Ekranl\u0131 Treyler TCR Serisi | LED EKRAN","description":"TCR Serisi LED Ekranl\u0131 Dijital Reklam Panosu - d\u0131\u015f mekan etkinlikleri i\u00e7in parlak LED ekranlara, esnek konfig\u00fcrasyona ve y\u00fcksek g\u00f6r\u00fcn\u00fcrl\u00fc\u011fe sahip mobil bir dijital reklam panosu.","robots":{"index":"index","follow":"follow","max-snippet":"max-snippet:-1","max-image-preview":"max-image-preview:large","max-video-preview":"max-video-preview:-1"},"canonical":"https:\/\/www.telaled.com\/tr\/fabrica\/led-display-trailer-serie-tcr\/","og_locale":"tr_TR","og_type":"article","og_title":"LED Display Trailer S\u00e9rie TCR | TELALED","og_description":"LED Display Trailer S\u00e9rie TCR - um outdoor digital m\u00f3vel com telas de LED brilhantes, configura\u00e7\u00e3o flex\u00edvel e alta visibilidade para eventos ao ar livre.","og_url":"https:\/\/www.telaled.com\/tr\/fabrica\/led-display-trailer-serie-tcr\/","og_site_name":"TELALED","article_modified_time":"2026-01-07T01:39:05+00:00","og_image":[{"width":500,"height":500,"url":"https:\/\/www.telaled.com\/wp-content\/uploads\/2025\/10\/LED-Display-Trailer-5.webp","type":"image\/webp"}],"twitter_card":"summary_large_image","twitter_misc":{"Est. reading time":"3 dakika"},"schema":{"@context":"https:\/\/schema.org","@graph":[{"@type":"WebPage","@id":"https:\/\/www.telaled.com\/fabrica\/led-display-trailer-serie-tcr\/","url":"https:\/\/www.telaled.com\/fabrica\/led-display-trailer-serie-tcr\/","name":"LED Ekranl\u0131 Treyler TCR Serisi | LED EKRAN","isPartOf":{"@id":"https:\/\/www.telaled.com\/#website"},"primaryImageOfPage":{"@id":"https:\/\/www.telaled.com\/fabrica\/led-display-trailer-serie-tcr\/#primaryimage"},"image":{"@id":"https:\/\/www.telaled.com\/fabrica\/led-display-trailer-serie-tcr\/#primaryimage"},"thumbnailUrl":"https:\/\/www.telaled.com\/wp-content\/uploads\/2025\/10\/LED-Display-Trailer-5.webp","datePublished":"2025-10-03T18:46:32+00:00","dateModified":"2026-01-07T01:39:05+00:00","description":"TCR Serisi LED Ekranl\u0131 Dijital Reklam Panosu - d\u0131\u015f mekan etkinlikleri i\u00e7in parlak LED ekranlara, esnek konfig\u00fcrasyona ve y\u00fcksek g\u00f6r\u00fcn\u00fcrl\u00fc\u011fe sahip mobil bir dijital reklam panosu.","breadcrumb":{"@id":"https:\/\/www.telaled.com\/fabrica\/led-display-trailer-serie-tcr\/#breadcrumb"},"inLanguage":"tr","potentialAction":[{"@type":"ReadAction","target":["https:\/\/www.telaled.com\/fabrica\/led-display-trailer-serie-tcr\/"]}]},{"@type":"ImageObject","inLanguage":"tr","@id":"https:\/\/www.telaled.com\/fabrica\/led-display-trailer-serie-tcr\/#primaryimage","url":"https:\/\/www.telaled.com\/wp-content\/uploads\/2025\/10\/LED-Display-Trailer-5.webp","contentUrl":"https:\/\/www.telaled.com\/wp-content\/uploads\/2025\/10\/LED-Display-Trailer-5.webp","width":500,"height":500,"caption":"LED Display Trailer 5"},{"@type":"BreadcrumbList","@id":"https:\/\/www.telaled.com\/fabrica\/led-display-trailer-serie-tcr\/#breadcrumb","itemListElement":[{"@type":"ListItem","position":1,"name":"Home","item":"https:\/\/www.telaled.com\/"},{"@type":"ListItem","position":2,"name":"Produtos","item":"https:\/\/www.telaled.com\/shop\/"},{"@type":"ListItem","position":3,"name":"LED Display Trailer S\u00e9rie TCR"}]},{"@type":"WebSite","@id":"https:\/\/www.telaled.com\/#website","url":"https:\/\/www.telaled.com\/","name":"LED Ekran","description":"","potentialAction":[{"@type":"SearchAction","target":{"@type":"EntryPoint","urlTemplate":"https:\/\/www.telaled.com\/?s={search_term_string}"},"query-input":{"@type":"PropertyValueSpecification","valueRequired":true,"valueName":"search_term_string"}}],"inLanguage":"tr"}]}},"_links":{"self":[{"href":"https:\/\/www.telaled.com\/tr\/wp-json\/wp\/v2\/product\/3786","targetHints":{"allow":["GET"]}}],"collection":[{"href":"https:\/\/www.telaled.com\/tr\/wp-json\/wp\/v2\/product"}],"about":[{"href":"https:\/\/www.telaled.com\/tr\/wp-json\/wp\/v2\/types\/product"}],"wp:featuredmedia":[{"embeddable":true,"href":"https:\/\/www.telaled.com\/tr\/wp-json\/wp\/v2\/media\/3817"}],"wp:attachment":[{"href":"https:\/\/www.telaled.com\/tr\/wp-json\/wp\/v2\/media?parent=3786"}],"wp:term":[{"taxonomy":"product_brand","embeddable":true,"href":"https:\/\/www.telaled.com\/tr\/wp-json\/wp\/v2\/product_brand?post=3786"},{"taxonomy":"product_cat","embeddable":true,"href":"https:\/\/www.telaled.com\/tr\/wp-json\/wp\/v2\/product_cat?post=3786"},{"taxonomy":"product_tag","embeddable":true,"href":"https:\/\/www.telaled.com\/tr\/wp-json\/wp\/v2\/product_tag?post=3786"}],"curies":[{"name":"wp","href":"https:\/\/api.w.org\/{rel}","templated":true}]}}