{"id":3751,"date":"2025-10-02T18:10:45","date_gmt":"2025-10-02T18:10:45","guid":{"rendered":"https:\/\/www.telaled.com\/?post_type=product&#038;p=3751"},"modified":"2025-12-27T08:01:12","modified_gmt":"2025-12-27T08:01:12","slug":"placar-eletronico-para-basquete-serie-tee","status":"publish","type":"product","link":"https:\/\/www.telaled.com\/tr\/fabrica\/placar-eletronico-para-basquete-serie-tee\/","title":{"rendered":"Basketbol i\u00e7in Elektronik Skorbord, TEE Serisi"},"content":{"rendered":"<div class=\"row\"  id=\"row-566391463\">\n\n\t<div id=\"col-1700293424\" class=\"col small-12 large-12\"  >\n\t\t\t\t<div class=\"col-inner\"  >\n\t\t\t\n\t\t\t\n<h2><strong>TEE Serisi Basketbol i\u00e7in Elektronik Skorbordun \u00d6zel Avantajlar\u0131<\/strong><\/h2>\n<h3><strong>Profesyonel Anakart<\/strong><\/h3>\n<ul>\n<li>Sa\u011flam, \u00e7ok katmanl\u0131 tasar\u0131m, oyun i\u00e7i performans\u0131n tutarl\u0131 olmas\u0131n\u0131 sa\u011flar.<\/li>\n<li>Optimize edilmi\u015f yerle\u015fim, a\u015f\u0131r\u0131 \u0131s\u0131nmay\u0131 ve ar\u0131zalar\u0131 \u00f6nler.<\/li>\n<li>Uzun kullan\u0131m \u00f6mr\u00fc ve minimum bak\u0131m gereksinimi.<\/li>\n<\/ul>\n<h3><strong>Kablosuz Uzaktan Kumanda<\/strong><\/h3>\n<ul>\n<li>Tek tu\u015fla kolay puanlama ve zaman ayarlamalar\u0131.<\/li>\n<li>30 metreye kadar etkili \u00e7al\u0131\u015fma menzili.<\/li>\n<li>H\u0131zl\u0131 ma\u00e7 y\u00f6netimi i\u00e7in esnek d\u00fczenleme i\u015flevleri.<\/li>\n<\/ul>\n<h3><strong>Dayan\u0131kl\u0131 Ala\u015f\u0131m Yap\u0131s\u0131<\/strong><\/h3>\n<ul>\n<li>Sa\u011flam ama hafif yap\u0131s\u0131 sayesinde hem denge hem de ta\u015f\u0131nabilirlik sa\u011flar.<\/li>\n<li>Yo\u011fun oyun oynama s\u0131ras\u0131nda darbelere ve g\u00fcnl\u00fck a\u015f\u0131nmaya kar\u015f\u0131 dayan\u0131kl\u0131d\u0131r.<\/li>\n<li>Birden fazla sezon boyunca dayanacak \u015fekilde \u00fcretilmi\u015ftir.<\/li>\n<\/ul>\n<h3><strong>Y\u00fcksek \u00c7\u00f6z\u00fcn\u00fcrl\u00fckl\u00fc LED Ekran<\/strong><\/h3>\n<ul>\n<li>B\u00fcy\u00fck, parlak rakamlar, b\u00fcy\u00fck arenalarda bile g\u00f6r\u00fclebilir.<\/li>\n<li>Puanlar\u0131, devams\u0131zl\u0131klar\u0131, s\u00fcreleri ve zaman\u0131 do\u011fru bir \u015fekilde izler.<\/li>\n<li>Skorlar\u0131 her a\u00e7\u0131dan net bir \u015fekilde g\u00f6stererek izleyiciyi etkile\u015fime ge\u00e7iriyor.<\/li>\n<\/ul>\n<h2><strong>\u00dcr\u00fcn detaylar\u0131<\/strong><\/h2>\n<div class=\"row\"  id=\"row-93374860\">\n\n\t<div id=\"col-2047938669\" class=\"col medium-10 small-12 large-10\"  >\n\t\t\t\t<div class=\"col-inner text-left\"  >\n\t\t\t\n\t\t\t\n<ul>\n<li><strong>Tam Oyun Kontrol Paneli<\/strong> O <strong>Basketbol i\u00e7in Elektronik Skorbord, TEE Serisi<\/strong> Oyun duraklamalar\u0131n\u0131, faulleri, ev ve deplasman skorlar\u0131n\u0131 ve 14\/24 saniyelik \u015fut sayac\u0131n\u0131 g\u00f6sterir. Sorunsuz kullan\u0131m i\u00e7in \u00f6zel bir oyun kumandas\u0131 ve \u00f6nemli anlar\u0131 bildirmek i\u00e7in entegre bir zil sesi ile birlikte gelir, b\u00f6ylece hassas ve profesyonel ma\u00e7 y\u00f6netimi sa\u011flan\u0131r.<\/li>\n<\/ul>\n\t<div class=\"img has-hover x md-x lg-x y md-y lg-y\" id=\"image_1040303373\">\n\t\t\t\t\t\t\t\t<div class=\"img-inner dark\" >\n\t\t\t<img loading=\"lazy\" decoding=\"async\" width=\"800\" height=\"800\" src=\"https:\/\/www.telaled.com\/wp-content\/uploads\/2025\/10\/Scoreboard-Features-Game-Display.webp\" class=\"attachment-large size-large\" alt=\"Basketbol i\u00e7in Elektronik Skor Panosu - Oyun Ekran\u0131\" srcset=\"https:\/\/www.telaled.com\/wp-content\/uploads\/2025\/10\/Scoreboard-Features-Game-Display.webp 800w, https:\/\/www.telaled.com\/wp-content\/uploads\/2025\/10\/Scoreboard-Features-Game-Display-300x300.webp 300w, https:\/\/www.telaled.com\/wp-content\/uploads\/2025\/10\/Scoreboard-Features-Game-Display-150x150.webp 150w, https:\/\/www.telaled.com\/wp-content\/uploads\/2025\/10\/Scoreboard-Features-Game-Display-768x768.webp 768w, https:\/\/www.telaled.com\/wp-content\/uploads\/2025\/10\/Scoreboard-Features-Game-Display-12x12.webp 12w, https:\/\/www.telaled.com\/wp-content\/uploads\/2025\/10\/Scoreboard-Features-Game-Display-600x600.webp 600w, https:\/\/www.telaled.com\/wp-content\/uploads\/2025\/10\/Scoreboard-Features-Game-Display-100x100.webp 100w\" sizes=\"auto, (max-width: 800px) 100vw, 800px\" \/>\t\t\t\t\t\t\n\t\t\t\t\t<\/div>\n\t\t\t\t\t\t\t\t\n<style>\n#image_1040303373 {\n  width: 80%;\n}\n<\/style>\n\t<\/div>\n\t\n<ul>\n<li><strong>Kompakt ama g\u00f6r\u00fcn\u00fcr.<\/strong> \u2013 Ana skorboard 58 cm x 35 cm (22,8 in\u00e7 x 13,8 in\u00e7) \u00f6l\u00e7\u00fclerindedir, 14\/24 saniyelik saat ise 33 cm x 25 cm (13 in\u00e7 x 9,8 in\u00e7) \u00f6l\u00e7\u00fclerindedir. Netlik ve verimlilik i\u00e7in tasarlanan genel boyutlar\u0131, ta\u015f\u0131nabilirlik ve y\u00fcksek g\u00f6r\u00fcn\u00fcrl\u00fck aras\u0131nda m\u00fckemmel bir denge sunarak \u00e7e\u015fitli basketbol sahalar\u0131 i\u00e7in idealdir.<\/li>\n<\/ul>\n\t<div class=\"img has-hover x md-x lg-x y md-y lg-y\" id=\"image_1924398235\">\n\t\t\t\t\t\t\t\t<div class=\"img-inner dark\" >\n\t\t\t<img loading=\"lazy\" decoding=\"async\" width=\"1080\" height=\"1080\" src=\"https:\/\/www.telaled.com\/wp-content\/uploads\/2025\/10\/Sizing.webp\" class=\"attachment-original size-original\" alt=\"\" srcset=\"https:\/\/www.telaled.com\/wp-content\/uploads\/2025\/10\/Sizing.webp 1080w, https:\/\/www.telaled.com\/wp-content\/uploads\/2025\/10\/Sizing-300x300.webp 300w, https:\/\/www.telaled.com\/wp-content\/uploads\/2025\/10\/Sizing-1024x1024.webp 1024w, https:\/\/www.telaled.com\/wp-content\/uploads\/2025\/10\/Sizing-150x150.webp 150w, https:\/\/www.telaled.com\/wp-content\/uploads\/2025\/10\/Sizing-768x768.webp 768w, https:\/\/www.telaled.com\/wp-content\/uploads\/2025\/10\/Sizing-12x12.webp 12w, https:\/\/www.telaled.com\/wp-content\/uploads\/2025\/10\/Sizing-600x600.webp 600w, https:\/\/www.telaled.com\/wp-content\/uploads\/2025\/10\/Sizing-100x100.webp 100w\" sizes=\"auto, (max-width: 1080px) 100vw, 1080px\" \/>\t\t\t\t\t\t\n\t\t\t\t\t<\/div>\n\t\t\t\t\t\t\t\t\n<style>\n#image_1924398235 {\n  width: 80%;\n}\n<\/style>\n\t<\/div>\n\t\n<ul>\n<li><strong>LCD Dokunmatik Ekranl\u0131 Konsol<\/strong> \u2013 \u015eunlar i\u00e7in tasarland\u0131: <strong>Basketbol i\u00e7in Elektronik Skorbord, TEE Serisi<\/strong>, Bu konsol, anten, Type-C \u015farj portu, kalem ve duyarl\u0131 bir ekrana sahiptir. Operat\u00f6rlerin skorlar\u0131 g\u00fcncellemesine, at\u0131\u015f saatini kontrol etmesine ve faulleri veya molalar\u0131 h\u0131zl\u0131 ve do\u011fru bir \u015fekilde kaydetmesine olanak tan\u0131r.<\/li>\n<\/ul>\n\t<div class=\"img has-hover x md-x lg-x y md-y lg-y\" id=\"image_1127119389\">\n\t\t\t\t\t\t\t\t<div class=\"img-inner dark\" >\n\t\t\t<img loading=\"lazy\" decoding=\"async\" width=\"750\" height=\"750\" src=\"https:\/\/www.telaled.com\/wp-content\/uploads\/2025\/10\/Controller.webp\" class=\"attachment-large size-large\" alt=\"\" srcset=\"https:\/\/www.telaled.com\/wp-content\/uploads\/2025\/10\/Controller.webp 750w, https:\/\/www.telaled.com\/wp-content\/uploads\/2025\/10\/Controller-300x300.webp 300w, https:\/\/www.telaled.com\/wp-content\/uploads\/2025\/10\/Controller-150x150.webp 150w, https:\/\/www.telaled.com\/wp-content\/uploads\/2025\/10\/Controller-12x12.webp 12w, https:\/\/www.telaled.com\/wp-content\/uploads\/2025\/10\/Controller-600x600.webp 600w, https:\/\/www.telaled.com\/wp-content\/uploads\/2025\/10\/Controller-100x100.webp 100w\" sizes=\"auto, (max-width: 750px) 100vw, 750px\" \/>\t\t\t\t\t\t\n\t\t\t\t\t<\/div>\n\t\t\t\t\t\t\t\t\n<style>\n#image_1127119389 {\n  width: 80%;\n}\n<\/style>\n\t<\/div>\n\t\n<ul>\n<li><strong>G\u00fc\u00e7 ve Ba\u011flant\u0131 Se\u00e7enekleri<\/strong> \u2013 Hem skorboard hem de \u015fok takip saati, h\u0131zl\u0131 ve g\u00fcvenilir g\u00fc\u00e7 i\u00e7in Type-C \u015farj\u0131 destekler. \u015earj edilebilir pillerle uyumludurlar ve antrenman seanslar\u0131nda veya resmi ma\u00e7larda s\u00fcrekli kullan\u0131m i\u00e7in esneklik sunarlar.<\/li>\n<\/ul>\n\t<div class=\"img has-hover x md-x lg-x y md-y lg-y\" id=\"image_777314117\">\n\t\t\t\t\t\t\t\t<div class=\"img-inner dark\" >\n\t\t\t<img loading=\"lazy\" decoding=\"async\" width=\"800\" height=\"694\" src=\"https:\/\/www.telaled.com\/wp-content\/uploads\/2025\/10\/Other-Details.webp\" class=\"attachment-large size-large\" alt=\"\" srcset=\"https:\/\/www.telaled.com\/wp-content\/uploads\/2025\/10\/Other-Details.webp 800w, https:\/\/www.telaled.com\/wp-content\/uploads\/2025\/10\/Other-Details-300x260.webp 300w, https:\/\/www.telaled.com\/wp-content\/uploads\/2025\/10\/Other-Details-768x666.webp 768w, https:\/\/www.telaled.com\/wp-content\/uploads\/2025\/10\/Other-Details-14x12.webp 14w, https:\/\/www.telaled.com\/wp-content\/uploads\/2025\/10\/Other-Details-600x521.webp 600w\" sizes=\"auto, (max-width: 800px) 100vw, 800px\" \/>\t\t\t\t\t\t\n\t\t\t\t\t<\/div>\n\t\t\t\t\t\t\t\t\n<style>\n#image_777314117 {\n  width: 80%;\n}\n<\/style>\n\t<\/div>\n\t\n<ul>\n<li><strong>Basketbol i\u00e7in Elektronik Skorbord, TEE Serisi <\/strong>G\u00fcvenli ta\u015f\u0131ma sa\u011flamak i\u00e7in g\u00fc\u00e7lendirilmi\u015f ah\u015fap kasalara paketlenmi\u015flerdir. Her bir \u00fcnite, darbelere ve ha\u015ferelere kar\u015f\u0131 korunmas\u0131 i\u00e7in s\u0131k\u0131ca sabitlenmi\u015ftir; bu da \u00fcr\u00fcn\u00fcn sa\u011flam ve uzun raf \u00f6mr\u00fcyle ula\u015fmas\u0131n\u0131 garanti eder.<\/li>\n<\/ul>\n\t<div class=\"img has-hover x md-x lg-x y md-y lg-y\" id=\"image_397256582\">\n\t\t\t\t\t\t\t\t<div class=\"img-inner dark\" >\n\t\t\t<img loading=\"lazy\" decoding=\"async\" width=\"760\" height=\"1024\" src=\"https:\/\/www.telaled.com\/wp-content\/uploads\/2025\/08\/36123f2c-de60-488d-af81-255cd4aee54a-760x1024.webp\" class=\"attachment-large size-large\" alt=\"\" srcset=\"https:\/\/www.telaled.com\/wp-content\/uploads\/2025\/08\/36123f2c-de60-488d-af81-255cd4aee54a-760x1024.webp 760w, https:\/\/www.telaled.com\/wp-content\/uploads\/2025\/08\/36123f2c-de60-488d-af81-255cd4aee54a-223x300.webp 223w, https:\/\/www.telaled.com\/wp-content\/uploads\/2025\/08\/36123f2c-de60-488d-af81-255cd4aee54a-768x1035.webp 768w, https:\/\/www.telaled.com\/wp-content\/uploads\/2025\/08\/36123f2c-de60-488d-af81-255cd4aee54a-9x12.webp 9w, https:\/\/www.telaled.com\/wp-content\/uploads\/2025\/08\/36123f2c-de60-488d-af81-255cd4aee54a-600x808.webp 600w, https:\/\/www.telaled.com\/wp-content\/uploads\/2025\/08\/36123f2c-de60-488d-af81-255cd4aee54a.webp 795w\" sizes=\"auto, (max-width: 760px) 100vw, 760px\" \/>\t\t\t\t\t\t\n\t\t\t\t\t<\/div>\n\t\t\t\t\t\t\t\t\n<style>\n#image_397256582 {\n  width: 80%;\n}\n<\/style>\n\t<\/div>\n\t\n\n<table id=\"tablepress-94\" class=\"tablepress tablepress-id-94\">\n<thead>\n<tr class=\"row-1\">\n\t<th colspan=\"4\" class=\"column-1\">\u00dcr\u00fcn tan\u0131t\u0131m\u0131<\/th>\n<\/tr>\n<\/thead>\n<tbody class=\"row-striping row-hover\">\n<tr class=\"row-2\">\n\t<td class=\"column-1\">Dahil olan\u0131 tan\u0131mlay\u0131n<\/td><td class=\"column-2\">1*Skor tablosu, 2*24 saniyelik saat, 1*Oyun konsolu, 1*Topa sahip olma sayac\u0131, 1*Korna<\/td><td class=\"column-3\"><\/td><td class=\"column-4\"><\/td>\n<\/tr>\n<tr class=\"row-3\">\n\t<td class=\"column-1\">\u00dcr\u00fcn boyutu<\/td><td class=\"column-2\">Skor tahtas\u0131n\u0131n boyutlar\u0131: 58*35*2,3 cm (22,8*13,8*0,9 in\u00e7)<br \/>\n24 saniyelik saat: 33*25*2,3 cm (13*9,8*0,9 in\u00e7)<br \/>\nTop tutma \u00f6l\u00e7\u00fcleri: 48*18*2.3 cm (18.9*7.1*0.9 in\u00e7)<br \/>\nOyun konsolunun boyutlar\u0131: 18,7*13*3 cm (7,36*5,1*1,18 in\u00e7)<\/td><td class=\"column-3\"><\/td><td class=\"column-4\"><\/td>\n<\/tr>\n<tr class=\"row-4\">\n\t<td class=\"column-1\">G\u00fc\u00e7 kayna\u011f\u0131<\/td><td class=\"column-2\">Skor tahtas\u0131\/at\u0131\u015f saati\/olas\u0131l\u0131k i\u00e7in 1 ila 3 adet 18650 pil (piller dahil de\u011fildir)<br \/>\nKorna i\u00e7in 3 adet AA pil gereklidir (piller dahil de\u011fildir).<br \/>\nOyun konsolu i\u00e7in Type-C g\u00fc\u00e7 kayna\u011f\u0131<\/td><td class=\"column-3\"><\/td><td class=\"column-4\"><\/td>\n<\/tr>\n<tr class=\"row-5\">\n\t<td class=\"column-1\">Kaynak<\/td><td class=\"column-2\">Ta\u015f\u0131nabilir, Profesyonel, Senkronizasyon<\/td><td class=\"column-3\"><\/td><td class=\"column-4\"><\/td>\n<\/tr>\n<tr class=\"row-6\">\n\t<td class=\"column-1\">Ba\u015fvuru<\/td><td class=\"column-2\">Kapal\u0131 ve a\u00e7\u0131k basketbol sahas\u0131, ma\u00e7 skor ekran\u0131.<\/td><td class=\"column-3\"><\/td><td class=\"column-4\"><\/td>\n<\/tr>\n<\/tbody>\n<\/table>\n<!-- #tablepress-94 from cache -->\n\t\t<\/div>\n\t\t\t\t\t<\/div>\n\n\t\n<\/div>\n\t\t<\/div>\n\t\t\t\t\t<\/div>\n\n\t\n<\/div>","protected":false},"excerpt":{"rendered":"<p><strong>TEE Serisi Basketbol i\u00e7in Elektronik Skor Panosu \u2013 Her Ma\u00e7 \u0130\u00e7in Do\u011fru Skor<\/strong><\/p>\n<p>O <em><strong>Basketbol i\u00e7in Elektronik Skorbord, TEE Serisi<\/strong><\/em> Oyuncular ve taraftarlar i\u00e7in her say\u0131, \u00e7eyrek ve mola an\u0131n\u0131 net bir \u015fekilde takip etmeyi sa\u011flamak \u00fczere tasarland\u0131. Parlak LED rakamlar\u0131, g\u00fcvenilir performans\u0131 ve kullan\u0131m\u0131 kolay kontrolleriyle okullar, spor salonlar\u0131 ve arenalar i\u00e7in profesyonel d\u00fczeyde skorlama imkan\u0131 sunuyor.<\/p>\n<p><strong>Ba\u015fl\u0131ca Faydalar\u0131:<\/strong><\/p>\n<ul>\n<li><strong>Anl\u0131k Skor G\u00fcncellemeleri<\/strong> \u2013 Oyunun sorunsuz ilerlemesi i\u00e7in say\u0131lar\u0131, faulleri ve periyotlar\u0131 ger\u00e7ek zamanl\u0131 olarak g\u00f6sterir.<\/li>\n<li><strong>Y\u00fcksek G\u00f6r\u00fcn\u00fcrl\u00fckl\u00fc LED&#039;ler<\/strong> B\u00fcy\u00fck ve parlak rakamlar, sahan\u0131n her k\u00f6\u015fesinden skoru net bir \u015fekilde g\u00f6steriyor.<\/li>\n<li><strong>Dayan\u0131kl\u0131 Yap\u0131<\/strong> \u2013 H\u0131zl\u0131 oyun temposuna dayanacak \u015fekilde tasarlanm\u0131\u015f ve uzun \u00f6m\u00fcrl\u00fc bile\u015fenlere sahip.<\/li>\n<li><strong>Kullan\u0131m\u0131 Kolay<\/strong> Basit kontrol sistemi, hakemlerin ve g\u00f6revlilerin skorlar\u0131 h\u0131zl\u0131 bir \u015fekilde g\u00fcncelleyebilmesini sa\u011flar.<\/li>\n<\/ul>\n<p><span style=\"font-weight: 400;\">Ekibimiz 7\/24 uzaktan destek ve 3 y\u0131l garanti sunmaktad\u0131r. Ki\u015fiselle\u015ftirilmi\u015f fiyat teklifi i\u00e7in bug\u00fcn bizimle ileti\u015fime ge\u00e7in.<\/span><\/p>","protected":false},"featured_media":3756,"template":"","meta":[],"product_brand":[],"product_cat":[48,40,44,46],"product_tag":[],"class_list":{"0":"post-3751","1":"product","2":"type-product","3":"status-publish","4":"has-post-thumbnail","6":"product_cat-paineis-personalizados","7":"product_cat-painel-de-led","8":"product_cat-painel-de-led-flexivel","9":"product_cat-painel-de-video","11":"first","12":"instock","13":"shipping-taxable","14":"product-type-simple"},"yoast_head":"<!-- This site is optimized with the Yoast SEO plugin v27.4 - https:\/\/yoast.com\/product\/yoast-seo-wordpress\/ -->\n<title>Placar Eletr\u00f4nico Para Basquete S\u00e9rie TEE | TELALED<\/title>\n<meta name=\"description\" content=\"O placar eletr\u00f4nico para basquete s\u00e9rie TEE mant\u00e9m cada jogo preciso e emocionante com pontua\u00e7\u00e3o em LED brilhante. Pe\u00e7a j\u00e1!\" \/>\n<meta name=\"robots\" content=\"index, follow, max-snippet:-1, max-image-preview:large, max-video-preview:-1\" \/>\n<link rel=\"canonical\" href=\"https:\/\/www.telaled.com\/tr\/fabrica\/placar-eletronico-para-basquete-serie-tee\/\" \/>\n<meta property=\"og:locale\" content=\"tr_TR\" \/>\n<meta property=\"og:type\" content=\"article\" \/>\n<meta property=\"og:title\" content=\"Placar Eletr\u00f4nico Para Basquete S\u00e9rie TEE | TELALED\" \/>\n<meta property=\"og:description\" content=\"O placar eletr\u00f4nico para basquete s\u00e9rie TEE mant\u00e9m cada jogo preciso e emocionante com pontua\u00e7\u00e3o em LED brilhante. Pe\u00e7a j\u00e1!\" \/>\n<meta property=\"og:url\" content=\"https:\/\/www.telaled.com\/tr\/fabrica\/placar-eletronico-para-basquete-serie-tee\/\" \/>\n<meta property=\"og:site_name\" content=\"TELALED\" \/>\n<meta property=\"article:modified_time\" content=\"2025-12-27T08:01:12+00:00\" \/>\n<meta property=\"og:image\" content=\"https:\/\/www.telaled.com\/wp-content\/uploads\/2025\/10\/Electronic-Basketball-Scoreboard-2.webp\" \/>\n\t<meta property=\"og:image:width\" content=\"500\" \/>\n\t<meta property=\"og:image:height\" content=\"500\" \/>\n\t<meta property=\"og:image:type\" content=\"image\/webp\" \/>\n<meta name=\"twitter:card\" content=\"summary_large_image\" \/>\n<meta name=\"twitter:label1\" content=\"Est. reading time\" \/>\n\t<meta name=\"twitter:data1\" content=\"3 dakika\" \/>\n<script type=\"application\/ld+json\" class=\"yoast-schema-graph\">{\"@context\":\"https:\\\/\\\/schema.org\",\"@graph\":[{\"@type\":\"WebPage\",\"@id\":\"https:\\\/\\\/www.telaled.com\\\/fabrica\\\/placar-eletronico-para-basquete-serie-tee\\\/\",\"url\":\"https:\\\/\\\/www.telaled.com\\\/fabrica\\\/placar-eletronico-para-basquete-serie-tee\\\/\",\"name\":\"Placar Eletr\u00f4nico Para Basquete S\u00e9rie TEE | TELALED\",\"isPartOf\":{\"@id\":\"https:\\\/\\\/www.telaled.com\\\/#website\"},\"primaryImageOfPage\":{\"@id\":\"https:\\\/\\\/www.telaled.com\\\/fabrica\\\/placar-eletronico-para-basquete-serie-tee\\\/#primaryimage\"},\"image\":{\"@id\":\"https:\\\/\\\/www.telaled.com\\\/fabrica\\\/placar-eletronico-para-basquete-serie-tee\\\/#primaryimage\"},\"thumbnailUrl\":\"https:\\\/\\\/www.telaled.com\\\/wp-content\\\/uploads\\\/2025\\\/10\\\/Electronic-Basketball-Scoreboard-2.webp\",\"datePublished\":\"2025-10-02T18:10:45+00:00\",\"dateModified\":\"2025-12-27T08:01:12+00:00\",\"description\":\"O placar eletr\u00f4nico para basquete s\u00e9rie TEE mant\u00e9m cada jogo preciso e emocionante com pontua\u00e7\u00e3o em LED brilhante. Pe\u00e7a j\u00e1!\",\"breadcrumb\":{\"@id\":\"https:\\\/\\\/www.telaled.com\\\/fabrica\\\/placar-eletronico-para-basquete-serie-tee\\\/#breadcrumb\"},\"inLanguage\":\"tr\",\"potentialAction\":[{\"@type\":\"ReadAction\",\"target\":[\"https:\\\/\\\/www.telaled.com\\\/fabrica\\\/placar-eletronico-para-basquete-serie-tee\\\/\"]}]},{\"@type\":\"ImageObject\",\"inLanguage\":\"tr\",\"@id\":\"https:\\\/\\\/www.telaled.com\\\/fabrica\\\/placar-eletronico-para-basquete-serie-tee\\\/#primaryimage\",\"url\":\"https:\\\/\\\/www.telaled.com\\\/wp-content\\\/uploads\\\/2025\\\/10\\\/Electronic-Basketball-Scoreboard-2.webp\",\"contentUrl\":\"https:\\\/\\\/www.telaled.com\\\/wp-content\\\/uploads\\\/2025\\\/10\\\/Electronic-Basketball-Scoreboard-2.webp\",\"width\":500,\"height\":500,\"caption\":\"Placar Eletr\u00f4nico Para Basquete S\u00e9rie TEE\"},{\"@type\":\"BreadcrumbList\",\"@id\":\"https:\\\/\\\/www.telaled.com\\\/fabrica\\\/placar-eletronico-para-basquete-serie-tee\\\/#breadcrumb\",\"itemListElement\":[{\"@type\":\"ListItem\",\"position\":1,\"name\":\"Home\",\"item\":\"https:\\\/\\\/www.telaled.com\\\/\"},{\"@type\":\"ListItem\",\"position\":2,\"name\":\"Produtos\",\"item\":\"https:\\\/\\\/www.telaled.com\\\/shop\\\/\"},{\"@type\":\"ListItem\",\"position\":3,\"name\":\"Placar Eletr\u00f4nico Para Basquete S\u00e9rie TEE\"}]},{\"@type\":\"WebSite\",\"@id\":\"https:\\\/\\\/www.telaled.com\\\/#website\",\"url\":\"https:\\\/\\\/www.telaled.com\\\/\",\"name\":\"TELALED\",\"description\":\"\",\"potentialAction\":[{\"@type\":\"SearchAction\",\"target\":{\"@type\":\"EntryPoint\",\"urlTemplate\":\"https:\\\/\\\/www.telaled.com\\\/?s={search_term_string}\"},\"query-input\":{\"@type\":\"PropertyValueSpecification\",\"valueRequired\":true,\"valueName\":\"search_term_string\"}}],\"inLanguage\":\"tr\"}]}<\/script>\n<!-- \/ Yoast SEO plugin. -->","yoast_head_json":{"title":"Basketbol i\u00e7in Elektronik Skorboard TEE Serisi | TELALED","description":"TEE serisi elektronik basketbol skor tahtas\u0131, parlak LED skor g\u00f6stergesiyle her ma\u00e7\u0131 do\u011fru ve heyecanl\u0131 hale getiriyor. Hemen sipari\u015f verin!","robots":{"index":"index","follow":"follow","max-snippet":"max-snippet:-1","max-image-preview":"max-image-preview:large","max-video-preview":"max-video-preview:-1"},"canonical":"https:\/\/www.telaled.com\/tr\/fabrica\/placar-eletronico-para-basquete-serie-tee\/","og_locale":"tr_TR","og_type":"article","og_title":"Placar Eletr\u00f4nico Para Basquete S\u00e9rie TEE | TELALED","og_description":"O placar eletr\u00f4nico para basquete s\u00e9rie TEE mant\u00e9m cada jogo preciso e emocionante com pontua\u00e7\u00e3o em LED brilhante. Pe\u00e7a j\u00e1!","og_url":"https:\/\/www.telaled.com\/tr\/fabrica\/placar-eletronico-para-basquete-serie-tee\/","og_site_name":"TELALED","article_modified_time":"2025-12-27T08:01:12+00:00","og_image":[{"width":500,"height":500,"url":"https:\/\/www.telaled.com\/wp-content\/uploads\/2025\/10\/Electronic-Basketball-Scoreboard-2.webp","type":"image\/webp"}],"twitter_card":"summary_large_image","twitter_misc":{"Est. reading time":"3 dakika"},"schema":{"@context":"https:\/\/schema.org","@graph":[{"@type":"WebPage","@id":"https:\/\/www.telaled.com\/fabrica\/placar-eletronico-para-basquete-serie-tee\/","url":"https:\/\/www.telaled.com\/fabrica\/placar-eletronico-para-basquete-serie-tee\/","name":"Basketbol i\u00e7in Elektronik Skorboard TEE Serisi | TELALED","isPartOf":{"@id":"https:\/\/www.telaled.com\/#website"},"primaryImageOfPage":{"@id":"https:\/\/www.telaled.com\/fabrica\/placar-eletronico-para-basquete-serie-tee\/#primaryimage"},"image":{"@id":"https:\/\/www.telaled.com\/fabrica\/placar-eletronico-para-basquete-serie-tee\/#primaryimage"},"thumbnailUrl":"https:\/\/www.telaled.com\/wp-content\/uploads\/2025\/10\/Electronic-Basketball-Scoreboard-2.webp","datePublished":"2025-10-02T18:10:45+00:00","dateModified":"2025-12-27T08:01:12+00:00","description":"TEE serisi elektronik basketbol skor tahtas\u0131, parlak LED skor g\u00f6stergesiyle her ma\u00e7\u0131 do\u011fru ve heyecanl\u0131 hale getiriyor. Hemen sipari\u015f verin!","breadcrumb":{"@id":"https:\/\/www.telaled.com\/fabrica\/placar-eletronico-para-basquete-serie-tee\/#breadcrumb"},"inLanguage":"tr","potentialAction":[{"@type":"ReadAction","target":["https:\/\/www.telaled.com\/fabrica\/placar-eletronico-para-basquete-serie-tee\/"]}]},{"@type":"ImageObject","inLanguage":"tr","@id":"https:\/\/www.telaled.com\/fabrica\/placar-eletronico-para-basquete-serie-tee\/#primaryimage","url":"https:\/\/www.telaled.com\/wp-content\/uploads\/2025\/10\/Electronic-Basketball-Scoreboard-2.webp","contentUrl":"https:\/\/www.telaled.com\/wp-content\/uploads\/2025\/10\/Electronic-Basketball-Scoreboard-2.webp","width":500,"height":500,"caption":"Placar Eletr\u00f4nico Para Basquete S\u00e9rie TEE"},{"@type":"BreadcrumbList","@id":"https:\/\/www.telaled.com\/fabrica\/placar-eletronico-para-basquete-serie-tee\/#breadcrumb","itemListElement":[{"@type":"ListItem","position":1,"name":"Home","item":"https:\/\/www.telaled.com\/"},{"@type":"ListItem","position":2,"name":"Produtos","item":"https:\/\/www.telaled.com\/shop\/"},{"@type":"ListItem","position":3,"name":"Placar Eletr\u00f4nico Para Basquete S\u00e9rie TEE"}]},{"@type":"WebSite","@id":"https:\/\/www.telaled.com\/#website","url":"https:\/\/www.telaled.com\/","name":"LED Ekran","description":"","potentialAction":[{"@type":"SearchAction","target":{"@type":"EntryPoint","urlTemplate":"https:\/\/www.telaled.com\/?s={search_term_string}"},"query-input":{"@type":"PropertyValueSpecification","valueRequired":true,"valueName":"search_term_string"}}],"inLanguage":"tr"}]}},"_links":{"self":[{"href":"https:\/\/www.telaled.com\/tr\/wp-json\/wp\/v2\/product\/3751","targetHints":{"allow":["GET"]}}],"collection":[{"href":"https:\/\/www.telaled.com\/tr\/wp-json\/wp\/v2\/product"}],"about":[{"href":"https:\/\/www.telaled.com\/tr\/wp-json\/wp\/v2\/types\/product"}],"wp:featuredmedia":[{"embeddable":true,"href":"https:\/\/www.telaled.com\/tr\/wp-json\/wp\/v2\/media\/3756"}],"wp:attachment":[{"href":"https:\/\/www.telaled.com\/tr\/wp-json\/wp\/v2\/media?parent=3751"}],"wp:term":[{"taxonomy":"product_brand","embeddable":true,"href":"https:\/\/www.telaled.com\/tr\/wp-json\/wp\/v2\/product_brand?post=3751"},{"taxonomy":"product_cat","embeddable":true,"href":"https:\/\/www.telaled.com\/tr\/wp-json\/wp\/v2\/product_cat?post=3751"},{"taxonomy":"product_tag","embeddable":true,"href":"https:\/\/www.telaled.com\/tr\/wp-json\/wp\/v2\/product_tag?post=3751"}],"curies":[{"name":"wp","href":"https:\/\/api.w.org\/{rel}","templated":true}]}}