{"id":3735,"date":"2025-10-02T10:10:21","date_gmt":"2025-10-02T10:10:21","guid":{"rendered":"https:\/\/www.telaled.com\/?post_type=product&#038;p=3735"},"modified":"2026-01-06T09:43:41","modified_gmt":"2026-01-06T09:43:41","slug":"placar-eletronico-para-badminton-serie-ted","status":"publish","type":"product","link":"https:\/\/www.telaled.com\/tr\/fabrica\/placar-eletronico-para-badminton-serie-ted\/","title":{"rendered":"Badminton i\u00e7in Elektronik Skor Tablosu TED Serisi"},"content":{"rendered":"<div class=\"row\"  id=\"row-1025597074\">\n\n\t<div id=\"col-673339307\" class=\"col small-12 large-12\"  >\n\t\t\t\t<div class=\"col-inner\"  >\n\t\t\t\n\t\t\t\n<h2><span data-sheets-root=\"1\">Badminton i\u00e7in Elektronik Skor Panosu<\/span> TED Serisi<\/h2>\n<h3><strong>\u00dcst\u00fcn Dayan\u0131kl\u0131l\u0131k<\/strong><\/h3>\n<ul>\n<li>Sa\u011flam ama hafif bir yap\u0131 i\u00e7in y\u00fcksek mukavemetli al\u00fcminyum ala\u015f\u0131m\u0131ndan \u00fcretilmi\u015ftir.<\/li>\n<li>Korozyona ve darbelere dayan\u0131kl\u0131, uzun s\u00fcreli i\u00e7 mekan kullan\u0131m\u0131 i\u00e7in tasarlanm\u0131\u015f muhafaza.<\/li>\n<li>Uluslararas\u0131 g\u00fcvenlik ve kalite standartlar\u0131n\u0131 kar\u015f\u0131lamak \u00fczere CE ve RoHS sertifikalar\u0131na sahiptir.<\/li>\n<li>Kapal\u0131 yap\u0131, toz ve d\u00f6k\u00fcnt\u00fclerin i\u00e7 bile\u015fenlere girmesini \u00f6nler.<\/li>\n<li>Spor tesislerinde s\u00fcrekli \u00e7al\u0131\u015fma s\u0131ras\u0131nda istikrarl\u0131 performans.<\/li>\n<\/ul>\n<h3><strong>Ola\u011fan\u00fcst\u00fc G\u00f6rsel Kalite<\/strong><\/h3>\n<ul>\n<li>\u00dczerinde 1,8 in\u00e7 y\u00fcksekli\u011finde 22 adet parlak k\u0131rm\u0131z\u0131 LED rakam bulunmaktad\u0131r.<\/li>\n<li>Keskin kontrast ve homojen ayd\u0131nlatma ile 30 metreye kadar g\u00f6r\u00fclebilir.<\/li>\n<li>Her t\u00fcrl\u00fc \u0131\u015f\u0131k ko\u015fulunda net g\u00f6r\u00fcnt\u00fc i\u00e7in be\u015f farkl\u0131 parlakl\u0131k seviyesi ayarlanabilir.<\/li>\n<li>Titre\u015fimsiz LED \u00e7\u0131k\u0131\u015f\u0131, oyun s\u0131ras\u0131nda sorunsuz ve kesintisiz g\u00f6r\u00fcn\u00fcrl\u00fck sa\u011flar.<\/li>\n<li>B\u00fcy\u00fck ve aral\u0131kl\u0131 rakamlar, noktalama i\u015faretlerinin her a\u00e7\u0131dan kolayca okunmas\u0131n\u0131 sa\u011flar.<\/li>\n<\/ul>\n<h3><strong>Tam Uyarlanabilirlik<\/strong><\/h3>\n<ul>\n<li>Duvara, masaya veya tripoda monte edilebilir (tripod ayr\u0131 sat\u0131l\u0131r).<\/li>\n<li>\u00c7ift g\u00fc\u00e7 se\u00e7ene\u011fi; g\u00fc\u00e7 uyumlulu\u011fu i\u00e7in AC veya 5V DC giri\u015f. <a href=\"https:\/\/www.telaled.com\/tr\/o-guia-definitivo-para-painels-de-led-flexiveis\/\">esnek<\/a>.<\/li>\n<li>30 metreye kadar menzile sahip 2.4G kablosuz uzaktan kumanda ile \u00e7al\u0131\u015ft\u0131r\u0131l\u0131r.<\/li>\n<li>\u00d6zellikler aras\u0131nda ev sahibi\/misafir puanlamas\u0131 ve iste\u011fe ba\u011fl\u0131 seslerle birlikte 5 giri\u015fin g\u00f6r\u00fcnt\u00fclenmesi yer almaktad\u0131r.<\/li>\n<li>Badminton etkinlikleri i\u00e7in uygundur., <a href=\"https:\/\/www.telaled.com\/tr\/fabrica\/placar-eletronico-para-volei-serie-teb\/\">voleybol<\/a>, <a href=\"https:\/\/www.telaled.com\/tr\/fabrica\/placar-eletronico-para-tenis-serie-tec\/\">tenis<\/a> ve masa tenisi.<\/li>\n<\/ul>\n<h3><strong>Kapsaml\u0131 Destek<\/strong><\/h3>\n<ul>\n<li>7 g\u00fcn 24 saat uzman teknik destek; 7\/24 uzaktan destek ekibimizle istedi\u011finiz zaman, istedi\u011finiz yerde g\u00fcvenilir yard\u0131m al\u0131n.<\/li>\n<li>5% i\u00e7in ekstra yedek par\u00e7alar: Her sipari\u015f, daha fazla g\u00fcvenilirlik sa\u011flayan ve size daha fazla g\u00f6n\u00fcl rahatl\u0131\u011f\u0131 sunan ek yedek par\u00e7alarla birlikte gelir.<\/li>\n<li>Maksimum koruma i\u00e7in 3 y\u0131ll\u0131k uzat\u0131lm\u0131\u015f garantiyle desteklenen uzun \u00f6m\u00fcrl\u00fc performans\u0131n ve g\u00fcvenilir hizmetin tad\u0131n\u0131 \u00e7\u0131kar\u0131n.<\/li>\n<\/ul>\n<h2>\u00dcr\u00fcn detaylar\u0131<\/h2>\n<div class=\"row\"  id=\"row-58483100\">\n\n\t<div id=\"col-1651479576\" class=\"col medium-10 small-12 large-10\"  >\n\t\t\t\t<div class=\"col-inner text-left\"  >\n\t\t\t\n\t\t\t\n<ul>\n<li>Bu i\u00e7 ve d\u0131\u015f mekan badminton skor tahtas\u0131, g\u00fcvenilir ve do\u011fru skorlama sa\u011flayarak m\u00fckemmel g\u00f6r\u00fcn\u00fcrl\u00fck sunar. Setleri, oyunlar\u0131 ve puanlar\u0131 net bir \u015fekilde g\u00f6sterirken, bir g\u00f6sterge \u0131\u015f\u0131\u011f\u0131 hangi tak\u0131m\u0131n servis att\u0131\u011f\u0131n\u0131 g\u00f6sterir. Dayan\u0131kl\u0131l\u0131k ve performans i\u00e7in tasarlanan bu skor tahtas\u0131, e\u011fitim ve m\u00fcsabaka deneyimini geli\u015ftirmek isteyen okullar, kul\u00fcpler ve spor tesisleri i\u00e7in idealdir.<\/li>\n<\/ul>\n\t<div class=\"img has-hover x md-x lg-x y md-y lg-y\" id=\"image_1964407596\">\n\t\t\t\t\t\t\t\t<div class=\"img-inner dark\" >\n\t\t\t<img loading=\"lazy\" decoding=\"async\" width=\"877\" height=\"431\" src=\"https:\/\/www.telaled.com\/wp-content\/uploads\/2025\/10\/Placar-eletronico-para-badminton6.webp\" class=\"attachment-original size-original\" alt=\"Badminton i\u00e7in elektronik skor tahtas\u01316\" srcset=\"https:\/\/www.telaled.com\/wp-content\/uploads\/2025\/10\/Placar-eletronico-para-badminton6.webp 877w, https:\/\/www.telaled.com\/wp-content\/uploads\/2025\/10\/Placar-eletronico-para-badminton6-300x147.webp 300w, https:\/\/www.telaled.com\/wp-content\/uploads\/2025\/10\/Placar-eletronico-para-badminton6-768x377.webp 768w, https:\/\/www.telaled.com\/wp-content\/uploads\/2025\/10\/Placar-eletronico-para-badminton6-18x9.webp 18w, https:\/\/www.telaled.com\/wp-content\/uploads\/2025\/10\/Placar-eletronico-para-badminton6-600x295.webp 600w\" sizes=\"auto, (max-width: 877px) 100vw, 877px\" \/>\t\t\t\t\t\t\n\t\t\t\t\t<\/div>\n\t\t\t\t\t\t\t\t\n<style>\n#image_1964407596 {\n  width: 80%;\n}\n<\/style>\n\t<\/div>\n\t\n<ul>\n<li>O <em><strong>Elektronik Badminton Skor Panosu<\/strong><\/em> Her an\u0131 net bir \u015fekilde \u00f6ne \u00e7\u0131kar\u0131yor. Taraftar deneyimini geli\u015ftiren kullan\u0131ma haz\u0131r paketler sunarak, spor etkinlikleri ve m\u00fcsabakalar\u0131 i\u00e7in de\u011ferli bir uzun vadeli yat\u0131r\u0131m niteli\u011fi ta\u015f\u0131yor.<\/li>\n<\/ul>\n\t<div class=\"img has-hover x md-x lg-x y md-y lg-y\" id=\"image_1912143689\">\n\t\t\t\t\t\t\t\t<div class=\"img-inner dark\" >\n\t\t\t<img loading=\"lazy\" decoding=\"async\" width=\"1020\" height=\"1020\" src=\"https:\/\/www.telaled.com\/wp-content\/uploads\/2025\/10\/Placar-eletronico-para-badminton7-1024x1024.webp\" class=\"attachment-large size-large\" alt=\"\" srcset=\"https:\/\/www.telaled.com\/wp-content\/uploads\/2025\/10\/Placar-eletronico-para-badminton7-1024x1024.webp 1024w, https:\/\/www.telaled.com\/wp-content\/uploads\/2025\/10\/Placar-eletronico-para-badminton7-300x300.webp 300w, https:\/\/www.telaled.com\/wp-content\/uploads\/2025\/10\/Placar-eletronico-para-badminton7-150x150.webp 150w, https:\/\/www.telaled.com\/wp-content\/uploads\/2025\/10\/Placar-eletronico-para-badminton7-768x768.webp 768w, https:\/\/www.telaled.com\/wp-content\/uploads\/2025\/10\/Placar-eletronico-para-badminton7-1536x1536.webp 1536w, https:\/\/www.telaled.com\/wp-content\/uploads\/2025\/10\/Placar-eletronico-para-badminton7-12x12.webp 12w, https:\/\/www.telaled.com\/wp-content\/uploads\/2025\/10\/Placar-eletronico-para-badminton7-600x600.webp 600w, https:\/\/www.telaled.com\/wp-content\/uploads\/2025\/10\/Placar-eletronico-para-badminton7-100x100.webp 100w, https:\/\/www.telaled.com\/wp-content\/uploads\/2025\/10\/Placar-eletronico-para-badminton7.webp 1600w\" sizes=\"auto, (max-width: 1020px) 100vw, 1020px\" \/>\t\t\t\t\t\t\n\t\t\t\t\t<\/div>\n\t\t\t\t\t\t\t\t\n<style>\n#image_1912143689 {\n  width: 80%;\n}\n<\/style>\n\t<\/div>\n\t\n\t\t<\/div>\n\t\t\t\t\t<\/div>\n\n\t\n\n\t<div id=\"col-647611944\" class=\"col medium-10 small-12 large-10\"  >\n\t\t\t\t<div class=\"col-inner text-left\"  >\n\t\t\t\n\t\t\t\n<ul>\n<li><strong>Badminton i\u00e7in Elektronik Skor Tablosu TED Serisi<\/strong>\u00a0 \u00dcr\u00fcnler, ta\u015f\u0131ma s\u0131ras\u0131nda korunmalar\u0131 i\u00e7in g\u00fc\u00e7lendirilmi\u015f ah\u015fap kasalara paketlenir. Her bir \u00fcnite, ha\u015ferelerden, darbelerden ve di\u011fer tehlikelerden kaynaklanan hasar\u0131 \u00f6nlemek i\u00e7in g\u00fcvenli bir \u015fekilde paketlenir. Bu, dayan\u0131kl\u0131l\u0131\u011f\u0131 ve g\u00fcvenli teslimat\u0131 sa\u011flar.<\/li>\n<\/ul>\n\t<div class=\"img has-hover x md-x lg-x y md-y lg-y\" id=\"image_1499018791\">\n\t\t\t\t\t\t\t\t<div class=\"img-inner dark\" >\n\t\t\t<img loading=\"lazy\" decoding=\"async\" width=\"760\" height=\"1024\" src=\"https:\/\/www.telaled.com\/wp-content\/uploads\/2025\/08\/36123f2c-de60-488d-af81-255cd4aee54a-760x1024.webp\" class=\"attachment-large size-large\" alt=\"\" srcset=\"https:\/\/www.telaled.com\/wp-content\/uploads\/2025\/08\/36123f2c-de60-488d-af81-255cd4aee54a-760x1024.webp 760w, https:\/\/www.telaled.com\/wp-content\/uploads\/2025\/08\/36123f2c-de60-488d-af81-255cd4aee54a-223x300.webp 223w, https:\/\/www.telaled.com\/wp-content\/uploads\/2025\/08\/36123f2c-de60-488d-af81-255cd4aee54a-768x1035.webp 768w, https:\/\/www.telaled.com\/wp-content\/uploads\/2025\/08\/36123f2c-de60-488d-af81-255cd4aee54a-9x12.webp 9w, https:\/\/www.telaled.com\/wp-content\/uploads\/2025\/08\/36123f2c-de60-488d-af81-255cd4aee54a-600x808.webp 600w, https:\/\/www.telaled.com\/wp-content\/uploads\/2025\/08\/36123f2c-de60-488d-af81-255cd4aee54a.webp 795w\" sizes=\"auto, (max-width: 760px) 100vw, 760px\" \/>\t\t\t\t\t\t\n\t\t\t\t\t<\/div>\n\t\t\t\t\t\t\t\t\n<style>\n#image_1499018791 {\n  width: 80%;\n}\n<\/style>\n\t<\/div>\n\t\n\n<table id=\"tablepress-93\" class=\"tablepress tablepress-id-93\">\n<thead>\n<tr class=\"row-1\">\n\t<th class=\"column-1\">Tip<\/th><th class=\"column-2\">Badminton skoru, voleybol skoru<\/th><th class=\"column-3\">Kaynak<\/th><th class=\"column-4\">Skor g\u00f6sterimi, devre g\u00f6sterimi<\/th>\n<\/tr>\n<\/thead>\n<tbody class=\"row-striping row-hover\">\n<tr class=\"row-2\">\n\t<td class=\"column-1\">Men\u015fe Yeri<\/td><td class=\"column-2\">Shenzhen, \u00c7in<\/td><td class=\"column-3\">\u0130\u015faret<\/td><td class=\"column-4\">LED Ekran<\/td>\n<\/tr>\n<tr class=\"row-3\">\n\t<td class=\"column-1\">Model Numaras\u0131<\/td><td class=\"column-2\">TED Serisi<\/td><td class=\"column-3\">Malzeme<\/td><td class=\"column-4\">Al\u00fcminyum Ala\u015f\u0131m\u0131<\/td>\n<\/tr>\n<tr class=\"row-4\">\n\t<td class=\"column-1\">Yap\u0131 Malzemesi<\/td><td class=\"column-2\">Al\u00fcminyum Ala\u015f\u0131m\u0131<\/td><td class=\"column-3\">Boyut<\/td><td class=\"column-4\">790 mm x 255 mm x 55 mm (31,1&quot; x 10,0&quot; x 2,2&quot;)<\/td>\n<\/tr>\n<tr class=\"row-5\">\n\t<td class=\"column-1\">Karakter y\u00fcksekli\u011fi<\/td><td class=\"column-2\">1,8 in\u00e7 - 22 rakam<\/td><td class=\"column-3\">\u0130\u015flev<\/td><td class=\"column-4\">Ev ve deplasman skorlar\u0131, 5 giri\u015fli ekran<\/td>\n<\/tr>\n<tr class=\"row-6\">\n\t<td class=\"column-1\">Kontrol<\/td><td class=\"column-2\">Uzaktan kumanda<\/td><td class=\"column-3\">Kurulum<\/td><td class=\"column-4\">Duvara monte<\/td>\n<\/tr>\n<tr class=\"row-7\">\n\t<td class=\"column-1\">Sertifika<\/td><td class=\"column-2\">CE, RoHS<\/td><td class=\"column-3\"><\/td><td class=\"column-4\"><\/td>\n<\/tr>\n<\/tbody>\n<\/table>\n<!-- #tablepress-93 from cache -->\n\t\t<\/div>\n\t\t\t\t\t<\/div>\n\n\t\n<\/div>\n\t\t<\/div>\n\t\t\t\t\t<\/div>\n\n\t\n<\/div>","protected":false},"excerpt":{"rendered":"<p><strong>Badminton i\u00e7in Elektronik Skor Tablosu TED Serisi<\/strong> \u2013 Kul\u00fcpler ve turnuvalar i\u00e7in ger\u00e7ek zamanl\u0131 LED skor ekran\u0131.<\/p>\n<p>Bir <em><strong>elektronik badminton skor tahtas\u0131<\/strong><\/em> Her ma\u00e7\u0131 takip etmeyi kolayla\u015ft\u0131r\u0131r, net LED g\u00f6r\u00fcn\u00fcrl\u00fc\u011f\u00fc ile do\u011fru ger\u00e7ek zamanl\u0131 sonu\u00e7lar g\u00f6sterir. Antrenmanlar, turnuvalar veya kul\u00fcp ma\u00e7lar\u0131 i\u00e7in m\u00fckemmeldir.<\/p>\n<p><strong>Ba\u015fl\u0131ca \u00f6zellikler:<\/strong><\/p>\n<ul>\n<li>CE ve RoHS sertifikal\u0131 sa\u011flam al\u00fcminyum ala\u015f\u0131ml\u0131 \u00e7er\u00e7eve, uzun bir kullan\u0131m \u00f6mr\u00fc sa\u011flar.<\/li>\n<li>5 farkl\u0131 parlakl\u0131k seviyesine sahip, 1,8 in\u00e7 boyutundaki parlak k\u0131rm\u0131z\u0131 rakamlar, 30 metreye kadar net g\u00f6r\u00fcn\u00fcrl\u00fck sa\u011flar.<\/li>\n<li>Cihaz, AC veya 5V DC g\u00fc\u00e7le \u00e7al\u0131\u015f\u0131r ve 2.4G kablosuz uzaktan kumanda ile duvara, masaya veya tripoda monte edilebilir.<\/li>\n<\/ul>\n<p>Uzmanlar\u0131m\u0131z 7\/24 hizmetinizdedir, uzaktan destek ve 3 y\u0131ll\u0131k \u00fcr\u00fcn garantisi sunuyoruz. Ki\u015fiselle\u015ftirilmi\u015f fiyat teklifinizi bug\u00fcn isteyin.<\/p>","protected":false},"featured_media":3736,"template":"","meta":[],"product_brand":[],"product_cat":[48,40],"product_tag":[],"class_list":{"0":"post-3735","1":"product","2":"type-product","3":"status-publish","4":"has-post-thumbnail","6":"product_cat-paineis-personalizados","7":"product_cat-painel-de-led","9":"first","10":"instock","11":"shipping-taxable","12":"product-type-simple"},"yoast_head":"<!-- This site is optimized with the Yoast SEO plugin v27.4 - https:\/\/yoast.com\/product\/yoast-seo-wordpress\/ -->\n<title>Placar Eletr\u00f4nico de Badminton S\u00e9rie TED | Solu\u00e7\u00f5es de pontua\u00e7\u00e3o digital para clubes e torneios | TELALED<\/title>\n<meta name=\"description\" content=\"Descubra o Placar Eletr\u00f4nico de Badminton S\u00e9rie TED projetado para precis\u00e3o e praticidade. Perfeito para clubes, escolas e competi\u00e7\u00f5es, com displays de LED, controles de \u00e1rbitro e aplicativos de auto\u00e1rbitro.\" \/>\n<meta name=\"robots\" content=\"index, follow, max-snippet:-1, max-image-preview:large, max-video-preview:-1\" \/>\n<link rel=\"canonical\" href=\"https:\/\/www.telaled.com\/tr\/fabrica\/placar-eletronico-para-badminton-serie-ted\/\" \/>\n<meta property=\"og:locale\" content=\"tr_TR\" \/>\n<meta property=\"og:type\" content=\"article\" \/>\n<meta property=\"og:title\" content=\"Placar Eletr\u00f4nico de Badminton S\u00e9rie TED | Solu\u00e7\u00f5es de pontua\u00e7\u00e3o digital para clubes e torneios | TELALED\" \/>\n<meta property=\"og:description\" content=\"Descubra o Placar Eletr\u00f4nico de Badminton S\u00e9rie TED projetado para precis\u00e3o e praticidade. Perfeito para clubes, escolas e competi\u00e7\u00f5es, com displays de LED, controles de \u00e1rbitro e aplicativos de auto\u00e1rbitro.\" \/>\n<meta property=\"og:url\" content=\"https:\/\/www.telaled.com\/tr\/fabrica\/placar-eletronico-para-badminton-serie-ted\/\" \/>\n<meta property=\"og:site_name\" content=\"TELALED\" \/>\n<meta property=\"article:modified_time\" content=\"2026-01-06T09:43:41+00:00\" \/>\n<meta property=\"og:image\" content=\"https:\/\/www.telaled.com\/wp-content\/uploads\/2025\/10\/Placar-eletronico-para-badminton.webp\" \/>\n\t<meta property=\"og:image:width\" content=\"500\" \/>\n\t<meta property=\"og:image:height\" content=\"500\" \/>\n\t<meta property=\"og:image:type\" content=\"image\/webp\" \/>\n<meta name=\"twitter:card\" content=\"summary_large_image\" \/>\n<meta name=\"twitter:label1\" content=\"Est. reading time\" \/>\n\t<meta name=\"twitter:data1\" content=\"3 dakika\" \/>\n<script type=\"application\/ld+json\" class=\"yoast-schema-graph\">{\"@context\":\"https:\\\/\\\/schema.org\",\"@graph\":[{\"@type\":\"WebPage\",\"@id\":\"https:\\\/\\\/www.telaled.com\\\/fabrica\\\/placar-eletronico-para-badminton-serie-ted\\\/\",\"url\":\"https:\\\/\\\/www.telaled.com\\\/fabrica\\\/placar-eletronico-para-badminton-serie-ted\\\/\",\"name\":\"Placar Eletr\u00f4nico de Badminton S\u00e9rie TED | Solu\u00e7\u00f5es de pontua\u00e7\u00e3o digital para clubes e torneios | TELALED\",\"isPartOf\":{\"@id\":\"https:\\\/\\\/www.telaled.com\\\/#website\"},\"primaryImageOfPage\":{\"@id\":\"https:\\\/\\\/www.telaled.com\\\/fabrica\\\/placar-eletronico-para-badminton-serie-ted\\\/#primaryimage\"},\"image\":{\"@id\":\"https:\\\/\\\/www.telaled.com\\\/fabrica\\\/placar-eletronico-para-badminton-serie-ted\\\/#primaryimage\"},\"thumbnailUrl\":\"https:\\\/\\\/www.telaled.com\\\/wp-content\\\/uploads\\\/2025\\\/10\\\/Placar-eletronico-para-badminton.webp\",\"datePublished\":\"2025-10-02T10:10:21+00:00\",\"dateModified\":\"2026-01-06T09:43:41+00:00\",\"description\":\"Descubra o Placar Eletr\u00f4nico de Badminton S\u00e9rie TED projetado para precis\u00e3o e praticidade. Perfeito para clubes, escolas e competi\u00e7\u00f5es, com displays de LED, controles de \u00e1rbitro e aplicativos de auto\u00e1rbitro.\",\"breadcrumb\":{\"@id\":\"https:\\\/\\\/www.telaled.com\\\/fabrica\\\/placar-eletronico-para-badminton-serie-ted\\\/#breadcrumb\"},\"inLanguage\":\"tr\",\"potentialAction\":[{\"@type\":\"ReadAction\",\"target\":[\"https:\\\/\\\/www.telaled.com\\\/fabrica\\\/placar-eletronico-para-badminton-serie-ted\\\/\"]}]},{\"@type\":\"ImageObject\",\"inLanguage\":\"tr\",\"@id\":\"https:\\\/\\\/www.telaled.com\\\/fabrica\\\/placar-eletronico-para-badminton-serie-ted\\\/#primaryimage\",\"url\":\"https:\\\/\\\/www.telaled.com\\\/wp-content\\\/uploads\\\/2025\\\/10\\\/Placar-eletronico-para-badminton.webp\",\"contentUrl\":\"https:\\\/\\\/www.telaled.com\\\/wp-content\\\/uploads\\\/2025\\\/10\\\/Placar-eletronico-para-badminton.webp\",\"width\":500,\"height\":500,\"caption\":\"Placar-eletronico-para-badminton\"},{\"@type\":\"BreadcrumbList\",\"@id\":\"https:\\\/\\\/www.telaled.com\\\/fabrica\\\/placar-eletronico-para-badminton-serie-ted\\\/#breadcrumb\",\"itemListElement\":[{\"@type\":\"ListItem\",\"position\":1,\"name\":\"Home\",\"item\":\"https:\\\/\\\/www.telaled.com\\\/\"},{\"@type\":\"ListItem\",\"position\":2,\"name\":\"Produtos\",\"item\":\"https:\\\/\\\/www.telaled.com\\\/shop\\\/\"},{\"@type\":\"ListItem\",\"position\":3,\"name\":\"Placar Eletronico para Badminton S\u00e9rie TED\"}]},{\"@type\":\"WebSite\",\"@id\":\"https:\\\/\\\/www.telaled.com\\\/#website\",\"url\":\"https:\\\/\\\/www.telaled.com\\\/\",\"name\":\"TELALED\",\"description\":\"\",\"potentialAction\":[{\"@type\":\"SearchAction\",\"target\":{\"@type\":\"EntryPoint\",\"urlTemplate\":\"https:\\\/\\\/www.telaled.com\\\/?s={search_term_string}\"},\"query-input\":{\"@type\":\"PropertyValueSpecification\",\"valueRequired\":true,\"valueName\":\"search_term_string\"}}],\"inLanguage\":\"tr\"}]}<\/script>\n<!-- \/ Yoast SEO plugin. -->","yoast_head_json":{"title":"TED Serisi Elektronik Badminton Skor Panosu | Kul\u00fcpler ve Turnuvalar i\u00e7in Dijital Skor \u00c7\u00f6z\u00fcmleri | TELALED","description":"Hassasiyet ve pratiklik i\u00e7in tasarlanm\u0131\u015f TED Serisi Elektronik Badminton Skorbordunu ke\u015ffedin. LED ekranlar\u0131, hakem kontrolleri ve otomatik uygulama \u00f6zelli\u011fiyle kul\u00fcpler, okullar ve m\u00fcsabakalar i\u00e7in m\u00fckemmeldir.","robots":{"index":"index","follow":"follow","max-snippet":"max-snippet:-1","max-image-preview":"max-image-preview:large","max-video-preview":"max-video-preview:-1"},"canonical":"https:\/\/www.telaled.com\/tr\/fabrica\/placar-eletronico-para-badminton-serie-ted\/","og_locale":"tr_TR","og_type":"article","og_title":"Placar Eletr\u00f4nico de Badminton S\u00e9rie TED | Solu\u00e7\u00f5es de pontua\u00e7\u00e3o digital para clubes e torneios | TELALED","og_description":"Descubra o Placar Eletr\u00f4nico de Badminton S\u00e9rie TED projetado para precis\u00e3o e praticidade. Perfeito para clubes, escolas e competi\u00e7\u00f5es, com displays de LED, controles de \u00e1rbitro e aplicativos de auto\u00e1rbitro.","og_url":"https:\/\/www.telaled.com\/tr\/fabrica\/placar-eletronico-para-badminton-serie-ted\/","og_site_name":"TELALED","article_modified_time":"2026-01-06T09:43:41+00:00","og_image":[{"width":500,"height":500,"url":"https:\/\/www.telaled.com\/wp-content\/uploads\/2025\/10\/Placar-eletronico-para-badminton.webp","type":"image\/webp"}],"twitter_card":"summary_large_image","twitter_misc":{"Est. reading time":"3 dakika"},"schema":{"@context":"https:\/\/schema.org","@graph":[{"@type":"WebPage","@id":"https:\/\/www.telaled.com\/fabrica\/placar-eletronico-para-badminton-serie-ted\/","url":"https:\/\/www.telaled.com\/fabrica\/placar-eletronico-para-badminton-serie-ted\/","name":"TED Serisi Elektronik Badminton Skor Panosu | Kul\u00fcpler ve Turnuvalar i\u00e7in Dijital Skor \u00c7\u00f6z\u00fcmleri | TELALED","isPartOf":{"@id":"https:\/\/www.telaled.com\/#website"},"primaryImageOfPage":{"@id":"https:\/\/www.telaled.com\/fabrica\/placar-eletronico-para-badminton-serie-ted\/#primaryimage"},"image":{"@id":"https:\/\/www.telaled.com\/fabrica\/placar-eletronico-para-badminton-serie-ted\/#primaryimage"},"thumbnailUrl":"https:\/\/www.telaled.com\/wp-content\/uploads\/2025\/10\/Placar-eletronico-para-badminton.webp","datePublished":"2025-10-02T10:10:21+00:00","dateModified":"2026-01-06T09:43:41+00:00","description":"Hassasiyet ve pratiklik i\u00e7in tasarlanm\u0131\u015f TED Serisi Elektronik Badminton Skorbordunu ke\u015ffedin. LED ekranlar\u0131, hakem kontrolleri ve otomatik uygulama \u00f6zelli\u011fiyle kul\u00fcpler, okullar ve m\u00fcsabakalar i\u00e7in m\u00fckemmeldir.","breadcrumb":{"@id":"https:\/\/www.telaled.com\/fabrica\/placar-eletronico-para-badminton-serie-ted\/#breadcrumb"},"inLanguage":"tr","potentialAction":[{"@type":"ReadAction","target":["https:\/\/www.telaled.com\/fabrica\/placar-eletronico-para-badminton-serie-ted\/"]}]},{"@type":"ImageObject","inLanguage":"tr","@id":"https:\/\/www.telaled.com\/fabrica\/placar-eletronico-para-badminton-serie-ted\/#primaryimage","url":"https:\/\/www.telaled.com\/wp-content\/uploads\/2025\/10\/Placar-eletronico-para-badminton.webp","contentUrl":"https:\/\/www.telaled.com\/wp-content\/uploads\/2025\/10\/Placar-eletronico-para-badminton.webp","width":500,"height":500,"caption":"Placar-eletronico-para-badminton"},{"@type":"BreadcrumbList","@id":"https:\/\/www.telaled.com\/fabrica\/placar-eletronico-para-badminton-serie-ted\/#breadcrumb","itemListElement":[{"@type":"ListItem","position":1,"name":"Home","item":"https:\/\/www.telaled.com\/"},{"@type":"ListItem","position":2,"name":"Produtos","item":"https:\/\/www.telaled.com\/shop\/"},{"@type":"ListItem","position":3,"name":"Placar Eletronico para Badminton S\u00e9rie TED"}]},{"@type":"WebSite","@id":"https:\/\/www.telaled.com\/#website","url":"https:\/\/www.telaled.com\/","name":"LED Ekran","description":"","potentialAction":[{"@type":"SearchAction","target":{"@type":"EntryPoint","urlTemplate":"https:\/\/www.telaled.com\/?s={search_term_string}"},"query-input":{"@type":"PropertyValueSpecification","valueRequired":true,"valueName":"search_term_string"}}],"inLanguage":"tr"}]}},"_links":{"self":[{"href":"https:\/\/www.telaled.com\/tr\/wp-json\/wp\/v2\/product\/3735","targetHints":{"allow":["GET"]}}],"collection":[{"href":"https:\/\/www.telaled.com\/tr\/wp-json\/wp\/v2\/product"}],"about":[{"href":"https:\/\/www.telaled.com\/tr\/wp-json\/wp\/v2\/types\/product"}],"wp:featuredmedia":[{"embeddable":true,"href":"https:\/\/www.telaled.com\/tr\/wp-json\/wp\/v2\/media\/3736"}],"wp:attachment":[{"href":"https:\/\/www.telaled.com\/tr\/wp-json\/wp\/v2\/media?parent=3735"}],"wp:term":[{"taxonomy":"product_brand","embeddable":true,"href":"https:\/\/www.telaled.com\/tr\/wp-json\/wp\/v2\/product_brand?post=3735"},{"taxonomy":"product_cat","embeddable":true,"href":"https:\/\/www.telaled.com\/tr\/wp-json\/wp\/v2\/product_cat?post=3735"},{"taxonomy":"product_tag","embeddable":true,"href":"https:\/\/www.telaled.com\/tr\/wp-json\/wp\/v2\/product_tag?post=3735"}],"curies":[{"name":"wp","href":"https:\/\/api.w.org\/{rel}","templated":true}]}}