{"id":3695,"date":"2025-10-02T01:58:23","date_gmt":"2025-10-02T01:58:23","guid":{"rendered":"https:\/\/www.telaled.com\/?post_type=product&#038;p=3695"},"modified":"2026-01-06T09:33:21","modified_gmt":"2026-01-06T09:33:21","slug":"placar-eletronico-para-tenis-serie-tec","status":"publish","type":"product","link":"https:\/\/www.telaled.com\/tr\/fabrica\/placar-eletronico-para-tenis-serie-tec\/","title":{"rendered":"Tenis i\u00e7in Elektronik Skor Panosu - TEC Serisi"},"content":{"rendered":"<div class=\"row\"  id=\"row-2141552823\">\n\n\t<div id=\"col-1247232326\" class=\"col small-12 large-12\"  >\n\t\t\t\t<div class=\"col-inner\"  >\n\t\t\t\n\t\t\t\n<h2>Ayr\u0131cal\u0131kl\u0131 avantajlar <span data-sheets-root=\"1\">Tenis i\u00e7in elektronik skorboard<\/span> TEC Serisi<\/h2>\n<h3><strong>\u00dcst\u00fcn Dayan\u0131kl\u0131l\u0131k<\/strong><\/h3>\n<ul>\n<li>Zorlu oyun ko\u015fullar\u0131 i\u00e7in g\u00fc\u00e7lendirilmi\u015f, top ge\u00e7irmez tasar\u0131m.<\/li>\n<li>Hem i\u00e7 hem de d\u0131\u015f mekan kortlar\u0131 i\u00e7in hava ko\u015fullar\u0131na dayan\u0131kl\u0131 yap\u0131.<\/li>\n<li>Uzun \u00f6m\u00fcrl\u00fc ve dayan\u0131kl\u0131 performans.<\/li>\n<\/ul>\n<h3><strong>Ola\u011fan\u00fcst\u00fc G\u00f6rsel Kalite<\/strong><\/h3>\n<ul>\n<li>Ultra keskin, y\u00fcksek \u00e7\u00f6z\u00fcn\u00fcrl\u00fckl\u00fc LED ekran.<\/li>\n<li>Skorlar, istatistikler ve zamanlama bilgileri ger\u00e7ek zamanl\u0131 olarak, bir bak\u0131\u015fta.<\/li>\n<li>Do\u011frudan g\u00fcne\u015f \u0131\u015f\u0131\u011f\u0131nda bile m\u00fckemmel g\u00f6r\u00fc\u015f.<\/li>\n<\/ul>\n<h3><strong>Tam Uyarlanabilirlik<\/strong><\/h3>\n<ul>\n<li>Her lokasyona uygun esnek boyut ve konaklama se\u00e7enekleri.<\/li>\n<li>\u0130htiya\u00e7lar\u0131 kar\u015f\u0131lamak \u00fczere \u00f6zelle\u015ftirilebilir \u00f6zellikler. <a href=\"https:\/\/www.telaled.com\/tr\/telao-de-led-para-eventos\/\">etkinlik<\/a> veya kul\u00fcp.<\/li>\n<li>Modern tenis sistemiyle kolay entegrasyon.<\/li>\n<\/ul>\n<h3><strong>Kapsaml\u0131 Destek<\/strong><\/h3>\n<ul>\n<li>Her sipari\u015finizde 7\/24 uzaktan teknik destekten ve yedek par\u00e7alarda 5% indirimden yararlan\u0131n.<\/li>\n<li>3 y\u0131ll\u0131k uzat\u0131lm\u0131\u015f garanti. G\u00fcvenilir hizmet ve uzun vadeli performans.<\/li>\n<li>Her sat\u0131n al\u0131m\u0131n\u0131zda tam bir g\u00f6n\u00fcl rahatl\u0131\u011f\u0131.<\/li>\n<\/ul>\n<h2>\u00dcr\u00fcn detaylar\u0131<\/h2>\n<div class=\"row\"  id=\"row-1223064520\">\n\n\t<div id=\"col-1139654399\" class=\"col medium-10 small-12 large-10\"  >\n\t\t\t\t<div class=\"col-inner text-left\"  >\n\t\t\t\n\t\t\t\n<ul>\n<li>T\u00fcm noktalar\u0131 net bir \u015fekilde a\u00e7\u0131kl\u0131\u011fa kavu\u015fturun. <em><strong>Tenis i\u00e7in elektronik skorboard, TEC serisi.<\/strong><\/em>. Kapal\u0131 ve a\u00e7\u0131k kortlar i\u00e7in tasarlanan bu elektronik tenis skor tablolar\u0131, vuru\u015flar\u0131, setleri ve ma\u00e7 detaylar\u0131n\u0131 ger\u00e7ek zamanl\u0131 olarak g\u00f6sterir. \u00c7e\u015fitli boyut ve konfig\u00fcrasyonlarda bulunan bu \u00fcr\u00fcnler, geli\u015fmi\u015f LED teknolojisini kullanarak her a\u00e7\u0131dan ve her t\u00fcrl\u00fc ayd\u0131nlatma ko\u015fulunda parlak ve kolay okunabilir skor verileri sunar.<\/li>\n<\/ul>\n\t<div class=\"img has-hover x md-x lg-x y md-y lg-y\" id=\"image_430037069\">\n\t\t\t\t\t\t\t\t<div class=\"img-inner dark\" >\n\t\t\t<img loading=\"lazy\" decoding=\"async\" width=\"730\" height=\"600\" src=\"https:\/\/www.telaled.com\/wp-content\/uploads\/2025\/10\/Placar-eletronico-para-tenis7.webp\" class=\"attachment-large size-large\" alt=\"Tenis i\u00e7in elektronik skor tahtas\u01317\" srcset=\"https:\/\/www.telaled.com\/wp-content\/uploads\/2025\/10\/Placar-eletronico-para-tenis7.webp 730w, https:\/\/www.telaled.com\/wp-content\/uploads\/2025\/10\/Placar-eletronico-para-tenis7-300x247.webp 300w, https:\/\/www.telaled.com\/wp-content\/uploads\/2025\/10\/Placar-eletronico-para-tenis7-15x12.webp 15w, https:\/\/www.telaled.com\/wp-content\/uploads\/2025\/10\/Placar-eletronico-para-tenis7-600x493.webp 600w\" sizes=\"auto, (max-width: 730px) 100vw, 730px\" \/>\t\t\t\t\t\t\n\t\t\t\t\t<\/div>\n\t\t\t\t\t\t\t\t\n<style>\n#image_430037069 {\n  width: 80%;\n}\n<\/style>\n\t<\/div>\n\t\n<ul>\n<li>Tenis kortunuzu modern bir g\u00f6r\u00fcn\u00fcmle yenileyin. <em><strong>Elektronik Tenis Skor Panosu<\/strong><\/em>, Hassasiyet ve g\u00fcvenilirlik i\u00e7in tasarland\u0131. Turnuvalar, kul\u00fcp ma\u00e7lar\u0131 ve antrenmanlar i\u00e7in m\u00fckemmeldir. <a href=\"https:\/\/www.telaled.com\/tr\/placar-eletronico\/\">puanlar<\/a> Her zaman net g\u00f6r\u00fc\u015f ve do\u011fru sonu\u00e7lar sunarlar. Y\u00fcksek kaliteli malzemelerle \u00fcretilen bu \u00fcr\u00fcnler, dayan\u0131kl\u0131l\u0131\u011f\u0131, kullan\u0131m kolayl\u0131\u011f\u0131n\u0131 ve geli\u015fmi\u015f \u00f6zellikleri bir araya getirerek oyuncu ve seyirci deneyimini geli\u015ftirir.<\/li>\n<\/ul>\n\t<div class=\"img has-hover x md-x lg-x y md-y lg-y\" id=\"image_1199226677\">\n\t\t\t\t\t\t\t\t<div class=\"img-inner dark\" >\n\t\t\t<img loading=\"lazy\" decoding=\"async\" width=\"1728\" height=\"1152\" src=\"https:\/\/www.telaled.com\/wp-content\/uploads\/2025\/10\/Placar-eletronico-para-tenis8.webp\" class=\"attachment-original size-original\" alt=\"Tennis8 i\u00e7in elektronik skor tablosu\" srcset=\"https:\/\/www.telaled.com\/wp-content\/uploads\/2025\/10\/Placar-eletronico-para-tenis8.webp 1728w, https:\/\/www.telaled.com\/wp-content\/uploads\/2025\/10\/Placar-eletronico-para-tenis8-300x200.webp 300w, https:\/\/www.telaled.com\/wp-content\/uploads\/2025\/10\/Placar-eletronico-para-tenis8-1024x683.webp 1024w, https:\/\/www.telaled.com\/wp-content\/uploads\/2025\/10\/Placar-eletronico-para-tenis8-768x512.webp 768w, https:\/\/www.telaled.com\/wp-content\/uploads\/2025\/10\/Placar-eletronico-para-tenis8-1536x1024.webp 1536w, https:\/\/www.telaled.com\/wp-content\/uploads\/2025\/10\/Placar-eletronico-para-tenis8-18x12.webp 18w, https:\/\/www.telaled.com\/wp-content\/uploads\/2025\/10\/Placar-eletronico-para-tenis8-600x400.webp 600w\" sizes=\"auto, (max-width: 1728px) 100vw, 1728px\" \/>\t\t\t\t\t\t\n\t\t\t\t\t<\/div>\n\t\t\t\t\t\t\t\t\n<style>\n#image_1199226677 {\n  width: 80%;\n}\n<\/style>\n\t<\/div>\n\t\n<ul>\n<li>20 y\u0131l\u0131 a\u015fk\u0131n s\u00fcredir s\u00fcrekli olarak yenilik yaparak, her seviyedeki m\u00fcsabakalar i\u00e7in en son teknolojiye sahip elektronik skorboard \u00e7\u00f6z\u00fcmleri sunuyoruz. Yerel park alanlar\u0131ndan profesyonel spor arenalar\u0131na kadar, skorboardlar\u0131m\u0131z hassasiyet, dayan\u0131kl\u0131l\u0131k ve y\u00fcksek performans i\u00e7in tasarlanm\u0131\u015ft\u0131r. Mekandan ba\u011f\u0131ms\u0131z olarak, \u00e7\u00f6z\u00fcmlerimiz benzersiz bir g\u00fcvenilirlik sunarak, \u00fclke genelindeki spor programlar\u0131 ve tesisleri i\u00e7in tercih edilen se\u00e7enek haline gelmi\u015ftir.<\/li>\n<\/ul>\n\t\t<\/div>\n\t\t\t\t\t<\/div>\n\n\t\n\n\t<div id=\"col-1503163020\" class=\"col medium-10 small-12 large-10\"  >\n\t\t\t\t<div class=\"col-inner text-left\"  >\n\t\t\t\n\t\t\t\n\t<div class=\"img has-hover x md-x lg-x y md-y lg-y\" id=\"image_656365552\">\n\t\t\t\t\t\t\t\t<div class=\"img-inner dark\" >\n\t\t\t<img loading=\"lazy\" decoding=\"async\" width=\"1020\" height=\"258\" src=\"https:\/\/www.telaled.com\/wp-content\/uploads\/2025\/10\/Placar-eletronico-para-tenis9-1024x259.webp\" class=\"attachment-large size-large\" alt=\"Tennis9 i\u00e7in elektronik skor tablosu\" srcset=\"https:\/\/www.telaled.com\/wp-content\/uploads\/2025\/10\/Placar-eletronico-para-tenis9-1024x259.webp 1024w, https:\/\/www.telaled.com\/wp-content\/uploads\/2025\/10\/Placar-eletronico-para-tenis9-300x76.webp 300w, https:\/\/www.telaled.com\/wp-content\/uploads\/2025\/10\/Placar-eletronico-para-tenis9-768x195.webp 768w, https:\/\/www.telaled.com\/wp-content\/uploads\/2025\/10\/Placar-eletronico-para-tenis9-18x5.webp 18w, https:\/\/www.telaled.com\/wp-content\/uploads\/2025\/10\/Placar-eletronico-para-tenis9-600x152.webp 600w, https:\/\/www.telaled.com\/wp-content\/uploads\/2025\/10\/Placar-eletronico-para-tenis9.webp 1109w\" sizes=\"auto, (max-width: 1020px) 100vw, 1020px\" \/>\t\t\t\t\t\t\n\t\t\t\t\t<\/div>\n\t\t\t\t\t\t\t\t\n<style>\n#image_656365552 {\n  width: 80%;\n}\n<\/style>\n\t<\/div>\n\t\n<ul>\n<li><em><strong>Tenis i\u00e7in elektronik skorboard, TEC Serisi.<\/strong><\/em> \u00dcr\u00fcnler, ta\u015f\u0131ma s\u0131ras\u0131nda korunmalar\u0131 i\u00e7in g\u00fc\u00e7lendirilmi\u015f ah\u015fap kasalara paketlenir. Her bir \u00fcnite, ha\u015ferelerden, darbelerden ve di\u011fer tehlikelerden kaynaklanan hasar\u0131 \u00f6nlemek i\u00e7in g\u00fcvenli bir \u015fekilde paketlenir. Bu, dayan\u0131kl\u0131l\u0131\u011f\u0131 ve g\u00fcvenli teslimat\u0131 sa\u011flar.<\/li>\n<\/ul>\n\t<div class=\"img has-hover x md-x lg-x y md-y lg-y\" id=\"image_192794816\">\n\t\t\t\t\t\t\t\t<div class=\"img-inner dark\" >\n\t\t\t<img loading=\"lazy\" decoding=\"async\" width=\"760\" height=\"1024\" src=\"https:\/\/www.telaled.com\/wp-content\/uploads\/2025\/08\/36123f2c-de60-488d-af81-255cd4aee54a-760x1024.webp\" class=\"attachment-large size-large\" alt=\"\" srcset=\"https:\/\/www.telaled.com\/wp-content\/uploads\/2025\/08\/36123f2c-de60-488d-af81-255cd4aee54a-760x1024.webp 760w, https:\/\/www.telaled.com\/wp-content\/uploads\/2025\/08\/36123f2c-de60-488d-af81-255cd4aee54a-223x300.webp 223w, https:\/\/www.telaled.com\/wp-content\/uploads\/2025\/08\/36123f2c-de60-488d-af81-255cd4aee54a-768x1035.webp 768w, https:\/\/www.telaled.com\/wp-content\/uploads\/2025\/08\/36123f2c-de60-488d-af81-255cd4aee54a-9x12.webp 9w, https:\/\/www.telaled.com\/wp-content\/uploads\/2025\/08\/36123f2c-de60-488d-af81-255cd4aee54a-600x808.webp 600w, https:\/\/www.telaled.com\/wp-content\/uploads\/2025\/08\/36123f2c-de60-488d-af81-255cd4aee54a.webp 795w\" sizes=\"auto, (max-width: 760px) 100vw, 760px\" \/>\t\t\t\t\t\t\n\t\t\t\t\t<\/div>\n\t\t\t\t\t\t\t\t\n<style>\n#image_192794816 {\n  width: 80%;\n}\n<\/style>\n\t<\/div>\n\t\n\n<table id=\"tablepress-91\" class=\"tablepress tablepress-id-91\">\n<thead>\n<tr class=\"row-1\">\n\t<th class=\"column-1\">Tip<\/th><th class=\"column-2\">Gol<\/th><th class=\"column-3\">Malzeme<\/th><th class=\"column-4\">Al\u00fcminyum Ala\u015f\u0131m\u0131<\/th>\n<\/tr>\n<\/thead>\n<tbody class=\"row-striping row-hover\">\n<tr class=\"row-2\">\n\t<td class=\"column-1\">Vurgu<\/td><td class=\"column-2\">puan g\u00f6sterimi<\/td><td class=\"column-3\">Men\u015fe yeri<\/td><td class=\"column-4\">Shenzhen, \u00c7in<\/td>\n<\/tr>\n<tr class=\"row-3\">\n\t<td class=\"column-1\">Model Numaras\u0131<\/td><td class=\"column-2\">TEC Serisi<\/td><td class=\"column-3\">\u0130\u015faret<\/td><td class=\"column-4\">LED Ekran<\/td>\n<\/tr>\n<tr class=\"row-4\">\n\t<td class=\"column-1\">renk<\/td><td class=\"column-2\">k\u0131rm\u0131z\u0131 rakamlar<\/td><td class=\"column-3\">Kullanmak<\/td><td class=\"column-4\">D\u0131\u015f\/Dahili<\/td>\n<\/tr>\n<tr class=\"row-5\">\n\t<td class=\"column-1\">\u0130sim<\/td><td class=\"column-2\">Elektronik Tenis Skor Panosu<\/td><td class=\"column-3\">Boyut<\/td><td class=\"column-4\">1095 mm x 400 mm x 65 mm<\/td>\n<\/tr>\n<tr class=\"row-6\">\n\t<td class=\"column-1\">Karakter y\u00fcksekli\u011fi<\/td><td class=\"column-2\">4 in\u00e7<\/td><td class=\"column-3\">Yap\u0131<\/td><td class=\"column-4\">Al\u00fcminyum ala\u015f\u0131m\u0131<\/td>\n<\/tr>\n<tr class=\"row-7\">\n\t<td class=\"column-1\">Kurulum<\/td><td class=\"column-2\">Duvara monte<\/td><td class=\"column-3\">Kontrol<\/td><td class=\"column-4\">Uzaktan kumanda<\/td>\n<\/tr>\n<tr class=\"row-8\">\n\t<td class=\"column-1\">garanti<\/td><td class=\"column-2\">3 y\u0131l<\/td><td class=\"column-3\"><\/td><td class=\"column-4\"><\/td>\n<\/tr>\n<\/tbody>\n<\/table>\n<!-- #tablepress-91 from cache -->\n\t\t<\/div>\n\t\t\t\t\t<\/div>\n\n\t\n<\/div>\n\t\t<\/div>\n\t\t\t\t\t<\/div>\n\n\t\n<\/div>","protected":false},"excerpt":{"rendered":"<p><strong>Tenis i\u00e7in Elektronik Skor Panosu - TEC Serisi<\/strong> \u2013 Her ma\u00e7 i\u00e7in hassasiyet<\/p>\n<p>Bir<em> <strong>Tenis i\u00e7in Elektronik Skor Panosu - TEC Serisi<\/strong> <\/em>Her ma\u00e7a netlik, hassasiyet ve profesyonellik getiriyor. Kul\u00fcp ma\u00e7lar\u0131 ve b\u00fcy\u00fck turnuvalar i\u00e7in tasarlanan bu sistem, hakemler i\u00e7in sorunsuz bir \u00e7al\u0131\u015fma sa\u011flarken, oyuncular\u0131n ve seyircilerin ma\u00e7a tam olarak odaklanmas\u0131n\u0131 sa\u011fl\u0131yor.<\/p>\n<p><strong>Ba\u015fl\u0131ca \u00f6zellikler:<\/strong><\/p>\n<ul>\n<li><strong>Entegre tenis kurallar\u0131 sistemi:<\/strong> Tenis kurallar\u0131na otomatik olarak uyarak hatalar\u0131 azalt\u0131r ve hakemler, oyuncular ve taraftarlar i\u00e7in m\u00fckemmel skorlar sa\u011flar.<\/li>\n<li><strong>Y\u00fcksek \u00e7\u00f6z\u00fcn\u00fcrl\u00fckl\u00fc ma\u00e7 yay\u0131nlar\u0131:<\/strong> Ma\u00e7\u0131n tamam\u0131n\u0131 ayn\u0131 anda g\u00f6sterir; skorlar, s\u00fcre ve oyuncu istatistikleri; hepsi de net ve berrak LED kalitesiyle.<\/li>\n<li><strong>Basit ve sezgisel kontroller:<\/strong> \u00d6zel olarak geli\u015ftirilmi\u015f kontrol panelleri, bask\u0131 alt\u0131nda bile skorboardun h\u0131zl\u0131 ve hatas\u0131z \u00e7al\u0131\u015fmas\u0131n\u0131 sa\u011flar.<\/li>\n<li><strong>\u00d6zelle\u015ftirilebilir ve dayan\u0131kl\u0131 tasar\u0131m:<\/strong> Esnek g\u00f6vde se\u00e7enekleri ve top ge\u00e7irmez \u00f6n y\u00fczeyleriyle tasarlanan bu skor tablolar\u0131, bulundu\u011funuz yere uyum sa\u011flar ve her ortamda sa\u011flaml\u0131\u011f\u0131n\u0131 korur.<\/li>\n<\/ul>\n<p>7\/24 uzaktan destek ve g\u00fcvenilir 3 y\u0131ll\u0131k garanti sunuyoruz. \u0130htiya\u00e7lar\u0131n\u0131za \u00f6zel fiyat teklifi almak i\u00e7in bug\u00fcn bizimle ileti\u015fime ge\u00e7in.<\/p>","protected":false},"featured_media":3697,"template":"","meta":[],"product_brand":[],"product_cat":[48,40,44,46],"product_tag":[],"class_list":{"0":"post-3695","1":"product","2":"type-product","3":"status-publish","4":"has-post-thumbnail","6":"product_cat-paineis-personalizados","7":"product_cat-painel-de-led","8":"product_cat-painel-de-led-flexivel","9":"product_cat-painel-de-video","11":"first","12":"instock","13":"shipping-taxable","14":"product-type-simple"},"yoast_head":"<!-- This site is optimized with the Yoast SEO plugin v27.4 - https:\/\/yoast.com\/product\/yoast-seo-wordpress\/ -->\n<title>Placar Eletr\u00f4nico de T\u00eanis S\u00e9rie TEC | Placar personalizado e dur\u00e1vel | TELALED<\/title>\n<meta name=\"description\" content=\"Aprimore sua quadra de t\u00eanis com um placar eletr\u00f4nico. Visores de alta resolu\u00e7\u00e3o, pain\u00e9is de controle intuitivos e design personaliz\u00e1vel.\" \/>\n<meta name=\"robots\" content=\"index, follow, max-snippet:-1, max-image-preview:large, max-video-preview:-1\" \/>\n<link rel=\"canonical\" href=\"https:\/\/www.telaled.com\/tr\/fabrica\/placar-eletronico-para-tenis-serie-tec\/\" \/>\n<meta property=\"og:locale\" content=\"tr_TR\" \/>\n<meta property=\"og:type\" content=\"article\" \/>\n<meta property=\"og:title\" content=\"Placar Eletr\u00f4nico de T\u00eanis S\u00e9rie TEC | Placar personalizado e dur\u00e1vel | TELALED\" \/>\n<meta property=\"og:description\" content=\"Aprimore sua quadra de t\u00eanis com um placar eletr\u00f4nico. Visores de alta resolu\u00e7\u00e3o, pain\u00e9is de controle intuitivos e design personaliz\u00e1vel.\" \/>\n<meta property=\"og:url\" content=\"https:\/\/www.telaled.com\/tr\/fabrica\/placar-eletronico-para-tenis-serie-tec\/\" \/>\n<meta property=\"og:site_name\" content=\"TELALED\" \/>\n<meta property=\"article:modified_time\" content=\"2026-01-06T09:33:21+00:00\" \/>\n<meta property=\"og:image\" content=\"https:\/\/www.telaled.com\/wp-content\/uploads\/2025\/10\/Placar-eletronico-para-tenis-1.webp\" \/>\n\t<meta property=\"og:image:width\" content=\"500\" \/>\n\t<meta property=\"og:image:height\" content=\"500\" \/>\n\t<meta property=\"og:image:type\" content=\"image\/webp\" \/>\n<meta name=\"twitter:card\" content=\"summary_large_image\" \/>\n<meta name=\"twitter:label1\" content=\"Est. reading time\" \/>\n\t<meta name=\"twitter:data1\" content=\"3 dakika\" \/>\n<script type=\"application\/ld+json\" class=\"yoast-schema-graph\">{\"@context\":\"https:\\\/\\\/schema.org\",\"@graph\":[{\"@type\":\"WebPage\",\"@id\":\"https:\\\/\\\/www.telaled.com\\\/fabrica\\\/placar-eletronico-para-tenis-serie-tec\\\/\",\"url\":\"https:\\\/\\\/www.telaled.com\\\/fabrica\\\/placar-eletronico-para-tenis-serie-tec\\\/\",\"name\":\"Placar Eletr\u00f4nico de T\u00eanis S\u00e9rie TEC | Placar personalizado e dur\u00e1vel | TELALED\",\"isPartOf\":{\"@id\":\"https:\\\/\\\/www.telaled.com\\\/#website\"},\"primaryImageOfPage\":{\"@id\":\"https:\\\/\\\/www.telaled.com\\\/fabrica\\\/placar-eletronico-para-tenis-serie-tec\\\/#primaryimage\"},\"image\":{\"@id\":\"https:\\\/\\\/www.telaled.com\\\/fabrica\\\/placar-eletronico-para-tenis-serie-tec\\\/#primaryimage\"},\"thumbnailUrl\":\"https:\\\/\\\/www.telaled.com\\\/wp-content\\\/uploads\\\/2025\\\/10\\\/Placar-eletronico-para-tenis-1.webp\",\"datePublished\":\"2025-10-02T01:58:23+00:00\",\"dateModified\":\"2026-01-06T09:33:21+00:00\",\"description\":\"Aprimore sua quadra de t\u00eanis com um placar eletr\u00f4nico. Visores de alta resolu\u00e7\u00e3o, pain\u00e9is de controle intuitivos e design personaliz\u00e1vel.\",\"breadcrumb\":{\"@id\":\"https:\\\/\\\/www.telaled.com\\\/fabrica\\\/placar-eletronico-para-tenis-serie-tec\\\/#breadcrumb\"},\"inLanguage\":\"tr\",\"potentialAction\":[{\"@type\":\"ReadAction\",\"target\":[\"https:\\\/\\\/www.telaled.com\\\/fabrica\\\/placar-eletronico-para-tenis-serie-tec\\\/\"]}]},{\"@type\":\"ImageObject\",\"inLanguage\":\"tr\",\"@id\":\"https:\\\/\\\/www.telaled.com\\\/fabrica\\\/placar-eletronico-para-tenis-serie-tec\\\/#primaryimage\",\"url\":\"https:\\\/\\\/www.telaled.com\\\/wp-content\\\/uploads\\\/2025\\\/10\\\/Placar-eletronico-para-tenis-1.webp\",\"contentUrl\":\"https:\\\/\\\/www.telaled.com\\\/wp-content\\\/uploads\\\/2025\\\/10\\\/Placar-eletronico-para-tenis-1.webp\",\"width\":500,\"height\":500,\"caption\":\"Placar-eletronico-para-tenis (1)\"},{\"@type\":\"BreadcrumbList\",\"@id\":\"https:\\\/\\\/www.telaled.com\\\/fabrica\\\/placar-eletronico-para-tenis-serie-tec\\\/#breadcrumb\",\"itemListElement\":[{\"@type\":\"ListItem\",\"position\":1,\"name\":\"Home\",\"item\":\"https:\\\/\\\/www.telaled.com\\\/\"},{\"@type\":\"ListItem\",\"position\":2,\"name\":\"Produtos\",\"item\":\"https:\\\/\\\/www.telaled.com\\\/shop\\\/\"},{\"@type\":\"ListItem\",\"position\":3,\"name\":\"Placar Eletronico para Tenis S\u00e9rie TEC\"}]},{\"@type\":\"WebSite\",\"@id\":\"https:\\\/\\\/www.telaled.com\\\/#website\",\"url\":\"https:\\\/\\\/www.telaled.com\\\/\",\"name\":\"TELALED\",\"description\":\"\",\"potentialAction\":[{\"@type\":\"SearchAction\",\"target\":{\"@type\":\"EntryPoint\",\"urlTemplate\":\"https:\\\/\\\/www.telaled.com\\\/?s={search_term_string}\"},\"query-input\":{\"@type\":\"PropertyValueSpecification\",\"valueRequired\":true,\"valueName\":\"search_term_string\"}}],\"inLanguage\":\"tr\"}]}<\/script>\n<!-- \/ Yoast SEO plugin. -->","yoast_head_json":{"title":"TEC Serisi Elektronik Tenis Skorbordu | \u00d6zelle\u015ftirilebilir ve dayan\u0131kl\u0131 skorbord | LED ekran","description":"Tenis kortunuzu elektronik skorboard ile geli\u015ftirin. Y\u00fcksek \u00e7\u00f6z\u00fcn\u00fcrl\u00fckl\u00fc ekranlar, sezgisel kontrol panelleri ve \u00f6zelle\u015ftirilebilir tasar\u0131m.","robots":{"index":"index","follow":"follow","max-snippet":"max-snippet:-1","max-image-preview":"max-image-preview:large","max-video-preview":"max-video-preview:-1"},"canonical":"https:\/\/www.telaled.com\/tr\/fabrica\/placar-eletronico-para-tenis-serie-tec\/","og_locale":"tr_TR","og_type":"article","og_title":"Placar Eletr\u00f4nico de T\u00eanis S\u00e9rie TEC | Placar personalizado e dur\u00e1vel | TELALED","og_description":"Aprimore sua quadra de t\u00eanis com um placar eletr\u00f4nico. Visores de alta resolu\u00e7\u00e3o, pain\u00e9is de controle intuitivos e design personaliz\u00e1vel.","og_url":"https:\/\/www.telaled.com\/tr\/fabrica\/placar-eletronico-para-tenis-serie-tec\/","og_site_name":"TELALED","article_modified_time":"2026-01-06T09:33:21+00:00","og_image":[{"width":500,"height":500,"url":"https:\/\/www.telaled.com\/wp-content\/uploads\/2025\/10\/Placar-eletronico-para-tenis-1.webp","type":"image\/webp"}],"twitter_card":"summary_large_image","twitter_misc":{"Est. reading time":"3 dakika"},"schema":{"@context":"https:\/\/schema.org","@graph":[{"@type":"WebPage","@id":"https:\/\/www.telaled.com\/fabrica\/placar-eletronico-para-tenis-serie-tec\/","url":"https:\/\/www.telaled.com\/fabrica\/placar-eletronico-para-tenis-serie-tec\/","name":"TEC Serisi Elektronik Tenis Skorbordu | \u00d6zelle\u015ftirilebilir ve dayan\u0131kl\u0131 skorbord | LED ekran","isPartOf":{"@id":"https:\/\/www.telaled.com\/#website"},"primaryImageOfPage":{"@id":"https:\/\/www.telaled.com\/fabrica\/placar-eletronico-para-tenis-serie-tec\/#primaryimage"},"image":{"@id":"https:\/\/www.telaled.com\/fabrica\/placar-eletronico-para-tenis-serie-tec\/#primaryimage"},"thumbnailUrl":"https:\/\/www.telaled.com\/wp-content\/uploads\/2025\/10\/Placar-eletronico-para-tenis-1.webp","datePublished":"2025-10-02T01:58:23+00:00","dateModified":"2026-01-06T09:33:21+00:00","description":"Tenis kortunuzu elektronik skorboard ile geli\u015ftirin. Y\u00fcksek \u00e7\u00f6z\u00fcn\u00fcrl\u00fckl\u00fc ekranlar, sezgisel kontrol panelleri ve \u00f6zelle\u015ftirilebilir tasar\u0131m.","breadcrumb":{"@id":"https:\/\/www.telaled.com\/fabrica\/placar-eletronico-para-tenis-serie-tec\/#breadcrumb"},"inLanguage":"tr","potentialAction":[{"@type":"ReadAction","target":["https:\/\/www.telaled.com\/fabrica\/placar-eletronico-para-tenis-serie-tec\/"]}]},{"@type":"ImageObject","inLanguage":"tr","@id":"https:\/\/www.telaled.com\/fabrica\/placar-eletronico-para-tenis-serie-tec\/#primaryimage","url":"https:\/\/www.telaled.com\/wp-content\/uploads\/2025\/10\/Placar-eletronico-para-tenis-1.webp","contentUrl":"https:\/\/www.telaled.com\/wp-content\/uploads\/2025\/10\/Placar-eletronico-para-tenis-1.webp","width":500,"height":500,"caption":"Placar-eletronico-para-tenis (1)"},{"@type":"BreadcrumbList","@id":"https:\/\/www.telaled.com\/fabrica\/placar-eletronico-para-tenis-serie-tec\/#breadcrumb","itemListElement":[{"@type":"ListItem","position":1,"name":"Home","item":"https:\/\/www.telaled.com\/"},{"@type":"ListItem","position":2,"name":"Produtos","item":"https:\/\/www.telaled.com\/shop\/"},{"@type":"ListItem","position":3,"name":"Placar Eletronico para Tenis S\u00e9rie TEC"}]},{"@type":"WebSite","@id":"https:\/\/www.telaled.com\/#website","url":"https:\/\/www.telaled.com\/","name":"LED Ekran","description":"","potentialAction":[{"@type":"SearchAction","target":{"@type":"EntryPoint","urlTemplate":"https:\/\/www.telaled.com\/?s={search_term_string}"},"query-input":{"@type":"PropertyValueSpecification","valueRequired":true,"valueName":"search_term_string"}}],"inLanguage":"tr"}]}},"_links":{"self":[{"href":"https:\/\/www.telaled.com\/tr\/wp-json\/wp\/v2\/product\/3695","targetHints":{"allow":["GET"]}}],"collection":[{"href":"https:\/\/www.telaled.com\/tr\/wp-json\/wp\/v2\/product"}],"about":[{"href":"https:\/\/www.telaled.com\/tr\/wp-json\/wp\/v2\/types\/product"}],"wp:featuredmedia":[{"embeddable":true,"href":"https:\/\/www.telaled.com\/tr\/wp-json\/wp\/v2\/media\/3697"}],"wp:attachment":[{"href":"https:\/\/www.telaled.com\/tr\/wp-json\/wp\/v2\/media?parent=3695"}],"wp:term":[{"taxonomy":"product_brand","embeddable":true,"href":"https:\/\/www.telaled.com\/tr\/wp-json\/wp\/v2\/product_brand?post=3695"},{"taxonomy":"product_cat","embeddable":true,"href":"https:\/\/www.telaled.com\/tr\/wp-json\/wp\/v2\/product_cat?post=3695"},{"taxonomy":"product_tag","embeddable":true,"href":"https:\/\/www.telaled.com\/tr\/wp-json\/wp\/v2\/product_tag?post=3695"}],"curies":[{"name":"wp","href":"https:\/\/api.w.org\/{rel}","templated":true}]}}