{"id":3692,"date":"2025-10-02T00:42:47","date_gmt":"2025-10-02T00:42:47","guid":{"rendered":"https:\/\/www.telaled.com\/?post_type=product&#038;p=3692"},"modified":"2026-01-06T09:20:04","modified_gmt":"2026-01-06T09:20:04","slug":"placar-eletronico-para-volei-serie-teb","status":"publish","type":"product","link":"https:\/\/www.telaled.com\/tr\/fabrica\/placar-eletronico-para-volei-serie-teb\/","title":{"rendered":"Voleybol i\u00e7in Elektronik Skor Panosu TEB Serisi"},"content":{"rendered":"<div class=\"row\"  id=\"row-1329954257\">\n\n\t<div id=\"col-583450645\" class=\"col small-12 large-12\"  >\n\t\t\t\t<div class=\"col-inner\"  >\n\t\t\t\n\t\t\t\n<h2><strong>Voleybol i\u00e7in Elektronik Skorboard TEB Serisinin Benzersiz Avantajlar\u0131<\/strong><\/h2>\n<h3><strong>Profesyonel Anakart<\/strong><\/h3>\n<ul>\n<li>\u00c7ok katmanl\u0131 tasar\u0131m, istikrarl\u0131 performans sa\u011flar.<\/li>\n<li>Daha geni\u015f yerle\u015fim, bile\u015fenler \u00fczerindeki \u0131s\u0131y\u0131 ve gerilimi azalt\u0131r.<\/li>\n<li>Uzun hizmet \u00f6mr\u00fc ve d\u00fc\u015f\u00fck ar\u0131za oran\u0131 i\u00e7in tasarlanm\u0131\u015ft\u0131r.<\/li>\n<\/ul>\n<h3><strong>Kablosuz Uzaktan Kumanda<\/strong><\/h3>\n<ul>\n<li>Basit kontroller veya puanlama ve zamanlama fonksiyonlar\u0131.<\/li>\n<li>30 metreye kadar olan bir menzil i\u00e7inde sorunsuz \u00e7al\u0131\u015f\u0131r.<\/li>\n<li>Esnek ma\u00e7 y\u00f6netimi i\u00e7in serbest\u00e7e d\u00fczenlenebilir say\u0131lar.<\/li>\n<\/ul>\n<h3><strong>Al\u00fcminyum Ala\u015f\u0131ml\u0131 Yap\u0131<\/strong><\/h3>\n<ul>\n<li>Mukavemet ve dayan\u0131kl\u0131l\u0131k i\u00e7in patentli yap\u0131.<\/li>\n<li>Hafif yap\u0131s\u0131 sayesinde kurulumu ve ta\u015f\u0131nmas\u0131 kolayd\u0131r.<\/li>\n<li>A\u015f\u0131nmaya ve y\u0131pranmaya kar\u015f\u0131 dayan\u0131kl\u0131 olup, y\u0131llarca g\u00fcvenilir kullan\u0131m sa\u011flar.<\/li>\n<\/ul>\n<h3><strong>Y\u00fcksek \u00c7\u00f6z\u00fcn\u00fcrl\u00fckl\u00fc LED Ekran<\/strong><\/h3>\n<ul>\n<li>Parlak dijital t\u00fcpler, skorlar\u0131 her a\u00e7\u0131dan net bir \u015fekilde g\u00f6sterir.<\/li>\n<li>Her set ve ralli i\u00e7in do\u011fru zaman kayd\u0131.<\/li>\n<li>Hem oyuncular hem de izleyiciler i\u00e7in okunmas\u0131 kolay.<\/li>\n<\/ul>\n<h2>\u00dcr\u00fcn detaylar\u0131<\/h2>\n<div class=\"row\"  id=\"row-1323291690\">\n\n\t<div id=\"col-1044271702\" class=\"col medium-10 small-12 large-10\"  >\n\t\t\t\t<div class=\"col-inner text-left\"  >\n\t\t\t\n\t\t\t\n<ul>\n<li><strong>Kompakt boyutlar<\/strong> \u2013 <span style=\"font-weight: 400;\">Voleybol i\u00e7in Elektronik Skor Panosu TEB Serisi<\/span> Geni\u015fli\u011fi 58 cm (22,83 in\u00e7), y\u00fcksekli\u011fi 35 cm (13,78 in\u00e7) olan bu \u00fcr\u00fcn\u00fcn 4 in\u00e7lik LED rakamlar\u0131 net bir \u015fekilde g\u00f6r\u00fclebilir.<\/li>\n<\/ul>\n\t<div class=\"img has-hover x md-x lg-x y md-y lg-y\" id=\"image_1432252616\">\n\t\t\t\t\t\t\t\t<div class=\"img-inner dark\" >\n\t\t\t<img loading=\"lazy\" decoding=\"async\" width=\"800\" height=\"813\" src=\"https:\/\/www.telaled.com\/wp-content\/uploads\/2025\/10\/Dimensions.webp\" class=\"attachment-large size-large\" alt=\"Voleybol i\u00e7in Elektronik Skorboard TEB Serisi Dimension\" srcset=\"https:\/\/www.telaled.com\/wp-content\/uploads\/2025\/10\/Dimensions.webp 800w, https:\/\/www.telaled.com\/wp-content\/uploads\/2025\/10\/Dimensions-295x300.webp 295w, https:\/\/www.telaled.com\/wp-content\/uploads\/2025\/10\/Dimensions-768x780.webp 768w, https:\/\/www.telaled.com\/wp-content\/uploads\/2025\/10\/Dimensions-12x12.webp 12w, https:\/\/www.telaled.com\/wp-content\/uploads\/2025\/10\/Dimensions-600x610.webp 600w\" sizes=\"auto, (max-width: 800px) 100vw, 800px\" \/>\t\t\t\t\t\t\n\t\t\t\t\t<\/div>\n\t\t\t\t\t\t\t\t\n<style>\n#image_1432252616 {\n  width: 80%;\n}\n<\/style>\n\t<\/div>\n\t\n<ul>\n<li><strong>Esnek kurulum<\/strong> Masa \u00fczerine yerle\u015ftirilebilir, hamak \u00fczerine as\u0131labilir, \u00fc\u00e7 ayakl\u0131 sehpaya monte edilebilir veya duvara sabitlenebilir.<\/li>\n<\/ul>\n\t<div class=\"img has-hover x md-x lg-x y md-y lg-y\" id=\"image_135435472\">\n\t\t\t\t\t\t\t\t<div class=\"img-inner dark\" >\n\t\t\t<img loading=\"lazy\" decoding=\"async\" width=\"788\" height=\"739\" src=\"https:\/\/www.telaled.com\/wp-content\/uploads\/2025\/10\/Installation-Method.webp\" class=\"attachment-original size-original\" alt=\"\" srcset=\"https:\/\/www.telaled.com\/wp-content\/uploads\/2025\/10\/Installation-Method.webp 788w, https:\/\/www.telaled.com\/wp-content\/uploads\/2025\/10\/Installation-Method-300x281.webp 300w, https:\/\/www.telaled.com\/wp-content\/uploads\/2025\/10\/Installation-Method-768x720.webp 768w, https:\/\/www.telaled.com\/wp-content\/uploads\/2025\/10\/Installation-Method-13x12.webp 13w, https:\/\/www.telaled.com\/wp-content\/uploads\/2025\/10\/Installation-Method-600x563.webp 600w\" sizes=\"auto, (max-width: 788px) 100vw, 788px\" \/>\t\t\t\t\t\t\n\t\t\t\t\t<\/div>\n\t\t\t\t\t\t\t\t\n<style>\n#image_135435472 {\n  width: 80%;\n}\n<\/style>\n\t<\/div>\n\t\n<ul>\n<li><strong>Arka taraf\u0131nda pratik \u00f6zellikler bulunmaktad\u0131r.<\/strong> \u2013 Kullan\u0131m kolayl\u0131\u011f\u0131 i\u00e7in g\u00fc\u00e7 d\u00fc\u011fmesi, pil yuvas\u0131 (1 ila 3 adet 18650 pil destekler), 90 dB&#039;lik bir zil ve Type-C aray\u00fcz\u00fc ile donat\u0131lm\u0131\u015ft\u0131r.<\/li>\n<\/ul>\n\t<div class=\"img has-hover x md-x lg-x y md-y lg-y\" id=\"image_1760288297\">\n\t\t\t\t\t\t\t\t<div class=\"img-inner dark\" >\n\t\t\t<img loading=\"lazy\" decoding=\"async\" width=\"788\" height=\"739\" src=\"https:\/\/www.telaled.com\/wp-content\/uploads\/2025\/10\/Back-Features.webp\" class=\"attachment-large size-large\" alt=\"Arka \u00d6zellikler: Voleybol i\u00e7in Elektronik Skorboard TEB Serisi\" srcset=\"https:\/\/www.telaled.com\/wp-content\/uploads\/2025\/10\/Back-Features.webp 788w, https:\/\/www.telaled.com\/wp-content\/uploads\/2025\/10\/Back-Features-300x281.webp 300w, https:\/\/www.telaled.com\/wp-content\/uploads\/2025\/10\/Back-Features-768x720.webp 768w, https:\/\/www.telaled.com\/wp-content\/uploads\/2025\/10\/Back-Features-13x12.webp 13w, https:\/\/www.telaled.com\/wp-content\/uploads\/2025\/10\/Back-Features-600x563.webp 600w\" sizes=\"auto, (max-width: 788px) 100vw, 788px\" \/>\t\t\t\t\t\t\n\t\t\t\t\t<\/div>\n\t\t\t\t\t\t\t\t\n<style>\n#image_1760288297 {\n  width: 80%;\n}\n<\/style>\n\t<\/div>\n\t\n<ul>\n<li><strong>Ba\u015flang\u0131\u00e7 Fonksiyonlar\u0131n\u0131 Temizle<\/strong> \u2013 Ev sahibi ve deplasman tak\u0131mlar\u0131n\u0131n skorlar\u0131n\u0131 g\u00f6sterir, kazanan tak\u0131m\u0131 vurgular ve do\u011fru oyun takibi i\u00e7in kazan\u0131lan tur say\u0131s\u0131n\u0131 g\u00f6sterir.<\/li>\n<\/ul>\n\t<div class=\"img has-hover x md-x lg-x y md-y lg-y\" id=\"image_631167253\">\n\t\t\t\t\t\t\t\t<div class=\"img-inner dark\" >\n\t\t\t<img loading=\"lazy\" decoding=\"async\" width=\"790\" height=\"908\" src=\"https:\/\/www.telaled.com\/wp-content\/uploads\/2025\/10\/Product-Function.webp\" class=\"attachment-large size-large\" alt=\"\" srcset=\"https:\/\/www.telaled.com\/wp-content\/uploads\/2025\/10\/Product-Function.webp 790w, https:\/\/www.telaled.com\/wp-content\/uploads\/2025\/10\/Product-Function-261x300.webp 261w, https:\/\/www.telaled.com\/wp-content\/uploads\/2025\/10\/Product-Function-768x883.webp 768w, https:\/\/www.telaled.com\/wp-content\/uploads\/2025\/10\/Product-Function-10x12.webp 10w, https:\/\/www.telaled.com\/wp-content\/uploads\/2025\/10\/Product-Function-600x690.webp 600w\" sizes=\"auto, (max-width: 790px) 100vw, 790px\" \/>\t\t\t\t\t\t\n\t\t\t\t\t<\/div>\n\t\t\t\t\t\t\t\t\n<style>\n#image_631167253 {\n  width: 80%;\n}\n<\/style>\n\t<\/div>\n\t\n<ul>\n<li>Her biri <strong><em>Voleybol i\u00e7in Elektronik Skor Panosu TEB Serisi<\/em><\/strong> \u00dcr\u00fcn, maksimum koruma i\u00e7in sa\u011flam ah\u015fap kasalar i\u00e7inde g\u00f6nderilir. G\u00fcvenli ambalaj, her bir \u00fcr\u00fcn\u00fc darbelere, ha\u015ferelere ve di\u011fer tehlikelere kar\u015f\u0131 koruyarak, g\u00fcvenli ve kullan\u0131ma haz\u0131r bir \u015fekilde ula\u015fmas\u0131n\u0131 sa\u011flar.<\/li>\n<\/ul>\n\t<div class=\"img has-hover x md-x lg-x y md-y lg-y\" id=\"image_1416880683\">\n\t\t\t\t\t\t\t\t<div class=\"img-inner dark\" >\n\t\t\t<img loading=\"lazy\" decoding=\"async\" width=\"760\" height=\"1024\" src=\"https:\/\/www.telaled.com\/wp-content\/uploads\/2025\/08\/36123f2c-de60-488d-af81-255cd4aee54a-760x1024.webp\" class=\"attachment-large size-large\" alt=\"\" srcset=\"https:\/\/www.telaled.com\/wp-content\/uploads\/2025\/08\/36123f2c-de60-488d-af81-255cd4aee54a-760x1024.webp 760w, https:\/\/www.telaled.com\/wp-content\/uploads\/2025\/08\/36123f2c-de60-488d-af81-255cd4aee54a-223x300.webp 223w, https:\/\/www.telaled.com\/wp-content\/uploads\/2025\/08\/36123f2c-de60-488d-af81-255cd4aee54a-768x1035.webp 768w, https:\/\/www.telaled.com\/wp-content\/uploads\/2025\/08\/36123f2c-de60-488d-af81-255cd4aee54a-9x12.webp 9w, https:\/\/www.telaled.com\/wp-content\/uploads\/2025\/08\/36123f2c-de60-488d-af81-255cd4aee54a-600x808.webp 600w, https:\/\/www.telaled.com\/wp-content\/uploads\/2025\/08\/36123f2c-de60-488d-af81-255cd4aee54a.webp 795w\" sizes=\"auto, (max-width: 760px) 100vw, 760px\" \/>\t\t\t\t\t\t\n\t\t\t\t\t<\/div>\n\t\t\t\t\t\t\t\t\n<style>\n#image_1416880683 {\n  width: 80%;\n}\n<\/style>\n\t<\/div>\n\t\n\n<table id=\"tablepress-92\" class=\"tablepress tablepress-id-92\">\n<thead>\n<tr class=\"row-1\">\n\t<th colspan=\"4\" class=\"column-1\">\u00dcr\u00fcn tan\u0131t\u0131m\u0131<\/th>\n<\/tr>\n<\/thead>\n<tbody class=\"row-striping row-hover\">\n<tr class=\"row-2\">\n\t<td class=\"column-1\">Malzeme<\/td><td class=\"column-2\">ABS<\/td><td class=\"column-3\"><\/td><td class=\"column-4\"><\/td>\n<\/tr>\n<tr class=\"row-3\">\n\t<td class=\"column-1\">Skorboard Boyutu<\/td><td class=\"column-2\">58*35*2.3 cm (22.83*13.78*0.9 in\u00e7)<\/td><td class=\"column-3\"><\/td><td class=\"column-4\"><\/td>\n<\/tr>\n<tr class=\"row-4\">\n\t<td class=\"column-1\">\u00dcr\u00fcn Fonksiyonu<\/td><td class=\"column-2\">Skor g\u00f6stergesi, Normal ve Voleybol modlar\u0131, ses a\u00e7ma\/kapama \u00f6zelli\u011fi.<\/td><td class=\"column-3\"><\/td><td class=\"column-4\"><\/td>\n<\/tr>\n<tr class=\"row-5\">\n\t<td class=\"column-1\">Enerji Kayna\u011f\u0131<\/td><td class=\"column-2\">DC5V\/2A adapt\u00f6r, Tip-C \u015farj cihaz\u0131 (farkl\u0131 \u00fclkelerle uyumlu)<\/td><td class=\"column-3\"><\/td><td class=\"column-4\"><\/td>\n<\/tr>\n<tr class=\"row-6\">\n\t<td class=\"column-1\">Pille \u00e7al\u0131\u015f\u0131r<\/td><td class=\"column-2\">1-3 adet \u015farj edilebilir 18650 lityum pil (pil dahil de\u011fildir)<\/td><td class=\"column-3\"><\/td><td class=\"column-4\"><\/td>\n<\/tr>\n<tr class=\"row-7\">\n\t<td class=\"column-1\">Kurulum Y\u00f6ntemi<\/td><td class=\"column-2\">Masa\u00fcst\u00fc, duvara monte, ask\u0131l\u0131, \u00fc\u00e7 ayakl\u0131.<br \/>\n(Asma aparat\u0131 ve tripod dahil de\u011fildir. Sat\u0131n almak i\u00e7in l\u00fctfen bizimle ileti\u015fime ge\u00e7in.)<\/td><td class=\"column-3\"><\/td><td class=\"column-4\"><\/td>\n<\/tr>\n<tr class=\"row-8\">\n\t<td class=\"column-1\">\u00d6zellikler<\/td><td class=\"column-2\">\u0130\u00e7 ve d\u0131\u015f mekan kullan\u0131m\u0131na uygun, ta\u015f\u0131nabilir, kullan\u0131m\u0131 kolay.<\/td><td class=\"column-3\"><\/td><td class=\"column-4\"><\/td>\n<\/tr>\n<tr class=\"row-9\">\n\t<td class=\"column-1\">Paket \u0130\u00e7eri\u011fi<\/td><td class=\"column-2\">10 haneli skorboard, Bilek kontrol\u00fc (EV SAH\u0130B\u0130 + DEPLASMAN), 2.4G uzaktan kumanda.,<br \/>\nAdapt\u00f6r ve \u015farj cihaz\u0131, Kurulum aksesuarlar\u0131, Kullan\u0131m k\u0131lavuzu<\/td><td class=\"column-3\"><\/td><td class=\"column-4\"><\/td>\n<\/tr>\n<\/tbody>\n<\/table>\n<!-- #tablepress-92 from cache -->\n\t\t<\/div>\n\t\t\t\t\t<\/div>\n\n\t\n<\/div>\n\t\t<\/div>\n\t\t\t\t\t<\/div>\n\n\t\n<\/div>","protected":false},"excerpt":{"rendered":"<p><strong>Voleybol i\u00e7in Elektronik Skor Panosu TEB Serisi \u2013 Basitle\u015ftirilmi\u015f Ger\u00e7ek Zamanl\u0131 Skorlama<\/strong><\/p>\n<p>O <em><strong>Voleybol i\u00e7in Elektronik Skor Panosu TEB Serisi <\/strong><\/em>Her oyunun, setin ve ma\u00e7\u0131n hem oyuncular hem de seyirciler i\u00e7in net bir \u015fekilde izlenmesini sa\u011flamak \u00fczere tasarlanm\u0131\u015ft\u0131r. Parlak LED rakamlar\u0131, kullan\u0131m\u0131 kolay kontrolleri ve dayan\u0131kl\u0131 yap\u0131s\u0131yla, ister i\u00e7 mekanda ister d\u0131\u015f mekanda olsun, do\u011fru skorlama ve ak\u0131c\u0131 oyun deneyimi sunar.<\/p>\n<p><strong>4 temel fayda:<\/strong><\/p>\n<ul>\n<li><strong>Anl\u0131k skor g\u00fcncellemeleri<\/strong> Net LED ekran, oyuncular\u0131n, hakemlerin ve taraftarlar\u0131n ayn\u0131 bilgileri payla\u015fmas\u0131n\u0131 sa\u011flar.<\/li>\n<li><strong>Dayan\u0131kl\u0131 yap\u0131<\/strong> \u2013 Yo\u011fun oyun ortamlar\u0131n\u0131n \u00fcstesinden gelmek ve uzun s\u00fcreli performans sa\u011flamak i\u00e7in tasarlanm\u0131\u015ft\u0131r.<\/li>\n<li><strong>Kullan\u0131m\u0131 kolay kontroller<\/strong> Basit aray\u00fcz\u00fc sayesinde hakemler i\u00e7in i\u015flem h\u0131zl\u0131 ve verimli olur.<\/li>\n<li><strong>\u00d6zelle\u015ftirilebilir tasar\u0131m<\/strong> \u2013 \u0130htiya\u00e7lar\u0131n\u0131za uygun boyut, parlakl\u0131k ve \u00f6zellik se\u00e7enekleri. <a href=\"https:\/\/www.telaled.com\/tr\/cronometro-academia\/\">spor salonlar\u0131<\/a>, Okullar veya profesyonel arenalar.<\/li>\n<\/ul>\n<p>Ekibimiz 7\/24 uzaktan destek ve 3 y\u0131l garanti sunmaktad\u0131r. Ki\u015fiselle\u015ftirilmi\u015f fiyat teklifi i\u00e7in bug\u00fcn bizimle ileti\u015fime ge\u00e7in.<\/p>","protected":false},"featured_media":3703,"template":"","meta":[],"product_brand":[],"product_cat":[48,40,44,46],"product_tag":[],"class_list":{"0":"post-3692","1":"product","2":"type-product","3":"status-publish","4":"has-post-thumbnail","6":"product_cat-paineis-personalizados","7":"product_cat-painel-de-led","8":"product_cat-painel-de-led-flexivel","9":"product_cat-painel-de-video","11":"first","12":"instock","13":"shipping-taxable","14":"product-type-simple"},"yoast_head":"<!-- This site is optimized with the Yoast SEO plugin v27.4 - https:\/\/yoast.com\/product\/yoast-seo-wordpress\/ -->\n<title>Placar Eletronico Para Volei S\u00e9rie TEB | TELALED<\/title>\n<meta name=\"description\" content=\"Placar Eletronico Para Volei S\u00e9rie TEB oferece resultados claros e em tempo real para todas as partidas. Dur\u00e1vel e f\u00e1cil de usar. Adquira o seu agora!\" \/>\n<meta name=\"robots\" content=\"index, follow, max-snippet:-1, max-image-preview:large, max-video-preview:-1\" \/>\n<link rel=\"canonical\" href=\"https:\/\/www.telaled.com\/tr\/fabrica\/placar-eletronico-para-volei-serie-teb\/\" \/>\n<meta property=\"og:locale\" content=\"tr_TR\" \/>\n<meta property=\"og:type\" content=\"article\" \/>\n<meta property=\"og:title\" content=\"Placar Eletronico Para Volei S\u00e9rie TEB | TELALED\" \/>\n<meta property=\"og:description\" content=\"Placar Eletronico Para Volei S\u00e9rie TEB oferece resultados claros e em tempo real para todas as partidas. Dur\u00e1vel e f\u00e1cil de usar. Adquira o seu agora!\" \/>\n<meta property=\"og:url\" content=\"https:\/\/www.telaled.com\/tr\/fabrica\/placar-eletronico-para-volei-serie-teb\/\" \/>\n<meta property=\"og:site_name\" content=\"TELALED\" \/>\n<meta property=\"article:modified_time\" content=\"2026-01-06T09:20:04+00:00\" \/>\n<meta property=\"og:image\" content=\"https:\/\/www.telaled.com\/wp-content\/uploads\/2025\/10\/Electronic-Volleyball-Scoreboard.webp\" \/>\n\t<meta property=\"og:image:width\" content=\"500\" \/>\n\t<meta property=\"og:image:height\" content=\"500\" \/>\n\t<meta property=\"og:image:type\" content=\"image\/webp\" \/>\n<meta name=\"twitter:card\" content=\"summary_large_image\" \/>\n<meta name=\"twitter:label1\" content=\"Est. reading time\" \/>\n\t<meta name=\"twitter:data1\" content=\"2 dakika\" \/>\n<script type=\"application\/ld+json\" class=\"yoast-schema-graph\">{\"@context\":\"https:\\\/\\\/schema.org\",\"@graph\":[{\"@type\":\"WebPage\",\"@id\":\"https:\\\/\\\/www.telaled.com\\\/fabrica\\\/placar-eletronico-para-volei-serie-teb\\\/\",\"url\":\"https:\\\/\\\/www.telaled.com\\\/fabrica\\\/placar-eletronico-para-volei-serie-teb\\\/\",\"name\":\"Placar Eletronico Para Volei S\u00e9rie TEB | TELALED\",\"isPartOf\":{\"@id\":\"https:\\\/\\\/www.telaled.com\\\/#website\"},\"primaryImageOfPage\":{\"@id\":\"https:\\\/\\\/www.telaled.com\\\/fabrica\\\/placar-eletronico-para-volei-serie-teb\\\/#primaryimage\"},\"image\":{\"@id\":\"https:\\\/\\\/www.telaled.com\\\/fabrica\\\/placar-eletronico-para-volei-serie-teb\\\/#primaryimage\"},\"thumbnailUrl\":\"https:\\\/\\\/www.telaled.com\\\/wp-content\\\/uploads\\\/2025\\\/10\\\/Electronic-Volleyball-Scoreboard.webp\",\"datePublished\":\"2025-10-02T00:42:47+00:00\",\"dateModified\":\"2026-01-06T09:20:04+00:00\",\"description\":\"Placar Eletronico Para Volei S\u00e9rie TEB oferece resultados claros e em tempo real para todas as partidas. Dur\u00e1vel e f\u00e1cil de usar. Adquira o seu agora!\",\"breadcrumb\":{\"@id\":\"https:\\\/\\\/www.telaled.com\\\/fabrica\\\/placar-eletronico-para-volei-serie-teb\\\/#breadcrumb\"},\"inLanguage\":\"tr\",\"potentialAction\":[{\"@type\":\"ReadAction\",\"target\":[\"https:\\\/\\\/www.telaled.com\\\/fabrica\\\/placar-eletronico-para-volei-serie-teb\\\/\"]}]},{\"@type\":\"ImageObject\",\"inLanguage\":\"tr\",\"@id\":\"https:\\\/\\\/www.telaled.com\\\/fabrica\\\/placar-eletronico-para-volei-serie-teb\\\/#primaryimage\",\"url\":\"https:\\\/\\\/www.telaled.com\\\/wp-content\\\/uploads\\\/2025\\\/10\\\/Electronic-Volleyball-Scoreboard.webp\",\"contentUrl\":\"https:\\\/\\\/www.telaled.com\\\/wp-content\\\/uploads\\\/2025\\\/10\\\/Electronic-Volleyball-Scoreboard.webp\",\"width\":500,\"height\":500,\"caption\":\"Placar Eletronico Para Volei S\u00e9rie TEB\"},{\"@type\":\"BreadcrumbList\",\"@id\":\"https:\\\/\\\/www.telaled.com\\\/fabrica\\\/placar-eletronico-para-volei-serie-teb\\\/#breadcrumb\",\"itemListElement\":[{\"@type\":\"ListItem\",\"position\":1,\"name\":\"Home\",\"item\":\"https:\\\/\\\/www.telaled.com\\\/\"},{\"@type\":\"ListItem\",\"position\":2,\"name\":\"Produtos\",\"item\":\"https:\\\/\\\/www.telaled.com\\\/shop\\\/\"},{\"@type\":\"ListItem\",\"position\":3,\"name\":\"Placar Eletronico Para Volei S\u00e9rie TEB\"}]},{\"@type\":\"WebSite\",\"@id\":\"https:\\\/\\\/www.telaled.com\\\/#website\",\"url\":\"https:\\\/\\\/www.telaled.com\\\/\",\"name\":\"TELALED\",\"description\":\"\",\"potentialAction\":[{\"@type\":\"SearchAction\",\"target\":{\"@type\":\"EntryPoint\",\"urlTemplate\":\"https:\\\/\\\/www.telaled.com\\\/?s={search_term_string}\"},\"query-input\":{\"@type\":\"PropertyValueSpecification\",\"valueRequired\":true,\"valueName\":\"search_term_string\"}}],\"inLanguage\":\"tr\"}]}<\/script>\n<!-- \/ Yoast SEO plugin. -->","yoast_head_json":{"title":"Voleybol i\u00e7in Elektronik Skorboard TEB Serisi | LED Ekran","description":"TEB Serisi Elektronik Voleybol Skorbordu, t\u00fcm ma\u00e7lar i\u00e7in net ve ger\u00e7ek zamanl\u0131 sonu\u00e7lar sunar. Dayan\u0131kl\u0131 ve kullan\u0131m\u0131 kolayd\u0131r. Hemen siz de bir tane edinin!","robots":{"index":"index","follow":"follow","max-snippet":"max-snippet:-1","max-image-preview":"max-image-preview:large","max-video-preview":"max-video-preview:-1"},"canonical":"https:\/\/www.telaled.com\/tr\/fabrica\/placar-eletronico-para-volei-serie-teb\/","og_locale":"tr_TR","og_type":"article","og_title":"Placar Eletronico Para Volei S\u00e9rie TEB | TELALED","og_description":"Placar Eletronico Para Volei S\u00e9rie TEB oferece resultados claros e em tempo real para todas as partidas. Dur\u00e1vel e f\u00e1cil de usar. Adquira o seu agora!","og_url":"https:\/\/www.telaled.com\/tr\/fabrica\/placar-eletronico-para-volei-serie-teb\/","og_site_name":"TELALED","article_modified_time":"2026-01-06T09:20:04+00:00","og_image":[{"width":500,"height":500,"url":"https:\/\/www.telaled.com\/wp-content\/uploads\/2025\/10\/Electronic-Volleyball-Scoreboard.webp","type":"image\/webp"}],"twitter_card":"summary_large_image","twitter_misc":{"Est. reading time":"2 dakika"},"schema":{"@context":"https:\/\/schema.org","@graph":[{"@type":"WebPage","@id":"https:\/\/www.telaled.com\/fabrica\/placar-eletronico-para-volei-serie-teb\/","url":"https:\/\/www.telaled.com\/fabrica\/placar-eletronico-para-volei-serie-teb\/","name":"Voleybol i\u00e7in Elektronik Skorboard TEB Serisi | LED Ekran","isPartOf":{"@id":"https:\/\/www.telaled.com\/#website"},"primaryImageOfPage":{"@id":"https:\/\/www.telaled.com\/fabrica\/placar-eletronico-para-volei-serie-teb\/#primaryimage"},"image":{"@id":"https:\/\/www.telaled.com\/fabrica\/placar-eletronico-para-volei-serie-teb\/#primaryimage"},"thumbnailUrl":"https:\/\/www.telaled.com\/wp-content\/uploads\/2025\/10\/Electronic-Volleyball-Scoreboard.webp","datePublished":"2025-10-02T00:42:47+00:00","dateModified":"2026-01-06T09:20:04+00:00","description":"TEB Serisi Elektronik Voleybol Skorbordu, t\u00fcm ma\u00e7lar i\u00e7in net ve ger\u00e7ek zamanl\u0131 sonu\u00e7lar sunar. Dayan\u0131kl\u0131 ve kullan\u0131m\u0131 kolayd\u0131r. Hemen siz de bir tane edinin!","breadcrumb":{"@id":"https:\/\/www.telaled.com\/fabrica\/placar-eletronico-para-volei-serie-teb\/#breadcrumb"},"inLanguage":"tr","potentialAction":[{"@type":"ReadAction","target":["https:\/\/www.telaled.com\/fabrica\/placar-eletronico-para-volei-serie-teb\/"]}]},{"@type":"ImageObject","inLanguage":"tr","@id":"https:\/\/www.telaled.com\/fabrica\/placar-eletronico-para-volei-serie-teb\/#primaryimage","url":"https:\/\/www.telaled.com\/wp-content\/uploads\/2025\/10\/Electronic-Volleyball-Scoreboard.webp","contentUrl":"https:\/\/www.telaled.com\/wp-content\/uploads\/2025\/10\/Electronic-Volleyball-Scoreboard.webp","width":500,"height":500,"caption":"Placar Eletronico Para Volei S\u00e9rie TEB"},{"@type":"BreadcrumbList","@id":"https:\/\/www.telaled.com\/fabrica\/placar-eletronico-para-volei-serie-teb\/#breadcrumb","itemListElement":[{"@type":"ListItem","position":1,"name":"Home","item":"https:\/\/www.telaled.com\/"},{"@type":"ListItem","position":2,"name":"Produtos","item":"https:\/\/www.telaled.com\/shop\/"},{"@type":"ListItem","position":3,"name":"Placar Eletronico Para Volei S\u00e9rie TEB"}]},{"@type":"WebSite","@id":"https:\/\/www.telaled.com\/#website","url":"https:\/\/www.telaled.com\/","name":"LED Ekran","description":"","potentialAction":[{"@type":"SearchAction","target":{"@type":"EntryPoint","urlTemplate":"https:\/\/www.telaled.com\/?s={search_term_string}"},"query-input":{"@type":"PropertyValueSpecification","valueRequired":true,"valueName":"search_term_string"}}],"inLanguage":"tr"}]}},"_links":{"self":[{"href":"https:\/\/www.telaled.com\/tr\/wp-json\/wp\/v2\/product\/3692","targetHints":{"allow":["GET"]}}],"collection":[{"href":"https:\/\/www.telaled.com\/tr\/wp-json\/wp\/v2\/product"}],"about":[{"href":"https:\/\/www.telaled.com\/tr\/wp-json\/wp\/v2\/types\/product"}],"wp:featuredmedia":[{"embeddable":true,"href":"https:\/\/www.telaled.com\/tr\/wp-json\/wp\/v2\/media\/3703"}],"wp:attachment":[{"href":"https:\/\/www.telaled.com\/tr\/wp-json\/wp\/v2\/media?parent=3692"}],"wp:term":[{"taxonomy":"product_brand","embeddable":true,"href":"https:\/\/www.telaled.com\/tr\/wp-json\/wp\/v2\/product_brand?post=3692"},{"taxonomy":"product_cat","embeddable":true,"href":"https:\/\/www.telaled.com\/tr\/wp-json\/wp\/v2\/product_cat?post=3692"},{"taxonomy":"product_tag","embeddable":true,"href":"https:\/\/www.telaled.com\/tr\/wp-json\/wp\/v2\/product_tag?post=3692"}],"curies":[{"name":"wp","href":"https:\/\/api.w.org\/{rel}","templated":true}]}}