{"id":3661,"date":"2025-09-30T03:19:49","date_gmt":"2025-09-30T03:19:49","guid":{"rendered":"https:\/\/www.telaled.com\/?post_type=product&#038;p=3661"},"modified":"2026-01-06T09:11:26","modified_gmt":"2026-01-06T09:11:26","slug":"placar-eletronico-esportivo-serie-tea","status":"publish","type":"product","link":"https:\/\/www.telaled.com\/tr\/fabrica\/placar-eletronico-esportivo-serie-tea\/","title":{"rendered":"Elektronik Spor Skor Tablosu TEA Serisi"},"content":{"rendered":"<div class=\"row\"  id=\"row-415019909\">\n\n\t<div id=\"col-406348667\" class=\"col small-12 large-12\"  >\n\t\t\t\t<div class=\"col-inner\"  >\n\t\t\t\n\t\t\t\n<h2><span data-sheets-root=\"1\">Elektronik Spor Skor Tablosu<\/span> \u00c7AY Serisi<\/h2>\n<h3><strong>\u00dcst\u00fcn Dayan\u0131kl\u0131l\u0131k<\/strong><\/h3>\n<ul>\n<li>Al\u00fcminyum veya demir g\u00f6vde ile \u00fcretilmi\u015f ve d\u0131\u015f mekan korumas\u0131 i\u00e7in IP65 derecesine sahip, s\u0131zd\u0131rmaz 7 segmentli LED mod\u00fclleri i\u00e7erir.<\/li>\n<li>-40\u00b0C ile 75\u00b0C aras\u0131nda g\u00fcvenilir bir \u015fekilde \u00e7al\u0131\u015f\u0131r ve 100.000 saati a\u015fan bir kullan\u0131m \u00f6mr\u00fcne sahiptir.<\/li>\n<li>LED i\u00e7in sabit ak\u0131m s\u00fcr\u00fcc\u00fcs\u00fc, istikrarl\u0131 performans sa\u011flar ve zamanla a\u015f\u0131nma ve y\u0131pranmay\u0131 \u00f6nler.<\/li>\n<\/ul>\n<h3><strong>Ola\u011fan\u00fcst\u00fc G\u00f6rsel Kalite<\/strong><\/h3>\n<ul>\n<li>8 kademeli otomatik karartma sistemi, g\u00fcnd\u00fcz veya gece kullan\u0131m\u0131na g\u00f6re parlakl\u0131\u011f\u0131 ayarlar.<\/li>\n<li>12.000 mcd&#039;ye kadar y\u00fcksek parlakl\u0131kta LED \u00e7ipler, do\u011frudan g\u00fcne\u015f \u0131\u015f\u0131\u011f\u0131nda bile net g\u00f6r\u00fc\u015f sa\u011flar.<\/li>\n<li>60\u00b0 ile 120\u00b0 aras\u0131ndaki geni\u015f g\u00f6r\u00fc\u015f a\u00e7\u0131lar\u0131, t\u00fcm g\u00f6r\u00fc\u015f alan\u0131nda net okunabilirli\u011fi sa\u011flar.<\/li>\n<\/ul>\n<h3><strong>Tam Uyarlanabilirlik<\/strong><\/h3>\n<ul>\n<li>\u00d6n veya arka eri\u015fimle tek veya \u00e7ift tarafl\u0131 ekran\u0131 destekler.<\/li>\n<li>\u00c7e\u015fitli montaj se\u00e7enekleri: duvara monte, asma veya ba\u011f\u0131ms\u0131z duracak \u015fekilde.<\/li>\n<li>Esnek \u00e7al\u0131\u015fma i\u00e7in RF, RS232\/485 ve TCP\/IP uzaktan kumanda sistemleriyle uyumludur.<\/li>\n<\/ul>\n<h3><strong>Kapsaml\u0131 Destek<\/strong><\/h3>\n<ul>\n<li><strong>7 g\u00fcn 24 saat uzman deste\u011fi:<\/strong> Sisteminizin en y\u00fcksek performansta \u00e7al\u0131\u015fmas\u0131n\u0131 sa\u011flamak i\u00e7in 7 g\u00fcn 24 saat profesyonel destek hizmetine eri\u015fin.<\/li>\n<li><strong>Entegre yedek par\u00e7alar:<\/strong> Her sipari\u015f, sorunsuz ve kesintisiz kullan\u0131m sa\u011flamak i\u00e7in 5% yedek par\u00e7a i\u00e7ermektedir.<\/li>\n<li><strong>Maksimum g\u00fcvenilirlik:<\/strong> Eklenen bile\u015fenler, bak\u0131m gecikmelerini azalt\u0131r ve ekipman\u0131n\u0131z\u0131n kullan\u0131m \u00f6mr\u00fcn\u00fc uzat\u0131r.<\/li>\n<li><strong>Endi\u015fesiz garanti:<\/strong> Yat\u0131r\u0131m\u0131n\u0131z\u0131 g\u00fcvenilir bir g\u00fcvenceyle koruyan 3 y\u0131ll\u0131k garantiden yararlan\u0131n.<\/li>\n<\/ul>\n<h2>\u00dcr\u00fcn detaylar\u0131<\/h2>\n<div class=\"row\"  id=\"row-1669413851\">\n\n\t<div id=\"col-766835988\" class=\"col medium-10 small-12 large-10\"  >\n\t\t\t\t<div class=\"col-inner text-left\"  >\n\t\t\t\n\t\t\t\n<ul>\n<li>Bizim <strong><em>Elektronik Spor Skor Tablosu TEA Serisi<\/em>\u00a0<\/strong> Ger\u00e7ek zamanl\u0131 skor ve zamanlama sa\u011flayarak oyuncular\u0131 ve taraftarlar\u0131 oyunun her an\u0131nda bilgilendirir. Herhangi bir spor veya mekana uyacak \u015fekilde tamamen \u00f6zelle\u015ftirilebilir olan bu dayan\u0131kl\u0131 Elektronik Spor Skor Panolar\u0131, i\u00e7 ve d\u0131\u015f mekan kullan\u0131m\u0131 i\u00e7in tasarlanm\u0131\u015ft\u0131r. Net ekranlar\u0131 ve g\u00fcvenilir performans\u0131 ile okullar, stadyumlar ve spor tesisleri i\u00e7in m\u00fckemmel bir \u00e7\u00f6z\u00fcmd\u00fcr.<\/li>\n<\/ul>\n\t<div class=\"img has-hover x md-x lg-x y md-y lg-y\" id=\"image_945705772\">\n\t\t\t\t\t\t\t\t<div class=\"img-inner dark\" >\n\t\t\t<img loading=\"lazy\" decoding=\"async\" width=\"1536\" height=\"1152\" src=\"https:\/\/www.telaled.com\/wp-content\/uploads\/2025\/10\/Placar-Eeletronico-Esportivo-Serie-TEA6-1.webp\" class=\"attachment-original size-original\" alt=\"Elektronik Spor Skor Tablosu - TEA6 Serisi (1)\" srcset=\"https:\/\/www.telaled.com\/wp-content\/uploads\/2025\/10\/Placar-Eeletronico-Esportivo-Serie-TEA6-1.webp 1536w, https:\/\/www.telaled.com\/wp-content\/uploads\/2025\/10\/Placar-Eeletronico-Esportivo-Serie-TEA6-1-300x225.webp 300w, https:\/\/www.telaled.com\/wp-content\/uploads\/2025\/10\/Placar-Eeletronico-Esportivo-Serie-TEA6-1-1024x768.webp 1024w, https:\/\/www.telaled.com\/wp-content\/uploads\/2025\/10\/Placar-Eeletronico-Esportivo-Serie-TEA6-1-768x576.webp 768w, https:\/\/www.telaled.com\/wp-content\/uploads\/2025\/10\/Placar-Eeletronico-Esportivo-Serie-TEA6-1-16x12.webp 16w, https:\/\/www.telaled.com\/wp-content\/uploads\/2025\/10\/Placar-Eeletronico-Esportivo-Serie-TEA6-1-600x450.webp 600w\" sizes=\"auto, (max-width: 1536px) 100vw, 1536px\" \/>\t\t\t\t\t\t\n\t\t\t\t\t<\/div>\n\t\t\t\t\t\t\t\t\n<style>\n#image_945705772 {\n  width: 80%;\n}\n<\/style>\n\t<\/div>\n\t\n<ul>\n<li>Bizim <em><strong>Elektronik Spor Skor Tablolar\u0131<\/strong> <strong>\u00c7AY Serisi<\/strong><\/em>\u00a0Maksimum dayan\u0131kl\u0131l\u0131k i\u00e7in tasarlanm\u0131\u015f olup, performanstan \u00f6d\u00fcn vermeden ya\u011fmur, r\u00fczgar, kar ve do\u011frudan g\u00fcne\u015f \u0131\u015f\u0131\u011f\u0131na dayanacak \u015fekilde \u00fcretilmi\u015ftir. Sa\u011flam tasar\u0131mlar\u0131 sayesinde spor skorboardlar\u0131ndan daha uzun \u00f6m\u00fcrl\u00fcd\u00fcrler ve yo\u011fun kullan\u0131ma kolayca dayan\u0131rlar; spor tesisleri ve stadyumlar i\u00e7in g\u00fcvenilir performans ve kal\u0131c\u0131 de\u011fer sunarlar.<\/li>\n<\/ul>\n\t<div class=\"img has-hover x md-x lg-x y md-y lg-y\" id=\"image_1299506761\">\n\t\t\t\t\t\t\t\t<div class=\"img-inner dark\" >\n\t\t\t<img loading=\"lazy\" decoding=\"async\" width=\"1020\" height=\"938\" src=\"https:\/\/www.telaled.com\/wp-content\/uploads\/2025\/10\/Placar-Eeletronico-Esportivo-Serie-TEA7-1024x942.webp\" class=\"attachment-large size-large\" alt=\"\" srcset=\"https:\/\/www.telaled.com\/wp-content\/uploads\/2025\/10\/Placar-Eeletronico-Esportivo-Serie-TEA7-1024x942.webp 1024w, https:\/\/www.telaled.com\/wp-content\/uploads\/2025\/10\/Placar-Eeletronico-Esportivo-Serie-TEA7-300x276.webp 300w, https:\/\/www.telaled.com\/wp-content\/uploads\/2025\/10\/Placar-Eeletronico-Esportivo-Serie-TEA7-768x706.webp 768w, https:\/\/www.telaled.com\/wp-content\/uploads\/2025\/10\/Placar-Eeletronico-Esportivo-Serie-TEA7-1536x1413.webp 1536w, https:\/\/www.telaled.com\/wp-content\/uploads\/2025\/10\/Placar-Eeletronico-Esportivo-Serie-TEA7-13x12.webp 13w, https:\/\/www.telaled.com\/wp-content\/uploads\/2025\/10\/Placar-Eeletronico-Esportivo-Serie-TEA7-600x552.webp 600w, https:\/\/www.telaled.com\/wp-content\/uploads\/2025\/10\/Placar-Eeletronico-Esportivo-Serie-TEA7.webp 1920w\" sizes=\"auto, (max-width: 1020px) 100vw, 1020px\" \/>\t\t\t\t\t\t\n\t\t\t\t\t<\/div>\n\t\t\t\t\t\t\t\t\n<style>\n#image_1299506761 {\n  width: 80%;\n}\n<\/style>\n\t<\/div>\n\t\n<ul>\n<li>Se\u00e7iniz <em><strong>Elektronik Spor Skor Tablosu TEA Serisi<\/strong><\/em> Herhangi bir spor salonu, okul veya arena i\u00e7in do\u011fruluk temel bir unsurdur. Elektronik Spor Skor Tablolar\u0131m\u0131z ilkokullar, ortaokullar, liseler, \u00fcniversiteler ve profesyonel mekanlar i\u00e7in tasarlanm\u0131\u015ft\u0131r. Skor tablolar\u0131ndan dijital skor tablolar\u0131na kadar eksiksiz ve \u00f6zelle\u015ftirilebilir skor \u00e7\u00f6z\u00fcmleri sunuyoruz. Bizimle i\u015f birli\u011fi yap\u0131n ve do\u011fruluk, g\u00f6r\u00fcn\u00fcrl\u00fck ve uzun vadeli performans i\u00e7in tasarlanm\u0131\u015f dayan\u0131kl\u0131, y\u00fcksek kaliteli bir Elektronik Spor Skor Tablosu edinin.<\/li>\n<\/ul>\n\t<div class=\"img has-hover x md-x lg-x y md-y lg-y\" id=\"image_567645572\">\n\t\t\t\t\t\t\t\t<div class=\"img-inner dark\" >\n\t\t\t<img loading=\"lazy\" decoding=\"async\" width=\"1020\" height=\"790\" src=\"https:\/\/www.telaled.com\/wp-content\/uploads\/2025\/10\/Placar-Eeletronico-Esportivo-Serie-TEA8-1024x793.webp\" class=\"attachment-large size-large\" alt=\"\" srcset=\"https:\/\/www.telaled.com\/wp-content\/uploads\/2025\/10\/Placar-Eeletronico-Esportivo-Serie-TEA8-1024x793.webp 1024w, https:\/\/www.telaled.com\/wp-content\/uploads\/2025\/10\/Placar-Eeletronico-Esportivo-Serie-TEA8-300x232.webp 300w, https:\/\/www.telaled.com\/wp-content\/uploads\/2025\/10\/Placar-Eeletronico-Esportivo-Serie-TEA8-768x595.webp 768w, https:\/\/www.telaled.com\/wp-content\/uploads\/2025\/10\/Placar-Eeletronico-Esportivo-Serie-TEA8-1536x1190.webp 1536w, https:\/\/www.telaled.com\/wp-content\/uploads\/2025\/10\/Placar-Eeletronico-Esportivo-Serie-TEA8-15x12.webp 15w, https:\/\/www.telaled.com\/wp-content\/uploads\/2025\/10\/Placar-Eeletronico-Esportivo-Serie-TEA8-600x465.webp 600w, https:\/\/www.telaled.com\/wp-content\/uploads\/2025\/10\/Placar-Eeletronico-Esportivo-Serie-TEA8.webp 1590w\" sizes=\"auto, (max-width: 1020px) 100vw, 1020px\" \/>\t\t\t\t\t\t\n\t\t\t\t\t<\/div>\n\t\t\t\t\t\t\t\t\n<style>\n#image_567645572 {\n  width: 80%;\n}\n<\/style>\n\t<\/div>\n\t\n<ul>\n<li><strong>Elektronik Spor Skor Tablosu TEA Serisi<\/strong> \u00dcr\u00fcnler, ta\u015f\u0131ma s\u0131ras\u0131nda korunmalar\u0131 i\u00e7in g\u00fc\u00e7lendirilmi\u015f ah\u015fap kasalara paketlenir. Her bir \u00fcnite, ha\u015ferelerden, darbelerden ve di\u011fer tehlikelerden kaynaklanan hasar\u0131 \u00f6nlemek i\u00e7in g\u00fcvenli bir \u015fekilde paketlenir. Bu, dayan\u0131kl\u0131l\u0131\u011f\u0131 ve g\u00fcvenli teslimat\u0131 sa\u011flar.<\/li>\n<\/ul>\n\t<div class=\"img has-hover x md-x lg-x y md-y lg-y\" id=\"image_51407329\">\n\t\t\t\t\t\t\t\t<div class=\"img-inner dark\" >\n\t\t\t<img loading=\"lazy\" decoding=\"async\" width=\"760\" height=\"1024\" src=\"https:\/\/www.telaled.com\/wp-content\/uploads\/2025\/08\/36123f2c-de60-488d-af81-255cd4aee54a-760x1024.webp\" class=\"attachment-large size-large\" alt=\"\" srcset=\"https:\/\/www.telaled.com\/wp-content\/uploads\/2025\/08\/36123f2c-de60-488d-af81-255cd4aee54a-760x1024.webp 760w, https:\/\/www.telaled.com\/wp-content\/uploads\/2025\/08\/36123f2c-de60-488d-af81-255cd4aee54a-223x300.webp 223w, https:\/\/www.telaled.com\/wp-content\/uploads\/2025\/08\/36123f2c-de60-488d-af81-255cd4aee54a-768x1035.webp 768w, https:\/\/www.telaled.com\/wp-content\/uploads\/2025\/08\/36123f2c-de60-488d-af81-255cd4aee54a-9x12.webp 9w, https:\/\/www.telaled.com\/wp-content\/uploads\/2025\/08\/36123f2c-de60-488d-af81-255cd4aee54a-600x808.webp 600w, https:\/\/www.telaled.com\/wp-content\/uploads\/2025\/08\/36123f2c-de60-488d-af81-255cd4aee54a.webp 795w\" sizes=\"auto, (max-width: 760px) 100vw, 760px\" \/>\t\t\t\t\t\t\n\t\t\t\t\t<\/div>\n\t\t\t\t\t\t\t\t\n<style>\n#image_51407329 {\n  width: 80%;\n}\n<\/style>\n\t<\/div>\n\t\n\n<table id=\"tablepress-90\" class=\"tablepress tablepress-id-90\">\n<thead>\n<tr class=\"row-1\">\n\t<th class=\"column-1\">\u00d6\u011fe<\/th><th class=\"column-2\">Teknik Parametreler<\/th>\n<\/tr>\n<\/thead>\n<tbody class=\"row-striping row-hover\">\n<tr class=\"row-2\">\n\t<td class=\"column-1\">Renk:<\/td><td class=\"column-2\">K\u0131rm\u0131z\u0131, Sar\u0131, Ye\u015fil, Mavi, Beyaz<\/td>\n<\/tr>\n<tr class=\"row-3\">\n\t<td class=\"column-1\">Parmak y\u00fcksekli\u011fi:<\/td><td class=\"column-2\">6'', 8'', 10'', 12'', 15'', 18'', 20'', 22'', 24'', 32'', 64'', 72''<\/td>\n<\/tr>\n<tr class=\"row-4\">\n\t<td class=\"column-1\">Dijital tasar\u0131m:<\/td><td class=\"column-2\">7 segmentli mod\u00fcller yap\u0131\u015ft\u0131r\u0131c\u0131 ile kapat\u0131larak IP67 su ge\u00e7irmezlik derecesi elde edilir ve toz korumas\u0131 sayesinde LED&#039;lerin her zaman normal \u015fekilde \u00e7al\u0131\u015fmas\u0131 sa\u011flan\u0131r.<\/td>\n<\/tr>\n<tr class=\"row-5\">\n\t<td class=\"column-1\">Parlakl\u0131k kontrol\u00fc:<\/td><td class=\"column-2\">Parlakl\u0131k sens\u00f6r\u00fc arac\u0131l\u0131\u011f\u0131yla otomatik karartma<\/td>\n<\/tr>\n<tr class=\"row-6\">\n\t<td class=\"column-1\">Ekran karartma:<\/td><td class=\"column-2\">8&#039;den fazla otomatik yo\u011funluk ayar\u0131 seviyesi.<\/td>\n<\/tr>\n<tr class=\"row-7\">\n\t<td class=\"column-1\">G\u00f6r\u00fc\u015f a\u00e7\u0131s\u0131:<\/td><td class=\"column-2\">Yatay: 60\u00b0-120\u00b0, Dikey: 60\u00b0-120\u00b0 veya \u00f6zelle\u015ftirilebilir<\/td>\n<\/tr>\n<tr class=\"row-8\">\n\t<td class=\"column-1\">Hizmete eri\u015fim:<\/td><td class=\"column-2\">\u00d6n veya arka a\u00e7\u0131kl\u0131k<\/td>\n<\/tr>\n<tr class=\"row-9\">\n\t<td class=\"column-1\">Efendi\/k\u00f6le:<\/td><td class=\"column-2\">Tek veya \u00e7ift tarafl\u0131, master\/slave se\u00e7enekleri mevcuttur.<\/td>\n<\/tr>\n<tr class=\"row-10\">\n\t<td class=\"column-1\">Dolap malzemesi:<\/td><td class=\"column-2\">Demir dolap veya al\u00fcminyum ala\u015f\u0131ml\u0131 \u00e7er\u00e7eve<\/td>\n<\/tr>\n<tr class=\"row-11\">\n\t<td class=\"column-1\">Su ge\u00e7irmezlik seviyesi:<\/td><td class=\"column-2\">Al\u00fcminyum ala\u015f\u0131ml\u0131 g\u00f6vde i\u00e7in IP53, demir g\u00f6vde i\u00e7in IP65.<\/td>\n<\/tr>\n<tr class=\"row-12\">\n\t<td class=\"column-1\">LED s\u00fcr\u00fc\u015f modu:<\/td><td class=\"column-2\">Sabit ak\u0131m<\/td>\n<\/tr>\n<tr class=\"row-13\">\n\t<td class=\"column-1\">G\u00fc\u00e7 giri\u015fi:<\/td><td class=\"column-2\">110\/220 V AC, 50-60 Hz<\/td>\n<\/tr>\n<tr class=\"row-14\">\n\t<td class=\"column-1\">Bilgisayarla ileti\u015fim:<\/td><td class=\"column-2\">RS232\/485; kablolu veya kablosuz LAN (TCP\/IP), m\u00fc\u015fteri tercih edebilir.<\/td>\n<\/tr>\n<tr class=\"row-15\">\n\t<td class=\"column-1\">Uzaktan kumanda t\u00fcr\u00fc:<\/td><td class=\"column-2\">RF uzaktan kumanda (standart 6 tu\u015flu veya LCD uzaktan kumanda)<\/td>\n<\/tr>\n<tr class=\"row-16\">\n\t<td class=\"column-1\">Kesintisiz \u00c7al\u0131\u015fma S\u00fcresi:<\/td><td class=\"column-2\">S\u0131n\u0131rs\u0131z<\/td>\n<\/tr>\n<tr class=\"row-17\">\n\t<td class=\"column-1\">LED \u00f6mr\u00fc:<\/td><td class=\"column-2\">&gt;100.000 saat<\/td>\n<\/tr>\n<tr class=\"row-18\">\n\t<td class=\"column-1\">Kurulum y\u00f6ntemi:<\/td><td class=\"column-2\">Ask\u0131ya al\u0131nm\u0131\u015f, monte edilmi\u015f veya \u00f6zel olarak tasarlanm\u0131\u015f.<\/td>\n<\/tr>\n<tr class=\"row-19\">\n\t<td class=\"column-1\">\u00c7al\u0131\u015fma s\u0131cakl\u0131\u011f\u0131:<\/td><td class=\"column-2\">-40\u2103~75\u2103<\/td>\n<\/tr>\n<\/tbody>\n<\/table>\n<!-- #tablepress-90 from cache -->\n\t\t<\/div>\n\t\t\t\t\t<\/div>\n\n\t\n<\/div>\n\t\t<\/div>\n\t\t\t\t\t<\/div>\n\n\t\n<\/div>","protected":false},"excerpt":{"rendered":"<p><strong><span data-sheets-root=\"1\">Elektronik Spor Skor Tablosu<\/span> TEA Serisi \u2013 T\u00fcm oyunlar i\u00e7in LED Ekran<\/strong><\/p>\n<p>Bu <strong><span data-sheets-root=\"1\">Elektronik Spor Skor Tablosu<\/span> \u00c7AY Serisi <\/strong>TELALED, d\u0131\u015f mekanlar i\u00e7in net ve y\u00fcksek parlakl\u0131kta LED rakamlar sunar. K\u0131z\u0131l\u00f6tesi ekran teknolojisi, al\u00fcminyum veya demir \u00e7er\u00e7eve ve otomatik parlakl\u0131k kontrol\u00fc ile \u00fcretilen bu \u00fcr\u00fcn, her t\u00fcrl\u00fc hava ko\u015fulunda do\u011fru ger\u00e7ek zamanl\u0131 skorlama ve uzun vadeli g\u00fcvenilirlik sa\u011flar.<\/p>\n<p><strong>Ba\u015fl\u0131ca \u00f6zellikler:<\/strong><\/p>\n<ul>\n<li><strong>Dayan\u0131kl\u0131 yap\u0131:<\/strong> IP65 su ge\u00e7irmez ve toz ge\u00e7irmez muhafaza, s\u0131zd\u0131rmaz LED mod\u00fclleriyle donat\u0131lm\u0131\u015ft\u0131r ve -40\u00b0C ile 75\u00b0C aras\u0131ndaki s\u0131cakl\u0131klarda 100.000 saatten fazla kullan\u0131m \u00f6mr\u00fcne sahiptir.<\/li>\n<li><strong>Net g\u00f6r\u00fc\u015f:<\/strong> 12.000 mcd&#039;ye kadar y\u00fcksek yo\u011funluklu LED \u00e7ipler ve 60\u00b0 ila 120\u00b0 geni\u015f g\u00f6r\u00fc\u015f a\u00e7\u0131s\u0131, skorlar\u0131n g\u00fcne\u015f \u0131\u015f\u0131\u011f\u0131 veya spot \u0131\u015f\u0131klar\u0131 alt\u0131nda bile okunabilir kalmas\u0131n\u0131 sa\u011flar.<\/li>\n<li><strong>Esnek kontrol:<\/strong> RF, RS232\/485 ve TCP\/IP uzaktan kumanday\u0131 destekler ve farkl\u0131 spor uygulamalar\u0131 i\u00e7in duvara monte, asma veya ba\u011f\u0131ms\u0131z olarak kullan\u0131labilen \u00e7e\u015fitli kurulum se\u00e7enekleri sunar.<\/li>\n<\/ul>\n<p>3 y\u0131ll\u0131k kapsaml\u0131 garanti ile 7\/24 g\u00fcvenilir uzaktan destek hizmetinden yararlan\u0131n. \u0130\u015fletmenizin \u00f6zel ihtiya\u00e7lar\u0131na g\u00f6re uyarlanm\u0131\u015f \u00fccretsiz bir fiyat teklifi i\u00e7in bug\u00fcn bizimle ileti\u015fime ge\u00e7in.<\/p>","protected":false},"featured_media":3662,"template":"","meta":[],"product_brand":[],"product_cat":[50,48,40,15],"product_tag":[],"class_list":{"0":"post-3661","1":"product","2":"type-product","3":"status-publish","4":"has-post-thumbnail","6":"product_cat-aluguel-de-painel-de-led","7":"product_cat-paineis-personalizados","8":"product_cat-painel-de-led","9":"product_cat-sem-categoria","11":"first","12":"instock","13":"shipping-taxable","14":"product-type-simple"},"yoast_head":"<!-- This site is optimized with the Yoast SEO plugin v27.4 - https:\/\/yoast.com\/product\/yoast-seo-wordpress\/ -->\n<title>Placar Esportivo Eletr\u00f4nico S\u00e9rie TEA | Placares de LED para ambientes internos e externos. | TELALED<\/title>\n<meta name=\"description\" content=\"Placar Esportivo Eletr\u00f4nicos S\u00e9rie TEA com displays de LED coloridos. Melhore a experi\u00eancia dos f\u00e3s, exiba an\u00fancios e mantenha os placares claros em qualquer condi\u00e7\u00e3o clim\u00e1tica.\" \/>\n<meta name=\"robots\" content=\"index, follow, max-snippet:-1, max-image-preview:large, max-video-preview:-1\" \/>\n<link rel=\"canonical\" href=\"https:\/\/www.telaled.com\/tr\/fabrica\/placar-eletronico-esportivo-serie-tea\/\" \/>\n<meta property=\"og:locale\" content=\"tr_TR\" \/>\n<meta property=\"og:type\" content=\"article\" \/>\n<meta property=\"og:title\" content=\"Placar Esportivo Eletr\u00f4nico S\u00e9rie TEA | Placares de LED para ambientes internos e externos. | TELALED\" \/>\n<meta property=\"og:description\" content=\"Placar Esportivo Eletr\u00f4nicos S\u00e9rie TEA com displays de LED coloridos. Melhore a experi\u00eancia dos f\u00e3s, exiba an\u00fancios e mantenha os placares claros em qualquer condi\u00e7\u00e3o clim\u00e1tica.\" \/>\n<meta property=\"og:url\" content=\"https:\/\/www.telaled.com\/tr\/fabrica\/placar-eletronico-esportivo-serie-tea\/\" \/>\n<meta property=\"og:site_name\" content=\"TELALED\" \/>\n<meta property=\"article:modified_time\" content=\"2026-01-06T09:11:26+00:00\" \/>\n<meta property=\"og:image\" content=\"https:\/\/www.telaled.com\/wp-content\/uploads\/2025\/09\/Placar-Eeletronico-Esportivo-Serie-TEA.jpg\" \/>\n\t<meta property=\"og:image:width\" content=\"500\" \/>\n\t<meta property=\"og:image:height\" content=\"500\" \/>\n\t<meta property=\"og:image:type\" content=\"image\/jpeg\" \/>\n<meta name=\"twitter:card\" content=\"summary_large_image\" \/>\n<meta name=\"twitter:label1\" content=\"Est. reading time\" \/>\n\t<meta name=\"twitter:data1\" content=\"3 dakika\" \/>\n<script type=\"application\/ld+json\" class=\"yoast-schema-graph\">{\"@context\":\"https:\\\/\\\/schema.org\",\"@graph\":[{\"@type\":\"WebPage\",\"@id\":\"https:\\\/\\\/www.telaled.com\\\/fabrica\\\/placar-eletronico-esportivo-serie-tea\\\/\",\"url\":\"https:\\\/\\\/www.telaled.com\\\/fabrica\\\/placar-eletronico-esportivo-serie-tea\\\/\",\"name\":\"Placar Esportivo Eletr\u00f4nico S\u00e9rie TEA | Placares de LED para ambientes internos e externos. | TELALED\",\"isPartOf\":{\"@id\":\"https:\\\/\\\/www.telaled.com\\\/#website\"},\"primaryImageOfPage\":{\"@id\":\"https:\\\/\\\/www.telaled.com\\\/fabrica\\\/placar-eletronico-esportivo-serie-tea\\\/#primaryimage\"},\"image\":{\"@id\":\"https:\\\/\\\/www.telaled.com\\\/fabrica\\\/placar-eletronico-esportivo-serie-tea\\\/#primaryimage\"},\"thumbnailUrl\":\"https:\\\/\\\/www.telaled.com\\\/wp-content\\\/uploads\\\/2025\\\/09\\\/Placar-Eeletronico-Esportivo-Serie-TEA.jpg\",\"datePublished\":\"2025-09-30T03:19:49+00:00\",\"dateModified\":\"2026-01-06T09:11:26+00:00\",\"description\":\"Placar Esportivo Eletr\u00f4nicos S\u00e9rie TEA com displays de LED coloridos. Melhore a experi\u00eancia dos f\u00e3s, exiba an\u00fancios e mantenha os placares claros em qualquer condi\u00e7\u00e3o clim\u00e1tica.\",\"breadcrumb\":{\"@id\":\"https:\\\/\\\/www.telaled.com\\\/fabrica\\\/placar-eletronico-esportivo-serie-tea\\\/#breadcrumb\"},\"inLanguage\":\"tr\",\"potentialAction\":[{\"@type\":\"ReadAction\",\"target\":[\"https:\\\/\\\/www.telaled.com\\\/fabrica\\\/placar-eletronico-esportivo-serie-tea\\\/\"]}]},{\"@type\":\"ImageObject\",\"inLanguage\":\"tr\",\"@id\":\"https:\\\/\\\/www.telaled.com\\\/fabrica\\\/placar-eletronico-esportivo-serie-tea\\\/#primaryimage\",\"url\":\"https:\\\/\\\/www.telaled.com\\\/wp-content\\\/uploads\\\/2025\\\/09\\\/Placar-Eeletronico-Esportivo-Serie-TEA.jpg\",\"contentUrl\":\"https:\\\/\\\/www.telaled.com\\\/wp-content\\\/uploads\\\/2025\\\/09\\\/Placar-Eeletronico-Esportivo-Serie-TEA.jpg\",\"width\":500,\"height\":500,\"caption\":\"Placar-Eeletr\u00f4nico-Esportivo-S\u00e9rie-TEA\"},{\"@type\":\"BreadcrumbList\",\"@id\":\"https:\\\/\\\/www.telaled.com\\\/fabrica\\\/placar-eletronico-esportivo-serie-tea\\\/#breadcrumb\",\"itemListElement\":[{\"@type\":\"ListItem\",\"position\":1,\"name\":\"Home\",\"item\":\"https:\\\/\\\/www.telaled.com\\\/\"},{\"@type\":\"ListItem\",\"position\":2,\"name\":\"Produtos\",\"item\":\"https:\\\/\\\/www.telaled.com\\\/shop\\\/\"},{\"@type\":\"ListItem\",\"position\":3,\"name\":\"Placar Eletr\u00f4nico Esportivo S\u00e9rie TEA\"}]},{\"@type\":\"WebSite\",\"@id\":\"https:\\\/\\\/www.telaled.com\\\/#website\",\"url\":\"https:\\\/\\\/www.telaled.com\\\/\",\"name\":\"TELALED\",\"description\":\"\",\"potentialAction\":[{\"@type\":\"SearchAction\",\"target\":{\"@type\":\"EntryPoint\",\"urlTemplate\":\"https:\\\/\\\/www.telaled.com\\\/?s={search_term_string}\"},\"query-input\":{\"@type\":\"PropertyValueSpecification\",\"valueRequired\":true,\"valueName\":\"search_term_string\"}}],\"inLanguage\":\"tr\"}]}<\/script>\n<!-- \/ Yoast SEO plugin. -->","yoast_head_json":{"title":"Elektronik Spor Skorbordlar\u0131 TEA Serisi | \u0130\u00e7 ve d\u0131\u015f mekan kullan\u0131m\u0131na uygun LED skorbordlar. | TELALED","description":"TEA Serisi elektronik spor skorboardlar\u0131, tam renkli LED ekranlara sahiptir. Taraftar deneyimini geli\u015ftirin, duyurular\u0131 g\u00f6r\u00fcnt\u00fcleyin ve her t\u00fcrl\u00fc hava ko\u015fulunda skorlar\u0131 net bir \u015fekilde g\u00f6sterin.","robots":{"index":"index","follow":"follow","max-snippet":"max-snippet:-1","max-image-preview":"max-image-preview:large","max-video-preview":"max-video-preview:-1"},"canonical":"https:\/\/www.telaled.com\/tr\/fabrica\/placar-eletronico-esportivo-serie-tea\/","og_locale":"tr_TR","og_type":"article","og_title":"Placar Esportivo Eletr\u00f4nico S\u00e9rie TEA | Placares de LED para ambientes internos e externos. | TELALED","og_description":"Placar Esportivo Eletr\u00f4nicos S\u00e9rie TEA com displays de LED coloridos. Melhore a experi\u00eancia dos f\u00e3s, exiba an\u00fancios e mantenha os placares claros em qualquer condi\u00e7\u00e3o clim\u00e1tica.","og_url":"https:\/\/www.telaled.com\/tr\/fabrica\/placar-eletronico-esportivo-serie-tea\/","og_site_name":"TELALED","article_modified_time":"2026-01-06T09:11:26+00:00","og_image":[{"width":500,"height":500,"url":"https:\/\/www.telaled.com\/wp-content\/uploads\/2025\/09\/Placar-Eeletronico-Esportivo-Serie-TEA.jpg","type":"image\/jpeg"}],"twitter_card":"summary_large_image","twitter_misc":{"Est. reading time":"3 dakika"},"schema":{"@context":"https:\/\/schema.org","@graph":[{"@type":"WebPage","@id":"https:\/\/www.telaled.com\/fabrica\/placar-eletronico-esportivo-serie-tea\/","url":"https:\/\/www.telaled.com\/fabrica\/placar-eletronico-esportivo-serie-tea\/","name":"Elektronik Spor Skorbordlar\u0131 TEA Serisi | \u0130\u00e7 ve d\u0131\u015f mekan kullan\u0131m\u0131na uygun LED skorbordlar. | TELALED","isPartOf":{"@id":"https:\/\/www.telaled.com\/#website"},"primaryImageOfPage":{"@id":"https:\/\/www.telaled.com\/fabrica\/placar-eletronico-esportivo-serie-tea\/#primaryimage"},"image":{"@id":"https:\/\/www.telaled.com\/fabrica\/placar-eletronico-esportivo-serie-tea\/#primaryimage"},"thumbnailUrl":"https:\/\/www.telaled.com\/wp-content\/uploads\/2025\/09\/Placar-Eeletronico-Esportivo-Serie-TEA.jpg","datePublished":"2025-09-30T03:19:49+00:00","dateModified":"2026-01-06T09:11:26+00:00","description":"TEA Serisi elektronik spor skorboardlar\u0131, tam renkli LED ekranlara sahiptir. Taraftar deneyimini geli\u015ftirin, duyurular\u0131 g\u00f6r\u00fcnt\u00fcleyin ve her t\u00fcrl\u00fc hava ko\u015fulunda skorlar\u0131 net bir \u015fekilde g\u00f6sterin.","breadcrumb":{"@id":"https:\/\/www.telaled.com\/fabrica\/placar-eletronico-esportivo-serie-tea\/#breadcrumb"},"inLanguage":"tr","potentialAction":[{"@type":"ReadAction","target":["https:\/\/www.telaled.com\/fabrica\/placar-eletronico-esportivo-serie-tea\/"]}]},{"@type":"ImageObject","inLanguage":"tr","@id":"https:\/\/www.telaled.com\/fabrica\/placar-eletronico-esportivo-serie-tea\/#primaryimage","url":"https:\/\/www.telaled.com\/wp-content\/uploads\/2025\/09\/Placar-Eeletronico-Esportivo-Serie-TEA.jpg","contentUrl":"https:\/\/www.telaled.com\/wp-content\/uploads\/2025\/09\/Placar-Eeletronico-Esportivo-Serie-TEA.jpg","width":500,"height":500,"caption":"Placar-Eeletr\u00f4nico-Esportivo-S\u00e9rie-TEA"},{"@type":"BreadcrumbList","@id":"https:\/\/www.telaled.com\/fabrica\/placar-eletronico-esportivo-serie-tea\/#breadcrumb","itemListElement":[{"@type":"ListItem","position":1,"name":"Home","item":"https:\/\/www.telaled.com\/"},{"@type":"ListItem","position":2,"name":"Produtos","item":"https:\/\/www.telaled.com\/shop\/"},{"@type":"ListItem","position":3,"name":"Placar Eletr\u00f4nico Esportivo S\u00e9rie TEA"}]},{"@type":"WebSite","@id":"https:\/\/www.telaled.com\/#website","url":"https:\/\/www.telaled.com\/","name":"LED Ekran","description":"","potentialAction":[{"@type":"SearchAction","target":{"@type":"EntryPoint","urlTemplate":"https:\/\/www.telaled.com\/?s={search_term_string}"},"query-input":{"@type":"PropertyValueSpecification","valueRequired":true,"valueName":"search_term_string"}}],"inLanguage":"tr"}]}},"_links":{"self":[{"href":"https:\/\/www.telaled.com\/tr\/wp-json\/wp\/v2\/product\/3661","targetHints":{"allow":["GET"]}}],"collection":[{"href":"https:\/\/www.telaled.com\/tr\/wp-json\/wp\/v2\/product"}],"about":[{"href":"https:\/\/www.telaled.com\/tr\/wp-json\/wp\/v2\/types\/product"}],"wp:featuredmedia":[{"embeddable":true,"href":"https:\/\/www.telaled.com\/tr\/wp-json\/wp\/v2\/media\/3662"}],"wp:attachment":[{"href":"https:\/\/www.telaled.com\/tr\/wp-json\/wp\/v2\/media?parent=3661"}],"wp:term":[{"taxonomy":"product_brand","embeddable":true,"href":"https:\/\/www.telaled.com\/tr\/wp-json\/wp\/v2\/product_brand?post=3661"},{"taxonomy":"product_cat","embeddable":true,"href":"https:\/\/www.telaled.com\/tr\/wp-json\/wp\/v2\/product_cat?post=3661"},{"taxonomy":"product_tag","embeddable":true,"href":"https:\/\/www.telaled.com\/tr\/wp-json\/wp\/v2\/product_tag?post=3661"}],"curies":[{"name":"wp","href":"https:\/\/api.w.org\/{rel}","templated":true}]}}