{"id":3573,"date":"2025-09-26T00:20:54","date_gmt":"2025-09-26T00:20:54","guid":{"rendered":"https:\/\/www.telaled.com\/?post_type=product&#038;p=3573"},"modified":"2026-01-06T07:04:23","modified_gmt":"2026-01-06T07:04:23","slug":"pole-led-display-serie-twb","status":"publish","type":"product","link":"https:\/\/www.telaled.com\/tr\/fabrica\/pole-led-display-serie-twb\/","title":{"rendered":"Direk Tipi LED Ekran TWB Serisi"},"content":{"rendered":"<div class=\"row\"  id=\"row-232438476\">\n\n\t<div id=\"col-1968462789\" class=\"col small-12 large-12\"  >\n\t\t\t\t<div class=\"col-inner\"  >\n\t\t\t\n\t\t\t\n<h2>Pole LED Ekran TWC Serisinin \u00d6zel Avantajlar\u0131<\/h2>\n<h3><strong>\u00dcst\u00fcn Dayan\u0131kl\u0131l\u0131k<\/strong><\/h3>\n<ul>\n<li>IP65 koruma s\u0131n\u0131f\u0131, su ge\u00e7irmez ve toz ge\u00e7irmez.<\/li>\n<li>Korozyona ve hava ko\u015fullar\u0131na dayan\u0131kl\u0131 malzemeler.<\/li>\n<li>Daha uzun kullan\u0131m \u00f6mr\u00fc ve so\u011futma i\u00e7in ak\u0131ll\u0131 \u0131s\u0131 da\u011f\u0131t\u0131c\u0131.<\/li>\n<li>-20\u00b0C ile +60\u00b0C aras\u0131nda istikrarl\u0131 \u00e7al\u0131\u015fma.<\/li>\n<\/ul>\n<h3><strong>Ola\u011fan\u00fcst\u00fc G\u00f6rsel Kalite<\/strong><\/h3>\n<ul>\n<li>6500 nit&#039;e kadar ultra y\u00fcksek parlakl\u0131k.<\/li>\n<li>LED teknolojisi <a href=\"https:\/\/www.telaled.com\/tr\/led-smd\/\">SMD<\/a> Net g\u00f6r\u00fcnt\u00fcler ve videolar i\u00e7in...<\/li>\n<li>Maksimum g\u00f6r\u00fcn\u00fcrl\u00fck i\u00e7in geni\u015f 140\u00b0 g\u00f6r\u00fc\u015f a\u00e7\u0131s\u0131.<\/li>\n<li>Ger\u00e7ek\u00e7i detaylar i\u00e7in 65.536 gri tonlama seviyesi.<\/li>\n<\/ul>\n<h3><strong>Tam Uyarlanabilirlik<\/strong><\/h3>\n<ul>\n<li>\u00c7oklu kontrol se\u00e7enekleri: Bilgisayar, Wi-Fi, 4G\/5G, USB bellek.<\/li>\n<li>G\u00fcncellenmi\u015f ve planlanm\u0131\u015f uzaktan yay\u0131n i\u00e7eri\u011fi.<\/li>\n<li>Esnek montaj: yan, arka veya braket montaj\u0131.<\/li>\n<li>P3.3, P4 piksel aral\u0131klar\u0131nda mevcuttur., <a href=\"https:\/\/www.telaled.com\/tr\/fabrica\/modulo-painel-de-led-p5\/\">P5<\/a>.<\/li>\n<li>Farkl\u0131 projeler i\u00e7in \u00f6zel \u00f6l\u00e7\u00fcler ve tasar\u0131mlar.<\/li>\n<\/ul>\n<h3><strong>Kapsaml\u0131 Destek<\/strong><\/h3>\n<ul>\n<li>\u0130stedi\u011finiz zaman, istedi\u011finiz yerde uzman yard\u0131m\u0131 al\u0131n. \u00d6zel destek ekibimiz, sisteminizin kesintisiz ve sorunsuz \u00e7al\u0131\u015fmaya devam etmesini sa\u011flar.<\/li>\n<li>Her sipari\u015f 5% yedek par\u00e7a i\u00e7ermektedir. Ek bile\u015fenler, g\u00fcvenilirli\u011fi art\u0131rmak ve hizmet kesintilerini azaltmak i\u00e7in sa\u011flanmaktad\u0131r.<\/li>\n<li>3 y\u0131ll\u0131k garanti ile g\u00f6n\u00fcl rahatl\u0131\u011f\u0131n\u0131n tad\u0131n\u0131 \u00e7\u0131kar\u0131n. Uzun \u00f6m\u00fcrl\u00fc performans, g\u00fcvenilir hizmet ve yat\u0131r\u0131m\u0131n\u0131z\u0131n koruma alt\u0131nda oldu\u011fundan emin olman\u0131n keyfini ya\u015fay\u0131n.<\/li>\n<\/ul>\n<h2>\u00dcr\u00fcn detaylar\u0131<\/h2>\n<div class=\"row\"  id=\"row-275698098\">\n\n\t<div id=\"col-1238726911\" class=\"col medium-10 small-12 large-10\"  >\n\t\t\t\t<div class=\"col-inner text-left\"  >\n\t\t\t\n\t\t\t\n<ul>\n<li>Bizim <em><strong>Direk Tipi LED Ekran TWB Serisi<\/strong><\/em> IP65 su ge\u00e7irmezlik korumas\u0131, geni\u015f 140\u00b0 g\u00f6r\u00fc\u015f a\u00e7\u0131s\u0131 ve verimli h\u0131zl\u0131 so\u011futma tasar\u0131m\u0131yla dayan\u0131kl\u0131l\u0131k ve performans i\u00e7in tasarlanm\u0131\u015flard\u0131r. Onar\u0131m\u0131 ve bak\u0131m\u0131 kolayd\u0131r, istikrarl\u0131 kontrol sa\u011flarlar ve... <a href=\"https:\/\/www.telaled.com\/tr\/fabrica\/painel-led-economizador-de-energia-serie-toc\/\">enerji tasarrufu<\/a>, Bu \u00f6zellikler, uzun \u00f6m\u00fcrl\u00fc ve y\u00fcksek kaliteli g\u00f6rsel performans gerektiren d\u0131\u015f mekan ortamlar\u0131 i\u00e7in onlar\u0131 ideal hale getiriyor.<\/li>\n<\/ul>\n\t<div class=\"img has-hover x md-x lg-x y md-y lg-y\" id=\"image_1775999598\">\n\t\t\t\t\t\t\t\t<div class=\"img-inner dark\" >\n\t\t\t<img loading=\"lazy\" decoding=\"async\" width=\"500\" height=\"500\" src=\"https:\/\/www.telaled.com\/wp-content\/uploads\/2025\/09\/Pole-LED-Display7.webp\" class=\"attachment-original size-original\" alt=\"Pole-LED-Display7\" srcset=\"https:\/\/www.telaled.com\/wp-content\/uploads\/2025\/09\/Pole-LED-Display7.webp 500w, https:\/\/www.telaled.com\/wp-content\/uploads\/2025\/09\/Pole-LED-Display7-300x300.webp 300w, https:\/\/www.telaled.com\/wp-content\/uploads\/2025\/09\/Pole-LED-Display7-150x150.webp 150w, https:\/\/www.telaled.com\/wp-content\/uploads\/2025\/09\/Pole-LED-Display7-12x12.webp 12w, https:\/\/www.telaled.com\/wp-content\/uploads\/2025\/09\/Pole-LED-Display7-100x100.webp 100w\" sizes=\"auto, (max-width: 500px) 100vw, 500px\" \/>\t\t\t\t\t\t\n\t\t\t\t\t<\/div>\n\t\t\t\t\t\t\t\t\n<style>\n#image_1775999598 {\n  width: 80%;\n}\n<\/style>\n\t<\/div>\n\t\n<ul>\n<li>Bizim <em><strong>Direk Tipi LED Ekran TWB Serisi<\/strong><\/em> Merkezi veya uzaktan y\u00f6netim i\u00e7in PC, USB s\u00fcr\u00fcc\u00fc, Wi-Fi, 4G\/5G \u00fczerinden ak\u0131ll\u0131 kontrol\u00fc destekler. \u00d6zellikleri aras\u0131nda d\u00f6ng\u00fcsel oynatma, dahili hoparl\u00f6rler, otomatik parlakl\u0131k ayar\u0131 ve \u00e7ok fonksiyonlu \u00e7al\u0131\u015fma bulunur. Tek t\u0131klamayla g\u00fcncellemeler, i\u00e7erik yay\u0131nlama, zamanlama ve ekleme i\u015flemleri h\u0131zl\u0131, basit ve g\u00fcvenilirdir ve birden fazla monit\u00f6rde sorunsuz performans sa\u011flar.<\/li>\n<\/ul>\n\t<div class=\"img has-hover x md-x lg-x y md-y lg-y\" id=\"image_1289506596\">\n\t\t\t\t\t\t\t\t<div class=\"img-inner dark\" >\n\t\t\t<img loading=\"lazy\" decoding=\"async\" width=\"500\" height=\"500\" src=\"https:\/\/www.telaled.com\/wp-content\/uploads\/2025\/09\/Pole-LED-Display8.webp\" class=\"attachment-large size-large\" alt=\"\" srcset=\"https:\/\/www.telaled.com\/wp-content\/uploads\/2025\/09\/Pole-LED-Display8.webp 500w, https:\/\/www.telaled.com\/wp-content\/uploads\/2025\/09\/Pole-LED-Display8-300x300.webp 300w, https:\/\/www.telaled.com\/wp-content\/uploads\/2025\/09\/Pole-LED-Display8-150x150.webp 150w, https:\/\/www.telaled.com\/wp-content\/uploads\/2025\/09\/Pole-LED-Display8-12x12.webp 12w, https:\/\/www.telaled.com\/wp-content\/uploads\/2025\/09\/Pole-LED-Display8-100x100.webp 100w\" sizes=\"auto, (max-width: 500px) 100vw, 500px\" \/>\t\t\t\t\t\t\n\t\t\t\t\t<\/div>\n\t\t\t\t\t\t\t\t\n<style>\n#image_1289506596 {\n  width: 80%;\n}\n<\/style>\n\t<\/div>\n\t\n<ul>\n<li>Bizim <em><strong>Direk Tipi LED Ekran TWB Serisi<\/strong><\/em> Verimli so\u011futma ve daha uzun kullan\u0131m \u00f6mr\u00fc i\u00e7in entegre bir \u0131s\u0131 da\u011f\u0131t\u0131c\u0131ya sahiptir. 8 adet g\u00fcvenlik kilidiyle donat\u0131lm\u0131\u015f olup, d\u0131\u015f ko\u015fullara g\u00f6re parlakl\u0131\u011f\u0131 otomatik olarak ayarlayan \u0131\u015f\u0131\u011fa duyarl\u0131 sens\u00f6rler i\u00e7erir. Bu ak\u0131ll\u0131 tasar\u0131m, kazara yan\u0131k riskini azalt\u0131r. <a href=\"https:\/\/www.telaled.com\/tr\/entendendo-o-consumo-de-energia-painel-de-led-quao-eficientes-sao-os-displays-de-led-modernos\/\" data-wplink-edit=\"true\">enerji t\u00fcketimi<\/a>, Bu, dayan\u0131kl\u0131l\u0131\u011f\u0131 garanti eder ve ekran\u0131n her ortamda m\u00fckemmel \u015fekilde \u00e7al\u0131\u015fmas\u0131n\u0131 sa\u011flar.<\/li>\n<\/ul>\n\t<div class=\"img has-hover x md-x lg-x y md-y lg-y\" id=\"image_1353516193\">\n\t\t\t\t\t\t\t\t<div class=\"img-inner dark\" >\n\t\t\t<img loading=\"lazy\" decoding=\"async\" width=\"570\" height=\"360\" src=\"https:\/\/www.telaled.com\/wp-content\/uploads\/2025\/09\/Pole-LED-Display9.webp\" class=\"attachment-large size-large\" alt=\"\" srcset=\"https:\/\/www.telaled.com\/wp-content\/uploads\/2025\/09\/Pole-LED-Display9.webp 570w, https:\/\/www.telaled.com\/wp-content\/uploads\/2025\/09\/Pole-LED-Display9-300x189.webp 300w, https:\/\/www.telaled.com\/wp-content\/uploads\/2025\/09\/Pole-LED-Display9-18x12.webp 18w\" sizes=\"auto, (max-width: 570px) 100vw, 570px\" \/>\t\t\t\t\t\t\n\t\t\t\t\t<\/div>\n\t\t\t\t\t\t\t\t\n<style>\n#image_1353516193 {\n  width: 80%;\n}\n<\/style>\n\t<\/div>\n\t\n<ul>\n<li>\u00d6zelle\u015ftirilebilir \u00e7\u00f6z\u00fcmler sunuyoruz. <strong><em>Direk Tipi LED Ekran TWB Serisi<\/em><\/strong> Esnek kurulum se\u00e7enekleriyle. Al\u0131\u015fveri\u015f merkezleri, ticari caddeler ve trafik y\u00f6nlendirmeleri veya kamu duyurular\u0131 gibi kamuya a\u00e7\u0131k alanlar i\u00e7in m\u00fckemmeldir. Ayr\u0131ca turistik mekanlarda haritalar\u0131, etkinlik ayr\u0131nt\u0131lar\u0131n\u0131 ve hizmet g\u00fcncellemelerini g\u00f6stermek i\u00e7in idealdir ve her ortamda net ileti\u015fim sa\u011flar.<\/li>\n<\/ul>\n\t<div class=\"img has-hover x md-x lg-x y md-y lg-y\" id=\"image_1122420395\">\n\t\t\t\t\t\t\t\t<div class=\"img-inner dark\" >\n\t\t\t<img loading=\"lazy\" decoding=\"async\" width=\"570\" height=\"360\" src=\"https:\/\/www.telaled.com\/wp-content\/uploads\/2025\/09\/Pole-LED-Display10.webp\" class=\"attachment-large size-large\" alt=\"Pole-LED-Display10\" srcset=\"https:\/\/www.telaled.com\/wp-content\/uploads\/2025\/09\/Pole-LED-Display10.webp 570w, https:\/\/www.telaled.com\/wp-content\/uploads\/2025\/09\/Pole-LED-Display10-300x189.webp 300w, https:\/\/www.telaled.com\/wp-content\/uploads\/2025\/09\/Pole-LED-Display10-18x12.webp 18w\" sizes=\"auto, (max-width: 570px) 100vw, 570px\" \/>\t\t\t\t\t\t\n\t\t\t\t\t<\/div>\n\t\t\t\t\t\t\t\t\n<style>\n#image_1122420395 {\n  width: 80%;\n}\n<\/style>\n\t<\/div>\n\t\n<ul>\n<li>Bizim <em><strong>Direk Tipi LED Ekran TWB Serisi<\/strong><\/em> \u00dcr\u00fcnler, ta\u015f\u0131ma s\u0131ras\u0131nda korunmalar\u0131 i\u00e7in g\u00fc\u00e7lendirilmi\u015f ah\u015fap kasalara paketlenir. Her bir \u00fcnite, ha\u015ferelerden, darbelerden ve di\u011fer tehlikelerden kaynaklanan hasar\u0131 \u00f6nlemek i\u00e7in g\u00fcvenli bir \u015fekilde paketlenir. Bu, dayan\u0131kl\u0131l\u0131\u011f\u0131 ve g\u00fcvenli teslimat\u0131 sa\u011flar.<\/li>\n<\/ul>\n\t<div class=\"img has-hover x md-x lg-x y md-y lg-y\" id=\"image_37525471\">\n\t\t\t\t\t\t\t\t<div class=\"img-inner dark\" >\n\t\t\t<img loading=\"lazy\" decoding=\"async\" width=\"760\" height=\"1024\" src=\"https:\/\/www.telaled.com\/wp-content\/uploads\/2025\/08\/36123f2c-de60-488d-af81-255cd4aee54a-760x1024.webp\" class=\"attachment-large size-large\" alt=\"\" srcset=\"https:\/\/www.telaled.com\/wp-content\/uploads\/2025\/08\/36123f2c-de60-488d-af81-255cd4aee54a-760x1024.webp 760w, https:\/\/www.telaled.com\/wp-content\/uploads\/2025\/08\/36123f2c-de60-488d-af81-255cd4aee54a-223x300.webp 223w, https:\/\/www.telaled.com\/wp-content\/uploads\/2025\/08\/36123f2c-de60-488d-af81-255cd4aee54a-768x1035.webp 768w, https:\/\/www.telaled.com\/wp-content\/uploads\/2025\/08\/36123f2c-de60-488d-af81-255cd4aee54a-9x12.webp 9w, https:\/\/www.telaled.com\/wp-content\/uploads\/2025\/08\/36123f2c-de60-488d-af81-255cd4aee54a-600x808.webp 600w, https:\/\/www.telaled.com\/wp-content\/uploads\/2025\/08\/36123f2c-de60-488d-af81-255cd4aee54a.webp 795w\" sizes=\"auto, (max-width: 760px) 100vw, 760px\" \/>\t\t\t\t\t\t\n\t\t\t\t\t<\/div>\n\t\t\t\t\t\t\t\t\n<style>\n#image_37525471 {\n  width: 80%;\n}\n<\/style>\n\t<\/div>\n\t\n\n<table id=\"tablepress-87\" class=\"tablepress tablepress-id-87\">\n<thead>\n<tr class=\"row-1\">\n\t<th class=\"column-1\">De\u011fer<\/th><th class=\"column-2\">TWB3.3<\/th><th class=\"column-3\">TWB4<\/th><th class=\"column-4\">TWB5<\/th>\n<\/tr>\n<\/thead>\n<tbody class=\"row-striping row-hover\">\n<tr class=\"row-2\">\n\t<td class=\"column-1\">Piksel Mesafesi<\/td><td class=\"column-2\">3,3 mm<\/td><td class=\"column-3\">4 mm<\/td><td class=\"column-4\">5 mm<\/td>\n<\/tr>\n<tr class=\"row-3\">\n\t<td class=\"column-1\">Parlamak<\/td><td class=\"column-2\">5000-6000 nit<\/td><td class=\"column-3\">6000 nit<\/td><td class=\"column-4\">6000 nit<\/td>\n<\/tr>\n<tr class=\"row-4\">\n\t<td class=\"column-1\">Piksel yap\u0131land\u0131rmas\u0131<\/td><td class=\"column-2\">SMD<\/td><td class=\"column-3\">SMD<\/td><td class=\"column-4\">SMD<\/td>\n<\/tr>\n<tr class=\"row-5\">\n\t<td class=\"column-1\">Gri Tonlama<\/td><td class=\"column-2\">65536<\/td><td class=\"column-3\">65536<\/td><td class=\"column-4\">65536<\/td>\n<\/tr>\n<tr class=\"row-6\">\n\t<td class=\"column-1\">Yenileme H\u0131z\u0131<\/td><td class=\"column-2\">\u22651920Hz<\/td><td class=\"column-3\">21920Hz<\/td><td class=\"column-4\">21920Hz<\/td>\n<\/tr>\n<tr class=\"row-7\">\n\t<td class=\"column-1\">m\u00b2 ba\u015f\u0131na Piksel Matrisi<\/td><td class=\"column-2\">90.000<\/td><td class=\"column-3\">90.000<\/td><td class=\"column-4\">40.000<\/td>\n<\/tr>\n<tr class=\"row-8\">\n\t<td class=\"column-1\">G\u00f6r\u00fc\u015f A\u00e7\u0131s\u0131 (Yatay\/Dikey)<\/td><td class=\"column-2\">140\/140 derece<\/td><td class=\"column-3\">140\/140 derece<\/td><td class=\"column-4\">140\/140 derece<\/td>\n<\/tr>\n<tr class=\"row-9\">\n\t<td class=\"column-1\">Enerji T\u00fcketimi (Maks.\/Ortalama)<\/td><td class=\"column-2\">800\/300<\/td><td class=\"column-3\">800\/300<\/td><td class=\"column-4\">800\/300<\/td>\n<\/tr>\n<tr class=\"row-10\">\n\t<td class=\"column-1\">IP Oran\u0131<\/td><td class=\"column-2\">IP65<\/td><td class=\"column-3\">IP65<\/td><td class=\"column-4\">IP65<\/td>\n<\/tr>\n<tr class=\"row-11\">\n\t<td class=\"column-1\">Giri\u015f Gerilimi (AC)<\/td><td class=\"column-2\">100\uff5e240<\/td><td class=\"column-3\">100\uff5e240<\/td><td class=\"column-4\">100\uff5e240<\/td>\n<\/tr>\n<tr class=\"row-12\">\n\t<td class=\"column-1\">\u00c7al\u0131\u015fma s\u0131cakl\u0131\u011f\u0131<\/td><td class=\"column-2\">20\uff5e+60\u00b0C<\/td><td class=\"column-3\">20\uff5e+60\u00b0C<\/td><td class=\"column-4\">20\uff5e+60\u00b0C<\/td>\n<\/tr>\n<\/tbody>\n<\/table>\n<!-- #tablepress-87 from cache -->\n\t\t<\/div>\n\t\t\t\t\t<\/div>\n\n\t\n<\/div>\n\t\t<\/div>\n\t\t\t\t\t<\/div>\n\n\t\n<\/div>","protected":false},"excerpt":{"rendered":"<div><strong>TWB Serisi LED Direk Ekran\u0131 \u2013 Ak\u0131ll\u0131, y\u00fcksek parlakl\u0131kta sokak reklam \u00e7\u00f6z\u00fcm\u00fc<\/strong><\/div>\n<div><\/div>\n<div>Sen <strong><em>Direk Tipi LED Ekran TWB Serisi<\/em><\/strong> Dijital reklamc\u0131l\u0131\u011f\u0131n g\u00fcc\u00fcn\u00fc sokak lambalar\u0131n\u0131n pratikli\u011fiyle birle\u015ftiriyorlar. \u015eehirler, ticari meydanlar ve <span data-sheets-root=\"1\"><a class=\"in-cell-link\" href=\"https:\/\/www.telaled.com\/tr\/telao-de-led-para-eventos\/\" target=\"_blank\" rel=\"noopener\">olaylar<\/a><\/span> Spor ortamlar\u0131nda, bu ekranlar modern d\u0131\u015f mekan ortamlar\u0131nda reklam ve bilgi g\u00f6sterimi i\u00e7in y\u00fcksek etkili g\u00f6rseller, g\u00fcvenilir performans ve ak\u0131ll\u0131 kontrol imkan\u0131 sunar.<\/div>\n<div><\/div>\n<div><strong>Ba\u015fl\u0131ca \u00f6zellikler:<\/strong><\/div>\n<ul>\n<li><strong>Her t\u00fcrl\u00fc \u0131\u015f\u0131kta kristal netli\u011finde g\u00f6r\u00fc\u015f.<\/strong>6500 nit&#039;e varan parlakl\u0131k ve otomatik parlakl\u0131k ayar\u0131 sayesinde, i\u00e7erik do\u011frudan g\u00fcne\u015f \u0131\u015f\u0131\u011f\u0131nda bile net ve g\u00f6r\u00fcn\u00fcr kal\u0131r.<\/li>\n<li><strong>Dayan\u0131kl\u0131 ve hava ko\u015fullar\u0131na dayan\u0131kl\u0131 tasar\u0131m:<\/strong> IP65 dereceli su ge\u00e7irmez, toz ge\u00e7irmez ve korozyona dayan\u0131kl\u0131 malzemelerle \u00fcretilmi\u015f olup, ak\u0131ll\u0131 s\u0131cakl\u0131k kontrol\u00fc sayesinde zorlu d\u0131\u015f mekan ko\u015fullar\u0131nda uzun \u00f6m\u00fcrl\u00fc performans sa\u011flar.<\/li>\n<li><strong>Ak\u0131ll\u0131 ve esnek kontrol se\u00e7enekleri:<\/strong> Senkron ve asenkron kontrol deste\u011fiyle monit\u00f6rleri PC, Wi-Fi, 4G\/5G veya USB s\u00fcr\u00fcc\u00fc \u00fczerinden uzaktan y\u00f6netin, b\u00f6ylece g\u00fcncellemeler h\u0131zl\u0131 ve kolay bir \u015fekilde yap\u0131l\u0131r.<\/li>\n<\/ul>\n<div>\u00c7oklu montaj y\u00f6ntemleri (yan, arka veya kaide montaj\u0131) ve \u00f6zelle\u015ftirilebilir boyutlar. G\u00fcvenilir 7\/24 uzaktan destek al\u0131n ve 3 y\u0131ll\u0131k garantinin verdi\u011fi huzurun tad\u0131n\u0131 \u00e7\u0131kar\u0131n. \u00dccretsiz, ki\u015fiselle\u015ftirilmi\u015f fiyat teklifi i\u00e7in hemen bizimle ileti\u015fime ge\u00e7in.<\/div>","protected":false},"featured_media":3580,"template":"","meta":[],"product_brand":[],"product_cat":[50,48,40,43],"product_tag":[],"class_list":{"0":"post-3573","1":"product","2":"type-product","3":"status-publish","4":"has-post-thumbnail","6":"product_cat-aluguel-de-painel-de-led","7":"product_cat-paineis-personalizados","8":"product_cat-painel-de-led","9":"product_cat-totem-de-led","11":"first","12":"instock","13":"shipping-taxable","14":"product-type-simple"},"yoast_head":"<!-- This site is optimized with the Yoast SEO plugin v27.4 - https:\/\/yoast.com\/product\/yoast-seo-wordpress\/ -->\n<title>Pole LED Display S\u00e9rie TWB | Tela Telas LED para Publicidade Externa para Postes de Ru | TELALED<\/title>\n<meta name=\"description\" content=\"Pole LED Display S\u00e9rie TWB para postes externos e rodovias. Brilhante, dur\u00e1vel e com baixo consumo de energia. Pe\u00e7a hoje mesmo para aumentar sua visibilidade.\" \/>\n<meta name=\"robots\" content=\"index, follow, max-snippet:-1, max-image-preview:large, max-video-preview:-1\" \/>\n<link rel=\"canonical\" href=\"https:\/\/www.telaled.com\/tr\/fabrica\/pole-led-display-serie-twb\/\" \/>\n<meta property=\"og:locale\" content=\"tr_TR\" \/>\n<meta property=\"og:type\" content=\"article\" \/>\n<meta property=\"og:title\" content=\"Pole LED Display S\u00e9rie TWB | Tela Telas LED para Publicidade Externa para Postes de Ru | TELALED\" \/>\n<meta property=\"og:description\" content=\"Pole LED Display S\u00e9rie TWB para postes externos e rodovias. Brilhante, dur\u00e1vel e com baixo consumo de energia. Pe\u00e7a hoje mesmo para aumentar sua visibilidade.\" \/>\n<meta property=\"og:url\" content=\"https:\/\/www.telaled.com\/tr\/fabrica\/pole-led-display-serie-twb\/\" \/>\n<meta property=\"og:site_name\" content=\"TELALED\" \/>\n<meta property=\"article:modified_time\" content=\"2026-01-06T07:04:23+00:00\" \/>\n<meta property=\"og:image\" content=\"https:\/\/www.telaled.com\/wp-content\/uploads\/2025\/09\/Pole-LED-Display.jpg\" \/>\n\t<meta property=\"og:image:width\" content=\"500\" \/>\n\t<meta property=\"og:image:height\" content=\"500\" \/>\n\t<meta property=\"og:image:type\" content=\"image\/jpeg\" \/>\n<meta name=\"twitter:card\" content=\"summary_large_image\" \/>\n<meta name=\"twitter:label1\" content=\"Est. reading time\" \/>\n\t<meta name=\"twitter:data1\" content=\"3 dakika\" \/>\n<script type=\"application\/ld+json\" class=\"yoast-schema-graph\">{\"@context\":\"https:\\\/\\\/schema.org\",\"@graph\":[{\"@type\":\"WebPage\",\"@id\":\"https:\\\/\\\/www.telaled.com\\\/fabrica\\\/pole-led-display-serie-twb\\\/\",\"url\":\"https:\\\/\\\/www.telaled.com\\\/fabrica\\\/pole-led-display-serie-twb\\\/\",\"name\":\"Pole LED Display S\u00e9rie TWB | Tela Telas LED para Publicidade Externa para Postes de Ru | TELALED\",\"isPartOf\":{\"@id\":\"https:\\\/\\\/www.telaled.com\\\/#website\"},\"primaryImageOfPage\":{\"@id\":\"https:\\\/\\\/www.telaled.com\\\/fabrica\\\/pole-led-display-serie-twb\\\/#primaryimage\"},\"image\":{\"@id\":\"https:\\\/\\\/www.telaled.com\\\/fabrica\\\/pole-led-display-serie-twb\\\/#primaryimage\"},\"thumbnailUrl\":\"https:\\\/\\\/www.telaled.com\\\/wp-content\\\/uploads\\\/2025\\\/09\\\/Pole-LED-Display.jpg\",\"datePublished\":\"2025-09-26T00:20:54+00:00\",\"dateModified\":\"2026-01-06T07:04:23+00:00\",\"description\":\"Pole LED Display S\u00e9rie TWB para postes externos e rodovias. Brilhante, dur\u00e1vel e com baixo consumo de energia. Pe\u00e7a hoje mesmo para aumentar sua visibilidade.\",\"breadcrumb\":{\"@id\":\"https:\\\/\\\/www.telaled.com\\\/fabrica\\\/pole-led-display-serie-twb\\\/#breadcrumb\"},\"inLanguage\":\"tr\",\"potentialAction\":[{\"@type\":\"ReadAction\",\"target\":[\"https:\\\/\\\/www.telaled.com\\\/fabrica\\\/pole-led-display-serie-twb\\\/\"]}]},{\"@type\":\"ImageObject\",\"inLanguage\":\"tr\",\"@id\":\"https:\\\/\\\/www.telaled.com\\\/fabrica\\\/pole-led-display-serie-twb\\\/#primaryimage\",\"url\":\"https:\\\/\\\/www.telaled.com\\\/wp-content\\\/uploads\\\/2025\\\/09\\\/Pole-LED-Display.jpg\",\"contentUrl\":\"https:\\\/\\\/www.telaled.com\\\/wp-content\\\/uploads\\\/2025\\\/09\\\/Pole-LED-Display.jpg\",\"width\":500,\"height\":500,\"caption\":\"Pole-LED-Display\"},{\"@type\":\"BreadcrumbList\",\"@id\":\"https:\\\/\\\/www.telaled.com\\\/fabrica\\\/pole-led-display-serie-twb\\\/#breadcrumb\",\"itemListElement\":[{\"@type\":\"ListItem\",\"position\":1,\"name\":\"Home\",\"item\":\"https:\\\/\\\/www.telaled.com\\\/\"},{\"@type\":\"ListItem\",\"position\":2,\"name\":\"Produtos\",\"item\":\"https:\\\/\\\/www.telaled.com\\\/shop\\\/\"},{\"@type\":\"ListItem\",\"position\":3,\"name\":\"Pole LED Display S\u00e9rie TWB\"}]},{\"@type\":\"WebSite\",\"@id\":\"https:\\\/\\\/www.telaled.com\\\/#website\",\"url\":\"https:\\\/\\\/www.telaled.com\\\/\",\"name\":\"TELALED\",\"description\":\"\",\"potentialAction\":[{\"@type\":\"SearchAction\",\"target\":{\"@type\":\"EntryPoint\",\"urlTemplate\":\"https:\\\/\\\/www.telaled.com\\\/?s={search_term_string}\"},\"query-input\":{\"@type\":\"PropertyValueSpecification\",\"valueRequired\":true,\"valueName\":\"search_term_string\"}}],\"inLanguage\":\"tr\"}]}<\/script>\n<!-- \/ Yoast SEO plugin. -->","yoast_head_json":{"title":"Direk Tipi LED Ekran TWB Serisi | Sokak Direklerinde D\u0131\u015f Mekan Reklamc\u0131l\u0131\u011f\u0131 i\u00e7in LED Ekranlar | TELALED","description":"D\u0131\u015f mekan direkleri ve otoyollar i\u00e7in TWB Serisi LED Direk Ekran\u0131. Parlak, dayan\u0131kl\u0131 ve d\u00fc\u015f\u00fck g\u00fc\u00e7 t\u00fcketimli. G\u00f6r\u00fcn\u00fcrl\u00fc\u011f\u00fcn\u00fcz\u00fc art\u0131rmak i\u00e7in bug\u00fcn sipari\u015f verin.","robots":{"index":"index","follow":"follow","max-snippet":"max-snippet:-1","max-image-preview":"max-image-preview:large","max-video-preview":"max-video-preview:-1"},"canonical":"https:\/\/www.telaled.com\/tr\/fabrica\/pole-led-display-serie-twb\/","og_locale":"tr_TR","og_type":"article","og_title":"Pole LED Display S\u00e9rie TWB | Tela Telas LED para Publicidade Externa para Postes de Ru | TELALED","og_description":"Pole LED Display S\u00e9rie TWB para postes externos e rodovias. Brilhante, dur\u00e1vel e com baixo consumo de energia. Pe\u00e7a hoje mesmo para aumentar sua visibilidade.","og_url":"https:\/\/www.telaled.com\/tr\/fabrica\/pole-led-display-serie-twb\/","og_site_name":"TELALED","article_modified_time":"2026-01-06T07:04:23+00:00","og_image":[{"width":500,"height":500,"url":"https:\/\/www.telaled.com\/wp-content\/uploads\/2025\/09\/Pole-LED-Display.jpg","type":"image\/jpeg"}],"twitter_card":"summary_large_image","twitter_misc":{"Est. reading time":"3 dakika"},"schema":{"@context":"https:\/\/schema.org","@graph":[{"@type":"WebPage","@id":"https:\/\/www.telaled.com\/fabrica\/pole-led-display-serie-twb\/","url":"https:\/\/www.telaled.com\/fabrica\/pole-led-display-serie-twb\/","name":"Direk Tipi LED Ekran TWB Serisi | Sokak Direklerinde D\u0131\u015f Mekan Reklamc\u0131l\u0131\u011f\u0131 i\u00e7in LED Ekranlar | TELALED","isPartOf":{"@id":"https:\/\/www.telaled.com\/#website"},"primaryImageOfPage":{"@id":"https:\/\/www.telaled.com\/fabrica\/pole-led-display-serie-twb\/#primaryimage"},"image":{"@id":"https:\/\/www.telaled.com\/fabrica\/pole-led-display-serie-twb\/#primaryimage"},"thumbnailUrl":"https:\/\/www.telaled.com\/wp-content\/uploads\/2025\/09\/Pole-LED-Display.jpg","datePublished":"2025-09-26T00:20:54+00:00","dateModified":"2026-01-06T07:04:23+00:00","description":"D\u0131\u015f mekan direkleri ve otoyollar i\u00e7in TWB Serisi LED Direk Ekran\u0131. Parlak, dayan\u0131kl\u0131 ve d\u00fc\u015f\u00fck g\u00fc\u00e7 t\u00fcketimli. G\u00f6r\u00fcn\u00fcrl\u00fc\u011f\u00fcn\u00fcz\u00fc art\u0131rmak i\u00e7in bug\u00fcn sipari\u015f verin.","breadcrumb":{"@id":"https:\/\/www.telaled.com\/fabrica\/pole-led-display-serie-twb\/#breadcrumb"},"inLanguage":"tr","potentialAction":[{"@type":"ReadAction","target":["https:\/\/www.telaled.com\/fabrica\/pole-led-display-serie-twb\/"]}]},{"@type":"ImageObject","inLanguage":"tr","@id":"https:\/\/www.telaled.com\/fabrica\/pole-led-display-serie-twb\/#primaryimage","url":"https:\/\/www.telaled.com\/wp-content\/uploads\/2025\/09\/Pole-LED-Display.jpg","contentUrl":"https:\/\/www.telaled.com\/wp-content\/uploads\/2025\/09\/Pole-LED-Display.jpg","width":500,"height":500,"caption":"Pole-LED-Display"},{"@type":"BreadcrumbList","@id":"https:\/\/www.telaled.com\/fabrica\/pole-led-display-serie-twb\/#breadcrumb","itemListElement":[{"@type":"ListItem","position":1,"name":"Home","item":"https:\/\/www.telaled.com\/"},{"@type":"ListItem","position":2,"name":"Produtos","item":"https:\/\/www.telaled.com\/shop\/"},{"@type":"ListItem","position":3,"name":"Pole LED Display S\u00e9rie TWB"}]},{"@type":"WebSite","@id":"https:\/\/www.telaled.com\/#website","url":"https:\/\/www.telaled.com\/","name":"LED Ekran","description":"","potentialAction":[{"@type":"SearchAction","target":{"@type":"EntryPoint","urlTemplate":"https:\/\/www.telaled.com\/?s={search_term_string}"},"query-input":{"@type":"PropertyValueSpecification","valueRequired":true,"valueName":"search_term_string"}}],"inLanguage":"tr"}]}},"_links":{"self":[{"href":"https:\/\/www.telaled.com\/tr\/wp-json\/wp\/v2\/product\/3573","targetHints":{"allow":["GET"]}}],"collection":[{"href":"https:\/\/www.telaled.com\/tr\/wp-json\/wp\/v2\/product"}],"about":[{"href":"https:\/\/www.telaled.com\/tr\/wp-json\/wp\/v2\/types\/product"}],"wp:featuredmedia":[{"embeddable":true,"href":"https:\/\/www.telaled.com\/tr\/wp-json\/wp\/v2\/media\/3580"}],"wp:attachment":[{"href":"https:\/\/www.telaled.com\/tr\/wp-json\/wp\/v2\/media?parent=3573"}],"wp:term":[{"taxonomy":"product_brand","embeddable":true,"href":"https:\/\/www.telaled.com\/tr\/wp-json\/wp\/v2\/product_brand?post=3573"},{"taxonomy":"product_cat","embeddable":true,"href":"https:\/\/www.telaled.com\/tr\/wp-json\/wp\/v2\/product_cat?post=3573"},{"taxonomy":"product_tag","embeddable":true,"href":"https:\/\/www.telaled.com\/tr\/wp-json\/wp\/v2\/product_tag?post=3573"}],"curies":[{"name":"wp","href":"https:\/\/api.w.org\/{rel}","templated":true}]}}