{"id":3349,"date":"2025-09-17T01:29:01","date_gmt":"2025-09-17T01:29:01","guid":{"rendered":"https:\/\/www.telaled.com\/?post_type=product&#038;p=3349"},"modified":"2026-01-06T02:20:16","modified_gmt":"2026-01-06T02:20:16","slug":"shelf-led-screen-serie-tcl","status":"publish","type":"product","link":"https:\/\/www.telaled.com\/tr\/fabrica\/shelf-led-screen-serie-tcl\/","title":{"rendered":"TCL Serisi LED Raf"},"content":{"rendered":"<div class=\"row\"  id=\"row-1650756569\">\n\n\t<div id=\"col-906252124\" class=\"col small-12 large-12\"  >\n\t\t\t\t<div class=\"col-inner\"  >\n\t\t\t\n\t\t\t\n<h2>TCL Serisi LED Raf\u0131n \u00d6zel Avantajlar\u0131<\/h2>\n<h3><strong>\u00dcst\u00fcn Dayan\u0131kl\u0131l\u0131k<\/strong><\/h3>\n<ul>\n<li>G\u00fcvenlik ve g\u00fcvenilirlik a\u00e7\u0131s\u0131ndan CCC\/CE\/ETL\/FCC standartlar\u0131na g\u00f6re sertifikaland\u0131r\u0131lm\u0131\u015ft\u0131r.<\/li>\n<li>-10\u00b0C ile 40\u00b0C aras\u0131nda bir s\u0131cakl\u0131k aral\u0131\u011f\u0131nda ve -90% nem tolerans\u0131yla \u00e7al\u0131\u015f\u0131r.<\/li>\n<li>Uzun s\u00fcreli kullan\u0131m i\u00e7in tasarlanm\u0131\u015f sa\u011flam LED mod\u00fclleriyle \u00fcretilmi\u015ftir.<\/li>\n<\/ul>\n<h3><strong>Ola\u011fan\u00fcst\u00fc G\u00f6rsel Kalite<\/strong><\/h3>\n<ul>\n<li><a href=\"https:\/\/www.telaled.com\/tr\/fabrica\/painel-led-full-hd-da-serie-the\/\">Full HD ekran<\/a> Canl\u0131 ve net renklerle.<\/li>\n<li>Net g\u00f6r\u00fc\u015f i\u00e7in 800 cd\/m\u00b2 y\u00fcksek parlakl\u0131k.<\/li>\n<li>S\u00fcrekli netlik i\u00e7in ultra geni\u015f 160\u00b0\/120\u00b0 g\u00f6r\u00fc\u015f a\u00e7\u0131lar\u0131.<\/li>\n<li>Ak\u0131c\u0131 ve titre\u015fimsiz oynatma i\u00e7in 3840 Hz yenileme h\u0131z\u0131.<\/li>\n<\/ul>\n<h3><strong>Tam Uyarlanabilirlik<\/strong><\/h3>\n<ul>\n<li>Esnek ekran d\u00fczenleri i\u00e7in yatay ve dikey ge\u00e7i\u015f.<\/li>\n<li>Sorunsuz ve kolay i\u00e7erik i\u00e7in otomatik d\u00f6ng\u00fc oynatma.<\/li>\n<li>WiFi, USB ve Ethernet se\u00e7enekleriyle sorunsuz ba\u011flant\u0131.<\/li>\n<\/ul>\n<h3><strong>Kapsaml\u0131 Destek<\/strong><\/h3>\n<ul>\n<li>7\/24 Uzaktan Teknik Destek: Uzman yard\u0131m\u0131na istedi\u011finiz zaman, istedi\u011finiz yerden ula\u015f\u0131n.<\/li>\n<li>5% yedek par\u00e7a dahildir: Her sipari\u015f, g\u00fcvenilirli\u011fi art\u0131rmak ve g\u00f6n\u00fcl rahatl\u0131\u011f\u0131 sa\u011flamak i\u00e7in ek bile\u015fenler i\u00e7erir.<\/li>\n<li>3 Y\u0131l Uzat\u0131lm\u0131\u015f Garanti: Daha iyi performans ve g\u00fcvenilir hizmet i\u00e7in uzun vadeli entegrasyondan yararlan\u0131n.<\/li>\n<\/ul>\n<h2>\u00dcr\u00fcn detaylar\u0131<\/h2>\n<div class=\"row\"  id=\"row-1598378684\">\n\n\t<div id=\"col-2074856244\" class=\"col medium-10 small-12 large-10\"  >\n\t\t\t\t<div class=\"col-inner text-left\"  >\n\t\t\t\n\t\t\t\n<ul>\n<li>Ger\u00e7ek kullan\u0131m kolayl\u0131\u011f\u0131 sunar: Herhangi bir yap\u0131land\u0131rmaya uyum sa\u011flayan ak\u0131ll\u0131 d\u00f6n\u00fc\u015ft\u00fcrme teknolojisiyle yatay ve dikey ekranlar aras\u0131nda an\u0131nda ge\u00e7i\u015f yap\u0131n. Tek ekran, \u00e7oklu uygulama; ihtiya\u00e7lar\u0131n\u0131z\u0131 \u00f6d\u00fcn vermeden kar\u015f\u0131lamak \u00fczere tasarland\u0131.<\/li>\n<\/ul>\n\t<div class=\"img has-hover x md-x lg-x y md-y lg-y\" id=\"image_692549808\">\n\t\t\t\t\t\t\t\t<div class=\"img-inner dark\" >\n\t\t\t<img loading=\"lazy\" decoding=\"async\" width=\"640\" height=\"430\" src=\"https:\/\/www.telaled.com\/wp-content\/uploads\/2025\/09\/Alternancia-horizontal-e-retrato.webp\" class=\"attachment-original size-original\" alt=\"Yatay ve dikey d\u00f6n\u00fc\u015f\u00fcml\u00fc\" srcset=\"https:\/\/www.telaled.com\/wp-content\/uploads\/2025\/09\/Alternancia-horizontal-e-retrato.webp 640w, https:\/\/www.telaled.com\/wp-content\/uploads\/2025\/09\/Alternancia-horizontal-e-retrato-300x202.webp 300w, https:\/\/www.telaled.com\/wp-content\/uploads\/2025\/09\/Alternancia-horizontal-e-retrato-18x12.webp 18w, https:\/\/www.telaled.com\/wp-content\/uploads\/2025\/09\/Alternancia-horizontal-e-retrato-600x403.webp 600w\" sizes=\"auto, (max-width: 640px) 100vw, 640px\" \/>\t\t\t\t\t\t\n\t\t\t\t\t<\/div>\n\t\t\t\t\t\t\t\t\n<style>\n#image_692549808 {\n  width: 95%;\n}\n<\/style>\n\t<\/div>\n\t\n<ul>\n<li>Wi-Fi ba\u011flant\u0131s\u0131 ve otomatik oynatma \u00f6zelli\u011fiyle i\u00e7erik da\u011f\u0131t\u0131m\u0131n\u0131 kolayla\u015ft\u0131r\u0131r; resimleri, videolar\u0131 ve m\u00fczi\u011fi s\u00fcrekli d\u00f6ng\u00fcler halinde oynat\u0131r. MP3, MP4, Flash, JPG, AVI, PDF, PPT ve Word dosyalar\u0131yla uyumlu olup, mesaj\u0131n\u0131z\u0131n her formatta sorunsuz bir \u015fekilde iletilmesini sa\u011flar.<\/li>\n<\/ul>\n\t\t<\/div>\n\t\t\t\t\t<\/div>\n\n\t\n\n\t<div id=\"col-1890171423\" class=\"col medium-10 small-12 large-10\"  >\n\t\t\t\t<div class=\"col-inner text-left\"  >\n\t\t\t\n\t\t\t\n\t<div class=\"img has-hover x md-x lg-x y md-y lg-y\" id=\"image_1646128370\">\n\t\t\t\t\t\t\t\t<div class=\"img-inner dark\" >\n\t\t\t<img loading=\"lazy\" decoding=\"async\" width=\"804\" height=\"494\" src=\"https:\/\/www.telaled.com\/wp-content\/uploads\/2025\/09\/Conectividade-perfeita.webp\" class=\"attachment-large size-large\" alt=\"\" srcset=\"https:\/\/www.telaled.com\/wp-content\/uploads\/2025\/09\/Conectividade-perfeita.webp 804w, https:\/\/www.telaled.com\/wp-content\/uploads\/2025\/09\/Conectividade-perfeita-300x184.webp 300w, https:\/\/www.telaled.com\/wp-content\/uploads\/2025\/09\/Conectividade-perfeita-768x472.webp 768w, https:\/\/www.telaled.com\/wp-content\/uploads\/2025\/09\/Conectividade-perfeita-18x12.webp 18w, https:\/\/www.telaled.com\/wp-content\/uploads\/2025\/09\/Conectividade-perfeita-600x369.webp 600w\" sizes=\"auto, (max-width: 804px) 100vw, 804px\" \/>\t\t\t\t\t\t\n\t\t\t\t\t<\/div>\n\t\t\t\t\t\t\t\t\n<style>\n#image_1646128370 {\n  width: 95%;\n}\n<\/style>\n\t<\/div>\n\t\n<ul>\n<li>Keskin g\u00f6r\u00fcnt\u00fcler sunar. <a href=\"https:\/\/www.telaled.com\/tr\/fabrica\/painel-de-led-hd-serie-tho\/\">HD<\/a>, Kolay kontrol i\u00e7in uzaktan eri\u015fim ve her a\u00e7\u0131dan net kalan ultra geni\u015f g\u00f6r\u00fc\u015f a\u00e7\u0131s\u0131. Dahili zamanlay\u0131c\u0131, programlanm\u0131\u015f a\u00e7ma\/kapama i\u015flevlerini kontrol ederken, y\u00fcksek yenileme h\u0131z\u0131 oynatmay\u0131 ak\u0131c\u0131 ve titre\u015fimsiz tutar.<\/li>\n<\/ul>\n\t<div class=\"img has-hover x md-x lg-x y md-y lg-y\" id=\"image_1761882168\">\n\t\t\t\t\t\t\t\t<div class=\"img-inner dark\" >\n\t\t\t<img loading=\"lazy\" decoding=\"async\" width=\"1020\" height=\"355\" src=\"https:\/\/www.telaled.com\/wp-content\/uploads\/2025\/09\/Recursos-avancados-1024x356.webp\" class=\"attachment-large size-large\" alt=\"Geli\u015fmi\u015f \u00f6zellikler\" srcset=\"https:\/\/www.telaled.com\/wp-content\/uploads\/2025\/09\/Recursos-avancados-1024x356.webp 1024w, https:\/\/www.telaled.com\/wp-content\/uploads\/2025\/09\/Recursos-avancados-300x104.webp 300w, https:\/\/www.telaled.com\/wp-content\/uploads\/2025\/09\/Recursos-avancados-768x267.webp 768w, https:\/\/www.telaled.com\/wp-content\/uploads\/2025\/09\/Recursos-avancados-18x6.webp 18w, https:\/\/www.telaled.com\/wp-content\/uploads\/2025\/09\/Recursos-avancados-600x208.webp 600w, https:\/\/www.telaled.com\/wp-content\/uploads\/2025\/09\/Recursos-avancados.webp 1440w\" sizes=\"auto, (max-width: 1020px) 100vw, 1020px\" \/>\t\t\t\t\t\t\n\t\t\t\t\t<\/div>\n\t\t\t\t\t\t\t\t\n<style>\n#image_1761882168 {\n  width: 95%;\n}\n<\/style>\n\t<\/div>\n\t\n\t\t<\/div>\n\t\t\t\t\t<\/div>\n\n\t\n\n\t<div id=\"col-1396911504\" class=\"col medium-10 small-12 large-10\"  >\n\t\t\t\t<div class=\"col-inner text-left\"  >\n\t\t\t\n\t\t\t\n<ul>\n<li>Otomatik oynatma \u00f6zelli\u011fiyle reklamlar\u0131n\u0131z\u0131n kesintisiz olarak yay\u0131nlanmas\u0131n\u0131 sa\u011flay\u0131n. \u0130\u00e7eri\u011finizin ak\u0131\u015f\u0131n\u0131 kontrol etmek ve tan\u0131t\u0131mlar\u0131n\u0131z\u0131 basit, tutarl\u0131 ve dikkat \u00e7ekici tutmak i\u00e7in \u00f6zel aral\u0131klar ayarlay\u0131n.<\/li>\n<\/ul>\n\t<div class=\"img has-hover x md-x lg-x y md-y lg-y\" id=\"image_1790270207\">\n\t\t\t\t\t\t\t\t<div class=\"img-inner dark\" >\n\t\t\t<img loading=\"lazy\" decoding=\"async\" width=\"1020\" height=\"345\" src=\"https:\/\/www.telaled.com\/wp-content\/uploads\/2025\/09\/Reproducao-Automatica-de-Loop-1024x346.webp\" class=\"attachment-large size-large\" alt=\"\" srcset=\"https:\/\/www.telaled.com\/wp-content\/uploads\/2025\/09\/Reproducao-Automatica-de-Loop-1024x346.webp 1024w, https:\/\/www.telaled.com\/wp-content\/uploads\/2025\/09\/Reproducao-Automatica-de-Loop-300x101.webp 300w, https:\/\/www.telaled.com\/wp-content\/uploads\/2025\/09\/Reproducao-Automatica-de-Loop-768x259.webp 768w, https:\/\/www.telaled.com\/wp-content\/uploads\/2025\/09\/Reproducao-Automatica-de-Loop-18x6.webp 18w, https:\/\/www.telaled.com\/wp-content\/uploads\/2025\/09\/Reproducao-Automatica-de-Loop-600x203.webp 600w, https:\/\/www.telaled.com\/wp-content\/uploads\/2025\/09\/Reproducao-Automatica-de-Loop.webp 1184w\" sizes=\"auto, (max-width: 1020px) 100vw, 1020px\" \/>\t\t\t\t\t\t\n\t\t\t\t\t<\/div>\n\t\t\t\t\t\t\t\t\n<style>\n#image_1790270207 {\n  width: 95%;\n}\n<\/style>\n\t<\/div>\n\t\n<ul>\n<li>TCL Serisi Raf Tipi LED Ekranlar\u0131m\u0131z, ta\u015f\u0131ma s\u0131ras\u0131nda korunmalar\u0131 i\u00e7in g\u00fc\u00e7lendirilmi\u015f ah\u015fap kasalara paketlenmi\u015ftir. Her bir \u00fcnite, ha\u015ferelerden, darbelerden ve di\u011fer tehlikelerden kaynaklanan hasar\u0131 \u00f6nlemek i\u00e7in g\u00fcvenli bir \u015fekilde paketlenmi\u015ftir. Bu, dayan\u0131kl\u0131l\u0131\u011f\u0131 ve g\u00fcvenli teslimat\u0131 sa\u011flar.<\/li>\n<\/ul>\n\t<div class=\"img has-hover x md-x lg-x y md-y lg-y\" id=\"image_1031877662\">\n\t\t\t\t\t\t\t\t<div class=\"img-inner dark\" >\n\t\t\t<img loading=\"lazy\" decoding=\"async\" width=\"760\" height=\"1024\" src=\"https:\/\/www.telaled.com\/wp-content\/uploads\/2025\/08\/36123f2c-de60-488d-af81-255cd4aee54a-760x1024.webp\" class=\"attachment-large size-large\" alt=\"\" srcset=\"https:\/\/www.telaled.com\/wp-content\/uploads\/2025\/08\/36123f2c-de60-488d-af81-255cd4aee54a-760x1024.webp 760w, https:\/\/www.telaled.com\/wp-content\/uploads\/2025\/08\/36123f2c-de60-488d-af81-255cd4aee54a-223x300.webp 223w, https:\/\/www.telaled.com\/wp-content\/uploads\/2025\/08\/36123f2c-de60-488d-af81-255cd4aee54a-768x1035.webp 768w, https:\/\/www.telaled.com\/wp-content\/uploads\/2025\/08\/36123f2c-de60-488d-af81-255cd4aee54a-9x12.webp 9w, https:\/\/www.telaled.com\/wp-content\/uploads\/2025\/08\/36123f2c-de60-488d-af81-255cd4aee54a-600x808.webp 600w, https:\/\/www.telaled.com\/wp-content\/uploads\/2025\/08\/36123f2c-de60-488d-af81-255cd4aee54a.webp 795w\" sizes=\"auto, (max-width: 760px) 100vw, 760px\" \/>\t\t\t\t\t\t\n\t\t\t\t\t<\/div>\n\t\t\t\t\t\t\t\t\n<style>\n#image_1031877662 {\n  width: 95%;\n}\n<\/style>\n\t<\/div>\n\t\n\n<table id=\"tablepress-79\" class=\"tablepress tablepress-id-79\">\n<thead>\n<tr class=\"row-1\">\n\t<th class=\"column-1\">Pikseller aras\u0131 mesafe (mm)<\/th><th class=\"column-2\">P1.2mm<\/th><th class=\"column-3\">P1.5mm<\/th><th class=\"column-4\">P1.875mm<\/th>\n<\/tr>\n<\/thead>\n<tbody class=\"row-striping row-hover\">\n<tr class=\"row-2\">\n\t<td class=\"column-1\">G\u00f6r\u00fc\u015f a\u00e7\u0131s\u0131 (Yatay\/Dikey)<\/td><td class=\"column-2\">160\u00b0\/120\u00b0<\/td><td class=\"column-3\">160\u00b0\/120\u00b0<\/td><td class=\"column-4\">160\u00b0\/120\u00b0<\/td>\n<\/tr>\n<tr class=\"row-3\">\n\t<td class=\"column-1\">Parlakl\u0131k (cd\/m\u00b2)<\/td><td class=\"column-2\">800<\/td><td class=\"column-3\">800<\/td><td class=\"column-4\">800<\/td>\n<\/tr>\n<tr class=\"row-4\">\n\t<td class=\"column-1\">Yenileme h\u0131z\u0131 (Hz)<\/td><td class=\"column-2\">>3840<\/td><td class=\"column-3\">>3840<\/td><td class=\"column-4\">>3840<\/td>\n<\/tr>\n<tr class=\"row-5\">\n\t<td class=\"column-1\">Optimize edilmi\u015f g\u00f6r\u00fc\u015f mesafesi (m)<\/td><td class=\"column-2\">1~10<\/td><td class=\"column-3\">1~10<\/td><td class=\"column-4\">1~10<\/td>\n<\/tr>\n<tr class=\"row-6\">\n\t<td class=\"column-1\">Giri\u015f voltaj\u0131<\/td><td class=\"column-2\">AC110V veya AC220V+10\/60Hz<\/td><td class=\"column-3\"><\/td><td class=\"column-4\"><\/td>\n<\/tr>\n<tr class=\"row-7\">\n\t<td class=\"column-1\">Giri\u015f aray\u00fcz\u00fc<\/td><td class=\"column-2\">Ethernet\/USB\/Wi-Fi<\/td><td class=\"column-3\">Ethernet\/USB\/Wi-Fi<\/td><td class=\"column-4\">Ethernet\/USB\/Wi-Fi<\/td>\n<\/tr>\n<tr class=\"row-8\">\n\t<td class=\"column-1\">Mod\u00fcl boyutu piksel cinsinden (GxY)<\/td><td class=\"column-2\">250x50<\/td><td class=\"column-3\">200x40<\/td><td class=\"column-4\">160x32<\/td>\n<\/tr>\n<tr class=\"row-9\">\n\t<td class=\"column-1\">Mod\u00fcl boyutu mm cinsinden (G x Y)<\/td><td class=\"column-2\">300x60mm<\/td><td class=\"column-3\">300x60mm<\/td><td class=\"column-4\">300x60mm<\/td>\n<\/tr>\n<tr class=\"row-10\">\n\t<td class=\"column-1\">IP Derecelendirmesi<\/td><td class=\"column-2\">IP40<\/td><td class=\"column-3\">IP40<\/td><td class=\"column-4\">IP40<\/td>\n<\/tr>\n<tr class=\"row-11\">\n\t<td class=\"column-1\">Bak\u0131m<\/td><td class=\"column-2\">Arka<\/td><td class=\"column-3\">Arka<\/td><td class=\"column-4\">Arka<\/td>\n<\/tr>\n<tr class=\"row-12\">\n\t<td class=\"column-1\">\u0130\u015fletme Bak\u0131m S\u0131cakl\u0131\u011f\u0131\/Nem (\u2103\/RH)<\/td><td class=\"column-2\">-10*C-40*C\/10-90RH%<\/td><td class=\"column-3\">-10*C-40*C\/10-90RH%<\/td><td class=\"column-4\">-10*C-40*C\/10-90RH%<\/td>\n<\/tr>\n<tr class=\"row-13\">\n\t<td class=\"column-1\">Sertifikasyon<\/td><td class=\"column-2\">CCC\/CE\/ETL\/FCC<\/td><td class=\"column-3\">CCC\/CE\/ETL\/FCC<\/td><td class=\"column-4\">CCC\/CE\/ETL\/FCC<\/td>\n<\/tr>\n<\/tbody>\n<\/table>\n<!-- #tablepress-79 from cache -->\n\t\t<\/div>\n\t\t\t\t\t<\/div>\n\n\t\n<\/div>\n\t\t<\/div>\n\t\t\t\t\t<\/div>\n\n\t\n<\/div>","protected":false},"excerpt":{"rendered":"<p><strong>TCL Serisi LED Raf Ekran\u0131 \u2013 Yenilik\u00e7i Perakende Ekran\u0131<\/strong><\/p>\n<p>Perakende alanlar\u0131 i\u00e7in tasarlanm\u0131\u015f mekanik bir te\u015fhir stand\u0131. \u00c7e\u015fitli se\u00e7eneklerle. <a href=\"https:\/\/www.telaled.com\/tr\/pixel-pitch\/\">piksel aral\u0131\u011f\u0131<\/a> \u00d6zelle\u015ftirilebilir, kompakt 300\u00d760 mm&#039;lik bir mod\u00fcl ve yatay ile dikey modlar aras\u0131nda ak\u0131ll\u0131 ge\u00e7i\u015f \u00f6zelli\u011fi.<\/p>\n<p><strong>Ba\u015fl\u0131ca \u00f6zellikler:<\/strong><\/p>\n<ul>\n<li><strong>\u00d6zelle\u015ftirilebilir piksel aral\u0131\u011f\u0131<\/strong>Net ve keskin g\u00f6r\u00fcnt\u00fcler i\u00e7in 1,2 mm, 1,5 mm ve 1,85 mm kal\u0131nl\u0131k se\u00e7enekleri mevcuttur.<\/li>\n<li><strong>Kompakt mod\u00fcl boyutu:<\/strong> 300x60 mm&#039;lik tasar\u0131m\u0131, \u00e7e\u015fitli raf d\u00fczenlerine uyum sa\u011flamas\u0131n\u0131 m\u00fcmk\u00fcn k\u0131lar.<\/li>\n<li><strong>Yatay ve dikey d\u00f6n\u00fc\u015f\u00fcml\u00fc kullan\u0131m:<\/strong> Ak\u0131ll\u0131 teknoloji, d\u00fczenler aras\u0131nda h\u0131zl\u0131 ge\u00e7i\u015fler yap\u0131lmas\u0131na olanak tan\u0131r.<\/li>\n<li><strong>Yenilik\u00e7i ve ak\u0131ll\u0131 tasar\u0131m:<\/strong> Perakende ortamlar\u0131n\u0131n g\u00f6r\u00fcn\u00fcm\u00fcn\u00fc iyile\u015ftiren modern bir te\u015fhir \u00e7\u00f6z\u00fcm\u00fc.<\/li>\n<\/ul>\n<p>Ekibimiz 7\/24 uzaktan destek ve 3 y\u0131l garanti sunmaktad\u0131r. Ki\u015fiselle\u015ftirilmi\u015f fiyat teklifi i\u00e7in bug\u00fcn bizimle ileti\u015fime ge\u00e7in.<\/p>","protected":false},"featured_media":3350,"template":"","meta":[],"product_brand":[],"product_cat":[48,40],"product_tag":[],"class_list":{"0":"post-3349","1":"product","2":"type-product","3":"status-publish","4":"has-post-thumbnail","6":"product_cat-paineis-personalizados","7":"product_cat-painel-de-led","9":"first","10":"instock","11":"shipping-taxable","12":"product-type-simple"},"yoast_head":"<!-- This site is optimized with the Yoast SEO plugin v27.4 - https:\/\/yoast.com\/product\/yoast-seo-wordpress\/ -->\n<title>Shelf LED Screen S\u00e9rie TCL | Tela LED Personalizada para Varejo | TELALED<\/title>\n<meta name=\"description\" content=\"Nossa Shelf LED Screen S\u00e9rie TCL oferece altern\u00e2ncia inovadora entre horizontal e vertical, design fino e pixel pitch personaliz\u00e1vel. Perfeita para prateleiras de varejo e solu\u00e7\u00f5es de display inteligente. Entre em contato para obter pre\u00e7os de atacado.\" \/>\n<meta name=\"robots\" content=\"index, follow, max-snippet:-1, max-image-preview:large, max-video-preview:-1\" \/>\n<link rel=\"canonical\" href=\"https:\/\/www.telaled.com\/tr\/fabrica\/shelf-led-screen-serie-tcl\/\" \/>\n<meta property=\"og:locale\" content=\"tr_TR\" \/>\n<meta property=\"og:type\" content=\"article\" \/>\n<meta property=\"og:title\" content=\"Shelf LED Screen S\u00e9rie TCL | Tela LED Personalizada para Varejo | TELALED\" \/>\n<meta property=\"og:description\" content=\"Nossa Shelf LED Screen S\u00e9rie TCL oferece altern\u00e2ncia inovadora entre horizontal e vertical, design fino e pixel pitch personaliz\u00e1vel. Perfeita para prateleiras de varejo e solu\u00e7\u00f5es de display inteligente. Entre em contato para obter pre\u00e7os de atacado.\" \/>\n<meta property=\"og:url\" content=\"https:\/\/www.telaled.com\/tr\/fabrica\/shelf-led-screen-serie-tcl\/\" \/>\n<meta property=\"og:site_name\" content=\"TELALED\" \/>\n<meta property=\"article:modified_time\" content=\"2026-01-06T02:20:16+00:00\" \/>\n<meta property=\"og:image\" content=\"https:\/\/www.telaled.com\/wp-content\/uploads\/2025\/09\/Shelf-LED-Screen-Serie-TCL.webp\" \/>\n\t<meta property=\"og:image:width\" content=\"500\" \/>\n\t<meta property=\"og:image:height\" content=\"500\" \/>\n\t<meta property=\"og:image:type\" content=\"image\/webp\" \/>\n<meta name=\"twitter:card\" content=\"summary_large_image\" \/>\n<meta name=\"twitter:label1\" content=\"Est. reading time\" \/>\n\t<meta name=\"twitter:data1\" content=\"3 dakika\" \/>\n<script type=\"application\/ld+json\" class=\"yoast-schema-graph\">{\"@context\":\"https:\\\/\\\/schema.org\",\"@graph\":[{\"@type\":\"WebPage\",\"@id\":\"https:\\\/\\\/www.telaled.com\\\/fabrica\\\/shelf-led-screen-serie-tcl\\\/\",\"url\":\"https:\\\/\\\/www.telaled.com\\\/fabrica\\\/shelf-led-screen-serie-tcl\\\/\",\"name\":\"Shelf LED Screen S\u00e9rie TCL | Tela LED Personalizada para Varejo | TELALED\",\"isPartOf\":{\"@id\":\"https:\\\/\\\/www.telaled.com\\\/#website\"},\"primaryImageOfPage\":{\"@id\":\"https:\\\/\\\/www.telaled.com\\\/fabrica\\\/shelf-led-screen-serie-tcl\\\/#primaryimage\"},\"image\":{\"@id\":\"https:\\\/\\\/www.telaled.com\\\/fabrica\\\/shelf-led-screen-serie-tcl\\\/#primaryimage\"},\"thumbnailUrl\":\"https:\\\/\\\/www.telaled.com\\\/wp-content\\\/uploads\\\/2025\\\/09\\\/Shelf-LED-Screen-Serie-TCL.webp\",\"datePublished\":\"2025-09-17T01:29:01+00:00\",\"dateModified\":\"2026-01-06T02:20:16+00:00\",\"description\":\"Nossa Shelf LED Screen S\u00e9rie TCL oferece altern\u00e2ncia inovadora entre horizontal e vertical, design fino e pixel pitch personaliz\u00e1vel. Perfeita para prateleiras de varejo e solu\u00e7\u00f5es de display inteligente. Entre em contato para obter pre\u00e7os de atacado.\",\"breadcrumb\":{\"@id\":\"https:\\\/\\\/www.telaled.com\\\/fabrica\\\/shelf-led-screen-serie-tcl\\\/#breadcrumb\"},\"inLanguage\":\"tr\",\"potentialAction\":[{\"@type\":\"ReadAction\",\"target\":[\"https:\\\/\\\/www.telaled.com\\\/fabrica\\\/shelf-led-screen-serie-tcl\\\/\"]}]},{\"@type\":\"ImageObject\",\"inLanguage\":\"tr\",\"@id\":\"https:\\\/\\\/www.telaled.com\\\/fabrica\\\/shelf-led-screen-serie-tcl\\\/#primaryimage\",\"url\":\"https:\\\/\\\/www.telaled.com\\\/wp-content\\\/uploads\\\/2025\\\/09\\\/Shelf-LED-Screen-Serie-TCL.webp\",\"contentUrl\":\"https:\\\/\\\/www.telaled.com\\\/wp-content\\\/uploads\\\/2025\\\/09\\\/Shelf-LED-Screen-Serie-TCL.webp\",\"width\":500,\"height\":500,\"caption\":\"Shelf-LED-Screen-S\u00e9rie-TCL\"},{\"@type\":\"BreadcrumbList\",\"@id\":\"https:\\\/\\\/www.telaled.com\\\/fabrica\\\/shelf-led-screen-serie-tcl\\\/#breadcrumb\",\"itemListElement\":[{\"@type\":\"ListItem\",\"position\":1,\"name\":\"Home\",\"item\":\"https:\\\/\\\/www.telaled.com\\\/\"},{\"@type\":\"ListItem\",\"position\":2,\"name\":\"Produtos\",\"item\":\"https:\\\/\\\/www.telaled.com\\\/shop\\\/\"},{\"@type\":\"ListItem\",\"position\":3,\"name\":\"Shelf LED Screen S\u00e9rie TCL\"}]},{\"@type\":\"WebSite\",\"@id\":\"https:\\\/\\\/www.telaled.com\\\/#website\",\"url\":\"https:\\\/\\\/www.telaled.com\\\/\",\"name\":\"TELALED\",\"description\":\"\",\"potentialAction\":[{\"@type\":\"SearchAction\",\"target\":{\"@type\":\"EntryPoint\",\"urlTemplate\":\"https:\\\/\\\/www.telaled.com\\\/?s={search_term_string}\"},\"query-input\":{\"@type\":\"PropertyValueSpecification\",\"valueRequired\":true,\"valueName\":\"search_term_string\"}}],\"inLanguage\":\"tr\"}]}<\/script>\n<!-- \/ Yoast SEO plugin. -->","yoast_head_json":{"title":"TCL Serisi LED Raf Ekran\u0131 | Perakende \u0130\u00e7in \u00d6zel LED Ekran | TELALED","description":"TCL Serisi Raf LED Ekran\u0131m\u0131z, yenilik\u00e7i yatay ve dikey ge\u00e7i\u015f \u00f6zelli\u011fi, ince tasar\u0131m\u0131 ve \u00f6zelle\u015ftirilebilir piksel aral\u0131\u011f\u0131 sunar. Perakende raf sistemleri ve ak\u0131ll\u0131 ekran \u00e7\u00f6z\u00fcmleri i\u00e7in m\u00fckemmeldir. Toptan fiyatland\u0131rma i\u00e7in bizimle ileti\u015fime ge\u00e7in.","robots":{"index":"index","follow":"follow","max-snippet":"max-snippet:-1","max-image-preview":"max-image-preview:large","max-video-preview":"max-video-preview:-1"},"canonical":"https:\/\/www.telaled.com\/tr\/fabrica\/shelf-led-screen-serie-tcl\/","og_locale":"tr_TR","og_type":"article","og_title":"Shelf LED Screen S\u00e9rie TCL | Tela LED Personalizada para Varejo | TELALED","og_description":"Nossa Shelf LED Screen S\u00e9rie TCL oferece altern\u00e2ncia inovadora entre horizontal e vertical, design fino e pixel pitch personaliz\u00e1vel. Perfeita para prateleiras de varejo e solu\u00e7\u00f5es de display inteligente. Entre em contato para obter pre\u00e7os de atacado.","og_url":"https:\/\/www.telaled.com\/tr\/fabrica\/shelf-led-screen-serie-tcl\/","og_site_name":"TELALED","article_modified_time":"2026-01-06T02:20:16+00:00","og_image":[{"width":500,"height":500,"url":"https:\/\/www.telaled.com\/wp-content\/uploads\/2025\/09\/Shelf-LED-Screen-Serie-TCL.webp","type":"image\/webp"}],"twitter_card":"summary_large_image","twitter_misc":{"Est. reading time":"3 dakika"},"schema":{"@context":"https:\/\/schema.org","@graph":[{"@type":"WebPage","@id":"https:\/\/www.telaled.com\/fabrica\/shelf-led-screen-serie-tcl\/","url":"https:\/\/www.telaled.com\/fabrica\/shelf-led-screen-serie-tcl\/","name":"TCL Serisi LED Raf Ekran\u0131 | Perakende \u0130\u00e7in \u00d6zel LED Ekran | TELALED","isPartOf":{"@id":"https:\/\/www.telaled.com\/#website"},"primaryImageOfPage":{"@id":"https:\/\/www.telaled.com\/fabrica\/shelf-led-screen-serie-tcl\/#primaryimage"},"image":{"@id":"https:\/\/www.telaled.com\/fabrica\/shelf-led-screen-serie-tcl\/#primaryimage"},"thumbnailUrl":"https:\/\/www.telaled.com\/wp-content\/uploads\/2025\/09\/Shelf-LED-Screen-Serie-TCL.webp","datePublished":"2025-09-17T01:29:01+00:00","dateModified":"2026-01-06T02:20:16+00:00","description":"TCL Serisi Raf LED Ekran\u0131m\u0131z, yenilik\u00e7i yatay ve dikey ge\u00e7i\u015f \u00f6zelli\u011fi, ince tasar\u0131m\u0131 ve \u00f6zelle\u015ftirilebilir piksel aral\u0131\u011f\u0131 sunar. Perakende raf sistemleri ve ak\u0131ll\u0131 ekran \u00e7\u00f6z\u00fcmleri i\u00e7in m\u00fckemmeldir. Toptan fiyatland\u0131rma i\u00e7in bizimle ileti\u015fime ge\u00e7in.","breadcrumb":{"@id":"https:\/\/www.telaled.com\/fabrica\/shelf-led-screen-serie-tcl\/#breadcrumb"},"inLanguage":"tr","potentialAction":[{"@type":"ReadAction","target":["https:\/\/www.telaled.com\/fabrica\/shelf-led-screen-serie-tcl\/"]}]},{"@type":"ImageObject","inLanguage":"tr","@id":"https:\/\/www.telaled.com\/fabrica\/shelf-led-screen-serie-tcl\/#primaryimage","url":"https:\/\/www.telaled.com\/wp-content\/uploads\/2025\/09\/Shelf-LED-Screen-Serie-TCL.webp","contentUrl":"https:\/\/www.telaled.com\/wp-content\/uploads\/2025\/09\/Shelf-LED-Screen-Serie-TCL.webp","width":500,"height":500,"caption":"Shelf-LED-Screen-S\u00e9rie-TCL"},{"@type":"BreadcrumbList","@id":"https:\/\/www.telaled.com\/fabrica\/shelf-led-screen-serie-tcl\/#breadcrumb","itemListElement":[{"@type":"ListItem","position":1,"name":"Home","item":"https:\/\/www.telaled.com\/"},{"@type":"ListItem","position":2,"name":"Produtos","item":"https:\/\/www.telaled.com\/shop\/"},{"@type":"ListItem","position":3,"name":"Shelf LED Screen S\u00e9rie TCL"}]},{"@type":"WebSite","@id":"https:\/\/www.telaled.com\/#website","url":"https:\/\/www.telaled.com\/","name":"LED Ekran","description":"","potentialAction":[{"@type":"SearchAction","target":{"@type":"EntryPoint","urlTemplate":"https:\/\/www.telaled.com\/?s={search_term_string}"},"query-input":{"@type":"PropertyValueSpecification","valueRequired":true,"valueName":"search_term_string"}}],"inLanguage":"tr"}]}},"_links":{"self":[{"href":"https:\/\/www.telaled.com\/tr\/wp-json\/wp\/v2\/product\/3349","targetHints":{"allow":["GET"]}}],"collection":[{"href":"https:\/\/www.telaled.com\/tr\/wp-json\/wp\/v2\/product"}],"about":[{"href":"https:\/\/www.telaled.com\/tr\/wp-json\/wp\/v2\/types\/product"}],"wp:featuredmedia":[{"embeddable":true,"href":"https:\/\/www.telaled.com\/tr\/wp-json\/wp\/v2\/media\/3350"}],"wp:attachment":[{"href":"https:\/\/www.telaled.com\/tr\/wp-json\/wp\/v2\/media?parent=3349"}],"wp:term":[{"taxonomy":"product_brand","embeddable":true,"href":"https:\/\/www.telaled.com\/tr\/wp-json\/wp\/v2\/product_brand?post=3349"},{"taxonomy":"product_cat","embeddable":true,"href":"https:\/\/www.telaled.com\/tr\/wp-json\/wp\/v2\/product_cat?post=3349"},{"taxonomy":"product_tag","embeddable":true,"href":"https:\/\/www.telaled.com\/tr\/wp-json\/wp\/v2\/product_tag?post=3349"}],"curies":[{"name":"wp","href":"https:\/\/api.w.org\/{rel}","templated":true}]}}