{"id":3315,"date":"2025-09-15T06:11:40","date_gmt":"2025-09-15T06:11:40","guid":{"rendered":"https:\/\/www.telaled.com\/?post_type=product&#038;p=3315"},"modified":"2026-01-06T01:49:24","modified_gmt":"2026-01-06T01:49:24","slug":"cola-can-led-display-serie-tcj","status":"publish","type":"product","link":"https:\/\/www.telaled.com\/tr\/fabrica\/cola-can-led-display-serie-tcj\/","title":{"rendered":"Kola Kutusu \u015eeklinde LED Ekran TCJ Serisi"},"content":{"rendered":"<div class=\"row\"  id=\"row-1043709132\">\n\n\t<div id=\"col-33431067\" class=\"col small-12 large-12\"  >\n\t\t\t\t<div class=\"col-inner\"  >\n\t\t\t\n\t\t\t\n<h2>TCJ Serisi Kola Kutusu LED Ekran\u0131n\u0131n \u00d6zel Avantajlar\u0131<\/h2>\n<h3><strong>\u00dcst\u00fcn Dayan\u0131kl\u0131l\u0131k<\/strong><\/h3>\n<ul>\n<li>Y\u00fcksek hassasiyetli kabin yap\u0131s\u0131yla \u00fcretilmi\u015ftir.<\/li>\n<li>M\u00fckemmel bir dayan\u0131kl\u0131l\u0131k ve istikrar sa\u011flar.<\/li>\n<li>Uzun s\u00fcreli g\u00fcvenilirlik i\u00e7in etkili \u0131s\u0131 da\u011f\u0131t\u0131m\u0131yla tasarlanm\u0131\u015ft\u0131r.<\/li>\n<\/ul>\n<h3><strong>Ola\u011fan\u00fcst\u00fc G\u00f6rsel Kalite<\/strong><\/h3>\n<ul>\n<li>Keskin g\u00f6r\u00fcnt\u00fcler i\u00e7in 112 x 560 piksel yo\u011funlu\u011fu.<\/li>\n<li>B\u00fcy\u00fck ekran (713 mm \u00e7ap x 1270 mm y\u00fckseklik).<\/li>\n<li>Canl\u0131, net ve ger\u00e7ek\u00e7i bir yap\u0131m sunumu sa\u011fl\u0131yor.<\/li>\n<\/ul>\n<h3><strong>Tam Uyarlanabilirlik<\/strong><\/h3>\n<ul>\n<li>Benzersiz bir g\u00f6rsel kimlik i\u00e7in teneke kutu format\u0131nda yarat\u0131c\u0131 tasar\u0131m.<\/li>\n<li>Restoran, i\u00e7ecek ve \u015farap promosyonlar\u0131nda esnek kullan\u0131m.<\/li>\n<li>Farkl\u0131 ortamlara ve uygulamalara kolayca uyum sa\u011flar.<\/li>\n<\/ul>\n<h3><strong>Kapsaml\u0131 Destek<\/strong><\/h3>\n<ul>\n<li>7\/24 Uzaktan Teknik Destek: Uzman yard\u0131m\u0131na istedi\u011finiz zaman, istedi\u011finiz yerden ula\u015f\u0131n.<\/li>\n<li>5% yedek par\u00e7a dahildir: Her sipari\u015f, g\u00fcvenilirli\u011fi art\u0131rmak ve g\u00f6n\u00fcl rahatl\u0131\u011f\u0131 sa\u011flamak i\u00e7in ek bile\u015fenler i\u00e7erir.<\/li>\n<li>3 Y\u0131l Uzat\u0131lm\u0131\u015f Garanti: Daha iyi performans ve g\u00fcvenilir hizmet i\u00e7in uzun vadeli entegrasyondan yararlan\u0131n.<\/li>\n<\/ul>\n<h2>\u00dcr\u00fcn detaylar\u0131<\/h2>\n<div class=\"row\"  id=\"row-1021552608\">\n\n\t<div id=\"col-1004227695\" class=\"col medium-10 small-12 large-10\"  >\n\t\t\t\t<div class=\"col-inner text-left\"  >\n\t\t\t\n\t\t\t\n<ul>\n<li>TCJ Serisi LED Ekranl\u0131 Kola Kutusu, cesur silindirik tasar\u0131m\u0131yla dikkat \u00e7ekiyor. D\u00fcz ekranlar\u0131n aksine, an\u0131nda tan\u0131nabilir ve g\u00f6z ard\u0131 edilemez, b\u00f6ylece mesaj\u0131n\u0131z \u00f6ne \u00e7\u0131kar. <a href=\"https:\/\/www.telaled.com\/tr\/telao-de-led-para-eventos\/\">olaylar<\/a>, ma\u011fazalar ve spor tesisleri.<\/li>\n<\/ul>\n\t<div class=\"img has-hover x md-x lg-x y md-y lg-y\" id=\"image_2138614487\">\n\t\t\t\t\t\t\t\t<div class=\"img-inner dark\" >\n\t\t\t<img loading=\"lazy\" decoding=\"async\" width=\"640\" height=\"430\" src=\"https:\/\/www.telaled.com\/wp-content\/uploads\/2025\/09\/Aparencia-unica-e-criativa.webp\" class=\"attachment-original size-original\" alt=\"E\u015fsiz ve yarat\u0131c\u0131 g\u00f6r\u00fcn\u00fcm\" srcset=\"https:\/\/www.telaled.com\/wp-content\/uploads\/2025\/09\/Aparencia-unica-e-criativa.webp 640w, https:\/\/www.telaled.com\/wp-content\/uploads\/2025\/09\/Aparencia-unica-e-criativa-300x202.webp 300w, https:\/\/www.telaled.com\/wp-content\/uploads\/2025\/09\/Aparencia-unica-e-criativa-18x12.webp 18w, https:\/\/www.telaled.com\/wp-content\/uploads\/2025\/09\/Aparencia-unica-e-criativa-600x403.webp 600w\" sizes=\"auto, (max-width: 640px) 100vw, 640px\" \/>\t\t\t\t\t\t\n\t\t\t\t\t<\/div>\n\t\t\t\t\t\t\t\t\n<style>\n#image_2138614487 {\n  width: 95%;\n}\n<\/style>\n\t<\/div>\n\t\n<ul>\n<li>TCJ Kola Kutusu LED Ekran Serisi, esneklik sunmak \u00fczere geli\u015ftirilmi\u015ftir. Mod\u00fcler tasar\u0131m\u0131, herhangi bir alana veya ortama uyum sa\u011flamak i\u00e7in ekleme ve \u015fekillendirmeye olanak tan\u0131r. H\u0131zl\u0131 mod\u00fcl de\u011fi\u015fimleri sayesinde kurulum ve bak\u0131m h\u0131zl\u0131d\u0131r, bu da maliyetleri ve ar\u0131za s\u00fcrelerini azalt\u0131r. Bu uyarlanabilirlik, onu \u00e7e\u015fitli uygulamalar i\u00e7in ak\u0131ll\u0131 bir se\u00e7im haline getirir.<\/li>\n<\/ul>\n\t\t<\/div>\n\t\t\t\t\t<\/div>\n\n\t\n\n\t<div id=\"col-2132379330\" class=\"col medium-10 small-12 large-10\"  >\n\t\t\t\t<div class=\"col-inner text-left\"  >\n\t\t\t\n\t\t\t\n\t<div class=\"img has-hover x md-x lg-x y md-y lg-y\" id=\"image_637640788\">\n\t\t\t\t\t\t\t\t<div class=\"img-inner dark\" >\n\t\t\t<img loading=\"lazy\" decoding=\"async\" width=\"640\" height=\"430\" src=\"https:\/\/www.telaled.com\/wp-content\/uploads\/2025\/09\/Flexibilidade-personalizada-e-instalacao-simples.webp\" class=\"attachment-large size-large\" alt=\"\" srcset=\"https:\/\/www.telaled.com\/wp-content\/uploads\/2025\/09\/Flexibilidade-personalizada-e-instalacao-simples.webp 640w, https:\/\/www.telaled.com\/wp-content\/uploads\/2025\/09\/Flexibilidade-personalizada-e-instalacao-simples-300x202.webp 300w, https:\/\/www.telaled.com\/wp-content\/uploads\/2025\/09\/Flexibilidade-personalizada-e-instalacao-simples-18x12.webp 18w, https:\/\/www.telaled.com\/wp-content\/uploads\/2025\/09\/Flexibilidade-personalizada-e-instalacao-simples-600x403.webp 600w\" sizes=\"auto, (max-width: 640px) 100vw, 640px\" \/>\t\t\t\t\t\t\n\t\t\t\t\t<\/div>\n\t\t\t\t\t\t\t\t\n<style>\n#image_637640788 {\n  width: 95%;\n}\n<\/style>\n\t<\/div>\n\t\n<ul>\n<li>TCJ Serisi Kola Kutusu LED Ekran\u0131, geli\u015fmi\u015f s\u00fcr\u00fcc\u00fc teknolojisi ve birinci s\u0131n\u0131f LED mod\u00fclleriyle istikrar ve g\u00fcvenilirlik sunar. Yo\u011fun kullan\u0131m ve olumsuz ko\u015fullar alt\u0131nda kusursuz performans g\u00f6sterirken, y\u00fcksek fotoelektrik verimlili\u011fi de y\u00fcksek g\u00f6r\u00fcnt\u00fc kalitesini korur. <a href=\"https:\/\/www.telaled.com\/tr\/entendendo-o-consumo-de-energia-painel-de-led-quao-eficientes-sao-os-displays-de-led-modernos\/\">enerji t\u00fcketimi<\/a> Sonu\u00e7 olarak, geleneksel ekranlara k\u0131yasla dayan\u0131kl\u0131 ve uygun maliyetli bir y\u00fckseltme elde edilmi\u015ftir.<\/li>\n<\/ul>\n\t<div class=\"img has-hover x md-x lg-x y md-y lg-y\" id=\"image_190361110\">\n\t\t\t\t\t\t\t\t<div class=\"img-inner dark\" >\n\t\t\t<img loading=\"lazy\" decoding=\"async\" width=\"640\" height=\"430\" src=\"https:\/\/www.telaled.com\/wp-content\/uploads\/2025\/09\/Confiavel-e-com-baixo-consumo-de-energia.webp\" class=\"attachment-large size-large\" alt=\"\" srcset=\"https:\/\/www.telaled.com\/wp-content\/uploads\/2025\/09\/Confiavel-e-com-baixo-consumo-de-energia.webp 640w, https:\/\/www.telaled.com\/wp-content\/uploads\/2025\/09\/Confiavel-e-com-baixo-consumo-de-energia-300x202.webp 300w, https:\/\/www.telaled.com\/wp-content\/uploads\/2025\/09\/Confiavel-e-com-baixo-consumo-de-energia-18x12.webp 18w, https:\/\/www.telaled.com\/wp-content\/uploads\/2025\/09\/Confiavel-e-com-baixo-consumo-de-energia-600x403.webp 600w\" sizes=\"auto, (max-width: 640px) 100vw, 640px\" \/>\t\t\t\t\t\t\n\t\t\t\t\t<\/div>\n\t\t\t\t\t\t\t\t\n<style>\n#image_190361110 {\n  width: 95%;\n}\n<\/style>\n\t<\/div>\n\t\n\t\t<\/div>\n\t\t\t\t\t<\/div>\n\n\t\n\n\t<div id=\"col-1553448338\" class=\"col medium-10 small-12 large-10\"  >\n\t\t\t\t<div class=\"col-inner text-left\"  >\n\t\t\t\n\t\t\t\n<ul>\n<li>TCJ Serisi LED Spot Ekranlar\u0131m\u0131z, ta\u015f\u0131ma s\u0131ras\u0131nda korunmalar\u0131 i\u00e7in g\u00fc\u00e7lendirilmi\u015f ah\u015fap kasalarda paketlenir. Her bir \u00fcnite, ha\u015ferelerden, darbelerden ve di\u011fer tehlikelerden kaynaklanan hasar\u0131 \u00f6nlemek i\u00e7in g\u00fcvenli bir \u015fekilde paketlenir. Bu, dayan\u0131kl\u0131l\u0131\u011f\u0131 ve g\u00fcvenli teslimat\u0131 sa\u011flar.<\/li>\n<\/ul>\n\t<div class=\"img has-hover x md-x lg-x y md-y lg-y\" id=\"image_1648715239\">\n\t\t\t\t\t\t\t\t<div class=\"img-inner dark\" >\n\t\t\t<img loading=\"lazy\" decoding=\"async\" width=\"760\" height=\"1024\" src=\"https:\/\/www.telaled.com\/wp-content\/uploads\/2025\/08\/36123f2c-de60-488d-af81-255cd4aee54a-760x1024.webp\" class=\"attachment-large size-large\" alt=\"\" srcset=\"https:\/\/www.telaled.com\/wp-content\/uploads\/2025\/08\/36123f2c-de60-488d-af81-255cd4aee54a-760x1024.webp 760w, https:\/\/www.telaled.com\/wp-content\/uploads\/2025\/08\/36123f2c-de60-488d-af81-255cd4aee54a-223x300.webp 223w, https:\/\/www.telaled.com\/wp-content\/uploads\/2025\/08\/36123f2c-de60-488d-af81-255cd4aee54a-768x1035.webp 768w, https:\/\/www.telaled.com\/wp-content\/uploads\/2025\/08\/36123f2c-de60-488d-af81-255cd4aee54a-9x12.webp 9w, https:\/\/www.telaled.com\/wp-content\/uploads\/2025\/08\/36123f2c-de60-488d-af81-255cd4aee54a-600x808.webp 600w, https:\/\/www.telaled.com\/wp-content\/uploads\/2025\/08\/36123f2c-de60-488d-af81-255cd4aee54a.webp 795w\" sizes=\"auto, (max-width: 760px) 100vw, 760px\" \/>\t\t\t\t\t\t\n\t\t\t\t\t<\/div>\n\t\t\t\t\t\t\t\t\n<style>\n#image_1648715239 {\n  width: 95%;\n}\n<\/style>\n\t<\/div>\n\t\n\n<table id=\"tablepress-77\" class=\"tablepress tablepress-id-77\">\n<thead>\n<tr class=\"row-1\">\n\t<th class=\"column-1\">\u00d6zellikler ve Mod<\/th><th class=\"column-2\">TCI-P2LED<\/th>\n<\/tr>\n<\/thead>\n<tbody class=\"row-striping row-hover\">\n<tr class=\"row-2\">\n\t<td class=\"column-1\">Piksel<\/td><td class=\"column-2\">1120 puan x 560 puan<\/td>\n<\/tr>\n<tr class=\"row-3\">\n\t<td class=\"column-1\">G\u00fcncelleme<\/td><td class=\"column-2\">3840 Hz<\/td>\n<\/tr>\n<tr class=\"row-4\">\n\t<td class=\"column-1\">Boyut<\/td><td class=\"column-2\">\u00c7ap 713 mm x y\u00fckseklik 1270 mm<\/td>\n<\/tr>\n<tr class=\"row-5\">\n\t<td class=\"column-1\">Kontrol Sistemi: <\/td><td class=\"column-2\">MB2 Oynatma Kutusu<\/td>\n<\/tr>\n<tr class=\"row-6\">\n\t<td class=\"column-1\"><\/td><td class=\"column-2\">\u0130\u015flemci: D\u00f6rt \u00e7ekirdekli CPU + GPU<\/td>\n<\/tr>\n<tr class=\"row-7\">\n\t<td class=\"column-1\"><\/td><td class=\"column-2\">Bellek: 1 GB y\u00fcksek h\u0131zl\u0131 DDR3<\/td>\n<\/tr>\n<tr class=\"row-8\">\n\t<td class=\"column-1\"><\/td><td class=\"column-2\">Flash depolama: 8 GB y\u00fcksek h\u0131zl\u0131 eMMC<\/td>\n<\/tr>\n<tr class=\"row-9\">\n\t<td class=\"column-1\"><\/td><td class=\"column-2\">Depolama \u00e7\u00f6z\u00fcn\u00fcrl\u00fc\u011f\u00fc: 1080p PHD kod \u00e7\u00f6zme ve oynatmay\u0131 destekler.<\/td>\n<\/tr>\n<tr class=\"row-10\">\n\t<td class=\"column-1\">A\u011f ileti\u015fimi: LAN\/WiFi\/4G a\u011f program b\u00f6l\u00fcm\u00fc. Herhangi bir Windows program b\u00f6l\u00fcm\u00fcn\u00fc ve herhangi bir Windows katman\u0131n\u0131 destekler. Video formatlar\u0131: MPG, MOV, MP4, MKV ve di\u011fer yayg\u0131n video formatlar\u0131. Ses: MPEG-1 Layer III, AAC ve di\u011fer g\u00f6r\u00fcnt\u00fc formatlar\u0131, JPG, PNG, GIF vb. destekler.<\/td><td class=\"column-2\"><\/td>\n<\/tr>\n<tr class=\"row-11\">\n\t<td class=\"column-1\">G\u00fc\u00e7 Kayna\u011f\u0131 Modu: <\/td><td class=\"column-2\">110-220 V<\/td>\n<\/tr>\n<tr class=\"row-12\">\n\t<td class=\"column-1\">Maksimum G\u00fc\u00e7: <\/td><td class=\"column-2\">1200 W<\/td>\n<\/tr>\n<tr class=\"row-13\">\n\t<td class=\"column-1\">Ortalama G\u00fc\u00e7: <\/td><td class=\"column-2\">600 W<\/td>\n<\/tr>\n<tr class=\"row-14\">\n\t<td class=\"column-1\">Net a\u011f\u0131rl\u0131\u011f\u0131: <\/td><td class=\"column-2\">75 kg\/adet<\/td>\n<\/tr>\n<tr class=\"row-15\">\n\t<td class=\"column-1\">Br\u00fct a\u011f\u0131rl\u0131k<\/td><td class=\"column-2\">120 kg\/adet<\/td>\n<\/tr>\n<tr class=\"row-16\">\n\t<td class=\"column-1\">Ah\u015fap sand\u0131k ambalaj\u0131n\u0131n boyutlar\u0131<\/td><td class=\"column-2\">820 mm x 820 mm x 1500 mm<\/td>\n<\/tr>\n<\/tbody>\n<\/table>\n<!-- #tablepress-77 from cache -->\n\t\t<\/div>\n\t\t\t\t\t<\/div>\n\n\t\n<\/div>\n\t\t<\/div>\n\t\t\t\t\t<\/div>\n\n\t\n<\/div>","protected":false},"excerpt":{"rendered":"<p><strong>TCJ Serisi LED Ekran, Silindirik Kal\u0131p LED Ekran<\/strong><\/p>\n<p>\u00dcr\u00fcnlerinizi ger\u00e7ek\u00e7i bir konserve format\u0131nda \u00fcretmek \u00fczere tasarlanm\u0131\u015ft\u0131r, bu da restoranlar i\u00e7in cazip bir \u00e7\u00f6z\u00fcm haline getirir., <a href=\"https:\/\/www.telaled.com\/tr\/painel-de-led-para-loja\/\">ma\u011fazalar<\/a> i\u00e7eceklerin, markalar\u0131n ve <a href=\"https:\/\/www.telaled.com\/tr\/painel-de-led-para-eventos\/\">olaylar<\/a> Tan\u0131t\u0131m ama\u00e7l\u0131 ekranlar. 713 mm \u00e7ap\u0131nda ve 1270 mm y\u00fcksekli\u011finde olan bu ekran, yarat\u0131c\u0131l\u0131\u011f\u0131, esnekli\u011fi ve y\u00fcksek \u00e7\u00f6z\u00fcn\u00fcrl\u00fckl\u00fc performans\u0131 bir araya getiriyor.<\/p>\n<p><strong>Ba\u015fl\u0131ca \u00f6zellikler:<\/strong><\/p>\n<ul>\n<li><strong>Konserve format\u0131nda ger\u00e7ek\u00e7i tasar\u0131m:<\/strong> \u00dcr\u00fcn\u00fcn birebir ayn\u0131s\u0131n\u0131 \u00fcreterek g\u00fc\u00e7l\u00fc bir marka etkisi yarat\u0131r.<\/li>\n<li><strong>Y\u00fcksek \u00e7\u00f6z\u00fcn\u00fcrl\u00fckl\u00fc ekran:<\/strong> A <a href=\"https:\/\/www.telaled.com\/tr\/densidade-de-pixels-em-telas-de-led-e-lcd\/\">piksel yo\u011funlu\u011fu<\/a> 1120 x 560 \u00e7\u00f6z\u00fcn\u00fcrl\u00fck, net ve canl\u0131 g\u00f6r\u00fcnt\u00fcler sa\u011flar.<\/li>\n<li><strong>Yarat\u0131c\u0131 ve esnek kullan\u0131m:<\/strong> Restoranlardan i\u00e7ecek promosyonlar\u0131na kadar \u00e7ok \u00e7e\u015fitli uygulamalara uyum sa\u011flar.<\/li>\n<li><strong>Dikkat \u00e7eken boyutlar:<\/strong> Geni\u015f format\u0131 (713 mm \u00e7ap x 1270 mm y\u00fckseklik) m\u00fc\u015fterilerin dikkatini \u00e7ekiyor.<\/li>\n<\/ul>\n<p>Ekibimiz 7\/24 uzaktan destek ve 3 y\u0131l garanti sunmaktad\u0131r. Ki\u015fiselle\u015ftirilmi\u015f fiyat teklifi i\u00e7in bug\u00fcn bizimle ileti\u015fime ge\u00e7in.<\/p>","protected":false},"featured_media":3316,"template":"","meta":[],"product_brand":[],"product_cat":[48,40,46],"product_tag":[],"class_list":{"0":"post-3315","1":"product","2":"type-product","3":"status-publish","4":"has-post-thumbnail","6":"product_cat-paineis-personalizados","7":"product_cat-painel-de-led","8":"product_cat-painel-de-video","10":"first","11":"instock","12":"shipping-taxable","13":"product-type-simple"},"yoast_head":"<!-- This site is optimized with the Yoast SEO plugin v27.4 - https:\/\/yoast.com\/product\/yoast-seo-wordpress\/ -->\n<title>Cola Can LED Display S\u00e9rie TCJ | Tela LED Criativa em Formato de Lata 3D TELALED<\/title>\n<meta name=\"description\" content=\"Cola Can LED Display S\u00e9rie TCJ - A tela de LED 3D em formato de lata proporciona visuais v\u00edvidos, ideal para restaurantes, marcas de bebidas e promo\u00e7\u00f5es de varejo. Tamanhos personalizados e instala\u00e7\u00e3o flex\u00edvel dispon\u00edveis.\" \/>\n<meta name=\"robots\" content=\"index, follow, max-snippet:-1, max-image-preview:large, max-video-preview:-1\" \/>\n<link rel=\"canonical\" href=\"https:\/\/www.telaled.com\/tr\/fabrica\/cola-can-led-display-serie-tcj\/\" \/>\n<meta property=\"og:locale\" content=\"tr_TR\" \/>\n<meta property=\"og:type\" content=\"article\" \/>\n<meta property=\"og:title\" content=\"Cola Can LED Display S\u00e9rie TCJ | Tela LED Criativa em Formato de Lata 3D TELALED\" \/>\n<meta property=\"og:description\" content=\"Cola Can LED Display S\u00e9rie TCJ - A tela de LED 3D em formato de lata proporciona visuais v\u00edvidos, ideal para restaurantes, marcas de bebidas e promo\u00e7\u00f5es de varejo. Tamanhos personalizados e instala\u00e7\u00e3o flex\u00edvel dispon\u00edveis.\" \/>\n<meta property=\"og:url\" content=\"https:\/\/www.telaled.com\/tr\/fabrica\/cola-can-led-display-serie-tcj\/\" \/>\n<meta property=\"og:site_name\" content=\"TELALED\" \/>\n<meta property=\"article:modified_time\" content=\"2026-01-06T01:49:24+00:00\" \/>\n<meta property=\"og:image\" content=\"https:\/\/www.telaled.com\/wp-content\/uploads\/2025\/09\/Cola-Can-LED-Display-1.webp\" \/>\n\t<meta property=\"og:image:width\" content=\"500\" \/>\n\t<meta property=\"og:image:height\" content=\"500\" \/>\n\t<meta property=\"og:image:type\" content=\"image\/webp\" \/>\n<meta name=\"twitter:card\" content=\"summary_large_image\" \/>\n<meta name=\"twitter:label1\" content=\"Est. reading time\" \/>\n\t<meta name=\"twitter:data1\" content=\"3 dakika\" \/>\n<script type=\"application\/ld+json\" class=\"yoast-schema-graph\">{\"@context\":\"https:\\\/\\\/schema.org\",\"@graph\":[{\"@type\":\"WebPage\",\"@id\":\"https:\\\/\\\/www.telaled.com\\\/fabrica\\\/cola-can-led-display-serie-tcj\\\/\",\"url\":\"https:\\\/\\\/www.telaled.com\\\/fabrica\\\/cola-can-led-display-serie-tcj\\\/\",\"name\":\"Cola Can LED Display S\u00e9rie TCJ | Tela LED Criativa em Formato de Lata 3D TELALED\",\"isPartOf\":{\"@id\":\"https:\\\/\\\/www.telaled.com\\\/#website\"},\"primaryImageOfPage\":{\"@id\":\"https:\\\/\\\/www.telaled.com\\\/fabrica\\\/cola-can-led-display-serie-tcj\\\/#primaryimage\"},\"image\":{\"@id\":\"https:\\\/\\\/www.telaled.com\\\/fabrica\\\/cola-can-led-display-serie-tcj\\\/#primaryimage\"},\"thumbnailUrl\":\"https:\\\/\\\/www.telaled.com\\\/wp-content\\\/uploads\\\/2025\\\/09\\\/Cola-Can-LED-Display-1.webp\",\"datePublished\":\"2025-09-15T06:11:40+00:00\",\"dateModified\":\"2026-01-06T01:49:24+00:00\",\"description\":\"Cola Can LED Display S\u00e9rie TCJ - A tela de LED 3D em formato de lata proporciona visuais v\u00edvidos, ideal para restaurantes, marcas de bebidas e promo\u00e7\u00f5es de varejo. Tamanhos personalizados e instala\u00e7\u00e3o flex\u00edvel dispon\u00edveis.\",\"breadcrumb\":{\"@id\":\"https:\\\/\\\/www.telaled.com\\\/fabrica\\\/cola-can-led-display-serie-tcj\\\/#breadcrumb\"},\"inLanguage\":\"tr\",\"potentialAction\":[{\"@type\":\"ReadAction\",\"target\":[\"https:\\\/\\\/www.telaled.com\\\/fabrica\\\/cola-can-led-display-serie-tcj\\\/\"]}]},{\"@type\":\"ImageObject\",\"inLanguage\":\"tr\",\"@id\":\"https:\\\/\\\/www.telaled.com\\\/fabrica\\\/cola-can-led-display-serie-tcj\\\/#primaryimage\",\"url\":\"https:\\\/\\\/www.telaled.com\\\/wp-content\\\/uploads\\\/2025\\\/09\\\/Cola-Can-LED-Display-1.webp\",\"contentUrl\":\"https:\\\/\\\/www.telaled.com\\\/wp-content\\\/uploads\\\/2025\\\/09\\\/Cola-Can-LED-Display-1.webp\",\"width\":500,\"height\":500,\"caption\":\"Cola-Can-LED-Display (1)\"},{\"@type\":\"BreadcrumbList\",\"@id\":\"https:\\\/\\\/www.telaled.com\\\/fabrica\\\/cola-can-led-display-serie-tcj\\\/#breadcrumb\",\"itemListElement\":[{\"@type\":\"ListItem\",\"position\":1,\"name\":\"Home\",\"item\":\"https:\\\/\\\/www.telaled.com\\\/\"},{\"@type\":\"ListItem\",\"position\":2,\"name\":\"Produtos\",\"item\":\"https:\\\/\\\/www.telaled.com\\\/shop\\\/\"},{\"@type\":\"ListItem\",\"position\":3,\"name\":\"Cola Can LED Display S\u00e9rie TCJ\"}]},{\"@type\":\"WebSite\",\"@id\":\"https:\\\/\\\/www.telaled.com\\\/#website\",\"url\":\"https:\\\/\\\/www.telaled.com\\\/\",\"name\":\"TELALED\",\"description\":\"\",\"potentialAction\":[{\"@type\":\"SearchAction\",\"target\":{\"@type\":\"EntryPoint\",\"urlTemplate\":\"https:\\\/\\\/www.telaled.com\\\/?s={search_term_string}\"},\"query-input\":{\"@type\":\"PropertyValueSpecification\",\"valueRequired\":true,\"valueName\":\"search_term_string\"}}],\"inLanguage\":\"tr\"}]}<\/script>\n<!-- \/ Yoast SEO plugin. -->","yoast_head_json":{"title":"Kola Kutusu \u015eeklinde LED Ekran TCJ Serisi | Yarat\u0131c\u0131 3D Kutu \u015eeklinde LED Ekran TELALED","description":"Kola Kutusu \u015eeklinde LED Ekran TCJ Serisi - Kutu \u015feklinde tasarlanm\u0131\u015f 3 boyutlu LED ekran, restoranlar, i\u00e7ecek markalar\u0131 ve perakende promosyonlar\u0131 i\u00e7in ideal, canl\u0131 g\u00f6rseller sunar. \u00d6zel boyutlar ve esnek kurulum se\u00e7enekleri mevcuttur.","robots":{"index":"index","follow":"follow","max-snippet":"max-snippet:-1","max-image-preview":"max-image-preview:large","max-video-preview":"max-video-preview:-1"},"canonical":"https:\/\/www.telaled.com\/tr\/fabrica\/cola-can-led-display-serie-tcj\/","og_locale":"tr_TR","og_type":"article","og_title":"Cola Can LED Display S\u00e9rie TCJ | Tela LED Criativa em Formato de Lata 3D TELALED","og_description":"Cola Can LED Display S\u00e9rie TCJ - A tela de LED 3D em formato de lata proporciona visuais v\u00edvidos, ideal para restaurantes, marcas de bebidas e promo\u00e7\u00f5es de varejo. Tamanhos personalizados e instala\u00e7\u00e3o flex\u00edvel dispon\u00edveis.","og_url":"https:\/\/www.telaled.com\/tr\/fabrica\/cola-can-led-display-serie-tcj\/","og_site_name":"TELALED","article_modified_time":"2026-01-06T01:49:24+00:00","og_image":[{"width":500,"height":500,"url":"https:\/\/www.telaled.com\/wp-content\/uploads\/2025\/09\/Cola-Can-LED-Display-1.webp","type":"image\/webp"}],"twitter_card":"summary_large_image","twitter_misc":{"Est. reading time":"3 dakika"},"schema":{"@context":"https:\/\/schema.org","@graph":[{"@type":"WebPage","@id":"https:\/\/www.telaled.com\/fabrica\/cola-can-led-display-serie-tcj\/","url":"https:\/\/www.telaled.com\/fabrica\/cola-can-led-display-serie-tcj\/","name":"Kola Kutusu \u015eeklinde LED Ekran TCJ Serisi | Yarat\u0131c\u0131 3D Kutu \u015eeklinde LED Ekran TELALED","isPartOf":{"@id":"https:\/\/www.telaled.com\/#website"},"primaryImageOfPage":{"@id":"https:\/\/www.telaled.com\/fabrica\/cola-can-led-display-serie-tcj\/#primaryimage"},"image":{"@id":"https:\/\/www.telaled.com\/fabrica\/cola-can-led-display-serie-tcj\/#primaryimage"},"thumbnailUrl":"https:\/\/www.telaled.com\/wp-content\/uploads\/2025\/09\/Cola-Can-LED-Display-1.webp","datePublished":"2025-09-15T06:11:40+00:00","dateModified":"2026-01-06T01:49:24+00:00","description":"Kola Kutusu \u015eeklinde LED Ekran TCJ Serisi - Kutu \u015feklinde tasarlanm\u0131\u015f 3 boyutlu LED ekran, restoranlar, i\u00e7ecek markalar\u0131 ve perakende promosyonlar\u0131 i\u00e7in ideal, canl\u0131 g\u00f6rseller sunar. \u00d6zel boyutlar ve esnek kurulum se\u00e7enekleri mevcuttur.","breadcrumb":{"@id":"https:\/\/www.telaled.com\/fabrica\/cola-can-led-display-serie-tcj\/#breadcrumb"},"inLanguage":"tr","potentialAction":[{"@type":"ReadAction","target":["https:\/\/www.telaled.com\/fabrica\/cola-can-led-display-serie-tcj\/"]}]},{"@type":"ImageObject","inLanguage":"tr","@id":"https:\/\/www.telaled.com\/fabrica\/cola-can-led-display-serie-tcj\/#primaryimage","url":"https:\/\/www.telaled.com\/wp-content\/uploads\/2025\/09\/Cola-Can-LED-Display-1.webp","contentUrl":"https:\/\/www.telaled.com\/wp-content\/uploads\/2025\/09\/Cola-Can-LED-Display-1.webp","width":500,"height":500,"caption":"Cola-Can-LED-Display (1)"},{"@type":"BreadcrumbList","@id":"https:\/\/www.telaled.com\/fabrica\/cola-can-led-display-serie-tcj\/#breadcrumb","itemListElement":[{"@type":"ListItem","position":1,"name":"Home","item":"https:\/\/www.telaled.com\/"},{"@type":"ListItem","position":2,"name":"Produtos","item":"https:\/\/www.telaled.com\/shop\/"},{"@type":"ListItem","position":3,"name":"Cola Can LED Display S\u00e9rie TCJ"}]},{"@type":"WebSite","@id":"https:\/\/www.telaled.com\/#website","url":"https:\/\/www.telaled.com\/","name":"LED Ekran","description":"","potentialAction":[{"@type":"SearchAction","target":{"@type":"EntryPoint","urlTemplate":"https:\/\/www.telaled.com\/?s={search_term_string}"},"query-input":{"@type":"PropertyValueSpecification","valueRequired":true,"valueName":"search_term_string"}}],"inLanguage":"tr"}]}},"_links":{"self":[{"href":"https:\/\/www.telaled.com\/tr\/wp-json\/wp\/v2\/product\/3315","targetHints":{"allow":["GET"]}}],"collection":[{"href":"https:\/\/www.telaled.com\/tr\/wp-json\/wp\/v2\/product"}],"about":[{"href":"https:\/\/www.telaled.com\/tr\/wp-json\/wp\/v2\/types\/product"}],"wp:featuredmedia":[{"embeddable":true,"href":"https:\/\/www.telaled.com\/tr\/wp-json\/wp\/v2\/media\/3316"}],"wp:attachment":[{"href":"https:\/\/www.telaled.com\/tr\/wp-json\/wp\/v2\/media?parent=3315"}],"wp:term":[{"taxonomy":"product_brand","embeddable":true,"href":"https:\/\/www.telaled.com\/tr\/wp-json\/wp\/v2\/product_brand?post=3315"},{"taxonomy":"product_cat","embeddable":true,"href":"https:\/\/www.telaled.com\/tr\/wp-json\/wp\/v2\/product_cat?post=3315"},{"taxonomy":"product_tag","embeddable":true,"href":"https:\/\/www.telaled.com\/tr\/wp-json\/wp\/v2\/product_tag?post=3315"}],"curies":[{"name":"wp","href":"https:\/\/api.w.org\/{rel}","templated":true}]}}