{"id":3299,"date":"2025-09-12T05:59:46","date_gmt":"2025-09-12T05:59:46","guid":{"rendered":"https:\/\/www.telaled.com\/?post_type=product&#038;p=3299"},"modified":"2026-01-06T01:20:53","modified_gmt":"2026-01-06T01:20:53","slug":"dj-booth-led-screen-serie-tci","status":"publish","type":"product","link":"https:\/\/www.telaled.com\/tr\/fabrica\/dj-booth-led-screen-serie-tci\/","title":{"rendered":"DJ Kabini LED Ekran\u0131 TCI Serisi"},"content":{"rendered":"<div class=\"row\"  id=\"row-5289820\">\n\n\t<div id=\"col-1712799838\" class=\"col small-12 large-12\"  >\n\t\t\t\t<div class=\"col-inner\"  >\n\t\t\t\n\t\t\t\n<h2>TCI Serisi DJ Kabini LED Ekran\u0131n\u0131n \u00d6zel Avantajlar\u0131<\/h2>\n<h3><strong>\u00dcst\u00fcn Dayan\u0131kl\u0131l\u0131k<\/strong><\/h3>\n<ul>\n<li>Y\u00fcksek mukavemetli al\u00fcminyum \u00e7er\u00e7eve, hafif ancak sa\u011flam bir yap\u0131 sa\u011flar.<\/li>\n<li>Dinamik ortamlarda, g\u00fcnde 24 saat, haftada 7 g\u00fcn kesintisiz \u00e7al\u0131\u015fmaya dayanacak \u015fekilde tasarlanm\u0131\u015ft\u0131r.<\/li>\n<li>Zorlu ortamlarda uzun s\u00fcreli performans i\u00e7in idealdir.<\/li>\n<\/ul>\n<h3><strong>Ola\u011fan\u00fcst\u00fc G\u00f6rsel Kalite<\/strong><\/h3>\n<ul>\n<li>\u00c7e\u015fitli formatlar ve \u00f6zel mod\u00fcller m\u00fckemmel g\u00f6r\u00fcnt\u00fc netli\u011fi sa\u011flar.<\/li>\n<li>Canl\u0131 ve net ekran\u0131yla s\u00fcr\u00fckleyici g\u00f6rsel deneyimler sunuyor.<\/li>\n<li>Herhangi bir mekan\u0131n ambiyans\u0131n\u0131 zenginle\u015ftirir ve \u00e7arp\u0131c\u0131 bir g\u00f6rsel etki yarat\u0131r.<\/li>\n<\/ul>\n<h3><strong>Tam Uyarlanabilirlik<\/strong><\/h3>\n<ul>\n<li>\u00c7ok \u00e7e\u015fitli \u015fekil ve boyutlarda son derece \u00f6zelle\u015ftirilebilir.<\/li>\n<li>Gece kul\u00fcpleri, g\u00f6steri salonlar\u0131, televizyon st\u00fcdyolar\u0131 ve di\u011fer se\u00e7kin mekanlar i\u00e7in m\u00fckemmeldir.<\/li>\n<li>Farkl\u0131 gereksinimlere m\u00fckemmel \u015fekilde uyum sa\u011flayarak mekan\u0131n atmosferini iyile\u015ftiriyor.<\/li>\n<\/ul>\n<h3><strong>Kapsaml\u0131 Destek<\/strong><\/h3>\n<ul>\n<li>7\/24 Uzaktan Teknik Destek: Uzman yard\u0131m\u0131na istedi\u011finiz zaman, istedi\u011finiz yerden ula\u015f\u0131n.<\/li>\n<li>5% yedek par\u00e7a dahildir: Her sipari\u015f, g\u00fcvenilirli\u011fi art\u0131rmak ve g\u00f6n\u00fcl rahatl\u0131\u011f\u0131 sa\u011flamak i\u00e7in ek bile\u015fenler i\u00e7erir.<\/li>\n<li>3 Y\u0131l Uzat\u0131lm\u0131\u015f Garanti: Daha iyi performans ve g\u00fcvenilir hizmet i\u00e7in uzun vadeli entegrasyondan yararlan\u0131n.<\/li>\n<\/ul>\n<h2>\u00dcr\u00fcn detaylar\u0131<\/h2>\n<div class=\"row\"  id=\"row-768400632\">\n\n\t<div id=\"col-1362997123\" class=\"col medium-10 small-12 large-10\"  >\n\t\t\t\t<div class=\"col-inner text-left\"  >\n\t\t\t\n\t\t\t\n<ul>\n<li>Sa\u011flam, y\u00fcksek mukavemetli al\u00fcminyum \u00e7er\u00e7evesi, dayan\u0131kl\u0131l\u0131\u011f\u0131 hafif tasar\u0131mla birle\u015ftiriyor. Benzersiz yap\u0131s\u0131 sadece mukavemetini art\u0131rmakla kalm\u0131yor, ayn\u0131 zamanda her t\u00fcrl\u00fc etkinlik i\u00e7in m\u00fckemmel olan \u00e7ekici bir g\u00f6rsel g\u00f6r\u00fcn\u00fcm de kat\u0131yor. Tamamen \u00f6zelle\u015ftirilebilir olmas\u0131, her etkinli\u011fin \u00f6zel ihtiya\u00e7lar\u0131n\u0131 kar\u015f\u0131lamak i\u00e7in kolay programlamaya olanak tan\u0131yor.<\/li>\n<\/ul>\n\t<div class=\"img has-hover x md-x lg-x y md-y lg-y\" id=\"image_1417655802\">\n\t\t\t\t\t\t\t\t<div class=\"img-inner dark\" >\n\t\t\t<img loading=\"lazy\" decoding=\"async\" width=\"670\" height=\"380\" src=\"https:\/\/www.telaled.com\/wp-content\/uploads\/2025\/09\/Estrutura-de-aluminio-de-alta-resistencia-e-durabilidade.jpg\" class=\"attachment-original size-original\" alt=\"Y\u00fcksek mukavemetli ve dayan\u0131kl\u0131 al\u00fcminyum yap\u0131\" srcset=\"https:\/\/www.telaled.com\/wp-content\/uploads\/2025\/09\/Estrutura-de-aluminio-de-alta-resistencia-e-durabilidade.jpg 670w, https:\/\/www.telaled.com\/wp-content\/uploads\/2025\/09\/Estrutura-de-aluminio-de-alta-resistencia-e-durabilidade-300x170.jpg 300w, https:\/\/www.telaled.com\/wp-content\/uploads\/2025\/09\/Estrutura-de-aluminio-de-alta-resistencia-e-durabilidade-18x10.jpg 18w, https:\/\/www.telaled.com\/wp-content\/uploads\/2025\/09\/Estrutura-de-aluminio-de-alta-resistencia-e-durabilidade-600x340.jpg 600w\" sizes=\"auto, (max-width: 670px) 100vw, 670px\" \/>\t\t\t\t\t\t\n\t\t\t\t\t<\/div>\n\t\t\t\t\t\t\t\t\n<style>\n#image_1417655802 {\n  width: 95%;\n}\n<\/style>\n\t<\/div>\n\t\n<ul>\n<li>Sezgisel kontrolleri ve kullan\u0131c\u0131 dostu yaz\u0131l\u0131m\u0131yla senkron modda kusursuz performans sa\u011flar. 7\/24 \u00e7al\u0131\u015fma i\u00e7in tasarlanm\u0131\u015f olup g\u00fcvenilir ve kesintisiz performans sunar.<\/li>\n<\/ul>\n\t\t<\/div>\n\t\t\t\t\t<\/div>\n\n\t\n\n\t<div id=\"col-1308313210\" class=\"col medium-10 small-12 large-10\"  >\n\t\t\t\t<div class=\"col-inner text-left\"  >\n\t\t\t\n\t\t\t\n\t<div class=\"img has-hover x md-x lg-x y md-y lg-y\" id=\"image_289596777\">\n\t\t\t\t\t\t\t\t<div class=\"img-inner dark\" >\n\t\t\t<img loading=\"lazy\" decoding=\"async\" width=\"670\" height=\"380\" src=\"https:\/\/www.telaled.com\/wp-content\/uploads\/2025\/09\/Facil-controle-e-estabilidade.webp\" class=\"attachment-large size-large\" alt=\"Kolay kontrol ve denge\" srcset=\"https:\/\/www.telaled.com\/wp-content\/uploads\/2025\/09\/Facil-controle-e-estabilidade.webp 670w, https:\/\/www.telaled.com\/wp-content\/uploads\/2025\/09\/Facil-controle-e-estabilidade-300x170.webp 300w, https:\/\/www.telaled.com\/wp-content\/uploads\/2025\/09\/Facil-controle-e-estabilidade-18x10.webp 18w, https:\/\/www.telaled.com\/wp-content\/uploads\/2025\/09\/Facil-controle-e-estabilidade-600x340.webp 600w\" sizes=\"auto, (max-width: 670px) 100vw, 670px\" \/>\t\t\t\t\t\t\n\t\t\t\t\t<\/div>\n\t\t\t\t\t\t\t\t\n<style>\n#image_289596777 {\n  width: 95%;\n}\n<\/style>\n\t<\/div>\n\t\n<ul>\n<li>\u00c7e\u015fitli mekanlarda \u00e7ok y\u00f6nl\u00fc kullan\u0131m imkan\u0131 sunar. Gece kul\u00fcb\u00fcnde, barda, m\u00fczik festivalinde veya partide olsun, g\u00f6z al\u0131c\u0131 bir merkez par\u00e7as\u0131 g\u00f6revi g\u00f6rerek e\u011flence deneyimini zenginle\u015ftirir ve atmosferi yeni bir seviyeye ta\u015f\u0131yan unutulmaz bir dokunu\u015f katar.<\/li>\n<\/ul>\n\t<div class=\"img has-hover x md-x lg-x y md-y lg-y\" id=\"image_626796668\">\n\t\t\t\t\t\t\t\t<div class=\"img-inner dark\" >\n\t\t\t<img loading=\"lazy\" decoding=\"async\" width=\"1020\" height=\"283\" src=\"https:\/\/www.telaled.com\/wp-content\/uploads\/2025\/09\/Exibicao-de-imagem-perfeita-ampla-gama-de-aplicacoes-1024x284.webp\" class=\"attachment-large size-large\" alt=\"\" srcset=\"https:\/\/www.telaled.com\/wp-content\/uploads\/2025\/09\/Exibicao-de-imagem-perfeita-ampla-gama-de-aplicacoes-1024x284.webp 1024w, https:\/\/www.telaled.com\/wp-content\/uploads\/2025\/09\/Exibicao-de-imagem-perfeita-ampla-gama-de-aplicacoes-300x83.webp 300w, https:\/\/www.telaled.com\/wp-content\/uploads\/2025\/09\/Exibicao-de-imagem-perfeita-ampla-gama-de-aplicacoes-768x213.webp 768w, https:\/\/www.telaled.com\/wp-content\/uploads\/2025\/09\/Exibicao-de-imagem-perfeita-ampla-gama-de-aplicacoes-18x5.webp 18w, https:\/\/www.telaled.com\/wp-content\/uploads\/2025\/09\/Exibicao-de-imagem-perfeita-ampla-gama-de-aplicacoes-600x167.webp 600w, https:\/\/www.telaled.com\/wp-content\/uploads\/2025\/09\/Exibicao-de-imagem-perfeita-ampla-gama-de-aplicacoes.webp 1440w\" sizes=\"auto, (max-width: 1020px) 100vw, 1020px\" \/>\t\t\t\t\t\t\n\t\t\t\t\t<\/div>\n\t\t\t\t\t\t\t\t\n<style>\n#image_626796668 {\n  width: 95%;\n}\n<\/style>\n\t<\/div>\n\t\n\t\t<\/div>\n\t\t\t\t\t<\/div>\n\n\t\n\n\t<div id=\"col-1645777605\" class=\"col medium-10 small-12 large-10\"  >\n\t\t\t\t<div class=\"col-inner text-left\"  >\n\t\t\t\n\t\t\t\n<ul>\n<li>TCI Serisi DJ Kabini LED Ekranlar\u0131m\u0131z, ta\u015f\u0131ma s\u0131ras\u0131nda korunmalar\u0131 i\u00e7in g\u00fc\u00e7lendirilmi\u015f ah\u015fap kasalara paketlenmi\u015ftir. Her bir \u00fcnite, ha\u015ferelerden, darbelerden ve di\u011fer tehlikelerden kaynaklanan hasar\u0131 \u00f6nlemek i\u00e7in g\u00fcvenli bir \u015fekilde paketlenmi\u015ftir. Bu, dayan\u0131kl\u0131l\u0131k ve g\u00fcvenli teslimat\u0131 sa\u011flar.<\/li>\n<\/ul>\n\t<div class=\"img has-hover x md-x lg-x y md-y lg-y\" id=\"image_250888074\">\n\t\t\t\t\t\t\t\t<div class=\"img-inner dark\" >\n\t\t\t<img loading=\"lazy\" decoding=\"async\" width=\"760\" height=\"1024\" src=\"https:\/\/www.telaled.com\/wp-content\/uploads\/2025\/08\/36123f2c-de60-488d-af81-255cd4aee54a-760x1024.webp\" class=\"attachment-large size-large\" alt=\"\" srcset=\"https:\/\/www.telaled.com\/wp-content\/uploads\/2025\/08\/36123f2c-de60-488d-af81-255cd4aee54a-760x1024.webp 760w, https:\/\/www.telaled.com\/wp-content\/uploads\/2025\/08\/36123f2c-de60-488d-af81-255cd4aee54a-223x300.webp 223w, https:\/\/www.telaled.com\/wp-content\/uploads\/2025\/08\/36123f2c-de60-488d-af81-255cd4aee54a-768x1035.webp 768w, https:\/\/www.telaled.com\/wp-content\/uploads\/2025\/08\/36123f2c-de60-488d-af81-255cd4aee54a-9x12.webp 9w, https:\/\/www.telaled.com\/wp-content\/uploads\/2025\/08\/36123f2c-de60-488d-af81-255cd4aee54a-600x808.webp 600w, https:\/\/www.telaled.com\/wp-content\/uploads\/2025\/08\/36123f2c-de60-488d-af81-255cd4aee54a.webp 795w\" sizes=\"auto, (max-width: 760px) 100vw, 760px\" \/>\t\t\t\t\t\t\n\t\t\t\t\t<\/div>\n\t\t\t\t\t\t\t\t\n<style>\n#image_250888074 {\n  width: 95%;\n}\n<\/style>\n\t<\/div>\n\t\n\n<table id=\"tablepress-76\" class=\"tablepress tablepress-id-76\">\n<thead>\n<tr class=\"row-1\">\n\t<th class=\"column-1\">\u00d6\u011fe<\/th><th class=\"column-2\">TCI - P4<\/th>\n<\/tr>\n<\/thead>\n<tbody class=\"row-striping row-hover\">\n<tr class=\"row-2\">\n\t<td class=\"column-1\">Piksel noktas\u0131 kompozisyonu<\/td><td class=\"column-2\">2121 (3&#039;\u00fc 1 arada)<\/td>\n<\/tr>\n<tr class=\"row-3\">\n\t<td class=\"column-1\">Ekran yo\u011funlu\u011fu<\/td><td class=\"column-2\">62.500 nokta\/m\u00b2<\/td>\n<\/tr>\n<tr class=\"row-4\">\n\t<td class=\"column-1\">\u0130deal izleme mesafesi: (m)<\/td><td class=\"column-2\">4-100m<\/td>\n<\/tr>\n<tr class=\"row-5\">\n\t<td class=\"column-1\">En y\u00fcksek enerji t\u00fcketimi<\/td><td class=\"column-2\">800W\/m\u00b2<\/td>\n<\/tr>\n<tr class=\"row-6\">\n\t<td class=\"column-1\">Tarama y\u00f6ntemi<\/td><td class=\"column-2\">16 tarama<\/td>\n<\/tr>\n<tr class=\"row-7\">\n\t<td class=\"column-1\">Parlakl\u0131k (CD\/m\u00b2)<\/td><td class=\"column-2\">800<\/td>\n<\/tr>\n<tr class=\"row-8\">\n\t<td class=\"column-1\">G\u00f6r\u00fc\u015f a\u00e7\u0131s\u0131<\/td><td class=\"column-2\">H 260\u00b0 V 260\u00b0<\/td>\n<\/tr>\n<tr class=\"row-9\">\n\t<td class=\"column-1\">\u00c7al\u0131\u015fma gerilimi<\/td><td class=\"column-2\">AC 220V\/100V\u00b115% 47~64HZ<\/td>\n<\/tr>\n<tr class=\"row-10\">\n\t<td class=\"column-1\">S\u00fcr\u00fc\u015f voltaj\u0131<\/td><td class=\"column-2\">5V<\/td>\n<\/tr>\n<tr class=\"row-11\">\n\t<td class=\"column-1\">Sistem \u00e7al\u0131\u015fma ortam\u0131 s\u0131cakl\u0131\u011f\u0131<\/td><td class=\"column-2\">-20~60\u00b0C<\/td>\n<\/tr>\n<tr class=\"row-12\">\n\t<td class=\"column-1\">Sistemin \u00e7al\u0131\u015fma ortam\u0131n\u0131n nem oran\u0131<\/td><td class=\"column-2\">10%~90% UR<\/td>\n<\/tr>\n<tr class=\"row-13\">\n\t<td class=\"column-1\">Ekran rengi<\/td><td class=\"column-2\">16,7 milyon<\/td>\n<\/tr>\n<tr class=\"row-14\">\n\t<td class=\"column-1\">Gri tonlama seviyesi<\/td><td class=\"column-2\">16384<\/td>\n<\/tr>\n<tr class=\"row-15\">\n\t<td class=\"column-1\">\u0130leti\u015fim y\u00f6ntemi<\/td><td class=\"column-2\">Senkron<\/td>\n<\/tr>\n<\/tbody>\n<\/table>\n<!-- #tablepress-76 from cache -->\n\t\t<\/div>\n\t\t\t\t\t<\/div>\n\n\t\n<\/div>\n\t\t<\/div>\n\t\t\t\t\t<\/div>\n\n\t\n<\/div>","protected":false},"excerpt":{"rendered":"<p><strong>DJ Kabini LED Ekran\u0131 TCI Serisi \u2013 Etkileyici Sunumlar i\u00e7in Etkile\u015fimli LED Ekranlar<\/strong><\/p>\n<p>DJ performans\u0131n\u0131z\u0131 bir \u00fcst seviyeye ta\u015f\u0131y\u0131n, \u00fcr\u00fcnlerimizle! <strong><em>DJ Kabini LED Ekran\u0131 TCI Serisi.<\/em><\/strong> \u0130zleyiciyi etkilemek ve b\u00fcy\u00fclemek i\u00e7in tasarland\u0131. \u00c7ok y\u00f6nl\u00fc formatlar\u0131yla ve <a href=\"https:\/\/www.telaled.com\/tr\/pixel-pitch\/\">piksel aral\u0131\u011f\u0131<\/a> 4 mm kal\u0131nl\u0131\u011f\u0131yla, her t\u00fcrl\u00fc sahne sunumunu geli\u015ftirmek i\u00e7in m\u00fckemmel bir \u00e7\u00f6z\u00fcmd\u00fcr.<\/p>\n<p><strong>Ba\u015fl\u0131ca \u00f6zellikler:<\/strong><\/p>\n<ul>\n<li><strong>Etkile\u015fimlili\u011fi art\u0131rmak:<\/strong> \u0130zleyicinin dikkatini \u00e7eken ve koruyan, \u00f6zelle\u015ftirilebilir LED ekranlarla dinamik ve ilgi \u00e7ekici performanslar yarat\u0131n.<\/li>\n<li><strong>\u00c7ok y\u00f6nl\u00fc tasar\u0131m:<\/strong> Farkl\u0131 sahne d\u00fczenlemelerine ve yarat\u0131c\u0131 vizyonlara uygun \u00e7e\u015fitli formatlarda mevcuttur; pop\u00fcler elmas \u015feklindeki ekran da bunlardan biridir.<\/li>\n<li><strong>Y\u00fcksek \u00e7\u00f6z\u00fcn\u00fcrl\u00fckl\u00fc ekran:<\/strong> 4 mm piksel aral\u0131\u011f\u0131yla, canl\u0131 renkler ve netlikle performans\u0131n\u0131z\u0131 art\u0131ran, keskin ve ayr\u0131nt\u0131l\u0131 g\u00f6rsellerin keyfini \u00e7\u0131kar\u0131n.<\/li>\n<\/ul>\n<p>Ekibimiz 7\/24 uzaktan destek ve 3 y\u0131l garanti sunmaktad\u0131r. Ki\u015fiselle\u015ftirilmi\u015f fiyat teklifi i\u00e7in bug\u00fcn bizimle ileti\u015fime ge\u00e7in.<\/p>","protected":false},"featured_media":3300,"template":"","meta":[],"product_brand":[],"product_cat":[48,40,46],"product_tag":[],"class_list":{"0":"post-3299","1":"product","2":"type-product","3":"status-publish","4":"has-post-thumbnail","6":"product_cat-paineis-personalizados","7":"product_cat-painel-de-led","8":"product_cat-painel-de-video","10":"first","11":"instock","12":"shipping-taxable","13":"product-type-simple"},"yoast_head":"<!-- This site is optimized with the Yoast SEO plugin v27.4 - https:\/\/yoast.com\/product\/yoast-seo-wordpress\/ -->\n<title>DJ Booth LED Screen S\u00e9rie TCI | Telas LED Interativas em V\u00e1rios Formatos | TELALED<\/title>\n<meta name=\"description\" content=\"Transforme suas apresenta\u00e7\u00f5es de DJ Booth LED Screen S\u00e9rie TCI para Cabines de DJ. Dispon\u00edveis em diversos formatos com pixel pitch de 4 mm, criam uma experi\u00eancia cativante. Entre em contato conosco hoje mesmo para uma solu\u00e7\u00e3o personalizada!\" \/>\n<meta name=\"robots\" content=\"index, follow, max-snippet:-1, max-image-preview:large, max-video-preview:-1\" \/>\n<link rel=\"canonical\" href=\"https:\/\/www.telaled.com\/tr\/fabrica\/dj-booth-led-screen-serie-tci\/\" \/>\n<meta property=\"og:locale\" content=\"tr_TR\" \/>\n<meta property=\"og:type\" content=\"article\" \/>\n<meta property=\"og:title\" content=\"DJ Booth LED Screen S\u00e9rie TCI | Telas LED Interativas em V\u00e1rios Formatos | TELALED\" \/>\n<meta property=\"og:description\" content=\"Transforme suas apresenta\u00e7\u00f5es de DJ Booth LED Screen S\u00e9rie TCI para Cabines de DJ. Dispon\u00edveis em diversos formatos com pixel pitch de 4 mm, criam uma experi\u00eancia cativante. Entre em contato conosco hoje mesmo para uma solu\u00e7\u00e3o personalizada!\" \/>\n<meta property=\"og:url\" content=\"https:\/\/www.telaled.com\/tr\/fabrica\/dj-booth-led-screen-serie-tci\/\" \/>\n<meta property=\"og:site_name\" content=\"TELALED\" \/>\n<meta property=\"article:modified_time\" content=\"2026-01-06T01:20:53+00:00\" \/>\n<meta property=\"og:image\" content=\"https:\/\/www.telaled.com\/wp-content\/uploads\/2025\/09\/dj-booth-led-screen.webp\" \/>\n\t<meta property=\"og:image:width\" content=\"500\" \/>\n\t<meta property=\"og:image:height\" content=\"500\" \/>\n\t<meta property=\"og:image:type\" content=\"image\/webp\" \/>\n<meta name=\"twitter:card\" content=\"summary_large_image\" \/>\n<meta name=\"twitter:label1\" content=\"Est. reading time\" \/>\n\t<meta name=\"twitter:data1\" content=\"3 dakika\" \/>\n<script type=\"application\/ld+json\" class=\"yoast-schema-graph\">{\"@context\":\"https:\\\/\\\/schema.org\",\"@graph\":[{\"@type\":\"WebPage\",\"@id\":\"https:\\\/\\\/www.telaled.com\\\/fabrica\\\/dj-booth-led-screen-serie-tci\\\/\",\"url\":\"https:\\\/\\\/www.telaled.com\\\/fabrica\\\/dj-booth-led-screen-serie-tci\\\/\",\"name\":\"DJ Booth LED Screen S\u00e9rie TCI | Telas LED Interativas em V\u00e1rios Formatos | TELALED\",\"isPartOf\":{\"@id\":\"https:\\\/\\\/www.telaled.com\\\/#website\"},\"primaryImageOfPage\":{\"@id\":\"https:\\\/\\\/www.telaled.com\\\/fabrica\\\/dj-booth-led-screen-serie-tci\\\/#primaryimage\"},\"image\":{\"@id\":\"https:\\\/\\\/www.telaled.com\\\/fabrica\\\/dj-booth-led-screen-serie-tci\\\/#primaryimage\"},\"thumbnailUrl\":\"https:\\\/\\\/www.telaled.com\\\/wp-content\\\/uploads\\\/2025\\\/09\\\/dj-booth-led-screen.webp\",\"datePublished\":\"2025-09-12T05:59:46+00:00\",\"dateModified\":\"2026-01-06T01:20:53+00:00\",\"description\":\"Transforme suas apresenta\u00e7\u00f5es de DJ Booth LED Screen S\u00e9rie TCI para Cabines de DJ. Dispon\u00edveis em diversos formatos com pixel pitch de 4 mm, criam uma experi\u00eancia cativante. Entre em contato conosco hoje mesmo para uma solu\u00e7\u00e3o personalizada!\",\"breadcrumb\":{\"@id\":\"https:\\\/\\\/www.telaled.com\\\/fabrica\\\/dj-booth-led-screen-serie-tci\\\/#breadcrumb\"},\"inLanguage\":\"tr\",\"potentialAction\":[{\"@type\":\"ReadAction\",\"target\":[\"https:\\\/\\\/www.telaled.com\\\/fabrica\\\/dj-booth-led-screen-serie-tci\\\/\"]}]},{\"@type\":\"ImageObject\",\"inLanguage\":\"tr\",\"@id\":\"https:\\\/\\\/www.telaled.com\\\/fabrica\\\/dj-booth-led-screen-serie-tci\\\/#primaryimage\",\"url\":\"https:\\\/\\\/www.telaled.com\\\/wp-content\\\/uploads\\\/2025\\\/09\\\/dj-booth-led-screen.webp\",\"contentUrl\":\"https:\\\/\\\/www.telaled.com\\\/wp-content\\\/uploads\\\/2025\\\/09\\\/dj-booth-led-screen.webp\",\"width\":500,\"height\":500,\"caption\":\"dj-booth-led-screen\"},{\"@type\":\"BreadcrumbList\",\"@id\":\"https:\\\/\\\/www.telaled.com\\\/fabrica\\\/dj-booth-led-screen-serie-tci\\\/#breadcrumb\",\"itemListElement\":[{\"@type\":\"ListItem\",\"position\":1,\"name\":\"Home\",\"item\":\"https:\\\/\\\/www.telaled.com\\\/\"},{\"@type\":\"ListItem\",\"position\":2,\"name\":\"Produtos\",\"item\":\"https:\\\/\\\/www.telaled.com\\\/shop\\\/\"},{\"@type\":\"ListItem\",\"position\":3,\"name\":\"DJ Booth LED Screen S\u00e9rie TCI\"}]},{\"@type\":\"WebSite\",\"@id\":\"https:\\\/\\\/www.telaled.com\\\/#website\",\"url\":\"https:\\\/\\\/www.telaled.com\\\/\",\"name\":\"TELALED\",\"description\":\"\",\"potentialAction\":[{\"@type\":\"SearchAction\",\"target\":{\"@type\":\"EntryPoint\",\"urlTemplate\":\"https:\\\/\\\/www.telaled.com\\\/?s={search_term_string}\"},\"query-input\":{\"@type\":\"PropertyValueSpecification\",\"valueRequired\":true,\"valueName\":\"search_term_string\"}}],\"inLanguage\":\"tr\"}]}<\/script>\n<!-- \/ Yoast SEO plugin. -->","yoast_head_json":{"title":"DJ Kabini LED Ekran\u0131 TCI Serisi | \u00c7e\u015fitli Formatlarda \u0130nteraktif LED Ekranlar | TELALED","description":"DJ kabinleriniz i\u00e7in TCI Serisi LED Kabin Ekran\u0131 ile DJ setlerinizi d\u00f6n\u00fc\u015ft\u00fcr\u00fcn. 4 mm piksel aral\u0131\u011f\u0131na sahip \u00e7e\u015fitli formatlarda sunulan bu ekranlar, b\u00fcy\u00fcleyici bir deneyim yarat\u0131r. Ki\u015fiselle\u015ftirilmi\u015f bir \u00e7\u00f6z\u00fcm i\u00e7in bug\u00fcn bizimle ileti\u015fime ge\u00e7in!","robots":{"index":"index","follow":"follow","max-snippet":"max-snippet:-1","max-image-preview":"max-image-preview:large","max-video-preview":"max-video-preview:-1"},"canonical":"https:\/\/www.telaled.com\/tr\/fabrica\/dj-booth-led-screen-serie-tci\/","og_locale":"tr_TR","og_type":"article","og_title":"DJ Booth LED Screen S\u00e9rie TCI | Telas LED Interativas em V\u00e1rios Formatos | TELALED","og_description":"Transforme suas apresenta\u00e7\u00f5es de DJ Booth LED Screen S\u00e9rie TCI para Cabines de DJ. Dispon\u00edveis em diversos formatos com pixel pitch de 4 mm, criam uma experi\u00eancia cativante. Entre em contato conosco hoje mesmo para uma solu\u00e7\u00e3o personalizada!","og_url":"https:\/\/www.telaled.com\/tr\/fabrica\/dj-booth-led-screen-serie-tci\/","og_site_name":"TELALED","article_modified_time":"2026-01-06T01:20:53+00:00","og_image":[{"width":500,"height":500,"url":"https:\/\/www.telaled.com\/wp-content\/uploads\/2025\/09\/dj-booth-led-screen.webp","type":"image\/webp"}],"twitter_card":"summary_large_image","twitter_misc":{"Est. reading time":"3 dakika"},"schema":{"@context":"https:\/\/schema.org","@graph":[{"@type":"WebPage","@id":"https:\/\/www.telaled.com\/fabrica\/dj-booth-led-screen-serie-tci\/","url":"https:\/\/www.telaled.com\/fabrica\/dj-booth-led-screen-serie-tci\/","name":"DJ Kabini LED Ekran\u0131 TCI Serisi | \u00c7e\u015fitli Formatlarda \u0130nteraktif LED Ekranlar | TELALED","isPartOf":{"@id":"https:\/\/www.telaled.com\/#website"},"primaryImageOfPage":{"@id":"https:\/\/www.telaled.com\/fabrica\/dj-booth-led-screen-serie-tci\/#primaryimage"},"image":{"@id":"https:\/\/www.telaled.com\/fabrica\/dj-booth-led-screen-serie-tci\/#primaryimage"},"thumbnailUrl":"https:\/\/www.telaled.com\/wp-content\/uploads\/2025\/09\/dj-booth-led-screen.webp","datePublished":"2025-09-12T05:59:46+00:00","dateModified":"2026-01-06T01:20:53+00:00","description":"DJ kabinleriniz i\u00e7in TCI Serisi LED Kabin Ekran\u0131 ile DJ setlerinizi d\u00f6n\u00fc\u015ft\u00fcr\u00fcn. 4 mm piksel aral\u0131\u011f\u0131na sahip \u00e7e\u015fitli formatlarda sunulan bu ekranlar, b\u00fcy\u00fcleyici bir deneyim yarat\u0131r. Ki\u015fiselle\u015ftirilmi\u015f bir \u00e7\u00f6z\u00fcm i\u00e7in bug\u00fcn bizimle ileti\u015fime ge\u00e7in!","breadcrumb":{"@id":"https:\/\/www.telaled.com\/fabrica\/dj-booth-led-screen-serie-tci\/#breadcrumb"},"inLanguage":"tr","potentialAction":[{"@type":"ReadAction","target":["https:\/\/www.telaled.com\/fabrica\/dj-booth-led-screen-serie-tci\/"]}]},{"@type":"ImageObject","inLanguage":"tr","@id":"https:\/\/www.telaled.com\/fabrica\/dj-booth-led-screen-serie-tci\/#primaryimage","url":"https:\/\/www.telaled.com\/wp-content\/uploads\/2025\/09\/dj-booth-led-screen.webp","contentUrl":"https:\/\/www.telaled.com\/wp-content\/uploads\/2025\/09\/dj-booth-led-screen.webp","width":500,"height":500,"caption":"dj-booth-led-screen"},{"@type":"BreadcrumbList","@id":"https:\/\/www.telaled.com\/fabrica\/dj-booth-led-screen-serie-tci\/#breadcrumb","itemListElement":[{"@type":"ListItem","position":1,"name":"Home","item":"https:\/\/www.telaled.com\/"},{"@type":"ListItem","position":2,"name":"Produtos","item":"https:\/\/www.telaled.com\/shop\/"},{"@type":"ListItem","position":3,"name":"DJ Booth LED Screen S\u00e9rie TCI"}]},{"@type":"WebSite","@id":"https:\/\/www.telaled.com\/#website","url":"https:\/\/www.telaled.com\/","name":"LED Ekran","description":"","potentialAction":[{"@type":"SearchAction","target":{"@type":"EntryPoint","urlTemplate":"https:\/\/www.telaled.com\/?s={search_term_string}"},"query-input":{"@type":"PropertyValueSpecification","valueRequired":true,"valueName":"search_term_string"}}],"inLanguage":"tr"}]}},"_links":{"self":[{"href":"https:\/\/www.telaled.com\/tr\/wp-json\/wp\/v2\/product\/3299","targetHints":{"allow":["GET"]}}],"collection":[{"href":"https:\/\/www.telaled.com\/tr\/wp-json\/wp\/v2\/product"}],"about":[{"href":"https:\/\/www.telaled.com\/tr\/wp-json\/wp\/v2\/types\/product"}],"wp:featuredmedia":[{"embeddable":true,"href":"https:\/\/www.telaled.com\/tr\/wp-json\/wp\/v2\/media\/3300"}],"wp:attachment":[{"href":"https:\/\/www.telaled.com\/tr\/wp-json\/wp\/v2\/media?parent=3299"}],"wp:term":[{"taxonomy":"product_brand","embeddable":true,"href":"https:\/\/www.telaled.com\/tr\/wp-json\/wp\/v2\/product_brand?post=3299"},{"taxonomy":"product_cat","embeddable":true,"href":"https:\/\/www.telaled.com\/tr\/wp-json\/wp\/v2\/product_cat?post=3299"},{"taxonomy":"product_tag","embeddable":true,"href":"https:\/\/www.telaled.com\/tr\/wp-json\/wp\/v2\/product_tag?post=3299"}],"curies":[{"name":"wp","href":"https:\/\/api.w.org\/{rel}","templated":true}]}}