{"id":3288,"date":"2025-09-10T09:41:55","date_gmt":"2025-09-10T09:41:55","guid":{"rendered":"https:\/\/www.telaled.com\/?post_type=product&#038;p=3288"},"modified":"2026-01-06T01:09:29","modified_gmt":"2026-01-06T01:09:29","slug":"tela-led-em-forma-de-rosto-serie-tch","status":"publish","type":"product","link":"https:\/\/www.telaled.com\/tr\/fabrica\/tela-led-em-forma-de-rosto-serie-tch\/","title":{"rendered":"TCH Serisi Y\u00fcz \u015eeklinde LED Ekran"},"content":{"rendered":"<div class=\"row\"  id=\"row-1819811240\">\n\n\t<div id=\"col-993048435\" class=\"col small-12 large-12\"  >\n\t\t\t\t<div class=\"col-inner\"  >\n\t\t\t\n\t\t\t\n<h2>TCH Serisi Y\u00fcz \u015eeklinde LED Ekran\u0131n \u00d6zel Avantajlar\u0131<\/h2>\n<h3><strong>\u00dcst\u00fcn Dayan\u0131kl\u0131l\u0131k<\/strong><\/h3>\n<ul>\n<li>\u00c7arp\u0131lma ve hasar\u0131 \u00f6nlemek i\u00e7in g\u00fc\u00e7lendirilmi\u015f dolap malzemeleriyle \u00fcretilmi\u015ftir.<\/li>\n<li>A\u015f\u0131r\u0131 \u0131s\u0131nma veya performans kayb\u0131 olmadan 7\/24 \u00e7al\u0131\u015facak \u015fekilde tasarlanm\u0131\u015ft\u0131r.<\/li>\n<li>100.000 saatten fazla kesintisiz kullan\u0131m \u00f6mr\u00fcne sahip uzun \u00f6m\u00fcrl\u00fc LED.<\/li>\n<li>S\u0131k kurulum, ta\u015f\u0131ma veya d\u0131\u015f mekan ko\u015fullar\u0131na maruz kalma durumlar\u0131nda bile stabilitesini korur.<\/li>\n<\/ul>\n<h3><strong>Ola\u011fan\u00fcst\u00fc G\u00f6rsel Kalite<\/strong><\/h3>\n<ul>\n<li><a href=\"https:\/\/www.telaled.com\/tr\/pixel-pitch\/\">Piksel aral\u0131\u011f\u0131<\/a> Net g\u00f6r\u00fcnt\u00fc detaylar\u0131 i\u00e7in y\u00fcksek \u00e7\u00f6z\u00fcn\u00fcrl\u00fck (P4 kadar d\u00fc\u015f\u00fck).<\/li>\n<li>Do\u011fru ve canl\u0131 g\u00f6r\u00fcnt\u00fc \u00fcretimi i\u00e7in geni\u015f renk gam\u0131.<\/li>\n<li>\u0130\u00e7 ve d\u0131\u015f mekanlarda net g\u00f6r\u00fc\u015f i\u00e7in 5.000 nit&#039;e kadar parlakl\u0131k seviyeleri.<\/li>\n<li>Ak\u0131c\u0131 ve titre\u015fimsiz video oynat\u0131m\u0131 i\u00e7in y\u00fcksek yenileme h\u0131z\u0131 (\u22651920Hz).<\/li>\n<\/ul>\n<h3><strong>Tam Uyarlanabilirlik<\/strong><\/h3>\n<ul>\n<li>Y\u00fcz profilleri ve d\u00fczensiz d\u00fczenler de dahil olmak \u00fczere \u00f6zel formatlarda mevcuttur.<\/li>\n<li>K\u00fc\u00e7\u00fck panellerden b\u00fcy\u00fck \u00f6l\u00e7ekli kurulumlara kadar esnek \u00f6l\u00e7eklendirme se\u00e7enekleri.<\/li>\n<li>Hem dahili hem de harici uygulamalar\u0131 destekler.<\/li>\n<li>Yarat\u0131c\u0131 ekranlar i\u00e7in mevcut kontrol sistemleriyle kolay entegrasyon.<\/li>\n<\/ul>\n<h3><strong>Kapsaml\u0131 Destek<\/strong><\/h3>\n<ul>\n<li>7\/24 Uzaktan Teknik Destek: Uzman yard\u0131m\u0131na istedi\u011finiz zaman, istedi\u011finiz yerden ula\u015f\u0131n.<\/li>\n<li>5% yedek par\u00e7a dahildir: Her sipari\u015f, g\u00fcvenilirli\u011fi art\u0131rmak ve g\u00f6n\u00fcl rahatl\u0131\u011f\u0131 sa\u011flamak i\u00e7in ek bile\u015fenler i\u00e7erir.<\/li>\n<li>3 Y\u0131l Uzat\u0131lm\u0131\u015f Garanti: Daha iyi performans ve g\u00fcvenilir hizmet i\u00e7in uzun vadeli entegrasyondan yararlan\u0131n.<\/li>\n<\/ul>\n<h2>\u00dcr\u00fcn detaylar\u0131<\/h2>\n<div class=\"row\"  id=\"row-664293890\">\n\n\t<div id=\"col-772577154\" class=\"col medium-10 small-12 large-10\"  >\n\t\t\t\t<div class=\"col-inner text-left\"  >\n\t\t\t\n\t\t\t\n<ul>\n<li>Zengin renkler ve yo\u011fun kontrastla net, y\u00fcksek \u00e7\u00f6z\u00fcn\u00fcrl\u00fckl\u00fc g\u00f6rseller sunar. HD g\u00f6r\u00fcnt\u00fcler keskin ve hassast\u0131r, bu da i\u00e7eri\u011fi canl\u0131 ve ilgi \u00e7ekici k\u0131lar. G\u00f6r\u00fcnt\u00fc kalitesi her ortamda i\u015fe yarar ve g\u00f6rsellerinizin kal\u0131c\u0131 bir etki b\u0131rakmas\u0131n\u0131 sa\u011flar.<\/li>\n<\/ul>\n\t<div class=\"img has-hover x md-x lg-x y md-y lg-y\" id=\"image_989061433\">\n\t\t\t\t\t\t\t\t<div class=\"img-inner dark\" >\n\t\t\t<img loading=\"lazy\" decoding=\"async\" width=\"600\" height=\"400\" src=\"https:\/\/www.telaled.com\/wp-content\/uploads\/2025\/09\/Excelente-desempenho.webp\" class=\"attachment-original size-original\" alt=\"M\u00fckemmel performans\" srcset=\"https:\/\/www.telaled.com\/wp-content\/uploads\/2025\/09\/Excelente-desempenho.webp 600w, https:\/\/www.telaled.com\/wp-content\/uploads\/2025\/09\/Excelente-desempenho-300x200.webp 300w, https:\/\/www.telaled.com\/wp-content\/uploads\/2025\/09\/Excelente-desempenho-18x12.webp 18w\" sizes=\"auto, (max-width: 600px) 100vw, 600px\" \/>\t\t\t\t\t\t\n\t\t\t\t\t<\/div>\n\t\t\t\t\t\t\t\t\n<style>\n#image_989061433 {\n  width: 95%;\n}\n<\/style>\n\t<\/div>\n\t\n<ul>\n<li>P\u00fcr\u00fczs\u00fcz ve kesintisiz bir g\u00f6r\u00fcnt\u00fc olu\u015fturmak i\u00e7in yumu\u015fak mod\u00fcller kullan\u0131r. Geni\u015f g\u00f6r\u00fc\u015f a\u00e7\u0131lar\u0131 ve \u00fcst\u00fcn y\u00fczey kalitesiyle, her konumdan net, tutarl\u0131 ve \u00fcst\u00fcn bir g\u00f6rsel deneyim sunar.<\/li>\n<\/ul>\n\t\t<\/div>\n\t\t\t\t\t<\/div>\n\n\t\n\n\t<div id=\"col-2111171965\" class=\"col medium-10 small-12 large-10\"  >\n\t\t\t\t<div class=\"col-inner text-left\"  >\n\t\t\t\n\t\t\t\n\t<div class=\"img has-hover x md-x lg-x y md-y lg-y\" id=\"image_1786191109\">\n\t\t\t\t\t\t\t\t<div class=\"img-inner dark\" >\n\t\t\t<img loading=\"lazy\" decoding=\"async\" width=\"640\" height=\"430\" src=\"https:\/\/www.telaled.com\/wp-content\/uploads\/2025\/09\/Emenda-perfeita-visualizacao-superior.webp\" class=\"attachment-large size-large\" alt=\"M\u00fckemmel birle\u015ftirme, \u00fcst\u00fcn g\u00f6r\u00fc\u015f\" srcset=\"https:\/\/www.telaled.com\/wp-content\/uploads\/2025\/09\/Emenda-perfeita-visualizacao-superior.webp 640w, https:\/\/www.telaled.com\/wp-content\/uploads\/2025\/09\/Emenda-perfeita-visualizacao-superior-300x202.webp 300w, https:\/\/www.telaled.com\/wp-content\/uploads\/2025\/09\/Emenda-perfeita-visualizacao-superior-18x12.webp 18w, https:\/\/www.telaled.com\/wp-content\/uploads\/2025\/09\/Emenda-perfeita-visualizacao-superior-600x403.webp 600w\" sizes=\"auto, (max-width: 640px) 100vw, 640px\" \/>\t\t\t\t\t\t\n\t\t\t\t\t<\/div>\n\t\t\t\t\t\t\t\t\n<style>\n#image_1786191109 {\n  width: 95%;\n}\n<\/style>\n\t<\/div>\n\t\n<ul>\n<li>Basit kullan\u0131m i\u00e7in tasarlanm\u0131\u015f olup, sorunsuz \u00e7al\u0131\u015fma ve zahmetsiz bir deneyim sunar. Tasar\u0131m\u0131, kurulumu h\u0131zl\u0131 ve ta\u015f\u0131may\u0131 kolay hale getirir; g\u00fcvenilir kurulum ve esneklik gerektiren etkinlikler ve mekanlar i\u00e7in idealdir.<\/li>\n<\/ul>\n\t<div class=\"img has-hover x md-x lg-x y md-y lg-y\" id=\"image_217345776\">\n\t\t\t\t\t\t\t\t<div class=\"img-inner dark\" >\n\t\t\t<img loading=\"lazy\" decoding=\"async\" width=\"640\" height=\"430\" src=\"https:\/\/www.telaled.com\/wp-content\/uploads\/2025\/09\/Operacao-facil.webp\" class=\"attachment-large size-large\" alt=\"Kolay kullan\u0131m\" srcset=\"https:\/\/www.telaled.com\/wp-content\/uploads\/2025\/09\/Operacao-facil.webp 640w, https:\/\/www.telaled.com\/wp-content\/uploads\/2025\/09\/Operacao-facil-300x202.webp 300w, https:\/\/www.telaled.com\/wp-content\/uploads\/2025\/09\/Operacao-facil-18x12.webp 18w, https:\/\/www.telaled.com\/wp-content\/uploads\/2025\/09\/Operacao-facil-600x403.webp 600w\" sizes=\"auto, (max-width: 640px) 100vw, 640px\" \/>\t\t\t\t\t\t\n\t\t\t\t\t<\/div>\n\t\t\t\t\t\t\t\t\n<style>\n#image_217345776 {\n  width: 95%;\n}\n<\/style>\n\t<\/div>\n\t\n\t\t<\/div>\n\t\t\t\t\t<\/div>\n\n\t\n\n\t<div id=\"col-314900051\" class=\"col medium-10 small-12 large-10\"  >\n\t\t\t\t<div class=\"col-inner text-left\"  >\n\t\t\t\n\t\t\t\n<ul>\n<li>TCH Serisi Y\u00fcz \u015eeklinde LED Ekranlar\u0131m\u0131z, ta\u015f\u0131ma s\u0131ras\u0131nda korunmalar\u0131 i\u00e7in g\u00fc\u00e7lendirilmi\u015f ah\u015fap kasalara paketlenmi\u015ftir. Her bir \u00fcnite, ha\u015ferelerden, darbelerden ve di\u011fer tehlikelerden kaynaklanan hasar\u0131 \u00f6nlemek i\u00e7in g\u00fcvenli bir \u015fekilde paketlenmi\u015ftir. Bu, dayan\u0131kl\u0131l\u0131\u011f\u0131 ve g\u00fcvenli teslimat\u0131 sa\u011flar.<\/li>\n<\/ul>\n\t<div class=\"img has-hover x md-x lg-x y md-y lg-y\" id=\"image_2059786796\">\n\t\t\t\t\t\t\t\t<div class=\"img-inner dark\" >\n\t\t\t<img loading=\"lazy\" decoding=\"async\" width=\"760\" height=\"1024\" src=\"https:\/\/www.telaled.com\/wp-content\/uploads\/2025\/08\/36123f2c-de60-488d-af81-255cd4aee54a-760x1024.webp\" class=\"attachment-large size-large\" alt=\"\" srcset=\"https:\/\/www.telaled.com\/wp-content\/uploads\/2025\/08\/36123f2c-de60-488d-af81-255cd4aee54a-760x1024.webp 760w, https:\/\/www.telaled.com\/wp-content\/uploads\/2025\/08\/36123f2c-de60-488d-af81-255cd4aee54a-223x300.webp 223w, https:\/\/www.telaled.com\/wp-content\/uploads\/2025\/08\/36123f2c-de60-488d-af81-255cd4aee54a-768x1035.webp 768w, https:\/\/www.telaled.com\/wp-content\/uploads\/2025\/08\/36123f2c-de60-488d-af81-255cd4aee54a-9x12.webp 9w, https:\/\/www.telaled.com\/wp-content\/uploads\/2025\/08\/36123f2c-de60-488d-af81-255cd4aee54a-600x808.webp 600w, https:\/\/www.telaled.com\/wp-content\/uploads\/2025\/08\/36123f2c-de60-488d-af81-255cd4aee54a.webp 795w\" sizes=\"auto, (max-width: 760px) 100vw, 760px\" \/>\t\t\t\t\t\t\n\t\t\t\t\t<\/div>\n\t\t\t\t\t\t\t\t\n<style>\n#image_2059786796 {\n  width: 95%;\n}\n<\/style>\n\t<\/div>\n\t\n\n<table id=\"tablepress-52\" class=\"tablepress tablepress-id-52\">\n<thead>\n<tr class=\"row-1\">\n\t<th class=\"column-1\">Teknik \u00d6zellikler:<\/th><th class=\"column-2\">TCH-P4-S118<\/th>\n<\/tr>\n<\/thead>\n<tbody class=\"row-striping row-hover\">\n<tr class=\"row-2\">\n\t<td class=\"column-1\">Piksel noktas\u0131 bile\u015fimi:<\/td><td class=\"column-2\">2121 (3&#039;\u00fc 1 arada)<\/td>\n<\/tr>\n<tr class=\"row-3\">\n\t<td class=\"column-1\">Piksel \u00e7\u00f6z\u00fcn\u00fcrl\u00fc\u011f\u00fc:<\/td><td class=\"column-2\">550*370<\/td>\n<\/tr>\n<tr class=\"row-4\">\n\t<td class=\"column-1\">Ekran boyutu (mm):<\/td><td class=\"column-2\">2200*1480<\/td>\n<\/tr>\n<tr class=\"row-5\">\n\t<td class=\"column-1\">G\u00f6r\u00fcnt\u00fc yo\u011funlu\u011fu:<\/td><td class=\"column-2\">62500 puan\/\u33a1<\/td>\n<\/tr>\n<tr class=\"row-6\">\n\t<td class=\"column-1\">\u0130deal izleme mesafesi (m):<\/td><td class=\"column-2\">4-100m<\/td>\n<\/tr>\n<tr class=\"row-7\">\n\t<td class=\"column-1\">En y\u00fcksek enerji t\u00fcketimi:<\/td><td class=\"column-2\">800w\/\u33a1<\/td>\n<\/tr>\n<tr class=\"row-8\">\n\t<td class=\"column-1\">Tarama y\u00f6ntemi:<\/td><td class=\"column-2\">16 tarama<\/td>\n<\/tr>\n<tr class=\"row-9\">\n\t<td class=\"column-1\">Parlakl\u0131k: (CD\/\u33a1)<\/td><td class=\"column-2\">1600<\/td>\n<\/tr>\n<tr class=\"row-10\">\n\t<td class=\"column-1\">Perspektif:<\/td><td class=\"column-2\">H 360\u00b0 V 360\u00b0<\/td>\n<\/tr>\n<tr class=\"row-11\">\n\t<td class=\"column-1\">\u00c7al\u0131\u015fma gerilimi:<\/td><td class=\"column-2\">AC 220V\/100V\u00b115% 47~64HZ<\/td>\n<\/tr>\n<tr class=\"row-12\">\n\t<td class=\"column-1\">Besleme gerilimi:<\/td><td class=\"column-2\">5V<\/td>\n<\/tr>\n<tr class=\"row-13\">\n\t<td class=\"column-1\">Sistem \u00e7al\u0131\u015fma ortam s\u0131cakl\u0131\u011f\u0131:<\/td><td class=\"column-2\">-20~60\u00b0C<\/td>\n<\/tr>\n<tr class=\"row-14\">\n\t<td class=\"column-1\">Sistem orta d\u00fczeyde bir ortamda \u00e7al\u0131\u015fmaktad\u0131r:<\/td><td class=\"column-2\">10%~90% UR<\/td>\n<\/tr>\n<tr class=\"row-15\">\n\t<td class=\"column-1\">Ekran rengi:<\/td><td class=\"column-2\">16,7 milyon<\/td>\n<\/tr>\n<tr class=\"row-16\">\n\t<td class=\"column-1\">Gri Tonlama Seviyesi:<\/td><td class=\"column-2\">16384<\/td>\n<\/tr>\n<tr class=\"row-17\">\n\t<td class=\"column-1\">\u0130leti\u015fim y\u00f6ntemi:<\/td><td class=\"column-2\">Senkronizasyon<\/td>\n<\/tr>\n<\/tbody>\n<\/table>\n<!-- #tablepress-52 from cache -->\n\t\t<\/div>\n\t\t\t\t\t<\/div>\n\n\t\n<\/div>\n\t\t<\/div>\n\t\t\t\t\t<\/div>\n\n\t\n<\/div>","protected":false},"excerpt":{"rendered":"<p><strong>TCH Serisi Y\u00fcz \u015eeklinde LED Ekran: Yarat\u0131c\u0131 ve \u00d6zelle\u015ftirilebilir LED Ekranlar<\/strong><\/p>\n<p>Bir tane edinin <strong><em>TCH Serisi Y\u00fcz \u015eeklinde LED Ekran<\/em><\/strong>, 4 mm piksel aral\u0131\u011f\u0131, \u00f6zel tasar\u0131m ve \u00fcst\u00fcn kalite ile ekranlar\u0131m\u0131z, her t\u00fcrl\u00fc etkinli\u011fe veya mekana hayat veren yarat\u0131c\u0131 g\u00f6rseller sunar. \u00c7\u00f6z\u00fcm\u00fcn\u00fcz\u00fc bug\u00fcn talep edin!<\/p>\n<p><strong>Ba\u015fl\u0131ca \u00f6zellikler:<\/strong><\/p>\n<ul>\n<li><span class=\"jCAhz ChMk0b\"><span class=\"ryNqvb\"><strong>\u00d6zelle\u015ftirilebilir Bi\u00e7imler:<\/strong> Standart ekranlar\u0131n \u00f6tesine ge\u00e7in, \u015fu tasar\u0131mla: <strong>\u00d6zelle\u015ftirilebilir \u00f6n y\u00fcze sahip LED ekran.<\/strong> Teman\u0131za veya markan\u0131za uygun olacak \u015fekilde.<\/span><\/span><\/li>\n<li><span class=\"jCAhz ChMk0b\"><span class=\"ryNqvb\"><strong> Y\u00fcksek G\u00f6r\u00fcnt\u00fc Netli\u011fi:<\/strong> 4 mm piksel aral\u0131\u011f\u0131, k\u0131sa izleme mesafelerinde bile keskin ve ayr\u0131nt\u0131l\u0131 g\u00f6r\u00fcnt\u00fcler sunar.<\/span><\/span><\/li>\n<li><span class=\"jCAhz ChMk0b\"><span class=\"ryNqvb\"><strong>Yarat\u0131c\u0131 Uygulamalar:<\/strong> M\u00fckemmel <a href=\"https:\/\/www.telaled.com\/tr\/telao-de-led-para-eventos\/\">olaylar<\/a>, G\u00f6rsel etkinin \u00f6nemli oldu\u011fu sergiler, reklamlar ve sanat enstalasyonlar\u0131 gibi alanlarda.<\/span><\/span><\/li>\n<li>B\u00fcy\u00fck format se\u00e7enekleri: standart boyut 2200 x 1480 mm, farkl\u0131 uygulamalar i\u00e7in daha \u00f6zel boyutlar da mevcuttur.<\/li>\n<\/ul>\n<p>Ekibimiz 7\/24 uzaktan destek ve 3 y\u0131l garanti sunmaktad\u0131r. Ki\u015fiselle\u015ftirilmi\u015f fiyat teklifi i\u00e7in bug\u00fcn bizimle ileti\u015fime ge\u00e7in.<\/p>","protected":false},"featured_media":3289,"template":"","meta":[],"product_brand":[],"product_cat":[48,40,46],"product_tag":[],"class_list":{"0":"post-3288","1":"product","2":"type-product","3":"status-publish","4":"has-post-thumbnail","6":"product_cat-paineis-personalizados","7":"product_cat-painel-de-led","8":"product_cat-painel-de-video","10":"first","11":"instock","12":"shipping-taxable","13":"product-type-simple"},"yoast_head":"<!-- This site is optimized with the Yoast SEO plugin v27.4 - https:\/\/yoast.com\/product\/yoast-seo-wordpress\/ -->\n<title>Tela LED em Forma de Rosto S\u00e9rie TCH | Designs e Displays de Alta Qualidade | TELALED<\/title>\n<meta name=\"description\" content=\"A Tela LED em Forma de Rosto S\u00e9rie TCH oferece um design personaliz\u00e1vel com pixel pitch de 4 mm e qualidade superior. Perfeita para projetos criativos e displays chamativos. Solicite sua solu\u00e7\u00e3o hoje mesmo!\" \/>\n<meta name=\"robots\" content=\"index, follow, max-snippet:-1, max-image-preview:large, max-video-preview:-1\" \/>\n<link rel=\"canonical\" href=\"https:\/\/www.telaled.com\/tr\/fabrica\/tela-led-em-forma-de-rosto-serie-tch\/\" \/>\n<meta property=\"og:locale\" content=\"tr_TR\" \/>\n<meta property=\"og:type\" content=\"article\" \/>\n<meta property=\"og:title\" content=\"Tela LED em Forma de Rosto S\u00e9rie TCH | Designs e Displays de Alta Qualidade | TELALED\" \/>\n<meta property=\"og:description\" content=\"A Tela LED em Forma de Rosto S\u00e9rie TCH oferece um design personaliz\u00e1vel com pixel pitch de 4 mm e qualidade superior. Perfeita para projetos criativos e displays chamativos. Solicite sua solu\u00e7\u00e3o hoje mesmo!\" \/>\n<meta property=\"og:url\" content=\"https:\/\/www.telaled.com\/tr\/fabrica\/tela-led-em-forma-de-rosto-serie-tch\/\" \/>\n<meta property=\"og:site_name\" content=\"TELALED\" \/>\n<meta property=\"article:modified_time\" content=\"2026-01-06T01:09:29+00:00\" \/>\n<meta property=\"og:image\" content=\"https:\/\/www.telaled.com\/wp-content\/uploads\/2025\/09\/Tela-LED-em-Forma-de-Rosto.webp\" \/>\n\t<meta property=\"og:image:width\" content=\"500\" \/>\n\t<meta property=\"og:image:height\" content=\"500\" \/>\n\t<meta property=\"og:image:type\" content=\"image\/webp\" \/>\n<meta name=\"twitter:card\" content=\"summary_large_image\" \/>\n<meta name=\"twitter:label1\" content=\"Est. reading time\" \/>\n\t<meta name=\"twitter:data1\" content=\"3 dakika\" \/>\n<script type=\"application\/ld+json\" class=\"yoast-schema-graph\">{\"@context\":\"https:\\\/\\\/schema.org\",\"@graph\":[{\"@type\":\"WebPage\",\"@id\":\"https:\\\/\\\/www.telaled.com\\\/fabrica\\\/tela-led-em-forma-de-rosto-serie-tch\\\/\",\"url\":\"https:\\\/\\\/www.telaled.com\\\/fabrica\\\/tela-led-em-forma-de-rosto-serie-tch\\\/\",\"name\":\"Tela LED em Forma de Rosto S\u00e9rie TCH | Designs e Displays de Alta Qualidade | TELALED\",\"isPartOf\":{\"@id\":\"https:\\\/\\\/www.telaled.com\\\/#website\"},\"primaryImageOfPage\":{\"@id\":\"https:\\\/\\\/www.telaled.com\\\/fabrica\\\/tela-led-em-forma-de-rosto-serie-tch\\\/#primaryimage\"},\"image\":{\"@id\":\"https:\\\/\\\/www.telaled.com\\\/fabrica\\\/tela-led-em-forma-de-rosto-serie-tch\\\/#primaryimage\"},\"thumbnailUrl\":\"https:\\\/\\\/www.telaled.com\\\/wp-content\\\/uploads\\\/2025\\\/09\\\/Tela-LED-em-Forma-de-Rosto.webp\",\"datePublished\":\"2025-09-10T09:41:55+00:00\",\"dateModified\":\"2026-01-06T01:09:29+00:00\",\"description\":\"A Tela LED em Forma de Rosto S\u00e9rie TCH oferece um design personaliz\u00e1vel com pixel pitch de 4 mm e qualidade superior. Perfeita para projetos criativos e displays chamativos. Solicite sua solu\u00e7\u00e3o hoje mesmo!\",\"breadcrumb\":{\"@id\":\"https:\\\/\\\/www.telaled.com\\\/fabrica\\\/tela-led-em-forma-de-rosto-serie-tch\\\/#breadcrumb\"},\"inLanguage\":\"tr\",\"potentialAction\":[{\"@type\":\"ReadAction\",\"target\":[\"https:\\\/\\\/www.telaled.com\\\/fabrica\\\/tela-led-em-forma-de-rosto-serie-tch\\\/\"]}]},{\"@type\":\"ImageObject\",\"inLanguage\":\"tr\",\"@id\":\"https:\\\/\\\/www.telaled.com\\\/fabrica\\\/tela-led-em-forma-de-rosto-serie-tch\\\/#primaryimage\",\"url\":\"https:\\\/\\\/www.telaled.com\\\/wp-content\\\/uploads\\\/2025\\\/09\\\/Tela-LED-em-Forma-de-Rosto.webp\",\"contentUrl\":\"https:\\\/\\\/www.telaled.com\\\/wp-content\\\/uploads\\\/2025\\\/09\\\/Tela-LED-em-Forma-de-Rosto.webp\",\"width\":500,\"height\":500,\"caption\":\"Tela-LED-em-Forma-de-Rosto\"},{\"@type\":\"BreadcrumbList\",\"@id\":\"https:\\\/\\\/www.telaled.com\\\/fabrica\\\/tela-led-em-forma-de-rosto-serie-tch\\\/#breadcrumb\",\"itemListElement\":[{\"@type\":\"ListItem\",\"position\":1,\"name\":\"Home\",\"item\":\"https:\\\/\\\/www.telaled.com\\\/\"},{\"@type\":\"ListItem\",\"position\":2,\"name\":\"Produtos\",\"item\":\"https:\\\/\\\/www.telaled.com\\\/shop\\\/\"},{\"@type\":\"ListItem\",\"position\":3,\"name\":\"Tela LED em Forma de Rosto S\u00e9rie TCH\"}]},{\"@type\":\"WebSite\",\"@id\":\"https:\\\/\\\/www.telaled.com\\\/#website\",\"url\":\"https:\\\/\\\/www.telaled.com\\\/\",\"name\":\"TELALED\",\"description\":\"\",\"potentialAction\":[{\"@type\":\"SearchAction\",\"target\":{\"@type\":\"EntryPoint\",\"urlTemplate\":\"https:\\\/\\\/www.telaled.com\\\/?s={search_term_string}\"},\"query-input\":{\"@type\":\"PropertyValueSpecification\",\"valueRequired\":true,\"valueName\":\"search_term_string\"}}],\"inLanguage\":\"tr\"}]}<\/script>\n<!-- \/ Yoast SEO plugin. -->","yoast_head_json":{"title":"TCH Serisi Y\u00fcz \u015eeklinde LED Ekran | Y\u00fcksek Kaliteli Tasar\u0131mlar ve Ekranlar | TELALED","description":"TCH Serisi Y\u00fcz \u015eeklinde LED Ekran, 4 mm piksel aral\u0131\u011f\u0131 ve \u00fcst\u00fcn kalitesiyle \u00f6zelle\u015ftirilebilir bir tasar\u0131m sunar. Yarat\u0131c\u0131 projeler ve g\u00f6z al\u0131c\u0131 sunumlar i\u00e7in m\u00fckemmeldir. \u00c7\u00f6z\u00fcm\u00fcn\u00fcz\u00fc bug\u00fcn talep edin!","robots":{"index":"index","follow":"follow","max-snippet":"max-snippet:-1","max-image-preview":"max-image-preview:large","max-video-preview":"max-video-preview:-1"},"canonical":"https:\/\/www.telaled.com\/tr\/fabrica\/tela-led-em-forma-de-rosto-serie-tch\/","og_locale":"tr_TR","og_type":"article","og_title":"Tela LED em Forma de Rosto S\u00e9rie TCH | Designs e Displays de Alta Qualidade | TELALED","og_description":"A Tela LED em Forma de Rosto S\u00e9rie TCH oferece um design personaliz\u00e1vel com pixel pitch de 4 mm e qualidade superior. Perfeita para projetos criativos e displays chamativos. Solicite sua solu\u00e7\u00e3o hoje mesmo!","og_url":"https:\/\/www.telaled.com\/tr\/fabrica\/tela-led-em-forma-de-rosto-serie-tch\/","og_site_name":"TELALED","article_modified_time":"2026-01-06T01:09:29+00:00","og_image":[{"width":500,"height":500,"url":"https:\/\/www.telaled.com\/wp-content\/uploads\/2025\/09\/Tela-LED-em-Forma-de-Rosto.webp","type":"image\/webp"}],"twitter_card":"summary_large_image","twitter_misc":{"Est. reading time":"3 dakika"},"schema":{"@context":"https:\/\/schema.org","@graph":[{"@type":"WebPage","@id":"https:\/\/www.telaled.com\/fabrica\/tela-led-em-forma-de-rosto-serie-tch\/","url":"https:\/\/www.telaled.com\/fabrica\/tela-led-em-forma-de-rosto-serie-tch\/","name":"TCH Serisi Y\u00fcz \u015eeklinde LED Ekran | Y\u00fcksek Kaliteli Tasar\u0131mlar ve Ekranlar | TELALED","isPartOf":{"@id":"https:\/\/www.telaled.com\/#website"},"primaryImageOfPage":{"@id":"https:\/\/www.telaled.com\/fabrica\/tela-led-em-forma-de-rosto-serie-tch\/#primaryimage"},"image":{"@id":"https:\/\/www.telaled.com\/fabrica\/tela-led-em-forma-de-rosto-serie-tch\/#primaryimage"},"thumbnailUrl":"https:\/\/www.telaled.com\/wp-content\/uploads\/2025\/09\/Tela-LED-em-Forma-de-Rosto.webp","datePublished":"2025-09-10T09:41:55+00:00","dateModified":"2026-01-06T01:09:29+00:00","description":"TCH Serisi Y\u00fcz \u015eeklinde LED Ekran, 4 mm piksel aral\u0131\u011f\u0131 ve \u00fcst\u00fcn kalitesiyle \u00f6zelle\u015ftirilebilir bir tasar\u0131m sunar. Yarat\u0131c\u0131 projeler ve g\u00f6z al\u0131c\u0131 sunumlar i\u00e7in m\u00fckemmeldir. \u00c7\u00f6z\u00fcm\u00fcn\u00fcz\u00fc bug\u00fcn talep edin!","breadcrumb":{"@id":"https:\/\/www.telaled.com\/fabrica\/tela-led-em-forma-de-rosto-serie-tch\/#breadcrumb"},"inLanguage":"tr","potentialAction":[{"@type":"ReadAction","target":["https:\/\/www.telaled.com\/fabrica\/tela-led-em-forma-de-rosto-serie-tch\/"]}]},{"@type":"ImageObject","inLanguage":"tr","@id":"https:\/\/www.telaled.com\/fabrica\/tela-led-em-forma-de-rosto-serie-tch\/#primaryimage","url":"https:\/\/www.telaled.com\/wp-content\/uploads\/2025\/09\/Tela-LED-em-Forma-de-Rosto.webp","contentUrl":"https:\/\/www.telaled.com\/wp-content\/uploads\/2025\/09\/Tela-LED-em-Forma-de-Rosto.webp","width":500,"height":500,"caption":"Tela-LED-em-Forma-de-Rosto"},{"@type":"BreadcrumbList","@id":"https:\/\/www.telaled.com\/fabrica\/tela-led-em-forma-de-rosto-serie-tch\/#breadcrumb","itemListElement":[{"@type":"ListItem","position":1,"name":"Home","item":"https:\/\/www.telaled.com\/"},{"@type":"ListItem","position":2,"name":"Produtos","item":"https:\/\/www.telaled.com\/shop\/"},{"@type":"ListItem","position":3,"name":"Tela LED em Forma de Rosto S\u00e9rie TCH"}]},{"@type":"WebSite","@id":"https:\/\/www.telaled.com\/#website","url":"https:\/\/www.telaled.com\/","name":"LED Ekran","description":"","potentialAction":[{"@type":"SearchAction","target":{"@type":"EntryPoint","urlTemplate":"https:\/\/www.telaled.com\/?s={search_term_string}"},"query-input":{"@type":"PropertyValueSpecification","valueRequired":true,"valueName":"search_term_string"}}],"inLanguage":"tr"}]}},"_links":{"self":[{"href":"https:\/\/www.telaled.com\/tr\/wp-json\/wp\/v2\/product\/3288","targetHints":{"allow":["GET"]}}],"collection":[{"href":"https:\/\/www.telaled.com\/tr\/wp-json\/wp\/v2\/product"}],"about":[{"href":"https:\/\/www.telaled.com\/tr\/wp-json\/wp\/v2\/types\/product"}],"wp:featuredmedia":[{"embeddable":true,"href":"https:\/\/www.telaled.com\/tr\/wp-json\/wp\/v2\/media\/3289"}],"wp:attachment":[{"href":"https:\/\/www.telaled.com\/tr\/wp-json\/wp\/v2\/media?parent=3288"}],"wp:term":[{"taxonomy":"product_brand","embeddable":true,"href":"https:\/\/www.telaled.com\/tr\/wp-json\/wp\/v2\/product_brand?post=3288"},{"taxonomy":"product_cat","embeddable":true,"href":"https:\/\/www.telaled.com\/tr\/wp-json\/wp\/v2\/product_cat?post=3288"},{"taxonomy":"product_tag","embeddable":true,"href":"https:\/\/www.telaled.com\/tr\/wp-json\/wp\/v2\/product_tag?post=3288"}],"curies":[{"name":"wp","href":"https:\/\/api.w.org\/{rel}","templated":true}]}}