{"id":3277,"date":"2025-09-09T10:03:44","date_gmt":"2025-09-09T10:03:44","guid":{"rendered":"https:\/\/www.telaled.com\/?post_type=product&#038;p=3277"},"modified":"2026-01-06T00:51:09","modified_gmt":"2026-01-06T00:51:09","slug":"painel-de-led-letras-serie-tcg","status":"publish","type":"product","link":"https:\/\/www.telaled.com\/tr\/fabrica\/painel-de-led-letras-serie-tcg\/","title":{"rendered":"TCG Serisi LED Harf Paneli"},"content":{"rendered":"<div class=\"row\"  id=\"row-1792500043\">\n\n\t<div id=\"col-2036343235\" class=\"col small-12 large-12\"  >\n\t\t\t\t<div class=\"col-inner\"  >\n\t\t\t\n\t\t\t\n<h2>TCG Serisi LED Harf Panelinin \u00d6zel Avantajlar\u0131<\/h2>\n<h3><strong>\u00dcst\u00fcn Dayan\u0131kl\u0131l\u0131k<\/strong><\/h3>\n<ul>\n<li>Hem i\u00e7 hem de d\u0131\u015f mekan kullan\u0131m\u0131na uygun olarak tasarlanm\u0131\u015ft\u0131r.<\/li>\n<li>Uzun \u00f6m\u00fcrl\u00fc performans i\u00e7in dayan\u0131kl\u0131 mod\u00fcler LED panellerle \u00fcretilmi\u015ftir.<\/li>\n<li>\u0130\u015flevselli\u011fini korumak i\u00e7in zorlu hava ko\u015fullar\u0131na (ya\u011fmur, r\u00fczgar, g\u00fcne\u015f) dayan\u0131kl\u0131d\u0131r.<\/li>\n<li>Al\u0131\u015fveri\u015f merkezleri, havaalanlar\u0131 ve barlar gibi yo\u011fun insan trafi\u011finin oldu\u011fu ortamlar i\u00e7in idealdir.<\/li>\n<\/ul>\n<h3><strong>Ola\u011fan\u00fcst\u00fc G\u00f6rsel Kalite<\/strong><\/h3>\n<ul>\n<li>Canl\u0131 renkler ve net, g\u00f6z al\u0131c\u0131 efektler sunuyor.<\/li>\n<li>Yaz\u0131 veya logonun y\u00fczeyine do\u011frudan video oynatabilme \u00f6zelli\u011fine sahiptir.<\/li>\n<li>\u0130lgi \u00e7ekici ve dikkat uyand\u0131ran i\u00e7erikler olu\u015fturmak i\u00e7in m\u00fckemmel.<\/li>\n<li>Dinamik g\u00f6rsellerle marka g\u00f6r\u00fcn\u00fcrl\u00fc\u011f\u00fcn\u00fcz\u00fc art\u0131r\u0131n.<\/li>\n<\/ul>\n<h3><strong>Tam Uyarlanabilirlik<\/strong><\/h3>\n<ul>\n<li>\u00c7ok \u00e7e\u015fitli boyut ve konfig\u00fcrasyonlarda mevcuttur.<\/li>\n<li>\u00d6zelle\u015ftirilebilir formatlar ve mod\u00fcler tasar\u0131mlar.<\/li>\n<li>\u00d6zel ihtiya\u00e7lara ve ortamlara uyacak \u015fekilde uyarlanabilir.<\/li>\n<li>Herhangi bir marka veya mekan i\u00e7in benzersiz ekranlar olu\u015fturma esnekli\u011fi sunar.<\/li>\n<\/ul>\n<h3><strong>Kapsaml\u0131 Destek<\/strong><\/h3>\n<ul>\n<li>7\/24 Uzaktan Teknik Destek: Uzman yard\u0131m\u0131na istedi\u011finiz zaman, istedi\u011finiz yerden ula\u015f\u0131n.<\/li>\n<li>5% yedek par\u00e7a dahildir: Her sipari\u015f, g\u00fcvenilirli\u011fi art\u0131rmak ve g\u00f6n\u00fcl rahatl\u0131\u011f\u0131 sa\u011flamak i\u00e7in ek bile\u015fenler i\u00e7erir.<\/li>\n<li>3 Y\u0131l Uzat\u0131lm\u0131\u015f Garanti: Daha iyi performans ve g\u00fcvenilir hizmet i\u00e7in uzun vadeli entegrasyondan yararlan\u0131n.<\/li>\n<\/ul>\n<h2>\u00dcr\u00fcn detaylar\u0131<\/h2>\n<div class=\"row\"  id=\"row-23356875\">\n\n\t<div id=\"col-604713160\" class=\"col medium-10 small-12 large-10\"  >\n\t\t\t\t<div class=\"col-inner text-left\"  >\n\t\t\t\n\t\t\t\n<ul>\n<li>\u0130htiya\u00e7lar\u0131n\u0131za tam olarak uygun LED ekranlar tasarlaman\u0131za olanak tan\u0131r. \u00d6zel yaz\u0131 tiplerinden ve \u00fccretsiz montajdan benzersiz logolara kadar, e\u015fsiz ekranlar olu\u015fturman\u0131z\u0131 sa\u011flar. Mobil kontrol ve ak\u0131ll\u0131 \u00f6zelliklerle, vizyonunuzu kolayl\u0131kla ve hassasiyetle hayata ge\u00e7irme esnekli\u011fine sahipsiniz.<\/li>\n<\/ul>\n\t<div class=\"img has-hover x md-x lg-x y md-y lg-y\" id=\"image_423079236\">\n\t\t\t\t\t\t\t\t<div class=\"img-inner dark\" >\n\t\t\t<img loading=\"lazy\" decoding=\"async\" width=\"600\" height=\"400\" src=\"https:\/\/www.telaled.com\/wp-content\/uploads\/2025\/09\/Personalizacao-Criativa-DIY.webp\" class=\"attachment-original size-original\" alt=\"Ki\u015fiselle\u015ftirme-Yarat\u0131c\u0131l\u0131k-Kendin Yap\" srcset=\"https:\/\/www.telaled.com\/wp-content\/uploads\/2025\/09\/Personalizacao-Criativa-DIY.webp 600w, https:\/\/www.telaled.com\/wp-content\/uploads\/2025\/09\/Personalizacao-Criativa-DIY-300x200.webp 300w, https:\/\/www.telaled.com\/wp-content\/uploads\/2025\/09\/Personalizacao-Criativa-DIY-18x12.webp 18w\" sizes=\"auto, (max-width: 600px) 100vw, 600px\" \/>\t\t\t\t\t\t\n\t\t\t\t\t<\/div>\n\t\t\t\t\t\t\t\t\n<style>\n#image_423079236 {\n  width: 95%;\n}\n<\/style>\n\t<\/div>\n\t\n<ul>\n<li>Diki\u015fsiz bir tasar\u0131ma sahip olan bu monit\u00f6rler, sa\u011flam ve dayan\u0131kl\u0131, sade ve \u015f\u0131k bir yap\u0131 sunar. Y\u00fcksek parlakl\u0131k ve homojenlik ile her ortamda \u00f6ne \u00e7\u0131kan \u00fcst\u00fcn bir g\u00f6rsel deneyim sa\u011flarlar.<\/li>\n<\/ul>\n\t\t<\/div>\n\t\t\t\t\t<\/div>\n\n\t\n\n\t<div id=\"col-1395167790\" class=\"col medium-10 small-12 large-10\"  >\n\t\t\t\t<div class=\"col-inner text-left\"  >\n\t\t\t\n\t\t\t\n\t<div class=\"img has-hover x md-x lg-x y md-y lg-y\" id=\"image_930441101\">\n\t\t\t\t\t\t\t\t<div class=\"img-inner dark\" >\n\t\t\t<img loading=\"lazy\" decoding=\"async\" width=\"600\" height=\"400\" src=\"https:\/\/www.telaled.com\/wp-content\/uploads\/2025\/09\/Visor-integrado.webp\" class=\"attachment-large size-large\" alt=\"Entegre ekran\" srcset=\"https:\/\/www.telaled.com\/wp-content\/uploads\/2025\/09\/Visor-integrado.webp 600w, https:\/\/www.telaled.com\/wp-content\/uploads\/2025\/09\/Visor-integrado-300x200.webp 300w, https:\/\/www.telaled.com\/wp-content\/uploads\/2025\/09\/Visor-integrado-18x12.webp 18w\" sizes=\"auto, (max-width: 600px) 100vw, 600px\" \/>\t\t\t\t\t\t\n\t\t\t\t\t<\/div>\n\t\t\t\t\t\t\t\t\n<style>\n#image_930441101 {\n  width: 95%;\n}\n<\/style>\n\t<\/div>\n\t\n<ul>\n<li>TCG Serisi LED Harf Panelimiz, net kurulum talimatlar\u0131 ve \u00e7ok y\u00f6nl\u00fc montaj se\u00e7enekleriyle birlikte gelir. \u015eunlar i\u00e7in tasarlanm\u0131\u015ft\u0131r: <a href=\"https:\/\/www.telaled.com\/tr\/painel-de-led-para-eventos\/\" data-wplink-edit=\"true\">olaylar<\/a> \u0130ster i\u00e7 mekanda ister d\u0131\u015f mekanda olsun, ekran\u0131n\u0131z\u0131 h\u0131zl\u0131 ve kolay bir \u015fekilde kurabilir, ba\u015ftan sona sorunsuz bir deneyim ya\u015fayabilirsiniz.<\/li>\n<\/ul>\n\t<div class=\"img has-hover x md-x lg-x y md-y lg-y\" id=\"image_1735770230\">\n\t\t\t\t\t\t\t\t<div class=\"img-inner dark\" >\n\t\t\t<img loading=\"lazy\" decoding=\"async\" width=\"677\" height=\"413\" src=\"https:\/\/www.telaled.com\/wp-content\/uploads\/2025\/09\/Facil-instalacao.webp\" class=\"attachment-large size-large\" alt=\"Kolay kurulum\" srcset=\"https:\/\/www.telaled.com\/wp-content\/uploads\/2025\/09\/Facil-instalacao.webp 677w, https:\/\/www.telaled.com\/wp-content\/uploads\/2025\/09\/Facil-instalacao-300x183.webp 300w, https:\/\/www.telaled.com\/wp-content\/uploads\/2025\/09\/Facil-instalacao-18x12.webp 18w, https:\/\/www.telaled.com\/wp-content\/uploads\/2025\/09\/Facil-instalacao-600x366.webp 600w\" sizes=\"auto, (max-width: 677px) 100vw, 677px\" \/>\t\t\t\t\t\t\n\t\t\t\t\t<\/div>\n\t\t\t\t\t\t\t\t\n<style>\n#image_1735770230 {\n  width: 95%;\n}\n<\/style>\n\t<\/div>\n\t\n\t\t<\/div>\n\t\t\t\t\t<\/div>\n\n\t\n\n\t<div id=\"col-156444616\" class=\"col medium-10 small-12 large-10\"  >\n\t\t\t\t<div class=\"col-inner text-left\"  >\n\t\t\t\n\t\t\t\n<ul>\n<li>TCG Serisi LED Harf Panellerimiz, ta\u015f\u0131ma s\u0131ras\u0131nda korunmalar\u0131 i\u00e7in g\u00fc\u00e7lendirilmi\u015f ah\u015fap kasalarda paketlenmi\u015ftir. Her bir \u00fcnite, ha\u015ferelerden, darbelerden ve di\u011fer tehlikelerden kaynaklanan hasar\u0131 \u00f6nlemek i\u00e7in g\u00fcvenli bir \u015fekilde paketlenmi\u015ftir. Bu, dayan\u0131kl\u0131l\u0131k ve g\u00fcvenli teslimat\u0131 sa\u011flar.<\/li>\n<\/ul>\n\t<div class=\"img has-hover x md-x lg-x y md-y lg-y\" id=\"image_1995404413\">\n\t\t\t\t\t\t\t\t<div class=\"img-inner dark\" >\n\t\t\t<img loading=\"lazy\" decoding=\"async\" width=\"760\" height=\"1024\" src=\"https:\/\/www.telaled.com\/wp-content\/uploads\/2025\/08\/36123f2c-de60-488d-af81-255cd4aee54a-760x1024.webp\" class=\"attachment-large size-large\" alt=\"\" srcset=\"https:\/\/www.telaled.com\/wp-content\/uploads\/2025\/08\/36123f2c-de60-488d-af81-255cd4aee54a-760x1024.webp 760w, https:\/\/www.telaled.com\/wp-content\/uploads\/2025\/08\/36123f2c-de60-488d-af81-255cd4aee54a-223x300.webp 223w, https:\/\/www.telaled.com\/wp-content\/uploads\/2025\/08\/36123f2c-de60-488d-af81-255cd4aee54a-768x1035.webp 768w, https:\/\/www.telaled.com\/wp-content\/uploads\/2025\/08\/36123f2c-de60-488d-af81-255cd4aee54a-9x12.webp 9w, https:\/\/www.telaled.com\/wp-content\/uploads\/2025\/08\/36123f2c-de60-488d-af81-255cd4aee54a-600x808.webp 600w, https:\/\/www.telaled.com\/wp-content\/uploads\/2025\/08\/36123f2c-de60-488d-af81-255cd4aee54a.webp 795w\" sizes=\"auto, (max-width: 760px) 100vw, 760px\" \/>\t\t\t\t\t\t\n\t\t\t\t\t<\/div>\n\t\t\t\t\t\t\t\t\n<style>\n#image_1995404413 {\n  width: 95%;\n}\n<\/style>\n\t<\/div>\n\t\n\n<table id=\"tablepress-39\" class=\"tablepress tablepress-id-39\">\n<thead>\n<tr class=\"row-1\">\n\t<th class=\"column-1\">Ba\u015fvuru <\/th><th class=\"column-2\">\u0130\u00e7 ve D\u0131\u015f<\/th>\n<\/tr>\n<\/thead>\n<tbody class=\"row-striping row-hover\">\n<tr class=\"row-2\">\n\t<td class=\"column-1\">Ekran Tipi:<\/td><td class=\"column-2\"> LED Video Ekran\u0131<\/td>\n<\/tr>\n<tr class=\"row-3\">\n\t<td class=\"column-1\">Yenileme H\u0131z\u0131: <\/td><td class=\"column-2\">1920Hz\/3840Hz<\/td>\n<\/tr>\n<tr class=\"row-4\">\n\t<td class=\"column-1\">Dolap Malzemesi: <\/td><td class=\"column-2\">Demir\/Al\u00fcminyum<\/td>\n<\/tr>\n<tr class=\"row-5\">\n\t<td class=\"column-1\">Bak\u0131m: <\/td><td class=\"column-2\">\u00d6n Servis\/Arka Servis<\/td>\n<\/tr>\n<tr class=\"row-6\">\n\t<td class=\"column-1\">K\u00f6ken: <\/td><td class=\"column-2\">Shenzhen, \u00c7in<\/td>\n<\/tr>\n<tr class=\"row-7\">\n\t<td class=\"column-1\">Tedarik\u00e7i T\u00fcr\u00fc: <\/td><td class=\"column-2\">Orijinal \u00dcretici, ODM, OEM<\/td>\n<\/tr>\n<tr class=\"row-8\">\n\t<td class=\"column-1\">Pikseller aras\u0131 mesafe (mm) <\/td><td class=\"column-2\">P2, 5, P3, P4 PS, P10<\/td>\n<\/tr>\n<tr class=\"row-9\">\n\t<td class=\"column-1\">Piksel bile\u015fimi: <\/td><td class=\"column-2\">1R1G1B<\/td>\n<\/tr>\n<tr class=\"row-10\">\n\t<td class=\"column-1\">LED tipi: <\/td><td class=\"column-2\">SMD2121<\/td>\n<\/tr>\n<tr class=\"row-11\">\n\t<td class=\"column-1\">Tarama Modu: <\/td><td class=\"column-2\">32\/16\/8<\/td>\n<\/tr>\n<tr class=\"row-12\">\n\t<td class=\"column-1\">Parlakl\u0131k (cd\/m\u00b2) <\/td><td class=\"column-2\">1000-1500<\/td>\n<\/tr>\n<tr class=\"row-13\">\n\t<td class=\"column-1\">Nakliye i\u00e7in ambalaj: <\/td><td class=\"column-2\">Ta\u015f\u0131ma \u00c7antas\u0131 veya Ah\u015fap Kutu<\/td>\n<\/tr>\n<tr class=\"row-14\">\n\t<td class=\"column-1\">Parlakl\u0131k Ayar\u0131:<\/td><td class=\"column-2\"> 256 Seviye<\/td>\n<\/tr>\n<tr class=\"row-15\">\n\t<td class=\"column-1\">Sertifikasyon: <\/td><td class=\"column-2\">CE, RoHS, ETL<\/td>\n<\/tr>\n<tr class=\"row-16\">\n\t<td class=\"column-1\">Nakliye <\/td><td class=\"column-2\">Ekspres, hava veya deniz yoluyla.<\/td>\n<\/tr>\n<tr class=\"row-17\">\n\t<td class=\"column-1\">Bak\u0131\u015f A\u00e7\u0131s\u0131: <\/td><td class=\"column-2\">140 derece<\/td>\n<\/tr>\n<tr class=\"row-18\">\n\t<td class=\"column-1\">Kullan\u0131m \u00d6mr\u00fc: <\/td><td class=\"column-2\">50.000 saat<\/td>\n<\/tr>\n<tr class=\"row-19\">\n\t<td class=\"column-1\">\u00c7al\u0131\u015fma S\u0131cakl\u0131\u011f\u0131 (\u00b0C)<\/td><td class=\"column-2\"> -40\u00b0C ile 80\u00b0C aras\u0131nda<\/td>\n<\/tr>\n<\/tbody>\n<\/table>\n<!-- #tablepress-39 from cache -->\n\t\t<\/div>\n\t\t\t\t\t<\/div>\n\n\t\n<\/div>\n\t\t<\/div>\n\t\t\t\t\t<\/div>\n\n\t\n<\/div>","protected":false},"excerpt":{"rendered":"<p><strong>TCG Serisi LED Harf Panelleri ile markan\u0131z\u0131 d\u00f6n\u00fc\u015ft\u00fcr\u00fcn \u2013 Canl\u0131, Dinamik ve Etkileyici.<\/strong><\/p>\n<p>Markan\u0131z\u0131 ve etkinliklerinizi \u015fu \u00fcr\u00fcnlerle geli\u015ftirin... <strong><em>TCG Serisi LED Harf Paneli<\/em><\/strong> Ki\u015fiselle\u015ftirilebilir. Bu dinamik ekranlar, canl\u0131 ve g\u00f6z al\u0131c\u0131 g\u00f6rseller olu\u015fturmak i\u00e7in harfleri, metni ve grafik \u00f6\u011feleri bir araya getirir. \u0130\u00e7 ve d\u0131\u015f mekan kullan\u0131m\u0131na m\u00fckemmel uyum sa\u011flayan bu ekranlar, renkli animasyonlar ve kolay kontrol imkan\u0131 sunar.<\/p>\n<p><strong>Ba\u015fl\u0131ca \u00f6zellikler:<\/strong><\/p>\n<ul>\n<li><strong>\u00d6zelle\u015ftirilebilir ekranlar:<\/strong> Herhangi bir etkinlik veya kampanya i\u00e7in canl\u0131 yaz\u0131 tipleri, animasyonlar ve grafikler olu\u015fturun.<\/li>\n<li><strong>Y\u00fcksek kaliteli g\u00f6rseller:<\/strong> Lo\u015f \u0131\u015f\u0131kta veya a\u00e7\u0131k havada bile parlak ve net ekranlar\u0131n keyfini \u00e7\u0131kar\u0131n.<\/li>\n<li><strong>Dayan\u0131kl\u0131 ve uzun \u00f6m\u00fcrl\u00fc:<\/strong> 50.000 saat kullan\u0131m \u00f6mr\u00fcne sahip ve y\u00fcksek s\u0131cakl\u0131klara dayan\u0131kl\u0131 olarak tasarlanm\u0131\u015ft\u0131r.<\/li>\n<li><strong>Kolay kurulum ve bak\u0131m:<\/strong> esnek kurulum se\u00e7enekleriyle <a href=\"https:\/\/www.telaled.com\/tr\/fabrica\/painel-de-led-para-manutencao-frontal-serie-tib\/\">\u00f6n servis<\/a> ve sade arka k\u0131s\u0131m.<\/li>\n<\/ul>\n<p>Ekibimiz 7\/24 uzaktan destek ve 3 y\u0131l garanti sunmaktad\u0131r. Ki\u015fiselle\u015ftirilmi\u015f fiyat teklifi i\u00e7in bug\u00fcn bizimle ileti\u015fime ge\u00e7in.<\/p>","protected":false},"featured_media":3278,"template":"","meta":[],"product_brand":[],"product_cat":[48,40,46],"product_tag":[],"class_list":{"0":"post-3277","1":"product","2":"type-product","3":"status-publish","4":"has-post-thumbnail","6":"product_cat-paineis-personalizados","7":"product_cat-painel-de-led","8":"product_cat-painel-de-video","10":"first","11":"instock","12":"shipping-taxable","13":"product-type-simple"},"yoast_head":"<!-- This site is optimized with the Yoast SEO plugin v27.4 - https:\/\/yoast.com\/product\/yoast-seo-wordpress\/ -->\n<title>Painel de LED Letras S\u00e9rie TCG | Tela LED com Letras Criativas para Eventos e Branding | TELALED<\/title>\n<meta name=\"description\" content=\"As Painel de LED Letras S\u00e9rie TCG s\u00e3o letras personaliz\u00e1veis \u200b\u200bpara exibi\u00e7\u00f5es vibrantes e expressivas em ambientes internos e externos. Explore nossas Telas de LED para Letras de alta qualidade com diferentes densidades de pixels e sistemas de controle flex\u00edveis.\" \/>\n<meta name=\"robots\" content=\"index, follow, max-snippet:-1, max-image-preview:large, max-video-preview:-1\" \/>\n<link rel=\"canonical\" href=\"https:\/\/www.telaled.com\/tr\/fabrica\/painel-de-led-letras-serie-tcg\/\" \/>\n<meta property=\"og:locale\" content=\"tr_TR\" \/>\n<meta property=\"og:type\" content=\"article\" \/>\n<meta property=\"og:title\" content=\"Painel de LED Letras S\u00e9rie TCG | Tela LED com Letras Criativas para Eventos e Branding | TELALED\" \/>\n<meta property=\"og:description\" content=\"As Painel de LED Letras S\u00e9rie TCG s\u00e3o letras personaliz\u00e1veis \u200b\u200bpara exibi\u00e7\u00f5es vibrantes e expressivas em ambientes internos e externos. Explore nossas Telas de LED para Letras de alta qualidade com diferentes densidades de pixels e sistemas de controle flex\u00edveis.\" \/>\n<meta property=\"og:url\" content=\"https:\/\/www.telaled.com\/tr\/fabrica\/painel-de-led-letras-serie-tcg\/\" \/>\n<meta property=\"og:site_name\" content=\"TELALED\" \/>\n<meta property=\"article:modified_time\" content=\"2026-01-06T00:51:09+00:00\" \/>\n<meta property=\"og:image\" content=\"https:\/\/www.telaled.com\/wp-content\/uploads\/2025\/09\/Painel-de-LED-Letras-Serie-TCG.webp\" \/>\n\t<meta property=\"og:image:width\" content=\"500\" \/>\n\t<meta property=\"og:image:height\" content=\"500\" \/>\n\t<meta property=\"og:image:type\" content=\"image\/webp\" \/>\n<meta name=\"twitter:card\" content=\"summary_large_image\" \/>\n<meta name=\"twitter:label1\" content=\"Est. reading time\" \/>\n\t<meta name=\"twitter:data1\" content=\"3 dakika\" \/>\n<script type=\"application\/ld+json\" class=\"yoast-schema-graph\">{\"@context\":\"https:\\\/\\\/schema.org\",\"@graph\":[{\"@type\":\"WebPage\",\"@id\":\"https:\\\/\\\/www.telaled.com\\\/fabrica\\\/painel-de-led-letras-serie-tcg\\\/\",\"url\":\"https:\\\/\\\/www.telaled.com\\\/fabrica\\\/painel-de-led-letras-serie-tcg\\\/\",\"name\":\"Painel de LED Letras S\u00e9rie TCG | Tela LED com Letras Criativas para Eventos e Branding | TELALED\",\"isPartOf\":{\"@id\":\"https:\\\/\\\/www.telaled.com\\\/#website\"},\"primaryImageOfPage\":{\"@id\":\"https:\\\/\\\/www.telaled.com\\\/fabrica\\\/painel-de-led-letras-serie-tcg\\\/#primaryimage\"},\"image\":{\"@id\":\"https:\\\/\\\/www.telaled.com\\\/fabrica\\\/painel-de-led-letras-serie-tcg\\\/#primaryimage\"},\"thumbnailUrl\":\"https:\\\/\\\/www.telaled.com\\\/wp-content\\\/uploads\\\/2025\\\/09\\\/Painel-de-LED-Letras-Serie-TCG.webp\",\"datePublished\":\"2025-09-09T10:03:44+00:00\",\"dateModified\":\"2026-01-06T00:51:09+00:00\",\"description\":\"As Painel de LED Letras S\u00e9rie TCG s\u00e3o letras personaliz\u00e1veis \u200b\u200bpara exibi\u00e7\u00f5es vibrantes e expressivas em ambientes internos e externos. Explore nossas Telas de LED para Letras de alta qualidade com diferentes densidades de pixels e sistemas de controle flex\u00edveis.\",\"breadcrumb\":{\"@id\":\"https:\\\/\\\/www.telaled.com\\\/fabrica\\\/painel-de-led-letras-serie-tcg\\\/#breadcrumb\"},\"inLanguage\":\"tr\",\"potentialAction\":[{\"@type\":\"ReadAction\",\"target\":[\"https:\\\/\\\/www.telaled.com\\\/fabrica\\\/painel-de-led-letras-serie-tcg\\\/\"]}]},{\"@type\":\"ImageObject\",\"inLanguage\":\"tr\",\"@id\":\"https:\\\/\\\/www.telaled.com\\\/fabrica\\\/painel-de-led-letras-serie-tcg\\\/#primaryimage\",\"url\":\"https:\\\/\\\/www.telaled.com\\\/wp-content\\\/uploads\\\/2025\\\/09\\\/Painel-de-LED-Letras-Serie-TCG.webp\",\"contentUrl\":\"https:\\\/\\\/www.telaled.com\\\/wp-content\\\/uploads\\\/2025\\\/09\\\/Painel-de-LED-Letras-Serie-TCG.webp\",\"width\":500,\"height\":500,\"caption\":\"Painel-de-LED-Letras-S\u00e9rie-TCG\"},{\"@type\":\"BreadcrumbList\",\"@id\":\"https:\\\/\\\/www.telaled.com\\\/fabrica\\\/painel-de-led-letras-serie-tcg\\\/#breadcrumb\",\"itemListElement\":[{\"@type\":\"ListItem\",\"position\":1,\"name\":\"Home\",\"item\":\"https:\\\/\\\/www.telaled.com\\\/\"},{\"@type\":\"ListItem\",\"position\":2,\"name\":\"Produtos\",\"item\":\"https:\\\/\\\/www.telaled.com\\\/shop\\\/\"},{\"@type\":\"ListItem\",\"position\":3,\"name\":\"Painel de LED Letras S\u00e9rie TCG\"}]},{\"@type\":\"WebSite\",\"@id\":\"https:\\\/\\\/www.telaled.com\\\/#website\",\"url\":\"https:\\\/\\\/www.telaled.com\\\/\",\"name\":\"TELALED\",\"description\":\"\",\"potentialAction\":[{\"@type\":\"SearchAction\",\"target\":{\"@type\":\"EntryPoint\",\"urlTemplate\":\"https:\\\/\\\/www.telaled.com\\\/?s={search_term_string}\"},\"query-input\":{\"@type\":\"PropertyValueSpecification\",\"valueRequired\":true,\"valueName\":\"search_term_string\"}}],\"inLanguage\":\"tr\"}]}<\/script>\n<!-- \/ Yoast SEO plugin. -->","yoast_head_json":{"title":"TCG Serisi Harflere Sahip LED Panel | Etkinlikler ve Marka Tan\u0131t\u0131m\u0131 i\u00e7in Yarat\u0131c\u0131 Harflere Sahip LED Ekran | TELALED","description":"TCG Serisi LED Harf Panelleri, i\u00e7 ve d\u0131\u015f mekanlarda canl\u0131 ve etkileyici ekranlar i\u00e7in \u00f6zelle\u015ftirilebilir harflerdir. Farkl\u0131 piksel yo\u011funluklar\u0131na ve esnek kontrol sistemlerine sahip y\u00fcksek kaliteli LED Harf Ekranlar\u0131m\u0131z\u0131 ke\u015ffedin.","robots":{"index":"index","follow":"follow","max-snippet":"max-snippet:-1","max-image-preview":"max-image-preview:large","max-video-preview":"max-video-preview:-1"},"canonical":"https:\/\/www.telaled.com\/tr\/fabrica\/painel-de-led-letras-serie-tcg\/","og_locale":"tr_TR","og_type":"article","og_title":"Painel de LED Letras S\u00e9rie TCG | Tela LED com Letras Criativas para Eventos e Branding | TELALED","og_description":"As Painel de LED Letras S\u00e9rie TCG s\u00e3o letras personaliz\u00e1veis \u200b\u200bpara exibi\u00e7\u00f5es vibrantes e expressivas em ambientes internos e externos. Explore nossas Telas de LED para Letras de alta qualidade com diferentes densidades de pixels e sistemas de controle flex\u00edveis.","og_url":"https:\/\/www.telaled.com\/tr\/fabrica\/painel-de-led-letras-serie-tcg\/","og_site_name":"TELALED","article_modified_time":"2026-01-06T00:51:09+00:00","og_image":[{"width":500,"height":500,"url":"https:\/\/www.telaled.com\/wp-content\/uploads\/2025\/09\/Painel-de-LED-Letras-Serie-TCG.webp","type":"image\/webp"}],"twitter_card":"summary_large_image","twitter_misc":{"Est. reading time":"3 dakika"},"schema":{"@context":"https:\/\/schema.org","@graph":[{"@type":"WebPage","@id":"https:\/\/www.telaled.com\/fabrica\/painel-de-led-letras-serie-tcg\/","url":"https:\/\/www.telaled.com\/fabrica\/painel-de-led-letras-serie-tcg\/","name":"TCG Serisi Harflere Sahip LED Panel | Etkinlikler ve Marka Tan\u0131t\u0131m\u0131 i\u00e7in Yarat\u0131c\u0131 Harflere Sahip LED Ekran | TELALED","isPartOf":{"@id":"https:\/\/www.telaled.com\/#website"},"primaryImageOfPage":{"@id":"https:\/\/www.telaled.com\/fabrica\/painel-de-led-letras-serie-tcg\/#primaryimage"},"image":{"@id":"https:\/\/www.telaled.com\/fabrica\/painel-de-led-letras-serie-tcg\/#primaryimage"},"thumbnailUrl":"https:\/\/www.telaled.com\/wp-content\/uploads\/2025\/09\/Painel-de-LED-Letras-Serie-TCG.webp","datePublished":"2025-09-09T10:03:44+00:00","dateModified":"2026-01-06T00:51:09+00:00","description":"TCG Serisi LED Harf Panelleri, i\u00e7 ve d\u0131\u015f mekanlarda canl\u0131 ve etkileyici ekranlar i\u00e7in \u00f6zelle\u015ftirilebilir harflerdir. Farkl\u0131 piksel yo\u011funluklar\u0131na ve esnek kontrol sistemlerine sahip y\u00fcksek kaliteli LED Harf Ekranlar\u0131m\u0131z\u0131 ke\u015ffedin.","breadcrumb":{"@id":"https:\/\/www.telaled.com\/fabrica\/painel-de-led-letras-serie-tcg\/#breadcrumb"},"inLanguage":"tr","potentialAction":[{"@type":"ReadAction","target":["https:\/\/www.telaled.com\/fabrica\/painel-de-led-letras-serie-tcg\/"]}]},{"@type":"ImageObject","inLanguage":"tr","@id":"https:\/\/www.telaled.com\/fabrica\/painel-de-led-letras-serie-tcg\/#primaryimage","url":"https:\/\/www.telaled.com\/wp-content\/uploads\/2025\/09\/Painel-de-LED-Letras-Serie-TCG.webp","contentUrl":"https:\/\/www.telaled.com\/wp-content\/uploads\/2025\/09\/Painel-de-LED-Letras-Serie-TCG.webp","width":500,"height":500,"caption":"Painel-de-LED-Letras-S\u00e9rie-TCG"},{"@type":"BreadcrumbList","@id":"https:\/\/www.telaled.com\/fabrica\/painel-de-led-letras-serie-tcg\/#breadcrumb","itemListElement":[{"@type":"ListItem","position":1,"name":"Home","item":"https:\/\/www.telaled.com\/"},{"@type":"ListItem","position":2,"name":"Produtos","item":"https:\/\/www.telaled.com\/shop\/"},{"@type":"ListItem","position":3,"name":"Painel de LED Letras S\u00e9rie TCG"}]},{"@type":"WebSite","@id":"https:\/\/www.telaled.com\/#website","url":"https:\/\/www.telaled.com\/","name":"LED Ekran","description":"","potentialAction":[{"@type":"SearchAction","target":{"@type":"EntryPoint","urlTemplate":"https:\/\/www.telaled.com\/?s={search_term_string}"},"query-input":{"@type":"PropertyValueSpecification","valueRequired":true,"valueName":"search_term_string"}}],"inLanguage":"tr"}]}},"_links":{"self":[{"href":"https:\/\/www.telaled.com\/tr\/wp-json\/wp\/v2\/product\/3277","targetHints":{"allow":["GET"]}}],"collection":[{"href":"https:\/\/www.telaled.com\/tr\/wp-json\/wp\/v2\/product"}],"about":[{"href":"https:\/\/www.telaled.com\/tr\/wp-json\/wp\/v2\/types\/product"}],"wp:featuredmedia":[{"embeddable":true,"href":"https:\/\/www.telaled.com\/tr\/wp-json\/wp\/v2\/media\/3278"}],"wp:attachment":[{"href":"https:\/\/www.telaled.com\/tr\/wp-json\/wp\/v2\/media?parent=3277"}],"wp:term":[{"taxonomy":"product_brand","embeddable":true,"href":"https:\/\/www.telaled.com\/tr\/wp-json\/wp\/v2\/product_brand?post=3277"},{"taxonomy":"product_cat","embeddable":true,"href":"https:\/\/www.telaled.com\/tr\/wp-json\/wp\/v2\/product_cat?post=3277"},{"taxonomy":"product_tag","embeddable":true,"href":"https:\/\/www.telaled.com\/tr\/wp-json\/wp\/v2\/product_tag?post=3277"}],"curies":[{"name":"wp","href":"https:\/\/api.w.org\/{rel}","templated":true}]}}