{"id":3262,"date":"2025-09-08T08:40:22","date_gmt":"2025-09-08T08:40:22","guid":{"rendered":"https:\/\/www.telaled.com\/?post_type=product&#038;p=3262"},"modified":"2026-01-06T00:37:31","modified_gmt":"2026-01-06T00:37:31","slug":"circular-led-display-serie-tcf","status":"publish","type":"product","link":"https:\/\/www.telaled.com\/tr\/fabrica\/circular-led-display-serie-tcf\/","title":{"rendered":"Dairesel LED Ekran TCF Serisi"},"content":{"rendered":"<div class=\"row\"  id=\"row-1634870813\">\n\n\t<div id=\"col-586559941\" class=\"col small-12 large-12\"  >\n\t\t\t\t<div class=\"col-inner\"  >\n\t\t\t\n\t\t\t\n<h2>Dairesel LED Ekran TCF Serisinin \u00d6zel Avantajlar\u0131<\/h2>\n<h3><strong>\u00dcst\u00fcn Dayan\u0131kl\u0131l\u0131k<\/strong><\/h3>\n<ul>\n<li>Daha fazla mukavemet ve stabilite i\u00e7in y\u00fcksek hassasiyetle per\u00e7inlenmi\u015f al\u00fcminyum \u00e7er\u00e7eve.<\/li>\n<li>Hafif ve sa\u011flam yap\u0131s\u0131yla uzun s\u00fcreli performans sa\u011flar.<\/li>\n<li>Hava ko\u015fullar\u0131na dayan\u0131kl\u0131, zorlu \u00e7evre \u015fartlar\u0131na dayanabilen.<\/li>\n<li>Hem i\u00e7 hem de d\u0131\u015f mekan kullan\u0131m\u0131na uygun olarak tasarlanm\u0131\u015ft\u0131r.<\/li>\n<\/ul>\n<h3><strong>Ola\u011fan\u00fcst\u00fc G\u00f6rsel Kalite<\/strong><\/h3>\n<ul>\n<li>Ak\u0131c\u0131 ve titre\u015fimsiz g\u00f6r\u00fcnt\u00fcler i\u00e7in y\u00fcksek yenileme h\u0131z\u0131 (3849 Hz&#039;ye kadar).<\/li>\n<li>Kristal netli\u011finde \u00e7\u00f6z\u00fcn\u00fcrl\u00fck i\u00e7in \u00f6zelle\u015ftirilebilir piksel aral\u0131\u011f\u0131.<\/li>\n<li>Net ve \u00e7ekici ekranlar i\u00e7in y\u00fcksek parlakl\u0131k (1200 cd\/m\u00b2).<\/li>\n<li>Ger\u00e7ek\u00e7i g\u00f6r\u00fcnt\u00fcler i\u00e7in m\u00fckemmel renk kontrast\u0131 ve gri tonlama.<\/li>\n<\/ul>\n<h3><strong>Tam Uyarlanabilirlik<\/strong><\/h3>\n<ul>\n<li>\u00d6zelle\u015ftirilebilir boyut se\u00e7enekleri: 1 m, 1,3 m, 1,5 m, 1,6 m, 2 m, 2,5 m ve 3 m \u00e7ap.<\/li>\n<li>Tek tarafl\u0131 veya \u00e7ift tarafl\u0131 olarak mevcuttur.<\/li>\n<li>\u00c7e\u015fitli kontrol y\u00f6ntemleri: Wi-Fi, USB, 4G ve daha fazlas\u0131.<\/li>\n<li>Perakendeden kurumsal ortamlara kadar \u00e7e\u015fitli ortamlara sorunsuz entegrasyon. <a href=\"https:\/\/www.telaled.com\/tr\/telao-de-led-para-eventos\/\">olaylar<\/a>.<\/li>\n<\/ul>\n<h3><strong>Kapsaml\u0131 Destek<\/strong><\/h3>\n<ul>\n<li>7\/24 Uzaktan Teknik Destek: Uzman yard\u0131m\u0131na istedi\u011finiz zaman, istedi\u011finiz yerden ula\u015f\u0131n.<\/li>\n<li>5% yedek par\u00e7a dahildir: Her sipari\u015f, g\u00fcvenilirli\u011fi art\u0131rmak ve g\u00f6n\u00fcl rahatl\u0131\u011f\u0131 sa\u011flamak i\u00e7in ek bile\u015fenler i\u00e7erir.<\/li>\n<li>3 Y\u0131l Uzat\u0131lm\u0131\u015f Garanti: Daha iyi performans ve g\u00fcvenilir hizmet i\u00e7in uzun vadeli entegrasyondan yararlan\u0131n.<\/li>\n<\/ul>\n<h2>\u00dcr\u00fcn detaylar\u0131<\/h2>\n<div class=\"row\"  id=\"row-521602723\">\n\n\t<div id=\"col-348688742\" class=\"col medium-10 small-12 large-10\"  >\n\t\t\t\t<div class=\"col-inner text-left\"  >\n\t\t\t\n\t\t\t\n<ul>\n<li>Darbelere ve esnekli\u011fe dayanacak \u015fekilde tasarlanm\u0131\u015ft\u0131r. 1 metreden 3 metreye kadar de\u011fi\u015fen \u00e7aplarda tekli veya \u00e7iftli boyut se\u00e7enekleri sunarak her mekana ideal boyutu sa\u011fl\u0131yoruz. Bu ekranlar, LAN, Wi-Fi, 4G ve USB dahil olmak \u00fczere \u00e7e\u015fitli kontrol y\u00f6ntemlerini destekler ve kolay tak-\u00e7al\u0131\u015ft\u0131r \u00f6zelli\u011fine sahiptir.<\/li>\n<\/ul>\n\t<div class=\"img has-hover x md-x lg-x y md-y lg-y\" id=\"image_1070547435\">\n\t\t\t\t\t\t\t\t<div class=\"img-inner dark\" >\n\t\t\t<img loading=\"lazy\" decoding=\"async\" width=\"1000\" height=\"720\" src=\"https:\/\/www.telaled.com\/wp-content\/uploads\/2025\/09\/Vista-Estrutural-Simples-e-Dupla-Face.webp\" class=\"attachment-original size-original\" alt=\"Tek ve \u00c7ift Tarafl\u0131 Yap\u0131sal G\u00f6r\u00fcn\u00fcm\" srcset=\"https:\/\/www.telaled.com\/wp-content\/uploads\/2025\/09\/Vista-Estrutural-Simples-e-Dupla-Face.webp 1000w, https:\/\/www.telaled.com\/wp-content\/uploads\/2025\/09\/Vista-Estrutural-Simples-e-Dupla-Face-300x216.webp 300w, https:\/\/www.telaled.com\/wp-content\/uploads\/2025\/09\/Vista-Estrutural-Simples-e-Dupla-Face-768x553.webp 768w, https:\/\/www.telaled.com\/wp-content\/uploads\/2025\/09\/Vista-Estrutural-Simples-e-Dupla-Face-18x12.webp 18w, https:\/\/www.telaled.com\/wp-content\/uploads\/2025\/09\/Vista-Estrutural-Simples-e-Dupla-Face-600x432.webp 600w\" sizes=\"auto, (max-width: 1000px) 100vw, 1000px\" \/>\t\t\t\t\t\t\n\t\t\t\t\t<\/div>\n\t\t\t\t\t\t\t\t\n<style>\n#image_1070547435 {\n  width: 95%;\n}\n<\/style>\n\t<\/div>\n\t\n<ul>\n<li>Sistemimiz RJ45 ba\u011flant\u0131s\u0131n\u0131 ve Wi-Fi veya 4G \u00fczerinden uzaktan kontrol\u00fc destekler. \u0130ster mobil cihazda, ister diz\u00fcst\u00fc bilgisayarda veya masa\u00fcst\u00fc bilgisayarda olsun, i\u00e7eri\u011fi h\u0131zl\u0131 ve kolay bir \u015fekilde y\u00fckleyebilir, i\u015fletmenizin ihtiya\u00e7lar\u0131 i\u00e7in son derece esnek ve verimli bir \u00e7\u00f6z\u00fcm elde edebilirsiniz.<\/li>\n<\/ul>\n\t\t<\/div>\n\t\t\t\t\t<\/div>\n\n\t\n\n\t<div id=\"col-274648700\" class=\"col medium-10 small-12 large-10\"  >\n\t\t\t\t<div class=\"col-inner text-left\"  >\n\t\t\t\n\t\t\t\n\t<div class=\"img has-hover x md-x lg-x y md-y lg-y\" id=\"image_474554900\">\n\t\t\t\t\t\t\t\t<div class=\"img-inner dark\" >\n\t\t\t<img loading=\"lazy\" decoding=\"async\" width=\"838\" height=\"499\" src=\"https:\/\/www.telaled.com\/wp-content\/uploads\/2025\/09\/Controle-remoto-de-rede.webp\" class=\"attachment-large size-large\" alt=\"\" srcset=\"https:\/\/www.telaled.com\/wp-content\/uploads\/2025\/09\/Controle-remoto-de-rede.webp 838w, https:\/\/www.telaled.com\/wp-content\/uploads\/2025\/09\/Controle-remoto-de-rede-300x179.webp 300w, https:\/\/www.telaled.com\/wp-content\/uploads\/2025\/09\/Controle-remoto-de-rede-768x457.webp 768w, https:\/\/www.telaled.com\/wp-content\/uploads\/2025\/09\/Controle-remoto-de-rede-18x12.webp 18w, https:\/\/www.telaled.com\/wp-content\/uploads\/2025\/09\/Controle-remoto-de-rede-600x357.webp 600w\" sizes=\"auto, (max-width: 838px) 100vw, 838px\" \/>\t\t\t\t\t\t\n\t\t\t\t\t<\/div>\n\t\t\t\t\t\t\t\t\n<style>\n#image_474554900 {\n  width: 95%;\n}\n<\/style>\n\t<\/div>\n\t\n<ul>\n<li>Dairesel LED ekranlar, farkl\u0131 mekanlara uyum sa\u011flamak i\u00e7in \u00e7e\u015fitli \u015fekillerde monte edilebilir. <a href=\"https:\/\/www.telaled.com\/tr\/painel-led-parede\/\">duvar<\/a> ile<a href=\"https:\/\/www.telaled.com\/tr\/painel-de-led-para-loja\/\"> ma\u011fazalar<\/a> Ofislerde, lobilerde ve etkinliklerde kancalara veya kablolara as\u0131larak, ticari alanlarda tavana y\u00fcz\u00fc a\u015fa\u011f\u0131 bakacak \u015fekilde sabitlenerek, perakende ortamlar\u0131nda y\u00fckseklik ve a\u00e7\u0131 ayar\u0131 i\u00e7in bir destek \u00fczerine monte edilerek ve meydanlar ve avlular gibi a\u00e7\u0131k alanlarda yere sabitlenerek kullan\u0131labilir.<\/li>\n<\/ul>\n\t<div class=\"img has-hover x md-x lg-x y md-y lg-y\" id=\"image_83826856\">\n\t\t\t\t\t\t\t\t<div class=\"img-inner dark\" >\n\t\t\t<img loading=\"lazy\" decoding=\"async\" width=\"838\" height=\"499\" src=\"https:\/\/www.telaled.com\/wp-content\/uploads\/2025\/09\/Formas-de-instalacao-do-display-LED-circular.webp\" class=\"attachment-large size-large\" alt=\"Dairesel LED ekran kurulum y\u00f6ntemleri\" srcset=\"https:\/\/www.telaled.com\/wp-content\/uploads\/2025\/09\/Formas-de-instalacao-do-display-LED-circular.webp 838w, https:\/\/www.telaled.com\/wp-content\/uploads\/2025\/09\/Formas-de-instalacao-do-display-LED-circular-300x179.webp 300w, https:\/\/www.telaled.com\/wp-content\/uploads\/2025\/09\/Formas-de-instalacao-do-display-LED-circular-768x457.webp 768w, https:\/\/www.telaled.com\/wp-content\/uploads\/2025\/09\/Formas-de-instalacao-do-display-LED-circular-18x12.webp 18w, https:\/\/www.telaled.com\/wp-content\/uploads\/2025\/09\/Formas-de-instalacao-do-display-LED-circular-600x357.webp 600w\" sizes=\"auto, (max-width: 838px) 100vw, 838px\" \/>\t\t\t\t\t\t\n\t\t\t\t\t<\/div>\n\t\t\t\t\t\t\t\t\n<style>\n#image_83826856 {\n  width: 95%;\n}\n<\/style>\n\t<\/div>\n\t\n\t\t<\/div>\n\t\t\t\t\t<\/div>\n\n\t\n\n\t<div id=\"col-221354016\" class=\"col medium-10 small-12 large-10\"  >\n\t\t\t\t<div class=\"col-inner text-left\"  >\n\t\t\t\n\t\t\t\n<ul>\n<li>Dairesel LED ekranlar\u0131m\u0131z, ta\u015f\u0131ma s\u0131ras\u0131nda korunmalar\u0131 i\u00e7in g\u00fc\u00e7lendirilmi\u015f ah\u015fap kasalara paketlenir. Her bir \u00fcnite, ha\u015ferelerden, darbelerden ve di\u011fer tehlikelerden kaynaklanan hasar\u0131 \u00f6nlemek i\u00e7in g\u00fcvenli bir \u015fekilde paketlenir. Bu, dayan\u0131kl\u0131l\u0131\u011f\u0131 ve g\u00fcvenli teslimat\u0131 sa\u011flar.<\/li>\n<\/ul>\n\t<div class=\"img has-hover x md-x lg-x y md-y lg-y\" id=\"image_1168835995\">\n\t\t\t\t\t\t\t\t<div class=\"img-inner dark\" >\n\t\t\t<img loading=\"lazy\" decoding=\"async\" width=\"760\" height=\"1024\" src=\"https:\/\/www.telaled.com\/wp-content\/uploads\/2025\/08\/36123f2c-de60-488d-af81-255cd4aee54a-760x1024.webp\" class=\"attachment-large size-large\" alt=\"\" srcset=\"https:\/\/www.telaled.com\/wp-content\/uploads\/2025\/08\/36123f2c-de60-488d-af81-255cd4aee54a-760x1024.webp 760w, https:\/\/www.telaled.com\/wp-content\/uploads\/2025\/08\/36123f2c-de60-488d-af81-255cd4aee54a-223x300.webp 223w, https:\/\/www.telaled.com\/wp-content\/uploads\/2025\/08\/36123f2c-de60-488d-af81-255cd4aee54a-768x1035.webp 768w, https:\/\/www.telaled.com\/wp-content\/uploads\/2025\/08\/36123f2c-de60-488d-af81-255cd4aee54a-9x12.webp 9w, https:\/\/www.telaled.com\/wp-content\/uploads\/2025\/08\/36123f2c-de60-488d-af81-255cd4aee54a-600x808.webp 600w, https:\/\/www.telaled.com\/wp-content\/uploads\/2025\/08\/36123f2c-de60-488d-af81-255cd4aee54a.webp 795w\" sizes=\"auto, (max-width: 760px) 100vw, 760px\" \/>\t\t\t\t\t\t\n\t\t\t\t\t<\/div>\n\t\t\t\t\t\t\t\t\n<style>\n#image_1168835995 {\n  width: 95%;\n}\n<\/style>\n\t<\/div>\n\t\n\n<table id=\"tablepress-31\" class=\"tablepress tablepress-id-31\">\n<thead>\n<tr class=\"row-1\">\n\t<th class=\"column-1\">Teknik \u00d6zellikler:<\/th><th class=\"column-2\">TCF-P2.5-S840<\/th>\n<\/tr>\n<\/thead>\n<tbody class=\"row-striping row-hover\">\n<tr class=\"row-2\">\n\t<td class=\"column-1\">Piksel bile\u015fimi:<\/td><td class=\"column-2\">2121 (3&#039;\u00fc 1 arada)<\/td>\n<\/tr>\n<tr class=\"row-3\">\n\t<td class=\"column-1\">G\u00f6r\u00fcnt\u00fc yo\u011funlu\u011fu: (puan)<\/td><td class=\"column-2\">160000\u33a1<\/td>\n<\/tr>\n<tr class=\"row-4\">\n\t<td class=\"column-1\">\u0130deal izleme mesafesi: (m)<\/td><td class=\"column-2\">2,5-100m<\/td>\n<\/tr>\n<tr class=\"row-5\">\n\t<td class=\"column-1\">Maksimum enerji t\u00fcketimi:<\/td><td class=\"column-2\">800w\/\u33a1<\/td>\n<\/tr>\n<tr class=\"row-6\">\n\t<td class=\"column-1\">Tarama modu:<\/td><td class=\"column-2\">32 tarama<\/td>\n<\/tr>\n<tr class=\"row-7\">\n\t<td class=\"column-1\">Parlakl\u0131k: (CD\/\u33a1)<\/td><td class=\"column-2\">1200<\/td>\n<\/tr>\n<tr class=\"row-8\">\n\t<td class=\"column-1\">G\u00f6r\u00fc\u015f a\u00e7\u0131s\u0131: (m)<\/td><td class=\"column-2\">Y\u00fckseklik 120\u00b0 Dikey 120\u00b0 (50 mm sarmal\u0131 \u00e7er\u00e7eve) \/ Y\u00fckseklik 360\u00b0 Dikey 360\u00b0 (\u00c7er\u00e7evesiz)<\/td>\n<\/tr>\n<tr class=\"row-9\">\n\t<td class=\"column-1\">\u00c7al\u0131\u015fma gerilimi:<\/td><td class=\"column-2\">AC 220V\/100V\u00b115% 47~64HZ<\/td>\n<\/tr>\n<tr class=\"row-10\">\n\t<td class=\"column-1\">Besleme gerilimi:<\/td><td class=\"column-2\">5V<\/td>\n<\/tr>\n<tr class=\"row-11\">\n\t<td class=\"column-1\">Sistem \u00e7al\u0131\u015fma ortam s\u0131cakl\u0131\u011f\u0131:<\/td><td class=\"column-2\">-20~60\u00b0C<\/td>\n<\/tr>\n<tr class=\"row-12\">\n\t<td class=\"column-1\">Sistem orta d\u00fczeyde bir ortamda \u00e7al\u0131\u015fmaktad\u0131r:<\/td><td class=\"column-2\">10%~90% UR<\/td>\n<\/tr>\n<tr class=\"row-13\">\n\t<td class=\"column-1\">Ekran Rengi:<\/td><td class=\"column-2\">16,7 milyon<\/td>\n<\/tr>\n<tr class=\"row-14\">\n\t<td class=\"column-1\">Gri tonlama seviyesi:<\/td><td class=\"column-2\">16384<\/td>\n<\/tr>\n<tr class=\"row-15\">\n\t<td class=\"column-1\">\u0130leti\u015fim y\u00f6ntemi:<\/td><td class=\"column-2\">Senkronizasyon \/ Senkronizasyonun Bozulmas\u0131<\/td>\n<\/tr>\n<\/tbody>\n<\/table>\n<!-- #tablepress-31 from cache -->\n\t\t<\/div>\n\t\t\t\t\t<\/div>\n\n\t\n<\/div>\n\t\t<\/div>\n\t\t\t\t\t<\/div>\n\n\t\n<\/div>","protected":false},"excerpt":{"rendered":"<p><strong>\u00d6zelle\u015ftirilmi\u015f Dairesel LED Ekran TCF Serisi: Yenilik\u00e7i G\u00f6rsel \u00c7\u00f6z\u00fcmler<\/strong><\/p>\n<p>A <em><strong>Dairesel LED Ekran TCF Serisi<\/strong><\/em> \u00d6zel tasar\u0131m, parlak ve g\u00f6z al\u0131c\u0131 dairesel LED ekranlar sunuyoruz. Bu ekranlar, mekan\u0131n\u0131za yeni bir boyut kazand\u0131ran benzersiz ve ay\u0131rt edici bir g\u00f6rsel efekt sa\u011flar. <a href=\"https:\/\/www.telaled.com\/tr\/densidade-de-pixels-em-telas-de-led-e-lcd\/\">piksel yo\u011funlu\u011fu<\/a> \u00c7aplar\u0131 \u00f6zelle\u015ftirme imkan\u0131yla, ihtiya\u00e7lar\u0131n\u0131za m\u00fckemmel \u015fekilde uyan bir \u00e7\u00f6z\u00fcm olu\u015fturabilirsiniz.<\/p>\n<p><strong>Ba\u015fl\u0131ca \u00f6zellikler:<\/strong><\/p>\n<ul>\n<li><strong>\u00d6zelle\u015ftirilebilir tasar\u0131m:<\/strong> Tarz\u0131n\u0131za ve mekan\u0131n\u0131za uygun olarak \u00e7er\u00e7eveli veya \u00e7er\u00e7evesiz se\u00e7eneklerden birini tercih edin.<\/li>\n<li><strong>Esnek piksel aral\u0131\u011f\u0131 ve \u00e7ap\u0131:<\/strong> Piksel aral\u0131\u011f\u0131n\u0131 ve \u00e7ap\u0131n\u0131 monit\u00f6r\u00fcn\u00fcz\u00fcn \u00f6zel ihtiya\u00e7lar\u0131na g\u00f6re ayarlayarak en iyi g\u00f6rsel deneyimi sa\u011flay\u0131n.<\/li>\n<li><strong>Yarat\u0131c\u0131 g\u00f6rsel efektler:<\/strong> \u0130zleyiciyi b\u00fcy\u00fclemek \u00fczere tasarlanm\u0131\u015f dairesel LED ekranlarla ger\u00e7ek\u00e7i ve r\u00fcya gibi bir g\u00f6rsel deneyimin tad\u0131n\u0131 \u00e7\u0131kar\u0131n.<\/li>\n<li><strong>\u00c7ok y\u00f6nl\u00fc ayarlar<\/strong>\u00c7e\u015fitli ortamlara uygun olarak tek tarafl\u0131 veya \u00e7ift tarafl\u0131 konfig\u00fcrasyonlarda mevcuttur.<\/li>\n<\/ul>\n<p>Ekibimiz 7\/24 uzaktan destek ve 3 y\u0131l garanti sunmaktad\u0131r. Ki\u015fiselle\u015ftirilmi\u015f fiyat teklifi i\u00e7in bug\u00fcn bizimle ileti\u015fime ge\u00e7in.<\/p>","protected":false},"featured_media":3263,"template":"","meta":[],"product_brand":[],"product_cat":[48,40,46],"product_tag":[],"class_list":{"0":"post-3262","1":"product","2":"type-product","3":"status-publish","4":"has-post-thumbnail","6":"product_cat-paineis-personalizados","7":"product_cat-painel-de-led","8":"product_cat-painel-de-video","10":"first","11":"instock","12":"shipping-taxable","13":"product-type-simple"},"yoast_head":"<!-- This site is optimized with the Yoast SEO plugin v27.4 - https:\/\/yoast.com\/product\/yoast-seo-wordpress\/ -->\n<title>Circular LED Display S\u00e9rie TCF | Experi\u00eancias Visuais \u00danicas | TELALED<\/title>\n<meta name=\"description\" content=\"Explore nossa Circular LED Display S\u00e9rie TCF, perfeita para esta\u00e7\u00f5es, aeroportos, shoppings e muito mais. Com configura\u00e7\u00f5es flex\u00edveis e visuais de alta qualidade, ela oferece uma solu\u00e7\u00e3o de display diferenciada e cativante. Entre em contato conosco hoje mesmo!\" \/>\n<meta name=\"robots\" content=\"index, follow, max-snippet:-1, max-image-preview:large, max-video-preview:-1\" \/>\n<link rel=\"canonical\" href=\"https:\/\/www.telaled.com\/tr\/fabrica\/circular-led-display-serie-tcf\/\" \/>\n<meta property=\"og:locale\" content=\"tr_TR\" \/>\n<meta property=\"og:type\" content=\"article\" \/>\n<meta property=\"og:title\" content=\"Circular LED Display S\u00e9rie TCF | Experi\u00eancias Visuais \u00danicas | TELALED\" \/>\n<meta property=\"og:description\" content=\"Explore nossa Circular LED Display S\u00e9rie TCF, perfeita para esta\u00e7\u00f5es, aeroportos, shoppings e muito mais. Com configura\u00e7\u00f5es flex\u00edveis e visuais de alta qualidade, ela oferece uma solu\u00e7\u00e3o de display diferenciada e cativante. Entre em contato conosco hoje mesmo!\" \/>\n<meta property=\"og:url\" content=\"https:\/\/www.telaled.com\/tr\/fabrica\/circular-led-display-serie-tcf\/\" \/>\n<meta property=\"og:site_name\" content=\"TELALED\" \/>\n<meta property=\"article:modified_time\" content=\"2026-01-06T00:37:31+00:00\" \/>\n<meta property=\"og:image\" content=\"https:\/\/www.telaled.com\/wp-content\/uploads\/2025\/09\/circular-led-display.webp\" \/>\n\t<meta property=\"og:image:width\" content=\"500\" \/>\n\t<meta property=\"og:image:height\" content=\"500\" \/>\n\t<meta property=\"og:image:type\" content=\"image\/webp\" \/>\n<meta name=\"twitter:card\" content=\"summary_large_image\" \/>\n<meta name=\"twitter:label1\" content=\"Est. reading time\" \/>\n\t<meta name=\"twitter:data1\" content=\"3 dakika\" \/>\n<script type=\"application\/ld+json\" class=\"yoast-schema-graph\">{\"@context\":\"https:\\\/\\\/schema.org\",\"@graph\":[{\"@type\":\"WebPage\",\"@id\":\"https:\\\/\\\/www.telaled.com\\\/fabrica\\\/circular-led-display-serie-tcf\\\/\",\"url\":\"https:\\\/\\\/www.telaled.com\\\/fabrica\\\/circular-led-display-serie-tcf\\\/\",\"name\":\"Circular LED Display S\u00e9rie TCF | Experi\u00eancias Visuais \u00danicas | TELALED\",\"isPartOf\":{\"@id\":\"https:\\\/\\\/www.telaled.com\\\/#website\"},\"primaryImageOfPage\":{\"@id\":\"https:\\\/\\\/www.telaled.com\\\/fabrica\\\/circular-led-display-serie-tcf\\\/#primaryimage\"},\"image\":{\"@id\":\"https:\\\/\\\/www.telaled.com\\\/fabrica\\\/circular-led-display-serie-tcf\\\/#primaryimage\"},\"thumbnailUrl\":\"https:\\\/\\\/www.telaled.com\\\/wp-content\\\/uploads\\\/2025\\\/09\\\/circular-led-display.webp\",\"datePublished\":\"2025-09-08T08:40:22+00:00\",\"dateModified\":\"2026-01-06T00:37:31+00:00\",\"description\":\"Explore nossa Circular LED Display S\u00e9rie TCF, perfeita para esta\u00e7\u00f5es, aeroportos, shoppings e muito mais. Com configura\u00e7\u00f5es flex\u00edveis e visuais de alta qualidade, ela oferece uma solu\u00e7\u00e3o de display diferenciada e cativante. Entre em contato conosco hoje mesmo!\",\"breadcrumb\":{\"@id\":\"https:\\\/\\\/www.telaled.com\\\/fabrica\\\/circular-led-display-serie-tcf\\\/#breadcrumb\"},\"inLanguage\":\"tr\",\"potentialAction\":[{\"@type\":\"ReadAction\",\"target\":[\"https:\\\/\\\/www.telaled.com\\\/fabrica\\\/circular-led-display-serie-tcf\\\/\"]}]},{\"@type\":\"ImageObject\",\"inLanguage\":\"tr\",\"@id\":\"https:\\\/\\\/www.telaled.com\\\/fabrica\\\/circular-led-display-serie-tcf\\\/#primaryimage\",\"url\":\"https:\\\/\\\/www.telaled.com\\\/wp-content\\\/uploads\\\/2025\\\/09\\\/circular-led-display.webp\",\"contentUrl\":\"https:\\\/\\\/www.telaled.com\\\/wp-content\\\/uploads\\\/2025\\\/09\\\/circular-led-display.webp\",\"width\":500,\"height\":500,\"caption\":\"circular-led-display\"},{\"@type\":\"BreadcrumbList\",\"@id\":\"https:\\\/\\\/www.telaled.com\\\/fabrica\\\/circular-led-display-serie-tcf\\\/#breadcrumb\",\"itemListElement\":[{\"@type\":\"ListItem\",\"position\":1,\"name\":\"Home\",\"item\":\"https:\\\/\\\/www.telaled.com\\\/\"},{\"@type\":\"ListItem\",\"position\":2,\"name\":\"Produtos\",\"item\":\"https:\\\/\\\/www.telaled.com\\\/shop\\\/\"},{\"@type\":\"ListItem\",\"position\":3,\"name\":\"Circular LED Display S\u00e9rie TCF\"}]},{\"@type\":\"WebSite\",\"@id\":\"https:\\\/\\\/www.telaled.com\\\/#website\",\"url\":\"https:\\\/\\\/www.telaled.com\\\/\",\"name\":\"TELALED\",\"description\":\"\",\"potentialAction\":[{\"@type\":\"SearchAction\",\"target\":{\"@type\":\"EntryPoint\",\"urlTemplate\":\"https:\\\/\\\/www.telaled.com\\\/?s={search_term_string}\"},\"query-input\":{\"@type\":\"PropertyValueSpecification\",\"valueRequired\":true,\"valueName\":\"search_term_string\"}}],\"inLanguage\":\"tr\"}]}<\/script>\n<!-- \/ Yoast SEO plugin. -->","yoast_head_json":{"title":"Dairesel LED Ekran TCF Serisi | E\u015fsiz G\u00f6rsel Deneyimler | TELALED","description":"\u0130stasyonlar, havaalanlar\u0131, al\u0131\u015fveri\u015f merkezleri ve daha fazlas\u0131 i\u00e7in m\u00fckemmel olan TCF Serisi Dairesel LED Ekran\u0131m\u0131z\u0131 ke\u015ffedin. Esnek konfig\u00fcrasyonlar\u0131 ve y\u00fcksek kaliteli g\u00f6rselleriyle, farkl\u0131 ve b\u00fcy\u00fcleyici bir ekran \u00e7\u00f6z\u00fcm\u00fc sunar. Bug\u00fcn bizimle ileti\u015fime ge\u00e7in!","robots":{"index":"index","follow":"follow","max-snippet":"max-snippet:-1","max-image-preview":"max-image-preview:large","max-video-preview":"max-video-preview:-1"},"canonical":"https:\/\/www.telaled.com\/tr\/fabrica\/circular-led-display-serie-tcf\/","og_locale":"tr_TR","og_type":"article","og_title":"Circular LED Display S\u00e9rie TCF | Experi\u00eancias Visuais \u00danicas | TELALED","og_description":"Explore nossa Circular LED Display S\u00e9rie TCF, perfeita para esta\u00e7\u00f5es, aeroportos, shoppings e muito mais. Com configura\u00e7\u00f5es flex\u00edveis e visuais de alta qualidade, ela oferece uma solu\u00e7\u00e3o de display diferenciada e cativante. Entre em contato conosco hoje mesmo!","og_url":"https:\/\/www.telaled.com\/tr\/fabrica\/circular-led-display-serie-tcf\/","og_site_name":"TELALED","article_modified_time":"2026-01-06T00:37:31+00:00","og_image":[{"width":500,"height":500,"url":"https:\/\/www.telaled.com\/wp-content\/uploads\/2025\/09\/circular-led-display.webp","type":"image\/webp"}],"twitter_card":"summary_large_image","twitter_misc":{"Est. reading time":"3 dakika"},"schema":{"@context":"https:\/\/schema.org","@graph":[{"@type":"WebPage","@id":"https:\/\/www.telaled.com\/fabrica\/circular-led-display-serie-tcf\/","url":"https:\/\/www.telaled.com\/fabrica\/circular-led-display-serie-tcf\/","name":"Dairesel LED Ekran TCF Serisi | E\u015fsiz G\u00f6rsel Deneyimler | TELALED","isPartOf":{"@id":"https:\/\/www.telaled.com\/#website"},"primaryImageOfPage":{"@id":"https:\/\/www.telaled.com\/fabrica\/circular-led-display-serie-tcf\/#primaryimage"},"image":{"@id":"https:\/\/www.telaled.com\/fabrica\/circular-led-display-serie-tcf\/#primaryimage"},"thumbnailUrl":"https:\/\/www.telaled.com\/wp-content\/uploads\/2025\/09\/circular-led-display.webp","datePublished":"2025-09-08T08:40:22+00:00","dateModified":"2026-01-06T00:37:31+00:00","description":"\u0130stasyonlar, havaalanlar\u0131, al\u0131\u015fveri\u015f merkezleri ve daha fazlas\u0131 i\u00e7in m\u00fckemmel olan TCF Serisi Dairesel LED Ekran\u0131m\u0131z\u0131 ke\u015ffedin. Esnek konfig\u00fcrasyonlar\u0131 ve y\u00fcksek kaliteli g\u00f6rselleriyle, farkl\u0131 ve b\u00fcy\u00fcleyici bir ekran \u00e7\u00f6z\u00fcm\u00fc sunar. Bug\u00fcn bizimle ileti\u015fime ge\u00e7in!","breadcrumb":{"@id":"https:\/\/www.telaled.com\/fabrica\/circular-led-display-serie-tcf\/#breadcrumb"},"inLanguage":"tr","potentialAction":[{"@type":"ReadAction","target":["https:\/\/www.telaled.com\/fabrica\/circular-led-display-serie-tcf\/"]}]},{"@type":"ImageObject","inLanguage":"tr","@id":"https:\/\/www.telaled.com\/fabrica\/circular-led-display-serie-tcf\/#primaryimage","url":"https:\/\/www.telaled.com\/wp-content\/uploads\/2025\/09\/circular-led-display.webp","contentUrl":"https:\/\/www.telaled.com\/wp-content\/uploads\/2025\/09\/circular-led-display.webp","width":500,"height":500,"caption":"circular-led-display"},{"@type":"BreadcrumbList","@id":"https:\/\/www.telaled.com\/fabrica\/circular-led-display-serie-tcf\/#breadcrumb","itemListElement":[{"@type":"ListItem","position":1,"name":"Home","item":"https:\/\/www.telaled.com\/"},{"@type":"ListItem","position":2,"name":"Produtos","item":"https:\/\/www.telaled.com\/shop\/"},{"@type":"ListItem","position":3,"name":"Circular LED Display S\u00e9rie TCF"}]},{"@type":"WebSite","@id":"https:\/\/www.telaled.com\/#website","url":"https:\/\/www.telaled.com\/","name":"LED Ekran","description":"","potentialAction":[{"@type":"SearchAction","target":{"@type":"EntryPoint","urlTemplate":"https:\/\/www.telaled.com\/?s={search_term_string}"},"query-input":{"@type":"PropertyValueSpecification","valueRequired":true,"valueName":"search_term_string"}}],"inLanguage":"tr"}]}},"_links":{"self":[{"href":"https:\/\/www.telaled.com\/tr\/wp-json\/wp\/v2\/product\/3262","targetHints":{"allow":["GET"]}}],"collection":[{"href":"https:\/\/www.telaled.com\/tr\/wp-json\/wp\/v2\/product"}],"about":[{"href":"https:\/\/www.telaled.com\/tr\/wp-json\/wp\/v2\/types\/product"}],"wp:featuredmedia":[{"embeddable":true,"href":"https:\/\/www.telaled.com\/tr\/wp-json\/wp\/v2\/media\/3263"}],"wp:attachment":[{"href":"https:\/\/www.telaled.com\/tr\/wp-json\/wp\/v2\/media?parent=3262"}],"wp:term":[{"taxonomy":"product_brand","embeddable":true,"href":"https:\/\/www.telaled.com\/tr\/wp-json\/wp\/v2\/product_brand?post=3262"},{"taxonomy":"product_cat","embeddable":true,"href":"https:\/\/www.telaled.com\/tr\/wp-json\/wp\/v2\/product_cat?post=3262"},{"taxonomy":"product_tag","embeddable":true,"href":"https:\/\/www.telaled.com\/tr\/wp-json\/wp\/v2\/product_tag?post=3262"}],"curies":[{"name":"wp","href":"https:\/\/api.w.org\/{rel}","templated":true}]}}