{"id":3247,"date":"2025-09-05T08:21:30","date_gmt":"2025-09-05T08:21:30","guid":{"rendered":"https:\/\/www.telaled.com\/?post_type=product&#038;p=3247"},"modified":"2026-01-06T00:21:06","modified_gmt":"2026-01-06T00:21:06","slug":"led-sphere-display-serie-tce","status":"publish","type":"product","link":"https:\/\/www.telaled.com\/tr\/fabrica\/led-sphere-display-serie-tce\/","title":{"rendered":"TCE Serisi LED K\u00fcre Ekran"},"content":{"rendered":"<div class=\"row\"  id=\"row-1026802167\">\n\n\t<div id=\"col-267141500\" class=\"col small-12 large-12\"  >\n\t\t\t\t<div class=\"col-inner\"  >\n\t\t\t\n\t\t\t\n<h2>TCE Serisi LED K\u00fcre Ekran\u0131n \u00d6zel Avantajlar\u0131<\/h2>\n<h3><strong>\u00dcst\u00fcn Dayan\u0131kl\u0131l\u0131k<\/strong><\/h3>\n<ul>\n<li>Y\u00fcksek hassasiyetli per\u00e7inli al\u00fcminyum \u00e7er\u00e7eve ile \u00fcretilmi\u015ftir.<\/li>\n<li>Hafif, ancak uzun s\u00fcreli kullan\u0131m i\u00e7in yap\u0131sal olarak sa\u011flam.<\/li>\n<li>Y\u00fcksek a\u015f\u0131nma direnci sayesinde s\u00fcrekli \u00e7al\u0131\u015fma i\u00e7in g\u00fcvenilirdir.<\/li>\n<\/ul>\n<h3><strong>Ola\u011fan\u00fcst\u00fc G\u00f6rsel Kalite<\/strong><\/h3>\n<ul>\n<li>D\u00fc\u015f\u00fck enerji t\u00fcketimiyle y\u00fcksek parlakl\u0131k sunar.<\/li>\n<li>Kolay bak\u0131m i\u00e7in manyetik mod\u00fcl tasar\u0131m\u0131.<\/li>\n<li>M\u00fckemmel \u0131s\u0131 da\u011f\u0131l\u0131m\u0131 ve toz direnci sayesinde istikrarl\u0131 g\u00f6r\u00fcnt\u00fcler.<\/li>\n<\/ul>\n<h3><strong>Tam Uyarlanabilirlik<\/strong><\/h3>\n<ul>\n<li>Hem i\u00e7 hem de d\u0131\u015f mekan kurulumuna uygundur.<\/li>\n<li>Aradaki her t\u00fcrl\u00fc bo\u015flu\u011fu destekler.<a href=\"https:\/\/www.telaled.com\/tr\/pixel-pitch\/\"> pikseller<\/a> ve \u00f6zel \u00f6l\u00e7\u00fcler.<\/li>\n<li>\u0130\u00e7 yay, d\u0131\u015f yay, dairesel, S \u015feklinde veya k\u00fcresel \u015fekiller alabilir.<\/li>\n<\/ul>\n<h3><strong>Kapsaml\u0131 Destek<\/strong><\/h3>\n<ul>\n<li>7\/24 Uzaktan Teknik Destek: Uzman yard\u0131m\u0131na istedi\u011finiz zaman, istedi\u011finiz yerden ula\u015f\u0131n.<\/li>\n<li>5% yedek par\u00e7a dahildir: Her sipari\u015f, g\u00fcvenilirli\u011fi art\u0131rmak ve g\u00f6n\u00fcl rahatl\u0131\u011f\u0131 sa\u011flamak i\u00e7in ek bile\u015fenler i\u00e7erir.<\/li>\n<li>3 Y\u0131l Uzat\u0131lm\u0131\u015f Garanti: Daha iyi performans ve g\u00fcvenilir hizmet i\u00e7in uzun vadeli entegrasyondan yararlan\u0131n.<\/li>\n<\/ul>\n<h2>\u00dcr\u00fcn detaylar\u0131<\/h2>\n<div class=\"row\"  id=\"row-1634614330\">\n\n\t<div id=\"col-1093352001\" class=\"col medium-10 small-12 large-10\"  >\n\t\t\t\t<div class=\"col-inner text-left\"  >\n\t\t\t\n\t\t\t\n<ul>\n<li>Y\u00fczlerce \u00f6zel LED mod\u00fcl\u00fc teslim ettik ve bu uzmanl\u0131\u011f\u0131m\u0131z LED k\u00fcre ekran\u0131m\u0131z\u0131 geli\u015ftirmemize olanak sa\u011flad\u0131. Her k\u00fcre, hassas kal\u0131planm\u0131\u015f mod\u00fcllerden \u00fcretiliyor ve bu da boyut, \u00e7\u00f6z\u00fcn\u00fcrl\u00fck ve tasar\u0131m\u0131 \u00f6zelle\u015ftirmemize imkan tan\u0131yor.<\/li>\n<\/ul>\n\t<div class=\"img has-hover x md-x lg-x y md-y lg-y\" id=\"image_1527374219\">\n\t\t\t\t\t\t\t\t<div class=\"img-inner dark\" >\n\t\t\t<img loading=\"lazy\" decoding=\"async\" width=\"1300\" height=\"500\" src=\"https:\/\/www.telaled.com\/wp-content\/uploads\/2025\/09\/Acumulando-centenas-de-formas-de-modulos-de-LED.webp\" class=\"attachment-original size-original\" alt=\"Y\u00fczlerce farkl\u0131 \u015fekildeki LED mod\u00fcllerini biriktirmek\" srcset=\"https:\/\/www.telaled.com\/wp-content\/uploads\/2025\/09\/Acumulando-centenas-de-formas-de-modulos-de-LED.webp 1300w, https:\/\/www.telaled.com\/wp-content\/uploads\/2025\/09\/Acumulando-centenas-de-formas-de-modulos-de-LED-300x115.webp 300w, https:\/\/www.telaled.com\/wp-content\/uploads\/2025\/09\/Acumulando-centenas-de-formas-de-modulos-de-LED-1024x394.webp 1024w, https:\/\/www.telaled.com\/wp-content\/uploads\/2025\/09\/Acumulando-centenas-de-formas-de-modulos-de-LED-768x295.webp 768w, https:\/\/www.telaled.com\/wp-content\/uploads\/2025\/09\/Acumulando-centenas-de-formas-de-modulos-de-LED-18x7.webp 18w, https:\/\/www.telaled.com\/wp-content\/uploads\/2025\/09\/Acumulando-centenas-de-formas-de-modulos-de-LED-600x231.webp 600w\" sizes=\"auto, (max-width: 1300px) 100vw, 1300px\" \/>\t\t\t\t\t\t\n\t\t\t\t\t<\/div>\n\t\t\t\t\t\t\t\t\n<style>\n#image_1527374219 {\n  width: 95%;\n}\n<\/style>\n\t<\/div>\n\t\n<ul>\n<li>K\u00fcresel LED ekran\u0131m\u0131z, hassasiyet ve dayan\u0131kl\u0131l\u0131k i\u00e7in tasarlanm\u0131\u015f per\u00e7inli al\u00fcminyum \u00e7er\u00e7eve kullanmaktad\u0131r. Hafif tasar\u0131m\u0131 sayesinde kullan\u0131m\u0131 kolayd\u0131r, sa\u011flam yap\u0131s\u0131 ise ekran\u0131n zaman i\u00e7inde stabil kalmas\u0131n\u0131 sa\u011flar. Bu yap\u0131, ekran\u0131 yarat\u0131c\u0131 kurulumlar ve \u00e7arp\u0131c\u0131 360\u00b0 g\u00f6rseller i\u00e7in g\u00fcvenilir k\u0131lar.<\/li>\n<\/ul>\n\t\t<\/div>\n\t\t\t\t\t<\/div>\n\n\t\n\n\t<div id=\"col-1541183726\" class=\"col medium-10 small-12 large-10\"  >\n\t\t\t\t<div class=\"col-inner text-left\"  >\n\t\t\t\n\t\t\t\n\t<div class=\"img has-hover x md-x lg-x y md-y lg-y\" id=\"image_1135771444\">\n\t\t\t\t\t\t\t\t<div class=\"img-inner dark\" >\n\t\t\t<img loading=\"lazy\" decoding=\"async\" width=\"640\" height=\"430\" src=\"https:\/\/www.telaled.com\/wp-content\/uploads\/2025\/09\/Estrutura-de-aluminio-rebitada-de-alta-precisao.webp\" class=\"attachment-large size-large\" alt=\"Y\u00fcksek hassasiyetli per\u00e7inli al\u00fcminyum yap\u0131\" srcset=\"https:\/\/www.telaled.com\/wp-content\/uploads\/2025\/09\/Estrutura-de-aluminio-rebitada-de-alta-precisao.webp 640w, https:\/\/www.telaled.com\/wp-content\/uploads\/2025\/09\/Estrutura-de-aluminio-rebitada-de-alta-precisao-300x202.webp 300w, https:\/\/www.telaled.com\/wp-content\/uploads\/2025\/09\/Estrutura-de-aluminio-rebitada-de-alta-precisao-18x12.webp 18w, https:\/\/www.telaled.com\/wp-content\/uploads\/2025\/09\/Estrutura-de-aluminio-rebitada-de-alta-precisao-600x403.webp 600w\" sizes=\"auto, (max-width: 640px) 100vw, 640px\" \/>\t\t\t\t\t\t\n\t\t\t\t\t<\/div>\n\t\t\t\t\t\t\t\t\n<style>\n#image_1135771444 {\n  width: 95%;\n}\n<\/style>\n\t<\/div>\n\t\n<ul>\n<li>\u00c7ok y\u00f6nl\u00fcl\u00fck d\u00fc\u015f\u00fcn\u00fclerek tasarlanan bu \u00fcr\u00fcn, tavandan as\u0131larak, zemine yerle\u015ftirilerek, bir yap\u0131ya g\u00f6m\u00fclerek veya duvara monte edilerek kullan\u0131labilir. Bu se\u00e7enek \u00e7e\u015fitlili\u011fi, profesyonel ve b\u00fct\u00fcnle\u015fik bir g\u00f6r\u00fcn\u00fcm\u00fc korurken, ekran\u0131 farkl\u0131 mekanlara kolayca uyarlamay\u0131 sa\u011flar.<\/li>\n<\/ul>\n\t<div class=\"img has-hover x md-x lg-x y md-y lg-y\" id=\"image_2118611798\">\n\t\t\t\t\t\t\t\t<div class=\"img-inner dark\" >\n\t\t\t<img loading=\"lazy\" decoding=\"async\" width=\"1020\" height=\"365\" src=\"https:\/\/www.telaled.com\/wp-content\/uploads\/2025\/09\/Modo-de-instalacao-flexivel-1024x366.webp\" class=\"attachment-large size-large\" alt=\"Esnek kurulum modu\" srcset=\"https:\/\/www.telaled.com\/wp-content\/uploads\/2025\/09\/Modo-de-instalacao-flexivel-1024x366.webp 1024w, https:\/\/www.telaled.com\/wp-content\/uploads\/2025\/09\/Modo-de-instalacao-flexivel-300x107.webp 300w, https:\/\/www.telaled.com\/wp-content\/uploads\/2025\/09\/Modo-de-instalacao-flexivel-768x274.webp 768w, https:\/\/www.telaled.com\/wp-content\/uploads\/2025\/09\/Modo-de-instalacao-flexivel-18x6.webp 18w, https:\/\/www.telaled.com\/wp-content\/uploads\/2025\/09\/Modo-de-instalacao-flexivel-600x214.webp 600w, https:\/\/www.telaled.com\/wp-content\/uploads\/2025\/09\/Modo-de-instalacao-flexivel.webp 1400w\" sizes=\"auto, (max-width: 1020px) 100vw, 1020px\" \/>\t\t\t\t\t\t\n\t\t\t\t\t<\/div>\n\t\t\t\t\t\t\t\t\n<style>\n#image_2118611798 {\n  width: 95%;\n}\n<\/style>\n\t<\/div>\n\t\n\t\t<\/div>\n\t\t\t\t\t<\/div>\n\n\t\n\n\t<div id=\"col-2037982200\" class=\"col medium-10 small-12 large-10\"  >\n\t\t\t\t<div class=\"col-inner text-left\"  >\n\t\t\t\n\t\t\t\n<ul>\n<li>TCE Serisi LED K\u00fcre Ekran \u00fcnitelerimiz, ta\u015f\u0131ma s\u0131ras\u0131nda korunmalar\u0131 i\u00e7in g\u00fc\u00e7lendirilmi\u015f ah\u015fap kasalara g\u00fcvenli bir \u015fekilde paketlenmi\u015ftir. Her bir \u00fcnite, koruyucu kaplarda paketlenerek toz, darbe ve di\u011fer tehlikelere kar\u015f\u0131 korunmaktad\u0131r. Bu y\u00f6ntem, depolamadan nihai teslimata kadar dayan\u0131kl\u0131l\u0131k ve g\u00fcvenli kullan\u0131m sa\u011flar.<\/li>\n<\/ul>\n\t<div class=\"img has-hover x md-x lg-x y md-y lg-y\" id=\"image_171851269\">\n\t\t\t\t\t\t\t\t<div class=\"img-inner dark\" >\n\t\t\t<img loading=\"lazy\" decoding=\"async\" width=\"760\" height=\"1024\" src=\"https:\/\/www.telaled.com\/wp-content\/uploads\/2025\/08\/36123f2c-de60-488d-af81-255cd4aee54a-760x1024.webp\" class=\"attachment-large size-large\" alt=\"\" srcset=\"https:\/\/www.telaled.com\/wp-content\/uploads\/2025\/08\/36123f2c-de60-488d-af81-255cd4aee54a-760x1024.webp 760w, https:\/\/www.telaled.com\/wp-content\/uploads\/2025\/08\/36123f2c-de60-488d-af81-255cd4aee54a-223x300.webp 223w, https:\/\/www.telaled.com\/wp-content\/uploads\/2025\/08\/36123f2c-de60-488d-af81-255cd4aee54a-768x1035.webp 768w, https:\/\/www.telaled.com\/wp-content\/uploads\/2025\/08\/36123f2c-de60-488d-af81-255cd4aee54a-9x12.webp 9w, https:\/\/www.telaled.com\/wp-content\/uploads\/2025\/08\/36123f2c-de60-488d-af81-255cd4aee54a-600x808.webp 600w, https:\/\/www.telaled.com\/wp-content\/uploads\/2025\/08\/36123f2c-de60-488d-af81-255cd4aee54a.webp 795w\" sizes=\"auto, (max-width: 760px) 100vw, 760px\" \/>\t\t\t\t\t\t\n\t\t\t\t\t<\/div>\n\t\t\t\t\t\t\t\t\n<style>\n#image_171851269 {\n  width: 95%;\n}\n<\/style>\n\t<\/div>\n\t\n\t<div class=\"img has-hover x md-x lg-x y md-y lg-y\" id=\"image_1792885661\">\n\t\t\t\t\t\t\t\t<div class=\"img-inner dark\" >\n\t\t\t<img loading=\"lazy\" decoding=\"async\" width=\"1020\" height=\"728\" src=\"https:\/\/www.telaled.com\/wp-content\/uploads\/2025\/09\/Embalagem-de-caixa-de-madeira-1024x731.jpg\" class=\"attachment-large size-large\" alt=\"ah\u015fap kutu ambalaj\u0131\" srcset=\"https:\/\/www.telaled.com\/wp-content\/uploads\/2025\/09\/Embalagem-de-caixa-de-madeira-1024x731.jpg 1024w, https:\/\/www.telaled.com\/wp-content\/uploads\/2025\/09\/Embalagem-de-caixa-de-madeira-300x214.jpg 300w, https:\/\/www.telaled.com\/wp-content\/uploads\/2025\/09\/Embalagem-de-caixa-de-madeira-768x549.jpg 768w, https:\/\/www.telaled.com\/wp-content\/uploads\/2025\/09\/Embalagem-de-caixa-de-madeira-18x12.jpg 18w, https:\/\/www.telaled.com\/wp-content\/uploads\/2025\/09\/Embalagem-de-caixa-de-madeira-600x429.jpg 600w, https:\/\/www.telaled.com\/wp-content\/uploads\/2025\/09\/Embalagem-de-caixa-de-madeira.jpg 1400w\" sizes=\"auto, (max-width: 1020px) 100vw, 1020px\" \/>\t\t\t\t\t\t\n\t\t\t\t\t<\/div>\n\t\t\t\t\t\t\t\t\n<style>\n#image_1792885661 {\n  width: 95%;\n}\n<\/style>\n\t<\/div>\n\t\n\n<table id=\"tablepress-52\" class=\"tablepress tablepress-id-52\">\n<thead>\n<tr class=\"row-1\">\n\t<th class=\"column-1\">Teknik \u00d6zellikler:<\/th><th class=\"column-2\">TCH-P4-S118<\/th>\n<\/tr>\n<\/thead>\n<tbody class=\"row-striping row-hover\">\n<tr class=\"row-2\">\n\t<td class=\"column-1\">Piksel noktas\u0131 bile\u015fimi:<\/td><td class=\"column-2\">2121 (3&#039;\u00fc 1 arada)<\/td>\n<\/tr>\n<tr class=\"row-3\">\n\t<td class=\"column-1\">Piksel \u00e7\u00f6z\u00fcn\u00fcrl\u00fc\u011f\u00fc:<\/td><td class=\"column-2\">550*370<\/td>\n<\/tr>\n<tr class=\"row-4\">\n\t<td class=\"column-1\">Ekran boyutu (mm):<\/td><td class=\"column-2\">2200*1480<\/td>\n<\/tr>\n<tr class=\"row-5\">\n\t<td class=\"column-1\">G\u00f6r\u00fcnt\u00fc yo\u011funlu\u011fu:<\/td><td class=\"column-2\">62500 puan\/\u33a1<\/td>\n<\/tr>\n<tr class=\"row-6\">\n\t<td class=\"column-1\">\u0130deal izleme mesafesi (m):<\/td><td class=\"column-2\">4-100m<\/td>\n<\/tr>\n<tr class=\"row-7\">\n\t<td class=\"column-1\">En y\u00fcksek enerji t\u00fcketimi:<\/td><td class=\"column-2\">800w\/\u33a1<\/td>\n<\/tr>\n<tr class=\"row-8\">\n\t<td class=\"column-1\">Tarama y\u00f6ntemi:<\/td><td class=\"column-2\">16 tarama<\/td>\n<\/tr>\n<tr class=\"row-9\">\n\t<td class=\"column-1\">Parlakl\u0131k: (CD\/\u33a1)<\/td><td class=\"column-2\">1600<\/td>\n<\/tr>\n<tr class=\"row-10\">\n\t<td class=\"column-1\">Perspektif:<\/td><td class=\"column-2\">H 360\u00b0 V 360\u00b0<\/td>\n<\/tr>\n<tr class=\"row-11\">\n\t<td class=\"column-1\">\u00c7al\u0131\u015fma gerilimi:<\/td><td class=\"column-2\">AC 220V\/100V\u00b115% 47~64HZ<\/td>\n<\/tr>\n<tr class=\"row-12\">\n\t<td class=\"column-1\">Besleme gerilimi:<\/td><td class=\"column-2\">5V<\/td>\n<\/tr>\n<tr class=\"row-13\">\n\t<td class=\"column-1\">Sistem \u00e7al\u0131\u015fma ortam s\u0131cakl\u0131\u011f\u0131:<\/td><td class=\"column-2\">-20~60\u00b0C<\/td>\n<\/tr>\n<tr class=\"row-14\">\n\t<td class=\"column-1\">Sistem orta d\u00fczeyde bir ortamda \u00e7al\u0131\u015fmaktad\u0131r:<\/td><td class=\"column-2\">10%~90% UR<\/td>\n<\/tr>\n<tr class=\"row-15\">\n\t<td class=\"column-1\">Ekran rengi:<\/td><td class=\"column-2\">16,7 milyon<\/td>\n<\/tr>\n<tr class=\"row-16\">\n\t<td class=\"column-1\">Gri Tonlama Seviyesi:<\/td><td class=\"column-2\">16384<\/td>\n<\/tr>\n<tr class=\"row-17\">\n\t<td class=\"column-1\">\u0130leti\u015fim y\u00f6ntemi:<\/td><td class=\"column-2\">Senkronizasyon<\/td>\n<\/tr>\n<\/tbody>\n<\/table>\n<!-- #tablepress-52 from cache -->\n\t\t<\/div>\n\t\t\t\t\t<\/div>\n\n\t\n<\/div>\n\t\t<\/div>\n\t\t\t\t\t<\/div>\n\n\t\n<\/div>","protected":false},"excerpt":{"rendered":"<p><strong>TCE Serisi LED K\u00fcre Ekran | \u0130\u00e7 ve D\u0131\u015f Mekanlar \u0130\u00e7in \u00d6zel Tasar\u0131m K\u00fcresel LED Ekran<\/strong><\/p>\n<p>O <em><strong>TCE Serisi LED K\u00fcre Ekran<\/strong><\/em> Bu, i\u00e7 ve d\u0131\u015f mekanlarda yarat\u0131c\u0131 kullan\u0131m i\u00e7in tasarlanm\u0131\u015f esnek, kapal\u0131 bir LED k\u00fcredir. Herhangi bir boyutta tamamen \u00f6zelle\u015ftirilebilir se\u00e7enekler sunuyoruz. <a href=\"https:\/\/www.telaled.com\/tr\/densidade-de-pixels-em-telas-de-led-e-lcd\/\">piksel yo\u011funlu\u011fu<\/a>, Dayan\u0131kl\u0131l\u0131\u011f\u0131 \u00e7arp\u0131c\u0131 g\u00f6rsellerle birle\u015ftiriyor.<\/p>\n<p><strong>Ba\u015fl\u0131ca \u00f6zellikler:<\/strong><\/p>\n<ul>\n<li><strong>Hem dahili hem de harici kullan\u0131m i\u00e7in:<\/strong> Her ortamda \u00e7al\u0131\u015facak \u015fekilde tasarlanm\u0131\u015ft\u0131r.<\/li>\n<li><strong>Tamamen \u00f6zelle\u015ftirilebilir:<\/strong> Mevcut herhangi bir piksel boyutu ve yo\u011funlu\u011fu.<\/li>\n<li><strong>Esnek ve k\u00fcresel y\u00fczey:<\/strong> \u00c7ekici ve homojen g\u00f6rseller olu\u015fturur.<\/li>\n<li><strong>B\u00fcy\u00fcleyici bir varl\u0131k:<\/strong> Yarat\u0131c\u0131 kurulumlar ve dikkat \u00e7ekici sergileme i\u00e7in idealdir.<\/li>\n<li><strong>Y\u00fcksek hassasiyetli al\u00fcminyum yap\u0131:<\/strong> Hafif ama dayan\u0131kl\u0131 yap\u0131s\u0131yla uzun vadeli istikrar sa\u011flar.<\/li>\n<\/ul>\n<p>7\/24 uzaktan destek ve 3 y\u0131l garanti sunuyoruz. Ki\u015fiselle\u015ftirilmi\u015f fiyat teklifi i\u00e7in bizimle ileti\u015fime ge\u00e7in.<\/p>","protected":false},"featured_media":3248,"template":"","meta":[],"product_brand":[],"product_cat":[48,40,44,46],"product_tag":[],"class_list":{"0":"post-3247","1":"product","2":"type-product","3":"status-publish","4":"has-post-thumbnail","6":"product_cat-paineis-personalizados","7":"product_cat-painel-de-led","8":"product_cat-painel-de-led-flexivel","9":"product_cat-painel-de-video","11":"first","12":"instock","13":"shipping-taxable","14":"product-type-simple"},"yoast_head":"<!-- This site is optimized with the Yoast SEO plugin v27.4 - https:\/\/yoast.com\/product\/yoast-seo-wordpress\/ -->\n<title>LED Sphere Display S\u00e9rie TCE | Telas LED Esf\u00e9ricas Personalizadas para Ambientes Internos e Externos | TELALED<\/title>\n<meta name=\"description\" content=\"LED Sphere Display S\u00e9rie TCE, dur\u00e1vel, leve e ideal para configura\u00e7\u00f5es criativas internas e externas. Solicite um or\u00e7amento hoje mesmo!\" \/>\n<meta name=\"robots\" content=\"index, follow, max-snippet:-1, max-image-preview:large, max-video-preview:-1\" \/>\n<link rel=\"canonical\" href=\"https:\/\/www.telaled.com\/tr\/fabrica\/led-sphere-display-serie-tce\/\" \/>\n<meta property=\"og:locale\" content=\"tr_TR\" \/>\n<meta property=\"og:type\" content=\"article\" \/>\n<meta property=\"og:title\" content=\"LED Sphere Display S\u00e9rie TCE | Telas LED Esf\u00e9ricas Personalizadas para Ambientes Internos e Externos | TELALED\" \/>\n<meta property=\"og:description\" content=\"LED Sphere Display S\u00e9rie TCE, dur\u00e1vel, leve e ideal para configura\u00e7\u00f5es criativas internas e externas. Solicite um or\u00e7amento hoje mesmo!\" \/>\n<meta property=\"og:url\" content=\"https:\/\/www.telaled.com\/tr\/fabrica\/led-sphere-display-serie-tce\/\" \/>\n<meta property=\"og:site_name\" content=\"TELALED\" \/>\n<meta property=\"article:modified_time\" content=\"2026-01-06T00:21:06+00:00\" \/>\n<meta property=\"og:image\" content=\"https:\/\/www.telaled.com\/wp-content\/uploads\/2025\/09\/led-sphere-display.webp\" \/>\n\t<meta property=\"og:image:width\" content=\"500\" \/>\n\t<meta property=\"og:image:height\" content=\"500\" \/>\n\t<meta property=\"og:image:type\" content=\"image\/webp\" \/>\n<meta name=\"twitter:card\" content=\"summary_large_image\" \/>\n<meta name=\"twitter:label1\" content=\"Tahmini okuma s\u00fcresi\" \/>\n\t<meta name=\"twitter:data1\" content=\"3 dakika\" \/>\n<script type=\"application\/ld+json\" class=\"yoast-schema-graph\">{\"@context\":\"https:\\\/\\\/schema.org\",\"@graph\":[{\"@type\":\"WebPage\",\"@id\":\"https:\\\/\\\/www.telaled.com\\\/fabrica\\\/led-sphere-display-serie-tce\\\/\",\"url\":\"https:\\\/\\\/www.telaled.com\\\/fabrica\\\/led-sphere-display-serie-tce\\\/\",\"name\":\"LED Sphere Display S\u00e9rie TCE | Telas LED Esf\u00e9ricas Personalizadas para Ambientes Internos e Externos | TELALED\",\"isPartOf\":{\"@id\":\"https:\\\/\\\/www.telaled.com\\\/#website\"},\"primaryImageOfPage\":{\"@id\":\"https:\\\/\\\/www.telaled.com\\\/fabrica\\\/led-sphere-display-serie-tce\\\/#primaryimage\"},\"image\":{\"@id\":\"https:\\\/\\\/www.telaled.com\\\/fabrica\\\/led-sphere-display-serie-tce\\\/#primaryimage\"},\"thumbnailUrl\":\"https:\\\/\\\/www.telaled.com\\\/wp-content\\\/uploads\\\/2025\\\/09\\\/led-sphere-display.webp\",\"datePublished\":\"2025-09-05T08:21:30+00:00\",\"dateModified\":\"2026-01-06T00:21:06+00:00\",\"description\":\"LED Sphere Display S\u00e9rie TCE, dur\u00e1vel, leve e ideal para configura\u00e7\u00f5es criativas internas e externas. Solicite um or\u00e7amento hoje mesmo!\",\"breadcrumb\":{\"@id\":\"https:\\\/\\\/www.telaled.com\\\/fabrica\\\/led-sphere-display-serie-tce\\\/#breadcrumb\"},\"inLanguage\":\"tr\",\"potentialAction\":[{\"@type\":\"ReadAction\",\"target\":[\"https:\\\/\\\/www.telaled.com\\\/fabrica\\\/led-sphere-display-serie-tce\\\/\"]}]},{\"@type\":\"ImageObject\",\"inLanguage\":\"tr\",\"@id\":\"https:\\\/\\\/www.telaled.com\\\/fabrica\\\/led-sphere-display-serie-tce\\\/#primaryimage\",\"url\":\"https:\\\/\\\/www.telaled.com\\\/wp-content\\\/uploads\\\/2025\\\/09\\\/led-sphere-display.webp\",\"contentUrl\":\"https:\\\/\\\/www.telaled.com\\\/wp-content\\\/uploads\\\/2025\\\/09\\\/led-sphere-display.webp\",\"width\":500,\"height\":500,\"caption\":\"led-sphere-display\"},{\"@type\":\"BreadcrumbList\",\"@id\":\"https:\\\/\\\/www.telaled.com\\\/fabrica\\\/led-sphere-display-serie-tce\\\/#breadcrumb\",\"itemListElement\":[{\"@type\":\"ListItem\",\"position\":1,\"name\":\"Home\",\"item\":\"https:\\\/\\\/www.telaled.com\\\/\"},{\"@type\":\"ListItem\",\"position\":2,\"name\":\"Produtos\",\"item\":\"https:\\\/\\\/www.telaled.com\\\/shop\\\/\"},{\"@type\":\"ListItem\",\"position\":3,\"name\":\"LED Sphere Display S\u00e9rie TCE\"}]},{\"@type\":\"WebSite\",\"@id\":\"https:\\\/\\\/www.telaled.com\\\/#website\",\"url\":\"https:\\\/\\\/www.telaled.com\\\/\",\"name\":\"TELALED\",\"description\":\"\",\"potentialAction\":[{\"@type\":\"SearchAction\",\"target\":{\"@type\":\"EntryPoint\",\"urlTemplate\":\"https:\\\/\\\/www.telaled.com\\\/?s={search_term_string}\"},\"query-input\":{\"@type\":\"PropertyValueSpecification\",\"valueRequired\":true,\"valueName\":\"search_term_string\"}}],\"inLanguage\":\"tr\"}]}<\/script>\n<!-- \/ Yoast SEO plugin. -->","yoast_head_json":{"title":"TCE Serisi LED K\u00fcre Ekranlar | \u0130\u00e7 ve D\u0131\u015f Mekanlar \u0130\u00e7in \u00d6zel K\u00fcresel LED Ekranlar | TELALED","description":"LED K\u00fcre Ekran TCE Serisi: Dayan\u0131kl\u0131, hafif ve yarat\u0131c\u0131 i\u00e7 ve d\u0131\u015f mekan kurulumlar\u0131 i\u00e7in ideal. Hemen fiyat teklifi isteyin!","robots":{"index":"index","follow":"follow","max-snippet":"max-snippet:-1","max-image-preview":"max-image-preview:large","max-video-preview":"max-video-preview:-1"},"canonical":"https:\/\/www.telaled.com\/tr\/fabrica\/led-sphere-display-serie-tce\/","og_locale":"tr_TR","og_type":"article","og_title":"LED Sphere Display S\u00e9rie TCE | Telas LED Esf\u00e9ricas Personalizadas para Ambientes Internos e Externos | TELALED","og_description":"LED Sphere Display S\u00e9rie TCE, dur\u00e1vel, leve e ideal para configura\u00e7\u00f5es criativas internas e externas. Solicite um or\u00e7amento hoje mesmo!","og_url":"https:\/\/www.telaled.com\/tr\/fabrica\/led-sphere-display-serie-tce\/","og_site_name":"TELALED","article_modified_time":"2026-01-06T00:21:06+00:00","og_image":[{"width":500,"height":500,"url":"https:\/\/www.telaled.com\/wp-content\/uploads\/2025\/09\/led-sphere-display.webp","type":"image\/webp"}],"twitter_card":"summary_large_image","twitter_misc":{"Tahmini okuma s\u00fcresi":"3 dakika"},"schema":{"@context":"https:\/\/schema.org","@graph":[{"@type":"WebPage","@id":"https:\/\/www.telaled.com\/fabrica\/led-sphere-display-serie-tce\/","url":"https:\/\/www.telaled.com\/fabrica\/led-sphere-display-serie-tce\/","name":"TCE Serisi LED K\u00fcre Ekranlar | \u0130\u00e7 ve D\u0131\u015f Mekanlar \u0130\u00e7in \u00d6zel K\u00fcresel LED Ekranlar | TELALED","isPartOf":{"@id":"https:\/\/www.telaled.com\/#website"},"primaryImageOfPage":{"@id":"https:\/\/www.telaled.com\/fabrica\/led-sphere-display-serie-tce\/#primaryimage"},"image":{"@id":"https:\/\/www.telaled.com\/fabrica\/led-sphere-display-serie-tce\/#primaryimage"},"thumbnailUrl":"https:\/\/www.telaled.com\/wp-content\/uploads\/2025\/09\/led-sphere-display.webp","datePublished":"2025-09-05T08:21:30+00:00","dateModified":"2026-01-06T00:21:06+00:00","description":"LED K\u00fcre Ekran TCE Serisi: Dayan\u0131kl\u0131, hafif ve yarat\u0131c\u0131 i\u00e7 ve d\u0131\u015f mekan kurulumlar\u0131 i\u00e7in ideal. Hemen fiyat teklifi isteyin!","breadcrumb":{"@id":"https:\/\/www.telaled.com\/fabrica\/led-sphere-display-serie-tce\/#breadcrumb"},"inLanguage":"tr","potentialAction":[{"@type":"ReadAction","target":["https:\/\/www.telaled.com\/fabrica\/led-sphere-display-serie-tce\/"]}]},{"@type":"ImageObject","inLanguage":"tr","@id":"https:\/\/www.telaled.com\/fabrica\/led-sphere-display-serie-tce\/#primaryimage","url":"https:\/\/www.telaled.com\/wp-content\/uploads\/2025\/09\/led-sphere-display.webp","contentUrl":"https:\/\/www.telaled.com\/wp-content\/uploads\/2025\/09\/led-sphere-display.webp","width":500,"height":500,"caption":"led-sphere-display"},{"@type":"BreadcrumbList","@id":"https:\/\/www.telaled.com\/fabrica\/led-sphere-display-serie-tce\/#breadcrumb","itemListElement":[{"@type":"ListItem","position":1,"name":"Home","item":"https:\/\/www.telaled.com\/"},{"@type":"ListItem","position":2,"name":"Produtos","item":"https:\/\/www.telaled.com\/shop\/"},{"@type":"ListItem","position":3,"name":"LED Sphere Display S\u00e9rie TCE"}]},{"@type":"WebSite","@id":"https:\/\/www.telaled.com\/#website","url":"https:\/\/www.telaled.com\/","name":"LED Ekran","description":"","potentialAction":[{"@type":"SearchAction","target":{"@type":"EntryPoint","urlTemplate":"https:\/\/www.telaled.com\/?s={search_term_string}"},"query-input":{"@type":"PropertyValueSpecification","valueRequired":true,"valueName":"search_term_string"}}],"inLanguage":"tr"}]}},"_links":{"self":[{"href":"https:\/\/www.telaled.com\/tr\/wp-json\/wp\/v2\/product\/3247","targetHints":{"allow":["GET"]}}],"collection":[{"href":"https:\/\/www.telaled.com\/tr\/wp-json\/wp\/v2\/product"}],"about":[{"href":"https:\/\/www.telaled.com\/tr\/wp-json\/wp\/v2\/types\/product"}],"wp:featuredmedia":[{"embeddable":true,"href":"https:\/\/www.telaled.com\/tr\/wp-json\/wp\/v2\/media\/3248"}],"wp:attachment":[{"href":"https:\/\/www.telaled.com\/tr\/wp-json\/wp\/v2\/media?parent=3247"}],"wp:term":[{"taxonomy":"product_brand","embeddable":true,"href":"https:\/\/www.telaled.com\/tr\/wp-json\/wp\/v2\/product_brand?post=3247"},{"taxonomy":"product_cat","embeddable":true,"href":"https:\/\/www.telaled.com\/tr\/wp-json\/wp\/v2\/product_cat?post=3247"},{"taxonomy":"product_tag","embeddable":true,"href":"https:\/\/www.telaled.com\/tr\/wp-json\/wp\/v2\/product_tag?post=3247"}],"curies":[{"name":"wp","href":"https:\/\/api.w.org\/{rel}","templated":true}]}}