{"id":3233,"date":"2025-09-04T08:39:53","date_gmt":"2025-09-04T08:39:53","guid":{"rendered":"https:\/\/www.telaled.com\/?post_type=product&#038;p=3233"},"modified":"2026-01-06T00:02:33","modified_gmt":"2026-01-06T00:02:33","slug":"cubo-de-painel-de-led-serie-tcd","status":"publish","type":"product","link":"https:\/\/www.telaled.com\/tr\/fabrica\/cubo-de-painel-de-led-serie-tcd\/","title":{"rendered":"TCD Serisi LED Panel K\u00fcp"},"content":{"rendered":"<div class=\"row\"  id=\"row-1548753540\">\n\n\t<div id=\"col-470535196\" class=\"col small-12 large-12\"  >\n\t\t\t\t<div class=\"col-inner\"  >\n\t\t\t\n\t\t\t\n<h2>TCD Serisi LED Panel K\u00fcp\u00fcn\u00fcn \u00d6zel Avantajlar\u0131<\/h2>\n<h3><strong>\u00dcst\u00fcn Dayan\u0131kl\u0131l\u0131k<\/strong><\/h3>\n<ul>\n<li>Y\u00fcksek kaliteli lamba boncuklar\u0131<\/li>\n<li>100.000 saatlik kullan\u0131m \u00f6mr\u00fc<\/li>\n<li>A\u015f\u0131r\u0131 \u0131s\u0131nma olmadan 7\/24 \u00e7al\u0131\u015fma.<\/li>\n<\/ul>\n<h3><strong>Ola\u011fan\u00fcst\u00fc G\u00f6rsel Kalite<\/strong><\/h3>\n<ul>\n<li>360\u00b0 \u00e7ok y\u00f6nl\u00fc g\u00f6r\u00fc\u015f<\/li>\n<li>Tekd\u00fcze renk ve geni\u015f a\u00e7\u0131l\u0131 ayd\u0131nlatma.<\/li>\n<li>Her a\u00e7\u0131dan muhte\u015fem ve kesintisiz g\u00f6r\u00fcnt\u00fcler.<\/li>\n<\/ul>\n<h3><strong>Tam Uyarlanabilirlik<\/strong><\/h3>\n<ul>\n<li>Sabit, ba\u011f\u0131ms\u0131z, as\u0131l\u0131 veya duvara monte kurulumlar<\/li>\n<li>\u0130\u00e7 ve d\u0131\u015f mekan kullan\u0131m\u0131na uygun, \u00e7e\u015fitli boyutlarda modeller.<\/li>\n<li>\u00d6zel \u00f6l\u00e7\u00fcler ve ebatlar mevcuttur.<\/li>\n<\/ul>\n<h3><strong>Kapsaml\u0131 Destek<\/strong><\/h3>\n<ul>\n<li>7\/24 Uzaktan Teknik Destek: Uzman yard\u0131m\u0131na istedi\u011finiz zaman, istedi\u011finiz yerden ula\u015f\u0131n.<\/li>\n<li>5% yedek par\u00e7a dahildir: Her sipari\u015f, g\u00fcvenilirli\u011fi art\u0131rmak ve g\u00f6n\u00fcl rahatl\u0131\u011f\u0131 sa\u011flamak i\u00e7in ek bile\u015fenler i\u00e7erir.<\/li>\n<li>3 Y\u0131l Uzat\u0131lm\u0131\u015f Garanti: Daha iyi performans ve g\u00fcvenilir hizmet i\u00e7in uzun vadeli entegrasyondan yararlan\u0131n.<\/li>\n<\/ul>\n<h2>\u00dcr\u00fcn detaylar\u0131<\/h2>\n<div class=\"row\"  id=\"row-1498207440\">\n\n\t<div id=\"col-1874286785\" class=\"col medium-10 small-12 large-10\"  >\n\t\t\t\t<div class=\"col-inner text-left\"  >\n\t\t\t\n\t\t\t\n<ul>\n<li>K\u00fcp\u00fcn\u00fcz\u00fcn LED ekran\u0131n\u0131 do\u011frudan telefonunuzdan kontrol edin. Wi-Fi, hotspot veya uygulama \u00fczerinden ba\u011flan\u0131n ve i\u00e7eri\u011fi saniyeler i\u00e7inde de\u011fi\u015ftirin. Tek bir dokunu\u015fla, istedi\u011finiz zaman, istedi\u011finiz yerde, h\u0131zl\u0131 ve kolay bir \u015fekilde foto\u011fraf, video g\u00f6nderebilir veya ekranlar aras\u0131nda ge\u00e7i\u015f yapabilirsiniz.<\/li>\n<\/ul>\n\t<div class=\"img has-hover x md-x lg-x y md-y lg-y\" id=\"image_2106485661\">\n\t\t\t\t\t\t\t\t<div class=\"img-inner dark\" >\n\t\t\t<img loading=\"lazy\" decoding=\"async\" width=\"640\" height=\"430\" src=\"https:\/\/www.telaled.com\/wp-content\/uploads\/2025\/09\/Controle-continuo.webp\" class=\"attachment-original size-original\" alt=\"S\u00fcrekli kontrol\" srcset=\"https:\/\/www.telaled.com\/wp-content\/uploads\/2025\/09\/Controle-continuo.webp 640w, https:\/\/www.telaled.com\/wp-content\/uploads\/2025\/09\/Controle-continuo-300x202.webp 300w, https:\/\/www.telaled.com\/wp-content\/uploads\/2025\/09\/Controle-continuo-18x12.webp 18w, https:\/\/www.telaled.com\/wp-content\/uploads\/2025\/09\/Controle-continuo-600x403.webp 600w\" sizes=\"auto, (max-width: 640px) 100vw, 640px\" \/>\t\t\t\t\t\t\n\t\t\t\t\t<\/div>\n\t\t\t\t\t\t\t\t\n<style>\n#image_2106485661 {\n  width: 95%;\n}\n<\/style>\n\t<\/div>\n\t\n<ul>\n<li>Her t\u00fcrl\u00fc kuruluma uyum sa\u011flar: uzun s\u00fcreli kullan\u0131m i\u00e7in sabit bir kurulum tercih edin, ta\u015f\u0131nabilirlik i\u00e7in dik olarak yerle\u015ftirin, maksimum g\u00f6r\u00fcn\u00fcrl\u00fck i\u00e7in as\u0131n veya yerden tasarruf etmek i\u00e7in duvara monte edin. T\u00fcm se\u00e7enekler stabilite ve g\u00fcvenlik i\u00e7in tasarlanm\u0131\u015ft\u0131r, b\u00f6ylece monit\u00f6r\u00fcn\u00fcz g\u00fcvenli bir \u015fekilde yerinde kal\u0131rken net ve etkileyici bir g\u00f6rsel deneyim sunar.<\/li>\n<\/ul>\n\t\t<\/div>\n\t\t\t\t\t<\/div>\n\n\t\n\n\t<div id=\"col-113171331\" class=\"col medium-10 small-12 large-10\"  >\n\t\t\t\t<div class=\"col-inner text-left\"  >\n\t\t\t\n\t\t\t\n\t<div class=\"img has-hover x md-x lg-x y md-y lg-y\" id=\"image_1574864325\">\n\t\t\t\t\t\t\t\t<div class=\"img-inner dark\" >\n\t\t\t<img loading=\"lazy\" decoding=\"async\" width=\"640\" height=\"399\" src=\"https:\/\/www.telaled.com\/wp-content\/uploads\/2025\/09\/Opcoes-de-instalacao-versateis.webp\" class=\"attachment-large size-large\" alt=\"\u00c7ok y\u00f6nl\u00fc kurulum se\u00e7enekleri\" srcset=\"https:\/\/www.telaled.com\/wp-content\/uploads\/2025\/09\/Opcoes-de-instalacao-versateis.webp 640w, https:\/\/www.telaled.com\/wp-content\/uploads\/2025\/09\/Opcoes-de-instalacao-versateis-300x187.webp 300w, https:\/\/www.telaled.com\/wp-content\/uploads\/2025\/09\/Opcoes-de-instalacao-versateis-18x12.webp 18w, https:\/\/www.telaled.com\/wp-content\/uploads\/2025\/09\/Opcoes-de-instalacao-versateis-600x374.webp 600w\" sizes=\"auto, (max-width: 640px) 100vw, 640px\" \/>\t\t\t\t\t\t\n\t\t\t\t\t<\/div>\n\t\t\t\t\t\t\t\t\n<style>\n#image_1574864325 {\n  width: 95%;\n}\n<\/style>\n\t<\/div>\n\t\n<ul>\n<li>Canl\u0131, homojen renkler ve geni\u015f g\u00f6r\u00fc\u015f a\u00e7\u0131lar\u0131 i\u00e7in birinci s\u0131n\u0131f ayd\u0131nlatma k\u00fcreleri kullan\u0131r. 100.000 saate kadar dayanacak \u015fekilde tasarlanan bu k\u00fcreler, a\u015f\u0131r\u0131 \u0131s\u0131nmadan 7\/24 \u00e7al\u0131\u015farak monit\u00f6r\u00fcn\u00fcz\u00fcn parlak, g\u00fcvenilir ve d\u00fc\u015f\u00fck g\u00fc\u00e7 t\u00fcketimli olmas\u0131n\u0131 sa\u011flar. <a href=\"https:\/\/www.telaled.com\/tr\/entendendo-o-consumo-de-energia-painel-de-led-quao-eficientes-sao-os-displays-de-led-modernos\/\" data-wplink-edit=\"true\">enerji t\u00fcketimi<\/a> G\u00fcnler ge\u00e7tik\u00e7e.<\/li>\n<\/ul>\n\t<div class=\"img has-hover x md-x lg-x y md-y lg-y\" id=\"image_981468261\">\n\t\t\t\t\t\t\t\t<div class=\"img-inner dark\" >\n\t\t\t<img loading=\"lazy\" decoding=\"async\" width=\"660\" height=\"440\" src=\"https:\/\/www.telaled.com\/wp-content\/uploads\/2025\/09\/Lampadas-de-alta-qualidade.webp\" class=\"attachment-large size-large\" alt=\"Y\u00fcksek kaliteli ampuller\" srcset=\"https:\/\/www.telaled.com\/wp-content\/uploads\/2025\/09\/Lampadas-de-alta-qualidade.webp 660w, https:\/\/www.telaled.com\/wp-content\/uploads\/2025\/09\/Lampadas-de-alta-qualidade-300x200.webp 300w, https:\/\/www.telaled.com\/wp-content\/uploads\/2025\/09\/Lampadas-de-alta-qualidade-18x12.webp 18w, https:\/\/www.telaled.com\/wp-content\/uploads\/2025\/09\/Lampadas-de-alta-qualidade-600x400.webp 600w\" sizes=\"auto, (max-width: 660px) 100vw, 660px\" \/>\t\t\t\t\t\t\n\t\t\t\t\t<\/div>\n\t\t\t\t\t\t\t\t\n<style>\n#image_981468261 {\n  width: 95%;\n}\n<\/style>\n\t<\/div>\n\t\n\t\t<\/div>\n\t\t\t\t\t<\/div>\n\n\t\n\n\t<div id=\"col-2054728343\" class=\"col medium-10 small-12 large-10\"  >\n\t\t\t\t<div class=\"col-inner text-left\"  >\n\t\t\t\n\t\t\t\n<ul>\n<li>TCD Serisi LED K\u00fcp Panel \u00fcnitelerimiz, ta\u015f\u0131ma s\u0131ras\u0131nda korunmalar\u0131 i\u00e7in g\u00fc\u00e7lendirilmi\u015f ah\u015fap kasalara g\u00fcvenli bir \u015fekilde paketlenmi\u015ftir. Her bir \u00fcnite, koruyucu kaplarda paketlenerek toz, darbe ve di\u011fer tehlikelere kar\u015f\u0131 korunmaktad\u0131r. Bu y\u00f6ntem, depolamadan nihai teslimata kadar dayan\u0131kl\u0131l\u0131k ve g\u00fcvenli kullan\u0131m sa\u011flar.<\/li>\n<\/ul>\n\t<div class=\"img has-hover x md-x lg-x y md-y lg-y\" id=\"image_2105191563\">\n\t\t\t\t\t\t\t\t<div class=\"img-inner dark\" >\n\t\t\t<img loading=\"lazy\" decoding=\"async\" width=\"760\" height=\"1024\" src=\"https:\/\/www.telaled.com\/wp-content\/uploads\/2025\/08\/36123f2c-de60-488d-af81-255cd4aee54a-760x1024.webp\" class=\"attachment-large size-large\" alt=\"\" srcset=\"https:\/\/www.telaled.com\/wp-content\/uploads\/2025\/08\/36123f2c-de60-488d-af81-255cd4aee54a-760x1024.webp 760w, https:\/\/www.telaled.com\/wp-content\/uploads\/2025\/08\/36123f2c-de60-488d-af81-255cd4aee54a-223x300.webp 223w, https:\/\/www.telaled.com\/wp-content\/uploads\/2025\/08\/36123f2c-de60-488d-af81-255cd4aee54a-768x1035.webp 768w, https:\/\/www.telaled.com\/wp-content\/uploads\/2025\/08\/36123f2c-de60-488d-af81-255cd4aee54a-9x12.webp 9w, https:\/\/www.telaled.com\/wp-content\/uploads\/2025\/08\/36123f2c-de60-488d-af81-255cd4aee54a-600x808.webp 600w, https:\/\/www.telaled.com\/wp-content\/uploads\/2025\/08\/36123f2c-de60-488d-af81-255cd4aee54a.webp 795w\" sizes=\"auto, (max-width: 760px) 100vw, 760px\" \/>\t\t\t\t\t\t\n\t\t\t\t\t<\/div>\n\t\t\t\t\t\t\t\t\n<style>\n#image_2105191563 {\n  width: 95%;\n}\n<\/style>\n\t<\/div>\n\t\n\n<table id=\"tablepress-75\" class=\"tablepress tablepress-id-75\">\n<thead>\n<tr class=\"row-1\">\n\t<th class=\"column-1\">\u00dcr\u00fcn<\/th><th class=\"column-2\">Kurulum<\/th><th class=\"column-3\">\u00c7\u00f6z\u00fcn\u00fcrl\u00fck<\/th><th class=\"column-4\">Ekran Boyutu<\/th><th class=\"column-5\">A\u011f\u0131rl\u0131k<\/th>\n<\/tr>\n<\/thead>\n<tbody class=\"row-striping row-hover\">\n<tr class=\"row-2\">\n\t<td class=\"column-1\">\u0130\u00e7 Mekan P2.5<\/td><td class=\"column-2\">As\u0131l\u0131<\/td><td class=\"column-3\">128*128*5<\/td><td class=\"column-4\">320*320*320 mm<\/td><td class=\"column-5\">8 KG<\/td>\n<\/tr>\n<tr class=\"row-3\">\n\t<td class=\"column-1\">\u0130\u00e7 Mekan P2.5<\/td><td class=\"column-2\">Duvara monte<\/td><td class=\"column-3\">128*128*4<\/td><td class=\"column-4\">320*320*320 mm<\/td><td class=\"column-5\">7 KG<\/td>\n<\/tr>\n<tr class=\"row-4\">\n\t<td class=\"column-1\">\u0130\u00e7 Mekan P2.5<\/td><td class=\"column-2\">As\u0131l\u0131<\/td><td class=\"column-3\">192*192*5<\/td><td class=\"column-4\">480*480*480 mm<\/td><td class=\"column-5\">14 KG<\/td>\n<\/tr>\n<tr class=\"row-5\">\n\t<td class=\"column-1\">\u0130\u00e7 Mekan P2.5<\/td><td class=\"column-2\">Duvara monte<\/td><td class=\"column-3\">192*192*4<\/td><td class=\"column-4\">480*480*480 mm<\/td><td class=\"column-5\">13 KG<\/td>\n<\/tr>\n<tr class=\"row-6\">\n\t<td class=\"column-1\">\u0130\u00e7 P3<\/td><td class=\"column-2\">As\u0131l\u0131<\/td><td class=\"column-3\">128*128*5<\/td><td class=\"column-4\">384*384*384 mm<\/td><td class=\"column-5\">12 KG<\/td>\n<\/tr>\n<tr class=\"row-7\">\n\t<td class=\"column-1\">\u0130\u00e7 P3<\/td><td class=\"column-2\">Duvara monte<\/td><td class=\"column-3\">128*128*4<\/td><td class=\"column-4\">384*384*384 mm<\/td><td class=\"column-5\">11 KG<\/td>\n<\/tr>\n<tr class=\"row-8\">\n\t<td class=\"column-1\">\u0130\u00e7 P3<\/td><td class=\"column-2\">As\u0131l\u0131<\/td><td class=\"column-3\">192*192*5<\/td><td class=\"column-4\">576*576*576 mm<\/td><td class=\"column-5\">17 KG<\/td>\n<\/tr>\n<tr class=\"row-9\">\n\t<td class=\"column-1\">\u0130\u00e7 P3<\/td><td class=\"column-2\">Duvara monte<\/td><td class=\"column-3\">192*192*4<\/td><td class=\"column-4\">576*576*576 mm<\/td><td class=\"column-5\">16 KG<\/td>\n<\/tr>\n<tr class=\"row-10\">\n\t<td class=\"column-1\">\u0130\u00e7 Mekan P4<\/td><td class=\"column-2\">As\u0131l\u0131<\/td><td class=\"column-3\">128*128*5<\/td><td class=\"column-4\">512*512*512 mm<\/td><td class=\"column-5\">17 KG<\/td>\n<\/tr>\n<tr class=\"row-11\">\n\t<td class=\"column-1\">\u0130\u00e7 Mekan P4<\/td><td class=\"column-2\">Duvara monte<\/td><td class=\"column-3\">128*128*4<\/td><td class=\"column-4\">512*512*512 mm<\/td><td class=\"column-5\">16 KG<\/td>\n<\/tr>\n<tr class=\"row-12\">\n\t<td class=\"column-1\">D\u0131\u015f Cephe P2.5<\/td><td class=\"column-2\">Duvara monte<\/td><td class=\"column-3\">128*128*4<\/td><td class=\"column-4\">320*320*320 mm<\/td><td class=\"column-5\">10 KG<\/td>\n<\/tr>\n<tr class=\"row-13\">\n\t<td class=\"column-1\">D\u0131\u015f Cephe P2.5<\/td><td class=\"column-2\">As\u0131l\u0131<\/td><td class=\"column-3\">128*128*5<\/td><td class=\"column-4\">320*320*320 mm<\/td><td class=\"column-5\">11 KG<\/td>\n<\/tr>\n<tr class=\"row-14\">\n\t<td class=\"column-1\">D\u0131\u015f Cephe P2.5<\/td><td class=\"column-2\">Duvara monte<\/td><td class=\"column-3\">192*192*4<\/td><td class=\"column-4\">480*480*480 mm<\/td><td class=\"column-5\">18 KG<\/td>\n<\/tr>\n<tr class=\"row-15\">\n\t<td class=\"column-1\">D\u0131\u015f Cephe P2.5<\/td><td class=\"column-2\">As\u0131l\u0131<\/td><td class=\"column-3\">192*192*5<\/td><td class=\"column-4\">480*480*480 mm<\/td><td class=\"column-5\">19 KG<\/td>\n<\/tr>\n<tr class=\"row-16\">\n\t<td class=\"column-1\">D\u0131\u015f Cephe P3<\/td><td class=\"column-2\">Duvara monte<\/td><td class=\"column-3\">128*128*4<\/td><td class=\"column-4\">384*384*384 mm<\/td><td class=\"column-5\">16 KG<\/td>\n<\/tr>\n<tr class=\"row-17\">\n\t<td class=\"column-1\">D\u0131\u015f Cephe P3<\/td><td class=\"column-2\">As\u0131l\u0131<\/td><td class=\"column-3\">128*128*5<\/td><td class=\"column-4\">384*384*384 mm<\/td><td class=\"column-5\">17 KG<\/td>\n<\/tr>\n<tr class=\"row-18\">\n\t<td class=\"column-1\">D\u0131\u015f Cephe P3<\/td><td class=\"column-2\">Duvara monte<\/td><td class=\"column-3\">192*192*4<\/td><td class=\"column-4\">576*576*576 mm<\/td><td class=\"column-5\">21 KG<\/td>\n<\/tr>\n<tr class=\"row-19\">\n\t<td class=\"column-1\">D\u0131\u015f Cephe P3<\/td><td class=\"column-2\">As\u0131l\u0131<\/td><td class=\"column-3\">192*192*5<\/td><td class=\"column-4\">576*576*576 mm<\/td><td class=\"column-5\">22 KG<\/td>\n<\/tr>\n<tr class=\"row-20\">\n\t<td class=\"column-1\">D\u0131\u015f cephe P3.91<\/td><td class=\"column-2\">Duvara monte<\/td><td class=\"column-3\">128*128*4<\/td><td class=\"column-4\">500*500*500 mm<\/td><td class=\"column-5\">21 KG<\/td>\n<\/tr>\n<tr class=\"row-21\">\n\t<td class=\"column-1\">D\u0131\u015f cephe P3.91<\/td><td class=\"column-2\">As\u0131l\u0131<\/td><td class=\"column-3\">128*128*5<\/td><td class=\"column-4\">500*500*500 mm<\/td><td class=\"column-5\">22 KG<\/td>\n<\/tr>\n<tr class=\"row-22\">\n\t<td class=\"column-1\">\u0130htiya\u00e7lar\u0131n\u0131za g\u00f6re farkl\u0131 \u015fekil ve boyutlarda da \u00f6zelle\u015ftirme yapabiliriz.<\/td><td class=\"column-2\"><\/td><td class=\"column-3\"><\/td><td class=\"column-4\"><\/td><td class=\"column-5\"><\/td>\n<\/tr>\n<\/tbody>\n<\/table>\n<!-- #tablepress-75 from cache -->\n\t\t<\/div>\n\t\t\t\t\t<\/div>\n\n\t\n<\/div>\n\t\t<\/div>\n\t\t\t\t\t<\/div>\n\n\t\n<\/div>","protected":false},"excerpt":{"rendered":"<p><strong>TCD Serisi LED Panel K\u00fcp \u2013 Ki\u015fiselle\u015ftirilmi\u015f 360\u00b0 G\u00f6r\u00fcnt\u00fcleme \u00c7\u00f6z\u00fcmleri<\/strong><\/p>\n<p>Bizim <strong><em>TCD Serisi LED Panel K\u00fcp<\/em><\/strong> Tamamen \u00f6zelle\u015ftirilebilir tasar\u0131m\u0131 ve 360\u00b0 g\u00f6r\u00fc\u015f \u00f6zelli\u011fiyle her ortamda g\u00f6z al\u0131c\u0131 g\u00f6rseller olu\u015fturmak i\u00e7in idealdir. \u00d6zel ihtiya\u00e7lar\u0131n\u0131za uyum sa\u011flayacak \u015fekilde tasarlanan bu \u00fcr\u00fcn, stil ve i\u015flevselli\u011fi bir araya getiriyor.<\/p>\n<p><strong>Ba\u015fl\u0131ca \u00f6zellikler:<\/strong><\/p>\n<ul>\n<li><strong>360\u00b0 G\u00f6r\u00fcn\u00fcm:<\/strong> Her a\u00e7\u0131dan m\u00fckemmel bir manzara sunuyor.<\/li>\n<li><strong>Yenilik\u00e7i tasar\u0131m:<\/strong> K\u00fcbik \u015fekil, \u00e7arp\u0131c\u0131 ve dinamik bir etki kat\u0131yor.<\/li>\n<li><strong>\u00d6zel \u00f6l\u00e7\u00fcler:<\/strong> \u0130stenilen \u00f6l\u00e7\u00fcler ve gereksinimlere g\u00f6re \u00fcretilmi\u015ftir.<\/li>\n<li><strong>\u00c7ok y\u00f6nl\u00fc kullan\u0131m:<\/strong> \u00c7ok \u00e7e\u015fitli ortam ve uygulamalar i\u00e7in uygundur.<\/li>\n<\/ul>\n<p>7\/24 uzaktan destek ve 3 y\u0131l garanti sunuyoruz. Ki\u015fiselle\u015ftirilmi\u015f fiyat teklifi i\u00e7in bizimle ileti\u015fime ge\u00e7in.<\/p>","protected":false},"featured_media":3234,"template":"","meta":[],"product_brand":[],"product_cat":[48,40,46],"product_tag":[],"class_list":{"0":"post-3233","1":"product","2":"type-product","3":"status-publish","4":"has-post-thumbnail","6":"product_cat-paineis-personalizados","7":"product_cat-painel-de-led","8":"product_cat-painel-de-video","10":"first","11":"instock","12":"shipping-taxable","13":"product-type-simple"},"yoast_head":"<!-- This site is optimized with the Yoast SEO plugin v27.4 - https:\/\/yoast.com\/product\/yoast-seo-wordpress\/ -->\n<title>Cubo de Painel de LED S\u00e9rie TCD| Display Visual 3D para Publicidade | TELALED<\/title>\n<meta name=\"description\" content=\"Explore nossa Cubo de Painel de LED S\u00e9rie TCD com visibilidade de 360\u00b0, resolu\u00e7\u00e3o n\u00edtida e instala\u00e7\u00e3o flex\u00edvel. Perfeita para varejo, exposi\u00e7\u00f5es e publicidade criativa. Solicite um or\u00e7amento hoje mesmo!\" \/>\n<meta name=\"robots\" content=\"index, follow, max-snippet:-1, max-image-preview:large, max-video-preview:-1\" \/>\n<link rel=\"canonical\" href=\"https:\/\/www.telaled.com\/tr\/fabrica\/cubo-de-painel-de-led-serie-tcd\/\" \/>\n<meta property=\"og:locale\" content=\"tr_TR\" \/>\n<meta property=\"og:type\" content=\"article\" \/>\n<meta property=\"og:title\" content=\"Cubo de Painel de LED S\u00e9rie TCD| Display Visual 3D para Publicidade | TELALED\" \/>\n<meta property=\"og:description\" content=\"Explore nossa Cubo de Painel de LED S\u00e9rie TCD com visibilidade de 360\u00b0, resolu\u00e7\u00e3o n\u00edtida e instala\u00e7\u00e3o flex\u00edvel. Perfeita para varejo, exposi\u00e7\u00f5es e publicidade criativa. Solicite um or\u00e7amento hoje mesmo!\" \/>\n<meta property=\"og:url\" content=\"https:\/\/www.telaled.com\/tr\/fabrica\/cubo-de-painel-de-led-serie-tcd\/\" \/>\n<meta property=\"og:site_name\" content=\"TELALED\" \/>\n<meta property=\"article:modified_time\" content=\"2026-01-06T00:02:33+00:00\" \/>\n<meta property=\"og:image\" content=\"https:\/\/www.telaled.com\/wp-content\/uploads\/2025\/09\/Cubo-de-Painel-de-LED-Serie-TCD.webp\" \/>\n\t<meta property=\"og:image:width\" content=\"500\" \/>\n\t<meta property=\"og:image:height\" content=\"500\" \/>\n\t<meta property=\"og:image:type\" content=\"image\/webp\" \/>\n<meta name=\"twitter:card\" content=\"summary_large_image\" \/>\n<meta name=\"twitter:label1\" content=\"Est. reading time\" \/>\n\t<meta name=\"twitter:data1\" content=\"3 dakika\" \/>\n<script type=\"application\/ld+json\" class=\"yoast-schema-graph\">{\"@context\":\"https:\\\/\\\/schema.org\",\"@graph\":[{\"@type\":\"WebPage\",\"@id\":\"https:\\\/\\\/www.telaled.com\\\/fabrica\\\/cubo-de-painel-de-led-serie-tcd\\\/\",\"url\":\"https:\\\/\\\/www.telaled.com\\\/fabrica\\\/cubo-de-painel-de-led-serie-tcd\\\/\",\"name\":\"Cubo de Painel de LED S\u00e9rie TCD| Display Visual 3D para Publicidade | TELALED\",\"isPartOf\":{\"@id\":\"https:\\\/\\\/www.telaled.com\\\/#website\"},\"primaryImageOfPage\":{\"@id\":\"https:\\\/\\\/www.telaled.com\\\/fabrica\\\/cubo-de-painel-de-led-serie-tcd\\\/#primaryimage\"},\"image\":{\"@id\":\"https:\\\/\\\/www.telaled.com\\\/fabrica\\\/cubo-de-painel-de-led-serie-tcd\\\/#primaryimage\"},\"thumbnailUrl\":\"https:\\\/\\\/www.telaled.com\\\/wp-content\\\/uploads\\\/2025\\\/09\\\/Cubo-de-Painel-de-LED-Serie-TCD.webp\",\"datePublished\":\"2025-09-04T08:39:53+00:00\",\"dateModified\":\"2026-01-06T00:02:33+00:00\",\"description\":\"Explore nossa Cubo de Painel de LED S\u00e9rie TCD com visibilidade de 360\u00b0, resolu\u00e7\u00e3o n\u00edtida e instala\u00e7\u00e3o flex\u00edvel. Perfeita para varejo, exposi\u00e7\u00f5es e publicidade criativa. Solicite um or\u00e7amento hoje mesmo!\",\"breadcrumb\":{\"@id\":\"https:\\\/\\\/www.telaled.com\\\/fabrica\\\/cubo-de-painel-de-led-serie-tcd\\\/#breadcrumb\"},\"inLanguage\":\"tr\",\"potentialAction\":[{\"@type\":\"ReadAction\",\"target\":[\"https:\\\/\\\/www.telaled.com\\\/fabrica\\\/cubo-de-painel-de-led-serie-tcd\\\/\"]}]},{\"@type\":\"ImageObject\",\"inLanguage\":\"tr\",\"@id\":\"https:\\\/\\\/www.telaled.com\\\/fabrica\\\/cubo-de-painel-de-led-serie-tcd\\\/#primaryimage\",\"url\":\"https:\\\/\\\/www.telaled.com\\\/wp-content\\\/uploads\\\/2025\\\/09\\\/Cubo-de-Painel-de-LED-Serie-TCD.webp\",\"contentUrl\":\"https:\\\/\\\/www.telaled.com\\\/wp-content\\\/uploads\\\/2025\\\/09\\\/Cubo-de-Painel-de-LED-Serie-TCD.webp\",\"width\":500,\"height\":500,\"caption\":\"Cubo-de-Painel-de-LED-S\u00e9rie-TCD\"},{\"@type\":\"BreadcrumbList\",\"@id\":\"https:\\\/\\\/www.telaled.com\\\/fabrica\\\/cubo-de-painel-de-led-serie-tcd\\\/#breadcrumb\",\"itemListElement\":[{\"@type\":\"ListItem\",\"position\":1,\"name\":\"Home\",\"item\":\"https:\\\/\\\/www.telaled.com\\\/\"},{\"@type\":\"ListItem\",\"position\":2,\"name\":\"Produtos\",\"item\":\"https:\\\/\\\/www.telaled.com\\\/shop\\\/\"},{\"@type\":\"ListItem\",\"position\":3,\"name\":\"Cubo de Painel de LED S\u00e9rie TCD\"}]},{\"@type\":\"WebSite\",\"@id\":\"https:\\\/\\\/www.telaled.com\\\/#website\",\"url\":\"https:\\\/\\\/www.telaled.com\\\/\",\"name\":\"TELALED\",\"description\":\"\",\"potentialAction\":[{\"@type\":\"SearchAction\",\"target\":{\"@type\":\"EntryPoint\",\"urlTemplate\":\"https:\\\/\\\/www.telaled.com\\\/?s={search_term_string}\"},\"query-input\":{\"@type\":\"PropertyValueSpecification\",\"valueRequired\":true,\"valueName\":\"search_term_string\"}}],\"inLanguage\":\"tr\"}]}<\/script>\n<!-- \/ Yoast SEO plugin. -->","yoast_head_json":{"title":"TCD Serisi LED Panel K\u00fcp | Reklamc\u0131l\u0131k i\u00e7in 3D G\u00f6rsel Ekran | TELALED","description":"360\u00b0 g\u00f6r\u00fcn\u00fcrl\u00fck, net \u00e7\u00f6z\u00fcn\u00fcrl\u00fck ve esnek kurulum \u00f6zelliklerine sahip TCD Serisi LED K\u00fcp Panellerimizi ke\u015ffedin. Perakende, sergiler ve yarat\u0131c\u0131 reklamc\u0131l\u0131k i\u00e7in m\u00fckemmeldir. Hemen fiyat teklifi isteyin!","robots":{"index":"index","follow":"follow","max-snippet":"max-snippet:-1","max-image-preview":"max-image-preview:large","max-video-preview":"max-video-preview:-1"},"canonical":"https:\/\/www.telaled.com\/tr\/fabrica\/cubo-de-painel-de-led-serie-tcd\/","og_locale":"tr_TR","og_type":"article","og_title":"Cubo de Painel de LED S\u00e9rie TCD| Display Visual 3D para Publicidade | TELALED","og_description":"Explore nossa Cubo de Painel de LED S\u00e9rie TCD com visibilidade de 360\u00b0, resolu\u00e7\u00e3o n\u00edtida e instala\u00e7\u00e3o flex\u00edvel. Perfeita para varejo, exposi\u00e7\u00f5es e publicidade criativa. Solicite um or\u00e7amento hoje mesmo!","og_url":"https:\/\/www.telaled.com\/tr\/fabrica\/cubo-de-painel-de-led-serie-tcd\/","og_site_name":"TELALED","article_modified_time":"2026-01-06T00:02:33+00:00","og_image":[{"width":500,"height":500,"url":"https:\/\/www.telaled.com\/wp-content\/uploads\/2025\/09\/Cubo-de-Painel-de-LED-Serie-TCD.webp","type":"image\/webp"}],"twitter_card":"summary_large_image","twitter_misc":{"Est. reading time":"3 dakika"},"schema":{"@context":"https:\/\/schema.org","@graph":[{"@type":"WebPage","@id":"https:\/\/www.telaled.com\/fabrica\/cubo-de-painel-de-led-serie-tcd\/","url":"https:\/\/www.telaled.com\/fabrica\/cubo-de-painel-de-led-serie-tcd\/","name":"TCD Serisi LED Panel K\u00fcp | Reklamc\u0131l\u0131k i\u00e7in 3D G\u00f6rsel Ekran | TELALED","isPartOf":{"@id":"https:\/\/www.telaled.com\/#website"},"primaryImageOfPage":{"@id":"https:\/\/www.telaled.com\/fabrica\/cubo-de-painel-de-led-serie-tcd\/#primaryimage"},"image":{"@id":"https:\/\/www.telaled.com\/fabrica\/cubo-de-painel-de-led-serie-tcd\/#primaryimage"},"thumbnailUrl":"https:\/\/www.telaled.com\/wp-content\/uploads\/2025\/09\/Cubo-de-Painel-de-LED-Serie-TCD.webp","datePublished":"2025-09-04T08:39:53+00:00","dateModified":"2026-01-06T00:02:33+00:00","description":"360\u00b0 g\u00f6r\u00fcn\u00fcrl\u00fck, net \u00e7\u00f6z\u00fcn\u00fcrl\u00fck ve esnek kurulum \u00f6zelliklerine sahip TCD Serisi LED K\u00fcp Panellerimizi ke\u015ffedin. Perakende, sergiler ve yarat\u0131c\u0131 reklamc\u0131l\u0131k i\u00e7in m\u00fckemmeldir. Hemen fiyat teklifi isteyin!","breadcrumb":{"@id":"https:\/\/www.telaled.com\/fabrica\/cubo-de-painel-de-led-serie-tcd\/#breadcrumb"},"inLanguage":"tr","potentialAction":[{"@type":"ReadAction","target":["https:\/\/www.telaled.com\/fabrica\/cubo-de-painel-de-led-serie-tcd\/"]}]},{"@type":"ImageObject","inLanguage":"tr","@id":"https:\/\/www.telaled.com\/fabrica\/cubo-de-painel-de-led-serie-tcd\/#primaryimage","url":"https:\/\/www.telaled.com\/wp-content\/uploads\/2025\/09\/Cubo-de-Painel-de-LED-Serie-TCD.webp","contentUrl":"https:\/\/www.telaled.com\/wp-content\/uploads\/2025\/09\/Cubo-de-Painel-de-LED-Serie-TCD.webp","width":500,"height":500,"caption":"Cubo-de-Painel-de-LED-S\u00e9rie-TCD"},{"@type":"BreadcrumbList","@id":"https:\/\/www.telaled.com\/fabrica\/cubo-de-painel-de-led-serie-tcd\/#breadcrumb","itemListElement":[{"@type":"ListItem","position":1,"name":"Home","item":"https:\/\/www.telaled.com\/"},{"@type":"ListItem","position":2,"name":"Produtos","item":"https:\/\/www.telaled.com\/shop\/"},{"@type":"ListItem","position":3,"name":"Cubo de Painel de LED S\u00e9rie TCD"}]},{"@type":"WebSite","@id":"https:\/\/www.telaled.com\/#website","url":"https:\/\/www.telaled.com\/","name":"LED Ekran","description":"","potentialAction":[{"@type":"SearchAction","target":{"@type":"EntryPoint","urlTemplate":"https:\/\/www.telaled.com\/?s={search_term_string}"},"query-input":{"@type":"PropertyValueSpecification","valueRequired":true,"valueName":"search_term_string"}}],"inLanguage":"tr"}]}},"_links":{"self":[{"href":"https:\/\/www.telaled.com\/tr\/wp-json\/wp\/v2\/product\/3233","targetHints":{"allow":["GET"]}}],"collection":[{"href":"https:\/\/www.telaled.com\/tr\/wp-json\/wp\/v2\/product"}],"about":[{"href":"https:\/\/www.telaled.com\/tr\/wp-json\/wp\/v2\/types\/product"}],"wp:featuredmedia":[{"embeddable":true,"href":"https:\/\/www.telaled.com\/tr\/wp-json\/wp\/v2\/media\/3234"}],"wp:attachment":[{"href":"https:\/\/www.telaled.com\/tr\/wp-json\/wp\/v2\/media?parent=3233"}],"wp:term":[{"taxonomy":"product_brand","embeddable":true,"href":"https:\/\/www.telaled.com\/tr\/wp-json\/wp\/v2\/product_brand?post=3233"},{"taxonomy":"product_cat","embeddable":true,"href":"https:\/\/www.telaled.com\/tr\/wp-json\/wp\/v2\/product_cat?post=3233"},{"taxonomy":"product_tag","embeddable":true,"href":"https:\/\/www.telaled.com\/tr\/wp-json\/wp\/v2\/product_tag?post=3233"}],"curies":[{"name":"wp","href":"https:\/\/api.w.org\/{rel}","templated":true}]}}