{"id":3221,"date":"2025-09-04T01:46:58","date_gmt":"2025-09-04T01:46:58","guid":{"rendered":"https:\/\/www.telaled.com\/?post_type=product&#038;p=3221"},"modified":"2026-01-05T23:38:53","modified_gmt":"2026-01-05T23:38:53","slug":"led-dome-screen-serie-tcc","status":"publish","type":"product","link":"https:\/\/www.telaled.com\/tr\/fabrica\/led-dome-screen-serie-tcc\/","title":{"rendered":"TCC Serisi LED Kubbe Ekran\u0131"},"content":{"rendered":"<div class=\"row\"  id=\"row-605066574\">\n\n\t<div id=\"col-1499250856\" class=\"col small-12 large-12\"  >\n\t\t\t\t<div class=\"col-inner\"  >\n\t\t\t\n\t\t\t\n<h2>TCC Serisi LED Kubbe Ekran\u0131n \u00d6zel Avantajlar\u0131<\/h2>\n<h3><strong>\u00dcst\u00fcn Dayan\u0131kl\u0131l\u0131k<\/strong><\/h3>\n<ul>\n<li>Sa\u011flam \u00e7elik yap\u0131<\/li>\n<li>Galvanizli borular (40\/80\/100)<\/li>\n<li>\u00c7elik levha 150x150x5 m\u00b2 ba\u015f\u0131na<\/li>\n<li>Paslanmaya kar\u015f\u0131 i\u015flem g\u00f6rm\u00fc\u015f kaynak noktalar\u0131.<\/li>\n<\/ul>\n<h3><strong>Ola\u011fan\u00fcst\u00fc G\u00f6rsel Kalite<\/strong><\/h3>\n<ul>\n<li>180\u00ba-360\u00ba kavisli ekran<\/li>\n<li>S\u00fcr\u00fckleyici 3D efekti<\/li>\n<li>Her a\u00e7\u0131dan net g\u00f6r\u00fcnt\u00fcler<\/li>\n<\/ul>\n<h3><strong>Tam Uyarlanabilirlik<\/strong><\/h3>\n<ul>\n<li>\u00d6zel kubbe \u00e7ap\u0131<\/li>\n<li>Ayarlanabilir ekran b\u00f6lgesi<\/li>\n<li>Esnek s\u0131k\u0131\u015ft\u0131rma pozisyonu<\/li>\n<\/ul>\n<h3><strong>Kapsaml\u0131 Destek<\/strong><\/h3>\n<ul>\n<li>7\/24 Uzaktan Teknik Destek: Uzman yard\u0131m\u0131na istedi\u011finiz zaman, istedi\u011finiz yerden ula\u015f\u0131n.<\/li>\n<li>5% yedek par\u00e7a dahildir: Her sipari\u015f, g\u00fcvenilirli\u011fi art\u0131rmak ve g\u00f6n\u00fcl rahatl\u0131\u011f\u0131 sa\u011flamak i\u00e7in ek bile\u015fenler i\u00e7erir.<\/li>\n<li>3 Y\u0131l Uzat\u0131lm\u0131\u015f Garanti: Daha iyi performans ve g\u00fcvenilir hizmet i\u00e7in uzun vadeli entegrasyondan yararlan\u0131n.<\/li>\n<\/ul>\n<h2>\u00dcr\u00fcn detaylar\u0131<\/h2>\n<div class=\"row\"  id=\"row-797584518\">\n\n\t<div id=\"col-989123233\" class=\"col medium-10 small-12 large-10\"  >\n\t\t\t\t<div class=\"col-inner text-left\"  >\n\t\t\t\n\t\t\t\n<ul>\n<li>LED kubbe ekran\u0131m\u0131z\u0131n yap\u0131s\u0131 ve kabin sistemi, kurulum s\u00fcresini ve i\u015f\u00e7ilik maliyetlerini azalt\u0131r. Tasar\u0131m sadece verimli olmakla kalmaz, ayn\u0131 zamanda proje uygulamas\u0131n\u0131 da h\u0131zland\u0131r\u0131r. Bu da size maliyet tasarrufu ve \u00f6l\u00e7eklenebilirlik a\u00e7\u0131s\u0131ndan a\u00e7\u0131k bir rekabet avantaj\u0131 sa\u011flar.<\/li>\n<\/ul>\n\t<div class=\"img has-hover x md-x lg-x y md-y lg-y\" id=\"image_1382564605\">\n\t\t\t\t\t\t\t\t<div class=\"img-inner dark\" >\n\t\t\t<img loading=\"lazy\" decoding=\"async\" width=\"1313\" height=\"840\" src=\"https:\/\/www.telaled.com\/wp-content\/uploads\/2025\/09\/Design-modularizado-para-facil-instalacao-1.webp\" class=\"attachment-original size-original\" alt=\"Kolay kurulum i\u00e7in mod\u00fcler tasar\u0131m (1)\" srcset=\"https:\/\/www.telaled.com\/wp-content\/uploads\/2025\/09\/Design-modularizado-para-facil-instalacao-1.webp 1313w, https:\/\/www.telaled.com\/wp-content\/uploads\/2025\/09\/Design-modularizado-para-facil-instalacao-1-300x192.webp 300w, https:\/\/www.telaled.com\/wp-content\/uploads\/2025\/09\/Design-modularizado-para-facil-instalacao-1-1024x655.webp 1024w, https:\/\/www.telaled.com\/wp-content\/uploads\/2025\/09\/Design-modularizado-para-facil-instalacao-1-768x491.webp 768w, https:\/\/www.telaled.com\/wp-content\/uploads\/2025\/09\/Design-modularizado-para-facil-instalacao-1-18x12.webp 18w, https:\/\/www.telaled.com\/wp-content\/uploads\/2025\/09\/Design-modularizado-para-facil-instalacao-1-600x384.webp 600w\" sizes=\"auto, (max-width: 1313px) 100vw, 1313px\" \/>\t\t\t\t\t\t\n\t\t\t\t\t<\/div>\n\t\t\t\t\t\t\t\t\n<style>\n#image_1382564605 {\n  width: 95%;\n}\n<\/style>\n\t<\/div>\n\t\n<ul>\n<li>Ultra y\u00fcksek \u00e7\u00f6z\u00fcn\u00fcrl\u00fckl\u00fc g\u00f6r\u00fcnt\u00fcler ve ger\u00e7ek\u00e7i seslerle izleyici filmin i\u00e7ine \u00e7ekiliyor. Ekrana ne kadar yakla\u015f\u0131rsan\u0131z, deneyim o kadar yo\u011funla\u015f\u0131yor.<\/li>\n<\/ul>\n\t\t<\/div>\n\t\t\t\t\t<\/div>\n\n\t\n\n\t<div id=\"col-1982261074\" class=\"col medium-10 small-12 large-10\"  >\n\t\t\t\t<div class=\"col-inner text-left\"  >\n\t\t\t\n\t\t\t\n\t<div class=\"img has-hover x md-x lg-x y md-y lg-y\" id=\"image_284354388\">\n\t\t\t\t\t\t\t\t<div class=\"img-inner dark\" >\n\t\t\t<img loading=\"lazy\" decoding=\"async\" width=\"700\" height=\"490\" src=\"https:\/\/www.telaled.com\/wp-content\/uploads\/2025\/09\/Cinema-panoramico.webp\" class=\"attachment-large size-large\" alt=\"Panoramik sinema\" srcset=\"https:\/\/www.telaled.com\/wp-content\/uploads\/2025\/09\/Cinema-panoramico.webp 700w, https:\/\/www.telaled.com\/wp-content\/uploads\/2025\/09\/Cinema-panoramico-300x210.webp 300w, https:\/\/www.telaled.com\/wp-content\/uploads\/2025\/09\/Cinema-panoramico-18x12.webp 18w, https:\/\/www.telaled.com\/wp-content\/uploads\/2025\/09\/Cinema-panoramico-600x420.webp 600w\" sizes=\"auto, (max-width: 700px) 100vw, 700px\" \/>\t\t\t\t\t\t\n\t\t\t\t\t<\/div>\n\t\t\t\t\t\t\t\t\n<style>\n#image_284354388 {\n  width: 95%;\n}\n<\/style>\n\t<\/div>\n\t\n<ul>\n<li>TCC Serisi LED Kubbe Ekran\u0131m\u0131z, izleme deneyimini eksiksiz bir duyusal olaya d\u00f6n\u00fc\u015ft\u00fcr\u00fcyor. Yar\u0131m k\u00fcre \u015feklindeki ekran izleyicinin g\u00f6r\u00fc\u015f\u00fcn\u00fc tamamen sararken, hareketli koltuklar, aroma efektleri, geni\u015f g\u00f6r\u00fcnt\u00fcler ve surround ses, 4D deneyimini 5D&#039;ye y\u00fckseltiyor. \u00d6nden arkaya her detay, izleyiciyi asla unutamayacaklar\u0131 canl\u0131 ve rahatlat\u0131c\u0131 bir sahneye s\u00fcr\u00fckl\u00fcyor.<\/li>\n<\/ul>\n\t<div class=\"img has-hover x md-x lg-x y md-y lg-y\" id=\"image_1107553177\">\n\t\t\t\t\t\t\t\t<div class=\"img-inner dark\" >\n\t\t\t<img loading=\"lazy\" decoding=\"async\" width=\"640\" height=\"318\" src=\"https:\/\/www.telaled.com\/wp-content\/uploads\/2025\/09\/Experiencia-Imersiva-Realista.jpg\" class=\"attachment-large size-large\" alt=\"S\u00fcr\u00fckleyici ve Ger\u00e7ek\u00e7i Deneyim\" srcset=\"https:\/\/www.telaled.com\/wp-content\/uploads\/2025\/09\/Experiencia-Imersiva-Realista.jpg 640w, https:\/\/www.telaled.com\/wp-content\/uploads\/2025\/09\/Experiencia-Imersiva-Realista-300x149.jpg 300w, https:\/\/www.telaled.com\/wp-content\/uploads\/2025\/09\/Experiencia-Imersiva-Realista-18x9.jpg 18w, https:\/\/www.telaled.com\/wp-content\/uploads\/2025\/09\/Experiencia-Imersiva-Realista-600x298.jpg 600w\" sizes=\"auto, (max-width: 640px) 100vw, 640px\" \/>\t\t\t\t\t\t\n\t\t\t\t\t<\/div>\n\t\t\t\t\t\t\t\t\n<style>\n#image_1107553177 {\n  width: 95%;\n}\n<\/style>\n\t<\/div>\n\t\n\t\t<\/div>\n\t\t\t\t\t<\/div>\n\n\t\n\n\t<div id=\"col-254428018\" class=\"col medium-10 small-12 large-10\"  >\n\t\t\t\t<div class=\"col-inner text-left\"  >\n\t\t\t\n\t\t\t\n<ul>\n<li>TCC Serisi LED Kubbe Ekran \u00fcnitelerimiz, ta\u015f\u0131ma s\u0131ras\u0131nda korunmalar\u0131 i\u00e7in g\u00fc\u00e7lendirilmi\u015f ah\u015fap kasalara g\u00fcvenli bir \u015fekilde paketlenmi\u015ftir. Her bir \u00fcnite, koruyucu kaplarda paketlenerek toz, darbe ve di\u011fer tehlikelere kar\u015f\u0131 korunmaktad\u0131r. Bu y\u00f6ntem, depolamadan nihai teslimata kadar dayan\u0131kl\u0131l\u0131k ve g\u00fcvenli kullan\u0131m sa\u011flar.<\/li>\n<\/ul>\n\t<div class=\"img has-hover x md-x lg-x y md-y lg-y\" id=\"image_1071468381\">\n\t\t\t\t\t\t\t\t<div class=\"img-inner dark\" >\n\t\t\t<img loading=\"lazy\" decoding=\"async\" width=\"760\" height=\"1024\" src=\"https:\/\/www.telaled.com\/wp-content\/uploads\/2025\/08\/36123f2c-de60-488d-af81-255cd4aee54a-760x1024.webp\" class=\"attachment-large size-large\" alt=\"\" srcset=\"https:\/\/www.telaled.com\/wp-content\/uploads\/2025\/08\/36123f2c-de60-488d-af81-255cd4aee54a-760x1024.webp 760w, https:\/\/www.telaled.com\/wp-content\/uploads\/2025\/08\/36123f2c-de60-488d-af81-255cd4aee54a-223x300.webp 223w, https:\/\/www.telaled.com\/wp-content\/uploads\/2025\/08\/36123f2c-de60-488d-af81-255cd4aee54a-768x1035.webp 768w, https:\/\/www.telaled.com\/wp-content\/uploads\/2025\/08\/36123f2c-de60-488d-af81-255cd4aee54a-9x12.webp 9w, https:\/\/www.telaled.com\/wp-content\/uploads\/2025\/08\/36123f2c-de60-488d-af81-255cd4aee54a-600x808.webp 600w, https:\/\/www.telaled.com\/wp-content\/uploads\/2025\/08\/36123f2c-de60-488d-af81-255cd4aee54a.webp 795w\" sizes=\"auto, (max-width: 760px) 100vw, 760px\" \/>\t\t\t\t\t\t\n\t\t\t\t\t<\/div>\n\t\t\t\t\t\t\t\t\n<style>\n#image_1071468381 {\n  width: 95%;\n}\n<\/style>\n\t<\/div>\n\t\n\n<table id=\"tablepress-74\" class=\"tablepress tablepress-id-74\">\n<thead>\n<tr class=\"row-1\">\n\t<th class=\"column-1\">Model<\/th><th class=\"column-2\">TCC1.45<\/th><th class=\"column-3\">TCC1.875<\/th><th class=\"column-4\">TCC2<\/th><th class=\"column-5\">TCC4<\/th>\n<\/tr>\n<\/thead>\n<tbody class=\"row-striping row-hover\">\n<tr class=\"row-2\">\n\t<td class=\"column-1\">Pikseller aras\u0131 mesafe (mm)<\/td><td class=\"column-2\">1.45<\/td><td class=\"column-3\">1.875<\/td><td class=\"column-4\">2<\/td><td class=\"column-5\">4<\/td>\n<\/tr>\n<tr class=\"row-3\">\n\t<td class=\"column-1\">Piksel Bile\u015fimi<\/td><td class=\"column-2\">1R1G1B<\/td><td class=\"column-3\">1R1G1B<\/td><td class=\"column-4\">1R1G1B<\/td><td class=\"column-5\">1R1G1B<\/td>\n<\/tr>\n<tr class=\"row-4\">\n\t<td class=\"column-1\">LED tipi<\/td><td class=\"column-2\">SMD1010<\/td><td class=\"column-3\">SMD1212<\/td><td class=\"column-4\">SMD1212<\/td><td class=\"column-5\">SMD1515<\/td>\n<\/tr>\n<tr class=\"row-5\">\n\t<td class=\"column-1\">Piksel yo\u011funlu\u011fu (nokta\/m\u00b2)<\/td><td class=\"column-2\">475, 624<\/td><td class=\"column-3\">284,444<\/td><td class=\"column-4\">250,000<\/td><td class=\"column-5\">62500<\/td>\n<\/tr>\n<tr class=\"row-6\">\n\t<td class=\"column-1\">Tarama y\u00f6ntemi<\/td><td class=\"column-2\">1\/35<\/td><td class=\"column-3\">1\/32<\/td><td class=\"column-4\">1\/32<\/td><td class=\"column-5\">1\/16<\/td>\n<\/tr>\n<tr class=\"row-7\">\n\t<td class=\"column-1\">Parlakl\u0131k (cd\/m\u00b2)<\/td><td class=\"column-2\">300<\/td><td class=\"column-3\">800-1000<\/td><td class=\"column-4\">800-1000<\/td><td class=\"column-5\">800<\/td>\n<\/tr>\n<tr class=\"row-8\">\n\t<td class=\"column-1\">Ortalama g\u00fc\u00e7 (W\/m\u00b2)<\/td><td class=\"column-2\">140<\/td><td class=\"column-3\">150-200<\/td><td class=\"column-4\">150-200<\/td><td class=\"column-5\">150-200<\/td>\n<\/tr>\n<tr class=\"row-9\">\n\t<td class=\"column-1\">Maksimum g\u00fc\u00e7 (W\/m\u00b2)<\/td><td class=\"column-2\">300<\/td><td class=\"column-3\">600<\/td><td class=\"column-4\">600<\/td><td class=\"column-5\">600<\/td>\n<\/tr>\n<tr class=\"row-10\">\n\t<td class=\"column-1\">Yenileme h\u0131z\u0131 (Hz)<\/td><td class=\"column-2\">3840<\/td><td class=\"column-3\">3840<\/td><td class=\"column-4\">3840<\/td><td class=\"column-5\">3840<\/td>\n<\/tr>\n<tr class=\"row-11\">\n\t<td class=\"column-1\">Gri tonlama (bit)<\/td><td class=\"column-2\">16<\/td><td class=\"column-3\">12-16<\/td><td class=\"column-4\">12-16<\/td><td class=\"column-5\">12-16<\/td>\n<\/tr>\n<tr class=\"row-12\">\n\t<td class=\"column-1\">yay\u0131n merkez a\u00e7\u0131s\u0131<\/td><td class=\"column-2\">\u0130htiya\u00e7lar\u0131n\u0131za g\u00f6re \u00f6zelle\u015ftirilmi\u015ftir.<\/td><td class=\"column-3\">\u0130htiya\u00e7lar\u0131n\u0131za g\u00f6re \u00f6zelle\u015ftirilmi\u015ftir.<\/td><td class=\"column-4\">\u0130htiya\u00e7lar\u0131n\u0131za g\u00f6re \u00f6zelle\u015ftirilmi\u015ftir.<\/td><td class=\"column-5\">\u0130htiya\u00e7lar\u0131n\u0131za g\u00f6re \u00f6zelle\u015ftirilmi\u015ftir.<\/td>\n<\/tr>\n<tr class=\"row-13\">\n\t<td class=\"column-1\">LED kabin a\u011f\u0131rl\u0131\u011f\u0131 (kg\/adet)<\/td><td class=\"column-2\">5<\/td><td class=\"column-3\">40<\/td><td class=\"column-4\">40<\/td><td class=\"column-5\">50<\/td>\n<\/tr>\n<tr class=\"row-14\">\n\t<td class=\"column-1\">Br\u00fct a\u011f\u0131rl\u0131k (kg\/m\u00b2)<\/td><td class=\"column-2\">\u226460<\/td><td class=\"column-3\">\u226460<\/td><td class=\"column-4\">\u226460<\/td><td class=\"column-5\">\u226460<\/td>\n<\/tr>\n<tr class=\"row-15\">\n\t<td class=\"column-1\">Kesintisiz kullan\u0131m s\u00fcresi (saat)<\/td><td class=\"column-2\">>72<\/td><td class=\"column-3\">>72<\/td><td class=\"column-4\">>72<\/td><td class=\"column-5\">>72<\/td>\n<\/tr>\n<tr class=\"row-16\">\n\t<td class=\"column-1\">\u00d6m\u00fcr (saat)<\/td><td class=\"column-2\">>10,000<\/td><td class=\"column-3\">>10,000<\/td><td class=\"column-4\">>10,000<\/td><td class=\"column-5\">>10,000<\/td>\n<\/tr>\n<tr class=\"row-17\">\n\t<td class=\"column-1\">Kontrol d\u0131\u015f\u0131 ayr\u0131k nokta (%)<\/td><td class=\"column-2\"><0.01<\/td><td class=\"column-3\"><0.01<\/td><td class=\"column-4\"><0.01<\/td><td class=\"column-5\"><0.01<\/td>\n<\/tr>\n<\/tbody>\n<\/table>\n<!-- #tablepress-74 from cache -->\n\t\t<\/div>\n\t\t\t\t\t<\/div>\n\n\t\n<\/div>\n\t\t<\/div>\n\t\t\t\t\t<\/div>\n\n\t\n<\/div>","protected":false},"excerpt":{"rendered":"<p><strong>TCC Serisi LED Kubbe Ekran \u2013 Ultra Geni\u015f Kapsaml\u0131 S\u00fcr\u00fckleyici Ekran<\/strong><\/p>\n<p>A <em><strong>TCC Serisi LED Kubbe Ekran\u0131<\/strong><\/em> Geni\u015f g\u00f6r\u00fc\u015f a\u00e7\u0131s\u0131, keskinlik ve d\u00fc\u015f\u00fck g\u00fcr\u00fclt\u00fc seviyesiyle 4 boyutlu g\u00f6r\u00fcnt\u00fcler sunar. 5 ila 35 metre \u00e7ap aral\u0131\u011f\u0131nda P1.45 ila P4 modelleri mevcuttur.<\/p>\n<p><strong>Ba\u015fl\u0131ca \u00f6zellikler:<\/strong><\/p>\n<ul>\n<li>S\u00fcr\u00fckleyici sinema ve interaktif deneyimler i\u00e7in 4D LED \u00e7ekirdek teknolojisi.<\/li>\n<li>Geni\u015f g\u00f6r\u00fc\u015f a\u00e7\u0131s\u0131 ve ger\u00e7ek\u00e7i g\u00f6rsel efektler ve izleyici etkile\u015fimi i\u00e7in m\u00fckemmel y\u00fczey.<\/li>\n<li>G\u00fcr\u00fclt\u00fc ve yank\u0131y\u0131 en aza indiren ultra y\u00fcksek \u00e7\u00f6z\u00fcn\u00fcrl\u00fckl\u00fc g\u00f6r\u00fcnt\u00fc; ger\u00e7ek\u00e7i ses deste\u011fi.<\/li>\n<li>M\u00fczeler, planetaryumlar, sergi salonlar\u0131, e\u011fitim merkezleri, sim\u00fclasyon ve end\u00fcstriyel e\u011fitim i\u00e7in esnek \u00f6zellikler.<\/li>\n<\/ul>\n<p>7\/24 uzaktan destek ve 3 y\u0131l garanti sunuyoruz. Ki\u015fiselle\u015ftirilmi\u015f fiyat teklifi i\u00e7in bizimle ileti\u015fime ge\u00e7in.<\/p>","protected":false},"featured_media":3222,"template":"","meta":[],"product_brand":[],"product_cat":[48,40,44,46],"product_tag":[],"class_list":{"0":"post-3221","1":"product","2":"type-product","3":"status-publish","4":"has-post-thumbnail","6":"product_cat-paineis-personalizados","7":"product_cat-painel-de-led","8":"product_cat-painel-de-led-flexivel","9":"product_cat-painel-de-video","11":"first","12":"instock","13":"shipping-taxable","14":"product-type-simple"},"yoast_head":"<!-- This site is optimized with the Yoast SEO plugin v27.4 - https:\/\/yoast.com\/product\/yoast-seo-wordpress\/ -->\n<title>LED Dome Screen S\u00e9rie TCC | Experi\u00eancia Visual Imersiva 4D | TELALED<\/title>\n<meta name=\"description\" content=\"LED Dome Screen S\u00e9rie TCC com tecnologia de n\u00facleo 4D, modelos P1.45-P4 e di\u00e2metros de 5 a 35 m. Ideal para museus, planet\u00e1rios, exposi\u00e7\u00f5es, treinamentos e teatro imersivo\" \/>\n<meta name=\"robots\" content=\"index, follow, max-snippet:-1, max-image-preview:large, max-video-preview:-1\" \/>\n<link rel=\"canonical\" href=\"https:\/\/www.telaled.com\/tr\/fabrica\/led-dome-screen-serie-tcc\/\" \/>\n<meta property=\"og:locale\" content=\"tr_TR\" \/>\n<meta property=\"og:type\" content=\"article\" \/>\n<meta property=\"og:title\" content=\"LED Dome Screen S\u00e9rie TCC | Experi\u00eancia Visual Imersiva 4D | TELALED\" \/>\n<meta property=\"og:description\" content=\"LED Dome Screen S\u00e9rie TCC com tecnologia de n\u00facleo 4D, modelos P1.45-P4 e di\u00e2metros de 5 a 35 m. Ideal para museus, planet\u00e1rios, exposi\u00e7\u00f5es, treinamentos e teatro imersivo\" \/>\n<meta property=\"og:url\" content=\"https:\/\/www.telaled.com\/tr\/fabrica\/led-dome-screen-serie-tcc\/\" \/>\n<meta property=\"og:site_name\" content=\"TELALED\" \/>\n<meta property=\"article:modified_time\" content=\"2026-01-05T23:38:53+00:00\" \/>\n<meta property=\"og:image\" content=\"https:\/\/www.telaled.com\/wp-content\/uploads\/2025\/09\/LED-Dome-Screen-Serie-TCC.webp\" \/>\n\t<meta property=\"og:image:width\" content=\"500\" \/>\n\t<meta property=\"og:image:height\" content=\"500\" \/>\n\t<meta property=\"og:image:type\" content=\"image\/webp\" \/>\n<meta name=\"twitter:card\" content=\"summary_large_image\" \/>\n<meta name=\"twitter:label1\" content=\"Est. reading time\" \/>\n\t<meta name=\"twitter:data1\" content=\"3 dakika\" \/>\n<script type=\"application\/ld+json\" class=\"yoast-schema-graph\">{\"@context\":\"https:\\\/\\\/schema.org\",\"@graph\":[{\"@type\":\"WebPage\",\"@id\":\"https:\\\/\\\/www.telaled.com\\\/fabrica\\\/led-dome-screen-serie-tcc\\\/\",\"url\":\"https:\\\/\\\/www.telaled.com\\\/fabrica\\\/led-dome-screen-serie-tcc\\\/\",\"name\":\"LED Dome Screen S\u00e9rie TCC | Experi\u00eancia Visual Imersiva 4D | TELALED\",\"isPartOf\":{\"@id\":\"https:\\\/\\\/www.telaled.com\\\/#website\"},\"primaryImageOfPage\":{\"@id\":\"https:\\\/\\\/www.telaled.com\\\/fabrica\\\/led-dome-screen-serie-tcc\\\/#primaryimage\"},\"image\":{\"@id\":\"https:\\\/\\\/www.telaled.com\\\/fabrica\\\/led-dome-screen-serie-tcc\\\/#primaryimage\"},\"thumbnailUrl\":\"https:\\\/\\\/www.telaled.com\\\/wp-content\\\/uploads\\\/2025\\\/09\\\/LED-Dome-Screen-Serie-TCC.webp\",\"datePublished\":\"2025-09-04T01:46:58+00:00\",\"dateModified\":\"2026-01-05T23:38:53+00:00\",\"description\":\"LED Dome Screen S\u00e9rie TCC com tecnologia de n\u00facleo 4D, modelos P1.45-P4 e di\u00e2metros de 5 a 35 m. Ideal para museus, planet\u00e1rios, exposi\u00e7\u00f5es, treinamentos e teatro imersivo\",\"breadcrumb\":{\"@id\":\"https:\\\/\\\/www.telaled.com\\\/fabrica\\\/led-dome-screen-serie-tcc\\\/#breadcrumb\"},\"inLanguage\":\"tr\",\"potentialAction\":[{\"@type\":\"ReadAction\",\"target\":[\"https:\\\/\\\/www.telaled.com\\\/fabrica\\\/led-dome-screen-serie-tcc\\\/\"]}]},{\"@type\":\"ImageObject\",\"inLanguage\":\"tr\",\"@id\":\"https:\\\/\\\/www.telaled.com\\\/fabrica\\\/led-dome-screen-serie-tcc\\\/#primaryimage\",\"url\":\"https:\\\/\\\/www.telaled.com\\\/wp-content\\\/uploads\\\/2025\\\/09\\\/LED-Dome-Screen-Serie-TCC.webp\",\"contentUrl\":\"https:\\\/\\\/www.telaled.com\\\/wp-content\\\/uploads\\\/2025\\\/09\\\/LED-Dome-Screen-Serie-TCC.webp\",\"width\":500,\"height\":500,\"caption\":\"LED-Dome-Screen-S\u00e9rie-TCC\"},{\"@type\":\"BreadcrumbList\",\"@id\":\"https:\\\/\\\/www.telaled.com\\\/fabrica\\\/led-dome-screen-serie-tcc\\\/#breadcrumb\",\"itemListElement\":[{\"@type\":\"ListItem\",\"position\":1,\"name\":\"Home\",\"item\":\"https:\\\/\\\/www.telaled.com\\\/\"},{\"@type\":\"ListItem\",\"position\":2,\"name\":\"Produtos\",\"item\":\"https:\\\/\\\/www.telaled.com\\\/shop\\\/\"},{\"@type\":\"ListItem\",\"position\":3,\"name\":\"LED Dome Screen S\u00e9rie TCC\"}]},{\"@type\":\"WebSite\",\"@id\":\"https:\\\/\\\/www.telaled.com\\\/#website\",\"url\":\"https:\\\/\\\/www.telaled.com\\\/\",\"name\":\"TELALED\",\"description\":\"\",\"potentialAction\":[{\"@type\":\"SearchAction\",\"target\":{\"@type\":\"EntryPoint\",\"urlTemplate\":\"https:\\\/\\\/www.telaled.com\\\/?s={search_term_string}\"},\"query-input\":{\"@type\":\"PropertyValueSpecification\",\"valueRequired\":true,\"valueName\":\"search_term_string\"}}],\"inLanguage\":\"tr\"}]}<\/script>\n<!-- \/ Yoast SEO plugin. -->","yoast_head_json":{"title":"TCC Serisi LED Kubbe Ekran | S\u00fcr\u00fckleyici 4D G\u00f6rsel Deneyim | TELALED","description":"4D \u00e7ekirdek teknolojisine sahip TCC Serisi LED Kubbe Ekranlar, P1.45-P4 modelleri ve 5 ila 35 metre \u00e7aplar\u0131nda mevcuttur. M\u00fczeler, planetaryumlar, sergiler, e\u011fitim ve s\u00fcr\u00fckleyici tiyatro i\u00e7in idealdir.","robots":{"index":"index","follow":"follow","max-snippet":"max-snippet:-1","max-image-preview":"max-image-preview:large","max-video-preview":"max-video-preview:-1"},"canonical":"https:\/\/www.telaled.com\/tr\/fabrica\/led-dome-screen-serie-tcc\/","og_locale":"tr_TR","og_type":"article","og_title":"LED Dome Screen S\u00e9rie TCC | Experi\u00eancia Visual Imersiva 4D | TELALED","og_description":"LED Dome Screen S\u00e9rie TCC com tecnologia de n\u00facleo 4D, modelos P1.45-P4 e di\u00e2metros de 5 a 35 m. Ideal para museus, planet\u00e1rios, exposi\u00e7\u00f5es, treinamentos e teatro imersivo","og_url":"https:\/\/www.telaled.com\/tr\/fabrica\/led-dome-screen-serie-tcc\/","og_site_name":"TELALED","article_modified_time":"2026-01-05T23:38:53+00:00","og_image":[{"width":500,"height":500,"url":"https:\/\/www.telaled.com\/wp-content\/uploads\/2025\/09\/LED-Dome-Screen-Serie-TCC.webp","type":"image\/webp"}],"twitter_card":"summary_large_image","twitter_misc":{"Est. reading time":"3 dakika"},"schema":{"@context":"https:\/\/schema.org","@graph":[{"@type":"WebPage","@id":"https:\/\/www.telaled.com\/fabrica\/led-dome-screen-serie-tcc\/","url":"https:\/\/www.telaled.com\/fabrica\/led-dome-screen-serie-tcc\/","name":"TCC Serisi LED Kubbe Ekran | S\u00fcr\u00fckleyici 4D G\u00f6rsel Deneyim | TELALED","isPartOf":{"@id":"https:\/\/www.telaled.com\/#website"},"primaryImageOfPage":{"@id":"https:\/\/www.telaled.com\/fabrica\/led-dome-screen-serie-tcc\/#primaryimage"},"image":{"@id":"https:\/\/www.telaled.com\/fabrica\/led-dome-screen-serie-tcc\/#primaryimage"},"thumbnailUrl":"https:\/\/www.telaled.com\/wp-content\/uploads\/2025\/09\/LED-Dome-Screen-Serie-TCC.webp","datePublished":"2025-09-04T01:46:58+00:00","dateModified":"2026-01-05T23:38:53+00:00","description":"4D \u00e7ekirdek teknolojisine sahip TCC Serisi LED Kubbe Ekranlar, P1.45-P4 modelleri ve 5 ila 35 metre \u00e7aplar\u0131nda mevcuttur. M\u00fczeler, planetaryumlar, sergiler, e\u011fitim ve s\u00fcr\u00fckleyici tiyatro i\u00e7in idealdir.","breadcrumb":{"@id":"https:\/\/www.telaled.com\/fabrica\/led-dome-screen-serie-tcc\/#breadcrumb"},"inLanguage":"tr","potentialAction":[{"@type":"ReadAction","target":["https:\/\/www.telaled.com\/fabrica\/led-dome-screen-serie-tcc\/"]}]},{"@type":"ImageObject","inLanguage":"tr","@id":"https:\/\/www.telaled.com\/fabrica\/led-dome-screen-serie-tcc\/#primaryimage","url":"https:\/\/www.telaled.com\/wp-content\/uploads\/2025\/09\/LED-Dome-Screen-Serie-TCC.webp","contentUrl":"https:\/\/www.telaled.com\/wp-content\/uploads\/2025\/09\/LED-Dome-Screen-Serie-TCC.webp","width":500,"height":500,"caption":"LED-Dome-Screen-S\u00e9rie-TCC"},{"@type":"BreadcrumbList","@id":"https:\/\/www.telaled.com\/fabrica\/led-dome-screen-serie-tcc\/#breadcrumb","itemListElement":[{"@type":"ListItem","position":1,"name":"Home","item":"https:\/\/www.telaled.com\/"},{"@type":"ListItem","position":2,"name":"Produtos","item":"https:\/\/www.telaled.com\/shop\/"},{"@type":"ListItem","position":3,"name":"LED Dome Screen S\u00e9rie TCC"}]},{"@type":"WebSite","@id":"https:\/\/www.telaled.com\/#website","url":"https:\/\/www.telaled.com\/","name":"LED Ekran","description":"","potentialAction":[{"@type":"SearchAction","target":{"@type":"EntryPoint","urlTemplate":"https:\/\/www.telaled.com\/?s={search_term_string}"},"query-input":{"@type":"PropertyValueSpecification","valueRequired":true,"valueName":"search_term_string"}}],"inLanguage":"tr"}]}},"_links":{"self":[{"href":"https:\/\/www.telaled.com\/tr\/wp-json\/wp\/v2\/product\/3221","targetHints":{"allow":["GET"]}}],"collection":[{"href":"https:\/\/www.telaled.com\/tr\/wp-json\/wp\/v2\/product"}],"about":[{"href":"https:\/\/www.telaled.com\/tr\/wp-json\/wp\/v2\/types\/product"}],"wp:featuredmedia":[{"embeddable":true,"href":"https:\/\/www.telaled.com\/tr\/wp-json\/wp\/v2\/media\/3222"}],"wp:attachment":[{"href":"https:\/\/www.telaled.com\/tr\/wp-json\/wp\/v2\/media?parent=3221"}],"wp:term":[{"taxonomy":"product_brand","embeddable":true,"href":"https:\/\/www.telaled.com\/tr\/wp-json\/wp\/v2\/product_brand?post=3221"},{"taxonomy":"product_cat","embeddable":true,"href":"https:\/\/www.telaled.com\/tr\/wp-json\/wp\/v2\/product_cat?post=3221"},{"taxonomy":"product_tag","embeddable":true,"href":"https:\/\/www.telaled.com\/tr\/wp-json\/wp\/v2\/product_tag?post=3221"}],"curies":[{"name":"wp","href":"https:\/\/api.w.org\/{rel}","templated":true}]}}