{"id":3162,"date":"2025-08-27T09:40:42","date_gmt":"2025-08-27T09:40:42","guid":{"rendered":"https:\/\/www.telaled.com\/?post_type=product&#038;p=3162"},"modified":"2026-01-05T08:55:31","modified_gmt":"2026-01-05T08:55:31","slug":"telas-oled-transparentes-serie-thu","status":"publish","type":"product","link":"https:\/\/www.telaled.com\/tr\/fabrica\/telas-oled-transparentes-serie-thu\/","title":{"rendered":"\u015eeffaf OLED Ekranlar - THU Serisi"},"content":{"rendered":"<div class=\"row\"  id=\"row-1852624495\">\n\n\t<div id=\"col-779944090\" class=\"col small-12 large-12\"  >\n\t\t\t\t<div class=\"col-inner\"  >\n\t\t\t\n\t\t\t\n<h2>THU Serisi \u015eeffaf OLED Ekranlar\u0131n \u00d6zel Avantajlar\u0131<\/h2>\n<h3><strong>\u00dcst\u00fcn Dayan\u0131kl\u0131l\u0131k<\/strong><\/h3>\n<ul>\n<li>Temperli \u00f6n cam: Ola\u011fan\u00fcst\u00fc darbe korumas\u0131 sunarak ekran\u0131n d\u0131\u015f darbelere ve titre\u015fimlere kar\u015f\u0131 dayan\u0131kl\u0131 olmas\u0131n\u0131 sa\u011flar.<\/li>\n<li>Sa\u011flam tasar\u0131m: Zorlu ortamlara dayanacak \u015fekilde tasarlanm\u0131\u015ft\u0131r, bu da onu hem i\u00e7 hem de d\u0131\u015f mekan kullan\u0131m\u0131na uygun hale getirir.<\/li>\n<li>D\u00fc\u015f\u00fck bak\u0131m gereksinimi: Kendinden ayd\u0131nlatmal\u0131 OLED teknolojisi, s\u0131k bak\u0131m ihtiyac\u0131n\u0131 azaltarak uzun \u00f6m\u00fcrl\u00fc bir \u00e7\u00f6z\u00fcm sunar.<\/li>\n<\/ul>\n<h3><strong>Ola\u011fan\u00fcst\u00fc G\u00f6rsel Kalite<\/strong><\/h3>\n<ul>\n<li>Y\u00fcksek \u00e7\u00f6z\u00fcn\u00fcrl\u00fck: 1920 x 1080 piksel \u00e7\u00f6z\u00fcn\u00fcrl\u00fck ve 16:9 en boy oran\u0131, keskin g\u00f6r\u00fcnt\u00fcler ve canl\u0131 renkler sunar.<\/li>\n<li>Derin siyahlar ve y\u00fcksek kontrast: OLED teknolojisi, daha iyi g\u00f6r\u00fcnt\u00fc kalitesi i\u00e7in zengin siyahlar ve y\u00fcksek kontrast sa\u011flar.<\/li>\n<li>Geni\u015f g\u00f6r\u00fc\u015f a\u00e7\u0131lar\u0131: Farkl\u0131 a\u00e7\u0131lardan bile ola\u011fan\u00fcst\u00fc renk do\u011frulu\u011fu ve g\u00f6r\u00fcnt\u00fc netli\u011fi sa\u011flar.<\/li>\n<li>Kusursuz entegrasyon: 38%&#039;nin y\u00fcksek \u0131\u015f\u0131k ge\u00e7irgenli\u011fi, s\u00fcr\u00fckleyici bir g\u00f6rsel deneyim i\u00e7in i\u00e7eri\u011fi ekran\u0131n arkas\u0131ndaki nesnelerle kusursuz bir \u015fekilde birle\u015ftirir.<\/li>\n<\/ul>\n<h3><strong>Tam Uyarlanabilirlik<\/strong><\/h3>\n<ul>\n<li>\u00d6zelle\u015ftirilebilir tasar\u0131m: \u00c7e\u015fitli ihtiya\u00e7lar\u0131 kar\u015f\u0131lamak i\u00e7in ekran boyutu ve \u00e7oklu ekran yap\u0131land\u0131rmalar\u0131nda esneklik sunar.<\/li>\n<li>Mod\u00fcler entegrasyon: Perakende, ula\u015f\u0131m ve yarat\u0131c\u0131 kurulumlar gibi farkl\u0131 ortamlara kolayca entegre edilebilir.<\/li>\n<li>Dinamik \u00f6zellikler: \u00c7ok y\u00f6nl\u00fc sunumlar i\u00e7in g\u00f6r\u00fcnt\u00fc d\u00f6nd\u00fcrme, d\u00f6ng\u00fcsel oynatma ve zamanlay\u0131c\u0131l\u0131 oynatma \u00f6zelliklerini destekler.<\/li>\n<li>Esnek i\u00e7erik formatlar\u0131: \u00c7ok \u00e7e\u015fitli i\u00e7erik t\u00fcrlerine uyum sa\u011flayarak farkl\u0131 ortamlarda kullan\u0131c\u0131 etkile\u015fimini art\u0131r\u0131r.<\/li>\n<\/ul>\n<h3><strong>Kapsaml\u0131 Destek<\/strong><\/h3>\n<ul>\n<li>7\/24 Uzaktan Teknik Destek: Uzman yard\u0131m\u0131na istedi\u011finiz zaman, istedi\u011finiz yerden ula\u015f\u0131n.<\/li>\n<li>5% yedek par\u00e7a dahildir: Her sipari\u015f, g\u00fcvenilirli\u011fi art\u0131rmak ve g\u00f6n\u00fcl rahatl\u0131\u011f\u0131 sa\u011flamak i\u00e7in ek bile\u015fenler i\u00e7erir.<\/li>\n<li>3 Y\u0131l Uzat\u0131lm\u0131\u015f Garanti: Daha iyi performans ve g\u00fcvenilir hizmet i\u00e7in uzun vadeli entegrasyondan yararlan\u0131n.<\/li>\n<\/ul>\n<h2>\u00dcr\u00fcn detaylar\u0131<\/h2>\n<div class=\"row\"  id=\"row-1132876709\">\n\n\t<div id=\"col-1635679810\" class=\"col medium-10 small-12 large-10\"  >\n\t\t\t\t<div class=\"col-inner text-left\"  >\n\t\t\t\n\t\t\t\n<ul>\n<li>Optik Ba\u011flama teknolojisini b\u00fcnyesinde bar\u0131nd\u0131ran bu \u00fcr\u00fcn, y\u00fcksek performansl\u0131 ekran \u00e7\u00f6z\u00fcmleri gerektiren sekt\u00f6rler i\u00e7in m\u00fckemmeldir. Bu geli\u015fmi\u015f teknoloji, parlamay\u0131 azalt\u0131r, parlakl\u0131\u011f\u0131 ve keskinli\u011fi art\u0131r\u0131r ve ekran dayan\u0131kl\u0131l\u0131\u011f\u0131n\u0131 geli\u015ftirir. Ayr\u0131ca, \u00fcst\u00fcn bir izleme deneyimi i\u00e7in g\u00f6r\u00fc\u015f a\u00e7\u0131lar\u0131n\u0131 da iyile\u015ftirir.<\/li>\n<\/ul>\n\t<div class=\"img has-hover x md-x lg-x y md-y lg-y\" id=\"image_1080193960\">\n\t\t\t\t\t\t\t\t<div class=\"img-inner dark\" >\n\t\t\t<img loading=\"lazy\" decoding=\"async\" width=\"1000\" height=\"400\" src=\"https:\/\/www.telaled.com\/wp-content\/uploads\/2025\/08\/Tecnologia-de-colagem-optica.webp\" class=\"attachment-original size-original\" alt=\"Optik ba\u011flama teknolojisi\" srcset=\"https:\/\/www.telaled.com\/wp-content\/uploads\/2025\/08\/Tecnologia-de-colagem-optica.webp 1000w, https:\/\/www.telaled.com\/wp-content\/uploads\/2025\/08\/Tecnologia-de-colagem-optica-300x120.webp 300w, https:\/\/www.telaled.com\/wp-content\/uploads\/2025\/08\/Tecnologia-de-colagem-optica-768x307.webp 768w, https:\/\/www.telaled.com\/wp-content\/uploads\/2025\/08\/Tecnologia-de-colagem-optica-18x7.webp 18w, https:\/\/www.telaled.com\/wp-content\/uploads\/2025\/08\/Tecnologia-de-colagem-optica-600x240.webp 600w\" sizes=\"auto, (max-width: 1000px) 100vw, 1000px\" \/>\t\t\t\t\t\t\n\t\t\t\t\t<\/div>\n\t\t\t\t\t\t\t\t\n<style>\n#image_1080193960 {\n  width: 95%;\n}\n<\/style>\n\t<\/div>\n\t\n<ul>\n<li>38% ge\u00e7irgenli\u011fi ile canl\u0131 renkler sunmak i\u00e7in kendinden ayd\u0131nlatmal\u0131 teknolojiyi kullan\u0131r. M\u00fckemmel g\u00f6r\u00fcnt\u00fc kalitesini ve geni\u015f g\u00f6r\u00fc\u015f a\u00e7\u0131lar\u0131n\u0131 korurken, dijital i\u00e7eri\u011fi yaln\u0131zca tek bir a\u00e7\u0131dan g\u00f6r\u00fclebilen ger\u00e7ek d\u00fcnya nesneleriyle birle\u015ftirir.<\/li>\n<\/ul>\n\t\t<\/div>\n\t\t\t\t\t<\/div>\n\n\t\n\n\t<div id=\"col-474411173\" class=\"col medium-10 small-12 large-10\"  >\n\t\t\t\t<div class=\"col-inner text-left\"  >\n\t\t\t\n\t\t\t\n\t<div class=\"img has-hover x md-x lg-x y md-y lg-y\" id=\"image_677600611\">\n\t\t\t\t\t\t\t\t<div class=\"img-inner dark\" >\n\t\t\t<img loading=\"lazy\" decoding=\"async\" width=\"989\" height=\"500\" src=\"https:\/\/www.telaled.com\/wp-content\/uploads\/2025\/08\/Alta-Transmitancia.webp\" class=\"attachment-large size-large\" alt=\"\" srcset=\"https:\/\/www.telaled.com\/wp-content\/uploads\/2025\/08\/Alta-Transmitancia.webp 989w, https:\/\/www.telaled.com\/wp-content\/uploads\/2025\/08\/Alta-Transmitancia-300x152.webp 300w, https:\/\/www.telaled.com\/wp-content\/uploads\/2025\/08\/Alta-Transmitancia-768x388.webp 768w, https:\/\/www.telaled.com\/wp-content\/uploads\/2025\/08\/Alta-Transmitancia-18x9.webp 18w, https:\/\/www.telaled.com\/wp-content\/uploads\/2025\/08\/Alta-Transmitancia-600x303.webp 600w\" sizes=\"auto, (max-width: 989px) 100vw, 989px\" \/>\t\t\t\t\t\t\n\t\t\t\t\t<\/div>\n\t\t\t\t\t\t\t\t\n<style>\n#image_677600611 {\n  width: 95%;\n}\n<\/style>\n\t<\/div>\n\t\n<ul>\n<li>Esnek ve \u00f6l\u00e7eklenebilir bir \u00e7\u00f6z\u00fcm sunarak ekran\u0131 tam ihtiya\u00e7lar\u0131n\u0131za g\u00f6re \u00f6zelle\u015ftirmenize olanak tan\u0131r. \u0130ster belirli bir boyut ister \u00e7oklu ekran kurulumu olsun, bu uyarlanabilir monit\u00f6r dinamik ve benzersiz bir g\u00f6rsel deneyim sa\u011flamak \u00fczere \u00f6zelle\u015ftirilebilir.<\/li>\n<\/ul>\n\t<div class=\"img has-hover x md-x lg-x y md-y lg-y\" id=\"image_11326985\">\n\t\t\t\t\t\t\t\t<div class=\"img-inner dark\" >\n\t\t\t<img loading=\"lazy\" decoding=\"async\" width=\"1020\" height=\"592\" src=\"https:\/\/www.telaled.com\/wp-content\/uploads\/2025\/08\/Design-personalizavel-e-escalavel-1024x594.webp\" class=\"attachment-large size-large\" alt=\"\u00d6zelle\u015ftirilebilir ve \u00f6l\u00e7eklenebilir tasar\u0131m\" srcset=\"https:\/\/www.telaled.com\/wp-content\/uploads\/2025\/08\/Design-personalizavel-e-escalavel-1024x594.webp 1024w, https:\/\/www.telaled.com\/wp-content\/uploads\/2025\/08\/Design-personalizavel-e-escalavel-300x174.webp 300w, https:\/\/www.telaled.com\/wp-content\/uploads\/2025\/08\/Design-personalizavel-e-escalavel-768x446.webp 768w, https:\/\/www.telaled.com\/wp-content\/uploads\/2025\/08\/Design-personalizavel-e-escalavel-18x10.webp 18w, https:\/\/www.telaled.com\/wp-content\/uploads\/2025\/08\/Design-personalizavel-e-escalavel-600x348.webp 600w, https:\/\/www.telaled.com\/wp-content\/uploads\/2025\/08\/Design-personalizavel-e-escalavel.webp 1034w\" sizes=\"auto, (max-width: 1020px) 100vw, 1020px\" \/>\t\t\t\t\t\t\n\t\t\t\t\t<\/div>\n\t\t\t\t\t\t\t\t\n<style>\n#image_11326985 {\n  width: 95%;\n}\n<\/style>\n\t<\/div>\n\t\n\t\t<\/div>\n\t\t\t\t\t<\/div>\n\n\t\n\n\t<div id=\"col-964748179\" class=\"col medium-10 small-12 large-10\"  >\n\t\t\t\t<div class=\"col-inner text-left\"  >\n\t\t\t\n\t\t\t\n<ul>\n<li>Bizim <a href=\"https:\/\/www.telaled.com\/tr\/?attachment_id=3175\">LED ekranlar<\/a> \u00dcr\u00fcnler, \u00f6zelliklerine ve kullan\u0131m ama\u00e7lar\u0131na g\u00f6re \u00f6zenle paketlenir. Montaj\u0131 tamamlanm\u0131\u015f \u00fcniteler, ta\u015f\u0131ma s\u0131ras\u0131nda b\u00fct\u00fcnl\u00fcklerini korumak i\u00e7in genellikle g\u00fc\u00e7lendirilmi\u015f ah\u015fap kasalara veya sa\u011flam karton kutulara paketlenir. Toz ve di\u011fer potansiyel tehlikelere kar\u015f\u0131 koruma sa\u011flamak i\u00e7in LED mod\u00fclleri koruyucu kaplara yerle\u015ftirilir; bu da ta\u015f\u0131ma ve elle\u00e7leme s\u0131ras\u0131nda dayan\u0131kl\u0131l\u0131k ve g\u00fcvenli\u011fi garanti eder.<\/li>\n<\/ul>\n\t<div class=\"img has-hover x md-x lg-x y md-y lg-y\" id=\"image_1277918708\">\n\t\t\t\t\t\t\t\t<div class=\"img-inner dark\" >\n\t\t\t<img loading=\"lazy\" decoding=\"async\" width=\"760\" height=\"1024\" src=\"https:\/\/www.telaled.com\/wp-content\/uploads\/2025\/08\/36123f2c-de60-488d-af81-255cd4aee54a-760x1024.webp\" class=\"attachment-large size-large\" alt=\"\" srcset=\"https:\/\/www.telaled.com\/wp-content\/uploads\/2025\/08\/36123f2c-de60-488d-af81-255cd4aee54a-760x1024.webp 760w, https:\/\/www.telaled.com\/wp-content\/uploads\/2025\/08\/36123f2c-de60-488d-af81-255cd4aee54a-223x300.webp 223w, https:\/\/www.telaled.com\/wp-content\/uploads\/2025\/08\/36123f2c-de60-488d-af81-255cd4aee54a-768x1035.webp 768w, https:\/\/www.telaled.com\/wp-content\/uploads\/2025\/08\/36123f2c-de60-488d-af81-255cd4aee54a-9x12.webp 9w, https:\/\/www.telaled.com\/wp-content\/uploads\/2025\/08\/36123f2c-de60-488d-af81-255cd4aee54a-600x808.webp 600w, https:\/\/www.telaled.com\/wp-content\/uploads\/2025\/08\/36123f2c-de60-488d-af81-255cd4aee54a.webp 795w\" sizes=\"auto, (max-width: 760px) 100vw, 760px\" \/>\t\t\t\t\t\t\n\t\t\t\t\t<\/div>\n\t\t\t\t\t\t\t\t\n<style>\n#image_1277918708 {\n  width: 95%;\n}\n<\/style>\n\t<\/div>\n\t\n\t\t<\/div>\n\t\t\t\t\t<\/div>\n\n\t\n<\/div>\n\t\t<\/div>\n\t\t\t\t\t<\/div>\n\n\t\n<\/div>","protected":false},"excerpt":{"rendered":"<p><strong>THU Serisi \u015feffaf OLED ekranlar: E\u015fsiz netlik ve dayan\u0131kl\u0131l\u0131k.<\/strong><\/p>\n<p>Ekranlar <strong><em>\u015eeffaf OLED&#039;ler THI Serisi<\/em> <\/strong>Yenilik\u00e7i y\u00fcksek parlakl\u0131k \u00f6zelli\u011fi, ola\u011fan\u00fcst\u00fc \u015feffafl\u0131k ve temperli cam korumas\u0131 sunan bu son teknoloji \u00fcr\u00fcn\u00fc ekran, her t\u00fcrl\u00fc modern mekanda dinamik ve ak\u0131c\u0131 i\u00e7erik sunumu i\u00e7in m\u00fckemmeldir.<\/p>\n<p><strong>Ba\u015fl\u0131ca \u00f6zellikler:<\/strong><\/p>\n<ul>\n<li><strong>Ola\u011fan\u00fcst\u00fc \u015feffafl\u0131k:<\/strong> Monit\u00f6r\u00fcn arkas\u0131ndaki net g\u00f6r\u00fcn\u00fcrl\u00fc\u011f\u00fc sa\u011flayan 40% \u015feffafl\u0131k, dinamik i\u00e7eri\u011fin entegrasyonu i\u00e7in m\u00fckemmeldir.<\/li>\n<li><strong>Etkileyici g\u00f6rsel kalite:<\/strong> \u00e7\u00f6z\u00fcn\u00fcrl\u00fck <a href=\"https:\/\/www.telaled.com\/tr\/fabrica\/painel-led-full-hd-da-serie-the\/\">Full HD<\/a> 1920\u00d71080 \u00e7\u00f6z\u00fcn\u00fcrl\u00fck, canl\u0131 renkler ve derin siyahlar sunar.<\/li>\n<li><strong>Dayan\u0131kl\u0131 ve darbelere kar\u015f\u0131 diren\u00e7li:<\/strong> Daha fazla dayan\u0131kl\u0131l\u0131k ve darbe direnci i\u00e7in 4 mm kal\u0131nl\u0131\u011f\u0131nda temperli cam.<\/li>\n<li><strong>Dinamik i\u00e7eri\u011fin esnekli\u011fi:<\/strong> \u00d6zellikler aras\u0131nda kusursuz birle\u015ftirme, g\u00f6r\u00fcnt\u00fc d\u00f6nd\u00fcrme ve etkile\u015fimli ekranlar i\u00e7in zamanlay\u0131c\u0131l\u0131 oynatma yer almaktad\u0131r.<\/li>\n<\/ul>\n<p>7\/24 uzaktan destek ve 3 y\u0131l garanti sunuyoruz. Ki\u015fiselle\u015ftirilmi\u015f fiyat teklifi i\u00e7in bizimle ileti\u015fime ge\u00e7in.<\/p>","protected":false},"featured_media":3166,"template":"","meta":[],"product_brand":[],"product_cat":[40,45],"product_tag":[],"class_list":{"0":"post-3162","1":"product","2":"type-product","3":"status-publish","4":"has-post-thumbnail","6":"product_cat-painel-de-led","7":"product_cat-painel-de-led-transparente","9":"first","10":"instock","11":"shipping-taxable","12":"product-type-simple"},"yoast_head":"<!-- This site is optimized with the Yoast SEO plugin v27.4 - https:\/\/yoast.com\/product\/yoast-seo-wordpress\/ -->\n<title>Telas OLED Transparentes\u200b S\u00e9rie THU | Exibi\u00e7\u00e3o de Alta Clareza e Durabilidade |TELALED<\/title>\n<meta name=\"description\" content=\"Telas OLED Transparentes\u200b S\u00e9rie THU com brilho excepcional, alta transpar\u00eancia e prote\u00e7\u00e3o em vidro temperado. Perfeitas para apresenta\u00e7\u00f5es de conte\u00fado din\u00e2micas e flex\u00edveis. Entre em contato para obter solu\u00e7\u00f5es.\" \/>\n<meta name=\"robots\" content=\"index, follow, max-snippet:-1, max-image-preview:large, max-video-preview:-1\" \/>\n<link rel=\"canonical\" href=\"https:\/\/www.telaled.com\/tr\/fabrica\/telas-oled-transparentes-serie-thu\/\" \/>\n<meta property=\"og:locale\" content=\"tr_TR\" \/>\n<meta property=\"og:type\" content=\"article\" \/>\n<meta property=\"og:title\" content=\"Telas OLED Transparentes\u200b S\u00e9rie THU | Exibi\u00e7\u00e3o de Alta Clareza e Durabilidade |TELALED\" \/>\n<meta property=\"og:description\" content=\"Telas OLED Transparentes\u200b S\u00e9rie THU com brilho excepcional, alta transpar\u00eancia e prote\u00e7\u00e3o em vidro temperado. Perfeitas para apresenta\u00e7\u00f5es de conte\u00fado din\u00e2micas e flex\u00edveis. Entre em contato para obter solu\u00e7\u00f5es.\" \/>\n<meta property=\"og:url\" content=\"https:\/\/www.telaled.com\/tr\/fabrica\/telas-oled-transparentes-serie-thu\/\" \/>\n<meta property=\"og:site_name\" content=\"TELALED\" \/>\n<meta property=\"article:modified_time\" content=\"2026-01-05T08:55:31+00:00\" \/>\n<meta property=\"og:image\" content=\"https:\/\/www.telaled.com\/wp-content\/uploads\/2025\/08\/telas-oled-transparentes_.jpg\" \/>\n\t<meta property=\"og:image:width\" content=\"500\" \/>\n\t<meta property=\"og:image:height\" content=\"500\" \/>\n\t<meta property=\"og:image:type\" content=\"image\/jpeg\" \/>\n<meta name=\"twitter:card\" content=\"summary_large_image\" \/>\n<meta name=\"twitter:label1\" content=\"Est. reading time\" \/>\n\t<meta name=\"twitter:data1\" content=\"3 dakika\" \/>\n<script type=\"application\/ld+json\" class=\"yoast-schema-graph\">{\"@context\":\"https:\\\/\\\/schema.org\",\"@graph\":[{\"@type\":\"WebPage\",\"@id\":\"https:\\\/\\\/www.telaled.com\\\/fabrica\\\/telas-oled-transparentes-serie-thu\\\/\",\"url\":\"https:\\\/\\\/www.telaled.com\\\/fabrica\\\/telas-oled-transparentes-serie-thu\\\/\",\"name\":\"Telas OLED Transparentes\u200b S\u00e9rie THU | Exibi\u00e7\u00e3o de Alta Clareza e Durabilidade |TELALED\",\"isPartOf\":{\"@id\":\"https:\\\/\\\/www.telaled.com\\\/#website\"},\"primaryImageOfPage\":{\"@id\":\"https:\\\/\\\/www.telaled.com\\\/fabrica\\\/telas-oled-transparentes-serie-thu\\\/#primaryimage\"},\"image\":{\"@id\":\"https:\\\/\\\/www.telaled.com\\\/fabrica\\\/telas-oled-transparentes-serie-thu\\\/#primaryimage\"},\"thumbnailUrl\":\"https:\\\/\\\/www.telaled.com\\\/wp-content\\\/uploads\\\/2025\\\/08\\\/telas-oled-transparentes_.jpg\",\"datePublished\":\"2025-08-27T09:40:42+00:00\",\"dateModified\":\"2026-01-05T08:55:31+00:00\",\"description\":\"Telas OLED Transparentes\u200b S\u00e9rie THU com brilho excepcional, alta transpar\u00eancia e prote\u00e7\u00e3o em vidro temperado. Perfeitas para apresenta\u00e7\u00f5es de conte\u00fado din\u00e2micas e flex\u00edveis. Entre em contato para obter solu\u00e7\u00f5es.\",\"breadcrumb\":{\"@id\":\"https:\\\/\\\/www.telaled.com\\\/fabrica\\\/telas-oled-transparentes-serie-thu\\\/#breadcrumb\"},\"inLanguage\":\"tr\",\"potentialAction\":[{\"@type\":\"ReadAction\",\"target\":[\"https:\\\/\\\/www.telaled.com\\\/fabrica\\\/telas-oled-transparentes-serie-thu\\\/\"]}]},{\"@type\":\"ImageObject\",\"inLanguage\":\"tr\",\"@id\":\"https:\\\/\\\/www.telaled.com\\\/fabrica\\\/telas-oled-transparentes-serie-thu\\\/#primaryimage\",\"url\":\"https:\\\/\\\/www.telaled.com\\\/wp-content\\\/uploads\\\/2025\\\/08\\\/telas-oled-transparentes_.jpg\",\"contentUrl\":\"https:\\\/\\\/www.telaled.com\\\/wp-content\\\/uploads\\\/2025\\\/08\\\/telas-oled-transparentes_.jpg\",\"width\":500,\"height\":500,\"caption\":\"telas-oled-transparentes_\"},{\"@type\":\"BreadcrumbList\",\"@id\":\"https:\\\/\\\/www.telaled.com\\\/fabrica\\\/telas-oled-transparentes-serie-thu\\\/#breadcrumb\",\"itemListElement\":[{\"@type\":\"ListItem\",\"position\":1,\"name\":\"Home\",\"item\":\"https:\\\/\\\/www.telaled.com\\\/\"},{\"@type\":\"ListItem\",\"position\":2,\"name\":\"Produtos\",\"item\":\"https:\\\/\\\/www.telaled.com\\\/shop\\\/\"},{\"@type\":\"ListItem\",\"position\":3,\"name\":\"Telas OLED Transparentes\u200b S\u00e9rie THU\"}]},{\"@type\":\"WebSite\",\"@id\":\"https:\\\/\\\/www.telaled.com\\\/#website\",\"url\":\"https:\\\/\\\/www.telaled.com\\\/\",\"name\":\"TELALED\",\"description\":\"\",\"potentialAction\":[{\"@type\":\"SearchAction\",\"target\":{\"@type\":\"EntryPoint\",\"urlTemplate\":\"https:\\\/\\\/www.telaled.com\\\/?s={search_term_string}\"},\"query-input\":{\"@type\":\"PropertyValueSpecification\",\"valueRequired\":true,\"valueName\":\"search_term_string\"}}],\"inLanguage\":\"tr\"}]}<\/script>\n<!-- \/ Yoast SEO plugin. -->","yoast_head_json":{"title":"\u015eeffaf OLED Ekranlar THU Serisi | Y\u00fcksek Netlik ve Dayan\u0131kl\u0131l\u0131k Ekran\u0131 | TELALED","description":"THU Serisi \u015feffaf OLED ekranlar, ola\u011fan\u00fcst\u00fc parlakl\u0131k, y\u00fcksek \u015feffafl\u0131k ve temperli cam korumas\u0131 sunar. Dinamik ve esnek i\u00e7erik sunumlar\u0131 i\u00e7in m\u00fckemmeldir. \u00c7\u00f6z\u00fcmler i\u00e7in bizimle ileti\u015fime ge\u00e7in.","robots":{"index":"index","follow":"follow","max-snippet":"max-snippet:-1","max-image-preview":"max-image-preview:large","max-video-preview":"max-video-preview:-1"},"canonical":"https:\/\/www.telaled.com\/tr\/fabrica\/telas-oled-transparentes-serie-thu\/","og_locale":"tr_TR","og_type":"article","og_title":"Telas OLED Transparentes\u200b S\u00e9rie THU | Exibi\u00e7\u00e3o de Alta Clareza e Durabilidade |TELALED","og_description":"Telas OLED Transparentes\u200b S\u00e9rie THU com brilho excepcional, alta transpar\u00eancia e prote\u00e7\u00e3o em vidro temperado. Perfeitas para apresenta\u00e7\u00f5es de conte\u00fado din\u00e2micas e flex\u00edveis. Entre em contato para obter solu\u00e7\u00f5es.","og_url":"https:\/\/www.telaled.com\/tr\/fabrica\/telas-oled-transparentes-serie-thu\/","og_site_name":"TELALED","article_modified_time":"2026-01-05T08:55:31+00:00","og_image":[{"width":500,"height":500,"url":"https:\/\/www.telaled.com\/wp-content\/uploads\/2025\/08\/telas-oled-transparentes_.jpg","type":"image\/jpeg"}],"twitter_card":"summary_large_image","twitter_misc":{"Est. reading time":"3 dakika"},"schema":{"@context":"https:\/\/schema.org","@graph":[{"@type":"WebPage","@id":"https:\/\/www.telaled.com\/fabrica\/telas-oled-transparentes-serie-thu\/","url":"https:\/\/www.telaled.com\/fabrica\/telas-oled-transparentes-serie-thu\/","name":"\u015eeffaf OLED Ekranlar THU Serisi | Y\u00fcksek Netlik ve Dayan\u0131kl\u0131l\u0131k Ekran\u0131 | TELALED","isPartOf":{"@id":"https:\/\/www.telaled.com\/#website"},"primaryImageOfPage":{"@id":"https:\/\/www.telaled.com\/fabrica\/telas-oled-transparentes-serie-thu\/#primaryimage"},"image":{"@id":"https:\/\/www.telaled.com\/fabrica\/telas-oled-transparentes-serie-thu\/#primaryimage"},"thumbnailUrl":"https:\/\/www.telaled.com\/wp-content\/uploads\/2025\/08\/telas-oled-transparentes_.jpg","datePublished":"2025-08-27T09:40:42+00:00","dateModified":"2026-01-05T08:55:31+00:00","description":"THU Serisi \u015feffaf OLED ekranlar, ola\u011fan\u00fcst\u00fc parlakl\u0131k, y\u00fcksek \u015feffafl\u0131k ve temperli cam korumas\u0131 sunar. Dinamik ve esnek i\u00e7erik sunumlar\u0131 i\u00e7in m\u00fckemmeldir. \u00c7\u00f6z\u00fcmler i\u00e7in bizimle ileti\u015fime ge\u00e7in.","breadcrumb":{"@id":"https:\/\/www.telaled.com\/fabrica\/telas-oled-transparentes-serie-thu\/#breadcrumb"},"inLanguage":"tr","potentialAction":[{"@type":"ReadAction","target":["https:\/\/www.telaled.com\/fabrica\/telas-oled-transparentes-serie-thu\/"]}]},{"@type":"ImageObject","inLanguage":"tr","@id":"https:\/\/www.telaled.com\/fabrica\/telas-oled-transparentes-serie-thu\/#primaryimage","url":"https:\/\/www.telaled.com\/wp-content\/uploads\/2025\/08\/telas-oled-transparentes_.jpg","contentUrl":"https:\/\/www.telaled.com\/wp-content\/uploads\/2025\/08\/telas-oled-transparentes_.jpg","width":500,"height":500,"caption":"telas-oled-transparentes_"},{"@type":"BreadcrumbList","@id":"https:\/\/www.telaled.com\/fabrica\/telas-oled-transparentes-serie-thu\/#breadcrumb","itemListElement":[{"@type":"ListItem","position":1,"name":"Home","item":"https:\/\/www.telaled.com\/"},{"@type":"ListItem","position":2,"name":"Produtos","item":"https:\/\/www.telaled.com\/shop\/"},{"@type":"ListItem","position":3,"name":"Telas OLED Transparentes\u200b S\u00e9rie THU"}]},{"@type":"WebSite","@id":"https:\/\/www.telaled.com\/#website","url":"https:\/\/www.telaled.com\/","name":"LED Ekran","description":"","potentialAction":[{"@type":"SearchAction","target":{"@type":"EntryPoint","urlTemplate":"https:\/\/www.telaled.com\/?s={search_term_string}"},"query-input":{"@type":"PropertyValueSpecification","valueRequired":true,"valueName":"search_term_string"}}],"inLanguage":"tr"}]}},"_links":{"self":[{"href":"https:\/\/www.telaled.com\/tr\/wp-json\/wp\/v2\/product\/3162","targetHints":{"allow":["GET"]}}],"collection":[{"href":"https:\/\/www.telaled.com\/tr\/wp-json\/wp\/v2\/product"}],"about":[{"href":"https:\/\/www.telaled.com\/tr\/wp-json\/wp\/v2\/types\/product"}],"wp:featuredmedia":[{"embeddable":true,"href":"https:\/\/www.telaled.com\/tr\/wp-json\/wp\/v2\/media\/3166"}],"wp:attachment":[{"href":"https:\/\/www.telaled.com\/tr\/wp-json\/wp\/v2\/media?parent=3162"}],"wp:term":[{"taxonomy":"product_brand","embeddable":true,"href":"https:\/\/www.telaled.com\/tr\/wp-json\/wp\/v2\/product_brand?post=3162"},{"taxonomy":"product_cat","embeddable":true,"href":"https:\/\/www.telaled.com\/tr\/wp-json\/wp\/v2\/product_cat?post=3162"},{"taxonomy":"product_tag","embeddable":true,"href":"https:\/\/www.telaled.com\/tr\/wp-json\/wp\/v2\/product_tag?post=3162"}],"curies":[{"name":"wp","href":"https:\/\/api.w.org\/{rel}","templated":true}]}}