{"id":2902,"date":"2025-08-08T01:45:40","date_gmt":"2025-08-08T01:45:40","guid":{"rendered":"https:\/\/www.telaled.com\/?post_type=product&#038;p=2902"},"modified":"2026-01-05T04:05:22","modified_gmt":"2026-01-05T04:05:22","slug":"painel-de-led-hd-serie-tho","status":"publish","type":"product","link":"https:\/\/www.telaled.com\/tr\/fabrica\/painel-de-led-hd-serie-tho\/","title":{"rendered":"THO Serisi HD LED Panel"},"content":{"rendered":"<div class=\"row\"  id=\"row-305698534\">\n\n\t<div id=\"col-2067048148\" class=\"col small-12 large-12\"  >\n\t\t\t\t<div class=\"col-inner\"  >\n\t\t\t\n\t\t\t\n<h2>THO Serisi HD LED Panellerin \u00d6zel Avantajlar\u0131<\/h2>\n<h3><strong>\u00dcst\u00fcn Dayan\u0131kl\u0131l\u0131k<\/strong><\/h3>\n<ul>\n<li>Y\u00fcksek mukavemetli, korozyona dayan\u0131kl\u0131 malzemelerden \u00fcretilen ince 38 mm&#039;lik kasa, zamanla sertli\u011fini ve stabilitesini koruyarak deformasyonu \u00f6nler ve hassas hizalamay\u0131 muhafaza eder.<\/li>\n<li>Bir tasar\u0131m <a href=\"https:\/\/www.telaled.com\/tr\/fabrica\/painel-de-led-cob-serie-tha\/\">COB<\/a> Re\u00e7ine kaplama, LED&#039;leri tozdan, nemden ve darbelerden koruyarak piksel hasar\u0131n\u0131 azalt\u0131r ve minimum bak\u0131m gereksinimiyle tutarl\u0131 g\u00f6r\u00fcnt\u00fc kalitesini korur.<\/li>\n<\/ul>\n<h3><strong>Ola\u011fan\u00fcst\u00fc G\u00f6rsel Kalite<\/strong><\/h3>\n<ul>\n<li>\u0130yi <a href=\"https:\/\/www.telaled.com\/tr\/pixel-pitch\/\">Piksel Aral\u0131\u011f\u0131<\/a> 1,25 mm ve 1,56 mm se\u00e7enekleri, y\u00fcksek hassasiyetli g\u00f6r\u00fcnt\u00fcleme i\u00e7in keskin ayr\u0131nt\u0131lar ve net metin sa\u011flar.<\/li>\n<li>Ger\u00e7ek\u00e7i renkler: COB teknolojisi, ekran\u0131n tamam\u0131nda renk do\u011frulu\u011funu ve parlakl\u0131k tutarl\u0131l\u0131\u011f\u0131n\u0131 art\u0131r\u0131r.<\/li>\n<li>Y\u00fcksek kontrast: Parlamay\u0131 azalt\u0131r ve derinli\u011fi art\u0131rarak g\u00f6rsel \u00f6\u011felerin her t\u00fcrl\u00fc \u0131\u015f\u0131kta daha kolay okunmas\u0131n\u0131 sa\u011flar.<\/li>\n<\/ul>\n<h3><strong>Tam Uyarlanabilirlik<\/strong><\/h3>\n<ul>\n<li>\u00c7ok Y\u00f6nl\u00fc Kullan\u0131m Alanlar\u0131: Kontrol odalar\u0131, komuta merkezleri, konferans salonlar\u0131 ve y\u00fcksek hassasiyetli ekran sistemleri i\u00e7in idealdir.<\/li>\n<li>Esnek Entegrasyon: \u00c7e\u015fitli d\u00fczenlere uyum sa\u011flayan, ince ve \u00e7ok i\u015flevli tasar\u0131m, ek donan\u0131ma ihtiya\u00e7 duymadan \u00e7oklu ekran kurulumlar\u0131n\u0131n yerini al\u0131r.<\/li>\n<li>Zorlu Ortamlarda G\u00fcvenilir: \u00c7ift g\u00fc\u00e7 kayna\u011f\u0131 ve veri yedekleme \u00f6zelli\u011fi, kritik uygulamalarda kesintisiz \u00e7al\u0131\u015fma imkan\u0131 sa\u011flar.<\/li>\n<\/ul>\n<h3><strong>Kapsaml\u0131 Destek<\/strong><\/h3>\n<ul>\n<li>7\/24 Uzaktan Teknik Destek: \u0130htiya\u00e7 duydu\u011funuz her an, nerede olursan\u0131z olun yard\u0131m al\u0131n.<\/li>\n<li>5% adet yedek par\u00e7a temin edilmi\u015ftir: Her sevkiyat, daha fazla g\u00fcvenilirlik ve g\u00f6n\u00fcl rahatl\u0131\u011f\u0131 i\u00e7in ekstra bile\u015fenler i\u00e7ermektedir.<\/li>\n<li>3 Y\u0131l Uzat\u0131lm\u0131\u015f Garanti: Daha iyi performans ve g\u00fcvenilir destek i\u00e7in uzun vadeli korumadan yararlan\u0131n.<\/li>\n<\/ul>\n<h2>\u00dcr\u00fcn detaylar\u0131<\/h2>\n<div class=\"row\"  id=\"row-52110011\">\n\n\t<div id=\"col-1972761443\" class=\"col medium-10 small-12 large-10\"  >\n\t\t\t\t<div class=\"col-inner text-left\"  >\n\t\t\t\n\t\t\t\n<ul>\n<li>\u00d6nden eri\u015fim i\u00e7in tasarlanan LED mod\u00fclleri, h\u0131zl\u0131 bak\u0131m i\u00e7in manyetik ba\u011flant\u0131 kullan\u0131r. Panel yap\u0131s\u0131, vidalarla do\u011frudan kontrplak duvara sabitlenebilir. Hassas konumland\u0131rma ve g\u00fcvenli kurulum i\u00e7in destek \u00e7ubuklar\u0131 sa\u011flanm\u0131\u015ft\u0131r.<\/li>\n<\/ul>\n\t<div class=\"img has-hover x md-x lg-x y md-y lg-y\" id=\"image_973400270\">\n\t\t\t\t\t\t\t\t<div class=\"img-inner dark\" >\n\t\t\t<img loading=\"lazy\" decoding=\"async\" width=\"1000\" height=\"560\" src=\"https:\/\/www.telaled.com\/wp-content\/uploads\/2025\/08\/Montagem-direta-na-parede.webp\" class=\"attachment-original size-original\" alt=\"Do\u011frudan duvara montaj\" srcset=\"https:\/\/www.telaled.com\/wp-content\/uploads\/2025\/08\/Montagem-direta-na-parede.webp 1000w, https:\/\/www.telaled.com\/wp-content\/uploads\/2025\/08\/Montagem-direta-na-parede-300x168.webp 300w, https:\/\/www.telaled.com\/wp-content\/uploads\/2025\/08\/Montagem-direta-na-parede-768x430.webp 768w, https:\/\/www.telaled.com\/wp-content\/uploads\/2025\/08\/Montagem-direta-na-parede-18x10.webp 18w, https:\/\/www.telaled.com\/wp-content\/uploads\/2025\/08\/Montagem-direta-na-parede-600x336.webp 600w\" sizes=\"auto, (max-width: 1000px) 100vw, 1000px\" \/>\t\t\t\t\t\t\n\t\t\t\t\t<\/div>\n\t\t\t\t\t\t\t\t\n<style>\n#image_973400270 {\n  width: 95%;\n}\n<\/style>\n\t<\/div>\n\t\n\t\t<\/div>\n\t\t\t\t\t<\/div>\n\n\t\n\n\t<div id=\"col-88875099\" class=\"col medium-10 small-12 large-10\"  >\n\t\t\t\t<div class=\"col-inner text-left\"  >\n\t\t\t\n\t\t\t\n<ul>\n<li>21:9 ekran, \u00e7oklu g\u00f6rev, yarat\u0131c\u0131 \u00e7al\u0131\u015fma, oyun ve film izleme i\u00e7in daha fazla yatay alan sunar. Siyah \u00e7ubuklar olmadan daha geni\u015f bir g\u00f6r\u00fc\u015f alan\u0131 sa\u011flar ve \u00e7ift monit\u00f6r kurulumlar\u0131n\u0131n yerini alabilir.<\/li>\n<\/ul>\n\t<div class=\"img has-hover x md-x lg-x y md-y lg-y\" id=\"image_1616983841\">\n\t\t\t\t\t\t\t\t<div class=\"img-inner dark\" >\n\t\t\t<img loading=\"lazy\" decoding=\"async\" width=\"640\" height=\"430\" src=\"https:\/\/www.telaled.com\/wp-content\/uploads\/2025\/08\/Proporcao-de-aspecto-ultra-amplo.webp\" class=\"attachment-large size-large\" alt=\"Ultra geni\u015f en boy oran\u0131\" srcset=\"https:\/\/www.telaled.com\/wp-content\/uploads\/2025\/08\/Proporcao-de-aspecto-ultra-amplo.webp 640w, https:\/\/www.telaled.com\/wp-content\/uploads\/2025\/08\/Proporcao-de-aspecto-ultra-amplo-300x202.webp 300w, https:\/\/www.telaled.com\/wp-content\/uploads\/2025\/08\/Proporcao-de-aspecto-ultra-amplo-18x12.webp 18w, https:\/\/www.telaled.com\/wp-content\/uploads\/2025\/08\/Proporcao-de-aspecto-ultra-amplo-600x403.webp 600w\" sizes=\"auto, (max-width: 640px) 100vw, 640px\" \/>\t\t\t\t\t\t\n\t\t\t\t\t<\/div>\n\t\t\t\t\t\t\t\t\n<style>\n#image_1616983841 {\n  width: 95%;\n}\n<\/style>\n\t<\/div>\n\t\n<ul>\n<li>\u00c7ift g\u00fc\u00e7 ve veri yedekleme sistemleri, kontrol odalar\u0131 ve kesintinin kabul edilemez oldu\u011fu di\u011fer y\u00fcksek talep ortamlar\u0131 i\u00e7in ideal olan istikrarl\u0131 ve g\u00fcvenilir bir performans sa\u011flar.<\/li>\n<\/ul>\n\t<div class=\"img has-hover x md-x lg-x y md-y lg-y\" id=\"image_757445742\">\n\t\t\t\t\t\t\t\t<div class=\"img-inner dark\" >\n\t\t\t<img loading=\"lazy\" decoding=\"async\" width=\"1020\" height=\"434\" src=\"https:\/\/www.telaled.com\/wp-content\/uploads\/2025\/08\/Backup-duplo-e-redundancia-1024x436.jpg\" class=\"attachment-large size-large\" alt=\"\u00c7ift yedekleme ve fazlal\u0131k\" srcset=\"https:\/\/www.telaled.com\/wp-content\/uploads\/2025\/08\/Backup-duplo-e-redundancia-1024x436.jpg 1024w, https:\/\/www.telaled.com\/wp-content\/uploads\/2025\/08\/Backup-duplo-e-redundancia-300x128.jpg 300w, https:\/\/www.telaled.com\/wp-content\/uploads\/2025\/08\/Backup-duplo-e-redundancia-768x327.jpg 768w, https:\/\/www.telaled.com\/wp-content\/uploads\/2025\/08\/Backup-duplo-e-redundancia-18x8.jpg 18w, https:\/\/www.telaled.com\/wp-content\/uploads\/2025\/08\/Backup-duplo-e-redundancia-600x256.jpg 600w, https:\/\/www.telaled.com\/wp-content\/uploads\/2025\/08\/Backup-duplo-e-redundancia.jpg 1099w\" sizes=\"auto, (max-width: 1020px) 100vw, 1020px\" \/>\t\t\t\t\t\t\n\t\t\t\t\t<\/div>\n\t\t\t\t\t\t\t\t\n<style>\n#image_757445742 {\n  width: 95%;\n}\n<\/style>\n\t<\/div>\n\t\n\t\t<\/div>\n\t\t\t\t\t<\/div>\n\n\t\n\n\t<div id=\"col-2111316373\" class=\"col medium-10 small-12 large-10\"  >\n\t\t\t\t<div class=\"col-inner text-left\"  >\n\t\t\t\n\t\t\t\n<ul>\n<li>LED ekranlar, t\u00fcrlerine ve kullan\u0131m alanlar\u0131na g\u00f6re paketlenir. Komple ekran \u00fcniteleri maksimum stabilite i\u00e7in ah\u015fap kasalara, LED mod\u00fclleri ise karton kutulara paketlenir. Renmtal ekranlar \u00f6zel i\u015flemden ge\u00e7irilir ve genellikle hava kargo kutular\u0131na veya ekstra koruma i\u00e7in ah\u015fap \u00e7er\u00e7evelerle g\u00fc\u00e7lendirilmi\u015f basit kutulara paketlenir.<\/li>\n<\/ul>\n\t<div class=\"img has-hover x md-x lg-x y md-y lg-y\" id=\"image_124194657\">\n\t\t\t\t\t\t\t\t<div class=\"img-inner dark\" >\n\t\t\t<img loading=\"lazy\" decoding=\"async\" width=\"760\" height=\"1024\" src=\"https:\/\/www.telaled.com\/wp-content\/uploads\/2025\/06\/Embalagem-760x1024.webp\" class=\"attachment-large size-large\" alt=\"Ambalajlama\" srcset=\"https:\/\/www.telaled.com\/wp-content\/uploads\/2025\/06\/Embalagem-760x1024.webp 760w, https:\/\/www.telaled.com\/wp-content\/uploads\/2025\/06\/Embalagem-223x300.webp 223w, https:\/\/www.telaled.com\/wp-content\/uploads\/2025\/06\/Embalagem-768x1035.webp 768w, https:\/\/www.telaled.com\/wp-content\/uploads\/2025\/06\/Embalagem-9x12.webp 9w, https:\/\/www.telaled.com\/wp-content\/uploads\/2025\/06\/Embalagem-600x808.webp 600w, https:\/\/www.telaled.com\/wp-content\/uploads\/2025\/06\/Embalagem.webp 795w\" sizes=\"auto, (max-width: 760px) 100vw, 760px\" \/>\t\t\t\t\t\t\n\t\t\t\t\t<\/div>\n\t\t\t\t\t\t\t\t\n<style>\n#image_124194657 {\n  width: 95%;\n}\n<\/style>\n\t<\/div>\n\t\n\t\t<\/div>\n\t\t\t\t\t<\/div>\n\n\t\n<\/div>\n\t\t<\/div>\n\t\t\t\t\t<\/div>\n\n\t\n\n\t<div id=\"col-713574623\" class=\"col small-12 large-12\"  >\n\t\t\t\t<div class=\"col-inner\"  >\n\t\t\t\n\t\t\t\n<div class=\"row\"  id=\"row-948290883\">\n\n\t<div id=\"col-1133704726\" class=\"col medium-10 small-12 large-10\"  >\n\t\t\t\t<div class=\"col-inner\"  >\n\t\t\t\n\t\t\t\n\n<table id=\"tablepress-56\" class=\"tablepress tablepress-id-56\">\n<thead>\n<tr class=\"row-1\">\n\t<th class=\"column-1\">Model<\/th><th class=\"column-2\">THO 1.25<\/th><th class=\"column-3\">THO 1.56<\/th>\n<\/tr>\n<\/thead>\n<tbody class=\"row-striping row-hover\">\n<tr class=\"row-2\">\n\t<td class=\"column-1\">Pikseller aras\u0131 mesafe (mm)<\/td><td class=\"column-2\">1.25<\/td><td class=\"column-3\">1.56<\/td>\n<\/tr>\n<tr class=\"row-3\">\n\t<td class=\"column-1\">Kabin \u00c7\u00f6z\u00fcn\u00fcrl\u00fc\u011f\u00fc (L\u00d7A)<\/td><td class=\"column-2\">640\u00d7270<\/td><td class=\"column-3\">512\u00d7216<\/td>\n<\/tr>\n<tr class=\"row-4\">\n\t<td class=\"column-1\">Mod\u00fcl boyutu (mm) (U\u00d7Y)<\/td><td class=\"column-2\">200\u00d7337,5<\/td><td class=\"column-3\">200\u00d7337,5<\/td>\n<\/tr>\n<tr class=\"row-5\">\n\t<td class=\"column-1\">Dolap \u00f6l\u00e7\u00fcleri (mm) (G\u00d7Y\u00d7D)<\/td><td class=\"column-2\">800\u00d7337.5\u00d738<\/td><td class=\"column-3\">800\u00d7337.5\u00d738<\/td>\n<\/tr>\n<tr class=\"row-6\">\n\t<td class=\"column-1\">Parlakl\u0131k (nit)<\/td><td class=\"column-2\">Standart parlakl\u0131k \u22641500 Y\u00fcksek parlakl\u0131k \u22643500<\/td><td class=\"column-3\">Standart parlakl\u0131k \u22641500 Y\u00fcksek parlakl\u0131k \u22643500<\/td>\n<\/tr>\n<tr class=\"row-7\">\n\t<td class=\"column-1\">Gri tonlama (bit)<\/td><td class=\"column-2\">14~16<\/td><td class=\"column-3\">14~16<\/td>\n<\/tr>\n<tr class=\"row-8\">\n\t<td class=\"column-1\">Piksel Kalibrasyonu<\/td><td class=\"column-2\">Parlakl\u0131k ve renk kalibrasyonu deste\u011fi<\/td><td class=\"column-3\">Parlakl\u0131k ve renk kalibrasyonu deste\u011fi<\/td>\n<\/tr>\n<tr class=\"row-9\">\n\t<td class=\"column-1\">Renk s\u0131cakl\u0131\u011f\u0131 (K)<\/td><td class=\"column-2\">2000~12000 (ayarlanabilir)<\/td><td class=\"column-3\">2000~12000 (ayarlanabilir)<\/td>\n<\/tr>\n<tr class=\"row-10\">\n\t<td class=\"column-1\">Kontrol sistemi<\/td><td class=\"column-2\">Senkron kontrol<\/td><td class=\"column-3\">Senkron kontrol<\/td>\n<\/tr>\n<tr class=\"row-11\">\n\t<td class=\"column-1\">S\u00fcr\u00fc\u015f modu<\/td><td class=\"column-2\">Sabit ak\u0131m s\u00fcr\u00fcc\u00fcs\u00fc (uyumlu)<\/td><td class=\"column-3\">Sabit ak\u0131m s\u00fcr\u00fcc\u00fcs\u00fc (uyumlu)<\/td>\n<\/tr>\n<tr class=\"row-12\">\n\t<td class=\"column-1\">Kare h\u0131z\u0131 (Hz)<\/td><td class=\"column-2\">50\/60<\/td><td class=\"column-3\">50\/60<\/td>\n<\/tr>\n<tr class=\"row-13\">\n\t<td class=\"column-1\">Yenileme h\u0131z\u0131 (Hz)<\/td><td class=\"column-2\">\u22653840<\/td><td class=\"column-3\">\u22653840<\/td>\n<\/tr>\n<tr class=\"row-14\">\n\t<td class=\"column-1\">\u00c7al\u0131\u015fma gerilimi (V)<\/td><td class=\"column-2\">AC100~240V (50~60Hz)<\/td><td class=\"column-3\">AC100~240V (50~60Hz)<\/td>\n<\/tr>\n<tr class=\"row-15\">\n\t<td class=\"column-1\">Maksimum enerji t\u00fcketimi (W\/m\u00b2)<\/td><td class=\"column-2\">\u2264450<\/td><td class=\"column-3\">\u2264450<\/td>\n<\/tr>\n<tr class=\"row-16\">\n\t<td class=\"column-1\">Ortalama enerji t\u00fcketimi (W\/m\u00b2)<\/td><td class=\"column-2\">\u2264180<\/td><td class=\"column-3\">\u2264180<\/td>\n<\/tr>\n<tr class=\"row-17\">\n\t<td class=\"column-1\">Faydal\u0131 \u00f6m\u00fcr (H)<\/td><td class=\"column-2\">\u2264100.000<\/td><td class=\"column-3\">\u2264100.000<\/td>\n<\/tr>\n<tr class=\"row-18\">\n\t<td class=\"column-1\">\u00c7al\u0131\u015fma s\u0131cakl\u0131\u011f\u0131 (\u00b0C \/ \u00b0F)<\/td><td class=\"column-2\">-10~+40 \/ +14~+104<\/td><td class=\"column-3\">-10~+40 \/ +14~+104<\/td>\n<\/tr>\n<tr class=\"row-19\">\n\t<td class=\"column-1\">Saklama s\u0131cakl\u0131\u011f\u0131 (\u00b0C \/ \u00b0F)<\/td><td class=\"column-2\">-20~+60 \/ -4~+140<\/td><td class=\"column-3\">-20~+60 \/ -4~+140<\/td>\n<\/tr>\n<tr class=\"row-20\">\n\t<td class=\"column-1\">\u00c7al\u0131\u015fma nemi<\/td><td class=\"column-2\">10%~80%<\/td><td class=\"column-3\">10%~80%<\/td>\n<\/tr>\n<tr class=\"row-21\">\n\t<td class=\"column-1\">Dolap a\u011f\u0131rl\u0131\u011f\u0131 (kg\/lbs)<\/td><td class=\"column-2\">6.8 \/ 15<\/td><td class=\"column-3\">6.8 \/ 15<\/td>\n<\/tr>\n<\/tbody>\n<\/table>\n<!-- #tablepress-56 from cache -->\n\t\t<\/div>\n\t\t\t\t\t<\/div>\n\n\t\n<\/div>\n\t\t<\/div>\n\t\t\t\t\t<\/div>\n\n\t\n<\/div>","protected":false},"excerpt":{"rendered":"<p><strong>THO Serisi HD LED Panel: Hepsi bir arada LED ekran, geni\u015f format, hassas performans.<\/strong><\/p>\n<p>Ultra geni\u015f 21:9 en boy oran\u0131na sahip olan bu monit\u00f6r, kontrol odalar\u0131, komuta merkezleri ve y\u00fcksek talep gerektiren ortamlardaki \u00e7ift monit\u00f6r kurulumlar\u0131n\u0131n ideal bir alternatifi. \u0130nce pikselleri sayesinde net ve ayr\u0131nt\u0131l\u0131 g\u00f6r\u00fcnt\u00fcler sunuyor.<\/p>\n<p><strong>Ba\u015fl\u0131ca \u00f6zellikler:<\/strong><\/p>\n<ul>\n<li><strong>Y\u00fcksek \u00e7\u00f6z\u00fcn\u00fcrl\u00fckl\u00fc g\u00f6r\u00fcnt\u00fcler:<\/strong> ince pikseller <a href=\"https:\/\/www.telaled.com\/tr\/fabrica\/modulo-painel-de-led-p1-25\/\">1,25 mm<\/a> e <a href=\"https:\/\/www.telaled.com\/tr\/fabrica\/modulo-painel-de-led-p1-56\/\">1,56 mm<\/a> \u00c7ok say\u0131da ayr\u0131nt\u0131 i\u00e7eren uygulamalar i\u00e7in net g\u00f6r\u00fcnt\u00fcler ve anla\u015f\u0131l\u0131r metinler sa\u011flarlar.<\/li>\n<li><strong>Yer tasarrufu sa\u011flayan tasar\u0131m:<\/strong> Bu komple yap\u0131, kurulumu basitle\u015ftirir ve birden fazla monit\u00f6re duyulan ihtiyac\u0131 ortadan kald\u0131r\u0131r.<\/li>\n<li><strong>Hassas m\u00fchendislik:<\/strong> Kompakt mod\u00fcl boyutu (200 x 337,5 mm) ve ince kabin derinli\u011fi (38 mm), \u015f\u0131k ve profesyonel bir konfig\u00fcrasyon olu\u015fturur.<\/li>\n<\/ul>\n<p>7\/24 uzaktan destek ve 3 y\u0131l garanti sunuyoruz. Ki\u015fiselle\u015ftirilmi\u015f fiyat teklifi i\u00e7in bug\u00fcn bizimle ileti\u015fime ge\u00e7in.<\/p>","protected":false},"featured_media":2903,"template":"","meta":[],"product_brand":[],"product_cat":[40,46],"product_tag":[],"class_list":{"0":"post-2902","1":"product","2":"type-product","3":"status-publish","4":"has-post-thumbnail","6":"product_cat-painel-de-led","7":"product_cat-painel-de-video","9":"first","10":"instock","11":"shipping-taxable","12":"product-type-simple"},"yoast_head":"<!-- This site is optimized with the Yoast SEO plugin v27.4 - https:\/\/yoast.com\/product\/yoast-seo-wordpress\/ -->\n<title>Painel de LED HD S\u00e9rie THO | Tela de Alta Resolu\u00e7\u00e3o para Imagens N\u00edtidas |TELALED<\/title>\n<meta name=\"description\" content=\"Aprimore seus recursos visuais com o painel LED HD da s\u00e9rie THO. Projetado para uso interno, ele oferece alta resolu\u00e7\u00e3o, cores vibrantes e desempenho suave para eventos, salas de controle e displays publicit\u00e1rios.\" \/>\n<meta name=\"robots\" content=\"index, follow, max-snippet:-1, max-image-preview:large, max-video-preview:-1\" \/>\n<link rel=\"canonical\" href=\"https:\/\/www.telaled.com\/tr\/fabrica\/painel-de-led-hd-serie-tho\/\" \/>\n<meta property=\"og:locale\" content=\"tr_TR\" \/>\n<meta property=\"og:type\" content=\"article\" \/>\n<meta property=\"og:title\" content=\"Painel de LED HD S\u00e9rie THO | Tela de Alta Resolu\u00e7\u00e3o para Imagens N\u00edtidas |TELALED\" \/>\n<meta property=\"og:description\" content=\"Aprimore seus recursos visuais com o painel LED HD da s\u00e9rie THO. Projetado para uso interno, ele oferece alta resolu\u00e7\u00e3o, cores vibrantes e desempenho suave para eventos, salas de controle e displays publicit\u00e1rios.\" \/>\n<meta property=\"og:url\" content=\"https:\/\/www.telaled.com\/tr\/fabrica\/painel-de-led-hd-serie-tho\/\" \/>\n<meta property=\"og:site_name\" content=\"TELALED\" \/>\n<meta property=\"article:modified_time\" content=\"2026-01-05T04:05:22+00:00\" \/>\n<meta property=\"og:image\" content=\"https:\/\/www.telaled.com\/wp-content\/uploads\/2025\/08\/Painel-de-LED-HD-Serie-THO.webp\" \/>\n\t<meta property=\"og:image:width\" content=\"500\" \/>\n\t<meta property=\"og:image:height\" content=\"500\" \/>\n\t<meta property=\"og:image:type\" content=\"image\/webp\" \/>\n<meta name=\"twitter:card\" content=\"summary_large_image\" \/>\n<meta name=\"twitter:label1\" content=\"Est. reading time\" \/>\n\t<meta name=\"twitter:data1\" content=\"3 dakika\" \/>\n<script type=\"application\/ld+json\" class=\"yoast-schema-graph\">{\"@context\":\"https:\\\/\\\/schema.org\",\"@graph\":[{\"@type\":\"WebPage\",\"@id\":\"https:\\\/\\\/www.telaled.com\\\/fabrica\\\/painel-de-led-hd-serie-tho\\\/\",\"url\":\"https:\\\/\\\/www.telaled.com\\\/fabrica\\\/painel-de-led-hd-serie-tho\\\/\",\"name\":\"Painel de LED HD S\u00e9rie THO | Tela de Alta Resolu\u00e7\u00e3o para Imagens N\u00edtidas |TELALED\",\"isPartOf\":{\"@id\":\"https:\\\/\\\/www.telaled.com\\\/#website\"},\"primaryImageOfPage\":{\"@id\":\"https:\\\/\\\/www.telaled.com\\\/fabrica\\\/painel-de-led-hd-serie-tho\\\/#primaryimage\"},\"image\":{\"@id\":\"https:\\\/\\\/www.telaled.com\\\/fabrica\\\/painel-de-led-hd-serie-tho\\\/#primaryimage\"},\"thumbnailUrl\":\"https:\\\/\\\/www.telaled.com\\\/wp-content\\\/uploads\\\/2025\\\/08\\\/Painel-de-LED-HD-Serie-THO.webp\",\"datePublished\":\"2025-08-08T01:45:40+00:00\",\"dateModified\":\"2026-01-05T04:05:22+00:00\",\"description\":\"Aprimore seus recursos visuais com o painel LED HD da s\u00e9rie THO. Projetado para uso interno, ele oferece alta resolu\u00e7\u00e3o, cores vibrantes e desempenho suave para eventos, salas de controle e displays publicit\u00e1rios.\",\"breadcrumb\":{\"@id\":\"https:\\\/\\\/www.telaled.com\\\/fabrica\\\/painel-de-led-hd-serie-tho\\\/#breadcrumb\"},\"inLanguage\":\"tr\",\"potentialAction\":[{\"@type\":\"ReadAction\",\"target\":[\"https:\\\/\\\/www.telaled.com\\\/fabrica\\\/painel-de-led-hd-serie-tho\\\/\"]}]},{\"@type\":\"ImageObject\",\"inLanguage\":\"tr\",\"@id\":\"https:\\\/\\\/www.telaled.com\\\/fabrica\\\/painel-de-led-hd-serie-tho\\\/#primaryimage\",\"url\":\"https:\\\/\\\/www.telaled.com\\\/wp-content\\\/uploads\\\/2025\\\/08\\\/Painel-de-LED-HD-Serie-THO.webp\",\"contentUrl\":\"https:\\\/\\\/www.telaled.com\\\/wp-content\\\/uploads\\\/2025\\\/08\\\/Painel-de-LED-HD-Serie-THO.webp\",\"width\":500,\"height\":500,\"caption\":\"Painel-de-LED-HD-S\u00e9rie-THO\"},{\"@type\":\"BreadcrumbList\",\"@id\":\"https:\\\/\\\/www.telaled.com\\\/fabrica\\\/painel-de-led-hd-serie-tho\\\/#breadcrumb\",\"itemListElement\":[{\"@type\":\"ListItem\",\"position\":1,\"name\":\"Home\",\"item\":\"https:\\\/\\\/www.telaled.com\\\/\"},{\"@type\":\"ListItem\",\"position\":2,\"name\":\"Produtos\",\"item\":\"https:\\\/\\\/www.telaled.com\\\/shop\\\/\"},{\"@type\":\"ListItem\",\"position\":3,\"name\":\"Painel de LED HD S\u00e9rie THO\"}]},{\"@type\":\"WebSite\",\"@id\":\"https:\\\/\\\/www.telaled.com\\\/#website\",\"url\":\"https:\\\/\\\/www.telaled.com\\\/\",\"name\":\"TELALED\",\"description\":\"\",\"potentialAction\":[{\"@type\":\"SearchAction\",\"target\":{\"@type\":\"EntryPoint\",\"urlTemplate\":\"https:\\\/\\\/www.telaled.com\\\/?s={search_term_string}\"},\"query-input\":{\"@type\":\"PropertyValueSpecification\",\"valueRequired\":true,\"valueName\":\"search_term_string\"}}],\"inLanguage\":\"tr\"}]}<\/script>\n<!-- \/ Yoast SEO plugin. -->","yoast_head_json":{"title":"THO Serisi HD LED Panel | Net G\u00f6r\u00fcnt\u00fcler i\u00e7in Y\u00fcksek \u00c7\u00f6z\u00fcn\u00fcrl\u00fckl\u00fc Ekran | LED Ekran","description":"THO serisi HD LED panel ile g\u00f6rsellerinizi geli\u015ftirin. \u0130\u00e7 mekan kullan\u0131m\u0131 i\u00e7in tasarlanan bu panel, etkinlikler, kontrol odalar\u0131 ve reklam ekranlar\u0131 i\u00e7in y\u00fcksek \u00e7\u00f6z\u00fcn\u00fcrl\u00fck, canl\u0131 renkler ve sorunsuz performans sunar.","robots":{"index":"index","follow":"follow","max-snippet":"max-snippet:-1","max-image-preview":"max-image-preview:large","max-video-preview":"max-video-preview:-1"},"canonical":"https:\/\/www.telaled.com\/tr\/fabrica\/painel-de-led-hd-serie-tho\/","og_locale":"tr_TR","og_type":"article","og_title":"Painel de LED HD S\u00e9rie THO | Tela de Alta Resolu\u00e7\u00e3o para Imagens N\u00edtidas |TELALED","og_description":"Aprimore seus recursos visuais com o painel LED HD da s\u00e9rie THO. Projetado para uso interno, ele oferece alta resolu\u00e7\u00e3o, cores vibrantes e desempenho suave para eventos, salas de controle e displays publicit\u00e1rios.","og_url":"https:\/\/www.telaled.com\/tr\/fabrica\/painel-de-led-hd-serie-tho\/","og_site_name":"TELALED","article_modified_time":"2026-01-05T04:05:22+00:00","og_image":[{"width":500,"height":500,"url":"https:\/\/www.telaled.com\/wp-content\/uploads\/2025\/08\/Painel-de-LED-HD-Serie-THO.webp","type":"image\/webp"}],"twitter_card":"summary_large_image","twitter_misc":{"Est. reading time":"3 dakika"},"schema":{"@context":"https:\/\/schema.org","@graph":[{"@type":"WebPage","@id":"https:\/\/www.telaled.com\/fabrica\/painel-de-led-hd-serie-tho\/","url":"https:\/\/www.telaled.com\/fabrica\/painel-de-led-hd-serie-tho\/","name":"THO Serisi HD LED Panel | Net G\u00f6r\u00fcnt\u00fcler i\u00e7in Y\u00fcksek \u00c7\u00f6z\u00fcn\u00fcrl\u00fckl\u00fc Ekran | LED Ekran","isPartOf":{"@id":"https:\/\/www.telaled.com\/#website"},"primaryImageOfPage":{"@id":"https:\/\/www.telaled.com\/fabrica\/painel-de-led-hd-serie-tho\/#primaryimage"},"image":{"@id":"https:\/\/www.telaled.com\/fabrica\/painel-de-led-hd-serie-tho\/#primaryimage"},"thumbnailUrl":"https:\/\/www.telaled.com\/wp-content\/uploads\/2025\/08\/Painel-de-LED-HD-Serie-THO.webp","datePublished":"2025-08-08T01:45:40+00:00","dateModified":"2026-01-05T04:05:22+00:00","description":"THO serisi HD LED panel ile g\u00f6rsellerinizi geli\u015ftirin. \u0130\u00e7 mekan kullan\u0131m\u0131 i\u00e7in tasarlanan bu panel, etkinlikler, kontrol odalar\u0131 ve reklam ekranlar\u0131 i\u00e7in y\u00fcksek \u00e7\u00f6z\u00fcn\u00fcrl\u00fck, canl\u0131 renkler ve sorunsuz performans sunar.","breadcrumb":{"@id":"https:\/\/www.telaled.com\/fabrica\/painel-de-led-hd-serie-tho\/#breadcrumb"},"inLanguage":"tr","potentialAction":[{"@type":"ReadAction","target":["https:\/\/www.telaled.com\/fabrica\/painel-de-led-hd-serie-tho\/"]}]},{"@type":"ImageObject","inLanguage":"tr","@id":"https:\/\/www.telaled.com\/fabrica\/painel-de-led-hd-serie-tho\/#primaryimage","url":"https:\/\/www.telaled.com\/wp-content\/uploads\/2025\/08\/Painel-de-LED-HD-Serie-THO.webp","contentUrl":"https:\/\/www.telaled.com\/wp-content\/uploads\/2025\/08\/Painel-de-LED-HD-Serie-THO.webp","width":500,"height":500,"caption":"Painel-de-LED-HD-S\u00e9rie-THO"},{"@type":"BreadcrumbList","@id":"https:\/\/www.telaled.com\/fabrica\/painel-de-led-hd-serie-tho\/#breadcrumb","itemListElement":[{"@type":"ListItem","position":1,"name":"Home","item":"https:\/\/www.telaled.com\/"},{"@type":"ListItem","position":2,"name":"Produtos","item":"https:\/\/www.telaled.com\/shop\/"},{"@type":"ListItem","position":3,"name":"Painel de LED HD S\u00e9rie THO"}]},{"@type":"WebSite","@id":"https:\/\/www.telaled.com\/#website","url":"https:\/\/www.telaled.com\/","name":"LED Ekran","description":"","potentialAction":[{"@type":"SearchAction","target":{"@type":"EntryPoint","urlTemplate":"https:\/\/www.telaled.com\/?s={search_term_string}"},"query-input":{"@type":"PropertyValueSpecification","valueRequired":true,"valueName":"search_term_string"}}],"inLanguage":"tr"}]}},"_links":{"self":[{"href":"https:\/\/www.telaled.com\/tr\/wp-json\/wp\/v2\/product\/2902","targetHints":{"allow":["GET"]}}],"collection":[{"href":"https:\/\/www.telaled.com\/tr\/wp-json\/wp\/v2\/product"}],"about":[{"href":"https:\/\/www.telaled.com\/tr\/wp-json\/wp\/v2\/types\/product"}],"wp:featuredmedia":[{"embeddable":true,"href":"https:\/\/www.telaled.com\/tr\/wp-json\/wp\/v2\/media\/2903"}],"wp:attachment":[{"href":"https:\/\/www.telaled.com\/tr\/wp-json\/wp\/v2\/media?parent=2902"}],"wp:term":[{"taxonomy":"product_brand","embeddable":true,"href":"https:\/\/www.telaled.com\/tr\/wp-json\/wp\/v2\/product_brand?post=2902"},{"taxonomy":"product_cat","embeddable":true,"href":"https:\/\/www.telaled.com\/tr\/wp-json\/wp\/v2\/product_cat?post=2902"},{"taxonomy":"product_tag","embeddable":true,"href":"https:\/\/www.telaled.com\/tr\/wp-json\/wp\/v2\/product_tag?post=2902"}],"curies":[{"name":"wp","href":"https:\/\/api.w.org\/{rel}","templated":true}]}}