{"id":2777,"date":"2025-07-29T01:56:28","date_gmt":"2025-07-29T01:56:28","guid":{"rendered":"https:\/\/www.telaled.com\/?post_type=product&#038;p=2777"},"modified":"2026-01-05T01:49:24","modified_gmt":"2026-01-05T01:49:24","slug":"painel-led-economizador-de-energia-serie-toc","status":"publish","type":"product","link":"https:\/\/www.telaled.com\/tr\/fabrica\/painel-led-economizador-de-energia-serie-toc\/","title":{"rendered":"Enerji Tasarruflu LED Panel TOC Serisi"},"content":{"rendered":"<div class=\"row\"  id=\"row-813168240\">\n\n\t<div id=\"col-815154489\" class=\"col small-12 large-12\"  >\n\t\t\t\t<div class=\"col-inner\"  >\n\t\t\t\n\t\t\t\n<h2>TOC Serisi Enerji Tasarruflu LED Panellerin \u00d6zel Avantajlar\u0131<\/h2>\n<h3><strong>\u00dcst\u00fcn Dayan\u0131kl\u0131l\u0131k<\/strong><\/h3>\n<ul>\n<li>960 mm x 960 mm&#039;lik kabin ve 480 mm x 320 mm&#039;lik panelin mod\u00fcler tasar\u0131m\u0131, kabin ba\u015f\u0131na yaln\u0131zca \u2264 26,5 kg a\u011f\u0131rl\u0131\u011f\u0131yla h\u0131zl\u0131 kurulum, s\u00f6kme ve kolay ta\u015f\u0131ma imkan\u0131 sa\u011flar.<\/li>\n<li>Geli\u015fmi\u015f LED kaps\u00fclleme teknolojisini kullanmaktad\u0131r. <a href=\"https:\/\/www.telaled.com\/tr\/led-smd\/\">SMD<\/a> \u00dcst\u00fcn renk do\u011frulu\u011fu ve parlakl\u0131k i\u00e7in k\u0131rm\u0131z\u0131, ye\u015fil ve mavi LED&#039;leri bir araya getiren 3&#039;\u00fc 1 arada \u00fcr\u00fcn.<\/li>\n<\/ul>\n<h3><strong>Ola\u011fan\u00fcst\u00fc G\u00f6rsel Kalite<\/strong><\/h3>\n<ul>\n<li>\u22653840 Hz&#039;e kadar y\u00fcksek yenileme h\u0131z\u0131<\/li>\n<li>Geni\u015f 140\u00b0\/140\u00b0 g\u00f6r\u00fc\u015f a\u00e7\u0131s\u0131<\/li>\n<\/ul>\n<h3><strong>Tam Uyarlanabilirlik<\/strong><\/h3>\n<ul>\n<li>IP65 su ge\u00e7irmezlik korumas\u0131 ve d\u0131\u015f mekan kullan\u0131m\u0131 i\u00e7in d\u00f6kme al\u00fcminyum kasa.<\/li>\n<li>6000 cd\/m2&#039;ye kadar parlakl\u0131k<\/li>\n<\/ul>\n<h3><strong>Kapsaml\u0131 Destek<\/strong><\/h3>\n<ul>\n<li>7\/24 Uzaktan Teknik Destek \u2013 Yard\u0131ma ihtiya\u00e7 duydu\u011funuz her an hizmetinizdeyiz.<\/li>\n<li>5% yedek par\u00e7alar\u0131 dahildir \u2013 Daha fazla g\u00f6n\u00fcl rahatl\u0131\u011f\u0131n\u0131n tad\u0131n\u0131 \u00e7\u0131kar\u0131n.<\/li>\n<li>3 Y\u0131l Uzat\u0131lm\u0131\u015f Garanti \u2013 Uzun vadeli g\u00fcvenilirlik ve kapsaml\u0131 destekten yararlan\u0131n.<\/li>\n<\/ul>\n<h2>\u00dcr\u00fcn detaylar\u0131<\/h2>\n<div class=\"row\"  id=\"row-1502752910\">\n\n\t<div id=\"col-1796967085\" class=\"col medium-10 small-12 large-10\"  >\n\t\t\t\t<div class=\"col-inner text-left\"  >\n\t\t\t\n\t\t\t\n<ul>\n<li>Konumland\u0131rma pimi, mod\u00fcl kolu, emniyet halat\u0131, \u00e7er\u00e7eve kilidi, gizli kablo yuvas\u0131 ve daha bir\u00e7ok \u00f6zelli\u011fiyle m\u00fckemmel tasar\u0131m.<\/li>\n<\/ul>\n\t<div class=\"img has-hover x md-x lg-x y md-y lg-y\" id=\"image_789047395\">\n\t\t\t\t\t\t\t\t<div class=\"img-inner dark\" >\n\t\t\t<img loading=\"lazy\" decoding=\"async\" width=\"753\" height=\"533\" src=\"https:\/\/www.telaled.com\/wp-content\/uploads\/2025\/07\/Excelente-design-de-gabinete.webp\" class=\"attachment-original size-original\" alt=\"M\u00fckemmel dolap tasar\u0131m\u0131\" srcset=\"https:\/\/www.telaled.com\/wp-content\/uploads\/2025\/07\/Excelente-design-de-gabinete.webp 753w, https:\/\/www.telaled.com\/wp-content\/uploads\/2025\/07\/Excelente-design-de-gabinete-300x212.webp 300w, https:\/\/www.telaled.com\/wp-content\/uploads\/2025\/07\/Excelente-design-de-gabinete-18x12.webp 18w, https:\/\/www.telaled.com\/wp-content\/uploads\/2025\/07\/Excelente-design-de-gabinete-600x425.webp 600w\" sizes=\"auto, (max-width: 753px) 100vw, 753px\" \/>\t\t\t\t\t\t\n\t\t\t\t\t<\/div>\n\t\t\t\t\t\t\t\t\n<style>\n#image_789047395 {\n  width: 95%;\n}\n<\/style>\n\t<\/div>\n\t\n\t\t<\/div>\n\t\t\t\t\t<\/div>\n\n\t\n\n\t<div id=\"col-1834182490\" class=\"col medium-10 small-12 large-10\"  >\n\t\t\t\t<div class=\"col-inner text-left\"  >\n\t\t\t\n\t\t\t\n<ul>\n<li>\u0130yi \u0131s\u0131 da\u011f\u0131t\u0131m performans\u0131. 10.000 nit ile y\u00fcksek parlakl\u0131k. Geleneksel LED ekranlara g\u00f6re daha uzun kullan\u0131m \u00f6mr\u00fc.<\/li>\n<\/ul>\n\t<div class=\"img has-hover x md-x lg-x y md-y lg-y\" id=\"image_568540997\">\n\t\t\t\t\t\t\t\t<div class=\"img-inner dark\" >\n\t\t\t<img loading=\"lazy\" decoding=\"async\" width=\"640\" height=\"430\" src=\"https:\/\/www.telaled.com\/wp-content\/uploads\/2025\/07\/Resfriamento-de-alta-eficiencia.webp\" class=\"attachment-large size-large\" alt=\"Y\u00fcksek verimli so\u011futma\" srcset=\"https:\/\/www.telaled.com\/wp-content\/uploads\/2025\/07\/Resfriamento-de-alta-eficiencia.webp 640w, https:\/\/www.telaled.com\/wp-content\/uploads\/2025\/07\/Resfriamento-de-alta-eficiencia-300x202.webp 300w, https:\/\/www.telaled.com\/wp-content\/uploads\/2025\/07\/Resfriamento-de-alta-eficiencia-18x12.webp 18w, https:\/\/www.telaled.com\/wp-content\/uploads\/2025\/07\/Resfriamento-de-alta-eficiencia-600x403.webp 600w\" sizes=\"auto, (max-width: 640px) 100vw, 640px\" \/>\t\t\t\t\t\t\n\t\t\t\t\t<\/div>\n\t\t\t\t\t\t\t\t\n<style>\n#image_568540997 {\n  width: 95%;\n}\n<\/style>\n\t<\/div>\n\t\n<ul>\n<li>Bu LED ekran destekliyor <a href=\"https:\/\/www.telaled.com\/tr\/fabrica\/painel-de-led-para-manutencao-frontal-serie-tib\/\">\u00f6n bak\u0131m<\/a> ve arka k\u0131s\u0131m, \u00e7e\u015fitli kurulum ortamlar\u0131 i\u00e7in daha fazla esneklik sunar.<\/li>\n<\/ul>\n\t<div class=\"img has-hover x md-x lg-x y md-y lg-y\" id=\"image_1345952458\">\n\t\t\t\t\t\t\t\t<div class=\"img-inner dark\" >\n\t\t\t<img loading=\"lazy\" decoding=\"async\" width=\"640\" height=\"430\" src=\"https:\/\/www.telaled.com\/wp-content\/uploads\/2025\/07\/Manutencao-Frontal-e-Traseira.webp\" class=\"attachment-large size-large\" alt=\"\u00d6n ve Arka Bak\u0131m\" srcset=\"https:\/\/www.telaled.com\/wp-content\/uploads\/2025\/07\/Manutencao-Frontal-e-Traseira.webp 640w, https:\/\/www.telaled.com\/wp-content\/uploads\/2025\/07\/Manutencao-Frontal-e-Traseira-300x202.webp 300w, https:\/\/www.telaled.com\/wp-content\/uploads\/2025\/07\/Manutencao-Frontal-e-Traseira-18x12.webp 18w, https:\/\/www.telaled.com\/wp-content\/uploads\/2025\/07\/Manutencao-Frontal-e-Traseira-600x403.webp 600w\" sizes=\"auto, (max-width: 640px) 100vw, 640px\" \/>\t\t\t\t\t\t\n\t\t\t\t\t<\/div>\n\t\t\t\t\t\t\t\t\n<style>\n#image_1345952458 {\n  width: 95%;\n}\n<\/style>\n\t<\/div>\n\t\n\t\t<\/div>\n\t\t\t\t\t<\/div>\n\n\t\n\n\t<div id=\"col-554108272\" class=\"col medium-10 small-12 large-10\"  >\n\t\t\t\t<div class=\"col-inner text-left\"  >\n\t\t\t\n\t\t\t\n<ul>\n<li>LED ekranlar, t\u00fcrlerine ve kullan\u0131m ama\u00e7lar\u0131na g\u00f6re paketlenir. Komple ekranlar, daha iyi destek i\u00e7in ah\u015fap kasalara yerle\u015ftirilir. LED mod\u00fclleri karton kutularda sevk edilir. Kiral\u0131k ekranlar farkl\u0131 \u015fekilde ele al\u0131n\u0131r; hava kargo kasalar\u0131na paketlenirler. Baz\u0131 \u00fcr\u00fcnler basit kasalara yerle\u015ftirilir, ancak ek koruma i\u00e7in ah\u015fap \u00e7er\u00e7evelerle g\u00fc\u00e7lendirilir.<\/li>\n<\/ul>\n\t<div class=\"img has-hover x md-x lg-x y md-y lg-y\" id=\"image_1255496643\">\n\t\t\t\t\t\t\t\t<div class=\"img-inner dark\" >\n\t\t\t<img loading=\"lazy\" decoding=\"async\" width=\"760\" height=\"1024\" src=\"https:\/\/www.telaled.com\/wp-content\/uploads\/2025\/06\/Embalagem-760x1024.webp\" class=\"attachment-large size-large\" alt=\"Ambalajlama\" srcset=\"https:\/\/www.telaled.com\/wp-content\/uploads\/2025\/06\/Embalagem-760x1024.webp 760w, https:\/\/www.telaled.com\/wp-content\/uploads\/2025\/06\/Embalagem-223x300.webp 223w, https:\/\/www.telaled.com\/wp-content\/uploads\/2025\/06\/Embalagem-768x1035.webp 768w, https:\/\/www.telaled.com\/wp-content\/uploads\/2025\/06\/Embalagem-9x12.webp 9w, https:\/\/www.telaled.com\/wp-content\/uploads\/2025\/06\/Embalagem-600x808.webp 600w, https:\/\/www.telaled.com\/wp-content\/uploads\/2025\/06\/Embalagem.webp 795w\" sizes=\"auto, (max-width: 760px) 100vw, 760px\" \/>\t\t\t\t\t\t\n\t\t\t\t\t<\/div>\n\t\t\t\t\t\t\t\t\n<style>\n#image_1255496643 {\n  width: 95%;\n}\n<\/style>\n\t<\/div>\n\t\n\t\t<\/div>\n\t\t\t\t\t<\/div>\n\n\t\n<\/div>\n\t\t<\/div>\n\t\t\t\t\t<\/div>\n\n\t\n\n\t<div id=\"col-1118157961\" class=\"col small-12 large-12\"  >\n\t\t\t\t<div class=\"col-inner\"  >\n\t\t\t\n\t\t\t\n<div class=\"row\"  id=\"row-123074773\">\n\n\t<div id=\"col-147274650\" class=\"col medium-10 small-12 large-10\"  >\n\t\t\t\t<div class=\"col-inner\"  >\n\t\t\t\n\t\t\t\n\n<table id=\"tablepress-47\" class=\"tablepress tablepress-id-47\">\n<thead>\n<tr class=\"row-1\">\n\t<th class=\"column-1\">Model<\/th><th class=\"column-2\">TOB - 3.91<\/th><th class=\"column-3\">TOB - 4.81<\/th><th class=\"column-4\">TOB - 6.25<\/th><th class=\"column-5\">TOB - 7.81<\/th><th class=\"column-6\">TOB - 10.42<\/th>\n<\/tr>\n<\/thead>\n<tbody class=\"row-striping row-hover\">\n<tr class=\"row-2\">\n\t<td class=\"column-1\">Pikseller aras\u0131ndaki mesafe<\/td><td class=\"column-2\">3,91 mm<\/td><td class=\"column-3\">4,81 mm<\/td><td class=\"column-4\">6,25 mm<\/td><td class=\"column-5\">7,81 mm<\/td><td class=\"column-6\">10,42 mm<\/td>\n<\/tr>\n<tr class=\"row-3\">\n\t<td class=\"column-1\">SMD tipi<\/td><td class=\"column-2\">SMD1921<\/td><td class=\"column-3\">SMD1921<\/td><td class=\"column-4\">SMD2727<\/td><td class=\"column-5\">SMD2727<\/td><td class=\"column-6\">SMD2727<\/td>\n<\/tr>\n<tr class=\"row-4\">\n\t<td class=\"column-1\">Fiziksel Yo\u011funluk (nokta\/m\u00b2)<\/td><td class=\"column-2\"><br \/>\n65536<\/td><td class=\"column-3\"><br \/>\n43264<\/td><td class=\"column-4\"><br \/>\n25600<\/td><td class=\"column-5\"><br \/>\n16384<\/td><td class=\"column-6\"><br \/>\n9216<\/td>\n<\/tr>\n<tr class=\"row-5\">\n\t<td class=\"column-1\">Mod\u00fcl \u00c7\u00f6z\u00fcn\u00fcrl\u00fc\u011f\u00fc<\/td><td class=\"column-2\">128x64<\/td><td class=\"column-3\">104x52<\/td><td class=\"column-4\">80x40<\/td><td class=\"column-5\">64x32<\/td><td class=\"column-6\">48x24<\/td>\n<\/tr>\n<tr class=\"row-6\">\n\t<td class=\"column-1\">Panel boyutlar\u0131 (GxY\/mm)<\/td><td class=\"column-2\"><br \/>\n500x250<\/td><td class=\"column-3\"><br \/>\n500x250<\/td><td class=\"column-4\"><br \/>\n500x250<\/td><td class=\"column-5\"><br \/>\n500x250<\/td><td class=\"column-6\"><br \/>\n500x250<\/td>\n<\/tr>\n<tr class=\"row-7\">\n\t<td class=\"column-1\">Mod\u00fcl boyutu (mm)<\/td><td class=\"column-2\">1000x1000x83<\/td><td class=\"column-3\">1000x1000x83<\/td><td class=\"column-4\">1000x1000x83<\/td><td class=\"column-5\">1000x1000x83<\/td><td class=\"column-6\">1000x1000x83<\/td>\n<\/tr>\n<tr class=\"row-8\">\n\t<td class=\"column-1\">Panel \u00e7\u00f6z\u00fcn\u00fcrl\u00fc\u011f\u00fc<\/td><td class=\"column-2\">256x256<\/td><td class=\"column-3\">208x208<\/td><td class=\"column-4\">160x160<\/td><td class=\"column-5\">128x128<\/td><td class=\"column-6\">96x96<\/td>\n<\/tr>\n<tr class=\"row-9\">\n\t<td class=\"column-1\">Mod\u00fcl say\u0131s\u0131 (UxY)<\/td><td class=\"column-2\"><br \/>\n2x4<\/td><td class=\"column-3\"><br \/>\n2x4<\/td><td class=\"column-4\"><br \/>\n2x4<\/td><td class=\"column-5\"><br \/>\n2x4<\/td><td class=\"column-6\"><br \/>\n2x4<\/td>\n<\/tr>\n<tr class=\"row-10\">\n\t<td class=\"column-1\">Panel a\u011f\u0131rl\u0131\u011f\u0131 (kg)<\/td><td class=\"column-2\">22.5<\/td><td class=\"column-3\">22.5<\/td><td class=\"column-4\">22.5<\/td><td class=\"column-5\">22.5<\/td><td class=\"column-6\">22.5<\/td>\n<\/tr>\n<tr class=\"row-11\">\n\t<td class=\"column-1\">Bak\u0131m modu<\/td><td class=\"column-2\">\u00d6n ve Arka<\/td><td class=\"column-3\">\u00d6n ve Arka<\/td><td class=\"column-4\">\u00d6n ve Arka<\/td><td class=\"column-5\">\u00d6n ve Arka<\/td><td class=\"column-6\">\u00d6n ve Arka<\/td>\n<\/tr>\n<tr class=\"row-12\">\n\t<td class=\"column-1\">Parlama (Bit)<\/td><td class=\"column-2\">6000<\/td><td class=\"column-3\">6000<\/td><td class=\"column-4\">6000<\/td><td class=\"column-5\">6000<\/td><td class=\"column-6\">6000<\/td>\n<\/tr>\n<tr class=\"row-13\">\n\t<td class=\"column-1\">Renk s\u0131cakl\u0131\u011f\u0131 (K)<\/td><td class=\"column-2\">1000-18500 Ayarlanabilir<\/td><td class=\"column-3\">1000-18500 Ayarlanabilir<\/td><td class=\"column-4\">1000-18500 Ayarlanabilir<\/td><td class=\"column-5\">1000-18500 Ayarlanabilir<\/td><td class=\"column-6\">1000-18500 Ayarlanabilir<\/td>\n<\/tr>\n<tr class=\"row-14\">\n\t<td class=\"column-1\">G\u00f6r\u00fc\u015f a\u00e7\u0131s\u0131 (Yatay\/Dikey)<\/td><td class=\"column-2\">140\u00b0\/160\u00b0<\/td><td class=\"column-3\">140\u00b0\/160\u00b0<\/td><td class=\"column-4\">140\u00b0\/160\u00b0<\/td><td class=\"column-5\">140\u00b0\/160\u00b0<\/td><td class=\"column-6\">140\u00b0\/160\u00b0<\/td>\n<\/tr>\n<tr class=\"row-15\">\n\t<td class=\"column-1\">En iyi izleme mesafesi<\/td><td class=\"column-2\"><br \/>\n4-100m<\/td><td class=\"column-3\"><br \/>\n4-100m<\/td><td class=\"column-4\"><br \/>\n6-150m<\/td><td class=\"column-5\"><br \/>\n8-150m<\/td><td class=\"column-6\"><br \/>\n10-200m<\/td>\n<\/tr>\n<tr class=\"row-16\">\n\t<td class=\"column-1\">Kontrast oran\u0131<\/td><td class=\"column-2\">10000:1<\/td><td class=\"column-3\">10000:1<\/td><td class=\"column-4\">10000:1<\/td><td class=\"column-5\">10000:1<\/td><td class=\"column-6\">10000:1<\/td>\n<\/tr>\n<tr class=\"row-17\">\n\t<td class=\"column-1\">Kare de\u011fi\u015ftirme frekans\u0131 (Hz)<\/td><td class=\"column-2\">50\/60<\/td><td class=\"column-3\">50\/60<\/td><td class=\"column-4\">50\/60<\/td><td class=\"column-5\">50\/60<\/td><td class=\"column-6\">50\/60<\/td>\n<\/tr>\n<tr class=\"row-18\">\n\t<td class=\"column-1\">S\u00fcr\u00fc\u015f modu<\/td><td class=\"column-2\">Sabit ak\u0131m 1\/16<\/td><td class=\"column-3\">Sabit ak\u0131m 1\/13<\/td><td class=\"column-4\">Sabit ak\u0131m 1\/8<\/td><td class=\"column-5\">Sabit ak\u0131m 1\/8<\/td><td class=\"column-6\">Sabit ak\u0131m 1\/8<\/td>\n<\/tr>\n<tr class=\"row-19\">\n\t<td class=\"column-1\">Gri seviye<\/td><td class=\"column-2\">16 bit<\/td><td class=\"column-3\">16 bit<\/td><td class=\"column-4\">16 bit<\/td><td class=\"column-5\">16 bit<\/td><td class=\"column-6\">16 bit<\/td>\n<\/tr>\n<tr class=\"row-20\">\n\t<td class=\"column-1\">Yenileme h\u0131z\u0131 (Hz)<\/td><td class=\"column-2\">3840<\/td><td class=\"column-3\">3840<\/td><td class=\"column-4\">3840<\/td><td class=\"column-5\">3840<\/td><td class=\"column-6\">3840<\/td>\n<\/tr>\n<tr class=\"row-21\">\n\t<td class=\"column-1\">\u00c7al\u0131\u015fma s\u0131cakl\u0131\u011f\u0131\/nem oran\u0131 (\u00b0C\/RH)<\/td><td class=\"column-2\"><br \/>\n-20~60\u00b0C\/10%~85%<\/td><td class=\"column-3\"><br \/>\n-20~60\u00b0C\/10%~85%<\/td><td class=\"column-4\"><br \/>\n-20~60\u00b0C\/10%~85%<\/td><td class=\"column-5\"><br \/>\n-20~60\u00b0C\/10%~85%<\/td><td class=\"column-6\"><br \/>\n-20~60\u00b0C\/10%~85%<\/td>\n<\/tr>\n<\/tbody>\n<\/table>\n<!-- #tablepress-47 from cache -->\n\t\t<\/div>\n\t\t\t\t\t<\/div>\n\n\t\n<\/div>\n\t\t<\/div>\n\t\t\t\t\t<\/div>\n\n\t\n<\/div>","protected":false},"excerpt":{"rendered":"<p><strong>TOC Serisi Enerji Tasarruflu LED Panel: Y\u00fcksek koruma ve kolay kurulum \u00f6zelliklerine sahip enerji tasarruflu LED ekran.<\/strong><\/p>\n<p>Bizim <em><strong>TOC Serisi Enerji Tasarruflu LED Panel<\/strong><\/em> \u00c7ok d\u00fc\u015f\u00fck g\u00fc\u00e7 t\u00fcketimiyle son derece enerji verimli LED ekranlar sunmaktad\u0131r. <a href=\"https:\/\/www.telaled.com\/tr\/entendendo-o-consumo-de-energia-painel-de-led-quao-eficientes-sao-os-displays-de-led-modernos\/\">enerji t\u00fcketimi<\/a> ve IP65 koruma s\u0131n\u0131f\u0131na sahiptir. Mod\u00fcler tasar\u0131m\u0131, kolay kurulumu ve bak\u0131m\u0131yla birle\u015fti\u011finde, dinamik reklam \u00e7\u00f6z\u00fcmleri i\u00e7in en iyi se\u00e7enek haline gelir.<\/p>\n<p><strong>Ba\u015fl\u0131ca \u00f6zellikler:<\/strong><\/p>\n<ul>\n<li><strong>Enerji Verimlili\u011fi:<\/strong> Ortak katot teknolojisi, enerji t\u00fcketimini ve \u0131s\u0131 \u00fcretimini \u00f6nemli \u00f6l\u00e7\u00fcde azalt\u0131r.<\/li>\n<li><strong>Esnek Bak\u0131m:<\/strong> \u00d6n ve arka eri\u015fim tasar\u0131m\u0131, bak\u0131m\u0131 h\u0131zl\u0131 ve kolay hale getirerek ar\u0131za s\u00fcresini azalt\u0131r.<\/li>\n<li><strong>\u00d6zelle\u015ftirilebilir Boyutlar:<\/strong> Farkl\u0131 izleme mesafelerine ve uygulamalara uygun olarak \u00e7e\u015fitli piksel boyutlar\u0131nda (P4.44, P5.7, P6.66, P8, P10) mevcuttur.<\/li>\n<\/ul>\n<p>960 mm x 960 mm&#039;lik kabin ve 480 mm x 320 mm&#039;lik panelden olu\u015fan mod\u00fcler tasar\u0131m, kabin ba\u015f\u0131na yaln\u0131zca 25 kg a\u011f\u0131rl\u0131\u011f\u0131yla h\u0131zl\u0131 kurulum, s\u00f6k\u00fcm ve kolay ta\u015f\u0131ma imkan\u0131 sa\u011flar.<\/p>\n<p>7\/24 uzaktan destek ve 3 y\u0131l garanti standartt\u0131r. Ki\u015fiselle\u015ftirilmi\u015f fiyat teklifi i\u00e7in bug\u00fcn bizimle ileti\u015fime ge\u00e7in.<\/p>","protected":false},"featured_media":2779,"template":"","meta":[],"product_brand":[],"product_cat":[40,46],"product_tag":[],"class_list":{"0":"post-2777","1":"product","2":"type-product","3":"status-publish","4":"has-post-thumbnail","6":"product_cat-painel-de-led","7":"product_cat-painel-de-video","9":"first","10":"instock","11":"shipping-taxable","12":"product-type-simple"},"yoast_head":"<!-- This site is optimized with the Yoast SEO plugin v27.4 - https:\/\/yoast.com\/product\/yoast-seo-wordpress\/ -->\n<title>Painel LED Economizador de Energia S\u00e9rie TOC | Para Uma Solu\u00e7\u00e3o de Exibi\u00e7\u00e3o Eficiente | TELALED<\/title>\n<meta name=\"description\" content=\"Aumente a efici\u00eancia com os nossos pain\u00e9is LED energeticamente eficientes, concebidos para reduzir4 os custos de energia e proporcionar um ecr\u00e3 brilhante e consistente. Pe\u00e7a um or\u00e7amento agora mesmo!\" \/>\n<meta name=\"robots\" content=\"index, follow, max-snippet:-1, max-image-preview:large, max-video-preview:-1\" \/>\n<link rel=\"canonical\" href=\"https:\/\/www.telaled.com\/tr\/fabrica\/painel-led-economizador-de-energia-serie-toc\/\" \/>\n<meta property=\"og:locale\" content=\"tr_TR\" \/>\n<meta property=\"og:type\" content=\"article\" \/>\n<meta property=\"og:title\" content=\"Painel LED Economizador de Energia S\u00e9rie TOC | Para Uma Solu\u00e7\u00e3o de Exibi\u00e7\u00e3o Eficiente | TELALED\" \/>\n<meta property=\"og:description\" content=\"Aumente a efici\u00eancia com os nossos pain\u00e9is LED energeticamente eficientes, concebidos para reduzir4 os custos de energia e proporcionar um ecr\u00e3 brilhante e consistente. Pe\u00e7a um or\u00e7amento agora mesmo!\" \/>\n<meta property=\"og:url\" content=\"https:\/\/www.telaled.com\/tr\/fabrica\/painel-led-economizador-de-energia-serie-toc\/\" \/>\n<meta property=\"og:site_name\" content=\"TELALED\" \/>\n<meta property=\"article:modified_time\" content=\"2026-01-05T01:49:24+00:00\" \/>\n<meta property=\"og:image\" content=\"https:\/\/www.telaled.com\/wp-content\/uploads\/2025\/07\/Painel-LED-Economizador-de-Energia-Serie-TOC.jpg\" \/>\n\t<meta property=\"og:image:width\" content=\"500\" \/>\n\t<meta property=\"og:image:height\" content=\"500\" \/>\n\t<meta property=\"og:image:type\" content=\"image\/jpeg\" \/>\n<meta name=\"twitter:card\" content=\"summary_large_image\" \/>\n<meta name=\"twitter:label1\" content=\"Est. reading time\" \/>\n\t<meta name=\"twitter:data1\" content=\"2 dakika\" \/>\n<script type=\"application\/ld+json\" class=\"yoast-schema-graph\">{\"@context\":\"https:\\\/\\\/schema.org\",\"@graph\":[{\"@type\":\"WebPage\",\"@id\":\"https:\\\/\\\/www.telaled.com\\\/fabrica\\\/painel-led-economizador-de-energia-serie-toc\\\/\",\"url\":\"https:\\\/\\\/www.telaled.com\\\/fabrica\\\/painel-led-economizador-de-energia-serie-toc\\\/\",\"name\":\"Painel LED Economizador de Energia S\u00e9rie TOC | Para Uma Solu\u00e7\u00e3o de Exibi\u00e7\u00e3o Eficiente | TELALED\",\"isPartOf\":{\"@id\":\"https:\\\/\\\/www.telaled.com\\\/#website\"},\"primaryImageOfPage\":{\"@id\":\"https:\\\/\\\/www.telaled.com\\\/fabrica\\\/painel-led-economizador-de-energia-serie-toc\\\/#primaryimage\"},\"image\":{\"@id\":\"https:\\\/\\\/www.telaled.com\\\/fabrica\\\/painel-led-economizador-de-energia-serie-toc\\\/#primaryimage\"},\"thumbnailUrl\":\"https:\\\/\\\/www.telaled.com\\\/wp-content\\\/uploads\\\/2025\\\/07\\\/Painel-LED-Economizador-de-Energia-Serie-TOC.jpg\",\"datePublished\":\"2025-07-29T01:56:28+00:00\",\"dateModified\":\"2026-01-05T01:49:24+00:00\",\"description\":\"Aumente a efici\u00eancia com os nossos pain\u00e9is LED energeticamente eficientes, concebidos para reduzir4 os custos de energia e proporcionar um ecr\u00e3 brilhante e consistente. Pe\u00e7a um or\u00e7amento agora mesmo!\",\"breadcrumb\":{\"@id\":\"https:\\\/\\\/www.telaled.com\\\/fabrica\\\/painel-led-economizador-de-energia-serie-toc\\\/#breadcrumb\"},\"inLanguage\":\"tr\",\"potentialAction\":[{\"@type\":\"ReadAction\",\"target\":[\"https:\\\/\\\/www.telaled.com\\\/fabrica\\\/painel-led-economizador-de-energia-serie-toc\\\/\"]}]},{\"@type\":\"ImageObject\",\"inLanguage\":\"tr\",\"@id\":\"https:\\\/\\\/www.telaled.com\\\/fabrica\\\/painel-led-economizador-de-energia-serie-toc\\\/#primaryimage\",\"url\":\"https:\\\/\\\/www.telaled.com\\\/wp-content\\\/uploads\\\/2025\\\/07\\\/Painel-LED-Economizador-de-Energia-Serie-TOC.jpg\",\"contentUrl\":\"https:\\\/\\\/www.telaled.com\\\/wp-content\\\/uploads\\\/2025\\\/07\\\/Painel-LED-Economizador-de-Energia-Serie-TOC.jpg\",\"width\":500,\"height\":500},{\"@type\":\"BreadcrumbList\",\"@id\":\"https:\\\/\\\/www.telaled.com\\\/fabrica\\\/painel-led-economizador-de-energia-serie-toc\\\/#breadcrumb\",\"itemListElement\":[{\"@type\":\"ListItem\",\"position\":1,\"name\":\"Home\",\"item\":\"https:\\\/\\\/www.telaled.com\\\/\"},{\"@type\":\"ListItem\",\"position\":2,\"name\":\"Produtos\",\"item\":\"https:\\\/\\\/www.telaled.com\\\/shop\\\/\"},{\"@type\":\"ListItem\",\"position\":3,\"name\":\"Painel LED Economizador de Energia S\u00e9rie TOC\"}]},{\"@type\":\"WebSite\",\"@id\":\"https:\\\/\\\/www.telaled.com\\\/#website\",\"url\":\"https:\\\/\\\/www.telaled.com\\\/\",\"name\":\"TELALED\",\"description\":\"\",\"potentialAction\":[{\"@type\":\"SearchAction\",\"target\":{\"@type\":\"EntryPoint\",\"urlTemplate\":\"https:\\\/\\\/www.telaled.com\\\/?s={search_term_string}\"},\"query-input\":{\"@type\":\"PropertyValueSpecification\",\"valueRequired\":true,\"valueName\":\"search_term_string\"}}],\"inLanguage\":\"tr\"}]}<\/script>\n<!-- \/ Yoast SEO plugin. -->","yoast_head_json":{"title":"TOC Serisi Enerji Tasarruflu LED Panel | Verimli Bir Ekran \u00c7\u00f6z\u00fcm\u00fc \u0130\u00e7in | TELALED","description":"Enerji tasarruflu LED panellerimizle verimlili\u011fi art\u0131r\u0131n; enerji maliyetlerini d\u00fc\u015f\u00fcr\u00fcn ve parlak, tutarl\u0131 bir ekran g\u00f6r\u00fcnt\u00fcs\u00fc sa\u011flay\u0131n. Hemen fiyat teklifi isteyin!","robots":{"index":"index","follow":"follow","max-snippet":"max-snippet:-1","max-image-preview":"max-image-preview:large","max-video-preview":"max-video-preview:-1"},"canonical":"https:\/\/www.telaled.com\/tr\/fabrica\/painel-led-economizador-de-energia-serie-toc\/","og_locale":"tr_TR","og_type":"article","og_title":"Painel LED Economizador de Energia S\u00e9rie TOC | Para Uma Solu\u00e7\u00e3o de Exibi\u00e7\u00e3o Eficiente | TELALED","og_description":"Aumente a efici\u00eancia com os nossos pain\u00e9is LED energeticamente eficientes, concebidos para reduzir4 os custos de energia e proporcionar um ecr\u00e3 brilhante e consistente. Pe\u00e7a um or\u00e7amento agora mesmo!","og_url":"https:\/\/www.telaled.com\/tr\/fabrica\/painel-led-economizador-de-energia-serie-toc\/","og_site_name":"TELALED","article_modified_time":"2026-01-05T01:49:24+00:00","og_image":[{"width":500,"height":500,"url":"https:\/\/www.telaled.com\/wp-content\/uploads\/2025\/07\/Painel-LED-Economizador-de-Energia-Serie-TOC.jpg","type":"image\/jpeg"}],"twitter_card":"summary_large_image","twitter_misc":{"Est. reading time":"2 dakika"},"schema":{"@context":"https:\/\/schema.org","@graph":[{"@type":"WebPage","@id":"https:\/\/www.telaled.com\/fabrica\/painel-led-economizador-de-energia-serie-toc\/","url":"https:\/\/www.telaled.com\/fabrica\/painel-led-economizador-de-energia-serie-toc\/","name":"TOC Serisi Enerji Tasarruflu LED Panel | Verimli Bir Ekran \u00c7\u00f6z\u00fcm\u00fc \u0130\u00e7in | TELALED","isPartOf":{"@id":"https:\/\/www.telaled.com\/#website"},"primaryImageOfPage":{"@id":"https:\/\/www.telaled.com\/fabrica\/painel-led-economizador-de-energia-serie-toc\/#primaryimage"},"image":{"@id":"https:\/\/www.telaled.com\/fabrica\/painel-led-economizador-de-energia-serie-toc\/#primaryimage"},"thumbnailUrl":"https:\/\/www.telaled.com\/wp-content\/uploads\/2025\/07\/Painel-LED-Economizador-de-Energia-Serie-TOC.jpg","datePublished":"2025-07-29T01:56:28+00:00","dateModified":"2026-01-05T01:49:24+00:00","description":"Enerji tasarruflu LED panellerimizle verimlili\u011fi art\u0131r\u0131n; enerji maliyetlerini d\u00fc\u015f\u00fcr\u00fcn ve parlak, tutarl\u0131 bir ekran g\u00f6r\u00fcnt\u00fcs\u00fc sa\u011flay\u0131n. Hemen fiyat teklifi isteyin!","breadcrumb":{"@id":"https:\/\/www.telaled.com\/fabrica\/painel-led-economizador-de-energia-serie-toc\/#breadcrumb"},"inLanguage":"tr","potentialAction":[{"@type":"ReadAction","target":["https:\/\/www.telaled.com\/fabrica\/painel-led-economizador-de-energia-serie-toc\/"]}]},{"@type":"ImageObject","inLanguage":"tr","@id":"https:\/\/www.telaled.com\/fabrica\/painel-led-economizador-de-energia-serie-toc\/#primaryimage","url":"https:\/\/www.telaled.com\/wp-content\/uploads\/2025\/07\/Painel-LED-Economizador-de-Energia-Serie-TOC.jpg","contentUrl":"https:\/\/www.telaled.com\/wp-content\/uploads\/2025\/07\/Painel-LED-Economizador-de-Energia-Serie-TOC.jpg","width":500,"height":500},{"@type":"BreadcrumbList","@id":"https:\/\/www.telaled.com\/fabrica\/painel-led-economizador-de-energia-serie-toc\/#breadcrumb","itemListElement":[{"@type":"ListItem","position":1,"name":"Home","item":"https:\/\/www.telaled.com\/"},{"@type":"ListItem","position":2,"name":"Produtos","item":"https:\/\/www.telaled.com\/shop\/"},{"@type":"ListItem","position":3,"name":"Painel LED Economizador de Energia S\u00e9rie TOC"}]},{"@type":"WebSite","@id":"https:\/\/www.telaled.com\/#website","url":"https:\/\/www.telaled.com\/","name":"LED Ekran","description":"","potentialAction":[{"@type":"SearchAction","target":{"@type":"EntryPoint","urlTemplate":"https:\/\/www.telaled.com\/?s={search_term_string}"},"query-input":{"@type":"PropertyValueSpecification","valueRequired":true,"valueName":"search_term_string"}}],"inLanguage":"tr"}]}},"_links":{"self":[{"href":"https:\/\/www.telaled.com\/tr\/wp-json\/wp\/v2\/product\/2777","targetHints":{"allow":["GET"]}}],"collection":[{"href":"https:\/\/www.telaled.com\/tr\/wp-json\/wp\/v2\/product"}],"about":[{"href":"https:\/\/www.telaled.com\/tr\/wp-json\/wp\/v2\/types\/product"}],"wp:featuredmedia":[{"embeddable":true,"href":"https:\/\/www.telaled.com\/tr\/wp-json\/wp\/v2\/media\/2779"}],"wp:attachment":[{"href":"https:\/\/www.telaled.com\/tr\/wp-json\/wp\/v2\/media?parent=2777"}],"wp:term":[{"taxonomy":"product_brand","embeddable":true,"href":"https:\/\/www.telaled.com\/tr\/wp-json\/wp\/v2\/product_brand?post=2777"},{"taxonomy":"product_cat","embeddable":true,"href":"https:\/\/www.telaled.com\/tr\/wp-json\/wp\/v2\/product_cat?post=2777"},{"taxonomy":"product_tag","embeddable":true,"href":"https:\/\/www.telaled.com\/tr\/wp-json\/wp\/v2\/product_tag?post=2777"}],"curies":[{"name":"wp","href":"https:\/\/api.w.org\/{rel}","templated":true}]}}