{"id":2732,"date":"2025-07-24T08:45:04","date_gmt":"2025-07-24T08:45:04","guid":{"rendered":"https:\/\/www.telaled.com\/?post_type=product&#038;p=2732"},"modified":"2026-01-03T09:12:45","modified_gmt":"2026-01-03T09:12:45","slug":"painel-de-led-outdoor-aluguel-serie-toa","status":"publish","type":"product","link":"https:\/\/www.telaled.com\/tr\/fabrica\/painel-de-led-outdoor-aluguel-serie-toa\/","title":{"rendered":"TOA D\u0131\u015f Mekan LED Panel Kiralama Serisi"},"content":{"rendered":"<div class=\"row\"  id=\"row-1404720403\">\n\n\t<div id=\"col-801671547\" class=\"col small-12 large-12\"  >\n\t\t\t\t<div class=\"col-inner\"  >\n\t\t\t\n\t\t\t\n<h2>TOA Serisi D\u0131\u015f Mekan LED Panel Kiralama Hizmetinin \u00d6zel Avantajlar\u0131<\/h2>\n<h3><strong>\u00dcst\u00fcn Dayan\u0131kl\u0131l\u0131k<\/strong><\/h3>\n<ul>\n<li>Y\u00fcksek mukavemetli d\u00f6kme al\u00fcminyumdan yap\u0131lm\u0131\u015f dayan\u0131kl\u0131 ve hafif kabinlere sahip olan bu \u00fcr\u00fcn, 500 x 500 mm boyutunda yaln\u0131zca 7,25 kg, 500 x 100 mm boyutunda ise 12,5 kg a\u011f\u0131rl\u0131\u011f\u0131ndad\u0131r. Kusursuz birle\u015fim yerleri i\u00e7in tasarlanan bu kabinler, p\u00fcr\u00fczs\u00fcz ve bo\u015fluksuz bir te\u015fhir sa\u011flar.<\/li>\n<li>LED mod\u00fclleri <a href=\"https:\/\/www.telaled.com\/tr\/led-smd\/\">SMD<\/a> 3&#039;\u00fc 1 arada cihazlar, 1.953 mm&#039;den ba\u015flayan piksel yo\u011funluklar\u0131yla canl\u0131 ve renkli g\u00f6r\u00fcnt\u00fcler sunar. <a href=\"https:\/\/www.telaled.com\/tr\/fabrica\/modulo-painel-de-led-p4-81\/\">4,81 mm<\/a>. 7680 Hz&#039;e kadar y\u00fcksek yenileme h\u0131z\u0131 sunan bu monit\u00f6rler, net ve ak\u0131c\u0131 g\u00f6r\u00fcnt\u00fcler sa\u011fl\u0131yor.<\/li>\n<\/ul>\n<h3><strong>Ola\u011fan\u00fcst\u00fc G\u00f6rsel Kalite<\/strong><\/h3>\n<ul>\n<li>3840-7680 Hz&#039;e kadar y\u00fcksek yenileme h\u0131z\u0131<\/li>\n<li>120\u00b0-160\u00b0 geni\u015f g\u00f6r\u00fc\u015f a\u00e7\u0131s\u0131<\/li>\n<\/ul>\n<h3><strong>Tam Uyarlanabilirlik<\/strong><\/h3>\n<ul>\n<li>IP65 ya\u011fmur\/toz korumas\u0131, i\u00e7 ve d\u0131\u015f mekan kullan\u0131m\u0131na uygundur (-20\u00b0C ila 50\u00b0C) -10\u00b0C ila +40\u00b0C\/14\u00b0F ila 104\u00b0F.<\/li>\n<\/ul>\n<h3><strong>Kapsaml\u0131 Destek<\/strong><\/h3>\n<ul>\n<li>7\/24 \u00e7evrimi\u00e7i uzaktan teknik destek \u2013 \u0130htiya\u00e7 duydu\u011funuz her an yard\u0131m.<\/li>\n<li>5% yedek par\u00e7a dahildir \u2013 Ek g\u00fcvenlik i\u00e7in her teslimatta fazladan par\u00e7alar da g\u00f6nderilir.<\/li>\n<li>3 y\u0131ll\u0131k uzat\u0131lm\u0131\u015f garanti: Daha fazla g\u00fcvenilirlik ve destek i\u00e7in uzun vadeli g\u00fcvencenin keyfini \u00e7\u0131kar\u0131n.<\/li>\n<\/ul>\n<h2>\u00dcr\u00fcn detaylar\u0131<\/h2>\n<div class=\"row\"  id=\"row-588112404\">\n\n\t<div id=\"col-273025036\" class=\"col medium-10 small-12 large-10\"  >\n\t\t\t\t<div class=\"col-inner text-left\"  >\n\t\t\t\n\t\t\t\n<ul>\n<li>D\u0131\u015f Mekan LED Panelleri Kiralama - TOA Serisi - Mod\u00fcl Detaylar\u0131<\/li>\n<\/ul>\n\t<div class=\"img has-hover x md-x lg-x y md-y lg-y\" id=\"image_492184238\">\n\t\t\t\t\t\t\t\t<div class=\"img-inner dark\" >\n\t\t\t<img loading=\"lazy\" decoding=\"async\" width=\"1000\" height=\"511\" src=\"https:\/\/www.telaled.com\/wp-content\/uploads\/2025\/07\/Painel-de-LED-Outdoor-Aluguel-Serie-TOA-detalhes-do-modulo.webp\" class=\"attachment-original size-original\" alt=\"Kiral\u0131k D\u0131\u015f Mekan LED Paneli - TOA Serisi - Mod\u00fcl Detaylar\u0131\" srcset=\"https:\/\/www.telaled.com\/wp-content\/uploads\/2025\/07\/Painel-de-LED-Outdoor-Aluguel-Serie-TOA-detalhes-do-modulo.webp 1000w, https:\/\/www.telaled.com\/wp-content\/uploads\/2025\/07\/Painel-de-LED-Outdoor-Aluguel-Serie-TOA-detalhes-do-modulo-300x153.webp 300w, https:\/\/www.telaled.com\/wp-content\/uploads\/2025\/07\/Painel-de-LED-Outdoor-Aluguel-Serie-TOA-detalhes-do-modulo-768x392.webp 768w, https:\/\/www.telaled.com\/wp-content\/uploads\/2025\/07\/Painel-de-LED-Outdoor-Aluguel-Serie-TOA-detalhes-do-modulo-18x9.webp 18w, https:\/\/www.telaled.com\/wp-content\/uploads\/2025\/07\/Painel-de-LED-Outdoor-Aluguel-Serie-TOA-detalhes-do-modulo-600x307.webp 600w\" sizes=\"auto, (max-width: 1000px) 100vw, 1000px\" \/>\t\t\t\t\t\t\n\t\t\t\t\t<\/div>\n\t\t\t\t\t\t\t\t\n<style>\n#image_492184238 {\n  width: 95%;\n}\n<\/style>\n\t<\/div>\n\t\n\t\t<\/div>\n\t\t\t\t\t<\/div>\n\n\t\n\n\t<div id=\"col-473476026\" class=\"col medium-10 small-12 large-10\"  >\n\t\t\t\t<div class=\"col-inner text-left\"  >\n\t\t\t\n\t\t\t\n<ul>\n<li><strong>D\u0131\u015f mekan LED panellerinin kiralama hizmeti - TOA Serisi - Kabin yap\u0131s\u0131:<\/strong> Hafif ve dayan\u0131kl\u0131 al\u00fcminyum tasar\u0131m\u0131, h\u0131zl\u0131 kurulum ve kusursuz bir birle\u015fim sa\u011flar. G\u00fc\u00e7l\u00fc, sa\u011flam ve verimlilik i\u00e7in \u00fcretilmi\u015ftir.<\/li>\n<\/ul>\n\t<div class=\"img has-hover x md-x lg-x y md-y lg-y\" id=\"image_2130311764\">\n\t\t\t\t\t\t\t\t<div class=\"img-inner dark\" >\n\t\t\t<img loading=\"lazy\" decoding=\"async\" width=\"800\" height=\"557\" src=\"https:\/\/www.telaled.com\/wp-content\/uploads\/2025\/07\/Estrutura-do-gabinete.webp\" class=\"attachment-large size-large\" alt=\"Dolap yap\u0131s\u0131\" srcset=\"https:\/\/www.telaled.com\/wp-content\/uploads\/2025\/07\/Estrutura-do-gabinete.webp 800w, https:\/\/www.telaled.com\/wp-content\/uploads\/2025\/07\/Estrutura-do-gabinete-300x209.webp 300w, https:\/\/www.telaled.com\/wp-content\/uploads\/2025\/07\/Estrutura-do-gabinete-768x535.webp 768w, https:\/\/www.telaled.com\/wp-content\/uploads\/2025\/07\/Estrutura-do-gabinete-18x12.webp 18w, https:\/\/www.telaled.com\/wp-content\/uploads\/2025\/07\/Estrutura-do-gabinete-600x418.webp 600w\" sizes=\"auto, (max-width: 800px) 100vw, 800px\" \/>\t\t\t\t\t\t\n\t\t\t\t\t<\/div>\n\t\t\t\t\t\t\t\t\n<style>\n#image_2130311764 {\n  width: 95%;\n}\n<\/style>\n\t<\/div>\n\t\n<ul>\n<li>\u00d6n ve arka bak\u0131m se\u00e7enekleri sunarak, onar\u0131m ve de\u011fi\u015fimlere kolay eri\u015fim sa\u011flayan bu \u00fcr\u00fcn, verimli bak\u0131m ve uzun vadeli g\u00fcvenilirlik sa\u011flar.<\/li>\n<\/ul>\n\t<div class=\"img has-hover x md-x lg-x y md-y lg-y\" id=\"image_897217887\">\n\t\t\t\t\t\t\t\t<div class=\"img-inner dark\" >\n\t\t\t<img loading=\"lazy\" decoding=\"async\" width=\"520\" height=\"293\" src=\"https:\/\/www.telaled.com\/wp-content\/uploads\/2025\/07\/Manutencao-dianteira-e-traseira.webp\" class=\"attachment-large size-large\" alt=\"\u00d6n ve arka bak\u0131m\" srcset=\"https:\/\/www.telaled.com\/wp-content\/uploads\/2025\/07\/Manutencao-dianteira-e-traseira.webp 520w, https:\/\/www.telaled.com\/wp-content\/uploads\/2025\/07\/Manutencao-dianteira-e-traseira-300x169.webp 300w, https:\/\/www.telaled.com\/wp-content\/uploads\/2025\/07\/Manutencao-dianteira-e-traseira-18x10.webp 18w\" sizes=\"auto, (max-width: 520px) 100vw, 520px\" \/>\t\t\t\t\t\t\n\t\t\t\t\t<\/div>\n\t\t\t\t\t\t\t\t\n<style>\n#image_897217887 {\n  width: 95%;\n}\n<\/style>\n\t<\/div>\n\t\n\t\t<\/div>\n\t\t\t\t\t<\/div>\n\n\t\n\n\t<div id=\"col-411714511\" class=\"col medium-10 small-12 large-10\"  >\n\t\t\t\t<div class=\"col-inner text-left\"  >\n\t\t\t\n\t\t\t\n<ul>\n<li>LED ekranlar, t\u00fcrlerine ve kullan\u0131m ama\u00e7lar\u0131na g\u00f6re paketlenir. Komple ekranlar, daha iyi destek i\u00e7in ah\u015fap kasalara yerle\u015ftirilir. LED mod\u00fclleri karton kutularda sevk edilir. Kiral\u0131k ekranlar farkl\u0131 \u015fekilde ele al\u0131n\u0131r; hava kargo kasalar\u0131na paketlenirler. Baz\u0131 \u00fcr\u00fcnler basit kasalara yerle\u015ftirilir, ancak ek koruma i\u00e7in ah\u015fap \u00e7er\u00e7evelerle g\u00fc\u00e7lendirilir.<\/li>\n<\/ul>\n\t<div class=\"img has-hover x md-x lg-x y md-y lg-y\" id=\"image_194148363\">\n\t\t\t\t\t\t\t\t<div class=\"img-inner dark\" >\n\t\t\t<img loading=\"lazy\" decoding=\"async\" width=\"760\" height=\"1024\" src=\"https:\/\/www.telaled.com\/wp-content\/uploads\/2025\/06\/Embalagem-760x1024.webp\" class=\"attachment-large size-large\" alt=\"Ambalajlama\" srcset=\"https:\/\/www.telaled.com\/wp-content\/uploads\/2025\/06\/Embalagem-760x1024.webp 760w, https:\/\/www.telaled.com\/wp-content\/uploads\/2025\/06\/Embalagem-223x300.webp 223w, https:\/\/www.telaled.com\/wp-content\/uploads\/2025\/06\/Embalagem-768x1035.webp 768w, https:\/\/www.telaled.com\/wp-content\/uploads\/2025\/06\/Embalagem-9x12.webp 9w, https:\/\/www.telaled.com\/wp-content\/uploads\/2025\/06\/Embalagem-600x808.webp 600w, https:\/\/www.telaled.com\/wp-content\/uploads\/2025\/06\/Embalagem.webp 795w\" sizes=\"auto, (max-width: 760px) 100vw, 760px\" \/>\t\t\t\t\t\t\n\t\t\t\t\t<\/div>\n\t\t\t\t\t\t\t\t\n<style>\n#image_194148363 {\n  width: 95%;\n}\n<\/style>\n\t<\/div>\n\t\n\t\t<\/div>\n\t\t\t\t\t<\/div>\n\n\t\n<\/div>\n\t\t<\/div>\n\t\t\t\t\t<\/div>\n\n\t\n\n\t<div id=\"col-1553018852\" class=\"col small-12 large-12\"  >\n\t\t\t\t<div class=\"col-inner\"  >\n\t\t\t\n\t\t\t\n<div class=\"row\"  id=\"row-222573005\">\n\n\t<div id=\"col-1161668395\" class=\"col medium-10 small-12 large-10\"  >\n\t\t\t\t<div class=\"col-inner\"  >\n\t\t\t\n\t\t\t\n\n<table id=\"tablepress-46\" class=\"tablepress tablepress-id-46\">\n<thead>\n<tr class=\"row-1\">\n\t<th class=\"column-1\">Model<\/th><th class=\"column-2\">TOA - 1.953<\/th><th class=\"column-3\">TOA - 2.604<\/th><th class=\"column-4\">TOA - 2.976<\/th><th class=\"column-5\">TOA - 3,91 mm<\/th>\n<\/tr>\n<\/thead>\n<tbody class=\"row-striping row-hover\">\n<tr class=\"row-2\">\n\t<td class=\"column-1\">Kasa ba\u015f\u0131na piksel <\/td><td class=\"column-2\">P1.953mm<\/td><td class=\"column-3\">P2.604mm<\/td><td class=\"column-4\">P2.976mm<\/td><td class=\"column-5\">P3.91mm<\/td>\n<\/tr>\n<tr class=\"row-3\">\n\t<td class=\"column-1\">Pikseller aras\u0131 mesafe (500*500 mm)<\/td><td class=\"column-2\">256\u00d7256 (HxV)<\/td><td class=\"column-3\">192\u00d7192 (YxD)<\/td><td class=\"column-4\">168\u00d7168 (HxV)<\/td><td class=\"column-5\">128\u00d7128 (YxD)<\/td>\n<\/tr>\n<tr class=\"row-4\">\n\t<td class=\"column-1\">Kabin ba\u015f\u0131na piksel say\u0131s\u0131 (500*1000 mm)<\/td><td class=\"column-2\">256\u00d7512 (HxV)<\/td><td class=\"column-3\">192\u00d7384 (HxV)<\/td><td class=\"column-4\">168\u00d7336 (HxV)<\/td><td class=\"column-5\">128\u00d7256 (YxD)<\/td>\n<\/tr>\n<tr class=\"row-5\">\n\t<td class=\"column-1\">LED \u00f6mr\u00fc<\/td><td class=\"column-2\">100.000 saat<\/td><td class=\"column-3\">100.000 saat<\/td><td class=\"column-4\">100.000 saat<\/td><td class=\"column-5\">100.000 saat<\/td>\n<\/tr>\n<tr class=\"row-6\">\n\t<td class=\"column-1\">Mod\u00fcl boyutu<\/td><td class=\"column-2\">250*250 mm<\/td><td class=\"column-3\">250*250 mm<\/td><td class=\"column-4\">250*250 mm<\/td><td class=\"column-5\">250*250 mm<\/td>\n<\/tr>\n<tr class=\"row-7\">\n\t<td class=\"column-1\">Mod\u00fcl \u00e7\u00f6z\u00fcn\u00fcrl\u00fc\u011f\u00fc<\/td><td class=\"column-2\">128*128 nokta<\/td><td class=\"column-3\">96*96 nokta<\/td><td class=\"column-4\">84*84 nokta<\/td><td class=\"column-5\">64*64 nokta<\/td>\n<\/tr>\n<tr class=\"row-8\">\n\t<td class=\"column-1\">Mod\u00fcl \u00e7\u00f6z\u00fcn\u00fcrl\u00fc\u011f\u00fc<\/td><td class=\"column-2\">\u22654500<\/td><td class=\"column-3\">\u22654500<\/td><td class=\"column-4\">\u22654500<\/td><td class=\"column-5\">\u22654500<\/td>\n<\/tr>\n<tr class=\"row-9\">\n\t<td class=\"column-1\">Yenileme h\u0131z\u0131<\/td><td class=\"column-2\">3840-7680Hz<\/td><td class=\"column-3\">3840-7680Hz<\/td><td class=\"column-4\">3840-7680Hz<\/td><td class=\"column-5\">3840-7680Hz<\/td>\n<\/tr>\n<tr class=\"row-10\">\n\t<td class=\"column-1\">Yatay g\u00f6r\u00fc\u015f a\u00e7\u0131s\u0131<\/td><td class=\"column-2\">140\u00b0 +\/-5\u00b0 (@50% parlakl\u0131k)<\/td><td class=\"column-3\">140\u00b0 +\/-5\u00b0 (@50% parlakl\u0131k)<\/td><td class=\"column-4\">140\u00b0 +\/-5\u00b0 (@50% parlakl\u0131k)<\/td><td class=\"column-5\">140\u00b0 +\/-5\u00b0 (@50% parlakl\u0131k)<\/td>\n<\/tr>\n<tr class=\"row-11\">\n\t<td class=\"column-1\">Dikey g\u00f6r\u00fc\u015f a\u00e7\u0131s\u0131<\/td><td class=\"column-2\">140\u00b0 +\/-5\u00b0 (@50% parlakl\u0131k)<\/td><td class=\"column-3\">140\u00b0 +\/-5\u00b0 (@50% parlakl\u0131k)<\/td><td class=\"column-4\">140\u00b0 +\/-5\u00b0 (@50% parlakl\u0131k)<\/td><td class=\"column-5\">140\u00b0 +\/-5\u00b0 (@50% parlakl\u0131k)<\/td>\n<\/tr>\n<tr class=\"row-12\">\n\t<td class=\"column-1\">Gri seviye<\/td><td class=\"column-2\">14 bit<\/td><td class=\"column-3\">14 bit<\/td><td class=\"column-4\">14 bit<\/td><td class=\"column-5\">14 bit<\/td>\n<\/tr>\n<tr class=\"row-13\">\n\t<td class=\"column-1\">Maksimum enerji t\u00fcketimi<\/td><td class=\"column-2\">200 W\/m\u00b2<\/td><td class=\"column-3\">200 W\/m\u00b2<\/td><td class=\"column-4\">225 W\/m\u00b2<\/td><td class=\"column-5\">\t<br \/>\n225 W\/m\u00b2<\/td>\n<\/tr>\n<tr class=\"row-14\">\n\t<td class=\"column-1\">\u00c7al\u0131\u015fma besleme gerilimi<\/td><td class=\"column-2\">400 W\/m\u00b2<\/td><td class=\"column-3\">400 W\/m\u00b2<\/td><td class=\"column-4\">450 W\/m\u00b2<\/td><td class=\"column-5\">450 W\/m\u00b2<\/td>\n<\/tr>\n<tr class=\"row-15\">\n\t<td class=\"column-1\">\u00c7al\u0131\u015fma s\u0131cakl\u0131\u011f\u0131<\/td><td class=\"column-2\">-10\u00b0C ila +40\u00b0C \/ 14\u00b0F ila 104\u00b0F<\/td><td class=\"column-3\">-10\u00b0C ila +40\u00b0C \/ 14\u00b0F ila 104\u00b0F<\/td><td class=\"column-4\">-10\u00b0C ila +40\u00b0C \/ 14\u00b0F ila 104\u00b0F<\/td><td class=\"column-5\">-10\u00b0C ila +40\u00b0C \/ 14\u00b0F ila 104\u00b0F<\/td>\n<\/tr>\n<tr class=\"row-16\">\n\t<td class=\"column-1\">\u00c7al\u0131\u015fma nemi<\/td><td class=\"column-2\">10-80%<\/td><td class=\"column-3\">10-80%<\/td><td class=\"column-4\">10-80%<\/td><td class=\"column-5\">10-80%<\/td>\n<\/tr>\n<tr class=\"row-17\">\n\t<td class=\"column-1\">IP Derecelendirmesi<\/td><td class=\"column-2\">IP65<\/td><td class=\"column-3\">IP65<\/td><td class=\"column-4\">IP65<\/td><td class=\"column-5\">IP65<\/td>\n<\/tr>\n<tr class=\"row-18\">\n\t<td class=\"column-1\">Boyutlar<\/td><td class=\"column-2\">7,25 kg (500 x 500 mm kabin) \/ 12,5 kg (500 x 1000 mm kabin)<\/td><td class=\"column-3\">7,25 kg (500 x 500 mm kabin) \/ 12,5 kg (500 x 1000 mm kabin)<\/td><td class=\"column-4\">7,25 kg (500 x 500 mm kabin) \/ 12,5 kg (500 x 1000 mm kabin)<\/td><td class=\"column-5\">7,25 kg (500 x 500 mm kabin) \/ 12,5 kg (500 x 1000 mm kabin)<\/td>\n<\/tr>\n<\/tbody>\n<\/table>\n<!-- #tablepress-46 from cache -->\n\t\t<\/div>\n\t\t\t\t\t<\/div>\n\n\t\n<\/div>\n\t\t<\/div>\n\t\t\t\t\t<\/div>\n\n\t\n<\/div>","protected":false},"excerpt":{"rendered":"<p><strong>D\u0131\u015f mekan kullan\u0131m\u0131 i\u00e7in LED panel kiralama - TOA Serisi: M\u00fckemmel Etkinlikler i\u00e7in Hafif Paneller<\/strong><\/p>\n<p><strong><em>D\u0131\u015f Mekan LED Panel Kiralama - TOA Serisi<\/em><\/strong> Zarif tasar\u0131m\u0131, bak\u0131m i\u00e7in \u00e7ift eri\u015fim noktas\u0131 ve net g\u00f6r\u00fcnt\u00fcleri bir araya getiriyor. \u0130\u00e7 ve d\u0131\u015f mekan kullan\u0131m\u0131 i\u00e7in \u00e7e\u015fitli piksel boyutlar\u0131nda mevcuttur. H\u0131zl\u0131 kurulum, dayan\u0131kl\u0131l\u0131k ve performans i\u00e7in tasarlanm\u0131\u015ft\u0131r.<\/p>\n<p><strong>Ba\u015fl\u0131ca \u00f6zellikler:<\/strong><\/p>\n<ul>\n<li><strong>M\u00fckemmel de\u011fi\u015fiklik:<\/strong> Y\u00fcksek hassasiyetli al\u00fcminyum \u00e7er\u00e7eve, p\u00fcr\u00fczs\u00fcz ve bo\u015fluksuz ekranlar sa\u011flar.<\/li>\n<li><strong>Y\u00fcksek yenileme h\u0131z\u0131 ve parlakl\u0131k:<\/strong> Net ve titre\u015fimsiz g\u00f6r\u00fcnt\u00fcler i\u00e7in 7860 Hz&#039;e kadar yenileme h\u0131z\u0131 ve 800 nit parlakl\u0131k.<\/li>\n<li><strong>\u00d6n ve arka bak\u0131m:<\/strong> H\u0131zl\u0131 eri\u015fim sa\u011flayan manyetik paneller zaman kazand\u0131r\u0131r ve i\u015f g\u00fcc\u00fcn\u00fc azalt\u0131r.<\/li>\n<\/ul>\n<p>Dolaplar\u0131n a\u011f\u0131rl\u0131\u011f\u0131 sadece 7,25 kg (500 x 500 mm) veya 12,5 kg (500 x 1000 mm) olup, bu da ta\u015f\u0131ma ve kurulumu daha h\u0131zl\u0131 ve ekonomik hale getirir.<\/p>\n<p>7\/24 \u00e7evrimi\u00e7i uzaktan destek ve 3 y\u0131l garanti dahildir. Ki\u015fiselle\u015ftirilmi\u015f fiyat teklifi i\u00e7in hemen bizimle ileti\u015fime ge\u00e7in.<\/p>","protected":false},"featured_media":2733,"template":"","meta":[],"product_brand":[],"product_cat":[50,40],"product_tag":[],"class_list":{"0":"post-2732","1":"product","2":"type-product","3":"status-publish","4":"has-post-thumbnail","6":"product_cat-aluguel-de-painel-de-led","7":"product_cat-painel-de-led","9":"first","10":"instock","11":"shipping-taxable","12":"product-type-simple"},"yoast_head":"<!-- This site is optimized with the Yoast SEO plugin v27.4 - https:\/\/yoast.com\/product\/yoast-seo-wordpress\/ -->\n<title>Painel de LED Outdoor Aluguel S\u00e9rie TOA | Para Eventos, Publicidade e Shows ao Vivo | TELALED<\/title>\n<meta name=\"description\" content=\"Alugue pain\u00e9is LED de alta luminosidade para exteriores para concertos, outdoors, eventos esportivos e campanhas de marketing. \u00c0 prova de intemp\u00e9ries, f\u00e1ceis de instalar e dispon\u00edveis em v\u00e1rios tamanhos de pixel.\" \/>\n<meta name=\"robots\" content=\"index, follow, max-snippet:-1, max-image-preview:large, max-video-preview:-1\" \/>\n<link rel=\"canonical\" href=\"https:\/\/www.telaled.com\/tr\/fabrica\/painel-de-led-outdoor-aluguel-serie-toa\/\" \/>\n<meta property=\"og:locale\" content=\"tr_TR\" \/>\n<meta property=\"og:type\" content=\"article\" \/>\n<meta property=\"og:title\" content=\"Painel de LED Outdoor Aluguel S\u00e9rie TOA | Para Eventos, Publicidade e Shows ao Vivo | TELALED\" \/>\n<meta property=\"og:description\" content=\"Alugue pain\u00e9is LED de alta luminosidade para exteriores para concertos, outdoors, eventos esportivos e campanhas de marketing. \u00c0 prova de intemp\u00e9ries, f\u00e1ceis de instalar e dispon\u00edveis em v\u00e1rios tamanhos de pixel.\" \/>\n<meta property=\"og:url\" content=\"https:\/\/www.telaled.com\/tr\/fabrica\/painel-de-led-outdoor-aluguel-serie-toa\/\" \/>\n<meta property=\"og:site_name\" content=\"TELALED\" \/>\n<meta property=\"article:modified_time\" content=\"2026-01-03T09:12:45+00:00\" \/>\n<meta property=\"og:image\" content=\"https:\/\/www.telaled.com\/wp-content\/uploads\/2025\/07\/painel-de-led-outdoor-aluguel.webp\" \/>\n\t<meta property=\"og:image:width\" content=\"500\" \/>\n\t<meta property=\"og:image:height\" content=\"500\" \/>\n\t<meta property=\"og:image:type\" content=\"image\/webp\" \/>\n<meta name=\"twitter:card\" content=\"summary_large_image\" \/>\n<meta name=\"twitter:label1\" content=\"Est. reading time\" \/>\n\t<meta name=\"twitter:data1\" content=\"3 dakika\" \/>\n<script type=\"application\/ld+json\" class=\"yoast-schema-graph\">{\"@context\":\"https:\\\/\\\/schema.org\",\"@graph\":[{\"@type\":\"WebPage\",\"@id\":\"https:\\\/\\\/www.telaled.com\\\/fabrica\\\/painel-de-led-outdoor-aluguel-serie-toa\\\/\",\"url\":\"https:\\\/\\\/www.telaled.com\\\/fabrica\\\/painel-de-led-outdoor-aluguel-serie-toa\\\/\",\"name\":\"Painel de LED Outdoor Aluguel S\u00e9rie TOA | Para Eventos, Publicidade e Shows ao Vivo | TELALED\",\"isPartOf\":{\"@id\":\"https:\\\/\\\/www.telaled.com\\\/#website\"},\"primaryImageOfPage\":{\"@id\":\"https:\\\/\\\/www.telaled.com\\\/fabrica\\\/painel-de-led-outdoor-aluguel-serie-toa\\\/#primaryimage\"},\"image\":{\"@id\":\"https:\\\/\\\/www.telaled.com\\\/fabrica\\\/painel-de-led-outdoor-aluguel-serie-toa\\\/#primaryimage\"},\"thumbnailUrl\":\"https:\\\/\\\/www.telaled.com\\\/wp-content\\\/uploads\\\/2025\\\/07\\\/painel-de-led-outdoor-aluguel.webp\",\"datePublished\":\"2025-07-24T08:45:04+00:00\",\"dateModified\":\"2026-01-03T09:12:45+00:00\",\"description\":\"Alugue pain\u00e9is LED de alta luminosidade para exteriores para concertos, outdoors, eventos esportivos e campanhas de marketing. \u00c0 prova de intemp\u00e9ries, f\u00e1ceis de instalar e dispon\u00edveis em v\u00e1rios tamanhos de pixel.\",\"breadcrumb\":{\"@id\":\"https:\\\/\\\/www.telaled.com\\\/fabrica\\\/painel-de-led-outdoor-aluguel-serie-toa\\\/#breadcrumb\"},\"inLanguage\":\"tr\",\"potentialAction\":[{\"@type\":\"ReadAction\",\"target\":[\"https:\\\/\\\/www.telaled.com\\\/fabrica\\\/painel-de-led-outdoor-aluguel-serie-toa\\\/\"]}]},{\"@type\":\"ImageObject\",\"inLanguage\":\"tr\",\"@id\":\"https:\\\/\\\/www.telaled.com\\\/fabrica\\\/painel-de-led-outdoor-aluguel-serie-toa\\\/#primaryimage\",\"url\":\"https:\\\/\\\/www.telaled.com\\\/wp-content\\\/uploads\\\/2025\\\/07\\\/painel-de-led-outdoor-aluguel.webp\",\"contentUrl\":\"https:\\\/\\\/www.telaled.com\\\/wp-content\\\/uploads\\\/2025\\\/07\\\/painel-de-led-outdoor-aluguel.webp\",\"width\":500,\"height\":500,\"caption\":\"painel-de-led-outdoor-aluguel\"},{\"@type\":\"BreadcrumbList\",\"@id\":\"https:\\\/\\\/www.telaled.com\\\/fabrica\\\/painel-de-led-outdoor-aluguel-serie-toa\\\/#breadcrumb\",\"itemListElement\":[{\"@type\":\"ListItem\",\"position\":1,\"name\":\"Home\",\"item\":\"https:\\\/\\\/www.telaled.com\\\/\"},{\"@type\":\"ListItem\",\"position\":2,\"name\":\"Produtos\",\"item\":\"https:\\\/\\\/www.telaled.com\\\/shop\\\/\"},{\"@type\":\"ListItem\",\"position\":3,\"name\":\"Painel de LED Outdoor Aluguel S\u00e9rie TOA\"}]},{\"@type\":\"WebSite\",\"@id\":\"https:\\\/\\\/www.telaled.com\\\/#website\",\"url\":\"https:\\\/\\\/www.telaled.com\\\/\",\"name\":\"TELALED\",\"description\":\"\",\"potentialAction\":[{\"@type\":\"SearchAction\",\"target\":{\"@type\":\"EntryPoint\",\"urlTemplate\":\"https:\\\/\\\/www.telaled.com\\\/?s={search_term_string}\"},\"query-input\":{\"@type\":\"PropertyValueSpecification\",\"valueRequired\":true,\"valueName\":\"search_term_string\"}}],\"inLanguage\":\"tr\"}]}<\/script>\n<!-- \/ Yoast SEO plugin. -->","yoast_head_json":{"title":"TOA Serisi D\u0131\u015f Mekan LED Panel Kiralama | Etkinlikler, Reklam ve Canl\u0131 G\u00f6steriler \u0130\u00e7in | TELALED","description":"Konserler, reklam panolar\u0131, spor etkinlikleri ve pazarlama kampanyalar\u0131 i\u00e7in y\u00fcksek parlakl\u0131kta d\u0131\u015f mekan LED panelleri kiralay\u0131n. Hava ko\u015fullar\u0131na dayan\u0131kl\u0131, kurulumu kolay ve \u00e7e\u015fitli piksel boyutlar\u0131nda mevcuttur.","robots":{"index":"index","follow":"follow","max-snippet":"max-snippet:-1","max-image-preview":"max-image-preview:large","max-video-preview":"max-video-preview:-1"},"canonical":"https:\/\/www.telaled.com\/tr\/fabrica\/painel-de-led-outdoor-aluguel-serie-toa\/","og_locale":"tr_TR","og_type":"article","og_title":"Painel de LED Outdoor Aluguel S\u00e9rie TOA | Para Eventos, Publicidade e Shows ao Vivo | TELALED","og_description":"Alugue pain\u00e9is LED de alta luminosidade para exteriores para concertos, outdoors, eventos esportivos e campanhas de marketing. \u00c0 prova de intemp\u00e9ries, f\u00e1ceis de instalar e dispon\u00edveis em v\u00e1rios tamanhos de pixel.","og_url":"https:\/\/www.telaled.com\/tr\/fabrica\/painel-de-led-outdoor-aluguel-serie-toa\/","og_site_name":"TELALED","article_modified_time":"2026-01-03T09:12:45+00:00","og_image":[{"width":500,"height":500,"url":"https:\/\/www.telaled.com\/wp-content\/uploads\/2025\/07\/painel-de-led-outdoor-aluguel.webp","type":"image\/webp"}],"twitter_card":"summary_large_image","twitter_misc":{"Est. reading time":"3 dakika"},"schema":{"@context":"https:\/\/schema.org","@graph":[{"@type":"WebPage","@id":"https:\/\/www.telaled.com\/fabrica\/painel-de-led-outdoor-aluguel-serie-toa\/","url":"https:\/\/www.telaled.com\/fabrica\/painel-de-led-outdoor-aluguel-serie-toa\/","name":"TOA Serisi D\u0131\u015f Mekan LED Panel Kiralama | Etkinlikler, Reklam ve Canl\u0131 G\u00f6steriler \u0130\u00e7in | TELALED","isPartOf":{"@id":"https:\/\/www.telaled.com\/#website"},"primaryImageOfPage":{"@id":"https:\/\/www.telaled.com\/fabrica\/painel-de-led-outdoor-aluguel-serie-toa\/#primaryimage"},"image":{"@id":"https:\/\/www.telaled.com\/fabrica\/painel-de-led-outdoor-aluguel-serie-toa\/#primaryimage"},"thumbnailUrl":"https:\/\/www.telaled.com\/wp-content\/uploads\/2025\/07\/painel-de-led-outdoor-aluguel.webp","datePublished":"2025-07-24T08:45:04+00:00","dateModified":"2026-01-03T09:12:45+00:00","description":"Konserler, reklam panolar\u0131, spor etkinlikleri ve pazarlama kampanyalar\u0131 i\u00e7in y\u00fcksek parlakl\u0131kta d\u0131\u015f mekan LED panelleri kiralay\u0131n. Hava ko\u015fullar\u0131na dayan\u0131kl\u0131, kurulumu kolay ve \u00e7e\u015fitli piksel boyutlar\u0131nda mevcuttur.","breadcrumb":{"@id":"https:\/\/www.telaled.com\/fabrica\/painel-de-led-outdoor-aluguel-serie-toa\/#breadcrumb"},"inLanguage":"tr","potentialAction":[{"@type":"ReadAction","target":["https:\/\/www.telaled.com\/fabrica\/painel-de-led-outdoor-aluguel-serie-toa\/"]}]},{"@type":"ImageObject","inLanguage":"tr","@id":"https:\/\/www.telaled.com\/fabrica\/painel-de-led-outdoor-aluguel-serie-toa\/#primaryimage","url":"https:\/\/www.telaled.com\/wp-content\/uploads\/2025\/07\/painel-de-led-outdoor-aluguel.webp","contentUrl":"https:\/\/www.telaled.com\/wp-content\/uploads\/2025\/07\/painel-de-led-outdoor-aluguel.webp","width":500,"height":500,"caption":"painel-de-led-outdoor-aluguel"},{"@type":"BreadcrumbList","@id":"https:\/\/www.telaled.com\/fabrica\/painel-de-led-outdoor-aluguel-serie-toa\/#breadcrumb","itemListElement":[{"@type":"ListItem","position":1,"name":"Home","item":"https:\/\/www.telaled.com\/"},{"@type":"ListItem","position":2,"name":"Produtos","item":"https:\/\/www.telaled.com\/shop\/"},{"@type":"ListItem","position":3,"name":"Painel de LED Outdoor Aluguel S\u00e9rie TOA"}]},{"@type":"WebSite","@id":"https:\/\/www.telaled.com\/#website","url":"https:\/\/www.telaled.com\/","name":"LED Ekran","description":"","potentialAction":[{"@type":"SearchAction","target":{"@type":"EntryPoint","urlTemplate":"https:\/\/www.telaled.com\/?s={search_term_string}"},"query-input":{"@type":"PropertyValueSpecification","valueRequired":true,"valueName":"search_term_string"}}],"inLanguage":"tr"}]}},"_links":{"self":[{"href":"https:\/\/www.telaled.com\/tr\/wp-json\/wp\/v2\/product\/2732","targetHints":{"allow":["GET"]}}],"collection":[{"href":"https:\/\/www.telaled.com\/tr\/wp-json\/wp\/v2\/product"}],"about":[{"href":"https:\/\/www.telaled.com\/tr\/wp-json\/wp\/v2\/types\/product"}],"wp:featuredmedia":[{"embeddable":true,"href":"https:\/\/www.telaled.com\/tr\/wp-json\/wp\/v2\/media\/2733"}],"wp:attachment":[{"href":"https:\/\/www.telaled.com\/tr\/wp-json\/wp\/v2\/media?parent=2732"}],"wp:term":[{"taxonomy":"product_brand","embeddable":true,"href":"https:\/\/www.telaled.com\/tr\/wp-json\/wp\/v2\/product_brand?post=2732"},{"taxonomy":"product_cat","embeddable":true,"href":"https:\/\/www.telaled.com\/tr\/wp-json\/wp\/v2\/product_cat?post=2732"},{"taxonomy":"product_tag","embeddable":true,"href":"https:\/\/www.telaled.com\/tr\/wp-json\/wp\/v2\/product_tag?post=2732"}],"curies":[{"name":"wp","href":"https:\/\/api.w.org\/{rel}","templated":true}]}}