{"id":2717,"date":"2025-07-23T07:41:55","date_gmt":"2025-07-23T07:41:55","guid":{"rendered":"https:\/\/www.telaled.com\/?post_type=product&#038;p=2717"},"modified":"2026-01-03T08:52:48","modified_gmt":"2026-01-03T08:52:48","slug":"piso-de-led-interativo-serie-tri","status":"publish","type":"product","link":"https:\/\/www.telaled.com\/tr\/fabrica\/piso-de-led-interativo-serie-tri\/","title":{"rendered":"\u0130nteraktif LED Zemin TRI Serisi"},"content":{"rendered":"<div class=\"row\"  id=\"row-862640960\">\n\n\t<div id=\"col-1678997123\" class=\"col small-12 large-12\"  >\n\t\t\t\t<div class=\"col-inner\"  >\n\t\t\t\n\t\t\t\n<h2>TRI serisi interaktif LED zeminlerin sundu\u011fu \u00f6zel avantajlar.<\/h2>\n<h3><strong>\u00dcst\u00fcn Dayan\u0131kl\u0131l\u0131k<\/strong><\/h3>\n<ul>\n<li>Kabin, dayan\u0131kl\u0131l\u0131\u011f\u0131 ve hafifli\u011fi art\u0131rmak i\u00e7in al\u00fcminyum ala\u015f\u0131mdan \u00fcretilmi\u015ftir ve korozyona ve darbelere kar\u015f\u0131 diren\u00e7lidir. Ayr\u0131ca, uzun s\u00fcreli kullan\u0131m i\u00e7in \u00e7izilmelere, solmaya ve zorlu ko\u015fullara kar\u015f\u0131 diren\u00e7 sa\u011flayan toz boya kaplamas\u0131yla korunmaktad\u0131r. Y\u00fcksek mukavemetli PC maskeleri ve darbeye dayan\u0131kl\u0131 metal kasaya sahiptir. 2 tona kadar y\u00fck ta\u015f\u0131ma kapasitesine sahiptir.<\/li>\n<li>LED mod\u00fcl\u00fc LED&#039;ler kullan\u0131r. <a href=\"https:\/\/www.telaled.com\/tr\/led-smd\/\">SMD<\/a> Canl\u0131 g\u00f6rseller ve y\u00fcksek enerji verimlili\u011fi sunmak i\u00e7in. M\u00fckemmel renk \u00fcretimiyle net, parlak ve keskin g\u00f6r\u00fcnt\u00fcler sa\u011flar. Verimli \u0131s\u0131 da\u011f\u0131l\u0131m\u0131 i\u00e7in bak\u0131r tabanl\u0131 PCB&#039;lerle tasarlanm\u0131\u015ft\u0131r, a\u015f\u0131r\u0131 \u0131s\u0131nmay\u0131 \u00f6nler.<\/li>\n<\/ul>\n<h3><strong>Ola\u011fan\u00fcst\u00fc G\u00f6rsel Kalite<\/strong><\/h3>\n<ul>\n<li>1920-3840 Hz&#039;e kadar y\u00fcksek yenileme h\u0131z\u0131<\/li>\n<li>Geni\u015f 120\u00b0 g\u00f6r\u00fc\u015f a\u00e7\u0131s\u0131<\/li>\n<\/ul>\n<h3><strong>Tam Uyarlanabilirlik<\/strong><\/h3>\n<ul>\n<li>IP65 koruma s\u0131n\u0131f\u0131 sayesinde i\u00e7 ve d\u0131\u015f mekanlarda ya\u011fmur ve toza kar\u015f\u0131 dayan\u0131kl\u0131d\u0131r (-20\u00b0C ila 50\u00b0C).<\/li>\n<\/ul>\n<h3><strong>Kapsaml\u0131 Destek<\/strong><\/h3>\n<ul>\n<li>7\/24 \u00e7evrimi\u00e7i uzaktan teknik destek \u2013 \u0130htiya\u00e7 duydu\u011funuz her an yard\u0131m.<\/li>\n<li>5% yedek par\u00e7a dahildir \u2013 Ek g\u00fcvenlik i\u00e7in her teslimatta fazladan par\u00e7alar da g\u00f6nderilir.<\/li>\n<li>3 y\u0131ll\u0131k uzat\u0131lm\u0131\u015f garanti.<\/li>\n<\/ul>\n<h2>\u00dcr\u00fcn detaylar\u0131<\/h2>\n<div class=\"row\"  id=\"row-1674286626\">\n\n\t<div id=\"col-1980105832\" class=\"col medium-10 small-12 large-10\"  >\n\t\t\t\t<div class=\"col-inner text-left\"  >\n\t\t\t\n\t\t\t\n<ul>\n<li>Teknik \u00d6zellikler <a href=\"https:\/\/www.telaled.com\/tr\/parede-interativa\/\">etkile\u015fimli LED zemin<\/a><\/li>\n<\/ul>\n\t<div class=\"img has-hover x md-x lg-x y md-y lg-y\" id=\"image_2137735146\">\n\t\t\t\t\t\t\t\t<div class=\"img-inner dark\" >\n\t\t\t<img loading=\"lazy\" decoding=\"async\" width=\"1300\" height=\"560\" src=\"https:\/\/www.telaled.com\/wp-content\/uploads\/2025\/07\/Especificacoes-do-LED-interativo-para-piso.jpg\" class=\"attachment-original size-original\" alt=\"\u0130nteraktif LED zemin lambalar\u0131 i\u00e7in teknik \u00f6zellikler\" srcset=\"https:\/\/www.telaled.com\/wp-content\/uploads\/2025\/07\/Especificacoes-do-LED-interativo-para-piso.jpg 1300w, https:\/\/www.telaled.com\/wp-content\/uploads\/2025\/07\/Especificacoes-do-LED-interativo-para-piso-300x129.jpg 300w, https:\/\/www.telaled.com\/wp-content\/uploads\/2025\/07\/Especificacoes-do-LED-interativo-para-piso-1024x441.jpg 1024w, https:\/\/www.telaled.com\/wp-content\/uploads\/2025\/07\/Especificacoes-do-LED-interativo-para-piso-768x331.jpg 768w, https:\/\/www.telaled.com\/wp-content\/uploads\/2025\/07\/Especificacoes-do-LED-interativo-para-piso-18x8.jpg 18w, https:\/\/www.telaled.com\/wp-content\/uploads\/2025\/07\/Especificacoes-do-LED-interativo-para-piso-600x258.jpg 600w\" sizes=\"auto, (max-width: 1300px) 100vw, 1300px\" \/>\t\t\t\t\t\t\n\t\t\t\t\t<\/div>\n\t\t\t\t\t\t\t\t\n<style>\n#image_2137735146 {\n  width: 95%;\n}\n<\/style>\n\t<\/div>\n\t\n\t\t<\/div>\n\t\t\t\t\t<\/div>\n\n\t\n\n\t<div id=\"col-1177447821\" class=\"col medium-10 small-12 large-10\"  >\n\t\t\t\t<div class=\"col-inner text-left\"  >\n\t\t\t\n\t\t\t\n<ul>\n<li>\u0130nteraktif LED zemin i\u00e7in birden fazla kurulum se\u00e7ene\u011fi.<\/li>\n<\/ul>\n\t<div class=\"img has-hover x md-x lg-x y md-y lg-y\" id=\"image_1279922192\">\n\t\t\t\t\t\t\t\t<div class=\"img-inner dark\" >\n\t\t\t<img loading=\"lazy\" decoding=\"async\" width=\"1020\" height=\"319\" src=\"https:\/\/www.telaled.com\/wp-content\/uploads\/2025\/07\/Varios-modos-de-instalacao-do-piso-LED-interativo-1024x320.webp\" class=\"attachment-large size-large\" alt=\"\" srcset=\"https:\/\/www.telaled.com\/wp-content\/uploads\/2025\/07\/Varios-modos-de-instalacao-do-piso-LED-interativo-1024x320.webp 1024w, https:\/\/www.telaled.com\/wp-content\/uploads\/2025\/07\/Varios-modos-de-instalacao-do-piso-LED-interativo-300x94.webp 300w, https:\/\/www.telaled.com\/wp-content\/uploads\/2025\/07\/Varios-modos-de-instalacao-do-piso-LED-interativo-768x240.webp 768w, https:\/\/www.telaled.com\/wp-content\/uploads\/2025\/07\/Varios-modos-de-instalacao-do-piso-LED-interativo-1536x480.webp 1536w, https:\/\/www.telaled.com\/wp-content\/uploads\/2025\/07\/Varios-modos-de-instalacao-do-piso-LED-interativo-18x6.webp 18w, https:\/\/www.telaled.com\/wp-content\/uploads\/2025\/07\/Varios-modos-de-instalacao-do-piso-LED-interativo-600x188.webp 600w, https:\/\/www.telaled.com\/wp-content\/uploads\/2025\/07\/Varios-modos-de-instalacao-do-piso-LED-interativo.webp 1920w\" sizes=\"auto, (max-width: 1020px) 100vw, 1020px\" \/>\t\t\t\t\t\t\n\t\t\t\t\t<\/div>\n\t\t\t\t\t\t\t\t\n<style>\n#image_1279922192 {\n  width: 95%;\n}\n<\/style>\n\t<\/div>\n\t\n<ul>\n<li>\u0130nteraktif LED zemin kurulum s\u00fcreci<\/li>\n<\/ul>\n\t<div class=\"img has-hover x md-x lg-x y md-y lg-y\" id=\"image_186541322\">\n\t\t\t\t\t\t\t\t<div class=\"img-inner dark\" >\n\t\t\t<img loading=\"lazy\" decoding=\"async\" width=\"1020\" height=\"492\" src=\"https:\/\/www.telaled.com\/wp-content\/uploads\/2025\/07\/Processo-de-instalacao-do-piso-LED-interativo-1024x494.webp\" class=\"attachment-large size-large\" alt=\"\u0130nteraktif LED zemin kaplamas\u0131n\u0131n kurulum s\u00fcreci\" srcset=\"https:\/\/www.telaled.com\/wp-content\/uploads\/2025\/07\/Processo-de-instalacao-do-piso-LED-interativo-1024x494.webp 1024w, https:\/\/www.telaled.com\/wp-content\/uploads\/2025\/07\/Processo-de-instalacao-do-piso-LED-interativo-300x145.webp 300w, https:\/\/www.telaled.com\/wp-content\/uploads\/2025\/07\/Processo-de-instalacao-do-piso-LED-interativo-768x371.webp 768w, https:\/\/www.telaled.com\/wp-content\/uploads\/2025\/07\/Processo-de-instalacao-do-piso-LED-interativo-18x9.webp 18w, https:\/\/www.telaled.com\/wp-content\/uploads\/2025\/07\/Processo-de-instalacao-do-piso-LED-interativo-600x290.webp 600w, https:\/\/www.telaled.com\/wp-content\/uploads\/2025\/07\/Processo-de-instalacao-do-piso-LED-interativo.webp 1036w\" sizes=\"auto, (max-width: 1020px) 100vw, 1020px\" \/>\t\t\t\t\t\t\n\t\t\t\t\t<\/div>\n\t\t\t\t\t\t\t\t\n<style>\n#image_186541322 {\n  width: 95%;\n}\n<\/style>\n\t<\/div>\n\t\n<ul>\n<li>\u0130nteraktif LED zemin sisteminin diyagram\u0131.<\/li>\n<\/ul>\n\t\t<\/div>\n\t\t\t\t\t<\/div>\n\n\t\n\n\t<div id=\"col-274036591\" class=\"col medium-10 small-12 large-10\"  >\n\t\t\t\t<div class=\"col-inner text-left\"  >\n\t\t\t\n\t\t\t\n\t<div class=\"img has-hover x md-x lg-x y md-y lg-y\" id=\"image_1296615260\">\n\t\t\t\t\t\t\t\t<div class=\"img-inner dark\" >\n\t\t\t<img loading=\"lazy\" decoding=\"async\" width=\"1020\" height=\"403\" src=\"https:\/\/www.telaled.com\/wp-content\/uploads\/2025\/07\/Diagrama-do-sistema-interativo-de-exibicao-no-piso-1024x405.webp\" class=\"attachment-large size-large\" alt=\"\" srcset=\"https:\/\/www.telaled.com\/wp-content\/uploads\/2025\/07\/Diagrama-do-sistema-interativo-de-exibicao-no-piso-1024x405.webp 1024w, https:\/\/www.telaled.com\/wp-content\/uploads\/2025\/07\/Diagrama-do-sistema-interativo-de-exibicao-no-piso-300x119.webp 300w, https:\/\/www.telaled.com\/wp-content\/uploads\/2025\/07\/Diagrama-do-sistema-interativo-de-exibicao-no-piso-768x304.webp 768w, https:\/\/www.telaled.com\/wp-content\/uploads\/2025\/07\/Diagrama-do-sistema-interativo-de-exibicao-no-piso-18x7.webp 18w, https:\/\/www.telaled.com\/wp-content\/uploads\/2025\/07\/Diagrama-do-sistema-interativo-de-exibicao-no-piso-600x237.webp 600w, https:\/\/www.telaled.com\/wp-content\/uploads\/2025\/07\/Diagrama-do-sistema-interativo-de-exibicao-no-piso.webp 1280w\" sizes=\"auto, (max-width: 1020px) 100vw, 1020px\" \/>\t\t\t\t\t\t\n\t\t\t\t\t<\/div>\n\t\t\t\t\t\t\t\t\n<style>\n#image_1296615260 {\n  width: 95%;\n}\n<\/style>\n\t<\/div>\n\t\n<ul>\n<li>LED ekranlar, t\u00fcrlerine ve kullan\u0131m ama\u00e7lar\u0131na g\u00f6re paketlenir. Komple ekranlar, daha iyi destek i\u00e7in ah\u015fap kasalara yerle\u015ftirilir. LED mod\u00fclleri karton kutularda sevk edilir. Kiral\u0131k ekranlar farkl\u0131 \u015fekilde ele al\u0131n\u0131r; hava kargo kasalar\u0131na paketlenirler. Baz\u0131 \u00fcr\u00fcnler basit kasalara yerle\u015ftirilir, ancak ek koruma i\u00e7in ah\u015fap \u00e7er\u00e7evelerle g\u00fc\u00e7lendirilir.<\/li>\n<\/ul>\n\t<div class=\"img has-hover x md-x lg-x y md-y lg-y\" id=\"image_1892956860\">\n\t\t\t\t\t\t\t\t<div class=\"img-inner dark\" >\n\t\t\t<img loading=\"lazy\" decoding=\"async\" width=\"760\" height=\"1024\" src=\"https:\/\/www.telaled.com\/wp-content\/uploads\/2025\/06\/Embalagem-760x1024.webp\" class=\"attachment-large size-large\" alt=\"Ambalajlama\" srcset=\"https:\/\/www.telaled.com\/wp-content\/uploads\/2025\/06\/Embalagem-760x1024.webp 760w, https:\/\/www.telaled.com\/wp-content\/uploads\/2025\/06\/Embalagem-223x300.webp 223w, https:\/\/www.telaled.com\/wp-content\/uploads\/2025\/06\/Embalagem-768x1035.webp 768w, https:\/\/www.telaled.com\/wp-content\/uploads\/2025\/06\/Embalagem-9x12.webp 9w, https:\/\/www.telaled.com\/wp-content\/uploads\/2025\/06\/Embalagem-600x808.webp 600w, https:\/\/www.telaled.com\/wp-content\/uploads\/2025\/06\/Embalagem.webp 795w\" sizes=\"auto, (max-width: 760px) 100vw, 760px\" \/>\t\t\t\t\t\t\n\t\t\t\t\t<\/div>\n\t\t\t\t\t\t\t\t\n<style>\n#image_1892956860 {\n  width: 95%;\n}\n<\/style>\n\t<\/div>\n\t\n\t\t<\/div>\n\t\t\t\t\t<\/div>\n\n\t\n<\/div>\n\t\t<\/div>\n\t\t\t\t\t<\/div>\n\n\t\n\n\t<div id=\"col-142510081\" class=\"col small-12 large-12\"  >\n\t\t\t\t<div class=\"col-inner\"  >\n\t\t\t\n\t\t\t\n<div class=\"row\"  id=\"row-1041179676\">\n\n\t<div id=\"col-1431717747\" class=\"col medium-10 small-12 large-10\"  >\n\t\t\t\t<div class=\"col-inner\"  >\n\t\t\t\n\t\t\t\n\n<table id=\"tablepress-45\" class=\"tablepress tablepress-id-45\">\n<thead>\n<tr class=\"row-1\">\n\t<th class=\"column-1\">Model<\/th><th class=\"column-2\">TRI - 2.976<\/th><th class=\"column-3\">TRI - 3.91<\/th><th class=\"column-4\">TRI - 5.2<\/th><th class=\"column-5\">TRI - 6.25<\/th>\n<\/tr>\n<\/thead>\n<tbody class=\"row-striping row-hover\">\n<tr class=\"row-2\">\n\t<td class=\"column-1\">Piksel Aral\u0131\u011f\u0131 (mm)<\/td><td class=\"column-2\">P 2.976<\/td><td class=\"column-3\">P 3.91<\/td><td class=\"column-4\">P 5.2<\/td><td class=\"column-5\">P 6.25<\/td>\n<\/tr>\n<tr class=\"row-3\">\n\t<td class=\"column-1\">LED yap\u0131land\u0131rmas\u0131<\/td><td class=\"column-2\">1R1G1B<\/td><td class=\"column-3\">1R1G1B<\/td><td class=\"column-4\">1R1G1B<\/td><td class=\"column-5\">1R1G1B<\/td>\n<\/tr>\n<tr class=\"row-4\">\n\t<td class=\"column-1\">LED tipi<\/td><td class=\"column-2\">SMD1415<\/td><td class=\"column-3\">SMD1921<\/td><td class=\"column-4\">SMD1921<\/td><td class=\"column-5\">SMD1921<\/td>\n<\/tr>\n<tr class=\"row-5\">\n\t<td class=\"column-1\">Mod\u00fcl \u00c7\u00f6z\u00fcn\u00fcrl\u00fc\u011f\u00fc<\/td><td class=\"column-2\">84x84<\/td><td class=\"column-3\">64x64<\/td><td class=\"column-4\">48x48<\/td><td class=\"column-5\">40x40<\/td>\n<\/tr>\n<tr class=\"row-6\">\n\t<td class=\"column-1\">Mod\u00fcl boyutu (mm)<\/td><td class=\"column-2\"><br \/>\n250\u00d7250<\/td><td class=\"column-3\"><br \/>\n250\u00d7250<\/td><td class=\"column-4\"><br \/>\n250\u00d7250<\/td><td class=\"column-5\"><br \/>\n250\u00d7250<\/td>\n<\/tr>\n<tr class=\"row-7\">\n\t<td class=\"column-1\">Dolap \u00f6l\u00e7\u00fcleri (mm)<\/td><td class=\"column-2\"><br \/>\n500\u00d71000<\/td><td class=\"column-3\"><br \/>\n500\u00d71000<\/td><td class=\"column-4\"><br \/>\n500\u00d71000<\/td><td class=\"column-5\"><br \/>\n500\u00d71000<\/td>\n<\/tr>\n<tr class=\"row-8\">\n\t<td class=\"column-1\">Dolap a\u011f\u0131rl\u0131\u011f\u0131 (kg)<\/td><td class=\"column-2\"><br \/>\n25<\/td><td class=\"column-3\"><br \/>\n25<\/td><td class=\"column-4\"><br \/>\n25<\/td><td class=\"column-5\"><br \/>\n25<\/td>\n<\/tr>\n<tr class=\"row-9\">\n\t<td class=\"column-1\">\u00c7al\u0131\u015fma S\u0131cakl\u0131\u011f\u0131 (\u2103)<\/td><td class=\"column-2\"><br \/>\n-20~60<\/td><td class=\"column-3\"><br \/>\n-20~60<\/td><td class=\"column-4\"><br \/>\n-20~60<\/td><td class=\"column-5\"><br \/>\n-20~60<\/td>\n<\/tr>\n<tr class=\"row-10\">\n\t<td class=\"column-1\">Koruma Derecesi<\/td><td class=\"column-2\"><br \/>\nHem \u00f6n hem de arka k\u0131s\u0131m IP65 derecesine sahiptir.<\/td><td class=\"column-3\"><br \/>\nHem \u00f6n hem de arka k\u0131s\u0131m IP65 derecesine sahiptir.<\/td><td class=\"column-4\"><br \/>\nHem \u00f6n hem de arka k\u0131s\u0131m IP65 derecesine sahiptir.<\/td><td class=\"column-5\"><br \/>\nHem \u00f6n hem de arka k\u0131s\u0131m IP65 derecesine sahiptir.<\/td>\n<\/tr>\n<tr class=\"row-11\">\n\t<td class=\"column-1\">Sertifikasyon<\/td><td class=\"column-2\">ROHS\/FCC\/CE<\/td><td class=\"column-3\">ROHS\/FCC\/CE<\/td><td class=\"column-4\">ROHS\/FCC\/CE<\/td><td class=\"column-5\">ROHS\/FCC\/CE<\/td>\n<\/tr>\n<\/tbody>\n<\/table>\n<!-- #tablepress-45 from cache -->\n\t\t<\/div>\n\t\t\t\t\t<\/div>\n\n\t\n<\/div>\n\t\t<\/div>\n\t\t\t\t\t<\/div>\n\n\t\n<\/div>","protected":false},"excerpt":{"rendered":"<p><strong>TRI Serisi \u0130nteraktif LED Zemin: Dayan\u0131kl\u0131, Su Ge\u00e7irmez ve Kaymaz \u00d6zellikleriyle Etkile\u015fimi Art\u0131r\u0131r<\/strong><\/p>\n<p>O <strong>TRI Serisi LED \u0130nteraktif Zemin<\/strong> \u00c7arp\u0131\u015fmaya ve s\u00fcrt\u00fcnmeye kar\u015f\u0131 dayan\u0131kl\u0131, y\u00fcksek kaliteli ve IP65 su ge\u00e7irmez \u00f6zelliklere sahip ekranlar sunar. Kaymaz y\u00fczeyi g\u00fcvenli\u011fi sa\u011flar ve i\u00e7 ve d\u0131\u015f mekan etkinlikleri i\u00e7in m\u00fckemmeldir. Kurulumu ve \u00f6zelle\u015ftirilmesi kolayd\u0131r.<\/p>\n<p><strong>Ba\u015fl\u0131ca \u00f6zellikler:<\/strong><\/p>\n<ul>\n<li><strong>\u00c7arp\u0131\u015fma \u00f6nleyici ve s\u00fcrt\u00fcnme \u00f6nleyici:<\/strong> Yo\u011fun trafi\u011fe sahip alanlarda uzun s\u00fcreli kullan\u0131m i\u00e7in dayan\u0131kl\u0131 yap\u0131.<\/li>\n<li><strong>Su ge\u00e7irmez ve kaymaz:<\/strong> IP65 su ge\u00e7irmezlik derecesi ve kaymaz y\u00fczeyi sayesinde \u00e7e\u015fitli ortamlarda g\u00fcvenlik sa\u011flar.<\/li>\n<li><strong>Y\u00fcksek kaliteli ekran<\/strong>Canl\u0131 g\u00f6rseller i\u00e7in \u00e7e\u015fitli piksel aral\u0131klar\u0131nda (2,9 mm, 3,91 mm, 5,2 mm ve 6,25 mm) mevcuttur.<\/li>\n<li><strong>Kolay kurulum:<\/strong> H\u0131zl\u0131 ve kolay kurulum i\u00e7in esnek kasa boyutuna sahip mod\u00fcler tasar\u0131m.<\/li>\n<\/ul>\n<p>Her biri 500 mm x 1000 mm \u00f6l\u00e7\u00fclerinde ve yakla\u015f\u0131k 25 kg a\u011f\u0131rl\u0131\u011f\u0131nda olan kabinlerden olu\u015fan bu \u00fcr\u00fcn, \u00e7e\u015fitli te\u015fhir d\u00fczenlemeleri i\u00e7in esneklik sunmaktad\u0131r.<\/p>\n<p>7\/24 uzaktan teknik destek ve 3 y\u0131l garanti al\u0131n. Ki\u015fiselle\u015ftirilmi\u015f fiyat teklifi i\u00e7in hemen bizimle ileti\u015fime ge\u00e7in!<\/p>","protected":false},"featured_media":2718,"template":"","meta":[],"product_brand":[],"product_cat":[50,40,52],"product_tag":[],"class_list":{"0":"post-2717","1":"product","2":"type-product","3":"status-publish","4":"has-post-thumbnail","6":"product_cat-aluguel-de-painel-de-led","7":"product_cat-painel-de-led","8":"product_cat-piso-de-led","10":"first","11":"instock","12":"shipping-taxable","13":"product-type-simple"},"yoast_head":"<!-- This site is optimized with the Yoast SEO plugin v27.4 - https:\/\/yoast.com\/product\/yoast-seo-wordpress\/ -->\n<title>Piso interativo de LED da s\u00e9rie TRI: Experi\u00eancia de Toque Envolvente e de Alta Qualidade para Eventos e Exposi\u00e7\u00f5es | TELALED<\/title>\n<meta name=\"description\" content=\"O piso interativo de LED da s\u00e9rie TRI oferece pain\u00e9is de alta resolu\u00e7\u00e3o e sens\u00edveis ao toque para intera\u00e7\u00e3o din\u00e2mica em eventos e exposi\u00e7\u00f5es. Dur\u00e1vel, \u00e1gil e eficiente em termos de energia. Fa\u00e7a uma cota\u00e7\u00e3o agora!\" \/>\n<meta name=\"robots\" content=\"index, follow, max-snippet:-1, max-image-preview:large, max-video-preview:-1\" \/>\n<link rel=\"canonical\" href=\"https:\/\/www.telaled.com\/tr\/fabrica\/piso-de-led-interativo-serie-tri\/\" \/>\n<meta property=\"og:locale\" content=\"tr_TR\" \/>\n<meta property=\"og:type\" content=\"article\" \/>\n<meta property=\"og:title\" content=\"Piso interativo de LED da s\u00e9rie TRI: Experi\u00eancia de Toque Envolvente e de Alta Qualidade para Eventos e Exposi\u00e7\u00f5es | TELALED\" \/>\n<meta property=\"og:description\" content=\"O piso interativo de LED da s\u00e9rie TRI oferece pain\u00e9is de alta resolu\u00e7\u00e3o e sens\u00edveis ao toque para intera\u00e7\u00e3o din\u00e2mica em eventos e exposi\u00e7\u00f5es. Dur\u00e1vel, \u00e1gil e eficiente em termos de energia. Fa\u00e7a uma cota\u00e7\u00e3o agora!\" \/>\n<meta property=\"og:url\" content=\"https:\/\/www.telaled.com\/tr\/fabrica\/piso-de-led-interativo-serie-tri\/\" \/>\n<meta property=\"og:site_name\" content=\"TELALED\" \/>\n<meta property=\"article:modified_time\" content=\"2026-01-03T08:52:48+00:00\" \/>\n<meta property=\"og:image\" content=\"https:\/\/www.telaled.com\/wp-content\/uploads\/2025\/07\/piso-de-led-interativo.webp\" \/>\n\t<meta property=\"og:image:width\" content=\"500\" \/>\n\t<meta property=\"og:image:height\" content=\"500\" \/>\n\t<meta property=\"og:image:type\" content=\"image\/webp\" \/>\n<meta name=\"twitter:card\" content=\"summary_large_image\" \/>\n<meta name=\"twitter:label1\" content=\"Est. reading time\" \/>\n\t<meta name=\"twitter:data1\" content=\"3 dakika\" \/>\n<script type=\"application\/ld+json\" class=\"yoast-schema-graph\">{\"@context\":\"https:\\\/\\\/schema.org\",\"@graph\":[{\"@type\":\"WebPage\",\"@id\":\"https:\\\/\\\/www.telaled.com\\\/fabrica\\\/piso-de-led-interativo-serie-tri\\\/\",\"url\":\"https:\\\/\\\/www.telaled.com\\\/fabrica\\\/piso-de-led-interativo-serie-tri\\\/\",\"name\":\"Piso interativo de LED da s\u00e9rie TRI: Experi\u00eancia de Toque Envolvente e de Alta Qualidade para Eventos e Exposi\u00e7\u00f5es | TELALED\",\"isPartOf\":{\"@id\":\"https:\\\/\\\/www.telaled.com\\\/#website\"},\"primaryImageOfPage\":{\"@id\":\"https:\\\/\\\/www.telaled.com\\\/fabrica\\\/piso-de-led-interativo-serie-tri\\\/#primaryimage\"},\"image\":{\"@id\":\"https:\\\/\\\/www.telaled.com\\\/fabrica\\\/piso-de-led-interativo-serie-tri\\\/#primaryimage\"},\"thumbnailUrl\":\"https:\\\/\\\/www.telaled.com\\\/wp-content\\\/uploads\\\/2025\\\/07\\\/piso-de-led-interativo.webp\",\"datePublished\":\"2025-07-23T07:41:55+00:00\",\"dateModified\":\"2026-01-03T08:52:48+00:00\",\"description\":\"O piso interativo de LED da s\u00e9rie TRI oferece pain\u00e9is de alta resolu\u00e7\u00e3o e sens\u00edveis ao toque para intera\u00e7\u00e3o din\u00e2mica em eventos e exposi\u00e7\u00f5es. Dur\u00e1vel, \u00e1gil e eficiente em termos de energia. Fa\u00e7a uma cota\u00e7\u00e3o agora!\",\"breadcrumb\":{\"@id\":\"https:\\\/\\\/www.telaled.com\\\/fabrica\\\/piso-de-led-interativo-serie-tri\\\/#breadcrumb\"},\"inLanguage\":\"tr\",\"potentialAction\":[{\"@type\":\"ReadAction\",\"target\":[\"https:\\\/\\\/www.telaled.com\\\/fabrica\\\/piso-de-led-interativo-serie-tri\\\/\"]}]},{\"@type\":\"ImageObject\",\"inLanguage\":\"tr\",\"@id\":\"https:\\\/\\\/www.telaled.com\\\/fabrica\\\/piso-de-led-interativo-serie-tri\\\/#primaryimage\",\"url\":\"https:\\\/\\\/www.telaled.com\\\/wp-content\\\/uploads\\\/2025\\\/07\\\/piso-de-led-interativo.webp\",\"contentUrl\":\"https:\\\/\\\/www.telaled.com\\\/wp-content\\\/uploads\\\/2025\\\/07\\\/piso-de-led-interativo.webp\",\"width\":500,\"height\":500,\"caption\":\"piso-de-led-interativo\"},{\"@type\":\"BreadcrumbList\",\"@id\":\"https:\\\/\\\/www.telaled.com\\\/fabrica\\\/piso-de-led-interativo-serie-tri\\\/#breadcrumb\",\"itemListElement\":[{\"@type\":\"ListItem\",\"position\":1,\"name\":\"Home\",\"item\":\"https:\\\/\\\/www.telaled.com\\\/\"},{\"@type\":\"ListItem\",\"position\":2,\"name\":\"Produtos\",\"item\":\"https:\\\/\\\/www.telaled.com\\\/shop\\\/\"},{\"@type\":\"ListItem\",\"position\":3,\"name\":\"Piso de LED Interativo S\u00e9rie TRI\"}]},{\"@type\":\"WebSite\",\"@id\":\"https:\\\/\\\/www.telaled.com\\\/#website\",\"url\":\"https:\\\/\\\/www.telaled.com\\\/\",\"name\":\"TELALED\",\"description\":\"\",\"potentialAction\":[{\"@type\":\"SearchAction\",\"target\":{\"@type\":\"EntryPoint\",\"urlTemplate\":\"https:\\\/\\\/www.telaled.com\\\/?s={search_term_string}\"},\"query-input\":{\"@type\":\"PropertyValueSpecification\",\"valueRequired\":true,\"valueName\":\"search_term_string\"}}],\"inLanguage\":\"tr\"}]}<\/script>\n<!-- \/ Yoast SEO plugin. -->","yoast_head_json":{"title":"TRI Serisi \u0130nteraktif LED Zemin: Etkinlikler ve Sergiler i\u00e7in S\u00fcr\u00fckleyici ve Y\u00fcksek Kaliteli Dokunma Deneyimi | TELALED","description":"TRI serisi interaktif LED zemin, etkinliklerde ve sergilerde dinamik etkile\u015fim i\u00e7in y\u00fcksek \u00e7\u00f6z\u00fcn\u00fcrl\u00fckl\u00fc, dokunmatik paneller sunar. Dayan\u0131kl\u0131, esnek ve enerji tasarruflu. Hemen fiyat teklifi al\u0131n!","robots":{"index":"index","follow":"follow","max-snippet":"max-snippet:-1","max-image-preview":"max-image-preview:large","max-video-preview":"max-video-preview:-1"},"canonical":"https:\/\/www.telaled.com\/tr\/fabrica\/piso-de-led-interativo-serie-tri\/","og_locale":"tr_TR","og_type":"article","og_title":"Piso interativo de LED da s\u00e9rie TRI: Experi\u00eancia de Toque Envolvente e de Alta Qualidade para Eventos e Exposi\u00e7\u00f5es | TELALED","og_description":"O piso interativo de LED da s\u00e9rie TRI oferece pain\u00e9is de alta resolu\u00e7\u00e3o e sens\u00edveis ao toque para intera\u00e7\u00e3o din\u00e2mica em eventos e exposi\u00e7\u00f5es. Dur\u00e1vel, \u00e1gil e eficiente em termos de energia. Fa\u00e7a uma cota\u00e7\u00e3o agora!","og_url":"https:\/\/www.telaled.com\/tr\/fabrica\/piso-de-led-interativo-serie-tri\/","og_site_name":"TELALED","article_modified_time":"2026-01-03T08:52:48+00:00","og_image":[{"width":500,"height":500,"url":"https:\/\/www.telaled.com\/wp-content\/uploads\/2025\/07\/piso-de-led-interativo.webp","type":"image\/webp"}],"twitter_card":"summary_large_image","twitter_misc":{"Est. reading time":"3 dakika"},"schema":{"@context":"https:\/\/schema.org","@graph":[{"@type":"WebPage","@id":"https:\/\/www.telaled.com\/fabrica\/piso-de-led-interativo-serie-tri\/","url":"https:\/\/www.telaled.com\/fabrica\/piso-de-led-interativo-serie-tri\/","name":"TRI Serisi \u0130nteraktif LED Zemin: Etkinlikler ve Sergiler i\u00e7in S\u00fcr\u00fckleyici ve Y\u00fcksek Kaliteli Dokunma Deneyimi | TELALED","isPartOf":{"@id":"https:\/\/www.telaled.com\/#website"},"primaryImageOfPage":{"@id":"https:\/\/www.telaled.com\/fabrica\/piso-de-led-interativo-serie-tri\/#primaryimage"},"image":{"@id":"https:\/\/www.telaled.com\/fabrica\/piso-de-led-interativo-serie-tri\/#primaryimage"},"thumbnailUrl":"https:\/\/www.telaled.com\/wp-content\/uploads\/2025\/07\/piso-de-led-interativo.webp","datePublished":"2025-07-23T07:41:55+00:00","dateModified":"2026-01-03T08:52:48+00:00","description":"TRI serisi interaktif LED zemin, etkinliklerde ve sergilerde dinamik etkile\u015fim i\u00e7in y\u00fcksek \u00e7\u00f6z\u00fcn\u00fcrl\u00fckl\u00fc, dokunmatik paneller sunar. Dayan\u0131kl\u0131, esnek ve enerji tasarruflu. Hemen fiyat teklifi al\u0131n!","breadcrumb":{"@id":"https:\/\/www.telaled.com\/fabrica\/piso-de-led-interativo-serie-tri\/#breadcrumb"},"inLanguage":"tr","potentialAction":[{"@type":"ReadAction","target":["https:\/\/www.telaled.com\/fabrica\/piso-de-led-interativo-serie-tri\/"]}]},{"@type":"ImageObject","inLanguage":"tr","@id":"https:\/\/www.telaled.com\/fabrica\/piso-de-led-interativo-serie-tri\/#primaryimage","url":"https:\/\/www.telaled.com\/wp-content\/uploads\/2025\/07\/piso-de-led-interativo.webp","contentUrl":"https:\/\/www.telaled.com\/wp-content\/uploads\/2025\/07\/piso-de-led-interativo.webp","width":500,"height":500,"caption":"piso-de-led-interativo"},{"@type":"BreadcrumbList","@id":"https:\/\/www.telaled.com\/fabrica\/piso-de-led-interativo-serie-tri\/#breadcrumb","itemListElement":[{"@type":"ListItem","position":1,"name":"Home","item":"https:\/\/www.telaled.com\/"},{"@type":"ListItem","position":2,"name":"Produtos","item":"https:\/\/www.telaled.com\/shop\/"},{"@type":"ListItem","position":3,"name":"Piso de LED Interativo S\u00e9rie TRI"}]},{"@type":"WebSite","@id":"https:\/\/www.telaled.com\/#website","url":"https:\/\/www.telaled.com\/","name":"LED Ekran","description":"","potentialAction":[{"@type":"SearchAction","target":{"@type":"EntryPoint","urlTemplate":"https:\/\/www.telaled.com\/?s={search_term_string}"},"query-input":{"@type":"PropertyValueSpecification","valueRequired":true,"valueName":"search_term_string"}}],"inLanguage":"tr"}]}},"_links":{"self":[{"href":"https:\/\/www.telaled.com\/tr\/wp-json\/wp\/v2\/product\/2717","targetHints":{"allow":["GET"]}}],"collection":[{"href":"https:\/\/www.telaled.com\/tr\/wp-json\/wp\/v2\/product"}],"about":[{"href":"https:\/\/www.telaled.com\/tr\/wp-json\/wp\/v2\/types\/product"}],"wp:featuredmedia":[{"embeddable":true,"href":"https:\/\/www.telaled.com\/tr\/wp-json\/wp\/v2\/media\/2718"}],"wp:attachment":[{"href":"https:\/\/www.telaled.com\/tr\/wp-json\/wp\/v2\/media?parent=2717"}],"wp:term":[{"taxonomy":"product_brand","embeddable":true,"href":"https:\/\/www.telaled.com\/tr\/wp-json\/wp\/v2\/product_brand?post=2717"},{"taxonomy":"product_cat","embeddable":true,"href":"https:\/\/www.telaled.com\/tr\/wp-json\/wp\/v2\/product_cat?post=2717"},{"taxonomy":"product_tag","embeddable":true,"href":"https:\/\/www.telaled.com\/tr\/wp-json\/wp\/v2\/product_tag?post=2717"}],"curies":[{"name":"wp","href":"https:\/\/api.w.org\/{rel}","templated":true}]}}