{"id":2606,"date":"2025-07-17T08:01:54","date_gmt":"2025-07-17T08:01:54","guid":{"rendered":"https:\/\/www.telaled.com\/?post_type=product&#038;p=2606"},"modified":"2026-01-02T10:07:17","modified_gmt":"2026-01-02T10:07:17","slug":"modulo-painel-de-led-p6-exteriores","status":"publish","type":"product","link":"https:\/\/www.telaled.com\/tr\/fabrica\/modulo-painel-de-led-p6-exteriores\/","title":{"rendered":"P6 D\u0131\u015f Mekan LED Panel Mod\u00fcl\u00fc"},"content":{"rendered":"<div id=\"featurebullets_feature_div\" class=\"celwidget\" data-feature-name=\"featurebullets\" data-csa-c-type=\"widget\" data-csa-c-content-id=\"featurebullets\" data-csa-c-slot-id=\"featurebullets_feature_div\" data-csa-c-asin=\"B07DF32D6Q\" data-csa-c-is-in-initial-active-row=\"false\" data-csa-c-id=\"3j0pnl-7cjnp-9t8psx-tspeog\">\n<div id=\"feature-bullets\" class=\"a-section a-spacing-medium a-spacing-top-small\">\n<div data-zone-id=\"0\" data-line-index=\"0\" data-line=\"true\">\n<p><strong>Ba\u015fl\u0131ca Kullan\u0131m Alanlar\u0131:<\/strong><\/p>\n<ul>\n<li><strong>D\u0131\u015f reklam:<\/strong> \u015eehir sokaklar\u0131, otoyollar ve meydanlar gibi yo\u011fun trafi\u011fin oldu\u011fu alanlardaki reklam panolar\u0131, dijital tabelalar ve tan\u0131t\u0131m ekranlar\u0131 i\u00e7in idealdir.<\/li>\n<li><strong>Tabela <a href=\"https:\/\/www.telaled.com\/tr\/painel-de-led-para-eventos\/\">olaylar<\/a>:<\/strong> Sergiler, konserler, festivaller ve spor etkinlikleri i\u00e7in m\u00fckemmel olan bu \u00fcr\u00fcn, a\u00e7\u0131k alanlarda geni\u015f kalabal\u0131klara net mesajlar iletir.<\/li>\n<li><strong>Halka a\u00e7\u0131k bilgilendirme panolar\u0131:<\/strong> Havaalanlar\u0131, tren istasyonlar\u0131 ve otob\u00fcs terminalleri gibi ula\u015f\u0131m merkezleri i\u00e7in g\u00fcvenilir bir \u00e7\u00f6z\u00fcm olup, tarifeler, yol tarifleri ve uyar\u0131lar gibi ger\u00e7ek zamanl\u0131 bilgiler sa\u011flar.<\/li>\n<li><strong>Ticari ve perakende kullan\u0131m:<\/strong> Al\u0131\u015fveri\u015f merkezleri, ma\u011fazalar ve restoranlar i\u00e7in promosyonlar\u0131, \u00fcr\u00fcn reklamlar\u0131n\u0131 veya marka bilinirli\u011fini sergilemek i\u00e7in m\u00fckemmeldir.<\/li>\n<li><strong>Kurumsal ve konferans mekanlar\u0131:<\/strong> Toplant\u0131 odalar\u0131nda, seminer salonlar\u0131nda ve fuarlarda sunumlar, kar\u015f\u0131lama mesajlar\u0131 veya \u015firket duyurular\u0131 i\u00e7in kullan\u0131n.<\/li>\n<\/ul>\n<p><strong>Kan\u0131tlanm\u0131\u015f Teknoloji:<\/strong><\/p>\n<ul>\n<li>IP65 \u2013 Toz ve neme dayan\u0131kl\u0131.<\/li>\n<li>16 bit gradyan (281 trilyon renk) \u2013 Foto ger\u00e7ek\u00e7i.<\/li>\n<li>CE\/RoHS\/ISO9001 Sertifikas\u0131 \u2013 Garantili end\u00fcstriyel kalite.<\/li>\n<\/ul>\n<p><img loading=\"lazy\" decoding=\"async\" class=\"alignnone wp-image-2017 size-full\" src=\"https:\/\/www.telaled.com\/wp-content\/uploads\/2023\/06\/quality-led-module-materials-1.webp\" alt=\"kalite odakl\u0131 mod\u00fcl malzemeleri\" width=\"768\" height=\"555\" srcset=\"https:\/\/www.telaled.com\/wp-content\/uploads\/2023\/06\/quality-led-module-materials-1.webp 768w, https:\/\/www.telaled.com\/wp-content\/uploads\/2023\/06\/quality-led-module-materials-1-300x217.webp 300w, https:\/\/www.telaled.com\/wp-content\/uploads\/2023\/06\/quality-led-module-materials-1-18x12.webp 18w, https:\/\/www.telaled.com\/wp-content\/uploads\/2023\/06\/quality-led-module-materials-1-600x434.webp 600w\" sizes=\"auto, (max-width: 768px) 100vw, 768px\" \/><\/p>\n<\/div>\n<\/div>\n<\/div>\n<div data-feature-name=\"acf-carousel\" data-csa-c-type=\"widget\" data-csa-c-content-id=\"acf-carousel\" data-csa-c-slot-id=\"acf-carousel_feature_div\" data-csa-c-asin=\"B07DF32D6Q\" data-csa-c-is-in-initial-active-row=\"false\" data-csa-c-id=\"oqpgyr-mh4egp-nntzd2-kyiiqq\">\n<table id=\"tablepress-39\" class=\"tablepress tablepress-id-39\">\n<thead>\n<tr class=\"row-1\">\n\t<th class=\"column-1\">Ba\u015fvuru <\/th><th class=\"column-2\">\u0130\u00e7 ve D\u0131\u015f<\/th>\n<\/tr>\n<\/thead>\n<tbody class=\"row-striping row-hover\">\n<tr class=\"row-2\">\n\t<td class=\"column-1\">Ekran Tipi:<\/td><td class=\"column-2\"> LED Video Ekran\u0131<\/td>\n<\/tr>\n<tr class=\"row-3\">\n\t<td class=\"column-1\">Yenileme H\u0131z\u0131: <\/td><td class=\"column-2\">1920Hz\/3840Hz<\/td>\n<\/tr>\n<tr class=\"row-4\">\n\t<td class=\"column-1\">Dolap Malzemesi: <\/td><td class=\"column-2\">Demir\/Al\u00fcminyum<\/td>\n<\/tr>\n<tr class=\"row-5\">\n\t<td class=\"column-1\">Bak\u0131m: <\/td><td class=\"column-2\">\u00d6n Servis\/Arka Servis<\/td>\n<\/tr>\n<tr class=\"row-6\">\n\t<td class=\"column-1\">K\u00f6ken: <\/td><td class=\"column-2\">Shenzhen, \u00c7in<\/td>\n<\/tr>\n<tr class=\"row-7\">\n\t<td class=\"column-1\">Tedarik\u00e7i T\u00fcr\u00fc: <\/td><td class=\"column-2\">Orijinal \u00dcretici, ODM, OEM<\/td>\n<\/tr>\n<tr class=\"row-8\">\n\t<td class=\"column-1\">Pikseller aras\u0131 mesafe (mm) <\/td><td class=\"column-2\">P2, 5, P3, P4 PS, P10<\/td>\n<\/tr>\n<tr class=\"row-9\">\n\t<td class=\"column-1\">Piksel bile\u015fimi: <\/td><td class=\"column-2\">1R1G1B<\/td>\n<\/tr>\n<tr class=\"row-10\">\n\t<td class=\"column-1\">LED tipi: <\/td><td class=\"column-2\">SMD2121<\/td>\n<\/tr>\n<tr class=\"row-11\">\n\t<td class=\"column-1\">Tarama Modu: <\/td><td class=\"column-2\">32\/16\/8<\/td>\n<\/tr>\n<tr class=\"row-12\">\n\t<td class=\"column-1\">Parlakl\u0131k (cd\/m\u00b2) <\/td><td class=\"column-2\">1000-1500<\/td>\n<\/tr>\n<tr class=\"row-13\">\n\t<td class=\"column-1\">Nakliye i\u00e7in ambalaj: <\/td><td class=\"column-2\">Ta\u015f\u0131ma \u00c7antas\u0131 veya Ah\u015fap Kutu<\/td>\n<\/tr>\n<tr class=\"row-14\">\n\t<td class=\"column-1\">Parlakl\u0131k Ayar\u0131:<\/td><td class=\"column-2\"> 256 Seviye<\/td>\n<\/tr>\n<tr class=\"row-15\">\n\t<td class=\"column-1\">Sertifikasyon: <\/td><td class=\"column-2\">CE, RoHS, ETL<\/td>\n<\/tr>\n<tr class=\"row-16\">\n\t<td class=\"column-1\">Nakliye <\/td><td class=\"column-2\">Ekspres, hava veya deniz yoluyla.<\/td>\n<\/tr>\n<tr class=\"row-17\">\n\t<td class=\"column-1\">Bak\u0131\u015f A\u00e7\u0131s\u0131: <\/td><td class=\"column-2\">140 derece<\/td>\n<\/tr>\n<tr class=\"row-18\">\n\t<td class=\"column-1\">Kullan\u0131m \u00d6mr\u00fc: <\/td><td class=\"column-2\">50.000 saat<\/td>\n<\/tr>\n<tr class=\"row-19\">\n\t<td class=\"column-1\">\u00c7al\u0131\u015fma S\u0131cakl\u0131\u011f\u0131 (\u00b0C)<\/td><td class=\"column-2\"> -40\u00b0C ile 80\u00b0C aras\u0131nda<\/td>\n<\/tr>\n<\/tbody>\n<\/table>\n<!-- #tablepress-39 from cache --><\/div>\n<div id=\"provenanceCertifications_feature_div\" class=\"celwidget\" data-feature-name=\"provenanceCertifications\" data-csa-c-type=\"widget\" data-csa-c-content-id=\"provenanceCertifications\" data-csa-c-slot-id=\"provenanceCertifications_feature_div\" data-csa-c-asin=\"B07DF32D6Q\" data-csa-c-is-in-initial-active-row=\"false\" data-csa-c-id=\"6t8ho-xbknmj-nqaso5-ne24gd\">\n<div id=\"provenance-certifications\" class=\"a-section a-spacing-medium a-spacing-top-micro\"><\/div>\n<\/div>","protected":false},"excerpt":{"rendered":"<p><strong>P6 D\u0131\u015f Mekan LED Panel Mod\u00fcl\u00fc \u2013 D\u0131\u015f Mekan Reklamc\u0131l\u0131\u011f\u0131 i\u00e7in Y\u00fcksek Performansl\u0131 Ekran<\/strong><\/p>\n<p>O <strong>P6 D\u0131\u015f Mekan LED Panel Mod\u00fcl\u00fc<\/strong> A\u00e7\u0131k hava reklamc\u0131l\u0131\u011f\u0131 i\u00e7in tasarlanm\u0131\u015f parlak, y\u00fcksek \u00e7\u00f6z\u00fcn\u00fcrl\u00fckl\u00fc ekranlar sunar. Dayan\u0131kl\u0131 yap\u0131s\u0131yla her ortamda iyi performans g\u00f6sterir ve uzun \u00f6m\u00fcrl\u00fc kullan\u0131m ile net g\u00f6r\u00fcnt\u00fcler sunar.<\/p>\n<p><strong>Ba\u015fl\u0131ca Faydalar\u0131:<\/strong><br \/>\n<strong><br \/>\n\u2714 Y\u00fcksek \u00e7\u00f6z\u00fcn\u00fcrl\u00fck:<\/strong> Tam renkli SMD2727 LED&#039;lere sahip 32x32 piksel ekran.<strong><br \/>\n<\/strong><\/p>\n<p><strong>\u2714 Uzun kullan\u0131m \u00f6mr\u00fc: <\/strong>100.000 saati a\u015fk\u0131n kullan\u0131m s\u00fcresi ve d\u00fc\u015f\u00fck ar\u0131za oranlar\u0131.<strong><br \/>\n<\/strong><\/p>\n<p><strong>\u2714<a href=\"https:\/\/www.telaled.com\/tr\/fabrica\/painel-led-economizador-de-energia-serie-toc\/\"> Enerji verimlili\u011fi<\/a>: <\/strong>Ortalama enerji t\u00fcketimi 480 W\/m2.<strong><br \/>\n<\/strong><\/p>\n<p><strong>\u2714 D\u0131\u015f mekan ko\u015fullar\u0131nda dayan\u0131kl\u0131l\u0131k: <\/strong>IP65 derecesine sahip olup, -20\u00baC ile +60\u00baC aras\u0131ndaki s\u0131cakl\u0131klarda \u00e7al\u0131\u015fabilir.<strong><br \/>\n<\/strong><\/p>\n<p><strong>\u2714 Parlak ekran: <\/strong>G\u00fcne\u015f \u0131\u015f\u0131\u011f\u0131nda g\u00f6r\u00fcn\u00fcrl\u00fck i\u00e7in 7000 cd\/m2 parlakl\u0131k.<\/p>","protected":false},"featured_media":2709,"template":"","meta":[],"product_brand":[],"product_cat":[41],"product_tag":[],"class_list":{"0":"post-2606","1":"product","2":"type-product","3":"status-publish","4":"has-post-thumbnail","6":"product_cat-modulo-painel-de-led","8":"first","9":"instock","10":"shipping-taxable","11":"product-type-simple"},"yoast_head":"<!-- This site is optimized with the Yoast SEO plugin v27.4 - https:\/\/yoast.com\/product\/yoast-seo-wordpress\/ -->\n<title>Modulo Painel de LED P6 Exteriores | Tela Dur\u00e1vel e de Alta Qualidade para Publicidade Externa |TELALED<\/title>\n<meta name=\"description\" content=\"O Modulo Painel de LED P6 Exteriores oferece clareza e durabilidade excepcionais para displays externos. Perfeito para outdoors e sinaliza\u00e7\u00e3o digital, ele oferece imagens brilhantes e de alta qualidade que duram. Melhore a sua publicidade externa hoje mesmo, entre em contato conosco agora!\" \/>\n<meta name=\"robots\" content=\"index, follow, max-snippet:-1, max-image-preview:large, max-video-preview:-1\" \/>\n<link rel=\"canonical\" href=\"https:\/\/www.telaled.com\/tr\/fabrica\/modulo-painel-de-led-p6-exteriores\/\" \/>\n<meta property=\"og:locale\" content=\"tr_TR\" \/>\n<meta property=\"og:type\" content=\"article\" \/>\n<meta property=\"og:title\" content=\"Modulo Painel de LED P6 Exteriores | Tela Dur\u00e1vel e de Alta Qualidade para Publicidade Externa |TELALED\" \/>\n<meta property=\"og:description\" content=\"O Modulo Painel de LED P6 Exteriores oferece clareza e durabilidade excepcionais para displays externos. Perfeito para outdoors e sinaliza\u00e7\u00e3o digital, ele oferece imagens brilhantes e de alta qualidade que duram. Melhore a sua publicidade externa hoje mesmo, entre em contato conosco agora!\" \/>\n<meta property=\"og:url\" content=\"https:\/\/www.telaled.com\/tr\/fabrica\/modulo-painel-de-led-p6-exteriores\/\" \/>\n<meta property=\"og:site_name\" content=\"TELALED\" \/>\n<meta property=\"article:modified_time\" content=\"2026-01-02T10:07:17+00:00\" \/>\n<meta property=\"og:image\" content=\"https:\/\/www.telaled.com\/wp-content\/uploads\/2025\/07\/Modulo-Painel-de-LED-P6-Exteriores-1-1.webp\" \/>\n\t<meta property=\"og:image:width\" content=\"500\" \/>\n\t<meta property=\"og:image:height\" content=\"500\" \/>\n\t<meta property=\"og:image:type\" content=\"image\/webp\" \/>\n<meta name=\"twitter:card\" content=\"summary_large_image\" \/>\n<meta name=\"twitter:label1\" content=\"Est. reading time\" \/>\n\t<meta name=\"twitter:data1\" content=\"2 dakika\" \/>\n<script type=\"application\/ld+json\" class=\"yoast-schema-graph\">{\"@context\":\"https:\\\/\\\/schema.org\",\"@graph\":[{\"@type\":\"WebPage\",\"@id\":\"https:\\\/\\\/www.telaled.com\\\/fabrica\\\/modulo-painel-de-led-p6-exteriores\\\/\",\"url\":\"https:\\\/\\\/www.telaled.com\\\/fabrica\\\/modulo-painel-de-led-p6-exteriores\\\/\",\"name\":\"Modulo Painel de LED P6 Exteriores | Tela Dur\u00e1vel e de Alta Qualidade para Publicidade Externa |TELALED\",\"isPartOf\":{\"@id\":\"https:\\\/\\\/www.telaled.com\\\/#website\"},\"primaryImageOfPage\":{\"@id\":\"https:\\\/\\\/www.telaled.com\\\/fabrica\\\/modulo-painel-de-led-p6-exteriores\\\/#primaryimage\"},\"image\":{\"@id\":\"https:\\\/\\\/www.telaled.com\\\/fabrica\\\/modulo-painel-de-led-p6-exteriores\\\/#primaryimage\"},\"thumbnailUrl\":\"https:\\\/\\\/www.telaled.com\\\/wp-content\\\/uploads\\\/2025\\\/07\\\/Modulo-Painel-de-LED-P6-Exteriores-1-1.webp\",\"datePublished\":\"2025-07-17T08:01:54+00:00\",\"dateModified\":\"2026-01-02T10:07:17+00:00\",\"description\":\"O Modulo Painel de LED P6 Exteriores oferece clareza e durabilidade excepcionais para displays externos. Perfeito para outdoors e sinaliza\u00e7\u00e3o digital, ele oferece imagens brilhantes e de alta qualidade que duram. Melhore a sua publicidade externa hoje mesmo, entre em contato conosco agora!\",\"breadcrumb\":{\"@id\":\"https:\\\/\\\/www.telaled.com\\\/fabrica\\\/modulo-painel-de-led-p6-exteriores\\\/#breadcrumb\"},\"inLanguage\":\"tr\",\"potentialAction\":[{\"@type\":\"ReadAction\",\"target\":[\"https:\\\/\\\/www.telaled.com\\\/fabrica\\\/modulo-painel-de-led-p6-exteriores\\\/\"]}]},{\"@type\":\"ImageObject\",\"inLanguage\":\"tr\",\"@id\":\"https:\\\/\\\/www.telaled.com\\\/fabrica\\\/modulo-painel-de-led-p6-exteriores\\\/#primaryimage\",\"url\":\"https:\\\/\\\/www.telaled.com\\\/wp-content\\\/uploads\\\/2025\\\/07\\\/Modulo-Painel-de-LED-P6-Exteriores-1-1.webp\",\"contentUrl\":\"https:\\\/\\\/www.telaled.com\\\/wp-content\\\/uploads\\\/2025\\\/07\\\/Modulo-Painel-de-LED-P6-Exteriores-1-1.webp\",\"width\":500,\"height\":500,\"caption\":\"Modulo-Painel-de-LED-P6-Exteriores (1)\"},{\"@type\":\"BreadcrumbList\",\"@id\":\"https:\\\/\\\/www.telaled.com\\\/fabrica\\\/modulo-painel-de-led-p6-exteriores\\\/#breadcrumb\",\"itemListElement\":[{\"@type\":\"ListItem\",\"position\":1,\"name\":\"Home\",\"item\":\"https:\\\/\\\/www.telaled.com\\\/\"},{\"@type\":\"ListItem\",\"position\":2,\"name\":\"Produtos\",\"item\":\"https:\\\/\\\/www.telaled.com\\\/shop\\\/\"},{\"@type\":\"ListItem\",\"position\":3,\"name\":\"Modulo Painel de LED P6 Exteriores\"}]},{\"@type\":\"WebSite\",\"@id\":\"https:\\\/\\\/www.telaled.com\\\/#website\",\"url\":\"https:\\\/\\\/www.telaled.com\\\/\",\"name\":\"TELALED\",\"description\":\"\",\"potentialAction\":[{\"@type\":\"SearchAction\",\"target\":{\"@type\":\"EntryPoint\",\"urlTemplate\":\"https:\\\/\\\/www.telaled.com\\\/?s={search_term_string}\"},\"query-input\":{\"@type\":\"PropertyValueSpecification\",\"valueRequired\":true,\"valueName\":\"search_term_string\"}}],\"inLanguage\":\"tr\"}]}<\/script>\n<!-- \/ Yoast SEO plugin. -->","yoast_head_json":{"title":"P6 D\u0131\u015f Mekan LED Panel Mod\u00fcl\u00fc | D\u0131\u015f Mekan Reklamc\u0131l\u0131\u011f\u0131 i\u00e7in Dayan\u0131kl\u0131 ve Y\u00fcksek Kaliteli Ekran | TELALED","description":"P6 D\u0131\u015f Mekan LED Panel Mod\u00fcl\u00fc, d\u0131\u015f mekan ekranlar\u0131 i\u00e7in ola\u011fan\u00fcst\u00fc netlik ve dayan\u0131kl\u0131l\u0131k sunar. Billboardlar ve dijital tabelalar i\u00e7in m\u00fckemmel olan bu mod\u00fcl, uzun s\u00fcre kal\u0131c\u0131, parlak ve y\u00fcksek kaliteli g\u00f6r\u00fcnt\u00fcler sa\u011flar. D\u0131\u015f mekan reklamc\u0131l\u0131\u011f\u0131n\u0131z\u0131 bug\u00fcn geli\u015ftirin, hemen bizimle ileti\u015fime ge\u00e7in!","robots":{"index":"index","follow":"follow","max-snippet":"max-snippet:-1","max-image-preview":"max-image-preview:large","max-video-preview":"max-video-preview:-1"},"canonical":"https:\/\/www.telaled.com\/tr\/fabrica\/modulo-painel-de-led-p6-exteriores\/","og_locale":"tr_TR","og_type":"article","og_title":"Modulo Painel de LED P6 Exteriores | Tela Dur\u00e1vel e de Alta Qualidade para Publicidade Externa |TELALED","og_description":"O Modulo Painel de LED P6 Exteriores oferece clareza e durabilidade excepcionais para displays externos. Perfeito para outdoors e sinaliza\u00e7\u00e3o digital, ele oferece imagens brilhantes e de alta qualidade que duram. Melhore a sua publicidade externa hoje mesmo, entre em contato conosco agora!","og_url":"https:\/\/www.telaled.com\/tr\/fabrica\/modulo-painel-de-led-p6-exteriores\/","og_site_name":"TELALED","article_modified_time":"2026-01-02T10:07:17+00:00","og_image":[{"width":500,"height":500,"url":"https:\/\/www.telaled.com\/wp-content\/uploads\/2025\/07\/Modulo-Painel-de-LED-P6-Exteriores-1-1.webp","type":"image\/webp"}],"twitter_card":"summary_large_image","twitter_misc":{"Est. reading time":"2 dakika"},"schema":{"@context":"https:\/\/schema.org","@graph":[{"@type":"WebPage","@id":"https:\/\/www.telaled.com\/fabrica\/modulo-painel-de-led-p6-exteriores\/","url":"https:\/\/www.telaled.com\/fabrica\/modulo-painel-de-led-p6-exteriores\/","name":"P6 D\u0131\u015f Mekan LED Panel Mod\u00fcl\u00fc | D\u0131\u015f Mekan Reklamc\u0131l\u0131\u011f\u0131 i\u00e7in Dayan\u0131kl\u0131 ve Y\u00fcksek Kaliteli Ekran | TELALED","isPartOf":{"@id":"https:\/\/www.telaled.com\/#website"},"primaryImageOfPage":{"@id":"https:\/\/www.telaled.com\/fabrica\/modulo-painel-de-led-p6-exteriores\/#primaryimage"},"image":{"@id":"https:\/\/www.telaled.com\/fabrica\/modulo-painel-de-led-p6-exteriores\/#primaryimage"},"thumbnailUrl":"https:\/\/www.telaled.com\/wp-content\/uploads\/2025\/07\/Modulo-Painel-de-LED-P6-Exteriores-1-1.webp","datePublished":"2025-07-17T08:01:54+00:00","dateModified":"2026-01-02T10:07:17+00:00","description":"P6 D\u0131\u015f Mekan LED Panel Mod\u00fcl\u00fc, d\u0131\u015f mekan ekranlar\u0131 i\u00e7in ola\u011fan\u00fcst\u00fc netlik ve dayan\u0131kl\u0131l\u0131k sunar. Billboardlar ve dijital tabelalar i\u00e7in m\u00fckemmel olan bu mod\u00fcl, uzun s\u00fcre kal\u0131c\u0131, parlak ve y\u00fcksek kaliteli g\u00f6r\u00fcnt\u00fcler sa\u011flar. D\u0131\u015f mekan reklamc\u0131l\u0131\u011f\u0131n\u0131z\u0131 bug\u00fcn geli\u015ftirin, hemen bizimle ileti\u015fime ge\u00e7in!","breadcrumb":{"@id":"https:\/\/www.telaled.com\/fabrica\/modulo-painel-de-led-p6-exteriores\/#breadcrumb"},"inLanguage":"tr","potentialAction":[{"@type":"ReadAction","target":["https:\/\/www.telaled.com\/fabrica\/modulo-painel-de-led-p6-exteriores\/"]}]},{"@type":"ImageObject","inLanguage":"tr","@id":"https:\/\/www.telaled.com\/fabrica\/modulo-painel-de-led-p6-exteriores\/#primaryimage","url":"https:\/\/www.telaled.com\/wp-content\/uploads\/2025\/07\/Modulo-Painel-de-LED-P6-Exteriores-1-1.webp","contentUrl":"https:\/\/www.telaled.com\/wp-content\/uploads\/2025\/07\/Modulo-Painel-de-LED-P6-Exteriores-1-1.webp","width":500,"height":500,"caption":"Modulo-Painel-de-LED-P6-Exteriores (1)"},{"@type":"BreadcrumbList","@id":"https:\/\/www.telaled.com\/fabrica\/modulo-painel-de-led-p6-exteriores\/#breadcrumb","itemListElement":[{"@type":"ListItem","position":1,"name":"Home","item":"https:\/\/www.telaled.com\/"},{"@type":"ListItem","position":2,"name":"Produtos","item":"https:\/\/www.telaled.com\/shop\/"},{"@type":"ListItem","position":3,"name":"Modulo Painel de LED P6 Exteriores"}]},{"@type":"WebSite","@id":"https:\/\/www.telaled.com\/#website","url":"https:\/\/www.telaled.com\/","name":"LED Ekran","description":"","potentialAction":[{"@type":"SearchAction","target":{"@type":"EntryPoint","urlTemplate":"https:\/\/www.telaled.com\/?s={search_term_string}"},"query-input":{"@type":"PropertyValueSpecification","valueRequired":true,"valueName":"search_term_string"}}],"inLanguage":"tr"}]}},"_links":{"self":[{"href":"https:\/\/www.telaled.com\/tr\/wp-json\/wp\/v2\/product\/2606","targetHints":{"allow":["GET"]}}],"collection":[{"href":"https:\/\/www.telaled.com\/tr\/wp-json\/wp\/v2\/product"}],"about":[{"href":"https:\/\/www.telaled.com\/tr\/wp-json\/wp\/v2\/types\/product"}],"wp:featuredmedia":[{"embeddable":true,"href":"https:\/\/www.telaled.com\/tr\/wp-json\/wp\/v2\/media\/2709"}],"wp:attachment":[{"href":"https:\/\/www.telaled.com\/tr\/wp-json\/wp\/v2\/media?parent=2606"}],"wp:term":[{"taxonomy":"product_brand","embeddable":true,"href":"https:\/\/www.telaled.com\/tr\/wp-json\/wp\/v2\/product_brand?post=2606"},{"taxonomy":"product_cat","embeddable":true,"href":"https:\/\/www.telaled.com\/tr\/wp-json\/wp\/v2\/product_cat?post=2606"},{"taxonomy":"product_tag","embeddable":true,"href":"https:\/\/www.telaled.com\/tr\/wp-json\/wp\/v2\/product_tag?post=2606"}],"curies":[{"name":"wp","href":"https:\/\/api.w.org\/{rel}","templated":true}]}}