{"id":2562,"date":"2025-07-15T09:20:10","date_gmt":"2025-07-15T09:20:10","guid":{"rendered":"https:\/\/www.telaled.com\/?post_type=product&#038;p=2562"},"modified":"2026-01-02T09:22:26","modified_gmt":"2026-01-02T09:22:26","slug":"modulo-painel-de-led-p5","status":"publish","type":"product","link":"https:\/\/www.telaled.com\/tr\/fabrica\/modulo-painel-de-led-p5\/","title":{"rendered":"P5 LED Panel Mod\u00fcl\u00fc"},"content":{"rendered":"<div id=\"featurebullets_feature_div\" class=\"celwidget\" data-feature-name=\"featurebullets\" data-csa-c-type=\"widget\" data-csa-c-content-id=\"featurebullets\" data-csa-c-slot-id=\"featurebullets_feature_div\" data-csa-c-asin=\"B07DF32D6Q\" data-csa-c-is-in-initial-active-row=\"false\" data-csa-c-id=\"3j0pnl-7cjnp-9t8psx-tspeog\">\n<div id=\"feature-bullets\" class=\"a-section a-spacing-medium a-spacing-top-small\">\n<div data-zone-id=\"0\" data-line-index=\"0\" data-line=\"true\">\n<p><strong>Ba\u015fl\u0131ca Kullan\u0131m Alanlar\u0131:<\/strong><\/p>\n<ul>\n<li><strong>Perakende ve reklamc\u0131l\u0131k:<\/strong> Al\u0131\u015fveri\u015f merkezlerinde, havaalanlar\u0131nda ve <a href=\"https:\/\/www.telaled.com\/tr\/painel-de-led-para-loja\/\">ma\u011fazalar<\/a> Dijital tabela, \u00fcr\u00fcn tan\u0131t\u0131m\u0131 ve iyi ayd\u0131nlat\u0131lm\u0131\u015f alanlarda g\u00f6r\u00fcn\u00fcrl\u00fck i\u00e7in y\u00fcksek parlakl\u0131\u011fa sahip interaktif ekranlar i\u00e7in.<\/li>\n<li><strong>Kontrol odalar\u0131:<\/strong> Kontrol odalar\u0131ndaki sistemleri izlemek, ger\u00e7ek zamanl\u0131 verileri, g\u00fcvenlik g\u00f6r\u00fcnt\u00fclerini ve operasyonel bilgileri kristal netli\u011finde g\u00f6r\u00fcnt\u00fclemek i\u00e7in m\u00fckemmeldir.<\/li>\n<li><strong>E\u011flence ve sahne dekoru<\/strong>Konser mekanlar\u0131nda yayg\u0131n olarak bulunur, <a href=\"https:\/\/www.telaled.com\/tr\/painel-de-led-para-eventos\/\">olaylar<\/a> Canl\u0131 performanslar, sahne dekorlar\u0131 ve canl\u0131 yay\u0131nlar i\u00e7in \u00e7arp\u0131c\u0131 g\u00f6rseller sunar.<\/li>\n<li><strong>E\u011fitim ve ibadet mekanlar\u0131:<\/strong> Okullarda, \u00fcniversitelerde ve kiliselerde konferanslar, t\u00f6renler ve ibadet hizmetleri s\u0131ras\u0131nda b\u00fcy\u00fck \u00f6l\u00e7ekli ekranlar i\u00e7in kullan\u0131l\u0131r.<\/li>\n<li><strong>M\u00fcze sergileri<\/strong>Sanat sergileri, tarihi bilgiler ve multimedya i\u00e7erikleri i\u00e7in y\u00fcksek kaliteli video ve interaktif ekranlarla sergileri zenginle\u015ftirir.<\/li>\n<\/ul>\n<p><strong>Kan\u0131tlanm\u0131\u015f Teknoloji:<\/strong><\/p>\n<ul>\n<li>IP40\/IP50 \u2013 Toz ve neme kar\u015f\u0131 dayan\u0131kl\u0131l\u0131k.<\/li>\n<li>16 bit gradyan (281 trilyon renk) \u2013 Foto ger\u00e7ek\u00e7i.<\/li>\n<li>CE\/RoHS\/ISO9001 Sertifikas\u0131 \u2013 Garantili end\u00fcstriyel kalite.<\/li>\n<\/ul>\n<p><img loading=\"lazy\" decoding=\"async\" class=\"alignnone wp-image-2017 size-full\" src=\"https:\/\/www.telaled.com\/wp-content\/uploads\/2023\/06\/quality-led-module-materials-1.webp\" alt=\"kalite odakl\u0131 mod\u00fcl malzemeleri\" width=\"768\" height=\"555\" srcset=\"https:\/\/www.telaled.com\/wp-content\/uploads\/2023\/06\/quality-led-module-materials-1.webp 768w, https:\/\/www.telaled.com\/wp-content\/uploads\/2023\/06\/quality-led-module-materials-1-300x217.webp 300w, https:\/\/www.telaled.com\/wp-content\/uploads\/2023\/06\/quality-led-module-materials-1-18x12.webp 18w, https:\/\/www.telaled.com\/wp-content\/uploads\/2023\/06\/quality-led-module-materials-1-600x434.webp 600w\" sizes=\"auto, (max-width: 768px) 100vw, 768px\" \/><\/p>\n<\/div>\n<\/div>\n<\/div>\n<div data-feature-name=\"acf-carousel\" data-csa-c-type=\"widget\" data-csa-c-content-id=\"acf-carousel\" data-csa-c-slot-id=\"acf-carousel_feature_div\" data-csa-c-asin=\"B07DF32D6Q\" data-csa-c-is-in-initial-active-row=\"false\" data-csa-c-id=\"oqpgyr-mh4egp-nntzd2-kyiiqq\">\n<table id=\"tablepress-34\" class=\"tablepress tablepress-id-34\">\n<thead>\n<tr class=\"row-1\">\n\t<th colspan=\"4\" class=\"column-1\">Teknik detaylar<\/th>\n<\/tr>\n<\/thead>\n<tbody class=\"row-striping row-hover\">\n<tr class=\"row-2\">\n\t<td class=\"column-1\">Model Numaras\u0131<\/td><td class=\"column-2\">TL \u2013 P5 LED Panel Mod\u00fcl\u00fc<\/td><td class=\"column-3\"><\/td><td class=\"column-4\"><\/td>\n<\/tr>\n<tr class=\"row-3\">\n\t<td class=\"column-1\">Marka Ad\u0131<\/td><td class=\"column-2\">\u00dcretici TELALED<\/td><td class=\"column-3\">Ekran D\u00fczl\u00fc\u011f\u00fc<\/td><td class=\"column-4\">&lt;\u00b11mm<\/td>\n<\/tr>\n<tr class=\"row-4\">\n\t<td class=\"column-1\">Men\u015fe Yeri<\/td><td class=\"column-2\">Guangdong, \u00c7in<\/td><td class=\"column-3\">Ar\u0131zalar Aras\u0131 Ortalama S\u00fcre (MTBF)<\/td><td class=\"column-4\">&gt;10.000 Saat<\/td>\n<\/tr>\n<tr class=\"row-5\">\n\t<td class=\"column-1\">Pikseller aras\u0131ndaki mesafe<\/td><td class=\"column-2\">P5<\/td><td class=\"column-3\">Faydal\u0131 \u00d6m\u00fcr<\/td><td class=\"column-4\">&gt;100.000 Saat<\/td>\n<\/tr>\n<tr class=\"row-6\">\n\t<td class=\"column-1\">Minimum \u0130zleme Mesafesi<\/td><td class=\"column-2\">5 metre<\/td><td class=\"column-3\">\u00c7al\u0131\u015fma Gerilimini G\u00f6r\u00fcnt\u00fcle<\/td><td class=\"column-4\">AC46\uff5e54HZ, 220V\u00b115%\/110V\u00b115%<\/td>\n<\/tr>\n<tr class=\"row-7\">\n\t<td class=\"column-1\">LED yap\u0131land\u0131rmas\u0131<\/td><td class=\"column-2\">SMD2121<\/td><td class=\"column-3\">I\u015f\u0131k Zay\u0131flamas\u0131<\/td><td class=\"column-4\">&lt;3%<\/td>\n<\/tr>\n<tr class=\"row-8\">\n\t<td class=\"column-1\">Mod\u00fcl \u00c7\u00f6z\u00fcn\u00fcrl\u00fc\u011f\u00fc<\/td><td class=\"column-2\">32x32 piksel \/ 64x32 piksel<\/td><td class=\"column-3\">Ka\u00e7ak Ak\u0131m<\/td><td class=\"column-4\">&lt;3mA<\/td>\n<\/tr>\n<tr class=\"row-9\">\n\t<td class=\"column-1\">Mod\u00fcl Pikseli<\/td><td class=\"column-2\">1024 piksel \/ 2048 piksel<\/td><td class=\"column-3\">5408 piksel<\/td><td class=\"column-4\">Arka: IP40 \/ \u00d6n: IP50<\/td>\n<\/tr>\n<tr class=\"row-10\">\n\t<td class=\"column-1\">Mod\u00fcl Boyutu<\/td><td class=\"column-2\">L160mm*H160mm*T14 \/L320mm*H160mm*T14<\/td><td class=\"column-3\">\u0130\u015fyerinin S\u0131cakl\u0131\u011f\u0131 ve Nem Oran\u0131<\/td><td class=\"column-4\">S\u0131cakl\u0131k: -20\u00b0C ila +60\u00b0C \/ Nem: 1 ila 1 RH<\/td>\n<\/tr>\n<tr class=\"row-11\">\n\t<td class=\"column-1\">Dolap Boyutu<\/td><td class=\"column-2\">640mm*640mm<\/td><td class=\"column-3\">Desteklenen Medya<\/td><td class=\"column-4\">Teknik \u00f6zellikler, Foto\u011fraflar, CAD modelleri, Video<\/td>\n<\/tr>\n<tr class=\"row-12\">\n\t<td class=\"column-1\">Piksel yap\u0131land\u0131rmas\u0131<\/td><td class=\"column-2\">SMD3&#039;\u00fc 1 arada, Tam Renkli K\u0131rm\u0131z\u0131\/Ye\u015fil\/Mavi 1:1:1<\/td><td class=\"column-3\">\u0130\u015flev<\/td><td class=\"column-4\">SDK<\/td>\n<\/tr>\n<tr class=\"row-13\">\n\t<td class=\"column-1\">Dengeli Parlakl\u0131k<\/td><td class=\"column-2\">1000 cd\/m\u00b2 (i\u00e7 mekan)<\/td><td class=\"column-3\">Kontrol Modu<\/td><td class=\"column-4\">Kontrol bilgisayar\u0131yla DVI \u00fczerinden senkronizasyon<\/td>\n<\/tr>\n<tr class=\"row-14\">\n\t<td class=\"column-1\">S\u00fcr\u00fc\u015f Y\u00f6ntemi<\/td><td class=\"column-2\">1\/16 tarama<\/td><td class=\"column-3\">Desteklenen Yaz\u0131l\u0131mlar<\/td><td class=\"column-4\">Windows XP\/W7\/Vista<\/td>\n<\/tr>\n<tr class=\"row-15\">\n\t<td class=\"column-1\">Yenileme H\u0131z\u0131<\/td><td class=\"column-2\">\u22651920 Hz<\/td><td class=\"column-3\">Kontrol Sistemi<\/td><td class=\"column-4\">DVI kart\u0131 + tam renkli kontrol \u00fcnitesi + optik fiber (iste\u011fe ba\u011fl\u0131)<\/td>\n<\/tr>\n<tr class=\"row-16\">\n\t<td class=\"column-1\">De\u011fi\u015fiklik Alg\u0131lama Frekans\u0131<\/td><td class=\"column-2\">50-60Hz<\/td><td class=\"column-3\">Ana Kontrol Sistemi Markas\u0131<\/td><td class=\"column-4\">Novastar, Linsn, Huidu, Colorlight<\/td>\n<\/tr>\n<tr class=\"row-17\">\n\t<td class=\"column-1\">Bak\u0131\u015f A\u00e7\u0131s\u0131<\/td><td class=\"column-2\">H140\u00b0 V120\u00b0<\/td><td class=\"column-3\">Aray\u00fcz<\/td><td class=\"column-4\">Standart Ethernet<\/td>\n<\/tr>\n<tr class=\"row-18\">\n\t<td class=\"column-1\">Bo\u015fta I\u015f\u0131k Oran\u0131<\/td><td class=\"column-2\">\u22641%<\/td><td class=\"column-3\">\u0130letim Mesafesi<\/td><td class=\"column-4\">\u00c7ok modlu fiber <500m >\n<\/tr>\n<tr class=\"row-19\">\n\t<td class=\"column-1\">Enerji \u0130sraf\u0131<\/td><td class=\"column-2\">700*1000 W\/M2<\/td><td class=\"column-3\">Garanti<\/td><td class=\"column-4\">5 y\u0131l<\/td>\n<\/tr>\n<tr class=\"row-20\">\n\t<td class=\"column-1\">Ortalama Enerji T\u00fcketimi<\/td><td class=\"column-2\">300 W\/M2<\/td><td class=\"column-3\">Tedarik\u00e7i T\u00fcr\u00fc<\/td><td class=\"column-4\">Orijinal \u00dcretici\/ODM\/OEM<\/td>\n<\/tr>\n<tr class=\"row-21\">\n\t<td class=\"column-1\">Gri Seviyesi<\/td><td class=\"column-2\">16 bit (281 trilyon renk) \/ ana renk ba\u015f\u0131na 65.536 ton<\/td><td class=\"column-3\">Teslimat s\u00fcresi<\/td><td class=\"column-4\">25 (veya pazarl\u0131k edilebilir)<\/td>\n<\/tr>\n<tr class=\"row-22\">\n\t<td class=\"column-1\">Ekran Rengi<\/td><td class=\"column-2\">16M<\/td><td class=\"column-3\">Ba\u015fvuru<\/td><td class=\"column-4\">Reklam\/\u0130\u00e7 Mekan\/D\u0131\u015f Mekan<\/td>\n<\/tr>\n<tr class=\"row-23\">\n\t<td class=\"column-1\">Kesintisiz \u00c7al\u0131\u015fma Saatleri<\/td><td class=\"column-2\">\u226572 saat<\/td><td class=\"column-3\">Kullanmak<\/td><td class=\"column-4\">Dijital reklamc\u0131l\u0131k, Al\u0131\u015fveri\u015f merkezleri, Kar\u015f\u0131lama ekranlar\u0131, Sergi salonlar\u0131, Havaalanlar\u0131, Kiliseler, Spor, Etkinlikler, Toplant\u0131lar, Kiralama, Sahneler, Otomotiv, Perakende, D\u00fc\u011f\u00fcnler<\/td>\n<\/tr>\n<tr class=\"row-24\">\n\t<td class=\"column-1\">Gizli K\u00f6r Nokta Oran\u0131<\/td><td class=\"column-2\"><1><td class=\"column-3\">Paketleme Detaylar\u0131<\/td><td class=\"column-4\">G\u00fc\u00e7lendirilmi\u015f karton kutu + ah\u015fap<\/td>\n<\/tr>\n<tr class=\"row-25\">\n\t<td class=\"column-1\">S\u00fcrekli K\u00f6r Nokta Oran\u0131<\/td><td class=\"column-2\">Hi\u00e7biri<\/td><td class=\"column-3\">Arz Kapasitesi<\/td><td class=\"column-4\">5.000 adet\/ay<\/td>\n<\/tr>\n<tr class=\"row-26\">\n\t<td class=\"column-1\">K\u00f6r Nokta Oran\u0131<\/td><td class=\"column-2\"><1><td class=\"column-3\">Liman<\/td><td class=\"column-4\">Shenzhen<\/td>\n<\/tr>\n<\/tbody>\n<\/table>\n<!-- #tablepress-34 from cache --><\/div>\n<div id=\"provenanceCertifications_feature_div\" class=\"celwidget\" data-feature-name=\"provenanceCertifications\" data-csa-c-type=\"widget\" data-csa-c-content-id=\"provenanceCertifications\" data-csa-c-slot-id=\"provenanceCertifications_feature_div\" data-csa-c-asin=\"B07DF32D6Q\" data-csa-c-is-in-initial-active-row=\"false\" data-csa-c-id=\"6t8ho-xbknmj-nqaso5-ne24gd\">\n<div id=\"provenance-certifications\" class=\"a-section a-spacing-medium a-spacing-top-micro\">\u00a0<\/div>\n<\/div>","protected":false},"excerpt":{"rendered":"<p><strong>P5 LED Panel Mod\u00fcl\u00fc \u2013 Reklam, Etkinlik ve Video Duvarlar\u0131 i\u00e7in Net 5 mm Piksel Aral\u0131\u011f\u0131<\/strong><\/p>\n<p>O <strong>P5 LED Panel Mod\u00fcl\u00fc<\/strong>\u00a05 mm piksel aral\u0131\u011f\u0131na sahip y\u00fcksek \u00e7\u00f6z\u00fcn\u00fcrl\u00fckl\u00fc i\u00e7 mekan ekranlar\u0131 i\u00e7in tasarlanm\u0131\u015ft\u0131r. Yak\u0131n izleme mesafelerinde net ve canl\u0131 g\u00f6r\u00fcnt\u00fcler sunarak reklam ekranlar\u0131, video duvarlar\u0131 ve sahne arka planlar\u0131 i\u00e7in idealdir. Mod\u00fcler tasar\u0131m\u0131, y\u00fcksek parlakl\u0131\u011f\u0131 ve g\u00fcvenilir performans\u0131, sabit kurulumlar ve \u00f6zel monit\u00f6rler i\u00e7in pratik bir se\u00e7enek haline getirir.<\/p>\n<p><strong>Ba\u015fl\u0131ca Faydalar\u0131:<\/strong><br \/>\n<strong><br \/>\n\u2714 K\u0131sa mesafelerde net g\u00f6r\u00fcnt\u00fc kalitesi: <\/strong>5 mm piksel aral\u0131\u011f\u0131, 4 ila 5 metre mesafeden net g\u00f6r\u00fcnt\u00fcler sa\u011flar.<strong><br \/>\n<\/strong><\/p>\n<p><strong>\u2714 Sorunsuz video oynatma: <\/strong>\u22651920 Hz&#039;lik y\u00fcksek yenileme h\u0131zlar\u0131, titre\u015fimsiz hareket sa\u011flar.<strong><br \/>\n<\/strong><\/p>\n<p><strong>\u2714 G\u00fcvenilir ve uzun \u00f6m\u00fcrl\u00fc: <\/strong>100.000 saate kadar nominal kullan\u0131m \u00f6mr\u00fc ve istikrarl\u0131 performans\u0131yla.<strong><br \/>\n<\/strong><\/p>\n<p><strong>\u2714 Mod\u00fcler ve bak\u0131m\u0131 kolay: <\/strong>Standart boyutlar ve \u00f6n\/arka eri\u015fim se\u00e7enekleri, t\u00fcm ekran\u0131 s\u00f6kmeye gerek kalmadan h\u0131zl\u0131 montaj ve mod\u00fcl de\u011fi\u015fimine olanak tan\u0131r.<\/p>","protected":false},"featured_media":2704,"template":"","meta":[],"product_brand":[],"product_cat":[41],"product_tag":[],"class_list":{"0":"post-2562","1":"product","2":"type-product","3":"status-publish","4":"has-post-thumbnail","6":"product_cat-modulo-painel-de-led","8":"first","9":"instock","10":"shipping-taxable","11":"product-type-simple"},"yoast_head":"<!-- This site is optimized with the Yoast SEO plugin v27.4 - https:\/\/yoast.com\/product\/yoast-seo-wordpress\/ -->\n<title>Modulo Painel de LED P5 | Tela de Alta Resolu\u00e7\u00e3o para Ambientes Internos e Externos |TELALED<\/title>\n<meta name=\"description\" content=\"Compre os Modulo Painel de LED P5 para obter telas n\u00edtidas e vibrantes em configura\u00e7\u00f5es internas ou externas. Ideal para publicidade, cen\u00e1rios de palco e paredes de v\u00eddeo. Envio r\u00e1pido para todo o mundo.\" \/>\n<meta name=\"robots\" content=\"index, follow, max-snippet:-1, max-image-preview:large, max-video-preview:-1\" \/>\n<link rel=\"canonical\" href=\"https:\/\/www.telaled.com\/tr\/fabrica\/modulo-painel-de-led-p5\/\" \/>\n<meta property=\"og:locale\" content=\"tr_TR\" \/>\n<meta property=\"og:type\" content=\"article\" \/>\n<meta property=\"og:title\" content=\"Modulo Painel de LED P5 | Tela de Alta Resolu\u00e7\u00e3o para Ambientes Internos e Externos |TELALED\" \/>\n<meta property=\"og:description\" content=\"Compre os Modulo Painel de LED P5 para obter telas n\u00edtidas e vibrantes em configura\u00e7\u00f5es internas ou externas. Ideal para publicidade, cen\u00e1rios de palco e paredes de v\u00eddeo. Envio r\u00e1pido para todo o mundo.\" \/>\n<meta property=\"og:url\" content=\"https:\/\/www.telaled.com\/tr\/fabrica\/modulo-painel-de-led-p5\/\" \/>\n<meta property=\"og:site_name\" content=\"TELALED\" \/>\n<meta property=\"article:modified_time\" content=\"2026-01-02T09:22:26+00:00\" \/>\n<meta property=\"og:image\" content=\"https:\/\/www.telaled.com\/wp-content\/uploads\/2025\/07\/modulo-painel-de-led-p5-1-1.webp\" \/>\n\t<meta property=\"og:image:width\" content=\"500\" \/>\n\t<meta property=\"og:image:height\" content=\"500\" \/>\n\t<meta property=\"og:image:type\" content=\"image\/webp\" \/>\n<meta name=\"twitter:card\" content=\"summary_large_image\" \/>\n<meta name=\"twitter:label1\" content=\"Est. reading time\" \/>\n\t<meta name=\"twitter:data1\" content=\"2 dakika\" \/>\n<script type=\"application\/ld+json\" class=\"yoast-schema-graph\">{\"@context\":\"https:\\\/\\\/schema.org\",\"@graph\":[{\"@type\":\"WebPage\",\"@id\":\"https:\\\/\\\/www.telaled.com\\\/fabrica\\\/modulo-painel-de-led-p5\\\/\",\"url\":\"https:\\\/\\\/www.telaled.com\\\/fabrica\\\/modulo-painel-de-led-p5\\\/\",\"name\":\"Modulo Painel de LED P5 | Tela de Alta Resolu\u00e7\u00e3o para Ambientes Internos e Externos |TELALED\",\"isPartOf\":{\"@id\":\"https:\\\/\\\/www.telaled.com\\\/#website\"},\"primaryImageOfPage\":{\"@id\":\"https:\\\/\\\/www.telaled.com\\\/fabrica\\\/modulo-painel-de-led-p5\\\/#primaryimage\"},\"image\":{\"@id\":\"https:\\\/\\\/www.telaled.com\\\/fabrica\\\/modulo-painel-de-led-p5\\\/#primaryimage\"},\"thumbnailUrl\":\"https:\\\/\\\/www.telaled.com\\\/wp-content\\\/uploads\\\/2025\\\/07\\\/modulo-painel-de-led-p5-1-1.webp\",\"datePublished\":\"2025-07-15T09:20:10+00:00\",\"dateModified\":\"2026-01-02T09:22:26+00:00\",\"description\":\"Compre os Modulo Painel de LED P5 para obter telas n\u00edtidas e vibrantes em configura\u00e7\u00f5es internas ou externas. Ideal para publicidade, cen\u00e1rios de palco e paredes de v\u00eddeo. Envio r\u00e1pido para todo o mundo.\",\"breadcrumb\":{\"@id\":\"https:\\\/\\\/www.telaled.com\\\/fabrica\\\/modulo-painel-de-led-p5\\\/#breadcrumb\"},\"inLanguage\":\"tr\",\"potentialAction\":[{\"@type\":\"ReadAction\",\"target\":[\"https:\\\/\\\/www.telaled.com\\\/fabrica\\\/modulo-painel-de-led-p5\\\/\"]}]},{\"@type\":\"ImageObject\",\"inLanguage\":\"tr\",\"@id\":\"https:\\\/\\\/www.telaled.com\\\/fabrica\\\/modulo-painel-de-led-p5\\\/#primaryimage\",\"url\":\"https:\\\/\\\/www.telaled.com\\\/wp-content\\\/uploads\\\/2025\\\/07\\\/modulo-painel-de-led-p5-1-1.webp\",\"contentUrl\":\"https:\\\/\\\/www.telaled.com\\\/wp-content\\\/uploads\\\/2025\\\/07\\\/modulo-painel-de-led-p5-1-1.webp\",\"width\":500,\"height\":500,\"caption\":\"modulo-painel-de-led-p5 (1)\"},{\"@type\":\"BreadcrumbList\",\"@id\":\"https:\\\/\\\/www.telaled.com\\\/fabrica\\\/modulo-painel-de-led-p5\\\/#breadcrumb\",\"itemListElement\":[{\"@type\":\"ListItem\",\"position\":1,\"name\":\"Home\",\"item\":\"https:\\\/\\\/www.telaled.com\\\/\"},{\"@type\":\"ListItem\",\"position\":2,\"name\":\"Produtos\",\"item\":\"https:\\\/\\\/www.telaled.com\\\/shop\\\/\"},{\"@type\":\"ListItem\",\"position\":3,\"name\":\"Modulo Painel de LED P5\"}]},{\"@type\":\"WebSite\",\"@id\":\"https:\\\/\\\/www.telaled.com\\\/#website\",\"url\":\"https:\\\/\\\/www.telaled.com\\\/\",\"name\":\"TELALED\",\"description\":\"\",\"potentialAction\":[{\"@type\":\"SearchAction\",\"target\":{\"@type\":\"EntryPoint\",\"urlTemplate\":\"https:\\\/\\\/www.telaled.com\\\/?s={search_term_string}\"},\"query-input\":{\"@type\":\"PropertyValueSpecification\",\"valueRequired\":true,\"valueName\":\"search_term_string\"}}],\"inLanguage\":\"tr\"}]}<\/script>\n<!-- \/ Yoast SEO plugin. -->","yoast_head_json":{"title":"P5 LED Panel Mod\u00fcl\u00fc | \u0130\u00e7 ve D\u0131\u015f Mekanlar \u0130\u00e7in Y\u00fcksek \u00c7\u00f6z\u00fcn\u00fcrl\u00fckl\u00fc Ekran | LED Ekran","description":"\u0130\u00e7 ve d\u0131\u015f mekanlarda net ve canl\u0131 g\u00f6r\u00fcnt\u00fcler elde etmek i\u00e7in P5 LED Panel Mod\u00fcl\u00fcn\u00fc sat\u0131n al\u0131n. Reklamc\u0131l\u0131k, sahne dekorlar\u0131 ve video duvarlar\u0131 i\u00e7in idealdir. H\u0131zl\u0131 d\u00fcnya \u00e7ap\u0131nda kargo.","robots":{"index":"index","follow":"follow","max-snippet":"max-snippet:-1","max-image-preview":"max-image-preview:large","max-video-preview":"max-video-preview:-1"},"canonical":"https:\/\/www.telaled.com\/tr\/fabrica\/modulo-painel-de-led-p5\/","og_locale":"tr_TR","og_type":"article","og_title":"Modulo Painel de LED P5 | Tela de Alta Resolu\u00e7\u00e3o para Ambientes Internos e Externos |TELALED","og_description":"Compre os Modulo Painel de LED P5 para obter telas n\u00edtidas e vibrantes em configura\u00e7\u00f5es internas ou externas. Ideal para publicidade, cen\u00e1rios de palco e paredes de v\u00eddeo. Envio r\u00e1pido para todo o mundo.","og_url":"https:\/\/www.telaled.com\/tr\/fabrica\/modulo-painel-de-led-p5\/","og_site_name":"TELALED","article_modified_time":"2026-01-02T09:22:26+00:00","og_image":[{"width":500,"height":500,"url":"https:\/\/www.telaled.com\/wp-content\/uploads\/2025\/07\/modulo-painel-de-led-p5-1-1.webp","type":"image\/webp"}],"twitter_card":"summary_large_image","twitter_misc":{"Est. reading time":"2 dakika"},"schema":{"@context":"https:\/\/schema.org","@graph":[{"@type":"WebPage","@id":"https:\/\/www.telaled.com\/fabrica\/modulo-painel-de-led-p5\/","url":"https:\/\/www.telaled.com\/fabrica\/modulo-painel-de-led-p5\/","name":"P5 LED Panel Mod\u00fcl\u00fc | \u0130\u00e7 ve D\u0131\u015f Mekanlar \u0130\u00e7in Y\u00fcksek \u00c7\u00f6z\u00fcn\u00fcrl\u00fckl\u00fc Ekran | LED Ekran","isPartOf":{"@id":"https:\/\/www.telaled.com\/#website"},"primaryImageOfPage":{"@id":"https:\/\/www.telaled.com\/fabrica\/modulo-painel-de-led-p5\/#primaryimage"},"image":{"@id":"https:\/\/www.telaled.com\/fabrica\/modulo-painel-de-led-p5\/#primaryimage"},"thumbnailUrl":"https:\/\/www.telaled.com\/wp-content\/uploads\/2025\/07\/modulo-painel-de-led-p5-1-1.webp","datePublished":"2025-07-15T09:20:10+00:00","dateModified":"2026-01-02T09:22:26+00:00","description":"\u0130\u00e7 ve d\u0131\u015f mekanlarda net ve canl\u0131 g\u00f6r\u00fcnt\u00fcler elde etmek i\u00e7in P5 LED Panel Mod\u00fcl\u00fcn\u00fc sat\u0131n al\u0131n. Reklamc\u0131l\u0131k, sahne dekorlar\u0131 ve video duvarlar\u0131 i\u00e7in idealdir. H\u0131zl\u0131 d\u00fcnya \u00e7ap\u0131nda kargo.","breadcrumb":{"@id":"https:\/\/www.telaled.com\/fabrica\/modulo-painel-de-led-p5\/#breadcrumb"},"inLanguage":"tr","potentialAction":[{"@type":"ReadAction","target":["https:\/\/www.telaled.com\/fabrica\/modulo-painel-de-led-p5\/"]}]},{"@type":"ImageObject","inLanguage":"tr","@id":"https:\/\/www.telaled.com\/fabrica\/modulo-painel-de-led-p5\/#primaryimage","url":"https:\/\/www.telaled.com\/wp-content\/uploads\/2025\/07\/modulo-painel-de-led-p5-1-1.webp","contentUrl":"https:\/\/www.telaled.com\/wp-content\/uploads\/2025\/07\/modulo-painel-de-led-p5-1-1.webp","width":500,"height":500,"caption":"modulo-painel-de-led-p5 (1)"},{"@type":"BreadcrumbList","@id":"https:\/\/www.telaled.com\/fabrica\/modulo-painel-de-led-p5\/#breadcrumb","itemListElement":[{"@type":"ListItem","position":1,"name":"Home","item":"https:\/\/www.telaled.com\/"},{"@type":"ListItem","position":2,"name":"Produtos","item":"https:\/\/www.telaled.com\/shop\/"},{"@type":"ListItem","position":3,"name":"Modulo Painel de LED P5"}]},{"@type":"WebSite","@id":"https:\/\/www.telaled.com\/#website","url":"https:\/\/www.telaled.com\/","name":"LED Ekran","description":"","potentialAction":[{"@type":"SearchAction","target":{"@type":"EntryPoint","urlTemplate":"https:\/\/www.telaled.com\/?s={search_term_string}"},"query-input":{"@type":"PropertyValueSpecification","valueRequired":true,"valueName":"search_term_string"}}],"inLanguage":"tr"}]}},"_links":{"self":[{"href":"https:\/\/www.telaled.com\/tr\/wp-json\/wp\/v2\/product\/2562","targetHints":{"allow":["GET"]}}],"collection":[{"href":"https:\/\/www.telaled.com\/tr\/wp-json\/wp\/v2\/product"}],"about":[{"href":"https:\/\/www.telaled.com\/tr\/wp-json\/wp\/v2\/types\/product"}],"wp:featuredmedia":[{"embeddable":true,"href":"https:\/\/www.telaled.com\/tr\/wp-json\/wp\/v2\/media\/2704"}],"wp:attachment":[{"href":"https:\/\/www.telaled.com\/tr\/wp-json\/wp\/v2\/media?parent=2562"}],"wp:term":[{"taxonomy":"product_brand","embeddable":true,"href":"https:\/\/www.telaled.com\/tr\/wp-json\/wp\/v2\/product_brand?post=2562"},{"taxonomy":"product_cat","embeddable":true,"href":"https:\/\/www.telaled.com\/tr\/wp-json\/wp\/v2\/product_cat?post=2562"},{"taxonomy":"product_tag","embeddable":true,"href":"https:\/\/www.telaled.com\/tr\/wp-json\/wp\/v2\/product_tag?post=2562"}],"curies":[{"name":"wp","href":"https:\/\/api.w.org\/{rel}","templated":true}]}}