{"id":2542,"date":"2025-07-14T03:51:55","date_gmt":"2025-07-14T03:51:55","guid":{"rendered":"https:\/\/www.telaled.com\/?post_type=product&#038;p=2542"},"modified":"2026-01-02T08:46:54","modified_gmt":"2026-01-02T08:46:54","slug":"modulo-painel-de-led-p4-exteriores","status":"publish","type":"product","link":"https:\/\/www.telaled.com\/tr\/fabrica\/modulo-painel-de-led-p4-exteriores\/","title":{"rendered":"P4 D\u0131\u015f Mekan LED Panel Mod\u00fcl\u00fc"},"content":{"rendered":"<div id=\"featurebullets_feature_div\" class=\"celwidget\" data-feature-name=\"featurebullets\" data-csa-c-type=\"widget\" data-csa-c-content-id=\"featurebullets\" data-csa-c-slot-id=\"featurebullets_feature_div\" data-csa-c-asin=\"B07DF32D6Q\" data-csa-c-is-in-initial-active-row=\"false\" data-csa-c-id=\"3j0pnl-7cjnp-9t8psx-tspeog\">\n<div id=\"feature-bullets\" class=\"a-section a-spacing-medium a-spacing-top-small\">\n<div data-zone-id=\"0\" data-line-index=\"0\" data-line=\"true\">\n<p><strong>Ba\u015fl\u0131ca Kullan\u0131m Alanlar\u0131:<\/strong><\/p>\n<ul>\n<li><strong>D\u0131\u015f paneller:<\/strong> Yol kenarlar\u0131na, otoyollara ve ticari alanlara yerle\u015ftirilen dijital reklam panolar\u0131 i\u00e7in idealdir.<\/li>\n<li><strong><a href=\"https:\/\/www.telaled.com\/tr\/painel-de-led-para-eventos\/\">Etkinlikler i\u00e7in ekranlar<\/a> ve sahne dekorlar\u0131:<\/strong> Genellikle konserlerde, festivallerde ve net, orta menzilli bir ekrana ihtiya\u00e7 duyulan a\u00e7\u0131k hava etkinliklerinde kullan\u0131l\u0131r.<\/li>\n<li><strong>Ula\u015f\u0131m merkezleri:<\/strong> Havaalanlar\u0131nda, otob\u00fcs terminallerinde ve tren istasyonlar\u0131nda ger\u00e7ek zamanl\u0131 bilgi ekranlar\u0131 i\u00e7in etkilidir.<\/li>\n<li><strong>Perakende ma\u011fazalar\u0131 ve al\u0131\u015fveri\u015f merkezleri:<\/strong> Bina cephelerinde ve ma\u011faza vitrinlerinde y\u00fcksek etkili reklamc\u0131l\u0131k i\u00e7in kullan\u0131l\u0131r.<\/li>\n<\/ul>\n<p><strong>Kan\u0131tlanm\u0131\u015f Teknoloji:<\/strong><\/p>\n<ul>\n<li>IP40\/IP50 \u2013 Toz ve neme kar\u015f\u0131 dayan\u0131kl\u0131l\u0131k.<\/li>\n<li>16 bit gradyan (281 trilyon renk) \u2013 Foto ger\u00e7ek\u00e7i.<\/li>\n<li>CE\/RoHS\/ISO9001 Sertifikas\u0131 \u2013 Garantili end\u00fcstriyel kalite.<\/li>\n<\/ul>\n<p><img loading=\"lazy\" decoding=\"async\" class=\"alignnone wp-image-2017 size-full\" src=\"https:\/\/www.telaled.com\/wp-content\/uploads\/2023\/06\/quality-led-module-materials-1.webp\" alt=\"kalite odakl\u0131 mod\u00fcl malzemeleri\" width=\"768\" height=\"555\" srcset=\"https:\/\/www.telaled.com\/wp-content\/uploads\/2023\/06\/quality-led-module-materials-1.webp 768w, https:\/\/www.telaled.com\/wp-content\/uploads\/2023\/06\/quality-led-module-materials-1-300x217.webp 300w, https:\/\/www.telaled.com\/wp-content\/uploads\/2023\/06\/quality-led-module-materials-1-18x12.webp 18w, https:\/\/www.telaled.com\/wp-content\/uploads\/2023\/06\/quality-led-module-materials-1-600x434.webp 600w\" sizes=\"auto, (max-width: 768px) 100vw, 768px\" \/><\/p>\n<\/div>\n<\/div>\n<\/div>\n<div data-feature-name=\"acf-carousel\" data-csa-c-type=\"widget\" data-csa-c-content-id=\"acf-carousel\" data-csa-c-slot-id=\"acf-carousel_feature_div\" data-csa-c-asin=\"B07DF32D6Q\" data-csa-c-is-in-initial-active-row=\"false\" data-csa-c-id=\"oqpgyr-mh4egp-nntzd2-kyiiqq\">\n<table id=\"tablepress-31\" class=\"tablepress tablepress-id-31\">\n<thead>\n<tr class=\"row-1\">\n\t<th class=\"column-1\">Teknik \u00d6zellikler:<\/th><th class=\"column-2\">TCF-P2.5-S840<\/th>\n<\/tr>\n<\/thead>\n<tbody class=\"row-striping row-hover\">\n<tr class=\"row-2\">\n\t<td class=\"column-1\">Piksel bile\u015fimi:<\/td><td class=\"column-2\">2121 (3&#039;\u00fc 1 arada)<\/td>\n<\/tr>\n<tr class=\"row-3\">\n\t<td class=\"column-1\">G\u00f6r\u00fcnt\u00fc yo\u011funlu\u011fu: (puan)<\/td><td class=\"column-2\">160000\u33a1<\/td>\n<\/tr>\n<tr class=\"row-4\">\n\t<td class=\"column-1\">\u0130deal izleme mesafesi: (m)<\/td><td class=\"column-2\">2,5-100m<\/td>\n<\/tr>\n<tr class=\"row-5\">\n\t<td class=\"column-1\">Maksimum enerji t\u00fcketimi:<\/td><td class=\"column-2\">800w\/\u33a1<\/td>\n<\/tr>\n<tr class=\"row-6\">\n\t<td class=\"column-1\">Tarama modu:<\/td><td class=\"column-2\">32 tarama<\/td>\n<\/tr>\n<tr class=\"row-7\">\n\t<td class=\"column-1\">Parlakl\u0131k: (CD\/\u33a1)<\/td><td class=\"column-2\">1200<\/td>\n<\/tr>\n<tr class=\"row-8\">\n\t<td class=\"column-1\">G\u00f6r\u00fc\u015f a\u00e7\u0131s\u0131: (m)<\/td><td class=\"column-2\">Y\u00fckseklik 120\u00b0 Dikey 120\u00b0 (50 mm sarmal\u0131 \u00e7er\u00e7eve) \/ Y\u00fckseklik 360\u00b0 Dikey 360\u00b0 (\u00c7er\u00e7evesiz)<\/td>\n<\/tr>\n<tr class=\"row-9\">\n\t<td class=\"column-1\">\u00c7al\u0131\u015fma gerilimi:<\/td><td class=\"column-2\">AC 220V\/100V\u00b115% 47~64HZ<\/td>\n<\/tr>\n<tr class=\"row-10\">\n\t<td class=\"column-1\">Besleme gerilimi:<\/td><td class=\"column-2\">5V<\/td>\n<\/tr>\n<tr class=\"row-11\">\n\t<td class=\"column-1\">Sistem \u00e7al\u0131\u015fma ortam s\u0131cakl\u0131\u011f\u0131:<\/td><td class=\"column-2\">-20~60\u00b0C<\/td>\n<\/tr>\n<tr class=\"row-12\">\n\t<td class=\"column-1\">Sistem orta d\u00fczeyde bir ortamda \u00e7al\u0131\u015fmaktad\u0131r:<\/td><td class=\"column-2\">10%~90% UR<\/td>\n<\/tr>\n<tr class=\"row-13\">\n\t<td class=\"column-1\">Ekran Rengi:<\/td><td class=\"column-2\">16,7 milyon<\/td>\n<\/tr>\n<tr class=\"row-14\">\n\t<td class=\"column-1\">Gri tonlama seviyesi:<\/td><td class=\"column-2\">16384<\/td>\n<\/tr>\n<tr class=\"row-15\">\n\t<td class=\"column-1\">\u0130leti\u015fim y\u00f6ntemi:<\/td><td class=\"column-2\">Senkronizasyon \/ Senkronizasyonun Bozulmas\u0131<\/td>\n<\/tr>\n<\/tbody>\n<\/table>\n<!-- #tablepress-31 from cache --><\/div>\n<div id=\"provenanceCertifications_feature_div\" class=\"celwidget\" data-feature-name=\"provenanceCertifications\" data-csa-c-type=\"widget\" data-csa-c-content-id=\"provenanceCertifications\" data-csa-c-slot-id=\"provenanceCertifications_feature_div\" data-csa-c-asin=\"B07DF32D6Q\" data-csa-c-is-in-initial-active-row=\"false\" data-csa-c-id=\"6t8ho-xbknmj-nqaso5-ne24gd\">\n<div id=\"provenance-certifications\" class=\"a-section a-spacing-medium a-spacing-top-micro\">\u00a0<\/div>\n<\/div>","protected":false},"excerpt":{"rendered":"<p><strong>P4 D\u0131\u015f Mekan LED Panel Mod\u00fcl\u00fc \u2013 Net D\u0131\u015f Mekan G\u00f6r\u00fcnt\u00fcleme i\u00e7in 4 mm Piksel Aral\u0131\u011f\u0131na Sahip G\u00fcvenilir Ekran<\/strong><\/p>\n<p>O <strong>P4 D\u0131\u015f Mekan LED Panel Mod\u00fcl\u00fc<\/strong> Orta ve k\u0131sa mesafeli d\u0131\u015f mekan g\u00f6r\u00fcnt\u00fcleme i\u00e7in tasarlanm\u0131\u015ft\u0131r. 4 mm piksel aral\u0131\u011f\u0131yla, parlak g\u00fcn \u0131\u015f\u0131\u011f\u0131nda bile net \u00e7\u00f6z\u00fcn\u00fcrl\u00fck ve ak\u0131c\u0131 g\u00f6r\u00fcnt\u00fcler sunar. Bu mod\u00fcl, g\u00f6r\u00fcnt\u00fc netli\u011fi ve maliyet etkinli\u011fi aras\u0131nda bir denge kurar.<\/p>\n<p><strong>Ba\u015fl\u0131ca Faydalar\u0131:<\/strong><br \/>\n<strong><br \/>\n\u2714 Ekran g\u00fcn \u0131\u015f\u0131\u011f\u0131nda g\u00f6r\u00fcn\u00fcr:<\/strong> G\u00fcne\u015f \u0131\u015f\u0131\u011f\u0131nda bile net g\u00f6r\u00fcnt\u00fcler i\u00e7in y\u00fcksek parlakl\u0131k (7000 cd\/\u33a1).<strong><br \/>\n<\/strong><\/p>\n<p><strong>\u2714 Esnek boyut:<\/strong> Mod\u00fcler tasar\u0131m, kusursuz birle\u015fim yerleriyle \u00f6zel ekran boyutlar\u0131na olanak tan\u0131r.<strong><br \/>\n<\/strong><\/p>\n<p><strong>\u2714 Hava ko\u015fullar\u0131na dayan\u0131kl\u0131:<\/strong> IP65 derecesi, ya\u011fmur, toz ve nemde g\u00fcvenilir performans sa\u011flar.<strong><br \/>\n<\/strong><\/p>\n<p><strong>\u2714 Etkili ve nazik: <\/strong>D\u00fc\u015f\u00fck <a href=\"https:\/\/www.telaled.com\/tr\/entendendo-o-consumo-de-energia-painel-de-led-quao-eficientes-sao-os-displays-de-led-modernos\/\">enerji t\u00fcketimi<\/a> Titre\u015fimsiz oynatma i\u00e7in sabit yenileme h\u0131zlar\u0131yla.<\/p>","protected":false},"featured_media":2700,"template":"","meta":[],"product_brand":[],"product_cat":[41],"product_tag":[],"class_list":{"0":"post-2542","1":"product","2":"type-product","3":"status-publish","4":"has-post-thumbnail","6":"product_cat-modulo-painel-de-led","8":"first","9":"instock","10":"shipping-taxable","11":"product-type-simple"},"yoast_head":"<!-- This site is optimized with the Yoast SEO plugin v27.4 - https:\/\/yoast.com\/product\/yoast-seo-wordpress\/ -->\n<title>Modulo Painel de LED P4 Exteriores | Tela de Ata Resolu\u00e7\u00e3o para Publicidade Externa |TELALED<\/title>\n<meta name=\"description\" content=\"Atualize sua sinaliza\u00e7\u00e3o externa com nosso Modulo Painel de LED P4 Exteriores. Com uma densidade de pixels de 4 mm, ele oferece imagens n\u00edtidas mesmo \u00e0 luz do dia. Criado para durabilidade e desempenho de longo prazo. Fa\u00e7a uma cota\u00e7\u00e3o agora!\" \/>\n<meta name=\"robots\" content=\"index, follow, max-snippet:-1, max-image-preview:large, max-video-preview:-1\" \/>\n<link rel=\"canonical\" href=\"https:\/\/www.telaled.com\/tr\/fabrica\/modulo-painel-de-led-p4-exteriores\/\" \/>\n<meta property=\"og:locale\" content=\"tr_TR\" \/>\n<meta property=\"og:type\" content=\"article\" \/>\n<meta property=\"og:title\" content=\"Modulo Painel de LED P4 Exteriores | Tela de Ata Resolu\u00e7\u00e3o para Publicidade Externa |TELALED\" \/>\n<meta property=\"og:description\" content=\"Atualize sua sinaliza\u00e7\u00e3o externa com nosso Modulo Painel de LED P4 Exteriores. Com uma densidade de pixels de 4 mm, ele oferece imagens n\u00edtidas mesmo \u00e0 luz do dia. Criado para durabilidade e desempenho de longo prazo. Fa\u00e7a uma cota\u00e7\u00e3o agora!\" \/>\n<meta property=\"og:url\" content=\"https:\/\/www.telaled.com\/tr\/fabrica\/modulo-painel-de-led-p4-exteriores\/\" \/>\n<meta property=\"og:site_name\" content=\"TELALED\" \/>\n<meta property=\"article:modified_time\" content=\"2026-01-02T08:46:54+00:00\" \/>\n<meta property=\"og:image\" content=\"https:\/\/www.telaled.com\/wp-content\/uploads\/2025\/07\/modulo-painel-de-led-p4-exteriores-1-1.webp\" \/>\n\t<meta property=\"og:image:width\" content=\"500\" \/>\n\t<meta property=\"og:image:height\" content=\"500\" \/>\n\t<meta property=\"og:image:type\" content=\"image\/webp\" \/>\n<meta name=\"twitter:card\" content=\"summary_large_image\" \/>\n<meta name=\"twitter:label1\" content=\"Est. reading time\" \/>\n\t<meta name=\"twitter:data1\" content=\"2 dakika\" \/>\n<script type=\"application\/ld+json\" class=\"yoast-schema-graph\">{\"@context\":\"https:\\\/\\\/schema.org\",\"@graph\":[{\"@type\":\"WebPage\",\"@id\":\"https:\\\/\\\/www.telaled.com\\\/fabrica\\\/modulo-painel-de-led-p4-exteriores\\\/\",\"url\":\"https:\\\/\\\/www.telaled.com\\\/fabrica\\\/modulo-painel-de-led-p4-exteriores\\\/\",\"name\":\"Modulo Painel de LED P4 Exteriores | Tela de Ata Resolu\u00e7\u00e3o para Publicidade Externa |TELALED\",\"isPartOf\":{\"@id\":\"https:\\\/\\\/www.telaled.com\\\/#website\"},\"primaryImageOfPage\":{\"@id\":\"https:\\\/\\\/www.telaled.com\\\/fabrica\\\/modulo-painel-de-led-p4-exteriores\\\/#primaryimage\"},\"image\":{\"@id\":\"https:\\\/\\\/www.telaled.com\\\/fabrica\\\/modulo-painel-de-led-p4-exteriores\\\/#primaryimage\"},\"thumbnailUrl\":\"https:\\\/\\\/www.telaled.com\\\/wp-content\\\/uploads\\\/2025\\\/07\\\/modulo-painel-de-led-p4-exteriores-1-1.webp\",\"datePublished\":\"2025-07-14T03:51:55+00:00\",\"dateModified\":\"2026-01-02T08:46:54+00:00\",\"description\":\"Atualize sua sinaliza\u00e7\u00e3o externa com nosso Modulo Painel de LED P4 Exteriores. Com uma densidade de pixels de 4 mm, ele oferece imagens n\u00edtidas mesmo \u00e0 luz do dia. Criado para durabilidade e desempenho de longo prazo. Fa\u00e7a uma cota\u00e7\u00e3o agora!\",\"breadcrumb\":{\"@id\":\"https:\\\/\\\/www.telaled.com\\\/fabrica\\\/modulo-painel-de-led-p4-exteriores\\\/#breadcrumb\"},\"inLanguage\":\"tr\",\"potentialAction\":[{\"@type\":\"ReadAction\",\"target\":[\"https:\\\/\\\/www.telaled.com\\\/fabrica\\\/modulo-painel-de-led-p4-exteriores\\\/\"]}]},{\"@type\":\"ImageObject\",\"inLanguage\":\"tr\",\"@id\":\"https:\\\/\\\/www.telaled.com\\\/fabrica\\\/modulo-painel-de-led-p4-exteriores\\\/#primaryimage\",\"url\":\"https:\\\/\\\/www.telaled.com\\\/wp-content\\\/uploads\\\/2025\\\/07\\\/modulo-painel-de-led-p4-exteriores-1-1.webp\",\"contentUrl\":\"https:\\\/\\\/www.telaled.com\\\/wp-content\\\/uploads\\\/2025\\\/07\\\/modulo-painel-de-led-p4-exteriores-1-1.webp\",\"width\":500,\"height\":500,\"caption\":\"modulo-painel-de-led-p4-exteriores (1)\"},{\"@type\":\"BreadcrumbList\",\"@id\":\"https:\\\/\\\/www.telaled.com\\\/fabrica\\\/modulo-painel-de-led-p4-exteriores\\\/#breadcrumb\",\"itemListElement\":[{\"@type\":\"ListItem\",\"position\":1,\"name\":\"Home\",\"item\":\"https:\\\/\\\/www.telaled.com\\\/\"},{\"@type\":\"ListItem\",\"position\":2,\"name\":\"Produtos\",\"item\":\"https:\\\/\\\/www.telaled.com\\\/shop\\\/\"},{\"@type\":\"ListItem\",\"position\":3,\"name\":\"Modulo Painel de LED P4 Exteriores\"}]},{\"@type\":\"WebSite\",\"@id\":\"https:\\\/\\\/www.telaled.com\\\/#website\",\"url\":\"https:\\\/\\\/www.telaled.com\\\/\",\"name\":\"TELALED\",\"description\":\"\",\"potentialAction\":[{\"@type\":\"SearchAction\",\"target\":{\"@type\":\"EntryPoint\",\"urlTemplate\":\"https:\\\/\\\/www.telaled.com\\\/?s={search_term_string}\"},\"query-input\":{\"@type\":\"PropertyValueSpecification\",\"valueRequired\":true,\"valueName\":\"search_term_string\"}}],\"inLanguage\":\"tr\"}]}<\/script>\n<!-- \/ Yoast SEO plugin. -->","yoast_head_json":{"title":"P4 D\u0131\u015f Mekan LED Panel Mod\u00fcl\u00fc | D\u0131\u015f Mekan Reklamc\u0131l\u0131\u011f\u0131 i\u00e7in Y\u00fcksek \u00c7\u00f6z\u00fcn\u00fcrl\u00fckl\u00fc Ekran | LED Ekran","description":"D\u0131\u015f mekan tabelalar\u0131n\u0131z\u0131 P4 D\u0131\u015f Mekan LED Panel Mod\u00fcl\u00fcm\u00fczle y\u00fckseltin. 4 mm piksel yo\u011funlu\u011fuyla, g\u00fcn \u0131\u015f\u0131\u011f\u0131nda bile net g\u00f6r\u00fcnt\u00fcler sunar. Dayan\u0131kl\u0131l\u0131k ve uzun s\u00fcreli performans i\u00e7in tasarlanm\u0131\u015ft\u0131r. Hemen fiyat teklifi al\u0131n!","robots":{"index":"index","follow":"follow","max-snippet":"max-snippet:-1","max-image-preview":"max-image-preview:large","max-video-preview":"max-video-preview:-1"},"canonical":"https:\/\/www.telaled.com\/tr\/fabrica\/modulo-painel-de-led-p4-exteriores\/","og_locale":"tr_TR","og_type":"article","og_title":"Modulo Painel de LED P4 Exteriores | Tela de Ata Resolu\u00e7\u00e3o para Publicidade Externa |TELALED","og_description":"Atualize sua sinaliza\u00e7\u00e3o externa com nosso Modulo Painel de LED P4 Exteriores. Com uma densidade de pixels de 4 mm, ele oferece imagens n\u00edtidas mesmo \u00e0 luz do dia. Criado para durabilidade e desempenho de longo prazo. Fa\u00e7a uma cota\u00e7\u00e3o agora!","og_url":"https:\/\/www.telaled.com\/tr\/fabrica\/modulo-painel-de-led-p4-exteriores\/","og_site_name":"TELALED","article_modified_time":"2026-01-02T08:46:54+00:00","og_image":[{"width":500,"height":500,"url":"https:\/\/www.telaled.com\/wp-content\/uploads\/2025\/07\/modulo-painel-de-led-p4-exteriores-1-1.webp","type":"image\/webp"}],"twitter_card":"summary_large_image","twitter_misc":{"Est. reading time":"2 dakika"},"schema":{"@context":"https:\/\/schema.org","@graph":[{"@type":"WebPage","@id":"https:\/\/www.telaled.com\/fabrica\/modulo-painel-de-led-p4-exteriores\/","url":"https:\/\/www.telaled.com\/fabrica\/modulo-painel-de-led-p4-exteriores\/","name":"P4 D\u0131\u015f Mekan LED Panel Mod\u00fcl\u00fc | D\u0131\u015f Mekan Reklamc\u0131l\u0131\u011f\u0131 i\u00e7in Y\u00fcksek \u00c7\u00f6z\u00fcn\u00fcrl\u00fckl\u00fc Ekran | LED Ekran","isPartOf":{"@id":"https:\/\/www.telaled.com\/#website"},"primaryImageOfPage":{"@id":"https:\/\/www.telaled.com\/fabrica\/modulo-painel-de-led-p4-exteriores\/#primaryimage"},"image":{"@id":"https:\/\/www.telaled.com\/fabrica\/modulo-painel-de-led-p4-exteriores\/#primaryimage"},"thumbnailUrl":"https:\/\/www.telaled.com\/wp-content\/uploads\/2025\/07\/modulo-painel-de-led-p4-exteriores-1-1.webp","datePublished":"2025-07-14T03:51:55+00:00","dateModified":"2026-01-02T08:46:54+00:00","description":"D\u0131\u015f mekan tabelalar\u0131n\u0131z\u0131 P4 D\u0131\u015f Mekan LED Panel Mod\u00fcl\u00fcm\u00fczle y\u00fckseltin. 4 mm piksel yo\u011funlu\u011fuyla, g\u00fcn \u0131\u015f\u0131\u011f\u0131nda bile net g\u00f6r\u00fcnt\u00fcler sunar. Dayan\u0131kl\u0131l\u0131k ve uzun s\u00fcreli performans i\u00e7in tasarlanm\u0131\u015ft\u0131r. Hemen fiyat teklifi al\u0131n!","breadcrumb":{"@id":"https:\/\/www.telaled.com\/fabrica\/modulo-painel-de-led-p4-exteriores\/#breadcrumb"},"inLanguage":"tr","potentialAction":[{"@type":"ReadAction","target":["https:\/\/www.telaled.com\/fabrica\/modulo-painel-de-led-p4-exteriores\/"]}]},{"@type":"ImageObject","inLanguage":"tr","@id":"https:\/\/www.telaled.com\/fabrica\/modulo-painel-de-led-p4-exteriores\/#primaryimage","url":"https:\/\/www.telaled.com\/wp-content\/uploads\/2025\/07\/modulo-painel-de-led-p4-exteriores-1-1.webp","contentUrl":"https:\/\/www.telaled.com\/wp-content\/uploads\/2025\/07\/modulo-painel-de-led-p4-exteriores-1-1.webp","width":500,"height":500,"caption":"modulo-painel-de-led-p4-exteriores (1)"},{"@type":"BreadcrumbList","@id":"https:\/\/www.telaled.com\/fabrica\/modulo-painel-de-led-p4-exteriores\/#breadcrumb","itemListElement":[{"@type":"ListItem","position":1,"name":"Home","item":"https:\/\/www.telaled.com\/"},{"@type":"ListItem","position":2,"name":"Produtos","item":"https:\/\/www.telaled.com\/shop\/"},{"@type":"ListItem","position":3,"name":"Modulo Painel de LED P4 Exteriores"}]},{"@type":"WebSite","@id":"https:\/\/www.telaled.com\/#website","url":"https:\/\/www.telaled.com\/","name":"LED Ekran","description":"","potentialAction":[{"@type":"SearchAction","target":{"@type":"EntryPoint","urlTemplate":"https:\/\/www.telaled.com\/?s={search_term_string}"},"query-input":{"@type":"PropertyValueSpecification","valueRequired":true,"valueName":"search_term_string"}}],"inLanguage":"tr"}]}},"_links":{"self":[{"href":"https:\/\/www.telaled.com\/tr\/wp-json\/wp\/v2\/product\/2542","targetHints":{"allow":["GET"]}}],"collection":[{"href":"https:\/\/www.telaled.com\/tr\/wp-json\/wp\/v2\/product"}],"about":[{"href":"https:\/\/www.telaled.com\/tr\/wp-json\/wp\/v2\/types\/product"}],"wp:featuredmedia":[{"embeddable":true,"href":"https:\/\/www.telaled.com\/tr\/wp-json\/wp\/v2\/media\/2700"}],"wp:attachment":[{"href":"https:\/\/www.telaled.com\/tr\/wp-json\/wp\/v2\/media?parent=2542"}],"wp:term":[{"taxonomy":"product_brand","embeddable":true,"href":"https:\/\/www.telaled.com\/tr\/wp-json\/wp\/v2\/product_brand?post=2542"},{"taxonomy":"product_cat","embeddable":true,"href":"https:\/\/www.telaled.com\/tr\/wp-json\/wp\/v2\/product_cat?post=2542"},{"taxonomy":"product_tag","embeddable":true,"href":"https:\/\/www.telaled.com\/tr\/wp-json\/wp\/v2\/product_tag?post=2542"}],"curies":[{"name":"wp","href":"https:\/\/api.w.org\/{rel}","templated":true}]}}