{"id":2431,"date":"2025-07-08T03:33:45","date_gmt":"2025-07-08T03:33:45","guid":{"rendered":"https:\/\/www.telaled.com\/?post_type=product&#038;p=2431"},"modified":"2026-01-02T07:49:15","modified_gmt":"2026-01-02T07:49:15","slug":"modulo-painel-de-led-p2-604","status":"publish","type":"product","link":"https:\/\/www.telaled.com\/tr\/fabrica\/modulo-painel-de-led-p2-604\/","title":{"rendered":"P2.604 LED Panel Mod\u00fcl\u00fc"},"content":{"rendered":"<div id=\"featurebullets_feature_div\" class=\"celwidget\" data-feature-name=\"featurebullets\" data-csa-c-type=\"widget\" data-csa-c-content-id=\"featurebullets\" data-csa-c-slot-id=\"featurebullets_feature_div\" data-csa-c-asin=\"B07DF32D6Q\" data-csa-c-is-in-initial-active-row=\"false\" data-csa-c-id=\"3j0pnl-7cjnp-9t8psx-tspeog\">\n<div id=\"feature-bullets\" class=\"a-section a-spacing-medium a-spacing-top-small\">\n<div data-zone-id=\"0\" data-line-index=\"0\" data-line=\"true\">\n<p><strong>Ba\u015fl\u0131ca Kullan\u0131m Alanlar\u0131:<\/strong><\/p>\n<ul>\n<li>Perakende ma\u011fazalar\u0131nda, al\u0131\u015fveri\u015f merkezlerinde ve kamusal alanlarda etkileyici reklamlar i\u00e7in ideal olan bu \u00fcr\u00fcn, d\u00fc\u015f\u00fck enerji t\u00fcketimiyle y\u00fcksek \u00e7\u00f6z\u00fcn\u00fcrl\u00fckl\u00fc ekranlar sunar.<\/li>\n<li>Ticari ortamlarda y\u00fcksek \u00e7\u00f6z\u00fcn\u00fcrl\u00fckl\u00fc video duvarlar\u0131 olu\u015fturmak i\u00e7in m\u00fckemmeldir; toplant\u0131lar, sunumlar ve izleme i\u00e7in net g\u00f6r\u00fcnt\u00fcler sa\u011flar.<\/li>\n<li>Yo\u011fun trafi\u011fin oldu\u011fu ortamlardaki dijital reklam panolar\u0131 ve tabelalar i\u00e7in kullan\u0131lan bu \u00fcr\u00fcn, hem i\u00e7 hem de d\u0131\u015f mekanlarda dikkat \u00e7eken net ve parlak i\u00e7erik sunar.<\/li>\n<li>Yay\u0131n st\u00fcdyolar\u0131 ve canl\u0131 etkinlikler i\u00e7in vazge\u00e7ilmez olan bu yaz\u0131l\u0131m, etkinlik prod\u00fcksiyonu, izleme ve y\u00f6netimi i\u00e7in ayr\u0131nt\u0131l\u0131 ger\u00e7ek zamanl\u0131 g\u00f6rseller sa\u011flar.<\/li>\n<li>G\u00fcvenlik, acil servisler ve di\u011fer kritik operasyonlar i\u00e7in ideal olan bu cihaz, verileri ve ileti\u015fimi ger\u00e7ek zamanl\u0131 olarak izlemek i\u00e7in g\u00fcvenilir, y\u00fcksek \u00e7\u00f6z\u00fcn\u00fcrl\u00fckl\u00fc ekranlar sunar.<\/li>\n<\/ul>\n<p><strong>Kan\u0131tlanm\u0131\u015f Teknoloji:<\/strong><\/p>\n<ul>\n<li>IP40\/IP50 \u2013 Toz ve neme kar\u015f\u0131 dayan\u0131kl\u0131l\u0131k.<\/li>\n<li>16 bit gradyan (281 trilyon renk) \u2013 Foto ger\u00e7ek\u00e7i.<\/li>\n<li>CE\/RoHS\/ISO9001 Sertifikas\u0131 \u2013 Garantili end\u00fcstriyel kalite.<\/li>\n<\/ul>\n<p><img loading=\"lazy\" decoding=\"async\" class=\"alignnone wp-image-2017 size-full\" src=\"https:\/\/www.telaled.com\/wp-content\/uploads\/2023\/06\/quality-led-module-materials-1.webp\" alt=\"kalite odakl\u0131 mod\u00fcl malzemeleri\" width=\"768\" height=\"555\" srcset=\"https:\/\/www.telaled.com\/wp-content\/uploads\/2023\/06\/quality-led-module-materials-1.webp 768w, https:\/\/www.telaled.com\/wp-content\/uploads\/2023\/06\/quality-led-module-materials-1-300x217.webp 300w, https:\/\/www.telaled.com\/wp-content\/uploads\/2023\/06\/quality-led-module-materials-1-18x12.webp 18w, https:\/\/www.telaled.com\/wp-content\/uploads\/2023\/06\/quality-led-module-materials-1-600x434.webp 600w\" sizes=\"auto, (max-width: 768px) 100vw, 768px\" \/><\/p>\n<\/div>\n<\/div>\n<\/div>\n<div data-feature-name=\"acf-carousel\" data-csa-c-type=\"widget\" data-csa-c-content-id=\"acf-carousel\" data-csa-c-slot-id=\"acf-carousel_feature_div\" data-csa-c-asin=\"B07DF32D6Q\" data-csa-c-is-in-initial-active-row=\"false\" data-csa-c-id=\"oqpgyr-mh4egp-nntzd2-kyiiqq\">\n<table id=\"tablepress-20\" class=\"tablepress tablepress-id-20\">\n<thead>\n<tr class=\"row-1\">\n\t<th colspan=\"4\" class=\"column-1\">Teknik detaylar<\/th>\n<\/tr>\n<\/thead>\n<tbody class=\"row-striping row-hover\">\n<tr class=\"row-2\">\n\t<td class=\"column-1\">Model Numaras\u0131<\/td><td class=\"column-2\">TL \u2013 P22.604 LED Panel Mod\u00fcl\u00fc<\/td><td class=\"column-3\"><\/td><td class=\"column-4\"><\/td>\n<\/tr>\n<tr class=\"row-3\">\n\t<td class=\"column-1\">Marka Ad\u0131<\/td><td class=\"column-2\">\u00dcretici TELALED<\/td><td class=\"column-3\">Ekran D\u00fczl\u00fc\u011f\u00fc<\/td><td class=\"column-4\">&lt;\u00b11mm<\/td>\n<\/tr>\n<tr class=\"row-4\">\n\t<td class=\"column-1\">Men\u015fe Yeri<\/td><td class=\"column-2\">Guangdong, \u00c7in<\/td><td class=\"column-3\">Ar\u0131zalar Aras\u0131 Ortalama S\u00fcre (MTBF)<\/td><td class=\"column-4\">&gt;10.000 Saat<\/td>\n<\/tr>\n<tr class=\"row-5\">\n\t<td class=\"column-1\">Pikseller aras\u0131ndaki mesafe<\/td><td class=\"column-2\">P2.604<\/td><td class=\"column-3\">Faydal\u0131 \u00d6m\u00fcr<\/td><td class=\"column-4\">&gt;100.000 Saat<\/td>\n<\/tr>\n<tr class=\"row-6\">\n\t<td class=\"column-1\">Minimum \u0130zleme Mesafesi<\/td><td class=\"column-2\">2,6 metre<\/td><td class=\"column-3\">\u00c7al\u0131\u015fma Gerilimini G\u00f6r\u00fcnt\u00fcle<\/td><td class=\"column-4\">AC46\uff5e54HZ, 220V\u00b115%\/110V\u00b115%<\/td>\n<\/tr>\n<tr class=\"row-7\">\n\t<td class=\"column-1\">LED yap\u0131land\u0131rmas\u0131<\/td><td class=\"column-2\">SMD2121<\/td><td class=\"column-3\">I\u015f\u0131k Zay\u0131flamas\u0131<\/td><td class=\"column-4\">&lt;3%<\/td>\n<\/tr>\n<tr class=\"row-8\">\n\t<td class=\"column-1\">Mod\u00fcl \u00c7\u00f6z\u00fcn\u00fcrl\u00fc\u011f\u00fc<\/td><td class=\"column-2\">96x96 piksel<\/td><td class=\"column-3\">Ka\u00e7ak Ak\u0131m<\/td><td class=\"column-4\">&lt;3mA<\/td>\n<\/tr>\n<tr class=\"row-9\">\n\t<td class=\"column-1\">Mod\u00fcl Pikseli<\/td><td class=\"column-2\">9216 piksel<\/td><td class=\"column-3\">IP Koruma Derecelendirmesi<\/td><td class=\"column-4\">Arka: IP40 \/ \u00d6n: IP50<\/td>\n<\/tr>\n<tr class=\"row-10\">\n\t<td class=\"column-1\">Mod\u00fcl Boyutu<\/td><td class=\"column-2\">\tL250mm*H250mm*T14<\/td><td class=\"column-3\">\u0130\u015fyerinin S\u0131cakl\u0131\u011f\u0131 ve Nem Oran\u0131<\/td><td class=\"column-4\">S\u0131cakl\u0131k: -20\u00b0C ila +60\u00b0C \/ Nem: 1 ila 1 RH<\/td>\n<\/tr>\n<tr class=\"row-11\">\n\t<td class=\"column-1\">Dolap Boyutu<\/td><td class=\"column-2\">500mm*500mm<\/td><td class=\"column-3\">Desteklenen Medya<\/td><td class=\"column-4\">Teknik \u00f6zellikler, Foto\u011fraflar, CAD modelleri, Video<\/td>\n<\/tr>\n<tr class=\"row-12\">\n\t<td class=\"column-1\">Piksel yap\u0131land\u0131rmas\u0131<\/td><td class=\"column-2\">SMD3&#039;\u00fc 1 arada, Tam Renkli K\u0131rm\u0131z\u0131\/Ye\u015fil\/Mavi 1:1:1<\/td><td class=\"column-3\">\u0130\u015flev<\/td><td class=\"column-4\">SDK<\/td>\n<\/tr>\n<tr class=\"row-13\">\n\t<td class=\"column-1\">Dengeli Parlakl\u0131k<\/td><td class=\"column-2\">1000 cd\/m\u00b2 (i\u00e7 mekan)<\/td><td class=\"column-3\">Kontrol Modu<\/td><td class=\"column-4\">Kontrol bilgisayar\u0131yla DVI \u00fczerinden senkronizasyon<\/td>\n<\/tr>\n<tr class=\"row-14\">\n\t<td class=\"column-1\">S\u00fcr\u00fc\u015f Y\u00f6ntemi<\/td><td class=\"column-2\">1\/32 tarama<\/td><td class=\"column-3\">Desteklenen Yaz\u0131l\u0131mlar<\/td><td class=\"column-4\">Windows XP\/W7\/Vista<\/td>\n<\/tr>\n<tr class=\"row-15\">\n\t<td class=\"column-1\">Yenileme H\u0131z\u0131<\/td><td class=\"column-2\">\u22651920 Hz<\/td><td class=\"column-3\">Kontrol Sistemi<\/td><td class=\"column-4\">DVI kart\u0131 + tam renkli kontrol \u00fcnitesi + optik fiber (iste\u011fe ba\u011fl\u0131)<\/td>\n<\/tr>\n<tr class=\"row-16\">\n\t<td class=\"column-1\">De\u011fi\u015fiklik Alg\u0131lama Frekans\u0131<\/td><td class=\"column-2\">50-60Hz<\/td><td class=\"column-3\">Ana Kontrol Sistemi Markas\u0131<\/td><td class=\"column-4\">Novastar, Linsn, Huidu, Colorlight<\/td>\n<\/tr>\n<tr class=\"row-17\">\n\t<td class=\"column-1\">Bak\u0131\u015f A\u00e7\u0131s\u0131<\/td><td class=\"column-2\">H140\u00b0 V120\u00b0<\/td><td class=\"column-3\">Aray\u00fcz<\/td><td class=\"column-4\">Standart Ethernet<\/td>\n<\/tr>\n<tr class=\"row-18\">\n\t<td class=\"column-1\">Bo\u015fta I\u015f\u0131k Oran\u0131<\/td><td class=\"column-2\">\u22641%<\/td><td class=\"column-3\">\u0130letim Mesafesi<\/td><td class=\"column-4\">\u00c7ok modlu fiber <500m >\n<\/tr>\n<tr class=\"row-19\">\n\t<td class=\"column-1\">Enerji \u0130sraf\u0131<\/td><td class=\"column-2\">700*1000 W\/M2<\/td><td class=\"column-3\">Garanti<\/td><td class=\"column-4\">5 y\u0131l<\/td>\n<\/tr>\n<tr class=\"row-20\">\n\t<td class=\"column-1\">Ortalama Enerji T\u00fcketimi<\/td><td class=\"column-2\">380 W\/M2<\/td><td class=\"column-3\">Tedarik\u00e7i T\u00fcr\u00fc<\/td><td class=\"column-4\">Orijinal \u00dcretici\/ODM\/OEM<\/td>\n<\/tr>\n<tr class=\"row-21\">\n\t<td class=\"column-1\">Gri Seviyesi<\/td><td class=\"column-2\">16 bit (281 trilyon renk) \/ ana renk ba\u015f\u0131na 65.536 ton<\/td><td class=\"column-3\">Teslimat s\u00fcresi<\/td><td class=\"column-4\">25 (veya pazarl\u0131k edilebilir)<\/td>\n<\/tr>\n<tr class=\"row-22\">\n\t<td class=\"column-1\">Ekran Rengi<\/td><td class=\"column-2\">16M<\/td><td class=\"column-3\">Ba\u015fvuru<\/td><td class=\"column-4\">Reklam\/\u0130\u00e7 Mekan\/D\u0131\u015f Mekan<\/td>\n<\/tr>\n<tr class=\"row-23\">\n\t<td class=\"column-1\">Kesintisiz \u00c7al\u0131\u015fma Saatleri<\/td><td class=\"column-2\">\u226572 saat<\/td><td class=\"column-3\">Kullanmak<\/td><td class=\"column-4\">Dijital reklamc\u0131l\u0131k, Al\u0131\u015fveri\u015f merkezleri, Kar\u015f\u0131lama ekranlar\u0131, Sergi salonlar\u0131, Havaalanlar\u0131, Kiliseler, Spor, Etkinlikler, Toplant\u0131lar, Kiralama, Sahneler, Otomotiv, Perakende, D\u00fc\u011f\u00fcnler<\/td>\n<\/tr>\n<tr class=\"row-24\">\n\t<td class=\"column-1\">Gizli K\u00f6r Nokta Oran\u0131<\/td><td class=\"column-2\"><1><td class=\"column-3\">Paketleme Detaylar\u0131<\/td><td class=\"column-4\">G\u00fc\u00e7lendirilmi\u015f karton kutu + ah\u015fap<\/td>\n<\/tr>\n<tr class=\"row-25\">\n\t<td class=\"column-1\">S\u00fcrekli K\u00f6r Nokta Oran\u0131<\/td><td class=\"column-2\">Hi\u00e7biri<\/td><td class=\"column-3\">Arz Kapasitesi<\/td><td class=\"column-4\">5.000 adet\/ay<\/td>\n<\/tr>\n<tr class=\"row-26\">\n\t<td class=\"column-1\">K\u00f6r Nokta Oran\u0131<\/td><td class=\"column-2\"><1><td class=\"column-3\">Liman<\/td><td class=\"column-4\">Shenzhen<\/td>\n<\/tr>\n<\/tbody>\n<\/table>\n<!-- #tablepress-20 from cache --><\/div>\n<div id=\"provenanceCertifications_feature_div\" class=\"celwidget\" data-feature-name=\"provenanceCertifications\" data-csa-c-type=\"widget\" data-csa-c-content-id=\"provenanceCertifications\" data-csa-c-slot-id=\"provenanceCertifications_feature_div\" data-csa-c-asin=\"B07DF32D6Q\" data-csa-c-is-in-initial-active-row=\"false\" data-csa-c-id=\"6t8ho-xbknmj-nqaso5-ne24gd\">\n<div id=\"provenance-certifications\" class=\"a-section a-spacing-medium a-spacing-top-micro\"><\/div>\n<\/div>","protected":false},"excerpt":{"rendered":"<p><strong>P2.604 LED Panel Mod\u00fcl\u00fc \u2013 Y\u00fcksek \u00c7\u00f6z\u00fcn\u00fcrl\u00fckl\u00fc, Net ve \u00dcst\u00fcn Ekran<\/strong><\/p>\n<p>O <strong>P2.604 LED Panel Mod\u00fcl\u00fc<\/strong> Y\u00fcksek \u00e7\u00f6z\u00fcn\u00fcrl\u00fck sayesinde ola\u011fan\u00fcst\u00fc g\u00f6rsel kalite sunan bu mod\u00fcl, \u00e7e\u015fitli ekran uygulamalar\u0131 i\u00e7in ideal bir se\u00e7imdir. Dayan\u0131kl\u0131l\u0131k ve \u00e7ok y\u00f6nl\u00fcl\u00fck i\u00e7in tasarlanan bu mod\u00fcl, zorlu ortamlarda verimli ve g\u00fcvenilir performans sa\u011flar.<\/p>\n<p><strong>Ba\u015fl\u0131ca Faydalar\u0131:<\/strong><br \/>\n<strong><br \/>\n\u2714 Y\u00fcksek \u00e7\u00f6z\u00fcn\u00fcrl\u00fck:<\/strong> P2.604 mod\u00fcl\u00fc, 2.604 mm&#039;lik piksel aral\u0131\u011f\u0131 sa\u011flayarak etkileyici netlik ve ayr\u0131nt\u0131 sunar ve bu da onu yak\u0131n \u00e7ekim g\u00f6r\u00fcnt\u00fcleme uygulamalar\u0131 i\u00e7in uygun hale getirir.<strong><br \/>\n<\/strong><\/p>\n<p><strong>\u2714 Enerji Verimlili\u011fi:<\/strong> D\u00fc\u015f\u00fck profilli LED&#039;lerle \u00fcretilmi\u015ftir. <a href=\"https:\/\/www.telaled.com\/tr\/entendendo-o-consumo-de-energia-painel-de-led-quao-eficientes-sao-os-displays-de-led-modernos\/\">enerji t\u00fcketimi<\/a>, Bu mod\u00fcl, tutarl\u0131 parlakl\u0131k ve performans\u0131 korurken elektrik tasarrufu sa\u011flar.<strong><br \/>\n<\/strong><\/p>\n<p><strong>\u2714 Sa\u011flam Yap\u0131 Kalitesi: <\/strong>Y\u00fcksek kaliteli al\u00fcminyum \u00e7er\u00e7eveyle tasarlanan mod\u00fcl, olumsuz \u00e7al\u0131\u015fma ko\u015fullar\u0131nda bile daha fazla dayan\u0131kl\u0131l\u0131k ve stabilite sunar.<strong><br \/>\n<\/strong><\/p>\n<p><strong>\u2714 Sorunsuz Ba\u011flant\u0131: <\/strong>Geli\u015fmi\u015f dijital sinyal i\u015fleme ve mod\u00fcler tasar\u0131m\u0131 sayesinde, b\u00fcy\u00fck \u00f6l\u00e7ekli ekranlara kolay entegrasyon sa\u011flar ve g\u00fcvenilir bir ba\u011flant\u0131 garanti eder.<strong><br \/>\n<\/strong><\/p>","protected":false},"featured_media":2692,"template":"","meta":[],"product_brand":[],"product_cat":[41],"product_tag":[],"class_list":{"0":"post-2431","1":"product","2":"type-product","3":"status-publish","4":"has-post-thumbnail","6":"product_cat-modulo-painel-de-led","8":"first","9":"instock","10":"shipping-taxable","11":"product-type-simple"},"yoast_head":"<!-- This site is optimized with the Yoast SEO plugin v27.4 - https:\/\/yoast.com\/product\/yoast-seo-wordpress\/ -->\n<title>Modulo Painel de LED P2.604 - Tela de Alta Defini\u00e7\u00e3o para Qualidade Visual Excepcional |TELALED<\/title>\n<meta name=\"description\" content=\"Aprimore suas telas com o Modulo Painel de LED P2.604. Obtenha imagens cristalinas e desempenho confi\u00e1vel. Entre em contato conosco agora para obter uma cota\u00e7\u00e3o!\" \/>\n<meta name=\"robots\" content=\"index, follow, max-snippet:-1, max-image-preview:large, max-video-preview:-1\" \/>\n<link rel=\"canonical\" href=\"https:\/\/www.telaled.com\/tr\/fabrica\/modulo-painel-de-led-p2-604\/\" \/>\n<meta property=\"og:locale\" content=\"tr_TR\" \/>\n<meta property=\"og:type\" content=\"article\" \/>\n<meta property=\"og:title\" content=\"Modulo Painel de LED P2.604 - Tela de Alta Defini\u00e7\u00e3o para Qualidade Visual Excepcional |TELALED\" \/>\n<meta property=\"og:description\" content=\"Aprimore suas telas com o Modulo Painel de LED P2.604. Obtenha imagens cristalinas e desempenho confi\u00e1vel. Entre em contato conosco agora para obter uma cota\u00e7\u00e3o!\" \/>\n<meta property=\"og:url\" content=\"https:\/\/www.telaled.com\/tr\/fabrica\/modulo-painel-de-led-p2-604\/\" \/>\n<meta property=\"og:site_name\" content=\"TELALED\" \/>\n<meta property=\"article:modified_time\" content=\"2026-01-02T07:49:15+00:00\" \/>\n<meta property=\"og:image\" content=\"https:\/\/www.telaled.com\/wp-content\/uploads\/2025\/07\/Modulo-Painel-de-LED-P2.604-3-1.webp\" \/>\n\t<meta property=\"og:image:width\" content=\"500\" \/>\n\t<meta property=\"og:image:height\" content=\"500\" \/>\n\t<meta property=\"og:image:type\" content=\"image\/webp\" \/>\n<meta name=\"twitter:card\" content=\"summary_large_image\" \/>\n<meta name=\"twitter:label1\" content=\"Est. reading time\" \/>\n\t<meta name=\"twitter:data1\" content=\"2 dakika\" \/>\n<script type=\"application\/ld+json\" class=\"yoast-schema-graph\">{\"@context\":\"https:\\\/\\\/schema.org\",\"@graph\":[{\"@type\":\"WebPage\",\"@id\":\"https:\\\/\\\/www.telaled.com\\\/fabrica\\\/modulo-painel-de-led-p2-604\\\/\",\"url\":\"https:\\\/\\\/www.telaled.com\\\/fabrica\\\/modulo-painel-de-led-p2-604\\\/\",\"name\":\"Modulo Painel de LED P2.604 - Tela de Alta Defini\u00e7\u00e3o para Qualidade Visual Excepcional |TELALED\",\"isPartOf\":{\"@id\":\"https:\\\/\\\/www.telaled.com\\\/#website\"},\"primaryImageOfPage\":{\"@id\":\"https:\\\/\\\/www.telaled.com\\\/fabrica\\\/modulo-painel-de-led-p2-604\\\/#primaryimage\"},\"image\":{\"@id\":\"https:\\\/\\\/www.telaled.com\\\/fabrica\\\/modulo-painel-de-led-p2-604\\\/#primaryimage\"},\"thumbnailUrl\":\"https:\\\/\\\/www.telaled.com\\\/wp-content\\\/uploads\\\/2025\\\/07\\\/Modulo-Painel-de-LED-P2.604-3-1.webp\",\"datePublished\":\"2025-07-08T03:33:45+00:00\",\"dateModified\":\"2026-01-02T07:49:15+00:00\",\"description\":\"Aprimore suas telas com o Modulo Painel de LED P2.604. Obtenha imagens cristalinas e desempenho confi\u00e1vel. Entre em contato conosco agora para obter uma cota\u00e7\u00e3o!\",\"breadcrumb\":{\"@id\":\"https:\\\/\\\/www.telaled.com\\\/fabrica\\\/modulo-painel-de-led-p2-604\\\/#breadcrumb\"},\"inLanguage\":\"tr\",\"potentialAction\":[{\"@type\":\"ReadAction\",\"target\":[\"https:\\\/\\\/www.telaled.com\\\/fabrica\\\/modulo-painel-de-led-p2-604\\\/\"]}]},{\"@type\":\"ImageObject\",\"inLanguage\":\"tr\",\"@id\":\"https:\\\/\\\/www.telaled.com\\\/fabrica\\\/modulo-painel-de-led-p2-604\\\/#primaryimage\",\"url\":\"https:\\\/\\\/www.telaled.com\\\/wp-content\\\/uploads\\\/2025\\\/07\\\/Modulo-Painel-de-LED-P2.604-3-1.webp\",\"contentUrl\":\"https:\\\/\\\/www.telaled.com\\\/wp-content\\\/uploads\\\/2025\\\/07\\\/Modulo-Painel-de-LED-P2.604-3-1.webp\",\"width\":500,\"height\":500,\"caption\":\"Modulo-Painel-de-LED-P2.604 (3)\"},{\"@type\":\"BreadcrumbList\",\"@id\":\"https:\\\/\\\/www.telaled.com\\\/fabrica\\\/modulo-painel-de-led-p2-604\\\/#breadcrumb\",\"itemListElement\":[{\"@type\":\"ListItem\",\"position\":1,\"name\":\"Home\",\"item\":\"https:\\\/\\\/www.telaled.com\\\/\"},{\"@type\":\"ListItem\",\"position\":2,\"name\":\"Produtos\",\"item\":\"https:\\\/\\\/www.telaled.com\\\/shop\\\/\"},{\"@type\":\"ListItem\",\"position\":3,\"name\":\"Modulo Painel de LED P2.604\"}]},{\"@type\":\"WebSite\",\"@id\":\"https:\\\/\\\/www.telaled.com\\\/#website\",\"url\":\"https:\\\/\\\/www.telaled.com\\\/\",\"name\":\"TELALED\",\"description\":\"\",\"potentialAction\":[{\"@type\":\"SearchAction\",\"target\":{\"@type\":\"EntryPoint\",\"urlTemplate\":\"https:\\\/\\\/www.telaled.com\\\/?s={search_term_string}\"},\"query-input\":{\"@type\":\"PropertyValueSpecification\",\"valueRequired\":true,\"valueName\":\"search_term_string\"}}],\"inLanguage\":\"tr\"}]}<\/script>\n<!-- \/ Yoast SEO plugin. -->","yoast_head_json":{"title":"P2.604 LED Panel Mod\u00fcl\u00fc - Ola\u011fan\u00fcst\u00fc G\u00f6rsel Kalite i\u00e7in Y\u00fcksek \u00c7\u00f6z\u00fcn\u00fcrl\u00fckl\u00fc Ekran | TELALED","description":"P2.604 LED Panel Mod\u00fcl\u00fc ile ekranlar\u0131n\u0131z\u0131 geli\u015ftirin. Kristal netli\u011finde g\u00f6r\u00fcnt\u00fcler ve g\u00fcvenilir performans elde edin. Fiyat teklifi almak i\u00e7in hemen bizimle ileti\u015fime ge\u00e7in!","robots":{"index":"index","follow":"follow","max-snippet":"max-snippet:-1","max-image-preview":"max-image-preview:large","max-video-preview":"max-video-preview:-1"},"canonical":"https:\/\/www.telaled.com\/tr\/fabrica\/modulo-painel-de-led-p2-604\/","og_locale":"tr_TR","og_type":"article","og_title":"Modulo Painel de LED P2.604 - Tela de Alta Defini\u00e7\u00e3o para Qualidade Visual Excepcional |TELALED","og_description":"Aprimore suas telas com o Modulo Painel de LED P2.604. Obtenha imagens cristalinas e desempenho confi\u00e1vel. Entre em contato conosco agora para obter uma cota\u00e7\u00e3o!","og_url":"https:\/\/www.telaled.com\/tr\/fabrica\/modulo-painel-de-led-p2-604\/","og_site_name":"TELALED","article_modified_time":"2026-01-02T07:49:15+00:00","og_image":[{"width":500,"height":500,"url":"https:\/\/www.telaled.com\/wp-content\/uploads\/2025\/07\/Modulo-Painel-de-LED-P2.604-3-1.webp","type":"image\/webp"}],"twitter_card":"summary_large_image","twitter_misc":{"Est. reading time":"2 dakika"},"schema":{"@context":"https:\/\/schema.org","@graph":[{"@type":"WebPage","@id":"https:\/\/www.telaled.com\/fabrica\/modulo-painel-de-led-p2-604\/","url":"https:\/\/www.telaled.com\/fabrica\/modulo-painel-de-led-p2-604\/","name":"P2.604 LED Panel Mod\u00fcl\u00fc - Ola\u011fan\u00fcst\u00fc G\u00f6rsel Kalite i\u00e7in Y\u00fcksek \u00c7\u00f6z\u00fcn\u00fcrl\u00fckl\u00fc Ekran | TELALED","isPartOf":{"@id":"https:\/\/www.telaled.com\/#website"},"primaryImageOfPage":{"@id":"https:\/\/www.telaled.com\/fabrica\/modulo-painel-de-led-p2-604\/#primaryimage"},"image":{"@id":"https:\/\/www.telaled.com\/fabrica\/modulo-painel-de-led-p2-604\/#primaryimage"},"thumbnailUrl":"https:\/\/www.telaled.com\/wp-content\/uploads\/2025\/07\/Modulo-Painel-de-LED-P2.604-3-1.webp","datePublished":"2025-07-08T03:33:45+00:00","dateModified":"2026-01-02T07:49:15+00:00","description":"P2.604 LED Panel Mod\u00fcl\u00fc ile ekranlar\u0131n\u0131z\u0131 geli\u015ftirin. Kristal netli\u011finde g\u00f6r\u00fcnt\u00fcler ve g\u00fcvenilir performans elde edin. Fiyat teklifi almak i\u00e7in hemen bizimle ileti\u015fime ge\u00e7in!","breadcrumb":{"@id":"https:\/\/www.telaled.com\/fabrica\/modulo-painel-de-led-p2-604\/#breadcrumb"},"inLanguage":"tr","potentialAction":[{"@type":"ReadAction","target":["https:\/\/www.telaled.com\/fabrica\/modulo-painel-de-led-p2-604\/"]}]},{"@type":"ImageObject","inLanguage":"tr","@id":"https:\/\/www.telaled.com\/fabrica\/modulo-painel-de-led-p2-604\/#primaryimage","url":"https:\/\/www.telaled.com\/wp-content\/uploads\/2025\/07\/Modulo-Painel-de-LED-P2.604-3-1.webp","contentUrl":"https:\/\/www.telaled.com\/wp-content\/uploads\/2025\/07\/Modulo-Painel-de-LED-P2.604-3-1.webp","width":500,"height":500,"caption":"Modulo-Painel-de-LED-P2.604 (3)"},{"@type":"BreadcrumbList","@id":"https:\/\/www.telaled.com\/fabrica\/modulo-painel-de-led-p2-604\/#breadcrumb","itemListElement":[{"@type":"ListItem","position":1,"name":"Home","item":"https:\/\/www.telaled.com\/"},{"@type":"ListItem","position":2,"name":"Produtos","item":"https:\/\/www.telaled.com\/shop\/"},{"@type":"ListItem","position":3,"name":"Modulo Painel de LED P2.604"}]},{"@type":"WebSite","@id":"https:\/\/www.telaled.com\/#website","url":"https:\/\/www.telaled.com\/","name":"LED Ekran","description":"","potentialAction":[{"@type":"SearchAction","target":{"@type":"EntryPoint","urlTemplate":"https:\/\/www.telaled.com\/?s={search_term_string}"},"query-input":{"@type":"PropertyValueSpecification","valueRequired":true,"valueName":"search_term_string"}}],"inLanguage":"tr"}]}},"_links":{"self":[{"href":"https:\/\/www.telaled.com\/tr\/wp-json\/wp\/v2\/product\/2431","targetHints":{"allow":["GET"]}}],"collection":[{"href":"https:\/\/www.telaled.com\/tr\/wp-json\/wp\/v2\/product"}],"about":[{"href":"https:\/\/www.telaled.com\/tr\/wp-json\/wp\/v2\/types\/product"}],"wp:featuredmedia":[{"embeddable":true,"href":"https:\/\/www.telaled.com\/tr\/wp-json\/wp\/v2\/media\/2692"}],"wp:attachment":[{"href":"https:\/\/www.telaled.com\/tr\/wp-json\/wp\/v2\/media?parent=2431"}],"wp:term":[{"taxonomy":"product_brand","embeddable":true,"href":"https:\/\/www.telaled.com\/tr\/wp-json\/wp\/v2\/product_brand?post=2431"},{"taxonomy":"product_cat","embeddable":true,"href":"https:\/\/www.telaled.com\/tr\/wp-json\/wp\/v2\/product_cat?post=2431"},{"taxonomy":"product_tag","embeddable":true,"href":"https:\/\/www.telaled.com\/tr\/wp-json\/wp\/v2\/product_tag?post=2431"}],"curies":[{"name":"wp","href":"https:\/\/api.w.org\/{rel}","templated":true}]}}