{"id":2190,"date":"2025-06-24T10:01:48","date_gmt":"2025-06-24T10:01:48","guid":{"rendered":"https:\/\/www.telaled.com\/?post_type=product&#038;p=2190"},"modified":"2026-01-03T08:20:31","modified_gmt":"2026-01-03T08:20:31","slug":"aluguel-de-painel-de-led-da-serie-tro","status":"publish","type":"product","link":"https:\/\/www.telaled.com\/tr\/fabrica\/aluguel-de-painel-de-led-da-serie-tro\/","title":{"rendered":"TRO Serisi i\u00e7in LED Panel Kiralama"},"content":{"rendered":"<div class=\"row\"  id=\"row-787236455\">\n\n\t<div id=\"col-469597996\" class=\"col small-12 large-12\"  >\n\t\t\t\t<div class=\"col-inner\"  >\n\t\t\t\n\t\t\t\n<h2>TRO Serisi LED Panel Kiralama Hizmetinin \u00d6zel Avantajlar\u0131<\/h2>\n<h3><strong>\u00dcst\u00fcn Dayan\u0131kl\u0131l\u0131k<\/strong><\/h3>\n<ul>\n<li>\u00c7izilmeye kar\u015f\u0131 dayan\u0131kl\u0131 eloksall\u0131 kaplamal\u0131 al\u00fcminyum ala\u015f\u0131ml\u0131 yap\u0131, birden fazla takma\/\u00e7\u0131karma i\u015flemine dayan\u0131kl\u0131d\u0131r.<\/li>\n<li>\u0130kinci nesil PCB&#039;ye sahip mod\u00fcller: Darbelere maruz kalsalar bile gev\u015femeyecek \u015fekilde g\u00fc\u00e7lendirilmi\u015f lehim.<\/li>\n<\/ul>\n<h3><strong>Operasyonel Verimlilik<\/strong><\/h3>\n<ul>\n<li>Manyetik kilitleme sistemi ve u\u00e7ak s\u0131n\u0131f\u0131 ba\u011flant\u0131lar sayesinde 10 dakikada ultra h\u0131zl\u0131 montaj.<\/li>\n<li>Mod\u00fcler &quot;\u00e7al\u0131\u015f\u0131r durumdayken de\u011fi\u015ftirilebilen&quot; g\u00fc\u00e7 kayna\u011f\u0131, sistemi kapatmaya gerek kalmadan de\u011fi\u015ftirilebilmesini sa\u011flar.<\/li>\n<\/ul>\n<h3><strong>Ola\u011fan\u00fcst\u00fc G\u00f6rsel Kalite<\/strong><\/h3>\n<ul>\n<li>Daha canl\u0131 18% renkler i\u00e7in fla\u015f d\u00fczeltmeli y\u00fcksek safl\u0131kta siyah LED&#039;ler (5000:1 kontrast).<\/li>\n<li>140\u00b0 g\u00f6r\u00fc\u015f a\u00e7\u0131s\u0131 ve renk bozulmas\u0131 olmamas\u0131, geni\u015f kitlelere hitap eden etkinlikler i\u00e7in idealdir.<\/li>\n<\/ul>\n<h3><strong>Tam Uyarlanabilirlik<\/strong><\/h3>\n<ul>\n<li>IP65 koruma s\u0131n\u0131f\u0131 sayesinde i\u00e7 ve d\u0131\u015f mekanlarda ya\u011fmur ve toza kar\u015f\u0131 dayan\u0131kl\u0131d\u0131r (-20\u00b0C ila 50\u00b0C).<\/li>\n<li>Esnek konfig\u00fcrasyonlar: as\u0131l\u0131, \u00fcst \u00fcste istiflenmi\u015f veya kavisli (ayarlamalar -10\u00b0 ile +15\u00b0 aras\u0131nda yap\u0131labilir)<\/li>\n<\/ul>\n<h3><strong>Yerelle\u015ftirilmi\u015f Destek<\/strong><\/h3>\n<ul>\n<li>Brezilyal\u0131 teknisyenler 7\/24 hizmetinizde + yedek par\u00e7alar yerel stokta.<\/li>\n<li>3 y\u0131ll\u0131k uzat\u0131lm\u0131\u015f garanti ve 48 saat i\u00e7inde acil onar\u0131m kapsam\u0131.<\/li>\n<\/ul>\n<h2>\u00dcr\u00fcn detaylar\u0131<\/h2>\n<div class=\"row\"  id=\"row-1802481613\">\n\n\t<div id=\"col-686823981\" class=\"col medium-10 small-12 large-10\"  >\n\t\t\t\t<div class=\"col-inner text-left\"  >\n\t\t\t\n\t\t\t\n<ul>\n<li>Kiral\u0131k LED ekran kabininin fonksiyonel \u015femas\u0131.<\/li>\n<\/ul>\n\t<div class=\"img has-hover x md-x lg-x y md-y lg-y\" id=\"image_550406619\">\n\t\t\t\t\t\t\t\t<div class=\"img-inner dark\" >\n\t\t\t<img loading=\"lazy\" decoding=\"async\" width=\"746\" height=\"1024\" src=\"https:\/\/www.telaled.com\/wp-content\/uploads\/2025\/06\/Diagrama-esquematico-746x1024.webp\" class=\"attachment-large size-large\" alt=\"\u015eematik diyagram\" srcset=\"https:\/\/www.telaled.com\/wp-content\/uploads\/2025\/06\/Diagrama-esquematico-746x1024.webp 746w, https:\/\/www.telaled.com\/wp-content\/uploads\/2025\/06\/Diagrama-esquematico-219x300.webp 219w, https:\/\/www.telaled.com\/wp-content\/uploads\/2025\/06\/Diagrama-esquematico-768x1054.webp 768w, https:\/\/www.telaled.com\/wp-content\/uploads\/2025\/06\/Diagrama-esquematico-9x12.webp 9w, https:\/\/www.telaled.com\/wp-content\/uploads\/2025\/06\/Diagrama-esquematico-600x823.webp 600w, https:\/\/www.telaled.com\/wp-content\/uploads\/2025\/06\/Diagrama-esquematico.webp 795w\" sizes=\"auto, (max-width: 746px) 100vw, 746px\" \/>\t\t\t\t\t\t\n\t\t\t\t\t<\/div>\n\t\t\t\t\t\t\t\t\n<style>\n#image_550406619 {\n  width: 80%;\n}\n<\/style>\n\t<\/div>\n\t\n\t\t<\/div>\n\t\t\t\t\t<\/div>\n\n\t\n\n\t<div id=\"col-1396431914\" class=\"col medium-10 small-12 large-10\"  >\n\t\t\t\t<div class=\"col-inner text-left\"  >\n\t\t\t\n\t\t\t\n<ul>\n<li>Detaylar kaliteyi yans\u0131t\u0131yor. Tasar\u0131m\u0131ndan malzemelerine kadar, d\u0131\u015f mekan \u00e7ekimleri i\u00e7in en iyi se\u00e7im.<\/li>\n<\/ul>\n\t<div class=\"img has-hover x md-x lg-x y md-y lg-y\" id=\"image_663165369\">\n\t\t\t\t\t\t\t\t<div class=\"img-inner dark\" >\n\t\t\t<img loading=\"lazy\" decoding=\"async\" width=\"651\" height=\"1024\" src=\"https:\/\/www.telaled.com\/wp-content\/uploads\/2025\/06\/detalhe_1-651x1024.webp\" class=\"attachment-large size-large\" alt=\"detay\" srcset=\"https:\/\/www.telaled.com\/wp-content\/uploads\/2025\/06\/detalhe_1-651x1024.webp 651w, https:\/\/www.telaled.com\/wp-content\/uploads\/2025\/06\/detalhe_1-191x300.webp 191w, https:\/\/www.telaled.com\/wp-content\/uploads\/2025\/06\/detalhe_1-768x1209.webp 768w, https:\/\/www.telaled.com\/wp-content\/uploads\/2025\/06\/detalhe_1-8x12.webp 8w, https:\/\/www.telaled.com\/wp-content\/uploads\/2025\/06\/detalhe_1-600x944.webp 600w, https:\/\/www.telaled.com\/wp-content\/uploads\/2025\/06\/detalhe_1.webp 800w\" sizes=\"auto, (max-width: 651px) 100vw, 651px\" \/>\t\t\t\t\t\t\n\t\t\t\t\t<\/div>\n\t\t\t\t\t\t\t\t\n<style>\n#image_663165369 {\n  width: 81%;\n}\n<\/style>\n\t<\/div>\n\t\n\t\t<\/div>\n\t\t\t\t\t<\/div>\n\n\t\n\n\t<div id=\"col-39425324\" class=\"col medium-10 small-12 large-10\"  >\n\t\t\t\t<div class=\"col-inner text-left\"  >\n\t\t\t\n\t\t\t\n<ul>\n<li>Kutular aras\u0131ndaki ba\u011flant\u0131n\u0131n e\u011frili\u011fini ayarlayarak farkl\u0131 formatlarda \u00f6zelle\u015ftirme elde etmek m\u00fcmk\u00fcnd\u00fcr.<\/li>\n<\/ul>\n\t<div class=\"img has-hover x md-x lg-x y md-y lg-y\" id=\"image_1785580259\">\n\t\t\t\t\t\t\t\t<div class=\"img-inner dark\" >\n\t\t\t<img loading=\"lazy\" decoding=\"async\" width=\"800\" height=\"673\" src=\"https:\/\/www.telaled.com\/wp-content\/uploads\/2025\/06\/Varios-cenarios-de-aplicacao-2.webp\" class=\"attachment-large size-large\" alt=\"\u00c7e\u015fitli uygulama senaryolar\u0131\" srcset=\"https:\/\/www.telaled.com\/wp-content\/uploads\/2025\/06\/Varios-cenarios-de-aplicacao-2.webp 800w, https:\/\/www.telaled.com\/wp-content\/uploads\/2025\/06\/Varios-cenarios-de-aplicacao-2-300x252.webp 300w, https:\/\/www.telaled.com\/wp-content\/uploads\/2025\/06\/Varios-cenarios-de-aplicacao-2-768x646.webp 768w, https:\/\/www.telaled.com\/wp-content\/uploads\/2025\/06\/Varios-cenarios-de-aplicacao-2-14x12.webp 14w, https:\/\/www.telaled.com\/wp-content\/uploads\/2025\/06\/Varios-cenarios-de-aplicacao-2-600x505.webp 600w\" sizes=\"auto, (max-width: 800px) 100vw, 800px\" \/>\t\t\t\t\t\t\n\t\t\t\t\t<\/div>\n\t\t\t\t\t\t\t\t\n<style>\n#image_1785580259 {\n  width: 85%;\n}\n<\/style>\n\t<\/div>\n\t\n\t\t<\/div>\n\t\t\t\t\t<\/div>\n\n\t\n\n\t<div id=\"col-216693134\" class=\"col medium-10 small-12 large-10\"  >\n\t\t\t\t<div class=\"col-inner text-left\"  >\n\t\t\t\n\t\t\t\n<ul>\n<li>Farkl\u0131 LED ekran \u00fcr\u00fcnleri farkl\u0131 \u015fekillerde paketlenecektir. Ekran\u0131n tamam\u0131 ah\u015fap kasalara, LED mod\u00fclleri karton kutulara, kiral\u0131k ekranlar havac\u0131l\u0131k kasalar\u0131na paketlenirken, ah\u015fap \u00e7er\u00e7evelere yerle\u015ftirilmi\u015f basit kutular da mevcuttur.<\/li>\n<\/ul>\n\t<div class=\"img has-hover x md-x lg-x y md-y lg-y\" id=\"image_471536013\">\n\t\t\t\t\t\t\t\t<div class=\"img-inner dark\" >\n\t\t\t<img loading=\"lazy\" decoding=\"async\" width=\"760\" height=\"1024\" src=\"https:\/\/www.telaled.com\/wp-content\/uploads\/2025\/06\/Embalagem-760x1024.webp\" class=\"attachment-large size-large\" alt=\"Ambalajlama\" srcset=\"https:\/\/www.telaled.com\/wp-content\/uploads\/2025\/06\/Embalagem-760x1024.webp 760w, https:\/\/www.telaled.com\/wp-content\/uploads\/2025\/06\/Embalagem-223x300.webp 223w, https:\/\/www.telaled.com\/wp-content\/uploads\/2025\/06\/Embalagem-768x1035.webp 768w, https:\/\/www.telaled.com\/wp-content\/uploads\/2025\/06\/Embalagem-9x12.webp 9w, https:\/\/www.telaled.com\/wp-content\/uploads\/2025\/06\/Embalagem-600x808.webp 600w, https:\/\/www.telaled.com\/wp-content\/uploads\/2025\/06\/Embalagem.webp 795w\" sizes=\"auto, (max-width: 760px) 100vw, 760px\" \/>\t\t\t\t\t\t\n\t\t\t\t\t<\/div>\n\t\t\t\t\t\t\t\t\n<style>\n#image_471536013 {\n  width: 85%;\n}\n<\/style>\n\t<\/div>\n\t\n\t\t<\/div>\n\t\t\t\t\t<\/div>\n\n\t\n<\/div>\n\t\t<\/div>\n\t\t\t\t\t<\/div>\n\n\t\n\n\t<div id=\"col-1432545639\" class=\"col small-12 large-12\"  >\n\t\t\t\t<div class=\"col-inner\"  >\n\t\t\t\n\t\t\t\n<div class=\"row\"  id=\"row-1917950270\">\n\n\t<div id=\"col-1640652221\" class=\"col medium-10 small-12 large-10\"  >\n\t\t\t\t<div class=\"col-inner\"  >\n\t\t\t\n\t\t\t\n\n<table id=\"tablepress-13\" class=\"tablepress tablepress-id-13\">\n<thead>\n<tr class=\"row-1\">\n\t<th class=\"column-1\">Model<\/th><th class=\"column-2\">P2.6 (i\u00e7 mekan)<\/th><th class=\"column-3\">P2.97 (i\u00e7 mekan)<\/th><th class=\"column-4\">P3.91 (i\u00e7 mekan)<\/th><th class=\"column-5\">P3.91 (a\u00e7\u0131k hava)<\/th><th class=\"column-6\">P4.81 (a\u00e7\u0131k hava)<\/th><th class=\"column-7\">P5.95 (a\u00e7\u0131k hava)<\/th>\n<\/tr>\n<\/thead>\n<tbody class=\"row-striping row-hover\">\n<tr class=\"row-2\">\n\t<td class=\"column-1\">NEDEN OLMU\u015e<\/td><td class=\"column-2\">1515<\/td><td class=\"column-3\">2020<\/td><td class=\"column-4\">2020<\/td><td class=\"column-5\">1921<\/td><td class=\"column-6\">1921<\/td><td class=\"column-7\">2727<\/td>\n<\/tr>\n<tr class=\"row-3\">\n\t<td class=\"column-1\">Piksel Aral\u0131\u011f\u0131 (mm)<\/td><td class=\"column-2\">2.604<\/td><td class=\"column-3\">2.97<\/td><td class=\"column-4\">3.91<\/td><td class=\"column-5\">3.91<\/td><td class=\"column-6\">4.81<\/td><td class=\"column-7\">5.95<\/td>\n<\/tr>\n<tr class=\"row-4\">\n\t<td class=\"column-1\">Piksel Bile\u015fimi<\/td><td class=\"column-2\">RGB<\/td><td class=\"column-3\">RGB<\/td><td class=\"column-4\">RGB<\/td><td class=\"column-5\">RGB<\/td><td class=\"column-6\">RGB<\/td><td class=\"column-7\">RGB<\/td>\n<\/tr>\n<tr class=\"row-5\">\n\t<td class=\"column-1\">Piksel Yo\u011funlu\u011fu (piksel\/m\u00b2)<\/td><td class=\"column-2\">36864<\/td><td class=\"column-3\">28224<\/td><td class=\"column-4\">16384\/32768<\/td><td class=\"column-5\">16384\/32768<\/td><td class=\"column-6\">10816\/21632<\/td><td class=\"column-7\">7056\/14112<\/td>\n<\/tr>\n<tr class=\"row-6\">\n\t<td class=\"column-1\">A\u011f\u0131rl\u0131k (kg)<\/td><td class=\"column-2\">6.7<\/td><td class=\"column-3\">6.7<\/td><td class=\"column-4\">6.7\/11.3<\/td><td class=\"column-5\">7.3\/12.5<\/td><td class=\"column-6\">7.3\/12.5<\/td><td class=\"column-7\">7.3\/12.5<\/td>\n<\/tr>\n<tr class=\"row-7\">\n\t<td class=\"column-1\">Ba\u015fvuru<\/td><td class=\"column-2\">Kapal\u0131<\/td><td class=\"column-3\">Kapal\u0131<\/td><td class=\"column-4\">Kapal\u0131<\/td><td class=\"column-5\">D\u0131\u015f mekan<\/td><td class=\"column-6\">D\u0131\u015f mekan<\/td><td class=\"column-7\">D\u0131\u015f mekan<\/td>\n<\/tr>\n<tr class=\"row-8\">\n\t<td class=\"column-1\">Mod\u00fcl Boyutu (mm)<\/td><td class=\"column-2\">250*250<\/td><td class=\"column-3\">250*250<\/td><td class=\"column-4\">250*250<\/td><td class=\"column-5\">250*250<\/td><td class=\"column-6\">250*250<\/td><td class=\"column-7\">250*250<\/td>\n<\/tr>\n<tr class=\"row-9\">\n\t<td class=\"column-1\">Dolap \u00d6l\u00e7\u00fcs\u00fc (mm)<\/td><td class=\"column-2\">500x500<\/td><td class=\"column-3\">500x500<\/td><td class=\"column-4\">500\u00d7500, 500\u00d71000<\/td><td class=\"column-5\">500\u00d7500, 500\u00d71000<\/td><td class=\"column-6\">500\u00d7500, 500\u00d71000<\/td><td class=\"column-7\">500\u00d7500, 500\u00d71000<\/td>\n<\/tr>\n<tr class=\"row-10\">\n\t<td class=\"column-1\">Parlakl\u0131k (cd\/m\u00b2)<\/td><td class=\"column-2\">1000<\/td><td class=\"column-3\">1000<\/td><td class=\"column-4\">1000<\/td><td class=\"column-5\">5000<\/td><td class=\"column-6\">5000<\/td><td class=\"column-7\">5000<\/td>\n<\/tr>\n<tr class=\"row-11\">\n\t<td class=\"column-1\">Maksimum G\u00fc\u00e7 (W\/m\u00b2)<\/td><td class=\"column-2\">520<\/td><td class=\"column-3\">456<\/td><td class=\"column-4\">460<\/td><td class=\"column-5\">650<\/td><td class=\"column-6\">650<\/td><td class=\"column-7\">650<\/td>\n<\/tr>\n<tr class=\"row-12\">\n\t<td class=\"column-1\">Ortalama G\u00fc\u00e7 (W\/m\u00b2)<\/td><td class=\"column-2\">173<\/td><td class=\"column-3\">152<\/td><td class=\"column-4\">153<\/td><td class=\"column-5\">217<\/td><td class=\"column-6\">217<\/td><td class=\"column-7\">217<\/td>\n<\/tr>\n<tr class=\"row-13\">\n\t<td class=\"column-1\">G\u00f6r\u00fc\u015f A\u00e7\u0131s\u0131 (\u00b0)<\/td><td class=\"column-2\">150<\/td><td class=\"column-3\">150<\/td><td class=\"column-4\">150<\/td><td class=\"column-5\">150<\/td><td class=\"column-6\">150<\/td><td class=\"column-7\">150<\/td>\n<\/tr>\n<tr class=\"row-14\">\n\t<td class=\"column-1\">Yenileme H\u0131z\u0131 (Hz)<\/td><td class=\"column-2\">3840<\/td><td class=\"column-3\">3840<\/td><td class=\"column-4\">3840<\/td><td class=\"column-5\">3840<\/td><td class=\"column-6\">3840<\/td><td class=\"column-7\">3840<\/td>\n<\/tr>\n<tr class=\"row-15\">\n\t<td class=\"column-1\">Renk S\u0131cakl\u0131\u011f\u0131 (K)<\/td><td class=\"column-2\">8000-10000<\/td><td class=\"column-3\">8000-10000<\/td><td class=\"column-4\">8000-10000<\/td><td class=\"column-5\">8000-10000<\/td><td class=\"column-6\">8000-10000<\/td><td class=\"column-7\">8000-10000<\/td>\n<\/tr>\n<tr class=\"row-16\">\n\t<td class=\"column-1\">AC Giri\u015f Voltaj\u0131<\/td><td class=\"column-2\">110V\/220V<\/td><td class=\"column-3\">110V\/220V<\/td><td class=\"column-4\">110V\/220V<\/td><td class=\"column-5\">110V\/220V<\/td><td class=\"column-6\">110V\/220V<\/td><td class=\"column-7\">110V\/220V<\/td>\n<\/tr>\n<tr class=\"row-17\">\n\t<td class=\"column-1\">Koruma Derecesi<\/td><td class=\"column-2\">IP40\/IP21<\/td><td class=\"column-3\">IP40\/IP21<\/td><td class=\"column-4\">IP40\/IP21<\/td><td class=\"column-5\">IP65\/IP54<\/td><td class=\"column-6\">IP65\/IP54<\/td><td class=\"column-7\">IP65\/IP54<\/td>\n<\/tr>\n<\/tbody>\n<\/table>\n<!-- #tablepress-13 from cache -->\n\t\t<\/div>\n\t\t\t\t\t<\/div>\n\n\t\n<\/div>\n\t\t<\/div>\n\t\t\t\t\t<\/div>\n\n\t\n<\/div>","protected":false},"excerpt":{"rendered":"<p><strong>TRO Serisinden Kiral\u0131k LED Panel \u2013 Etkinlikler \u0130\u00e7in Profesyonel \u00c7\u00f6z\u00fcm<\/strong><\/p>\n<p>O <em><strong>TRO Serisi i\u00e7in LED Panel Kiralama<\/strong><\/em> \u0130deal se\u00e7imdir <a href=\"https:\/\/www.telaled.com\/tr\/painel-de-led-para-eventos\/\">olaylar<\/a> Konserler, kurumsal konferanslar ve sergiler gibi y\u00fcksek etkili etkinlikler i\u00e7in idealdir. Geli\u015fmi\u015f \u00e7arp\u0131\u015fma koruma teknolojisi ve mod\u00fcler tasar\u0131m\u0131 sayesinde, h\u0131zl\u0131 a\u00e7ma-kapama kilitleme sistemi ile sadece 10 dakikada h\u0131zl\u0131 kurulum imkan\u0131 sunar.<\/p>\n<p><strong>Ba\u015fl\u0131ca \u00f6zellikler:<\/strong><\/p>\n<ul>\n<li><strong>\u00c7ok y\u00f6nl\u00fc \u00e7\u00f6z\u00fcn\u00fcrl\u00fck:<\/strong> Piksel aral\u0131\u011f\u0131 <strong><em>2,6 mm ila 5,9 mm<\/em><\/strong> farkl\u0131 g\u00f6r\u00fc\u015f mesafelerine uyum sa\u011flamak i\u00e7in<\/li>\n<li><strong>Sa\u011flam tasar\u0131m:<\/strong> \u00c7izilmeye kar\u015f\u0131 i\u015flem g\u00f6rm\u00fc\u015f al\u00fcminyum ala\u015f\u0131ml\u0131 yap\u0131, \u00e7oklu takma\/\u00e7\u0131karma i\u015flemlerine dayan\u0131kl\u0131d\u0131r.<\/li>\n<li><strong>Esnek kurulum:<\/strong> Ask\u0131ya al\u0131nm\u0131\u015f, \u00fcst \u00fcste istiflenmi\u015f veya kavisli konfig\u00fcrasyonlar\u0131 destekler (a\u00e7\u0131 -10\u00b0 ile +15\u00b0 aras\u0131nda ayarlanabilir).<\/li>\n<li><strong>Basitle\u015ftirilmi\u015f bak\u0131m:<\/strong> \u00d6nden eri\u015fim sistemi ve mod\u00fcler g\u00fc\u00e7 kayna\u011f\u0131 sayesinde h\u0131zl\u0131 onar\u0131mlar.<\/li>\n<\/ul>\n<p>500x500 mm (12,5 kg) ve 500x1000 mm standart boyutlar\u0131nda bulunan bu \u00fcr\u00fcn, dayan\u0131kl\u0131l\u0131ktan \u00f6d\u00fcn vermeden ta\u015f\u0131nabilirli\u011fi garanti eder. \u0130\u00e7 ve d\u0131\u015f mekan ortamlar\u0131 i\u00e7in uygundur ve toz ve suya kar\u015f\u0131 IP65 korumas\u0131na sahiptir.<\/p>\n<p>Brezilya&#039;da 7\/24 teknik destek ve 3 y\u0131l garanti dahildir. Bir sonraki projeniz i\u00e7in ki\u015fiselle\u015ftirilmi\u015f fiyat teklifi isteyin. <a href=\"https:\/\/www.telaled.com\/tr\/painel-de-led-para-eventos\/\">etkinlik!<\/a><\/p>","protected":false},"featured_media":2191,"template":"","meta":[],"product_brand":[],"product_cat":[50],"product_tag":[],"class_list":{"0":"post-2190","1":"product","2":"type-product","3":"status-publish","4":"has-post-thumbnail","6":"product_cat-aluguel-de-painel-de-led","8":"first","9":"instock","10":"shipping-taxable","11":"product-type-simple"},"yoast_head":"<!-- This site is optimized with the Yoast SEO plugin v27.4 - https:\/\/yoast.com\/product\/yoast-seo-wordpress\/ -->\n<title>Painel de LED para Loca\u00e7\u00e3o TRO | Shows, Eventos Corporativos &amp; Feiras | TELALED<\/title>\n<meta name=\"description\" content=\"Pain\u00e9is LED TRO para loca\u00e7\u00e3o com montagem r\u00e1pida em 10min! Tecnologia antivandalismo, alta resolu\u00e7\u00e3o (P2.6-P5.9) e suporte 24h no Brasil. Ideal para palcos, igrejas e est\u00e1dios. Solicite or\u00e7amento!\" \/>\n<meta name=\"robots\" content=\"index, follow, max-snippet:-1, max-image-preview:large, max-video-preview:-1\" \/>\n<link rel=\"canonical\" href=\"https:\/\/www.telaled.com\/tr\/fabrica\/aluguel-de-painel-de-led-da-serie-tro\/\" \/>\n<meta property=\"og:locale\" content=\"tr_TR\" \/>\n<meta property=\"og:type\" content=\"article\" \/>\n<meta property=\"og:title\" content=\"Painel de LED para Loca\u00e7\u00e3o TRO | Shows, Eventos Corporativos &amp; Feiras | TELALED\" \/>\n<meta property=\"og:description\" content=\"Pain\u00e9is LED TRO para loca\u00e7\u00e3o com montagem r\u00e1pida em 10min! Tecnologia antivandalismo, alta resolu\u00e7\u00e3o (P2.6-P5.9) e suporte 24h no Brasil. Ideal para palcos, igrejas e est\u00e1dios. Solicite or\u00e7amento!\" \/>\n<meta property=\"og:url\" content=\"https:\/\/www.telaled.com\/tr\/fabrica\/aluguel-de-painel-de-led-da-serie-tro\/\" \/>\n<meta property=\"og:site_name\" content=\"TELALED\" \/>\n<meta property=\"article:modified_time\" content=\"2026-01-03T08:20:31+00:00\" \/>\n<meta property=\"og:image\" content=\"https:\/\/www.telaled.com\/wp-content\/uploads\/2025\/06\/Aluguel-de-Painel-de-LED-da-Serie-TRO-3.webp\" \/>\n\t<meta property=\"og:image:width\" content=\"500\" \/>\n\t<meta property=\"og:image:height\" content=\"500\" \/>\n\t<meta property=\"og:image:type\" content=\"image\/webp\" \/>\n<meta name=\"twitter:card\" content=\"summary_large_image\" \/>\n<meta name=\"twitter:label1\" content=\"Est. reading time\" \/>\n\t<meta name=\"twitter:data1\" content=\"2 dakika\" \/>\n<script type=\"application\/ld+json\" class=\"yoast-schema-graph\">{\"@context\":\"https:\\\/\\\/schema.org\",\"@graph\":[{\"@type\":\"WebPage\",\"@id\":\"https:\\\/\\\/www.telaled.com\\\/fabrica\\\/aluguel-de-painel-de-led-da-serie-tro\\\/\",\"url\":\"https:\\\/\\\/www.telaled.com\\\/fabrica\\\/aluguel-de-painel-de-led-da-serie-tro\\\/\",\"name\":\"Painel de LED para Loca\u00e7\u00e3o TRO | Shows, Eventos Corporativos & Feiras | TELALED\",\"isPartOf\":{\"@id\":\"https:\\\/\\\/www.telaled.com\\\/#website\"},\"primaryImageOfPage\":{\"@id\":\"https:\\\/\\\/www.telaled.com\\\/fabrica\\\/aluguel-de-painel-de-led-da-serie-tro\\\/#primaryimage\"},\"image\":{\"@id\":\"https:\\\/\\\/www.telaled.com\\\/fabrica\\\/aluguel-de-painel-de-led-da-serie-tro\\\/#primaryimage\"},\"thumbnailUrl\":\"https:\\\/\\\/www.telaled.com\\\/wp-content\\\/uploads\\\/2025\\\/06\\\/Aluguel-de-Painel-de-LED-da-Serie-TRO-3.webp\",\"datePublished\":\"2025-06-24T10:01:48+00:00\",\"dateModified\":\"2026-01-03T08:20:31+00:00\",\"description\":\"Pain\u00e9is LED TRO para loca\u00e7\u00e3o com montagem r\u00e1pida em 10min! Tecnologia antivandalismo, alta resolu\u00e7\u00e3o (P2.6-P5.9) e suporte 24h no Brasil. Ideal para palcos, igrejas e est\u00e1dios. Solicite or\u00e7amento!\",\"breadcrumb\":{\"@id\":\"https:\\\/\\\/www.telaled.com\\\/fabrica\\\/aluguel-de-painel-de-led-da-serie-tro\\\/#breadcrumb\"},\"inLanguage\":\"tr\",\"potentialAction\":[{\"@type\":\"ReadAction\",\"target\":[\"https:\\\/\\\/www.telaled.com\\\/fabrica\\\/aluguel-de-painel-de-led-da-serie-tro\\\/\"]}]},{\"@type\":\"ImageObject\",\"inLanguage\":\"tr\",\"@id\":\"https:\\\/\\\/www.telaled.com\\\/fabrica\\\/aluguel-de-painel-de-led-da-serie-tro\\\/#primaryimage\",\"url\":\"https:\\\/\\\/www.telaled.com\\\/wp-content\\\/uploads\\\/2025\\\/06\\\/Aluguel-de-Painel-de-LED-da-Serie-TRO-3.webp\",\"contentUrl\":\"https:\\\/\\\/www.telaled.com\\\/wp-content\\\/uploads\\\/2025\\\/06\\\/Aluguel-de-Painel-de-LED-da-Serie-TRO-3.webp\",\"width\":500,\"height\":500,\"caption\":\"Aluguel-de-Painel-de-LED-da-Serie-TRO\"},{\"@type\":\"BreadcrumbList\",\"@id\":\"https:\\\/\\\/www.telaled.com\\\/fabrica\\\/aluguel-de-painel-de-led-da-serie-tro\\\/#breadcrumb\",\"itemListElement\":[{\"@type\":\"ListItem\",\"position\":1,\"name\":\"Home\",\"item\":\"https:\\\/\\\/www.telaled.com\\\/\"},{\"@type\":\"ListItem\",\"position\":2,\"name\":\"Produtos\",\"item\":\"https:\\\/\\\/www.telaled.com\\\/shop\\\/\"},{\"@type\":\"ListItem\",\"position\":3,\"name\":\"Painel de LED para Loca\u00e7\u00e3o da S\u00e9rie TRO\"}]},{\"@type\":\"WebSite\",\"@id\":\"https:\\\/\\\/www.telaled.com\\\/#website\",\"url\":\"https:\\\/\\\/www.telaled.com\\\/\",\"name\":\"TELALED\",\"description\":\"\",\"potentialAction\":[{\"@type\":\"SearchAction\",\"target\":{\"@type\":\"EntryPoint\",\"urlTemplate\":\"https:\\\/\\\/www.telaled.com\\\/?s={search_term_string}\"},\"query-input\":{\"@type\":\"PropertyValueSpecification\",\"valueRequired\":true,\"valueName\":\"search_term_string\"}}],\"inLanguage\":\"tr\"}]}<\/script>\n<!-- \/ Yoast SEO plugin. -->","yoast_head_json":{"title":"TRO&#039;da Kiral\u0131k LED Panel | G\u00f6steriler, Kurumsal Etkinlikler ve Ticaret Fuarlar\u0131 | TELALED","description":"TRO LED panelleri, 10 dakikada h\u0131zl\u0131 kurulumla kiralanabilir! Vandalizme dayan\u0131kl\u0131 teknoloji, y\u00fcksek \u00e7\u00f6z\u00fcn\u00fcrl\u00fck (P2.6-P5.9) ve Brezilya&#039;da 7\/24 destek. Sahne, kilise ve stadyumlar i\u00e7in ideal. Fiyat teklifi isteyin!","robots":{"index":"index","follow":"follow","max-snippet":"max-snippet:-1","max-image-preview":"max-image-preview:large","max-video-preview":"max-video-preview:-1"},"canonical":"https:\/\/www.telaled.com\/tr\/fabrica\/aluguel-de-painel-de-led-da-serie-tro\/","og_locale":"tr_TR","og_type":"article","og_title":"Painel de LED para Loca\u00e7\u00e3o TRO | Shows, Eventos Corporativos & Feiras | TELALED","og_description":"Pain\u00e9is LED TRO para loca\u00e7\u00e3o com montagem r\u00e1pida em 10min! Tecnologia antivandalismo, alta resolu\u00e7\u00e3o (P2.6-P5.9) e suporte 24h no Brasil. Ideal para palcos, igrejas e est\u00e1dios. Solicite or\u00e7amento!","og_url":"https:\/\/www.telaled.com\/tr\/fabrica\/aluguel-de-painel-de-led-da-serie-tro\/","og_site_name":"TELALED","article_modified_time":"2026-01-03T08:20:31+00:00","og_image":[{"width":500,"height":500,"url":"https:\/\/www.telaled.com\/wp-content\/uploads\/2025\/06\/Aluguel-de-Painel-de-LED-da-Serie-TRO-3.webp","type":"image\/webp"}],"twitter_card":"summary_large_image","twitter_misc":{"Est. reading time":"2 dakika"},"schema":{"@context":"https:\/\/schema.org","@graph":[{"@type":"WebPage","@id":"https:\/\/www.telaled.com\/fabrica\/aluguel-de-painel-de-led-da-serie-tro\/","url":"https:\/\/www.telaled.com\/fabrica\/aluguel-de-painel-de-led-da-serie-tro\/","name":"TRO&#039;da Kiral\u0131k LED Panel | G\u00f6steriler, Kurumsal Etkinlikler ve Ticaret Fuarlar\u0131 | TELALED","isPartOf":{"@id":"https:\/\/www.telaled.com\/#website"},"primaryImageOfPage":{"@id":"https:\/\/www.telaled.com\/fabrica\/aluguel-de-painel-de-led-da-serie-tro\/#primaryimage"},"image":{"@id":"https:\/\/www.telaled.com\/fabrica\/aluguel-de-painel-de-led-da-serie-tro\/#primaryimage"},"thumbnailUrl":"https:\/\/www.telaled.com\/wp-content\/uploads\/2025\/06\/Aluguel-de-Painel-de-LED-da-Serie-TRO-3.webp","datePublished":"2025-06-24T10:01:48+00:00","dateModified":"2026-01-03T08:20:31+00:00","description":"TRO LED panelleri, 10 dakikada h\u0131zl\u0131 kurulumla kiralanabilir! Vandalizme dayan\u0131kl\u0131 teknoloji, y\u00fcksek \u00e7\u00f6z\u00fcn\u00fcrl\u00fck (P2.6-P5.9) ve Brezilya&#039;da 7\/24 destek. Sahne, kilise ve stadyumlar i\u00e7in ideal. Fiyat teklifi isteyin!","breadcrumb":{"@id":"https:\/\/www.telaled.com\/fabrica\/aluguel-de-painel-de-led-da-serie-tro\/#breadcrumb"},"inLanguage":"tr","potentialAction":[{"@type":"ReadAction","target":["https:\/\/www.telaled.com\/fabrica\/aluguel-de-painel-de-led-da-serie-tro\/"]}]},{"@type":"ImageObject","inLanguage":"tr","@id":"https:\/\/www.telaled.com\/fabrica\/aluguel-de-painel-de-led-da-serie-tro\/#primaryimage","url":"https:\/\/www.telaled.com\/wp-content\/uploads\/2025\/06\/Aluguel-de-Painel-de-LED-da-Serie-TRO-3.webp","contentUrl":"https:\/\/www.telaled.com\/wp-content\/uploads\/2025\/06\/Aluguel-de-Painel-de-LED-da-Serie-TRO-3.webp","width":500,"height":500,"caption":"Aluguel-de-Painel-de-LED-da-Serie-TRO"},{"@type":"BreadcrumbList","@id":"https:\/\/www.telaled.com\/fabrica\/aluguel-de-painel-de-led-da-serie-tro\/#breadcrumb","itemListElement":[{"@type":"ListItem","position":1,"name":"Home","item":"https:\/\/www.telaled.com\/"},{"@type":"ListItem","position":2,"name":"Produtos","item":"https:\/\/www.telaled.com\/shop\/"},{"@type":"ListItem","position":3,"name":"Painel de LED para Loca\u00e7\u00e3o da S\u00e9rie TRO"}]},{"@type":"WebSite","@id":"https:\/\/www.telaled.com\/#website","url":"https:\/\/www.telaled.com\/","name":"LED Ekran","description":"","potentialAction":[{"@type":"SearchAction","target":{"@type":"EntryPoint","urlTemplate":"https:\/\/www.telaled.com\/?s={search_term_string}"},"query-input":{"@type":"PropertyValueSpecification","valueRequired":true,"valueName":"search_term_string"}}],"inLanguage":"tr"}]}},"_links":{"self":[{"href":"https:\/\/www.telaled.com\/tr\/wp-json\/wp\/v2\/product\/2190","targetHints":{"allow":["GET"]}}],"collection":[{"href":"https:\/\/www.telaled.com\/tr\/wp-json\/wp\/v2\/product"}],"about":[{"href":"https:\/\/www.telaled.com\/tr\/wp-json\/wp\/v2\/types\/product"}],"wp:featuredmedia":[{"embeddable":true,"href":"https:\/\/www.telaled.com\/tr\/wp-json\/wp\/v2\/media\/2191"}],"wp:attachment":[{"href":"https:\/\/www.telaled.com\/tr\/wp-json\/wp\/v2\/media?parent=2190"}],"wp:term":[{"taxonomy":"product_brand","embeddable":true,"href":"https:\/\/www.telaled.com\/tr\/wp-json\/wp\/v2\/product_brand?post=2190"},{"taxonomy":"product_cat","embeddable":true,"href":"https:\/\/www.telaled.com\/tr\/wp-json\/wp\/v2\/product_cat?post=2190"},{"taxonomy":"product_tag","embeddable":true,"href":"https:\/\/www.telaled.com\/tr\/wp-json\/wp\/v2\/product_tag?post=2190"}],"curies":[{"name":"wp","href":"https:\/\/api.w.org\/{rel}","templated":true}]}}