{"id":2040,"date":"2025-06-17T02:53:18","date_gmt":"2025-06-17T02:53:18","guid":{"rendered":"https:\/\/www.telaled.com\/?post_type=product&#038;p=2040"},"modified":"2026-01-02T06:41:32","modified_gmt":"2026-01-02T06:41:32","slug":"modulo-painel-de-led-p1-583","status":"publish","type":"product","link":"https:\/\/www.telaled.com\/tr\/fabrica\/modulo-painel-de-led-p1-583\/","title":{"rendered":"P1.583 LED Panel Mod\u00fcl\u00fc"},"content":{"rendered":"<div id=\"featurebullets_feature_div\" class=\"celwidget\" data-feature-name=\"featurebullets\" data-csa-c-type=\"widget\" data-csa-c-content-id=\"featurebullets\" data-csa-c-slot-id=\"featurebullets_feature_div\" data-csa-c-asin=\"B07DF32D6Q\" data-csa-c-is-in-initial-active-row=\"false\" data-csa-c-id=\"3j0pnl-7cjnp-9t8psx-tspeog\">\n<div id=\"feature-bullets\" class=\"a-section a-spacing-medium a-spacing-top-small\">\n<div data-zone-id=\"0\" data-line-index=\"0\" data-line=\"true\">\n<p><strong>P1.583 LED Mod\u00fcl\u00fcn\u00fcn Avantajlar\u0131:<\/strong><\/p>\n<ol>\n<li><strong>Y\u00fcksek \u00c7\u00f6z\u00fcn\u00fcrl\u00fck (1,583 mm Piksel Aral\u0131\u011f\u0131)<\/strong><br \/>St\u00fcdyolar ve kontrol odalar\u0131 gibi yak\u0131n \u00e7ekim ortamlar\u0131 i\u00e7in ideal olan, keskin ve ayr\u0131nt\u0131l\u0131 g\u00f6r\u00fcnt\u00fcler i\u00e7in ultra ince piksel aral\u0131\u011f\u0131.<\/li>\n<li><strong>SMD 1R1G1B teknolojisi<\/strong><br \/>16 bit gradyanl\u0131 canl\u0131 renkler ve geni\u015f g\u00f6r\u00fc\u015f a\u00e7\u0131s\u0131 (140\u00b0 Yatay\/Dikey) sayesinde her pozisyonda do\u011fru g\u00f6r\u00fcnt\u00fc yeniden \u00fcretimi.<\/li>\n<li><a href=\"https:\/\/www.telaled.com\/tr\/fabrica\/painel-de-led-para-manutencao-frontal-serie-tib\/\"><strong>\u00d6n Bak\u0131m<\/strong><\/a><br \/>\u00d6n taraftan kurulum ve bak\u0131ma olanak tan\u0131yan mod\u00fcler tasar\u0131m, arka taraftan eri\u015fime gerek kalmadan s\u0131n\u0131rl\u0131 alanlar\u0131 en iyi \u015fekilde de\u011ferlendirir.<\/li>\n<li><strong>IP67 koruma<\/strong><br \/>Toz ve neme dayan\u0131kl\u0131 olup, zorlu ortamlarda bile uzun \u00f6m\u00fcrl\u00fcl\u00fck sa\u011flar.<\/li>\n<li><a href=\"https:\/\/www.telaled.com\/tr\/fabrica\/painel-led-economizador-de-energia-serie-toc\/\"><strong>Enerji Verimlili\u011fi<\/strong><\/a><br \/>Geleneksel teknolojilere k\u0131yasla daha d\u00fc\u015f\u00fck g\u00fc\u00e7 t\u00fcketimi ve 100.000 saati a\u015fan kullan\u0131m \u00f6mr\u00fc.<\/li>\n<li><strong>Ayarlanabilir Parlakl\u0131k (1200 cd\/m\u00b2)<\/strong><br \/>Farkl\u0131 i\u00e7 mekan ayd\u0131nlatma ko\u015fullar\u0131na uyum sa\u011flarken, parlak \u0131\u015f\u0131k alt\u0131nda da m\u00fckemmel g\u00f6r\u00fcn\u00fcrl\u00fc\u011f\u00fc korur.<\/li>\n<li><strong>Kontrol Sistemleriyle Uyumluluk<\/strong><br \/>Dijital reklamc\u0131l\u0131k ve canl\u0131 yay\u0131n i\u00e7in i\u00e7erik y\u00f6netim yaz\u0131l\u0131mlar\u0131yla basitle\u015ftirilmi\u015f entegrasyon.<\/li>\n<\/ol>\n<p><img loading=\"lazy\" decoding=\"async\" class=\"alignnone wp-image-2017 size-full\" src=\"https:\/\/www.telaled.com\/wp-content\/uploads\/2023\/06\/quality-led-module-materials-1.webp\" alt=\"kalite odakl\u0131 mod\u00fcl malzemeleri\" width=\"768\" height=\"555\" srcset=\"https:\/\/www.telaled.com\/wp-content\/uploads\/2023\/06\/quality-led-module-materials-1.webp 768w, https:\/\/www.telaled.com\/wp-content\/uploads\/2023\/06\/quality-led-module-materials-1-300x217.webp 300w, https:\/\/www.telaled.com\/wp-content\/uploads\/2023\/06\/quality-led-module-materials-1-18x12.webp 18w, https:\/\/www.telaled.com\/wp-content\/uploads\/2023\/06\/quality-led-module-materials-1-600x434.webp 600w\" sizes=\"auto, (max-width: 768px) 100vw, 768px\" \/><\/p>\n<\/div>\n<\/div>\n<\/div>\n<div data-feature-name=\"acf-carousel\" data-csa-c-type=\"widget\" data-csa-c-content-id=\"acf-carousel\" data-csa-c-slot-id=\"acf-carousel_feature_div\" data-csa-c-asin=\"B07DF32D6Q\" data-csa-c-is-in-initial-active-row=\"false\" data-csa-c-id=\"oqpgyr-mh4egp-nntzd2-kyiiqq\">\n<table id=\"tablepress-7\" class=\"tablepress tablepress-id-7\">\n<thead>\n<tr class=\"row-1\">\n\t<th colspan=\"4\" class=\"column-1\">Teknik detaylar<\/th>\n<\/tr>\n<\/thead>\n<tbody class=\"row-striping row-hover\">\n<tr class=\"row-2\">\n\t<td class=\"column-1\">Model Numaras\u0131<\/td><td class=\"column-2\">TL \u2013 P1.583 \u0130\u00e7 Mekan LED Panel Mod\u00fcl\u00fc<\/td><td class=\"column-3\"><\/td><td class=\"column-4\"><\/td>\n<\/tr>\n<tr class=\"row-3\">\n\t<td class=\"column-1\">Marka Ad\u0131<\/td><td class=\"column-2\">\u00dcretici TELALED<\/td><td class=\"column-3\">Ekran D\u00fczl\u00fc\u011f\u00fc<\/td><td class=\"column-4\">&lt;\u00b11mm<\/td>\n<\/tr>\n<tr class=\"row-4\">\n\t<td class=\"column-1\">Men\u015fe Yeri<\/td><td class=\"column-2\">Guangdong, \u00c7in<\/td><td class=\"column-3\">Ar\u0131zalar Aras\u0131 Ortalama S\u00fcre (MTBF)<\/td><td class=\"column-4\">&gt;10.000 Saat<\/td>\n<\/tr>\n<tr class=\"row-5\">\n\t<td class=\"column-1\">Pikseller aras\u0131ndaki mesafe<\/td><td class=\"column-2\">P1.583<\/td><td class=\"column-3\">Faydal\u0131 \u00d6m\u00fcr<\/td><td class=\"column-4\">&gt;100.000 Saat<\/td>\n<\/tr>\n<tr class=\"row-6\">\n\t<td class=\"column-1\">Minimum \u0130zleme Mesafesi<\/td><td class=\"column-2\">1.583 metre<\/td><td class=\"column-3\">\u00c7al\u0131\u015fma Gerilimini G\u00f6r\u00fcnt\u00fcle<\/td><td class=\"column-4\">AC46\uff5e54HZ, 220V\u00b115%\/110V\u00b115%<\/td>\n<\/tr>\n<tr class=\"row-7\">\n\t<td class=\"column-1\">LED yap\u0131land\u0131rmas\u0131<\/td><td class=\"column-2\">SMD1212<\/td><td class=\"column-3\">I\u015f\u0131k Zay\u0131flamas\u0131<\/td><td class=\"column-4\">&lt;3%<\/td>\n<\/tr>\n<tr class=\"row-8\">\n\t<td class=\"column-1\">Mod\u00fcl \u00c7\u00f6z\u00fcn\u00fcrl\u00fc\u011f\u00fc<\/td><td class=\"column-2\">128\u00d764 piksel<\/td><td class=\"column-3\">Ka\u00e7ak Ak\u0131m<\/td><td class=\"column-4\">&lt;3mA<\/td>\n<\/tr>\n<tr class=\"row-9\">\n\t<td class=\"column-1\">Mod\u00fcl Pikseli<\/td><td class=\"column-2\">202\u00d7101 piksel<\/td><td class=\"column-3\">IP Koruma Derecelendirmesi<\/td><td class=\"column-4\">Arka: IP40 \/ \u00d6n: IP50<\/td>\n<\/tr>\n<tr class=\"row-10\">\n\t<td class=\"column-1\">Mod\u00fcl Boyutu<\/td><td class=\"column-2\">L320mm*H160mm*T15<\/td><td class=\"column-3\">\u0130\u015fyerinin S\u0131cakl\u0131\u011f\u0131 ve Nem Oran\u0131<\/td><td class=\"column-4\">S\u0131cakl\u0131k: -20\u00b0C ila +60\u00b0C \/ Nem: 1 ila 1 RH<\/td>\n<\/tr>\n<tr class=\"row-11\">\n\t<td class=\"column-1\">Dolap Boyutu<\/td><td class=\"column-2\">640mm*640mm<\/td><td class=\"column-3\">Desteklenen Medya<\/td><td class=\"column-4\">Teknik \u00f6zellikler, Foto\u011fraflar, CAD modelleri, Video<\/td>\n<\/tr>\n<tr class=\"row-12\">\n\t<td class=\"column-1\">Piksel yap\u0131land\u0131rmas\u0131<\/td><td class=\"column-2\">SMD3&#039;\u00fc 1 arada, Tam Renkli K\u0131rm\u0131z\u0131\/Ye\u015fil\/Mavi 1:1:1<\/td><td class=\"column-3\">\u0130\u015flev<\/td><td class=\"column-4\">SDK<\/td>\n<\/tr>\n<tr class=\"row-13\">\n\t<td class=\"column-1\">Dengeli Parlakl\u0131k<\/td><td class=\"column-2\">1000 cd\/m\u00b2 (i\u00e7 mekan)<\/td><td class=\"column-3\">Kontrol Modu<\/td><td class=\"column-4\">Kontrol bilgisayar\u0131yla DVI \u00fczerinden senkronizasyon<\/td>\n<\/tr>\n<tr class=\"row-14\">\n\t<td class=\"column-1\">S\u00fcr\u00fc\u015f Y\u00f6ntemi<\/td><td class=\"column-2\">1\/52 tarama<\/td><td class=\"column-3\">Desteklenen Yaz\u0131l\u0131mlar<\/td><td class=\"column-4\">Windows XP\/W7\/Vista<\/td>\n<\/tr>\n<tr class=\"row-15\">\n\t<td class=\"column-1\">Yenileme H\u0131z\u0131<\/td><td class=\"column-2\">\u22651920 Hz<\/td><td class=\"column-3\">Kontrol Sistemi<\/td><td class=\"column-4\">DVI kart\u0131 + tam renkli kontrol \u00fcnitesi + optik fiber (iste\u011fe ba\u011fl\u0131)<\/td>\n<\/tr>\n<tr class=\"row-16\">\n\t<td class=\"column-1\">De\u011fi\u015fiklik Alg\u0131lama Frekans\u0131<\/td><td class=\"column-2\">50-60Hz<\/td><td class=\"column-3\">Ana Kontrol Sistemi Markas\u0131<\/td><td class=\"column-4\">Novastar, Linsn, Huidu, Colorlight<\/td>\n<\/tr>\n<tr class=\"row-17\">\n\t<td class=\"column-1\">Bak\u0131\u015f A\u00e7\u0131s\u0131<\/td><td class=\"column-2\">H140\u00b0 V120\u00b0<\/td><td class=\"column-3\">Aray\u00fcz<\/td><td class=\"column-4\">Standart Ethernet<\/td>\n<\/tr>\n<tr class=\"row-18\">\n\t<td class=\"column-1\">Bo\u015fta I\u015f\u0131k Oran\u0131<\/td><td class=\"column-2\">\u22641%<\/td><td class=\"column-3\">\u0130letim Mesafesi<\/td><td class=\"column-4\">\u00c7ok modlu fiber <500m >\n<\/tr>\n<tr class=\"row-19\">\n\t<td class=\"column-1\">Enerji \u0130sraf\u0131<\/td><td class=\"column-2\">700*1000 W\/M2<\/td><td class=\"column-3\">Garanti<\/td><td class=\"column-4\">5 y\u0131l<\/td>\n<\/tr>\n<tr class=\"row-20\">\n\t<td class=\"column-1\">Ortalama Enerji T\u00fcketimi<\/td><td class=\"column-2\">260 W\/M2<\/td><td class=\"column-3\">Tedarik\u00e7i T\u00fcr\u00fc<\/td><td class=\"column-4\">Orijinal \u00dcretici\/ODM\/OEM<\/td>\n<\/tr>\n<tr class=\"row-21\">\n\t<td class=\"column-1\">Gri Seviyesi<\/td><td class=\"column-2\">16 bit (281 trilyon renk) \/ ana renk ba\u015f\u0131na 65.536 ton<\/td><td class=\"column-3\">Teslimat s\u00fcresi<\/td><td class=\"column-4\">25 (veya pazarl\u0131k edilebilir)<\/td>\n<\/tr>\n<tr class=\"row-22\">\n\t<td class=\"column-1\">Ekran Rengi<\/td><td class=\"column-2\">16M<\/td><td class=\"column-3\">Ba\u015fvuru<\/td><td class=\"column-4\">Reklam\/\u0130\u00e7 Mekan\/D\u0131\u015f Mekan<\/td>\n<\/tr>\n<tr class=\"row-23\">\n\t<td class=\"column-1\">Kesintisiz \u00c7al\u0131\u015fma Saatleri<\/td><td class=\"column-2\">\u226572 saat<\/td><td class=\"column-3\">Kullanmak<\/td><td class=\"column-4\">Dijital reklamc\u0131l\u0131k, Al\u0131\u015fveri\u015f merkezleri, Kar\u015f\u0131lama ekranlar\u0131, Sergi salonlar\u0131, Havaalanlar\u0131, Kiliseler, Spor, Etkinlikler, Toplant\u0131lar, Kiralama, Sahneler, Otomotiv, Perakende, D\u00fc\u011f\u00fcnler<\/td>\n<\/tr>\n<tr class=\"row-24\">\n\t<td class=\"column-1\">Gizli K\u00f6r Nokta Oran\u0131<\/td><td class=\"column-2\"><1><td class=\"column-3\">Paketleme Detaylar\u0131<\/td><td class=\"column-4\">G\u00fc\u00e7lendirilmi\u015f karton kutu + ah\u015fap<\/td>\n<\/tr>\n<tr class=\"row-25\">\n\t<td class=\"column-1\">S\u00fcrekli K\u00f6r Nokta Oran\u0131<\/td><td class=\"column-2\">Hi\u00e7biri<\/td><td class=\"column-3\">Arz Kapasitesi<\/td><td class=\"column-4\">5.000 adet\/ay<\/td>\n<\/tr>\n<tr class=\"row-26\">\n\t<td class=\"column-1\">K\u00f6r Nokta Oran\u0131<\/td><td class=\"column-2\"><1><td class=\"column-3\">Liman<\/td><td class=\"column-4\">Shenzhen<\/td>\n<\/tr>\n<\/tbody>\n<\/table>\n<!-- #tablepress-7 from cache --><\/div>\n<div id=\"provenanceCertifications_feature_div\" class=\"celwidget\" data-feature-name=\"provenanceCertifications\" data-csa-c-type=\"widget\" data-csa-c-content-id=\"provenanceCertifications\" data-csa-c-slot-id=\"provenanceCertifications_feature_div\" data-csa-c-asin=\"B07DF32D6Q\" data-csa-c-is-in-initial-active-row=\"false\" data-csa-c-id=\"6t8ho-xbknmj-nqaso5-ne24gd\">\n<div id=\"provenance-certifications\" class=\"a-section a-spacing-medium a-spacing-top-micro\">\u00a0<\/div>\n<\/div>","protected":false},"excerpt":{"rendered":"<p><strong>P1.583 LED Panel Mod\u00fcl\u00fc \u2013 \u0130\u00e7 Mekan Uygulamalar\u0131 i\u00e7in Ultra HD \u00c7\u00f6z\u00fcn\u00fcrl\u00fck<\/strong><\/p>\n<p>O <strong>P1.583 LED Mod\u00fcl\u00fc<\/strong> \u0130\u00e7 mekan ekranlar\u0131 i\u00e7in, net g\u00f6r\u00fcnt\u00fcler ve canl\u0131 renkler gerektiren uygulamalar i\u00e7in m\u00fckemmel bir se\u00e7imdir, \u00e7\u00fcnk\u00fc sahip oldu\u011fu \u00f6zellikler sayesinde bu imkan\u0131 sunar. <strong>yaln\u0131zca 1,583 mm piksel aral\u0131\u011f\u0131<\/strong>. G\u00f6r\u00fcnt\u00fc kalitesinin \u00e7ok \u00f6nemli oldu\u011fu kontrol odalar\u0131, yay\u0131n st\u00fcdyolar\u0131 ve kurumsal ortamlar i\u00e7in idealdir.<\/p>\n<p><strong>Ba\u015fl\u0131ca \u00d6zellikler:<\/strong><\/p>\n<ul>\n<li><strong>Y\u00fcksek \u00e7\u00f6z\u00fcn\u00fcrl\u00fck:<\/strong> <a href=\"https:\/\/www.telaled.com\/tr\/pixel-pitch\/\">Piksel aral\u0131\u011f\u0131<\/a> 1.583 mm odak uzakl\u0131\u011f\u0131 sayesinde, k\u0131sa mesafelerde bile ultra net g\u00f6r\u00fcnt\u00fcler elde edersiniz.<\/li>\n<li><strong>Teknoloji <a href=\"https:\/\/www.telaled.com\/tr\/led-smd\/\">SMD<\/a> 1R1G1B:<\/strong> Do\u011fru renk\u518d\u73fei i\u00e7in 16 bit gradyanl\u0131 canl\u0131 RGB renkler.<\/li>\n<li><strong>Ayarlanabilir Parlakl\u0131k (1000-1500 nit):<\/strong> Farkl\u0131 i\u00e7 mekan ayd\u0131nlatma ko\u015fullar\u0131na uyarlanabilir.<\/li>\n<li><strong>Mod\u00fcler Tasar\u0131m:<\/strong> Her boyuttaki ekrana m\u00fckemmel uyum sa\u011flayacak \u015fekilde esnek montaj imkan\u0131 sunar.<\/li>\n<li><strong>Enerji Verimlili\u011fi:<\/strong> D\u00fc\u015f\u00fck g\u00fc\u00e7 t\u00fcketimi ve 100.000 saati a\u015fan kullan\u0131m \u00f6mr\u00fc.<\/li>\n<\/ul>\n<p><strong>Uygulamalar:<\/strong> G\u00f6rsel netli\u011fin kritik \u00f6nem ta\u015f\u0131d\u0131\u011f\u0131 dijital reklamc\u0131l\u0131k, toplant\u0131 odalar\u0131 ve etkinlikler i\u00e7in m\u00fckemmeldir. Tam bir g\u00f6n\u00fcl rahatl\u0131\u011f\u0131 i\u00e7in 5 y\u0131ll\u0131k garanti i\u00e7erir.<\/p>","protected":false},"featured_media":2041,"template":"","meta":[],"product_brand":[],"product_cat":[41],"product_tag":[],"class_list":{"0":"post-2040","1":"product","2":"type-product","3":"status-publish","4":"has-post-thumbnail","6":"product_cat-modulo-painel-de-led","8":"first","9":"instock","10":"shipping-taxable","11":"product-type-simple"},"yoast_head":"<!-- This site is optimized with the Yoast SEO plugin v27.4 - https:\/\/yoast.com\/product\/yoast-seo-wordpress\/ -->\n<title>M\u00f3dulo de Painel LED P1.583 - Solu\u00e7\u00e3o HD para Publicidade Digital e Est\u00fadios | TELALED<\/title>\n<meta name=\"description\" content=\"O m\u00f3dulo LED P1.583 da TELALED oferece pixel pitch ultra-fino de 1.583mm, ideal para controle de m\u00eddia e publicidade digital. Tecnologia SMD 1R1G1B com 16-bit de cores e 5 anos de garantia. Solicite or\u00e7amento personalizado!\" \/>\n<meta name=\"robots\" content=\"index, follow, max-snippet:-1, max-image-preview:large, max-video-preview:-1\" \/>\n<link rel=\"canonical\" href=\"https:\/\/www.telaled.com\/tr\/fabrica\/modulo-painel-de-led-p1-583\/\" \/>\n<meta property=\"og:locale\" content=\"tr_TR\" \/>\n<meta property=\"og:type\" content=\"article\" \/>\n<meta property=\"og:title\" content=\"M\u00f3dulo de Painel LED P1.583 - Solu\u00e7\u00e3o HD para Publicidade Digital e Est\u00fadios | TELALED\" \/>\n<meta property=\"og:description\" content=\"O m\u00f3dulo LED P1.583 da TELALED oferece pixel pitch ultra-fino de 1.583mm, ideal para controle de m\u00eddia e publicidade digital. Tecnologia SMD 1R1G1B com 16-bit de cores e 5 anos de garantia. Solicite or\u00e7amento personalizado!\" \/>\n<meta property=\"og:url\" content=\"https:\/\/www.telaled.com\/tr\/fabrica\/modulo-painel-de-led-p1-583\/\" \/>\n<meta property=\"og:site_name\" content=\"TELALED\" \/>\n<meta property=\"article:modified_time\" content=\"2026-01-02T06:41:32+00:00\" \/>\n<meta property=\"og:image\" content=\"https:\/\/www.telaled.com\/wp-content\/uploads\/2025\/06\/modulo-painel-de-led-p1.583-5.webp\" \/>\n\t<meta property=\"og:image:width\" content=\"500\" \/>\n\t<meta property=\"og:image:height\" content=\"500\" \/>\n\t<meta property=\"og:image:type\" content=\"image\/webp\" \/>\n<meta name=\"twitter:card\" content=\"summary_large_image\" \/>\n<meta name=\"twitter:label1\" content=\"Est. reading time\" \/>\n\t<meta name=\"twitter:data1\" content=\"2 dakika\" \/>\n<script type=\"application\/ld+json\" class=\"yoast-schema-graph\">{\"@context\":\"https:\\\/\\\/schema.org\",\"@graph\":[{\"@type\":\"WebPage\",\"@id\":\"https:\\\/\\\/www.telaled.com\\\/fabrica\\\/modulo-painel-de-led-p1-583\\\/\",\"url\":\"https:\\\/\\\/www.telaled.com\\\/fabrica\\\/modulo-painel-de-led-p1-583\\\/\",\"name\":\"M\u00f3dulo de Painel LED P1.583 - Solu\u00e7\u00e3o HD para Publicidade Digital e Est\u00fadios | TELALED\",\"isPartOf\":{\"@id\":\"https:\\\/\\\/www.telaled.com\\\/#website\"},\"primaryImageOfPage\":{\"@id\":\"https:\\\/\\\/www.telaled.com\\\/fabrica\\\/modulo-painel-de-led-p1-583\\\/#primaryimage\"},\"image\":{\"@id\":\"https:\\\/\\\/www.telaled.com\\\/fabrica\\\/modulo-painel-de-led-p1-583\\\/#primaryimage\"},\"thumbnailUrl\":\"https:\\\/\\\/www.telaled.com\\\/wp-content\\\/uploads\\\/2025\\\/06\\\/modulo-painel-de-led-p1.583-5.webp\",\"datePublished\":\"2025-06-17T02:53:18+00:00\",\"dateModified\":\"2026-01-02T06:41:32+00:00\",\"description\":\"O m\u00f3dulo LED P1.583 da TELALED oferece pixel pitch ultra-fino de 1.583mm, ideal para controle de m\u00eddia e publicidade digital. Tecnologia SMD 1R1G1B com 16-bit de cores e 5 anos de garantia. Solicite or\u00e7amento personalizado!\",\"breadcrumb\":{\"@id\":\"https:\\\/\\\/www.telaled.com\\\/fabrica\\\/modulo-painel-de-led-p1-583\\\/#breadcrumb\"},\"inLanguage\":\"tr\",\"potentialAction\":[{\"@type\":\"ReadAction\",\"target\":[\"https:\\\/\\\/www.telaled.com\\\/fabrica\\\/modulo-painel-de-led-p1-583\\\/\"]}]},{\"@type\":\"ImageObject\",\"inLanguage\":\"tr\",\"@id\":\"https:\\\/\\\/www.telaled.com\\\/fabrica\\\/modulo-painel-de-led-p1-583\\\/#primaryimage\",\"url\":\"https:\\\/\\\/www.telaled.com\\\/wp-content\\\/uploads\\\/2025\\\/06\\\/modulo-painel-de-led-p1.583-5.webp\",\"contentUrl\":\"https:\\\/\\\/www.telaled.com\\\/wp-content\\\/uploads\\\/2025\\\/06\\\/modulo-painel-de-led-p1.583-5.webp\",\"width\":500,\"height\":500,\"caption\":\"modulo painel de led p1.583\"},{\"@type\":\"BreadcrumbList\",\"@id\":\"https:\\\/\\\/www.telaled.com\\\/fabrica\\\/modulo-painel-de-led-p1-583\\\/#breadcrumb\",\"itemListElement\":[{\"@type\":\"ListItem\",\"position\":1,\"name\":\"Home\",\"item\":\"https:\\\/\\\/www.telaled.com\\\/\"},{\"@type\":\"ListItem\",\"position\":2,\"name\":\"Produtos\",\"item\":\"https:\\\/\\\/www.telaled.com\\\/shop\\\/\"},{\"@type\":\"ListItem\",\"position\":3,\"name\":\"Modulo Painel de LED P1.583\"}]},{\"@type\":\"WebSite\",\"@id\":\"https:\\\/\\\/www.telaled.com\\\/#website\",\"url\":\"https:\\\/\\\/www.telaled.com\\\/\",\"name\":\"TELALED\",\"description\":\"\",\"potentialAction\":[{\"@type\":\"SearchAction\",\"target\":{\"@type\":\"EntryPoint\",\"urlTemplate\":\"https:\\\/\\\/www.telaled.com\\\/?s={search_term_string}\"},\"query-input\":{\"@type\":\"PropertyValueSpecification\",\"valueRequired\":true,\"valueName\":\"search_term_string\"}}],\"inLanguage\":\"tr\"}]}<\/script>\n<!-- \/ Yoast SEO plugin. -->","yoast_head_json":{"title":"P1.583 LED Panel Mod\u00fcl\u00fc - Dijital Reklamc\u0131l\u0131k ve St\u00fcdyolar i\u00e7in HD \u00c7\u00f6z\u00fcm | TELALED","description":"TELALED P1.583 LED mod\u00fcl\u00fc, medya kontrol\u00fc ve dijital reklamc\u0131l\u0131k i\u00e7in ideal olan 1,583 mm&#039;lik ultra ince piksel aral\u0131\u011f\u0131 sunar. 16 bit renk derinli\u011fine sahip SMD 1R1G1B teknolojisine ve 5 y\u0131l garantiye sahiptir. Ki\u015fiselle\u015ftirilmi\u015f fiyat teklifi isteyin!","robots":{"index":"index","follow":"follow","max-snippet":"max-snippet:-1","max-image-preview":"max-image-preview:large","max-video-preview":"max-video-preview:-1"},"canonical":"https:\/\/www.telaled.com\/tr\/fabrica\/modulo-painel-de-led-p1-583\/","og_locale":"tr_TR","og_type":"article","og_title":"M\u00f3dulo de Painel LED P1.583 - Solu\u00e7\u00e3o HD para Publicidade Digital e Est\u00fadios | TELALED","og_description":"O m\u00f3dulo LED P1.583 da TELALED oferece pixel pitch ultra-fino de 1.583mm, ideal para controle de m\u00eddia e publicidade digital. Tecnologia SMD 1R1G1B com 16-bit de cores e 5 anos de garantia. Solicite or\u00e7amento personalizado!","og_url":"https:\/\/www.telaled.com\/tr\/fabrica\/modulo-painel-de-led-p1-583\/","og_site_name":"TELALED","article_modified_time":"2026-01-02T06:41:32+00:00","og_image":[{"width":500,"height":500,"url":"https:\/\/www.telaled.com\/wp-content\/uploads\/2025\/06\/modulo-painel-de-led-p1.583-5.webp","type":"image\/webp"}],"twitter_card":"summary_large_image","twitter_misc":{"Est. reading time":"2 dakika"},"schema":{"@context":"https:\/\/schema.org","@graph":[{"@type":"WebPage","@id":"https:\/\/www.telaled.com\/fabrica\/modulo-painel-de-led-p1-583\/","url":"https:\/\/www.telaled.com\/fabrica\/modulo-painel-de-led-p1-583\/","name":"P1.583 LED Panel Mod\u00fcl\u00fc - Dijital Reklamc\u0131l\u0131k ve St\u00fcdyolar i\u00e7in HD \u00c7\u00f6z\u00fcm | TELALED","isPartOf":{"@id":"https:\/\/www.telaled.com\/#website"},"primaryImageOfPage":{"@id":"https:\/\/www.telaled.com\/fabrica\/modulo-painel-de-led-p1-583\/#primaryimage"},"image":{"@id":"https:\/\/www.telaled.com\/fabrica\/modulo-painel-de-led-p1-583\/#primaryimage"},"thumbnailUrl":"https:\/\/www.telaled.com\/wp-content\/uploads\/2025\/06\/modulo-painel-de-led-p1.583-5.webp","datePublished":"2025-06-17T02:53:18+00:00","dateModified":"2026-01-02T06:41:32+00:00","description":"TELALED P1.583 LED mod\u00fcl\u00fc, medya kontrol\u00fc ve dijital reklamc\u0131l\u0131k i\u00e7in ideal olan 1,583 mm&#039;lik ultra ince piksel aral\u0131\u011f\u0131 sunar. 16 bit renk derinli\u011fine sahip SMD 1R1G1B teknolojisine ve 5 y\u0131l garantiye sahiptir. Ki\u015fiselle\u015ftirilmi\u015f fiyat teklifi isteyin!","breadcrumb":{"@id":"https:\/\/www.telaled.com\/fabrica\/modulo-painel-de-led-p1-583\/#breadcrumb"},"inLanguage":"tr","potentialAction":[{"@type":"ReadAction","target":["https:\/\/www.telaled.com\/fabrica\/modulo-painel-de-led-p1-583\/"]}]},{"@type":"ImageObject","inLanguage":"tr","@id":"https:\/\/www.telaled.com\/fabrica\/modulo-painel-de-led-p1-583\/#primaryimage","url":"https:\/\/www.telaled.com\/wp-content\/uploads\/2025\/06\/modulo-painel-de-led-p1.583-5.webp","contentUrl":"https:\/\/www.telaled.com\/wp-content\/uploads\/2025\/06\/modulo-painel-de-led-p1.583-5.webp","width":500,"height":500,"caption":"modulo painel de led p1.583"},{"@type":"BreadcrumbList","@id":"https:\/\/www.telaled.com\/fabrica\/modulo-painel-de-led-p1-583\/#breadcrumb","itemListElement":[{"@type":"ListItem","position":1,"name":"Home","item":"https:\/\/www.telaled.com\/"},{"@type":"ListItem","position":2,"name":"Produtos","item":"https:\/\/www.telaled.com\/shop\/"},{"@type":"ListItem","position":3,"name":"Modulo Painel de LED P1.583"}]},{"@type":"WebSite","@id":"https:\/\/www.telaled.com\/#website","url":"https:\/\/www.telaled.com\/","name":"LED Ekran","description":"","potentialAction":[{"@type":"SearchAction","target":{"@type":"EntryPoint","urlTemplate":"https:\/\/www.telaled.com\/?s={search_term_string}"},"query-input":{"@type":"PropertyValueSpecification","valueRequired":true,"valueName":"search_term_string"}}],"inLanguage":"tr"}]}},"_links":{"self":[{"href":"https:\/\/www.telaled.com\/tr\/wp-json\/wp\/v2\/product\/2040","targetHints":{"allow":["GET"]}}],"collection":[{"href":"https:\/\/www.telaled.com\/tr\/wp-json\/wp\/v2\/product"}],"about":[{"href":"https:\/\/www.telaled.com\/tr\/wp-json\/wp\/v2\/types\/product"}],"wp:featuredmedia":[{"embeddable":true,"href":"https:\/\/www.telaled.com\/tr\/wp-json\/wp\/v2\/media\/2041"}],"wp:attachment":[{"href":"https:\/\/www.telaled.com\/tr\/wp-json\/wp\/v2\/media?parent=2040"}],"wp:term":[{"taxonomy":"product_brand","embeddable":true,"href":"https:\/\/www.telaled.com\/tr\/wp-json\/wp\/v2\/product_brand?post=2040"},{"taxonomy":"product_cat","embeddable":true,"href":"https:\/\/www.telaled.com\/tr\/wp-json\/wp\/v2\/product_cat?post=2040"},{"taxonomy":"product_tag","embeddable":true,"href":"https:\/\/www.telaled.com\/tr\/wp-json\/wp\/v2\/product_tag?post=2040"}],"curies":[{"name":"wp","href":"https:\/\/api.w.org\/{rel}","templated":true}]}}