{"id":1397,"date":"2023-06-08T07:51:40","date_gmt":"2023-06-08T07:51:40","guid":{"rendered":"https:\/\/plum-wolverine-723597.hostingersite.com\/?post_type=product&#038;p=1397"},"modified":"2026-01-02T06:30:42","modified_gmt":"2026-01-02T06:30:42","slug":"modulo-painel-de-led-p1-25","status":"publish","type":"product","link":"https:\/\/www.telaled.com\/tr\/fabrica\/modulo-painel-de-led-p1-25\/","title":{"rendered":"P1.25 LED Panel Mod\u00fcl\u00fc"},"content":{"rendered":"<p><strong>Ba\u015fl\u0131ca \u00d6zellikler:<\/strong><\/p>\n<p><strong>Y\u00fcksek \u00c7\u00f6z\u00fcn\u00fcrl\u00fck<\/strong><br \/><a href=\"https:\/\/www.telaled.com\/tr\/pixel-pitch\/\">Piksel aral\u0131\u011f\u0131<\/a> Ultra ince 1,25 mm lens, yak\u0131n \u00e7ekim g\u00f6r\u00fcnt\u00fcleme (\u22641,25 m) i\u00e7in keskin ve ayr\u0131nt\u0131l\u0131 g\u00f6r\u00fcnt\u00fcler sa\u011flar.<br \/>Mod\u00fcl ba\u015f\u0131na 256\u00d7128 piksel \u00e7\u00f6z\u00fcn\u00fcrl\u00fck (320x160 mm), kusursuz renk entegrasyonu i\u00e7in y\u00fcksek yo\u011funluklu LED matrisi ile donat\u0131lm\u0131\u015ft\u0131r.<\/p>\n<p><strong>Geli\u015fmi\u015f Teknoloji<\/strong><br \/>Canl\u0131 renkler ve \u00fcst\u00fcn renk do\u011frulu\u011fu i\u00e7in ayarlanabilir parlakl\u0131\u011fa (1000-1600 nit) ve 5000:1 kontrast oran\u0131na sahip SMD1010 LED&#039;ler.<br \/>Yenileme h\u0131z\u0131 \u22651920Hz, titreme etkilerini ortadan kald\u0131rarak ak\u0131c\u0131 videolar sa\u011flar.<\/p>\n<p><strong>Mod\u00fcler Tasar\u0131m<\/strong><br \/>320x160 mm standart boyut, \u00f6zel tasar\u0131m ekranlar i\u00e7in yatay\/dikey konfig\u00fcrasyonlarda esnek montaj imkan\u0131 sa\u011flar.<br \/>Basitle\u015ftirilmi\u015f \u00f6n\/arka bak\u0131m ve toz ve neme kar\u015f\u0131 IP65 koruma s\u0131n\u0131f\u0131.<\/p>\n<p><a href=\"https:\/\/www.telaled.com\/tr\/fabrica\/painel-led-economizador-de-energia-serie-toc\/\" data-wplink-edit=\"true\"><strong>Enerji Verimlili\u011fi<\/strong><\/a><br \/>D\u00fc\u015f\u00fck \u0131s\u0131 yay\u0131l\u0131m\u0131 teknolojisi sayesinde \u2264150W\/m\u00b2 g\u00fc\u00e7 t\u00fcketimi ile i\u015fletme maliyetleri d\u00fc\u015f\u00fcr\u00fclm\u00fc\u015ft\u00fcr.<br \/>Kullan\u0131m \u00f6mr\u00fc &gt;100.000 saat (11 y\u0131ldan fazla kesintisiz kullan\u0131m).<\/p>\n<p><img loading=\"lazy\" decoding=\"async\" class=\"alignnone wp-image-2017 size-full\" src=\"https:\/\/www.telaled.com\/wp-content\/uploads\/2023\/06\/quality-led-module-materials-1.webp\" alt=\"kalite odakl\u0131 mod\u00fcl malzemeleri\" width=\"768\" height=\"555\" srcset=\"https:\/\/www.telaled.com\/wp-content\/uploads\/2023\/06\/quality-led-module-materials-1.webp 768w, https:\/\/www.telaled.com\/wp-content\/uploads\/2023\/06\/quality-led-module-materials-1-300x217.webp 300w, https:\/\/www.telaled.com\/wp-content\/uploads\/2023\/06\/quality-led-module-materials-1-18x12.webp 18w, https:\/\/www.telaled.com\/wp-content\/uploads\/2023\/06\/quality-led-module-materials-1-600x434.webp 600w\" sizes=\"auto, (max-width: 768px) 100vw, 768px\" \/><\/p>\n\n<table id=\"tablepress-5\" class=\"tablepress tablepress-id-5\">\n<thead>\n<tr class=\"row-1\">\n\t<th colspan=\"4\" class=\"column-1\">Teknik detaylar<\/th>\n<\/tr>\n<\/thead>\n<tbody class=\"row-striping row-hover\">\n<tr class=\"row-2\">\n\t<td class=\"column-1\">Model Numaras\u0131<\/td><td class=\"column-2\">TL \u2013 \u0130\u00e7 Mekan Kullan\u0131m\u0131 \u0130\u00e7in P1.25 LED Panel Mod\u00fcl\u00fc<\/td><td class=\"column-3\"><\/td><td class=\"column-4\"><\/td>\n<\/tr>\n<tr class=\"row-3\">\n\t<td class=\"column-1\">Marka Ad\u0131<\/td><td class=\"column-2\">\u00dcretici TELALED<\/td><td class=\"column-3\">Ekran D\u00fczl\u00fc\u011f\u00fc<\/td><td class=\"column-4\">&lt;\u00b11mm<\/td>\n<\/tr>\n<tr class=\"row-4\">\n\t<td class=\"column-1\">Men\u015fe Yeri<\/td><td class=\"column-2\">Guangdong, \u00c7in<\/td><td class=\"column-3\">Ar\u0131zalar Aras\u0131 Ortalama S\u00fcre (MTBF)<\/td><td class=\"column-4\">&gt;10.000 Saat<\/td>\n<\/tr>\n<tr class=\"row-5\">\n\t<td class=\"column-1\">Pikseller aras\u0131ndaki mesafe<\/td><td class=\"column-2\">P1.25<\/td><td class=\"column-3\">Faydal\u0131 \u00d6m\u00fcr<\/td><td class=\"column-4\">&gt;100.000 Saat<\/td>\n<\/tr>\n<tr class=\"row-6\">\n\t<td class=\"column-1\">Minimum \u0130zleme Mesafesi<\/td><td class=\"column-2\">1,25 m<\/td><td class=\"column-3\">\u00c7al\u0131\u015fma Gerilimini G\u00f6r\u00fcnt\u00fcle<\/td><td class=\"column-4\">AC46\uff5e54HZ, 220V\u00b115%\/110V\u00b115%<\/td>\n<\/tr>\n<tr class=\"row-7\">\n\t<td class=\"column-1\">LED yap\u0131land\u0131rmas\u0131<\/td><td class=\"column-2\">SMD1010<\/td><td class=\"column-3\">I\u015f\u0131k Zay\u0131flamas\u0131<\/td><td class=\"column-4\">&lt;3%<\/td>\n<\/tr>\n<tr class=\"row-8\">\n\t<td class=\"column-1\">Mod\u00fcl \u00c7\u00f6z\u00fcn\u00fcrl\u00fc\u011f\u00fc<\/td><td class=\"column-2\">160\u00d7120 piksel \/ 256\u00d7128 piksel<\/td><td class=\"column-3\">Ka\u00e7ak Ak\u0131m<\/td><td class=\"column-4\">&lt;3mA<\/td>\n<\/tr>\n<tr class=\"row-9\">\n\t<td class=\"column-1\">Mod\u00fcl Pikseli<\/td><td class=\"column-2\">19440 piksel \/ 32768 piksel<\/td><td class=\"column-3\">IP Koruma Derecelendirmesi<\/td><td class=\"column-4\">Arka: IP40 \/ \u00d6n: IP50<\/td>\n<\/tr>\n<tr class=\"row-10\">\n\t<td class=\"column-1\">Mod\u00fcl Boyutu<\/td><td class=\"column-2\">L200mm*H150mm*T17 \/L320mm*H160mm*T17<\/td><td class=\"column-3\">\u0130\u015fyerinin S\u0131cakl\u0131\u011f\u0131 ve Nem Oran\u0131<\/td><td class=\"column-4\">S\u0131cakl\u0131k: -20\u00b0C ila +60\u00b0C \/ Nem: 1 ila 1 RH<\/td>\n<\/tr>\n<tr class=\"row-11\">\n\t<td class=\"column-1\">Dolap Boyutu<\/td><td class=\"column-2\">400mm*300mm \/ 640mm*640mm<\/td><td class=\"column-3\">Desteklenen Medya<\/td><td class=\"column-4\">Teknik \u00f6zellikler, Foto\u011fraflar, CAD modelleri, Video<\/td>\n<\/tr>\n<tr class=\"row-12\">\n\t<td class=\"column-1\">Piksel yap\u0131land\u0131rmas\u0131<\/td><td class=\"column-2\">SMD3&#039;\u00fc 1 arada, Tam Renkli K\u0131rm\u0131z\u0131\/Ye\u015fil\/Mavi 1:1:1<\/td><td class=\"column-3\">\u0130\u015flev<\/td><td class=\"column-4\">SDK<\/td>\n<\/tr>\n<tr class=\"row-13\">\n\t<td class=\"column-1\">Dengeli Parlakl\u0131k<\/td><td class=\"column-2\">1000 cd\/m\u00b2 (i\u00e7 mekan)<\/td><td class=\"column-3\">Kontrol Modu<\/td><td class=\"column-4\">Kontrol bilgisayar\u0131yla DVI \u00fczerinden senkronizasyon<\/td>\n<\/tr>\n<tr class=\"row-14\">\n\t<td class=\"column-1\">S\u00fcr\u00fc\u015f Y\u00f6ntemi<\/td><td class=\"column-2\">1\/32 tarama 1\/48 tarama<\/td><td class=\"column-3\">Desteklenen Yaz\u0131l\u0131mlar<\/td><td class=\"column-4\">Windows XP\/W7\/Vista<\/td>\n<\/tr>\n<tr class=\"row-15\">\n\t<td class=\"column-1\">Yenileme H\u0131z\u0131<\/td><td class=\"column-2\">\u22651920 Hz<\/td><td class=\"column-3\">Kontrol Sistemi<\/td><td class=\"column-4\">DVI kart\u0131 + tam renkli kontrol \u00fcnitesi + optik fiber (iste\u011fe ba\u011fl\u0131)<\/td>\n<\/tr>\n<tr class=\"row-16\">\n\t<td class=\"column-1\">De\u011fi\u015fiklik Alg\u0131lama Frekans\u0131<\/td><td class=\"column-2\">50-60Hz<\/td><td class=\"column-3\">Ana Kontrol Sistemi Markas\u0131<\/td><td class=\"column-4\">Novastar, Linsn, Huidu, Colorlight<\/td>\n<\/tr>\n<tr class=\"row-17\">\n\t<td class=\"column-1\">Bak\u0131\u015f A\u00e7\u0131s\u0131<\/td><td class=\"column-2\">H140\u00b0 V120\u00b0<\/td><td class=\"column-3\">Aray\u00fcz<\/td><td class=\"column-4\">Standart Ethernet<\/td>\n<\/tr>\n<tr class=\"row-18\">\n\t<td class=\"column-1\">Bo\u015fta I\u015f\u0131k Oran\u0131<\/td><td class=\"column-2\">\u22641%<\/td><td class=\"column-3\">\u0130letim Mesafesi<\/td><td class=\"column-4\">\u00c7ok modlu fiber <500m >\n<\/tr>\n<tr class=\"row-19\">\n\t<td class=\"column-1\">Enerji \u0130sraf\u0131<\/td><td class=\"column-2\">700*1000 W\/M2<\/td><td class=\"column-3\">Garanti<\/td><td class=\"column-4\">5 y\u0131l<\/td>\n<\/tr>\n<tr class=\"row-20\">\n\t<td class=\"column-1\">Ortalama Enerji T\u00fcketimi<\/td><td class=\"column-2\">232 W\/M2<\/td><td class=\"column-3\">Tedarik\u00e7i T\u00fcr\u00fc<\/td><td class=\"column-4\">Orijinal \u00dcretici\/ODM\/OEM<\/td>\n<\/tr>\n<tr class=\"row-21\">\n\t<td class=\"column-1\">Gri Seviyesi<\/td><td class=\"column-2\">16 bit (281 trilyon renk) \/ ana renk ba\u015f\u0131na 65.536 ton<\/td><td class=\"column-3\">Teslimat s\u00fcresi<\/td><td class=\"column-4\">25 (veya pazarl\u0131k edilebilir)<\/td>\n<\/tr>\n<tr class=\"row-22\">\n\t<td class=\"column-1\">Ekran Rengi<\/td><td class=\"column-2\">16M<\/td><td class=\"column-3\">Ba\u015fvuru<\/td><td class=\"column-4\">Reklam\/\u0130\u00e7 Mekan\/D\u0131\u015f Mekan<\/td>\n<\/tr>\n<tr class=\"row-23\">\n\t<td class=\"column-1\">Kesintisiz \u00c7al\u0131\u015fma Saatleri<\/td><td class=\"column-2\">\u226572 saat<\/td><td class=\"column-3\">Kullanmak<\/td><td class=\"column-4\">Dijital reklamc\u0131l\u0131k, Al\u0131\u015fveri\u015f merkezleri, Kar\u015f\u0131lama ekranlar\u0131, Sergi salonlar\u0131, Havaalanlar\u0131, Kiliseler, Spor, Etkinlikler, Toplant\u0131lar, Kiralama, Sahneler, Otomotiv, Perakende, D\u00fc\u011f\u00fcnler<\/td>\n<\/tr>\n<tr class=\"row-24\">\n\t<td class=\"column-1\">Gizli K\u00f6r Nokta Oran\u0131<\/td><td class=\"column-2\"><1><td class=\"column-3\">Paketleme Detaylar\u0131<\/td><td class=\"column-4\">G\u00fc\u00e7lendirilmi\u015f karton kutu + ah\u015fap<\/td>\n<\/tr>\n<tr class=\"row-25\">\n\t<td class=\"column-1\">S\u00fcrekli K\u00f6r Nokta Oran\u0131<\/td><td class=\"column-2\">Hi\u00e7biri<\/td><td class=\"column-3\">Arz Kapasitesi<\/td><td class=\"column-4\">5.000 adet\/ay<\/td>\n<\/tr>\n<tr class=\"row-26\">\n\t<td class=\"column-1\">K\u00f6r Nokta Oran\u0131<\/td><td class=\"column-2\"><1><td class=\"column-3\">Liman<\/td><td class=\"column-4\">Shenzhen<\/td>\n<\/tr>\n<\/tbody>\n<\/table>\n<!-- #tablepress-5 from cache -->","protected":false},"excerpt":{"rendered":"<p>P1.25 LED Mod\u00fcl\u00fc \u2013 Y\u00fcksek \u00c7\u00f6z\u00fcn\u00fcrl\u00fckl\u00fc Ekranlarda M\u00fckemmellik<\/p>\n<ul>\n<li>Ultra ince piksel aral\u0131\u011f\u0131 (1,25 mm), \u00e7arp\u0131c\u0131 ayr\u0131nt\u0131 ve ola\u011fan\u00fcst\u00fc netlik sunarak yak\u0131n \u00e7ekim g\u00f6r\u00fcnt\u00fcleme i\u00e7in idealdir.<\/li>\n<li>1000-1600 nit aras\u0131nda ayarlanabilir parlakl\u0131k ve 5000:1 kontrast oran\u0131na sahip SMD1010 teknolojisi, canl\u0131 ve do\u011fru renkler sunar.<\/li>\n<li>Mod\u00fcler tasar\u0131m (320x160 mm), esnek kurulum ve basitle\u015ftirilmi\u015f \u00f6n\/arka bak\u0131m imkan\u0131 sa\u011flar.<\/li>\n<li>160\u00b0 g\u00f6r\u00fc\u015f a\u00e7\u0131s\u0131, her konumdan e\u015fit renk ve parlakl\u0131k sa\u011flar.<\/li>\n<li>\u2264150W\/m\u00b2 t\u00fcketim ve &gt;100.000 saat kullan\u0131m \u00f6mr\u00fc ile enerji verimlidir.<\/li>\n<li>Maksimum g\u00fcvenilirlik i\u00e7in uluslararas\u0131 sertifikalar (CE\/ROHS\/UL) ve 5% yedek par\u00e7alar\u0131 dahildir.<\/li>\n<li>Kullan\u0131m alanlar\u0131: Sinematik \u00e7\u00f6z\u00fcn\u00fcrl\u00fck gerektiren TV st\u00fcdyolar\u0131, kontrol odalar\u0131, l\u00fcks perakende ma\u011fazalar\u0131 ve kurumsal alanlar.<\/li>\n<\/ul>","protected":false},"featured_media":2021,"template":"","meta":[],"product_brand":[],"product_cat":[41],"product_tag":[],"class_list":{"0":"post-1397","1":"product","2":"type-product","3":"status-publish","4":"has-post-thumbnail","6":"product_cat-modulo-painel-de-led","8":"first","9":"instock","10":"shipping-taxable","11":"product-type-simple"},"yoast_head":"<!-- This site is optimized with the Yoast SEO plugin v27.4 - https:\/\/yoast.com\/product\/yoast-seo-wordpress\/ -->\n<title>M\u00f3dulo LED P1.25 para Pain\u00e9is HD - F\u00e1brica Chinesa | TELALED<\/title>\n<meta name=\"description\" content=\"M\u00f3dulo LED P1.25 com pixel pitch de 1.25mm para imagens ultra n\u00edtidas. Design modular, IP65, 100.000h de vida \u00fatil e suporte 24\/7. Pe\u00e7a or\u00e7amento!\" \/>\n<meta name=\"robots\" content=\"index, follow, max-snippet:-1, max-image-preview:large, max-video-preview:-1\" \/>\n<link rel=\"canonical\" href=\"https:\/\/www.telaled.com\/tr\/fabrica\/modulo-painel-de-led-p1-25\/\" \/>\n<meta property=\"og:locale\" content=\"tr_TR\" \/>\n<meta property=\"og:type\" content=\"article\" \/>\n<meta property=\"og:title\" content=\"M\u00f3dulo LED P1.25 para Pain\u00e9is HD - F\u00e1brica Chinesa | TELALED\" \/>\n<meta property=\"og:description\" content=\"M\u00f3dulo LED P1.25 com pixel pitch de 1.25mm para imagens ultra n\u00edtidas. Design modular, IP65, 100.000h de vida \u00fatil e suporte 24\/7. Pe\u00e7a or\u00e7amento!\" \/>\n<meta property=\"og:url\" content=\"https:\/\/www.telaled.com\/tr\/fabrica\/modulo-painel-de-led-p1-25\/\" \/>\n<meta property=\"og:site_name\" content=\"TELALED\" \/>\n<meta property=\"article:modified_time\" content=\"2026-01-02T06:30:42+00:00\" \/>\n<meta property=\"og:image\" content=\"https:\/\/www.telaled.com\/wp-content\/uploads\/2023\/06\/modulo-painel-de-led-p1.25-5.webp\" \/>\n\t<meta property=\"og:image:width\" content=\"500\" \/>\n\t<meta property=\"og:image:height\" content=\"500\" \/>\n\t<meta property=\"og:image:type\" content=\"image\/webp\" \/>\n<meta name=\"twitter:card\" content=\"summary_large_image\" \/>\n<meta name=\"twitter:label1\" content=\"Est. reading time\" \/>\n\t<meta name=\"twitter:data1\" content=\"2 dakika\" \/>\n<script type=\"application\/ld+json\" class=\"yoast-schema-graph\">{\"@context\":\"https:\\\/\\\/schema.org\",\"@graph\":[{\"@type\":\"WebPage\",\"@id\":\"https:\\\/\\\/www.telaled.com\\\/fabrica\\\/modulo-painel-de-led-p1-25\\\/\",\"url\":\"https:\\\/\\\/www.telaled.com\\\/fabrica\\\/modulo-painel-de-led-p1-25\\\/\",\"name\":\"M\u00f3dulo LED P1.25 para Pain\u00e9is HD - F\u00e1brica Chinesa | TELALED\",\"isPartOf\":{\"@id\":\"https:\\\/\\\/www.telaled.com\\\/#website\"},\"primaryImageOfPage\":{\"@id\":\"https:\\\/\\\/www.telaled.com\\\/fabrica\\\/modulo-painel-de-led-p1-25\\\/#primaryimage\"},\"image\":{\"@id\":\"https:\\\/\\\/www.telaled.com\\\/fabrica\\\/modulo-painel-de-led-p1-25\\\/#primaryimage\"},\"thumbnailUrl\":\"https:\\\/\\\/www.telaled.com\\\/wp-content\\\/uploads\\\/2023\\\/06\\\/modulo-painel-de-led-p1.25-5.webp\",\"datePublished\":\"2023-06-08T07:51:40+00:00\",\"dateModified\":\"2026-01-02T06:30:42+00:00\",\"description\":\"M\u00f3dulo LED P1.25 com pixel pitch de 1.25mm para imagens ultra n\u00edtidas. Design modular, IP65, 100.000h de vida \u00fatil e suporte 24\\\/7. Pe\u00e7a or\u00e7amento!\",\"breadcrumb\":{\"@id\":\"https:\\\/\\\/www.telaled.com\\\/fabrica\\\/modulo-painel-de-led-p1-25\\\/#breadcrumb\"},\"inLanguage\":\"tr\",\"potentialAction\":[{\"@type\":\"ReadAction\",\"target\":[\"https:\\\/\\\/www.telaled.com\\\/fabrica\\\/modulo-painel-de-led-p1-25\\\/\"]}]},{\"@type\":\"ImageObject\",\"inLanguage\":\"tr\",\"@id\":\"https:\\\/\\\/www.telaled.com\\\/fabrica\\\/modulo-painel-de-led-p1-25\\\/#primaryimage\",\"url\":\"https:\\\/\\\/www.telaled.com\\\/wp-content\\\/uploads\\\/2023\\\/06\\\/modulo-painel-de-led-p1.25-5.webp\",\"contentUrl\":\"https:\\\/\\\/www.telaled.com\\\/wp-content\\\/uploads\\\/2023\\\/06\\\/modulo-painel-de-led-p1.25-5.webp\",\"width\":500,\"height\":500,\"caption\":\"modulo painel de led p1.25\"},{\"@type\":\"BreadcrumbList\",\"@id\":\"https:\\\/\\\/www.telaled.com\\\/fabrica\\\/modulo-painel-de-led-p1-25\\\/#breadcrumb\",\"itemListElement\":[{\"@type\":\"ListItem\",\"position\":1,\"name\":\"Home\",\"item\":\"https:\\\/\\\/www.telaled.com\\\/\"},{\"@type\":\"ListItem\",\"position\":2,\"name\":\"Produtos\",\"item\":\"https:\\\/\\\/www.telaled.com\\\/shop\\\/\"},{\"@type\":\"ListItem\",\"position\":3,\"name\":\"Modulo Painel de LED P1.25\"}]},{\"@type\":\"WebSite\",\"@id\":\"https:\\\/\\\/www.telaled.com\\\/#website\",\"url\":\"https:\\\/\\\/www.telaled.com\\\/\",\"name\":\"TELALED\",\"description\":\"\",\"potentialAction\":[{\"@type\":\"SearchAction\",\"target\":{\"@type\":\"EntryPoint\",\"urlTemplate\":\"https:\\\/\\\/www.telaled.com\\\/?s={search_term_string}\"},\"query-input\":{\"@type\":\"PropertyValueSpecification\",\"valueRequired\":true,\"valueName\":\"search_term_string\"}}],\"inLanguage\":\"tr\"}]}<\/script>\n<!-- \/ Yoast SEO plugin. -->","yoast_head_json":{"title":"HD Paneller i\u00e7in P1.25 LED Mod\u00fcl\u00fc - \u00c7in Fabrikas\u0131 | TELALED","description":"Ultra net g\u00f6r\u00fcnt\u00fcler i\u00e7in 1,25 mm piksel aral\u0131\u011f\u0131na sahip P1.25 LED mod\u00fcl\u00fc. Mod\u00fcler tasar\u0131m, IP65 derecesi, 100.000 saat kullan\u0131m \u00f6mr\u00fc ve 7\/24 destek. Fiyat teklifi isteyin!","robots":{"index":"index","follow":"follow","max-snippet":"max-snippet:-1","max-image-preview":"max-image-preview:large","max-video-preview":"max-video-preview:-1"},"canonical":"https:\/\/www.telaled.com\/tr\/fabrica\/modulo-painel-de-led-p1-25\/","og_locale":"tr_TR","og_type":"article","og_title":"M\u00f3dulo LED P1.25 para Pain\u00e9is HD - F\u00e1brica Chinesa | TELALED","og_description":"M\u00f3dulo LED P1.25 com pixel pitch de 1.25mm para imagens ultra n\u00edtidas. Design modular, IP65, 100.000h de vida \u00fatil e suporte 24\/7. Pe\u00e7a or\u00e7amento!","og_url":"https:\/\/www.telaled.com\/tr\/fabrica\/modulo-painel-de-led-p1-25\/","og_site_name":"TELALED","article_modified_time":"2026-01-02T06:30:42+00:00","og_image":[{"width":500,"height":500,"url":"https:\/\/www.telaled.com\/wp-content\/uploads\/2023\/06\/modulo-painel-de-led-p1.25-5.webp","type":"image\/webp"}],"twitter_card":"summary_large_image","twitter_misc":{"Est. reading time":"2 dakika"},"schema":{"@context":"https:\/\/schema.org","@graph":[{"@type":"WebPage","@id":"https:\/\/www.telaled.com\/fabrica\/modulo-painel-de-led-p1-25\/","url":"https:\/\/www.telaled.com\/fabrica\/modulo-painel-de-led-p1-25\/","name":"HD Paneller i\u00e7in P1.25 LED Mod\u00fcl\u00fc - \u00c7in Fabrikas\u0131 | TELALED","isPartOf":{"@id":"https:\/\/www.telaled.com\/#website"},"primaryImageOfPage":{"@id":"https:\/\/www.telaled.com\/fabrica\/modulo-painel-de-led-p1-25\/#primaryimage"},"image":{"@id":"https:\/\/www.telaled.com\/fabrica\/modulo-painel-de-led-p1-25\/#primaryimage"},"thumbnailUrl":"https:\/\/www.telaled.com\/wp-content\/uploads\/2023\/06\/modulo-painel-de-led-p1.25-5.webp","datePublished":"2023-06-08T07:51:40+00:00","dateModified":"2026-01-02T06:30:42+00:00","description":"Ultra net g\u00f6r\u00fcnt\u00fcler i\u00e7in 1,25 mm piksel aral\u0131\u011f\u0131na sahip P1.25 LED mod\u00fcl\u00fc. Mod\u00fcler tasar\u0131m, IP65 derecesi, 100.000 saat kullan\u0131m \u00f6mr\u00fc ve 7\/24 destek. Fiyat teklifi isteyin!","breadcrumb":{"@id":"https:\/\/www.telaled.com\/fabrica\/modulo-painel-de-led-p1-25\/#breadcrumb"},"inLanguage":"tr","potentialAction":[{"@type":"ReadAction","target":["https:\/\/www.telaled.com\/fabrica\/modulo-painel-de-led-p1-25\/"]}]},{"@type":"ImageObject","inLanguage":"tr","@id":"https:\/\/www.telaled.com\/fabrica\/modulo-painel-de-led-p1-25\/#primaryimage","url":"https:\/\/www.telaled.com\/wp-content\/uploads\/2023\/06\/modulo-painel-de-led-p1.25-5.webp","contentUrl":"https:\/\/www.telaled.com\/wp-content\/uploads\/2023\/06\/modulo-painel-de-led-p1.25-5.webp","width":500,"height":500,"caption":"modulo painel de led p1.25"},{"@type":"BreadcrumbList","@id":"https:\/\/www.telaled.com\/fabrica\/modulo-painel-de-led-p1-25\/#breadcrumb","itemListElement":[{"@type":"ListItem","position":1,"name":"Home","item":"https:\/\/www.telaled.com\/"},{"@type":"ListItem","position":2,"name":"Produtos","item":"https:\/\/www.telaled.com\/shop\/"},{"@type":"ListItem","position":3,"name":"Modulo Painel de LED P1.25"}]},{"@type":"WebSite","@id":"https:\/\/www.telaled.com\/#website","url":"https:\/\/www.telaled.com\/","name":"LED Ekran","description":"","potentialAction":[{"@type":"SearchAction","target":{"@type":"EntryPoint","urlTemplate":"https:\/\/www.telaled.com\/?s={search_term_string}"},"query-input":{"@type":"PropertyValueSpecification","valueRequired":true,"valueName":"search_term_string"}}],"inLanguage":"tr"}]}},"_links":{"self":[{"href":"https:\/\/www.telaled.com\/tr\/wp-json\/wp\/v2\/product\/1397","targetHints":{"allow":["GET"]}}],"collection":[{"href":"https:\/\/www.telaled.com\/tr\/wp-json\/wp\/v2\/product"}],"about":[{"href":"https:\/\/www.telaled.com\/tr\/wp-json\/wp\/v2\/types\/product"}],"wp:featuredmedia":[{"embeddable":true,"href":"https:\/\/www.telaled.com\/tr\/wp-json\/wp\/v2\/media\/2021"}],"wp:attachment":[{"href":"https:\/\/www.telaled.com\/tr\/wp-json\/wp\/v2\/media?parent=1397"}],"wp:term":[{"taxonomy":"product_brand","embeddable":true,"href":"https:\/\/www.telaled.com\/tr\/wp-json\/wp\/v2\/product_brand?post=1397"},{"taxonomy":"product_cat","embeddable":true,"href":"https:\/\/www.telaled.com\/tr\/wp-json\/wp\/v2\/product_cat?post=1397"},{"taxonomy":"product_tag","embeddable":true,"href":"https:\/\/www.telaled.com\/tr\/wp-json\/wp\/v2\/product_tag?post=1397"}],"curies":[{"name":"wp","href":"https:\/\/api.w.org\/{rel}","templated":true}]}}