{"id":1393,"date":"2023-06-08T07:38:38","date_gmt":"2023-06-08T07:38:38","guid":{"rendered":"https:\/\/plum-wolverine-723597.hostingersite.com\/?post_type=product&#038;p=1393"},"modified":"2026-01-02T06:36:07","modified_gmt":"2026-01-02T06:36:07","slug":"modulo-painel-de-led-p1-56","status":"publish","type":"product","link":"https:\/\/www.telaled.com\/tr\/fabrica\/modulo-painel-de-led-p1-56\/","title":{"rendered":"P1.56 LED Panel Mod\u00fcl\u00fc"},"content":{"rendered":"<div id=\"featurebullets_feature_div\" class=\"celwidget\" data-feature-name=\"featurebullets\" data-csa-c-type=\"widget\" data-csa-c-content-id=\"featurebullets\" data-csa-c-slot-id=\"featurebullets_feature_div\" data-csa-c-asin=\"B07DF32D6Q\" data-csa-c-is-in-initial-active-row=\"false\" data-csa-c-id=\"3j0pnl-7cjnp-9t8psx-tspeog\">\n<div id=\"feature-bullets\" class=\"a-section a-spacing-medium a-spacing-top-small\">\n<div data-zone-id=\"0\" data-line-index=\"0\" data-line=\"true\">\n<p><strong>P1.56 LED Panel Mod\u00fcl\u00fcn\u00fcn \u00d6zellikleri:<\/strong><\/p>\n<ul>\n<li><strong><a href=\"https:\/\/www.telaled.com\/tr\/pixel-pitch\/\">Piksel Aral\u0131\u011f\u0131<\/a> 1,56 mm<\/strong> K\u0131sa mesafelerde net g\u00f6r\u00fcnt\u00fcler i\u00e7in ideal, toplant\u0131 odalar\u0131 ve st\u00fcdyolar i\u00e7in m\u00fckemmel.<\/li>\n<li><strong>Y\u00fcksek \u00c7\u00f6z\u00fcn\u00fcrl\u00fck (409.600 piksel\/m\u00b2)<\/strong> \u2013 Geli\u015fmi\u015f piksel yo\u011funlu\u011fu sayesinde ayr\u0131nt\u0131l\u0131 ve canl\u0131 g\u00f6r\u00fcnt\u00fcler sa\u011flar.<\/li>\n<li><strong>Teknoloji <a href=\"https:\/\/www.telaled.com\/tr\/led-smd\/\">SMD<\/a> 1R1G1B<\/strong> Multimedya i\u00e7erikleri i\u00e7in canl\u0131 RGB renkler ve do\u011fru gradyan \u00fcretimi (16 bit).<\/li>\n<li><strong>Ayarlanabilir Parlakl\u0131k (1000-1500 nit)<\/strong> \u2013 Farkl\u0131 i\u00e7 mekan ayd\u0131nlatma ko\u015fullar\u0131na sahip ortamlara uyarlanabilir.<\/li>\n<li><strong>Mod\u00fcler Tasar\u0131m<\/strong> \u2013 M\u00fckemmel uyum ve d\u00fc\u015f\u00fck profil ile \u00f6zel ekranlara esnek montaj imkan\u0131 sa\u011flar. <a href=\"https:\/\/www.telaled.com\/tr\/entendendo-o-consumo-de-energia-painel-de-led-quao-eficientes-sao-os-displays-de-led-modernos\/\">enerji t\u00fcketimi<\/a>.<\/li>\n<li><strong>Uzat\u0131lm\u0131\u015f Kullan\u0131m \u00d6mr\u00fc<\/strong> \u2013 Basitle\u015ftirilmi\u015f bak\u0131m ile 100.000 saati a\u015fk\u0131n kesintisiz \u00e7al\u0131\u015fma s\u00fcresi.<\/li>\n<li><strong>IP65 uyumlulu\u011fu (\u0130ste\u011fe ba\u011fl\u0131)<\/strong> \u2013 Zorlu ortamlar i\u00e7in toz ve nem korumal\u0131 versiyonlar\u0131 mevcuttur.<\/li>\n<\/ul>\n<p><strong>Uygulamalar:<\/strong> Dijital reklamc\u0131l\u0131k, kurumsal kontrol odalar\u0131, yay\u0131n st\u00fcdyolar\u0131 ve \u015firket i\u00e7i etkinlikler.<\/p>\n<p><img loading=\"lazy\" decoding=\"async\" class=\"alignnone wp-image-2017 size-full\" src=\"https:\/\/www.telaled.com\/wp-content\/uploads\/2023\/06\/quality-led-module-materials-1.webp\" alt=\"kalite odakl\u0131 mod\u00fcl malzemeleri\" width=\"768\" height=\"555\" srcset=\"https:\/\/www.telaled.com\/wp-content\/uploads\/2023\/06\/quality-led-module-materials-1.webp 768w, https:\/\/www.telaled.com\/wp-content\/uploads\/2023\/06\/quality-led-module-materials-1-300x217.webp 300w, https:\/\/www.telaled.com\/wp-content\/uploads\/2023\/06\/quality-led-module-materials-1-18x12.webp 18w, https:\/\/www.telaled.com\/wp-content\/uploads\/2023\/06\/quality-led-module-materials-1-600x434.webp 600w\" sizes=\"auto, (max-width: 768px) 100vw, 768px\" \/><\/p>\n<\/div>\n<\/div>\n<\/div>\n<div data-feature-name=\"acf-carousel\" data-csa-c-type=\"widget\" data-csa-c-content-id=\"acf-carousel\" data-csa-c-slot-id=\"acf-carousel_feature_div\" data-csa-c-asin=\"B07DF32D6Q\" data-csa-c-is-in-initial-active-row=\"false\" data-csa-c-id=\"oqpgyr-mh4egp-nntzd2-kyiiqq\">\n<table id=\"tablepress-6\" class=\"tablepress tablepress-id-6\">\n<thead>\n<tr class=\"row-1\">\n\t<th colspan=\"4\" class=\"column-1\">Teknik detaylar<\/th>\n<\/tr>\n<\/thead>\n<tbody class=\"row-striping row-hover\">\n<tr class=\"row-2\">\n\t<td class=\"column-1\">Model Numaras\u0131<\/td><td class=\"column-2\">TL \u2013 \u0130\u00e7 Mekanlar i\u00e7in P1.56 LED Panel Mod\u00fcl\u00fc<\/td><td class=\"column-3\"><\/td><td class=\"column-4\"><\/td>\n<\/tr>\n<tr class=\"row-3\">\n\t<td class=\"column-1\">Marka Ad\u0131<\/td><td class=\"column-2\">\u00dcretici TELALED<\/td><td class=\"column-3\">Ekran D\u00fczl\u00fc\u011f\u00fc<\/td><td class=\"column-4\">&lt;\u00b11mm<\/td>\n<\/tr>\n<tr class=\"row-4\">\n\t<td class=\"column-1\">Men\u015fe Yeri<\/td><td class=\"column-2\">Guangdong, \u00c7in<\/td><td class=\"column-3\">Ar\u0131zalar Aras\u0131 Ortalama S\u00fcre (MTBF)<\/td><td class=\"column-4\">&gt;10.000 Saat<\/td>\n<\/tr>\n<tr class=\"row-5\">\n\t<td class=\"column-1\">Pikseller aras\u0131ndaki mesafe<\/td><td class=\"column-2\">P1.56<\/td><td class=\"column-3\">Faydal\u0131 \u00d6m\u00fcr<\/td><td class=\"column-4\">&gt;100.000 Saat<\/td>\n<\/tr>\n<tr class=\"row-6\">\n\t<td class=\"column-1\">Minimum \u0130zleme Mesafesi<\/td><td class=\"column-2\">1,56 m<\/td><td class=\"column-3\">\u00c7al\u0131\u015fma Gerilimini G\u00f6r\u00fcnt\u00fcle<\/td><td class=\"column-4\">AC46\uff5e54HZ, 220V\u00b115%\/110V\u00b115%<\/td>\n<\/tr>\n<tr class=\"row-7\">\n\t<td class=\"column-1\">LED yap\u0131land\u0131rmas\u0131<\/td><td class=\"column-2\">SMD1010<\/td><td class=\"column-3\">I\u015f\u0131k Zay\u0131flamas\u0131<\/td><td class=\"column-4\">&lt;3%<\/td>\n<\/tr>\n<tr class=\"row-8\">\n\t<td class=\"column-1\">Mod\u00fcl \u00c7\u00f6z\u00fcn\u00fcrl\u00fc\u011f\u00fc<\/td><td class=\"column-2\">128\u00d764 piksel<\/td><td class=\"column-3\">Ka\u00e7ak Ak\u0131m<\/td><td class=\"column-4\">&lt;3mA<\/td>\n<\/tr>\n<tr class=\"row-9\">\n\t<td class=\"column-1\">Mod\u00fcl Pikseli<\/td><td class=\"column-2\">12288 piksel<\/td><td class=\"column-3\">IP Koruma Derecelendirmesi<\/td><td class=\"column-4\">Arka: IP40 \/ \u00d6n: IP50<\/td>\n<\/tr>\n<tr class=\"row-10\">\n\t<td class=\"column-1\">Mod\u00fcl Boyutu<\/td><td class=\"column-2\">L200mm*H150mm*T17<\/td><td class=\"column-3\">\u0130\u015fyerinin S\u0131cakl\u0131\u011f\u0131 ve Nem Oran\u0131<\/td><td class=\"column-4\">S\u0131cakl\u0131k: -20\u00b0C ila +60\u00b0C \/ Nem: 1 ila 1 RH<\/td>\n<\/tr>\n<tr class=\"row-11\">\n\t<td class=\"column-1\">Dolap Boyutu<\/td><td class=\"column-2\">400mm*300mm<\/td><td class=\"column-3\">Desteklenen Medya<\/td><td class=\"column-4\">Teknik \u00f6zellikler, Foto\u011fraflar, CAD modelleri, Video<\/td>\n<\/tr>\n<tr class=\"row-12\">\n\t<td class=\"column-1\">Piksel yap\u0131land\u0131rmas\u0131<\/td><td class=\"column-2\">SMD3&#039;\u00fc 1 arada, Tam Renkli K\u0131rm\u0131z\u0131\/Ye\u015fil\/Mavi 1:1:1<\/td><td class=\"column-3\">\u0130\u015flev<\/td><td class=\"column-4\">SDK<\/td>\n<\/tr>\n<tr class=\"row-13\">\n\t<td class=\"column-1\">Dengeli Parlakl\u0131k<\/td><td class=\"column-2\">1000 cd\/m\u00b2 (i\u00e7 mekan)<\/td><td class=\"column-3\">Kontrol Modu<\/td><td class=\"column-4\">Kontrol bilgisayar\u0131yla DVI \u00fczerinden senkronizasyon<\/td>\n<\/tr>\n<tr class=\"row-14\">\n\t<td class=\"column-1\">S\u00fcr\u00fc\u015f Y\u00f6ntemi<\/td><td class=\"column-2\">1\/32 tarama<\/td><td class=\"column-3\">Desteklenen Yaz\u0131l\u0131mlar<\/td><td class=\"column-4\">Windows XP\/W7\/Vista<\/td>\n<\/tr>\n<tr class=\"row-15\">\n\t<td class=\"column-1\">Yenileme H\u0131z\u0131<\/td><td class=\"column-2\">\u22651920 Hz<\/td><td class=\"column-3\">Kontrol Sistemi<\/td><td class=\"column-4\">DVI kart\u0131 + tam renkli kontrol \u00fcnitesi + optik fiber (iste\u011fe ba\u011fl\u0131)<\/td>\n<\/tr>\n<tr class=\"row-16\">\n\t<td class=\"column-1\">De\u011fi\u015fiklik Alg\u0131lama Frekans\u0131<\/td><td class=\"column-2\">50-60Hz<\/td><td class=\"column-3\">Ana Kontrol Sistemi Markas\u0131<\/td><td class=\"column-4\">Novastar, Linsn, Huidu, Colorlight<\/td>\n<\/tr>\n<tr class=\"row-17\">\n\t<td class=\"column-1\">Bak\u0131\u015f A\u00e7\u0131s\u0131<\/td><td class=\"column-2\">H140\u00b0 V120\u00b0<\/td><td class=\"column-3\">Aray\u00fcz<\/td><td class=\"column-4\">Standart Ethernet<\/td>\n<\/tr>\n<tr class=\"row-18\">\n\t<td class=\"column-1\">Bo\u015fta I\u015f\u0131k Oran\u0131<\/td><td class=\"column-2\">\u22641%<\/td><td class=\"column-3\">\u0130letim Mesafesi<\/td><td class=\"column-4\">\u00c7ok modlu fiber <500m >\n<\/tr>\n<tr class=\"row-19\">\n\t<td class=\"column-1\">Enerji \u0130sraf\u0131<\/td><td class=\"column-2\">700*1000 W\/M2<\/td><td class=\"column-3\">Garanti<\/td><td class=\"column-4\">5 y\u0131l<\/td>\n<\/tr>\n<tr class=\"row-20\">\n\t<td class=\"column-1\">Ortalama Enerji T\u00fcketimi<\/td><td class=\"column-2\">260 W\/M2<\/td><td class=\"column-3\">Tedarik\u00e7i T\u00fcr\u00fc<\/td><td class=\"column-4\">Orijinal \u00dcretici\/ODM\/OEM<\/td>\n<\/tr>\n<tr class=\"row-21\">\n\t<td class=\"column-1\">Gri Seviyesi<\/td><td class=\"column-2\">16 bit (281 trilyon renk) \/ ana renk ba\u015f\u0131na 65.536 ton<\/td><td class=\"column-3\">Teslimat s\u00fcresi<\/td><td class=\"column-4\">25 (veya pazarl\u0131k edilebilir)<\/td>\n<\/tr>\n<tr class=\"row-22\">\n\t<td class=\"column-1\">Ekran Rengi<\/td><td class=\"column-2\">16M<\/td><td class=\"column-3\">Ba\u015fvuru<\/td><td class=\"column-4\">Reklam\/\u0130\u00e7 Mekan\/D\u0131\u015f Mekan<\/td>\n<\/tr>\n<tr class=\"row-23\">\n\t<td class=\"column-1\">Kesintisiz \u00c7al\u0131\u015fma Saatleri<\/td><td class=\"column-2\">\u226572 saat<\/td><td class=\"column-3\">Kullanmak<\/td><td class=\"column-4\">Dijital reklamc\u0131l\u0131k, Al\u0131\u015fveri\u015f merkezleri, Kar\u015f\u0131lama ekranlar\u0131, Sergi salonlar\u0131, Havaalanlar\u0131, Kiliseler, Spor, Etkinlikler, Toplant\u0131lar, Kiralama, Sahneler, Otomotiv, Perakende, D\u00fc\u011f\u00fcnler<\/td>\n<\/tr>\n<tr class=\"row-24\">\n\t<td class=\"column-1\">Gizli K\u00f6r Nokta Oran\u0131<\/td><td class=\"column-2\"><1><td class=\"column-3\">Paketleme Detaylar\u0131<\/td><td class=\"column-4\">G\u00fc\u00e7lendirilmi\u015f karton kutu + ah\u015fap<\/td>\n<\/tr>\n<tr class=\"row-25\">\n\t<td class=\"column-1\">S\u00fcrekli K\u00f6r Nokta Oran\u0131<\/td><td class=\"column-2\">Hi\u00e7biri<\/td><td class=\"column-3\">Arz Kapasitesi<\/td><td class=\"column-4\">5.000 adet\/ay<\/td>\n<\/tr>\n<tr class=\"row-26\">\n\t<td class=\"column-1\">K\u00f6r Nokta Oran\u0131<\/td><td class=\"column-2\"><1><td class=\"column-3\">Liman<\/td><td class=\"column-4\">Shenzhen<\/td>\n<\/tr>\n<\/tbody>\n<\/table>\n<!-- #tablepress-6 from cache --><\/div>\n<div id=\"provenanceCertifications_feature_div\" class=\"celwidget\" data-feature-name=\"provenanceCertifications\" data-csa-c-type=\"widget\" data-csa-c-content-id=\"provenanceCertifications\" data-csa-c-slot-id=\"provenanceCertifications_feature_div\" data-csa-c-asin=\"B07DF32D6Q\" data-csa-c-is-in-initial-active-row=\"false\" data-csa-c-id=\"6t8ho-xbknmj-nqaso5-ne24gd\">\n<div id=\"provenance-certifications\" class=\"a-section a-spacing-medium a-spacing-top-micro\">\u00a0<\/div>\n<\/div>","protected":false},"excerpt":{"rendered":"<p><strong>P1.56 LED Ekran Mod\u00fcl\u00fc \u2013 \u0130\u00e7 Mekan Ortamlar\u0131 i\u00e7in Y\u00fcksek \u00c7\u00f6z\u00fcn\u00fcrl\u00fck<\/strong><\/p>\n<p>O <strong>P1.56 LED Mod\u00fcl\u00fc<\/strong> Toplant\u0131 odalar\u0131, st\u00fcdyolar ve kontrol merkezleri gibi i\u00e7 mekanlarda net ve canl\u0131 g\u00f6r\u00fcnt\u00fcler i\u00e7in ideal \u00e7\u00f6z\u00fcmd\u00fcr. <strong>sadece 1,56 mm piksel aral\u0131\u011f\u0131<\/strong>, K\u0131sa izleme mesafelerinde bile ultra net g\u00f6r\u00fcnt\u00fcler sunar.<\/p>\n<p><strong>Ba\u015fl\u0131ca \u00d6zellikler:<\/strong><\/p>\n<p><strong>Y\u00fcksek \u00e7\u00f6z\u00fcn\u00fcrl\u00fck:<\/strong> \u00c7arp\u0131c\u0131 detaylar i\u00e7in 1,56 mm piksel aral\u0131\u011f\u0131.<br \/>\n<strong>Canl\u0131 Renkler:<\/strong> RGB LED teknolojisi ile <strong>16 bit gradyan<\/strong>, Bu sayede renklerin do\u011fru \u015fekilde yeniden \u00fcretilmesi sa\u011flan\u0131r.<br \/>\n<strong>Ayarlanabilir Parlakl\u0131k:<\/strong> Farkl\u0131 ayd\u0131nlatma ko\u015fullar\u0131na uyarlanabilir (1000-1500 nit).<br \/>\n<strong>Mod\u00fcler Tasar\u0131m:<\/strong> Her boyuttaki ekrana esnek montaj imkan\u0131 sa\u011flar., <strong>m\u00fckemmel uyumla<\/strong>.<br \/>\n<strong>Enerji Verimlili\u011fi:<\/strong> T\u00fcketimin azalt\u0131lmas\u0131 ve <strong>100.000 saati a\u015fan hizmet \u00f6mr\u00fc<\/strong>.<br \/>\n<strong>Uygulamalar:<\/strong> Dijital reklamc\u0131l\u0131k i\u00e7in m\u00fckemmel, <a href=\"https:\/\/www.telaled.com\/tr\/painel-de-led-para-eventos-corporativos-blog\/\">kurumsal ve etkinlikler<\/a> G\u00f6rsel kalitenin esas oldu\u011fu yerlerde. \u0130\u00e7erir <strong>5 y\u0131l garanti<\/strong> Tam bir g\u00f6n\u00fcl rahatl\u0131\u011f\u0131 i\u00e7in.<\/p>","protected":false},"featured_media":2034,"template":"","meta":[],"product_brand":[],"product_cat":[41],"product_tag":[],"class_list":{"0":"post-1393","1":"product","2":"type-product","3":"status-publish","4":"has-post-thumbnail","6":"product_cat-modulo-painel-de-led","8":"first","9":"instock","10":"shipping-taxable","11":"product-type-simple"},"yoast_head":"<!-- This site is optimized with the Yoast SEO plugin v27.4 - https:\/\/yoast.com\/product\/yoast-seo-wordpress\/ -->\n<title>M\u00f3dulo de Painel LED P1.56 - Alta Resolu\u00e7\u00e3o para Ambientes Internos | TELALED<\/title>\n<meta name=\"description\" content=\"O m\u00f3dulo LED P1.56 da TELALED oferece pixel pitch de 1.56mm para imagens ultradefinidas em salas de reuni\u00e3o e est\u00fadios. Design modular, 100.000 horas de vida \u00fatil e 5 anos de garantia. Solu\u00e7\u00e3o profissional para publicidade digital e controle de m\u00eddia.\" \/>\n<meta name=\"robots\" content=\"index, follow, max-snippet:-1, max-image-preview:large, max-video-preview:-1\" \/>\n<link rel=\"canonical\" href=\"https:\/\/www.telaled.com\/tr\/fabrica\/modulo-painel-de-led-p1-56\/\" \/>\n<meta property=\"og:locale\" content=\"tr_TR\" \/>\n<meta property=\"og:type\" content=\"article\" \/>\n<meta property=\"og:title\" content=\"M\u00f3dulo de Painel LED P1.56 - Alta Resolu\u00e7\u00e3o para Ambientes Internos | TELALED\" \/>\n<meta property=\"og:description\" content=\"O m\u00f3dulo LED P1.56 da TELALED oferece pixel pitch de 1.56mm para imagens ultradefinidas em salas de reuni\u00e3o e est\u00fadios. Design modular, 100.000 horas de vida \u00fatil e 5 anos de garantia. Solu\u00e7\u00e3o profissional para publicidade digital e controle de m\u00eddia.\" \/>\n<meta property=\"og:url\" content=\"https:\/\/www.telaled.com\/tr\/fabrica\/modulo-painel-de-led-p1-56\/\" \/>\n<meta property=\"og:site_name\" content=\"TELALED\" \/>\n<meta property=\"article:modified_time\" content=\"2026-01-02T06:36:07+00:00\" \/>\n<meta property=\"og:image\" content=\"https:\/\/www.telaled.com\/wp-content\/uploads\/2023\/06\/p1.56-led-module-1.webp\" \/>\n\t<meta property=\"og:image:width\" content=\"500\" \/>\n\t<meta property=\"og:image:height\" content=\"500\" \/>\n\t<meta property=\"og:image:type\" content=\"image\/webp\" \/>\n<meta name=\"twitter:card\" content=\"summary_large_image\" \/>\n<meta name=\"twitter:label1\" content=\"Est. reading time\" \/>\n\t<meta name=\"twitter:data1\" content=\"2 dakika\" \/>\n<script type=\"application\/ld+json\" class=\"yoast-schema-graph\">{\"@context\":\"https:\\\/\\\/schema.org\",\"@graph\":[{\"@type\":\"WebPage\",\"@id\":\"https:\\\/\\\/www.telaled.com\\\/fabrica\\\/modulo-painel-de-led-p1-56\\\/\",\"url\":\"https:\\\/\\\/www.telaled.com\\\/fabrica\\\/modulo-painel-de-led-p1-56\\\/\",\"name\":\"M\u00f3dulo de Painel LED P1.56 - Alta Resolu\u00e7\u00e3o para Ambientes Internos | TELALED\",\"isPartOf\":{\"@id\":\"https:\\\/\\\/www.telaled.com\\\/#website\"},\"primaryImageOfPage\":{\"@id\":\"https:\\\/\\\/www.telaled.com\\\/fabrica\\\/modulo-painel-de-led-p1-56\\\/#primaryimage\"},\"image\":{\"@id\":\"https:\\\/\\\/www.telaled.com\\\/fabrica\\\/modulo-painel-de-led-p1-56\\\/#primaryimage\"},\"thumbnailUrl\":\"https:\\\/\\\/www.telaled.com\\\/wp-content\\\/uploads\\\/2023\\\/06\\\/p1.56-led-module-1.webp\",\"datePublished\":\"2023-06-08T07:38:38+00:00\",\"dateModified\":\"2026-01-02T06:36:07+00:00\",\"description\":\"O m\u00f3dulo LED P1.56 da TELALED oferece pixel pitch de 1.56mm para imagens ultradefinidas em salas de reuni\u00e3o e est\u00fadios. Design modular, 100.000 horas de vida \u00fatil e 5 anos de garantia. Solu\u00e7\u00e3o profissional para publicidade digital e controle de m\u00eddia.\",\"breadcrumb\":{\"@id\":\"https:\\\/\\\/www.telaled.com\\\/fabrica\\\/modulo-painel-de-led-p1-56\\\/#breadcrumb\"},\"inLanguage\":\"tr\",\"potentialAction\":[{\"@type\":\"ReadAction\",\"target\":[\"https:\\\/\\\/www.telaled.com\\\/fabrica\\\/modulo-painel-de-led-p1-56\\\/\"]}]},{\"@type\":\"ImageObject\",\"inLanguage\":\"tr\",\"@id\":\"https:\\\/\\\/www.telaled.com\\\/fabrica\\\/modulo-painel-de-led-p1-56\\\/#primaryimage\",\"url\":\"https:\\\/\\\/www.telaled.com\\\/wp-content\\\/uploads\\\/2023\\\/06\\\/p1.56-led-module-1.webp\",\"contentUrl\":\"https:\\\/\\\/www.telaled.com\\\/wp-content\\\/uploads\\\/2023\\\/06\\\/p1.56-led-module-1.webp\",\"width\":500,\"height\":500,\"caption\":\"p1.56-led-module\"},{\"@type\":\"BreadcrumbList\",\"@id\":\"https:\\\/\\\/www.telaled.com\\\/fabrica\\\/modulo-painel-de-led-p1-56\\\/#breadcrumb\",\"itemListElement\":[{\"@type\":\"ListItem\",\"position\":1,\"name\":\"Home\",\"item\":\"https:\\\/\\\/www.telaled.com\\\/\"},{\"@type\":\"ListItem\",\"position\":2,\"name\":\"Produtos\",\"item\":\"https:\\\/\\\/www.telaled.com\\\/shop\\\/\"},{\"@type\":\"ListItem\",\"position\":3,\"name\":\"Modulo Painel de LED P1.56\"}]},{\"@type\":\"WebSite\",\"@id\":\"https:\\\/\\\/www.telaled.com\\\/#website\",\"url\":\"https:\\\/\\\/www.telaled.com\\\/\",\"name\":\"TELALED\",\"description\":\"\",\"potentialAction\":[{\"@type\":\"SearchAction\",\"target\":{\"@type\":\"EntryPoint\",\"urlTemplate\":\"https:\\\/\\\/www.telaled.com\\\/?s={search_term_string}\"},\"query-input\":{\"@type\":\"PropertyValueSpecification\",\"valueRequired\":true,\"valueName\":\"search_term_string\"}}],\"inLanguage\":\"tr\"}]}<\/script>\n<!-- \/ Yoast SEO plugin. -->","yoast_head_json":{"title":"P1.56 LED Panel Mod\u00fcl\u00fc - \u0130\u00e7 Mekanlar \u0130\u00e7in Y\u00fcksek \u00c7\u00f6z\u00fcn\u00fcrl\u00fck | TELALED","description":"TELALED P1.56 LED mod\u00fcl\u00fc, toplant\u0131 odalar\u0131 ve st\u00fcdyolarda ultra net g\u00f6r\u00fcnt\u00fcler i\u00e7in 1,56 mm piksel aral\u0131\u011f\u0131 sunar. Mod\u00fcler tasar\u0131m, 100.000 saat kullan\u0131m \u00f6mr\u00fc ve 5 y\u0131l garanti. Dijital reklamc\u0131l\u0131k ve medya kontrol\u00fc i\u00e7in profesyonel \u00e7\u00f6z\u00fcm.","robots":{"index":"index","follow":"follow","max-snippet":"max-snippet:-1","max-image-preview":"max-image-preview:large","max-video-preview":"max-video-preview:-1"},"canonical":"https:\/\/www.telaled.com\/tr\/fabrica\/modulo-painel-de-led-p1-56\/","og_locale":"tr_TR","og_type":"article","og_title":"M\u00f3dulo de Painel LED P1.56 - Alta Resolu\u00e7\u00e3o para Ambientes Internos | TELALED","og_description":"O m\u00f3dulo LED P1.56 da TELALED oferece pixel pitch de 1.56mm para imagens ultradefinidas em salas de reuni\u00e3o e est\u00fadios. Design modular, 100.000 horas de vida \u00fatil e 5 anos de garantia. Solu\u00e7\u00e3o profissional para publicidade digital e controle de m\u00eddia.","og_url":"https:\/\/www.telaled.com\/tr\/fabrica\/modulo-painel-de-led-p1-56\/","og_site_name":"TELALED","article_modified_time":"2026-01-02T06:36:07+00:00","og_image":[{"width":500,"height":500,"url":"https:\/\/www.telaled.com\/wp-content\/uploads\/2023\/06\/p1.56-led-module-1.webp","type":"image\/webp"}],"twitter_card":"summary_large_image","twitter_misc":{"Est. reading time":"2 dakika"},"schema":{"@context":"https:\/\/schema.org","@graph":[{"@type":"WebPage","@id":"https:\/\/www.telaled.com\/fabrica\/modulo-painel-de-led-p1-56\/","url":"https:\/\/www.telaled.com\/fabrica\/modulo-painel-de-led-p1-56\/","name":"P1.56 LED Panel Mod\u00fcl\u00fc - \u0130\u00e7 Mekanlar \u0130\u00e7in Y\u00fcksek \u00c7\u00f6z\u00fcn\u00fcrl\u00fck | TELALED","isPartOf":{"@id":"https:\/\/www.telaled.com\/#website"},"primaryImageOfPage":{"@id":"https:\/\/www.telaled.com\/fabrica\/modulo-painel-de-led-p1-56\/#primaryimage"},"image":{"@id":"https:\/\/www.telaled.com\/fabrica\/modulo-painel-de-led-p1-56\/#primaryimage"},"thumbnailUrl":"https:\/\/www.telaled.com\/wp-content\/uploads\/2023\/06\/p1.56-led-module-1.webp","datePublished":"2023-06-08T07:38:38+00:00","dateModified":"2026-01-02T06:36:07+00:00","description":"TELALED P1.56 LED mod\u00fcl\u00fc, toplant\u0131 odalar\u0131 ve st\u00fcdyolarda ultra net g\u00f6r\u00fcnt\u00fcler i\u00e7in 1,56 mm piksel aral\u0131\u011f\u0131 sunar. Mod\u00fcler tasar\u0131m, 100.000 saat kullan\u0131m \u00f6mr\u00fc ve 5 y\u0131l garanti. Dijital reklamc\u0131l\u0131k ve medya kontrol\u00fc i\u00e7in profesyonel \u00e7\u00f6z\u00fcm.","breadcrumb":{"@id":"https:\/\/www.telaled.com\/fabrica\/modulo-painel-de-led-p1-56\/#breadcrumb"},"inLanguage":"tr","potentialAction":[{"@type":"ReadAction","target":["https:\/\/www.telaled.com\/fabrica\/modulo-painel-de-led-p1-56\/"]}]},{"@type":"ImageObject","inLanguage":"tr","@id":"https:\/\/www.telaled.com\/fabrica\/modulo-painel-de-led-p1-56\/#primaryimage","url":"https:\/\/www.telaled.com\/wp-content\/uploads\/2023\/06\/p1.56-led-module-1.webp","contentUrl":"https:\/\/www.telaled.com\/wp-content\/uploads\/2023\/06\/p1.56-led-module-1.webp","width":500,"height":500,"caption":"p1.56-led-module"},{"@type":"BreadcrumbList","@id":"https:\/\/www.telaled.com\/fabrica\/modulo-painel-de-led-p1-56\/#breadcrumb","itemListElement":[{"@type":"ListItem","position":1,"name":"Home","item":"https:\/\/www.telaled.com\/"},{"@type":"ListItem","position":2,"name":"Produtos","item":"https:\/\/www.telaled.com\/shop\/"},{"@type":"ListItem","position":3,"name":"Modulo Painel de LED P1.56"}]},{"@type":"WebSite","@id":"https:\/\/www.telaled.com\/#website","url":"https:\/\/www.telaled.com\/","name":"LED Ekran","description":"","potentialAction":[{"@type":"SearchAction","target":{"@type":"EntryPoint","urlTemplate":"https:\/\/www.telaled.com\/?s={search_term_string}"},"query-input":{"@type":"PropertyValueSpecification","valueRequired":true,"valueName":"search_term_string"}}],"inLanguage":"tr"}]}},"_links":{"self":[{"href":"https:\/\/www.telaled.com\/tr\/wp-json\/wp\/v2\/product\/1393","targetHints":{"allow":["GET"]}}],"collection":[{"href":"https:\/\/www.telaled.com\/tr\/wp-json\/wp\/v2\/product"}],"about":[{"href":"https:\/\/www.telaled.com\/tr\/wp-json\/wp\/v2\/types\/product"}],"wp:featuredmedia":[{"embeddable":true,"href":"https:\/\/www.telaled.com\/tr\/wp-json\/wp\/v2\/media\/2034"}],"wp:attachment":[{"href":"https:\/\/www.telaled.com\/tr\/wp-json\/wp\/v2\/media?parent=1393"}],"wp:term":[{"taxonomy":"product_brand","embeddable":true,"href":"https:\/\/www.telaled.com\/tr\/wp-json\/wp\/v2\/product_brand?post=1393"},{"taxonomy":"product_cat","embeddable":true,"href":"https:\/\/www.telaled.com\/tr\/wp-json\/wp\/v2\/product_cat?post=1393"},{"taxonomy":"product_tag","embeddable":true,"href":"https:\/\/www.telaled.com\/tr\/wp-json\/wp\/v2\/product_tag?post=1393"}],"curies":[{"name":"wp","href":"https:\/\/api.w.org\/{rel}","templated":true}]}}