{"id":32,"date":"2023-03-05T10:42:28","date_gmt":"2023-03-05T10:42:28","guid":{"rendered":"https:\/\/plum-wolverine-723597.hostingersite.com\/?page_id=32"},"modified":"2025-07-18T10:27:51","modified_gmt":"2025-07-18T10:27:51","slug":"contato","status":"publish","type":"page","link":"https:\/\/www.telaled.com\/tr\/contato\/","title":{"rendered":"Temas etmek"},"content":{"rendered":"<div class=\"banner has-hover\" id=\"banner-1050289264\">\n          <div class=\"banner-inner fill\">\n        <div class=\"banner-bg fill\" >\n            <div class=\"bg fill bg-fill\"><\/div>\n                        <div class=\"overlay\"><\/div>            \n                    <\/div>\n\t\t\n        <div class=\"banner-layers container\">\n            <div class=\"fill banner-link\"><\/div>            \n   <div id=\"text-box-1754825921\" class=\"text-box banner-layer x50 md-x50 lg-x50 y50 md-y50 lg-y50 res-text\">\n                                <div class=\"text-box-content text dark\">\n              \n              <div class=\"text-inner text-center\">\n                  \n<h1><span style=\"font-size: 75%;\">Projeniz i\u00e7in eksiksiz ekran \u00e7\u00f6z\u00fcmlerini hemen edinin!<\/span><\/h1>\n              <\/div>\n           <\/div>\n                            \n<style>\n#text-box-1754825921 {\n  width: 80%;\n}\n#text-box-1754825921 .text-box-content {\n  font-size: 100%;\n}\n<\/style>\n    <\/div>\n \n        <\/div>\n      <\/div>\n\n            \n<style>\n#banner-1050289264 {\n  padding-top: 50%;\n}\n#banner-1050289264 .overlay {\n  background-color: rgba(0,0,0,.5);\n}\n@media (min-width:550px) {\n  #banner-1050289264 {\n    padding-top: 30%;\n  }\n}\n<\/style>\n  <\/div>\n\n\n\t<section class=\"section\" id=\"section_1109592686\">\n\t\t<div class=\"bg section-bg fill bg-fill  bg-loaded\" >\n\n\t\t\t\n\t\t\t\n\t\t\t\n\n\t\t<\/div>\n\n\t\t\n\n\t\t<div class=\"section-content relative\">\n\t\t\t\n<div class=\"row align-equal\"  id=\"row-1586809435\">\n\n\t<div id=\"col-1075034428\" class=\"col small-12 large-12\"  >\n\t\t\t\t<div class=\"col-inner\"  >\n\t\t\t\n\t\t\t\n\t<div id=\"gap-1830894421\" class=\"gap-element clearfix\" style=\"display:block; height:auto;\">\n\t\t\n<style>\n#gap-1830894421 {\n  padding-top: 10px;\n}\n@media (min-width:550px) {\n  #gap-1830894421 {\n    padding-top: 50px;\n  }\n}\n<\/style>\n\t<\/div>\n\t\n<div class=\"container section-title-container\" ><h2 class=\"section-title section-title-center\"><b><\/b><span class=\"section-title-main\" style=\"color:rgb(38, 119, 11);\">\u0130leti\u015fime ge\u00e7in<\/span><b><\/b><\/h2><\/div>\n<div class=\"text-center\"><div class=\"is-divider divider clearfix\" style=\"max-width:100px;background-color:rgb(1, 112, 24);\"><\/div><\/div>\n\t\t<\/div>\n\t\t\t\t\t<\/div>\n\n\t\n<\/div>\n<div class=\"row row-small align-middle\"  id=\"row-562873704\">\n\n\t<div id=\"col-1824832903\" class=\"col medium-5 small-12 large-5\"  >\n\t\t\t\t<div class=\"col-inner\"  >\n\t\t\t\n\t\t\t\n\t<div id=\"gap-1324396851\" class=\"gap-element clearfix\" style=\"display:block; height:auto;\">\n\t\t\n<style>\n#gap-1324396851 {\n  padding-top: 30px;\n}\n<\/style>\n\t<\/div>\n\t\n\n\t\t<div class=\"icon-box featured-box icon-box-center text-center\"  >\n\t\t\t\t\t<div class=\"icon-box-img\" style=\"width: 57px\">\n\t\t\t\t<div class=\"icon\">\n\t\t\t\t\t<div class=\"icon-inner\" >\n\t\t\t\t\t\t<img loading=\"lazy\" decoding=\"async\" width=\"300\" height=\"300\" src=\"https:\/\/www.telaled.com\/wp-content\/uploads\/2023\/04\/contact-us-2.webp\" class=\"attachment-medium size-medium\" alt=\"\" srcset=\"https:\/\/www.telaled.com\/wp-content\/uploads\/2023\/04\/contact-us-2.webp 300w, https:\/\/www.telaled.com\/wp-content\/uploads\/2023\/04\/contact-us-2-150x150.webp 150w, https:\/\/www.telaled.com\/wp-content\/uploads\/2023\/04\/contact-us-2-100x100.webp 100w\" sizes=\"auto, (max-width: 300px) 100vw, 300px\" \/>\t\t\t\t\t<\/div>\n\t\t\t\t<\/div>\n\t\t\t<\/div>\n\t\t\t\t<div class=\"icon-box-text last-reset\">\n\t\t\t\t\t\t\t\t\t\n<p>Adres<br \/>\nNo.4, Zhengcheng 3. Yol, Xintian Toplulu\u011fu, Fuyong Caddesi, Bao&#039;an B\u00f6lgesi, Shenzhen, \u00c7in<\/p>\n\t\t<\/div>\n\t<\/div>\n\t\n\t\n\t<div id=\"gap-265750401\" class=\"gap-element clearfix\" style=\"display:block; height:auto;\">\n\t\t\n<style>\n#gap-265750401 {\n  padding-top: 30px;\n}\n<\/style>\n\t<\/div>\n\t\n\t\t<\/div>\n\t\t\t\t\t<\/div>\n\n\t\n\n\t<div id=\"col-1657055209\" class=\"col medium-2 small-12 large-2\"  >\n\t\t\t\t<div class=\"col-inner\"  >\n\t\t\t\n\t\t\t\n\t<div id=\"gap-643603615\" class=\"gap-element clearfix\" style=\"display:block; height:auto;\">\n\t\t\n<style>\n#gap-643603615 {\n  padding-top: 30px;\n}\n<\/style>\n\t<\/div>\n\t\n\t<div id=\"gap-1038153574\" class=\"gap-element clearfix\" style=\"display:block; height:auto;\">\n\t\t\n<style>\n#gap-1038153574 {\n  padding-top: 30px;\n}\n<\/style>\n\t<\/div>\n\t\n\t\t<\/div>\n\t\t\t\t\t<\/div>\n\n\t\n\n\t<div id=\"col-1536241439\" class=\"col medium-5 small-12 large-5\"  >\n\t\t\t\t<div class=\"col-inner\"  >\n\t\t\t\n\t\t\t\n\t<div id=\"gap-1053389523\" class=\"gap-element clearfix\" style=\"display:block; height:auto;\">\n\t\t\n<style>\n#gap-1053389523 {\n  padding-top: 30px;\n}\n<\/style>\n\t<\/div>\n\t\n\n\t\t<div class=\"icon-box featured-box icon-box-center text-center\"  >\n\t\t\t\t\t<div class=\"icon-box-img\" style=\"width: 57px\">\n\t\t\t\t<div class=\"icon\">\n\t\t\t\t\t<div class=\"icon-inner\" >\n\t\t\t\t\t\t<img loading=\"lazy\" decoding=\"async\" width=\"300\" height=\"300\" src=\"https:\/\/www.telaled.com\/wp-content\/uploads\/2023\/04\/contact-us-1.webp\" class=\"attachment-medium size-medium\" alt=\"\" srcset=\"https:\/\/www.telaled.com\/wp-content\/uploads\/2023\/04\/contact-us-1.webp 300w, https:\/\/www.telaled.com\/wp-content\/uploads\/2023\/04\/contact-us-1-150x150.webp 150w, https:\/\/www.telaled.com\/wp-content\/uploads\/2023\/04\/contact-us-1-100x100.webp 100w\" sizes=\"auto, (max-width: 300px) 100vw, 300px\" \/>\t\t\t\t\t<\/div>\n\t\t\t\t<\/div>\n\t\t\t<\/div>\n\t\t\t\t<div class=\"icon-box-text last-reset\">\n\t\t\t\t\t\t\t\t\t\n<p>Bize bir e-posta g\u00f6nderin.<br \/>\n<a href=\"mailto:info@telaled.com\">info@telaled.com<\/a><\/p>\n\t\t<\/div>\n\t<\/div>\n\t\n\t\n\t<div id=\"gap-1140876428\" class=\"gap-element clearfix\" style=\"display:block; height:auto;\">\n\t\t\n<style>\n#gap-1140876428 {\n  padding-top: 30px;\n}\n<\/style>\n\t<\/div>\n\t\n\t\t<\/div>\n\t\t\t\t\t<\/div>\n\n\t\n<\/div>\n\t\t<\/div>\n\n\t\t\n<style>\n#section_1109592686 {\n  padding-top: 30px;\n  padding-bottom: 30px;\n}\n<\/style>\n\t<\/section>\n\t\n\t<section class=\"section\" id=\"section_1319222020\">\n\t\t<div class=\"bg section-bg fill bg-fill  bg-loaded\" >\n\n\t\t\t\n\t\t\t<div class=\"section-bg-overlay absolute fill\"><\/div>\n\t\t\t\n\n\t\t<\/div>\n\n\t\t\n\n\t\t<div class=\"section-content relative\">\n\t\t\t\n<div class=\"row\"  id=\"row-994863092\">\n\n\t<div id=\"col-2093236762\" class=\"col small-12 large-12\"  >\n\t\t\t\t<div class=\"col-inner\"  >\n\t\t\t\n\t\t\t\n<div class=\"container section-title-container\" ><h2 class=\"section-title section-title-center\"><b><\/b><span class=\"section-title-main\" style=\"color:rgb(38, 119, 11);\">TELALED \u0130leti\u015fim<\/span><b><\/b><\/h2><\/div>\n\n<div class=\"wpcf7 no-js\" id=\"wpcf7-f2073-o1\" lang=\"en-US\" dir=\"ltr\" data-wpcf7-id=\"2073\">\n<div class=\"screen-reader-response\"><p role=\"status\" aria-live=\"polite\" aria-atomic=\"true\"><\/p> <ul><\/ul><\/div>\n<form action=\"\/tr\/wp-json\/wp\/v2\/pages\/32#wpcf7-f2073-o1\" method=\"post\" class=\"wpcf7-form init\" aria-label=\"\u0130leti\u015fim formu\" enctype=\"multipart\/form-data\" novalidate=\"novalidate\" data-status=\"init\" data-trp-original-action=\"\/tr\/wp-json\/wp\/v2\/pages\/32#wpcf7-f2073-o1\">\n<fieldset class=\"hidden-fields-container\"><input type=\"hidden\" name=\"_wpcf7\" value=\"2073\" \/><input type=\"hidden\" name=\"_wpcf7_version\" value=\"6.1.5\" \/><input type=\"hidden\" name=\"_wpcf7_locale\" value=\"en_US\" \/><input type=\"hidden\" name=\"_wpcf7_unit_tag\" value=\"wpcf7-f2073-o1\" \/><input type=\"hidden\" name=\"_wpcf7_container_post\" value=\"0\" \/><input type=\"hidden\" name=\"_wpcf7_posted_data_hash\" value=\"\" \/>\n<\/fieldset>\n<div class=\"telaled-uniform-form\">\n <!-- \u7b2c\u4e00\u884c - \u7edf\u4e00\u9ad8\u5ea6 -->\n\t<div class=\"form-row uniform-row\">\n\t\t<div class=\"form-col\">\n\t\t\t<p><label>Hangi t\u00fcr\u00fcne ihtiyac\u0131n\u0131z olacak?<\/label><br \/>\n<span class=\"wpcf7-form-control-wrap\" data-name=\"tipo-desejado\"><select class=\"wpcf7-form-control wpcf7-select wpcf7-validates-as-required uniform-field\" aria-required=\"true\" aria-invalid=\"false\" name=\"tipo-desejado\"><option value=\"Midia Outdoor\">A\u00e7\u0131k Hava Medyas\u0131<\/option><option value=\"Midia Indoor\">\u0130\u00e7 Mekan Medya<\/option><\/select><\/span>\n\t\t\t<\/p>\n\t\t<\/div>\n\t\t<div class=\"form-col\">\n\t\t\t<p><label>PROJE DURUMU<\/label><br \/>\n<span class=\"wpcf7-form-control-wrap\" data-name=\"status-projeto\"><select class=\"wpcf7-form-control wpcf7-select wpcf7-validates-as-required uniform-field\" aria-required=\"true\" aria-invalid=\"false\" name=\"status-projeto\"><option value=\"Comparando o custo, pronto para comprar\">Maliyetleri kar\u015f\u0131la\u015ft\u0131rd\u0131m, sat\u0131n almaya haz\u0131r\u0131m.<\/option><option value=\"Precisa instalar em at\u00e9 6 meses\">Kurulumun 6 ay i\u00e7inde tamamlanmas\u0131 gerekmektedir.<\/option><option value=\"Ainda confirme as informa\u00e7\u00f5es para escolher o produto correto\">L\u00fctfen do\u011fru \u00fcr\u00fcn\u00fc se\u00e7meden \u00f6nce bilgileri teyit edin.<\/option><option value=\"S\u00f3 estou interessado, sem projeto no momento\">Sadece ilgileniyorum, \u015fu anda bir projem yok.<\/option><\/select><\/span>\n\t\t\t<\/p>\n\t\t<\/div>\n\t<\/div>\n\n <!-- \u7b2c\u4e8c\u884c - \u7edf\u4e00\u9ad8\u5ea6 -->\n\t<div class=\"form-row uniform-row\">\n\t\t<div class=\"form-col\">\n\t\t\t<p><label>KURULUM<\/label><br \/>\n<span class=\"wpcf7-form-control-wrap\" data-name=\"tipo-instalacao\"><select class=\"wpcf7-form-control wpcf7-select wpcf7-validates-as-required uniform-field\" aria-required=\"true\" aria-invalid=\"false\" name=\"tipo-instalacao\"><option value=\"Fixo\">Sabit<\/option><option value=\"M\u00f3vel\">Mobil<\/option><\/select><\/span>\n\t\t\t<\/p>\n\t\t<\/div>\n\t\t<div class=\"form-col\">\n\t\t\t<p><label>G\u00d6R\u00dc\u015e MESAFES\u0130 (metre)<\/label><br \/>\n<span class=\"wpcf7-form-control-wrap\" data-name=\"distancia\"><input class=\"wpcf7-form-control wpcf7-number wpcf7-validates-as-number uniform-field\" min=\"0\" step=\"0.01\" aria-invalid=\"false\" value=\"\" type=\"number\" name=\"distancia\" \/><\/span>\n\t\t\t<\/p>\n\t\t<\/div>\n\t<\/div>\n\n <!-- \u7b2c\u4e09\u884c -->\n\t<div class=\"form-row uniform-row\">\n\t\t<div class=\"form-col\">\n\t\t\t<p><label>GEN\u0130\u015eL\u0130K (metre)<\/label><br \/>\n<span class=\"wpcf7-form-control-wrap\" data-name=\"largura\"><input class=\"wpcf7-form-control wpcf7-number wpcf7-validates-as-number uniform-field\" min=\"0.1\" step=\"0.01\" aria-invalid=\"false\" value=\"\" type=\"number\" name=\"largura\" \/><\/span>\n\t\t\t<\/p>\n\t\t<\/div>\n\t\t<div class=\"form-col\">\n\t\t\t<p><label>Y\u00dcKSEKL\u0130K (metre)<\/label><br \/>\n<span class=\"wpcf7-form-control-wrap\" data-name=\"altura\"><input class=\"wpcf7-form-control wpcf7-number wpcf7-validates-as-number uniform-field\" min=\"0.1\" step=\"0.01\" aria-invalid=\"false\" value=\"\" type=\"number\" name=\"altura\" \/><\/span>\n\t\t\t<\/p>\n\t\t<\/div>\n\t<\/div>\n\n <!-- \u7b2c\u56db\u884c -->\n\t<div class=\"form-row uniform-row\">\n\t\t<div class=\"form-col\">\n\t\t\t<p><label>AD SOYAD *<\/label><br \/>\n<span class=\"wpcf7-form-control-wrap\" data-name=\"nome-completo\"><input size=\"40\" maxlength=\"400\" class=\"wpcf7-form-control wpcf7-text wpcf7-validates-as-required uniform-field\" aria-required=\"true\" aria-invalid=\"false\" value=\"\" type=\"text\" name=\"nome-completo\" \/><\/span>\n\t\t\t<\/p>\n\t\t<\/div>\n\t\t<div class=\"form-col\">\n\t\t\t<p><label>E-POSTA *<\/label><br \/>\n<span class=\"wpcf7-form-control-wrap\" data-name=\"seu-email\"><input size=\"40\" maxlength=\"400\" class=\"wpcf7-form-control wpcf7-email wpcf7-validates-as-required wpcf7-text wpcf7-validates-as-email uniform-field\" aria-required=\"true\" aria-invalid=\"false\" value=\"\" type=\"email\" name=\"seu-email\" \/><\/span>\n\t\t\t<\/p>\n\t\t<\/div>\n\t<\/div>\n\n <!-- \u7b2c\u4e94\u884c - \u5168\u5bbd\u6587\u672c\u57df -->\n\t<div class=\"form-full-row\">\n\t\t<p><label>MESAJ<\/label><br \/>\n<span class=\"wpcf7-form-control-wrap\" data-name=\"mensagem\"><textarea cols=\"40\" rows=\"4\" maxlength=\"2000\" class=\"wpcf7-form-control wpcf7-textarea uniform-textarea\" aria-invalid=\"false\" name=\"mensagem\"><\/textarea><\/span>\n\t\t<\/p>\n\t<\/div>\n\n <!-- \u7b2c\u516d\u884c -->\n\t<div class=\"form-full-row\">\n\t\t<p><label>DOSYA Y\u00dcKLEME (\u0130STE\u011eE BA\u011eLI)<\/label><br \/>\n<span class=\"wpcf7-form-control-wrap\" data-name=\"upload-arquivo\"><input size=\"40\" class=\"wpcf7-form-control wpcf7-file\" accept=\".jpg,.png,.pdf,.doc,.docx,.zip\" aria-invalid=\"false\" type=\"file\" name=\"upload-arquivo\" \/><\/span>\n\t\t<\/p>\n\t<\/div>\n\t<div style=\"margin-bottom:10px; style=\"width:100%\">\n\t\t<p><span class=\"wpcf7-form-control-wrap kc_captcha cf7ic-toggle\" data-name=\"kc_captcha\"><span class=\"wpcf7-form-control wpcf7-radio\"><span class=\"captcha-image\" style=\"display: none;\"><span class=\"cf7ic_instructions\">L\u00fctfen se\u00e7erek insan oldu\u011funuzu kan\u0131tlay\u0131n.<span> bayrak<\/span>.<\/span><label><input aria-label=\"1\" type=\"radio\" name=\"kc_captcha\" value=\"bot\" \/><svg aria-hidden=\"true\" role=\"img\" xmlns=\"http:\/\/www.w3.org\/2000\/svg\" viewbox=\"0 0 576 512\"><path fill=\"currentColor\" d=\"M259 18l-65 132-146 22c-26 3-37 36-18 54l106 103-25 146c-5 26 23 46 46 33l131-68 131 68c23 13 51-7 46-33l-25-146 106-103c19-18 8-51-18-54l-146-22-65-132a32 32 0 00-58 0z\"\/><\/svg><\/label><label><input aria-label=\"2\" type=\"radio\" name=\"kc_captcha\" value=\"bot\" \/><svg aria-hidden=\"true\" role=\"img\" xmlns=\"http:\/\/www.w3.org\/2000\/svg\" viewbox=\"0 0 640 512\"><path fill=\"currentColor\" d=\"M192 384h192c53 0 96-43 96-96h32a128 128 0 000-256H120c-13 0-24 11-24 24v232c0 53 43 96 96 96zM512 96a64 64 0 010 128h-32V96h32zm48 384H48c-47 0-61-64-36-64h584c25 0 11 64-36 64z\"\/><\/svg><\/label><label><input aria-label=\"3\" type=\"radio\" name=\"kc_captcha\" value=\"kc_human\" \/><svg aria-hidden=\"true\" role=\"img\" xmlns=\"http:\/\/www.w3.org\/2000\/svg\" viewbox=\"0 0 512 512\"><path fill=\"currentColor\" d=\"M350 99c-54 0-98-35-166-35-25 0-47 4-68 12a56 56 0 004-24C118 24 95 1 66 0a56 56 0 00-34 102v386c0 13 11 24 24 24h16c13 0 24-11 24-24v-94c28-12 64-23 114-23 54 0 98 35 166 35 48 0 86-16 122-41 9-6 14-15 14-26V96c0-23-24-39-45-29-35 16-77 32-117 32z\"\/><\/svg><\/label>\r\n    <\/span>\r\n    <span style=\"display:none\">\r\n        <input type=\"text\" name=\"kc_honeypot\">\r\n    <\/span><\/span><\/span>\n\t\t<\/p>\n\t<\/div>\n\n <!-- \u63d0\u4ea4\u6309\u94ae -->\n\t<div class=\"form-submit-row\">\n\t\t<p><input class=\"wpcf7-form-control wpcf7-submit has-spinner uniform-submit\" type=\"submit\" value=\"MESAJ G\u00d6NDER\" \/>\n\t\t<\/p>\n\t<\/div>\n<\/div><div class=\"wpcf7-response-output\" aria-hidden=\"true\"><\/div>\n<input type=\"hidden\" name=\"trp-form-language\" value=\"tr\"\/><\/form>\n<\/div>\n\n\t\t<\/div>\n\t\t\t\t\t<\/div>\n\n\t\n<\/div>\n\t\t<\/div>\n\n\t\t\n<style>\n#section_1319222020 {\n  padding-top: 60px;\n  padding-bottom: 60px;\n}\n#section_1319222020 .section-bg-overlay {\n  background-color: rgb(242, 242, 242);\n}\n<\/style>\n\t<\/section>\n\t\n\t<section class=\"section\" id=\"section_1408347406\">\n\t\t<div class=\"bg section-bg fill bg-fill  bg-loaded\" >\n\n\t\t\t\n\t\t\t\n\t\t\t\n\n\t\t<\/div>\n\n\t\t\n\n\t\t<div class=\"section-content relative\">\n\t\t\t\n<div class=\"row row-full-width align-center\"  id=\"row-1923118529\">\n\n\t<div id=\"col-1004116216\" class=\"col small-12 large-12\"  >\n\t\t\t\t<div class=\"col-inner text-center\"  >\n\t\t\t\n\t\t\t\n<div class=\"container section-title-container\" ><h2 class=\"section-title section-title-center\"><b><\/b><span class=\"section-title-main\" style=\"color:rgb(38, 119, 11);\">ADRES<\/span><b><\/b><\/h2><\/div>\n\n<p><iframe loading=\"lazy\" style=\"border: 0;\" src=\"https:\/\/www.google.com\/maps\/embed?pb=!1m14!1m12!1m3!1d570.5362371137569!2d113.82839247530629!3d22.68777560929496!2m3!1f0!2f0!3f0!3m2!1i1024!2i768!4f13.1!5e0!3m2!1sen!2s!4v1748515356905!5m2!1sen!2s\" width=\"1210\" height=\"450\" allowfullscreen=\"allowfullscreen\"><\/iframe><br \/>\n\n\t\t<\/div>\n\t\t\t\t\t<\/div>\n\n\t\n<\/div>\n\t\t<\/div>\n\n\t\t\n<style>\n#section_1408347406 {\n  padding-top: 30px;\n  padding-bottom: 30px;\n}\n<\/style>\n\t<\/section>","protected":false},"excerpt":{"rendered":"","protected":false},"author":3,"featured_media":0,"parent":0,"menu_order":0,"comment_status":"closed","ping_status":"closed","template":"page-blank.php","meta":{"footnotes":""},"class_list":["post-32","page","type-page","status-publish","hentry"],"yoast_head":"<!-- This site is optimized with the Yoast SEO plugin v27.4 - https:\/\/yoast.com\/product\/yoast-seo-wordpress\/ -->\n<title>Fale com a TELALED - Fabricante de LED Profissional desde 2003 | Suporte 24\/7<\/title>\n<meta name=\"description\" content=\"Equipe t\u00e9cnica dispon\u00edvel 24 horas \u2713 Atendimento em 6 idiomas \u2713 Solicite or\u00e7amento para pain\u00e9is LED personalizados. Exportamos para 102+ pa\u00edses com certifica\u00e7\u00f5es internacionais!\" \/>\n<meta name=\"robots\" content=\"index, follow, max-snippet:-1, max-image-preview:large, max-video-preview:-1\" \/>\n<link rel=\"canonical\" href=\"https:\/\/www.telaled.com\/tr\/contato\/\" \/>\n<meta property=\"og:locale\" content=\"tr_TR\" \/>\n<meta property=\"og:type\" content=\"article\" \/>\n<meta property=\"og:title\" content=\"Fale com a TELALED - Fabricante de LED Profissional desde 2003 | Suporte 24\/7\" \/>\n<meta property=\"og:description\" content=\"Equipe t\u00e9cnica dispon\u00edvel 24 horas \u2713 Atendimento em 6 idiomas \u2713 Solicite or\u00e7amento para pain\u00e9is LED personalizados. Exportamos para 102+ pa\u00edses com certifica\u00e7\u00f5es internacionais!\" \/>\n<meta property=\"og:url\" content=\"https:\/\/www.telaled.com\/tr\/contato\/\" \/>\n<meta property=\"og:site_name\" content=\"TELALED\" \/>\n<meta property=\"article:modified_time\" content=\"2025-07-18T10:27:51+00:00\" \/>\n<meta name=\"twitter:card\" content=\"summary_large_image\" \/>\n<meta name=\"twitter:label1\" content=\"Est. reading time\" \/>\n\t<meta name=\"twitter:data1\" content=\"1 dakika\" \/>\n<script type=\"application\/ld+json\" class=\"yoast-schema-graph\">{\"@context\":\"https:\\\/\\\/schema.org\",\"@graph\":[{\"@type\":\"WebPage\",\"@id\":\"https:\\\/\\\/www.telaled.com\\\/contato\\\/\",\"url\":\"https:\\\/\\\/www.telaled.com\\\/contato\\\/\",\"name\":\"Fale com a TELALED - Fabricante de LED Profissional desde 2003 | Suporte 24\\\/7\",\"isPartOf\":{\"@id\":\"https:\\\/\\\/www.telaled.com\\\/#website\"},\"datePublished\":\"2023-03-05T10:42:28+00:00\",\"dateModified\":\"2025-07-18T10:27:51+00:00\",\"description\":\"Equipe t\u00e9cnica dispon\u00edvel 24 horas \u2713 Atendimento em 6 idiomas \u2713 Solicite or\u00e7amento para pain\u00e9is LED personalizados. Exportamos para 102+ pa\u00edses com certifica\u00e7\u00f5es internacionais!\",\"breadcrumb\":{\"@id\":\"https:\\\/\\\/www.telaled.com\\\/contato\\\/#breadcrumb\"},\"inLanguage\":\"tr\",\"potentialAction\":[{\"@type\":\"ReadAction\",\"target\":[\"https:\\\/\\\/www.telaled.com\\\/contato\\\/\"]}]},{\"@type\":\"BreadcrumbList\",\"@id\":\"https:\\\/\\\/www.telaled.com\\\/contato\\\/#breadcrumb\",\"itemListElement\":[{\"@type\":\"ListItem\",\"position\":1,\"name\":\"Home\",\"item\":\"https:\\\/\\\/www.telaled.com\\\/\"},{\"@type\":\"ListItem\",\"position\":2,\"name\":\"Contato\"}]},{\"@type\":\"WebSite\",\"@id\":\"https:\\\/\\\/www.telaled.com\\\/#website\",\"url\":\"https:\\\/\\\/www.telaled.com\\\/\",\"name\":\"TELALED\",\"description\":\"\",\"potentialAction\":[{\"@type\":\"SearchAction\",\"target\":{\"@type\":\"EntryPoint\",\"urlTemplate\":\"https:\\\/\\\/www.telaled.com\\\/?s={search_term_string}\"},\"query-input\":{\"@type\":\"PropertyValueSpecification\",\"valueRequired\":true,\"valueName\":\"search_term_string\"}}],\"inLanguage\":\"tr\"}]}<\/script>\n<!-- \/ Yoast SEO plugin. -->","yoast_head_json":{"title":"TELALED ile ileti\u015fime ge\u00e7in - 2003&#039;ten beri profesyonel LED \u00fcreticisi | 7\/24 Destek","description":"Teknik ekip 7\/24 hizmetinizde \u2713 6 dilde destek \u2713 \u00d6zel LED paneller i\u00e7in fiyat teklifi isteyin. Uluslararas\u0131 sertifikalar\u0131m\u0131zla 102&#039;den fazla \u00fclkeye ihracat yap\u0131yoruz!","robots":{"index":"index","follow":"follow","max-snippet":"max-snippet:-1","max-image-preview":"max-image-preview:large","max-video-preview":"max-video-preview:-1"},"canonical":"https:\/\/www.telaled.com\/tr\/contato\/","og_locale":"tr_TR","og_type":"article","og_title":"Fale com a TELALED - Fabricante de LED Profissional desde 2003 | Suporte 24\/7","og_description":"Equipe t\u00e9cnica dispon\u00edvel 24 horas \u2713 Atendimento em 6 idiomas \u2713 Solicite or\u00e7amento para pain\u00e9is LED personalizados. Exportamos para 102+ pa\u00edses com certifica\u00e7\u00f5es internacionais!","og_url":"https:\/\/www.telaled.com\/tr\/contato\/","og_site_name":"TELALED","article_modified_time":"2025-07-18T10:27:51+00:00","twitter_card":"summary_large_image","twitter_misc":{"Est. reading time":"1 dakika"},"schema":{"@context":"https:\/\/schema.org","@graph":[{"@type":"WebPage","@id":"https:\/\/www.telaled.com\/contato\/","url":"https:\/\/www.telaled.com\/contato\/","name":"TELALED ile ileti\u015fime ge\u00e7in - 2003&#039;ten beri profesyonel LED \u00fcreticisi | 7\/24 Destek","isPartOf":{"@id":"https:\/\/www.telaled.com\/#website"},"datePublished":"2023-03-05T10:42:28+00:00","dateModified":"2025-07-18T10:27:51+00:00","description":"Teknik ekip 7\/24 hizmetinizde \u2713 6 dilde destek \u2713 \u00d6zel LED paneller i\u00e7in fiyat teklifi isteyin. Uluslararas\u0131 sertifikalar\u0131m\u0131zla 102&#039;den fazla \u00fclkeye ihracat yap\u0131yoruz!","breadcrumb":{"@id":"https:\/\/www.telaled.com\/contato\/#breadcrumb"},"inLanguage":"tr","potentialAction":[{"@type":"ReadAction","target":["https:\/\/www.telaled.com\/contato\/"]}]},{"@type":"BreadcrumbList","@id":"https:\/\/www.telaled.com\/contato\/#breadcrumb","itemListElement":[{"@type":"ListItem","position":1,"name":"Home","item":"https:\/\/www.telaled.com\/"},{"@type":"ListItem","position":2,"name":"Contato"}]},{"@type":"WebSite","@id":"https:\/\/www.telaled.com\/#website","url":"https:\/\/www.telaled.com\/","name":"LED Ekran","description":"","potentialAction":[{"@type":"SearchAction","target":{"@type":"EntryPoint","urlTemplate":"https:\/\/www.telaled.com\/?s={search_term_string}"},"query-input":{"@type":"PropertyValueSpecification","valueRequired":true,"valueName":"search_term_string"}}],"inLanguage":"tr"}]}},"_links":{"self":[{"href":"https:\/\/www.telaled.com\/tr\/wp-json\/wp\/v2\/pages\/32","targetHints":{"allow":["GET"]}}],"collection":[{"href":"https:\/\/www.telaled.com\/tr\/wp-json\/wp\/v2\/pages"}],"about":[{"href":"https:\/\/www.telaled.com\/tr\/wp-json\/wp\/v2\/types\/page"}],"author":[{"embeddable":true,"href":"https:\/\/www.telaled.com\/tr\/wp-json\/wp\/v2\/users\/3"}],"replies":[{"embeddable":true,"href":"https:\/\/www.telaled.com\/tr\/wp-json\/wp\/v2\/comments?post=32"}],"version-history":[{"count":12,"href":"https:\/\/www.telaled.com\/tr\/wp-json\/wp\/v2\/pages\/32\/revisions"}],"predecessor-version":[{"id":2653,"href":"https:\/\/www.telaled.com\/tr\/wp-json\/wp\/v2\/pages\/32\/revisions\/2653"}],"wp:attachment":[{"href":"https:\/\/www.telaled.com\/tr\/wp-json\/wp\/v2\/media?parent=32"}],"curies":[{"name":"wp","href":"https:\/\/api.w.org\/{rel}","templated":true}]}}