{"id":5698,"date":"2025-11-18T06:54:38","date_gmt":"2025-11-18T06:54:38","guid":{"rendered":"https:\/\/www.telaled.com\/?post_type=product&#038;p=5698"},"modified":"2026-01-11T06:43:34","modified_gmt":"2026-01-11T06:43:34","slug":"letreiro-digital-para-loja","status":"publish","type":"product","link":"https:\/\/www.telaled.com\/sv\/fabrica\/letreiro-digital-para-loja\/","title":{"rendered":"digital skylt f\u00f6r butik"},"content":{"rendered":"<div class=\"row\"  id=\"row-259464172\">\n\n\t<div id=\"col-503045844\" class=\"col small-12 large-12\"  >\n\t\t\t\t<div class=\"col-inner\"  >\n\t\t\t\n\t\t\t\n<h2>Exklusiva f\u00f6rdelar med den flexibla LED-bilsk\u00e4rmen<\/h2>\n<h3><strong>\u00d6verl\u00e4gsen h\u00e5llbarhet<\/strong><\/h3>\n<ul>\n<li>Tillverkad med h\u00f6gkvalitativa komponenter av industrikvalitet.<\/li>\n<li>Byggd f\u00f6r att klara av h\u00f6gtrafikerade milj\u00f6er och tuffa f\u00f6rh\u00e5llanden.<\/li>\n<li>V\u00e4rmebest\u00e4ndig och skyddad mot direkt solljus, vilket garanterar l\u00e5ngvarig prestanda.<\/li>\n<\/ul>\n<h3><strong>Exceptionell visuell kvalitet<\/strong><\/h3>\n<ul>\n<li>Den levererar skarpa, h\u00f6guppl\u00f6sta bilder med livfulla, klara f\u00e4rger.<\/li>\n<li>H\u00f6g kontrast f\u00f6r djupare svarta nyanser och f\u00f6rb\u00e4ttrad ljusstyrka.<\/li>\n<li>Synlig i alla ljusf\u00f6rh\u00e5llanden och ger konsekventa och attraktiva bilder.<\/li>\n<\/ul>\n<h3><strong>Fullst\u00e4ndig anpassningsf\u00f6rm\u00e5ga<\/strong><\/h3>\n<ul>\n<li>Anpassningsbar storlek och konfiguration f\u00f6r att passa olika butikslayouter.<\/li>\n<li>Den integreras enkelt med befintliga system f\u00f6r s\u00f6ml\u00f6s inneh\u00e5llshantering.<\/li>\n<li>Den st\u00f6der realtidsuppdateringar, vilket m\u00f6jligg\u00f6r dynamiska inneh\u00e5lls\u00e4ndringar f\u00f6r kampanjer eller meddelanden.<\/li>\n<\/ul>\n<h3><strong>Omfattande st\u00f6d<\/strong><\/h3>\n<ul>\n<li>Specialiserad support dygnet runt, 7 dagar i veckan, f\u00f6r att h\u00e5lla ditt system ig\u00e5ng smidigt med oavbruten assistans.<\/li>\n<li>5%-garanti p\u00e5 delar, vilket \u00f6kar tillf\u00f6rlitligheten och minimerar stillest\u00e5ndstiden.<\/li>\n<li>3 \u00e5rs garanti f\u00f6r garanterad prestanda och sinnesro.<\/li>\n<li>Skydda din investering med ett helt\u00e4ckande skydd.<\/li>\n<\/ul>\n<h2>Produktinformation<\/h2>\n<div class=\"row\"  id=\"row-768051856\">\n\n\t<div id=\"col-273695165\" class=\"col medium-10 small-12 large-10\"  >\n\t\t\t\t<div class=\"col-inner text-left\"  >\n\t\t\t\n\t\t\t\n<ul>\n<li>TELALED erbjuder en intuitiv plattform f\u00f6r att skapa och uppdatera kommunikationsfl\u00f6den i f\u00f6rs\u00e4ljningsst\u00e4llena. Den hj\u00e4lper f\u00f6retag att uppn\u00e5 viktiga m\u00e5l, som att \u00f6ka kundtrafiken och \u00f6ka int\u00e4kterna. Med anpassningsbara mallar kan team enkelt hantera och uppdatera meddelanden, vilket s\u00e4kerst\u00e4ller varum\u00e4rkeskonsekvens och skapar en unik visuell identitet p\u00e5 beg\u00e4ran.<\/li>\n<\/ul>\n\t<div class=\"img has-hover x md-x lg-x y md-y lg-y\" id=\"image_1153653083\">\n\t\t\t\t\t\t\t\t<div class=\"img-inner dark\" >\n\t\t\t<img loading=\"lazy\" decoding=\"async\" width=\"800\" height=\"512\" src=\"https:\/\/www.telaled.com\/wp-content\/uploads\/2025\/11\/letreiro-digital-para-loja-1.webp\" class=\"attachment-original size-original\" alt=\"digital skyltning f\u00f6r butik\" srcset=\"https:\/\/www.telaled.com\/wp-content\/uploads\/2025\/11\/letreiro-digital-para-loja-1.webp 800w, https:\/\/www.telaled.com\/wp-content\/uploads\/2025\/11\/letreiro-digital-para-loja-1-300x192.webp 300w, https:\/\/www.telaled.com\/wp-content\/uploads\/2025\/11\/letreiro-digital-para-loja-1-768x492.webp 768w, https:\/\/www.telaled.com\/wp-content\/uploads\/2025\/11\/letreiro-digital-para-loja-1-18x12.webp 18w, https:\/\/www.telaled.com\/wp-content\/uploads\/2025\/11\/letreiro-digital-para-loja-1-600x384.webp 600w\" sizes=\"auto, (max-width: 800px) 100vw, 800px\" \/>\t\t\t\t\t\t\n\t\t\t\t\t<\/div>\n\t\t\t\t\t\t\t\t\n<style>\n#image_1153653083 {\n  width: 80%;\n}\n<\/style>\n\t<\/div>\n\t\n<ul>\n<li>Digital skyltning g\u00f6r det m\u00f6jligt f\u00f6r f\u00f6retag att hantera och distribuera inneh\u00e5ll p\u00e5 digitala sk\u00e4rmar i offentliga utrymmen, butiksmilj\u00f6er och kontor. Det tillhandah\u00e5ller en centraliserad plattform f\u00f6r att styra sk\u00e4rmn\u00e4tverk, erbjuda dynamiskt inneh\u00e5ll skr\u00e4ddarsytt f\u00f6r specifika m\u00e5lgrupper, f\u00f6rb\u00e4ttra kommunikationen och m\u00f6jligg\u00f6ra interaktioner i realtid f\u00f6r en mer engagerande upplevelse.<\/li>\n<\/ul>\n\t<div class=\"img has-hover x md-x lg-x y md-y lg-y\" id=\"image_1711649105\">\n\t\t\t\t\t\t\t\t<div class=\"img-inner dark\" >\n\t\t\t<img loading=\"lazy\" decoding=\"async\" width=\"1020\" height=\"711\" src=\"https:\/\/www.telaled.com\/wp-content\/uploads\/2025\/11\/letreiro-digital-para-loja1-1-1024x714.webp\" class=\"attachment-large size-large\" alt=\"digital-skylt-f\u00f6r-butik1 (1)\" srcset=\"https:\/\/www.telaled.com\/wp-content\/uploads\/2025\/11\/letreiro-digital-para-loja1-1-1024x714.webp 1024w, https:\/\/www.telaled.com\/wp-content\/uploads\/2025\/11\/letreiro-digital-para-loja1-1-300x209.webp 300w, https:\/\/www.telaled.com\/wp-content\/uploads\/2025\/11\/letreiro-digital-para-loja1-1-768x536.webp 768w, https:\/\/www.telaled.com\/wp-content\/uploads\/2025\/11\/letreiro-digital-para-loja1-1-1536x1071.webp 1536w, https:\/\/www.telaled.com\/wp-content\/uploads\/2025\/11\/letreiro-digital-para-loja1-1-18x12.webp 18w, https:\/\/www.telaled.com\/wp-content\/uploads\/2025\/11\/letreiro-digital-para-loja1-1-600x419.webp 600w, https:\/\/www.telaled.com\/wp-content\/uploads\/2025\/11\/letreiro-digital-para-loja1-1.webp 2000w\" sizes=\"auto, (max-width: 1020px) 100vw, 1020px\" \/>\t\t\t\t\t\t\n\t\t\t\t\t<\/div>\n\t\t\t\t\t\t\t\t\n<style>\n#image_1711649105 {\n  width: 80%;\n}\n<\/style>\n\t<\/div>\n\t\n<ul>\n<li>Att \u00f6ka f\u00f6rs\u00e4ljningen \u00e4r det yttersta m\u00e5let f\u00f6r alla f\u00f6retag, och digital skyltning spelar en avg\u00f6rande roll f\u00f6r att uppn\u00e5 det. Genom att strategiskt placera digitala sk\u00e4rmar kan f\u00f6retag f\u00e5nga kundernas uppm\u00e4rksamhet, lyfta fram viktiga produkter och ge sammanhang f\u00f6r kampanjer. Detta \u00e4r inte bara underh\u00e5llande utan uppmuntrar ocks\u00e5 till k\u00f6p, vilket direkt p\u00e5verkar de ekonomiska resultaten.<\/li>\n<\/ul>\n\t<div class=\"img has-hover x md-x lg-x y md-y lg-y\" id=\"image_2043678181\">\n\t\t\t\t\t\t\t\t<div class=\"img-inner dark\" >\n\t\t\t<img loading=\"lazy\" decoding=\"async\" width=\"1020\" height=\"574\" src=\"https:\/\/www.telaled.com\/wp-content\/uploads\/2025\/11\/letreiro-digital-para-loja3-1.webp\" class=\"attachment-large size-large\" alt=\"digital-skylt-f\u00f6r-butik3 (1)\" srcset=\"https:\/\/www.telaled.com\/wp-content\/uploads\/2025\/11\/letreiro-digital-para-loja3-1.webp 1024w, https:\/\/www.telaled.com\/wp-content\/uploads\/2025\/11\/letreiro-digital-para-loja3-1-300x169.webp 300w, https:\/\/www.telaled.com\/wp-content\/uploads\/2025\/11\/letreiro-digital-para-loja3-1-768x432.webp 768w, https:\/\/www.telaled.com\/wp-content\/uploads\/2025\/11\/letreiro-digital-para-loja3-1-18x10.webp 18w, https:\/\/www.telaled.com\/wp-content\/uploads\/2025\/11\/letreiro-digital-para-loja3-1-600x338.webp 600w\" sizes=\"auto, (max-width: 1020px) 100vw, 1020px\" \/>\t\t\t\t\t\t\n\t\t\t\t\t<\/div>\n\t\t\t\t\t\t\t\t\n<style>\n#image_2043678181 {\n  width: 80%;\n}\n<\/style>\n\t<\/div>\n\t\n<ul>\n<li>Interaktivt inneh\u00e5ll har visat sig f\u00f6rb\u00e4ttra shoppingupplevelsen genom att engagera kunder och p\u00e5verka deras k\u00f6pbeslut. Genom att erbjuda interaktiva och personliga sk\u00e4rmar kan du h\u00e5lla kunderna n\u00f6jda och uppmuntra deltagande. Dessa dynamiska funktioner \u00f6kar inte bara kundn\u00f6jdheten utan kommunicerar ocks\u00e5 ditt budskap effektivt, vilket driver fler konverteringar och f\u00f6rs\u00e4ljning.<\/li>\n<\/ul>\n\t<div class=\"img has-hover x md-x lg-x y md-y lg-y\" id=\"image_1974800622\">\n\t\t\t\t\t\t\t\t<div class=\"img-inner dark\" >\n\t\t\t<img loading=\"lazy\" decoding=\"async\" width=\"835\" height=\"440\" src=\"https:\/\/www.telaled.com\/wp-content\/uploads\/2025\/11\/letreiro-digital-para-loja5-1.webp\" class=\"attachment-large size-large\" alt=\"digital-skylt-f\u00f6r-butik5 (1)\" srcset=\"https:\/\/www.telaled.com\/wp-content\/uploads\/2025\/11\/letreiro-digital-para-loja5-1.webp 835w, https:\/\/www.telaled.com\/wp-content\/uploads\/2025\/11\/letreiro-digital-para-loja5-1-300x158.webp 300w, https:\/\/www.telaled.com\/wp-content\/uploads\/2025\/11\/letreiro-digital-para-loja5-1-768x405.webp 768w, https:\/\/www.telaled.com\/wp-content\/uploads\/2025\/11\/letreiro-digital-para-loja5-1-18x9.webp 18w, https:\/\/www.telaled.com\/wp-content\/uploads\/2025\/11\/letreiro-digital-para-loja5-1-600x316.webp 600w\" sizes=\"auto, (max-width: 835px) 100vw, 835px\" \/>\t\t\t\t\t\t\n\t\t\t\t\t<\/div>\n\t\t\t\t\t\t\t\t\n<style>\n#image_1974800622 {\n  width: 80%;\n}\n<\/style>\n\t<\/div>\n\t\n\t\t<\/div>\n\t\t\t\t\t<\/div>\n\n\t\n<\/div>\n\t\t<\/div>\n\t\t\t\t\t<\/div>\n\n\t\n<\/div>","protected":false},"excerpt":{"rendered":"<div><strong>Digital skyltning f\u00f6r butiker: Det smarta s\u00e4ttet att locka kunder och \u00f6ka bes\u00f6karnas trafik.<\/strong><\/div>\n<div><\/div>\n<div>En digital skylt f\u00f6r butiksmilj\u00f6er hj\u00e4lper dig att visa kampanjer i realtid, lyfta fram nya produkter och locka kunder till din butik med livfulla och dynamiska bilder. Till skillnad fr\u00e5n statiska affischer uppdateras dessa sk\u00e4rmar direkt och f\u00f6rblir skarpa \u00e4ven under stark inomhusbelysning, vilket g\u00f6r dem till ett av de mest effektiva verktygen f\u00f6r modern detaljhandel.<\/div>\n<div><\/div>\n<div><strong>Huvudfunktioner:<\/strong><\/div>\n<ul>\n<li><strong>H\u00f6gglans:<\/strong> 800\u20131200 nits f\u00f6r skarp sikt, \u00e4ven genom glas eller stark butiksbelysning.<\/li>\n<li><strong>Skarp uppl\u00f6sning:<\/strong> <a href=\"https:\/\/www.telaled.com\/sv\/fabrica\/painel-de-led-hd-serie-tho\/\">HD-sk\u00e4rmar<\/a>-4K f\u00f6r skarpa produktbilder och exakta f\u00e4rger.<\/li>\n<li><strong>Snabb uppdatering av inneh\u00e5llet:<\/strong> Styrning via Wi-Fi\/LAN l\u00e5ter dig \u00e4ndra kampanjer p\u00e5 n\u00e5gra sekunder.<\/li>\n<li><strong>Utformad f\u00f6r anv\u00e4ndning dygnet runt:<\/strong> Paneler av industrikvalitet konstruerade f\u00f6r kontinuerlig drift utan \u00f6verhettning.<\/li>\n<\/ul>","protected":false},"featured_media":5700,"template":"","meta":[],"product_brand":[],"product_cat":[49],"product_tag":[],"class_list":{"0":"post-5698","1":"product","2":"type-product","3":"status-publish","4":"has-post-thumbnail","6":"product_cat-digital-signage","8":"first","9":"instock","10":"shipping-taxable","11":"product-type-simple"},"yoast_head":"<!-- This site is optimized with the Yoast SEO plugin v27.4 - https:\/\/yoast.com\/product\/yoast-seo-wordpress\/ -->\n<title>Letreiro Digital para Loja | Aumente a visibilidade e as vendas com displays de alto impacto| TELALED<\/title>\n<meta name=\"description\" content=\"Modernize a fachada da sua loja com um painel digital que oferece imagens mais vibrantes, conte\u00fado din\u00e2mico e maior intera\u00e7\u00e3o com os clientes. Entre em contato agora mesmo para solicitar um or\u00e7amento!\" \/>\n<meta name=\"robots\" content=\"index, follow, max-snippet:-1, max-image-preview:large, max-video-preview:-1\" \/>\n<link rel=\"canonical\" href=\"https:\/\/www.telaled.com\/sv\/fabrica\/letreiro-digital-para-loja\/\" \/>\n<meta property=\"og:locale\" content=\"sv_SE\" \/>\n<meta property=\"og:type\" content=\"article\" \/>\n<meta property=\"og:title\" content=\"Letreiro Digital para Loja | Aumente a visibilidade e as vendas com displays de alto impacto| TELALED\" \/>\n<meta property=\"og:description\" content=\"Modernize a fachada da sua loja com um painel digital que oferece imagens mais vibrantes, conte\u00fado din\u00e2mico e maior intera\u00e7\u00e3o com os clientes. Entre em contato agora mesmo para solicitar um or\u00e7amento!\" \/>\n<meta property=\"og:url\" content=\"https:\/\/www.telaled.com\/sv\/fabrica\/letreiro-digital-para-loja\/\" \/>\n<meta property=\"og:site_name\" content=\"TELALED\" \/>\n<meta property=\"article:modified_time\" content=\"2026-01-11T06:43:34+00:00\" \/>\n<meta property=\"og:image\" content=\"https:\/\/www.telaled.com\/wp-content\/uploads\/2025\/11\/letreiro-digital-para-loja.webp\" \/>\n\t<meta property=\"og:image:width\" content=\"500\" \/>\n\t<meta property=\"og:image:height\" content=\"500\" \/>\n\t<meta property=\"og:image:type\" content=\"image\/webp\" \/>\n<meta name=\"twitter:card\" content=\"summary_large_image\" \/>\n<meta name=\"twitter:label1\" content=\"Est. reading time\" \/>\n\t<meta name=\"twitter:data1\" content=\"3 minuter\" \/>\n<script type=\"application\/ld+json\" class=\"yoast-schema-graph\">{\"@context\":\"https:\\\/\\\/schema.org\",\"@graph\":[{\"@type\":\"WebPage\",\"@id\":\"https:\\\/\\\/www.telaled.com\\\/fabrica\\\/letreiro-digital-para-loja\\\/\",\"url\":\"https:\\\/\\\/www.telaled.com\\\/fabrica\\\/letreiro-digital-para-loja\\\/\",\"name\":\"Letreiro Digital para Loja | Aumente a visibilidade e as vendas com displays de alto impacto| TELALED\",\"isPartOf\":{\"@id\":\"https:\\\/\\\/www.telaled.com\\\/#website\"},\"primaryImageOfPage\":{\"@id\":\"https:\\\/\\\/www.telaled.com\\\/fabrica\\\/letreiro-digital-para-loja\\\/#primaryimage\"},\"image\":{\"@id\":\"https:\\\/\\\/www.telaled.com\\\/fabrica\\\/letreiro-digital-para-loja\\\/#primaryimage\"},\"thumbnailUrl\":\"https:\\\/\\\/www.telaled.com\\\/wp-content\\\/uploads\\\/2025\\\/11\\\/letreiro-digital-para-loja.webp\",\"datePublished\":\"2025-11-18T06:54:38+00:00\",\"dateModified\":\"2026-01-11T06:43:34+00:00\",\"description\":\"Modernize a fachada da sua loja com um painel digital que oferece imagens mais vibrantes, conte\u00fado din\u00e2mico e maior intera\u00e7\u00e3o com os clientes. Entre em contato agora mesmo para solicitar um or\u00e7amento!\",\"breadcrumb\":{\"@id\":\"https:\\\/\\\/www.telaled.com\\\/fabrica\\\/letreiro-digital-para-loja\\\/#breadcrumb\"},\"inLanguage\":\"sv-SE\",\"potentialAction\":[{\"@type\":\"ReadAction\",\"target\":[\"https:\\\/\\\/www.telaled.com\\\/fabrica\\\/letreiro-digital-para-loja\\\/\"]}]},{\"@type\":\"ImageObject\",\"inLanguage\":\"sv-SE\",\"@id\":\"https:\\\/\\\/www.telaled.com\\\/fabrica\\\/letreiro-digital-para-loja\\\/#primaryimage\",\"url\":\"https:\\\/\\\/www.telaled.com\\\/wp-content\\\/uploads\\\/2025\\\/11\\\/letreiro-digital-para-loja.webp\",\"contentUrl\":\"https:\\\/\\\/www.telaled.com\\\/wp-content\\\/uploads\\\/2025\\\/11\\\/letreiro-digital-para-loja.webp\",\"width\":500,\"height\":500,\"caption\":\"letreiro digital para loja\"},{\"@type\":\"BreadcrumbList\",\"@id\":\"https:\\\/\\\/www.telaled.com\\\/fabrica\\\/letreiro-digital-para-loja\\\/#breadcrumb\",\"itemListElement\":[{\"@type\":\"ListItem\",\"position\":1,\"name\":\"Home\",\"item\":\"https:\\\/\\\/www.telaled.com\\\/\"},{\"@type\":\"ListItem\",\"position\":2,\"name\":\"Produtos\",\"item\":\"https:\\\/\\\/www.telaled.com\\\/shop\\\/\"},{\"@type\":\"ListItem\",\"position\":3,\"name\":\"letreiro digital para loja\"}]},{\"@type\":\"WebSite\",\"@id\":\"https:\\\/\\\/www.telaled.com\\\/#website\",\"url\":\"https:\\\/\\\/www.telaled.com\\\/\",\"name\":\"TELALED\",\"description\":\"\",\"potentialAction\":[{\"@type\":\"SearchAction\",\"target\":{\"@type\":\"EntryPoint\",\"urlTemplate\":\"https:\\\/\\\/www.telaled.com\\\/?s={search_term_string}\"},\"query-input\":{\"@type\":\"PropertyValueSpecification\",\"valueRequired\":true,\"valueName\":\"search_term_string\"}}],\"inLanguage\":\"sv-SE\"}]}<\/script>\n<!-- \/ Yoast SEO plugin. -->","yoast_head_json":{"title":"Digital skyltning f\u00f6r butiker | \u00d6ka synligheten och f\u00f6rs\u00e4ljningen med effektfulla sk\u00e4rmar | TELALED","description":"Modernisera din butiks fasad med en digital skylt som erbjuder mer levande bilder, dynamiskt inneh\u00e5ll och st\u00f6rre kundinteraktion. Kontakta oss nu f\u00f6r en offert!","robots":{"index":"index","follow":"follow","max-snippet":"max-snippet:-1","max-image-preview":"max-image-preview:large","max-video-preview":"max-video-preview:-1"},"canonical":"https:\/\/www.telaled.com\/sv\/fabrica\/letreiro-digital-para-loja\/","og_locale":"sv_SE","og_type":"article","og_title":"Letreiro Digital para Loja | Aumente a visibilidade e as vendas com displays de alto impacto| TELALED","og_description":"Modernize a fachada da sua loja com um painel digital que oferece imagens mais vibrantes, conte\u00fado din\u00e2mico e maior intera\u00e7\u00e3o com os clientes. Entre em contato agora mesmo para solicitar um or\u00e7amento!","og_url":"https:\/\/www.telaled.com\/sv\/fabrica\/letreiro-digital-para-loja\/","og_site_name":"TELALED","article_modified_time":"2026-01-11T06:43:34+00:00","og_image":[{"width":500,"height":500,"url":"https:\/\/www.telaled.com\/wp-content\/uploads\/2025\/11\/letreiro-digital-para-loja.webp","type":"image\/webp"}],"twitter_card":"summary_large_image","twitter_misc":{"Est. reading time":"3 minuter"},"schema":{"@context":"https:\/\/schema.org","@graph":[{"@type":"WebPage","@id":"https:\/\/www.telaled.com\/fabrica\/letreiro-digital-para-loja\/","url":"https:\/\/www.telaled.com\/fabrica\/letreiro-digital-para-loja\/","name":"Digital skyltning f\u00f6r butiker | \u00d6ka synligheten och f\u00f6rs\u00e4ljningen med effektfulla sk\u00e4rmar | TELALED","isPartOf":{"@id":"https:\/\/www.telaled.com\/#website"},"primaryImageOfPage":{"@id":"https:\/\/www.telaled.com\/fabrica\/letreiro-digital-para-loja\/#primaryimage"},"image":{"@id":"https:\/\/www.telaled.com\/fabrica\/letreiro-digital-para-loja\/#primaryimage"},"thumbnailUrl":"https:\/\/www.telaled.com\/wp-content\/uploads\/2025\/11\/letreiro-digital-para-loja.webp","datePublished":"2025-11-18T06:54:38+00:00","dateModified":"2026-01-11T06:43:34+00:00","description":"Modernisera din butiks fasad med en digital skylt som erbjuder mer levande bilder, dynamiskt inneh\u00e5ll och st\u00f6rre kundinteraktion. Kontakta oss nu f\u00f6r en offert!","breadcrumb":{"@id":"https:\/\/www.telaled.com\/fabrica\/letreiro-digital-para-loja\/#breadcrumb"},"inLanguage":"sv-SE","potentialAction":[{"@type":"ReadAction","target":["https:\/\/www.telaled.com\/fabrica\/letreiro-digital-para-loja\/"]}]},{"@type":"ImageObject","inLanguage":"sv-SE","@id":"https:\/\/www.telaled.com\/fabrica\/letreiro-digital-para-loja\/#primaryimage","url":"https:\/\/www.telaled.com\/wp-content\/uploads\/2025\/11\/letreiro-digital-para-loja.webp","contentUrl":"https:\/\/www.telaled.com\/wp-content\/uploads\/2025\/11\/letreiro-digital-para-loja.webp","width":500,"height":500,"caption":"letreiro digital para loja"},{"@type":"BreadcrumbList","@id":"https:\/\/www.telaled.com\/fabrica\/letreiro-digital-para-loja\/#breadcrumb","itemListElement":[{"@type":"ListItem","position":1,"name":"Home","item":"https:\/\/www.telaled.com\/"},{"@type":"ListItem","position":2,"name":"Produtos","item":"https:\/\/www.telaled.com\/shop\/"},{"@type":"ListItem","position":3,"name":"letreiro digital para loja"}]},{"@type":"WebSite","@id":"https:\/\/www.telaled.com\/#website","url":"https:\/\/www.telaled.com\/","name":"LED-sk\u00e4rm","description":"","potentialAction":[{"@type":"SearchAction","target":{"@type":"EntryPoint","urlTemplate":"https:\/\/www.telaled.com\/?s={search_term_string}"},"query-input":{"@type":"PropertyValueSpecification","valueRequired":true,"valueName":"search_term_string"}}],"inLanguage":"sv-SE"}]}},"_links":{"self":[{"href":"https:\/\/www.telaled.com\/sv\/wp-json\/wp\/v2\/product\/5698","targetHints":{"allow":["GET"]}}],"collection":[{"href":"https:\/\/www.telaled.com\/sv\/wp-json\/wp\/v2\/product"}],"about":[{"href":"https:\/\/www.telaled.com\/sv\/wp-json\/wp\/v2\/types\/product"}],"wp:featuredmedia":[{"embeddable":true,"href":"https:\/\/www.telaled.com\/sv\/wp-json\/wp\/v2\/media\/5700"}],"wp:attachment":[{"href":"https:\/\/www.telaled.com\/sv\/wp-json\/wp\/v2\/media?parent=5698"}],"wp:term":[{"taxonomy":"product_brand","embeddable":true,"href":"https:\/\/www.telaled.com\/sv\/wp-json\/wp\/v2\/product_brand?post=5698"},{"taxonomy":"product_cat","embeddable":true,"href":"https:\/\/www.telaled.com\/sv\/wp-json\/wp\/v2\/product_cat?post=5698"},{"taxonomy":"product_tag","embeddable":true,"href":"https:\/\/www.telaled.com\/sv\/wp-json\/wp\/v2\/product_tag?post=5698"}],"curies":[{"name":"wp","href":"https:\/\/api.w.org\/{rel}","templated":true}]}}