{"id":3906,"date":"2025-10-08T14:42:58","date_gmt":"2025-10-08T14:42:58","guid":{"rendered":"https:\/\/www.telaled.com\/?post_type=product&#038;p=3906"},"modified":"2026-01-06T09:51:58","modified_gmt":"2026-01-06T09:51:58","slug":"placar-eletronico-de-futebol-serie-tef","status":"publish","type":"product","link":"https:\/\/www.telaled.com\/sv\/fabrica\/placar-eletronico-de-futebol-serie-tef\/","title":{"rendered":"Elektronisk fotbollsresultattavla TEF-serien"},"content":{"rendered":"<div class=\"row\"  id=\"row-259491993\">\n\n\t<div id=\"col-1299294104\" class=\"col small-12 large-12\"  >\n\t\t\t\t<div class=\"col-inner\"  >\n\t\t\t\n\t\t\t\n<h2><strong>Unika f\u00f6rdelar med TEF-seriens elektroniska resultattavla f\u00f6r fotboll<\/strong><\/h2>\n<h3><strong>Professionell LED-teknik<\/strong><\/h3>\n<ul>\n<li>Lysdioder med h\u00f6g ljusstyrka bibeh\u00e5ller synligheten \u00e4ven i direkt solljus.<\/li>\n<li>Den energieffektiva designen m\u00f6jligg\u00f6r l\u00e5nga anv\u00e4ndningstider.<\/li>\n<li>Konsekvent ljusstyrka s\u00e4kerst\u00e4ller en tydlig avl\u00e4sning f\u00f6r b\u00e5de spelare och \u00e5sk\u00e5dare.<\/li>\n<\/ul>\n<h3><strong>Integrerat po\u00e4ng- och tidtagningssystem<\/strong><\/h3>\n<ul>\n<li>Kombinerar tidtagning och po\u00e4ngregistrering i en kompakt enhet.<\/li>\n<li>St\u00f6der manuell eller tr\u00e5dl\u00f6s styrning f\u00f6r flexibel drift.<\/li>\n<li>Idealisk f\u00f6r skolplaner, idrottsanl\u00e4ggningar och klubbmatcher.<\/li>\n<\/ul>\n<h3><strong>Robust konstruktion och p\u00e5litlig prestanda<\/strong><\/h3>\n<ul>\n<li>Struktur tillverkad av slagt\u00e5lig och korrosionsbest\u00e4ndig aluminiumlegering.<\/li>\n<li>Stabilt internt system f\u00f6rhindrar \u00f6verhettning under l\u00e5nga spelsessioner.<\/li>\n<li>Utformad f\u00f6r kontinuerlig utomhusbruk i alla v\u00e4der.<\/li>\n<\/ul>\n<h3><strong>Flexibel installation<\/strong><\/h3>\n<ul>\n<li>St\u00f6der v\u00e4ggmontering, stativplacering eller f\u00e4ltplacering.<\/li>\n<li>L\u00e4ttviktsstruktur m\u00f6jligg\u00f6r snabb montering och transport.<\/li>\n<li>Det fungerar perfekt p\u00e5 b\u00e5de permanenta och tillf\u00e4lliga platser.<\/li>\n<\/ul>\n<h2><strong>Produktinformation<\/strong><\/h2>\n<div class=\"row\"  id=\"row-1724407390\">\n\n\t<div id=\"col-2118237183\" class=\"col medium-10 small-12 large-10\"  >\n\t\t\t\t<div class=\"col-inner text-left\"  >\n\t\t\t\n\t\t\t\n<ul>\n<li><strong>Flera po\u00e4ngl\u00e4gen<\/strong> De <strong>Elektronisk fotbollsresultattavla TEF-serien<\/strong> Den st\u00f6der olika sporter, inklusive <a href=\"https:\/\/www.telaled.com\/sv\/fabrica\/placar-eletronico-para-basquete-serie-tee\/\">basketboll<\/a>, fotboll, <a href=\"https:\/\/www.telaled.com\/sv\/fabrica\/placar-eletronico-para-volei-serie-teb\/\">volleyboll<\/a> e <a href=\"https:\/\/www.telaled.com\/sv\/fabrica\/placar-eletronico-para-badminton-serie-ted\/\">badminton<\/a>. Dess m\u00e5ngsidiga programmering g\u00f6r den idealisk f\u00f6r skolor., <a href=\"https:\/\/www.telaled.com\/sv\/cronometro-academia\/\">gym<\/a> och idrottsanl\u00e4ggningar som \u00e4r v\u00e4rd f\u00f6r olika spel.<\/li>\n<\/ul>\n\t<div class=\"img has-hover x md-x lg-x y md-y lg-y\" id=\"image_966611467\">\n\t\t\t\t\t\t\t\t<div class=\"img-inner dark\" >\n\t\t\t<img loading=\"lazy\" decoding=\"async\" width=\"648\" height=\"1024\" src=\"https:\/\/www.telaled.com\/wp-content\/uploads\/2025\/10\/Multi-scoring-modes-648x1024.webp\" class=\"attachment-large size-large\" alt=\"Flera po\u00e4ngl\u00e4gen\" srcset=\"https:\/\/www.telaled.com\/wp-content\/uploads\/2025\/10\/Multi-scoring-modes-648x1024.webp 648w, https:\/\/www.telaled.com\/wp-content\/uploads\/2025\/10\/Multi-scoring-modes-190x300.webp 190w, https:\/\/www.telaled.com\/wp-content\/uploads\/2025\/10\/Multi-scoring-modes-768x1214.webp 768w, https:\/\/www.telaled.com\/wp-content\/uploads\/2025\/10\/Multi-scoring-modes-8x12.webp 8w, https:\/\/www.telaled.com\/wp-content\/uploads\/2025\/10\/Multi-scoring-modes-600x949.webp 600w, https:\/\/www.telaled.com\/wp-content\/uploads\/2025\/10\/Multi-scoring-modes.webp 790w\" sizes=\"auto, (max-width: 648px) 100vw, 648px\" \/>\t\t\t\t\t\t\n\t\t\t\t\t<\/div>\n\t\t\t\t\t\t\t\t\n<style>\n#image_966611467 {\n  width: 80%;\n}\n<\/style>\n\t<\/div>\n\t\n<ul>\n<li><strong>Multifunktionell design<\/strong> Denna b\u00e4rbara resultattavla har en inbyggd summer, str\u00f6mbrytare, konsolanslutningsport, antenngr\u00e4nssnitt och ett utdragbart stativ f\u00f6r enkel installation. Varje komponent f\u00f6rb\u00e4ttrar anv\u00e4ndbarheten och s\u00e4kerst\u00e4ller smidig och p\u00e5litlig drift i alla milj\u00f6er.<\/li>\n<\/ul>\n\t<div class=\"img has-hover x md-x lg-x y md-y lg-y\" id=\"image_346118295\">\n\t\t\t\t\t\t\t\t<div class=\"img-inner dark\" >\n\t\t\t<img loading=\"lazy\" decoding=\"async\" width=\"790\" height=\"1646\" src=\"https:\/\/www.telaled.com\/wp-content\/uploads\/2025\/10\/Function.webp\" class=\"attachment-original size-original\" alt=\"Elektronisk fotbollsresultattavla med funktion i TEF-serien\" srcset=\"https:\/\/www.telaled.com\/wp-content\/uploads\/2025\/10\/Function.webp 790w, https:\/\/www.telaled.com\/wp-content\/uploads\/2025\/10\/Function-144x300.webp 144w, https:\/\/www.telaled.com\/wp-content\/uploads\/2025\/10\/Function-491x1024.webp 491w, https:\/\/www.telaled.com\/wp-content\/uploads\/2025\/10\/Function-768x1600.webp 768w, https:\/\/www.telaled.com\/wp-content\/uploads\/2025\/10\/Function-737x1536.webp 737w, https:\/\/www.telaled.com\/wp-content\/uploads\/2025\/10\/Function-6x12.webp 6w, https:\/\/www.telaled.com\/wp-content\/uploads\/2025\/10\/Function-600x1250.webp 600w\" sizes=\"auto, (max-width: 790px) 100vw, 790px\" \/>\t\t\t\t\t\t\n\t\t\t\t\t<\/div>\n\t\t\t\t\t\t\t\t\n<style>\n#image_346118295 {\n  width: 79%;\n}\n<\/style>\n\t<\/div>\n\t\n<ul>\n<li><strong>Med kontrollkonsol<\/strong> Den multifunktionella kontrollkonsolen har en tydlig sk\u00e4rm och ett integrerat laddningsbart batteri. Den erbjuder enkel anv\u00e4ndning, stabil signal\u00f6verf\u00f6ring och kontroll p\u00e5 l\u00e5nga avst\u00e5nd, vilket ger anv\u00e4ndarna fullst\u00e4ndig kontroll under spelets g\u00e5ng.<\/li>\n<\/ul>\n\t<div class=\"img has-hover x md-x lg-x y md-y lg-y\" id=\"image_1679276684\">\n\t\t\t\t\t\t\t\t<div class=\"img-inner dark\" >\n\t\t\t<img loading=\"lazy\" decoding=\"async\" width=\"790\" height=\"926\" src=\"https:\/\/www.telaled.com\/wp-content\/uploads\/2025\/10\/Control-Console.webp\" class=\"attachment-large size-large\" alt=\"\" srcset=\"https:\/\/www.telaled.com\/wp-content\/uploads\/2025\/10\/Control-Console.webp 790w, https:\/\/www.telaled.com\/wp-content\/uploads\/2025\/10\/Control-Console-256x300.webp 256w, https:\/\/www.telaled.com\/wp-content\/uploads\/2025\/10\/Control-Console-768x900.webp 768w, https:\/\/www.telaled.com\/wp-content\/uploads\/2025\/10\/Control-Console-10x12.webp 10w, https:\/\/www.telaled.com\/wp-content\/uploads\/2025\/10\/Control-Console-600x703.webp 600w\" sizes=\"auto, (max-width: 790px) 100vw, 790px\" \/>\t\t\t\t\t\t\n\t\t\t\t\t<\/div>\n\t\t\t\t\t\t\t\t\n<style>\n#image_1679276684 {\n  width: 80%;\n}\n<\/style>\n\t<\/div>\n\t\n<ul>\n<li><strong>Kompakt storlek och enkel placering.<\/strong> De <strong>Elektronisk fotbollsresultattavla TEF-serien<\/strong> Den m\u00e4ter 592 mm x 374 mm, medan kontrollkonsolen m\u00e4ter 275 mm x 170 mm. B\u00e5da enheterna \u00e4r l\u00e4tta och kompakta, vilket g\u00f6r dem enkla att transportera, f\u00f6rvara och installera p\u00e5 planen eller banan.<\/li>\n<\/ul>\n\t<div class=\"img has-hover x md-x lg-x y md-y lg-y\" id=\"image_184461565\">\n\t\t\t\t\t\t\t\t<div class=\"img-inner dark\" >\n\t\t\t<img loading=\"lazy\" decoding=\"async\" width=\"790\" height=\"814\" src=\"https:\/\/www.telaled.com\/wp-content\/uploads\/2025\/10\/Size.webp\" class=\"attachment-large size-large\" alt=\"\" srcset=\"https:\/\/www.telaled.com\/wp-content\/uploads\/2025\/10\/Size.webp 790w, https:\/\/www.telaled.com\/wp-content\/uploads\/2025\/10\/Size-291x300.webp 291w, https:\/\/www.telaled.com\/wp-content\/uploads\/2025\/10\/Size-768x791.webp 768w, https:\/\/www.telaled.com\/wp-content\/uploads\/2025\/10\/Size-12x12.webp 12w, https:\/\/www.telaled.com\/wp-content\/uploads\/2025\/10\/Size-600x618.webp 600w\" sizes=\"auto, (max-width: 790px) 100vw, 790px\" \/>\t\t\t\t\t\t\n\t\t\t\t\t<\/div>\n\t\t\t\t\t\t\t\t\n<style>\n#image_184461565 {\n  width: 80%;\n}\n<\/style>\n\t<\/div>\n\t\n<ul>\n<li>O <strong>Elektronisk fotbollsresultattavla TEF-serien<\/strong>\u00a0Den \u00e4r f\u00f6rpackad i robusta, f\u00f6rst\u00e4rkta tr\u00e4l\u00e5dor f\u00f6r att klara l\u00e5nga transporter. Varje enhet \u00e4r ordentligt s\u00e4krad f\u00f6r att f\u00f6rhindra skador fr\u00e5n skadedjur eller st\u00f6tar, vilket s\u00e4kerst\u00e4ller att den anl\u00e4nder i perfekt skick och redo att anv\u00e4ndas.<\/li>\n<\/ul>\n\t<div class=\"img has-hover x md-x lg-x y md-y lg-y\" id=\"image_1057604220\">\n\t\t\t\t\t\t\t\t<div class=\"img-inner dark\" >\n\t\t\t<img loading=\"lazy\" decoding=\"async\" width=\"760\" height=\"1024\" src=\"https:\/\/www.telaled.com\/wp-content\/uploads\/2025\/08\/36123f2c-de60-488d-af81-255cd4aee54a-760x1024.webp\" class=\"attachment-large size-large\" alt=\"\" srcset=\"https:\/\/www.telaled.com\/wp-content\/uploads\/2025\/08\/36123f2c-de60-488d-af81-255cd4aee54a-760x1024.webp 760w, https:\/\/www.telaled.com\/wp-content\/uploads\/2025\/08\/36123f2c-de60-488d-af81-255cd4aee54a-223x300.webp 223w, https:\/\/www.telaled.com\/wp-content\/uploads\/2025\/08\/36123f2c-de60-488d-af81-255cd4aee54a-768x1035.webp 768w, https:\/\/www.telaled.com\/wp-content\/uploads\/2025\/08\/36123f2c-de60-488d-af81-255cd4aee54a-9x12.webp 9w, https:\/\/www.telaled.com\/wp-content\/uploads\/2025\/08\/36123f2c-de60-488d-af81-255cd4aee54a-600x808.webp 600w, https:\/\/www.telaled.com\/wp-content\/uploads\/2025\/08\/36123f2c-de60-488d-af81-255cd4aee54a.webp 795w\" sizes=\"auto, (max-width: 760px) 100vw, 760px\" \/>\t\t\t\t\t\t\n\t\t\t\t\t<\/div>\n\t\t\t\t\t\t\t\t\n<style>\n#image_1057604220 {\n  width: 80%;\n}\n<\/style>\n\t<\/div>\n\t\n\n<table id=\"tablepress-101\" class=\"tablepress tablepress-id-101\">\n<thead>\n<tr class=\"row-1\">\n\t<th colspan=\"4\" class=\"column-1\">Huvudattribut<\/th>\n<\/tr>\n<\/thead>\n<tbody class=\"row-striping row-hover\">\n<tr class=\"row-2\">\n\t<td class=\"column-1\">Material<\/td><td class=\"column-2\">ABS<\/td><td class=\"column-3\"><\/td><td class=\"column-4\"><\/td>\n<\/tr>\n<tr class=\"row-3\">\n\t<td class=\"column-1\">Panelstorlek<\/td><td class=\"column-2\">59,2*37,4 cm<\/td><td class=\"column-3\"><\/td><td class=\"column-4\"><\/td>\n<\/tr>\n<tr class=\"row-4\">\n\t<td class=\"column-1\">Kontrollera<\/td><td class=\"column-2\">Tr\u00f6sta<\/td><td class=\"column-3\"><\/td><td class=\"column-4\"><\/td>\n<\/tr>\n<tr class=\"row-5\">\n\t<td class=\"column-1\">Utg\u00e5ngssp\u00e4nning<\/td><td class=\"column-2\">12,6 V 1 A<\/td><td class=\"column-3\"><\/td><td class=\"column-4\"><\/td>\n<\/tr>\n<tr class=\"row-6\">\n\t<td class=\"column-1\">Synligt avst\u00e5nd<\/td><td class=\"column-2\">&lt;50m<\/td><td class=\"column-3\"><\/td><td class=\"column-4\"><\/td>\n<\/tr>\n<tr class=\"row-7\">\n\t<td class=\"column-1\">Rammaterial<\/td><td class=\"column-2\">ABS<\/td><td class=\"column-3\"><\/td><td class=\"column-4\"><\/td>\n<\/tr>\n<tr class=\"row-8\">\n\t<td class=\"column-1\">Ing\u00e5ngssp\u00e4nning<\/td><td class=\"column-2\">100\u2013240 V v\u00e4xelstr\u00f6m 50\/60 Hz<\/td><td class=\"column-3\"><\/td><td class=\"column-4\"><\/td>\n<\/tr>\n<tr class=\"row-9\">\n\t<td class=\"column-1\">Driva<\/td><td class=\"column-2\">&lt;7W<\/td><td class=\"column-3\"><\/td><td class=\"column-4\"><\/td>\n<\/tr>\n<\/tbody>\n<\/table>\n<!-- #tablepress-101 from cache -->\n\t\t<\/div>\n\t\t\t\t\t<\/div>\n\n\t\n<\/div>\n\t\t<\/div>\n\t\t\t\t\t<\/div>\n\n\t\n<\/div>","protected":false},"excerpt":{"rendered":"<p><strong> Elektronisk fotbollsresultattavla TEF-serien \u2013 Exakt tidtagning f\u00f6r varje match<\/strong><\/p>\n<p>O <em><strong>Elektronisk fotbollsresultattavla TEF-serien<\/strong><\/em> Den erbjuder exakt tidtagning och po\u00e4ngs\u00e4ttning p\u00e5 en enda modern sk\u00e4rm. Utformad f\u00f6r tr\u00e4ningspass och officiella matcher, s\u00e4kerst\u00e4ller den att varje m\u00e5l, sekund och po\u00e4ng syns tydligt p\u00e5 planen.<\/p>\n<p><strong>4 huvudf\u00f6rdelar:<\/strong><\/p>\n<ul>\n<li><strong>Exakt speltiming<\/strong> \u2013 Den sp\u00e5rar matchens l\u00e4ngd noggrant, vilket hj\u00e4lper domare och spelare att h\u00e5lla sig till schemat.<\/li>\n<li><strong>Sk\u00e4rm med h\u00f6g synlighet<\/strong> \u2013 Den anv\u00e4nder ljusa LED-siffror f\u00f6r tydlig visning fr\u00e5n alla vinklar och avst\u00e5nd.<\/li>\n<li><strong>H\u00e5llbar f\u00f6r utomhusbruk<\/strong> \u2013 Tillverkad av v\u00e4derbest\u00e4ndiga material f\u00f6r att klara alla f\u00e4ltf\u00f6rh\u00e5llanden.<\/li>\n<li><strong>Enkel anv\u00e4ndning<\/strong> Enkla kontroller l\u00e5ter anv\u00e4ndare starta, pausa och starta om tidtagningen utan f\u00f6rdr\u00f6jningar.<\/li>\n<\/ul>\n<p><span style=\"font-weight: 400;\">V\u00e5rt team erbjuder fj\u00e4rrsupport dygnet runt, plus 3 \u00e5rs garanti. Kontakta oss idag f\u00f6r en personlig offert.<\/span><\/p>","protected":false},"featured_media":3918,"template":"","meta":[],"product_brand":[],"product_cat":[48,40,44,46],"product_tag":[],"class_list":{"0":"post-3906","1":"product","2":"type-product","3":"status-publish","4":"has-post-thumbnail","6":"product_cat-paineis-personalizados","7":"product_cat-painel-de-led","8":"product_cat-painel-de-led-flexivel","9":"product_cat-painel-de-video","11":"first","12":"instock","13":"shipping-taxable","14":"product-type-simple"},"yoast_head":"<!-- This site is optimized with the Yoast SEO plugin v27.4 - https:\/\/yoast.com\/product\/yoast-seo-wordpress\/ -->\n<title>Placar Eletronico de Futebol S\u00e9rie TEF | TELALED<\/title>\n<meta name=\"description\" content=\"Placar Eletronico de Futebol S\u00e9rie TEF: um placar LED profissional com cronometragem precisa e exibi\u00e7\u00e3o de pontua\u00e7\u00e3o clara. Encomende agora!\" \/>\n<meta name=\"robots\" content=\"index, follow, max-snippet:-1, max-image-preview:large, max-video-preview:-1\" \/>\n<link rel=\"canonical\" href=\"https:\/\/www.telaled.com\/sv\/fabrica\/placar-eletronico-de-futebol-serie-tef\/\" \/>\n<meta property=\"og:locale\" content=\"sv_SE\" \/>\n<meta property=\"og:type\" content=\"article\" \/>\n<meta property=\"og:title\" content=\"Placar Eletronico de Futebol S\u00e9rie TEF | TELALED\" \/>\n<meta property=\"og:description\" content=\"Placar Eletronico de Futebol S\u00e9rie TEF: um placar LED profissional com cronometragem precisa e exibi\u00e7\u00e3o de pontua\u00e7\u00e3o clara. Encomende agora!\" \/>\n<meta property=\"og:url\" content=\"https:\/\/www.telaled.com\/sv\/fabrica\/placar-eletronico-de-futebol-serie-tef\/\" \/>\n<meta property=\"og:site_name\" content=\"TELALED\" \/>\n<meta property=\"article:modified_time\" content=\"2026-01-06T09:51:58+00:00\" \/>\n<meta property=\"og:image\" content=\"https:\/\/www.telaled.com\/wp-content\/uploads\/2025\/10\/Placar-eletronico-de-futebol.webp\" \/>\n\t<meta property=\"og:image:width\" content=\"500\" \/>\n\t<meta property=\"og:image:height\" content=\"500\" \/>\n\t<meta property=\"og:image:type\" content=\"image\/webp\" \/>\n<meta name=\"twitter:card\" content=\"summary_large_image\" \/>\n<meta name=\"twitter:label1\" content=\"Est. reading time\" \/>\n\t<meta name=\"twitter:data1\" content=\"3 minuter\" \/>\n<script type=\"application\/ld+json\" class=\"yoast-schema-graph\">{\"@context\":\"https:\\\/\\\/schema.org\",\"@graph\":[{\"@type\":\"WebPage\",\"@id\":\"https:\\\/\\\/www.telaled.com\\\/fabrica\\\/placar-eletronico-de-futebol-serie-tef\\\/\",\"url\":\"https:\\\/\\\/www.telaled.com\\\/fabrica\\\/placar-eletronico-de-futebol-serie-tef\\\/\",\"name\":\"Placar Eletronico de Futebol S\u00e9rie TEF | TELALED\",\"isPartOf\":{\"@id\":\"https:\\\/\\\/www.telaled.com\\\/#website\"},\"primaryImageOfPage\":{\"@id\":\"https:\\\/\\\/www.telaled.com\\\/fabrica\\\/placar-eletronico-de-futebol-serie-tef\\\/#primaryimage\"},\"image\":{\"@id\":\"https:\\\/\\\/www.telaled.com\\\/fabrica\\\/placar-eletronico-de-futebol-serie-tef\\\/#primaryimage\"},\"thumbnailUrl\":\"https:\\\/\\\/www.telaled.com\\\/wp-content\\\/uploads\\\/2025\\\/10\\\/Placar-eletronico-de-futebol.webp\",\"datePublished\":\"2025-10-08T14:42:58+00:00\",\"dateModified\":\"2026-01-06T09:51:58+00:00\",\"description\":\"Placar Eletronico de Futebol S\u00e9rie TEF: um placar LED profissional com cronometragem precisa e exibi\u00e7\u00e3o de pontua\u00e7\u00e3o clara. Encomende agora!\",\"breadcrumb\":{\"@id\":\"https:\\\/\\\/www.telaled.com\\\/fabrica\\\/placar-eletronico-de-futebol-serie-tef\\\/#breadcrumb\"},\"inLanguage\":\"sv-SE\",\"potentialAction\":[{\"@type\":\"ReadAction\",\"target\":[\"https:\\\/\\\/www.telaled.com\\\/fabrica\\\/placar-eletronico-de-futebol-serie-tef\\\/\"]}]},{\"@type\":\"ImageObject\",\"inLanguage\":\"sv-SE\",\"@id\":\"https:\\\/\\\/www.telaled.com\\\/fabrica\\\/placar-eletronico-de-futebol-serie-tef\\\/#primaryimage\",\"url\":\"https:\\\/\\\/www.telaled.com\\\/wp-content\\\/uploads\\\/2025\\\/10\\\/Placar-eletronico-de-futebol.webp\",\"contentUrl\":\"https:\\\/\\\/www.telaled.com\\\/wp-content\\\/uploads\\\/2025\\\/10\\\/Placar-eletronico-de-futebol.webp\",\"width\":500,\"height\":500,\"caption\":\"Placar eletronico de futebol\"},{\"@type\":\"BreadcrumbList\",\"@id\":\"https:\\\/\\\/www.telaled.com\\\/fabrica\\\/placar-eletronico-de-futebol-serie-tef\\\/#breadcrumb\",\"itemListElement\":[{\"@type\":\"ListItem\",\"position\":1,\"name\":\"Home\",\"item\":\"https:\\\/\\\/www.telaled.com\\\/\"},{\"@type\":\"ListItem\",\"position\":2,\"name\":\"Produtos\",\"item\":\"https:\\\/\\\/www.telaled.com\\\/shop\\\/\"},{\"@type\":\"ListItem\",\"position\":3,\"name\":\"Placar Eletronico de Futebol S\u00e9rie TEF\"}]},{\"@type\":\"WebSite\",\"@id\":\"https:\\\/\\\/www.telaled.com\\\/#website\",\"url\":\"https:\\\/\\\/www.telaled.com\\\/\",\"name\":\"TELALED\",\"description\":\"\",\"potentialAction\":[{\"@type\":\"SearchAction\",\"target\":{\"@type\":\"EntryPoint\",\"urlTemplate\":\"https:\\\/\\\/www.telaled.com\\\/?s={search_term_string}\"},\"query-input\":{\"@type\":\"PropertyValueSpecification\",\"valueRequired\":true,\"valueName\":\"search_term_string\"}}],\"inLanguage\":\"sv-SE\"}]}<\/script>\n<!-- \/ Yoast SEO plugin. -->","yoast_head_json":{"title":"Elektronisk resultattavla f\u00f6r fotboll TEF-serien | TELALED","description":"TEF-seriens elektroniska resultattavla f\u00f6r fotboll: en professionell LED-resultattavla med exakt tidtagning och tydlig resultatvisning. Best\u00e4ll nu!","robots":{"index":"index","follow":"follow","max-snippet":"max-snippet:-1","max-image-preview":"max-image-preview:large","max-video-preview":"max-video-preview:-1"},"canonical":"https:\/\/www.telaled.com\/sv\/fabrica\/placar-eletronico-de-futebol-serie-tef\/","og_locale":"sv_SE","og_type":"article","og_title":"Placar Eletronico de Futebol S\u00e9rie TEF | TELALED","og_description":"Placar Eletronico de Futebol S\u00e9rie TEF: um placar LED profissional com cronometragem precisa e exibi\u00e7\u00e3o de pontua\u00e7\u00e3o clara. Encomende agora!","og_url":"https:\/\/www.telaled.com\/sv\/fabrica\/placar-eletronico-de-futebol-serie-tef\/","og_site_name":"TELALED","article_modified_time":"2026-01-06T09:51:58+00:00","og_image":[{"width":500,"height":500,"url":"https:\/\/www.telaled.com\/wp-content\/uploads\/2025\/10\/Placar-eletronico-de-futebol.webp","type":"image\/webp"}],"twitter_card":"summary_large_image","twitter_misc":{"Est. reading time":"3 minuter"},"schema":{"@context":"https:\/\/schema.org","@graph":[{"@type":"WebPage","@id":"https:\/\/www.telaled.com\/fabrica\/placar-eletronico-de-futebol-serie-tef\/","url":"https:\/\/www.telaled.com\/fabrica\/placar-eletronico-de-futebol-serie-tef\/","name":"Elektronisk resultattavla f\u00f6r fotboll TEF-serien | TELALED","isPartOf":{"@id":"https:\/\/www.telaled.com\/#website"},"primaryImageOfPage":{"@id":"https:\/\/www.telaled.com\/fabrica\/placar-eletronico-de-futebol-serie-tef\/#primaryimage"},"image":{"@id":"https:\/\/www.telaled.com\/fabrica\/placar-eletronico-de-futebol-serie-tef\/#primaryimage"},"thumbnailUrl":"https:\/\/www.telaled.com\/wp-content\/uploads\/2025\/10\/Placar-eletronico-de-futebol.webp","datePublished":"2025-10-08T14:42:58+00:00","dateModified":"2026-01-06T09:51:58+00:00","description":"TEF-seriens elektroniska resultattavla f\u00f6r fotboll: en professionell LED-resultattavla med exakt tidtagning och tydlig resultatvisning. Best\u00e4ll nu!","breadcrumb":{"@id":"https:\/\/www.telaled.com\/fabrica\/placar-eletronico-de-futebol-serie-tef\/#breadcrumb"},"inLanguage":"sv-SE","potentialAction":[{"@type":"ReadAction","target":["https:\/\/www.telaled.com\/fabrica\/placar-eletronico-de-futebol-serie-tef\/"]}]},{"@type":"ImageObject","inLanguage":"sv-SE","@id":"https:\/\/www.telaled.com\/fabrica\/placar-eletronico-de-futebol-serie-tef\/#primaryimage","url":"https:\/\/www.telaled.com\/wp-content\/uploads\/2025\/10\/Placar-eletronico-de-futebol.webp","contentUrl":"https:\/\/www.telaled.com\/wp-content\/uploads\/2025\/10\/Placar-eletronico-de-futebol.webp","width":500,"height":500,"caption":"Placar eletronico de futebol"},{"@type":"BreadcrumbList","@id":"https:\/\/www.telaled.com\/fabrica\/placar-eletronico-de-futebol-serie-tef\/#breadcrumb","itemListElement":[{"@type":"ListItem","position":1,"name":"Home","item":"https:\/\/www.telaled.com\/"},{"@type":"ListItem","position":2,"name":"Produtos","item":"https:\/\/www.telaled.com\/shop\/"},{"@type":"ListItem","position":3,"name":"Placar Eletronico de Futebol S\u00e9rie TEF"}]},{"@type":"WebSite","@id":"https:\/\/www.telaled.com\/#website","url":"https:\/\/www.telaled.com\/","name":"LED-sk\u00e4rm","description":"","potentialAction":[{"@type":"SearchAction","target":{"@type":"EntryPoint","urlTemplate":"https:\/\/www.telaled.com\/?s={search_term_string}"},"query-input":{"@type":"PropertyValueSpecification","valueRequired":true,"valueName":"search_term_string"}}],"inLanguage":"sv-SE"}]}},"_links":{"self":[{"href":"https:\/\/www.telaled.com\/sv\/wp-json\/wp\/v2\/product\/3906","targetHints":{"allow":["GET"]}}],"collection":[{"href":"https:\/\/www.telaled.com\/sv\/wp-json\/wp\/v2\/product"}],"about":[{"href":"https:\/\/www.telaled.com\/sv\/wp-json\/wp\/v2\/types\/product"}],"wp:featuredmedia":[{"embeddable":true,"href":"https:\/\/www.telaled.com\/sv\/wp-json\/wp\/v2\/media\/3918"}],"wp:attachment":[{"href":"https:\/\/www.telaled.com\/sv\/wp-json\/wp\/v2\/media?parent=3906"}],"wp:term":[{"taxonomy":"product_brand","embeddable":true,"href":"https:\/\/www.telaled.com\/sv\/wp-json\/wp\/v2\/product_brand?post=3906"},{"taxonomy":"product_cat","embeddable":true,"href":"https:\/\/www.telaled.com\/sv\/wp-json\/wp\/v2\/product_cat?post=3906"},{"taxonomy":"product_tag","embeddable":true,"href":"https:\/\/www.telaled.com\/sv\/wp-json\/wp\/v2\/product_tag?post=3906"}],"curies":[{"name":"wp","href":"https:\/\/api.w.org\/{rel}","templated":true}]}}