{"id":3856,"date":"2025-10-08T02:12:15","date_gmt":"2025-10-08T02:12:15","guid":{"rendered":"https:\/\/www.telaled.com\/?post_type=product&#038;p=3856"},"modified":"2026-01-07T01:00:48","modified_gmt":"2026-01-07T01:00:48","slug":"cronometro-academia-serie-teh","status":"publish","type":"product","link":"https:\/\/www.telaled.com\/sv\/fabrica\/cronometro-academia-serie-teh\/","title":{"rendered":"TEH-serien Gym Stoppur"},"content":{"rendered":"<div class=\"row\"  id=\"row-1192247313\">\n\n\t<div id=\"col-377731182\" class=\"col small-12 large-12\"  >\n\t\t\t\t<div class=\"col-inner\"  >\n\t\t\t\n\t\t\t\n<h2>TEH-serien Gym Stoppur<\/h2>\n<h3><strong><span dir=\"auto\" style=\"vertical-align: inherit;\"><span dir=\"auto\" style=\"vertical-align: inherit;\"><span dir=\"auto\" style=\"vertical-align: inherit;\"><span dir=\"auto\" style=\"vertical-align: inherit;\"><span dir=\"auto\" style=\"vertical-align: inherit;\"><span dir=\"auto\" style=\"vertical-align: inherit;\">\u00d6verl\u00e4gsen h\u00e5llbarhet<\/span><\/span><\/span><\/span><\/span><\/span><\/strong><\/h3>\n<ul>\n<li>Konstruerad med en h\u00f6gkvalitativ aluminiumram som motst\u00e5r st\u00f6tar, korrosion och v\u00e4rme.<\/li>\n<li>Det f\u00f6rseglade h\u00f6ljet skyddar kretsen fr\u00e5n damm och fukt f\u00f6r l\u00e5ngsiktig tillf\u00f6rlitlighet.<\/li>\n<li>F\u00f6rst\u00e4rkta st\u00f6d h\u00e5ller enheten stabil vid montering p\u00e5 v\u00e4ggar, tak eller stativ.<\/li>\n<\/ul>\n<h3><strong><span dir=\"auto\" style=\"vertical-align: inherit;\"><span dir=\"auto\" style=\"vertical-align: inherit;\"><span dir=\"auto\" style=\"vertical-align: inherit;\"><span dir=\"auto\" style=\"vertical-align: inherit;\"><span dir=\"auto\" style=\"vertical-align: inherit;\"><span dir=\"auto\" style=\"vertical-align: inherit;\">Exceptionell visuell kvalitet<\/span><\/span><\/span><\/span><\/span><\/span><\/strong><\/h3>\n<ul>\n<li>Den anv\u00e4nder h\u00f6gljusstarka 5-tums (12,7 cm) r\u00f6da och gula lysdioder f\u00f6r sikt upp till 40 m.<\/li>\n<li>Antireflexlinser i akryl f\u00f6rb\u00e4ttrar kontrasten och f\u00f6rhindrar ljusreflektion.<\/li>\n<li>Bibeh\u00e5ller j\u00e4mn ljusstyrka och f\u00e4rgj\u00e4mnhet \u00e4ven i starkt ljus.<\/li>\n<\/ul>\n<h3><strong><span dir=\"auto\" style=\"vertical-align: inherit;\"><span dir=\"auto\" style=\"vertical-align: inherit;\"><span dir=\"auto\" style=\"vertical-align: inherit;\"><span dir=\"auto\" style=\"vertical-align: inherit;\"><span dir=\"auto\" style=\"vertical-align: inherit;\"><span dir=\"auto\" style=\"vertical-align: inherit;\">Fullst\u00e4ndig anpassningsf\u00f6rm\u00e5ga<\/span><\/span><\/span><\/span><\/span><\/span><\/strong><\/h3>\n<ul>\n<li>Drivs med 110\u2013260 V AC eller 12 V DC f\u00f6r inomhus- eller utomhuskonfigurationer.<\/li>\n<li>Styrs via tr\u00e5dl\u00f6s fj\u00e4rrkontroll eller app f\u00f6r snabb justering.<\/li>\n<li>Den kan enkelt monteras p\u00e5 v\u00e4ggar, tak eller stativ f\u00f6r flexibel anv\u00e4ndning i gym eller sportanl\u00e4ggningar.<\/li>\n<\/ul>\n<h3><strong><span dir=\"auto\" style=\"vertical-align: inherit;\"><span dir=\"auto\" style=\"vertical-align: inherit;\"><span dir=\"auto\" style=\"vertical-align: inherit;\"><span dir=\"auto\" style=\"vertical-align: inherit;\"><span dir=\"auto\" style=\"vertical-align: inherit;\"><span dir=\"auto\" style=\"vertical-align: inherit;\">Omfattande st\u00f6d<\/span><\/span><\/span><\/span><\/span><\/span><\/strong><\/h3>\n<ul>\n<li><em><strong>Teknisk support p\u00e5 distans dygnet runt, 7 dagar i veckan:<\/strong><\/em> F\u00e5 professionell hj\u00e4lp n\u00e4r du beh\u00f6ver det. V\u00e5rt dedikerade supportteam \u00e4r tillg\u00e4ngligt dygnet runt f\u00f6r att s\u00e4kerst\u00e4lla att ditt TEH-serie gymstoppur fungerar optimalt utan avbrott.<\/li>\n<li><em><strong>5% reservdelar ing\u00e5r:<\/strong><\/em> Varje enhet levereras med ytterligare komponenter f\u00f6r att \u00f6ka tillf\u00f6rlitligheten och minimera driftstopp f\u00f6r underh\u00e5ll, vilket hj\u00e4lper dig att h\u00e5lla ditt gym ig\u00e5ng smidigt.<\/li>\n<li><strong><em>3 \u00e5rs f\u00f6rl\u00e4ngd garanti:<\/em><\/strong> Njut av l\u00e5ngsiktigt skydd och p\u00e5litlig prestanda med v\u00e5r ut\u00f6kade 3-\u00e5rsgaranti, utformad f\u00f6r att ge dig fullst\u00e4ndig sinnesro och konsekvent servicekvalitet.<\/li>\n<\/ul>\n<h2><span dir=\"auto\" style=\"vertical-align: inherit;\"><span dir=\"auto\" style=\"vertical-align: inherit;\"><span dir=\"auto\" style=\"vertical-align: inherit;\"><span dir=\"auto\" style=\"vertical-align: inherit;\"><span dir=\"auto\" style=\"vertical-align: inherit;\"><span dir=\"auto\" style=\"vertical-align: inherit;\">Produktinformation<\/span><\/span><\/span><\/span><\/span><\/span><\/h2>\n<div class=\"row\"  id=\"row-1854385656\">\n\n\t<div id=\"col-10167704\" class=\"col medium-10 small-12 large-10\"  >\n\t\t\t\t<div class=\"col-inner text-left\"  >\n\t\t\t\n\t\t\t\n<ul>\n<li>En <em><strong>TEH-serien Gym Stoppur<\/strong><\/em> Det erbjuder l\u00e5ngsiktiga f\u00f6rdelar och f\u00f6rb\u00e4ttrar s\u00e4kerhet, konsekvens och prestation. Det hj\u00e4lper till att f\u00f6rebygga skador genom tillr\u00e4ckliga vilointervaller och ett j\u00e4mnt tempo under tr\u00e4ningspass. Tr\u00e4nare kan enkelt \u00f6vervaka framsteg, justera intensiteten och s\u00e4kerst\u00e4lla effektiva pass. Motivera klienter att n\u00e5 sina m\u00e5l snabbare genom att bibeh\u00e5lla r\u00e4tt form och tempo f\u00f6r l\u00e5ngsiktig fysisk framg\u00e5ng.<\/li>\n<\/ul>\n\t<div class=\"img has-hover x md-x lg-x y md-y lg-y\" id=\"image_2024149736\">\n\t\t\t\t\t\t\t\t<div class=\"img-inner dark\" >\n\t\t\t<img loading=\"lazy\" decoding=\"async\" width=\"800\" height=\"450\" src=\"https:\/\/www.telaled.com\/wp-content\/uploads\/2025\/10\/cronometro-academia7.webp\" class=\"attachment-large size-large\" alt=\"gymmets stoppur7\" srcset=\"https:\/\/www.telaled.com\/wp-content\/uploads\/2025\/10\/cronometro-academia7.webp 800w, https:\/\/www.telaled.com\/wp-content\/uploads\/2025\/10\/cronometro-academia7-300x169.webp 300w, https:\/\/www.telaled.com\/wp-content\/uploads\/2025\/10\/cronometro-academia7-768x432.webp 768w, https:\/\/www.telaled.com\/wp-content\/uploads\/2025\/10\/cronometro-academia7-18x10.webp 18w, https:\/\/www.telaled.com\/wp-content\/uploads\/2025\/10\/cronometro-academia7-600x338.webp 600w\" sizes=\"auto, (max-width: 800px) 100vw, 800px\" \/>\t\t\t\t\t\t\n\t\t\t\t\t<\/div>\n\t\t\t\t\t\t\t\t\n<style>\n#image_2024149736 {\n  width: 80%;\n}\n<\/style>\n\t<\/div>\n\t\n<ul>\n<li>En <em><strong>TEH-serien Gym Stoppur<\/strong><\/em> Den hj\u00e4lper dig att hantera vilo- och tr\u00e4ningsintervaller exakt. St\u00e4ll in den s\u00e5 att den signalerar med n\u00e5gra minuters mellanrum f\u00f6r ett j\u00e4mnt tempo under konditions-, styrketr\u00e4nings- eller HIIT-pass. Du kan till exempel v\u00e4xla mellan g\u00e5ng- och l\u00f6phastigheter p\u00e5 ett l\u00f6pband eller cykla mellan snabba och l\u00e5ngsamma intervaller p\u00e5 en motionscykel. Denna struktur \u00f6kar s\u00e4kerheten, f\u00f6rhindrar tr\u00f6tthet och s\u00e4kerst\u00e4ller att du f\u00e5r b\u00e4sta m\u00f6jliga resultat fr\u00e5n varje tr\u00e4ningspass.<\/li>\n<\/ul>\n\t<div class=\"img has-hover x md-x lg-x y md-y lg-y\" id=\"image_425020177\">\n\t\t\t\t\t\t\t\t<div class=\"img-inner dark\" >\n\t\t\t<img loading=\"lazy\" decoding=\"async\" width=\"500\" height=\"430\" src=\"https:\/\/www.telaled.com\/wp-content\/uploads\/2025\/10\/cronometro-academia8.webp\" class=\"attachment-original size-original\" alt=\"\" srcset=\"https:\/\/www.telaled.com\/wp-content\/uploads\/2025\/10\/cronometro-academia8.webp 500w, https:\/\/www.telaled.com\/wp-content\/uploads\/2025\/10\/cronometro-academia8-300x258.webp 300w, https:\/\/www.telaled.com\/wp-content\/uploads\/2025\/10\/cronometro-academia8-14x12.webp 14w\" sizes=\"auto, (max-width: 500px) 100vw, 500px\" \/>\t\t\t\t\t\t\n\t\t\t\t\t<\/div>\n\t\t\t\t\t\t\t\t\n<style>\n#image_425020177 {\n  width: 80%;\n}\n<\/style>\n\t<\/div>\n\t\n<ul>\n<li>Njut av enkel kontroll med integrerad Bluetooth-anslutning. <em><strong>TEH-serien Gym Stoppur<\/strong><\/em> Den kan paras ihop med din smartphone, s\u00e5 att du kan starta, pausa eller anpassa tr\u00e4ningspass direkt fr\u00e5n din enhet. Sp\u00e5ra prestationer, spara framsteg och hantera sessioner i realtid; allt via dina favoritappar f\u00f6r en smartare och bekv\u00e4mare tr\u00e4ningsupplevelse.<\/li>\n<\/ul>\n\t<div class=\"img has-hover x md-x lg-x y md-y lg-y\" id=\"image_2128836681\">\n\t\t\t\t\t\t\t\t<div class=\"img-inner dark\" >\n\t\t\t<img loading=\"lazy\" decoding=\"async\" width=\"1020\" height=\"421\" src=\"https:\/\/www.telaled.com\/wp-content\/uploads\/2025\/10\/cronometro-academia9.webp\" class=\"attachment-large size-large\" alt=\"\" srcset=\"https:\/\/www.telaled.com\/wp-content\/uploads\/2025\/10\/cronometro-academia9.webp 1024w, https:\/\/www.telaled.com\/wp-content\/uploads\/2025\/10\/cronometro-academia9-300x124.webp 300w, https:\/\/www.telaled.com\/wp-content\/uploads\/2025\/10\/cronometro-academia9-768x317.webp 768w, https:\/\/www.telaled.com\/wp-content\/uploads\/2025\/10\/cronometro-academia9-18x7.webp 18w, https:\/\/www.telaled.com\/wp-content\/uploads\/2025\/10\/cronometro-academia9-600x248.webp 600w\" sizes=\"auto, (max-width: 1020px) 100vw, 1020px\" \/>\t\t\t\t\t\t\n\t\t\t\t\t<\/div>\n\t\t\t\t\t\t\t\t\n<style>\n#image_2128836681 {\n  width: 80%;\n}\n<\/style>\n\t<\/div>\n\t\n<ul>\n<li>V\u00e5r <em><strong>TEH-serien Gym Stoppur<\/strong><\/em> De \u00e4r packade i f\u00f6rst\u00e4rkta tr\u00e4l\u00e5dor f\u00f6r att skydda dem under transport. Varje enhet \u00e4r s\u00e4kert f\u00f6rpackad f\u00f6r att f\u00f6rhindra skador fr\u00e5n skadedjur, st\u00f6tar och andra faror. Detta garanterar h\u00e5llbarhet och s\u00e4ker leverans.<\/li>\n<\/ul>\n\t<div class=\"img has-hover x md-x lg-x y md-y lg-y\" id=\"image_62103496\">\n\t\t\t\t\t\t\t\t<div class=\"img-inner dark\" >\n\t\t\t<img loading=\"lazy\" decoding=\"async\" width=\"760\" height=\"1024\" src=\"https:\/\/www.telaled.com\/wp-content\/uploads\/2025\/08\/36123f2c-de60-488d-af81-255cd4aee54a-760x1024.webp\" class=\"attachment-large size-large\" alt=\"\" srcset=\"https:\/\/www.telaled.com\/wp-content\/uploads\/2025\/08\/36123f2c-de60-488d-af81-255cd4aee54a-760x1024.webp 760w, https:\/\/www.telaled.com\/wp-content\/uploads\/2025\/08\/36123f2c-de60-488d-af81-255cd4aee54a-223x300.webp 223w, https:\/\/www.telaled.com\/wp-content\/uploads\/2025\/08\/36123f2c-de60-488d-af81-255cd4aee54a-768x1035.webp 768w, https:\/\/www.telaled.com\/wp-content\/uploads\/2025\/08\/36123f2c-de60-488d-af81-255cd4aee54a-9x12.webp 9w, https:\/\/www.telaled.com\/wp-content\/uploads\/2025\/08\/36123f2c-de60-488d-af81-255cd4aee54a-600x808.webp 600w, https:\/\/www.telaled.com\/wp-content\/uploads\/2025\/08\/36123f2c-de60-488d-af81-255cd4aee54a.webp 795w\" sizes=\"auto, (max-width: 760px) 100vw, 760px\" \/>\t\t\t\t\t\t\n\t\t\t\t\t<\/div>\n\t\t\t\t\t\t\t\t\n<style>\n#image_62103496 {\n  width: 80%;\n}\n<\/style>\n\t<\/div>\n\t\n\n<table id=\"tablepress-100\" class=\"tablepress tablepress-id-100\">\n<thead>\n<tr class=\"row-1\">\n\t<th class=\"column-1\">Maximal f\u00f6rberedelsetid<\/th><th class=\"column-2\">24 timmar<\/th><th class=\"column-3\">Minsta f\u00f6rberedelsetid<\/th><th class=\"column-4\">10 sekunder<\/th>\n<\/tr>\n<\/thead>\n<tbody class=\"row-striping row-hover\">\n<tr class=\"row-2\">\n\t<td class=\"column-1\">Nominell sp\u00e4nning<\/td><td class=\"column-2\">220 V<\/td><td class=\"column-3\">Modellnummer<\/td><td class=\"column-4\">TEH-serien<\/td>\n<\/tr>\n<tr class=\"row-3\">\n\t<td class=\"column-1\">Markera<\/td><td class=\"column-2\">LED-sk\u00e4rm<\/td><td class=\"column-3\">Ursprungsort<\/td><td class=\"column-4\">Shenzhen, Kina<\/td>\n<\/tr>\n<tr class=\"row-4\">\n\t<td class=\"column-1\">Kontrollera<\/td><td class=\"column-2\">Fj\u00e4rrkontroll<\/td><td class=\"column-3\">Resurs<\/td><td class=\"column-4\">B\u00e4rbar<\/td>\n<\/tr>\n<tr class=\"row-5\">\n\t<td class=\"column-1\">Frekvens<\/td><td class=\"column-2\">50 Hz<\/td><td class=\"column-3\">Material<\/td><td class=\"column-4\">Aluminiumlegering<\/td>\n<\/tr>\n<tr class=\"row-6\">\n\t<td class=\"column-1\">Teori<\/td><td class=\"column-2\">Digital<\/td><td class=\"column-3\">Typ<\/td><td class=\"column-4\">Nedr\u00e4kningstimer<\/td>\n<\/tr>\n<tr class=\"row-7\">\n\t<td class=\"column-1\">Ans\u00f6kan<\/td><td class=\"column-2\">Multifunktionell<\/td><td class=\"column-3\">Drift<\/td><td class=\"column-4\">Fj\u00e4rrkontroll<\/td>\n<\/tr>\n<tr class=\"row-8\">\n\t<td class=\"column-1\">Teckenh\u00f6jd<\/td><td class=\"column-2\">4 tum<\/td><td class=\"column-3\">Strukturera<\/td><td class=\"column-4\">Aluminiumlegering<\/td>\n<\/tr>\n<tr class=\"row-9\">\n\t<td class=\"column-1\">Produktnamn<\/td><td class=\"column-2\">Gymmets stoppur<\/td><td class=\"column-3\">Certifiering<\/td><td class=\"column-4\">CE, RoHS<\/td>\n<\/tr>\n<\/tbody>\n<\/table>\n<!-- #tablepress-100 from cache -->\n\t\t<\/div>\n\t\t\t\t\t<\/div>\n\n\t\n<\/div>\n\t\t<\/div>\n\t\t\t\t\t<\/div>\n\n\t\n<\/div>","protected":false},"excerpt":{"rendered":"<p><em><strong>Chronometro Academia-serien TEH stannar p\u00e5 banan Repetition<\/strong><\/em><\/p>\n<p>Detta <em><strong>Academia-serien TEH-kronometer<\/strong><\/em> Den har en 24-sekunders nedr\u00e4kningstimer och en 5-tums r\u00f6d och gul LED-klocka som \u00e4r synlig upp till 40 m bort. Den \u00e4r tillverkad av aluminium, m\u00e4ter 52 x 34 x 4 cm och fungerar med AC 110\u2013260 V eller 12 V DC, vilket g\u00f6r den l\u00e4mplig f\u00f6r inomhus- och utomhusmilj\u00f6er.<\/p>\n<ul>\n<li><strong>Sk\u00e4rm med h\u00f6g synlighet:<\/strong> Fem-tums (12,7 cm) r\u00f6da och gula lysdioder ger en tydlig, bl\u00e4ndfri vy p\u00e5 avst\u00e5nd upp till 40 m.<\/li>\n<li><strong>P\u00e5litlig tr\u00e5dl\u00f6s styrenhet:<\/strong> Den levereras med en fj\u00e4rrkontroll f\u00f6r exakt start, stopp och \u00e5terst\u00e4llning av nedr\u00e4knings- eller uppr\u00e4kningsfunktionerna.<\/li>\n<li><strong>M\u00e5ngsidig installation:<\/strong> St\u00f6der v\u00e4gg-, tak- eller stativmontering f\u00f6r flexibel anv\u00e4ndning i gym, tr\u00e4ningscenter och idrottsplaner. <a href=\"https:\/\/www.telaled.com\/sv\/fabrica\/placar-eletronico-para-basquete-serie-tee\/\">basketboll<\/a>.<\/li>\n<\/ul>\n<p>Vi erbjuder fj\u00e4rrsupport dygnet runt och 3 \u00e5rs garanti. Kontakta oss idag f\u00f6r en personlig offert.<\/p>","protected":false},"featured_media":4020,"template":"","meta":[],"product_brand":[],"product_cat":[41,48,44,46],"product_tag":[],"class_list":{"0":"post-3856","1":"product","2":"type-product","3":"status-publish","4":"has-post-thumbnail","6":"product_cat-modulo-painel-de-led","7":"product_cat-paineis-personalizados","8":"product_cat-painel-de-led-flexivel","9":"product_cat-painel-de-video","11":"first","12":"instock","13":"shipping-taxable","14":"product-type-simple"},"yoast_head":"<!-- This site is optimized with the Yoast SEO plugin v27.4 - https:\/\/yoast.com\/product\/yoast-seo-wordpress\/ -->\n<title>Cronometro Academia S\u00e9rie TEH para treinos mais inteligentes | Aumente os resultados do treinamento com cronometragem precisa | TELALED<\/title>\n<meta name=\"description\" content=\"Aprimore sua rotina de exerc\u00edcios. Explore os melhores recursos do Cronometro Academia S\u00e9rie TEH e dicas de especialistas para planejar treinos como um profissional.\" \/>\n<meta name=\"robots\" content=\"index, follow, max-snippet:-1, max-image-preview:large, max-video-preview:-1\" \/>\n<link rel=\"canonical\" href=\"https:\/\/www.telaled.com\/sv\/fabrica\/cronometro-academia-serie-teh\/\" \/>\n<meta property=\"og:locale\" content=\"sv_SE\" \/>\n<meta property=\"og:type\" content=\"article\" \/>\n<meta property=\"og:title\" content=\"Cronometro Academia S\u00e9rie TEH para treinos mais inteligentes | Aumente os resultados do treinamento com cronometragem precisa | TELALED\" \/>\n<meta property=\"og:description\" content=\"Aprimore sua rotina de exerc\u00edcios. Explore os melhores recursos do Cronometro Academia S\u00e9rie TEH e dicas de especialistas para planejar treinos como um profissional.\" \/>\n<meta property=\"og:url\" content=\"https:\/\/www.telaled.com\/sv\/fabrica\/cronometro-academia-serie-teh\/\" \/>\n<meta property=\"og:site_name\" content=\"TELALED\" \/>\n<meta property=\"article:modified_time\" content=\"2026-01-07T01:00:48+00:00\" \/>\n<meta property=\"og:image\" content=\"https:\/\/www.telaled.com\/wp-content\/uploads\/2025\/10\/cronometro-academianew.webp\" \/>\n\t<meta property=\"og:image:width\" content=\"500\" \/>\n\t<meta property=\"og:image:height\" content=\"500\" \/>\n\t<meta property=\"og:image:type\" content=\"image\/webp\" \/>\n<meta name=\"twitter:card\" content=\"summary_large_image\" \/>\n<meta name=\"twitter:label1\" content=\"Ber\u00e4knad l\u00e4stid\" \/>\n\t<meta name=\"twitter:data1\" content=\"4 minuter\" \/>\n<script type=\"application\/ld+json\" class=\"yoast-schema-graph\">{\"@context\":\"https:\\\/\\\/schema.org\",\"@graph\":[{\"@type\":\"WebPage\",\"@id\":\"https:\\\/\\\/www.telaled.com\\\/fabrica\\\/cronometro-academia-serie-teh\\\/\",\"url\":\"https:\\\/\\\/www.telaled.com\\\/fabrica\\\/cronometro-academia-serie-teh\\\/\",\"name\":\"Cronometro Academia S\u00e9rie TEH para treinos mais inteligentes | Aumente os resultados do treinamento com cronometragem precisa | TELALED\",\"isPartOf\":{\"@id\":\"https:\\\/\\\/www.telaled.com\\\/#website\"},\"primaryImageOfPage\":{\"@id\":\"https:\\\/\\\/www.telaled.com\\\/fabrica\\\/cronometro-academia-serie-teh\\\/#primaryimage\"},\"image\":{\"@id\":\"https:\\\/\\\/www.telaled.com\\\/fabrica\\\/cronometro-academia-serie-teh\\\/#primaryimage\"},\"thumbnailUrl\":\"https:\\\/\\\/www.telaled.com\\\/wp-content\\\/uploads\\\/2025\\\/10\\\/cronometro-academianew.webp\",\"datePublished\":\"2025-10-08T02:12:15+00:00\",\"dateModified\":\"2026-01-07T01:00:48+00:00\",\"description\":\"Aprimore sua rotina de exerc\u00edcios. Explore os melhores recursos do Cronometro Academia S\u00e9rie TEH e dicas de especialistas para planejar treinos como um profissional.\",\"breadcrumb\":{\"@id\":\"https:\\\/\\\/www.telaled.com\\\/fabrica\\\/cronometro-academia-serie-teh\\\/#breadcrumb\"},\"inLanguage\":\"sv-SE\",\"potentialAction\":[{\"@type\":\"ReadAction\",\"target\":[\"https:\\\/\\\/www.telaled.com\\\/fabrica\\\/cronometro-academia-serie-teh\\\/\"]}]},{\"@type\":\"ImageObject\",\"inLanguage\":\"sv-SE\",\"@id\":\"https:\\\/\\\/www.telaled.com\\\/fabrica\\\/cronometro-academia-serie-teh\\\/#primaryimage\",\"url\":\"https:\\\/\\\/www.telaled.com\\\/wp-content\\\/uploads\\\/2025\\\/10\\\/cronometro-academianew.webp\",\"contentUrl\":\"https:\\\/\\\/www.telaled.com\\\/wp-content\\\/uploads\\\/2025\\\/10\\\/cronometro-academianew.webp\",\"width\":500,\"height\":500,\"caption\":\"cronometro-academianew\"},{\"@type\":\"BreadcrumbList\",\"@id\":\"https:\\\/\\\/www.telaled.com\\\/fabrica\\\/cronometro-academia-serie-teh\\\/#breadcrumb\",\"itemListElement\":[{\"@type\":\"ListItem\",\"position\":1,\"name\":\"Home\",\"item\":\"https:\\\/\\\/www.telaled.com\\\/\"},{\"@type\":\"ListItem\",\"position\":2,\"name\":\"Produtos\",\"item\":\"https:\\\/\\\/www.telaled.com\\\/shop\\\/\"},{\"@type\":\"ListItem\",\"position\":3,\"name\":\"Cronometro Academia S\u00e9rie TEH\"}]},{\"@type\":\"WebSite\",\"@id\":\"https:\\\/\\\/www.telaled.com\\\/#website\",\"url\":\"https:\\\/\\\/www.telaled.com\\\/\",\"name\":\"TELALED\",\"description\":\"\",\"potentialAction\":[{\"@type\":\"SearchAction\",\"target\":{\"@type\":\"EntryPoint\",\"urlTemplate\":\"https:\\\/\\\/www.telaled.com\\\/?s={search_term_string}\"},\"query-input\":{\"@type\":\"PropertyValueSpecification\",\"valueRequired\":true,\"valueName\":\"search_term_string\"}}],\"inLanguage\":\"sv-SE\"}]}<\/script>\n<!-- \/ Yoast SEO plugin. -->","yoast_head_json":{"title":"TEH-serien Gym Stoppur f\u00f6r smartare tr\u00e4ningspass | F\u00f6rb\u00e4ttra dina tr\u00e4ningsresultat med exakt tidtagning | LED-sk\u00e4rm","description":"F\u00f6rb\u00e4ttra din tr\u00e4ningsrutin. Utforska de b\u00e4sta funktionerna hos TEH-seriens gymstoppklocka och experttips f\u00f6r att planera tr\u00e4ningspass som ett proffs.","robots":{"index":"index","follow":"follow","max-snippet":"max-snippet:-1","max-image-preview":"max-image-preview:large","max-video-preview":"max-video-preview:-1"},"canonical":"https:\/\/www.telaled.com\/sv\/fabrica\/cronometro-academia-serie-teh\/","og_locale":"sv_SE","og_type":"article","og_title":"Cronometro Academia S\u00e9rie TEH para treinos mais inteligentes | Aumente os resultados do treinamento com cronometragem precisa | TELALED","og_description":"Aprimore sua rotina de exerc\u00edcios. Explore os melhores recursos do Cronometro Academia S\u00e9rie TEH e dicas de especialistas para planejar treinos como um profissional.","og_url":"https:\/\/www.telaled.com\/sv\/fabrica\/cronometro-academia-serie-teh\/","og_site_name":"TELALED","article_modified_time":"2026-01-07T01:00:48+00:00","og_image":[{"width":500,"height":500,"url":"https:\/\/www.telaled.com\/wp-content\/uploads\/2025\/10\/cronometro-academianew.webp","type":"image\/webp"}],"twitter_card":"summary_large_image","twitter_misc":{"Ber\u00e4knad l\u00e4stid":"4 minuter"},"schema":{"@context":"https:\/\/schema.org","@graph":[{"@type":"WebPage","@id":"https:\/\/www.telaled.com\/fabrica\/cronometro-academia-serie-teh\/","url":"https:\/\/www.telaled.com\/fabrica\/cronometro-academia-serie-teh\/","name":"TEH-serien Gym Stoppur f\u00f6r smartare tr\u00e4ningspass | F\u00f6rb\u00e4ttra dina tr\u00e4ningsresultat med exakt tidtagning | LED-sk\u00e4rm","isPartOf":{"@id":"https:\/\/www.telaled.com\/#website"},"primaryImageOfPage":{"@id":"https:\/\/www.telaled.com\/fabrica\/cronometro-academia-serie-teh\/#primaryimage"},"image":{"@id":"https:\/\/www.telaled.com\/fabrica\/cronometro-academia-serie-teh\/#primaryimage"},"thumbnailUrl":"https:\/\/www.telaled.com\/wp-content\/uploads\/2025\/10\/cronometro-academianew.webp","datePublished":"2025-10-08T02:12:15+00:00","dateModified":"2026-01-07T01:00:48+00:00","description":"F\u00f6rb\u00e4ttra din tr\u00e4ningsrutin. Utforska de b\u00e4sta funktionerna hos TEH-seriens gymstoppklocka och experttips f\u00f6r att planera tr\u00e4ningspass som ett proffs.","breadcrumb":{"@id":"https:\/\/www.telaled.com\/fabrica\/cronometro-academia-serie-teh\/#breadcrumb"},"inLanguage":"sv-SE","potentialAction":[{"@type":"ReadAction","target":["https:\/\/www.telaled.com\/fabrica\/cronometro-academia-serie-teh\/"]}]},{"@type":"ImageObject","inLanguage":"sv-SE","@id":"https:\/\/www.telaled.com\/fabrica\/cronometro-academia-serie-teh\/#primaryimage","url":"https:\/\/www.telaled.com\/wp-content\/uploads\/2025\/10\/cronometro-academianew.webp","contentUrl":"https:\/\/www.telaled.com\/wp-content\/uploads\/2025\/10\/cronometro-academianew.webp","width":500,"height":500,"caption":"cronometro-academianew"},{"@type":"BreadcrumbList","@id":"https:\/\/www.telaled.com\/fabrica\/cronometro-academia-serie-teh\/#breadcrumb","itemListElement":[{"@type":"ListItem","position":1,"name":"Home","item":"https:\/\/www.telaled.com\/"},{"@type":"ListItem","position":2,"name":"Produtos","item":"https:\/\/www.telaled.com\/shop\/"},{"@type":"ListItem","position":3,"name":"Cronometro Academia S\u00e9rie TEH"}]},{"@type":"WebSite","@id":"https:\/\/www.telaled.com\/#website","url":"https:\/\/www.telaled.com\/","name":"LED-sk\u00e4rm","description":"","potentialAction":[{"@type":"SearchAction","target":{"@type":"EntryPoint","urlTemplate":"https:\/\/www.telaled.com\/?s={search_term_string}"},"query-input":{"@type":"PropertyValueSpecification","valueRequired":true,"valueName":"search_term_string"}}],"inLanguage":"sv-SE"}]}},"_links":{"self":[{"href":"https:\/\/www.telaled.com\/sv\/wp-json\/wp\/v2\/product\/3856","targetHints":{"allow":["GET"]}}],"collection":[{"href":"https:\/\/www.telaled.com\/sv\/wp-json\/wp\/v2\/product"}],"about":[{"href":"https:\/\/www.telaled.com\/sv\/wp-json\/wp\/v2\/types\/product"}],"wp:featuredmedia":[{"embeddable":true,"href":"https:\/\/www.telaled.com\/sv\/wp-json\/wp\/v2\/media\/4020"}],"wp:attachment":[{"href":"https:\/\/www.telaled.com\/sv\/wp-json\/wp\/v2\/media?parent=3856"}],"wp:term":[{"taxonomy":"product_brand","embeddable":true,"href":"https:\/\/www.telaled.com\/sv\/wp-json\/wp\/v2\/product_brand?post=3856"},{"taxonomy":"product_cat","embeddable":true,"href":"https:\/\/www.telaled.com\/sv\/wp-json\/wp\/v2\/product_cat?post=3856"},{"taxonomy":"product_tag","embeddable":true,"href":"https:\/\/www.telaled.com\/sv\/wp-json\/wp\/v2\/product_tag?post=3856"}],"curies":[{"name":"wp","href":"https:\/\/api.w.org\/{rel}","templated":true}]}}