{"id":3807,"date":"2025-10-06T23:00:34","date_gmt":"2025-10-06T23:00:34","guid":{"rendered":"https:\/\/www.telaled.com\/?post_type=product&#038;p=3807"},"modified":"2026-01-07T01:51:29","modified_gmt":"2026-01-07T01:51:29","slug":"e-paper-digital-signage-serie-taa","status":"publish","type":"product","link":"https:\/\/www.telaled.com\/sv\/fabrica\/e-paper-digital-signage-serie-taa\/","title":{"rendered":"Digital skyltning f\u00f6r e-papper TAA-serien"},"content":{"rendered":"<div class=\"row\"  id=\"row-235826930\">\n\n\t<div id=\"col-1575013240\" class=\"col small-12 large-12\"  >\n\t\t\t\t<div class=\"col-inner\"  >\n\t\t\t\n\t\t\t\n<h2>Digital skyltning f\u00f6r e-papper TAA-serien<\/h2>\n<h3><strong>\u00d6verl\u00e4gsen h\u00e5llbarhet<\/strong><\/h3>\n<ul>\n<li>Konstruerad med en galvaniserad j\u00e4rnram, antireflexbehandlat h\u00e4rdat glas och ett IP65-klassat h\u00f6lje med UV-skydd.<\/li>\n<li>Resistent mot bl\u00e4ndning, v\u00e4rme, fukt och utomhusf\u00f6rh\u00e5llanden.<\/li>\n<\/ul>\n<h3><strong>Exceptionell visuell kvalitet<\/strong><\/h3>\n<ul>\n<li>O <strong>E-papper digital skyltning TAA-serien<\/strong> Det garanterar tydlig sikt i direkt solljus.<\/li>\n<li>L\u00e5g energif\u00f6rbrukning och l\u00e5ng livsl\u00e4ngd.<\/li>\n<li>Tillf\u00f6rlitlig drift i milj\u00f6er fr\u00e5n 15 \u00b0C till 60 \u00b0C.<\/li>\n<\/ul>\n<h3><strong>Fullst\u00e4ndig anpassningsf\u00f6rm\u00e5ga<\/strong><\/h3>\n<ul>\n<li>Finns i sk\u00e4rmstorlekarna 31,5 tum, A2 och A4.<\/li>\n<li>Den st\u00f6der Wi-Fi och USB 2.0 f\u00f6r snabba inneh\u00e5llsuppdateringar.<\/li>\n<li>Drivs av batteri eller likstr\u00f6m f\u00f6r b\u00e4rbar eller fast installation.<\/li>\n<\/ul>\n<h3><strong>Omfattande st\u00f6d<\/strong><\/h3>\n<ul>\n<li><em><strong>Expertsupport tillg\u00e4nglig dygnet runt, 7 dagar i veckan.<\/strong><\/em> R\u00e4kna med v\u00e5rt tekniska team n\u00e4r som helst, var som helst f\u00f6r att h\u00e5lla ditt system ig\u00e5ng perfekt.<\/li>\n<li><strong><em>Gratis reservdelar ing\u00e5r:<\/em><\/strong> Varje best\u00e4llning levereras med 5% reservdelar; s\u00e5 din sk\u00e4rm f\u00f6rblir p\u00e5litlig och redo f\u00f6r alla projekt.<\/li>\n<li><em><strong>Utformad f\u00f6r tillf\u00f6rlitlighet:<\/strong><\/em> Extra komponenter hj\u00e4lper till att minimera stillest\u00e5ndstider, vilket s\u00e4kerst\u00e4ller smidig drift och l\u00e4ngre livsl\u00e4ngd.<\/li>\n<li><em><strong>3 \u00e5rs garanti:<\/strong><\/em> Njut av fullst\u00e4ndig sinnesro med 3 \u00e5rs fullst\u00e4ndig garanti, p\u00e5litlig service och ett varaktigt skydd f\u00f6r din investering.<\/li>\n<\/ul>\n<h2>Produktinformation<\/h2>\n<div class=\"row\"  id=\"row-439648859\">\n\n\t<div id=\"col-1893137514\" class=\"col medium-10 small-12 large-10\"  >\n\t\t\t\t<div class=\"col-inner text-left\"  >\n\t\t\t\n\t\t\t\n<ul>\n<li><em><strong>Digitala e-papper S<\/strong><\/em><span data-sheets-root=\"1\"><em><strong>T\u00e4ndningsserien TAA<\/strong><\/em> o<\/span>De erbjuder ett modernt och milj\u00f6v\u00e4nligt alternativ till pappersaffischer. Idealiska f\u00f6r f\u00f6rs\u00e4ljningsst\u00e4llens kampanjer, menyer, scheman och transportuppdateringar, de ger skarp och konsekvent synlighet i b\u00e5de ljusa och m\u00f6rka milj\u00f6er. PPP:er \u00e4r bl\u00e4ndfria, skonsamma f\u00f6r \u00f6gonen och minskar bl\u00e5tt ljus. Perfekt f\u00f6r detaljhandel, hotell och restaurangbranschen och offentliga utrymmen.<\/li>\n<\/ul>\n\t<div class=\"img has-hover x md-x lg-x y md-y lg-y\" id=\"image_1910137207\">\n\t\t\t\t\t\t\t\t<div class=\"img-inner dark\" >\n\t\t\t<img loading=\"lazy\" decoding=\"async\" width=\"1200\" height=\"900\" src=\"https:\/\/www.telaled.com\/wp-content\/uploads\/2025\/10\/e-paper-digital-signage7.webp\" class=\"attachment-original size-original\" alt=\"e-papper-digital-skyltning7\" srcset=\"https:\/\/www.telaled.com\/wp-content\/uploads\/2025\/10\/e-paper-digital-signage7.webp 1200w, https:\/\/www.telaled.com\/wp-content\/uploads\/2025\/10\/e-paper-digital-signage7-300x225.webp 300w, https:\/\/www.telaled.com\/wp-content\/uploads\/2025\/10\/e-paper-digital-signage7-1024x768.webp 1024w, https:\/\/www.telaled.com\/wp-content\/uploads\/2025\/10\/e-paper-digital-signage7-768x576.webp 768w, https:\/\/www.telaled.com\/wp-content\/uploads\/2025\/10\/e-paper-digital-signage7-16x12.webp 16w, https:\/\/www.telaled.com\/wp-content\/uploads\/2025\/10\/e-paper-digital-signage7-600x450.webp 600w\" sizes=\"auto, (max-width: 1200px) 100vw, 1200px\" \/>\t\t\t\t\t\t\n\t\t\t\t\t<\/div>\n\t\t\t\t\t\t\t\t\n<style>\n#image_1910137207 {\n  width: 80%;\n}\n<\/style>\n\t<\/div>\n\t\n<ul>\n<li>O <em><strong>Digital skyltning f\u00f6r e-papper TAA-serien<\/strong><\/em> Den \u00e4r l\u00e4tt, enkel att installera och har en innovativ design. Den st\u00f6der smart drift och enkla inneh\u00e5llsuppdateringar via USB, Wi-Fi eller Bluetooth. Den erbjuder s\u00f6ml\u00f6s inneh\u00e5llskontroll. Batteridriven och kabelfri, kan den monteras p\u00e5 v\u00e4ggen eller placeras i valfri position, vilket s\u00e4kerst\u00e4ller flexibel anv\u00e4ndning, minimalt underh\u00e5ll och p\u00e5litlig prestanda f\u00f6r moderna digitala skyltl\u00f6sningar.<\/li>\n<\/ul>\n\t<div class=\"img has-hover x md-x lg-x y md-y lg-y\" id=\"image_1990072850\">\n\t\t\t\t\t\t\t\t<div class=\"img-inner dark\" >\n\t\t\t<img loading=\"lazy\" decoding=\"async\" width=\"1020\" height=\"765\" src=\"https:\/\/www.telaled.com\/wp-content\/uploads\/2025\/10\/e-paper-digital-signage8-1024x768.webp\" class=\"attachment-large size-large\" alt=\"e-papper-digital-skyltning8\" srcset=\"https:\/\/www.telaled.com\/wp-content\/uploads\/2025\/10\/e-paper-digital-signage8-1024x768.webp 1024w, https:\/\/www.telaled.com\/wp-content\/uploads\/2025\/10\/e-paper-digital-signage8-300x225.webp 300w, https:\/\/www.telaled.com\/wp-content\/uploads\/2025\/10\/e-paper-digital-signage8-768x576.webp 768w, https:\/\/www.telaled.com\/wp-content\/uploads\/2025\/10\/e-paper-digital-signage8-16x12.webp 16w, https:\/\/www.telaled.com\/wp-content\/uploads\/2025\/10\/e-paper-digital-signage8-600x450.webp 600w, https:\/\/www.telaled.com\/wp-content\/uploads\/2025\/10\/e-paper-digital-signage8.webp 1200w\" sizes=\"auto, (max-width: 1020px) 100vw, 1020px\" \/>\t\t\t\t\t\t\n\t\t\t\t\t<\/div>\n\t\t\t\t\t\t\t\t\n<style>\n#image_1990072850 {\n  width: 80%;\n}\n<\/style>\n\t<\/div>\n\t\n<ul>\n<li>V\u00e5r <em><strong>Digital skyltning f\u00f6r e-papper TAA-serien<\/strong><\/em> Den erbjuder animerade bilder som f\u00e4ngslar publiken och \u00f6kar varum\u00e4rkesigenk\u00e4nningen. Den \u00e4r designad f\u00f6r kontinuerlig anv\u00e4ndning dygnet runt och erbjuder 6 till 9 m\u00e5naders batteritid, med en integrerad str\u00f6mf\u00f6rs\u00f6rjningsenhet som tillval f\u00f6r frist\u00e5ende installation. L\u00e4tt och h\u00e5llbar, vilket g\u00f6r den perfekt f\u00f6r modern, energisn\u00e5l reklam och l\u00e5ngvariga digitala displayl\u00f6sningar.<\/li>\n<\/ul>\n\t<div class=\"img has-hover x md-x lg-x y md-y lg-y\" id=\"image_1347119334\">\n\t\t\t\t\t\t\t\t<div class=\"img-inner dark\" >\n\t\t\t<img loading=\"lazy\" decoding=\"async\" width=\"650\" height=\"487\" src=\"https:\/\/www.telaled.com\/wp-content\/uploads\/2025\/10\/e-paper-displays.gif\" class=\"attachment-large size-large\" alt=\"digital skyltning med e-papper9\" \/>\t\t\t\t\t\t\n\t\t\t\t\t<\/div>\n\t\t\t\t\t\t\t\t\n<style>\n#image_1347119334 {\n  width: 80%;\n}\n<\/style>\n\t<\/div>\n\t\n<ul>\n<li><em><strong>Digital skyltning f\u00f6r e-papper TAA-serien<\/strong><\/em> De \u00e4r packade i f\u00f6rst\u00e4rkta tr\u00e4l\u00e5dor f\u00f6r att skydda dem under transport. Varje enhet \u00e4r s\u00e4kert f\u00f6rpackad f\u00f6r att f\u00f6rhindra skador fr\u00e5n skadedjur, st\u00f6tar och andra faror. Detta garanterar h\u00e5llbarhet och s\u00e4ker leverans.<\/li>\n<\/ul>\n\t<div class=\"img has-hover x md-x lg-x y md-y lg-y\" id=\"image_563479210\">\n\t\t\t\t\t\t\t\t<div class=\"img-inner dark\" >\n\t\t\t<img loading=\"lazy\" decoding=\"async\" width=\"760\" height=\"1024\" src=\"https:\/\/www.telaled.com\/wp-content\/uploads\/2025\/08\/36123f2c-de60-488d-af81-255cd4aee54a-760x1024.webp\" class=\"attachment-large size-large\" alt=\"\" srcset=\"https:\/\/www.telaled.com\/wp-content\/uploads\/2025\/08\/36123f2c-de60-488d-af81-255cd4aee54a-760x1024.webp 760w, https:\/\/www.telaled.com\/wp-content\/uploads\/2025\/08\/36123f2c-de60-488d-af81-255cd4aee54a-223x300.webp 223w, https:\/\/www.telaled.com\/wp-content\/uploads\/2025\/08\/36123f2c-de60-488d-af81-255cd4aee54a-768x1035.webp 768w, https:\/\/www.telaled.com\/wp-content\/uploads\/2025\/08\/36123f2c-de60-488d-af81-255cd4aee54a-9x12.webp 9w, https:\/\/www.telaled.com\/wp-content\/uploads\/2025\/08\/36123f2c-de60-488d-af81-255cd4aee54a-600x808.webp 600w, https:\/\/www.telaled.com\/wp-content\/uploads\/2025\/08\/36123f2c-de60-488d-af81-255cd4aee54a.webp 795w\" sizes=\"auto, (max-width: 760px) 100vw, 760px\" \/>\t\t\t\t\t\t\n\t\t\t\t\t<\/div>\n\t\t\t\t\t\t\t\t\n<style>\n#image_563479210 {\n  width: 80%;\n}\n<\/style>\n\t<\/div>\n\t\n\n<table id=\"tablepress-96\" class=\"tablepress tablepress-id-96\">\n<thead>\n<tr class=\"row-1\">\n\t<th class=\"column-1\">Allm\u00e4n beskrivning<\/th><td class=\"column-2\"><\/td>\n<\/tr>\n<\/thead>\n<tbody class=\"row-striping row-hover\">\n<tr class=\"row-2\">\n\t<td class=\"column-1\">Material<\/td><td class=\"column-2\">Galvaniserat j\u00e4rn<\/td>\n<\/tr>\n<tr class=\"row-3\">\n\t<td class=\"column-1\">F\u00e4rg p\u00e5 rutan<\/td><td class=\"column-2\">Vit\/Svart<\/td>\n<\/tr>\n<tr class=\"row-4\">\n\t<td class=\"column-1\">Gr\u00e4nssnitt (f\u00f6r multimediauppspelning)<\/td><td class=\"column-2\">USB 2.0 \/ Wi-Fi<\/td>\n<\/tr>\n<tr class=\"row-5\">\n\t<td class=\"column-1\">Energif\u00f6rbrukning<\/td><td class=\"column-2\">12 V 5000 mA<\/td>\n<\/tr>\n<tr class=\"row-6\">\n\t<td class=\"column-1\">Driftstid<\/td><td class=\"column-2\">0 W (statiskt tillst\u00e5nd) 6 till 12 m\u00e5nader (anv\u00e4ndningstiden varierar beroende p\u00e5 m\u00e4ngden uppdaterat inneh\u00e5ll)<\/td>\n<\/tr>\n<tr class=\"row-7\">\n\t<td class=\"column-1\">Modulparametrar<\/td><td class=\"column-2\"><\/td>\n<\/tr>\n<tr class=\"row-8\">\n\t<td class=\"column-1\">Storlek<\/td><td class=\"column-2\">31,5<\/td>\n<\/tr>\n<tr class=\"row-9\">\n\t<td class=\"column-1\">Sk\u00e4rmuppl\u00f6sning<\/td><td class=\"column-2\">1920(H)x1080(V)<\/td>\n<\/tr>\n<tr class=\"row-10\">\n\t<td class=\"column-1\">Sk\u00e4rm<\/td><td class=\"column-2\">F\u00e4rg elektronisk papperssk\u00e4rm<\/td>\n<\/tr>\n<tr class=\"row-11\">\n\t<td class=\"column-1\">Visa<\/td><td class=\"column-2\">Fullf\u00e4rg<\/td>\n<\/tr>\n<tr class=\"row-12\">\n\t<td class=\"column-1\">Sk\u00e4rmf\u00f6rh\u00e5llande<\/td><td class=\"column-2\">16:9<\/td>\n<\/tr>\n<tr class=\"row-13\">\n\t<td class=\"column-1\">Visningsyta f\u00f6r display (HXV)<\/td><td class=\"column-2\">363,38 mm x 697,68 mm<\/td>\n<\/tr>\n<tr class=\"row-14\">\n\t<td class=\"column-1\">Betraktningsvinkel<\/td><td class=\"column-2\">178\u00b0 x 178\u00b0<\/td>\n<\/tr>\n<tr class=\"row-15\">\n\t<td class=\"column-1\">Svarstid<\/td><td class=\"column-2\">1 ms<\/td>\n<\/tr>\n<tr class=\"row-16\">\n\t<td class=\"column-1\">Intern spelare med extremt l\u00e5g str\u00f6mf\u00f6rbrukning<\/td><td class=\"column-2\"><\/td>\n<\/tr>\n<tr class=\"row-17\">\n\t<td class=\"column-1\">MCU<\/td><td class=\"column-2\">Xtensa @ 32-bitars dubbelk\u00e4rnig<\/td>\n<\/tr>\n<tr class=\"row-18\">\n\t<td class=\"column-1\">Lagring<\/td><td class=\"column-2\">120M EMMC<\/td>\n<\/tr>\n<tr class=\"row-19\">\n\t<td class=\"column-1\">Temperatur och luftfuktighet<\/td><td class=\"column-2\"><\/td>\n<\/tr>\n<tr class=\"row-20\">\n\t<td class=\"column-1\">F\u00f6rvaringstemperatur<\/td><td class=\"column-2\">-25\u2103~ 70\u2103<\/td>\n<\/tr>\n<tr class=\"row-21\">\n\t<td class=\"column-1\">Driftstemperatur<\/td><td class=\"column-2\">-20\u2103~ 60\u2103<\/td>\n<\/tr>\n<tr class=\"row-22\">\n\t<td class=\"column-1\">Fuktighet<\/td><td class=\"column-2\">10% ~ 90%<\/td>\n<\/tr>\n<tr class=\"row-23\">\n\t<td class=\"column-1\">M\u00e5tt\/Vikt<\/td><td class=\"column-2\">Nettovikt: 5 kg, Bruttovikt: 7,5 kg, Fysiska m\u00e5tt: 728 mm x 423 mm x 20 mm, F\u00f6rpackningsstorlek: 870 mm x 590 mm x 160 mm<\/td>\n<\/tr>\n<tr class=\"row-24\">\n\t<td class=\"column-1\">V\u00e4ggf\u00e4ste<\/td><td class=\"column-2\">VESA-f\u00e4ste 100x100mm, 200x200mm<\/td>\n<\/tr>\n<tr class=\"row-25\">\n\t<td class=\"column-1\">N\u00e4tverkskontroll-APL<\/td><td class=\"column-2\">Kontohantering, hantering av terminalenheter, inst\u00e4llningar f\u00f6r terminal- och serverpulsanslutning, inst\u00e4llningar f\u00f6r bildkarusell, terminalens vilol\u00e4ge och v\u00e4ckning, inst\u00e4llningar f\u00f6r terminalens vilol\u00e4ge och v\u00e4ckning (extremt energisparl\u00e4ge)<\/td>\n<\/tr>\n<tr class=\"row-26\">\n\t<td class=\"column-1\"><\/td><td class=\"column-2\"><\/td>\n<\/tr>\n<tr class=\"row-27\">\n\t<td class=\"column-1\"><\/td><td class=\"column-2\"><\/td>\n<\/tr>\n<tr class=\"row-28\">\n\t<td class=\"column-1\"><\/td><td class=\"column-2\"><\/td>\n<\/tr>\n<tr class=\"row-29\">\n\t<td class=\"column-1\"><\/td><td class=\"column-2\"><\/td>\n<\/tr>\n<tr class=\"row-30\">\n\t<td class=\"column-1\"><\/td><td class=\"column-2\"><\/td>\n<\/tr>\n<tr class=\"row-31\">\n\t<td class=\"column-1\"><\/td><td class=\"column-2\"><\/td>\n<\/tr>\n<\/tbody>\n<\/table>\n<!-- #tablepress-96 from cache -->\n\t\t<\/div>\n\t\t\t\t\t<\/div>\n\n\t\n<\/div>\n\t\t<\/div>\n\t\t\t\t\t<\/div>\n\n\t\n<\/div>","protected":false},"excerpt":{"rendered":"<p><strong>TAA-serien av e-pappers digital skyltning \u2013 Intelligent f\u00e4rgdisplay f\u00f6r e-bl\u00e4ck f\u00f6r reklam.<\/strong><\/p>\n<p>Upplev en ny era av h\u00e5llbar reklam med v\u00e5r <strong>Digital skyltning f\u00f6r e-papper TAA-serien<\/strong>. Den \u00e4r designad med den senaste E-Ink-tekniken och levererar livfulla bilder till mycket l\u00e5ga bl\u00e4ckkostnader. <a href=\"https:\/\/www.telaled.com\/sv\/entendendo-o-consumo-de-energia-painel-de-led-quao-eficientes-sao-os-displays-de-led-modernos\/\">energif\u00f6rbrukning<\/a>; Idealisk f\u00f6r moderna f\u00f6retag som v\u00e4rdes\u00e4tter effektivitet och milj\u00f6ansvar.<\/p>\n<p><strong>Huvudfunktioner:<\/strong><\/p>\n<ul>\n<li>Den anv\u00e4nder reflekterande E-Ink-teknik f\u00f6r att visa statiskt inneh\u00e5ll utan kontinuerlig elektricitet, vilket minskar energikostnaderna.<\/li>\n<li>Den bibeh\u00e5ller h\u00f6g kontrast och synlighet \u00e4ven i starkt utomhusljus, perfekt f\u00f6r informationstavlor och skyltar i butik.<\/li>\n<li>Finns med USB 2.0- och Wi-Fi-gr\u00e4nssnitt, vilket st\u00f6der flexibel hantering av multimediainneh\u00e5ll.<\/li>\n<li>Byggd f\u00f6r h\u00e5llbarhet, med minimal v\u00e4rmeutveckling, \u00e5tervinningsbara material och l\u00e5ng livsl\u00e4ngd f\u00f6r mindre underh\u00e5ll.<\/li>\n<\/ul>\n<p>F\u00e5 p\u00e5litlig fj\u00e4rrsupport dygnet runt med en omfattande 3-\u00e5rsgaranti. Kontakta oss idag f\u00f6r en kostnadsfri, personlig offert som \u00e4r perfekt anpassad till dina projektbehov.<\/p>","protected":false},"featured_media":3810,"template":"","meta":[],"product_brand":[],"product_cat":[15],"product_tag":[],"class_list":{"0":"post-3807","1":"product","2":"type-product","3":"status-publish","4":"has-post-thumbnail","6":"product_cat-sem-categoria","8":"first","9":"instock","10":"shipping-taxable","11":"product-type-simple"},"yoast_head":"<!-- This site is optimized with the Yoast SEO plugin v27.4 - https:\/\/yoast.com\/product\/yoast-seo-wordpress\/ -->\n<title>E-paper Digital Signage S\u00e9rie TAA | Tela de tinta eletr\u00f4nica colorida para publicidade externa com economia de energia | TELALED<\/title>\n<meta name=\"description\" content=\"Conhe\u00e7a a S\u00e9rie TAA de Sinaliza\u00e7\u00e3o Digital em Papel Eletr\u00f4nico com tecnologia full-color. Ideal para publicidade externa, oferece baix\u00edssimo consumo de energia, alta visibilidade e desempenho ecol\u00f3gico para sinaliza\u00e7\u00e3o digital inteligente.\" \/>\n<meta name=\"robots\" content=\"index, follow, max-snippet:-1, max-image-preview:large, max-video-preview:-1\" \/>\n<link rel=\"canonical\" href=\"https:\/\/www.telaled.com\/sv\/fabrica\/e-paper-digital-signage-serie-taa\/\" \/>\n<meta property=\"og:locale\" content=\"sv_SE\" \/>\n<meta property=\"og:type\" content=\"article\" \/>\n<meta property=\"og:title\" content=\"E-paper Digital Signage S\u00e9rie TAA | Tela de tinta eletr\u00f4nica colorida para publicidade externa com economia de energia | TELALED\" \/>\n<meta property=\"og:description\" content=\"Conhe\u00e7a a S\u00e9rie TAA de Sinaliza\u00e7\u00e3o Digital em Papel Eletr\u00f4nico com tecnologia full-color. Ideal para publicidade externa, oferece baix\u00edssimo consumo de energia, alta visibilidade e desempenho ecol\u00f3gico para sinaliza\u00e7\u00e3o digital inteligente.\" \/>\n<meta property=\"og:url\" content=\"https:\/\/www.telaled.com\/sv\/fabrica\/e-paper-digital-signage-serie-taa\/\" \/>\n<meta property=\"og:site_name\" content=\"TELALED\" \/>\n<meta property=\"article:modified_time\" content=\"2026-01-07T01:51:29+00:00\" \/>\n<meta property=\"og:image\" content=\"https:\/\/www.telaled.com\/wp-content\/uploads\/2025\/10\/e-paper-digital-signage-1.webp\" \/>\n\t<meta property=\"og:image:width\" content=\"500\" \/>\n\t<meta property=\"og:image:height\" content=\"500\" \/>\n\t<meta property=\"og:image:type\" content=\"image\/webp\" \/>\n<meta name=\"twitter:card\" content=\"summary_large_image\" \/>\n<meta name=\"twitter:label1\" content=\"Est. reading time\" \/>\n\t<meta name=\"twitter:data1\" content=\"3 minuter\" \/>\n<script type=\"application\/ld+json\" class=\"yoast-schema-graph\">{\"@context\":\"https:\\\/\\\/schema.org\",\"@graph\":[{\"@type\":\"WebPage\",\"@id\":\"https:\\\/\\\/www.telaled.com\\\/fabrica\\\/e-paper-digital-signage-serie-taa\\\/\",\"url\":\"https:\\\/\\\/www.telaled.com\\\/fabrica\\\/e-paper-digital-signage-serie-taa\\\/\",\"name\":\"E-paper Digital Signage S\u00e9rie TAA | Tela de tinta eletr\u00f4nica colorida para publicidade externa com economia de energia | TELALED\",\"isPartOf\":{\"@id\":\"https:\\\/\\\/www.telaled.com\\\/#website\"},\"primaryImageOfPage\":{\"@id\":\"https:\\\/\\\/www.telaled.com\\\/fabrica\\\/e-paper-digital-signage-serie-taa\\\/#primaryimage\"},\"image\":{\"@id\":\"https:\\\/\\\/www.telaled.com\\\/fabrica\\\/e-paper-digital-signage-serie-taa\\\/#primaryimage\"},\"thumbnailUrl\":\"https:\\\/\\\/www.telaled.com\\\/wp-content\\\/uploads\\\/2025\\\/10\\\/e-paper-digital-signage-1.webp\",\"datePublished\":\"2025-10-06T23:00:34+00:00\",\"dateModified\":\"2026-01-07T01:51:29+00:00\",\"description\":\"Conhe\u00e7a a S\u00e9rie TAA de Sinaliza\u00e7\u00e3o Digital em Papel Eletr\u00f4nico com tecnologia full-color. Ideal para publicidade externa, oferece baix\u00edssimo consumo de energia, alta visibilidade e desempenho ecol\u00f3gico para sinaliza\u00e7\u00e3o digital inteligente.\",\"breadcrumb\":{\"@id\":\"https:\\\/\\\/www.telaled.com\\\/fabrica\\\/e-paper-digital-signage-serie-taa\\\/#breadcrumb\"},\"inLanguage\":\"sv-SE\",\"potentialAction\":[{\"@type\":\"ReadAction\",\"target\":[\"https:\\\/\\\/www.telaled.com\\\/fabrica\\\/e-paper-digital-signage-serie-taa\\\/\"]}]},{\"@type\":\"ImageObject\",\"inLanguage\":\"sv-SE\",\"@id\":\"https:\\\/\\\/www.telaled.com\\\/fabrica\\\/e-paper-digital-signage-serie-taa\\\/#primaryimage\",\"url\":\"https:\\\/\\\/www.telaled.com\\\/wp-content\\\/uploads\\\/2025\\\/10\\\/e-paper-digital-signage-1.webp\",\"contentUrl\":\"https:\\\/\\\/www.telaled.com\\\/wp-content\\\/uploads\\\/2025\\\/10\\\/e-paper-digital-signage-1.webp\",\"width\":500,\"height\":500,\"caption\":\"e-paper-digital-signage (1)\"},{\"@type\":\"BreadcrumbList\",\"@id\":\"https:\\\/\\\/www.telaled.com\\\/fabrica\\\/e-paper-digital-signage-serie-taa\\\/#breadcrumb\",\"itemListElement\":[{\"@type\":\"ListItem\",\"position\":1,\"name\":\"Home\",\"item\":\"https:\\\/\\\/www.telaled.com\\\/\"},{\"@type\":\"ListItem\",\"position\":2,\"name\":\"Produtos\",\"item\":\"https:\\\/\\\/www.telaled.com\\\/shop\\\/\"},{\"@type\":\"ListItem\",\"position\":3,\"name\":\"E-paper Digital Signage S\u00e9rie TAA\"}]},{\"@type\":\"WebSite\",\"@id\":\"https:\\\/\\\/www.telaled.com\\\/#website\",\"url\":\"https:\\\/\\\/www.telaled.com\\\/\",\"name\":\"TELALED\",\"description\":\"\",\"potentialAction\":[{\"@type\":\"SearchAction\",\"target\":{\"@type\":\"EntryPoint\",\"urlTemplate\":\"https:\\\/\\\/www.telaled.com\\\/?s={search_term_string}\"},\"query-input\":{\"@type\":\"PropertyValueSpecification\",\"valueRequired\":true,\"valueName\":\"search_term_string\"}}],\"inLanguage\":\"sv-SE\"}]}<\/script>\n<!-- \/ Yoast SEO plugin. -->","yoast_head_json":{"title":"TAA-serien av e-pappers digital skyltning | Energieffektiv e-bl\u00e4ckdisplay i fullf\u00e4rg f\u00f6r utomhusreklam | TELALED","description":"Uppt\u00e4ck TAA-serien av digital elektronisk pappersskyltning med fullf\u00e4rgsteknik. Idealisk f\u00f6r utomhusreklam, erbjuder den mycket l\u00e5g energif\u00f6rbrukning, h\u00f6g synlighet och milj\u00f6v\u00e4nlig prestanda f\u00f6r intelligent digital skyltning.","robots":{"index":"index","follow":"follow","max-snippet":"max-snippet:-1","max-image-preview":"max-image-preview:large","max-video-preview":"max-video-preview:-1"},"canonical":"https:\/\/www.telaled.com\/sv\/fabrica\/e-paper-digital-signage-serie-taa\/","og_locale":"sv_SE","og_type":"article","og_title":"E-paper Digital Signage S\u00e9rie TAA | Tela de tinta eletr\u00f4nica colorida para publicidade externa com economia de energia | TELALED","og_description":"Conhe\u00e7a a S\u00e9rie TAA de Sinaliza\u00e7\u00e3o Digital em Papel Eletr\u00f4nico com tecnologia full-color. Ideal para publicidade externa, oferece baix\u00edssimo consumo de energia, alta visibilidade e desempenho ecol\u00f3gico para sinaliza\u00e7\u00e3o digital inteligente.","og_url":"https:\/\/www.telaled.com\/sv\/fabrica\/e-paper-digital-signage-serie-taa\/","og_site_name":"TELALED","article_modified_time":"2026-01-07T01:51:29+00:00","og_image":[{"width":500,"height":500,"url":"https:\/\/www.telaled.com\/wp-content\/uploads\/2025\/10\/e-paper-digital-signage-1.webp","type":"image\/webp"}],"twitter_card":"summary_large_image","twitter_misc":{"Est. reading time":"3 minuter"},"schema":{"@context":"https:\/\/schema.org","@graph":[{"@type":"WebPage","@id":"https:\/\/www.telaled.com\/fabrica\/e-paper-digital-signage-serie-taa\/","url":"https:\/\/www.telaled.com\/fabrica\/e-paper-digital-signage-serie-taa\/","name":"TAA-serien av e-pappers digital skyltning | Energieffektiv e-bl\u00e4ckdisplay i fullf\u00e4rg f\u00f6r utomhusreklam | TELALED","isPartOf":{"@id":"https:\/\/www.telaled.com\/#website"},"primaryImageOfPage":{"@id":"https:\/\/www.telaled.com\/fabrica\/e-paper-digital-signage-serie-taa\/#primaryimage"},"image":{"@id":"https:\/\/www.telaled.com\/fabrica\/e-paper-digital-signage-serie-taa\/#primaryimage"},"thumbnailUrl":"https:\/\/www.telaled.com\/wp-content\/uploads\/2025\/10\/e-paper-digital-signage-1.webp","datePublished":"2025-10-06T23:00:34+00:00","dateModified":"2026-01-07T01:51:29+00:00","description":"Uppt\u00e4ck TAA-serien av digital elektronisk pappersskyltning med fullf\u00e4rgsteknik. Idealisk f\u00f6r utomhusreklam, erbjuder den mycket l\u00e5g energif\u00f6rbrukning, h\u00f6g synlighet och milj\u00f6v\u00e4nlig prestanda f\u00f6r intelligent digital skyltning.","breadcrumb":{"@id":"https:\/\/www.telaled.com\/fabrica\/e-paper-digital-signage-serie-taa\/#breadcrumb"},"inLanguage":"sv-SE","potentialAction":[{"@type":"ReadAction","target":["https:\/\/www.telaled.com\/fabrica\/e-paper-digital-signage-serie-taa\/"]}]},{"@type":"ImageObject","inLanguage":"sv-SE","@id":"https:\/\/www.telaled.com\/fabrica\/e-paper-digital-signage-serie-taa\/#primaryimage","url":"https:\/\/www.telaled.com\/wp-content\/uploads\/2025\/10\/e-paper-digital-signage-1.webp","contentUrl":"https:\/\/www.telaled.com\/wp-content\/uploads\/2025\/10\/e-paper-digital-signage-1.webp","width":500,"height":500,"caption":"e-paper-digital-signage (1)"},{"@type":"BreadcrumbList","@id":"https:\/\/www.telaled.com\/fabrica\/e-paper-digital-signage-serie-taa\/#breadcrumb","itemListElement":[{"@type":"ListItem","position":1,"name":"Home","item":"https:\/\/www.telaled.com\/"},{"@type":"ListItem","position":2,"name":"Produtos","item":"https:\/\/www.telaled.com\/shop\/"},{"@type":"ListItem","position":3,"name":"E-paper Digital Signage S\u00e9rie TAA"}]},{"@type":"WebSite","@id":"https:\/\/www.telaled.com\/#website","url":"https:\/\/www.telaled.com\/","name":"LED-sk\u00e4rm","description":"","potentialAction":[{"@type":"SearchAction","target":{"@type":"EntryPoint","urlTemplate":"https:\/\/www.telaled.com\/?s={search_term_string}"},"query-input":{"@type":"PropertyValueSpecification","valueRequired":true,"valueName":"search_term_string"}}],"inLanguage":"sv-SE"}]}},"_links":{"self":[{"href":"https:\/\/www.telaled.com\/sv\/wp-json\/wp\/v2\/product\/3807","targetHints":{"allow":["GET"]}}],"collection":[{"href":"https:\/\/www.telaled.com\/sv\/wp-json\/wp\/v2\/product"}],"about":[{"href":"https:\/\/www.telaled.com\/sv\/wp-json\/wp\/v2\/types\/product"}],"wp:featuredmedia":[{"embeddable":true,"href":"https:\/\/www.telaled.com\/sv\/wp-json\/wp\/v2\/media\/3810"}],"wp:attachment":[{"href":"https:\/\/www.telaled.com\/sv\/wp-json\/wp\/v2\/media?parent=3807"}],"wp:term":[{"taxonomy":"product_brand","embeddable":true,"href":"https:\/\/www.telaled.com\/sv\/wp-json\/wp\/v2\/product_brand?post=3807"},{"taxonomy":"product_cat","embeddable":true,"href":"https:\/\/www.telaled.com\/sv\/wp-json\/wp\/v2\/product_cat?post=3807"},{"taxonomy":"product_tag","embeddable":true,"href":"https:\/\/www.telaled.com\/sv\/wp-json\/wp\/v2\/product_tag?post=3807"}],"curies":[{"name":"wp","href":"https:\/\/api.w.org\/{rel}","templated":true}]}}