{"id":3786,"date":"2025-10-03T18:46:32","date_gmt":"2025-10-03T18:46:32","guid":{"rendered":"https:\/\/www.telaled.com\/?post_type=product&#038;p=3786"},"modified":"2026-01-07T01:39:05","modified_gmt":"2026-01-07T01:39:05","slug":"led-display-trailer-serie-tcr","status":"publish","type":"product","link":"https:\/\/www.telaled.com\/sv\/fabrica\/led-display-trailer-serie-tcr\/","title":{"rendered":"LED-display f\u00f6r sl\u00e4pvagnar i TCR-serien"},"content":{"rendered":"<div class=\"row\"  id=\"row-1370833513\">\n\n\t<div id=\"col-864742618\" class=\"col small-12 large-12\"  >\n\t\t\t\t<div class=\"col-inner\"  >\n\t\t\t\n\t\t\t\n<h2><strong>Unika f\u00f6rdelar med TCR-seriens LED-displayvagn<\/strong><\/h2>\n<h3><strong>Kraften i mobilannonsering<\/strong><\/h3>\n<ul>\n<li>Den sl\u00e4pvagnsmonterade designen m\u00f6jligg\u00f6r enkel transport till olika platser.<\/li>\n<li>Snabb montering och demontering sparar tid och anstr\u00e4ngning.<\/li>\n<li>Perfekt f\u00f6r b\u00e5de kortsiktiga kampanjer och \u00e5terkommande evenemang.<\/li>\n<\/ul>\n<h3><strong>H\u00e5llbar konstruktion f\u00f6r utomhusmilj\u00f6er<\/strong><\/h3>\n<ul>\n<li>V\u00e4derbest\u00e4ndiga LED-paneler, byggda f\u00f6r l\u00e5ngvarig prestanda.<\/li>\n<li>Kraftig sl\u00e4pvagnskonstruktion konstruerad f\u00f6r att hantera frekventa resor.<\/li>\n<li>Tillf\u00f6rlitlig drift \u00e4ven under kr\u00e4vande yttre f\u00f6rh\u00e5llanden.<\/li>\n<\/ul>\n<h3><strong>Dynamisk inneh\u00e5llsvisning<\/strong><\/h3>\n<ul>\n<li>Den st\u00f6der videor, animationer och livestr\u00f6mmar.<\/li>\n<li>Enkelt att uppdatera inneh\u00e5ll i realtid f\u00f6r maximalt engagemang.<\/li>\n<li>Sikt fr\u00e5n flera vinklar s\u00e4kerst\u00e4ller sikt f\u00f6r stora folkmassor.<\/li>\n<\/ul>\n<h3><strong>Energieffektiv drift<\/strong><\/h3>\n<ul>\n<li>LED-tekniken uppr\u00e4tth\u00e5ller <a href=\"https:\/\/www.telaled.com\/sv\/entendendo-o-consumo-de-energia-painel-de-led-quao-eficientes-sao-os-displays-de-led-modernos\/\">energif\u00f6rbrukning<\/a> L\u00e5g samtidigt som den ger fantastiska bilder.<\/li>\n<li>Kompatibel med en generator eller extern str\u00f6mk\u00e4lla f\u00f6r flexibel anv\u00e4ndning.<\/li>\n<li>Minskade driftskostnader j\u00e4mf\u00f6rt med den traditionella visningsmetoden.<\/li>\n<\/ul>\n<h2>Produktinformation<\/h2>\n<ul>\n<li><strong>H\u00f6g ljusstyrka med energieffektivitet<\/strong> Drivs av ett l\u00e5gsp\u00e4nningssystem p\u00e5 3,2\/4,2 V, <strong>LED-display f\u00f6r sl\u00e4pvagnar i TCR-serien<\/strong> Den anv\u00e4nder 4535 h\u00f6gljusstarka 3-i-1-LED-lampor med en f\u00f6rbrukning p\u00e5 \u2265 10 000 cd\/m\u00b2. Ljusstyrkan justeras automatiskt, vilket s\u00e4kerst\u00e4ller tydliga bilder dag som natt, samtidigt som l\u00e5g energif\u00f6rbrukning bibeh\u00e5lls.<\/li>\n<\/ul>\n<div class=\"row\"  id=\"row-1818689972\">\n\n\t<div id=\"col-640945411\" class=\"col medium-10 small-12 large-10\"  >\n\t\t\t\t<div class=\"col-inner text-left\"  >\n\t\t\t\n\t\t\t\n\t<div class=\"img has-hover x md-x lg-x y md-y lg-y\" id=\"image_659011485\">\n\t\t\t\t\t\t\t\t<div class=\"img-inner dark\" >\n\t\t\t<img loading=\"lazy\" decoding=\"async\" width=\"788\" height=\"1024\" src=\"https:\/\/www.telaled.com\/wp-content\/uploads\/2025\/10\/High-Brightness-with-Energy-Efficiency-788x1024.webp\" class=\"attachment-large size-large\" alt=\"\" srcset=\"https:\/\/www.telaled.com\/wp-content\/uploads\/2025\/10\/High-Brightness-with-Energy-Efficiency-788x1024.webp 788w, https:\/\/www.telaled.com\/wp-content\/uploads\/2025\/10\/High-Brightness-with-Energy-Efficiency-231x300.webp 231w, https:\/\/www.telaled.com\/wp-content\/uploads\/2025\/10\/High-Brightness-with-Energy-Efficiency-768x998.webp 768w, https:\/\/www.telaled.com\/wp-content\/uploads\/2025\/10\/High-Brightness-with-Energy-Efficiency-9x12.webp 9w, https:\/\/www.telaled.com\/wp-content\/uploads\/2025\/10\/High-Brightness-with-Energy-Efficiency-600x780.webp 600w, https:\/\/www.telaled.com\/wp-content\/uploads\/2025\/10\/High-Brightness-with-Energy-Efficiency.webp 1000w\" sizes=\"auto, (max-width: 788px) 100vw, 788px\" \/>\t\t\t\t\t\t\n\t\t\t\t\t<\/div>\n\t\t\t\t\t\t\t\t\n<style>\n#image_659011485 {\n  width: 80%;\n}\n<\/style>\n\t<\/div>\n\t\n<ul>\n<li><strong>Drivs av solenergi med ett batteri med h\u00f6g kapacitet.<\/strong> Utrustad med solcellsladdning och ett h\u00f6gkapacitetsbatteri p\u00e5 9,6 kWh kan sl\u00e4pvagnen h\u00e5lla LED-displayen ig\u00e5ng kontinuerligt \u00e5ret runt, vilket ger p\u00e5litlig prestanda i 365 dagar.<\/li>\n<\/ul>\n\t<div class=\"img has-hover x md-x lg-x y md-y lg-y\" id=\"image_1921330285\">\n\t\t\t\t\t\t\t\t<div class=\"img-inner dark\" >\n\t\t\t<img loading=\"lazy\" decoding=\"async\" width=\"1000\" height=\"1300\" src=\"https:\/\/www.telaled.com\/wp-content\/uploads\/2025\/10\/Solar-with-Large-Battery.webp\" class=\"attachment-original size-original\" alt=\"\" srcset=\"https:\/\/www.telaled.com\/wp-content\/uploads\/2025\/10\/Solar-with-Large-Battery.webp 1000w, https:\/\/www.telaled.com\/wp-content\/uploads\/2025\/10\/Solar-with-Large-Battery-231x300.webp 231w, https:\/\/www.telaled.com\/wp-content\/uploads\/2025\/10\/Solar-with-Large-Battery-788x1024.webp 788w, https:\/\/www.telaled.com\/wp-content\/uploads\/2025\/10\/Solar-with-Large-Battery-768x998.webp 768w, https:\/\/www.telaled.com\/wp-content\/uploads\/2025\/10\/Solar-with-Large-Battery-9x12.webp 9w, https:\/\/www.telaled.com\/wp-content\/uploads\/2025\/10\/Solar-with-Large-Battery-600x780.webp 600w\" sizes=\"auto, (max-width: 1000px) 100vw, 1000px\" \/>\t\t\t\t\t\t\n\t\t\t\t\t<\/div>\n\t\t\t\t\t\t\t\t\n<style>\n#image_1921330285 {\n  width: 80%;\n}\n<\/style>\n\t<\/div>\n\t\n<ul>\n<li><strong>Avancerad v\u00e4rmeavledning<\/strong> Systemet \u00e4r konstruerat med h\u00f6gfl\u00f6deskylning med negativt tryck inuti h\u00f6ljet och s\u00e4kerst\u00e4ller effektiv v\u00e4rmeavledning. Detta h\u00e5ller <strong>LED-display f\u00f6r sl\u00e4pvagnar i TCR-serien<\/strong> Den fungerar smidigt och f\u00f6rl\u00e4nger komponenternas livsl\u00e4ngd.<\/li>\n<\/ul>\n\t<div class=\"img has-hover x md-x lg-x y md-y lg-y\" id=\"image_479566180\">\n\t\t\t\t\t\t\t\t<div class=\"img-inner dark\" >\n\t\t\t<img loading=\"lazy\" decoding=\"async\" width=\"788\" height=\"1024\" src=\"https:\/\/www.telaled.com\/wp-content\/uploads\/2025\/10\/Heat-Dissipation-788x1024.webp\" class=\"attachment-large size-large\" alt=\"V\u00e4rmeavledning\" srcset=\"https:\/\/www.telaled.com\/wp-content\/uploads\/2025\/10\/Heat-Dissipation-788x1024.webp 788w, https:\/\/www.telaled.com\/wp-content\/uploads\/2025\/10\/Heat-Dissipation-231x300.webp 231w, https:\/\/www.telaled.com\/wp-content\/uploads\/2025\/10\/Heat-Dissipation-768x998.webp 768w, https:\/\/www.telaled.com\/wp-content\/uploads\/2025\/10\/Heat-Dissipation-9x12.webp 9w, https:\/\/www.telaled.com\/wp-content\/uploads\/2025\/10\/Heat-Dissipation-600x780.webp 600w, https:\/\/www.telaled.com\/wp-content\/uploads\/2025\/10\/Heat-Dissipation.webp 1000w\" sizes=\"auto, (max-width: 788px) 100vw, 788px\" \/>\t\t\t\t\t\t\n\t\t\t\t\t<\/div>\n\t\t\t\t\t\t\t\t\n<style>\n#image_479566180 {\n  width: 80%;\n}\n<\/style>\n\t<\/div>\n\t\n<ul>\n<li><strong>Hydraulisk lyft och 360\u00b0 rotation<\/strong> Sk\u00e4rmen kan h\u00f6jas upp till 1 meter och roteras 360 grader, vilket g\u00f6r att meddelanden kan visas p\u00e5 valfri h\u00f6jd och vinkel f\u00f6r maximal r\u00e4ckvidd.<\/li>\n<\/ul>\n\t<div class=\"img has-hover x md-x lg-x y md-y lg-y\" id=\"image_1425724812\">\n\t\t\t\t\t\t\t\t<div class=\"img-inner dark\" >\n\t\t\t<img loading=\"lazy\" decoding=\"async\" width=\"788\" height=\"1024\" src=\"https:\/\/www.telaled.com\/wp-content\/uploads\/2025\/10\/Hydraulic-Lift-788x1024.webp\" class=\"attachment-large size-large\" alt=\"\" srcset=\"https:\/\/www.telaled.com\/wp-content\/uploads\/2025\/10\/Hydraulic-Lift-788x1024.webp 788w, https:\/\/www.telaled.com\/wp-content\/uploads\/2025\/10\/Hydraulic-Lift-231x300.webp 231w, https:\/\/www.telaled.com\/wp-content\/uploads\/2025\/10\/Hydraulic-Lift-768x998.webp 768w, https:\/\/www.telaled.com\/wp-content\/uploads\/2025\/10\/Hydraulic-Lift-9x12.webp 9w, https:\/\/www.telaled.com\/wp-content\/uploads\/2025\/10\/Hydraulic-Lift-600x780.webp 600w, https:\/\/www.telaled.com\/wp-content\/uploads\/2025\/10\/Hydraulic-Lift.webp 1000w\" sizes=\"auto, (max-width: 788px) 100vw, 788px\" \/>\t\t\t\t\t\t\n\t\t\t\t\t<\/div>\n\t\t\t\t\t\t\t\t\n<style>\n#image_1425724812 {\n  width: 80%;\n}\n<\/style>\n\t<\/div>\n\t\n<ul>\n<li>O <strong>LED-display f\u00f6r sl\u00e4pvagnar i TCR-serien<\/strong> Den \u00e4r f\u00f6rpackad i robusta, f\u00f6rst\u00e4rkta tr\u00e4l\u00e5dor f\u00f6r att klara l\u00e5nga transporter. Varje enhet \u00e4r ordentligt s\u00e4krad f\u00f6r att f\u00f6rhindra skador fr\u00e5n st\u00f6tar eller skadedjur, vilket s\u00e4kerst\u00e4ller att den anl\u00e4nder i perfekt fungerande skick.<\/li>\n<\/ul>\n\t<div class=\"img has-hover x md-x lg-x y md-y lg-y\" id=\"image_1534221956\">\n\t\t\t\t\t\t\t\t<div class=\"img-inner dark\" >\n\t\t\t<img loading=\"lazy\" decoding=\"async\" width=\"760\" height=\"1024\" src=\"https:\/\/www.telaled.com\/wp-content\/uploads\/2025\/08\/36123f2c-de60-488d-af81-255cd4aee54a-760x1024.webp\" class=\"attachment-large size-large\" alt=\"\" srcset=\"https:\/\/www.telaled.com\/wp-content\/uploads\/2025\/08\/36123f2c-de60-488d-af81-255cd4aee54a-760x1024.webp 760w, https:\/\/www.telaled.com\/wp-content\/uploads\/2025\/08\/36123f2c-de60-488d-af81-255cd4aee54a-223x300.webp 223w, https:\/\/www.telaled.com\/wp-content\/uploads\/2025\/08\/36123f2c-de60-488d-af81-255cd4aee54a-768x1035.webp 768w, https:\/\/www.telaled.com\/wp-content\/uploads\/2025\/08\/36123f2c-de60-488d-af81-255cd4aee54a-9x12.webp 9w, https:\/\/www.telaled.com\/wp-content\/uploads\/2025\/08\/36123f2c-de60-488d-af81-255cd4aee54a-600x808.webp 600w, https:\/\/www.telaled.com\/wp-content\/uploads\/2025\/08\/36123f2c-de60-488d-af81-255cd4aee54a.webp 795w\" sizes=\"auto, (max-width: 760px) 100vw, 760px\" \/>\t\t\t\t\t\t\n\t\t\t\t\t<\/div>\n\t\t\t\t\t\t\t\t\n<style>\n#image_1534221956 {\n  width: 80%;\n}\n<\/style>\n\t<\/div>\n\t\n\n<table id=\"tablepress-97\" class=\"tablepress tablepress-id-97\">\n<thead>\n<tr class=\"row-1\">\n\t<th colspan=\"4\" class=\"column-1\">Produktparametrar<\/th>\n<\/tr>\n<\/thead>\n<tbody class=\"row-striping row-hover\">\n<tr class=\"row-2\">\n\t<td class=\"column-1\">Avst\u00e5nd mellan pixlar (mm)<\/td><td class=\"column-2\">6,67<\/td><td class=\"column-3\"><\/td><td class=\"column-4\"><\/td>\n<\/tr>\n<tr class=\"row-3\">\n\t<td class=\"column-1\">Pixelt\u00e4thet (po\u00e4ng\/m\u00b2)<\/td><td class=\"column-2\">22478<\/td><td class=\"column-3\"><\/td><td class=\"column-4\"><\/td>\n<\/tr>\n<tr class=\"row-4\">\n\t<td class=\"column-1\">LED-inkapsling<\/td><td class=\"column-2\">SMD 4535<\/td><td class=\"column-3\"><\/td><td class=\"column-4\"><\/td>\n<\/tr>\n<tr class=\"row-5\">\n\t<td class=\"column-1\">K\u00f6rmetod<\/td><td class=\"column-2\">1\/8<\/td><td class=\"column-3\"><\/td><td class=\"column-4\"><\/td>\n<\/tr>\n<tr class=\"row-6\">\n\t<td class=\"column-1\">Moduluppl\u00f6sning (punkt)<\/td><td class=\"column-2\">48*28<\/td><td class=\"column-3\"><\/td><td class=\"column-4\"><\/td>\n<\/tr>\n<tr class=\"row-7\">\n\t<td class=\"column-1\">Modulstorlek (mm)<\/td><td class=\"column-2\">320*160<\/td><td class=\"column-3\"><\/td><td class=\"column-4\"><\/td>\n<\/tr>\n<tr class=\"row-8\">\n\t<td class=\"column-1\">Modulens str\u00f6mf\u00f6rbrukning (W)<\/td><td class=\"column-2\">\u226418<\/td><td class=\"column-3\"><\/td><td class=\"column-4\"><\/td>\n<\/tr>\n<tr class=\"row-9\">\n\t<td class=\"column-1\">Driftsp\u00e4nning (V)<\/td><td class=\"column-2\">DC 3.2\/4.2<\/td><td class=\"column-3\"><\/td><td class=\"column-4\"><\/td>\n<\/tr>\n<tr class=\"row-10\">\n\t<td class=\"column-1\">Maximal f\u00f6rbrukning (W\/m\u00b2)<\/td><td class=\"column-2\"><350<\/td><td class=\"column-3\"><\/td><td class=\"column-4\"><\/td>\n<\/tr>\n<tr class=\"row-11\">\n\t<td class=\"column-1\">Genomsnittlig f\u00f6rbrukning (W\/m\u00b2)<\/td><td class=\"column-2\"><120<\/td><td class=\"column-3\"><\/td><td class=\"column-4\"><\/td>\n<\/tr>\n<tr class=\"row-12\">\n\t<td class=\"column-1\">Ljusstyrka (CD\/m\u00b2)<\/td><td class=\"column-2\">10000<\/td><td class=\"column-3\"><\/td><td class=\"column-4\"><\/td>\n<\/tr>\n<tr class=\"row-13\">\n\t<td class=\"column-1\">F\u00e4rgtemperatur (K)<\/td><td class=\"column-2\">6000~8000<\/td><td class=\"column-3\"><\/td><td class=\"column-4\"><\/td>\n<\/tr>\n<tr class=\"row-14\">\n\t<td class=\"column-1\">Se \u00e4ngel (H\/V)<\/td><td class=\"column-2\">120\u00b0<\/td><td class=\"column-3\"><\/td><td class=\"column-4\"><\/td>\n<\/tr>\n<tr class=\"row-15\">\n\t<td class=\"column-1\">Uppdateringsfrekvens (Hz)<\/td><td class=\"column-2\">3840<\/td><td class=\"column-3\"><\/td><td class=\"column-4\"><\/td>\n<\/tr>\n<tr class=\"row-16\">\n\t<td class=\"column-1\">Driftstemperatur (\u00b0C)<\/td><td class=\"column-2\">-20~50<\/td><td class=\"column-3\"><\/td><td class=\"column-4\"><\/td>\n<\/tr>\n<tr class=\"row-17\">\n\t<td class=\"column-1\">Skyddsgrad (F\/B)<\/td><td class=\"column-2\">IP65|IP54<\/td><td class=\"column-3\"><\/td><td class=\"column-4\"><\/td>\n<\/tr>\n<tr class=\"row-18\">\n\t<td class=\"column-1\">Gr\u00e5skala \/ Skala (bit)<\/td><td class=\"column-2\">13<\/td><td class=\"column-3\"><\/td><td class=\"column-4\"><\/td>\n<\/tr>\n<\/tbody>\n<\/table>\n<!-- #tablepress-97 from cache -->\n\t\t<\/div>\n\t\t\t\t\t<\/div>\n\n\t\n<\/div>\n\t\t<\/div>\n\t\t\t\t\t<\/div>\n\n\t\n<\/div>","protected":false},"excerpt":{"rendered":"<p><strong>LED-displaytrailer \u2013 Mobil annonsering gjort enkelt<\/strong><\/p>\n<p><em><strong>LED-display f\u00f6r sl\u00e4pvagnar i TCR-serien<\/strong><\/em> Den kombinerar mobilitet och kraftfull grafik i en enda l\u00f6sning. Byggd med h\u00f6gkvalitativa LED-paneler monterade p\u00e5 en sl\u00e4pvagn, l\u00e5ter den dig ta med ditt budskap vart som helst och n\u00e5 din publik i realtid.<\/p>\n<p><strong>4 huvudf\u00f6rdelar:<\/strong><\/p>\n<ul>\n<li><strong>R\u00f6rlighet<\/strong> \u2013 Bogsera den vart som helst och s\u00e4tt upp den snabbt f\u00f6r omedelbar reklamr\u00e4ckvidd.<\/li>\n<li><strong>H\u00f6g synlighet<\/strong> Ljusa LED-sk\u00e4rmar ser till att ditt inneh\u00e5ll sticker ut dag som natt.<\/li>\n<li><strong>Flexibel anv\u00e4ndning<\/strong> Idealisk f\u00f6r <a href=\"https:\/\/www.telaled.com\/sv\/painel-de-led-para-eventos\/\">evenemang<\/a> Utomhus, marknadsf\u00f6ring, politiska kampanjer och varum\u00e4rkesaktiveringar.<\/li>\n<li><strong>Ekonomisk<\/strong> \u2013 Det erbjuder storskalig exponering utan de h\u00f6ga kostnaderna f\u00f6r fasta reklamskyltar.<\/li>\n<\/ul>\n<p><span style=\"font-weight: 400;\">V\u00e5rt team erbjuder fj\u00e4rrsupport dygnet runt, plus 3 \u00e5rs garanti. Kontakta oss idag f\u00f6r en personlig offert.<\/span><\/p>","protected":false},"featured_media":3817,"template":"","meta":[],"product_brand":[],"product_cat":[48,40,44,46],"product_tag":[],"class_list":{"0":"post-3786","1":"product","2":"type-product","3":"status-publish","4":"has-post-thumbnail","6":"product_cat-paineis-personalizados","7":"product_cat-painel-de-led","8":"product_cat-painel-de-led-flexivel","9":"product_cat-painel-de-video","11":"first","12":"instock","13":"shipping-taxable","14":"product-type-simple"},"yoast_head":"<!-- This site is optimized with the Yoast SEO plugin v27.4 - https:\/\/yoast.com\/product\/yoast-seo-wordpress\/ -->\n<title>LED Display Trailer S\u00e9rie TCR | TELALED<\/title>\n<meta name=\"description\" content=\"LED Display Trailer S\u00e9rie TCR - um outdoor digital m\u00f3vel com telas de LED brilhantes, configura\u00e7\u00e3o flex\u00edvel e alta visibilidade para eventos ao ar livre.\" \/>\n<meta name=\"robots\" content=\"index, follow, max-snippet:-1, max-image-preview:large, max-video-preview:-1\" \/>\n<link rel=\"canonical\" href=\"https:\/\/www.telaled.com\/sv\/fabrica\/led-display-trailer-serie-tcr\/\" \/>\n<meta property=\"og:locale\" content=\"sv_SE\" \/>\n<meta property=\"og:type\" content=\"article\" \/>\n<meta property=\"og:title\" content=\"LED Display Trailer S\u00e9rie TCR | TELALED\" \/>\n<meta property=\"og:description\" content=\"LED Display Trailer S\u00e9rie TCR - um outdoor digital m\u00f3vel com telas de LED brilhantes, configura\u00e7\u00e3o flex\u00edvel e alta visibilidade para eventos ao ar livre.\" \/>\n<meta property=\"og:url\" content=\"https:\/\/www.telaled.com\/sv\/fabrica\/led-display-trailer-serie-tcr\/\" \/>\n<meta property=\"og:site_name\" content=\"TELALED\" \/>\n<meta property=\"article:modified_time\" content=\"2026-01-07T01:39:05+00:00\" \/>\n<meta property=\"og:image\" content=\"https:\/\/www.telaled.com\/wp-content\/uploads\/2025\/10\/LED-Display-Trailer-5.webp\" \/>\n\t<meta property=\"og:image:width\" content=\"500\" \/>\n\t<meta property=\"og:image:height\" content=\"500\" \/>\n\t<meta property=\"og:image:type\" content=\"image\/webp\" \/>\n<meta name=\"twitter:card\" content=\"summary_large_image\" \/>\n<meta name=\"twitter:label1\" content=\"Est. reading time\" \/>\n\t<meta name=\"twitter:data1\" content=\"3 minuter\" \/>\n<script type=\"application\/ld+json\" class=\"yoast-schema-graph\">{\"@context\":\"https:\\\/\\\/schema.org\",\"@graph\":[{\"@type\":\"WebPage\",\"@id\":\"https:\\\/\\\/www.telaled.com\\\/fabrica\\\/led-display-trailer-serie-tcr\\\/\",\"url\":\"https:\\\/\\\/www.telaled.com\\\/fabrica\\\/led-display-trailer-serie-tcr\\\/\",\"name\":\"LED Display Trailer S\u00e9rie TCR | TELALED\",\"isPartOf\":{\"@id\":\"https:\\\/\\\/www.telaled.com\\\/#website\"},\"primaryImageOfPage\":{\"@id\":\"https:\\\/\\\/www.telaled.com\\\/fabrica\\\/led-display-trailer-serie-tcr\\\/#primaryimage\"},\"image\":{\"@id\":\"https:\\\/\\\/www.telaled.com\\\/fabrica\\\/led-display-trailer-serie-tcr\\\/#primaryimage\"},\"thumbnailUrl\":\"https:\\\/\\\/www.telaled.com\\\/wp-content\\\/uploads\\\/2025\\\/10\\\/LED-Display-Trailer-5.webp\",\"datePublished\":\"2025-10-03T18:46:32+00:00\",\"dateModified\":\"2026-01-07T01:39:05+00:00\",\"description\":\"LED Display Trailer S\u00e9rie TCR - um outdoor digital m\u00f3vel com telas de LED brilhantes, configura\u00e7\u00e3o flex\u00edvel e alta visibilidade para eventos ao ar livre.\",\"breadcrumb\":{\"@id\":\"https:\\\/\\\/www.telaled.com\\\/fabrica\\\/led-display-trailer-serie-tcr\\\/#breadcrumb\"},\"inLanguage\":\"sv-SE\",\"potentialAction\":[{\"@type\":\"ReadAction\",\"target\":[\"https:\\\/\\\/www.telaled.com\\\/fabrica\\\/led-display-trailer-serie-tcr\\\/\"]}]},{\"@type\":\"ImageObject\",\"inLanguage\":\"sv-SE\",\"@id\":\"https:\\\/\\\/www.telaled.com\\\/fabrica\\\/led-display-trailer-serie-tcr\\\/#primaryimage\",\"url\":\"https:\\\/\\\/www.telaled.com\\\/wp-content\\\/uploads\\\/2025\\\/10\\\/LED-Display-Trailer-5.webp\",\"contentUrl\":\"https:\\\/\\\/www.telaled.com\\\/wp-content\\\/uploads\\\/2025\\\/10\\\/LED-Display-Trailer-5.webp\",\"width\":500,\"height\":500,\"caption\":\"LED Display Trailer 5\"},{\"@type\":\"BreadcrumbList\",\"@id\":\"https:\\\/\\\/www.telaled.com\\\/fabrica\\\/led-display-trailer-serie-tcr\\\/#breadcrumb\",\"itemListElement\":[{\"@type\":\"ListItem\",\"position\":1,\"name\":\"Home\",\"item\":\"https:\\\/\\\/www.telaled.com\\\/\"},{\"@type\":\"ListItem\",\"position\":2,\"name\":\"Produtos\",\"item\":\"https:\\\/\\\/www.telaled.com\\\/shop\\\/\"},{\"@type\":\"ListItem\",\"position\":3,\"name\":\"LED Display Trailer S\u00e9rie TCR\"}]},{\"@type\":\"WebSite\",\"@id\":\"https:\\\/\\\/www.telaled.com\\\/#website\",\"url\":\"https:\\\/\\\/www.telaled.com\\\/\",\"name\":\"TELALED\",\"description\":\"\",\"potentialAction\":[{\"@type\":\"SearchAction\",\"target\":{\"@type\":\"EntryPoint\",\"urlTemplate\":\"https:\\\/\\\/www.telaled.com\\\/?s={search_term_string}\"},\"query-input\":{\"@type\":\"PropertyValueSpecification\",\"valueRequired\":true,\"valueName\":\"search_term_string\"}}],\"inLanguage\":\"sv-SE\"}]}<\/script>\n<!-- \/ Yoast SEO plugin. -->","yoast_head_json":{"title":"LED-display f\u00f6r sl\u00e4pvagn TCR-serien | LED-SK\u00c4RM","description":"TCR-serien LED-displaytrailer \u2013 en mobil digital skylt med ljusa LED-sk\u00e4rmar, flexibel konfiguration och h\u00f6g synlighet f\u00f6r utomhusevenemang.","robots":{"index":"index","follow":"follow","max-snippet":"max-snippet:-1","max-image-preview":"max-image-preview:large","max-video-preview":"max-video-preview:-1"},"canonical":"https:\/\/www.telaled.com\/sv\/fabrica\/led-display-trailer-serie-tcr\/","og_locale":"sv_SE","og_type":"article","og_title":"LED Display Trailer S\u00e9rie TCR | TELALED","og_description":"LED Display Trailer S\u00e9rie TCR - um outdoor digital m\u00f3vel com telas de LED brilhantes, configura\u00e7\u00e3o flex\u00edvel e alta visibilidade para eventos ao ar livre.","og_url":"https:\/\/www.telaled.com\/sv\/fabrica\/led-display-trailer-serie-tcr\/","og_site_name":"TELALED","article_modified_time":"2026-01-07T01:39:05+00:00","og_image":[{"width":500,"height":500,"url":"https:\/\/www.telaled.com\/wp-content\/uploads\/2025\/10\/LED-Display-Trailer-5.webp","type":"image\/webp"}],"twitter_card":"summary_large_image","twitter_misc":{"Est. reading time":"3 minuter"},"schema":{"@context":"https:\/\/schema.org","@graph":[{"@type":"WebPage","@id":"https:\/\/www.telaled.com\/fabrica\/led-display-trailer-serie-tcr\/","url":"https:\/\/www.telaled.com\/fabrica\/led-display-trailer-serie-tcr\/","name":"LED-display f\u00f6r sl\u00e4pvagn TCR-serien | LED-SK\u00c4RM","isPartOf":{"@id":"https:\/\/www.telaled.com\/#website"},"primaryImageOfPage":{"@id":"https:\/\/www.telaled.com\/fabrica\/led-display-trailer-serie-tcr\/#primaryimage"},"image":{"@id":"https:\/\/www.telaled.com\/fabrica\/led-display-trailer-serie-tcr\/#primaryimage"},"thumbnailUrl":"https:\/\/www.telaled.com\/wp-content\/uploads\/2025\/10\/LED-Display-Trailer-5.webp","datePublished":"2025-10-03T18:46:32+00:00","dateModified":"2026-01-07T01:39:05+00:00","description":"TCR-serien LED-displaytrailer \u2013 en mobil digital skylt med ljusa LED-sk\u00e4rmar, flexibel konfiguration och h\u00f6g synlighet f\u00f6r utomhusevenemang.","breadcrumb":{"@id":"https:\/\/www.telaled.com\/fabrica\/led-display-trailer-serie-tcr\/#breadcrumb"},"inLanguage":"sv-SE","potentialAction":[{"@type":"ReadAction","target":["https:\/\/www.telaled.com\/fabrica\/led-display-trailer-serie-tcr\/"]}]},{"@type":"ImageObject","inLanguage":"sv-SE","@id":"https:\/\/www.telaled.com\/fabrica\/led-display-trailer-serie-tcr\/#primaryimage","url":"https:\/\/www.telaled.com\/wp-content\/uploads\/2025\/10\/LED-Display-Trailer-5.webp","contentUrl":"https:\/\/www.telaled.com\/wp-content\/uploads\/2025\/10\/LED-Display-Trailer-5.webp","width":500,"height":500,"caption":"LED Display Trailer 5"},{"@type":"BreadcrumbList","@id":"https:\/\/www.telaled.com\/fabrica\/led-display-trailer-serie-tcr\/#breadcrumb","itemListElement":[{"@type":"ListItem","position":1,"name":"Home","item":"https:\/\/www.telaled.com\/"},{"@type":"ListItem","position":2,"name":"Produtos","item":"https:\/\/www.telaled.com\/shop\/"},{"@type":"ListItem","position":3,"name":"LED Display Trailer S\u00e9rie TCR"}]},{"@type":"WebSite","@id":"https:\/\/www.telaled.com\/#website","url":"https:\/\/www.telaled.com\/","name":"LED-sk\u00e4rm","description":"","potentialAction":[{"@type":"SearchAction","target":{"@type":"EntryPoint","urlTemplate":"https:\/\/www.telaled.com\/?s={search_term_string}"},"query-input":{"@type":"PropertyValueSpecification","valueRequired":true,"valueName":"search_term_string"}}],"inLanguage":"sv-SE"}]}},"_links":{"self":[{"href":"https:\/\/www.telaled.com\/sv\/wp-json\/wp\/v2\/product\/3786","targetHints":{"allow":["GET"]}}],"collection":[{"href":"https:\/\/www.telaled.com\/sv\/wp-json\/wp\/v2\/product"}],"about":[{"href":"https:\/\/www.telaled.com\/sv\/wp-json\/wp\/v2\/types\/product"}],"wp:featuredmedia":[{"embeddable":true,"href":"https:\/\/www.telaled.com\/sv\/wp-json\/wp\/v2\/media\/3817"}],"wp:attachment":[{"href":"https:\/\/www.telaled.com\/sv\/wp-json\/wp\/v2\/media?parent=3786"}],"wp:term":[{"taxonomy":"product_brand","embeddable":true,"href":"https:\/\/www.telaled.com\/sv\/wp-json\/wp\/v2\/product_brand?post=3786"},{"taxonomy":"product_cat","embeddable":true,"href":"https:\/\/www.telaled.com\/sv\/wp-json\/wp\/v2\/product_cat?post=3786"},{"taxonomy":"product_tag","embeddable":true,"href":"https:\/\/www.telaled.com\/sv\/wp-json\/wp\/v2\/product_tag?post=3786"}],"curies":[{"name":"wp","href":"https:\/\/api.w.org\/{rel}","templated":true}]}}