{"id":3751,"date":"2025-10-02T18:10:45","date_gmt":"2025-10-02T18:10:45","guid":{"rendered":"https:\/\/www.telaled.com\/?post_type=product&#038;p=3751"},"modified":"2025-12-27T08:01:12","modified_gmt":"2025-12-27T08:01:12","slug":"placar-eletronico-para-basquete-serie-tee","status":"publish","type":"product","link":"https:\/\/www.telaled.com\/sv\/fabrica\/placar-eletronico-para-basquete-serie-tee\/","title":{"rendered":"Elektronisk resultattavla f\u00f6r basket, TEE-serien"},"content":{"rendered":"<div class=\"row\"  id=\"row-882559408\">\n\n\t<div id=\"col-114975009\" class=\"col small-12 large-12\"  >\n\t\t\t\t<div class=\"col-inner\"  >\n\t\t\t\n\t\t\t\n<h2><strong>Exklusiva f\u00f6rdelar med den elektroniska resultattavlan f\u00f6r TEE-seriens basket<\/strong><\/h2>\n<h3><strong>Professionellt moderkort<\/strong><\/h3>\n<ul>\n<li>Den stabila designen i flera lager s\u00e4kerst\u00e4ller konsekvent prestanda i spelet.<\/li>\n<li>Den optimerade layouten f\u00f6rhindrar \u00f6verhettning och funktionsfel.<\/li>\n<li>L\u00e5ng livsl\u00e4ngd med minimalt underh\u00e5llsbehov.<\/li>\n<\/ul>\n<h3><strong>Tr\u00e5dl\u00f6s fj\u00e4rrkontroll<\/strong><\/h3>\n<ul>\n<li>Enkel po\u00e4ngs\u00e4ttning och tidsjustering med en knapptryckning.<\/li>\n<li>Effektiv r\u00e4ckvidd p\u00e5 upp till 30 meter.<\/li>\n<li>Flexibla redigeringsfunktioner f\u00f6r snabb matchhantering.<\/li>\n<\/ul>\n<h3><strong>H\u00e5llbar legeringsstruktur<\/strong><\/h3>\n<ul>\n<li>Stark men l\u00e4tt struktur f\u00f6r stabilitet och portabilitet.<\/li>\n<li>Resistent mot st\u00f6tar och dagligt slitage under intensivt spelande.<\/li>\n<li>Byggd f\u00f6r att h\u00e5lla i flera s\u00e4songer.<\/li>\n<\/ul>\n<h3><strong>HD-LED-sk\u00e4rm<\/strong><\/h3>\n<ul>\n<li>Stora, ljusa siffror, synliga \u00e4ven p\u00e5 stora arenor.<\/li>\n<li>Den \u00f6vervakar noggrant po\u00e4ng, fr\u00e5nvaro, perioder och tid.<\/li>\n<li>Det engagerar publiken genom att h\u00e5lla partituret tydligt fr\u00e5n alla vinklar.<\/li>\n<\/ul>\n<h2><strong>Produktinformation<\/strong><\/h2>\n<div class=\"row\"  id=\"row-468945576\">\n\n\t<div id=\"col-1767799255\" class=\"col medium-10 small-12 large-10\"  >\n\t\t\t\t<div class=\"col-inner text-left\"  >\n\t\t\t\n\t\t\t\n<ul>\n<li><strong>Hela spelets instrumentpanel<\/strong> De <strong>Elektronisk resultattavla f\u00f6r basket, TEE-serien<\/strong> Den visar pauser, fouls, hemma- och bortaresultat och en skottklocka p\u00e5 14\/24 sekunder. Den levereras med en dedikerad spelkontroll f\u00f6r smidig drift och en integrerad summer som signalerar viktiga \u00f6gonblick, vilket s\u00e4kerst\u00e4ller exakt och professionell matchhantering.<\/li>\n<\/ul>\n\t<div class=\"img has-hover x md-x lg-x y md-y lg-y\" id=\"image_712918824\">\n\t\t\t\t\t\t\t\t<div class=\"img-inner dark\" >\n\t\t\t<img loading=\"lazy\" decoding=\"async\" width=\"800\" height=\"800\" src=\"https:\/\/www.telaled.com\/wp-content\/uploads\/2025\/10\/Scoreboard-Features-Game-Display.webp\" class=\"attachment-large size-large\" alt=\"Elektronisk resultattavla f\u00f6r basket - speldisplay\" srcset=\"https:\/\/www.telaled.com\/wp-content\/uploads\/2025\/10\/Scoreboard-Features-Game-Display.webp 800w, https:\/\/www.telaled.com\/wp-content\/uploads\/2025\/10\/Scoreboard-Features-Game-Display-300x300.webp 300w, https:\/\/www.telaled.com\/wp-content\/uploads\/2025\/10\/Scoreboard-Features-Game-Display-150x150.webp 150w, https:\/\/www.telaled.com\/wp-content\/uploads\/2025\/10\/Scoreboard-Features-Game-Display-768x768.webp 768w, https:\/\/www.telaled.com\/wp-content\/uploads\/2025\/10\/Scoreboard-Features-Game-Display-12x12.webp 12w, https:\/\/www.telaled.com\/wp-content\/uploads\/2025\/10\/Scoreboard-Features-Game-Display-600x600.webp 600w, https:\/\/www.telaled.com\/wp-content\/uploads\/2025\/10\/Scoreboard-Features-Game-Display-100x100.webp 100w\" sizes=\"auto, (max-width: 800px) 100vw, 800px\" \/>\t\t\t\t\t\t\n\t\t\t\t\t<\/div>\n\t\t\t\t\t\t\t\t\n<style>\n#image_712918824 {\n  width: 80%;\n}\n<\/style>\n\t<\/div>\n\t\n<ul>\n<li><strong>Kompakt, men \u00e4nd\u00e5 synlig.<\/strong> \u2013 Huvudresultattavlan m\u00e4ter 58 cm x 35 cm (22,8 tum x 13,8 tum), medan 14\/24-sekundersklockan m\u00e4ter 33 cm x 25 cm (13 tum x 9,8 tum). Den \u00e4r utformad f\u00f6r tydlighet och effektivitet, och dess \u00f6vergripande m\u00e5tt erbjuder den perfekta balansen mellan portabilitet och h\u00f6g synlighet, vilket g\u00f6r den idealisk f\u00f6r olika basketarenor.<\/li>\n<\/ul>\n\t<div class=\"img has-hover x md-x lg-x y md-y lg-y\" id=\"image_1672236986\">\n\t\t\t\t\t\t\t\t<div class=\"img-inner dark\" >\n\t\t\t<img loading=\"lazy\" decoding=\"async\" width=\"1080\" height=\"1080\" src=\"https:\/\/www.telaled.com\/wp-content\/uploads\/2025\/10\/Sizing.webp\" class=\"attachment-original size-original\" alt=\"\" srcset=\"https:\/\/www.telaled.com\/wp-content\/uploads\/2025\/10\/Sizing.webp 1080w, https:\/\/www.telaled.com\/wp-content\/uploads\/2025\/10\/Sizing-300x300.webp 300w, https:\/\/www.telaled.com\/wp-content\/uploads\/2025\/10\/Sizing-1024x1024.webp 1024w, https:\/\/www.telaled.com\/wp-content\/uploads\/2025\/10\/Sizing-150x150.webp 150w, https:\/\/www.telaled.com\/wp-content\/uploads\/2025\/10\/Sizing-768x768.webp 768w, https:\/\/www.telaled.com\/wp-content\/uploads\/2025\/10\/Sizing-12x12.webp 12w, https:\/\/www.telaled.com\/wp-content\/uploads\/2025\/10\/Sizing-600x600.webp 600w, https:\/\/www.telaled.com\/wp-content\/uploads\/2025\/10\/Sizing-100x100.webp 100w\" sizes=\"auto, (max-width: 1080px) 100vw, 1080px\" \/>\t\t\t\t\t\t\n\t\t\t\t\t<\/div>\n\t\t\t\t\t\t\t\t\n<style>\n#image_1672236986 {\n  width: 80%;\n}\n<\/style>\n\t<\/div>\n\t\n<ul>\n<li><strong>Konsol med LCD-peksk\u00e4rm<\/strong> \u2013 Utformad f\u00f6r <strong>Elektronisk resultattavla f\u00f6r basket, TEE-serien<\/strong>, Denna konsol har en antenn, laddningsport av typ C, stylus och en responsiv sk\u00e4rm. Den g\u00f6r det m\u00f6jligt f\u00f6r operat\u00f6rer att uppdatera po\u00e4ng, kontrollera planklockan och registrera fouls eller timeouts snabbt och exakt.<\/li>\n<\/ul>\n\t<div class=\"img has-hover x md-x lg-x y md-y lg-y\" id=\"image_735297007\">\n\t\t\t\t\t\t\t\t<div class=\"img-inner dark\" >\n\t\t\t<img loading=\"lazy\" decoding=\"async\" width=\"750\" height=\"750\" src=\"https:\/\/www.telaled.com\/wp-content\/uploads\/2025\/10\/Controller.webp\" class=\"attachment-large size-large\" alt=\"\" srcset=\"https:\/\/www.telaled.com\/wp-content\/uploads\/2025\/10\/Controller.webp 750w, https:\/\/www.telaled.com\/wp-content\/uploads\/2025\/10\/Controller-300x300.webp 300w, https:\/\/www.telaled.com\/wp-content\/uploads\/2025\/10\/Controller-150x150.webp 150w, https:\/\/www.telaled.com\/wp-content\/uploads\/2025\/10\/Controller-12x12.webp 12w, https:\/\/www.telaled.com\/wp-content\/uploads\/2025\/10\/Controller-600x600.webp 600w, https:\/\/www.telaled.com\/wp-content\/uploads\/2025\/10\/Controller-100x100.webp 100w\" sizes=\"auto, (max-width: 750px) 100vw, 750px\" \/>\t\t\t\t\t\t\n\t\t\t\t\t<\/div>\n\t\t\t\t\t\t\t\t\n<style>\n#image_735297007 {\n  width: 80%;\n}\n<\/style>\n\t<\/div>\n\t\n<ul>\n<li><strong>Str\u00f6m- och anslutningsalternativ<\/strong> \u2013 B\u00e5de resultattavlan och st\u00f6td\u00e4mparklockan st\u00f6der laddning av typ C f\u00f6r snabb och p\u00e5litlig str\u00f6m. De \u00e4r kompatibla med laddningsbara batterier, vilket ger flexibilitet f\u00f6r kontinuerlig anv\u00e4ndning, oavsett om det g\u00e4ller tr\u00e4ningspass eller officiella matcher.<\/li>\n<\/ul>\n\t<div class=\"img has-hover x md-x lg-x y md-y lg-y\" id=\"image_1873331314\">\n\t\t\t\t\t\t\t\t<div class=\"img-inner dark\" >\n\t\t\t<img loading=\"lazy\" decoding=\"async\" width=\"800\" height=\"694\" src=\"https:\/\/www.telaled.com\/wp-content\/uploads\/2025\/10\/Other-Details.webp\" class=\"attachment-large size-large\" alt=\"\" srcset=\"https:\/\/www.telaled.com\/wp-content\/uploads\/2025\/10\/Other-Details.webp 800w, https:\/\/www.telaled.com\/wp-content\/uploads\/2025\/10\/Other-Details-300x260.webp 300w, https:\/\/www.telaled.com\/wp-content\/uploads\/2025\/10\/Other-Details-768x666.webp 768w, https:\/\/www.telaled.com\/wp-content\/uploads\/2025\/10\/Other-Details-14x12.webp 14w, https:\/\/www.telaled.com\/wp-content\/uploads\/2025\/10\/Other-Details-600x521.webp 600w\" sizes=\"auto, (max-width: 800px) 100vw, 800px\" \/>\t\t\t\t\t\t\n\t\t\t\t\t<\/div>\n\t\t\t\t\t\t\t\t\n<style>\n#image_1873331314 {\n  width: 80%;\n}\n<\/style>\n\t<\/div>\n\t\n<ul>\n<li><strong>Elektronisk resultattavla f\u00f6r basket, TEE-serien <\/strong>De \u00e4r packade i f\u00f6rst\u00e4rkta tr\u00e4l\u00e5dor f\u00f6r att garantera s\u00e4ker transport. Varje enhet \u00e4r ordentligt s\u00e4krad f\u00f6r att skydda den mot st\u00f6tar och skadedjur, vilket garanterar att den levereras intakt och med l\u00e5ng h\u00e5llbarhet.<\/li>\n<\/ul>\n\t<div class=\"img has-hover x md-x lg-x y md-y lg-y\" id=\"image_1143776587\">\n\t\t\t\t\t\t\t\t<div class=\"img-inner dark\" >\n\t\t\t<img loading=\"lazy\" decoding=\"async\" width=\"760\" height=\"1024\" src=\"https:\/\/www.telaled.com\/wp-content\/uploads\/2025\/08\/36123f2c-de60-488d-af81-255cd4aee54a-760x1024.webp\" class=\"attachment-large size-large\" alt=\"\" srcset=\"https:\/\/www.telaled.com\/wp-content\/uploads\/2025\/08\/36123f2c-de60-488d-af81-255cd4aee54a-760x1024.webp 760w, https:\/\/www.telaled.com\/wp-content\/uploads\/2025\/08\/36123f2c-de60-488d-af81-255cd4aee54a-223x300.webp 223w, https:\/\/www.telaled.com\/wp-content\/uploads\/2025\/08\/36123f2c-de60-488d-af81-255cd4aee54a-768x1035.webp 768w, https:\/\/www.telaled.com\/wp-content\/uploads\/2025\/08\/36123f2c-de60-488d-af81-255cd4aee54a-9x12.webp 9w, https:\/\/www.telaled.com\/wp-content\/uploads\/2025\/08\/36123f2c-de60-488d-af81-255cd4aee54a-600x808.webp 600w, https:\/\/www.telaled.com\/wp-content\/uploads\/2025\/08\/36123f2c-de60-488d-af81-255cd4aee54a.webp 795w\" sizes=\"auto, (max-width: 760px) 100vw, 760px\" \/>\t\t\t\t\t\t\n\t\t\t\t\t<\/div>\n\t\t\t\t\t\t\t\t\n<style>\n#image_1143776587 {\n  width: 80%;\n}\n<\/style>\n\t<\/div>\n\t\n\n<table id=\"tablepress-94\" class=\"tablepress tablepress-id-94\">\n<thead>\n<tr class=\"row-1\">\n\t<th colspan=\"4\" class=\"column-1\">Produktpresentation<\/th>\n<\/tr>\n<\/thead>\n<tbody class=\"row-striping row-hover\">\n<tr class=\"row-2\">\n\t<td class=\"column-1\">Definiera inklusive<\/td><td class=\"column-2\">1*Po\u00e4ngtavla, 2*24-sekundersklocka, 1*Spelkonsol, 1*Ballinnehavsr\u00e4knare, 1*Tuta<\/td><td class=\"column-3\"><\/td><td class=\"column-4\"><\/td>\n<\/tr>\n<tr class=\"row-3\">\n\t<td class=\"column-1\">Produktstorlek<\/td><td class=\"column-2\">M\u00e5tt p\u00e5 resultattavlan: 58*35*2,3 cm (22,8*13,8*0,9 tum)<br \/>\n24-sekundersklocka: 33*25*2,3 cm (13*9,8*0,9 tum)<br \/>\nBollinnehavsm\u00e5tt: 48*18*2,3 cm (18,9*7,1*0,9 tum)<br \/>\nSpelkonsolens m\u00e5tt: 18,7*13*3 cm (7,36*5,1*1,18 tum)<\/td><td class=\"column-3\"><\/td><td class=\"column-4\"><\/td>\n<\/tr>\n<tr class=\"row-4\">\n\t<td class=\"column-1\">Str\u00f6mk\u00e4lla<\/td><td class=\"column-2\">1 till 3 18650-batterier f\u00f6r resultattavla\/skjutklocka\/m\u00f6jlighet (batterier ing\u00e5r ej)<br \/>\n3 AA-batterier f\u00f6r tutan (batterier ing\u00e5r ej)<br \/>\nTyp-C str\u00f6mf\u00f6rs\u00f6rjning f\u00f6r spelkonsol<\/td><td class=\"column-3\"><\/td><td class=\"column-4\"><\/td>\n<\/tr>\n<tr class=\"row-5\">\n\t<td class=\"column-1\">Resurs<\/td><td class=\"column-2\">B\u00e4rbar, professionell, synkronisering<\/td><td class=\"column-3\"><\/td><td class=\"column-4\"><\/td>\n<\/tr>\n<tr class=\"row-6\">\n\t<td class=\"column-1\">Ans\u00f6kan<\/td><td class=\"column-2\">Basketplan inomhus och utomhus, visning av matchresultat.<\/td><td class=\"column-3\"><\/td><td class=\"column-4\"><\/td>\n<\/tr>\n<\/tbody>\n<\/table>\n<!-- #tablepress-94 from cache -->\n\t\t<\/div>\n\t\t\t\t\t<\/div>\n\n\t\n<\/div>\n\t\t<\/div>\n\t\t\t\t\t<\/div>\n\n\t\n<\/div>","protected":false},"excerpt":{"rendered":"<p><strong>Elektronisk resultattavla f\u00f6r TEE-seriens basket \u2013 Noggrann resultattavla f\u00f6r varje match<\/strong><\/p>\n<p>O <em><strong>Elektronisk resultattavla f\u00f6r basket, TEE-serien<\/strong><\/em> Den designades f\u00f6r att h\u00e5lla varje po\u00e4ng, kvart och timeout tydlig f\u00f6r spelare och fans. Med ljusstarka LED-siffror, p\u00e5litlig prestanda och l\u00e4ttanv\u00e4nda kontroller erbjuder den professionell po\u00e4ngs\u00e4ttning f\u00f6r skolor, gym och arenor.<\/p>\n<p><strong>Huvudf\u00f6rdelar:<\/strong><\/p>\n<ul>\n<li><strong>Omedelbara po\u00e4nguppdateringar<\/strong> \u2013 Visar po\u00e4ng, fouls och periodspel i realtid f\u00f6r ett smidigt spelfl\u00f6de.<\/li>\n<li><strong>Lysdioder med h\u00f6g synlighet<\/strong> Stora, ljusa siffror g\u00f6r po\u00e4ngen tydlig fr\u00e5n alla h\u00f6rn av planen.<\/li>\n<li><strong>H\u00e5llbar konstruktion<\/strong> \u2013 Byggd f\u00f6r att hantera det snabba tempot i spel med h\u00e5llbara komponenter.<\/li>\n<li><strong>L\u00e4tt att anv\u00e4nda<\/strong> Det enkla kontrollsystemet s\u00e4kerst\u00e4ller att domare och funktion\u00e4rer snabbt kan uppdatera resultat.<\/li>\n<\/ul>\n<p><span style=\"font-weight: 400;\">V\u00e5rt team erbjuder fj\u00e4rrsupport dygnet runt, plus 3 \u00e5rs garanti. Kontakta oss idag f\u00f6r en personlig offert.<\/span><\/p>","protected":false},"featured_media":3756,"template":"","meta":[],"product_brand":[],"product_cat":[48,40,44,46],"product_tag":[],"class_list":{"0":"post-3751","1":"product","2":"type-product","3":"status-publish","4":"has-post-thumbnail","6":"product_cat-paineis-personalizados","7":"product_cat-painel-de-led","8":"product_cat-painel-de-led-flexivel","9":"product_cat-painel-de-video","11":"first","12":"instock","13":"shipping-taxable","14":"product-type-simple"},"yoast_head":"<!-- This site is optimized with the Yoast SEO plugin v27.4 - https:\/\/yoast.com\/product\/yoast-seo-wordpress\/ -->\n<title>Placar Eletr\u00f4nico Para Basquete S\u00e9rie TEE | TELALED<\/title>\n<meta name=\"description\" content=\"O placar eletr\u00f4nico para basquete s\u00e9rie TEE mant\u00e9m cada jogo preciso e emocionante com pontua\u00e7\u00e3o em LED brilhante. Pe\u00e7a j\u00e1!\" \/>\n<meta name=\"robots\" content=\"index, follow, max-snippet:-1, max-image-preview:large, max-video-preview:-1\" \/>\n<link rel=\"canonical\" href=\"https:\/\/www.telaled.com\/sv\/fabrica\/placar-eletronico-para-basquete-serie-tee\/\" \/>\n<meta property=\"og:locale\" content=\"sv_SE\" \/>\n<meta property=\"og:type\" content=\"article\" \/>\n<meta property=\"og:title\" content=\"Placar Eletr\u00f4nico Para Basquete S\u00e9rie TEE | TELALED\" \/>\n<meta property=\"og:description\" content=\"O placar eletr\u00f4nico para basquete s\u00e9rie TEE mant\u00e9m cada jogo preciso e emocionante com pontua\u00e7\u00e3o em LED brilhante. Pe\u00e7a j\u00e1!\" \/>\n<meta property=\"og:url\" content=\"https:\/\/www.telaled.com\/sv\/fabrica\/placar-eletronico-para-basquete-serie-tee\/\" \/>\n<meta property=\"og:site_name\" content=\"TELALED\" \/>\n<meta property=\"article:modified_time\" content=\"2025-12-27T08:01:12+00:00\" \/>\n<meta property=\"og:image\" content=\"https:\/\/www.telaled.com\/wp-content\/uploads\/2025\/10\/Electronic-Basketball-Scoreboard-2.webp\" \/>\n\t<meta property=\"og:image:width\" content=\"500\" \/>\n\t<meta property=\"og:image:height\" content=\"500\" \/>\n\t<meta property=\"og:image:type\" content=\"image\/webp\" \/>\n<meta name=\"twitter:card\" content=\"summary_large_image\" \/>\n<meta name=\"twitter:label1\" content=\"Est. reading time\" \/>\n\t<meta name=\"twitter:data1\" content=\"3 minuter\" \/>\n<script type=\"application\/ld+json\" class=\"yoast-schema-graph\">{\"@context\":\"https:\\\/\\\/schema.org\",\"@graph\":[{\"@type\":\"WebPage\",\"@id\":\"https:\\\/\\\/www.telaled.com\\\/fabrica\\\/placar-eletronico-para-basquete-serie-tee\\\/\",\"url\":\"https:\\\/\\\/www.telaled.com\\\/fabrica\\\/placar-eletronico-para-basquete-serie-tee\\\/\",\"name\":\"Placar Eletr\u00f4nico Para Basquete S\u00e9rie TEE | TELALED\",\"isPartOf\":{\"@id\":\"https:\\\/\\\/www.telaled.com\\\/#website\"},\"primaryImageOfPage\":{\"@id\":\"https:\\\/\\\/www.telaled.com\\\/fabrica\\\/placar-eletronico-para-basquete-serie-tee\\\/#primaryimage\"},\"image\":{\"@id\":\"https:\\\/\\\/www.telaled.com\\\/fabrica\\\/placar-eletronico-para-basquete-serie-tee\\\/#primaryimage\"},\"thumbnailUrl\":\"https:\\\/\\\/www.telaled.com\\\/wp-content\\\/uploads\\\/2025\\\/10\\\/Electronic-Basketball-Scoreboard-2.webp\",\"datePublished\":\"2025-10-02T18:10:45+00:00\",\"dateModified\":\"2025-12-27T08:01:12+00:00\",\"description\":\"O placar eletr\u00f4nico para basquete s\u00e9rie TEE mant\u00e9m cada jogo preciso e emocionante com pontua\u00e7\u00e3o em LED brilhante. Pe\u00e7a j\u00e1!\",\"breadcrumb\":{\"@id\":\"https:\\\/\\\/www.telaled.com\\\/fabrica\\\/placar-eletronico-para-basquete-serie-tee\\\/#breadcrumb\"},\"inLanguage\":\"sv-SE\",\"potentialAction\":[{\"@type\":\"ReadAction\",\"target\":[\"https:\\\/\\\/www.telaled.com\\\/fabrica\\\/placar-eletronico-para-basquete-serie-tee\\\/\"]}]},{\"@type\":\"ImageObject\",\"inLanguage\":\"sv-SE\",\"@id\":\"https:\\\/\\\/www.telaled.com\\\/fabrica\\\/placar-eletronico-para-basquete-serie-tee\\\/#primaryimage\",\"url\":\"https:\\\/\\\/www.telaled.com\\\/wp-content\\\/uploads\\\/2025\\\/10\\\/Electronic-Basketball-Scoreboard-2.webp\",\"contentUrl\":\"https:\\\/\\\/www.telaled.com\\\/wp-content\\\/uploads\\\/2025\\\/10\\\/Electronic-Basketball-Scoreboard-2.webp\",\"width\":500,\"height\":500,\"caption\":\"Placar Eletr\u00f4nico Para Basquete S\u00e9rie TEE\"},{\"@type\":\"BreadcrumbList\",\"@id\":\"https:\\\/\\\/www.telaled.com\\\/fabrica\\\/placar-eletronico-para-basquete-serie-tee\\\/#breadcrumb\",\"itemListElement\":[{\"@type\":\"ListItem\",\"position\":1,\"name\":\"Home\",\"item\":\"https:\\\/\\\/www.telaled.com\\\/\"},{\"@type\":\"ListItem\",\"position\":2,\"name\":\"Produtos\",\"item\":\"https:\\\/\\\/www.telaled.com\\\/shop\\\/\"},{\"@type\":\"ListItem\",\"position\":3,\"name\":\"Placar Eletr\u00f4nico Para Basquete S\u00e9rie TEE\"}]},{\"@type\":\"WebSite\",\"@id\":\"https:\\\/\\\/www.telaled.com\\\/#website\",\"url\":\"https:\\\/\\\/www.telaled.com\\\/\",\"name\":\"TELALED\",\"description\":\"\",\"potentialAction\":[{\"@type\":\"SearchAction\",\"target\":{\"@type\":\"EntryPoint\",\"urlTemplate\":\"https:\\\/\\\/www.telaled.com\\\/?s={search_term_string}\"},\"query-input\":{\"@type\":\"PropertyValueSpecification\",\"valueRequired\":true,\"valueName\":\"search_term_string\"}}],\"inLanguage\":\"sv-SE\"}]}<\/script>\n<!-- \/ Yoast SEO plugin. -->","yoast_head_json":{"title":"Elektronisk resultattavla f\u00f6r basket TEE-serien | TELALED","description":"TEE-seriens elektroniska basketresultattavla h\u00e5ller varje match exakt och sp\u00e4nnande med ljusstark LED-po\u00e4ngs\u00e4ttning. Best\u00e4ll din nu!","robots":{"index":"index","follow":"follow","max-snippet":"max-snippet:-1","max-image-preview":"max-image-preview:large","max-video-preview":"max-video-preview:-1"},"canonical":"https:\/\/www.telaled.com\/sv\/fabrica\/placar-eletronico-para-basquete-serie-tee\/","og_locale":"sv_SE","og_type":"article","og_title":"Placar Eletr\u00f4nico Para Basquete S\u00e9rie TEE | TELALED","og_description":"O placar eletr\u00f4nico para basquete s\u00e9rie TEE mant\u00e9m cada jogo preciso e emocionante com pontua\u00e7\u00e3o em LED brilhante. Pe\u00e7a j\u00e1!","og_url":"https:\/\/www.telaled.com\/sv\/fabrica\/placar-eletronico-para-basquete-serie-tee\/","og_site_name":"TELALED","article_modified_time":"2025-12-27T08:01:12+00:00","og_image":[{"width":500,"height":500,"url":"https:\/\/www.telaled.com\/wp-content\/uploads\/2025\/10\/Electronic-Basketball-Scoreboard-2.webp","type":"image\/webp"}],"twitter_card":"summary_large_image","twitter_misc":{"Est. reading time":"3 minuter"},"schema":{"@context":"https:\/\/schema.org","@graph":[{"@type":"WebPage","@id":"https:\/\/www.telaled.com\/fabrica\/placar-eletronico-para-basquete-serie-tee\/","url":"https:\/\/www.telaled.com\/fabrica\/placar-eletronico-para-basquete-serie-tee\/","name":"Elektronisk resultattavla f\u00f6r basket TEE-serien | TELALED","isPartOf":{"@id":"https:\/\/www.telaled.com\/#website"},"primaryImageOfPage":{"@id":"https:\/\/www.telaled.com\/fabrica\/placar-eletronico-para-basquete-serie-tee\/#primaryimage"},"image":{"@id":"https:\/\/www.telaled.com\/fabrica\/placar-eletronico-para-basquete-serie-tee\/#primaryimage"},"thumbnailUrl":"https:\/\/www.telaled.com\/wp-content\/uploads\/2025\/10\/Electronic-Basketball-Scoreboard-2.webp","datePublished":"2025-10-02T18:10:45+00:00","dateModified":"2025-12-27T08:01:12+00:00","description":"TEE-seriens elektroniska basketresultattavla h\u00e5ller varje match exakt och sp\u00e4nnande med ljusstark LED-po\u00e4ngs\u00e4ttning. Best\u00e4ll din nu!","breadcrumb":{"@id":"https:\/\/www.telaled.com\/fabrica\/placar-eletronico-para-basquete-serie-tee\/#breadcrumb"},"inLanguage":"sv-SE","potentialAction":[{"@type":"ReadAction","target":["https:\/\/www.telaled.com\/fabrica\/placar-eletronico-para-basquete-serie-tee\/"]}]},{"@type":"ImageObject","inLanguage":"sv-SE","@id":"https:\/\/www.telaled.com\/fabrica\/placar-eletronico-para-basquete-serie-tee\/#primaryimage","url":"https:\/\/www.telaled.com\/wp-content\/uploads\/2025\/10\/Electronic-Basketball-Scoreboard-2.webp","contentUrl":"https:\/\/www.telaled.com\/wp-content\/uploads\/2025\/10\/Electronic-Basketball-Scoreboard-2.webp","width":500,"height":500,"caption":"Placar Eletr\u00f4nico Para Basquete S\u00e9rie TEE"},{"@type":"BreadcrumbList","@id":"https:\/\/www.telaled.com\/fabrica\/placar-eletronico-para-basquete-serie-tee\/#breadcrumb","itemListElement":[{"@type":"ListItem","position":1,"name":"Home","item":"https:\/\/www.telaled.com\/"},{"@type":"ListItem","position":2,"name":"Produtos","item":"https:\/\/www.telaled.com\/shop\/"},{"@type":"ListItem","position":3,"name":"Placar Eletr\u00f4nico Para Basquete S\u00e9rie TEE"}]},{"@type":"WebSite","@id":"https:\/\/www.telaled.com\/#website","url":"https:\/\/www.telaled.com\/","name":"LED-sk\u00e4rm","description":"","potentialAction":[{"@type":"SearchAction","target":{"@type":"EntryPoint","urlTemplate":"https:\/\/www.telaled.com\/?s={search_term_string}"},"query-input":{"@type":"PropertyValueSpecification","valueRequired":true,"valueName":"search_term_string"}}],"inLanguage":"sv-SE"}]}},"_links":{"self":[{"href":"https:\/\/www.telaled.com\/sv\/wp-json\/wp\/v2\/product\/3751","targetHints":{"allow":["GET"]}}],"collection":[{"href":"https:\/\/www.telaled.com\/sv\/wp-json\/wp\/v2\/product"}],"about":[{"href":"https:\/\/www.telaled.com\/sv\/wp-json\/wp\/v2\/types\/product"}],"wp:featuredmedia":[{"embeddable":true,"href":"https:\/\/www.telaled.com\/sv\/wp-json\/wp\/v2\/media\/3756"}],"wp:attachment":[{"href":"https:\/\/www.telaled.com\/sv\/wp-json\/wp\/v2\/media?parent=3751"}],"wp:term":[{"taxonomy":"product_brand","embeddable":true,"href":"https:\/\/www.telaled.com\/sv\/wp-json\/wp\/v2\/product_brand?post=3751"},{"taxonomy":"product_cat","embeddable":true,"href":"https:\/\/www.telaled.com\/sv\/wp-json\/wp\/v2\/product_cat?post=3751"},{"taxonomy":"product_tag","embeddable":true,"href":"https:\/\/www.telaled.com\/sv\/wp-json\/wp\/v2\/product_tag?post=3751"}],"curies":[{"name":"wp","href":"https:\/\/api.w.org\/{rel}","templated":true}]}}