{"id":3735,"date":"2025-10-02T10:10:21","date_gmt":"2025-10-02T10:10:21","guid":{"rendered":"https:\/\/www.telaled.com\/?post_type=product&#038;p=3735"},"modified":"2026-01-06T09:43:41","modified_gmt":"2026-01-06T09:43:41","slug":"placar-eletronico-para-badminton-serie-ted","status":"publish","type":"product","link":"https:\/\/www.telaled.com\/sv\/fabrica\/placar-eletronico-para-badminton-serie-ted\/","title":{"rendered":"Elektronisk resultattavla f\u00f6r badminton TED-serien"},"content":{"rendered":"<div class=\"row\"  id=\"row-1484636425\">\n\n\t<div id=\"col-1026701780\" class=\"col small-12 large-12\"  >\n\t\t\t\t<div class=\"col-inner\"  >\n\t\t\t\n\t\t\t\n<h2><span data-sheets-root=\"1\">Elektronisk resultattavla f\u00f6r badminton<\/span> TED-serien<\/h2>\n<h3><strong>\u00d6verl\u00e4gsen h\u00e5llbarhet<\/strong><\/h3>\n<ul>\n<li>Tillverkad av h\u00f6gh\u00e5llfast aluminiumlegering f\u00f6r en robust men l\u00e4tt struktur.<\/li>\n<li>Korrosions- och slagt\u00e5ligt h\u00f6lje, konstruerat f\u00f6r l\u00e5ngvarig inomhusbruk.<\/li>\n<li>CE- och RoHS-certifierad f\u00f6r att uppfylla internationella s\u00e4kerhets- och kvalitetsstandarder.<\/li>\n<li>Den f\u00f6rseglade strukturen f\u00f6rhindrar att damm och skr\u00e4p p\u00e5verkar de interna komponenterna.<\/li>\n<li>Stabil prestanda under kontinuerlig drift i idrottsanl\u00e4ggningar.<\/li>\n<\/ul>\n<h3><strong>Exceptionell visuell kvalitet<\/strong><\/h3>\n<ul>\n<li>Den har 22 ljusr\u00f6da LED-siffror med tecken som \u00e4r 3,8 cm h\u00f6ga.<\/li>\n<li>Synlig upp till 30 meter med skarp kontrast och j\u00e4mn belysning.<\/li>\n<li>Fem justerbara ljusstyrkeniv\u00e5er f\u00f6r en tydlig visning under alla ljusf\u00f6rh\u00e5llanden.<\/li>\n<li>Den flimmerfria LED-utg\u00e5ngen s\u00e4kerst\u00e4ller j\u00e4mn och kontinuerlig synlighet under spelets g\u00e5ng.<\/li>\n<li>Stora, v\u00e4l placerade siffror g\u00f6r interpunktionen l\u00e4ttl\u00e4st fr\u00e5n alla synvinklar.<\/li>\n<\/ul>\n<h3><strong>Fullst\u00e4ndig anpassningsf\u00f6rm\u00e5ga<\/strong><\/h3>\n<ul>\n<li>St\u00f6der v\u00e4gg-, bords- eller stativmontering (stativ s\u00e4ljs separat).<\/li>\n<li>Dubbla str\u00f6malternativ; AC- eller 5V DC-ing\u00e5ng f\u00f6r str\u00f6mkompatibilitet. <a href=\"https:\/\/www.telaled.com\/sv\/o-guia-definitivo-para-painels-de-led-flexiveis\/\">flexibel<\/a>.<\/li>\n<li>Styrs via 2.4G tr\u00e5dl\u00f6s fj\u00e4rrkontroll med en r\u00e4ckvidd p\u00e5 upp till 30 meter.<\/li>\n<li>Funktionerna inkluderar po\u00e4ngs\u00e4ttning f\u00f6r hemma-\/bes\u00f6kare och visning av 5 poster med valfria ljud.<\/li>\n<li>L\u00e4mplig f\u00f6r badmintonevenemang., <a href=\"https:\/\/www.telaled.com\/sv\/fabrica\/placar-eletronico-para-volei-serie-teb\/\">volleyboll<\/a>, <a href=\"https:\/\/www.telaled.com\/sv\/fabrica\/placar-eletronico-para-tenis-serie-tec\/\">tennis<\/a> och bordtennis.<\/li>\n<\/ul>\n<h3><strong>Omfattande st\u00f6d<\/strong><\/h3>\n<ul>\n<li>Specialiserad teknisk support dygnet runt, 7 dagar i veckan; f\u00e5 p\u00e5litlig hj\u00e4lp n\u00e4r som helst, var som helst med v\u00e5rt supportteam p\u00e5 distans dygnet runt.<\/li>\n<li>Extra reservdelar till 5%: varje best\u00e4llning levereras med ytterligare ers\u00e4ttningskomponenter, vilket garanterar st\u00f6rre tillf\u00f6rlitlighet och ger dig mer trygghet.<\/li>\n<li>Njut av l\u00e5ngvarig prestanda och p\u00e5litlig service, backad upp av en 3-\u00e5rig f\u00f6rl\u00e4ngd garanti f\u00f6r maximalt skydd.<\/li>\n<\/ul>\n<h2>Produktinformation<\/h2>\n<div class=\"row\"  id=\"row-1398337597\">\n\n\t<div id=\"col-212212356\" class=\"col medium-10 small-12 large-10\"  >\n\t\t\t\t<div class=\"col-inner text-left\"  >\n\t\t\t\n\t\t\t\n<ul>\n<li>Denna resultattavla f\u00f6r badminton f\u00f6r inomhus- och utomhusbruk erbjuder p\u00e5litlig och noggrann po\u00e4ngs\u00e4ttning, vilket garanterar utm\u00e4rkt synlighet. Den visar tydligt set, matcher och po\u00e4ng, medan en indikatorlampa visar vilket lag som servar. Denna resultattavla \u00e4r designad f\u00f6r h\u00e5llbarhet och prestanda och \u00e4r idealisk f\u00f6r skolor, klubbar och idrottsanl\u00e4ggningar som vill f\u00f6rb\u00e4ttra tr\u00e4nings- och t\u00e4vlingsupplevelsen.<\/li>\n<\/ul>\n\t<div class=\"img has-hover x md-x lg-x y md-y lg-y\" id=\"image_705230644\">\n\t\t\t\t\t\t\t\t<div class=\"img-inner dark\" >\n\t\t\t<img loading=\"lazy\" decoding=\"async\" width=\"877\" height=\"431\" src=\"https:\/\/www.telaled.com\/wp-content\/uploads\/2025\/10\/Placar-eletronico-para-badminton6.webp\" class=\"attachment-original size-original\" alt=\"Elektronisk resultattavla f\u00f6r badminton6\" srcset=\"https:\/\/www.telaled.com\/wp-content\/uploads\/2025\/10\/Placar-eletronico-para-badminton6.webp 877w, https:\/\/www.telaled.com\/wp-content\/uploads\/2025\/10\/Placar-eletronico-para-badminton6-300x147.webp 300w, https:\/\/www.telaled.com\/wp-content\/uploads\/2025\/10\/Placar-eletronico-para-badminton6-768x377.webp 768w, https:\/\/www.telaled.com\/wp-content\/uploads\/2025\/10\/Placar-eletronico-para-badminton6-18x9.webp 18w, https:\/\/www.telaled.com\/wp-content\/uploads\/2025\/10\/Placar-eletronico-para-badminton6-600x295.webp 600w\" sizes=\"auto, (max-width: 877px) 100vw, 877px\" \/>\t\t\t\t\t\t\n\t\t\t\t\t<\/div>\n\t\t\t\t\t\t\t\t\n<style>\n#image_705230644 {\n  width: 80%;\n}\n<\/style>\n\t<\/div>\n\t\n<ul>\n<li>O <em><strong>Elektronisk badmintonresultattavla<\/strong><\/em> Den belyser varje \u00f6gonblick med tydlighet. Den erbjuder f\u00e4rdiga paket som f\u00f6rb\u00e4ttrar fansens upplevelse, vilket g\u00f6r dem till en v\u00e4rdefull l\u00e5ngsiktig investering f\u00f6r sportevenemang och t\u00e4vlingar.<\/li>\n<\/ul>\n\t<div class=\"img has-hover x md-x lg-x y md-y lg-y\" id=\"image_1764328981\">\n\t\t\t\t\t\t\t\t<div class=\"img-inner dark\" >\n\t\t\t<img loading=\"lazy\" decoding=\"async\" width=\"1020\" height=\"1020\" src=\"https:\/\/www.telaled.com\/wp-content\/uploads\/2025\/10\/Placar-eletronico-para-badminton7-1024x1024.webp\" class=\"attachment-large size-large\" alt=\"\" srcset=\"https:\/\/www.telaled.com\/wp-content\/uploads\/2025\/10\/Placar-eletronico-para-badminton7-1024x1024.webp 1024w, https:\/\/www.telaled.com\/wp-content\/uploads\/2025\/10\/Placar-eletronico-para-badminton7-300x300.webp 300w, https:\/\/www.telaled.com\/wp-content\/uploads\/2025\/10\/Placar-eletronico-para-badminton7-150x150.webp 150w, https:\/\/www.telaled.com\/wp-content\/uploads\/2025\/10\/Placar-eletronico-para-badminton7-768x768.webp 768w, https:\/\/www.telaled.com\/wp-content\/uploads\/2025\/10\/Placar-eletronico-para-badminton7-1536x1536.webp 1536w, https:\/\/www.telaled.com\/wp-content\/uploads\/2025\/10\/Placar-eletronico-para-badminton7-12x12.webp 12w, https:\/\/www.telaled.com\/wp-content\/uploads\/2025\/10\/Placar-eletronico-para-badminton7-600x600.webp 600w, https:\/\/www.telaled.com\/wp-content\/uploads\/2025\/10\/Placar-eletronico-para-badminton7-100x100.webp 100w, https:\/\/www.telaled.com\/wp-content\/uploads\/2025\/10\/Placar-eletronico-para-badminton7.webp 1600w\" sizes=\"auto, (max-width: 1020px) 100vw, 1020px\" \/>\t\t\t\t\t\t\n\t\t\t\t\t<\/div>\n\t\t\t\t\t\t\t\t\n<style>\n#image_1764328981 {\n  width: 80%;\n}\n<\/style>\n\t<\/div>\n\t\n\t\t<\/div>\n\t\t\t\t\t<\/div>\n\n\t\n\n\t<div id=\"col-658140221\" class=\"col medium-10 small-12 large-10\"  >\n\t\t\t\t<div class=\"col-inner text-left\"  >\n\t\t\t\n\t\t\t\n<ul>\n<li><strong>Elektronisk resultattavla f\u00f6r badminton TED-serien<\/strong>\u00a0 De \u00e4r packade i f\u00f6rst\u00e4rkta tr\u00e4l\u00e5dor f\u00f6r att skydda dem under transport. Varje enhet \u00e4r s\u00e4kert f\u00f6rpackad f\u00f6r att f\u00f6rhindra skador fr\u00e5n skadedjur, st\u00f6tar och andra faror. Detta garanterar h\u00e5llbarhet och s\u00e4ker leverans.<\/li>\n<\/ul>\n\t<div class=\"img has-hover x md-x lg-x y md-y lg-y\" id=\"image_1608840639\">\n\t\t\t\t\t\t\t\t<div class=\"img-inner dark\" >\n\t\t\t<img loading=\"lazy\" decoding=\"async\" width=\"760\" height=\"1024\" src=\"https:\/\/www.telaled.com\/wp-content\/uploads\/2025\/08\/36123f2c-de60-488d-af81-255cd4aee54a-760x1024.webp\" class=\"attachment-large size-large\" alt=\"\" srcset=\"https:\/\/www.telaled.com\/wp-content\/uploads\/2025\/08\/36123f2c-de60-488d-af81-255cd4aee54a-760x1024.webp 760w, https:\/\/www.telaled.com\/wp-content\/uploads\/2025\/08\/36123f2c-de60-488d-af81-255cd4aee54a-223x300.webp 223w, https:\/\/www.telaled.com\/wp-content\/uploads\/2025\/08\/36123f2c-de60-488d-af81-255cd4aee54a-768x1035.webp 768w, https:\/\/www.telaled.com\/wp-content\/uploads\/2025\/08\/36123f2c-de60-488d-af81-255cd4aee54a-9x12.webp 9w, https:\/\/www.telaled.com\/wp-content\/uploads\/2025\/08\/36123f2c-de60-488d-af81-255cd4aee54a-600x808.webp 600w, https:\/\/www.telaled.com\/wp-content\/uploads\/2025\/08\/36123f2c-de60-488d-af81-255cd4aee54a.webp 795w\" sizes=\"auto, (max-width: 760px) 100vw, 760px\" \/>\t\t\t\t\t\t\n\t\t\t\t\t<\/div>\n\t\t\t\t\t\t\t\t\n<style>\n#image_1608840639 {\n  width: 80%;\n}\n<\/style>\n\t<\/div>\n\t\n\n<table id=\"tablepress-93\" class=\"tablepress tablepress-id-93\">\n<thead>\n<tr class=\"row-1\">\n\t<th class=\"column-1\">Typ<\/th><th class=\"column-2\">Badmintonresultat, volleybollresultat<\/th><th class=\"column-3\">Resurs<\/th><th class=\"column-4\">Po\u00e4ngvisning, inningsvisning<\/th>\n<\/tr>\n<\/thead>\n<tbody class=\"row-striping row-hover\">\n<tr class=\"row-2\">\n\t<td class=\"column-1\">Ursprungsort<\/td><td class=\"column-2\">Shenzhen, Kina<\/td><td class=\"column-3\">Markera<\/td><td class=\"column-4\">LED-sk\u00e4rm<\/td>\n<\/tr>\n<tr class=\"row-3\">\n\t<td class=\"column-1\">Modellnummer<\/td><td class=\"column-2\">TED-serien<\/td><td class=\"column-3\">Material<\/td><td class=\"column-4\">Aluminiumlegering<\/td>\n<\/tr>\n<tr class=\"row-4\">\n\t<td class=\"column-1\">Strukturmaterial<\/td><td class=\"column-2\">Aluminiumlegering<\/td><td class=\"column-3\">Storlek<\/td><td class=\"column-4\">790 mm x 255 mm x 55 mm (31,1 x 10,0 x 2,2 tum)<\/td>\n<\/tr>\n<tr class=\"row-5\">\n\t<td class=\"column-1\">Teckenh\u00f6jd<\/td><td class=\"column-2\">1,8 tum - 22 siffror<\/td><td class=\"column-3\">Fungera<\/td><td class=\"column-4\">Hemma- och bortaresultat, 5-po\u00e4ngsvisning<\/td>\n<\/tr>\n<tr class=\"row-6\">\n\t<td class=\"column-1\">Kontrollera<\/td><td class=\"column-2\">Fj\u00e4rrkontroll<\/td><td class=\"column-3\">Installation<\/td><td class=\"column-4\">V\u00e4ggf\u00e4ste<\/td>\n<\/tr>\n<tr class=\"row-7\">\n\t<td class=\"column-1\">Certifikat<\/td><td class=\"column-2\">CE, RoHS<\/td><td class=\"column-3\"><\/td><td class=\"column-4\"><\/td>\n<\/tr>\n<\/tbody>\n<\/table>\n<!-- #tablepress-93 from cache -->\n\t\t<\/div>\n\t\t\t\t\t<\/div>\n\n\t\n<\/div>\n\t\t<\/div>\n\t\t\t\t\t<\/div>\n\n\t\n<\/div>","protected":false},"excerpt":{"rendered":"<p><strong>Elektronisk resultattavla f\u00f6r badminton TED-serien<\/strong> \u2013 LED-resultatvisning i realtid f\u00f6r klubbar och turneringar.<\/p>\n<p>En <em><strong>elektronisk resultattavla f\u00f6r badminton<\/strong><\/em> Den g\u00f6r det enkelt att f\u00f6lja varje match och visar exakta resultat i realtid med tydlig LED-display. Perfekt f\u00f6r tr\u00e4ning, turneringar eller klubbmatcher.<\/p>\n<p><strong>Huvudfunktioner:<\/strong><\/p>\n<ul>\n<li>Stabil ram i aluminiumlegering med CE- och RoHS-certifiering garanterar l\u00e5ng livsl\u00e4ngd.<\/li>\n<li>Klarr\u00f6da 1,8-tums siffror med 5 ljusstyrkeniv\u00e5er ger tydlig sikt upp till 30 m.<\/li>\n<li>Den drivs med v\u00e4xelstr\u00f6m eller 5V likstr\u00f6m och st\u00f6der v\u00e4gg-, bords- eller stativmontering med en 2,4G tr\u00e5dl\u00f6s fj\u00e4rrkontroll.<\/li>\n<\/ul>\n<p>V\u00e5ra experter \u00e4r tillg\u00e4ngliga dygnet runt, med fj\u00e4rrsupport och 3 \u00e5rs produktgaranti. Beg\u00e4r en personlig offert idag.<\/p>","protected":false},"featured_media":3736,"template":"","meta":[],"product_brand":[],"product_cat":[48,40],"product_tag":[],"class_list":{"0":"post-3735","1":"product","2":"type-product","3":"status-publish","4":"has-post-thumbnail","6":"product_cat-paineis-personalizados","7":"product_cat-painel-de-led","9":"first","10":"instock","11":"shipping-taxable","12":"product-type-simple"},"yoast_head":"<!-- This site is optimized with the Yoast SEO plugin v27.4 - https:\/\/yoast.com\/product\/yoast-seo-wordpress\/ -->\n<title>Placar Eletr\u00f4nico de Badminton S\u00e9rie TED | Solu\u00e7\u00f5es de pontua\u00e7\u00e3o digital para clubes e torneios | TELALED<\/title>\n<meta name=\"description\" content=\"Descubra o Placar Eletr\u00f4nico de Badminton S\u00e9rie TED projetado para precis\u00e3o e praticidade. Perfeito para clubes, escolas e competi\u00e7\u00f5es, com displays de LED, controles de \u00e1rbitro e aplicativos de auto\u00e1rbitro.\" \/>\n<meta name=\"robots\" content=\"index, follow, max-snippet:-1, max-image-preview:large, max-video-preview:-1\" \/>\n<link rel=\"canonical\" href=\"https:\/\/www.telaled.com\/sv\/fabrica\/placar-eletronico-para-badminton-serie-ted\/\" \/>\n<meta property=\"og:locale\" content=\"sv_SE\" \/>\n<meta property=\"og:type\" content=\"article\" \/>\n<meta property=\"og:title\" content=\"Placar Eletr\u00f4nico de Badminton S\u00e9rie TED | Solu\u00e7\u00f5es de pontua\u00e7\u00e3o digital para clubes e torneios | TELALED\" \/>\n<meta property=\"og:description\" content=\"Descubra o Placar Eletr\u00f4nico de Badminton S\u00e9rie TED projetado para precis\u00e3o e praticidade. Perfeito para clubes, escolas e competi\u00e7\u00f5es, com displays de LED, controles de \u00e1rbitro e aplicativos de auto\u00e1rbitro.\" \/>\n<meta property=\"og:url\" content=\"https:\/\/www.telaled.com\/sv\/fabrica\/placar-eletronico-para-badminton-serie-ted\/\" \/>\n<meta property=\"og:site_name\" content=\"TELALED\" \/>\n<meta property=\"article:modified_time\" content=\"2026-01-06T09:43:41+00:00\" \/>\n<meta property=\"og:image\" content=\"https:\/\/www.telaled.com\/wp-content\/uploads\/2025\/10\/Placar-eletronico-para-badminton.webp\" \/>\n\t<meta property=\"og:image:width\" content=\"500\" \/>\n\t<meta property=\"og:image:height\" content=\"500\" \/>\n\t<meta property=\"og:image:type\" content=\"image\/webp\" \/>\n<meta name=\"twitter:card\" content=\"summary_large_image\" \/>\n<meta name=\"twitter:label1\" content=\"Est. reading time\" \/>\n\t<meta name=\"twitter:data1\" content=\"3 minuter\" \/>\n<script type=\"application\/ld+json\" class=\"yoast-schema-graph\">{\"@context\":\"https:\\\/\\\/schema.org\",\"@graph\":[{\"@type\":\"WebPage\",\"@id\":\"https:\\\/\\\/www.telaled.com\\\/fabrica\\\/placar-eletronico-para-badminton-serie-ted\\\/\",\"url\":\"https:\\\/\\\/www.telaled.com\\\/fabrica\\\/placar-eletronico-para-badminton-serie-ted\\\/\",\"name\":\"Placar Eletr\u00f4nico de Badminton S\u00e9rie TED | Solu\u00e7\u00f5es de pontua\u00e7\u00e3o digital para clubes e torneios | TELALED\",\"isPartOf\":{\"@id\":\"https:\\\/\\\/www.telaled.com\\\/#website\"},\"primaryImageOfPage\":{\"@id\":\"https:\\\/\\\/www.telaled.com\\\/fabrica\\\/placar-eletronico-para-badminton-serie-ted\\\/#primaryimage\"},\"image\":{\"@id\":\"https:\\\/\\\/www.telaled.com\\\/fabrica\\\/placar-eletronico-para-badminton-serie-ted\\\/#primaryimage\"},\"thumbnailUrl\":\"https:\\\/\\\/www.telaled.com\\\/wp-content\\\/uploads\\\/2025\\\/10\\\/Placar-eletronico-para-badminton.webp\",\"datePublished\":\"2025-10-02T10:10:21+00:00\",\"dateModified\":\"2026-01-06T09:43:41+00:00\",\"description\":\"Descubra o Placar Eletr\u00f4nico de Badminton S\u00e9rie TED projetado para precis\u00e3o e praticidade. Perfeito para clubes, escolas e competi\u00e7\u00f5es, com displays de LED, controles de \u00e1rbitro e aplicativos de auto\u00e1rbitro.\",\"breadcrumb\":{\"@id\":\"https:\\\/\\\/www.telaled.com\\\/fabrica\\\/placar-eletronico-para-badminton-serie-ted\\\/#breadcrumb\"},\"inLanguage\":\"sv-SE\",\"potentialAction\":[{\"@type\":\"ReadAction\",\"target\":[\"https:\\\/\\\/www.telaled.com\\\/fabrica\\\/placar-eletronico-para-badminton-serie-ted\\\/\"]}]},{\"@type\":\"ImageObject\",\"inLanguage\":\"sv-SE\",\"@id\":\"https:\\\/\\\/www.telaled.com\\\/fabrica\\\/placar-eletronico-para-badminton-serie-ted\\\/#primaryimage\",\"url\":\"https:\\\/\\\/www.telaled.com\\\/wp-content\\\/uploads\\\/2025\\\/10\\\/Placar-eletronico-para-badminton.webp\",\"contentUrl\":\"https:\\\/\\\/www.telaled.com\\\/wp-content\\\/uploads\\\/2025\\\/10\\\/Placar-eletronico-para-badminton.webp\",\"width\":500,\"height\":500,\"caption\":\"Placar-eletronico-para-badminton\"},{\"@type\":\"BreadcrumbList\",\"@id\":\"https:\\\/\\\/www.telaled.com\\\/fabrica\\\/placar-eletronico-para-badminton-serie-ted\\\/#breadcrumb\",\"itemListElement\":[{\"@type\":\"ListItem\",\"position\":1,\"name\":\"Home\",\"item\":\"https:\\\/\\\/www.telaled.com\\\/\"},{\"@type\":\"ListItem\",\"position\":2,\"name\":\"Produtos\",\"item\":\"https:\\\/\\\/www.telaled.com\\\/shop\\\/\"},{\"@type\":\"ListItem\",\"position\":3,\"name\":\"Placar Eletronico para Badminton S\u00e9rie TED\"}]},{\"@type\":\"WebSite\",\"@id\":\"https:\\\/\\\/www.telaled.com\\\/#website\",\"url\":\"https:\\\/\\\/www.telaled.com\\\/\",\"name\":\"TELALED\",\"description\":\"\",\"potentialAction\":[{\"@type\":\"SearchAction\",\"target\":{\"@type\":\"EntryPoint\",\"urlTemplate\":\"https:\\\/\\\/www.telaled.com\\\/?s={search_term_string}\"},\"query-input\":{\"@type\":\"PropertyValueSpecification\",\"valueRequired\":true,\"valueName\":\"search_term_string\"}}],\"inLanguage\":\"sv-SE\"}]}<\/script>\n<!-- \/ Yoast SEO plugin. -->","yoast_head_json":{"title":"TED-seriens elektroniska resultattavla f\u00f6r badminton | Digitala po\u00e4ngl\u00f6sningar f\u00f6r klubbar och turneringar | TELALED","description":"Uppt\u00e4ck den elektroniska badmintonresultattavlan i TED-serien, designad f\u00f6r precision och praktisk anv\u00e4ndning. Perfekt f\u00f6r klubbar, skolor och t\u00e4vlingar, med LED-sk\u00e4rmar, domarkontroller och appar f\u00f6r sj\u00e4lvroterande m\u00e4tare.","robots":{"index":"index","follow":"follow","max-snippet":"max-snippet:-1","max-image-preview":"max-image-preview:large","max-video-preview":"max-video-preview:-1"},"canonical":"https:\/\/www.telaled.com\/sv\/fabrica\/placar-eletronico-para-badminton-serie-ted\/","og_locale":"sv_SE","og_type":"article","og_title":"Placar Eletr\u00f4nico de Badminton S\u00e9rie TED | Solu\u00e7\u00f5es de pontua\u00e7\u00e3o digital para clubes e torneios | TELALED","og_description":"Descubra o Placar Eletr\u00f4nico de Badminton S\u00e9rie TED projetado para precis\u00e3o e praticidade. Perfeito para clubes, escolas e competi\u00e7\u00f5es, com displays de LED, controles de \u00e1rbitro e aplicativos de auto\u00e1rbitro.","og_url":"https:\/\/www.telaled.com\/sv\/fabrica\/placar-eletronico-para-badminton-serie-ted\/","og_site_name":"TELALED","article_modified_time":"2026-01-06T09:43:41+00:00","og_image":[{"width":500,"height":500,"url":"https:\/\/www.telaled.com\/wp-content\/uploads\/2025\/10\/Placar-eletronico-para-badminton.webp","type":"image\/webp"}],"twitter_card":"summary_large_image","twitter_misc":{"Est. reading time":"3 minuter"},"schema":{"@context":"https:\/\/schema.org","@graph":[{"@type":"WebPage","@id":"https:\/\/www.telaled.com\/fabrica\/placar-eletronico-para-badminton-serie-ted\/","url":"https:\/\/www.telaled.com\/fabrica\/placar-eletronico-para-badminton-serie-ted\/","name":"TED-seriens elektroniska resultattavla f\u00f6r badminton | Digitala po\u00e4ngl\u00f6sningar f\u00f6r klubbar och turneringar | TELALED","isPartOf":{"@id":"https:\/\/www.telaled.com\/#website"},"primaryImageOfPage":{"@id":"https:\/\/www.telaled.com\/fabrica\/placar-eletronico-para-badminton-serie-ted\/#primaryimage"},"image":{"@id":"https:\/\/www.telaled.com\/fabrica\/placar-eletronico-para-badminton-serie-ted\/#primaryimage"},"thumbnailUrl":"https:\/\/www.telaled.com\/wp-content\/uploads\/2025\/10\/Placar-eletronico-para-badminton.webp","datePublished":"2025-10-02T10:10:21+00:00","dateModified":"2026-01-06T09:43:41+00:00","description":"Uppt\u00e4ck den elektroniska badmintonresultattavlan i TED-serien, designad f\u00f6r precision och praktisk anv\u00e4ndning. Perfekt f\u00f6r klubbar, skolor och t\u00e4vlingar, med LED-sk\u00e4rmar, domarkontroller och appar f\u00f6r sj\u00e4lvroterande m\u00e4tare.","breadcrumb":{"@id":"https:\/\/www.telaled.com\/fabrica\/placar-eletronico-para-badminton-serie-ted\/#breadcrumb"},"inLanguage":"sv-SE","potentialAction":[{"@type":"ReadAction","target":["https:\/\/www.telaled.com\/fabrica\/placar-eletronico-para-badminton-serie-ted\/"]}]},{"@type":"ImageObject","inLanguage":"sv-SE","@id":"https:\/\/www.telaled.com\/fabrica\/placar-eletronico-para-badminton-serie-ted\/#primaryimage","url":"https:\/\/www.telaled.com\/wp-content\/uploads\/2025\/10\/Placar-eletronico-para-badminton.webp","contentUrl":"https:\/\/www.telaled.com\/wp-content\/uploads\/2025\/10\/Placar-eletronico-para-badminton.webp","width":500,"height":500,"caption":"Placar-eletronico-para-badminton"},{"@type":"BreadcrumbList","@id":"https:\/\/www.telaled.com\/fabrica\/placar-eletronico-para-badminton-serie-ted\/#breadcrumb","itemListElement":[{"@type":"ListItem","position":1,"name":"Home","item":"https:\/\/www.telaled.com\/"},{"@type":"ListItem","position":2,"name":"Produtos","item":"https:\/\/www.telaled.com\/shop\/"},{"@type":"ListItem","position":3,"name":"Placar Eletronico para Badminton S\u00e9rie TED"}]},{"@type":"WebSite","@id":"https:\/\/www.telaled.com\/#website","url":"https:\/\/www.telaled.com\/","name":"LED-sk\u00e4rm","description":"","potentialAction":[{"@type":"SearchAction","target":{"@type":"EntryPoint","urlTemplate":"https:\/\/www.telaled.com\/?s={search_term_string}"},"query-input":{"@type":"PropertyValueSpecification","valueRequired":true,"valueName":"search_term_string"}}],"inLanguage":"sv-SE"}]}},"_links":{"self":[{"href":"https:\/\/www.telaled.com\/sv\/wp-json\/wp\/v2\/product\/3735","targetHints":{"allow":["GET"]}}],"collection":[{"href":"https:\/\/www.telaled.com\/sv\/wp-json\/wp\/v2\/product"}],"about":[{"href":"https:\/\/www.telaled.com\/sv\/wp-json\/wp\/v2\/types\/product"}],"wp:featuredmedia":[{"embeddable":true,"href":"https:\/\/www.telaled.com\/sv\/wp-json\/wp\/v2\/media\/3736"}],"wp:attachment":[{"href":"https:\/\/www.telaled.com\/sv\/wp-json\/wp\/v2\/media?parent=3735"}],"wp:term":[{"taxonomy":"product_brand","embeddable":true,"href":"https:\/\/www.telaled.com\/sv\/wp-json\/wp\/v2\/product_brand?post=3735"},{"taxonomy":"product_cat","embeddable":true,"href":"https:\/\/www.telaled.com\/sv\/wp-json\/wp\/v2\/product_cat?post=3735"},{"taxonomy":"product_tag","embeddable":true,"href":"https:\/\/www.telaled.com\/sv\/wp-json\/wp\/v2\/product_tag?post=3735"}],"curies":[{"name":"wp","href":"https:\/\/api.w.org\/{rel}","templated":true}]}}