{"id":3695,"date":"2025-10-02T01:58:23","date_gmt":"2025-10-02T01:58:23","guid":{"rendered":"https:\/\/www.telaled.com\/?post_type=product&#038;p=3695"},"modified":"2026-01-06T09:33:21","modified_gmt":"2026-01-06T09:33:21","slug":"placar-eletronico-para-tenis-serie-tec","status":"publish","type":"product","link":"https:\/\/www.telaled.com\/sv\/fabrica\/placar-eletronico-para-tenis-serie-tec\/","title":{"rendered":"Elektronisk resultattavla f\u00f6r tennis - TEC-serien"},"content":{"rendered":"<div class=\"row\"  id=\"row-1396985476\">\n\n\t<div id=\"col-2032672773\" class=\"col small-12 large-12\"  >\n\t\t\t\t<div class=\"col-inner\"  >\n\t\t\t\n\t\t\t\n<h2>Exklusiva f\u00f6rdelar med <span data-sheets-root=\"1\">Elektronisk resultattavla f\u00f6r tennis<\/span> TEC-serien<\/h2>\n<h3><strong>\u00d6verl\u00e4gsen h\u00e5llbarhet<\/strong><\/h3>\n<ul>\n<li>F\u00f6rst\u00e4rkt, bollt\u00e4t design f\u00f6r tuffa spelf\u00f6rh\u00e5llanden.<\/li>\n<li>V\u00e4derbest\u00e4ndig konstruktion f\u00f6r inomhus- och utomhusplaner.<\/li>\n<li>L\u00e5ngvarig och h\u00e5llbar prestanda.<\/li>\n<\/ul>\n<h3><strong>Exceptionell visuell kvalitet<\/strong><\/h3>\n<ul>\n<li>Ultraskarp LED-sk\u00e4rm med h\u00f6g uppl\u00f6sning.<\/li>\n<li>Po\u00e4ng, statistik och tidtagning i realtid, med en snabb blick.<\/li>\n<li>Utm\u00e4rkt sikt \u00e4ven i direkt solljus.<\/li>\n<\/ul>\n<h3><strong>Fullst\u00e4ndig anpassningsf\u00f6rm\u00e5ga<\/strong><\/h3>\n<ul>\n<li>Flexibla storleks- och anpassningsalternativ f\u00f6r alla platser.<\/li>\n<li>Anpassningsbara funktioner f\u00f6r att m\u00f6ta behoven hos <a href=\"https:\/\/www.telaled.com\/sv\/telao-de-led-para-eventos\/\">h\u00e4ndelse<\/a> eller klubben.<\/li>\n<li>Enkel integration med det moderna tennissystemet.<\/li>\n<\/ul>\n<h3><strong>Omfattande st\u00f6d<\/strong><\/h3>\n<ul>\n<li>F\u00e5 teknisk fj\u00e4rrsupport dygnet runt och 5%-rabatt p\u00e5 reservdelar vid varje best\u00e4llning.<\/li>\n<li>3 \u00e5rs f\u00f6rl\u00e4ngd garanti. P\u00e5litlig service och l\u00e5ngsiktig prestanda.<\/li>\n<li>Fullst\u00e4ndig sinnesro vid varje k\u00f6p.<\/li>\n<\/ul>\n<h2>Produktinformation<\/h2>\n<div class=\"row\"  id=\"row-2097874451\">\n\n\t<div id=\"col-880792531\" class=\"col medium-10 small-12 large-10\"  >\n\t\t\t\t<div class=\"col-inner text-left\"  >\n\t\t\t\n\t\t\t\n<ul>\n<li>H\u00e5ll alla punkter tydliga med <em><strong>Elektronisk resultattavla f\u00f6r tennis, TEC-serien.<\/strong><\/em>. Dessa elektroniska tennisresultattavlor \u00e4r utformade f\u00f6r inomhus- och utomhusbanor och visar slag, set och matchdetaljer i realtid. De finns i olika storlekar och konfigurationer och anv\u00e4nder avancerad LED-teknik f\u00f6r att ge ljusstark, l\u00e4ttl\u00e4st po\u00e4ngdata fr\u00e5n alla vinklar och under alla ljusf\u00f6rh\u00e5llanden.<\/li>\n<\/ul>\n\t<div class=\"img has-hover x md-x lg-x y md-y lg-y\" id=\"image_1856476078\">\n\t\t\t\t\t\t\t\t<div class=\"img-inner dark\" >\n\t\t\t<img loading=\"lazy\" decoding=\"async\" width=\"730\" height=\"600\" src=\"https:\/\/www.telaled.com\/wp-content\/uploads\/2025\/10\/Placar-eletronico-para-tenis7.webp\" class=\"attachment-large size-large\" alt=\"Elektronisk resultattavla f\u00f6r tennis7\" srcset=\"https:\/\/www.telaled.com\/wp-content\/uploads\/2025\/10\/Placar-eletronico-para-tenis7.webp 730w, https:\/\/www.telaled.com\/wp-content\/uploads\/2025\/10\/Placar-eletronico-para-tenis7-300x247.webp 300w, https:\/\/www.telaled.com\/wp-content\/uploads\/2025\/10\/Placar-eletronico-para-tenis7-15x12.webp 15w, https:\/\/www.telaled.com\/wp-content\/uploads\/2025\/10\/Placar-eletronico-para-tenis7-600x493.webp 600w\" sizes=\"auto, (max-width: 730px) 100vw, 730px\" \/>\t\t\t\t\t\t\n\t\t\t\t\t<\/div>\n\t\t\t\t\t\t\t\t\n<style>\n#image_1856476078 {\n  width: 80%;\n}\n<\/style>\n\t<\/div>\n\t\n<ul>\n<li>Uppgradera din tennisbana med den moderna <em><strong>Elektronisk tennisresultattavla<\/strong><\/em>, Utformad f\u00f6r precision och tillf\u00f6rlitlighet. Perfekt f\u00f6r turneringar, klubbmatcher och tr\u00e4ning, v\u00e5r <a href=\"https:\/\/www.telaled.com\/sv\/placar-eletronico\/\">po\u00e4ng<\/a> De erbjuder tydlig sikt och exakta resultat hela tiden. Tillverkade av h\u00f6gkvalitativa material kombinerar de h\u00e5llbarhet, enkel anv\u00e4ndning och avancerade funktioner f\u00f6r att f\u00f6rb\u00e4ttra spelar- och \u00e5sk\u00e5darupplevelsen.<\/li>\n<\/ul>\n\t<div class=\"img has-hover x md-x lg-x y md-y lg-y\" id=\"image_2147328486\">\n\t\t\t\t\t\t\t\t<div class=\"img-inner dark\" >\n\t\t\t<img loading=\"lazy\" decoding=\"async\" width=\"1728\" height=\"1152\" src=\"https:\/\/www.telaled.com\/wp-content\/uploads\/2025\/10\/Placar-eletronico-para-tenis8.webp\" class=\"attachment-original size-original\" alt=\"Elektronisk resultattavla f\u00f6r tennis8\" srcset=\"https:\/\/www.telaled.com\/wp-content\/uploads\/2025\/10\/Placar-eletronico-para-tenis8.webp 1728w, https:\/\/www.telaled.com\/wp-content\/uploads\/2025\/10\/Placar-eletronico-para-tenis8-300x200.webp 300w, https:\/\/www.telaled.com\/wp-content\/uploads\/2025\/10\/Placar-eletronico-para-tenis8-1024x683.webp 1024w, https:\/\/www.telaled.com\/wp-content\/uploads\/2025\/10\/Placar-eletronico-para-tenis8-768x512.webp 768w, https:\/\/www.telaled.com\/wp-content\/uploads\/2025\/10\/Placar-eletronico-para-tenis8-1536x1024.webp 1536w, https:\/\/www.telaled.com\/wp-content\/uploads\/2025\/10\/Placar-eletronico-para-tenis8-18x12.webp 18w, https:\/\/www.telaled.com\/wp-content\/uploads\/2025\/10\/Placar-eletronico-para-tenis8-600x400.webp 600w\" sizes=\"auto, (max-width: 1728px) 100vw, 1728px\" \/>\t\t\t\t\t\t\n\t\t\t\t\t<\/div>\n\t\t\t\t\t\t\t\t\n<style>\n#image_2147328486 {\n  width: 80%;\n}\n<\/style>\n\t<\/div>\n\t\n<ul>\n<li>I \u00f6ver 20 \u00e5r har vi kontinuerligt f\u00f6rnya oss och erbjudit banbrytande elektronisk resultattavlateknik f\u00f6r t\u00e4vlingar p\u00e5 alla niv\u00e5er. Fr\u00e5n lokala parkplaner till professionella idrottsarenor \u00e4r v\u00e5ra resultattavlor utformade f\u00f6r precision, h\u00e5llbarhet och h\u00f6g prestanda. Oavsett arena erbjuder v\u00e5ra l\u00f6sningar o\u00f6vertr\u00e4ffad tillf\u00f6rlitlighet, vilket g\u00f6r dem till det f\u00f6redragna valet f\u00f6r idrottsprogram och anl\u00e4ggningar \u00f6ver hela landet.<\/li>\n<\/ul>\n\t\t<\/div>\n\t\t\t\t\t<\/div>\n\n\t\n\n\t<div id=\"col-1256946205\" class=\"col medium-10 small-12 large-10\"  >\n\t\t\t\t<div class=\"col-inner text-left\"  >\n\t\t\t\n\t\t\t\n\t<div class=\"img has-hover x md-x lg-x y md-y lg-y\" id=\"image_1606138860\">\n\t\t\t\t\t\t\t\t<div class=\"img-inner dark\" >\n\t\t\t<img loading=\"lazy\" decoding=\"async\" width=\"1020\" height=\"258\" src=\"https:\/\/www.telaled.com\/wp-content\/uploads\/2025\/10\/Placar-eletronico-para-tenis9-1024x259.webp\" class=\"attachment-large size-large\" alt=\"Elektronisk resultattavla f\u00f6r tennis9\" srcset=\"https:\/\/www.telaled.com\/wp-content\/uploads\/2025\/10\/Placar-eletronico-para-tenis9-1024x259.webp 1024w, https:\/\/www.telaled.com\/wp-content\/uploads\/2025\/10\/Placar-eletronico-para-tenis9-300x76.webp 300w, https:\/\/www.telaled.com\/wp-content\/uploads\/2025\/10\/Placar-eletronico-para-tenis9-768x195.webp 768w, https:\/\/www.telaled.com\/wp-content\/uploads\/2025\/10\/Placar-eletronico-para-tenis9-18x5.webp 18w, https:\/\/www.telaled.com\/wp-content\/uploads\/2025\/10\/Placar-eletronico-para-tenis9-600x152.webp 600w, https:\/\/www.telaled.com\/wp-content\/uploads\/2025\/10\/Placar-eletronico-para-tenis9.webp 1109w\" sizes=\"auto, (max-width: 1020px) 100vw, 1020px\" \/>\t\t\t\t\t\t\n\t\t\t\t\t<\/div>\n\t\t\t\t\t\t\t\t\n<style>\n#image_1606138860 {\n  width: 80%;\n}\n<\/style>\n\t<\/div>\n\t\n<ul>\n<li><em><strong>Elektronisk resultattavla f\u00f6r tennis, TEC-serien.<\/strong><\/em> De \u00e4r packade i f\u00f6rst\u00e4rkta tr\u00e4l\u00e5dor f\u00f6r att skydda dem under transport. Varje enhet \u00e4r s\u00e4kert f\u00f6rpackad f\u00f6r att f\u00f6rhindra skador fr\u00e5n skadedjur, st\u00f6tar och andra faror. Detta garanterar h\u00e5llbarhet och s\u00e4ker leverans.<\/li>\n<\/ul>\n\t<div class=\"img has-hover x md-x lg-x y md-y lg-y\" id=\"image_1377796065\">\n\t\t\t\t\t\t\t\t<div class=\"img-inner dark\" >\n\t\t\t<img loading=\"lazy\" decoding=\"async\" width=\"760\" height=\"1024\" src=\"https:\/\/www.telaled.com\/wp-content\/uploads\/2025\/08\/36123f2c-de60-488d-af81-255cd4aee54a-760x1024.webp\" class=\"attachment-large size-large\" alt=\"\" srcset=\"https:\/\/www.telaled.com\/wp-content\/uploads\/2025\/08\/36123f2c-de60-488d-af81-255cd4aee54a-760x1024.webp 760w, https:\/\/www.telaled.com\/wp-content\/uploads\/2025\/08\/36123f2c-de60-488d-af81-255cd4aee54a-223x300.webp 223w, https:\/\/www.telaled.com\/wp-content\/uploads\/2025\/08\/36123f2c-de60-488d-af81-255cd4aee54a-768x1035.webp 768w, https:\/\/www.telaled.com\/wp-content\/uploads\/2025\/08\/36123f2c-de60-488d-af81-255cd4aee54a-9x12.webp 9w, https:\/\/www.telaled.com\/wp-content\/uploads\/2025\/08\/36123f2c-de60-488d-af81-255cd4aee54a-600x808.webp 600w, https:\/\/www.telaled.com\/wp-content\/uploads\/2025\/08\/36123f2c-de60-488d-af81-255cd4aee54a.webp 795w\" sizes=\"auto, (max-width: 760px) 100vw, 760px\" \/>\t\t\t\t\t\t\n\t\t\t\t\t<\/div>\n\t\t\t\t\t\t\t\t\n<style>\n#image_1377796065 {\n  width: 80%;\n}\n<\/style>\n\t<\/div>\n\t\n\n<table id=\"tablepress-91\" class=\"tablepress tablepress-id-91\">\n<thead>\n<tr class=\"row-1\">\n\t<th class=\"column-1\">Typ<\/th><th class=\"column-2\">g\u00f6ra<\/th><th class=\"column-3\">Material<\/th><th class=\"column-4\">Aluminiumlegering<\/th>\n<\/tr>\n<\/thead>\n<tbody class=\"row-striping row-hover\">\n<tr class=\"row-2\">\n\t<td class=\"column-1\">Betoning<\/td><td class=\"column-2\">po\u00e4ngvisning<\/td><td class=\"column-3\">Ursprungsort<\/td><td class=\"column-4\">Shenzhen, Kina<\/td>\n<\/tr>\n<tr class=\"row-3\">\n\t<td class=\"column-1\">Modellnummer<\/td><td class=\"column-2\">TEC-serien<\/td><td class=\"column-3\">Markera<\/td><td class=\"column-4\">LED-sk\u00e4rm<\/td>\n<\/tr>\n<tr class=\"row-4\">\n\t<td class=\"column-1\">f\u00e4rg<\/td><td class=\"column-2\">r\u00f6da siffror<\/td><td class=\"column-3\">Anv\u00e4nda<\/td><td class=\"column-4\">Extern\/Intern<\/td>\n<\/tr>\n<tr class=\"row-5\">\n\t<td class=\"column-1\">Namn<\/td><td class=\"column-2\">Elektronisk tennisresultattavla<\/td><td class=\"column-3\">Storlek<\/td><td class=\"column-4\">1095 mm x 400 mm x 65 mm<\/td>\n<\/tr>\n<tr class=\"row-6\">\n\t<td class=\"column-1\">Teckenh\u00f6jd<\/td><td class=\"column-2\">4 tum<\/td><td class=\"column-3\">Strukturera<\/td><td class=\"column-4\">Aluminiumlegering<\/td>\n<\/tr>\n<tr class=\"row-7\">\n\t<td class=\"column-1\">Installation<\/td><td class=\"column-2\">V\u00e4ggf\u00e4ste<\/td><td class=\"column-3\">Kontrollera<\/td><td class=\"column-4\">Fj\u00e4rrkontroll<\/td>\n<\/tr>\n<tr class=\"row-8\">\n\t<td class=\"column-1\">garanti<\/td><td class=\"column-2\">3 \u00e5r<\/td><td class=\"column-3\"><\/td><td class=\"column-4\"><\/td>\n<\/tr>\n<\/tbody>\n<\/table>\n<!-- #tablepress-91 from cache -->\n\t\t<\/div>\n\t\t\t\t\t<\/div>\n\n\t\n<\/div>\n\t\t<\/div>\n\t\t\t\t\t<\/div>\n\n\t\n<\/div>","protected":false},"excerpt":{"rendered":"<p><strong>Elektronisk resultattavla f\u00f6r tennis - TEC-serien<\/strong> \u2013 Precision f\u00f6r varje match<\/p>\n<p>En<em> <strong>Elektronisk resultattavla f\u00f6r tennis - TEC-serien<\/strong> <\/em>Den ger tydlighet, precision och professionalism till varje match. Utformad f\u00f6r klubbmatcher och st\u00f6rre turneringar, s\u00e4kerst\u00e4ller den smidig drift f\u00f6r domare, samtidigt som spelare och \u00e5sk\u00e5dare \u00e4r fullt engagerade.<\/p>\n<p><strong>Huvudfunktioner:<\/strong><\/p>\n<ul>\n<li><strong>Integrerat system f\u00f6r tennisregler:<\/strong> Den f\u00f6ljer automatiskt tennisreglerna, vilket minskar fel och s\u00e4kerst\u00e4ller perfekta resultat f\u00f6r domare, spelare och fans.<\/li>\n<li><strong>H\u00f6guppl\u00f6sta matchs\u00e4ndningar:<\/strong> Den visar hela matchen samtidigt; resultat, tid och spelarstatistik; allt med skarp och tydlig LED-kvalitet.<\/li>\n<li><strong>Enkla och intuitiva kontroller:<\/strong> Specialutvecklade kontrollpaneler g\u00f6r det snabbt och felfritt att anv\u00e4nda resultattavlan, \u00e4ven under press.<\/li>\n<li><strong>Anpassningsbar och h\u00e5llbar design:<\/strong> Byggda med flexibla h\u00f6ljesalternativ och bolls\u00e4kra fronter, anpassar dessa resultattavlor sig till din plats och f\u00f6rblir robusta i alla milj\u00f6er.<\/li>\n<\/ul>\n<p>Vi erbjuder fj\u00e4rrsupport dygnet runt, plus en p\u00e5litlig 3-\u00e5rsgaranti. Kontakta oss idag f\u00f6r en personlig offert skr\u00e4ddarsydd efter dina behov.<\/p>","protected":false},"featured_media":3697,"template":"","meta":[],"product_brand":[],"product_cat":[48,40,44,46],"product_tag":[],"class_list":{"0":"post-3695","1":"product","2":"type-product","3":"status-publish","4":"has-post-thumbnail","6":"product_cat-paineis-personalizados","7":"product_cat-painel-de-led","8":"product_cat-painel-de-led-flexivel","9":"product_cat-painel-de-video","11":"first","12":"instock","13":"shipping-taxable","14":"product-type-simple"},"yoast_head":"<!-- This site is optimized with the Yoast SEO plugin v27.4 - https:\/\/yoast.com\/product\/yoast-seo-wordpress\/ -->\n<title>Placar Eletr\u00f4nico de T\u00eanis S\u00e9rie TEC | Placar personalizado e dur\u00e1vel | TELALED<\/title>\n<meta name=\"description\" content=\"Aprimore sua quadra de t\u00eanis com um placar eletr\u00f4nico. Visores de alta resolu\u00e7\u00e3o, pain\u00e9is de controle intuitivos e design personaliz\u00e1vel.\" \/>\n<meta name=\"robots\" content=\"index, follow, max-snippet:-1, max-image-preview:large, max-video-preview:-1\" \/>\n<link rel=\"canonical\" href=\"https:\/\/www.telaled.com\/sv\/fabrica\/placar-eletronico-para-tenis-serie-tec\/\" \/>\n<meta property=\"og:locale\" content=\"sv_SE\" \/>\n<meta property=\"og:type\" content=\"article\" \/>\n<meta property=\"og:title\" content=\"Placar Eletr\u00f4nico de T\u00eanis S\u00e9rie TEC | Placar personalizado e dur\u00e1vel | TELALED\" \/>\n<meta property=\"og:description\" content=\"Aprimore sua quadra de t\u00eanis com um placar eletr\u00f4nico. Visores de alta resolu\u00e7\u00e3o, pain\u00e9is de controle intuitivos e design personaliz\u00e1vel.\" \/>\n<meta property=\"og:url\" content=\"https:\/\/www.telaled.com\/sv\/fabrica\/placar-eletronico-para-tenis-serie-tec\/\" \/>\n<meta property=\"og:site_name\" content=\"TELALED\" \/>\n<meta property=\"article:modified_time\" content=\"2026-01-06T09:33:21+00:00\" \/>\n<meta property=\"og:image\" content=\"https:\/\/www.telaled.com\/wp-content\/uploads\/2025\/10\/Placar-eletronico-para-tenis-1.webp\" \/>\n\t<meta property=\"og:image:width\" content=\"500\" \/>\n\t<meta property=\"og:image:height\" content=\"500\" \/>\n\t<meta property=\"og:image:type\" content=\"image\/webp\" \/>\n<meta name=\"twitter:card\" content=\"summary_large_image\" \/>\n<meta name=\"twitter:label1\" content=\"Est. reading time\" \/>\n\t<meta name=\"twitter:data1\" content=\"3 minuter\" \/>\n<script type=\"application\/ld+json\" class=\"yoast-schema-graph\">{\"@context\":\"https:\\\/\\\/schema.org\",\"@graph\":[{\"@type\":\"WebPage\",\"@id\":\"https:\\\/\\\/www.telaled.com\\\/fabrica\\\/placar-eletronico-para-tenis-serie-tec\\\/\",\"url\":\"https:\\\/\\\/www.telaled.com\\\/fabrica\\\/placar-eletronico-para-tenis-serie-tec\\\/\",\"name\":\"Placar Eletr\u00f4nico de T\u00eanis S\u00e9rie TEC | Placar personalizado e dur\u00e1vel | TELALED\",\"isPartOf\":{\"@id\":\"https:\\\/\\\/www.telaled.com\\\/#website\"},\"primaryImageOfPage\":{\"@id\":\"https:\\\/\\\/www.telaled.com\\\/fabrica\\\/placar-eletronico-para-tenis-serie-tec\\\/#primaryimage\"},\"image\":{\"@id\":\"https:\\\/\\\/www.telaled.com\\\/fabrica\\\/placar-eletronico-para-tenis-serie-tec\\\/#primaryimage\"},\"thumbnailUrl\":\"https:\\\/\\\/www.telaled.com\\\/wp-content\\\/uploads\\\/2025\\\/10\\\/Placar-eletronico-para-tenis-1.webp\",\"datePublished\":\"2025-10-02T01:58:23+00:00\",\"dateModified\":\"2026-01-06T09:33:21+00:00\",\"description\":\"Aprimore sua quadra de t\u00eanis com um placar eletr\u00f4nico. Visores de alta resolu\u00e7\u00e3o, pain\u00e9is de controle intuitivos e design personaliz\u00e1vel.\",\"breadcrumb\":{\"@id\":\"https:\\\/\\\/www.telaled.com\\\/fabrica\\\/placar-eletronico-para-tenis-serie-tec\\\/#breadcrumb\"},\"inLanguage\":\"sv-SE\",\"potentialAction\":[{\"@type\":\"ReadAction\",\"target\":[\"https:\\\/\\\/www.telaled.com\\\/fabrica\\\/placar-eletronico-para-tenis-serie-tec\\\/\"]}]},{\"@type\":\"ImageObject\",\"inLanguage\":\"sv-SE\",\"@id\":\"https:\\\/\\\/www.telaled.com\\\/fabrica\\\/placar-eletronico-para-tenis-serie-tec\\\/#primaryimage\",\"url\":\"https:\\\/\\\/www.telaled.com\\\/wp-content\\\/uploads\\\/2025\\\/10\\\/Placar-eletronico-para-tenis-1.webp\",\"contentUrl\":\"https:\\\/\\\/www.telaled.com\\\/wp-content\\\/uploads\\\/2025\\\/10\\\/Placar-eletronico-para-tenis-1.webp\",\"width\":500,\"height\":500,\"caption\":\"Placar-eletronico-para-tenis (1)\"},{\"@type\":\"BreadcrumbList\",\"@id\":\"https:\\\/\\\/www.telaled.com\\\/fabrica\\\/placar-eletronico-para-tenis-serie-tec\\\/#breadcrumb\",\"itemListElement\":[{\"@type\":\"ListItem\",\"position\":1,\"name\":\"Home\",\"item\":\"https:\\\/\\\/www.telaled.com\\\/\"},{\"@type\":\"ListItem\",\"position\":2,\"name\":\"Produtos\",\"item\":\"https:\\\/\\\/www.telaled.com\\\/shop\\\/\"},{\"@type\":\"ListItem\",\"position\":3,\"name\":\"Placar Eletronico para Tenis S\u00e9rie TEC\"}]},{\"@type\":\"WebSite\",\"@id\":\"https:\\\/\\\/www.telaled.com\\\/#website\",\"url\":\"https:\\\/\\\/www.telaled.com\\\/\",\"name\":\"TELALED\",\"description\":\"\",\"potentialAction\":[{\"@type\":\"SearchAction\",\"target\":{\"@type\":\"EntryPoint\",\"urlTemplate\":\"https:\\\/\\\/www.telaled.com\\\/?s={search_term_string}\"},\"query-input\":{\"@type\":\"PropertyValueSpecification\",\"valueRequired\":true,\"valueName\":\"search_term_string\"}}],\"inLanguage\":\"sv-SE\"}]}<\/script>\n<!-- \/ Yoast SEO plugin. -->","yoast_head_json":{"title":"TEC-seriens elektroniska resultattavla f\u00f6r tennis | Anpassningsbar och h\u00e5llbar resultattavla | LED-sk\u00e4rm","description":"F\u00f6rb\u00e4ttra din tennisbana med en elektronisk resultattavla. H\u00f6guppl\u00f6sta sk\u00e4rmar, intuitiva kontrollpaneler och anpassningsbar design.","robots":{"index":"index","follow":"follow","max-snippet":"max-snippet:-1","max-image-preview":"max-image-preview:large","max-video-preview":"max-video-preview:-1"},"canonical":"https:\/\/www.telaled.com\/sv\/fabrica\/placar-eletronico-para-tenis-serie-tec\/","og_locale":"sv_SE","og_type":"article","og_title":"Placar Eletr\u00f4nico de T\u00eanis S\u00e9rie TEC | Placar personalizado e dur\u00e1vel | TELALED","og_description":"Aprimore sua quadra de t\u00eanis com um placar eletr\u00f4nico. Visores de alta resolu\u00e7\u00e3o, pain\u00e9is de controle intuitivos e design personaliz\u00e1vel.","og_url":"https:\/\/www.telaled.com\/sv\/fabrica\/placar-eletronico-para-tenis-serie-tec\/","og_site_name":"TELALED","article_modified_time":"2026-01-06T09:33:21+00:00","og_image":[{"width":500,"height":500,"url":"https:\/\/www.telaled.com\/wp-content\/uploads\/2025\/10\/Placar-eletronico-para-tenis-1.webp","type":"image\/webp"}],"twitter_card":"summary_large_image","twitter_misc":{"Est. reading time":"3 minuter"},"schema":{"@context":"https:\/\/schema.org","@graph":[{"@type":"WebPage","@id":"https:\/\/www.telaled.com\/fabrica\/placar-eletronico-para-tenis-serie-tec\/","url":"https:\/\/www.telaled.com\/fabrica\/placar-eletronico-para-tenis-serie-tec\/","name":"TEC-seriens elektroniska resultattavla f\u00f6r tennis | Anpassningsbar och h\u00e5llbar resultattavla | LED-sk\u00e4rm","isPartOf":{"@id":"https:\/\/www.telaled.com\/#website"},"primaryImageOfPage":{"@id":"https:\/\/www.telaled.com\/fabrica\/placar-eletronico-para-tenis-serie-tec\/#primaryimage"},"image":{"@id":"https:\/\/www.telaled.com\/fabrica\/placar-eletronico-para-tenis-serie-tec\/#primaryimage"},"thumbnailUrl":"https:\/\/www.telaled.com\/wp-content\/uploads\/2025\/10\/Placar-eletronico-para-tenis-1.webp","datePublished":"2025-10-02T01:58:23+00:00","dateModified":"2026-01-06T09:33:21+00:00","description":"F\u00f6rb\u00e4ttra din tennisbana med en elektronisk resultattavla. H\u00f6guppl\u00f6sta sk\u00e4rmar, intuitiva kontrollpaneler och anpassningsbar design.","breadcrumb":{"@id":"https:\/\/www.telaled.com\/fabrica\/placar-eletronico-para-tenis-serie-tec\/#breadcrumb"},"inLanguage":"sv-SE","potentialAction":[{"@type":"ReadAction","target":["https:\/\/www.telaled.com\/fabrica\/placar-eletronico-para-tenis-serie-tec\/"]}]},{"@type":"ImageObject","inLanguage":"sv-SE","@id":"https:\/\/www.telaled.com\/fabrica\/placar-eletronico-para-tenis-serie-tec\/#primaryimage","url":"https:\/\/www.telaled.com\/wp-content\/uploads\/2025\/10\/Placar-eletronico-para-tenis-1.webp","contentUrl":"https:\/\/www.telaled.com\/wp-content\/uploads\/2025\/10\/Placar-eletronico-para-tenis-1.webp","width":500,"height":500,"caption":"Placar-eletronico-para-tenis (1)"},{"@type":"BreadcrumbList","@id":"https:\/\/www.telaled.com\/fabrica\/placar-eletronico-para-tenis-serie-tec\/#breadcrumb","itemListElement":[{"@type":"ListItem","position":1,"name":"Home","item":"https:\/\/www.telaled.com\/"},{"@type":"ListItem","position":2,"name":"Produtos","item":"https:\/\/www.telaled.com\/shop\/"},{"@type":"ListItem","position":3,"name":"Placar Eletronico para Tenis S\u00e9rie TEC"}]},{"@type":"WebSite","@id":"https:\/\/www.telaled.com\/#website","url":"https:\/\/www.telaled.com\/","name":"LED-sk\u00e4rm","description":"","potentialAction":[{"@type":"SearchAction","target":{"@type":"EntryPoint","urlTemplate":"https:\/\/www.telaled.com\/?s={search_term_string}"},"query-input":{"@type":"PropertyValueSpecification","valueRequired":true,"valueName":"search_term_string"}}],"inLanguage":"sv-SE"}]}},"_links":{"self":[{"href":"https:\/\/www.telaled.com\/sv\/wp-json\/wp\/v2\/product\/3695","targetHints":{"allow":["GET"]}}],"collection":[{"href":"https:\/\/www.telaled.com\/sv\/wp-json\/wp\/v2\/product"}],"about":[{"href":"https:\/\/www.telaled.com\/sv\/wp-json\/wp\/v2\/types\/product"}],"wp:featuredmedia":[{"embeddable":true,"href":"https:\/\/www.telaled.com\/sv\/wp-json\/wp\/v2\/media\/3697"}],"wp:attachment":[{"href":"https:\/\/www.telaled.com\/sv\/wp-json\/wp\/v2\/media?parent=3695"}],"wp:term":[{"taxonomy":"product_brand","embeddable":true,"href":"https:\/\/www.telaled.com\/sv\/wp-json\/wp\/v2\/product_brand?post=3695"},{"taxonomy":"product_cat","embeddable":true,"href":"https:\/\/www.telaled.com\/sv\/wp-json\/wp\/v2\/product_cat?post=3695"},{"taxonomy":"product_tag","embeddable":true,"href":"https:\/\/www.telaled.com\/sv\/wp-json\/wp\/v2\/product_tag?post=3695"}],"curies":[{"name":"wp","href":"https:\/\/api.w.org\/{rel}","templated":true}]}}