{"id":3661,"date":"2025-09-30T03:19:49","date_gmt":"2025-09-30T03:19:49","guid":{"rendered":"https:\/\/www.telaled.com\/?post_type=product&#038;p=3661"},"modified":"2026-01-06T09:11:26","modified_gmt":"2026-01-06T09:11:26","slug":"placar-eletronico-esportivo-serie-tea","status":"publish","type":"product","link":"https:\/\/www.telaled.com\/sv\/fabrica\/placar-eletronico-esportivo-serie-tea\/","title":{"rendered":"Elektronisk sportresultattavla TEA-serien"},"content":{"rendered":"<div class=\"row\"  id=\"row-563135821\">\n\n\t<div id=\"col-1753258538\" class=\"col small-12 large-12\"  >\n\t\t\t\t<div class=\"col-inner\"  >\n\t\t\t\n\t\t\t\n<h2><span data-sheets-root=\"1\">Elektronisk resultattavla f\u00f6r sporter<\/span> TEA-serien<\/h2>\n<h3><strong>\u00d6verl\u00e4gsen h\u00e5llbarhet<\/strong><\/h3>\n<ul>\n<li>Konstruerad med ett h\u00f6lje i aluminium eller j\u00e4rn och f\u00f6rseglade 7-segments LED-moduler med IP65-klassning f\u00f6r utomhusskydd.<\/li>\n<li>Den fungerar tillf\u00f6rlitligt fr\u00e5n -40 \u00b0C till 75 \u00b0C med en livsl\u00e4ngd p\u00e5 \u00f6ver 100 000 timmar.<\/li>\n<li>LED-lampans konstantstr\u00f6msdrift s\u00e4kerst\u00e4ller stabil prestanda och f\u00f6rhindrar slitage \u00f6ver tid.<\/li>\n<\/ul>\n<h3><strong>Exceptionell visuell kvalitet<\/strong><\/h3>\n<ul>\n<li>Det automatiska dimningssystemet med 8 niv\u00e5er justerar ljusstyrkan f\u00f6r anv\u00e4ndning p\u00e5 dagtid eller nattetid.<\/li>\n<li>LED-chip med h\u00f6g ljusstyrka p\u00e5 upp till 12 000 mcd ger tydlig sikt \u00e4ven i direkt solljus.<\/li>\n<li>Breda betraktningsvinklar p\u00e5 60\u00b0 till 120\u00b0 bibeh\u00e5ller tydlig l\u00e4sbarhet \u00f6ver hela f\u00e4ltet.<\/li>\n<\/ul>\n<h3><strong>Fullst\u00e4ndig anpassningsf\u00f6rm\u00e5ga<\/strong><\/h3>\n<ul>\n<li>St\u00f6der enkel- eller dubbelsidig sk\u00e4rm med \u00e5tkomst framifr\u00e5n eller bakifr\u00e5n.<\/li>\n<li>Flera monteringsalternativ: v\u00e4ggmonterad, h\u00e4ngande eller frist\u00e5ende.<\/li>\n<li>Kompatibel med RF-, RS232\/485- och TCP\/IP-fj\u00e4rrstyrningssystem f\u00f6r flexibel drift.<\/li>\n<\/ul>\n<h3><strong>Omfattande st\u00f6d<\/strong><\/h3>\n<ul>\n<li><strong>Specialiserad assistans dygnet runt, 7 dagar i veckan:<\/strong> F\u00e5 tillg\u00e5ng till professionell support dygnet runt, 7 dagar i veckan, f\u00f6r att h\u00e5lla ditt system i toppskick.<\/li>\n<li><strong>Integrerade reservdelar:<\/strong> Varje best\u00e4llning inkluderar 5% extra delar f\u00f6r att s\u00e4kerst\u00e4lla smidig och oavbruten anv\u00e4ndning.<\/li>\n<li><strong>Maximal tillf\u00f6rlitlighet:<\/strong> Tillagda komponenter minskar underh\u00e5llsf\u00f6rseningar och f\u00f6rl\u00e4nger livsl\u00e4ngden p\u00e5 din utrustning.<\/li>\n<li><strong>Bekymmersfri garanti:<\/strong> Dra nytta av en 3-\u00e5rig garanti som skyddar din investering med p\u00e5litligt skydd.<\/li>\n<\/ul>\n<h2>Produktinformation<\/h2>\n<div class=\"row\"  id=\"row-2043866919\">\n\n\t<div id=\"col-764249600\" class=\"col medium-10 small-12 large-10\"  >\n\t\t\t\t<div class=\"col-inner text-left\"  >\n\t\t\t\n\t\t\t\n<ul>\n<li>V\u00e5r <strong><em>Elektronisk sportresultattavla TEA-serien<\/em>\u00a0<\/strong> Ger resultat och tidtagning i realtid, vilket h\u00e5ller spelare och fans uppdaterade varje \u00f6gonblick av matchen. Dessa h\u00e5llbara elektroniska resultattavlor \u00e4r helt anpassningsbara f\u00f6r att matcha alla sporter eller arenor och \u00e4r utformade f\u00f6r inomhus- och utomhusbruk. Med skarpa sk\u00e4rmar och p\u00e5litlig prestanda \u00e4r de den perfekta l\u00f6sningen f\u00f6r skolor, arenor och idrottsanl\u00e4ggningar.<\/li>\n<\/ul>\n\t<div class=\"img has-hover x md-x lg-x y md-y lg-y\" id=\"image_1016614550\">\n\t\t\t\t\t\t\t\t<div class=\"img-inner dark\" >\n\t\t\t<img loading=\"lazy\" decoding=\"async\" width=\"1536\" height=\"1152\" src=\"https:\/\/www.telaled.com\/wp-content\/uploads\/2025\/10\/Placar-Eeletronico-Esportivo-Serie-TEA6-1.webp\" class=\"attachment-original size-original\" alt=\"Elektronisk resultattavla f\u00f6r sport - TEA6-serien (1)\" srcset=\"https:\/\/www.telaled.com\/wp-content\/uploads\/2025\/10\/Placar-Eeletronico-Esportivo-Serie-TEA6-1.webp 1536w, https:\/\/www.telaled.com\/wp-content\/uploads\/2025\/10\/Placar-Eeletronico-Esportivo-Serie-TEA6-1-300x225.webp 300w, https:\/\/www.telaled.com\/wp-content\/uploads\/2025\/10\/Placar-Eeletronico-Esportivo-Serie-TEA6-1-1024x768.webp 1024w, https:\/\/www.telaled.com\/wp-content\/uploads\/2025\/10\/Placar-Eeletronico-Esportivo-Serie-TEA6-1-768x576.webp 768w, https:\/\/www.telaled.com\/wp-content\/uploads\/2025\/10\/Placar-Eeletronico-Esportivo-Serie-TEA6-1-16x12.webp 16w, https:\/\/www.telaled.com\/wp-content\/uploads\/2025\/10\/Placar-Eeletronico-Esportivo-Serie-TEA6-1-600x450.webp 600w\" sizes=\"auto, (max-width: 1536px) 100vw, 1536px\" \/>\t\t\t\t\t\t\n\t\t\t\t\t<\/div>\n\t\t\t\t\t\t\t\t\n<style>\n#image_1016614550 {\n  width: 80%;\n}\n<\/style>\n\t<\/div>\n\t\n<ul>\n<li>V\u00e5r <em><strong>Elektroniska resultattavlor f\u00f6r sporter<\/strong> <strong>TEA-serien<\/strong><\/em>\u00a0De \u00e4r utformade f\u00f6r maximal h\u00e5llbarhet och byggda f\u00f6r att motst\u00e5 regn, vind, sn\u00f6 och direkt solljus utan att kompromissa med prestandan. Med en robust design h\u00e5ller de l\u00e4ngre \u00e4n resultattavlor f\u00f6r sporter och t\u00e5l h\u00e5rt bruk med l\u00e4tthet, vilket ger p\u00e5litlig prestanda och ett varaktigt v\u00e4rde f\u00f6r idrottsanl\u00e4ggningar och arenor.<\/li>\n<\/ul>\n\t<div class=\"img has-hover x md-x lg-x y md-y lg-y\" id=\"image_885405207\">\n\t\t\t\t\t\t\t\t<div class=\"img-inner dark\" >\n\t\t\t<img loading=\"lazy\" decoding=\"async\" width=\"1020\" height=\"938\" src=\"https:\/\/www.telaled.com\/wp-content\/uploads\/2025\/10\/Placar-Eeletronico-Esportivo-Serie-TEA7-1024x942.webp\" class=\"attachment-large size-large\" alt=\"\" srcset=\"https:\/\/www.telaled.com\/wp-content\/uploads\/2025\/10\/Placar-Eeletronico-Esportivo-Serie-TEA7-1024x942.webp 1024w, https:\/\/www.telaled.com\/wp-content\/uploads\/2025\/10\/Placar-Eeletronico-Esportivo-Serie-TEA7-300x276.webp 300w, https:\/\/www.telaled.com\/wp-content\/uploads\/2025\/10\/Placar-Eeletronico-Esportivo-Serie-TEA7-768x706.webp 768w, https:\/\/www.telaled.com\/wp-content\/uploads\/2025\/10\/Placar-Eeletronico-Esportivo-Serie-TEA7-1536x1413.webp 1536w, https:\/\/www.telaled.com\/wp-content\/uploads\/2025\/10\/Placar-Eeletronico-Esportivo-Serie-TEA7-13x12.webp 13w, https:\/\/www.telaled.com\/wp-content\/uploads\/2025\/10\/Placar-Eeletronico-Esportivo-Serie-TEA7-600x552.webp 600w, https:\/\/www.telaled.com\/wp-content\/uploads\/2025\/10\/Placar-Eeletronico-Esportivo-Serie-TEA7.webp 1920w\" sizes=\"auto, (max-width: 1020px) 100vw, 1020px\" \/>\t\t\t\t\t\t\n\t\t\t\t\t<\/div>\n\t\t\t\t\t\t\t\t\n<style>\n#image_885405207 {\n  width: 80%;\n}\n<\/style>\n\t<\/div>\n\t\n<ul>\n<li>V\u00e4lj <em><strong>Elektronisk sportresultattavla TEA-serien<\/strong><\/em> Noggrannhet \u00e4r grundl\u00e4ggande f\u00f6r alla gym, skolor eller arenor. V\u00e5ra elektroniska resultattavlor f\u00f6r sport \u00e4r utformade f\u00f6r grundskolor, mellanstadier och gymnasieskolor, universitet och professionella anl\u00e4ggningar. Fr\u00e5n resultattavlor till digitala resultattavlor erbjuder vi kompletta och anpassningsbara po\u00e4ngl\u00f6sningar. Samarbeta med oss och f\u00e5 en h\u00e5llbar, h\u00f6gkvalitativ elektronisk resultattavla f\u00f6r sport, byggd f\u00f6r noggrannhet, synlighet och l\u00e5ngsiktig prestanda.<\/li>\n<\/ul>\n\t<div class=\"img has-hover x md-x lg-x y md-y lg-y\" id=\"image_898099621\">\n\t\t\t\t\t\t\t\t<div class=\"img-inner dark\" >\n\t\t\t<img loading=\"lazy\" decoding=\"async\" width=\"1020\" height=\"790\" src=\"https:\/\/www.telaled.com\/wp-content\/uploads\/2025\/10\/Placar-Eeletronico-Esportivo-Serie-TEA8-1024x793.webp\" class=\"attachment-large size-large\" alt=\"\" srcset=\"https:\/\/www.telaled.com\/wp-content\/uploads\/2025\/10\/Placar-Eeletronico-Esportivo-Serie-TEA8-1024x793.webp 1024w, https:\/\/www.telaled.com\/wp-content\/uploads\/2025\/10\/Placar-Eeletronico-Esportivo-Serie-TEA8-300x232.webp 300w, https:\/\/www.telaled.com\/wp-content\/uploads\/2025\/10\/Placar-Eeletronico-Esportivo-Serie-TEA8-768x595.webp 768w, https:\/\/www.telaled.com\/wp-content\/uploads\/2025\/10\/Placar-Eeletronico-Esportivo-Serie-TEA8-1536x1190.webp 1536w, https:\/\/www.telaled.com\/wp-content\/uploads\/2025\/10\/Placar-Eeletronico-Esportivo-Serie-TEA8-15x12.webp 15w, https:\/\/www.telaled.com\/wp-content\/uploads\/2025\/10\/Placar-Eeletronico-Esportivo-Serie-TEA8-600x465.webp 600w, https:\/\/www.telaled.com\/wp-content\/uploads\/2025\/10\/Placar-Eeletronico-Esportivo-Serie-TEA8.webp 1590w\" sizes=\"auto, (max-width: 1020px) 100vw, 1020px\" \/>\t\t\t\t\t\t\n\t\t\t\t\t<\/div>\n\t\t\t\t\t\t\t\t\n<style>\n#image_898099621 {\n  width: 80%;\n}\n<\/style>\n\t<\/div>\n\t\n<ul>\n<li><strong>Elektronisk sportresultattavla TEA-serien<\/strong> De \u00e4r packade i f\u00f6rst\u00e4rkta tr\u00e4l\u00e5dor f\u00f6r att skydda dem under transport. Varje enhet \u00e4r s\u00e4kert f\u00f6rpackad f\u00f6r att f\u00f6rhindra skador fr\u00e5n skadedjur, st\u00f6tar och andra faror. Detta garanterar h\u00e5llbarhet och s\u00e4ker leverans.<\/li>\n<\/ul>\n\t<div class=\"img has-hover x md-x lg-x y md-y lg-y\" id=\"image_1766649876\">\n\t\t\t\t\t\t\t\t<div class=\"img-inner dark\" >\n\t\t\t<img loading=\"lazy\" decoding=\"async\" width=\"760\" height=\"1024\" src=\"https:\/\/www.telaled.com\/wp-content\/uploads\/2025\/08\/36123f2c-de60-488d-af81-255cd4aee54a-760x1024.webp\" class=\"attachment-large size-large\" alt=\"\" srcset=\"https:\/\/www.telaled.com\/wp-content\/uploads\/2025\/08\/36123f2c-de60-488d-af81-255cd4aee54a-760x1024.webp 760w, https:\/\/www.telaled.com\/wp-content\/uploads\/2025\/08\/36123f2c-de60-488d-af81-255cd4aee54a-223x300.webp 223w, https:\/\/www.telaled.com\/wp-content\/uploads\/2025\/08\/36123f2c-de60-488d-af81-255cd4aee54a-768x1035.webp 768w, https:\/\/www.telaled.com\/wp-content\/uploads\/2025\/08\/36123f2c-de60-488d-af81-255cd4aee54a-9x12.webp 9w, https:\/\/www.telaled.com\/wp-content\/uploads\/2025\/08\/36123f2c-de60-488d-af81-255cd4aee54a-600x808.webp 600w, https:\/\/www.telaled.com\/wp-content\/uploads\/2025\/08\/36123f2c-de60-488d-af81-255cd4aee54a.webp 795w\" sizes=\"auto, (max-width: 760px) 100vw, 760px\" \/>\t\t\t\t\t\t\n\t\t\t\t\t<\/div>\n\t\t\t\t\t\t\t\t\n<style>\n#image_1766649876 {\n  width: 80%;\n}\n<\/style>\n\t<\/div>\n\t\n\n<table id=\"tablepress-90\" class=\"tablepress tablepress-id-90\">\n<thead>\n<tr class=\"row-1\">\n\t<th class=\"column-1\">Punkt<\/th><th class=\"column-2\">Tekniska parametrar<\/th>\n<\/tr>\n<\/thead>\n<tbody class=\"row-striping row-hover\">\n<tr class=\"row-2\">\n\t<td class=\"column-1\">F\u00e4rg:<\/td><td class=\"column-2\">R\u00f6d, Amber, Gr\u00f6n, Bl\u00e5, Vit<\/td>\n<\/tr>\n<tr class=\"row-3\">\n\t<td class=\"column-1\">Siffrans h\u00f6jd:<\/td><td class=\"column-2\">6'', 8'', 10'', 12'', 15'', 18'', 20'', 22'', 24'', 32'', 64'', 72''<\/td>\n<\/tr>\n<tr class=\"row-4\">\n\t<td class=\"column-1\">Sifferdesign:<\/td><td class=\"column-2\">7-segmentsmodulerna \u00e4r f\u00f6rseglade med lim, vilket uppn\u00e5r en vattent\u00e4thetsklassning enligt IP67, med dammskydd som s\u00e4kerst\u00e4ller att lysdioderna fungerar normalt hela tiden.<\/td>\n<\/tr>\n<tr class=\"row-5\">\n\t<td class=\"column-1\">Ljusstyrkekontroll:<\/td><td class=\"column-2\">Automatisk dimning via ljusstyrkesensor<\/td>\n<\/tr>\n<tr class=\"row-6\">\n\t<td class=\"column-1\">Sk\u00e4rmnedtoning:<\/td><td class=\"column-2\">Mer \u00e4n 8 niv\u00e5er av automatisk intensitetsjustering.<\/td>\n<\/tr>\n<tr class=\"row-7\">\n\t<td class=\"column-1\">Betraktningsvinkel:<\/td><td class=\"column-2\">Horisontellt: 60\u00b0-120\u00b0, Vertikalt: 60\u00b0-120\u00b0 eller anpassat<\/td>\n<\/tr>\n<tr class=\"row-8\">\n\t<td class=\"column-1\">Tillg\u00e5ng till tj\u00e4nsten:<\/td><td class=\"column-2\">\u00d6ppning fram eller bak<\/td>\n<\/tr>\n<tr class=\"row-9\">\n\t<td class=\"column-1\">Master\/slav:<\/td><td class=\"column-2\">Enkel- eller dubbelsidig, master\/slave tillg\u00e4nglig.<\/td>\n<\/tr>\n<tr class=\"row-10\">\n\t<td class=\"column-1\">Sk\u00e5psmaterial:<\/td><td class=\"column-2\">J\u00e4rnsk\u00e5p eller ram av aluminiumlegering<\/td>\n<\/tr>\n<tr class=\"row-11\">\n\t<td class=\"column-1\">Vattent\u00e4tningsniv\u00e5:<\/td><td class=\"column-2\">IP53 med h\u00f6lje i aluminiumlegering, IP65 med h\u00f6lje i j\u00e4rn.<\/td>\n<\/tr>\n<tr class=\"row-12\">\n\t<td class=\"column-1\">LED-k\u00f6rl\u00e4ge:<\/td><td class=\"column-2\">Konstant str\u00f6m<\/td>\n<\/tr>\n<tr class=\"row-13\">\n\t<td class=\"column-1\">Str\u00f6mf\u00f6rbrukning:<\/td><td class=\"column-2\">110\/220 V AC, 50\u201360 Hz<\/td>\n<\/tr>\n<tr class=\"row-14\">\n\t<td class=\"column-1\">Kommunikation med dator:<\/td><td class=\"column-2\">RS232\/485; LAN (TCP\/IP) med tr\u00e5d eller tr\u00e5dl\u00f6st, kunden kan v\u00e4lja.<\/td>\n<\/tr>\n<tr class=\"row-15\">\n\t<td class=\"column-1\">Fj\u00e4rrkontrolltyp:<\/td><td class=\"column-2\">RF-fj\u00e4rrkontroll (standard 6-knapps eller LCD-fj\u00e4rrkontroll)<\/td>\n<\/tr>\n<tr class=\"row-16\">\n\t<td class=\"column-1\">Kontinuerlig arbetstid:<\/td><td class=\"column-2\">Obegr\u00e4nsat<\/td>\n<\/tr>\n<tr class=\"row-17\">\n\t<td class=\"column-1\">LED-livsl\u00e4ngd:<\/td><td class=\"column-2\">&gt;100 000 timmar<\/td>\n<\/tr>\n<tr class=\"row-18\">\n\t<td class=\"column-1\">Installationsmetod:<\/td><td class=\"column-2\">Upph\u00e4ngda, monterade eller specialdesignade.<\/td>\n<\/tr>\n<tr class=\"row-19\">\n\t<td class=\"column-1\">Driftstemperatur:<\/td><td class=\"column-2\">-40\u2103~75\u2103<\/td>\n<\/tr>\n<\/tbody>\n<\/table>\n<!-- #tablepress-90 from cache -->\n\t\t<\/div>\n\t\t\t\t\t<\/div>\n\n\t\n<\/div>\n\t\t<\/div>\n\t\t\t\t\t<\/div>\n\n\t\n<\/div>","protected":false},"excerpt":{"rendered":"<p><strong><span data-sheets-root=\"1\">Elektronisk resultattavla f\u00f6r sporter<\/span> TEA-serien \u2013 LED-display f\u00f6r alla spel<\/strong><\/p>\n<p>Detta <strong><span data-sheets-root=\"1\">Elektronisk resultattavla f\u00f6r sporter<\/span> TEA-serien <\/strong>TELALED erbjuder skarpa LED-siffror med h\u00f6g ljusstyrka f\u00f6r utomhusbruk. Byggd med infrar\u00f6d displayteknik, en ram av aluminium eller j\u00e4rn och automatisk ljusstyrkekontroll, ger den noggrann realtidspo\u00e4ngs\u00e4ttning och l\u00e5ngsiktig tillf\u00f6rlitlighet i alla v\u00e4derf\u00f6rh\u00e5llanden.<\/p>\n<p><strong>Huvudfunktioner:<\/strong><\/p>\n<ul>\n<li><strong>H\u00e5llbar struktur:<\/strong> IP65 vattent\u00e4tt och dammt\u00e4tt h\u00f6lje med f\u00f6rseglade LED-moduler, klassat f\u00f6r \u00f6ver 100 000 timmars anv\u00e4ndning i temperaturer fr\u00e5n -40 \u00b0C till 75 \u00b0C.<\/li>\n<li><strong>Tydlig sikt:<\/strong> H\u00f6gintensiva LED-chip p\u00e5 upp till 12 000 mcd och en bred betraktningsvinkel p\u00e5 60\u00b0 till 120\u00b0 s\u00e4kerst\u00e4ller att po\u00e4ngen f\u00f6rblir l\u00e4sbara i solljus eller str\u00e5lkastare.<\/li>\n<li><strong>Flexibel kontroll:<\/strong> St\u00f6der RF-, RS232\/485- och TCP\/IP-fj\u00e4rrstyrning, med olika installationsalternativ; v\u00e4ggmonterad, h\u00e4ngande eller frist\u00e5ende f\u00f6r olika sporttill\u00e4mpningar.<\/li>\n<\/ul>\n<p>F\u00e5 p\u00e5litlig fj\u00e4rrsupport dygnet runt med en omfattande 3-\u00e5rsgaranti. Kontakta oss idag f\u00f6r en kostnadsfri, personlig offert skr\u00e4ddarsydd f\u00f6r just dina aff\u00e4rsbehov.<\/p>","protected":false},"featured_media":3662,"template":"","meta":[],"product_brand":[],"product_cat":[50,48,40,15],"product_tag":[],"class_list":{"0":"post-3661","1":"product","2":"type-product","3":"status-publish","4":"has-post-thumbnail","6":"product_cat-aluguel-de-painel-de-led","7":"product_cat-paineis-personalizados","8":"product_cat-painel-de-led","9":"product_cat-sem-categoria","11":"first","12":"instock","13":"shipping-taxable","14":"product-type-simple"},"yoast_head":"<!-- This site is optimized with the Yoast SEO plugin v27.4 - https:\/\/yoast.com\/product\/yoast-seo-wordpress\/ -->\n<title>Placar Esportivo Eletr\u00f4nico S\u00e9rie TEA | Placares de LED para ambientes internos e externos. | TELALED<\/title>\n<meta name=\"description\" content=\"Placar Esportivo Eletr\u00f4nicos S\u00e9rie TEA com displays de LED coloridos. Melhore a experi\u00eancia dos f\u00e3s, exiba an\u00fancios e mantenha os placares claros em qualquer condi\u00e7\u00e3o clim\u00e1tica.\" \/>\n<meta name=\"robots\" content=\"index, follow, max-snippet:-1, max-image-preview:large, max-video-preview:-1\" \/>\n<link rel=\"canonical\" href=\"https:\/\/www.telaled.com\/sv\/fabrica\/placar-eletronico-esportivo-serie-tea\/\" \/>\n<meta property=\"og:locale\" content=\"sv_SE\" \/>\n<meta property=\"og:type\" content=\"article\" \/>\n<meta property=\"og:title\" content=\"Placar Esportivo Eletr\u00f4nico S\u00e9rie TEA | Placares de LED para ambientes internos e externos. | TELALED\" \/>\n<meta property=\"og:description\" content=\"Placar Esportivo Eletr\u00f4nicos S\u00e9rie TEA com displays de LED coloridos. Melhore a experi\u00eancia dos f\u00e3s, exiba an\u00fancios e mantenha os placares claros em qualquer condi\u00e7\u00e3o clim\u00e1tica.\" \/>\n<meta property=\"og:url\" content=\"https:\/\/www.telaled.com\/sv\/fabrica\/placar-eletronico-esportivo-serie-tea\/\" \/>\n<meta property=\"og:site_name\" content=\"TELALED\" \/>\n<meta property=\"article:modified_time\" content=\"2026-01-06T09:11:26+00:00\" \/>\n<meta property=\"og:image\" content=\"https:\/\/www.telaled.com\/wp-content\/uploads\/2025\/09\/Placar-Eeletronico-Esportivo-Serie-TEA.jpg\" \/>\n\t<meta property=\"og:image:width\" content=\"500\" \/>\n\t<meta property=\"og:image:height\" content=\"500\" \/>\n\t<meta property=\"og:image:type\" content=\"image\/jpeg\" \/>\n<meta name=\"twitter:card\" content=\"summary_large_image\" \/>\n<meta name=\"twitter:label1\" content=\"Ber\u00e4knad l\u00e4stid\" \/>\n\t<meta name=\"twitter:data1\" content=\"3 minuter\" \/>\n<script type=\"application\/ld+json\" class=\"yoast-schema-graph\">{\"@context\":\"https:\\\/\\\/schema.org\",\"@graph\":[{\"@type\":\"WebPage\",\"@id\":\"https:\\\/\\\/www.telaled.com\\\/fabrica\\\/placar-eletronico-esportivo-serie-tea\\\/\",\"url\":\"https:\\\/\\\/www.telaled.com\\\/fabrica\\\/placar-eletronico-esportivo-serie-tea\\\/\",\"name\":\"Placar Esportivo Eletr\u00f4nico S\u00e9rie TEA | Placares de LED para ambientes internos e externos. | TELALED\",\"isPartOf\":{\"@id\":\"https:\\\/\\\/www.telaled.com\\\/#website\"},\"primaryImageOfPage\":{\"@id\":\"https:\\\/\\\/www.telaled.com\\\/fabrica\\\/placar-eletronico-esportivo-serie-tea\\\/#primaryimage\"},\"image\":{\"@id\":\"https:\\\/\\\/www.telaled.com\\\/fabrica\\\/placar-eletronico-esportivo-serie-tea\\\/#primaryimage\"},\"thumbnailUrl\":\"https:\\\/\\\/www.telaled.com\\\/wp-content\\\/uploads\\\/2025\\\/09\\\/Placar-Eeletronico-Esportivo-Serie-TEA.jpg\",\"datePublished\":\"2025-09-30T03:19:49+00:00\",\"dateModified\":\"2026-01-06T09:11:26+00:00\",\"description\":\"Placar Esportivo Eletr\u00f4nicos S\u00e9rie TEA com displays de LED coloridos. Melhore a experi\u00eancia dos f\u00e3s, exiba an\u00fancios e mantenha os placares claros em qualquer condi\u00e7\u00e3o clim\u00e1tica.\",\"breadcrumb\":{\"@id\":\"https:\\\/\\\/www.telaled.com\\\/fabrica\\\/placar-eletronico-esportivo-serie-tea\\\/#breadcrumb\"},\"inLanguage\":\"sv-SE\",\"potentialAction\":[{\"@type\":\"ReadAction\",\"target\":[\"https:\\\/\\\/www.telaled.com\\\/fabrica\\\/placar-eletronico-esportivo-serie-tea\\\/\"]}]},{\"@type\":\"ImageObject\",\"inLanguage\":\"sv-SE\",\"@id\":\"https:\\\/\\\/www.telaled.com\\\/fabrica\\\/placar-eletronico-esportivo-serie-tea\\\/#primaryimage\",\"url\":\"https:\\\/\\\/www.telaled.com\\\/wp-content\\\/uploads\\\/2025\\\/09\\\/Placar-Eeletronico-Esportivo-Serie-TEA.jpg\",\"contentUrl\":\"https:\\\/\\\/www.telaled.com\\\/wp-content\\\/uploads\\\/2025\\\/09\\\/Placar-Eeletronico-Esportivo-Serie-TEA.jpg\",\"width\":500,\"height\":500,\"caption\":\"Placar-Eeletr\u00f4nico-Esportivo-S\u00e9rie-TEA\"},{\"@type\":\"BreadcrumbList\",\"@id\":\"https:\\\/\\\/www.telaled.com\\\/fabrica\\\/placar-eletronico-esportivo-serie-tea\\\/#breadcrumb\",\"itemListElement\":[{\"@type\":\"ListItem\",\"position\":1,\"name\":\"Home\",\"item\":\"https:\\\/\\\/www.telaled.com\\\/\"},{\"@type\":\"ListItem\",\"position\":2,\"name\":\"Produtos\",\"item\":\"https:\\\/\\\/www.telaled.com\\\/shop\\\/\"},{\"@type\":\"ListItem\",\"position\":3,\"name\":\"Placar Eletr\u00f4nico Esportivo S\u00e9rie TEA\"}]},{\"@type\":\"WebSite\",\"@id\":\"https:\\\/\\\/www.telaled.com\\\/#website\",\"url\":\"https:\\\/\\\/www.telaled.com\\\/\",\"name\":\"TELALED\",\"description\":\"\",\"potentialAction\":[{\"@type\":\"SearchAction\",\"target\":{\"@type\":\"EntryPoint\",\"urlTemplate\":\"https:\\\/\\\/www.telaled.com\\\/?s={search_term_string}\"},\"query-input\":{\"@type\":\"PropertyValueSpecification\",\"valueRequired\":true,\"valueName\":\"search_term_string\"}}],\"inLanguage\":\"sv-SE\"}]}<\/script>\n<!-- \/ Yoast SEO plugin. -->","yoast_head_json":{"title":"Elektronisk resultattavla f\u00f6r sporter i TEA-serien | LED-resultattavlor f\u00f6r inomhus- och utomhusbruk. | TELALED","description":"Elektronisk resultattavla f\u00f6r sporter i TEA-serien med LED-displayer i fullf\u00e4rg. F\u00f6rb\u00e4ttra upplevelsen f\u00f6r fansen, visa meddelanden och h\u00e5ll resultaten tydliga i alla v\u00e4derf\u00f6rh\u00e5llanden.","robots":{"index":"index","follow":"follow","max-snippet":"max-snippet:-1","max-image-preview":"max-image-preview:large","max-video-preview":"max-video-preview:-1"},"canonical":"https:\/\/www.telaled.com\/sv\/fabrica\/placar-eletronico-esportivo-serie-tea\/","og_locale":"sv_SE","og_type":"article","og_title":"Placar Esportivo Eletr\u00f4nico S\u00e9rie TEA | Placares de LED para ambientes internos e externos. | TELALED","og_description":"Placar Esportivo Eletr\u00f4nicos S\u00e9rie TEA com displays de LED coloridos. Melhore a experi\u00eancia dos f\u00e3s, exiba an\u00fancios e mantenha os placares claros em qualquer condi\u00e7\u00e3o clim\u00e1tica.","og_url":"https:\/\/www.telaled.com\/sv\/fabrica\/placar-eletronico-esportivo-serie-tea\/","og_site_name":"TELALED","article_modified_time":"2026-01-06T09:11:26+00:00","og_image":[{"width":500,"height":500,"url":"https:\/\/www.telaled.com\/wp-content\/uploads\/2025\/09\/Placar-Eeletronico-Esportivo-Serie-TEA.jpg","type":"image\/jpeg"}],"twitter_card":"summary_large_image","twitter_misc":{"Ber\u00e4knad l\u00e4stid":"3 minuter"},"schema":{"@context":"https:\/\/schema.org","@graph":[{"@type":"WebPage","@id":"https:\/\/www.telaled.com\/fabrica\/placar-eletronico-esportivo-serie-tea\/","url":"https:\/\/www.telaled.com\/fabrica\/placar-eletronico-esportivo-serie-tea\/","name":"Elektronisk resultattavla f\u00f6r sporter i TEA-serien | LED-resultattavlor f\u00f6r inomhus- och utomhusbruk. | TELALED","isPartOf":{"@id":"https:\/\/www.telaled.com\/#website"},"primaryImageOfPage":{"@id":"https:\/\/www.telaled.com\/fabrica\/placar-eletronico-esportivo-serie-tea\/#primaryimage"},"image":{"@id":"https:\/\/www.telaled.com\/fabrica\/placar-eletronico-esportivo-serie-tea\/#primaryimage"},"thumbnailUrl":"https:\/\/www.telaled.com\/wp-content\/uploads\/2025\/09\/Placar-Eeletronico-Esportivo-Serie-TEA.jpg","datePublished":"2025-09-30T03:19:49+00:00","dateModified":"2026-01-06T09:11:26+00:00","description":"Elektronisk resultattavla f\u00f6r sporter i TEA-serien med LED-displayer i fullf\u00e4rg. F\u00f6rb\u00e4ttra upplevelsen f\u00f6r fansen, visa meddelanden och h\u00e5ll resultaten tydliga i alla v\u00e4derf\u00f6rh\u00e5llanden.","breadcrumb":{"@id":"https:\/\/www.telaled.com\/fabrica\/placar-eletronico-esportivo-serie-tea\/#breadcrumb"},"inLanguage":"sv-SE","potentialAction":[{"@type":"ReadAction","target":["https:\/\/www.telaled.com\/fabrica\/placar-eletronico-esportivo-serie-tea\/"]}]},{"@type":"ImageObject","inLanguage":"sv-SE","@id":"https:\/\/www.telaled.com\/fabrica\/placar-eletronico-esportivo-serie-tea\/#primaryimage","url":"https:\/\/www.telaled.com\/wp-content\/uploads\/2025\/09\/Placar-Eeletronico-Esportivo-Serie-TEA.jpg","contentUrl":"https:\/\/www.telaled.com\/wp-content\/uploads\/2025\/09\/Placar-Eeletronico-Esportivo-Serie-TEA.jpg","width":500,"height":500,"caption":"Placar-Eeletr\u00f4nico-Esportivo-S\u00e9rie-TEA"},{"@type":"BreadcrumbList","@id":"https:\/\/www.telaled.com\/fabrica\/placar-eletronico-esportivo-serie-tea\/#breadcrumb","itemListElement":[{"@type":"ListItem","position":1,"name":"Home","item":"https:\/\/www.telaled.com\/"},{"@type":"ListItem","position":2,"name":"Produtos","item":"https:\/\/www.telaled.com\/shop\/"},{"@type":"ListItem","position":3,"name":"Placar Eletr\u00f4nico Esportivo S\u00e9rie TEA"}]},{"@type":"WebSite","@id":"https:\/\/www.telaled.com\/#website","url":"https:\/\/www.telaled.com\/","name":"LED-sk\u00e4rm","description":"","potentialAction":[{"@type":"SearchAction","target":{"@type":"EntryPoint","urlTemplate":"https:\/\/www.telaled.com\/?s={search_term_string}"},"query-input":{"@type":"PropertyValueSpecification","valueRequired":true,"valueName":"search_term_string"}}],"inLanguage":"sv-SE"}]}},"_links":{"self":[{"href":"https:\/\/www.telaled.com\/sv\/wp-json\/wp\/v2\/product\/3661","targetHints":{"allow":["GET"]}}],"collection":[{"href":"https:\/\/www.telaled.com\/sv\/wp-json\/wp\/v2\/product"}],"about":[{"href":"https:\/\/www.telaled.com\/sv\/wp-json\/wp\/v2\/types\/product"}],"wp:featuredmedia":[{"embeddable":true,"href":"https:\/\/www.telaled.com\/sv\/wp-json\/wp\/v2\/media\/3662"}],"wp:attachment":[{"href":"https:\/\/www.telaled.com\/sv\/wp-json\/wp\/v2\/media?parent=3661"}],"wp:term":[{"taxonomy":"product_brand","embeddable":true,"href":"https:\/\/www.telaled.com\/sv\/wp-json\/wp\/v2\/product_brand?post=3661"},{"taxonomy":"product_cat","embeddable":true,"href":"https:\/\/www.telaled.com\/sv\/wp-json\/wp\/v2\/product_cat?post=3661"},{"taxonomy":"product_tag","embeddable":true,"href":"https:\/\/www.telaled.com\/sv\/wp-json\/wp\/v2\/product_tag?post=3661"}],"curies":[{"name":"wp","href":"https:\/\/api.w.org\/{rel}","templated":true}]}}