{"id":3604,"date":"2025-09-26T19:34:34","date_gmt":"2025-09-26T19:34:34","guid":{"rendered":"https:\/\/www.telaled.com\/?post_type=product&#038;p=3604"},"modified":"2026-01-06T08:35:10","modified_gmt":"2026-01-06T08:35:10","slug":"totem-de-rua-propaganda-serie-twa","status":"publish","type":"product","link":"https:\/\/www.telaled.com\/sv\/fabrica\/totem-de-rua-propaganda-serie-twa\/","title":{"rendered":"Reklamserie f\u00f6r gatutotem TWA"},"content":{"rendered":"<div class=\"row\"  id=\"row-784504079\">\n\n\t<div id=\"col-1811821047\" class=\"col small-12 large-12\"  >\n\t\t\t\t<div class=\"col-inner\"  >\n\t\t\t\n\t\t\t\n<h2><strong>Exklusiva f\u00f6rdelar med TWA-seriens gatuannonseringstotem<\/strong><\/h2>\n<h3><strong>Synlighet i \u00f6gonh\u00f6jd<\/strong><\/h3>\n<ul>\n<li>Den f\u00e5ngar uppm\u00e4rksamhet d\u00e4r m\u00e4nniskor naturligt tittar.<\/li>\n<li>Den sticker ut i tr\u00e5nga stadsmilj\u00f6er.<\/li>\n<li>Det ger st\u00f6rre \u00e5terkallelse j\u00e4mf\u00f6rt med h\u00e4ngande reklamskyltar.<\/li>\n<\/ul>\n<h3><strong>Stark lokal p\u00e5verkan<\/strong><\/h3>\n<ul>\n<li>Placerad i omr\u00e5den med h\u00f6g trafik f\u00f6r fotg\u00e4ngare f\u00f6r maximal exponering.<\/li>\n<li>Det involverar b\u00e5de fotg\u00e4ngare och n\u00e4rliggande fordonstrafik.<\/li>\n<li>Det driver omedelbar \u00e5tg\u00e4rd genom att n\u00e5 m\u00e5lgrupper n\u00e4ra f\u00f6rs\u00e4ljningsst\u00e4llet.<\/li>\n<\/ul>\n<h3><strong>Byggd f\u00f6r utomhusprestanda<\/strong><\/h3>\n<ul>\n<li>V\u00e4der- och dammt\u00e5lig f\u00f6r anv\u00e4ndning \u00e5ret runt.<\/li>\n<li>Industrikvalitetsmaterial f\u00f6rhindrar skador och slitage.<\/li>\n<li>En design med l\u00e5gt underh\u00e5llsbehov minskar kostnaderna p\u00e5 l\u00e5ng sikt.<\/li>\n<\/ul>\n<h3><strong>Kontroll av inneh\u00e5ll i realtid<\/strong><\/h3>\n<ul>\n<li>Uppdatera dina kampanjer genom att h\u00e5lla ditt varum\u00e4rkesbudskap synligt f\u00f6r dagliga pendlare.<\/li>\n<li>Lansera nya kampanjer utan tryckf\u00f6rseningar.<\/li>\n<li>H\u00e5ll dina meddelanden aktuella och relevanta f\u00f6r din m\u00e5lgrupp.<\/li>\n<\/ul>\n<h2>Produktinformation<\/h2>\n<div class=\"row\"  id=\"row-1472360614\">\n\n\t<div id=\"col-33246975\" class=\"col medium-10 small-12 large-10\"  >\n\t\t\t\t<div class=\"col-inner text-left\"  >\n\t\t\t\n\t\t\t\n<ul>\n<li><strong>H\u00e5llbar struktur<\/strong> Industrist\u00e5l och h\u00e4rdat glas skyddar enheten mot slitage, st\u00f6tar och vandalism.<\/li>\n<\/ul>\n\t<div class=\"img has-hover x md-x lg-x y md-y lg-y\" id=\"image_469597228\">\n\t\t\t\t\t\t\t\t<div class=\"img-inner dark\" >\n\t\t\t<img loading=\"lazy\" decoding=\"async\" width=\"750\" height=\"492\" src=\"https:\/\/www.telaled.com\/wp-content\/uploads\/2025\/09\/Durable-Build-1.webp\" class=\"attachment-large size-large\" alt=\"H\u00e5llbar konstruktion\" srcset=\"https:\/\/www.telaled.com\/wp-content\/uploads\/2025\/09\/Durable-Build-1.webp 750w, https:\/\/www.telaled.com\/wp-content\/uploads\/2025\/09\/Durable-Build-1-300x197.webp 300w, https:\/\/www.telaled.com\/wp-content\/uploads\/2025\/09\/Durable-Build-1-18x12.webp 18w, https:\/\/www.telaled.com\/wp-content\/uploads\/2025\/09\/Durable-Build-1-600x394.webp 600w\" sizes=\"auto, (max-width: 750px) 100vw, 750px\" \/>\t\t\t\t\t\t\n\t\t\t\t\t<\/div>\n\t\t\t\t\t\t\t\t\n<style>\n#image_469597228 {\n  width: 80%;\n}\n<\/style>\n\t<\/div>\n\t\n<ul>\n<li><strong>Anpassningsbara alternativ<\/strong> V\u00e4lj bland en m\u00e4ngd olika storlekar, orienteringar och ytbehandlingar f\u00f6r att matcha din varum\u00e4rkesidentitet.<\/li>\n<\/ul>\n\t<div class=\"img has-hover x md-x lg-x y md-y lg-y\" id=\"image_1975391862\">\n\t\t\t\t\t\t\t\t<div class=\"img-inner dark\" >\n\t\t\t<img loading=\"lazy\" decoding=\"async\" width=\"750\" height=\"492\" src=\"https:\/\/www.telaled.com\/wp-content\/uploads\/2025\/09\/Customizable-Options-1.webp\" class=\"attachment-original size-original\" alt=\"\" srcset=\"https:\/\/www.telaled.com\/wp-content\/uploads\/2025\/09\/Customizable-Options-1.webp 750w, https:\/\/www.telaled.com\/wp-content\/uploads\/2025\/09\/Customizable-Options-1-300x197.webp 300w, https:\/\/www.telaled.com\/wp-content\/uploads\/2025\/09\/Customizable-Options-1-18x12.webp 18w, https:\/\/www.telaled.com\/wp-content\/uploads\/2025\/09\/Customizable-Options-1-600x394.webp 600w\" sizes=\"auto, (max-width: 750px) 100vw, 750px\" \/>\t\t\t\t\t\t\n\t\t\t\t\t<\/div>\n\t\t\t\t\t\t\t\t\n<style>\n#image_1975391862 {\n  width: 80%;\n}\n<\/style>\n\t<\/div>\n\t\n<ul>\n<li><strong>Flexibel installation<\/strong> \u2013 Den kan monteras p\u00e5 marken, frist\u00e5ende eller integreras i en befintlig extern struktur.<\/li>\n<\/ul>\n\t<div class=\"img has-hover x md-x lg-x y md-y lg-y\" id=\"image_1911997161\">\n\t\t\t\t\t\t\t\t<div class=\"img-inner dark\" >\n\t\t\t<img loading=\"lazy\" decoding=\"async\" width=\"750\" height=\"492\" src=\"https:\/\/www.telaled.com\/wp-content\/uploads\/2025\/09\/Flexible-Installation-1.webp\" class=\"attachment-large size-large\" alt=\"Flexibel installation Totem Street-reklam TWA-serien\" srcset=\"https:\/\/www.telaled.com\/wp-content\/uploads\/2025\/09\/Flexible-Installation-1.webp 750w, https:\/\/www.telaled.com\/wp-content\/uploads\/2025\/09\/Flexible-Installation-1-300x197.webp 300w, https:\/\/www.telaled.com\/wp-content\/uploads\/2025\/09\/Flexible-Installation-1-18x12.webp 18w, https:\/\/www.telaled.com\/wp-content\/uploads\/2025\/09\/Flexible-Installation-1-600x394.webp 600w\" sizes=\"auto, (max-width: 750px) 100vw, 750px\" \/>\t\t\t\t\t\t\n\t\t\t\t\t<\/div>\n\t\t\t\t\t\t\t\t\n<style>\n#image_1911997161 {\n  width: 80%;\n}\n<\/style>\n\t<\/div>\n\t\n<ul>\n<li><strong>Flera applikationer<\/strong> Idealisk f\u00f6r <a href=\"https:\/\/www.telaled.com\/sv\/painel-de-led-para-loja\/\">butiker<\/a>, transportknutpunkter, offentliga platser och kommersiella omr\u00e5den d\u00e4r h\u00f6g fotg\u00e4ngartrafik s\u00e4kerst\u00e4ller maximal synlighet och engagemang.<\/li>\n<\/ul>\n\t<div class=\"img has-hover x md-x lg-x y md-y lg-y\" id=\"image_1471596209\">\n\t\t\t\t\t\t\t\t<div class=\"img-inner dark\" >\n\t\t\t<img loading=\"lazy\" decoding=\"async\" width=\"450\" height=\"1024\" src=\"https:\/\/www.telaled.com\/wp-content\/uploads\/2025\/09\/totem-de-rua-propaganda-Aplicativo-1-450x1024.webp\" class=\"attachment-large size-large\" alt=\"App f\u00f6r reklam f\u00f6r gatutotem\" srcset=\"https:\/\/www.telaled.com\/wp-content\/uploads\/2025\/09\/totem-de-rua-propaganda-Aplicativo-1-450x1024.webp 450w, https:\/\/www.telaled.com\/wp-content\/uploads\/2025\/09\/totem-de-rua-propaganda-Aplicativo-1-132x300.webp 132w, https:\/\/www.telaled.com\/wp-content\/uploads\/2025\/09\/totem-de-rua-propaganda-Aplicativo-1-5x12.webp 5w, https:\/\/www.telaled.com\/wp-content\/uploads\/2025\/09\/totem-de-rua-propaganda-Aplicativo-1-600x1366.webp 600w, https:\/\/www.telaled.com\/wp-content\/uploads\/2025\/09\/totem-de-rua-propaganda-Aplicativo-1.webp 750w\" sizes=\"auto, (max-width: 450px) 100vw, 450px\" \/>\t\t\t\t\t\t\n\t\t\t\t\t<\/div>\n\t\t\t\t\t\t\t\t\n<style>\n#image_1471596209 {\n  width: 80%;\n}\n<\/style>\n\t<\/div>\n\t\n<ul>\n<li><span style=\"font-weight: 400;\">TWA-seriens gatutotemreklam levereras i robusta tr\u00e4l\u00e5dor, noggrant f\u00f6rst\u00e4rkta f\u00f6r att t\u00e5la transport. Varje display \u00e4r s\u00e4kert f\u00e4st f\u00f6r skydd mot skadedjur och st\u00f6tar, och levereras intakt och h\u00e5llbar.<\/span><\/li>\n<\/ul>\n\t<div class=\"img has-hover x md-x lg-x y md-y lg-y\" id=\"image_569332780\">\n\t\t\t\t\t\t\t\t<div class=\"img-inner dark\" >\n\t\t\t<img loading=\"lazy\" decoding=\"async\" width=\"760\" height=\"1024\" src=\"https:\/\/www.telaled.com\/wp-content\/uploads\/2025\/08\/36123f2c-de60-488d-af81-255cd4aee54a-760x1024.webp\" class=\"attachment-large size-large\" alt=\"\" srcset=\"https:\/\/www.telaled.com\/wp-content\/uploads\/2025\/08\/36123f2c-de60-488d-af81-255cd4aee54a-760x1024.webp 760w, https:\/\/www.telaled.com\/wp-content\/uploads\/2025\/08\/36123f2c-de60-488d-af81-255cd4aee54a-223x300.webp 223w, https:\/\/www.telaled.com\/wp-content\/uploads\/2025\/08\/36123f2c-de60-488d-af81-255cd4aee54a-768x1035.webp 768w, https:\/\/www.telaled.com\/wp-content\/uploads\/2025\/08\/36123f2c-de60-488d-af81-255cd4aee54a-9x12.webp 9w, https:\/\/www.telaled.com\/wp-content\/uploads\/2025\/08\/36123f2c-de60-488d-af81-255cd4aee54a-600x808.webp 600w, https:\/\/www.telaled.com\/wp-content\/uploads\/2025\/08\/36123f2c-de60-488d-af81-255cd4aee54a.webp 795w\" sizes=\"auto, (max-width: 760px) 100vw, 760px\" \/>\t\t\t\t\t\t\n\t\t\t\t\t<\/div>\n\t\t\t\t\t\t\t\t\n<style>\n#image_569332780 {\n  width: 80%;\n}\n<\/style>\n\t<\/div>\n\t\n\n<table id=\"tablepress-89\" class=\"tablepress tablepress-id-89\">\n<thead>\n<tr class=\"row-1\">\n\t<th colspan=\"4\" class=\"column-1\">Huvudattribut<\/th>\n<\/tr>\n<\/thead>\n<tbody class=\"row-striping row-hover\">\n<tr class=\"row-2\">\n\t<td class=\"column-1\">Uppl\u00f6sning<\/td><td class=\"column-2\">4096*2160<\/td><td class=\"column-3\"><\/td><td class=\"column-4\"><\/td>\n<\/tr>\n<tr class=\"row-3\">\n\t<td class=\"column-1\">Sk\u00e4rmf\u00f6rh\u00e5llande<\/td><td class=\"column-2\">Andra<\/td><td class=\"column-3\"><\/td><td class=\"column-4\"><\/td>\n<\/tr>\n<tr class=\"row-4\">\n\t<td class=\"column-1\">Ans\u00f6kan<\/td><td class=\"column-2\">Interi\u00f6r, Exteri\u00f6r<\/td><td class=\"column-3\"><\/td><td class=\"column-4\"><\/td>\n<\/tr>\n<tr class=\"row-5\">\n\t<td class=\"column-1\">Glans<\/td><td class=\"column-2\">\u22655000 cd\/m2 eller \u22656000 cd\/m2<\/td><td class=\"column-3\"><\/td><td class=\"column-4\"><\/td>\n<\/tr>\n<tr class=\"row-6\">\n\t<td class=\"column-1\">IP-klassificering<\/td><td class=\"column-2\">IP65<\/td><td class=\"column-3\"><\/td><td class=\"column-4\"><\/td>\n<\/tr>\n<tr class=\"row-7\">\n\t<td class=\"column-1\">Pixlar<\/td><td class=\"column-2\">3 millimeter<\/td><td class=\"column-3\"><\/td><td class=\"column-4\"><\/td>\n<\/tr>\n<tr class=\"row-8\">\n\t<td class=\"column-1\">Garanti<\/td><td class=\"column-2\">5 \u00e5r<\/td><td class=\"column-3\"><\/td><td class=\"column-4\"><\/td>\n<\/tr>\n<tr class=\"row-9\">\n\t<td class=\"column-1\">Sk\u00e4rmtyp<\/td><td class=\"column-2\">Andra<\/td><td class=\"column-3\"><\/td><td class=\"column-4\"><\/td>\n<\/tr>\n<tr class=\"row-10\">\n\t<td class=\"column-1\">Fungera<\/td><td class=\"column-2\">SDK<\/td><td class=\"column-3\"><\/td><td class=\"column-4\"><\/td>\n<\/tr>\n<tr class=\"row-11\">\n\t<td class=\"column-1\">Specifikation<\/td><td class=\"column-2\">Digital affisch, kiosk<\/td><td class=\"column-3\"><\/td><td class=\"column-4\"><\/td>\n<\/tr>\n<tr class=\"row-12\">\n\t<td class=\"column-1\">Leverant\u00f6rstyp<\/td><td class=\"column-2\">Ursprunglig tillverkare, ODM, agentur, \u00e5terf\u00f6rs\u00e4ljare, OEM, annat<\/td><td class=\"column-3\"><\/td><td class=\"column-4\"><\/td>\n<\/tr>\n<tr class=\"row-13\">\n\t<td class=\"column-1\">Tillg\u00e4ngliga medier<\/td><td class=\"column-2\">Tekniska specifikationer, foto, EDA\/CAD-modeller<\/td><td class=\"column-3\"><\/td><td class=\"column-4\"><\/td>\n<\/tr>\n<tr class=\"row-14\">\n\t<td class=\"column-1\">Att anv\u00e4nda<\/td><td class=\"column-2\">Reklam, butik, k\u00f6pcentrum, matdisplay, v\u00e4lkomstdisplay, sj\u00e4lvbetj\u00e4ningsverksamhet, utst\u00e4llningshall, skyltning, flygplats, tunnelbana, hiss, restaurang- och hotellmaterial, utbildning, medicinsk behandling.<\/td><td class=\"column-3\"><\/td><td class=\"column-4\"><\/td>\n<\/tr>\n<tr class=\"row-15\">\n\t<td class=\"column-1\">Pixelt\u00e4thet<\/td><td class=\"column-2\">105625 po\u00e4ng\/m2<\/td><td class=\"column-3\"><\/td><td class=\"column-4\"><\/td>\n<\/tr>\n<tr class=\"row-16\">\n\t<td class=\"column-1\">Ursprungsort<\/td><td class=\"column-2\">SHENZHEN<\/td><td class=\"column-3\"><\/td><td class=\"column-4\"><\/td>\n<\/tr>\n<tr class=\"row-17\">\n\t<td class=\"column-1\">F\u00e4rg<\/td><td class=\"column-2\">fylliga f\u00e4rger<\/td><td class=\"column-3\"><\/td><td class=\"column-4\"><\/td>\n<\/tr>\n<tr class=\"row-18\">\n\t<td class=\"column-1\">Livsl\u00e4ngd (timmar)<\/td><td class=\"column-2\">100 000 timmar<\/td><td class=\"column-3\"><\/td><td class=\"column-4\"><\/td>\n<\/tr>\n<tr class=\"row-19\">\n\t<td class=\"column-1\">betraktningsvinkel (h\/v)<\/td><td class=\"column-2\">120\u00b0\/120\u00b0<\/td><td class=\"column-3\"><\/td><td class=\"column-4\"><\/td>\n<\/tr>\n<tr class=\"row-20\">\n\t<td class=\"column-1\">Sk\u00e5pstorlek<\/td><td class=\"column-2\">1140*2230 mm<\/td><td class=\"column-3\"><\/td><td class=\"column-4\"><\/td>\n<\/tr>\n<tr class=\"row-21\">\n\t<td class=\"column-1\">Tjocklek<\/td><td class=\"column-2\">17 cm<\/td><td class=\"column-3\"><\/td><td class=\"column-4\"><\/td>\n<\/tr>\n<tr class=\"row-22\">\n\t<td class=\"column-1\">Vikt<\/td><td class=\"column-2\">147 kg<\/td><td class=\"column-3\"><\/td><td class=\"column-4\"><\/td>\n<\/tr>\n<tr class=\"row-23\">\n\t<td class=\"column-1\">Pixlar<\/td><td class=\"column-2\">P3 P4 P5<\/td><td class=\"column-3\"><\/td><td class=\"column-4\"><\/td>\n<\/tr>\n<tr class=\"row-24\">\n\t<td class=\"column-1\">Typ<\/td><td class=\"column-2\">Utomhusaffisch<\/td><td class=\"column-3\"><\/td><td class=\"column-4\"><\/td>\n<\/tr>\n<tr class=\"row-25\">\n\t<td class=\"column-1\">Modulstorlek<\/td><td class=\"column-2\">320*160 mm<\/td><td class=\"column-3\"><\/td><td class=\"column-4\"><\/td>\n<\/tr>\n<tr class=\"row-26\">\n\t<td class=\"column-1\">Glans<\/td><td class=\"column-2\">6000 cd\/\u33a1<\/td><td class=\"column-3\"><\/td><td class=\"column-4\"><\/td>\n<\/tr>\n<tr class=\"row-27\">\n\t<td class=\"column-1\">Gr\u00e5skala<\/td><td class=\"column-2\">14 bitar<\/td><td class=\"column-3\"><\/td><td class=\"column-4\"><\/td>\n<\/tr>\n<tr class=\"row-28\">\n\t<td class=\"column-1\">Betraktningsvinkel<\/td><td class=\"column-2\">120\u00b0\/120\u00b0<\/td><td class=\"column-3\"><\/td><td class=\"column-4\"><\/td>\n<\/tr>\n<\/tbody>\n<\/table>\n<!-- #tablepress-89 from cache -->\n\t\t<\/div>\n\t\t\t\t\t<\/div>\n\n\t\n<\/div>\n\t\t<\/div>\n\t\t\t\t\t<\/div>\n\n\t\n<\/div>","protected":false},"excerpt":{"rendered":"<p><strong>TWA-serien Street Totem-reklamdisplay \u2013 H\u00e5llbar utomhusdisplay f\u00f6r maximal effekt<\/strong><\/p>\n<p>O <strong>Reklamserie f\u00f6r gatutotem TWA<\/strong> Den skapades f\u00f6r att dra till sig uppm\u00e4rksamhet i utomhusmilj\u00f6er med h\u00f6g aktivitet. Med sin eleganta design och v\u00e4derbest\u00e4ndiga konstruktion ger den reklam med h\u00f6g synlighet dygnet runt. Idealisk f\u00f6r varum\u00e4rken, \u00e5terf\u00f6rs\u00e4ljare och offentliga platser, och s\u00e4kerst\u00e4ller att ditt budskap syns d\u00e4r det \u00e4r som mest viktigt.<\/p>\n<p><strong>Huvudf\u00f6rdelar:<\/strong><\/p>\n<ul>\n<li><strong>24-timmars synlighet:<\/strong> 7 dagar i veckan: Ljusa sk\u00e4rmar med h\u00f6g uppl\u00f6sning h\u00e5ller dina annonser skarpa och synliga, \u00e4ven i direkt solljus eller p\u00e5 natten.<\/li>\n<li><strong>V\u00e4derbest\u00e4ndig design:<\/strong> Utformad f\u00f6r att motst\u00e5 regn, v\u00e4rme och damm, vilket s\u00e4kerst\u00e4ller l\u00e5ngvarig prestanda i utomhusmilj\u00f6er.<\/li>\n<li><strong>Anpassningsbara alternativ:<\/strong> Finns i olika storlekar, ytbehandlingar och displaytyper f\u00f6r att m\u00f6ta dina varum\u00e4rkesbehov.<\/li>\n<li><strong>\u00d6ka engagemanget:<\/strong> Strategiskt placerade totemsymboler lockar fotg\u00e4ngare och \u00f6kar varum\u00e4rkesigenk\u00e4nningen i omr\u00e5den med h\u00f6g trafik.<\/li>\n<\/ul>\n<p><span style=\"font-weight: 400;\">V\u00e5rt team erbjuder fj\u00e4rrsupport dygnet runt, plus 3 \u00e5rs garanti. Kontakta oss idag f\u00f6r en personlig offert.<\/span><\/p>","protected":false},"featured_media":3607,"template":"","meta":[],"product_brand":[],"product_cat":[48,40,44,46],"product_tag":[],"class_list":{"0":"post-3604","1":"product","2":"type-product","3":"status-publish","4":"has-post-thumbnail","6":"product_cat-paineis-personalizados","7":"product_cat-painel-de-led","8":"product_cat-painel-de-led-flexivel","9":"product_cat-painel-de-video","11":"first","12":"instock","13":"shipping-taxable","14":"product-type-simple"},"yoast_head":"<!-- This site is optimized with the Yoast SEO plugin v27.4 - https:\/\/yoast.com\/product\/yoast-seo-wordpress\/ -->\n<title>Totem De Rua Propaganda S\u00e9rie TWA | TELALED<\/title>\n<meta name=\"description\" content=\"O Totem De Rua Propaganda S\u00e9rie TWA \u00e9 um totem externo de alto impacto e resistente \u00e0s intemp\u00e9ries que aumenta a visibilidade da marca. Solicite um or\u00e7amento.\" \/>\n<meta name=\"robots\" content=\"index, follow, max-snippet:-1, max-image-preview:large, max-video-preview:-1\" \/>\n<link rel=\"canonical\" href=\"https:\/\/www.telaled.com\/sv\/fabrica\/totem-de-rua-propaganda-serie-twa\/\" \/>\n<meta property=\"og:locale\" content=\"sv_SE\" \/>\n<meta property=\"og:type\" content=\"article\" \/>\n<meta property=\"og:title\" content=\"Totem De Rua Propaganda S\u00e9rie TWA | TELALED\" \/>\n<meta property=\"og:description\" content=\"O Totem De Rua Propaganda S\u00e9rie TWA \u00e9 um totem externo de alto impacto e resistente \u00e0s intemp\u00e9ries que aumenta a visibilidade da marca. Solicite um or\u00e7amento.\" \/>\n<meta property=\"og:url\" content=\"https:\/\/www.telaled.com\/sv\/fabrica\/totem-de-rua-propaganda-serie-twa\/\" \/>\n<meta property=\"og:site_name\" content=\"TELALED\" \/>\n<meta property=\"article:modified_time\" content=\"2026-01-06T08:35:10+00:00\" \/>\n<meta property=\"og:image\" content=\"https:\/\/www.telaled.com\/wp-content\/uploads\/2025\/09\/Totem-De-Rua-Propaganda.webp\" \/>\n\t<meta property=\"og:image:width\" content=\"500\" \/>\n\t<meta property=\"og:image:height\" content=\"500\" \/>\n\t<meta property=\"og:image:type\" content=\"image\/webp\" \/>\n<meta name=\"twitter:card\" content=\"summary_large_image\" \/>\n<meta name=\"twitter:label1\" content=\"Est. reading time\" \/>\n\t<meta name=\"twitter:data1\" content=\"2 minuter\" \/>\n<script type=\"application\/ld+json\" class=\"yoast-schema-graph\">{\"@context\":\"https:\\\/\\\/schema.org\",\"@graph\":[{\"@type\":\"WebPage\",\"@id\":\"https:\\\/\\\/www.telaled.com\\\/fabrica\\\/totem-de-rua-propaganda-serie-twa\\\/\",\"url\":\"https:\\\/\\\/www.telaled.com\\\/fabrica\\\/totem-de-rua-propaganda-serie-twa\\\/\",\"name\":\"Totem De Rua Propaganda S\u00e9rie TWA | TELALED\",\"isPartOf\":{\"@id\":\"https:\\\/\\\/www.telaled.com\\\/#website\"},\"primaryImageOfPage\":{\"@id\":\"https:\\\/\\\/www.telaled.com\\\/fabrica\\\/totem-de-rua-propaganda-serie-twa\\\/#primaryimage\"},\"image\":{\"@id\":\"https:\\\/\\\/www.telaled.com\\\/fabrica\\\/totem-de-rua-propaganda-serie-twa\\\/#primaryimage\"},\"thumbnailUrl\":\"https:\\\/\\\/www.telaled.com\\\/wp-content\\\/uploads\\\/2025\\\/09\\\/Totem-De-Rua-Propaganda.webp\",\"datePublished\":\"2025-09-26T19:34:34+00:00\",\"dateModified\":\"2026-01-06T08:35:10+00:00\",\"description\":\"O Totem De Rua Propaganda S\u00e9rie TWA \u00e9 um totem externo de alto impacto e resistente \u00e0s intemp\u00e9ries que aumenta a visibilidade da marca. Solicite um or\u00e7amento.\",\"breadcrumb\":{\"@id\":\"https:\\\/\\\/www.telaled.com\\\/fabrica\\\/totem-de-rua-propaganda-serie-twa\\\/#breadcrumb\"},\"inLanguage\":\"sv-SE\",\"potentialAction\":[{\"@type\":\"ReadAction\",\"target\":[\"https:\\\/\\\/www.telaled.com\\\/fabrica\\\/totem-de-rua-propaganda-serie-twa\\\/\"]}]},{\"@type\":\"ImageObject\",\"inLanguage\":\"sv-SE\",\"@id\":\"https:\\\/\\\/www.telaled.com\\\/fabrica\\\/totem-de-rua-propaganda-serie-twa\\\/#primaryimage\",\"url\":\"https:\\\/\\\/www.telaled.com\\\/wp-content\\\/uploads\\\/2025\\\/09\\\/Totem-De-Rua-Propaganda.webp\",\"contentUrl\":\"https:\\\/\\\/www.telaled.com\\\/wp-content\\\/uploads\\\/2025\\\/09\\\/Totem-De-Rua-Propaganda.webp\",\"width\":500,\"height\":500,\"caption\":\"Totem De Rua Propaganda\"},{\"@type\":\"BreadcrumbList\",\"@id\":\"https:\\\/\\\/www.telaled.com\\\/fabrica\\\/totem-de-rua-propaganda-serie-twa\\\/#breadcrumb\",\"itemListElement\":[{\"@type\":\"ListItem\",\"position\":1,\"name\":\"Home\",\"item\":\"https:\\\/\\\/www.telaled.com\\\/\"},{\"@type\":\"ListItem\",\"position\":2,\"name\":\"Produtos\",\"item\":\"https:\\\/\\\/www.telaled.com\\\/shop\\\/\"},{\"@type\":\"ListItem\",\"position\":3,\"name\":\"Totem De Rua Propaganda S\u00e9rie TWA\"}]},{\"@type\":\"WebSite\",\"@id\":\"https:\\\/\\\/www.telaled.com\\\/#website\",\"url\":\"https:\\\/\\\/www.telaled.com\\\/\",\"name\":\"TELALED\",\"description\":\"\",\"potentialAction\":[{\"@type\":\"SearchAction\",\"target\":{\"@type\":\"EntryPoint\",\"urlTemplate\":\"https:\\\/\\\/www.telaled.com\\\/?s={search_term_string}\"},\"query-input\":{\"@type\":\"PropertyValueSpecification\",\"valueRequired\":true,\"valueName\":\"search_term_string\"}}],\"inLanguage\":\"sv-SE\"}]}<\/script>\n<!-- \/ Yoast SEO plugin. -->","yoast_head_json":{"title":"Reklamserie f\u00f6r gatutotem TWA | TELALED","description":"TWA-serien av utomhusreklamtotem \u00e4r en st\u00f6ts\u00e4ker, v\u00e4derbest\u00e4ndig utomhustotem som \u00f6kar varum\u00e4rkets synlighet. Beg\u00e4r en offert.","robots":{"index":"index","follow":"follow","max-snippet":"max-snippet:-1","max-image-preview":"max-image-preview:large","max-video-preview":"max-video-preview:-1"},"canonical":"https:\/\/www.telaled.com\/sv\/fabrica\/totem-de-rua-propaganda-serie-twa\/","og_locale":"sv_SE","og_type":"article","og_title":"Totem De Rua Propaganda S\u00e9rie TWA | TELALED","og_description":"O Totem De Rua Propaganda S\u00e9rie TWA \u00e9 um totem externo de alto impacto e resistente \u00e0s intemp\u00e9ries que aumenta a visibilidade da marca. Solicite um or\u00e7amento.","og_url":"https:\/\/www.telaled.com\/sv\/fabrica\/totem-de-rua-propaganda-serie-twa\/","og_site_name":"TELALED","article_modified_time":"2026-01-06T08:35:10+00:00","og_image":[{"width":500,"height":500,"url":"https:\/\/www.telaled.com\/wp-content\/uploads\/2025\/09\/Totem-De-Rua-Propaganda.webp","type":"image\/webp"}],"twitter_card":"summary_large_image","twitter_misc":{"Est. reading time":"2 minuter"},"schema":{"@context":"https:\/\/schema.org","@graph":[{"@type":"WebPage","@id":"https:\/\/www.telaled.com\/fabrica\/totem-de-rua-propaganda-serie-twa\/","url":"https:\/\/www.telaled.com\/fabrica\/totem-de-rua-propaganda-serie-twa\/","name":"Reklamserie f\u00f6r gatutotem TWA | TELALED","isPartOf":{"@id":"https:\/\/www.telaled.com\/#website"},"primaryImageOfPage":{"@id":"https:\/\/www.telaled.com\/fabrica\/totem-de-rua-propaganda-serie-twa\/#primaryimage"},"image":{"@id":"https:\/\/www.telaled.com\/fabrica\/totem-de-rua-propaganda-serie-twa\/#primaryimage"},"thumbnailUrl":"https:\/\/www.telaled.com\/wp-content\/uploads\/2025\/09\/Totem-De-Rua-Propaganda.webp","datePublished":"2025-09-26T19:34:34+00:00","dateModified":"2026-01-06T08:35:10+00:00","description":"TWA-serien av utomhusreklamtotem \u00e4r en st\u00f6ts\u00e4ker, v\u00e4derbest\u00e4ndig utomhustotem som \u00f6kar varum\u00e4rkets synlighet. Beg\u00e4r en offert.","breadcrumb":{"@id":"https:\/\/www.telaled.com\/fabrica\/totem-de-rua-propaganda-serie-twa\/#breadcrumb"},"inLanguage":"sv-SE","potentialAction":[{"@type":"ReadAction","target":["https:\/\/www.telaled.com\/fabrica\/totem-de-rua-propaganda-serie-twa\/"]}]},{"@type":"ImageObject","inLanguage":"sv-SE","@id":"https:\/\/www.telaled.com\/fabrica\/totem-de-rua-propaganda-serie-twa\/#primaryimage","url":"https:\/\/www.telaled.com\/wp-content\/uploads\/2025\/09\/Totem-De-Rua-Propaganda.webp","contentUrl":"https:\/\/www.telaled.com\/wp-content\/uploads\/2025\/09\/Totem-De-Rua-Propaganda.webp","width":500,"height":500,"caption":"Totem De Rua Propaganda"},{"@type":"BreadcrumbList","@id":"https:\/\/www.telaled.com\/fabrica\/totem-de-rua-propaganda-serie-twa\/#breadcrumb","itemListElement":[{"@type":"ListItem","position":1,"name":"Home","item":"https:\/\/www.telaled.com\/"},{"@type":"ListItem","position":2,"name":"Produtos","item":"https:\/\/www.telaled.com\/shop\/"},{"@type":"ListItem","position":3,"name":"Totem De Rua Propaganda S\u00e9rie TWA"}]},{"@type":"WebSite","@id":"https:\/\/www.telaled.com\/#website","url":"https:\/\/www.telaled.com\/","name":"LED-sk\u00e4rm","description":"","potentialAction":[{"@type":"SearchAction","target":{"@type":"EntryPoint","urlTemplate":"https:\/\/www.telaled.com\/?s={search_term_string}"},"query-input":{"@type":"PropertyValueSpecification","valueRequired":true,"valueName":"search_term_string"}}],"inLanguage":"sv-SE"}]}},"_links":{"self":[{"href":"https:\/\/www.telaled.com\/sv\/wp-json\/wp\/v2\/product\/3604","targetHints":{"allow":["GET"]}}],"collection":[{"href":"https:\/\/www.telaled.com\/sv\/wp-json\/wp\/v2\/product"}],"about":[{"href":"https:\/\/www.telaled.com\/sv\/wp-json\/wp\/v2\/types\/product"}],"wp:featuredmedia":[{"embeddable":true,"href":"https:\/\/www.telaled.com\/sv\/wp-json\/wp\/v2\/media\/3607"}],"wp:attachment":[{"href":"https:\/\/www.telaled.com\/sv\/wp-json\/wp\/v2\/media?parent=3604"}],"wp:term":[{"taxonomy":"product_brand","embeddable":true,"href":"https:\/\/www.telaled.com\/sv\/wp-json\/wp\/v2\/product_brand?post=3604"},{"taxonomy":"product_cat","embeddable":true,"href":"https:\/\/www.telaled.com\/sv\/wp-json\/wp\/v2\/product_cat?post=3604"},{"taxonomy":"product_tag","embeddable":true,"href":"https:\/\/www.telaled.com\/sv\/wp-json\/wp\/v2\/product_tag?post=3604"}],"curies":[{"name":"wp","href":"https:\/\/api.w.org\/{rel}","templated":true}]}}