{"id":3573,"date":"2025-09-26T00:20:54","date_gmt":"2025-09-26T00:20:54","guid":{"rendered":"https:\/\/www.telaled.com\/?post_type=product&#038;p=3573"},"modified":"2026-01-06T07:04:23","modified_gmt":"2026-01-06T07:04:23","slug":"pole-led-display-serie-twb","status":"publish","type":"product","link":"https:\/\/www.telaled.com\/sv\/fabrica\/pole-led-display-serie-twb\/","title":{"rendered":"Stolpe-LED-display TWB-serien"},"content":{"rendered":"<div class=\"row\"  id=\"row-769979036\">\n\n\t<div id=\"col-125836878\" class=\"col small-12 large-12\"  >\n\t\t\t\t<div class=\"col-inner\"  >\n\t\t\t\n\t\t\t\n<h2>Exklusiva f\u00f6rdelar med Pole LED-displayen i TWC-serien<\/h2>\n<h3><strong>\u00d6verl\u00e4gsen h\u00e5llbarhet<\/strong><\/h3>\n<ul>\n<li>IP65-skydd, vattent\u00e4t och dammt\u00e4t.<\/li>\n<li>Material som \u00e4r resistenta mot korrosion och v\u00e4derp\u00e5verkan.<\/li>\n<li>Intelligent kylfl\u00e4ns f\u00f6r kylning och l\u00e4ngre livsl\u00e4ngd.<\/li>\n<li>Stabil drift fr\u00e5n -20\u00b0C till +60\u00b0C.<\/li>\n<\/ul>\n<h3><strong>Exceptionell visuell kvalitet<\/strong><\/h3>\n<ul>\n<li>Ultrah\u00f6g ljusstyrka p\u00e5 upp till 6500 nits.<\/li>\n<li>LED-teknik <a href=\"https:\/\/www.telaled.com\/sv\/led-smd\/\">SMD-skivor<\/a> F\u00f6r tydliga bilder och videor...<\/li>\n<li>Bred betraktningsvinkel p\u00e5 140\u00b0 f\u00f6r maximal synlighet.<\/li>\n<li>65 536 gr\u00e5skaleniv\u00e5er f\u00f6r realistiska detaljer.<\/li>\n<\/ul>\n<h3><strong>Fullst\u00e4ndig anpassningsf\u00f6rm\u00e5ga<\/strong><\/h3>\n<ul>\n<li>Flera kontrollalternativ: PC, Wi-Fi, 4G\/5G, USB-enhet.<\/li>\n<li>Uppdaterat och schemalagt fj\u00e4rrinneh\u00e5ll.<\/li>\n<li>Flexibel installation: sido-, bakre eller med konsolmontering.<\/li>\n<li>Finns i pixelstorlekarna P3.3, P4, <a href=\"https:\/\/www.telaled.com\/sv\/fabrica\/modulo-painel-de-led-p5\/\">P5<\/a>.<\/li>\n<li>Anpassade storlekar och designer f\u00f6r olika projekt.<\/li>\n<\/ul>\n<h3><strong>Omfattande st\u00f6d<\/strong><\/h3>\n<ul>\n<li>F\u00e5 experthj\u00e4lp n\u00e4r som helst, var som helst. V\u00e5rt dedikerade supportteam s\u00e4kerst\u00e4ller att ditt system forts\u00e4tter att fungera smidigt, utan driftstopp.<\/li>\n<li>Varje best\u00e4llning inkluderar 5% reservdelar. Extra komponenter tillhandah\u00e5lls f\u00f6r att \u00f6ka tillf\u00f6rlitligheten och minska avbrott i driften.<\/li>\n<li>Njut av sinnesro med 3 \u00e5rs garanti. Upplev l\u00e5ngvarig prestanda, p\u00e5litlig service och s\u00e4kerheten om att din investering \u00e4r skyddad.<\/li>\n<\/ul>\n<h2>Produktinformation<\/h2>\n<div class=\"row\"  id=\"row-639268602\">\n\n\t<div id=\"col-1699244512\" class=\"col medium-10 small-12 large-10\"  >\n\t\t\t\t<div class=\"col-inner text-left\"  >\n\t\t\t\n\t\t\t\n<ul>\n<li>V\u00e5r <em><strong>Stolpe-LED-display TWB-serien<\/strong><\/em> De \u00e4r utformade f\u00f6r h\u00e5llbarhet och prestanda, med IP65 vattent\u00e4tt skydd, en bred betraktningsvinkel p\u00e5 140\u00b0 och en effektiv snabbkylningsdesign. De \u00e4r enkla att reparera och underh\u00e5lla, och s\u00e4kerst\u00e4ller stabil kontroll och... <a href=\"https:\/\/www.telaled.com\/sv\/fabrica\/painel-led-economizador-de-energia-serie-toc\/\">energibesparing<\/a>, vilket g\u00f6r dem idealiska f\u00f6r utomhusmilj\u00f6er som kr\u00e4ver l\u00e5ngvarig, h\u00f6gkvalitativ visuell prestanda.<\/li>\n<\/ul>\n\t<div class=\"img has-hover x md-x lg-x y md-y lg-y\" id=\"image_776038170\">\n\t\t\t\t\t\t\t\t<div class=\"img-inner dark\" >\n\t\t\t<img loading=\"lazy\" decoding=\"async\" width=\"500\" height=\"500\" src=\"https:\/\/www.telaled.com\/wp-content\/uploads\/2025\/09\/Pole-LED-Display7.webp\" class=\"attachment-original size-original\" alt=\"Stolpe-LED-display7\" srcset=\"https:\/\/www.telaled.com\/wp-content\/uploads\/2025\/09\/Pole-LED-Display7.webp 500w, https:\/\/www.telaled.com\/wp-content\/uploads\/2025\/09\/Pole-LED-Display7-300x300.webp 300w, https:\/\/www.telaled.com\/wp-content\/uploads\/2025\/09\/Pole-LED-Display7-150x150.webp 150w, https:\/\/www.telaled.com\/wp-content\/uploads\/2025\/09\/Pole-LED-Display7-12x12.webp 12w, https:\/\/www.telaled.com\/wp-content\/uploads\/2025\/09\/Pole-LED-Display7-100x100.webp 100w\" sizes=\"auto, (max-width: 500px) 100vw, 500px\" \/>\t\t\t\t\t\t\n\t\t\t\t\t<\/div>\n\t\t\t\t\t\t\t\t\n<style>\n#image_776038170 {\n  width: 80%;\n}\n<\/style>\n\t<\/div>\n\t\n<ul>\n<li>V\u00e5r <em><strong>Stolpe-LED-display TWB-serien<\/strong><\/em> Den st\u00f6der intelligent styrning via PC, USB-enhet, Wi-Fi, 4G\/5G f\u00f6r centraliserad eller fj\u00e4rrstyrd hantering. Funktioner inkluderar loopuppspelning, inbyggda h\u00f6gtalare, automatisk ljusstyrkejustering och multifunktionsdrift. Med uppdateringar med ett klick \u00e4r inneh\u00e5llssl\u00e4pp, timing och infogning snabb, enkel och tillf\u00f6rlitlig, vilket s\u00e4kerst\u00e4ller s\u00f6ml\u00f6s prestanda \u00f6ver flera sk\u00e4rmar.<\/li>\n<\/ul>\n\t<div class=\"img has-hover x md-x lg-x y md-y lg-y\" id=\"image_163521919\">\n\t\t\t\t\t\t\t\t<div class=\"img-inner dark\" >\n\t\t\t<img loading=\"lazy\" decoding=\"async\" width=\"500\" height=\"500\" src=\"https:\/\/www.telaled.com\/wp-content\/uploads\/2025\/09\/Pole-LED-Display8.webp\" class=\"attachment-large size-large\" alt=\"\" srcset=\"https:\/\/www.telaled.com\/wp-content\/uploads\/2025\/09\/Pole-LED-Display8.webp 500w, https:\/\/www.telaled.com\/wp-content\/uploads\/2025\/09\/Pole-LED-Display8-300x300.webp 300w, https:\/\/www.telaled.com\/wp-content\/uploads\/2025\/09\/Pole-LED-Display8-150x150.webp 150w, https:\/\/www.telaled.com\/wp-content\/uploads\/2025\/09\/Pole-LED-Display8-12x12.webp 12w, https:\/\/www.telaled.com\/wp-content\/uploads\/2025\/09\/Pole-LED-Display8-100x100.webp 100w\" sizes=\"auto, (max-width: 500px) 100vw, 500px\" \/>\t\t\t\t\t\t\n\t\t\t\t\t<\/div>\n\t\t\t\t\t\t\t\t\n<style>\n#image_163521919 {\n  width: 80%;\n}\n<\/style>\n\t<\/div>\n\t\n<ul>\n<li>V\u00e5r <em><strong>Stolpe-LED-display TWB-serien<\/strong><\/em> Den har en integrerad kylfl\u00e4ns f\u00f6r effektiv kylning och l\u00e4ngre livsl\u00e4ngd. Utrustad med 8 s\u00e4kerhetsl\u00e5s inkluderar den ljusk\u00e4nsliga sensorer som automatiskt justerar ljusstyrkan efter yttre f\u00f6rh\u00e5llanden. Denna intelligenta design minskar risken f\u00f6r oavsiktliga br\u00e4nnskador. <a href=\"https:\/\/www.telaled.com\/sv\/entendendo-o-consumo-de-energia-painel-de-led-quao-eficientes-sao-os-displays-de-led-modernos\/\" data-wplink-edit=\"true\">energif\u00f6rbrukning<\/a>, Det garanterar h\u00e5llbarhet och g\u00f6r att sk\u00e4rmen fungerar perfekt i alla milj\u00f6er.<\/li>\n<\/ul>\n\t<div class=\"img has-hover x md-x lg-x y md-y lg-y\" id=\"image_1419099602\">\n\t\t\t\t\t\t\t\t<div class=\"img-inner dark\" >\n\t\t\t<img loading=\"lazy\" decoding=\"async\" width=\"570\" height=\"360\" src=\"https:\/\/www.telaled.com\/wp-content\/uploads\/2025\/09\/Pole-LED-Display9.webp\" class=\"attachment-large size-large\" alt=\"\" srcset=\"https:\/\/www.telaled.com\/wp-content\/uploads\/2025\/09\/Pole-LED-Display9.webp 570w, https:\/\/www.telaled.com\/wp-content\/uploads\/2025\/09\/Pole-LED-Display9-300x189.webp 300w, https:\/\/www.telaled.com\/wp-content\/uploads\/2025\/09\/Pole-LED-Display9-18x12.webp 18w\" sizes=\"auto, (max-width: 570px) 100vw, 570px\" \/>\t\t\t\t\t\t\n\t\t\t\t\t<\/div>\n\t\t\t\t\t\t\t\t\n<style>\n#image_1419099602 {\n  width: 80%;\n}\n<\/style>\n\t<\/div>\n\t\n<ul>\n<li>Vi erbjuder anpassningsbara l\u00f6sningar f\u00f6r <strong><em>Stolpe-LED-display TWB-serien<\/em><\/strong> Med flexibla installationsalternativ. Perfekt f\u00f6r k\u00f6pcentra, kommersiella gator och offentlig anv\u00e4ndning, s\u00e5som trafikinstruktioner eller offentliga meddelanden. \u00c4ven idealisk f\u00f6r turistattraktioner, f\u00f6r att visa kartor, evenemangsinformation och serviceuppdateringar, vilket s\u00e4kerst\u00e4ller tydlig kommunikation i alla milj\u00f6er.<\/li>\n<\/ul>\n\t<div class=\"img has-hover x md-x lg-x y md-y lg-y\" id=\"image_75928988\">\n\t\t\t\t\t\t\t\t<div class=\"img-inner dark\" >\n\t\t\t<img loading=\"lazy\" decoding=\"async\" width=\"570\" height=\"360\" src=\"https:\/\/www.telaled.com\/wp-content\/uploads\/2025\/09\/Pole-LED-Display10.webp\" class=\"attachment-large size-large\" alt=\"Stolpe-LED-display10\" srcset=\"https:\/\/www.telaled.com\/wp-content\/uploads\/2025\/09\/Pole-LED-Display10.webp 570w, https:\/\/www.telaled.com\/wp-content\/uploads\/2025\/09\/Pole-LED-Display10-300x189.webp 300w, https:\/\/www.telaled.com\/wp-content\/uploads\/2025\/09\/Pole-LED-Display10-18x12.webp 18w\" sizes=\"auto, (max-width: 570px) 100vw, 570px\" \/>\t\t\t\t\t\t\n\t\t\t\t\t<\/div>\n\t\t\t\t\t\t\t\t\n<style>\n#image_75928988 {\n  width: 80%;\n}\n<\/style>\n\t<\/div>\n\t\n<ul>\n<li>V\u00e5r <em><strong>Stolpe-LED-display TWB-serien<\/strong><\/em> De \u00e4r packade i f\u00f6rst\u00e4rkta tr\u00e4l\u00e5dor f\u00f6r att skydda dem under transport. Varje enhet \u00e4r s\u00e4kert f\u00f6rpackad f\u00f6r att f\u00f6rhindra skador fr\u00e5n skadedjur, st\u00f6tar och andra faror. Detta garanterar h\u00e5llbarhet och s\u00e4ker leverans.<\/li>\n<\/ul>\n\t<div class=\"img has-hover x md-x lg-x y md-y lg-y\" id=\"image_608608690\">\n\t\t\t\t\t\t\t\t<div class=\"img-inner dark\" >\n\t\t\t<img loading=\"lazy\" decoding=\"async\" width=\"760\" height=\"1024\" src=\"https:\/\/www.telaled.com\/wp-content\/uploads\/2025\/08\/36123f2c-de60-488d-af81-255cd4aee54a-760x1024.webp\" class=\"attachment-large size-large\" alt=\"\" srcset=\"https:\/\/www.telaled.com\/wp-content\/uploads\/2025\/08\/36123f2c-de60-488d-af81-255cd4aee54a-760x1024.webp 760w, https:\/\/www.telaled.com\/wp-content\/uploads\/2025\/08\/36123f2c-de60-488d-af81-255cd4aee54a-223x300.webp 223w, https:\/\/www.telaled.com\/wp-content\/uploads\/2025\/08\/36123f2c-de60-488d-af81-255cd4aee54a-768x1035.webp 768w, https:\/\/www.telaled.com\/wp-content\/uploads\/2025\/08\/36123f2c-de60-488d-af81-255cd4aee54a-9x12.webp 9w, https:\/\/www.telaled.com\/wp-content\/uploads\/2025\/08\/36123f2c-de60-488d-af81-255cd4aee54a-600x808.webp 600w, https:\/\/www.telaled.com\/wp-content\/uploads\/2025\/08\/36123f2c-de60-488d-af81-255cd4aee54a.webp 795w\" sizes=\"auto, (max-width: 760px) 100vw, 760px\" \/>\t\t\t\t\t\t\n\t\t\t\t\t<\/div>\n\t\t\t\t\t\t\t\t\n<style>\n#image_608608690 {\n  width: 80%;\n}\n<\/style>\n\t<\/div>\n\t\n\n<table id=\"tablepress-87\" class=\"tablepress tablepress-id-87\">\n<thead>\n<tr class=\"row-1\">\n\t<th class=\"column-1\">V\u00e4rde<\/th><th class=\"column-2\">TWB3.3<\/th><th class=\"column-3\">TWB4<\/th><th class=\"column-4\">TWB5<\/th>\n<\/tr>\n<\/thead>\n<tbody class=\"row-striping row-hover\">\n<tr class=\"row-2\">\n\t<td class=\"column-1\">Pixelavst\u00e5nd<\/td><td class=\"column-2\">3,3 mm<\/td><td class=\"column-3\">4 mm<\/td><td class=\"column-4\">5 mm<\/td>\n<\/tr>\n<tr class=\"row-3\">\n\t<td class=\"column-1\">Glans<\/td><td class=\"column-2\">5000\u20136000 nits<\/td><td class=\"column-3\">6000 nits<\/td><td class=\"column-4\">6000 nits<\/td>\n<\/tr>\n<tr class=\"row-4\">\n\t<td class=\"column-1\">Pixelkonfiguration<\/td><td class=\"column-2\">SMD-skivor<\/td><td class=\"column-3\">SMD-skivor<\/td><td class=\"column-4\">SMD-skivor<\/td>\n<\/tr>\n<tr class=\"row-5\">\n\t<td class=\"column-1\">Gr\u00e5skala<\/td><td class=\"column-2\">65536<\/td><td class=\"column-3\">65536<\/td><td class=\"column-4\">65536<\/td>\n<\/tr>\n<tr class=\"row-6\">\n\t<td class=\"column-1\">Uppdateringsfrekvens<\/td><td class=\"column-2\">\u22651920Hz<\/td><td class=\"column-3\">21920Hz<\/td><td class=\"column-4\">21920Hz<\/td>\n<\/tr>\n<tr class=\"row-7\">\n\t<td class=\"column-1\">Pixelmatris per m\u00b2<\/td><td class=\"column-2\">90.000<\/td><td class=\"column-3\">90.000<\/td><td class=\"column-4\">40.000<\/td>\n<\/tr>\n<tr class=\"row-8\">\n\t<td class=\"column-1\">Synvinkel (H\/V)<\/td><td class=\"column-2\">140\/140 grader<\/td><td class=\"column-3\">140\/140 grader<\/td><td class=\"column-4\">140\/140 grader<\/td>\n<\/tr>\n<tr class=\"row-9\">\n\t<td class=\"column-1\">Energif\u00f6rbrukning (max.\/genomsnitt)<\/td><td class=\"column-2\">800\/300<\/td><td class=\"column-3\">800\/300<\/td><td class=\"column-4\">800\/300<\/td>\n<\/tr>\n<tr class=\"row-10\">\n\t<td class=\"column-1\">IP-hastighet<\/td><td class=\"column-2\">IP65<\/td><td class=\"column-3\">IP65<\/td><td class=\"column-4\">IP65<\/td>\n<\/tr>\n<tr class=\"row-11\">\n\t<td class=\"column-1\">Ing\u00e5ngssp\u00e4nning (AC)<\/td><td class=\"column-2\">100\uff5e240<\/td><td class=\"column-3\">100\uff5e240<\/td><td class=\"column-4\">100\uff5e240<\/td>\n<\/tr>\n<tr class=\"row-12\">\n\t<td class=\"column-1\">Driftstemperatur<\/td><td class=\"column-2\">20\uff5e+60\u00b0C<\/td><td class=\"column-3\">20\uff5e+60\u00b0C<\/td><td class=\"column-4\">20\uff5e+60\u00b0C<\/td>\n<\/tr>\n<\/tbody>\n<\/table>\n<!-- #tablepress-87 from cache -->\n\t\t<\/div>\n\t\t\t\t\t<\/div>\n\n\t\n<\/div>\n\t\t<\/div>\n\t\t\t\t\t<\/div>\n\n\t\n<\/div>","protected":false},"excerpt":{"rendered":"<div><strong>Pole LED Display TWB-serien \u2013 Smart gatureklaml\u00f6sning med h\u00f6g ljusstyrka<\/strong><\/div>\n<div><\/div>\n<div>Du <strong><em>Stolpe-LED-display TWB-serien<\/em><\/strong> De kombinerar kraften i digital reklam med det praktiska med gatubelysning. Utformade f\u00f6r st\u00e4der, kommersiella torg och <span data-sheets-root=\"1\"><a class=\"in-cell-link\" href=\"https:\/\/www.telaled.com\/sv\/telao-de-led-para-eventos\/\" target=\"_blank\" rel=\"noopener\">evenemang<\/a><\/span> I sportmilj\u00f6er erbjuder dessa sk\u00e4rmar effektfulla bilder, p\u00e5litlig prestanda och intelligent styrning f\u00f6r reklam och informationsvisning i moderna utomhusmilj\u00f6er.<\/div>\n<div><\/div>\n<div><strong>Huvudfunktioner:<\/strong><\/div>\n<ul>\n<li><strong>Kristallklar sikt i alla ljusf\u00f6rh\u00e5llanden.<\/strong>Med ljusstyrka upp till 6500 nits och automatisk ljusstyrkejustering f\u00f6rblir inneh\u00e5llet skarpt och synligt \u00e4ven i direkt solljus.<\/li>\n<li><strong>H\u00e5llbar och v\u00e4derbest\u00e4ndig design:<\/strong> Tillverkad med IP65-klassade vattent\u00e4ta, dammt\u00e4ta och korrosionsbest\u00e4ndiga material, plus intelligent temperaturkontroll, vilket s\u00e4kerst\u00e4ller l\u00e5ngvarig prestanda i tuffa utomhusmilj\u00f6er.<\/li>\n<li><strong>Smarta och flexibla styralternativ:<\/strong> Hantera bildsk\u00e4rmar p\u00e5 distans via PC, Wi-Fi, 4G\/5G eller USB-enhet med st\u00f6d f\u00f6r synkron och asynkron styrning, vilket g\u00f6r uppdateringar snabba och enkla.<\/li>\n<\/ul>\n<div>Flera installationsmetoder (sido-, bak- eller piedestalmontering) och anpassningsbara storlekar. F\u00e5 p\u00e5litlig fj\u00e4rrsupport dygnet runt och njut av sinnesroen med 3 \u00e5rs garanti. Kontakta oss nu f\u00f6r en kostnadsfri, personlig offert.<\/div>","protected":false},"featured_media":3580,"template":"","meta":[],"product_brand":[],"product_cat":[50,48,40,43],"product_tag":[],"class_list":{"0":"post-3573","1":"product","2":"type-product","3":"status-publish","4":"has-post-thumbnail","6":"product_cat-aluguel-de-painel-de-led","7":"product_cat-paineis-personalizados","8":"product_cat-painel-de-led","9":"product_cat-totem-de-led","11":"first","12":"instock","13":"shipping-taxable","14":"product-type-simple"},"yoast_head":"<!-- This site is optimized with the Yoast SEO plugin v27.4 - https:\/\/yoast.com\/product\/yoast-seo-wordpress\/ -->\n<title>Pole LED Display S\u00e9rie TWB | Tela Telas LED para Publicidade Externa para Postes de Ru | TELALED<\/title>\n<meta name=\"description\" content=\"Pole LED Display S\u00e9rie TWB para postes externos e rodovias. Brilhante, dur\u00e1vel e com baixo consumo de energia. Pe\u00e7a hoje mesmo para aumentar sua visibilidade.\" \/>\n<meta name=\"robots\" content=\"index, follow, max-snippet:-1, max-image-preview:large, max-video-preview:-1\" \/>\n<link rel=\"canonical\" href=\"https:\/\/www.telaled.com\/sv\/fabrica\/pole-led-display-serie-twb\/\" \/>\n<meta property=\"og:locale\" content=\"sv_SE\" \/>\n<meta property=\"og:type\" content=\"article\" \/>\n<meta property=\"og:title\" content=\"Pole LED Display S\u00e9rie TWB | Tela Telas LED para Publicidade Externa para Postes de Ru | TELALED\" \/>\n<meta property=\"og:description\" content=\"Pole LED Display S\u00e9rie TWB para postes externos e rodovias. Brilhante, dur\u00e1vel e com baixo consumo de energia. Pe\u00e7a hoje mesmo para aumentar sua visibilidade.\" \/>\n<meta property=\"og:url\" content=\"https:\/\/www.telaled.com\/sv\/fabrica\/pole-led-display-serie-twb\/\" \/>\n<meta property=\"og:site_name\" content=\"TELALED\" \/>\n<meta property=\"article:modified_time\" content=\"2026-01-06T07:04:23+00:00\" \/>\n<meta property=\"og:image\" content=\"https:\/\/www.telaled.com\/wp-content\/uploads\/2025\/09\/Pole-LED-Display.jpg\" \/>\n\t<meta property=\"og:image:width\" content=\"500\" \/>\n\t<meta property=\"og:image:height\" content=\"500\" \/>\n\t<meta property=\"og:image:type\" content=\"image\/jpeg\" \/>\n<meta name=\"twitter:card\" content=\"summary_large_image\" \/>\n<meta name=\"twitter:label1\" content=\"Est. reading time\" \/>\n\t<meta name=\"twitter:data1\" content=\"3 minuter\" \/>\n<script type=\"application\/ld+json\" class=\"yoast-schema-graph\">{\"@context\":\"https:\\\/\\\/schema.org\",\"@graph\":[{\"@type\":\"WebPage\",\"@id\":\"https:\\\/\\\/www.telaled.com\\\/fabrica\\\/pole-led-display-serie-twb\\\/\",\"url\":\"https:\\\/\\\/www.telaled.com\\\/fabrica\\\/pole-led-display-serie-twb\\\/\",\"name\":\"Pole LED Display S\u00e9rie TWB | Tela Telas LED para Publicidade Externa para Postes de Ru | TELALED\",\"isPartOf\":{\"@id\":\"https:\\\/\\\/www.telaled.com\\\/#website\"},\"primaryImageOfPage\":{\"@id\":\"https:\\\/\\\/www.telaled.com\\\/fabrica\\\/pole-led-display-serie-twb\\\/#primaryimage\"},\"image\":{\"@id\":\"https:\\\/\\\/www.telaled.com\\\/fabrica\\\/pole-led-display-serie-twb\\\/#primaryimage\"},\"thumbnailUrl\":\"https:\\\/\\\/www.telaled.com\\\/wp-content\\\/uploads\\\/2025\\\/09\\\/Pole-LED-Display.jpg\",\"datePublished\":\"2025-09-26T00:20:54+00:00\",\"dateModified\":\"2026-01-06T07:04:23+00:00\",\"description\":\"Pole LED Display S\u00e9rie TWB para postes externos e rodovias. Brilhante, dur\u00e1vel e com baixo consumo de energia. Pe\u00e7a hoje mesmo para aumentar sua visibilidade.\",\"breadcrumb\":{\"@id\":\"https:\\\/\\\/www.telaled.com\\\/fabrica\\\/pole-led-display-serie-twb\\\/#breadcrumb\"},\"inLanguage\":\"sv-SE\",\"potentialAction\":[{\"@type\":\"ReadAction\",\"target\":[\"https:\\\/\\\/www.telaled.com\\\/fabrica\\\/pole-led-display-serie-twb\\\/\"]}]},{\"@type\":\"ImageObject\",\"inLanguage\":\"sv-SE\",\"@id\":\"https:\\\/\\\/www.telaled.com\\\/fabrica\\\/pole-led-display-serie-twb\\\/#primaryimage\",\"url\":\"https:\\\/\\\/www.telaled.com\\\/wp-content\\\/uploads\\\/2025\\\/09\\\/Pole-LED-Display.jpg\",\"contentUrl\":\"https:\\\/\\\/www.telaled.com\\\/wp-content\\\/uploads\\\/2025\\\/09\\\/Pole-LED-Display.jpg\",\"width\":500,\"height\":500,\"caption\":\"Pole-LED-Display\"},{\"@type\":\"BreadcrumbList\",\"@id\":\"https:\\\/\\\/www.telaled.com\\\/fabrica\\\/pole-led-display-serie-twb\\\/#breadcrumb\",\"itemListElement\":[{\"@type\":\"ListItem\",\"position\":1,\"name\":\"Home\",\"item\":\"https:\\\/\\\/www.telaled.com\\\/\"},{\"@type\":\"ListItem\",\"position\":2,\"name\":\"Produtos\",\"item\":\"https:\\\/\\\/www.telaled.com\\\/shop\\\/\"},{\"@type\":\"ListItem\",\"position\":3,\"name\":\"Pole LED Display S\u00e9rie TWB\"}]},{\"@type\":\"WebSite\",\"@id\":\"https:\\\/\\\/www.telaled.com\\\/#website\",\"url\":\"https:\\\/\\\/www.telaled.com\\\/\",\"name\":\"TELALED\",\"description\":\"\",\"potentialAction\":[{\"@type\":\"SearchAction\",\"target\":{\"@type\":\"EntryPoint\",\"urlTemplate\":\"https:\\\/\\\/www.telaled.com\\\/?s={search_term_string}\"},\"query-input\":{\"@type\":\"PropertyValueSpecification\",\"valueRequired\":true,\"valueName\":\"search_term_string\"}}],\"inLanguage\":\"sv-SE\"}]}<\/script>\n<!-- \/ Yoast SEO plugin. -->","yoast_head_json":{"title":"LED-sk\u00e4rmar f\u00f6r stolpar i TWB-serien | LED-sk\u00e4rmar f\u00f6r utomhusreklam p\u00e5 gatustolpar | TELALED","description":"LED-display f\u00f6r stolpar i TWB-serien f\u00f6r utomhusstolpar och v\u00e4gar. Ljusstark, h\u00e5llbar och med l\u00e5g str\u00f6mf\u00f6rbrukning. Best\u00e4ll din idag f\u00f6r att \u00f6ka din synlighet.","robots":{"index":"index","follow":"follow","max-snippet":"max-snippet:-1","max-image-preview":"max-image-preview:large","max-video-preview":"max-video-preview:-1"},"canonical":"https:\/\/www.telaled.com\/sv\/fabrica\/pole-led-display-serie-twb\/","og_locale":"sv_SE","og_type":"article","og_title":"Pole LED Display S\u00e9rie TWB | Tela Telas LED para Publicidade Externa para Postes de Ru | TELALED","og_description":"Pole LED Display S\u00e9rie TWB para postes externos e rodovias. Brilhante, dur\u00e1vel e com baixo consumo de energia. Pe\u00e7a hoje mesmo para aumentar sua visibilidade.","og_url":"https:\/\/www.telaled.com\/sv\/fabrica\/pole-led-display-serie-twb\/","og_site_name":"TELALED","article_modified_time":"2026-01-06T07:04:23+00:00","og_image":[{"width":500,"height":500,"url":"https:\/\/www.telaled.com\/wp-content\/uploads\/2025\/09\/Pole-LED-Display.jpg","type":"image\/jpeg"}],"twitter_card":"summary_large_image","twitter_misc":{"Est. reading time":"3 minuter"},"schema":{"@context":"https:\/\/schema.org","@graph":[{"@type":"WebPage","@id":"https:\/\/www.telaled.com\/fabrica\/pole-led-display-serie-twb\/","url":"https:\/\/www.telaled.com\/fabrica\/pole-led-display-serie-twb\/","name":"LED-sk\u00e4rmar f\u00f6r stolpar i TWB-serien | LED-sk\u00e4rmar f\u00f6r utomhusreklam p\u00e5 gatustolpar | TELALED","isPartOf":{"@id":"https:\/\/www.telaled.com\/#website"},"primaryImageOfPage":{"@id":"https:\/\/www.telaled.com\/fabrica\/pole-led-display-serie-twb\/#primaryimage"},"image":{"@id":"https:\/\/www.telaled.com\/fabrica\/pole-led-display-serie-twb\/#primaryimage"},"thumbnailUrl":"https:\/\/www.telaled.com\/wp-content\/uploads\/2025\/09\/Pole-LED-Display.jpg","datePublished":"2025-09-26T00:20:54+00:00","dateModified":"2026-01-06T07:04:23+00:00","description":"LED-display f\u00f6r stolpar i TWB-serien f\u00f6r utomhusstolpar och v\u00e4gar. Ljusstark, h\u00e5llbar och med l\u00e5g str\u00f6mf\u00f6rbrukning. Best\u00e4ll din idag f\u00f6r att \u00f6ka din synlighet.","breadcrumb":{"@id":"https:\/\/www.telaled.com\/fabrica\/pole-led-display-serie-twb\/#breadcrumb"},"inLanguage":"sv-SE","potentialAction":[{"@type":"ReadAction","target":["https:\/\/www.telaled.com\/fabrica\/pole-led-display-serie-twb\/"]}]},{"@type":"ImageObject","inLanguage":"sv-SE","@id":"https:\/\/www.telaled.com\/fabrica\/pole-led-display-serie-twb\/#primaryimage","url":"https:\/\/www.telaled.com\/wp-content\/uploads\/2025\/09\/Pole-LED-Display.jpg","contentUrl":"https:\/\/www.telaled.com\/wp-content\/uploads\/2025\/09\/Pole-LED-Display.jpg","width":500,"height":500,"caption":"Pole-LED-Display"},{"@type":"BreadcrumbList","@id":"https:\/\/www.telaled.com\/fabrica\/pole-led-display-serie-twb\/#breadcrumb","itemListElement":[{"@type":"ListItem","position":1,"name":"Home","item":"https:\/\/www.telaled.com\/"},{"@type":"ListItem","position":2,"name":"Produtos","item":"https:\/\/www.telaled.com\/shop\/"},{"@type":"ListItem","position":3,"name":"Pole LED Display S\u00e9rie TWB"}]},{"@type":"WebSite","@id":"https:\/\/www.telaled.com\/#website","url":"https:\/\/www.telaled.com\/","name":"LED-sk\u00e4rm","description":"","potentialAction":[{"@type":"SearchAction","target":{"@type":"EntryPoint","urlTemplate":"https:\/\/www.telaled.com\/?s={search_term_string}"},"query-input":{"@type":"PropertyValueSpecification","valueRequired":true,"valueName":"search_term_string"}}],"inLanguage":"sv-SE"}]}},"_links":{"self":[{"href":"https:\/\/www.telaled.com\/sv\/wp-json\/wp\/v2\/product\/3573","targetHints":{"allow":["GET"]}}],"collection":[{"href":"https:\/\/www.telaled.com\/sv\/wp-json\/wp\/v2\/product"}],"about":[{"href":"https:\/\/www.telaled.com\/sv\/wp-json\/wp\/v2\/types\/product"}],"wp:featuredmedia":[{"embeddable":true,"href":"https:\/\/www.telaled.com\/sv\/wp-json\/wp\/v2\/media\/3580"}],"wp:attachment":[{"href":"https:\/\/www.telaled.com\/sv\/wp-json\/wp\/v2\/media?parent=3573"}],"wp:term":[{"taxonomy":"product_brand","embeddable":true,"href":"https:\/\/www.telaled.com\/sv\/wp-json\/wp\/v2\/product_brand?post=3573"},{"taxonomy":"product_cat","embeddable":true,"href":"https:\/\/www.telaled.com\/sv\/wp-json\/wp\/v2\/product_cat?post=3573"},{"taxonomy":"product_tag","embeddable":true,"href":"https:\/\/www.telaled.com\/sv\/wp-json\/wp\/v2\/product_tag?post=3573"}],"curies":[{"name":"wp","href":"https:\/\/api.w.org\/{rel}","templated":true}]}}