{"id":3349,"date":"2025-09-17T01:29:01","date_gmt":"2025-09-17T01:29:01","guid":{"rendered":"https:\/\/www.telaled.com\/?post_type=product&#038;p=3349"},"modified":"2026-01-06T02:20:16","modified_gmt":"2026-01-06T02:20:16","slug":"shelf-led-screen-serie-tcl","status":"publish","type":"product","link":"https:\/\/www.telaled.com\/sv\/fabrica\/shelf-led-screen-serie-tcl\/","title":{"rendered":"TCL-serien LED-hylla"},"content":{"rendered":"<div class=\"row\"  id=\"row-1208449328\">\n\n\t<div id=\"col-2147056909\" class=\"col small-12 large-12\"  >\n\t\t\t\t<div class=\"col-inner\"  >\n\t\t\t\n\t\t\t\n<h2>Exklusiva f\u00f6rdelar med TCL-seriens LED-hylla<\/h2>\n<h3><strong>\u00d6verl\u00e4gsen h\u00e5llbarhet<\/strong><\/h3>\n<ul>\n<li>Certifierad enligt CCC\/CE\/ETL\/FCC-standarder f\u00f6r s\u00e4kerhet och tillf\u00f6rlitlighet.<\/li>\n<li>Den arbetar i ett temperaturomr\u00e5de fr\u00e5n -10\u00b0C till 40\u00b0C med en fuktighetstolerans p\u00e5 10-90%.<\/li>\n<li>Byggd med robusta LED-moduler designade f\u00f6r l\u00e5ngvarig anv\u00e4ndning.<\/li>\n<\/ul>\n<h3><strong>Exceptionell visuell kvalitet<\/strong><\/h3>\n<ul>\n<li><a href=\"https:\/\/www.telaled.com\/sv\/fabrica\/painel-led-full-hd-da-serie-the\/\">Full HD-sk\u00e4rm<\/a> med skarpa och livfulla f\u00e4rger.<\/li>\n<li>H\u00f6g ljusstyrka p\u00e5 800 cd\/m\u00b2 f\u00f6r tydlig sikt.<\/li>\n<li>Ultrabreda betraktningsvinklar p\u00e5 160\u00b0\/120\u00b0 f\u00f6r konsekvent sk\u00e4rpa.<\/li>\n<li>3840 Hz uppdateringsfrekvens f\u00f6r j\u00e4mn och flimmerfri uppspelning.<\/li>\n<\/ul>\n<h3><strong>Fullst\u00e4ndig anpassningsf\u00f6rm\u00e5ga<\/strong><\/h3>\n<ul>\n<li>Horisontell och st\u00e5ende v\u00e4xling f\u00f6r flexibla visningslayouter.<\/li>\n<li>Automatisk loopuppspelning f\u00f6r s\u00f6ml\u00f6st och okomplicerat inneh\u00e5ll.<\/li>\n<li>S\u00f6ml\u00f6s anslutning med WiFi-, USB- och Ethernet-alternativ.<\/li>\n<\/ul>\n<h3><strong>Omfattande st\u00f6d<\/strong><\/h3>\n<ul>\n<li>Teknisk fj\u00e4rrsupport dygnet runt: F\u00e5 tillg\u00e5ng till experthj\u00e4lp n\u00e4r som helst, var som helst.<\/li>\n<li>5% reservdelar ing\u00e5r: Varje best\u00e4llning inkluderar ytterligare komponenter f\u00f6r att \u00f6ka tillf\u00f6rlitligheten och ge trygghet.<\/li>\n<li>3 \u00e5rs f\u00f6rl\u00e4ngd garanti: Dra nytta av l\u00e5ngsiktig konvergens f\u00f6r b\u00e4ttre prestanda och p\u00e5litlig service.<\/li>\n<\/ul>\n<h2>Produktinformation<\/h2>\n<div class=\"row\"  id=\"row-1817592436\">\n\n\t<div id=\"col-1614785972\" class=\"col medium-10 small-12 large-10\"  >\n\t\t\t\t<div class=\"col-inner text-left\"  >\n\t\t\t\n\t\t\t\n<ul>\n<li>Den erbjuder verklig anv\u00e4ndarv\u00e4nlighet: v\u00e4xla direkt mellan horisontella och vertikala sk\u00e4rmar med intelligent konverteringsteknik som anpassar sig till alla konfigurationer. En sk\u00e4rm, flera applikationer; utformad f\u00f6r att m\u00f6ta dina behov utan kompromisser.<\/li>\n<\/ul>\n\t<div class=\"img has-hover x md-x lg-x y md-y lg-y\" id=\"image_807647271\">\n\t\t\t\t\t\t\t\t<div class=\"img-inner dark\" >\n\t\t\t<img loading=\"lazy\" decoding=\"async\" width=\"640\" height=\"430\" src=\"https:\/\/www.telaled.com\/wp-content\/uploads\/2025\/09\/Alternancia-horizontal-e-retrato.webp\" class=\"attachment-original size-original\" alt=\"Horisontell och st\u00e5ende v\u00e4xling\" srcset=\"https:\/\/www.telaled.com\/wp-content\/uploads\/2025\/09\/Alternancia-horizontal-e-retrato.webp 640w, https:\/\/www.telaled.com\/wp-content\/uploads\/2025\/09\/Alternancia-horizontal-e-retrato-300x202.webp 300w, https:\/\/www.telaled.com\/wp-content\/uploads\/2025\/09\/Alternancia-horizontal-e-retrato-18x12.webp 18w, https:\/\/www.telaled.com\/wp-content\/uploads\/2025\/09\/Alternancia-horizontal-e-retrato-600x403.webp 600w\" sizes=\"auto, (max-width: 640px) 100vw, 640px\" \/>\t\t\t\t\t\t\n\t\t\t\t\t<\/div>\n\t\t\t\t\t\t\t\t\n<style>\n#image_807647271 {\n  width: 95%;\n}\n<\/style>\n\t<\/div>\n\t\n<ul>\n<li>Den underl\u00e4ttar inneh\u00e5llsleverans med Wi-Fi-anslutning och automatisk uppspelning, och spelar upp bilder, videor och musik i kontinuerliga loopar. Den \u00e4r kompatibel med MP3-, MP4-, Flash-, JPG-, AVI-, PDF-, PPT- och Word-filer, vilket g\u00f6r att ditt budskap flyter smidigt i alla format.<\/li>\n<\/ul>\n\t\t<\/div>\n\t\t\t\t\t<\/div>\n\n\t\n\n\t<div id=\"col-1163677325\" class=\"col medium-10 small-12 large-10\"  >\n\t\t\t\t<div class=\"col-inner text-left\"  >\n\t\t\t\n\t\t\t\n\t<div class=\"img has-hover x md-x lg-x y md-y lg-y\" id=\"image_76425584\">\n\t\t\t\t\t\t\t\t<div class=\"img-inner dark\" >\n\t\t\t<img loading=\"lazy\" decoding=\"async\" width=\"804\" height=\"494\" src=\"https:\/\/www.telaled.com\/wp-content\/uploads\/2025\/09\/Conectividade-perfeita.webp\" class=\"attachment-large size-large\" alt=\"\" srcset=\"https:\/\/www.telaled.com\/wp-content\/uploads\/2025\/09\/Conectividade-perfeita.webp 804w, https:\/\/www.telaled.com\/wp-content\/uploads\/2025\/09\/Conectividade-perfeita-300x184.webp 300w, https:\/\/www.telaled.com\/wp-content\/uploads\/2025\/09\/Conectividade-perfeita-768x472.webp 768w, https:\/\/www.telaled.com\/wp-content\/uploads\/2025\/09\/Conectividade-perfeita-18x12.webp 18w, https:\/\/www.telaled.com\/wp-content\/uploads\/2025\/09\/Conectividade-perfeita-600x369.webp 600w\" sizes=\"auto, (max-width: 804px) 100vw, 804px\" \/>\t\t\t\t\t\t\n\t\t\t\t\t<\/div>\n\t\t\t\t\t\t\t\t\n<style>\n#image_76425584 {\n  width: 95%;\n}\n<\/style>\n\t<\/div>\n\t\n<ul>\n<li>Den erbjuder skarpa bilder i <a href=\"https:\/\/www.telaled.com\/sv\/fabrica\/painel-de-led-hd-serie-tho\/\">HD<\/a>, Fj\u00e4rr\u00e5tkomst f\u00f6r enkel kontroll och en ultravid betraktningsvinkel som f\u00f6rblir tydlig fr\u00e5n alla vinklar. En inbyggd timer styr programmerade p\u00e5\/av-funktioner, medan den h\u00f6ga uppdateringsfrekvensen h\u00e5ller uppspelningen j\u00e4mn och flimmerfri.<\/li>\n<\/ul>\n\t<div class=\"img has-hover x md-x lg-x y md-y lg-y\" id=\"image_1160663047\">\n\t\t\t\t\t\t\t\t<div class=\"img-inner dark\" >\n\t\t\t<img loading=\"lazy\" decoding=\"async\" width=\"1020\" height=\"355\" src=\"https:\/\/www.telaled.com\/wp-content\/uploads\/2025\/09\/Recursos-avancados-1024x356.webp\" class=\"attachment-large size-large\" alt=\"Avancerade funktioner\" srcset=\"https:\/\/www.telaled.com\/wp-content\/uploads\/2025\/09\/Recursos-avancados-1024x356.webp 1024w, https:\/\/www.telaled.com\/wp-content\/uploads\/2025\/09\/Recursos-avancados-300x104.webp 300w, https:\/\/www.telaled.com\/wp-content\/uploads\/2025\/09\/Recursos-avancados-768x267.webp 768w, https:\/\/www.telaled.com\/wp-content\/uploads\/2025\/09\/Recursos-avancados-18x6.webp 18w, https:\/\/www.telaled.com\/wp-content\/uploads\/2025\/09\/Recursos-avancados-600x208.webp 600w, https:\/\/www.telaled.com\/wp-content\/uploads\/2025\/09\/Recursos-avancados.webp 1440w\" sizes=\"auto, (max-width: 1020px) 100vw, 1020px\" \/>\t\t\t\t\t\t\n\t\t\t\t\t<\/div>\n\t\t\t\t\t\t\t\t\n<style>\n#image_1160663047 {\n  width: 95%;\n}\n<\/style>\n\t<\/div>\n\t\n\t\t<\/div>\n\t\t\t\t\t<\/div>\n\n\t\n\n\t<div id=\"col-1673132521\" class=\"col medium-10 small-12 large-10\"  >\n\t\t\t\t<div class=\"col-inner text-left\"  >\n\t\t\t\n\t\t\t\n<ul>\n<li>H\u00e5ll dina annonser ig\u00e5ng utan avbrott med loopande autouppspelning. St\u00e4ll in anpassade intervall f\u00f6r att kontrollera fl\u00f6det av ditt inneh\u00e5ll och h\u00e5ll dina kampanjer enkla, konsekventa och i\u00f6gonfallande.<\/li>\n<\/ul>\n\t<div class=\"img has-hover x md-x lg-x y md-y lg-y\" id=\"image_1157203326\">\n\t\t\t\t\t\t\t\t<div class=\"img-inner dark\" >\n\t\t\t<img loading=\"lazy\" decoding=\"async\" width=\"1020\" height=\"345\" src=\"https:\/\/www.telaled.com\/wp-content\/uploads\/2025\/09\/Reproducao-Automatica-de-Loop-1024x346.webp\" class=\"attachment-large size-large\" alt=\"\" srcset=\"https:\/\/www.telaled.com\/wp-content\/uploads\/2025\/09\/Reproducao-Automatica-de-Loop-1024x346.webp 1024w, https:\/\/www.telaled.com\/wp-content\/uploads\/2025\/09\/Reproducao-Automatica-de-Loop-300x101.webp 300w, https:\/\/www.telaled.com\/wp-content\/uploads\/2025\/09\/Reproducao-Automatica-de-Loop-768x259.webp 768w, https:\/\/www.telaled.com\/wp-content\/uploads\/2025\/09\/Reproducao-Automatica-de-Loop-18x6.webp 18w, https:\/\/www.telaled.com\/wp-content\/uploads\/2025\/09\/Reproducao-Automatica-de-Loop-600x203.webp 600w, https:\/\/www.telaled.com\/wp-content\/uploads\/2025\/09\/Reproducao-Automatica-de-Loop.webp 1184w\" sizes=\"auto, (max-width: 1020px) 100vw, 1020px\" \/>\t\t\t\t\t\t\n\t\t\t\t\t<\/div>\n\t\t\t\t\t\t\t\t\n<style>\n#image_1157203326 {\n  width: 95%;\n}\n<\/style>\n\t<\/div>\n\t\n<ul>\n<li>V\u00e5ra TCL-seriens LED-sk\u00e4rmar \u00e4r f\u00f6rpackade i f\u00f6rst\u00e4rkta tr\u00e4l\u00e5dor f\u00f6r att skydda dem under transport. Varje enhet \u00e4r s\u00e4kert f\u00f6rpackad f\u00f6r att f\u00f6rhindra skador fr\u00e5n skadedjur, st\u00f6tar och andra faror. Detta garanterar h\u00e5llbarhet och s\u00e4ker leverans.<\/li>\n<\/ul>\n\t<div class=\"img has-hover x md-x lg-x y md-y lg-y\" id=\"image_1676993598\">\n\t\t\t\t\t\t\t\t<div class=\"img-inner dark\" >\n\t\t\t<img loading=\"lazy\" decoding=\"async\" width=\"760\" height=\"1024\" src=\"https:\/\/www.telaled.com\/wp-content\/uploads\/2025\/08\/36123f2c-de60-488d-af81-255cd4aee54a-760x1024.webp\" class=\"attachment-large size-large\" alt=\"\" srcset=\"https:\/\/www.telaled.com\/wp-content\/uploads\/2025\/08\/36123f2c-de60-488d-af81-255cd4aee54a-760x1024.webp 760w, https:\/\/www.telaled.com\/wp-content\/uploads\/2025\/08\/36123f2c-de60-488d-af81-255cd4aee54a-223x300.webp 223w, https:\/\/www.telaled.com\/wp-content\/uploads\/2025\/08\/36123f2c-de60-488d-af81-255cd4aee54a-768x1035.webp 768w, https:\/\/www.telaled.com\/wp-content\/uploads\/2025\/08\/36123f2c-de60-488d-af81-255cd4aee54a-9x12.webp 9w, https:\/\/www.telaled.com\/wp-content\/uploads\/2025\/08\/36123f2c-de60-488d-af81-255cd4aee54a-600x808.webp 600w, https:\/\/www.telaled.com\/wp-content\/uploads\/2025\/08\/36123f2c-de60-488d-af81-255cd4aee54a.webp 795w\" sizes=\"auto, (max-width: 760px) 100vw, 760px\" \/>\t\t\t\t\t\t\n\t\t\t\t\t<\/div>\n\t\t\t\t\t\t\t\t\n<style>\n#image_1676993598 {\n  width: 95%;\n}\n<\/style>\n\t<\/div>\n\t\n\n<table id=\"tablepress-79\" class=\"tablepress tablepress-id-79\">\n<thead>\n<tr class=\"row-1\">\n\t<th class=\"column-1\">Avst\u00e5nd mellan pixlar (mm)<\/th><th class=\"column-2\">P1,2 mm<\/th><th class=\"column-3\">P1,5 mm<\/th><th class=\"column-4\">P1,875 mm<\/th>\n<\/tr>\n<\/thead>\n<tbody class=\"row-striping row-hover\">\n<tr class=\"row-2\">\n\t<td class=\"column-1\">Betraktningsvinkel (H\/V)<\/td><td class=\"column-2\">160\u00b0\/120\u00b0<\/td><td class=\"column-3\">160\u00b0\/120\u00b0<\/td><td class=\"column-4\">160\u00b0\/120\u00b0<\/td>\n<\/tr>\n<tr class=\"row-3\">\n\t<td class=\"column-1\">Ljusstyrka (cd\/m\u00b2)<\/td><td class=\"column-2\">800<\/td><td class=\"column-3\">800<\/td><td class=\"column-4\">800<\/td>\n<\/tr>\n<tr class=\"row-4\">\n\t<td class=\"column-1\">Uppdateringsfrekvens (Hz)<\/td><td class=\"column-2\">>3840<\/td><td class=\"column-3\">>3840<\/td><td class=\"column-4\">>3840<\/td>\n<\/tr>\n<tr class=\"row-5\">\n\t<td class=\"column-1\">Optimerat betraktningsavst\u00e5nd (m)<\/td><td class=\"column-2\">1~10<\/td><td class=\"column-3\">1~10<\/td><td class=\"column-4\">1~10<\/td>\n<\/tr>\n<tr class=\"row-6\">\n\t<td class=\"column-1\">Ing\u00e5ngssp\u00e4nning<\/td><td class=\"column-2\">AC110V eller AC220V+10\/60HZ<\/td><td class=\"column-3\"><\/td><td class=\"column-4\"><\/td>\n<\/tr>\n<tr class=\"row-7\">\n\t<td class=\"column-1\">Ing\u00e5ngsgr\u00e4nssnitt<\/td><td class=\"column-2\">Ethernet\/USB\/Wi-Fi<\/td><td class=\"column-3\">Ethernet\/USB\/Wi-Fi<\/td><td class=\"column-4\">Ethernet\/USB\/Wi-Fi<\/td>\n<\/tr>\n<tr class=\"row-8\">\n\t<td class=\"column-1\">Modulstorlek i pixlar (BxH)<\/td><td class=\"column-2\">250x50<\/td><td class=\"column-3\">200x40<\/td><td class=\"column-4\">160x32<\/td>\n<\/tr>\n<tr class=\"row-9\">\n\t<td class=\"column-1\">Modulstorlek i mm (BxH)<\/td><td class=\"column-2\">300x60mm<\/td><td class=\"column-3\">300x60mm<\/td><td class=\"column-4\">300x60mm<\/td>\n<\/tr>\n<tr class=\"row-10\">\n\t<td class=\"column-1\">IP-klassificering<\/td><td class=\"column-2\">IP40<\/td><td class=\"column-3\">IP40<\/td><td class=\"column-4\">IP40<\/td>\n<\/tr>\n<tr class=\"row-11\">\n\t<td class=\"column-1\">Underh\u00e5ll<\/td><td class=\"column-2\">Bak<\/td><td class=\"column-3\">Bak<\/td><td class=\"column-4\">Bak<\/td>\n<\/tr>\n<tr class=\"row-12\">\n\t<td class=\"column-1\">Driftsunderh\u00e5ll Temperatur\/luftfuktighet (\u2103\/RH)<\/td><td class=\"column-2\">-10*C-40*C\/10-90RH%<\/td><td class=\"column-3\">-10*C-40*C\/10-90RH%<\/td><td class=\"column-4\">-10*C-40*C\/10-90RH%<\/td>\n<\/tr>\n<tr class=\"row-13\">\n\t<td class=\"column-1\">Certifiering<\/td><td class=\"column-2\">CCC\/CE\/ETL\/FCC<\/td><td class=\"column-3\">CCC\/CE\/ETL\/FCC<\/td><td class=\"column-4\">CCC\/CE\/ETL\/FCC<\/td>\n<\/tr>\n<\/tbody>\n<\/table>\n<!-- #tablepress-79 from cache -->\n\t\t<\/div>\n\t\t\t\t\t<\/div>\n\n\t\n<\/div>\n\t\t<\/div>\n\t\t\t\t\t<\/div>\n\n\t\n<\/div>","protected":false},"excerpt":{"rendered":"<p><strong>TCL-serien LED-hyllsk\u00e4rm \u2013 Innovativ butiksdisplay<\/strong><\/p>\n<p>En mekanisk display designad f\u00f6r butikslokaler. Med alternativ f\u00f6r <a href=\"https:\/\/www.telaled.com\/sv\/pixel-pitch\/\">pixelh\u00f6jd<\/a> Anpassningsbar, en kompakt modul p\u00e5 300\u00d760 mm och intelligent v\u00e4xling mellan liggande och st\u00e5ende l\u00e4ge.<\/p>\n<p><strong>Huvudfunktioner:<\/strong><\/p>\n<ul>\n<li><strong>Anpassningsbart pixelavst\u00e5nd<\/strong>Finns i 1,2 mm, 1,5 mm och 1,85 mm f\u00f6r tydlig och skarp bild.<\/li>\n<li><strong>Kompakt modulstorlek:<\/strong> Dess design p\u00e5 300\u00d760 mm g\u00f6r den anpassningsbar till olika hylllayouter.<\/li>\n<li><strong>Horisontell och st\u00e5ende v\u00e4xling:<\/strong> Smart teknik m\u00f6jligg\u00f6r snabba justeringar mellan layouter.<\/li>\n<li><strong>Innovativ och intelligent design:<\/strong> En modern displayl\u00f6sning som f\u00f6rb\u00e4ttrar utseendet p\u00e5 butiksmilj\u00f6er.<\/li>\n<\/ul>\n<p>V\u00e5rt team erbjuder fj\u00e4rrsupport dygnet runt, plus 3 \u00e5rs garanti. Kontakta oss idag f\u00f6r en personlig offert.<\/p>","protected":false},"featured_media":3350,"template":"","meta":[],"product_brand":[],"product_cat":[48,40],"product_tag":[],"class_list":{"0":"post-3349","1":"product","2":"type-product","3":"status-publish","4":"has-post-thumbnail","6":"product_cat-paineis-personalizados","7":"product_cat-painel-de-led","9":"first","10":"instock","11":"shipping-taxable","12":"product-type-simple"},"yoast_head":"<!-- This site is optimized with the Yoast SEO plugin v27.4 - https:\/\/yoast.com\/product\/yoast-seo-wordpress\/ -->\n<title>Shelf LED Screen S\u00e9rie TCL | Tela LED Personalizada para Varejo | TELALED<\/title>\n<meta name=\"description\" content=\"Nossa Shelf LED Screen S\u00e9rie TCL oferece altern\u00e2ncia inovadora entre horizontal e vertical, design fino e pixel pitch personaliz\u00e1vel. Perfeita para prateleiras de varejo e solu\u00e7\u00f5es de display inteligente. Entre em contato para obter pre\u00e7os de atacado.\" \/>\n<meta name=\"robots\" content=\"index, follow, max-snippet:-1, max-image-preview:large, max-video-preview:-1\" \/>\n<link rel=\"canonical\" href=\"https:\/\/www.telaled.com\/sv\/fabrica\/shelf-led-screen-serie-tcl\/\" \/>\n<meta property=\"og:locale\" content=\"sv_SE\" \/>\n<meta property=\"og:type\" content=\"article\" \/>\n<meta property=\"og:title\" content=\"Shelf LED Screen S\u00e9rie TCL | Tela LED Personalizada para Varejo | TELALED\" \/>\n<meta property=\"og:description\" content=\"Nossa Shelf LED Screen S\u00e9rie TCL oferece altern\u00e2ncia inovadora entre horizontal e vertical, design fino e pixel pitch personaliz\u00e1vel. Perfeita para prateleiras de varejo e solu\u00e7\u00f5es de display inteligente. Entre em contato para obter pre\u00e7os de atacado.\" \/>\n<meta property=\"og:url\" content=\"https:\/\/www.telaled.com\/sv\/fabrica\/shelf-led-screen-serie-tcl\/\" \/>\n<meta property=\"og:site_name\" content=\"TELALED\" \/>\n<meta property=\"article:modified_time\" content=\"2026-01-06T02:20:16+00:00\" \/>\n<meta property=\"og:image\" content=\"https:\/\/www.telaled.com\/wp-content\/uploads\/2025\/09\/Shelf-LED-Screen-Serie-TCL.webp\" \/>\n\t<meta property=\"og:image:width\" content=\"500\" \/>\n\t<meta property=\"og:image:height\" content=\"500\" \/>\n\t<meta property=\"og:image:type\" content=\"image\/webp\" \/>\n<meta name=\"twitter:card\" content=\"summary_large_image\" \/>\n<meta name=\"twitter:label1\" content=\"Est. reading time\" \/>\n\t<meta name=\"twitter:data1\" content=\"3 minuter\" \/>\n<script type=\"application\/ld+json\" class=\"yoast-schema-graph\">{\"@context\":\"https:\\\/\\\/schema.org\",\"@graph\":[{\"@type\":\"WebPage\",\"@id\":\"https:\\\/\\\/www.telaled.com\\\/fabrica\\\/shelf-led-screen-serie-tcl\\\/\",\"url\":\"https:\\\/\\\/www.telaled.com\\\/fabrica\\\/shelf-led-screen-serie-tcl\\\/\",\"name\":\"Shelf LED Screen S\u00e9rie TCL | Tela LED Personalizada para Varejo | TELALED\",\"isPartOf\":{\"@id\":\"https:\\\/\\\/www.telaled.com\\\/#website\"},\"primaryImageOfPage\":{\"@id\":\"https:\\\/\\\/www.telaled.com\\\/fabrica\\\/shelf-led-screen-serie-tcl\\\/#primaryimage\"},\"image\":{\"@id\":\"https:\\\/\\\/www.telaled.com\\\/fabrica\\\/shelf-led-screen-serie-tcl\\\/#primaryimage\"},\"thumbnailUrl\":\"https:\\\/\\\/www.telaled.com\\\/wp-content\\\/uploads\\\/2025\\\/09\\\/Shelf-LED-Screen-Serie-TCL.webp\",\"datePublished\":\"2025-09-17T01:29:01+00:00\",\"dateModified\":\"2026-01-06T02:20:16+00:00\",\"description\":\"Nossa Shelf LED Screen S\u00e9rie TCL oferece altern\u00e2ncia inovadora entre horizontal e vertical, design fino e pixel pitch personaliz\u00e1vel. Perfeita para prateleiras de varejo e solu\u00e7\u00f5es de display inteligente. Entre em contato para obter pre\u00e7os de atacado.\",\"breadcrumb\":{\"@id\":\"https:\\\/\\\/www.telaled.com\\\/fabrica\\\/shelf-led-screen-serie-tcl\\\/#breadcrumb\"},\"inLanguage\":\"sv-SE\",\"potentialAction\":[{\"@type\":\"ReadAction\",\"target\":[\"https:\\\/\\\/www.telaled.com\\\/fabrica\\\/shelf-led-screen-serie-tcl\\\/\"]}]},{\"@type\":\"ImageObject\",\"inLanguage\":\"sv-SE\",\"@id\":\"https:\\\/\\\/www.telaled.com\\\/fabrica\\\/shelf-led-screen-serie-tcl\\\/#primaryimage\",\"url\":\"https:\\\/\\\/www.telaled.com\\\/wp-content\\\/uploads\\\/2025\\\/09\\\/Shelf-LED-Screen-Serie-TCL.webp\",\"contentUrl\":\"https:\\\/\\\/www.telaled.com\\\/wp-content\\\/uploads\\\/2025\\\/09\\\/Shelf-LED-Screen-Serie-TCL.webp\",\"width\":500,\"height\":500,\"caption\":\"Shelf-LED-Screen-S\u00e9rie-TCL\"},{\"@type\":\"BreadcrumbList\",\"@id\":\"https:\\\/\\\/www.telaled.com\\\/fabrica\\\/shelf-led-screen-serie-tcl\\\/#breadcrumb\",\"itemListElement\":[{\"@type\":\"ListItem\",\"position\":1,\"name\":\"Home\",\"item\":\"https:\\\/\\\/www.telaled.com\\\/\"},{\"@type\":\"ListItem\",\"position\":2,\"name\":\"Produtos\",\"item\":\"https:\\\/\\\/www.telaled.com\\\/shop\\\/\"},{\"@type\":\"ListItem\",\"position\":3,\"name\":\"Shelf LED Screen S\u00e9rie TCL\"}]},{\"@type\":\"WebSite\",\"@id\":\"https:\\\/\\\/www.telaled.com\\\/#website\",\"url\":\"https:\\\/\\\/www.telaled.com\\\/\",\"name\":\"TELALED\",\"description\":\"\",\"potentialAction\":[{\"@type\":\"SearchAction\",\"target\":{\"@type\":\"EntryPoint\",\"urlTemplate\":\"https:\\\/\\\/www.telaled.com\\\/?s={search_term_string}\"},\"query-input\":{\"@type\":\"PropertyValueSpecification\",\"valueRequired\":true,\"valueName\":\"search_term_string\"}}],\"inLanguage\":\"sv-SE\"}]}<\/script>\n<!-- \/ Yoast SEO plugin. -->","yoast_head_json":{"title":"TCL-serien LED-hyllsk\u00e4rm | Anpassad LED-sk\u00e4rm f\u00f6r detaljhandeln | TELALED","description":"V\u00e5r TCL-serie hyllsk\u00e4rm med LED-display erbjuder innovativ horisontell och vertikal omkoppling, en tunn design och anpassningsbar pixelstorlek. Perfekt f\u00f6r butikshyllor och smarta displayl\u00f6sningar. Kontakta oss f\u00f6r grossistpriser.","robots":{"index":"index","follow":"follow","max-snippet":"max-snippet:-1","max-image-preview":"max-image-preview:large","max-video-preview":"max-video-preview:-1"},"canonical":"https:\/\/www.telaled.com\/sv\/fabrica\/shelf-led-screen-serie-tcl\/","og_locale":"sv_SE","og_type":"article","og_title":"Shelf LED Screen S\u00e9rie TCL | Tela LED Personalizada para Varejo | TELALED","og_description":"Nossa Shelf LED Screen S\u00e9rie TCL oferece altern\u00e2ncia inovadora entre horizontal e vertical, design fino e pixel pitch personaliz\u00e1vel. Perfeita para prateleiras de varejo e solu\u00e7\u00f5es de display inteligente. Entre em contato para obter pre\u00e7os de atacado.","og_url":"https:\/\/www.telaled.com\/sv\/fabrica\/shelf-led-screen-serie-tcl\/","og_site_name":"TELALED","article_modified_time":"2026-01-06T02:20:16+00:00","og_image":[{"width":500,"height":500,"url":"https:\/\/www.telaled.com\/wp-content\/uploads\/2025\/09\/Shelf-LED-Screen-Serie-TCL.webp","type":"image\/webp"}],"twitter_card":"summary_large_image","twitter_misc":{"Est. reading time":"3 minuter"},"schema":{"@context":"https:\/\/schema.org","@graph":[{"@type":"WebPage","@id":"https:\/\/www.telaled.com\/fabrica\/shelf-led-screen-serie-tcl\/","url":"https:\/\/www.telaled.com\/fabrica\/shelf-led-screen-serie-tcl\/","name":"TCL-serien LED-hyllsk\u00e4rm | Anpassad LED-sk\u00e4rm f\u00f6r detaljhandeln | TELALED","isPartOf":{"@id":"https:\/\/www.telaled.com\/#website"},"primaryImageOfPage":{"@id":"https:\/\/www.telaled.com\/fabrica\/shelf-led-screen-serie-tcl\/#primaryimage"},"image":{"@id":"https:\/\/www.telaled.com\/fabrica\/shelf-led-screen-serie-tcl\/#primaryimage"},"thumbnailUrl":"https:\/\/www.telaled.com\/wp-content\/uploads\/2025\/09\/Shelf-LED-Screen-Serie-TCL.webp","datePublished":"2025-09-17T01:29:01+00:00","dateModified":"2026-01-06T02:20:16+00:00","description":"V\u00e5r TCL-serie hyllsk\u00e4rm med LED-display erbjuder innovativ horisontell och vertikal omkoppling, en tunn design och anpassningsbar pixelstorlek. Perfekt f\u00f6r butikshyllor och smarta displayl\u00f6sningar. Kontakta oss f\u00f6r grossistpriser.","breadcrumb":{"@id":"https:\/\/www.telaled.com\/fabrica\/shelf-led-screen-serie-tcl\/#breadcrumb"},"inLanguage":"sv-SE","potentialAction":[{"@type":"ReadAction","target":["https:\/\/www.telaled.com\/fabrica\/shelf-led-screen-serie-tcl\/"]}]},{"@type":"ImageObject","inLanguage":"sv-SE","@id":"https:\/\/www.telaled.com\/fabrica\/shelf-led-screen-serie-tcl\/#primaryimage","url":"https:\/\/www.telaled.com\/wp-content\/uploads\/2025\/09\/Shelf-LED-Screen-Serie-TCL.webp","contentUrl":"https:\/\/www.telaled.com\/wp-content\/uploads\/2025\/09\/Shelf-LED-Screen-Serie-TCL.webp","width":500,"height":500,"caption":"Shelf-LED-Screen-S\u00e9rie-TCL"},{"@type":"BreadcrumbList","@id":"https:\/\/www.telaled.com\/fabrica\/shelf-led-screen-serie-tcl\/#breadcrumb","itemListElement":[{"@type":"ListItem","position":1,"name":"Home","item":"https:\/\/www.telaled.com\/"},{"@type":"ListItem","position":2,"name":"Produtos","item":"https:\/\/www.telaled.com\/shop\/"},{"@type":"ListItem","position":3,"name":"Shelf LED Screen S\u00e9rie TCL"}]},{"@type":"WebSite","@id":"https:\/\/www.telaled.com\/#website","url":"https:\/\/www.telaled.com\/","name":"LED-sk\u00e4rm","description":"","potentialAction":[{"@type":"SearchAction","target":{"@type":"EntryPoint","urlTemplate":"https:\/\/www.telaled.com\/?s={search_term_string}"},"query-input":{"@type":"PropertyValueSpecification","valueRequired":true,"valueName":"search_term_string"}}],"inLanguage":"sv-SE"}]}},"_links":{"self":[{"href":"https:\/\/www.telaled.com\/sv\/wp-json\/wp\/v2\/product\/3349","targetHints":{"allow":["GET"]}}],"collection":[{"href":"https:\/\/www.telaled.com\/sv\/wp-json\/wp\/v2\/product"}],"about":[{"href":"https:\/\/www.telaled.com\/sv\/wp-json\/wp\/v2\/types\/product"}],"wp:featuredmedia":[{"embeddable":true,"href":"https:\/\/www.telaled.com\/sv\/wp-json\/wp\/v2\/media\/3350"}],"wp:attachment":[{"href":"https:\/\/www.telaled.com\/sv\/wp-json\/wp\/v2\/media?parent=3349"}],"wp:term":[{"taxonomy":"product_brand","embeddable":true,"href":"https:\/\/www.telaled.com\/sv\/wp-json\/wp\/v2\/product_brand?post=3349"},{"taxonomy":"product_cat","embeddable":true,"href":"https:\/\/www.telaled.com\/sv\/wp-json\/wp\/v2\/product_cat?post=3349"},{"taxonomy":"product_tag","embeddable":true,"href":"https:\/\/www.telaled.com\/sv\/wp-json\/wp\/v2\/product_tag?post=3349"}],"curies":[{"name":"wp","href":"https:\/\/api.w.org\/{rel}","templated":true}]}}