{"id":3333,"date":"2025-09-16T00:44:04","date_gmt":"2025-09-16T00:44:04","guid":{"rendered":"https:\/\/www.telaled.com\/?post_type=product&#038;p=3333"},"modified":"2026-01-06T02:02:17","modified_gmt":"2026-01-06T02:02:17","slug":"painel-de-led-para-taxi-serie-tck","status":"publish","type":"product","link":"https:\/\/www.telaled.com\/sv\/fabrica\/painel-de-led-para-taxi-serie-tck\/","title":{"rendered":"LED-panel f\u00f6r Taxi TCK-serien"},"content":{"rendered":"<div class=\"row\"  id=\"row-2051692207\">\n\n\t<div id=\"col-638932478\" class=\"col small-12 large-12\"  >\n\t\t\t\t<div class=\"col-inner\"  >\n\t\t\t\n\t\t\t\n<h2>Exklusiva f\u00f6rdelar med Cola Can LED-displayen i TCJ-serien<\/h2>\n<h3><strong>\u00d6verl\u00e4gsen h\u00e5llbarhet<\/strong><\/h3>\n<ul>\n<li>Byggd med en h\u00f6gprecisionssk\u00e5pstruktur.<\/li>\n<li>Det ger utm\u00e4rkt styrka och stabilitet.<\/li>\n<li>Utformad med effektiv v\u00e4rmeavledning f\u00f6r l\u00e5ngsiktig tillf\u00f6rlitlighet.<\/li>\n<\/ul>\n<h3><strong>Exceptionell visuell kvalitet<\/strong><\/h3>\n<ul>\n<li>H\u00f6g synlighet i livliga stadsmilj\u00f6er.<\/li>\n<li>Avancerad antireflexbel\u00e4ggning som minskar ljusreflektion.<\/li>\n<li>Inneh\u00e5llet f\u00f6rblir tydligt och l\u00e4sbart hela tiden.<\/li>\n<\/ul>\n<h3><strong>Fullst\u00e4ndig anpassningsf\u00f6rm\u00e5ga<\/strong><\/h3>\n<ul>\n<li>Flexibla monteringsf\u00e4sten f\u00f6r olika fordon.<\/li>\n<li>Avtagbart skyddsh\u00f6lje underl\u00e4ttar underh\u00e5ll.<\/li>\n<li>L\u00e4mplig f\u00f6r mobilannonser, kampanjer och offentliga visningar.<\/li>\n<\/ul>\n<h3><strong>Omfattande st\u00f6d<\/strong><\/h3>\n<ul>\n<li>Teknisk fj\u00e4rrsupport dygnet runt: F\u00e5 tillg\u00e5ng till experthj\u00e4lp n\u00e4r som helst, var som helst.<\/li>\n<li>5% reservdelar ing\u00e5r: Varje best\u00e4llning inkluderar ytterligare komponenter f\u00f6r att \u00f6ka tillf\u00f6rlitligheten och ge trygghet.<\/li>\n<li>3 \u00e5rs f\u00f6rl\u00e4ngd garanti: Dra nytta av l\u00e5ngsiktig konvergens f\u00f6r b\u00e4ttre prestanda och p\u00e5litlig service.<\/li>\n<\/ul>\n<h2>Produktinformation<\/h2>\n<div class=\"row\"  id=\"row-581711715\">\n\n\t<div id=\"col-1547999965\" class=\"col medium-10 small-12 large-10\"  >\n\t\t\t\t<div class=\"col-inner text-left\"  >\n\t\t\t\n\t\t\t\n<ul>\n<li>TCK-seriens LED-taxipanel \u00e4r utformad f\u00f6r att g\u00f6ra intryck. Med en vikt p\u00e5 endast 18 till 25 kg per enhet \u00e4r den smal, l\u00e4tt och enkel att installera i alla fordon. Sk\u00e4rmen p\u00e5 960 x 320 mm visar inneh\u00e5ll med h\u00f6g synlighet samtidigt som den bibeh\u00e5ller den h\u00e5llbarhet som kr\u00e4vs f\u00f6r kontinuerlig anv\u00e4ndning i utomhusmilj\u00f6er. Det \u00e4r inte bara h\u00e5rdvara, utan en skalbar mobil annonsplattform utformad f\u00f6r att generera int\u00e4kter var du \u00e4n befinner dig.<\/li>\n<\/ul>\n\t<div class=\"img has-hover x md-x lg-x y md-y lg-y\" id=\"image_1103422442\">\n\t\t\t\t\t\t\t\t<div class=\"img-inner dark\" >\n\t\t\t<img loading=\"lazy\" decoding=\"async\" width=\"640\" height=\"430\" src=\"https:\/\/www.telaled.com\/wp-content\/uploads\/2025\/09\/Fino-e-leve.webp\" class=\"attachment-original size-original\" alt=\"Tunn och l\u00e4tt\" srcset=\"https:\/\/www.telaled.com\/wp-content\/uploads\/2025\/09\/Fino-e-leve.webp 640w, https:\/\/www.telaled.com\/wp-content\/uploads\/2025\/09\/Fino-e-leve-300x202.webp 300w, https:\/\/www.telaled.com\/wp-content\/uploads\/2025\/09\/Fino-e-leve-18x12.webp 18w, https:\/\/www.telaled.com\/wp-content\/uploads\/2025\/09\/Fino-e-leve-600x403.webp 600w\" sizes=\"auto, (max-width: 640px) 100vw, 640px\" \/>\t\t\t\t\t\t\n\t\t\t\t\t<\/div>\n\t\t\t\t\t\t\t\t\n<style>\n#image_1103422442 {\n  width: 95%;\n}\n<\/style>\n\t<\/div>\n\t\n<ul>\n<li>Geografisk inriktning f\u00f6rvandlar varje resa till ett precisionsmarknadsf\u00f6ringsverktyg. V\u00e5ra LED-taxidisplayer anv\u00e4nder geofencing f\u00f6r att identifiera m\u00e5lgrupper inom en definierad radie och skr\u00e4ddarsy inneh\u00e5ll baserat p\u00e5 plats. Det inneb\u00e4r att annonser n\u00e5r r\u00e4tt personer, p\u00e5 r\u00e4tt plats, vid r\u00e4tt tidpunkt.<\/li>\n<\/ul>\n\t\t<\/div>\n\t\t\t\t\t<\/div>\n\n\t\n\n\t<div id=\"col-184585032\" class=\"col medium-10 small-12 large-10\"  >\n\t\t\t\t<div class=\"col-inner text-left\"  >\n\t\t\t\n\t\t\t\n\t<div class=\"img has-hover x md-x lg-x y md-y lg-y\" id=\"image_441353766\">\n\t\t\t\t\t\t\t\t<div class=\"img-inner dark\" >\n\t\t\t<img loading=\"lazy\" decoding=\"async\" width=\"887\" height=\"600\" src=\"https:\/\/www.telaled.com\/wp-content\/uploads\/2025\/09\/A-segmentacao-geografica-precisa-gera-taxas-de-conversao-e-vendas-sem-precedentes.jpg\" class=\"attachment-large size-large\" alt=\"\" srcset=\"https:\/\/www.telaled.com\/wp-content\/uploads\/2025\/09\/A-segmentacao-geografica-precisa-gera-taxas-de-conversao-e-vendas-sem-precedentes.jpg 887w, https:\/\/www.telaled.com\/wp-content\/uploads\/2025\/09\/A-segmentacao-geografica-precisa-gera-taxas-de-conversao-e-vendas-sem-precedentes-300x203.jpg 300w, https:\/\/www.telaled.com\/wp-content\/uploads\/2025\/09\/A-segmentacao-geografica-precisa-gera-taxas-de-conversao-e-vendas-sem-precedentes-768x520.jpg 768w, https:\/\/www.telaled.com\/wp-content\/uploads\/2025\/09\/A-segmentacao-geografica-precisa-gera-taxas-de-conversao-e-vendas-sem-precedentes-18x12.jpg 18w, https:\/\/www.telaled.com\/wp-content\/uploads\/2025\/09\/A-segmentacao-geografica-precisa-gera-taxas-de-conversao-e-vendas-sem-precedentes-600x406.jpg 600w\" sizes=\"auto, (max-width: 887px) 100vw, 887px\" \/>\t\t\t\t\t\t\n\t\t\t\t\t<\/div>\n\t\t\t\t\t\t\t\t\n<style>\n#image_441353766 {\n  width: 95%;\n}\n<\/style>\n\t<\/div>\n\t\n<ul>\n<li>V\u00e5ra Taxi Top LED-sk\u00e4rmar \u00e4r konstruerade med IP67-skydd och \u00e4r utformade f\u00f6r att motst\u00e5 damm, kraftigt regn, sn\u00f6 och tuffa utomhusf\u00f6rh\u00e5llanden utan problem. Sk\u00e4rmen f\u00f6rblir stabil och p\u00e5litlig i alla v\u00e4der, vilket g\u00f6r den idealisk f\u00f6r kontinuerlig utomhusreklam. En speciell antireflexbel\u00e4ggning minskar ljusreflektionen, vilket h\u00e5ller ditt inneh\u00e5ll skarpt och synligt f\u00f6r trafikanter hela tiden.<\/li>\n<\/ul>\n\t<div class=\"img has-hover x md-x lg-x y md-y lg-y\" id=\"image_628205360\">\n\t\t\t\t\t\t\t\t<div class=\"img-inner dark\" >\n\t\t\t<img loading=\"lazy\" decoding=\"async\" width=\"580\" height=\"430\" src=\"https:\/\/www.telaled.com\/wp-content\/uploads\/2025\/09\/Duravel-e-a-prova-dagua.webp\" class=\"attachment-large size-large\" alt=\"\" srcset=\"https:\/\/www.telaled.com\/wp-content\/uploads\/2025\/09\/Duravel-e-a-prova-dagua.webp 580w, https:\/\/www.telaled.com\/wp-content\/uploads\/2025\/09\/Duravel-e-a-prova-dagua-300x222.webp 300w, https:\/\/www.telaled.com\/wp-content\/uploads\/2025\/09\/Duravel-e-a-prova-dagua-16x12.webp 16w\" sizes=\"auto, (max-width: 580px) 100vw, 580px\" \/>\t\t\t\t\t\t\n\t\t\t\t\t<\/div>\n\t\t\t\t\t\t\t\t\n<style>\n#image_628205360 {\n  width: 95%;\n}\n<\/style>\n\t<\/div>\n\t\n\t\t<\/div>\n\t\t\t\t\t<\/div>\n\n\t\n\n\t<div id=\"col-1074564087\" class=\"col medium-10 small-12 large-10\"  >\n\t\t\t\t<div class=\"col-inner text-left\"  >\n\t\t\t\n\t\t\t\n<ul>\n<li>Taxi Top LED-sk\u00e4rmen \u00e4r konstruerad med ett helt\u00e4ckande aluminiumh\u00f6lje, vilket ger \u00f6verl\u00e4gsen v\u00e4rmeavledning och stabil prestanda dygnet runt. Denna robusta design f\u00f6rl\u00e4nger livsl\u00e4ngden, minskar underh\u00e5llskostnaderna och s\u00e4kerst\u00e4ller tillf\u00f6rlitlighet i alla v\u00e4derf\u00f6rh\u00e5llanden.<\/li>\n<\/ul>\n\t<div class=\"img has-hover x md-x lg-x y md-y lg-y\" id=\"image_365708868\">\n\t\t\t\t\t\t\t\t<div class=\"img-inner dark\" >\n\t\t\t<img loading=\"lazy\" decoding=\"async\" width=\"908\" height=\"400\" src=\"https:\/\/www.telaled.com\/wp-content\/uploads\/2025\/09\/Dissipacao-de-calor-superior.webp\" class=\"attachment-large size-large\" alt=\"\u00d6verl\u00e4gsen v\u00e4rmeavledning\" srcset=\"https:\/\/www.telaled.com\/wp-content\/uploads\/2025\/09\/Dissipacao-de-calor-superior.webp 908w, https:\/\/www.telaled.com\/wp-content\/uploads\/2025\/09\/Dissipacao-de-calor-superior-300x132.webp 300w, https:\/\/www.telaled.com\/wp-content\/uploads\/2025\/09\/Dissipacao-de-calor-superior-768x338.webp 768w, https:\/\/www.telaled.com\/wp-content\/uploads\/2025\/09\/Dissipacao-de-calor-superior-18x8.webp 18w, https:\/\/www.telaled.com\/wp-content\/uploads\/2025\/09\/Dissipacao-de-calor-superior-600x264.webp 600w\" sizes=\"auto, (max-width: 908px) 100vw, 908px\" \/>\t\t\t\t\t\t\n\t\t\t\t\t<\/div>\n\t\t\t\t\t\t\t\t\n<style>\n#image_365708868 {\n  width: 95%;\n}\n<\/style>\n\t<\/div>\n\t\n<ul>\n<li>V\u00e5r LED-taxidisplay \u00e4r utformad f\u00f6r enkel installation. Justerbara f\u00e4sten passar en m\u00e4ngd olika fordon, medan olika installationsalternativ s\u00e4kerst\u00e4ller kompatibilitet. Skyddsh\u00f6ljet kan tas bort p\u00e5 n\u00e5gra sekunder, vilket f\u00f6renklar underh\u00e5llet och h\u00e5ller enheten redo f\u00f6r kontinuerlig anv\u00e4ndning.<\/li>\n<\/ul>\n\t<div class=\"img has-hover x md-x lg-x y md-y lg-y\" id=\"image_1507209139\">\n\t\t\t\t\t\t\t\t<div class=\"img-inner dark\" >\n\t\t\t<img loading=\"lazy\" decoding=\"async\" width=\"1020\" height=\"477\" src=\"https:\/\/www.telaled.com\/wp-content\/uploads\/2025\/09\/Facil-instalacao-1024x479.jpg\" class=\"attachment-large size-large\" alt=\"Enkel installation\" srcset=\"https:\/\/www.telaled.com\/wp-content\/uploads\/2025\/09\/Facil-instalacao-1024x479.jpg 1024w, https:\/\/www.telaled.com\/wp-content\/uploads\/2025\/09\/Facil-instalacao-300x140.jpg 300w, https:\/\/www.telaled.com\/wp-content\/uploads\/2025\/09\/Facil-instalacao-768x360.jpg 768w, https:\/\/www.telaled.com\/wp-content\/uploads\/2025\/09\/Facil-instalacao-18x8.jpg 18w, https:\/\/www.telaled.com\/wp-content\/uploads\/2025\/09\/Facil-instalacao-600x281.jpg 600w, https:\/\/www.telaled.com\/wp-content\/uploads\/2025\/09\/Facil-instalacao.jpg 1068w\" sizes=\"auto, (max-width: 1020px) 100vw, 1020px\" \/>\t\t\t\t\t\t\n\t\t\t\t\t<\/div>\n\t\t\t\t\t\t\t\t\n<style>\n#image_1507209139 {\n  width: 95%;\n}\n<\/style>\n\t<\/div>\n\t\n<ul>\n<li>V\u00e5ra LED-burkdisplayer i TCJ-serien \u00e4r f\u00f6rpackade i f\u00f6rst\u00e4rkta tr\u00e4l\u00e5dor f\u00f6r att skydda dem under transport. Varje enhet \u00e4r s\u00e4kert f\u00f6rpackad f\u00f6r att f\u00f6rhindra skador fr\u00e5n skadedjur, st\u00f6tar och andra faror. Detta garanterar h\u00e5llbarhet och s\u00e4ker leverans.<\/li>\n<\/ul>\n\t<div class=\"img has-hover x md-x lg-x y md-y lg-y\" id=\"image_756854166\">\n\t\t\t\t\t\t\t\t<div class=\"img-inner dark\" >\n\t\t\t<img loading=\"lazy\" decoding=\"async\" width=\"760\" height=\"1024\" src=\"https:\/\/www.telaled.com\/wp-content\/uploads\/2025\/08\/36123f2c-de60-488d-af81-255cd4aee54a-760x1024.webp\" class=\"attachment-large size-large\" alt=\"\" srcset=\"https:\/\/www.telaled.com\/wp-content\/uploads\/2025\/08\/36123f2c-de60-488d-af81-255cd4aee54a-760x1024.webp 760w, https:\/\/www.telaled.com\/wp-content\/uploads\/2025\/08\/36123f2c-de60-488d-af81-255cd4aee54a-223x300.webp 223w, https:\/\/www.telaled.com\/wp-content\/uploads\/2025\/08\/36123f2c-de60-488d-af81-255cd4aee54a-768x1035.webp 768w, https:\/\/www.telaled.com\/wp-content\/uploads\/2025\/08\/36123f2c-de60-488d-af81-255cd4aee54a-9x12.webp 9w, https:\/\/www.telaled.com\/wp-content\/uploads\/2025\/08\/36123f2c-de60-488d-af81-255cd4aee54a-600x808.webp 600w, https:\/\/www.telaled.com\/wp-content\/uploads\/2025\/08\/36123f2c-de60-488d-af81-255cd4aee54a.webp 795w\" sizes=\"auto, (max-width: 760px) 100vw, 760px\" \/>\t\t\t\t\t\t\n\t\t\t\t\t<\/div>\n\t\t\t\t\t\t\t\t\n<style>\n#image_756854166 {\n  width: 95%;\n}\n<\/style>\n\t<\/div>\n\t\n\n<table id=\"tablepress-78\" class=\"tablepress tablepress-id-78\">\n<thead>\n<tr class=\"row-1\">\n\t<th class=\"column-1\">Punkt<\/th><th class=\"column-2\">2,5 TCK<\/th><th class=\"column-3\">3TCK<\/th><th class=\"column-4\">4TCK<\/th><th class=\"column-5\">5TCK<\/th>\n<\/tr>\n<\/thead>\n<tbody class=\"row-striping row-hover\">\n<tr class=\"row-2\">\n\t<td class=\"column-1\">Avst\u00e5nd mellan pixlar<\/td><td class=\"column-2\">2,5 mm<\/td><td class=\"column-3\">3 mm<\/td><td class=\"column-4\">3 mm<\/td><td class=\"column-5\">5mm<\/td>\n<\/tr>\n<tr class=\"row-3\">\n\t<td class=\"column-1\">Sk\u00e5pstorlek<\/td><td class=\"column-2\">960 mm \u00d7 320 mm<\/td><td class=\"column-3\">960 mm \u00d7 320 mm<\/td><td class=\"column-4\">960 mm \u00d7 320 mm<\/td><td class=\"column-5\">960 mm \u00d7 320 mm<\/td>\n<\/tr>\n<tr class=\"row-4\">\n\t<td class=\"column-1\">Modulstorlek<\/td><td class=\"column-2\">320 mm \u00d7 160 mm<\/td><td class=\"column-3\">320 mm \u00d7 160 mm<\/td><td class=\"column-4\">320 mm \u00d7 160 mm<\/td><td class=\"column-5\">320 mm \u00d7 160 mm<\/td>\n<\/tr>\n<tr class=\"row-5\">\n\t<td class=\"column-1\">Sk\u00e4rmvikt<\/td><td class=\"column-2\">20 kg\/st<\/td><td class=\"column-3\">20 kg\/st<\/td><td class=\"column-4\">20 kg\/st<\/td><td class=\"column-5\">20 kg\/st<\/td>\n<\/tr>\n<tr class=\"row-6\">\n\t<td class=\"column-1\">Kabinetsresolution<\/td><td class=\"column-2\">384 x 128 punkter<\/td><td class=\"column-3\">312 x 104 punkter<\/td><td class=\"column-4\">240 x 80 punkter<\/td><td class=\"column-5\">192 x 64 punkter<\/td>\n<\/tr>\n<tr class=\"row-7\">\n\t<td class=\"column-1\">Maximal energif\u00f6rbrukning<\/td><td class=\"column-2\">450W\/m\u00b2<\/td><td class=\"column-3\">450W\/m\u00b2<\/td><td class=\"column-4\">450W\/m\u00b2<\/td><td class=\"column-5\">450W\/m\u00b2<\/td>\n<\/tr>\n<tr class=\"row-8\">\n\t<td class=\"column-1\">Glans<\/td><td class=\"column-2\">4 500 cd\/m\u00b2<\/td><td class=\"column-3\">4 500 cd\/m\u00b2<\/td><td class=\"column-4\">5 000 cd\/m\u00b2<\/td><td class=\"column-5\">5 000 cd\/m\u00b2<\/td>\n<\/tr>\n<tr class=\"row-9\">\n\t<td class=\"column-1\">Uppdateringsfrekvens<\/td><td class=\"column-2\">3840Hz<\/td><td class=\"column-3\">1 920 Hz<\/td><td class=\"column-4\">!ERROR! array_merge(): Argumentet #1 m\u00e5ste vara av typen array, heltal givet<\/td><td class=\"column-5\">!ERROR! array_merge(): Argumentet #1 m\u00e5ste vara av typen array, heltal givet<\/td>\n<\/tr>\n<tr class=\"row-10\">\n\t<td class=\"column-1\">Obs: Det finns variationer i vikt, ljusstyrka, effekt och uppdateringsfrekvens mellan olika best\u00e4llningar eller batcher.<\/td><td class=\"column-2\"><\/td><td class=\"column-3\"><\/td><td class=\"column-4\"><\/td><td class=\"column-5\"><\/td>\n<\/tr>\n<\/tbody>\n<\/table>\n<!-- #tablepress-78 from cache -->\n\t\t<\/div>\n\t\t\t\t\t<\/div>\n\n\t\n<\/div>\n\t\t<\/div>\n\t\t\t\t\t<\/div>\n\n\t\n<\/div>","protected":false},"excerpt":{"rendered":"<p><strong>TCJ-serien LED-display kan forma cylindrisk LED-sk\u00e4rm<\/strong><\/p>\n<p>Utformad f\u00f6r att producera din produkt i ett realistiskt burkformat, vilket g\u00f6r den till en attraktiv l\u00f6sning f\u00f6r restauranger, <a href=\"https:\/\/www.telaled.com\/sv\/painel-de-led-para-loja\/\">butiker<\/a> av drycker, varum\u00e4rken och <a href=\"https:\/\/www.telaled.com\/sv\/painel-de-led-para-eventos\/\">evenemang<\/a> Reklamdisplayer. Med en diameter p\u00e5 713 mm och en h\u00f6jd p\u00e5 1270 mm kombinerar denna display kreativitet, flexibilitet och h\u00f6guppl\u00f6st prestanda.<\/p>\n<p><strong>Huvudfunktioner:<\/strong><\/p>\n<ul>\n<li><strong>Realistisk design i burkformat:<\/strong> Den replikerar produkten korrekt f\u00f6r en stark varum\u00e4rkesp\u00e5verkan.<\/li>\n<li><strong>H\u00f6guppl\u00f6st sk\u00e4rm:<\/strong> A <a href=\"https:\/\/www.telaled.com\/sv\/densidade-de-pixels-em-telas-de-led-e-lcd\/\">pixelt\u00e4thet<\/a> Uppl\u00f6sningen p\u00e5 1120 x 560 garanterar skarpa och levande bilder.<\/li>\n<li><strong>Kreativ och flexibel anv\u00e4ndning:<\/strong> Den anpassar sig till en m\u00e4ngd olika till\u00e4mpningar, fr\u00e5n restauranger till dryckesreklam.<\/li>\n<li><strong>Dimensioner som drar uppm\u00e4rksamhet till sig:<\/strong> Det stora formatet (713 mm i diameter x 1270 mm i h\u00f6jd) drar till sig kundernas uppm\u00e4rksamhet.<\/li>\n<\/ul>\n<p>V\u00e5rt team erbjuder fj\u00e4rrsupport dygnet runt, plus 3 \u00e5rs garanti. Kontakta oss idag f\u00f6r en personlig offert.<\/p>","protected":false},"featured_media":3334,"template":"","meta":[],"product_brand":[],"product_cat":[48,40,46],"product_tag":[],"class_list":{"0":"post-3333","1":"product","2":"type-product","3":"status-publish","4":"has-post-thumbnail","6":"product_cat-paineis-personalizados","7":"product_cat-painel-de-led","8":"product_cat-painel-de-video","10":"first","11":"instock","12":"shipping-taxable","13":"product-type-simple"},"yoast_head":"<!-- This site is optimized with the Yoast SEO plugin v27.4 - https:\/\/yoast.com\/product\/yoast-seo-wordpress\/ -->\n<title>Painel de LED Para Taxi S\u00e9rie TCK | Painel de LED Personalizado para Teto de T\u00e1xi | TELALED<\/title>\n<meta name=\"description\" content=\"Obtenha telas de LED de alta qualidade para tetos de t\u00e1xi. Tamanhos personalizados; op\u00e7\u00f5es de pixel pitch (P2.5, P3, P4, P5), design dur\u00e1vel e desempenho confi\u00e1vel para publicidade externa.\" \/>\n<meta name=\"robots\" content=\"index, follow, max-snippet:-1, max-image-preview:large, max-video-preview:-1\" \/>\n<link rel=\"canonical\" href=\"https:\/\/www.telaled.com\/sv\/fabrica\/painel-de-led-para-taxi-serie-tck\/\" \/>\n<meta property=\"og:locale\" content=\"sv_SE\" \/>\n<meta property=\"og:type\" content=\"article\" \/>\n<meta property=\"og:title\" content=\"Painel de LED Para Taxi S\u00e9rie TCK | Painel de LED Personalizado para Teto de T\u00e1xi | TELALED\" \/>\n<meta property=\"og:description\" content=\"Obtenha telas de LED de alta qualidade para tetos de t\u00e1xi. Tamanhos personalizados; op\u00e7\u00f5es de pixel pitch (P2.5, P3, P4, P5), design dur\u00e1vel e desempenho confi\u00e1vel para publicidade externa.\" \/>\n<meta property=\"og:url\" content=\"https:\/\/www.telaled.com\/sv\/fabrica\/painel-de-led-para-taxi-serie-tck\/\" \/>\n<meta property=\"og:site_name\" content=\"TELALED\" \/>\n<meta property=\"article:modified_time\" content=\"2026-01-06T02:02:17+00:00\" \/>\n<meta property=\"og:image\" content=\"https:\/\/www.telaled.com\/wp-content\/uploads\/2025\/09\/Painel-de-LED-Para-Taxi-Serie-TCK.webp\" \/>\n\t<meta property=\"og:image:width\" content=\"500\" \/>\n\t<meta property=\"og:image:height\" content=\"500\" \/>\n\t<meta property=\"og:image:type\" content=\"image\/webp\" \/>\n<meta name=\"twitter:card\" content=\"summary_large_image\" \/>\n<meta name=\"twitter:label1\" content=\"Est. reading time\" \/>\n\t<meta name=\"twitter:data1\" content=\"4 minuter\" \/>\n<script type=\"application\/ld+json\" class=\"yoast-schema-graph\">{\"@context\":\"https:\\\/\\\/schema.org\",\"@graph\":[{\"@type\":\"WebPage\",\"@id\":\"https:\\\/\\\/www.telaled.com\\\/fabrica\\\/painel-de-led-para-taxi-serie-tck\\\/\",\"url\":\"https:\\\/\\\/www.telaled.com\\\/fabrica\\\/painel-de-led-para-taxi-serie-tck\\\/\",\"name\":\"Painel de LED Para Taxi S\u00e9rie TCK | Painel de LED Personalizado para Teto de T\u00e1xi | TELALED\",\"isPartOf\":{\"@id\":\"https:\\\/\\\/www.telaled.com\\\/#website\"},\"primaryImageOfPage\":{\"@id\":\"https:\\\/\\\/www.telaled.com\\\/fabrica\\\/painel-de-led-para-taxi-serie-tck\\\/#primaryimage\"},\"image\":{\"@id\":\"https:\\\/\\\/www.telaled.com\\\/fabrica\\\/painel-de-led-para-taxi-serie-tck\\\/#primaryimage\"},\"thumbnailUrl\":\"https:\\\/\\\/www.telaled.com\\\/wp-content\\\/uploads\\\/2025\\\/09\\\/Painel-de-LED-Para-Taxi-Serie-TCK.webp\",\"datePublished\":\"2025-09-16T00:44:04+00:00\",\"dateModified\":\"2026-01-06T02:02:17+00:00\",\"description\":\"Obtenha telas de LED de alta qualidade para tetos de t\u00e1xi. Tamanhos personalizados; op\u00e7\u00f5es de pixel pitch (P2.5, P3, P4, P5), design dur\u00e1vel e desempenho confi\u00e1vel para publicidade externa.\",\"breadcrumb\":{\"@id\":\"https:\\\/\\\/www.telaled.com\\\/fabrica\\\/painel-de-led-para-taxi-serie-tck\\\/#breadcrumb\"},\"inLanguage\":\"sv-SE\",\"potentialAction\":[{\"@type\":\"ReadAction\",\"target\":[\"https:\\\/\\\/www.telaled.com\\\/fabrica\\\/painel-de-led-para-taxi-serie-tck\\\/\"]}]},{\"@type\":\"ImageObject\",\"inLanguage\":\"sv-SE\",\"@id\":\"https:\\\/\\\/www.telaled.com\\\/fabrica\\\/painel-de-led-para-taxi-serie-tck\\\/#primaryimage\",\"url\":\"https:\\\/\\\/www.telaled.com\\\/wp-content\\\/uploads\\\/2025\\\/09\\\/Painel-de-LED-Para-Taxi-Serie-TCK.webp\",\"contentUrl\":\"https:\\\/\\\/www.telaled.com\\\/wp-content\\\/uploads\\\/2025\\\/09\\\/Painel-de-LED-Para-Taxi-Serie-TCK.webp\",\"width\":500,\"height\":500,\"caption\":\"Painel-de-LED-Para-Taxi-S\u00e9rie-TCK\"},{\"@type\":\"BreadcrumbList\",\"@id\":\"https:\\\/\\\/www.telaled.com\\\/fabrica\\\/painel-de-led-para-taxi-serie-tck\\\/#breadcrumb\",\"itemListElement\":[{\"@type\":\"ListItem\",\"position\":1,\"name\":\"Home\",\"item\":\"https:\\\/\\\/www.telaled.com\\\/\"},{\"@type\":\"ListItem\",\"position\":2,\"name\":\"Produtos\",\"item\":\"https:\\\/\\\/www.telaled.com\\\/shop\\\/\"},{\"@type\":\"ListItem\",\"position\":3,\"name\":\"Painel de LED Para Taxi S\u00e9rie TCK\"}]},{\"@type\":\"WebSite\",\"@id\":\"https:\\\/\\\/www.telaled.com\\\/#website\",\"url\":\"https:\\\/\\\/www.telaled.com\\\/\",\"name\":\"TELALED\",\"description\":\"\",\"potentialAction\":[{\"@type\":\"SearchAction\",\"target\":{\"@type\":\"EntryPoint\",\"urlTemplate\":\"https:\\\/\\\/www.telaled.com\\\/?s={search_term_string}\"},\"query-input\":{\"@type\":\"PropertyValueSpecification\",\"valueRequired\":true,\"valueName\":\"search_term_string\"}}],\"inLanguage\":\"sv-SE\"}]}<\/script>\n<!-- \/ Yoast SEO plugin. -->","yoast_head_json":{"title":"LED-panel f\u00f6r taxi TCK-serien | Anpassad LED-panel f\u00f6r taxitak | TELALED","description":"Skaffa h\u00f6gkvalitativa LED-displayer f\u00f6r taxitak. Anpassade storlekar; pixelt\u00e4thetsalternativ (P2.5, P3, P4, P5), h\u00e5llbar design och p\u00e5litlig prestanda f\u00f6r utomhusreklam.","robots":{"index":"index","follow":"follow","max-snippet":"max-snippet:-1","max-image-preview":"max-image-preview:large","max-video-preview":"max-video-preview:-1"},"canonical":"https:\/\/www.telaled.com\/sv\/fabrica\/painel-de-led-para-taxi-serie-tck\/","og_locale":"sv_SE","og_type":"article","og_title":"Painel de LED Para Taxi S\u00e9rie TCK | Painel de LED Personalizado para Teto de T\u00e1xi | TELALED","og_description":"Obtenha telas de LED de alta qualidade para tetos de t\u00e1xi. Tamanhos personalizados; op\u00e7\u00f5es de pixel pitch (P2.5, P3, P4, P5), design dur\u00e1vel e desempenho confi\u00e1vel para publicidade externa.","og_url":"https:\/\/www.telaled.com\/sv\/fabrica\/painel-de-led-para-taxi-serie-tck\/","og_site_name":"TELALED","article_modified_time":"2026-01-06T02:02:17+00:00","og_image":[{"width":500,"height":500,"url":"https:\/\/www.telaled.com\/wp-content\/uploads\/2025\/09\/Painel-de-LED-Para-Taxi-Serie-TCK.webp","type":"image\/webp"}],"twitter_card":"summary_large_image","twitter_misc":{"Est. reading time":"4 minuter"},"schema":{"@context":"https:\/\/schema.org","@graph":[{"@type":"WebPage","@id":"https:\/\/www.telaled.com\/fabrica\/painel-de-led-para-taxi-serie-tck\/","url":"https:\/\/www.telaled.com\/fabrica\/painel-de-led-para-taxi-serie-tck\/","name":"LED-panel f\u00f6r taxi TCK-serien | Anpassad LED-panel f\u00f6r taxitak | TELALED","isPartOf":{"@id":"https:\/\/www.telaled.com\/#website"},"primaryImageOfPage":{"@id":"https:\/\/www.telaled.com\/fabrica\/painel-de-led-para-taxi-serie-tck\/#primaryimage"},"image":{"@id":"https:\/\/www.telaled.com\/fabrica\/painel-de-led-para-taxi-serie-tck\/#primaryimage"},"thumbnailUrl":"https:\/\/www.telaled.com\/wp-content\/uploads\/2025\/09\/Painel-de-LED-Para-Taxi-Serie-TCK.webp","datePublished":"2025-09-16T00:44:04+00:00","dateModified":"2026-01-06T02:02:17+00:00","description":"Skaffa h\u00f6gkvalitativa LED-displayer f\u00f6r taxitak. Anpassade storlekar; pixelt\u00e4thetsalternativ (P2.5, P3, P4, P5), h\u00e5llbar design och p\u00e5litlig prestanda f\u00f6r utomhusreklam.","breadcrumb":{"@id":"https:\/\/www.telaled.com\/fabrica\/painel-de-led-para-taxi-serie-tck\/#breadcrumb"},"inLanguage":"sv-SE","potentialAction":[{"@type":"ReadAction","target":["https:\/\/www.telaled.com\/fabrica\/painel-de-led-para-taxi-serie-tck\/"]}]},{"@type":"ImageObject","inLanguage":"sv-SE","@id":"https:\/\/www.telaled.com\/fabrica\/painel-de-led-para-taxi-serie-tck\/#primaryimage","url":"https:\/\/www.telaled.com\/wp-content\/uploads\/2025\/09\/Painel-de-LED-Para-Taxi-Serie-TCK.webp","contentUrl":"https:\/\/www.telaled.com\/wp-content\/uploads\/2025\/09\/Painel-de-LED-Para-Taxi-Serie-TCK.webp","width":500,"height":500,"caption":"Painel-de-LED-Para-Taxi-S\u00e9rie-TCK"},{"@type":"BreadcrumbList","@id":"https:\/\/www.telaled.com\/fabrica\/painel-de-led-para-taxi-serie-tck\/#breadcrumb","itemListElement":[{"@type":"ListItem","position":1,"name":"Home","item":"https:\/\/www.telaled.com\/"},{"@type":"ListItem","position":2,"name":"Produtos","item":"https:\/\/www.telaled.com\/shop\/"},{"@type":"ListItem","position":3,"name":"Painel de LED Para Taxi S\u00e9rie TCK"}]},{"@type":"WebSite","@id":"https:\/\/www.telaled.com\/#website","url":"https:\/\/www.telaled.com\/","name":"LED-sk\u00e4rm","description":"","potentialAction":[{"@type":"SearchAction","target":{"@type":"EntryPoint","urlTemplate":"https:\/\/www.telaled.com\/?s={search_term_string}"},"query-input":{"@type":"PropertyValueSpecification","valueRequired":true,"valueName":"search_term_string"}}],"inLanguage":"sv-SE"}]}},"_links":{"self":[{"href":"https:\/\/www.telaled.com\/sv\/wp-json\/wp\/v2\/product\/3333","targetHints":{"allow":["GET"]}}],"collection":[{"href":"https:\/\/www.telaled.com\/sv\/wp-json\/wp\/v2\/product"}],"about":[{"href":"https:\/\/www.telaled.com\/sv\/wp-json\/wp\/v2\/types\/product"}],"wp:featuredmedia":[{"embeddable":true,"href":"https:\/\/www.telaled.com\/sv\/wp-json\/wp\/v2\/media\/3334"}],"wp:attachment":[{"href":"https:\/\/www.telaled.com\/sv\/wp-json\/wp\/v2\/media?parent=3333"}],"wp:term":[{"taxonomy":"product_brand","embeddable":true,"href":"https:\/\/www.telaled.com\/sv\/wp-json\/wp\/v2\/product_brand?post=3333"},{"taxonomy":"product_cat","embeddable":true,"href":"https:\/\/www.telaled.com\/sv\/wp-json\/wp\/v2\/product_cat?post=3333"},{"taxonomy":"product_tag","embeddable":true,"href":"https:\/\/www.telaled.com\/sv\/wp-json\/wp\/v2\/product_tag?post=3333"}],"curies":[{"name":"wp","href":"https:\/\/api.w.org\/{rel}","templated":true}]}}